{"id":25106,"date":"2025-08-29T15:14:09","date_gmt":"2025-08-29T12:14:09","guid":{"rendered":"https:\/\/www.facecorner.lv\/?post_type=product&#038;p=25106"},"modified":"2025-10-16T20:44:32","modified_gmt":"2025-10-16T17:44:32","slug":"laneige-lip-sleeping-mask-gummy-bear-20g","status":"publish","type":"product","link":"https:\/\/www.facecorner.lv\/ru\/shop\/laneige-lip-sleeping-mask-gummy-bear-20g\/","title":{"rendered":"Laneige Lip Sleeping Mask Gummy Bear 20g"},"content":{"rendered":"<p>\u041c\u0430\u0441\u043a\u0430 \u0434\u043b\u044f \u0433\u0443\u0431 - \u044d\u0442\u043e \u043e\u0441\u043e\u0431\u044b\u0439 \u0443\u0445\u043e\u0434 \u0437\u0430 \u043d\u0435\u0436\u043d\u044b\u043c\u0438 \u0433\u0443\u0431\u043a\u0430\u043c\u0438. \u0411\u0430\u043b\u044c\u0437\u0430\u043c \u043c\u043e\u043c\u0435\u043d\u0442\u0430\u043b\u044c\u043d\u043e \u0432\u043e\u0441\u0441\u0442\u0430\u043d\u0430\u0432\u043b\u0438\u0432\u0430\u0435\u0442 \u0433\u043b\u0430\u0434\u043a\u043e\u0441\u0442\u044c \u0438 \u043c\u044f\u0433\u043a\u043e\u0441\u0442\u044c \u0433\u0443\u0431, \u0438\u043d\u0442\u0435\u043d\u0441\u0438\u0432\u043d\u043e \u0443\u0432\u043b\u0430\u0436\u043d\u044f\u044f \u0438 \u043f\u0440\u0435\u0434\u0443\u043f\u0440\u0435\u0436\u0434\u0430\u044f \u0441\u0443\u0445\u043e\u0441\u0442\u044c \u0438 \u0448\u0435\u043b\u0443\u0448\u0435\u043d\u0438\u0435.<\/p>\n<p>. \u041c\u0430\u0441\u043a\u0430 \u0438\u043c\u0435\u0435\u0442 \u043d\u0435\u0436\u043d\u0443\u044e, \u0436\u0435\u043b\u0435\u0439\u043d\u0443\u044e \u043a\u043e\u043d\u0441\u0438\u0441\u0442\u0435\u043d\u0446\u0438\u044e \u0438 \u043f\u043e\u0442\u0440\u044f\u0441\u0430\u044e\u0449\u0438\u0439 \u0444\u0440\u0443\u043a\u0442\u043e\u0432\u044b\u0439 \u0430\u0440\u043e\u043c\u0430\u0442, \u043d\u0435 \u043e\u0441\u0442\u0430\u0432\u043b\u044f\u0435\u0442 \u043e\u0449\u0443\u0449\u0435\u043d\u0438\u044f \u043b\u0438\u043f\u043a\u043e\u0441\u0442\u0438 \u0438 \u0434\u0438\u0441\u043a\u043e\u043c\u0444\u043e\u0440\u0442\u0430. \u042d\u043a\u0441\u043f\u0440\u0435\u0441\u0441 \u0441\u0440\u0435\u0434\u0441\u0442\u0432\u043e \u0437\u0430 \u043e\u0434\u043d\u0443 \u043d\u043e\u0447\u044c \u0432\u0435\u0440\u043d\u0435\u0442 \u0433\u0443\u0431\u0430\u043c \u043a\u0440\u0430\u0441\u043e\u0442\u0443, \u0443\u043f\u0440\u0443\u0433\u043e\u0441\u0442\u044c \u0438 \u043c\u044f\u0433\u043a\u043e\u0441\u0442\u044c \u0438 \u043f\u0440\u0438\u0434\u0430\u0441\u0442 \u0448\u0435\u043b\u043a\u043e\u0432\u0438\u0441\u0442\u043e\u0441\u0442\u044c \u0438 \u0441\u043e\u0447\u043d\u043e\u0441\u0442\u044c \u0433\u0443\u0431\u0430\u043c.<\/p>\n<p>\u041c\u0430\u0441\u043a\u0430 \u0441\u043e\u0434\u0435\u0440\u0436\u0438\u0442 Berry Mix Complex. \u042d\u043a\u0441\u0442\u0440\u0430\u043a\u0442 \u044f\u0433\u043e\u0434, \u0431\u043e\u0433\u0430\u0442\u044b\u0445 \u0432\u0438\u0442\u0430\u043c\u0438\u043d\u043e\u043c \u0421 \u0438 \u043e\u0431\u043b\u0430\u0434\u0430\u044e\u0449\u0438\u043c \u0430\u043d\u0442\u0438\u043e\u043a\u0441\u0438\u0434\u0430\u043d\u0442\u043d\u044b\u043c \u0441\u0432\u043e\u0439\u0441\u0442\u0432\u043e\u043c, \u0431\u044b\u0441\u0442\u0440\u043e \u0432\u043e\u0441\u0441\u0442\u0430\u043d\u0430\u0432\u043b\u0438\u0432\u0430\u044e\u0442 \u0433\u043b\u0430\u0434\u043a\u043e\u0441\u0442\u044c \u0438 \u044d\u043b\u0430\u0441\u0442\u0438\u0447\u043d\u043e\u0441\u0442\u044c \u0433\u0443\u0431.<\/p>\n<p><strong>\u0421\u043e\u0441\u0442\u0430\u0432:<\/strong>: Diisostearyl Malate, Hydrogenated Polyisobutene, Phytosteryl\/Isostearyl\/Cetyl\/Stearyl\/Behenyl Dimer Dilinoleate, Hydrogenated C6-14 Olefin Polymers, Polybutene, Microcrystalline Wax, Shea Butter, Synthetic Wax, Candelilla Wax, Sucrose Tetrastearate Triacetate, Hydrogenated Butylene\/Ethylene\/Styrene Copolymer, Ethylene\/Propylene\/Styrene Copolymer, Mica, Astrocaryum murumuru Seed Butter, Titanium Dioxide, Dimethicone, Aromatics, Polyglyceryl-2 Diisostearate, Dehydroacetic Acid, Methicone, Carnauba Wax, Polyglyceryl-2 Triisostearate, CI 15985, CI 15850, Polyhydroxystearic Acid, Water, Potassium Alginate, Propanediol, Glycerin, Alcohol, Lycium Fruit Extract, Cranberry Fruit Extract, Strawberry Fruit Extract, Raspberry Fruit Extract, Sapindus mukurossi Fruit Extract, Blueberry Fruit Extract, Rubus chamaemorus Seed Extract, Coffee Extract, Chenopodium quinoa Seed Extract, Magnesium Sulfate, Calcium Chloride, Sodium Hyaluronate, Beta-Glucan, Manganese Sulfate, Zinc Sulfate, Ascorbyl Glucoside.<\/p>","protected":false},"excerpt":{"rendered":"<p>\u041c\u0430\u0441\u043a\u0430 \u0434\u043b\u044f \u0433\u0443\u0431 - \u044d\u0442\u043e \u043e\u0441\u043e\u0431\u044b\u0439 \u0443\u0445\u043e\u0434 \u0437\u0430 \u043d\u0435\u0436\u043d\u044b\u043c\u0438 \u0433\u0443\u0431\u043a\u0430\u043c\u0438. \u0411\u0430\u043b\u044c\u0437\u0430\u043c \u043c\u043e\u043c\u0435\u043d\u0442\u0430\u043b\u044c\u043d\u043e \u0432\u043e\u0441\u0441\u0442\u0430\u043d\u0430\u0432\u043b\u0438\u0432\u0430\u0435\u0442 \u0433\u043b\u0430\u0434\u043a\u043e\u0441\u0442\u044c \u0438 \u043c\u044f\u0433\u043a\u043e\u0441\u0442\u044c \u0433\u0443\u0431, \u0438\u043d\u0442\u0435\u043d\u0441\u0438\u0432\u043d\u043e \u0443\u0432\u043b\u0430\u0436\u043d\u044f\u044f \u0438 \u043f\u0440\u0435\u0434\u0443\u043f\u0440\u0435\u0436\u0434\u0430\u044f \u0441\u0443\u0445\u043e\u0441\u0442\u044c \u0438 \u0448\u0435\u043b\u0443\u0448\u0435\u043d\u0438\u0435.<\/p>","protected":false},"featured_media":25107,"comment_status":"open","ping_status":"closed","template":"","meta":{"site-sidebar-layout":"default","site-content-layout":"","ast-site-content-layout":"default","site-content-style":"default","site-sidebar-style":"default","ast-global-header-display":"","ast-banner-title-visibility":"","ast-main-header-display":"","ast-hfb-above-header-display":"","ast-hfb-below-header-display":"","ast-hfb-mobile-header-display":"","site-post-title":"","ast-breadcrumbs-content":"","ast-featured-img":"","footer-sml-layout":"","theme-transparent-header-meta":"default","adv-header-id-meta":"","stick-header-meta":"","header-above-stick-meta":"","header-main-stick-meta":"","header-below-stick-meta":"","astra-migrate-meta-layouts":"set","ast-page-background-enabled":"default","ast-page-background-meta":{"desktop":{"background-color":"var(--ast-global-color-4)","background-image":"","background-repeat":"repeat","background-position":"center center","background-size":"auto","background-attachment":"scroll","background-type":"","background-media":"","overlay-type":"","overlay-color":"","overlay-opacity":"","overlay-gradient":""},"tablet":{"background-color":"","background-image":"","background-repeat":"repeat","background-position":"center center","background-size":"auto","background-attachment":"scroll","background-type":"","background-media":"","overlay-type":"","overlay-color":"","overlay-opacity":"","overlay-gradient":""},"mobile":{"background-color":"","background-image":"","background-repeat":"repeat","background-position":"center center","background-size":"auto","background-attachment":"scroll","background-type":"","background-media":"","overlay-type":"","overlay-color":"","overlay-opacity":"","overlay-gradient":""}},"ast-content-background-meta":{"desktop":{"background-color":"var(--ast-global-color-5)","background-image":"","background-repeat":"repeat","background-position":"center center","background-size":"auto","background-attachment":"scroll","background-type":"","background-media":"","overlay-type":"","overlay-color":"","overlay-opacity":"","overlay-gradient":""},"tablet":{"background-color":"var(--ast-global-color-5)","background-image":"","background-repeat":"repeat","background-position":"center center","background-size":"auto","background-attachment":"scroll","background-type":"","background-media":"","overlay-type":"","overlay-color":"","overlay-opacity":"","overlay-gradient":""},"mobile":{"background-color":"var(--ast-global-color-5)","background-image":"","background-repeat":"repeat","background-position":"center center","background-size":"auto","background-attachment":"scroll","background-type":"","background-media":"","overlay-type":"","overlay-color":"","overlay-opacity":"","overlay-gradient":""}}},"product_brand":[],"product_cat":[320],"product_tag":[],"berocket_brand":[641],"class_list":{"0":"post-25106","1":"product","2":"type-product","3":"status-publish","4":"has-post-thumbnail","6":"product_cat-lupu-kopsana","7":"berocket_brand-laneige","8":"desktop-align-left","9":"tablet-align-left","10":"mobile-align-left","12":"first","13":"instock","14":"taxable","15":"shipping-taxable","16":"purchasable","17":"product-type-simple","18":"add-to-wishlist-before_image"},"yoast_head":"<!-- This site is optimized with the Yoast SEO plugin v27.4 - https:\/\/yoast.com\/product\/yoast-seo-wordpress\/ -->\n<title>Laneige Lip Sleeping Mask Gummy Bear 20g - FACECORNER<\/title>\n<meta name=\"description\" content=\"Laneige Lip Sleeping Mask Gummy Bear\u00a0 l\u016bpu maska ir \u012bpa\u0161a kop\u0161ana maigaj\u0101m l\u016bp\u0101m. Balzams uzreiz atjauno l\u016bpu gludumu un maigumu, intens\u012bvi mitrina\" \/>\n<meta name=\"robots\" content=\"index, follow, max-snippet:-1, max-image-preview:large, max-video-preview:-1\" \/>\n<link rel=\"canonical\" href=\"https:\/\/www.facecorner.lv\/ru\/shop\/laneige-lip-sleeping-mask-gummy-bear-20g\/\" \/>\n<meta property=\"og:locale\" content=\"ru_RU\" \/>\n<meta property=\"og:type\" content=\"article\" \/>\n<meta property=\"og:title\" content=\"Laneige Lip Sleeping Mask Gummy Bear 20g - FACECORNER\" \/>\n<meta property=\"og:description\" content=\"Laneige Lip Sleeping Mask Gummy Bear\u00a0 l\u016bpu maska ir \u012bpa\u0161a kop\u0161ana maigaj\u0101m l\u016bp\u0101m. Balzams uzreiz atjauno l\u016bpu gludumu un maigumu, intens\u012bvi mitrina\" \/>\n<meta property=\"og:url\" content=\"https:\/\/www.facecorner.lv\/ru\/shop\/laneige-lip-sleeping-mask-gummy-bear-20g\/\" \/>\n<meta property=\"og:site_name\" content=\"FACECORNER\" \/>\n<meta property=\"article:publisher\" content=\"https:\/\/www.facebook.com\/profile.php?id=100063824551839\" \/>\n<meta property=\"article:modified_time\" content=\"2025-10-16T17:44:32+00:00\" \/>\n<meta property=\"og:image\" content=\"https:\/\/www.facecorner.lv\/wp-content\/uploads\/2025\/08\/img_2523-scaled-1.webp\" \/>\n\t<meta property=\"og:image:width\" content=\"2560\" \/>\n\t<meta property=\"og:image:height\" content=\"2560\" \/>\n\t<meta property=\"og:image:type\" content=\"image\/webp\" \/>\n<meta name=\"twitter:card\" content=\"summary_large_image\" \/>\n<meta name=\"twitter:label1\" content=\"\u0426\u0435\u043d\u0430\" \/>\n\t<meta name=\"twitter:data1\" content=\"&euro;26.00\" \/>\n\t<meta name=\"twitter:label2\" content=\"\u0414\u043e\u0441\u0442\u0443\u043f\u043d\u043e\u0441\u0442\u044c\" \/>\n\t<meta name=\"twitter:data2\" content=\"\u0412 \u043d\u0430\u043b\u0438\u0447\u0438\u0438\" \/>\n<script type=\"application\/ld+json\" class=\"yoast-schema-graph\">{\"@context\":\"https:\\\/\\\/schema.org\",\"@graph\":[{\"@type\":\"WebPage\",\"@id\":\"https:\\\/\\\/www.facecorner.lv\\\/shop\\\/laneige-lip-sleeping-mask-gummy-bear-20g\\\/\",\"url\":\"https:\\\/\\\/www.facecorner.lv\\\/shop\\\/laneige-lip-sleeping-mask-gummy-bear-20g\\\/\",\"name\":\"Laneige Lip Sleeping Mask Gummy Bear 20g - FACECORNER\",\"isPartOf\":{\"@id\":\"https:\\\/\\\/www.facecorner.lv\\\/#website\"},\"primaryImageOfPage\":{\"@id\":\"https:\\\/\\\/www.facecorner.lv\\\/shop\\\/laneige-lip-sleeping-mask-gummy-bear-20g\\\/#primaryimage\"},\"image\":{\"@id\":\"https:\\\/\\\/www.facecorner.lv\\\/shop\\\/laneige-lip-sleeping-mask-gummy-bear-20g\\\/#primaryimage\"},\"thumbnailUrl\":\"https:\\\/\\\/www.facecorner.lv\\\/wp-content\\\/uploads\\\/2025\\\/08\\\/img_2523-scaled-1.webp\",\"datePublished\":\"2025-08-29T12:14:09+00:00\",\"dateModified\":\"2025-10-16T17:44:32+00:00\",\"description\":\"Laneige Lip Sleeping Mask Gummy Bear\u00a0 l\u016bpu maska ir \u012bpa\u0161a kop\u0161ana maigaj\u0101m l\u016bp\u0101m. Balzams uzreiz atjauno l\u016bpu gludumu un maigumu, intens\u012bvi mitrina\",\"breadcrumb\":{\"@id\":\"https:\\\/\\\/www.facecorner.lv\\\/shop\\\/laneige-lip-sleeping-mask-gummy-bear-20g\\\/#breadcrumb\"},\"inLanguage\":\"ru-RU\",\"potentialAction\":[{\"@type\":\"ReadAction\",\"target\":[\"https:\\\/\\\/www.facecorner.lv\\\/shop\\\/laneige-lip-sleeping-mask-gummy-bear-20g\\\/\"]}]},{\"@type\":\"ImageObject\",\"inLanguage\":\"ru-RU\",\"@id\":\"https:\\\/\\\/www.facecorner.lv\\\/shop\\\/laneige-lip-sleeping-mask-gummy-bear-20g\\\/#primaryimage\",\"url\":\"https:\\\/\\\/www.facecorner.lv\\\/wp-content\\\/uploads\\\/2025\\\/08\\\/img_2523-scaled-1.webp\",\"contentUrl\":\"https:\\\/\\\/www.facecorner.lv\\\/wp-content\\\/uploads\\\/2025\\\/08\\\/img_2523-scaled-1.webp\",\"width\":2560,\"height\":2560,\"caption\":\"Laneige Lip Sleeping Mask Gummy Bear 20g\"},{\"@type\":\"BreadcrumbList\",\"@id\":\"https:\\\/\\\/www.facecorner.lv\\\/shop\\\/laneige-lip-sleeping-mask-gummy-bear-20g\\\/#breadcrumb\",\"itemListElement\":[{\"@type\":\"ListItem\",\"position\":1,\"name\":\"Home\",\"item\":\"https:\\\/\\\/www.facecorner.lv\\\/\"},{\"@type\":\"ListItem\",\"position\":2,\"name\":\"Veikals\",\"item\":\"https:\\\/\\\/www.facecorner.lv\\\/shop\\\/\"},{\"@type\":\"ListItem\",\"position\":3,\"name\":\"Laneige Lip Sleeping Mask Gummy Bear 20g\"}]},{\"@type\":\"WebSite\",\"@id\":\"https:\\\/\\\/www.facecorner.lv\\\/#website\",\"url\":\"https:\\\/\\\/www.facecorner.lv\\\/\",\"name\":\"Facecorner\",\"description\":\"\",\"publisher\":{\"@id\":\"https:\\\/\\\/www.facecorner.lv\\\/#organization\"},\"potentialAction\":[{\"@type\":\"SearchAction\",\"target\":{\"@type\":\"EntryPoint\",\"urlTemplate\":\"https:\\\/\\\/www.facecorner.lv\\\/?s={search_term_string}\"},\"query-input\":{\"@type\":\"PropertyValueSpecification\",\"valueRequired\":true,\"valueName\":\"search_term_string\"}}],\"inLanguage\":\"ru-RU\"},{\"@type\":\"Organization\",\"@id\":\"https:\\\/\\\/www.facecorner.lv\\\/#organization\",\"name\":\"Facecorner\",\"url\":\"https:\\\/\\\/www.facecorner.lv\\\/\",\"logo\":{\"@type\":\"ImageObject\",\"inLanguage\":\"ru-RU\",\"@id\":\"https:\\\/\\\/www.facecorner.lv\\\/#\\\/schema\\\/logo\\\/image\\\/\",\"url\":\"https:\\\/\\\/www.facecorner.lv\\\/wp-content\\\/uploads\\\/2024\\\/04\\\/fc-logo.jpg\",\"contentUrl\":\"https:\\\/\\\/www.facecorner.lv\\\/wp-content\\\/uploads\\\/2024\\\/04\\\/fc-logo.jpg\",\"width\":174,\"height\":28,\"caption\":\"Facecorner\"},\"image\":{\"@id\":\"https:\\\/\\\/www.facecorner.lv\\\/#\\\/schema\\\/logo\\\/image\\\/\"},\"sameAs\":[\"https:\\\/\\\/www.facebook.com\\\/profile.php?id=100063824551839\",\"https:\\\/\\\/www.instagram.com\\\/facecorner_shop\\\/\"]}]}<\/script>\n<meta property=\"product:price:amount\" content=\"26.00\" \/>\n<meta property=\"product:price:currency\" content=\"EUR\" \/>\n<meta property=\"og:availability\" content=\"instock\" \/>\n<meta property=\"product:availability\" content=\"instock\" \/>\n<meta property=\"product:condition\" content=\"new\" \/>\n<!-- \/ Yoast SEO plugin. -->","yoast_head_json":{"title":"Laneige Lip Sleeping Mask Gummy Bear 20g - FACECORNER","description":"Laneige Lip Sleeping Mask Gummy Bear\u00a0 l\u016bpu maska ir \u012bpa\u0161a kop\u0161ana maigaj\u0101m l\u016bp\u0101m. Balzams uzreiz atjauno l\u016bpu gludumu un maigumu, intens\u012bvi mitrina","robots":{"index":"index","follow":"follow","max-snippet":"max-snippet:-1","max-image-preview":"max-image-preview:large","max-video-preview":"max-video-preview:-1"},"canonical":"https:\/\/www.facecorner.lv\/ru\/shop\/laneige-lip-sleeping-mask-gummy-bear-20g\/","og_locale":"ru_RU","og_type":"article","og_title":"Laneige Lip Sleeping Mask Gummy Bear 20g - FACECORNER","og_description":"Laneige Lip Sleeping Mask Gummy Bear\u00a0 l\u016bpu maska ir \u012bpa\u0161a kop\u0161ana maigaj\u0101m l\u016bp\u0101m. Balzams uzreiz atjauno l\u016bpu gludumu un maigumu, intens\u012bvi mitrina","og_url":"https:\/\/www.facecorner.lv\/ru\/shop\/laneige-lip-sleeping-mask-gummy-bear-20g\/","og_site_name":"FACECORNER","article_publisher":"https:\/\/www.facebook.com\/profile.php?id=100063824551839","article_modified_time":"2025-10-16T17:44:32+00:00","og_image":[{"width":2560,"height":2560,"url":"https:\/\/www.facecorner.lv\/wp-content\/uploads\/2025\/08\/img_2523-scaled-1.webp","type":"image\/webp"}],"twitter_card":"summary_large_image","twitter_misc":{"\u0426\u0435\u043d\u0430":"&euro;26.00","\u0414\u043e\u0441\u0442\u0443\u043f\u043d\u043e\u0441\u0442\u044c":"\u0412 \u043d\u0430\u043b\u0438\u0447\u0438\u0438"},"schema":{"@context":"https:\/\/schema.org","@graph":[{"@type":"WebPage","@id":"https:\/\/www.facecorner.lv\/shop\/laneige-lip-sleeping-mask-gummy-bear-20g\/","url":"https:\/\/www.facecorner.lv\/shop\/laneige-lip-sleeping-mask-gummy-bear-20g\/","name":"Laneige Lip Sleeping Mask Gummy Bear 20g - FACECORNER","isPartOf":{"@id":"https:\/\/www.facecorner.lv\/#website"},"primaryImageOfPage":{"@id":"https:\/\/www.facecorner.lv\/shop\/laneige-lip-sleeping-mask-gummy-bear-20g\/#primaryimage"},"image":{"@id":"https:\/\/www.facecorner.lv\/shop\/laneige-lip-sleeping-mask-gummy-bear-20g\/#primaryimage"},"thumbnailUrl":"https:\/\/www.facecorner.lv\/wp-content\/uploads\/2025\/08\/img_2523-scaled-1.webp","datePublished":"2025-08-29T12:14:09+00:00","dateModified":"2025-10-16T17:44:32+00:00","description":"Laneige Lip Sleeping Mask Gummy Bear\u00a0 l\u016bpu maska ir \u012bpa\u0161a kop\u0161ana maigaj\u0101m l\u016bp\u0101m. Balzams uzreiz atjauno l\u016bpu gludumu un maigumu, intens\u012bvi mitrina","breadcrumb":{"@id":"https:\/\/www.facecorner.lv\/shop\/laneige-lip-sleeping-mask-gummy-bear-20g\/#breadcrumb"},"inLanguage":"ru-RU","potentialAction":[{"@type":"ReadAction","target":["https:\/\/www.facecorner.lv\/shop\/laneige-lip-sleeping-mask-gummy-bear-20g\/"]}]},{"@type":"ImageObject","inLanguage":"ru-RU","@id":"https:\/\/www.facecorner.lv\/shop\/laneige-lip-sleeping-mask-gummy-bear-20g\/#primaryimage","url":"https:\/\/www.facecorner.lv\/wp-content\/uploads\/2025\/08\/img_2523-scaled-1.webp","contentUrl":"https:\/\/www.facecorner.lv\/wp-content\/uploads\/2025\/08\/img_2523-scaled-1.webp","width":2560,"height":2560,"caption":"Laneige Lip Sleeping Mask Gummy Bear 20g"},{"@type":"BreadcrumbList","@id":"https:\/\/www.facecorner.lv\/shop\/laneige-lip-sleeping-mask-gummy-bear-20g\/#breadcrumb","itemListElement":[{"@type":"ListItem","position":1,"name":"Home","item":"https:\/\/www.facecorner.lv\/"},{"@type":"ListItem","position":2,"name":"Veikals","item":"https:\/\/www.facecorner.lv\/shop\/"},{"@type":"ListItem","position":3,"name":"Laneige Lip Sleeping Mask Gummy Bear 20g"}]},{"@type":"WebSite","@id":"https:\/\/www.facecorner.lv\/#website","url":"https:\/\/www.facecorner.lv\/","name":"Facecorner","description":"","publisher":{"@id":"https:\/\/www.facecorner.lv\/#organization"},"potentialAction":[{"@type":"SearchAction","target":{"@type":"EntryPoint","urlTemplate":"https:\/\/www.facecorner.lv\/?s={search_term_string}"},"query-input":{"@type":"PropertyValueSpecification","valueRequired":true,"valueName":"search_term_string"}}],"inLanguage":"ru-RU"},{"@type":"Organization","@id":"https:\/\/www.facecorner.lv\/#organization","name":"Facecorner","url":"https:\/\/www.facecorner.lv\/","logo":{"@type":"ImageObject","inLanguage":"ru-RU","@id":"https:\/\/www.facecorner.lv\/#\/schema\/logo\/image\/","url":"https:\/\/www.facecorner.lv\/wp-content\/uploads\/2024\/04\/fc-logo.jpg","contentUrl":"https:\/\/www.facecorner.lv\/wp-content\/uploads\/2024\/04\/fc-logo.jpg","width":174,"height":28,"caption":"Facecorner"},"image":{"@id":"https:\/\/www.facecorner.lv\/#\/schema\/logo\/image\/"},"sameAs":["https:\/\/www.facebook.com\/profile.php?id=100063824551839","https:\/\/www.instagram.com\/facecorner_shop\/"]}]},"product_price_amount":"26.00","product_price_currency":"EUR","og_availability":"instock","product_availability":"instock","product_condition":"new"},"_links":{"self":[{"href":"https:\/\/www.facecorner.lv\/ru\/wp-json\/wp\/v2\/product\/25106","targetHints":{"allow":["GET"]}}],"collection":[{"href":"https:\/\/www.facecorner.lv\/ru\/wp-json\/wp\/v2\/product"}],"about":[{"href":"https:\/\/www.facecorner.lv\/ru\/wp-json\/wp\/v2\/types\/product"}],"replies":[{"embeddable":true,"href":"https:\/\/www.facecorner.lv\/ru\/wp-json\/wp\/v2\/comments?post=25106"}],"wp:featuredmedia":[{"embeddable":true,"href":"https:\/\/www.facecorner.lv\/ru\/wp-json\/wp\/v2\/media\/25107"}],"wp:attachment":[{"href":"https:\/\/www.facecorner.lv\/ru\/wp-json\/wp\/v2\/media?parent=25106"}],"wp:term":[{"taxonomy":"product_brand","embeddable":true,"href":"https:\/\/www.facecorner.lv\/ru\/wp-json\/wp\/v2\/product_brand?post=25106"},{"taxonomy":"product_cat","embeddable":true,"href":"https:\/\/www.facecorner.lv\/ru\/wp-json\/wp\/v2\/product_cat?post=25106"},{"taxonomy":"product_tag","embeddable":true,"href":"https:\/\/www.facecorner.lv\/ru\/wp-json\/wp\/v2\/product_tag?post=25106"},{"taxonomy":"berocket_brand","embeddable":true,"href":"https:\/\/www.facecorner.lv\/ru\/wp-json\/wp\/v2\/berocket_brand?post=25106"}],"curies":[{"name":"wp","href":"https:\/\/api.w.org\/{rel}","templated":true}]}}