{"id":25101,"date":"2025-08-29T14:49:56","date_gmt":"2025-08-29T11:49:56","guid":{"rendered":"https:\/\/www.facecorner.lv\/?post_type=product&#038;p=25101"},"modified":"2025-09-29T14:52:35","modified_gmt":"2025-09-29T11:52:35","slug":"vt-pdrn-glow-sun-essence-spf-50-50ml","status":"publish","type":"product","link":"https:\/\/www.facecorner.lv\/ru\/shop\/vt-pdrn-glow-sun-essence-spf-50-50ml\/","title":{"rendered":"VT PDRN Glow Sun Essence SPF 50 50ml"},"content":{"rendered":"<p>VT PDRN Glow Sun Essence \u2014 \u044d\u0442\u043e \u043b\u0451\u0433\u043a\u0430\u044f \u0441\u043e\u043b\u043d\u0446\u0435\u0437\u0430\u0449\u0438\u0442\u043d\u0430\u044f \u044d\u0441\u0441\u0435\u043d\u0446\u0438\u044f, \u0441\u043e\u0447\u0435\u0442\u0430\u044e\u0449\u0430\u044f \u043c\u043e\u0449\u043d\u0443\u044e \u0437\u0430\u0449\u0438\u0442\u0443 \u043e\u0442 \u0441\u043e\u043b\u043d\u0446\u0430 (SPF50+ PA+++) \u0441 \u0432\u043e\u0441\u0441\u0442\u0430\u043d\u043e\u0432\u0438\u0442\u0435\u043b\u044c\u043d\u044b\u043c\u0438 \u0441\u0432\u043e\u0439\u0441\u0442\u0432\u0430\u043c\u0438 PDRN (\u043f\u043e\u043b\u0438\u043d\u0443\u043a\u043b\u0435\u043e\u0442\u0438\u0434), \u043f\u043e\u043b\u0443\u0447\u0435\u043d\u043d\u044b\u043c \u0438\u0437 \u043a\u043e\u0440\u043d\u044f \u0436\u0435\u043d\u044c\u0448\u0435\u043d\u044f.<\/p>\n<p>\u0421\u0440\u0435\u0434\u0441\u0442\u0432\u043e \u043e\u0431\u0435\u0441\u043f\u0435\u0447\u0438\u0432\u0430\u0435\u0442 \u0443\u0432\u043b\u0430\u0436\u043d\u0435\u043d\u0438\u0435, \u0441\u0438\u044f\u043d\u0438\u0435 \u0438 \u043a\u043e\u043c\u0444\u043e\u0440\u0442, \u043d\u0435 \u043e\u0441\u0442\u0430\u0432\u043b\u044f\u044f \u00ab\u0431\u0435\u043b\u043e\u0439 \u043f\u043b\u0435\u043d\u043a\u0438\u00bb. \u0418\u0434\u0435\u0430\u043b\u044c\u043d\u044b\u0439 \u0432\u044b\u0431\u043e\u0440 \u0434\u043b\u044f \u043f\u043e\u0432\u0441\u0435\u0434\u043d\u0435\u0432\u043d\u043e\u0433\u043e \u0443\u0445\u043e\u0434\u0430 \u0441 \u043f\u0440\u0435\u043c\u0438\u0443\u043c-\u0437\u0430\u0449\u0438\u0442\u043e\u0439 \u043e\u0442 \u0443\u043b\u044c\u0442\u0440\u0430\u0444\u0438\u043e\u043b\u0435\u0442\u0430.<\/p>\n<ul>\n<li>\u0412\u044b\u0441\u043e\u043a\u0430\u044f \u0437\u0430\u0449\u0438\u0442\u0430 \u043e\u0442 UVA \u0438 UVB: SPF50+ PA+++ \u044d\u0444\u0444\u0435\u043a\u0442\u0438\u0432\u043d\u043e \u0437\u0430\u0449\u0438\u0449\u0430\u0435\u0442 \u043a\u043e\u0436\u0443 \u043e\u0442 \u0432\u0440\u0435\u0434\u043d\u043e\u0433\u043e \u0432\u043e\u0437\u0434\u0435\u0439\u0441\u0442\u0432\u0438\u044f \u0441\u043e\u043b\u043d\u0435\u0447\u043d\u044b\u0445 \u043b\u0443\u0447\u0435\u0439.<\/li>\n<li>\u041e\u0441\u0432\u0435\u0436\u0430\u044e\u0449\u0438\u0439, \u0441\u0438\u044f\u044e\u0449\u0438\u0439 \u0444\u0438\u043d\u0438\u0448: \u043f\u0440\u0438\u0434\u0430\u0435\u0442 \u043a\u043e\u0436\u0435 \u0435\u0441\u0442\u0435\u0441\u0442\u0432\u0435\u043d\u043d\u043e\u0435 \u0441\u0438\u044f\u043d\u0438\u0435, \u043d\u0435 \u0432\u044b\u0433\u043b\u044f\u0434\u0438\u0442 \u0436\u0438\u0440\u043d\u044b\u043c \u0438\u043b\u0438 \u043b\u0438\u043f\u043a\u0438\u043c.<\/li>\n<li>\u0423\u0432\u043b\u0430\u0436\u043d\u0435\u043d\u0438\u0435 \u0438 \u0432\u043e\u0441\u0441\u0442\u0430\u043d\u043e\u0432\u043b\u0435\u043d\u0438\u0435: \u0431\u043b\u0430\u0433\u043e\u0434\u0430\u0440\u044f PDRN, Skin Moisture C4 \u043a\u043e\u043c\u043f\u043b\u0435\u043a\u0441\u0443 \u0438 \u043f\u0435\u043f\u0442\u0438\u0434\u0430\u043c \u043a\u043e\u0436\u0430 \u043f\u043e\u043b\u0443\u0447\u0430\u0435\u0442 \u043d\u0435\u043e\u0431\u0445\u043e\u0434\u0438\u043c\u0443\u044e \u0432\u043b\u0430\u0433\u0443 \u0438-\u0440\u0435\u0433\u0435\u043d\u0435\u0440\u0430\u0446\u0438\u044e.<\/li>\n<li>\u0410\u043d\u0442\u0438\u0432\u043e\u0437\u0440\u0430\u0441\u0442\u043d\u043e\u0439 \u044d\u0444\u0444\u0435\u043a\u0442: \u0432\u043a\u043b\u044e\u0447\u0435\u043d\u044b 4 \u0432\u0438\u0434\u0430 \u043f\u0435\u043f\u0442\u0438\u0434\u043e\u0432, \u0441\u0442\u0438\u043c\u0443\u043b\u0438\u0440\u0443\u044e\u0449\u0438\u0445 \u0443\u043a\u0440\u0435\u043f\u043b\u0435\u043d\u0438\u0435 \u043a\u043e\u0436\u0438 \u0438 \u0440\u0430\u0437\u0433\u043b\u0430\u0436\u0438\u0432\u0430\u043d\u0438\u0435 \u043c\u043e\u0440\u0449\u0438\u043d.<\/li>\n<li>\u0423\u0441\u043f\u043e\u043a\u0430\u0438\u0432\u0430\u044e\u0449\u0438\u0435 \u0440\u0430\u0441\u0442\u0438\u0442\u0435\u043b\u044c\u043d\u044b\u0435 \u044d\u043a\u0441\u0442\u0440\u0430\u043a\u0442\u044b: \u043b\u0430\u0432\u0430\u043d\u0434\u043e\u0432\u044b\u0439 \u0438 \u0430\u0433\u0430\u0432\u043e\u0432\u044b\u0439 \u044d\u043a\u0441\u0442\u0440\u0430\u043a\u0442\u044b \u043f\u043e\u043c\u043e\u0433\u0430\u044e\u0442 \u0441\u043d\u0438\u0437\u0438\u0442\u044c \u0440\u0430\u0437\u0434\u0440\u0430\u0436\u0435\u043d\u0438\u044f \u0438 \u0443\u043b\u0443\u0447\u0448\u0438\u0442\u044c \u0431\u0430\u0440\u044c\u0435\u0440 \u043a\u043e\u0436\u0438.<\/li>\n<\/ul>\n<p><strong>\u0421\u043f\u043e\u0441\u043e\u0431 \u043f\u0440\u0438\u043c\u0435\u043d\u0435\u043d\u0438\u044f:<\/strong> \u0417\u0430\u0432\u0435\u0440\u0448\u0438\u0432 \u043e\u0431\u044b\u0447\u043d\u044b\u0439 \u0443\u0445\u043e\u0434, \u043d\u0430\u043d\u0435\u0441\u0438\u0442\u0435 \u044d\u0441\u0441\u0435\u043d\u0446\u0438\u044e\u2011\u0441\u043e\u043b\u043d\u0446\u0435\u0437\u0430\u0449\u0438\u0442\u043a\u0443 \u043d\u0430 \u043b\u0438\u0446\u043e \u0438 \u0448\u0435\u044e.\n\u0420\u0430\u0441\u043f\u0440\u0435\u0434\u0435\u043b\u0438\u0442\u0435 \u043b\u0451\u0433\u043a\u0438\u043c\u0438 \u043f\u043e\u0445\u043b\u043e\u043f\u044b\u0432\u0430\u044e\u0449\u0438\u043c\u0438 \u0434\u0432\u0438\u0436\u0435\u043d\u0438\u044f\u043c\u0438.\u0414\u043b\u044f \u0434\u043b\u0438\u0442\u0435\u043b\u044c\u043d\u043e\u0439 \u0437\u0430\u0449\u0438\u0442\u044b \u2014 \u043e\u0431\u043d\u043e\u0432\u043b\u044f\u0439\u0442\u0435 \u043a\u0430\u0436\u0434\u044b\u0435 2\u20133 \u0447\u0430\u0441\u0430 \u0438\u043b\u0438 \u043f\u043e\u0441\u043b\u0435 \u043f\u043e\u0442\u043e\u043e\u0442\u0434\u0435\u043b\u0435\u043d\u0438\u044f\/\u0432\u044b\u0442\u0438\u0440\u0430\u043d\u0438\u044f.<\/p>\n<p><strong>\u0421\u043e\u0441\u0442\u0430\u0432:<\/strong> Water, Ethylhexyl Palmitate, Butylene Glycol, Ethylhexyl Methoxycinnamate, Zinc Oxide, Ceresin, Octyldodecanol, Ethylhexyl Salicylate, Titanium Dioxide, Octocrylene, Bis-Ethylhexyloxyphenol Methoxyphenyl Triazine, Microcrystalline Wax, Caprylyl Glycol, Aluminum Hydroxide, Mica, Stearic Acid, Fragrance, Cetyl PEG\/PPG\u201110\/1 Dimethicone, Hydrogen Dimethicone, 1,2\u2011Hexanediol, Ethylhexylglycerin, Glycerin, Oil Soluble Licorice (Glycyrrhiza) Extract, Adenosine, Triethoxycaprylylsilane, Chromium Oxide Greens, Hydrolyzed Gardenia Florida Extract, Hydrolyzed Malt Extract, Hydrolyzed Viola Tricolor Extract, Ultramarines, Agave Tequilana Leaf Extract, Portulaca Oleracea Extract, Kaolin, Pentaerythrityl Tetra-di-t-butyl Hydroxyhydrocinnamate, Panax Ginseng Root Extract, Lavandula Angustifolia (Lavender) Flower Extract, Caprylic\/Capric Triglyceride, Hydrogenated Lecithin, Polyglyceryl\u201110 Oleate, Sodium DNA (PDRN), Melaleuca Alternifolia (Tea Tree) Flower\/Leaf\/Stem Extract, Centella Asiatica Extract, Sodium Ascorbyl Phosphate, Disodium EDTA, Copper Tripeptide\u20111, Palmitoyl Pentapeptide\u20114, Acetyl Hexapeptide\u20118, Palmitoyl Tripeptide\u20111.<\/p>","protected":false},"excerpt":{"rendered":"<p>VT PDRN Glow Sun Essence \u2014 \u044d\u0442\u043e \u043b\u0451\u0433\u043a\u0430\u044f \u0441\u043e\u043b\u043d\u0446\u0435\u0437\u0430\u0449\u0438\u0442\u043d\u0430\u044f \u044d\u0441\u0441\u0435\u043d\u0446\u0438\u044f, \u0441\u043e\u0447\u0435\u0442\u0430\u044e\u0449\u0430\u044f \u043c\u043e\u0449\u043d\u0443\u044e \u0437\u0430\u0449\u0438\u0442\u0443 \u043e\u0442 \u0441\u043e\u043b\u043d\u0446\u0430 (SPF50+ PA+++) \u0441 \u0432\u043e\u0441\u0441\u0442\u0430\u043d\u043e\u0432\u0438\u0442\u0435\u043b\u044c\u043d\u044b\u043c\u0438 \u0441\u0432\u043e\u0439\u0441\u0442\u0432\u0430\u043c\u0438 PDRN (\u043f\u043e\u043b\u0438\u043d\u0443\u043a\u043b\u0435\u043e\u0442\u0438\u0434), \u043f\u043e\u043b\u0443\u0447\u0435\u043d\u043d\u044b\u043c \u0438\u0437 \u043a\u043e\u0440\u043d\u044f \u0436\u0435\u043d\u044c\u0448\u0435\u043d\u044f.<\/p>","protected":false},"featured_media":25104,"comment_status":"open","ping_status":"closed","template":"","meta":{"site-sidebar-layout":"default","site-content-layout":"","ast-site-content-layout":"default","site-content-style":"default","site-sidebar-style":"default","ast-global-header-display":"","ast-banner-title-visibility":"","ast-main-header-display":"","ast-hfb-above-header-display":"","ast-hfb-below-header-display":"","ast-hfb-mobile-header-display":"","site-post-title":"","ast-breadcrumbs-content":"","ast-featured-img":"","footer-sml-layout":"","theme-transparent-header-meta":"default","adv-header-id-meta":"","stick-header-meta":"","header-above-stick-meta":"","header-main-stick-meta":"","header-below-stick-meta":"","astra-migrate-meta-layouts":"set","ast-page-background-enabled":"default","ast-page-background-meta":{"desktop":{"background-color":"var(--ast-global-color-4)","background-image":"","background-repeat":"repeat","background-position":"center center","background-size":"auto","background-attachment":"scroll","background-type":"","background-media":"","overlay-type":"","overlay-color":"","overlay-opacity":"","overlay-gradient":""},"tablet":{"background-color":"","background-image":"","background-repeat":"repeat","background-position":"center center","background-size":"auto","background-attachment":"scroll","background-type":"","background-media":"","overlay-type":"","overlay-color":"","overlay-opacity":"","overlay-gradient":""},"mobile":{"background-color":"","background-image":"","background-repeat":"repeat","background-position":"center center","background-size":"auto","background-attachment":"scroll","background-type":"","background-media":"","overlay-type":"","overlay-color":"","overlay-opacity":"","overlay-gradient":""}},"ast-content-background-meta":{"desktop":{"background-color":"var(--ast-global-color-5)","background-image":"","background-repeat":"repeat","background-position":"center center","background-size":"auto","background-attachment":"scroll","background-type":"","background-media":"","overlay-type":"","overlay-color":"","overlay-opacity":"","overlay-gradient":""},"tablet":{"background-color":"var(--ast-global-color-5)","background-image":"","background-repeat":"repeat","background-position":"center center","background-size":"auto","background-attachment":"scroll","background-type":"","background-media":"","overlay-type":"","overlay-color":"","overlay-opacity":"","overlay-gradient":""},"mobile":{"background-color":"var(--ast-global-color-5)","background-image":"","background-repeat":"repeat","background-position":"center center","background-size":"auto","background-attachment":"scroll","background-type":"","background-media":"","overlay-type":"","overlay-color":"","overlay-opacity":"","overlay-gradient":""}}},"product_brand":[],"product_cat":[652,512],"product_tag":[],"berocket_brand":[582],"class_list":{"0":"post-25101","1":"product","2":"type-product","3":"status-publish","4":"has-post-thumbnail","6":"product_cat-pdrn","7":"product_cat-spf","8":"berocket_brand-vt","9":"desktop-align-left","10":"tablet-align-left","11":"mobile-align-left","13":"first","14":"outofstock","15":"taxable","16":"shipping-taxable","17":"purchasable","18":"product-type-simple","19":"add-to-wishlist-before_image"},"yoast_head":"<!-- This site is optimized with the Yoast SEO plugin v27.4 - https:\/\/yoast.com\/product\/yoast-seo-wordpress\/ -->\n<title>VT PDRN Glow Sun Essence SPF 50 50ml - FACECORNER<\/title>\n<meta name=\"description\" content=\"VT PDRN Glow Sun Essence SPF 50\u00a0 ir viegla saules aizsardz\u012bbas esence, kas apvieno sp\u0113c\u012bgu aizsardz\u012bbu pret sauli (SPF50+ PA+++) ar atjaunojo\u0161\u0101m \u012bpa\u0161\u012bb\u0101m\" \/>\n<meta name=\"robots\" content=\"index, follow, max-snippet:-1, max-image-preview:large, max-video-preview:-1\" \/>\n<link rel=\"canonical\" href=\"https:\/\/www.facecorner.lv\/ru\/shop\/vt-pdrn-glow-sun-essence-spf-50-50ml\/\" \/>\n<meta property=\"og:locale\" content=\"ru_RU\" \/>\n<meta property=\"og:type\" content=\"article\" \/>\n<meta property=\"og:title\" content=\"VT PDRN Glow Sun Essence SPF 50 50ml - FACECORNER\" \/>\n<meta property=\"og:description\" content=\"VT PDRN Glow Sun Essence SPF 50\u00a0 ir viegla saules aizsardz\u012bbas esence, kas apvieno sp\u0113c\u012bgu aizsardz\u012bbu pret sauli (SPF50+ PA+++) ar atjaunojo\u0161\u0101m \u012bpa\u0161\u012bb\u0101m\" \/>\n<meta property=\"og:url\" content=\"https:\/\/www.facecorner.lv\/ru\/shop\/vt-pdrn-glow-sun-essence-spf-50-50ml\/\" \/>\n<meta property=\"og:site_name\" content=\"FACECORNER\" \/>\n<meta property=\"article:publisher\" content=\"https:\/\/www.facebook.com\/profile.php?id=100063824551839\" \/>\n<meta property=\"article:modified_time\" content=\"2025-09-29T11:52:35+00:00\" \/>\n<meta property=\"og:image\" content=\"https:\/\/www.facecorner.lv\/wp-content\/uploads\/2025\/08\/1_fd009cc3-1287-4cda-a19e-9aa67559b5cd.webp\" \/>\n\t<meta property=\"og:image:width\" content=\"500\" \/>\n\t<meta property=\"og:image:height\" content=\"500\" \/>\n\t<meta property=\"og:image:type\" content=\"image\/webp\" \/>\n<meta name=\"twitter:card\" content=\"summary_large_image\" \/>\n<meta name=\"twitter:label1\" content=\"\u0426\u0435\u043d\u0430\" \/>\n\t<meta name=\"twitter:data1\" content=\"&euro;19.90\" \/>\n\t<meta name=\"twitter:label2\" content=\"\u0414\u043e\u0441\u0442\u0443\u043f\u043d\u043e\u0441\u0442\u044c\" \/>\n\t<meta name=\"twitter:data2\" content=\"\u0420\u0430\u0441\u043f\u0440\u043e\u0434\u0430\u043d\u043e\" \/>\n<script type=\"application\/ld+json\" class=\"yoast-schema-graph\">{\"@context\":\"https:\\\/\\\/schema.org\",\"@graph\":[{\"@type\":\"WebPage\",\"@id\":\"https:\\\/\\\/www.facecorner.lv\\\/shop\\\/vt-pdrn-glow-sun-essence-spf-50-50ml\\\/\",\"url\":\"https:\\\/\\\/www.facecorner.lv\\\/shop\\\/vt-pdrn-glow-sun-essence-spf-50-50ml\\\/\",\"name\":\"VT PDRN Glow Sun Essence SPF 50 50ml - FACECORNER\",\"isPartOf\":{\"@id\":\"https:\\\/\\\/www.facecorner.lv\\\/#website\"},\"primaryImageOfPage\":{\"@id\":\"https:\\\/\\\/www.facecorner.lv\\\/shop\\\/vt-pdrn-glow-sun-essence-spf-50-50ml\\\/#primaryimage\"},\"image\":{\"@id\":\"https:\\\/\\\/www.facecorner.lv\\\/shop\\\/vt-pdrn-glow-sun-essence-spf-50-50ml\\\/#primaryimage\"},\"thumbnailUrl\":\"https:\\\/\\\/www.facecorner.lv\\\/wp-content\\\/uploads\\\/2025\\\/08\\\/1_fd009cc3-1287-4cda-a19e-9aa67559b5cd.webp\",\"datePublished\":\"2025-08-29T11:49:56+00:00\",\"dateModified\":\"2025-09-29T11:52:35+00:00\",\"description\":\"VT PDRN Glow Sun Essence SPF 50\u00a0 ir viegla saules aizsardz\u012bbas esence, kas apvieno sp\u0113c\u012bgu aizsardz\u012bbu pret sauli (SPF50+ PA+++) ar atjaunojo\u0161\u0101m \u012bpa\u0161\u012bb\u0101m\",\"breadcrumb\":{\"@id\":\"https:\\\/\\\/www.facecorner.lv\\\/shop\\\/vt-pdrn-glow-sun-essence-spf-50-50ml\\\/#breadcrumb\"},\"inLanguage\":\"ru-RU\",\"potentialAction\":[{\"@type\":\"ReadAction\",\"target\":[\"https:\\\/\\\/www.facecorner.lv\\\/shop\\\/vt-pdrn-glow-sun-essence-spf-50-50ml\\\/\"]}]},{\"@type\":\"ImageObject\",\"inLanguage\":\"ru-RU\",\"@id\":\"https:\\\/\\\/www.facecorner.lv\\\/shop\\\/vt-pdrn-glow-sun-essence-spf-50-50ml\\\/#primaryimage\",\"url\":\"https:\\\/\\\/www.facecorner.lv\\\/wp-content\\\/uploads\\\/2025\\\/08\\\/1_fd009cc3-1287-4cda-a19e-9aa67559b5cd.webp\",\"contentUrl\":\"https:\\\/\\\/www.facecorner.lv\\\/wp-content\\\/uploads\\\/2025\\\/08\\\/1_fd009cc3-1287-4cda-a19e-9aa67559b5cd.webp\",\"width\":500,\"height\":500,\"caption\":\"VT PDRN Glow Sun Essence SPF 50\"},{\"@type\":\"BreadcrumbList\",\"@id\":\"https:\\\/\\\/www.facecorner.lv\\\/shop\\\/vt-pdrn-glow-sun-essence-spf-50-50ml\\\/#breadcrumb\",\"itemListElement\":[{\"@type\":\"ListItem\",\"position\":1,\"name\":\"Home\",\"item\":\"https:\\\/\\\/www.facecorner.lv\\\/\"},{\"@type\":\"ListItem\",\"position\":2,\"name\":\"Veikals\",\"item\":\"https:\\\/\\\/www.facecorner.lv\\\/shop\\\/\"},{\"@type\":\"ListItem\",\"position\":3,\"name\":\"VT PDRN Glow Sun Essence SPF 50 50ml\"}]},{\"@type\":\"WebSite\",\"@id\":\"https:\\\/\\\/www.facecorner.lv\\\/#website\",\"url\":\"https:\\\/\\\/www.facecorner.lv\\\/\",\"name\":\"Facecorner\",\"description\":\"\",\"publisher\":{\"@id\":\"https:\\\/\\\/www.facecorner.lv\\\/#organization\"},\"potentialAction\":[{\"@type\":\"SearchAction\",\"target\":{\"@type\":\"EntryPoint\",\"urlTemplate\":\"https:\\\/\\\/www.facecorner.lv\\\/?s={search_term_string}\"},\"query-input\":{\"@type\":\"PropertyValueSpecification\",\"valueRequired\":true,\"valueName\":\"search_term_string\"}}],\"inLanguage\":\"ru-RU\"},{\"@type\":\"Organization\",\"@id\":\"https:\\\/\\\/www.facecorner.lv\\\/#organization\",\"name\":\"Facecorner\",\"url\":\"https:\\\/\\\/www.facecorner.lv\\\/\",\"logo\":{\"@type\":\"ImageObject\",\"inLanguage\":\"ru-RU\",\"@id\":\"https:\\\/\\\/www.facecorner.lv\\\/#\\\/schema\\\/logo\\\/image\\\/\",\"url\":\"https:\\\/\\\/www.facecorner.lv\\\/wp-content\\\/uploads\\\/2024\\\/04\\\/fc-logo.jpg\",\"contentUrl\":\"https:\\\/\\\/www.facecorner.lv\\\/wp-content\\\/uploads\\\/2024\\\/04\\\/fc-logo.jpg\",\"width\":174,\"height\":28,\"caption\":\"Facecorner\"},\"image\":{\"@id\":\"https:\\\/\\\/www.facecorner.lv\\\/#\\\/schema\\\/logo\\\/image\\\/\"},\"sameAs\":[\"https:\\\/\\\/www.facebook.com\\\/profile.php?id=100063824551839\",\"https:\\\/\\\/www.instagram.com\\\/facecorner_shop\\\/\"]}]}<\/script>\n<meta property=\"product:price:amount\" content=\"19.90\" \/>\n<meta property=\"product:price:currency\" content=\"EUR\" \/>\n<meta property=\"og:availability\" content=\"out of stock\" \/>\n<meta property=\"product:availability\" content=\"out of stock\" \/>\n<meta property=\"product:condition\" content=\"new\" \/>\n<!-- \/ Yoast SEO plugin. -->","yoast_head_json":{"title":"VT PDRN Glow Sun Essence SPF 50 50ml - FACECORNER","description":"VT PDRN Glow Sun Essence SPF 50\u00a0 ir viegla saules aizsardz\u012bbas esence, kas apvieno sp\u0113c\u012bgu aizsardz\u012bbu pret sauli (SPF50+ PA+++) ar atjaunojo\u0161\u0101m \u012bpa\u0161\u012bb\u0101m","robots":{"index":"index","follow":"follow","max-snippet":"max-snippet:-1","max-image-preview":"max-image-preview:large","max-video-preview":"max-video-preview:-1"},"canonical":"https:\/\/www.facecorner.lv\/ru\/shop\/vt-pdrn-glow-sun-essence-spf-50-50ml\/","og_locale":"ru_RU","og_type":"article","og_title":"VT PDRN Glow Sun Essence SPF 50 50ml - FACECORNER","og_description":"VT PDRN Glow Sun Essence SPF 50\u00a0 ir viegla saules aizsardz\u012bbas esence, kas apvieno sp\u0113c\u012bgu aizsardz\u012bbu pret sauli (SPF50+ PA+++) ar atjaunojo\u0161\u0101m \u012bpa\u0161\u012bb\u0101m","og_url":"https:\/\/www.facecorner.lv\/ru\/shop\/vt-pdrn-glow-sun-essence-spf-50-50ml\/","og_site_name":"FACECORNER","article_publisher":"https:\/\/www.facebook.com\/profile.php?id=100063824551839","article_modified_time":"2025-09-29T11:52:35+00:00","og_image":[{"width":500,"height":500,"url":"https:\/\/www.facecorner.lv\/wp-content\/uploads\/2025\/08\/1_fd009cc3-1287-4cda-a19e-9aa67559b5cd.webp","type":"image\/webp"}],"twitter_card":"summary_large_image","twitter_misc":{"\u0426\u0435\u043d\u0430":"&euro;19.90","\u0414\u043e\u0441\u0442\u0443\u043f\u043d\u043e\u0441\u0442\u044c":"\u0420\u0430\u0441\u043f\u0440\u043e\u0434\u0430\u043d\u043e"},"schema":{"@context":"https:\/\/schema.org","@graph":[{"@type":"WebPage","@id":"https:\/\/www.facecorner.lv\/shop\/vt-pdrn-glow-sun-essence-spf-50-50ml\/","url":"https:\/\/www.facecorner.lv\/shop\/vt-pdrn-glow-sun-essence-spf-50-50ml\/","name":"VT PDRN Glow Sun Essence SPF 50 50ml - FACECORNER","isPartOf":{"@id":"https:\/\/www.facecorner.lv\/#website"},"primaryImageOfPage":{"@id":"https:\/\/www.facecorner.lv\/shop\/vt-pdrn-glow-sun-essence-spf-50-50ml\/#primaryimage"},"image":{"@id":"https:\/\/www.facecorner.lv\/shop\/vt-pdrn-glow-sun-essence-spf-50-50ml\/#primaryimage"},"thumbnailUrl":"https:\/\/www.facecorner.lv\/wp-content\/uploads\/2025\/08\/1_fd009cc3-1287-4cda-a19e-9aa67559b5cd.webp","datePublished":"2025-08-29T11:49:56+00:00","dateModified":"2025-09-29T11:52:35+00:00","description":"VT PDRN Glow Sun Essence SPF 50\u00a0 ir viegla saules aizsardz\u012bbas esence, kas apvieno sp\u0113c\u012bgu aizsardz\u012bbu pret sauli (SPF50+ PA+++) ar atjaunojo\u0161\u0101m \u012bpa\u0161\u012bb\u0101m","breadcrumb":{"@id":"https:\/\/www.facecorner.lv\/shop\/vt-pdrn-glow-sun-essence-spf-50-50ml\/#breadcrumb"},"inLanguage":"ru-RU","potentialAction":[{"@type":"ReadAction","target":["https:\/\/www.facecorner.lv\/shop\/vt-pdrn-glow-sun-essence-spf-50-50ml\/"]}]},{"@type":"ImageObject","inLanguage":"ru-RU","@id":"https:\/\/www.facecorner.lv\/shop\/vt-pdrn-glow-sun-essence-spf-50-50ml\/#primaryimage","url":"https:\/\/www.facecorner.lv\/wp-content\/uploads\/2025\/08\/1_fd009cc3-1287-4cda-a19e-9aa67559b5cd.webp","contentUrl":"https:\/\/www.facecorner.lv\/wp-content\/uploads\/2025\/08\/1_fd009cc3-1287-4cda-a19e-9aa67559b5cd.webp","width":500,"height":500,"caption":"VT PDRN Glow Sun Essence SPF 50"},{"@type":"BreadcrumbList","@id":"https:\/\/www.facecorner.lv\/shop\/vt-pdrn-glow-sun-essence-spf-50-50ml\/#breadcrumb","itemListElement":[{"@type":"ListItem","position":1,"name":"Home","item":"https:\/\/www.facecorner.lv\/"},{"@type":"ListItem","position":2,"name":"Veikals","item":"https:\/\/www.facecorner.lv\/shop\/"},{"@type":"ListItem","position":3,"name":"VT PDRN Glow Sun Essence SPF 50 50ml"}]},{"@type":"WebSite","@id":"https:\/\/www.facecorner.lv\/#website","url":"https:\/\/www.facecorner.lv\/","name":"Facecorner","description":"","publisher":{"@id":"https:\/\/www.facecorner.lv\/#organization"},"potentialAction":[{"@type":"SearchAction","target":{"@type":"EntryPoint","urlTemplate":"https:\/\/www.facecorner.lv\/?s={search_term_string}"},"query-input":{"@type":"PropertyValueSpecification","valueRequired":true,"valueName":"search_term_string"}}],"inLanguage":"ru-RU"},{"@type":"Organization","@id":"https:\/\/www.facecorner.lv\/#organization","name":"Facecorner","url":"https:\/\/www.facecorner.lv\/","logo":{"@type":"ImageObject","inLanguage":"ru-RU","@id":"https:\/\/www.facecorner.lv\/#\/schema\/logo\/image\/","url":"https:\/\/www.facecorner.lv\/wp-content\/uploads\/2024\/04\/fc-logo.jpg","contentUrl":"https:\/\/www.facecorner.lv\/wp-content\/uploads\/2024\/04\/fc-logo.jpg","width":174,"height":28,"caption":"Facecorner"},"image":{"@id":"https:\/\/www.facecorner.lv\/#\/schema\/logo\/image\/"},"sameAs":["https:\/\/www.facebook.com\/profile.php?id=100063824551839","https:\/\/www.instagram.com\/facecorner_shop\/"]}]},"product_price_amount":"19.90","product_price_currency":"EUR","og_availability":"out of stock","product_availability":"out of stock","product_condition":"new"},"_links":{"self":[{"href":"https:\/\/www.facecorner.lv\/ru\/wp-json\/wp\/v2\/product\/25101","targetHints":{"allow":["GET"]}}],"collection":[{"href":"https:\/\/www.facecorner.lv\/ru\/wp-json\/wp\/v2\/product"}],"about":[{"href":"https:\/\/www.facecorner.lv\/ru\/wp-json\/wp\/v2\/types\/product"}],"replies":[{"embeddable":true,"href":"https:\/\/www.facecorner.lv\/ru\/wp-json\/wp\/v2\/comments?post=25101"}],"wp:featuredmedia":[{"embeddable":true,"href":"https:\/\/www.facecorner.lv\/ru\/wp-json\/wp\/v2\/media\/25104"}],"wp:attachment":[{"href":"https:\/\/www.facecorner.lv\/ru\/wp-json\/wp\/v2\/media?parent=25101"}],"wp:term":[{"taxonomy":"product_brand","embeddable":true,"href":"https:\/\/www.facecorner.lv\/ru\/wp-json\/wp\/v2\/product_brand?post=25101"},{"taxonomy":"product_cat","embeddable":true,"href":"https:\/\/www.facecorner.lv\/ru\/wp-json\/wp\/v2\/product_cat?post=25101"},{"taxonomy":"product_tag","embeddable":true,"href":"https:\/\/www.facecorner.lv\/ru\/wp-json\/wp\/v2\/product_tag?post=25101"},{"taxonomy":"berocket_brand","embeddable":true,"href":"https:\/\/www.facecorner.lv\/ru\/wp-json\/wp\/v2\/berocket_brand?post=25101"}],"curies":[{"name":"wp","href":"https:\/\/api.w.org\/{rel}","templated":true}]}}