{"id":25097,"date":"2025-08-29T14:31:12","date_gmt":"2025-08-29T11:31:12","guid":{"rendered":"https:\/\/www.facecorner.lv\/?post_type=product&#038;p=25097"},"modified":"2026-01-28T13:23:39","modified_gmt":"2026-01-28T10:23:39","slug":"vt-pdrn-glow-cream-50ml","status":"publish","type":"product","link":"https:\/\/www.facecorner.lv\/ru\/shop\/vt-pdrn-glow-cream-50ml\/","title":{"rendered":"VT PDRN Glow Cream 50ml"},"content":{"rendered":"<p>VT PDRN Glow Cream \u2014 \u044d\u0442\u043e \u0443\u043b\u044c\u0442\u0440\u0430\u0443\u0432\u043b\u0430\u0436\u043d\u044f\u044e\u0449\u0438\u0439 \u0438 \u0432\u043e\u0441\u0441\u0442\u0430\u043d\u0430\u0432\u043b\u0438\u0432\u0430\u044e\u0449\u0438\u0439 \u043a\u0440\u0435\u043c \u0441 \u044d\u0444\u0444\u0435\u043a\u0442\u043e\u043c \u0441\u0438\u044f\u043d\u0438\u044f \"glass skin\" (\u0441\u0442\u0435\u043a\u043b\u044f\u043d\u043d\u043e\u0439 \u043a\u043e\u0436\u0438).<\/p>\n<p>\u0424\u043e\u0440\u043c\u0443\u043b\u0430 \u0441 100\u202f000\u202fppm \u0440\u0430\u0441\u0442\u0438\u0442\u0435\u043b\u044c\u043d\u043e\u0433\u043e PDRN, \u043f\u043e\u043b\u0443\u0447\u0435\u043d\u043d\u043e\u0433\u043e \u0438\u0437 \u0434\u0438\u043a\u043e\u0433\u043e \u0436\u0435\u043d\u044c\u0448\u0435\u043d\u044f, \u0441\u043f\u043e\u0441\u043e\u0431\u0441\u0442\u0432\u0443\u0435\u0442 \u0433\u043b\u0443\u0431\u043e\u043a\u043e\u043c\u0443 \u0432\u043e\u0441\u0441\u0442\u0430\u043d\u043e\u0432\u043b\u0435\u043d\u0438\u044e, \u043f\u043e\u0432\u044b\u0448\u0435\u043d\u0438\u044e \u044d\u043b\u0430\u0441\u0442\u0438\u0447\u043d\u043e\u0441\u0442\u0438 \u0438 \u043f\u0440\u0438\u0434\u0430\u043d\u0438\u044e \u0437\u0434\u043e\u0440\u043e\u0432\u043e\u0433\u043e \u0441\u0438\u044f\u043d\u0438\u044f. \u0414\u043e\u043f\u043e\u043b\u043d\u0435\u043d\u043e \u0433\u043e\u043b\u0443\u0431\u044b\u043c\u0438 \u043a\u0430\u043f\u0441\u0443\u043b\u0430\u043c\u0438 \u0441 \u0430\u0437\u0443\u043b\u0435\u043d\u043e\u043c, \u043a\u043e\u0442\u043e\u0440\u044b\u0435 \u0431\u0435\u0440\u0435\u0433\u0443\u0442 \u043a\u043e\u0436\u0443 \u0438 \u043f\u0440\u0438\u0434\u0430\u044e\u0442 \u0435\u0439 \u043c\u044f\u0433\u043a\u043e\u0441\u0442\u044c. \u0411\u043b\u0430\u0433\u043e\u0434\u0430\u0440\u044f \u0442\u0435\u043a\u0441\u0442\u0443\u0440\u0435 \u0431\u0435\u0437 \u044d\u0444\u0444\u0435\u043a\u0442\u0430 \u0442\u044f\u0436\u0435\u0441\u0442\u0438 \u0438 \u0431\u0435\u0437 \u043e\u0442\u0434\u0443\u0448\u0435\u043a \u043a\u0440\u0435\u043c \u0438\u0434\u0435\u0430\u043b\u044c\u043d\u043e \u043f\u043e\u0434\u0445\u043e\u0434\u0438\u0442 \u0434\u043b\u044f \u0432\u0441\u0435\u0445 \u0442\u0438\u043f\u043e\u0432 \u043a\u043e\u0436\u0438, \u0432\u043a\u043b\u044e\u0447\u0430\u044f \u0447\u0443\u0432\u0441\u0442\u0432\u0438\u0442\u0435\u043b\u044c\u043d\u0443\u044e.<\/p>\n<ul>\n<li>\u0418\u043d\u0442\u0435\u043d\u0441\u0438\u0432\u043d\u043e\u0435 \u0443\u0432\u043b\u0430\u0436\u043d\u0435\u043d\u0438\u0435 \u0438 \u0441\u0438\u044f\u043d\u0438\u0435 \u2014 \u043f\u043e\u0434\u0434\u0435\u0440\u0436\u0438\u0432\u0430\u0435\u0442 \u043a\u043e\u0436\u0443 \u043c\u044f\u0433\u043a\u043e\u0439 \u0438 \u0433\u043b\u0430\u0434\u043a\u043e\u0439 \u043d\u0430 \u043f\u0440\u043e\u0442\u044f\u0436\u0435\u043d\u0438\u0438 \u0434\u043d\u044f \u0438 \u043d\u043e\u0447\u0438<\/li>\n<li>\u0420\u0435\u0433\u0435\u043d\u0435\u0440\u0430\u0446\u0438\u044f \u0438 \u0443\u043f\u0440\u0443\u0433\u043e\u0441\u0442\u044c \u2014 \u0443\u0441\u0438\u043b\u0438\u0432\u0430\u0435\u0442\u0441\u044f \u0431\u043b\u0430\u0433\u043e\u0434\u0430\u0440\u044f 100\u202f000\u202fppm PDRN (\u0440\u0430\u0441\u0442\u0438\u0442\u0435\u043b\u044c\u043d\u043e\u0433\u043e \u043f\u0440\u043e\u0438\u0441\u0445\u043e\u0436\u0434\u0435\u043d\u0438\u044f)<\/li>\n<li>\u0423\u0441\u043f\u043e\u043a\u0430\u0438\u0432\u0430\u044e\u0449\u0438\u0439 \u044d\u0444\u0444\u0435\u043a\u0442 \u2014 \u0430\u0437\u0443\u043b\u0435\u043d \u043f\u0440\u0435\u0434\u043e\u0441\u0442\u0430\u0432\u043b\u044f\u0435\u0442 \u043c\u044f\u0433\u043a\u043e\u0441\u0442\u044c \u0438 \u043f\u043e\u043c\u043e\u0433\u0430\u0435\u0442 \u0432\u043e\u0441\u0441\u0442\u0430\u043d\u043e\u0432\u043b\u0435\u043d\u0438\u044e \u0440\u0430\u0437\u0434\u0440\u0430\u0436\u0435\u043d\u043d\u043e\u0439 \u043a\u043e\u0436\u0438<\/li>\n<li>\u041b\u0435\u0433\u043a\u0430\u044f \u0438 \u0431\u044b\u0441\u0442\u0440\u043e \u0432\u043f\u0438\u0442\u044b\u0432\u0430\u044e\u0449\u0430\u044f\u0441\u044f \u0442\u0435\u043a\u0441\u0442\u0443\u0440\u0430 \u2014 \u043a\u043e\u043c\u0444\u043e\u0440\u0442\u043d\u0430 \u043f\u043e\u0434 \u043c\u0430\u043a\u0438\u044f\u0436 \u0438\u043b\u0438 \u043d\u0430 \u043d\u043e\u0447\u044c, \u043d\u0435 \u043e\u0441\u0442\u0430\u0432\u043b\u044f\u044f \u043b\u0438\u043f\u043a\u043e\u0441\u0442\u0438<\/li>\n<li>\u0411\u0435\u0437 \u043e\u0442\u0434\u0443\u0448\u0435\u043a \u0438 \u0431\u0435\u0437\u043e\u043f\u0430\u0441\u043d\u0430 \u0434\u043b\u044f \u0447\u0443\u0432\u0441\u0442\u0432\u0438\u0442\u0435\u043b\u044c\u043d\u043e\u0439 \u043a\u043e\u0436\u0438<\/li>\n<\/ul>\n<p><strong>\u0421\u043f\u043e\u0441\u043e\u0431 \u043f\u0440\u0438\u043c\u0435\u043d\u0435\u043d\u0438\u044f:<\/strong> \u041d\u0430\u043d\u043e\u0441\u0438\u0442\u0435 \u043a\u0440\u0435\u043c \u043f\u043e\u0441\u043b\u0435 \u043e\u0447\u0438\u0449\u0430\u044e\u0449\u0435\u0433\u043e \u0438 \u0443\u0432\u043b\u0430\u0436\u043d\u044f\u044e\u0449\u0435\u0433\u043e \u044d\u0442\u0430\u043f\u0430. \u0413\u043b\u0430\u0434\u043a\u043e \u0440\u0430\u0441\u043f\u0440\u0435\u0434\u0435\u043b\u0438\u0442\u0435 \u043f\u043e \u043b\u0438\u0446\u0443 \u043b\u0451\u0433\u043a\u0438\u043c\u0438 \u043c\u0430\u0441\u0441\u0438\u0440\u0443\u044e\u0449\u0438\u043c\u0438 \u0434\u0432\u0438\u0436\u0435\u043d\u0438\u044f\u043c\u0438 \u2014 \u043f\u043e\u0434 \u043c\u0430\u043a\u0438\u044f\u0436 \u043e\u043d \u0441\u043b\u0443\u0436\u0438\u0442 \u043e\u0442\u043b\u0438\u0447\u043d\u043e\u0439 \u0431\u0430\u0437\u043e\u0439, \u0430 \u043d\u0430 \u043d\u043e\u0447\u044c \u0444\u043e\u0440\u043c\u0438\u0440\u0443\u0435\u0442 \u0437\u0430\u0449\u0438\u0442\u043d\u044b\u0439 \u0431\u0430\u0440\u044c\u0435\u0440. \u0418\u0441\u043f\u043e\u043b\u044c\u0437\u0443\u0439\u0442\u0435 \u0443\u0442\u0440\u043e\u043c \u0438 \u0432\u0435\u0447\u0435\u0440\u043e\u043c \u0434\u043b\u044f \u043c\u0430\u043a\u0441\u0438\u043c\u0430\u043b\u044c\u043d\u043e\u0433\u043e \u044d\u0444\u0444\u0435\u043a\u0442\u0430.<\/p>\n<p><strong>\u0421\u043e\u0441\u0442\u0430\u0432:<\/strong> Water, Glycerin, Butylene Glycol, Hyaluronic Acid, Methyl Hydrogenated Rosinate, C12\u201115 Alkyl Benzoate, Polyglycerin\u20113, Caprylic\/Capric Triglyceride, 1,2\u2011Hexanediol, Niacinamide, Caprylic\/Capric\/Myristic\/Stearic Triglyceride, C14\u201122 Alcohols, Bis\u2011Diglyceryl Polyacyladipate\u20112, Vinyl Dimethicone, Macadamia Ternifolia Seed Oil, Hydrogenated Vegetable Oil, Panax Ginseng Root Extract, Solanum Melongena Fruit Extract, Eclipta Prostrata Extract, Ocimum Sanctum Leaf Extract, Corallina Officinalis Extract, Simmondsia Chinensis Seed Oil, Curcuma Longa (Turmeric) Root Extract, Amber Powder, Cetearyl Alcohol, Palmitic Acid, Hydrolyzed Sodium Hyaluronate, Hydroxypropyltrimonium Hyaluronate, Hydrolyzed Hyaluronic Acid, Potassium Hyaluronate, Hyaluronic Acid, Moringa Oleifera Seed Oil, Ceramide NP, Melia Azadirachta Leaf &amp; Flower Extracts, Glucose, Coccinia Indica Fruit Extract, Sodium Hyaluronate, Pentylene Glycol, Sodium DNA (PDRN), Ceramide NS, Sodium Acetylated Hyaluronate, Cholesterol, Phytosphingosine, Ceramide AS, Ceramide AP, Sodium Guaiazulene Sulfonate, Ceramide EOP, Panthenol, Betaine, Glyceryl Stearate, Polyacrylate\u201113, Stearic Acid, C12\u201120 Alkyl Glucoside, Cetearyl Glucoside, Hydrogenated Polyisobutene, Glyceryl Acrylate\/Acrylic Acid Copolymer, Polyglyceryl\u201110 Laurate, Ethylhexyl Palmitate, Sorbitan Isostearate, Guar Gum, Agar, Hydrogenated Lecithin, Carbomer, Tromethamine, Xanthan Gum, Allantoin, Adenosine, Disodium EDTA, Ethylhexylglycerin<\/p>","protected":false},"excerpt":{"rendered":"<p>VT PDRN Glow Cream ir ultra mitrino\u0161s un atjaunojo\u0161s kr\u0113ms ar \u201cglass skin\u201d (stikla \u0101das) efektu. Formula ar 100 000 ppm augu PDRN, kas ieg\u016bts no savva\u013cas \u017een\u0161e\u0146a, veicina dzi\u013cu atjauno\u0161anos, elast\u012bbas palielin\u0101\u0161anu un vesel\u012bga mirdzuma pie\u0161\u0137ir\u0161anu. Papildin\u0101ts ar zil\u0101m kapsul\u0101m ar azul\u0113nu, kas saudz\u0113 \u0101du un pie\u0161\u0137ir tai maigumu. Pateicoties tekst\u016brai bez smaguma efekta [&hellip;]<\/p>\n","protected":false},"featured_media":25099,"comment_status":"open","ping_status":"closed","template":"","meta":{"site-sidebar-layout":"default","site-content-layout":"","ast-site-content-layout":"default","site-content-style":"default","site-sidebar-style":"default","ast-global-header-display":"","ast-banner-title-visibility":"","ast-main-header-display":"","ast-hfb-above-header-display":"","ast-hfb-below-header-display":"","ast-hfb-mobile-header-display":"","site-post-title":"","ast-breadcrumbs-content":"","ast-featured-img":"","footer-sml-layout":"","theme-transparent-header-meta":"default","adv-header-id-meta":"","stick-header-meta":"","header-above-stick-meta":"","header-main-stick-meta":"","header-below-stick-meta":"","astra-migrate-meta-layouts":"set","ast-page-background-enabled":"default","ast-page-background-meta":{"desktop":{"background-color":"var(--ast-global-color-4)","background-image":"","background-repeat":"repeat","background-position":"center center","background-size":"auto","background-attachment":"scroll","background-type":"","background-media":"","overlay-type":"","overlay-color":"","overlay-opacity":"","overlay-gradient":""},"tablet":{"background-color":"","background-image":"","background-repeat":"repeat","background-position":"center center","background-size":"auto","background-attachment":"scroll","background-type":"","background-media":"","overlay-type":"","overlay-color":"","overlay-opacity":"","overlay-gradient":""},"mobile":{"background-color":"","background-image":"","background-repeat":"repeat","background-position":"center center","background-size":"auto","background-attachment":"scroll","background-type":"","background-media":"","overlay-type":"","overlay-color":"","overlay-opacity":"","overlay-gradient":""}},"ast-content-background-meta":{"desktop":{"background-color":"var(--ast-global-color-5)","background-image":"","background-repeat":"repeat","background-position":"center center","background-size":"auto","background-attachment":"scroll","background-type":"","background-media":"","overlay-type":"","overlay-color":"","overlay-opacity":"","overlay-gradient":""},"tablet":{"background-color":"var(--ast-global-color-5)","background-image":"","background-repeat":"repeat","background-position":"center center","background-size":"auto","background-attachment":"scroll","background-type":"","background-media":"","overlay-type":"","overlay-color":"","overlay-opacity":"","overlay-gradient":""},"mobile":{"background-color":"var(--ast-global-color-5)","background-image":"","background-repeat":"repeat","background-position":"center center","background-size":"auto","background-attachment":"scroll","background-type":"","background-media":"","overlay-type":"","overlay-color":"","overlay-opacity":"","overlay-gradient":""}}},"product_brand":[],"product_cat":[366,367,652,362],"product_tag":[],"berocket_brand":[582],"class_list":{"0":"post-25097","1":"product","2":"type-product","3":"status-publish","4":"has-post-thumbnail","6":"product_cat-mitrinoss","7":"product_cat-nomierinoss","8":"product_cat-pdrn","9":"product_cat-sejas-krems","10":"berocket_brand-vt","11":"desktop-align-left","12":"tablet-align-left","13":"mobile-align-left","15":"first","16":"outofstock","17":"taxable","18":"shipping-taxable","19":"purchasable","20":"product-type-simple","21":"add-to-wishlist-before_image"},"yoast_head":"<!-- This site is optimized with the Yoast SEO plugin v27.4 - https:\/\/yoast.com\/product\/yoast-seo-wordpress\/ -->\n<title>VT PDRN Glow Cream 50ml - FACECORNER<\/title>\n<meta name=\"description\" content=\"VT PDRN Glow Cream ir ultra mitrino\u0161s un atjaunojo\u0161s kr\u0113ms ar \u201cglass skin\u201d (stikla \u0101das) efektu.Formula ar 100 000 ppm augu PDRN\" \/>\n<meta name=\"robots\" content=\"index, follow, max-snippet:-1, max-image-preview:large, max-video-preview:-1\" \/>\n<link rel=\"canonical\" href=\"https:\/\/www.facecorner.lv\/ru\/shop\/vt-pdrn-glow-cream-50ml\/\" \/>\n<meta property=\"og:locale\" content=\"ru_RU\" \/>\n<meta property=\"og:type\" content=\"article\" \/>\n<meta property=\"og:title\" content=\"VT PDRN Glow Cream 50ml - FACECORNER\" \/>\n<meta property=\"og:description\" content=\"VT PDRN Glow Cream ir ultra mitrino\u0161s un atjaunojo\u0161s kr\u0113ms ar \u201cglass skin\u201d (stikla \u0101das) efektu.Formula ar 100 000 ppm augu PDRN\" \/>\n<meta property=\"og:url\" content=\"https:\/\/www.facecorner.lv\/ru\/shop\/vt-pdrn-glow-cream-50ml\/\" \/>\n<meta property=\"og:site_name\" content=\"FACECORNER\" \/>\n<meta property=\"article:publisher\" content=\"https:\/\/www.facebook.com\/profile.php?id=100063824551839\" \/>\n<meta property=\"article:modified_time\" content=\"2026-01-28T10:23:39+00:00\" \/>\n<meta property=\"og:image\" content=\"https:\/\/www.facecorner.lv\/wp-content\/uploads\/2025\/08\/1_d407d4ae-3f6f-48b0-a5bf-a78d59fd5028.webp\" \/>\n\t<meta property=\"og:image:width\" content=\"1946\" \/>\n\t<meta property=\"og:image:height\" content=\"1946\" \/>\n\t<meta property=\"og:image:type\" content=\"image\/webp\" \/>\n<meta name=\"twitter:card\" content=\"summary_large_image\" \/>\n<meta name=\"twitter:label1\" content=\"\u0426\u0435\u043d\u0430\" \/>\n\t<meta name=\"twitter:data1\" content=\"&euro;28.00\" \/>\n\t<meta name=\"twitter:label2\" content=\"\u0414\u043e\u0441\u0442\u0443\u043f\u043d\u043e\u0441\u0442\u044c\" \/>\n\t<meta name=\"twitter:data2\" content=\"\u0420\u0430\u0441\u043f\u0440\u043e\u0434\u0430\u043d\u043e\" \/>\n<script type=\"application\/ld+json\" class=\"yoast-schema-graph\">{\"@context\":\"https:\\\/\\\/schema.org\",\"@graph\":[{\"@type\":\"WebPage\",\"@id\":\"https:\\\/\\\/www.facecorner.lv\\\/shop\\\/vt-pdrn-glow-cream-50ml\\\/\",\"url\":\"https:\\\/\\\/www.facecorner.lv\\\/shop\\\/vt-pdrn-glow-cream-50ml\\\/\",\"name\":\"VT PDRN Glow Cream 50ml - FACECORNER\",\"isPartOf\":{\"@id\":\"https:\\\/\\\/www.facecorner.lv\\\/#website\"},\"primaryImageOfPage\":{\"@id\":\"https:\\\/\\\/www.facecorner.lv\\\/shop\\\/vt-pdrn-glow-cream-50ml\\\/#primaryimage\"},\"image\":{\"@id\":\"https:\\\/\\\/www.facecorner.lv\\\/shop\\\/vt-pdrn-glow-cream-50ml\\\/#primaryimage\"},\"thumbnailUrl\":\"https:\\\/\\\/www.facecorner.lv\\\/wp-content\\\/uploads\\\/2025\\\/08\\\/1_d407d4ae-3f6f-48b0-a5bf-a78d59fd5028.webp\",\"datePublished\":\"2025-08-29T11:31:12+00:00\",\"dateModified\":\"2026-01-28T10:23:39+00:00\",\"description\":\"VT PDRN Glow Cream ir ultra mitrino\u0161s un atjaunojo\u0161s kr\u0113ms ar \u201cglass skin\u201d (stikla \u0101das) efektu.Formula ar 100 000 ppm augu PDRN\",\"breadcrumb\":{\"@id\":\"https:\\\/\\\/www.facecorner.lv\\\/shop\\\/vt-pdrn-glow-cream-50ml\\\/#breadcrumb\"},\"inLanguage\":\"ru-RU\",\"potentialAction\":[{\"@type\":\"ReadAction\",\"target\":[\"https:\\\/\\\/www.facecorner.lv\\\/shop\\\/vt-pdrn-glow-cream-50ml\\\/\"]}]},{\"@type\":\"ImageObject\",\"inLanguage\":\"ru-RU\",\"@id\":\"https:\\\/\\\/www.facecorner.lv\\\/shop\\\/vt-pdrn-glow-cream-50ml\\\/#primaryimage\",\"url\":\"https:\\\/\\\/www.facecorner.lv\\\/wp-content\\\/uploads\\\/2025\\\/08\\\/1_d407d4ae-3f6f-48b0-a5bf-a78d59fd5028.webp\",\"contentUrl\":\"https:\\\/\\\/www.facecorner.lv\\\/wp-content\\\/uploads\\\/2025\\\/08\\\/1_d407d4ae-3f6f-48b0-a5bf-a78d59fd5028.webp\",\"width\":1946,\"height\":1946,\"caption\":\"VT PDRN Glow Cream\"},{\"@type\":\"BreadcrumbList\",\"@id\":\"https:\\\/\\\/www.facecorner.lv\\\/shop\\\/vt-pdrn-glow-cream-50ml\\\/#breadcrumb\",\"itemListElement\":[{\"@type\":\"ListItem\",\"position\":1,\"name\":\"Home\",\"item\":\"https:\\\/\\\/www.facecorner.lv\\\/\"},{\"@type\":\"ListItem\",\"position\":2,\"name\":\"Veikals\",\"item\":\"https:\\\/\\\/www.facecorner.lv\\\/shop\\\/\"},{\"@type\":\"ListItem\",\"position\":3,\"name\":\"VT PDRN Glow Cream 50ml\"}]},{\"@type\":\"WebSite\",\"@id\":\"https:\\\/\\\/www.facecorner.lv\\\/#website\",\"url\":\"https:\\\/\\\/www.facecorner.lv\\\/\",\"name\":\"Facecorner\",\"description\":\"\",\"publisher\":{\"@id\":\"https:\\\/\\\/www.facecorner.lv\\\/#organization\"},\"potentialAction\":[{\"@type\":\"SearchAction\",\"target\":{\"@type\":\"EntryPoint\",\"urlTemplate\":\"https:\\\/\\\/www.facecorner.lv\\\/?s={search_term_string}\"},\"query-input\":{\"@type\":\"PropertyValueSpecification\",\"valueRequired\":true,\"valueName\":\"search_term_string\"}}],\"inLanguage\":\"ru-RU\"},{\"@type\":\"Organization\",\"@id\":\"https:\\\/\\\/www.facecorner.lv\\\/#organization\",\"name\":\"Facecorner\",\"url\":\"https:\\\/\\\/www.facecorner.lv\\\/\",\"logo\":{\"@type\":\"ImageObject\",\"inLanguage\":\"ru-RU\",\"@id\":\"https:\\\/\\\/www.facecorner.lv\\\/#\\\/schema\\\/logo\\\/image\\\/\",\"url\":\"https:\\\/\\\/www.facecorner.lv\\\/wp-content\\\/uploads\\\/2024\\\/04\\\/fc-logo.jpg\",\"contentUrl\":\"https:\\\/\\\/www.facecorner.lv\\\/wp-content\\\/uploads\\\/2024\\\/04\\\/fc-logo.jpg\",\"width\":174,\"height\":28,\"caption\":\"Facecorner\"},\"image\":{\"@id\":\"https:\\\/\\\/www.facecorner.lv\\\/#\\\/schema\\\/logo\\\/image\\\/\"},\"sameAs\":[\"https:\\\/\\\/www.facebook.com\\\/profile.php?id=100063824551839\",\"https:\\\/\\\/www.instagram.com\\\/facecorner_shop\\\/\"]}]}<\/script>\n<meta property=\"product:price:amount\" content=\"28.00\" \/>\n<meta property=\"product:price:currency\" content=\"EUR\" \/>\n<meta property=\"og:availability\" content=\"out of stock\" \/>\n<meta property=\"product:availability\" content=\"out of stock\" \/>\n<meta property=\"product:condition\" content=\"new\" \/>\n<!-- \/ Yoast SEO plugin. -->","yoast_head_json":{"title":"VT PDRN Glow Cream 50ml - FACECORNER","description":"VT PDRN Glow Cream ir ultra mitrino\u0161s un atjaunojo\u0161s kr\u0113ms ar \u201cglass skin\u201d (stikla \u0101das) efektu.Formula ar 100 000 ppm augu PDRN","robots":{"index":"index","follow":"follow","max-snippet":"max-snippet:-1","max-image-preview":"max-image-preview:large","max-video-preview":"max-video-preview:-1"},"canonical":"https:\/\/www.facecorner.lv\/ru\/shop\/vt-pdrn-glow-cream-50ml\/","og_locale":"ru_RU","og_type":"article","og_title":"VT PDRN Glow Cream 50ml - FACECORNER","og_description":"VT PDRN Glow Cream ir ultra mitrino\u0161s un atjaunojo\u0161s kr\u0113ms ar \u201cglass skin\u201d (stikla \u0101das) efektu.Formula ar 100 000 ppm augu PDRN","og_url":"https:\/\/www.facecorner.lv\/ru\/shop\/vt-pdrn-glow-cream-50ml\/","og_site_name":"FACECORNER","article_publisher":"https:\/\/www.facebook.com\/profile.php?id=100063824551839","article_modified_time":"2026-01-28T10:23:39+00:00","og_image":[{"width":1946,"height":1946,"url":"https:\/\/www.facecorner.lv\/wp-content\/uploads\/2025\/08\/1_d407d4ae-3f6f-48b0-a5bf-a78d59fd5028.webp","type":"image\/webp"}],"twitter_card":"summary_large_image","twitter_misc":{"\u0426\u0435\u043d\u0430":"&euro;28.00","\u0414\u043e\u0441\u0442\u0443\u043f\u043d\u043e\u0441\u0442\u044c":"\u0420\u0430\u0441\u043f\u0440\u043e\u0434\u0430\u043d\u043e"},"schema":{"@context":"https:\/\/schema.org","@graph":[{"@type":"WebPage","@id":"https:\/\/www.facecorner.lv\/shop\/vt-pdrn-glow-cream-50ml\/","url":"https:\/\/www.facecorner.lv\/shop\/vt-pdrn-glow-cream-50ml\/","name":"VT PDRN Glow Cream 50ml - FACECORNER","isPartOf":{"@id":"https:\/\/www.facecorner.lv\/#website"},"primaryImageOfPage":{"@id":"https:\/\/www.facecorner.lv\/shop\/vt-pdrn-glow-cream-50ml\/#primaryimage"},"image":{"@id":"https:\/\/www.facecorner.lv\/shop\/vt-pdrn-glow-cream-50ml\/#primaryimage"},"thumbnailUrl":"https:\/\/www.facecorner.lv\/wp-content\/uploads\/2025\/08\/1_d407d4ae-3f6f-48b0-a5bf-a78d59fd5028.webp","datePublished":"2025-08-29T11:31:12+00:00","dateModified":"2026-01-28T10:23:39+00:00","description":"VT PDRN Glow Cream ir ultra mitrino\u0161s un atjaunojo\u0161s kr\u0113ms ar \u201cglass skin\u201d (stikla \u0101das) efektu.Formula ar 100 000 ppm augu PDRN","breadcrumb":{"@id":"https:\/\/www.facecorner.lv\/shop\/vt-pdrn-glow-cream-50ml\/#breadcrumb"},"inLanguage":"ru-RU","potentialAction":[{"@type":"ReadAction","target":["https:\/\/www.facecorner.lv\/shop\/vt-pdrn-glow-cream-50ml\/"]}]},{"@type":"ImageObject","inLanguage":"ru-RU","@id":"https:\/\/www.facecorner.lv\/shop\/vt-pdrn-glow-cream-50ml\/#primaryimage","url":"https:\/\/www.facecorner.lv\/wp-content\/uploads\/2025\/08\/1_d407d4ae-3f6f-48b0-a5bf-a78d59fd5028.webp","contentUrl":"https:\/\/www.facecorner.lv\/wp-content\/uploads\/2025\/08\/1_d407d4ae-3f6f-48b0-a5bf-a78d59fd5028.webp","width":1946,"height":1946,"caption":"VT PDRN Glow Cream"},{"@type":"BreadcrumbList","@id":"https:\/\/www.facecorner.lv\/shop\/vt-pdrn-glow-cream-50ml\/#breadcrumb","itemListElement":[{"@type":"ListItem","position":1,"name":"Home","item":"https:\/\/www.facecorner.lv\/"},{"@type":"ListItem","position":2,"name":"Veikals","item":"https:\/\/www.facecorner.lv\/shop\/"},{"@type":"ListItem","position":3,"name":"VT PDRN Glow Cream 50ml"}]},{"@type":"WebSite","@id":"https:\/\/www.facecorner.lv\/#website","url":"https:\/\/www.facecorner.lv\/","name":"Facecorner","description":"","publisher":{"@id":"https:\/\/www.facecorner.lv\/#organization"},"potentialAction":[{"@type":"SearchAction","target":{"@type":"EntryPoint","urlTemplate":"https:\/\/www.facecorner.lv\/?s={search_term_string}"},"query-input":{"@type":"PropertyValueSpecification","valueRequired":true,"valueName":"search_term_string"}}],"inLanguage":"ru-RU"},{"@type":"Organization","@id":"https:\/\/www.facecorner.lv\/#organization","name":"Facecorner","url":"https:\/\/www.facecorner.lv\/","logo":{"@type":"ImageObject","inLanguage":"ru-RU","@id":"https:\/\/www.facecorner.lv\/#\/schema\/logo\/image\/","url":"https:\/\/www.facecorner.lv\/wp-content\/uploads\/2024\/04\/fc-logo.jpg","contentUrl":"https:\/\/www.facecorner.lv\/wp-content\/uploads\/2024\/04\/fc-logo.jpg","width":174,"height":28,"caption":"Facecorner"},"image":{"@id":"https:\/\/www.facecorner.lv\/#\/schema\/logo\/image\/"},"sameAs":["https:\/\/www.facebook.com\/profile.php?id=100063824551839","https:\/\/www.instagram.com\/facecorner_shop\/"]}]},"product_price_amount":"28.00","product_price_currency":"EUR","og_availability":"out of stock","product_availability":"out of stock","product_condition":"new"},"_links":{"self":[{"href":"https:\/\/www.facecorner.lv\/ru\/wp-json\/wp\/v2\/product\/25097","targetHints":{"allow":["GET"]}}],"collection":[{"href":"https:\/\/www.facecorner.lv\/ru\/wp-json\/wp\/v2\/product"}],"about":[{"href":"https:\/\/www.facecorner.lv\/ru\/wp-json\/wp\/v2\/types\/product"}],"replies":[{"embeddable":true,"href":"https:\/\/www.facecorner.lv\/ru\/wp-json\/wp\/v2\/comments?post=25097"}],"wp:featuredmedia":[{"embeddable":true,"href":"https:\/\/www.facecorner.lv\/ru\/wp-json\/wp\/v2\/media\/25099"}],"wp:attachment":[{"href":"https:\/\/www.facecorner.lv\/ru\/wp-json\/wp\/v2\/media?parent=25097"}],"wp:term":[{"taxonomy":"product_brand","embeddable":true,"href":"https:\/\/www.facecorner.lv\/ru\/wp-json\/wp\/v2\/product_brand?post=25097"},{"taxonomy":"product_cat","embeddable":true,"href":"https:\/\/www.facecorner.lv\/ru\/wp-json\/wp\/v2\/product_cat?post=25097"},{"taxonomy":"product_tag","embeddable":true,"href":"https:\/\/www.facecorner.lv\/ru\/wp-json\/wp\/v2\/product_tag?post=25097"},{"taxonomy":"berocket_brand","embeddable":true,"href":"https:\/\/www.facecorner.lv\/ru\/wp-json\/wp\/v2\/berocket_brand?post=25097"}],"curies":[{"name":"wp","href":"https:\/\/api.w.org\/{rel}","templated":true}]}}