{"id":25094,"date":"2025-08-29T14:18:57","date_gmt":"2025-08-29T11:18:57","guid":{"rendered":"https:\/\/www.facecorner.lv\/?post_type=product&#038;p=25094"},"modified":"2025-11-23T21:53:24","modified_gmt":"2025-11-23T18:53:24","slug":"medicube-kojic-acid-turmeric-resurfacing-toner-250ml","status":"publish","type":"product","link":"https:\/\/www.facecorner.lv\/ru\/shop\/medicube-kojic-acid-turmeric-resurfacing-toner-250ml\/","title":{"rendered":"Medicube Kojic Acid Turmeric Resurfacing Toner 250ml"},"content":{"rendered":"<p>Medicube Kojic Acid Turmeric Resurfacing Toner\u00a0  \u042d\u0442\u043e\u0442 \u0442\u043e\u043d\u0435\u0440 \u043e\u0442 Medicube \u0441\u043e\u0447\u0435\u0442\u0430\u0435\u0442 \u0434\u0432\u0430 \u043c\u043e\u0449\u043d\u044b\u0445 \u043d\u0430\u0442\u0443\u0440\u0430\u043b\u044c\u043d\u044b\u0445 \u0438\u043d\u0433\u0440\u0435\u0434\u0438\u0435\u043d\u0442\u0430 \u2014 \u0430\u0446\u0438\u0434 \u043a\u043e\u0439\u043a (kojic acid) \u0438 \u044d\u043a\u0441\u0442\u0440\u0430\u043a\u0442 \u043a\u0443\u0440\u043a\u0443\u043c\u044b (turmeric root extract).<\/p>\n<p>\u041e\u043d \u043c\u044f\u0433\u043a\u043e \u0443\u0434\u0430\u043b\u044f\u0435\u0442 \u043e\u043c\u0435\u0440\u0442\u0432\u0435\u0432\u0448\u0438\u0435 \u043a\u043b\u0435\u0442\u043a\u0438, \u043e\u0441\u0432\u0435\u0442\u043b\u044f\u0435\u0442 \u043f\u0438\u0433\u043c\u0435\u043d\u0442\u043d\u044b\u0435 \u043f\u044f\u0442\u043d\u0430 \u0438 \u043f\u0440\u0438\u0434\u0430\u0435\u0442 \u043a\u043e\u0436\u0435 \u0440\u043e\u0432\u043d\u044b\u0439, \u0441\u0438\u044f\u044e\u0449\u0438\u0439 \u043e\u0442\u0442\u0435\u043d\u043e\u043a, \u043d\u0435 \u0432\u044b\u0437\u044b\u0432\u0430\u044f \u0440\u0430\u0437\u0434\u0440\u0430\u0436\u0435\u043d\u0438\u044f. \u0411\u043b\u0430\u0433\u043e\u0434\u0430\u0440\u044f \u043b\u0435\u0433\u043a\u043e\u0439 \u0442\u0435\u043a\u0441\u0442\u0443\u0440\u0435, \u0442\u043e\u043d\u0435\u0440 \u0433\u043b\u0443\u0431\u043e\u043a\u043e \u0443\u0432\u043b\u0430\u0436\u043d\u044f\u0435\u0442 \u0438 \u043f\u043e\u0434\u0433\u043e\u0442\u0430\u0432\u043b\u0438\u0432\u0430\u0435\u0442 \u043a\u043e\u0436\u0443 \u043a \u0441\u043b\u0435\u0434\u0443\u044e\u0449\u0438\u043c \u044d\u0442\u0430\u043f\u0430\u043c \u0443\u0445\u043e\u0434\u0430.<\/p>\n<ul>\n<li>Kojic Acid (\u043a\u043e\u0441\u043c\u0435\u0442\u0438\u0447\u0435\u0441\u043a\u0430\u044f \u043a\u043e\u0439\u0435\u0432\u0430\u044f \u043a\u0438\u0441\u043b\u043e\u0442\u0430, 100\u202fppm)<br \/>\n\u042d\u0444\u0444\u0435\u043a\u0442\u0438\u0432\u043d\u043e \u0431\u043b\u043e\u043a\u0438\u0440\u0443\u0435\u0442 \u0441\u0438\u043d\u0442\u0435\u0437 \u043c\u0435\u043b\u0430\u043d\u0438\u043d\u0430, \u043f\u043e\u043c\u043e\u0433\u0430\u0435\u0442 \u0443\u043c\u0435\u043d\u044c\u0448\u0438\u0442\u044c \u0442\u0451\u043c\u043d\u044b\u0435 \u043f\u044f\u0442\u043d\u0430 \u0438 \u043f\u0438\u0433\u043c\u0435\u043d\u0442\u0430\u0446\u0438\u044e, \u043e\u0441\u0432\u0435\u0442\u043b\u044f\u0435\u0442 \u0442\u043e\u043d \u043b\u0438\u0446\u0430.<\/li>\n<li>Curcuma Longa Root Extract (\u044d\u043a\u0441\u0442\u0440\u0430\u043a\u0442 \u043a\u0443\u0440\u043a\u0443\u043c\u044b, 1000\u202fppm)<br \/>\n\u041c\u043e\u0449\u043d\u044b\u0439 \u0430\u043d\u0442\u0438\u043e\u043a\u0441\u0438\u0434\u0430\u043d\u0442 \u0438 \u043f\u0440\u043e\u0442\u0438\u0432\u043e\u0432\u043e\u0441\u043f\u0430\u043b\u0438\u0442\u0435\u043b\u044c\u043d\u044b\u0439 \u0430\u0433\u0435\u043d\u0442 \u2014 \u0443\u043c\u0435\u043d\u044c\u0448\u0430\u0435\u0442 \u0440\u0430\u0437\u0434\u0440\u0430\u0436\u0435\u043d\u0438\u044f, \u0432\u044b\u0440\u0430\u0432\u043d\u0438\u0432\u0430\u0435\u0442 \u0442\u043e\u043d, \u043f\u0440\u0438\u0434\u0430\u0435\u0442 \u043a\u043e\u0436\u0435 \u0437\u0434\u043e\u0440\u043e\u0432\u044b\u0439 \u0446\u0432\u0435\u0442.<\/li>\n<li>Niacinamide (\u043d\u0438\u0430\u0446\u0438\u043d\u0430\u043c\u0438\u0434\/B3)<br \/>\n\u0423\u0441\u0438\u043b\u0438\u0432\u0430\u0435\u0442 \u0437\u0430\u0449\u0438\u0442\u043d\u044b\u0439 \u0431\u0430\u0440\u044c\u0435\u0440 \u043a\u043e\u0436\u0438, \u0432\u044b\u0440\u0430\u0432\u043d\u0438\u0432\u0430\u0435\u0442 \u0442\u043e\u043d, \u0443\u043c\u0435\u043d\u044c\u0448\u0430\u0435\u0442 \u0432\u043e\u0441\u043f\u0430\u043b\u0435\u043d\u0438\u044f \u0438 \u0434\u0435\u043b\u0430\u0435\u0442 \u0442\u0435\u043a\u0441\u0442\u0443\u0440\u0443 \u0431\u043e\u043b\u0435\u0435 \u0433\u043b\u0430\u0434\u043a\u043e\u0439.<\/li>\n<li>\u0413\u0438\u0430\u043b\u0443\u0440\u043e\u043d\u043e\u0432\u0430\u044f \u043a\u0438\u0441\u043b\u043e\u0442\u0430 (Hyaluronic Acid complex)<br \/>\n\u0418\u043d\u0442\u0435\u043d\u0441\u0438\u0432\u043d\u043e \u0443\u0432\u043b\u0430\u0436\u043d\u044f\u0435\u0442, \u043f\u0440\u0438\u0442\u044f\u0433\u0438\u0432\u0430\u0435\u0442 \u0432\u043b\u0430\u0433\u0443 \u0438 \u0441\u043e\u0445\u0440\u0430\u043d\u044f\u0435\u0442 \u0435\u0435 \u0432 \u0433\u043b\u0443\u0431\u043e\u043a\u0438\u0445 \u0441\u043b\u043e\u044f\u0445 \u043a\u043e\u0436\u0438.<\/li>\n<\/ul>\n<p><strong>\u0421\u043f\u043e\u0441\u043e\u0431 \u043f\u0440\u0438\u043c\u0435\u043d\u0435\u043d\u0438\u044f:<\/strong>\u041d\u0430\u043d\u043e\u0441\u0438\u0442\u0435 \u043f\u043e\u0441\u043b\u0435 \u043e\u0447\u0438\u0449\u0435\u043d\u0438\u044f \u043a\u043e\u0436\u0438, \u0441 \u043f\u043e\u043c\u043e\u0449\u044c\u044e \u0432\u0430\u0442\u043d\u043e\u0433\u043e \u0434\u0438\u0441\u043a\u0430 \u0438\u043b\u0438 \u043b\u0430\u0434\u043e\u043d\u044f\u043c\u0438, \u0430\u043a\u043a\u0443\u0440\u0430\u0442\u043d\u043e \u0440\u0430\u0437\u0433\u043b\u0430\u0436\u0438\u0432\u0430\u044f \u043f\u043e \u043b\u0438\u0446\u0443. \u0418\u0441\u043f\u043e\u043b\u044c\u0437\u0443\u0439\u0442\u0435 \u0435\u0436\u0435\u0434\u043d\u0435\u0432\u043d\u043e \u2014\u202f\u0443\u0442\u0440\u043e\u043c \u0438 \u0432\u0435\u0447\u0435\u0440\u043e\u043c. \u0423\u0442\u0440\u043e\u043c \u043e\u0431\u044f\u0437\u0430\u0442\u0435\u043b\u044c\u043d\u043e \u0434\u043e\u043f\u043e\u043b\u043d\u0438\u0442\u0435 \u0443\u0445\u043e\u0434 SPF-\u0437\u0430\u0449\u0438\u0442\u043e\u0439 \u0434\u043b\u044f \u0441\u043e\u0445\u0440\u0430\u043d\u0435\u043d\u0438\u044f \u0440\u0435\u0437\u0443\u043b\u044c\u0442\u0430\u0442\u043e\u0432 \u0438 \u043f\u0440\u0435\u0434\u043e\u0442\u0432\u0440\u0430\u0449\u0435\u043d\u0438\u044f \u043f\u0438\u0433\u043c\u0435\u043d\u0442\u0430\u0446\u0438\u0438<\/p>\n<p><strong>\u0421\u043e\u0441\u0442\u0430\u0432:<\/strong> <span style=\"font-size: 16px;\">Water, Glycerin, Methylpropanediol, Acrylates\/Ethylhexyl Acrylate Copolymer, Niacinamide, Chondrus Crispus Powder, 1,2-Hexanediol, Betaine, Ceratonia Siliqua (Carob) Gum, Hydroxyacetophenone, Allantoin, Glucomannan, Xanthan Gum, Laureth-21, Polyglyceryl-10 Laurate, Propanediol, Cellulose Gum, Cyamopsis Tetragonoloba (Guar) Gum, Fragrance, Potassium Chloride, Curcuma Longa (Turmeric) Root Extract, Lactobacillus Ferment, Melia Azadirachta Flower Extract, Dextrin, Ocimum Sanctum Leaf Extract, Adenosine, Ethylhexylglycerin, Melia Azadirachta Leaf Extract, Butylene Glycol, Corallina Officinalis Extract, Ascorbic Acid, Hydrolyzed Collagen, Kojic Acid, Tocopherol, Linoleic Acid, Ceramide NP, Retinol<\/span><\/p>","protected":false},"excerpt":{"rendered":"<p>Medicube Kojic Acid Turmeric Resurfacing Toner\u00a0  \u042d\u0442\u043e\u0442 \u0442\u043e\u043d\u0435\u0440 \u043e\u0442 Medicube \u0441\u043e\u0447\u0435\u0442\u0430\u0435\u0442 \u0434\u0432\u0430 \u043c\u043e\u0449\u043d\u044b\u0445 \u043d\u0430\u0442\u0443\u0440\u0430\u043b\u044c\u043d\u044b\u0445 \u0438\u043d\u0433\u0440\u0435\u0434\u0438\u0435\u043d\u0442\u0430 \u2014 \u0430\u0446\u0438\u0434 \u043a\u043e\u0439\u043a (kojic acid) \u0438 \u044d\u043a\u0441\u0442\u0440\u0430\u043a\u0442 \u043a\u0443\u0440\u043a\u0443\u043c\u044b (turmeric root extract).<\/p>","protected":false},"featured_media":25095,"comment_status":"open","ping_status":"closed","template":"","meta":{"site-sidebar-layout":"default","site-content-layout":"","ast-site-content-layout":"default","site-content-style":"default","site-sidebar-style":"default","ast-global-header-display":"","ast-banner-title-visibility":"","ast-main-header-display":"","ast-hfb-above-header-display":"","ast-hfb-below-header-display":"","ast-hfb-mobile-header-display":"","site-post-title":"","ast-breadcrumbs-content":"","ast-featured-img":"","footer-sml-layout":"","theme-transparent-header-meta":"default","adv-header-id-meta":"","stick-header-meta":"","header-above-stick-meta":"","header-main-stick-meta":"","header-below-stick-meta":"","astra-migrate-meta-layouts":"set","ast-page-background-enabled":"default","ast-page-background-meta":{"desktop":{"background-color":"var(--ast-global-color-4)","background-image":"","background-repeat":"repeat","background-position":"center center","background-size":"auto","background-attachment":"scroll","background-type":"","background-media":"","overlay-type":"","overlay-color":"","overlay-opacity":"","overlay-gradient":""},"tablet":{"background-color":"","background-image":"","background-repeat":"repeat","background-position":"center center","background-size":"auto","background-attachment":"scroll","background-type":"","background-media":"","overlay-type":"","overlay-color":"","overlay-opacity":"","overlay-gradient":""},"mobile":{"background-color":"","background-image":"","background-repeat":"repeat","background-position":"center center","background-size":"auto","background-attachment":"scroll","background-type":"","background-media":"","overlay-type":"","overlay-color":"","overlay-opacity":"","overlay-gradient":""}},"ast-content-background-meta":{"desktop":{"background-color":"var(--ast-global-color-5)","background-image":"","background-repeat":"repeat","background-position":"center center","background-size":"auto","background-attachment":"scroll","background-type":"","background-media":"","overlay-type":"","overlay-color":"","overlay-opacity":"","overlay-gradient":""},"tablet":{"background-color":"var(--ast-global-color-5)","background-image":"","background-repeat":"repeat","background-position":"center center","background-size":"auto","background-attachment":"scroll","background-type":"","background-media":"","overlay-type":"","overlay-color":"","overlay-opacity":"","overlay-gradient":""},"mobile":{"background-color":"var(--ast-global-color-5)","background-image":"","background-repeat":"repeat","background-position":"center center","background-size":"auto","background-attachment":"scroll","background-type":"","background-media":"","overlay-type":"","overlay-color":"","overlay-opacity":"","overlay-gradient":""}}},"product_brand":[],"product_cat":[377,364,376],"product_tag":[],"berocket_brand":[579],"class_list":{"0":"post-25094","1":"product","2":"type-product","3":"status-publish","4":"has-post-thumbnail","6":"product_cat-problematiskai-adai-toneri","7":"product_cat-toneri","8":"product_cat-kombinetai-adai-toneri","9":"berocket_brand-medicube","10":"desktop-align-left","11":"tablet-align-left","12":"mobile-align-left","14":"first","15":"instock","16":"taxable","17":"shipping-taxable","18":"purchasable","19":"product-type-simple","20":"add-to-wishlist-before_image"},"yoast_head":"<!-- This site is optimized with the Yoast SEO plugin v27.4 - https:\/\/yoast.com\/product\/yoast-seo-wordpress\/ -->\n<title>Medicube Kojic Acid Turmeric Resurfacing Toner 250ml - FACECORNER<\/title>\n<meta name=\"description\" content=\"Medicube Kojic Acid Turmeric Resurfacing Toner\u00a0 toniks apvieno divas sp\u0113c\u012bgas dabiskas sast\u0101vda\u013cas \u2014 kojic acid un kurkumas sak\u0146u ekstraktu.\" \/>\n<meta name=\"robots\" content=\"index, follow, max-snippet:-1, max-image-preview:large, max-video-preview:-1\" \/>\n<link rel=\"canonical\" href=\"https:\/\/www.facecorner.lv\/ru\/shop\/medicube-kojic-acid-turmeric-resurfacing-toner-250ml\/\" \/>\n<meta property=\"og:locale\" content=\"ru_RU\" \/>\n<meta property=\"og:type\" content=\"article\" \/>\n<meta property=\"og:title\" content=\"Medicube Kojic Acid Turmeric Resurfacing Toner 250ml - FACECORNER\" \/>\n<meta property=\"og:description\" content=\"Medicube Kojic Acid Turmeric Resurfacing Toner\u00a0 toniks apvieno divas sp\u0113c\u012bgas dabiskas sast\u0101vda\u013cas \u2014 kojic acid un kurkumas sak\u0146u ekstraktu.\" \/>\n<meta property=\"og:url\" content=\"https:\/\/www.facecorner.lv\/ru\/shop\/medicube-kojic-acid-turmeric-resurfacing-toner-250ml\/\" \/>\n<meta property=\"og:site_name\" content=\"FACECORNER\" \/>\n<meta property=\"article:publisher\" content=\"https:\/\/www.facebook.com\/profile.php?id=100063824551839\" \/>\n<meta property=\"article:modified_time\" content=\"2025-11-23T18:53:24+00:00\" \/>\n<meta property=\"og:image\" content=\"https:\/\/www.facecorner.lv\/wp-content\/uploads\/2025\/08\/product_images_1751371633.2025-07-011236421751675800.webp\" \/>\n\t<meta property=\"og:image:width\" content=\"629\" \/>\n\t<meta property=\"og:image:height\" content=\"781\" \/>\n\t<meta property=\"og:image:type\" content=\"image\/webp\" \/>\n<meta name=\"twitter:card\" content=\"summary_large_image\" \/>\n<meta name=\"twitter:label1\" content=\"\u0426\u0435\u043d\u0430\" \/>\n\t<meta name=\"twitter:data1\" content=\"&euro;28.00\" \/>\n\t<meta name=\"twitter:label2\" content=\"\u0414\u043e\u0441\u0442\u0443\u043f\u043d\u043e\u0441\u0442\u044c\" \/>\n\t<meta name=\"twitter:data2\" content=\"\u0412 \u043d\u0430\u043b\u0438\u0447\u0438\u0438\" \/>\n<script type=\"application\/ld+json\" class=\"yoast-schema-graph\">{\"@context\":\"https:\\\/\\\/schema.org\",\"@graph\":[{\"@type\":\"WebPage\",\"@id\":\"https:\\\/\\\/www.facecorner.lv\\\/shop\\\/medicube-kojic-acid-turmeric-resurfacing-toner-250ml\\\/\",\"url\":\"https:\\\/\\\/www.facecorner.lv\\\/shop\\\/medicube-kojic-acid-turmeric-resurfacing-toner-250ml\\\/\",\"name\":\"Medicube Kojic Acid Turmeric Resurfacing Toner 250ml - FACECORNER\",\"isPartOf\":{\"@id\":\"https:\\\/\\\/www.facecorner.lv\\\/#website\"},\"primaryImageOfPage\":{\"@id\":\"https:\\\/\\\/www.facecorner.lv\\\/shop\\\/medicube-kojic-acid-turmeric-resurfacing-toner-250ml\\\/#primaryimage\"},\"image\":{\"@id\":\"https:\\\/\\\/www.facecorner.lv\\\/shop\\\/medicube-kojic-acid-turmeric-resurfacing-toner-250ml\\\/#primaryimage\"},\"thumbnailUrl\":\"https:\\\/\\\/www.facecorner.lv\\\/wp-content\\\/uploads\\\/2025\\\/08\\\/product_images_1751371633.2025-07-011236421751675800.webp\",\"datePublished\":\"2025-08-29T11:18:57+00:00\",\"dateModified\":\"2025-11-23T18:53:24+00:00\",\"description\":\"Medicube Kojic Acid Turmeric Resurfacing Toner\u00a0 toniks apvieno divas sp\u0113c\u012bgas dabiskas sast\u0101vda\u013cas \u2014 kojic acid un kurkumas sak\u0146u ekstraktu.\",\"breadcrumb\":{\"@id\":\"https:\\\/\\\/www.facecorner.lv\\\/shop\\\/medicube-kojic-acid-turmeric-resurfacing-toner-250ml\\\/#breadcrumb\"},\"inLanguage\":\"ru-RU\",\"potentialAction\":[{\"@type\":\"ReadAction\",\"target\":[\"https:\\\/\\\/www.facecorner.lv\\\/shop\\\/medicube-kojic-acid-turmeric-resurfacing-toner-250ml\\\/\"]}]},{\"@type\":\"ImageObject\",\"inLanguage\":\"ru-RU\",\"@id\":\"https:\\\/\\\/www.facecorner.lv\\\/shop\\\/medicube-kojic-acid-turmeric-resurfacing-toner-250ml\\\/#primaryimage\",\"url\":\"https:\\\/\\\/www.facecorner.lv\\\/wp-content\\\/uploads\\\/2025\\\/08\\\/product_images_1751371633.2025-07-011236421751675800.webp\",\"contentUrl\":\"https:\\\/\\\/www.facecorner.lv\\\/wp-content\\\/uploads\\\/2025\\\/08\\\/product_images_1751371633.2025-07-011236421751675800.webp\",\"width\":629,\"height\":781,\"caption\":\"Medicube Kojic Acid Turmeric Resurfacing Toner\"},{\"@type\":\"BreadcrumbList\",\"@id\":\"https:\\\/\\\/www.facecorner.lv\\\/shop\\\/medicube-kojic-acid-turmeric-resurfacing-toner-250ml\\\/#breadcrumb\",\"itemListElement\":[{\"@type\":\"ListItem\",\"position\":1,\"name\":\"Home\",\"item\":\"https:\\\/\\\/www.facecorner.lv\\\/\"},{\"@type\":\"ListItem\",\"position\":2,\"name\":\"Veikals\",\"item\":\"https:\\\/\\\/www.facecorner.lv\\\/shop\\\/\"},{\"@type\":\"ListItem\",\"position\":3,\"name\":\"Medicube Kojic Acid Turmeric Resurfacing Toner 250ml\"}]},{\"@type\":\"WebSite\",\"@id\":\"https:\\\/\\\/www.facecorner.lv\\\/#website\",\"url\":\"https:\\\/\\\/www.facecorner.lv\\\/\",\"name\":\"Facecorner\",\"description\":\"\",\"publisher\":{\"@id\":\"https:\\\/\\\/www.facecorner.lv\\\/#organization\"},\"potentialAction\":[{\"@type\":\"SearchAction\",\"target\":{\"@type\":\"EntryPoint\",\"urlTemplate\":\"https:\\\/\\\/www.facecorner.lv\\\/?s={search_term_string}\"},\"query-input\":{\"@type\":\"PropertyValueSpecification\",\"valueRequired\":true,\"valueName\":\"search_term_string\"}}],\"inLanguage\":\"ru-RU\"},{\"@type\":\"Organization\",\"@id\":\"https:\\\/\\\/www.facecorner.lv\\\/#organization\",\"name\":\"Facecorner\",\"url\":\"https:\\\/\\\/www.facecorner.lv\\\/\",\"logo\":{\"@type\":\"ImageObject\",\"inLanguage\":\"ru-RU\",\"@id\":\"https:\\\/\\\/www.facecorner.lv\\\/#\\\/schema\\\/logo\\\/image\\\/\",\"url\":\"https:\\\/\\\/www.facecorner.lv\\\/wp-content\\\/uploads\\\/2024\\\/04\\\/fc-logo.jpg\",\"contentUrl\":\"https:\\\/\\\/www.facecorner.lv\\\/wp-content\\\/uploads\\\/2024\\\/04\\\/fc-logo.jpg\",\"width\":174,\"height\":28,\"caption\":\"Facecorner\"},\"image\":{\"@id\":\"https:\\\/\\\/www.facecorner.lv\\\/#\\\/schema\\\/logo\\\/image\\\/\"},\"sameAs\":[\"https:\\\/\\\/www.facebook.com\\\/profile.php?id=100063824551839\",\"https:\\\/\\\/www.instagram.com\\\/facecorner_shop\\\/\"]}]}<\/script>\n<meta property=\"product:price:amount\" content=\"28.00\" \/>\n<meta property=\"product:price:currency\" content=\"EUR\" \/>\n<meta property=\"og:availability\" content=\"instock\" \/>\n<meta property=\"product:availability\" content=\"instock\" \/>\n<meta property=\"product:condition\" content=\"new\" \/>\n<!-- \/ Yoast SEO plugin. -->","yoast_head_json":{"title":"Medicube Kojic Acid Turmeric Resurfacing Toner 250ml - FACECORNER","description":"Medicube Kojic Acid Turmeric Resurfacing Toner\u00a0  \u042d\u0442\u043e\u0442 \u0442\u043e\u043d\u0435\u0440 \u043e\u0442 Medicube \u0441\u043e\u0447\u0435\u0442\u0430\u0435\u0442 \u0434\u0432\u0430 \u043c\u043e\u0449\u043d\u044b\u0445 \u043d\u0430\u0442\u0443\u0440\u0430\u043b\u044c\u043d\u044b\u0445 \u0438\u043d\u0433\u0440\u0435\u0434\u0438\u0435\u043d\u0442\u0430 \u2014 \u0430\u0446\u0438\u0434 \u043a\u043e\u0439\u043a (kojic acid) \u0438 \u044d\u043a\u0441\u0442\u0440\u0430\u043a\u0442 \u043a\u0443\u0440\u043a\u0443\u043c\u044b (turmeric root extract).","robots":{"index":"index","follow":"follow","max-snippet":"max-snippet:-1","max-image-preview":"max-image-preview:large","max-video-preview":"max-video-preview:-1"},"canonical":"https:\/\/www.facecorner.lv\/ru\/shop\/medicube-kojic-acid-turmeric-resurfacing-toner-250ml\/","og_locale":"ru_RU","og_type":"article","og_title":"Medicube Kojic Acid Turmeric Resurfacing Toner 250ml - FACECORNER","og_description":"Medicube Kojic Acid Turmeric Resurfacing Toner\u00a0 toniks apvieno divas sp\u0113c\u012bgas dabiskas sast\u0101vda\u013cas \u2014 kojic acid un kurkumas sak\u0146u ekstraktu.","og_url":"https:\/\/www.facecorner.lv\/ru\/shop\/medicube-kojic-acid-turmeric-resurfacing-toner-250ml\/","og_site_name":"FACECORNER","article_publisher":"https:\/\/www.facebook.com\/profile.php?id=100063824551839","article_modified_time":"2025-11-23T18:53:24+00:00","og_image":[{"width":629,"height":781,"url":"https:\/\/www.facecorner.lv\/wp-content\/uploads\/2025\/08\/product_images_1751371633.2025-07-011236421751675800.webp","type":"image\/webp"}],"twitter_card":"summary_large_image","twitter_misc":{"\u0426\u0435\u043d\u0430":"&euro;28.00","\u0414\u043e\u0441\u0442\u0443\u043f\u043d\u043e\u0441\u0442\u044c":"\u0412 \u043d\u0430\u043b\u0438\u0447\u0438\u0438"},"schema":{"@context":"https:\/\/schema.org","@graph":[{"@type":"WebPage","@id":"https:\/\/www.facecorner.lv\/shop\/medicube-kojic-acid-turmeric-resurfacing-toner-250ml\/","url":"https:\/\/www.facecorner.lv\/shop\/medicube-kojic-acid-turmeric-resurfacing-toner-250ml\/","name":"Medicube Kojic Acid Turmeric Resurfacing Toner 250ml - FACECORNER","isPartOf":{"@id":"https:\/\/www.facecorner.lv\/#website"},"primaryImageOfPage":{"@id":"https:\/\/www.facecorner.lv\/shop\/medicube-kojic-acid-turmeric-resurfacing-toner-250ml\/#primaryimage"},"image":{"@id":"https:\/\/www.facecorner.lv\/shop\/medicube-kojic-acid-turmeric-resurfacing-toner-250ml\/#primaryimage"},"thumbnailUrl":"https:\/\/www.facecorner.lv\/wp-content\/uploads\/2025\/08\/product_images_1751371633.2025-07-011236421751675800.webp","datePublished":"2025-08-29T11:18:57+00:00","dateModified":"2025-11-23T18:53:24+00:00","description":"Medicube Kojic Acid Turmeric Resurfacing Toner\u00a0  \u042d\u0442\u043e\u0442 \u0442\u043e\u043d\u0435\u0440 \u043e\u0442 Medicube \u0441\u043e\u0447\u0435\u0442\u0430\u0435\u0442 \u0434\u0432\u0430 \u043c\u043e\u0449\u043d\u044b\u0445 \u043d\u0430\u0442\u0443\u0440\u0430\u043b\u044c\u043d\u044b\u0445 \u0438\u043d\u0433\u0440\u0435\u0434\u0438\u0435\u043d\u0442\u0430 \u2014 \u0430\u0446\u0438\u0434 \u043a\u043e\u0439\u043a (kojic acid) \u0438 \u044d\u043a\u0441\u0442\u0440\u0430\u043a\u0442 \u043a\u0443\u0440\u043a\u0443\u043c\u044b (turmeric root extract).","breadcrumb":{"@id":"https:\/\/www.facecorner.lv\/shop\/medicube-kojic-acid-turmeric-resurfacing-toner-250ml\/#breadcrumb"},"inLanguage":"ru-RU","potentialAction":[{"@type":"ReadAction","target":["https:\/\/www.facecorner.lv\/shop\/medicube-kojic-acid-turmeric-resurfacing-toner-250ml\/"]}]},{"@type":"ImageObject","inLanguage":"ru-RU","@id":"https:\/\/www.facecorner.lv\/shop\/medicube-kojic-acid-turmeric-resurfacing-toner-250ml\/#primaryimage","url":"https:\/\/www.facecorner.lv\/wp-content\/uploads\/2025\/08\/product_images_1751371633.2025-07-011236421751675800.webp","contentUrl":"https:\/\/www.facecorner.lv\/wp-content\/uploads\/2025\/08\/product_images_1751371633.2025-07-011236421751675800.webp","width":629,"height":781,"caption":"Medicube Kojic Acid Turmeric Resurfacing Toner"},{"@type":"BreadcrumbList","@id":"https:\/\/www.facecorner.lv\/shop\/medicube-kojic-acid-turmeric-resurfacing-toner-250ml\/#breadcrumb","itemListElement":[{"@type":"ListItem","position":1,"name":"Home","item":"https:\/\/www.facecorner.lv\/"},{"@type":"ListItem","position":2,"name":"Veikals","item":"https:\/\/www.facecorner.lv\/shop\/"},{"@type":"ListItem","position":3,"name":"Medicube Kojic Acid Turmeric Resurfacing Toner 250ml"}]},{"@type":"WebSite","@id":"https:\/\/www.facecorner.lv\/#website","url":"https:\/\/www.facecorner.lv\/","name":"Facecorner","description":"","publisher":{"@id":"https:\/\/www.facecorner.lv\/#organization"},"potentialAction":[{"@type":"SearchAction","target":{"@type":"EntryPoint","urlTemplate":"https:\/\/www.facecorner.lv\/?s={search_term_string}"},"query-input":{"@type":"PropertyValueSpecification","valueRequired":true,"valueName":"search_term_string"}}],"inLanguage":"ru-RU"},{"@type":"Organization","@id":"https:\/\/www.facecorner.lv\/#organization","name":"Facecorner","url":"https:\/\/www.facecorner.lv\/","logo":{"@type":"ImageObject","inLanguage":"ru-RU","@id":"https:\/\/www.facecorner.lv\/#\/schema\/logo\/image\/","url":"https:\/\/www.facecorner.lv\/wp-content\/uploads\/2024\/04\/fc-logo.jpg","contentUrl":"https:\/\/www.facecorner.lv\/wp-content\/uploads\/2024\/04\/fc-logo.jpg","width":174,"height":28,"caption":"Facecorner"},"image":{"@id":"https:\/\/www.facecorner.lv\/#\/schema\/logo\/image\/"},"sameAs":["https:\/\/www.facebook.com\/profile.php?id=100063824551839","https:\/\/www.instagram.com\/facecorner_shop\/"]}]},"product_price_amount":"28.00","product_price_currency":"EUR","og_availability":"instock","product_availability":"instock","product_condition":"new"},"_links":{"self":[{"href":"https:\/\/www.facecorner.lv\/ru\/wp-json\/wp\/v2\/product\/25094","targetHints":{"allow":["GET"]}}],"collection":[{"href":"https:\/\/www.facecorner.lv\/ru\/wp-json\/wp\/v2\/product"}],"about":[{"href":"https:\/\/www.facecorner.lv\/ru\/wp-json\/wp\/v2\/types\/product"}],"replies":[{"embeddable":true,"href":"https:\/\/www.facecorner.lv\/ru\/wp-json\/wp\/v2\/comments?post=25094"}],"wp:featuredmedia":[{"embeddable":true,"href":"https:\/\/www.facecorner.lv\/ru\/wp-json\/wp\/v2\/media\/25095"}],"wp:attachment":[{"href":"https:\/\/www.facecorner.lv\/ru\/wp-json\/wp\/v2\/media?parent=25094"}],"wp:term":[{"taxonomy":"product_brand","embeddable":true,"href":"https:\/\/www.facecorner.lv\/ru\/wp-json\/wp\/v2\/product_brand?post=25094"},{"taxonomy":"product_cat","embeddable":true,"href":"https:\/\/www.facecorner.lv\/ru\/wp-json\/wp\/v2\/product_cat?post=25094"},{"taxonomy":"product_tag","embeddable":true,"href":"https:\/\/www.facecorner.lv\/ru\/wp-json\/wp\/v2\/product_tag?post=25094"},{"taxonomy":"berocket_brand","embeddable":true,"href":"https:\/\/www.facecorner.lv\/ru\/wp-json\/wp\/v2\/berocket_brand?post=25094"}],"curies":[{"name":"wp","href":"https:\/\/api.w.org\/{rel}","templated":true}]}}