{"id":25038,"date":"2025-08-18T22:12:29","date_gmt":"2025-08-18T19:12:29","guid":{"rendered":"https:\/\/www.facecorner.lv\/?post_type=product&#038;p=25038"},"modified":"2026-04-20T14:27:30","modified_gmt":"2026-04-20T11:27:30","slug":"rejuran-perfect-healing-v-tighter","status":"publish","type":"product","link":"https:\/\/www.facecorner.lv\/ru\/shop\/rejuran-perfect-healing-v-tighter\/","title":{"rendered":"Rejuran Perfect Healing V Tighter"},"content":{"rendered":"<p>\u0412\u043e\u0441\u0441\u0442\u0430\u043d\u0430\u0432\u043b\u0438\u0432\u0430\u044e\u0449\u0430\u044f \u0442\u043a\u0430\u043d\u0435\u0432\u0430\u044f \u043c\u0430\u0441\u043a\u0430 Rejuran Perfect Healing V Tighter \u044d\u0444\u0444\u0435\u043a\u0442\u0438\u0432\u043d\u043e \u043f\u043e\u0434\u0434\u0435\u0440\u0436\u0438\u0432\u0430\u0435\u0442 \u043a\u0440\u0430\u0441\u043e\u0442\u0443 \u0438 \u043c\u043e\u043b\u043e\u0434\u043e\u0441\u0442\u044c \u043a\u043e\u0436\u0438 \u043b\u0438\u0446\u0430.<\/p>\n<p>\u0423\u043d\u0438\u043a\u0430\u043b\u044c\u043d\u0430\u044f \u0444\u043e\u0440\u043c\u0430 \u043c\u0430\u0441\u043a\u0438 \u043f\u043e\u0437\u0432\u043e\u043b\u044f\u0435\u0442 \u043e\u0431\u0435\u0441\u043f\u0435\u0447\u0438\u0442\u044c \u0443\u0445\u043e\u0434 \u043a\u0430\u043a \u0437\u0430 \u043b\u0438\u0446\u043e\u043c, \u0442\u0430\u043a \u0438 \u0437\u0430 \u0448\u0435\u0435\u0439. \u0423\u0432\u043b\u0430\u0436\u043d\u044f\u0435\u0442 \u0438 \u043f\u0438\u0442\u0430\u0435\u0442 \u0442\u0443\u0441\u043a\u043b\u044b\u0439 \u0438 \u043e\u0431\u0435\u0437\u0432\u043e\u0436\u0435\u043d\u043d\u044b\u0439 \u044d\u043f\u0438\u0434\u0435\u0440\u043c\u0438\u0441, \u0441\u043f\u043e\u0441\u043e\u0431\u0441\u0442\u0432\u0443\u044f \u0435\u0433\u043e \u0432\u043e\u0441\u0441\u0442\u0430\u043d\u043e\u0432\u043b\u0435\u043d\u0438\u044e.<\/p>\n<ul>\n<li>\u041f\u043e\u043b\u0438\u043d\u0443\u043a\u043b\u0435\u043e\u0442\u0438\u0434 c-PDRN 0,2% \u043e\u0431\u0435\u0441\u043f\u0435\u0447\u0438\u0432\u0430\u0435\u0442 \u0441\u0442\u0438\u043c\u0443\u043b\u044f\u0446\u0438\u044e \u0432\u044b\u0440\u0430\u0431\u043e\u0442\u043a\u0438 \u044d\u043b\u0430\u0441\u0442\u0438\u043d\u043e\u0432\u044b\u0445 \u0438 \u043a\u043e\u043b\u043b\u0430\u0433\u0435\u043d\u043e\u0432\u044b\u0445 \u0432\u043e\u043b\u043e\u043a\u043e\u043d, \u043f\u043e\u0434\u0434\u0435\u0440\u0436\u0438\u0432\u0430\u044f \u043c\u043e\u043b\u043e\u0434\u043e\u0441\u0442\u044c \u043a\u043e\u0436\u0438.<\/li>\n<li>\u00a0\u041d\u0438\u0430\u0446\u0438\u043d\u0430\u043c\u0438\u0434 \u0441\u043f\u043e\u0441\u043e\u0431\u0441\u0442\u0432\u0443\u0435\u0442 \u0432\u043e\u0441\u0441\u0442\u0430\u043d\u043e\u0432\u043b\u0435\u043d\u0438\u044e \u0438 \u043e\u0431\u043d\u043e\u0432\u043b\u0435\u043d\u0438\u044e \u043e\u0431\u0435\u0437\u0432\u043e\u0436\u0435\u043d\u043d\u043e\u0433\u043e \u044d\u043f\u0438\u0434\u0435\u0440\u043c\u0438\u0441\u0430. \u041e\u043d \u0430\u043a\u0442\u0438\u0432\u0438\u0437\u0438\u0440\u0443\u0435\u0442 \u043f\u0440\u0438\u0440\u043e\u0434\u043d\u0443\u044e \u0432\u044b\u0440\u0430\u0431\u043e\u0442\u043a\u0443 \u043a\u0435\u0440\u0430\u043c\u0438\u0434\u043e\u0432, \u043a\u043e\u0442\u043e\u0440\u044b\u0435 \u0441\u043e\u0445\u0440\u0430\u043d\u044f\u044e\u0442 \u043a\u043e\u0436\u043d\u044b\u0439 \u0431\u0430\u0440\u044c\u0435\u0440 \u0438 \u043b\u0438\u043f\u0438\u0434\u043d\u044b\u0439 \u0441\u043b\u043e\u0439. \u0412 \u0440\u0435\u0437\u0443\u043b\u044c\u0442\u0430\u0442\u0435 \u043a\u043e\u0436\u0430 \u0441\u0442\u0430\u043d\u043e\u0432\u0438\u0442\u0441\u044f \u0431\u043e\u043b\u0435\u0435 \u0437\u0434\u043e\u0440\u043e\u0432\u043e\u0439 \u0438 \u0443\u0432\u043b\u0430\u0436\u043d\u0451\u043d\u043d\u043e\u0439. \u041f\u043e\u0432\u044b\u0448\u0430\u0435\u0442\u0441\u044f \u0438 \u0435\u0451 \u0437\u0430\u0449\u0438\u0442\u0430 \u043e\u0442 \u0430\u0433\u0440\u0435\u0441\u0441\u0438\u0432\u043d\u043e\u0433\u043e \u0432\u043d\u0435\u0448\u043d\u0435\u0433\u043e \u0432\u043e\u0437\u0434\u0435\u0439\u0441\u0442\u0432\u0438\u044f.<\/li>\n<li>\u0413\u0438\u0434\u0440\u043e\u043b\u0438\u0437\u043e\u0432\u0430\u043d\u043d\u044b\u0439 \u043a\u043e\u043b\u043b\u0430\u0433\u0435\u043d \u0441\u043f\u043e\u0441\u043e\u0431\u0441\u0442\u0432\u0443\u0435\u0442 \u0443\u0432\u043b\u0430\u0436\u043d\u0435\u043d\u0438\u044e \u043a\u043e\u0436\u0438, \u043f\u0440\u0438\u0434\u0430\u0451\u0442 \u044d\u043b\u0430\u0441\u0442\u0438\u0447\u043d\u043e\u0441\u0442\u044c \u0438 \u0443\u043f\u0440\u0443\u0433\u043e\u0441\u0442\u044c.<\/li>\n<li>\u041f\u0430\u043b\u044c\u043c\u0438\u0442\u043e\u0439\u043b \u0442\u0440\u0438\u043f\u0435\u043f\u0442\u0438\u0434-5 \u0438 \u043f\u043e\u043b\u0438(\u0442\u0440\u0438\u043f\u0435\u043f\u0442\u0438\u0434-6) \u0443\u043c\u0435\u043d\u044c\u0448\u0430\u044e\u0442 \u0430\u043a\u0442\u0438\u0432\u043d\u043e\u0441\u0442\u044c \u0442\u0438\u0440\u043e\u0437\u0438\u043d\u0430\u0437\u044b, \u0441\u043f\u043e\u0441\u043e\u0431\u0441\u0442\u0432\u0443\u044f \u0437\u0430\u043c\u0435\u0434\u043b\u0435\u043d\u0438\u044e \u0432\u044b\u0440\u0430\u0431\u043e\u0442\u043a\u0438 \u043c\u0435\u043b\u0430\u043d\u0438\u043d\u0430<\/li>\n<li>\u00a0\u042d\u043a\u0441\u0442\u0440\u0430\u043a\u0442 \u0446\u0435\u043d\u0442\u0435\u043b\u043b\u044b \u0430\u0437\u0438\u0430\u0442\u0441\u043a\u043e\u0439 \u043e\u043a\u0430\u0437\u044b\u0432\u0430\u0435\u0442 \u043c\u043e\u0449\u043d\u043e\u0435 \u043e\u043c\u043e\u043b\u0430\u0436\u0438\u0432\u0430\u044e\u0449\u0435\u0435 \u0438 \u043f\u0440\u043e\u0442\u0438\u0432\u043e\u0432\u043e\u0441\u043f\u0430\u043b\u0438\u0442\u0435\u043b\u044c\u043d\u043e\u0435 \u0432\u043e\u0437\u0434\u0435\u0439\u0441\u0442\u0432\u0438\u0435.<\/li>\n<li>\u042d\u043a\u0441\u0442\u0440\u0430\u043a\u0442 \u043a\u043e\u0440\u043d\u044f \u043f\u0438\u043e\u043d\u0430 \u043f\u043e\u043c\u043e\u0433\u0430\u0435\u0442 \u043f\u0440\u0438\u0434\u0430\u0442\u044c \u044d\u043f\u0438\u0434\u0435\u0440\u043c\u0438\u0441\u0443 \u0440\u043e\u0437\u043e\u0432\u0430\u0442\u044b\u0439 \u043e\u0442\u0442\u0435\u043d\u043e\u043a, \u0447\u0435\u043c \u0441\u0443\u0449\u0435\u0441\u0442\u0432\u0435\u043d\u043d\u043e \u043e\u043c\u043e\u043b\u0430\u0436\u0438\u0432\u0430\u0435\u0442 \u0435\u0433\u043e \u0432\u043d\u0435\u0448\u043d\u0435. \u0410\u043d\u0442\u0438\u043e\u043a\u0441\u0438\u0434\u0430\u043d\u0442\u044b \u0432 \u0435\u0433\u043e \u0441\u043e\u0441\u0442\u0430\u0432\u0435 \u043e\u0431\u0435\u0441\u043f\u0435\u0447\u0438\u0432\u0430\u044e\u0442 \u0443\u0441\u043f\u043e\u043a\u0430\u0438\u0432\u0430\u044e\u0449\u0435\u0435 \u0432\u043e\u0437\u0434\u0435\u0439\u0441\u0442\u0432\u0438\u0435 \u0438 \u0437\u0430\u0449\u0438\u0442\u0443 \u043e\u0442 \u0441\u0432\u043e\u0431\u043e\u0434\u043d\u044b\u0445 \u0440\u0430\u0434\u0438\u043a\u0430\u043b\u043e\u0432.<\/li>\n<\/ul>\n<p><strong>\u0421\u043f\u043e\u0441\u043e\u0431 \u043f\u0440\u0438\u043c\u0435\u043d\u0435\u043d\u0438\u044f:<\/strong>:\u00a0 Pirms auduma maskas uzkl\u0101\u0161anas nepiecie\u0161ams sagatavot \u0101das tekst\u016bru: tam nepiecie\u0161ams att\u012br\u012bt epidermu un uzkl\u0101t toniku. P\u0113c tam uzkl\u0101jiet maskas aug\u0161\u0113jo da\u013cu uz zonas ap degunu un ac\u012bm, bet apak\u0161\u0113jo da\u013cu \u2013 uz zonas ap muti. Apak\u0161\u0113jo da\u013cu izl\u012bdziniet zem zoda un nostipriniet pa t\u0101 l\u012bniju. Masku turiet 15\u201320 min\u016btes, no\u0146emiet to un ar viegliem piesk\u0101rieniem izl\u012bdziniet atliku\u0161o l\u012bdzekli uz sejas un kakla. Masku nav nepiecie\u0161ams noskalot. Proced\u016bru var pabeigt, uzkl\u0101jot mitrino\u0161o kr\u0113mu Rejuran.<\/p>\n<p><strong>\u0421\u043e\u0441\u0442\u0430\u0432:<\/strong> Aloe Barbadensis Leaf Water, Water, Glycerin, Dipropylene Glycol, Niacinamide, Cety, Ethylexanoate, Caprylic\/Capric Triglyceride, Dimethicone, Polyglyceryl-3 Methy, glucose Distearate, Glyceryl Stearate, PEG-100 Stearate, Butylene Glycol, Centella Asiatica Extract, Paeonia Suffruticosa Root Extract, 1,2-Hexanediol, Butyrospermum Parkii (Shea) Butter, Carbomer, Panthenol, Chamomilla Recutita (Matricaria) Flower Extract, Glyceryl Caprylate, Xanthan Gum, Adenosine, Ethylhexy, glycerin, Potassium Hydroxide, Sodium Polyacrylate, Hydrogenated Polydecene, Propanediol, Trideceth-6, Octyldodecanol, Hydrolyzed DNA, Hydrogenated Lecithin, Ceramide NP, Asparagus Officinalis Stem Extract, Gluconolactone, Calcium Gluconate, Caprylyl Glycol, Sodium Benzoate, Potassium Sorbate, Disodium EDTA, Phenoxyethanol, Fragrance, Linalool.<\/p>","protected":false},"excerpt":{"rendered":"<p>\u0412\u043e\u0441\u0441\u0442\u0430\u043d\u0430\u0432\u043b\u0438\u0432\u0430\u044e\u0449\u0430\u044f \u0442\u043a\u0430\u043d\u0435\u0432\u0430\u044f \u043c\u0430\u0441\u043a\u0430 Rejuran Perfect Healing V Tighter \u044d\u0444\u0444\u0435\u043a\u0442\u0438\u0432\u043d\u043e \u043f\u043e\u0434\u0434\u0435\u0440\u0436\u0438\u0432\u0430\u0435\u0442 \u043a\u0440\u0430\u0441\u043e\u0442\u0443 \u0438 \u043c\u043e\u043b\u043e\u0434\u043e\u0441\u0442\u044c \u043a\u043e\u0436\u0438 \u043b\u0438\u0446\u0430.<\/p>","protected":false},"featured_media":25039,"comment_status":"open","ping_status":"closed","template":"","meta":{"site-sidebar-layout":"default","site-content-layout":"","ast-site-content-layout":"default","site-content-style":"default","site-sidebar-style":"default","ast-global-header-display":"","ast-banner-title-visibility":"","ast-main-header-display":"","ast-hfb-above-header-display":"","ast-hfb-below-header-display":"","ast-hfb-mobile-header-display":"","site-post-title":"","ast-breadcrumbs-content":"","ast-featured-img":"","footer-sml-layout":"","theme-transparent-header-meta":"default","adv-header-id-meta":"","stick-header-meta":"","header-above-stick-meta":"","header-main-stick-meta":"","header-below-stick-meta":"","astra-migrate-meta-layouts":"set","ast-page-background-enabled":"default","ast-page-background-meta":{"desktop":{"background-color":"var(--ast-global-color-4)","background-image":"","background-repeat":"repeat","background-position":"center center","background-size":"auto","background-attachment":"scroll","background-type":"","background-media":"","overlay-type":"","overlay-color":"","overlay-opacity":"","overlay-gradient":""},"tablet":{"background-color":"","background-image":"","background-repeat":"repeat","background-position":"center center","background-size":"auto","background-attachment":"scroll","background-type":"","background-media":"","overlay-type":"","overlay-color":"","overlay-opacity":"","overlay-gradient":""},"mobile":{"background-color":"","background-image":"","background-repeat":"repeat","background-position":"center center","background-size":"auto","background-attachment":"scroll","background-type":"","background-media":"","overlay-type":"","overlay-color":"","overlay-opacity":"","overlay-gradient":""}},"ast-content-background-meta":{"desktop":{"background-color":"var(--ast-global-color-5)","background-image":"","background-repeat":"repeat","background-position":"center center","background-size":"auto","background-attachment":"scroll","background-type":"","background-media":"","overlay-type":"","overlay-color":"","overlay-opacity":"","overlay-gradient":""},"tablet":{"background-color":"var(--ast-global-color-5)","background-image":"","background-repeat":"repeat","background-position":"center center","background-size":"auto","background-attachment":"scroll","background-type":"","background-media":"","overlay-type":"","overlay-color":"","overlay-opacity":"","overlay-gradient":""},"mobile":{"background-color":"var(--ast-global-color-5)","background-image":"","background-repeat":"repeat","background-position":"center center","background-size":"auto","background-attachment":"scroll","background-type":"","background-media":"","overlay-type":"","overlay-color":"","overlay-opacity":"","overlay-gradient":""}}},"product_brand":[],"product_cat":[324,315,326,322,652],"product_tag":[],"berocket_brand":[639],"class_list":{"0":"post-25038","1":"product","2":"type-product","3":"status-publish","4":"has-post-thumbnail","6":"product_cat-auduma","7":"product_cat-maskas","8":"product_cat-mitrinosas","9":"product_cat-nakts","10":"product_cat-pdrn","11":"berocket_brand-rejuran","12":"desktop-align-left","13":"tablet-align-left","14":"mobile-align-left","16":"first","17":"instock","18":"taxable","19":"shipping-taxable","20":"purchasable","21":"product-type-simple","22":"add-to-wishlist-before_image"},"yoast_head":"<!-- This site is optimized with the Yoast SEO plugin v27.4 - https:\/\/yoast.com\/product\/yoast-seo-wordpress\/ -->\n<title>Rejuran Perfect Healing V Tighter - FACECORNER<\/title>\n<meta name=\"description\" content=\"Atjaunojo\u0161\u0101 auduma maska Rejuran Perfect Healing V Tighter efekt\u012bvi uztur sejas \u0101das skaistumu un jaun\u012bbu.Masku unik\u0101l\u0101 forma \u013cauj kopj gan seju, gan kaklu.\" \/>\n<meta name=\"robots\" content=\"index, follow, max-snippet:-1, max-image-preview:large, max-video-preview:-1\" \/>\n<link rel=\"canonical\" href=\"https:\/\/www.facecorner.lv\/ru\/shop\/rejuran-perfect-healing-v-tighter\/\" \/>\n<meta property=\"og:locale\" content=\"ru_RU\" \/>\n<meta property=\"og:type\" content=\"article\" \/>\n<meta property=\"og:title\" content=\"Rejuran Perfect Healing V Tighter - FACECORNER\" \/>\n<meta property=\"og:description\" content=\"Atjaunojo\u0161\u0101 auduma maska Rejuran Perfect Healing V Tighter efekt\u012bvi uztur sejas \u0101das skaistumu un jaun\u012bbu.Masku unik\u0101l\u0101 forma \u013cauj kopj gan seju, gan kaklu.\" \/>\n<meta property=\"og:url\" content=\"https:\/\/www.facecorner.lv\/ru\/shop\/rejuran-perfect-healing-v-tighter\/\" \/>\n<meta property=\"og:site_name\" content=\"FACECORNER\" \/>\n<meta property=\"article:publisher\" content=\"https:\/\/www.facebook.com\/profile.php?id=100063824551839\" \/>\n<meta property=\"article:modified_time\" content=\"2026-04-20T11:27:30+00:00\" \/>\n<meta property=\"og:image\" content=\"https:\/\/www.facecorner.lv\/wp-content\/uploads\/2025\/08\/4212.970x0.jpeg\" \/>\n\t<meta property=\"og:image:width\" content=\"800\" \/>\n\t<meta property=\"og:image:height\" content=\"800\" \/>\n\t<meta property=\"og:image:type\" content=\"image\/jpeg\" \/>\n<meta name=\"twitter:card\" content=\"summary_large_image\" \/>\n<meta name=\"twitter:label1\" content=\"\u0426\u0435\u043d\u0430\" \/>\n\t<meta name=\"twitter:data1\" content=\"&euro;8.00\" \/>\n\t<meta name=\"twitter:label2\" content=\"\u0414\u043e\u0441\u0442\u0443\u043f\u043d\u043e\u0441\u0442\u044c\" \/>\n\t<meta name=\"twitter:data2\" content=\"\u0412 \u043d\u0430\u043b\u0438\u0447\u0438\u0438\" \/>\n<script type=\"application\/ld+json\" class=\"yoast-schema-graph\">{\"@context\":\"https:\\\/\\\/schema.org\",\"@graph\":[{\"@type\":\"WebPage\",\"@id\":\"https:\\\/\\\/www.facecorner.lv\\\/shop\\\/rejuran-perfect-healing-v-tighter\\\/\",\"url\":\"https:\\\/\\\/www.facecorner.lv\\\/shop\\\/rejuran-perfect-healing-v-tighter\\\/\",\"name\":\"Rejuran Perfect Healing V Tighter - FACECORNER\",\"isPartOf\":{\"@id\":\"https:\\\/\\\/www.facecorner.lv\\\/#website\"},\"primaryImageOfPage\":{\"@id\":\"https:\\\/\\\/www.facecorner.lv\\\/shop\\\/rejuran-perfect-healing-v-tighter\\\/#primaryimage\"},\"image\":{\"@id\":\"https:\\\/\\\/www.facecorner.lv\\\/shop\\\/rejuran-perfect-healing-v-tighter\\\/#primaryimage\"},\"thumbnailUrl\":\"https:\\\/\\\/www.facecorner.lv\\\/wp-content\\\/uploads\\\/2025\\\/08\\\/4212.970x0.jpeg\",\"datePublished\":\"2025-08-18T19:12:29+00:00\",\"dateModified\":\"2026-04-20T11:27:30+00:00\",\"description\":\"Atjaunojo\u0161\u0101 auduma maska Rejuran Perfect Healing V Tighter efekt\u012bvi uztur sejas \u0101das skaistumu un jaun\u012bbu.Masku unik\u0101l\u0101 forma \u013cauj kopj gan seju, gan kaklu.\",\"breadcrumb\":{\"@id\":\"https:\\\/\\\/www.facecorner.lv\\\/shop\\\/rejuran-perfect-healing-v-tighter\\\/#breadcrumb\"},\"inLanguage\":\"ru-RU\",\"potentialAction\":[{\"@type\":\"ReadAction\",\"target\":[\"https:\\\/\\\/www.facecorner.lv\\\/shop\\\/rejuran-perfect-healing-v-tighter\\\/\"]}]},{\"@type\":\"ImageObject\",\"inLanguage\":\"ru-RU\",\"@id\":\"https:\\\/\\\/www.facecorner.lv\\\/shop\\\/rejuran-perfect-healing-v-tighter\\\/#primaryimage\",\"url\":\"https:\\\/\\\/www.facecorner.lv\\\/wp-content\\\/uploads\\\/2025\\\/08\\\/4212.970x0.jpeg\",\"contentUrl\":\"https:\\\/\\\/www.facecorner.lv\\\/wp-content\\\/uploads\\\/2025\\\/08\\\/4212.970x0.jpeg\",\"width\":800,\"height\":800,\"caption\":\"Rejuran Perfect Healing V Tighter\"},{\"@type\":\"BreadcrumbList\",\"@id\":\"https:\\\/\\\/www.facecorner.lv\\\/shop\\\/rejuran-perfect-healing-v-tighter\\\/#breadcrumb\",\"itemListElement\":[{\"@type\":\"ListItem\",\"position\":1,\"name\":\"Home\",\"item\":\"https:\\\/\\\/www.facecorner.lv\\\/\"},{\"@type\":\"ListItem\",\"position\":2,\"name\":\"Veikals\",\"item\":\"https:\\\/\\\/www.facecorner.lv\\\/shop\\\/\"},{\"@type\":\"ListItem\",\"position\":3,\"name\":\"Rejuran Perfect Healing V Tighter\"}]},{\"@type\":\"WebSite\",\"@id\":\"https:\\\/\\\/www.facecorner.lv\\\/#website\",\"url\":\"https:\\\/\\\/www.facecorner.lv\\\/\",\"name\":\"Facecorner\",\"description\":\"\",\"publisher\":{\"@id\":\"https:\\\/\\\/www.facecorner.lv\\\/#organization\"},\"potentialAction\":[{\"@type\":\"SearchAction\",\"target\":{\"@type\":\"EntryPoint\",\"urlTemplate\":\"https:\\\/\\\/www.facecorner.lv\\\/?s={search_term_string}\"},\"query-input\":{\"@type\":\"PropertyValueSpecification\",\"valueRequired\":true,\"valueName\":\"search_term_string\"}}],\"inLanguage\":\"ru-RU\"},{\"@type\":\"Organization\",\"@id\":\"https:\\\/\\\/www.facecorner.lv\\\/#organization\",\"name\":\"Facecorner\",\"url\":\"https:\\\/\\\/www.facecorner.lv\\\/\",\"logo\":{\"@type\":\"ImageObject\",\"inLanguage\":\"ru-RU\",\"@id\":\"https:\\\/\\\/www.facecorner.lv\\\/#\\\/schema\\\/logo\\\/image\\\/\",\"url\":\"https:\\\/\\\/www.facecorner.lv\\\/wp-content\\\/uploads\\\/2024\\\/04\\\/fc-logo.jpg\",\"contentUrl\":\"https:\\\/\\\/www.facecorner.lv\\\/wp-content\\\/uploads\\\/2024\\\/04\\\/fc-logo.jpg\",\"width\":174,\"height\":28,\"caption\":\"Facecorner\"},\"image\":{\"@id\":\"https:\\\/\\\/www.facecorner.lv\\\/#\\\/schema\\\/logo\\\/image\\\/\"},\"sameAs\":[\"https:\\\/\\\/www.facebook.com\\\/profile.php?id=100063824551839\",\"https:\\\/\\\/www.instagram.com\\\/facecorner_shop\\\/\"]}]}<\/script>\n<meta property=\"product:price:amount\" content=\"8.00\" \/>\n<meta property=\"product:price:currency\" content=\"EUR\" \/>\n<meta property=\"og:availability\" content=\"instock\" \/>\n<meta property=\"product:availability\" content=\"instock\" \/>\n<meta property=\"product:condition\" content=\"new\" \/>\n<!-- \/ Yoast SEO plugin. -->","yoast_head_json":{"title":"Rejuran Perfect Healing V Tighter - FACECORNER","description":"Atjaunojo\u0161\u0101 auduma maska Rejuran Perfect Healing V Tighter efekt\u012bvi uztur sejas \u0101das skaistumu un jaun\u012bbu.Masku unik\u0101l\u0101 forma \u013cauj kopj gan seju, gan kaklu.","robots":{"index":"index","follow":"follow","max-snippet":"max-snippet:-1","max-image-preview":"max-image-preview:large","max-video-preview":"max-video-preview:-1"},"canonical":"https:\/\/www.facecorner.lv\/ru\/shop\/rejuran-perfect-healing-v-tighter\/","og_locale":"ru_RU","og_type":"article","og_title":"Rejuran Perfect Healing V Tighter - FACECORNER","og_description":"Atjaunojo\u0161\u0101 auduma maska Rejuran Perfect Healing V Tighter efekt\u012bvi uztur sejas \u0101das skaistumu un jaun\u012bbu.Masku unik\u0101l\u0101 forma \u013cauj kopj gan seju, gan kaklu.","og_url":"https:\/\/www.facecorner.lv\/ru\/shop\/rejuran-perfect-healing-v-tighter\/","og_site_name":"FACECORNER","article_publisher":"https:\/\/www.facebook.com\/profile.php?id=100063824551839","article_modified_time":"2026-04-20T11:27:30+00:00","og_image":[{"width":800,"height":800,"url":"https:\/\/www.facecorner.lv\/wp-content\/uploads\/2025\/08\/4212.970x0.jpeg","type":"image\/jpeg"}],"twitter_card":"summary_large_image","twitter_misc":{"\u0426\u0435\u043d\u0430":"&euro;8.00","\u0414\u043e\u0441\u0442\u0443\u043f\u043d\u043e\u0441\u0442\u044c":"\u0412 \u043d\u0430\u043b\u0438\u0447\u0438\u0438"},"schema":{"@context":"https:\/\/schema.org","@graph":[{"@type":"WebPage","@id":"https:\/\/www.facecorner.lv\/shop\/rejuran-perfect-healing-v-tighter\/","url":"https:\/\/www.facecorner.lv\/shop\/rejuran-perfect-healing-v-tighter\/","name":"Rejuran Perfect Healing V Tighter - FACECORNER","isPartOf":{"@id":"https:\/\/www.facecorner.lv\/#website"},"primaryImageOfPage":{"@id":"https:\/\/www.facecorner.lv\/shop\/rejuran-perfect-healing-v-tighter\/#primaryimage"},"image":{"@id":"https:\/\/www.facecorner.lv\/shop\/rejuran-perfect-healing-v-tighter\/#primaryimage"},"thumbnailUrl":"https:\/\/www.facecorner.lv\/wp-content\/uploads\/2025\/08\/4212.970x0.jpeg","datePublished":"2025-08-18T19:12:29+00:00","dateModified":"2026-04-20T11:27:30+00:00","description":"Atjaunojo\u0161\u0101 auduma maska Rejuran Perfect Healing V Tighter efekt\u012bvi uztur sejas \u0101das skaistumu un jaun\u012bbu.Masku unik\u0101l\u0101 forma \u013cauj kopj gan seju, gan kaklu.","breadcrumb":{"@id":"https:\/\/www.facecorner.lv\/shop\/rejuran-perfect-healing-v-tighter\/#breadcrumb"},"inLanguage":"ru-RU","potentialAction":[{"@type":"ReadAction","target":["https:\/\/www.facecorner.lv\/shop\/rejuran-perfect-healing-v-tighter\/"]}]},{"@type":"ImageObject","inLanguage":"ru-RU","@id":"https:\/\/www.facecorner.lv\/shop\/rejuran-perfect-healing-v-tighter\/#primaryimage","url":"https:\/\/www.facecorner.lv\/wp-content\/uploads\/2025\/08\/4212.970x0.jpeg","contentUrl":"https:\/\/www.facecorner.lv\/wp-content\/uploads\/2025\/08\/4212.970x0.jpeg","width":800,"height":800,"caption":"Rejuran Perfect Healing V Tighter"},{"@type":"BreadcrumbList","@id":"https:\/\/www.facecorner.lv\/shop\/rejuran-perfect-healing-v-tighter\/#breadcrumb","itemListElement":[{"@type":"ListItem","position":1,"name":"Home","item":"https:\/\/www.facecorner.lv\/"},{"@type":"ListItem","position":2,"name":"Veikals","item":"https:\/\/www.facecorner.lv\/shop\/"},{"@type":"ListItem","position":3,"name":"Rejuran Perfect Healing V Tighter"}]},{"@type":"WebSite","@id":"https:\/\/www.facecorner.lv\/#website","url":"https:\/\/www.facecorner.lv\/","name":"Facecorner","description":"","publisher":{"@id":"https:\/\/www.facecorner.lv\/#organization"},"potentialAction":[{"@type":"SearchAction","target":{"@type":"EntryPoint","urlTemplate":"https:\/\/www.facecorner.lv\/?s={search_term_string}"},"query-input":{"@type":"PropertyValueSpecification","valueRequired":true,"valueName":"search_term_string"}}],"inLanguage":"ru-RU"},{"@type":"Organization","@id":"https:\/\/www.facecorner.lv\/#organization","name":"Facecorner","url":"https:\/\/www.facecorner.lv\/","logo":{"@type":"ImageObject","inLanguage":"ru-RU","@id":"https:\/\/www.facecorner.lv\/#\/schema\/logo\/image\/","url":"https:\/\/www.facecorner.lv\/wp-content\/uploads\/2024\/04\/fc-logo.jpg","contentUrl":"https:\/\/www.facecorner.lv\/wp-content\/uploads\/2024\/04\/fc-logo.jpg","width":174,"height":28,"caption":"Facecorner"},"image":{"@id":"https:\/\/www.facecorner.lv\/#\/schema\/logo\/image\/"},"sameAs":["https:\/\/www.facebook.com\/profile.php?id=100063824551839","https:\/\/www.instagram.com\/facecorner_shop\/"]}]},"product_price_amount":"8.00","product_price_currency":"EUR","og_availability":"instock","product_availability":"instock","product_condition":"new"},"_links":{"self":[{"href":"https:\/\/www.facecorner.lv\/ru\/wp-json\/wp\/v2\/product\/25038","targetHints":{"allow":["GET"]}}],"collection":[{"href":"https:\/\/www.facecorner.lv\/ru\/wp-json\/wp\/v2\/product"}],"about":[{"href":"https:\/\/www.facecorner.lv\/ru\/wp-json\/wp\/v2\/types\/product"}],"replies":[{"embeddable":true,"href":"https:\/\/www.facecorner.lv\/ru\/wp-json\/wp\/v2\/comments?post=25038"}],"wp:featuredmedia":[{"embeddable":true,"href":"https:\/\/www.facecorner.lv\/ru\/wp-json\/wp\/v2\/media\/25039"}],"wp:attachment":[{"href":"https:\/\/www.facecorner.lv\/ru\/wp-json\/wp\/v2\/media?parent=25038"}],"wp:term":[{"taxonomy":"product_brand","embeddable":true,"href":"https:\/\/www.facecorner.lv\/ru\/wp-json\/wp\/v2\/product_brand?post=25038"},{"taxonomy":"product_cat","embeddable":true,"href":"https:\/\/www.facecorner.lv\/ru\/wp-json\/wp\/v2\/product_cat?post=25038"},{"taxonomy":"product_tag","embeddable":true,"href":"https:\/\/www.facecorner.lv\/ru\/wp-json\/wp\/v2\/product_tag?post=25038"},{"taxonomy":"berocket_brand","embeddable":true,"href":"https:\/\/www.facecorner.lv\/ru\/wp-json\/wp\/v2\/berocket_brand?post=25038"}],"curies":[{"name":"wp","href":"https:\/\/api.w.org\/{rel}","templated":true}]}}