{"id":25027,"date":"2025-08-18T21:42:01","date_gmt":"2025-08-18T18:42:01","guid":{"rendered":"https:\/\/www.facecorner.lv\/?post_type=product&#038;p=25027"},"modified":"2026-03-26T14:36:57","modified_gmt":"2026-03-26T11:36:57","slug":"vt-pdrn-glow-ampoule-100ml","status":"publish","type":"product","link":"https:\/\/www.facecorner.lv\/ru\/shop\/vt-pdrn-glow-ampoule-100ml\/","title":{"rendered":"VT PDRN Glow Ampoule 100ml"},"content":{"rendered":"<p>\u041e\u0436\u0438\u0432\u0438\u0442\u0435 \u0443\u0441\u0442\u0430\u0432\u0448\u0443\u044e \u0438 \u0442\u0443\u0441\u043a\u043b\u0443\u044e \u043a\u043e\u0436\u0443 \u0441 \u043f\u043e\u043c\u043e\u0449\u044c\u044e VT PDRN Glow Ampoule \u2014 \u043a\u043e\u043d\u0446\u0435\u043d\u0442\u0440\u0438\u0440\u043e\u0432\u0430\u043d\u043d\u043e\u0439 \u0430\u043c\u043f\u0443\u043b\u044b, \u0441\u043e\u0437\u0434\u0430\u043d\u043d\u043e\u0439 \u0434\u043b\u044f \u0438\u043d\u0442\u0435\u043d\u0441\u0438\u0432\u043d\u043e\u0433\u043e \u0432\u043e\u0441\u0441\u0442\u0430\u043d\u043e\u0432\u043b\u0435\u043d\u0438\u044f, \u0441\u0438\u044f\u043d\u0438\u044f \u0438 \u0430\u043d\u0442\u0438\u0432\u043e\u0437\u0440\u0430\u0441\u0442\u043d\u043e\u0433\u043e \u0443\u0445\u043e\u0434\u0430. \u0411\u043b\u0430\u0433\u043e\u0434\u0430\u0440\u044f \u0432\u044b\u0441\u043e\u043a\u043e\u043c\u0443 \u0441\u043e\u0434\u0435\u0440\u0436\u0430\u043d\u0438\u044e PDRN (\u043f\u043e\u043b\u0438\u0434\u0435\u0437\u043e\u043a\u0441\u0438\u0440\u0438\u0431\u043e\u043d\u0443\u043a\u043b\u0435\u043e\u0442\u0438\u0434\u043e\u0432) \u0438 \u043a\u043e\u043c\u043f\u043b\u0435\u043a\u0441\u0430 \u043f\u0435\u043f\u0442\u0438\u0434\u043e\u0432, \u0441\u044b\u0432\u043e\u0440\u043e\u0442\u043a\u0430 \u0441\u043f\u043e\u0441\u043e\u0431\u0441\u0442\u0432\u0443\u0435\u0442 \u0443\u0441\u043a\u043e\u0440\u0435\u043d\u043d\u043e\u043c\u0443 \u043e\u0431\u043d\u043e\u0432\u043b\u0435\u043d\u0438\u044e \u043a\u043b\u0435\u0442\u043e\u043a \u0438 \u0432\u044b\u0440\u0430\u0432\u043d\u0438\u0432\u0430\u043d\u0438\u044e \u0442\u043e\u043d\u0430 \u043a\u043e\u0436\u0438.<\/p>\n<ul>\n<li>PDRN (\u0421\u043e\u0434\u0435\u0440\u0436\u0438\u0442 \u0414\u041d\u041a \u043b\u043e\u0441\u043e\u0441\u044f) \u2014 \u0430\u043a\u0442\u0438\u0432\u0438\u0437\u0438\u0440\u0443\u0435\u0442 \u0440\u0435\u0433\u0435\u043d\u0435\u0440\u0430\u0446\u0438\u044e \u043a\u043b\u0435\u0442\u043e\u043a, \u0443\u043b\u0443\u0447\u0448\u0430\u0435\u0442 \u044d\u043b\u0430\u0441\u0442\u0438\u0447\u043d\u043e\u0441\u0442\u044c \u043a\u043e\u0436\u0438 \u0438 \u0431\u043e\u0440\u0435\u0442\u0441\u044f \u0441 \u043f\u0440\u0438\u0437\u043d\u0430\u043a\u0430\u043c\u0438 \u0441\u0442\u0430\u0440\u0435\u043d\u0438\u044f.<\/li>\n<li>\u041d\u0438\u0430\u0446\u0438\u043d\u0430\u043c\u0438\u0434 \u2014 \u0432\u044b\u0440\u0430\u0432\u043d\u0438\u0432\u0430\u0435\u0442 \u0442\u043e\u043d, \u0443\u043c\u0435\u043d\u044c\u0448\u0430\u0435\u0442 \u043f\u0438\u0433\u043c\u0435\u043d\u0442\u0430\u0446\u0438\u044e \u0438 \u043f\u0440\u0438\u0434\u0430\u0451\u0442 \u043a\u043e\u0436\u0435 \u0437\u0434\u043e\u0440\u043e\u0432\u043e\u0435 \u0441\u0438\u044f\u043d\u0438\u0435.<\/li>\n<li>\u0410\u0434\u0435\u043d\u043e\u0437\u0438\u043d \u2014 \u0440\u0430\u0437\u0433\u043b\u0430\u0436\u0438\u0432\u0430\u0435\u0442 \u043c\u0435\u043b\u043a\u0438\u0435 \u043c\u043e\u0440\u0449\u0438\u043d\u044b \u0438 \u043f\u043e\u0432\u044b\u0448\u0430\u0435\u0442 \u0443\u043f\u0440\u0443\u0433\u043e\u0441\u0442\u044c \u043a\u043e\u0436\u0438.<\/li>\n<li>\u041a\u043e\u043c\u043f\u043b\u0435\u043a\u0441 \u043f\u0435\u043f\u0442\u0438\u0434\u043e\u0432 \u2014 \u0441\u0442\u0438\u043c\u0443\u043b\u0438\u0440\u0443\u0435\u0442 \u0432\u044b\u0440\u0430\u0431\u043e\u0442\u043a\u0443 \u043a\u043e\u043b\u043b\u0430\u0433\u0435\u043d\u0430 \u0438 \u0443\u043a\u0440\u0435\u043f\u043b\u044f\u0435\u0442 \u043a\u043e\u0436\u043d\u044b\u0439 \u0431\u0430\u0440\u044c\u0435\u0440.<\/li>\n<li>\u0413\u0438\u0430\u043b\u0443\u0440\u043e\u043d\u043e\u0432\u0430\u044f \u043a\u0438\u0441\u043b\u043e\u0442\u0430 \u2014 \u0433\u043b\u0443\u0431\u043e\u043a\u043e \u0443\u0432\u043b\u0430\u0436\u043d\u044f\u0435\u0442 \u0438 \u043f\u0440\u0435\u0434\u043e\u0442\u0432\u0440\u0430\u0449\u0430\u0435\u0442 \u043f\u043e\u0442\u0435\u0440\u044e \u0432\u043b\u0430\u0433\u0438.<\/li>\n<\/ul>\n<p><strong>\u0420\u0435\u0437\u0443\u043b\u044c\u0442\u0430\u0442:<\/strong><\/p>\n<ul>\n<li>\u0421\u0438\u044f\u044e\u0449\u0430\u044f, \u0433\u043b\u0430\u0434\u043a\u0430\u044f \u0438 \u0440\u043e\u0432\u043d\u0430\u044f \u043a\u043e\u0436\u0430<\/li>\n<li>\u0412\u0438\u0434\u0438\u043c\u043e\u0435 \u0443\u043c\u0435\u043d\u044c\u0448\u0435\u043d\u0438\u0435 \u043c\u043e\u0440\u0449\u0438\u043d \u0438 \u0441\u043b\u0435\u0434\u043e\u0432 \u0443\u0441\u0442\u0430\u043b\u043e\u0441\u0442\u0438<\/li>\n<li>\u0423\u043b\u0443\u0447\u0448\u0435\u043d\u0438\u0435 \u0442\u0435\u043a\u0441\u0442\u0443\u0440\u044b \u0438 \u0446\u0432\u0435\u0442\u0430 \u043b\u0438\u0446\u0430<\/li>\n<li>\u0423\u043a\u0440\u0435\u043f\u043b\u0435\u043d\u0438\u0435 \u0438 \u043f\u0438\u0442\u0430\u043d\u0438\u0435 \u043a\u043e\u0436\u0438 \u043d\u0430 \u043a\u043b\u0435\u0442\u043e\u0447\u043d\u043e\u043c \u0443\u0440\u043e\u0432\u043d\u0435<\/li>\n<\/ul>\n<p><strong>\u0421\u043f\u043e\u0441\u043e\u0431 \u043f\u0440\u0438\u043c\u0435\u043d\u0435\u043d\u0438\u044f:<\/strong> \u041e\u0447\u0438\u0441\u0442\u0438\u0442\u0435 \u043b\u0438\u0446\u043e \u0438 \u043d\u0430\u043d\u0435\u0441\u0438\u0442\u0435 \u0442\u043e\u043d\u0435\u0440.\n\u0412\u044b\u0434\u0430\u0432\u0438\u0442\u0435 1\u20132 \u043a\u0430\u043f\u043b\u0438 \u0430\u043c\u043f\u0443\u043b\u044b \u043d\u0430 \u043b\u0430\u0434\u043e\u043d\u044c.\n\u0420\u0430\u0432\u043d\u043e\u043c\u0435\u0440\u043d\u043e \u0440\u0430\u0441\u043f\u0440\u0435\u0434\u0435\u043b\u0438\u0442\u0435 \u043f\u043e \u043a\u043e\u0436\u0435 \u043b\u0438\u0446\u0430, \u043c\u044f\u0433\u043a\u043e \u0432\u0431\u0438\u0432\u0430\u044f \u043f\u043e\u0434\u0443\u0448\u0435\u0447\u043a\u0430\u043c\u0438 \u043f\u0430\u043b\u044c\u0446\u0435\u0432.\n\u0417\u0430\u0432\u0435\u0440\u0448\u0438\u0442\u0435 \u0443\u0445\u043e\u0434 \u043a\u0440\u0435\u043c\u043e\u043c.<\/p>\n<p><strong>\u0421\u043e\u0441\u0442\u0430\u0432:<\/strong> Aqua (Water), Methylpropanediol, Limnanthes Alba (Meadowfoam) Seed Oil, Niacinamide, Butylene Glycol, Glycerin, Triethylhexanoin, Polyglycerin\u20113, Dipropylene Glycol, 1,2\u2011Hexanediol, Hydroxyacetophenone, Sodium Citrate, Polyglyceryl\u201110 Myristate, Ethylhexylglycerin, Citric Acid, Adenosine, Sodium Phytate, Panthenol, Allantoin, Disodium EDTA, Squalane, Caprylic\/Capric Triglyceride, Ceramide NP, Adansonia Digitata (Baobab) Seed Oil, Hydrogenated Lecithin, Polyglucuronic Acid, Tocopherol (Vitamin\u202fE), Sodium Hyaluronate, Ceramide AOS, Ceramide NS, Ceramide AP, Ceramide EP, Panax Ginseng Root Extract, Sodium DNA (5\u202fppb)<\/p>","protected":false},"excerpt":{"rendered":"<p>\u041e\u0436\u0438\u0432\u0438\u0442\u0435 \u0443\u0441\u0442\u0430\u0432\u0448\u0443\u044e \u0438 \u0442\u0443\u0441\u043a\u043b\u0443\u044e \u043a\u043e\u0436\u0443 \u0441 \u043f\u043e\u043c\u043e\u0449\u044c\u044e VT PDRN Glow Ampoule \u2014 \u043a\u043e\u043d\u0446\u0435\u043d\u0442\u0440\u0438\u0440\u043e\u0432\u0430\u043d\u043d\u043e\u0439 \u0430\u043c\u043f\u0443\u043b\u044b, \u0441\u043e\u0437\u0434\u0430\u043d\u043d\u043e\u0439 \u0434\u043b\u044f \u0438\u043d\u0442\u0435\u043d\u0441\u0438\u0432\u043d\u043e\u0433\u043e \u0432\u043e\u0441\u0441\u0442\u0430\u043d\u043e\u0432\u043b\u0435\u043d\u0438\u044f, \u0441\u0438\u044f\u043d\u0438\u044f \u0438 \u0430\u043d\u0442\u0438\u0432\u043e\u0437\u0440\u0430\u0441\u0442\u043d\u043e\u0433\u043e \u0443\u0445\u043e\u0434\u0430.<\/p>","protected":false},"featured_media":25028,"comment_status":"open","ping_status":"closed","template":"","meta":{"site-sidebar-layout":"default","site-content-layout":"","ast-site-content-layout":"default","site-content-style":"default","site-sidebar-style":"default","ast-global-header-display":"","ast-banner-title-visibility":"","ast-main-header-display":"","ast-hfb-above-header-display":"","ast-hfb-below-header-display":"","ast-hfb-mobile-header-display":"","site-post-title":"","ast-breadcrumbs-content":"","ast-featured-img":"","footer-sml-layout":"","theme-transparent-header-meta":"default","adv-header-id-meta":"","stick-header-meta":"","header-above-stick-meta":"","header-main-stick-meta":"","header-below-stick-meta":"","astra-migrate-meta-layouts":"set","ast-page-background-enabled":"default","ast-page-background-meta":{"desktop":{"background-color":"var(--ast-global-color-4)","background-image":"","background-repeat":"repeat","background-position":"center center","background-size":"auto","background-attachment":"scroll","background-type":"","background-media":"","overlay-type":"","overlay-color":"","overlay-opacity":"","overlay-gradient":""},"tablet":{"background-color":"","background-image":"","background-repeat":"repeat","background-position":"center center","background-size":"auto","background-attachment":"scroll","background-type":"","background-media":"","overlay-type":"","overlay-color":"","overlay-opacity":"","overlay-gradient":""},"mobile":{"background-color":"","background-image":"","background-repeat":"repeat","background-position":"center center","background-size":"auto","background-attachment":"scroll","background-type":"","background-media":"","overlay-type":"","overlay-color":"","overlay-opacity":"","overlay-gradient":""}},"ast-content-background-meta":{"desktop":{"background-color":"var(--ast-global-color-5)","background-image":"","background-repeat":"repeat","background-position":"center center","background-size":"auto","background-attachment":"scroll","background-type":"","background-media":"","overlay-type":"","overlay-color":"","overlay-opacity":"","overlay-gradient":""},"tablet":{"background-color":"var(--ast-global-color-5)","background-image":"","background-repeat":"repeat","background-position":"center center","background-size":"auto","background-attachment":"scroll","background-type":"","background-media":"","overlay-type":"","overlay-color":"","overlay-opacity":"","overlay-gradient":""},"mobile":{"background-color":"var(--ast-global-color-5)","background-image":"","background-repeat":"repeat","background-position":"center center","background-size":"auto","background-attachment":"scroll","background-type":"","background-media":"","overlay-type":"","overlay-color":"","overlay-opacity":"","overlay-gradient":""}}},"product_brand":[],"product_cat":[370,371,375,372,378,363,364,376],"product_tag":[],"berocket_brand":[582],"class_list":{"0":"post-25027","1":"product","2":"type-product","3":"status-publish","4":"has-post-thumbnail","6":"product_cat-adas-mirdzumam","7":"product_cat-anti-age","8":"product_cat-jutigai-adai-toneri","9":"product_cat-jutigai-adai-serumi","10":"product_cat-sausai-adai-toneri","11":"product_cat-serumi","12":"product_cat-toneri","13":"product_cat-kombinetai-adai-toneri","14":"berocket_brand-vt","15":"desktop-align-left","16":"tablet-align-left","17":"mobile-align-left","19":"first","20":"outofstock","21":"taxable","22":"shipping-taxable","23":"purchasable","24":"product-type-simple","25":"add-to-wishlist-before_image"},"yoast_head":"<!-- This site is optimized with the Yoast SEO plugin v27.3 - https:\/\/yoast.com\/product\/yoast-seo-wordpress\/ -->\n<title>VT PDRN Glow Ampoule 100ml - FACECORNER<\/title>\n<meta name=\"description\" content=\"Atdz\u012bvini noguru\u0161o un bl\u0101vo \u0101du ar VT PDRN Glow Ampoule \u2014 koncentr\u0113tu ampulu, kas rad\u012bta intens\u012bvai atjauno\u0161anai, mirdzumam un pretnoveco\u0161an\u0101s kop\u0161anai.\" \/>\n<meta name=\"robots\" content=\"index, follow, max-snippet:-1, max-image-preview:large, max-video-preview:-1\" \/>\n<link rel=\"canonical\" href=\"https:\/\/www.facecorner.lv\/ru\/shop\/vt-pdrn-glow-ampoule-100ml\/\" \/>\n<meta property=\"og:locale\" content=\"ru_RU\" \/>\n<meta property=\"og:type\" content=\"article\" \/>\n<meta property=\"og:title\" content=\"VT PDRN Glow Ampoule 100ml - FACECORNER\" \/>\n<meta property=\"og:description\" content=\"Atdz\u012bvini noguru\u0161o un bl\u0101vo \u0101du ar VT PDRN Glow Ampoule \u2014 koncentr\u0113tu ampulu, kas rad\u012bta intens\u012bvai atjauno\u0161anai, mirdzumam un pretnoveco\u0161an\u0101s kop\u0161anai.\" \/>\n<meta property=\"og:url\" content=\"https:\/\/www.facecorner.lv\/ru\/shop\/vt-pdrn-glow-ampoule-100ml\/\" \/>\n<meta property=\"og:site_name\" content=\"FACECORNER\" \/>\n<meta property=\"article:publisher\" content=\"https:\/\/www.facebook.com\/profile.php?id=100063824551839\" \/>\n<meta property=\"article:modified_time\" content=\"2026-03-26T11:36:57+00:00\" \/>\n<meta property=\"og:image\" content=\"https:\/\/www.facecorner.lv\/wp-content\/uploads\/2025\/08\/1_4c89da90-cf29-4c05-bc5b-fd87d0dc7810.webp\" \/>\n\t<meta property=\"og:image:width\" content=\"1946\" \/>\n\t<meta property=\"og:image:height\" content=\"1946\" \/>\n\t<meta property=\"og:image:type\" content=\"image\/webp\" \/>\n<meta name=\"twitter:card\" content=\"summary_large_image\" \/>\n<meta name=\"twitter:label1\" content=\"\u0426\u0435\u043d\u0430\" \/>\n\t<meta name=\"twitter:data1\" content=\"&euro;29.00\" \/>\n\t<meta name=\"twitter:label2\" content=\"\u0414\u043e\u0441\u0442\u0443\u043f\u043d\u043e\u0441\u0442\u044c\" \/>\n\t<meta name=\"twitter:data2\" content=\"\u0420\u0430\u0441\u043f\u0440\u043e\u0434\u0430\u043d\u043e\" \/>\n<script type=\"application\/ld+json\" class=\"yoast-schema-graph\">{\"@context\":\"https:\\\/\\\/schema.org\",\"@graph\":[{\"@type\":\"WebPage\",\"@id\":\"https:\\\/\\\/www.facecorner.lv\\\/shop\\\/vt-pdrn-glow-ampoule-100ml\\\/\",\"url\":\"https:\\\/\\\/www.facecorner.lv\\\/shop\\\/vt-pdrn-glow-ampoule-100ml\\\/\",\"name\":\"VT PDRN Glow Ampoule 100ml - FACECORNER\",\"isPartOf\":{\"@id\":\"https:\\\/\\\/www.facecorner.lv\\\/#website\"},\"primaryImageOfPage\":{\"@id\":\"https:\\\/\\\/www.facecorner.lv\\\/shop\\\/vt-pdrn-glow-ampoule-100ml\\\/#primaryimage\"},\"image\":{\"@id\":\"https:\\\/\\\/www.facecorner.lv\\\/shop\\\/vt-pdrn-glow-ampoule-100ml\\\/#primaryimage\"},\"thumbnailUrl\":\"https:\\\/\\\/www.facecorner.lv\\\/wp-content\\\/uploads\\\/2025\\\/08\\\/1_4c89da90-cf29-4c05-bc5b-fd87d0dc7810.webp\",\"datePublished\":\"2025-08-18T18:42:01+00:00\",\"dateModified\":\"2026-03-26T11:36:57+00:00\",\"description\":\"Atdz\u012bvini noguru\u0161o un bl\u0101vo \u0101du ar VT PDRN Glow Ampoule \u2014 koncentr\u0113tu ampulu, kas rad\u012bta intens\u012bvai atjauno\u0161anai, mirdzumam un pretnoveco\u0161an\u0101s kop\u0161anai.\",\"breadcrumb\":{\"@id\":\"https:\\\/\\\/www.facecorner.lv\\\/shop\\\/vt-pdrn-glow-ampoule-100ml\\\/#breadcrumb\"},\"inLanguage\":\"ru-RU\",\"potentialAction\":[{\"@type\":\"ReadAction\",\"target\":[\"https:\\\/\\\/www.facecorner.lv\\\/shop\\\/vt-pdrn-glow-ampoule-100ml\\\/\"]}]},{\"@type\":\"ImageObject\",\"inLanguage\":\"ru-RU\",\"@id\":\"https:\\\/\\\/www.facecorner.lv\\\/shop\\\/vt-pdrn-glow-ampoule-100ml\\\/#primaryimage\",\"url\":\"https:\\\/\\\/www.facecorner.lv\\\/wp-content\\\/uploads\\\/2025\\\/08\\\/1_4c89da90-cf29-4c05-bc5b-fd87d0dc7810.webp\",\"contentUrl\":\"https:\\\/\\\/www.facecorner.lv\\\/wp-content\\\/uploads\\\/2025\\\/08\\\/1_4c89da90-cf29-4c05-bc5b-fd87d0dc7810.webp\",\"width\":1946,\"height\":1946,\"caption\":\"VT PDRN Glow Ampoule\"},{\"@type\":\"BreadcrumbList\",\"@id\":\"https:\\\/\\\/www.facecorner.lv\\\/shop\\\/vt-pdrn-glow-ampoule-100ml\\\/#breadcrumb\",\"itemListElement\":[{\"@type\":\"ListItem\",\"position\":1,\"name\":\"Home\",\"item\":\"https:\\\/\\\/www.facecorner.lv\\\/\"},{\"@type\":\"ListItem\",\"position\":2,\"name\":\"Veikals\",\"item\":\"https:\\\/\\\/www.facecorner.lv\\\/shop\\\/\"},{\"@type\":\"ListItem\",\"position\":3,\"name\":\"VT PDRN Glow Ampoule 100ml\"}]},{\"@type\":\"WebSite\",\"@id\":\"https:\\\/\\\/www.facecorner.lv\\\/#website\",\"url\":\"https:\\\/\\\/www.facecorner.lv\\\/\",\"name\":\"Facecorner\",\"description\":\"\",\"publisher\":{\"@id\":\"https:\\\/\\\/www.facecorner.lv\\\/#organization\"},\"potentialAction\":[{\"@type\":\"SearchAction\",\"target\":{\"@type\":\"EntryPoint\",\"urlTemplate\":\"https:\\\/\\\/www.facecorner.lv\\\/?s={search_term_string}\"},\"query-input\":{\"@type\":\"PropertyValueSpecification\",\"valueRequired\":true,\"valueName\":\"search_term_string\"}}],\"inLanguage\":\"ru-RU\"},{\"@type\":\"Organization\",\"@id\":\"https:\\\/\\\/www.facecorner.lv\\\/#organization\",\"name\":\"Facecorner\",\"url\":\"https:\\\/\\\/www.facecorner.lv\\\/\",\"logo\":{\"@type\":\"ImageObject\",\"inLanguage\":\"ru-RU\",\"@id\":\"https:\\\/\\\/www.facecorner.lv\\\/#\\\/schema\\\/logo\\\/image\\\/\",\"url\":\"https:\\\/\\\/www.facecorner.lv\\\/wp-content\\\/uploads\\\/2024\\\/04\\\/fc-logo.jpg\",\"contentUrl\":\"https:\\\/\\\/www.facecorner.lv\\\/wp-content\\\/uploads\\\/2024\\\/04\\\/fc-logo.jpg\",\"width\":174,\"height\":28,\"caption\":\"Facecorner\"},\"image\":{\"@id\":\"https:\\\/\\\/www.facecorner.lv\\\/#\\\/schema\\\/logo\\\/image\\\/\"},\"sameAs\":[\"https:\\\/\\\/www.facebook.com\\\/profile.php?id=100063824551839\",\"https:\\\/\\\/www.instagram.com\\\/facecorner_shop\\\/\"]}]}<\/script>\n<meta property=\"product:price:amount\" content=\"29.00\" \/>\n<meta property=\"product:price:currency\" content=\"EUR\" \/>\n<meta property=\"og:availability\" content=\"out of stock\" \/>\n<meta property=\"product:availability\" content=\"out of stock\" \/>\n<meta property=\"product:condition\" content=\"new\" \/>\n<!-- \/ Yoast SEO plugin. -->","yoast_head_json":{"title":"VT PDRN Glow Ampoule 100ml - FACECORNER","description":"\u041e\u0436\u0438\u0432\u0438\u0442\u0435 \u0443\u0441\u0442\u0430\u0432\u0448\u0443\u044e \u0438 \u0442\u0443\u0441\u043a\u043b\u0443\u044e \u043a\u043e\u0436\u0443 \u0441 \u043f\u043e\u043c\u043e\u0449\u044c\u044e VT PDRN Glow Ampoule \u2014 \u043a\u043e\u043d\u0446\u0435\u043d\u0442\u0440\u0438\u0440\u043e\u0432\u0430\u043d\u043d\u043e\u0439 \u0430\u043c\u043f\u0443\u043b\u044b, \u0441\u043e\u0437\u0434\u0430\u043d\u043d\u043e\u0439 \u0434\u043b\u044f \u0438\u043d\u0442\u0435\u043d\u0441\u0438\u0432\u043d\u043e\u0433\u043e \u0432\u043e\u0441\u0441\u0442\u0430\u043d\u043e\u0432\u043b\u0435\u043d\u0438\u044f, \u0441\u0438\u044f\u043d\u0438\u044f \u0438 \u0430\u043d\u0442\u0438\u0432\u043e\u0437\u0440\u0430\u0441\u0442\u043d\u043e\u0433\u043e \u0443\u0445\u043e\u0434\u0430.","robots":{"index":"index","follow":"follow","max-snippet":"max-snippet:-1","max-image-preview":"max-image-preview:large","max-video-preview":"max-video-preview:-1"},"canonical":"https:\/\/www.facecorner.lv\/ru\/shop\/vt-pdrn-glow-ampoule-100ml\/","og_locale":"ru_RU","og_type":"article","og_title":"VT PDRN Glow Ampoule 100ml - FACECORNER","og_description":"Atdz\u012bvini noguru\u0161o un bl\u0101vo \u0101du ar VT PDRN Glow Ampoule \u2014 koncentr\u0113tu ampulu, kas rad\u012bta intens\u012bvai atjauno\u0161anai, mirdzumam un pretnoveco\u0161an\u0101s kop\u0161anai.","og_url":"https:\/\/www.facecorner.lv\/ru\/shop\/vt-pdrn-glow-ampoule-100ml\/","og_site_name":"FACECORNER","article_publisher":"https:\/\/www.facebook.com\/profile.php?id=100063824551839","article_modified_time":"2026-03-26T11:36:57+00:00","og_image":[{"width":1946,"height":1946,"url":"https:\/\/www.facecorner.lv\/wp-content\/uploads\/2025\/08\/1_4c89da90-cf29-4c05-bc5b-fd87d0dc7810.webp","type":"image\/webp"}],"twitter_card":"summary_large_image","twitter_misc":{"\u0426\u0435\u043d\u0430":"&euro;29.00","\u0414\u043e\u0441\u0442\u0443\u043f\u043d\u043e\u0441\u0442\u044c":"\u0420\u0430\u0441\u043f\u0440\u043e\u0434\u0430\u043d\u043e"},"schema":{"@context":"https:\/\/schema.org","@graph":[{"@type":"WebPage","@id":"https:\/\/www.facecorner.lv\/shop\/vt-pdrn-glow-ampoule-100ml\/","url":"https:\/\/www.facecorner.lv\/shop\/vt-pdrn-glow-ampoule-100ml\/","name":"VT PDRN Glow Ampoule 100ml - FACECORNER","isPartOf":{"@id":"https:\/\/www.facecorner.lv\/#website"},"primaryImageOfPage":{"@id":"https:\/\/www.facecorner.lv\/shop\/vt-pdrn-glow-ampoule-100ml\/#primaryimage"},"image":{"@id":"https:\/\/www.facecorner.lv\/shop\/vt-pdrn-glow-ampoule-100ml\/#primaryimage"},"thumbnailUrl":"https:\/\/www.facecorner.lv\/wp-content\/uploads\/2025\/08\/1_4c89da90-cf29-4c05-bc5b-fd87d0dc7810.webp","datePublished":"2025-08-18T18:42:01+00:00","dateModified":"2026-03-26T11:36:57+00:00","description":"\u041e\u0436\u0438\u0432\u0438\u0442\u0435 \u0443\u0441\u0442\u0430\u0432\u0448\u0443\u044e \u0438 \u0442\u0443\u0441\u043a\u043b\u0443\u044e \u043a\u043e\u0436\u0443 \u0441 \u043f\u043e\u043c\u043e\u0449\u044c\u044e VT PDRN Glow Ampoule \u2014 \u043a\u043e\u043d\u0446\u0435\u043d\u0442\u0440\u0438\u0440\u043e\u0432\u0430\u043d\u043d\u043e\u0439 \u0430\u043c\u043f\u0443\u043b\u044b, \u0441\u043e\u0437\u0434\u0430\u043d\u043d\u043e\u0439 \u0434\u043b\u044f \u0438\u043d\u0442\u0435\u043d\u0441\u0438\u0432\u043d\u043e\u0433\u043e \u0432\u043e\u0441\u0441\u0442\u0430\u043d\u043e\u0432\u043b\u0435\u043d\u0438\u044f, \u0441\u0438\u044f\u043d\u0438\u044f \u0438 \u0430\u043d\u0442\u0438\u0432\u043e\u0437\u0440\u0430\u0441\u0442\u043d\u043e\u0433\u043e \u0443\u0445\u043e\u0434\u0430.","breadcrumb":{"@id":"https:\/\/www.facecorner.lv\/shop\/vt-pdrn-glow-ampoule-100ml\/#breadcrumb"},"inLanguage":"ru-RU","potentialAction":[{"@type":"ReadAction","target":["https:\/\/www.facecorner.lv\/shop\/vt-pdrn-glow-ampoule-100ml\/"]}]},{"@type":"ImageObject","inLanguage":"ru-RU","@id":"https:\/\/www.facecorner.lv\/shop\/vt-pdrn-glow-ampoule-100ml\/#primaryimage","url":"https:\/\/www.facecorner.lv\/wp-content\/uploads\/2025\/08\/1_4c89da90-cf29-4c05-bc5b-fd87d0dc7810.webp","contentUrl":"https:\/\/www.facecorner.lv\/wp-content\/uploads\/2025\/08\/1_4c89da90-cf29-4c05-bc5b-fd87d0dc7810.webp","width":1946,"height":1946,"caption":"VT PDRN Glow Ampoule"},{"@type":"BreadcrumbList","@id":"https:\/\/www.facecorner.lv\/shop\/vt-pdrn-glow-ampoule-100ml\/#breadcrumb","itemListElement":[{"@type":"ListItem","position":1,"name":"Home","item":"https:\/\/www.facecorner.lv\/"},{"@type":"ListItem","position":2,"name":"Veikals","item":"https:\/\/www.facecorner.lv\/shop\/"},{"@type":"ListItem","position":3,"name":"VT PDRN Glow Ampoule 100ml"}]},{"@type":"WebSite","@id":"https:\/\/www.facecorner.lv\/#website","url":"https:\/\/www.facecorner.lv\/","name":"Facecorner","description":"","publisher":{"@id":"https:\/\/www.facecorner.lv\/#organization"},"potentialAction":[{"@type":"SearchAction","target":{"@type":"EntryPoint","urlTemplate":"https:\/\/www.facecorner.lv\/?s={search_term_string}"},"query-input":{"@type":"PropertyValueSpecification","valueRequired":true,"valueName":"search_term_string"}}],"inLanguage":"ru-RU"},{"@type":"Organization","@id":"https:\/\/www.facecorner.lv\/#organization","name":"Facecorner","url":"https:\/\/www.facecorner.lv\/","logo":{"@type":"ImageObject","inLanguage":"ru-RU","@id":"https:\/\/www.facecorner.lv\/#\/schema\/logo\/image\/","url":"https:\/\/www.facecorner.lv\/wp-content\/uploads\/2024\/04\/fc-logo.jpg","contentUrl":"https:\/\/www.facecorner.lv\/wp-content\/uploads\/2024\/04\/fc-logo.jpg","width":174,"height":28,"caption":"Facecorner"},"image":{"@id":"https:\/\/www.facecorner.lv\/#\/schema\/logo\/image\/"},"sameAs":["https:\/\/www.facebook.com\/profile.php?id=100063824551839","https:\/\/www.instagram.com\/facecorner_shop\/"]}]},"product_price_amount":"29.00","product_price_currency":"EUR","og_availability":"out of stock","product_availability":"out of stock","product_condition":"new"},"_links":{"self":[{"href":"https:\/\/www.facecorner.lv\/ru\/wp-json\/wp\/v2\/product\/25027","targetHints":{"allow":["GET"]}}],"collection":[{"href":"https:\/\/www.facecorner.lv\/ru\/wp-json\/wp\/v2\/product"}],"about":[{"href":"https:\/\/www.facecorner.lv\/ru\/wp-json\/wp\/v2\/types\/product"}],"replies":[{"embeddable":true,"href":"https:\/\/www.facecorner.lv\/ru\/wp-json\/wp\/v2\/comments?post=25027"}],"wp:featuredmedia":[{"embeddable":true,"href":"https:\/\/www.facecorner.lv\/ru\/wp-json\/wp\/v2\/media\/25028"}],"wp:attachment":[{"href":"https:\/\/www.facecorner.lv\/ru\/wp-json\/wp\/v2\/media?parent=25027"}],"wp:term":[{"taxonomy":"product_brand","embeddable":true,"href":"https:\/\/www.facecorner.lv\/ru\/wp-json\/wp\/v2\/product_brand?post=25027"},{"taxonomy":"product_cat","embeddable":true,"href":"https:\/\/www.facecorner.lv\/ru\/wp-json\/wp\/v2\/product_cat?post=25027"},{"taxonomy":"product_tag","embeddable":true,"href":"https:\/\/www.facecorner.lv\/ru\/wp-json\/wp\/v2\/product_tag?post=25027"},{"taxonomy":"berocket_brand","embeddable":true,"href":"https:\/\/www.facecorner.lv\/ru\/wp-json\/wp\/v2\/berocket_brand?post=25027"}],"curies":[{"name":"wp","href":"https:\/\/api.w.org\/{rel}","templated":true}]}}