{"id":25003,"date":"2025-08-13T10:36:50","date_gmt":"2025-08-13T07:36:50","guid":{"rendered":"https:\/\/www.facecorner.lv\/?post_type=product&#038;p=25003"},"modified":"2025-08-13T10:36:50","modified_gmt":"2025-08-13T07:36:50","slug":"tocobo-cica-calming-gel-cream-75ml","status":"publish","type":"product","link":"https:\/\/www.facecorner.lv\/ru\/shop\/tocobo-cica-calming-gel-cream-75ml\/","title":{"rendered":"Tocobo Cica Calming Gel Cream 75ml"},"content":{"rendered":"<p>Tocobo Cica Calming Gel Cream \u044d\u0442\u043e \u0438\u043d\u043d\u043e\u0432\u0430\u0446\u0438\u043e\u043d\u043d\u044b\u0439 \u043a\u043e\u0440\u0435\u0439\u0441\u043a\u0438\u0439 \u043a\u0440\u0435\u043c\u2011\u0433\u0435\u043b\u044c \u00ab\u043f\u0443\u0434\u0434\u0438\u043d\u0433\u00bb \u0441 \u043c\u043e\u0449\u043d\u043e\u0439 \u0444\u043e\u0440\u043c\u0443\u043b\u043e\u0439 \u0434\u043b\u044f \u0441\u043f\u043e\u043a\u043e\u0439\u043d\u043e\u0439, \u0443\u0432\u043b\u0430\u0436\u043d\u0451\u043d\u043d\u043e\u0439 \u0438 \u0437\u0430\u0449\u0438\u0449\u0451\u043d\u043d\u043e\u0439 \u043a\u043e\u0436\u0438.<\/p>\n<p>\u0423\u0436\u0435 \u0447\u0435\u0440\u0435\u0437 3\u202f\u0441\u0435\u043a\u0443\u043d\u0434\u044b \u043f\u043e\u0441\u043b\u0435 \u043d\u0430\u043d\u0435\u0441\u0435\u043d\u0438\u044f \u0432\u044b \u043f\u043e\u0447\u0443\u0432\u0441\u0442\u0432\u0443\u0435\u0442\u0435 \u043f\u0440\u043e\u0445\u043b\u0430\u0434\u0443 \u0438 \u043a\u043e\u043c\u0444\u043e\u0440\u0442: CICA\u2011\u043a\u043e\u043c\u043f\u043b\u0435\u043a\u0441 \u0441\u043d\u0438\u043c\u0430\u0435\u0442 \u0440\u0430\u0437\u0434\u0440\u0430\u0436\u0435\u043d\u0438\u0435, \u043a\u0435\u0440\u0430-\u0433\u0438\u0430\u043b\u0443\u0440\u043e\u043d\u044b \u0443\u0434\u0435\u0440\u0436\u0438\u0432\u0430\u044e\u0442 \u0432\u043b\u0430\u0433\u0443, \u0430 \u0446\u0435\u0440\u0430\u043c\u0438\u0434 \u0438 \u043f\u0440\u043e\u0431\u0438\u043e\u0442\u0438\u043a\u0438 \u0432\u043e\u0441\u0441\u0442\u0430\u043d\u0430\u0432\u043b\u0438\u0432\u0430\u044e\u0442 \u0431\u0430\u0440\u044c\u0435\u0440. \u0418\u0434\u0435\u0430\u043b\u0435\u043d \u043f\u043e\u0434 \u043c\u0430\u043a\u0438\u044f\u0436, \u043d\u0435 \u043e\u0441\u0442\u0430\u0432\u043b\u044f\u0435\u0442 \u043b\u0438\u043f\u043a\u043e\u0433\u043e \u0441\u043b\u043e\u044f \u0438 \u043f\u043e\u0434\u0445\u043e\u0434\u0438\u0442 \u0434\u0430\u0436\u0435 \u0434\u043b\u044f \u043a\u043e\u0436\u0438 \u0441 \u043a\u0443\u043f\u0435\u0440\u043e\u0437\u043e\u043c \u0438 \u0430\u043a\u043d\u0435.<\/p>\n<ul>\n<li>\u0426\u0435\u043d\u0442\u0435\u043b\u043b\u0430 \u0430\u0437\u0438\u0430\u0442\u0441\u043a\u0430\u044f \u0430\u043a\u0442\u0438\u0432\u043d\u043e \u0443\u0441\u043f\u043e\u043a\u0430\u0438\u0432\u0430\u0435\u0442 \u043a\u043e\u0436\u0443, \u0441\u043d\u0438\u043c\u0430\u0435\u0442 \u043f\u043e\u043a\u0440\u0430\u0441\u043d\u0435\u043d\u0438\u0435 \u0438 \u0440\u0430\u0437\u0434\u0440\u0430\u0436\u0435\u043d\u0438\u0435, \u0441\u043d\u0438\u0436\u0430\u0435\u0442 \u0447\u0443\u0432\u0441\u0442\u0432\u0438\u0442\u0435\u043b\u044c\u043d\u043e\u0441\u0442\u044c \u0438 \u043e\u043a\u0430\u0437\u044b\u0432\u0430\u0435\u0442 \u0441\u043c\u044f\u0433\u0447\u0430\u044e\u0449\u0435\u0435 \u0434\u0435\u0439\u0441\u0442\u0432\u0438\u0435.<\/li>\n<li>\u041b\u0438\u0437\u0430\u0442 \u0431\u0438\u0444\u0438\u0434\u043e\u0431\u0430\u043a\u0442\u0435\u0440\u0438\u0439 \u0430\u043a\u0442\u0438\u0432\u043d\u043e \u043f\u0438\u0442\u0430\u0435\u0442 \u043a\u043e\u0436\u0443, \u0441\u043f\u043e\u0441\u043e\u0431\u0441\u0442\u0432\u0443\u0435\u0442 \u0432\u044b\u0440\u0430\u0432\u043d\u0438\u0432\u0430\u043d\u0438\u044e \u0442\u043e\u043d\u0430, \u0441\u043e\u0445\u0440\u0430\u043d\u0435\u043d\u0438\u044e \u0433\u043b\u0430\u0434\u043a\u043e\u0441\u0442\u0438 \u0438 \u043f\u0440\u0435\u043f\u044f\u0442\u0441\u0442\u0432\u0443\u0435\u0442 \u043e\u0431\u0435\u0437\u0432\u043e\u0436\u0438\u0432\u0430\u043d\u0438\u044e, \u0430 \u0442\u0430\u043a\u0436\u0435 \u043f\u043e\u0434\u0434\u0435\u0440\u0436\u0438\u0432\u0430\u0435\u0442 \u0437\u0434\u043e\u0440\u043e\u0432\u044b\u0439 \u043c\u0438\u043a\u0440\u043e\u0431\u0438\u043e\u043c \u043a\u043e\u0436\u0438, \u043f\u0440\u0435\u043f\u044f\u0442\u0441\u0442\u0432\u0443\u044f \u0440\u0430\u0437\u0432\u0438\u0442\u0438\u044e \u043f\u0430\u0442\u043e\u0433\u0435\u043d\u043d\u043e\u0439 \u0431\u0430\u043a\u0442\u0435\u0440\u0438\u0430\u043b\u044c\u043d\u043e\u0439 \u0441\u0440\u0435\u0434\u044b.<\/li>\n<li>\u041f\u0430\u043d\u0442\u0435\u043d\u043e\u043b \u043e\u043a\u0430\u0437\u044b\u0432\u0430\u0435\u0442 \u0443\u0441\u043f\u043e\u043a\u0430\u0438\u0432\u0430\u044e\u0449\u0435\u0435 \u0438 \u0440\u0435\u0433\u0435\u043d\u0435\u0440\u0438\u0440\u0443\u044e\u0449\u0435\u0435 \u0434\u0435\u0439\u0441\u0442\u0432\u0438\u0435, \u0441\u043d\u0438\u043c\u0430\u0435\u0442 \u043f\u043e\u043a\u0440\u0430\u0441\u043d\u0435\u043d\u0438\u0435 \u0438 \u0440\u0430\u0437\u0434\u0440\u0430\u0436\u0435\u043d\u0438\u0435, \u0441\u043d\u0438\u0436\u0430\u0435\u0442 \u0447\u0443\u0432\u0441\u0442\u0432\u0438\u0442\u0435\u043b\u044c\u043d\u043e\u0441\u0442\u044c \u043a\u043e\u0436\u0438.<\/li>\n<li>\u042d\u043a\u0441\u0442\u0440\u0430\u043a\u0442 \u0447\u0430\u0439\u043d\u043e\u0433\u043e \u0434\u0435\u0440\u0435\u0432\u0430 \u043e\u0431\u043b\u0430\u0434\u0430\u0435\u0442 \u043c\u043e\u0449\u043d\u044b\u043c \u043f\u0440\u043e\u0442\u0438\u0432\u043e\u0432\u043e\u0441\u043f\u0430\u043b\u0438\u0442\u0435\u043b\u044c\u043d\u044b\u043c \u0438 \u0430\u043d\u0442\u0438\u0431\u0430\u043a\u0442\u0435\u0440\u0438\u0430\u043b\u044c\u043d\u044b\u043c \u0434\u0435\u0439\u0441\u0442\u0432\u0438\u0435\u043c, \u0430\u043a\u0442\u0438\u0432\u043d\u043e \u0431\u043e\u0440\u0435\u0442\u0441\u044f \u0441 \u0432\u044b\u0441\u044b\u043f\u0430\u043d\u0438\u044f\u043c\u0438 \u0438 \u043f\u0440\u0435\u0434\u043e\u0442\u0432\u0440\u0430\u0449\u0430\u0435\u0442 \u043f\u043e\u044f\u0432\u043b\u0435\u043d\u0438\u0435 \u043d\u043e\u0432\u044b\u0445, \u0430 \u0442\u0430\u043a\u0436\u0435 \u0440\u0435\u0433\u0443\u043b\u0438\u0440\u0443\u0435\u0442 \u0440\u0430\u0431\u043e\u0442\u0443 \u0441\u0430\u043b\u044c\u043d\u044b\u0445 \u0436\u0435\u043b\u0435\u0437.<\/li>\n<\/ul>\n<p><strong>\u0421\u043f\u043e\u0441\u043e\u0431 \u043f\u0440\u0438\u043c\u0435\u043d\u0435\u043d\u0438\u044f:<\/strong> \u043d\u0430\u043d\u0435\u0441\u0438\u0442\u0435 \u043b\u0435\u0433\u043a\u0438\u043c\u0438 \u043c\u0430\u0441\u0441\u0438\u0440\u0443\u044e\u0449\u0438\u043c\u0438 \u0434\u0432\u0438\u0436\u0435\u043d\u0438\u044f\u043c\u0438 \u043d\u0430 \u0447\u0438\u0441\u0442\u0443\u044e \u043a\u043e\u0436\u0443 \u043a\u0430\u043a \u043f\u043e\u0441\u043b\u0435\u0434\u043d\u0438\u0439 \u044d\u0442\u0430\u043f \u0443\u0445\u043e\u0434\u0430.<\/p>\n<p><strong>\u0421\u043e\u0441\u0442\u0430\u0432:<\/strong> Water, Glycerin, Butylene Glycol, Propanediol, Dimethicone, Methyl Trimethicone, Hydrogenated Poly\u2011C6\u201114 Olefin, 1,2\u2011Hexanediol, PCA Dimethicone, Pentaerythrityl Tetraethylhexanoate, Cetearyl Alcohol, Glyceryl Stearate Citrate, Hydroxyethyl Acrylate \/ Sodium Acryloyl Dimethyl Taurate Copolymer, Glyceryl Stearate, Acrylates\/C10\u201130 Alkyl Acrylate Crosspolymer, Tromethamine, Centella Asiatica Leaf Extract, Bifida Fermentation Lysate, Lactococcus Fermentation Lysate, Lactobacillus Fermentation Lysate, Dextrin, Dipropylene Glycol, Niacinamide, Xanthan Gum, Ethylhexylglycerin, Gardenia (Gardenia Florida) Flower Extract, Disodium EDTA, Sorbitan Isostearate, Panthenol, Tea Tree (Melaleuca Alternifolia) Leaf Extract, Hydrogenated Lecithin, Asiaticoside, Asiatic Acid, Madecassic Acid, Pine (Pinus Pinaster) Leaf\/Bark Extract, Tocopherol, Sodium Hyaluronate, Beta\u2011Glucan, Ceramide NP, Hydroxypropyltrimonium Hyaluronate, Hydrolyzed Hyaluronic Acid, Sodium Acetylated Hyaluronate, Hyaluronic Acid, Hydrolyzed Sodium Hyaluronate, Sodium Hyaluronate Crosspolymer, Potassium Hyaluronate, Fragrance<\/p>","protected":false},"excerpt":{"rendered":"<p>Tocobo Cica Calming Gel Cream \u044d\u0442\u043e \u0438\u043d\u043d\u043e\u0432\u0430\u0446\u0438\u043e\u043d\u043d\u044b\u0439 \u043a\u043e\u0440\u0435\u0439\u0441\u043a\u0438\u0439 \u043a\u0440\u0435\u043c\u2011\u0433\u0435\u043b\u044c \u00ab\u043f\u0443\u0434\u0434\u0438\u043d\u0433\u00bb \u0441 \u043c\u043e\u0449\u043d\u043e\u0439 \u0444\u043e\u0440\u043c\u0443\u043b\u043e\u0439 \u0434\u043b\u044f \u0441\u043f\u043e\u043a\u043e\u0439\u043d\u043e\u0439, \u0443\u0432\u043b\u0430\u0436\u043d\u0451\u043d\u043d\u043e\u0439 \u0438 \u0437\u0430\u0449\u0438\u0449\u0451\u043d\u043d\u043e\u0439 \u043a\u043e\u0436\u0438.<\/p>","protected":false},"featured_media":25004,"comment_status":"open","ping_status":"closed","template":"","meta":{"site-sidebar-layout":"default","site-content-layout":"","ast-site-content-layout":"default","site-content-style":"default","site-sidebar-style":"default","ast-global-header-display":"","ast-banner-title-visibility":"","ast-main-header-display":"","ast-hfb-above-header-display":"","ast-hfb-below-header-display":"","ast-hfb-mobile-header-display":"","site-post-title":"","ast-breadcrumbs-content":"","ast-featured-img":"","footer-sml-layout":"","theme-transparent-header-meta":"default","adv-header-id-meta":"","stick-header-meta":"","header-above-stick-meta":"","header-main-stick-meta":"","header-below-stick-meta":"","astra-migrate-meta-layouts":"set","ast-page-background-enabled":"default","ast-page-background-meta":{"desktop":{"background-color":"var(--ast-global-color-4)","background-image":"","background-repeat":"repeat","background-position":"center center","background-size":"auto","background-attachment":"scroll","background-type":"","background-media":"","overlay-type":"","overlay-color":"","overlay-opacity":"","overlay-gradient":""},"tablet":{"background-color":"","background-image":"","background-repeat":"repeat","background-position":"center center","background-size":"auto","background-attachment":"scroll","background-type":"","background-media":"","overlay-type":"","overlay-color":"","overlay-opacity":"","overlay-gradient":""},"mobile":{"background-color":"","background-image":"","background-repeat":"repeat","background-position":"center center","background-size":"auto","background-attachment":"scroll","background-type":"","background-media":"","overlay-type":"","overlay-color":"","overlay-opacity":"","overlay-gradient":""}},"ast-content-background-meta":{"desktop":{"background-color":"var(--ast-global-color-5)","background-image":"","background-repeat":"repeat","background-position":"center center","background-size":"auto","background-attachment":"scroll","background-type":"","background-media":"","overlay-type":"","overlay-color":"","overlay-opacity":"","overlay-gradient":""},"tablet":{"background-color":"var(--ast-global-color-5)","background-image":"","background-repeat":"repeat","background-position":"center center","background-size":"auto","background-attachment":"scroll","background-type":"","background-media":"","overlay-type":"","overlay-color":"","overlay-opacity":"","overlay-gradient":""},"mobile":{"background-color":"var(--ast-global-color-5)","background-image":"","background-repeat":"repeat","background-position":"center center","background-size":"auto","background-attachment":"scroll","background-type":"","background-media":"","overlay-type":"","overlay-color":"","overlay-opacity":"","overlay-gradient":""}}},"product_brand":[],"product_cat":[362,366,367],"product_tag":[],"berocket_brand":[588],"class_list":{"0":"post-25003","1":"product","2":"type-product","3":"status-publish","4":"has-post-thumbnail","6":"product_cat-sejas-krems","7":"product_cat-mitrinoss","8":"product_cat-nomierinoss","9":"berocket_brand-tocobo","10":"desktop-align-left","11":"tablet-align-left","12":"mobile-align-left","14":"first","15":"instock","16":"taxable","17":"shipping-taxable","18":"purchasable","19":"product-type-simple","20":"add-to-wishlist-before_image"},"yoast_head":"<!-- This site is optimized with the Yoast SEO plugin v27.1.1 - https:\/\/yoast.com\/product\/yoast-seo-wordpress\/ -->\n<title>Tocobo Cica Calming Gel Cream 75ml - FACECORNER<\/title>\n<meta name=\"description\" content=\"Tocobo Cica Calming Gel Cream ir inovat\u012bvs Korejas kr\u0113ma-g\u0113ls ar sp\u0113c\u012bgu formulu, kas nodro\u0161ina mier\u012bgu, mitrin\u0101tu un aizsarg\u0101tu \u0101du.\" \/>\n<meta name=\"robots\" content=\"index, follow, max-snippet:-1, max-image-preview:large, max-video-preview:-1\" \/>\n<link rel=\"canonical\" href=\"https:\/\/www.facecorner.lv\/ru\/shop\/tocobo-cica-calming-gel-cream-75ml\/\" \/>\n<meta property=\"og:locale\" content=\"ru_RU\" \/>\n<meta property=\"og:type\" content=\"article\" \/>\n<meta property=\"og:title\" content=\"Tocobo Cica Calming Gel Cream 75ml - FACECORNER\" \/>\n<meta property=\"og:description\" content=\"Tocobo Cica Calming Gel Cream ir inovat\u012bvs Korejas kr\u0113ma-g\u0113ls ar sp\u0113c\u012bgu formulu, kas nodro\u0161ina mier\u012bgu, mitrin\u0101tu un aizsarg\u0101tu \u0101du.\" \/>\n<meta property=\"og:url\" content=\"https:\/\/www.facecorner.lv\/ru\/shop\/tocobo-cica-calming-gel-cream-75ml\/\" \/>\n<meta property=\"og:site_name\" content=\"FACECORNER\" \/>\n<meta property=\"article:publisher\" content=\"https:\/\/www.facebook.com\/profile.php?id=100063824551839\" \/>\n<meta property=\"og:image\" content=\"https:\/\/www.facecorner.lv\/wp-content\/uploads\/2025\/08\/TocoboCicaCalmingGelCream.webp\" \/>\n\t<meta property=\"og:image:width\" content=\"950\" \/>\n\t<meta property=\"og:image:height\" content=\"950\" \/>\n\t<meta property=\"og:image:type\" content=\"image\/webp\" \/>\n<meta name=\"twitter:card\" content=\"summary_large_image\" \/>\n<meta name=\"twitter:label1\" content=\"\u0426\u0435\u043d\u0430\" \/>\n\t<meta name=\"twitter:data1\" content=\"&euro;16.90\" \/>\n\t<meta name=\"twitter:label2\" content=\"\u0414\u043e\u0441\u0442\u0443\u043f\u043d\u043e\u0441\u0442\u044c\" \/>\n\t<meta name=\"twitter:data2\" content=\"\u0412 \u043d\u0430\u043b\u0438\u0447\u0438\u0438\" \/>\n<script type=\"application\/ld+json\" class=\"yoast-schema-graph\">{\"@context\":\"https:\/\/schema.org\",\"@graph\":[{\"@type\":\"WebPage\",\"@id\":\"https:\/\/www.facecorner.lv\/shop\/tocobo-cica-calming-gel-cream-75ml\/\",\"url\":\"https:\/\/www.facecorner.lv\/shop\/tocobo-cica-calming-gel-cream-75ml\/\",\"name\":\"Tocobo Cica Calming Gel Cream 75ml - FACECORNER\",\"isPartOf\":{\"@id\":\"https:\/\/www.facecorner.lv\/#website\"},\"primaryImageOfPage\":{\"@id\":\"https:\/\/www.facecorner.lv\/shop\/tocobo-cica-calming-gel-cream-75ml\/#primaryimage\"},\"image\":{\"@id\":\"https:\/\/www.facecorner.lv\/shop\/tocobo-cica-calming-gel-cream-75ml\/#primaryimage\"},\"thumbnailUrl\":\"https:\/\/www.facecorner.lv\/wp-content\/uploads\/2025\/08\/TocoboCicaCalmingGelCream.webp\",\"datePublished\":\"2025-08-13T07:36:50+00:00\",\"description\":\"Tocobo Cica Calming Gel Cream ir inovat\u012bvs Korejas kr\u0113ma-g\u0113ls ar sp\u0113c\u012bgu formulu, kas nodro\u0161ina mier\u012bgu, mitrin\u0101tu un aizsarg\u0101tu \u0101du.\",\"breadcrumb\":{\"@id\":\"https:\/\/www.facecorner.lv\/shop\/tocobo-cica-calming-gel-cream-75ml\/#breadcrumb\"},\"inLanguage\":\"ru-RU\",\"potentialAction\":[{\"@type\":\"ReadAction\",\"target\":[\"https:\/\/www.facecorner.lv\/shop\/tocobo-cica-calming-gel-cream-75ml\/\"]}]},{\"@type\":\"ImageObject\",\"inLanguage\":\"ru-RU\",\"@id\":\"https:\/\/www.facecorner.lv\/shop\/tocobo-cica-calming-gel-cream-75ml\/#primaryimage\",\"url\":\"https:\/\/www.facecorner.lv\/wp-content\/uploads\/2025\/08\/TocoboCicaCalmingGelCream.webp\",\"contentUrl\":\"https:\/\/www.facecorner.lv\/wp-content\/uploads\/2025\/08\/TocoboCicaCalmingGelCream.webp\",\"width\":950,\"height\":950,\"caption\":\"Tocobo Cica Calming Gel Cream\"},{\"@type\":\"BreadcrumbList\",\"@id\":\"https:\/\/www.facecorner.lv\/shop\/tocobo-cica-calming-gel-cream-75ml\/#breadcrumb\",\"itemListElement\":[{\"@type\":\"ListItem\",\"position\":1,\"name\":\"Home\",\"item\":\"https:\/\/www.facecorner.lv\/\"},{\"@type\":\"ListItem\",\"position\":2,\"name\":\"Veikals\",\"item\":\"https:\/\/www.facecorner.lv\/shop\/\"},{\"@type\":\"ListItem\",\"position\":3,\"name\":\"Tocobo Cica Calming Gel Cream 75ml\"}]},{\"@type\":\"WebSite\",\"@id\":\"https:\/\/www.facecorner.lv\/#website\",\"url\":\"https:\/\/www.facecorner.lv\/\",\"name\":\"Facecorner\",\"description\":\"\",\"publisher\":{\"@id\":\"https:\/\/www.facecorner.lv\/#organization\"},\"potentialAction\":[{\"@type\":\"SearchAction\",\"target\":{\"@type\":\"EntryPoint\",\"urlTemplate\":\"https:\/\/www.facecorner.lv\/?s={search_term_string}\"},\"query-input\":{\"@type\":\"PropertyValueSpecification\",\"valueRequired\":true,\"valueName\":\"search_term_string\"}}],\"inLanguage\":\"ru-RU\"},{\"@type\":\"Organization\",\"@id\":\"https:\/\/www.facecorner.lv\/#organization\",\"name\":\"Facecorner\",\"url\":\"https:\/\/www.facecorner.lv\/\",\"logo\":{\"@type\":\"ImageObject\",\"inLanguage\":\"ru-RU\",\"@id\":\"https:\/\/www.facecorner.lv\/#\/schema\/logo\/image\/\",\"url\":\"https:\/\/www.facecorner.lv\/wp-content\/uploads\/2024\/04\/fc-logo.jpg\",\"contentUrl\":\"https:\/\/www.facecorner.lv\/wp-content\/uploads\/2024\/04\/fc-logo.jpg\",\"width\":174,\"height\":28,\"caption\":\"Facecorner\"},\"image\":{\"@id\":\"https:\/\/www.facecorner.lv\/#\/schema\/logo\/image\/\"},\"sameAs\":[\"https:\/\/www.facebook.com\/profile.php?id=100063824551839\",\"https:\/\/www.instagram.com\/facecorner_shop\/\"]}]}<\/script>\n<meta property=\"product:price:amount\" content=\"16.90\" \/>\n<meta property=\"product:price:currency\" content=\"EUR\" \/>\n<meta property=\"og:availability\" content=\"instock\" \/>\n<meta property=\"product:availability\" content=\"instock\" \/>\n<meta property=\"product:condition\" content=\"new\" \/>\n<!-- \/ Yoast SEO plugin. -->","yoast_head_json":{"title":"Tocobo Cica Calming Gel Cream 75ml - FACECORNER","description":"Tocobo Cica Calming Gel Cream \u044d\u0442\u043e \u0438\u043d\u043d\u043e\u0432\u0430\u0446\u0438\u043e\u043d\u043d\u044b\u0439 \u043a\u043e\u0440\u0435\u0439\u0441\u043a\u0438\u0439 \u043a\u0440\u0435\u043c\u2011\u0433\u0435\u043b\u044c \u00ab\u043f\u0443\u0434\u0434\u0438\u043d\u0433\u00bb \u0441 \u043c\u043e\u0449\u043d\u043e\u0439 \u0444\u043e\u0440\u043c\u0443\u043b\u043e\u0439 \u0434\u043b\u044f \u0441\u043f\u043e\u043a\u043e\u0439\u043d\u043e\u0439, \u0443\u0432\u043b\u0430\u0436\u043d\u0451\u043d\u043d\u043e\u0439 \u0438 \u0437\u0430\u0449\u0438\u0449\u0451\u043d\u043d\u043e\u0439 \u043a\u043e\u0436\u0438.","robots":{"index":"index","follow":"follow","max-snippet":"max-snippet:-1","max-image-preview":"max-image-preview:large","max-video-preview":"max-video-preview:-1"},"canonical":"https:\/\/www.facecorner.lv\/ru\/shop\/tocobo-cica-calming-gel-cream-75ml\/","og_locale":"ru_RU","og_type":"article","og_title":"Tocobo Cica Calming Gel Cream 75ml - FACECORNER","og_description":"Tocobo Cica Calming Gel Cream ir inovat\u012bvs Korejas kr\u0113ma-g\u0113ls ar sp\u0113c\u012bgu formulu, kas nodro\u0161ina mier\u012bgu, mitrin\u0101tu un aizsarg\u0101tu \u0101du.","og_url":"https:\/\/www.facecorner.lv\/ru\/shop\/tocobo-cica-calming-gel-cream-75ml\/","og_site_name":"FACECORNER","article_publisher":"https:\/\/www.facebook.com\/profile.php?id=100063824551839","og_image":[{"width":950,"height":950,"url":"https:\/\/www.facecorner.lv\/wp-content\/uploads\/2025\/08\/TocoboCicaCalmingGelCream.webp","type":"image\/webp"}],"twitter_card":"summary_large_image","twitter_misc":{"\u0426\u0435\u043d\u0430":"&euro;16.90","\u0414\u043e\u0441\u0442\u0443\u043f\u043d\u043e\u0441\u0442\u044c":"\u0412 \u043d\u0430\u043b\u0438\u0447\u0438\u0438"},"schema":{"@context":"https:\/\/schema.org","@graph":[{"@type":"WebPage","@id":"https:\/\/www.facecorner.lv\/shop\/tocobo-cica-calming-gel-cream-75ml\/","url":"https:\/\/www.facecorner.lv\/shop\/tocobo-cica-calming-gel-cream-75ml\/","name":"Tocobo Cica Calming Gel Cream 75ml - FACECORNER","isPartOf":{"@id":"https:\/\/www.facecorner.lv\/#website"},"primaryImageOfPage":{"@id":"https:\/\/www.facecorner.lv\/shop\/tocobo-cica-calming-gel-cream-75ml\/#primaryimage"},"image":{"@id":"https:\/\/www.facecorner.lv\/shop\/tocobo-cica-calming-gel-cream-75ml\/#primaryimage"},"thumbnailUrl":"https:\/\/www.facecorner.lv\/wp-content\/uploads\/2025\/08\/TocoboCicaCalmingGelCream.webp","datePublished":"2025-08-13T07:36:50+00:00","description":"Tocobo Cica Calming Gel Cream \u044d\u0442\u043e \u0438\u043d\u043d\u043e\u0432\u0430\u0446\u0438\u043e\u043d\u043d\u044b\u0439 \u043a\u043e\u0440\u0435\u0439\u0441\u043a\u0438\u0439 \u043a\u0440\u0435\u043c\u2011\u0433\u0435\u043b\u044c \u00ab\u043f\u0443\u0434\u0434\u0438\u043d\u0433\u00bb \u0441 \u043c\u043e\u0449\u043d\u043e\u0439 \u0444\u043e\u0440\u043c\u0443\u043b\u043e\u0439 \u0434\u043b\u044f \u0441\u043f\u043e\u043a\u043e\u0439\u043d\u043e\u0439, \u0443\u0432\u043b\u0430\u0436\u043d\u0451\u043d\u043d\u043e\u0439 \u0438 \u0437\u0430\u0449\u0438\u0449\u0451\u043d\u043d\u043e\u0439 \u043a\u043e\u0436\u0438.","breadcrumb":{"@id":"https:\/\/www.facecorner.lv\/shop\/tocobo-cica-calming-gel-cream-75ml\/#breadcrumb"},"inLanguage":"ru-RU","potentialAction":[{"@type":"ReadAction","target":["https:\/\/www.facecorner.lv\/shop\/tocobo-cica-calming-gel-cream-75ml\/"]}]},{"@type":"ImageObject","inLanguage":"ru-RU","@id":"https:\/\/www.facecorner.lv\/shop\/tocobo-cica-calming-gel-cream-75ml\/#primaryimage","url":"https:\/\/www.facecorner.lv\/wp-content\/uploads\/2025\/08\/TocoboCicaCalmingGelCream.webp","contentUrl":"https:\/\/www.facecorner.lv\/wp-content\/uploads\/2025\/08\/TocoboCicaCalmingGelCream.webp","width":950,"height":950,"caption":"Tocobo Cica Calming Gel Cream"},{"@type":"BreadcrumbList","@id":"https:\/\/www.facecorner.lv\/shop\/tocobo-cica-calming-gel-cream-75ml\/#breadcrumb","itemListElement":[{"@type":"ListItem","position":1,"name":"Home","item":"https:\/\/www.facecorner.lv\/"},{"@type":"ListItem","position":2,"name":"Veikals","item":"https:\/\/www.facecorner.lv\/shop\/"},{"@type":"ListItem","position":3,"name":"Tocobo Cica Calming Gel Cream 75ml"}]},{"@type":"WebSite","@id":"https:\/\/www.facecorner.lv\/#website","url":"https:\/\/www.facecorner.lv\/","name":"Facecorner","description":"","publisher":{"@id":"https:\/\/www.facecorner.lv\/#organization"},"potentialAction":[{"@type":"SearchAction","target":{"@type":"EntryPoint","urlTemplate":"https:\/\/www.facecorner.lv\/?s={search_term_string}"},"query-input":{"@type":"PropertyValueSpecification","valueRequired":true,"valueName":"search_term_string"}}],"inLanguage":"ru-RU"},{"@type":"Organization","@id":"https:\/\/www.facecorner.lv\/#organization","name":"Facecorner","url":"https:\/\/www.facecorner.lv\/","logo":{"@type":"ImageObject","inLanguage":"ru-RU","@id":"https:\/\/www.facecorner.lv\/#\/schema\/logo\/image\/","url":"https:\/\/www.facecorner.lv\/wp-content\/uploads\/2024\/04\/fc-logo.jpg","contentUrl":"https:\/\/www.facecorner.lv\/wp-content\/uploads\/2024\/04\/fc-logo.jpg","width":174,"height":28,"caption":"Facecorner"},"image":{"@id":"https:\/\/www.facecorner.lv\/#\/schema\/logo\/image\/"},"sameAs":["https:\/\/www.facebook.com\/profile.php?id=100063824551839","https:\/\/www.instagram.com\/facecorner_shop\/"]}]},"product_price_amount":"16.90","product_price_currency":"EUR","og_availability":"instock","product_availability":"instock","product_condition":"new"},"_links":{"self":[{"href":"https:\/\/www.facecorner.lv\/ru\/wp-json\/wp\/v2\/product\/25003","targetHints":{"allow":["GET"]}}],"collection":[{"href":"https:\/\/www.facecorner.lv\/ru\/wp-json\/wp\/v2\/product"}],"about":[{"href":"https:\/\/www.facecorner.lv\/ru\/wp-json\/wp\/v2\/types\/product"}],"replies":[{"embeddable":true,"href":"https:\/\/www.facecorner.lv\/ru\/wp-json\/wp\/v2\/comments?post=25003"}],"wp:featuredmedia":[{"embeddable":true,"href":"https:\/\/www.facecorner.lv\/ru\/wp-json\/wp\/v2\/media\/25004"}],"wp:attachment":[{"href":"https:\/\/www.facecorner.lv\/ru\/wp-json\/wp\/v2\/media?parent=25003"}],"wp:term":[{"taxonomy":"product_brand","embeddable":true,"href":"https:\/\/www.facecorner.lv\/ru\/wp-json\/wp\/v2\/product_brand?post=25003"},{"taxonomy":"product_cat","embeddable":true,"href":"https:\/\/www.facecorner.lv\/ru\/wp-json\/wp\/v2\/product_cat?post=25003"},{"taxonomy":"product_tag","embeddable":true,"href":"https:\/\/www.facecorner.lv\/ru\/wp-json\/wp\/v2\/product_tag?post=25003"},{"taxonomy":"berocket_brand","embeddable":true,"href":"https:\/\/www.facecorner.lv\/ru\/wp-json\/wp\/v2\/berocket_brand?post=25003"}],"curies":[{"name":"wp","href":"https:\/\/api.w.org\/{rel}","templated":true}]}}