{"id":24785,"date":"2025-07-15T16:40:16","date_gmt":"2025-07-15T13:40:16","guid":{"rendered":"https:\/\/www.facecorner.lv\/?post_type=product&#038;p=24785"},"modified":"2026-03-23T17:00:13","modified_gmt":"2026-03-23T14:00:13","slug":"anua-pdrn-hyaluronic-acid-100-moisturizing-cream-60ml","status":"publish","type":"product","link":"https:\/\/www.facecorner.lv\/ru\/shop\/anua-pdrn-hyaluronic-acid-100-moisturizing-cream-60ml\/","title":{"rendered":"Anua PDRN Hyaluronic Acid 100 Moisturizing Cream 60ml"},"content":{"rendered":"<p>\u0413\u043b\u0443\u0431\u043e\u043a\u043e \u0443\u0432\u043b\u0430\u0436\u043d\u044f\u044e\u0449\u0438\u0439 \u043a\u0440\u0435\u043c \u0441 PDRN \u0438 \u0433\u0438\u0430\u043b\u0443\u0440\u043e\u043d\u043e\u0432\u043e\u0439 \u043a\u0438\u0441\u043b\u043e\u0442\u043e\u0439 \u0434\u043b\u044f \u0432\u043e\u0441\u043f\u043e\u043b\u043d\u0435\u043d\u0438\u044f \u0432\u043b\u0430\u0433\u0438, \u0443\u043a\u0440\u0435\u043f\u043b\u0435\u043d\u0438\u044f \u043a\u043e\u0436\u043d\u043e\u0433\u043e \u0431\u0430\u0440\u044c\u0435\u0440\u0430 \u0438 \u043f\u043e\u0432\u044b\u0448\u0435\u043d\u0438\u044f \u044d\u043b\u0430\u0441\u0442\u0438\u0447\u043d\u043e\u0441\u0442\u0438.<\/p>\n<p>\u0415\u0433\u043e \u043b\u0435\u0433\u043a\u0430\u044f, \u043d\u043e \u043f\u0438\u0442\u0430\u0442\u0435\u043b\u044c\u043d\u0430\u044f \u0444\u043e\u0440\u043c\u0443\u043b\u0430 \u0431\u044b\u0441\u0442\u0440\u043e \u0432\u043f\u0438\u0442\u044b\u0432\u0430\u0435\u0442\u0441\u044f, \u0434\u0435\u043b\u0430\u044f \u043a\u043e\u0436\u0443 \u0443\u043f\u0440\u0443\u0433\u043e\u0439, \u0433\u043b\u0430\u0434\u043a\u043e\u0439 \u0438 \u0441\u0438\u044f\u044e\u0449\u0435\u0439. PDRN (\u043f\u043e\u043b\u0438\u0434\u0435\u0437\u043e\u043a\u0441\u0438\u0440\u0438\u0431\u043e\u043d\u0443\u043a\u043b\u0435\u043e\u0442\u0438\u0434) - \u0432\u043e\u0441\u0441\u0442\u0430\u043d\u0430\u0432\u043b\u0438\u0432\u0430\u0435\u0442 \u0443\u043f\u0440\u0443\u0433\u043e\u0441\u0442\u044c \u0438 \u044d\u043b\u0430\u0441\u0442\u0438\u0447\u043d\u043e\u0441\u0442\u044c \u043a\u043e\u0436\u0438, \u0440\u0430\u0437\u0433\u043b\u0430\u0436\u0438\u0432\u0430\u0435\u0442 \u043c\u043e\u0440\u0449\u0438\u043d\u044b \u0438 \u0443\u043b\u0443\u0447\u0448\u0430\u0435\u0442 \u0446\u0432\u0435\u0442 \u043b\u0438\u0446\u0430.<\/p>\n<p>\u041f\u043e\u0434\u0445\u043e\u0434\u0438\u0442 \u0434\u043b\u044f \u0432\u0441\u0435\u0445 \u0442\u0438\u043f\u043e\u0432 \u043a\u043e\u0436\u0438, \u043e\u0441\u043e\u0431\u0435\u043d\u043d\u043e \u0434\u043b\u044f \u0441\u0443\u0445\u043e\u0439 \u0438 \u043e\u0431\u0435\u0437\u0432\u043e\u0436\u0435\u043d\u043d\u043e\u0439.<\/p>\n<p><strong>\u0420\u0435\u0437\u0443\u043b\u044c\u0442\u0430\u0442\u044b \u0438\u0441\u043f\u044b\u0442\u0430\u043d\u0438\u0439:<\/strong><\/p>\n<ul>\n<li>\u041a\u043b\u0438\u043d\u0438\u0447\u0435\u0441\u043a\u0438 \u0434\u043e\u043a\u0430\u0437\u0430\u043d\u043e, \u0447\u0442\u043e \u043a\u043e\u043b\u043b\u0430\u0433\u0435\u043d \u0443\u043b\u0443\u0447\u0448\u0430\u0435\u0442\u0441\u044f \u043d\u0430 68,3%.<\/li>\n<li>\u0423\u0441\u0438\u043b\u0438\u0432\u0430\u0435\u0442 \u0443\u0432\u043b\u0430\u0436\u043d\u044f\u044e\u0449\u0438\u0439 \u044d\u0444\u0444\u0435\u043a\u0442 \u0434\u043e 10,79%.<\/li>\n<li>100 \u0447\u0430\u0441\u043e\u0432 \u0443\u043b\u0443\u0447\u0448\u0435\u043d\u043d\u043e\u0433\u043e \u0443\u0432\u043b\u0430\u0436\u043d\u0435\u043d\u0438\u044f \u0434\u0435\u0440\u043c\u044b.<\/li>\n<\/ul>\n<p><strong>\u0421\u043f\u043e\u0441\u043e\u0431 \u043f\u0440\u0438\u043c\u0435\u043d\u0435\u043d\u0438\u044f:<\/strong>\u043f\u043e\u0441\u043b\u0435 \u043e\u0447\u0438\u0449\u0435\u043d\u0438\u044f, \u0442\u043e\u043d\u0438\u0437\u0438\u0440\u043e\u0432\u0430\u043d\u0438\u044f \u0438 \u0438\u0441\u043f\u043e\u043b\u044c\u0437\u043e\u0432\u0430\u043d\u0438\u044f \u0441\u044b\u0432\u043e\u0440\u043e\u0442\u043a\u0438 \u043d\u0430\u043d\u0435\u0441\u0438\u0442\u0435 \u043a\u0440\u0435\u043c \u043d\u0430 \u043b\u0438\u0446\u043e, \u0440\u0430\u0441\u043f\u0440\u0435\u0434\u0435\u043b\u0438\u0442\u0435 \u043f\u043e \u043a\u043e\u0436\u0435.<\/p>\n<p><strong>\u0421\u043e\u0441\u0442\u0430\u0432:<\/strong> Water, Squalane, Glycerin, Niacinamide, Pentylene Glycol, 1,2-Hexanediol, Sodium DNA, Hydrolyzed Collagen, Sodium Hyaluronate, Centella Asiatica Extract, Hydrolyzed Sodium Hyaluronate, Madecassoside, Asiaticoside, Asiatic Acid, Madecassic Acid, Hydrolyzed Glycosaminoglycans, Eclipta Prostrata Leaf Extract, Houttuynia Cordata Extract, Mugwort Extract, Propolis Extract, Coptis Japonica Root Extract, Lactobacillus Ferment, Bifida Ferment Lysate, Diethylhexyl Syringylidenemalonate, Phellinus Linteus Extract, Butylene Glycol, Fructooligosaccharides, Maltooligosyl Glucoside\/Hydrogenated Starch Hydrolysate, Diglycerin, Dicaprylyl Ether, Glyceryl Stearate, Cetearyl Alcohol, C10-30 Cholesterol\/Lanosterol Esters, C10-22 Alkyl Phosphate, Dipotassium Glycyrrhizate, Ethylhexylglycerin, Adenosine, Sodium Citrate, Citric Acid, Caprylyl Glycol, Behenyl Alcohol, Hydroxyacetophenone, Methylpropanediol, Magnesium Ascorbyl Phosphate, C12-13 Alkyl Glyceryl Hydrolyzed Hyaluronate, Hydroxypropyltrimonium Hyaluronate, Sodium Hyaluronate Crosspolymer, Sodium Acetylated Hyaluronate, Sodium Hyaluronate Solution, Sodium Hyaluronate Butylene Glycol Solution, Sodium Hyaluronate Solution (Powder), Behenyl Behenate, C14-22 Alcohols, Carbomer<\/p>\n<p>&nbsp;<\/p>","protected":false},"excerpt":{"rendered":"<p>\u0413\u043b\u0443\u0431\u043e\u043a\u043e \u0443\u0432\u043b\u0430\u0436\u043d\u044f\u044e\u0449\u0438\u0439 \u043a\u0440\u0435\u043c \u0441 PDRN \u0438 \u0433\u0438\u0430\u043b\u0443\u0440\u043e\u043d\u043e\u0432\u043e\u0439 \u043a\u0438\u0441\u043b\u043e\u0442\u043e\u0439 \u0434\u043b\u044f \u0432\u043e\u0441\u043f\u043e\u043b\u043d\u0435\u043d\u0438\u044f \u0432\u043b\u0430\u0433\u0438, \u0443\u043a\u0440\u0435\u043f\u043b\u0435\u043d\u0438\u044f \u043a\u043e\u0436\u043d\u043e\u0433\u043e \u0431\u0430\u0440\u044c\u0435\u0440\u0430 \u0438 \u043f\u043e\u0432\u044b\u0448\u0435\u043d\u0438\u044f \u044d\u043b\u0430\u0441\u0442\u0438\u0447\u043d\u043e\u0441\u0442\u0438.<\/p>","protected":false},"featured_media":24786,"comment_status":"open","ping_status":"closed","template":"","meta":{"site-sidebar-layout":"default","site-content-layout":"","ast-site-content-layout":"default","site-content-style":"default","site-sidebar-style":"default","ast-global-header-display":"","ast-banner-title-visibility":"","ast-main-header-display":"","ast-hfb-above-header-display":"","ast-hfb-below-header-display":"","ast-hfb-mobile-header-display":"","site-post-title":"","ast-breadcrumbs-content":"","ast-featured-img":"","footer-sml-layout":"","theme-transparent-header-meta":"default","adv-header-id-meta":"","stick-header-meta":"","header-above-stick-meta":"","header-main-stick-meta":"","header-below-stick-meta":"","astra-migrate-meta-layouts":"set","ast-page-background-enabled":"default","ast-page-background-meta":{"desktop":{"background-color":"var(--ast-global-color-4)","background-image":"","background-repeat":"repeat","background-position":"center center","background-size":"auto","background-attachment":"scroll","background-type":"","background-media":"","overlay-type":"","overlay-color":"","overlay-opacity":"","overlay-gradient":""},"tablet":{"background-color":"","background-image":"","background-repeat":"repeat","background-position":"center center","background-size":"auto","background-attachment":"scroll","background-type":"","background-media":"","overlay-type":"","overlay-color":"","overlay-opacity":"","overlay-gradient":""},"mobile":{"background-color":"","background-image":"","background-repeat":"repeat","background-position":"center center","background-size":"auto","background-attachment":"scroll","background-type":"","background-media":"","overlay-type":"","overlay-color":"","overlay-opacity":"","overlay-gradient":""}},"ast-content-background-meta":{"desktop":{"background-color":"var(--ast-global-color-5)","background-image":"","background-repeat":"repeat","background-position":"center center","background-size":"auto","background-attachment":"scroll","background-type":"","background-media":"","overlay-type":"","overlay-color":"","overlay-opacity":"","overlay-gradient":""},"tablet":{"background-color":"var(--ast-global-color-5)","background-image":"","background-repeat":"repeat","background-position":"center center","background-size":"auto","background-attachment":"scroll","background-type":"","background-media":"","overlay-type":"","overlay-color":"","overlay-opacity":"","overlay-gradient":""},"mobile":{"background-color":"var(--ast-global-color-5)","background-image":"","background-repeat":"repeat","background-position":"center center","background-size":"auto","background-attachment":"scroll","background-type":"","background-media":"","overlay-type":"","overlay-color":"","overlay-opacity":"","overlay-gradient":""}}},"product_brand":[],"product_cat":[366,367,652,369,362],"product_tag":[],"berocket_brand":[575],"class_list":{"0":"post-24785","1":"product","2":"type-product","3":"status-publish","4":"has-post-thumbnail","6":"product_cat-mitrinoss","7":"product_cat-nomierinoss","8":"product_cat-pdrn","9":"product_cat-problematiskai-adai-sejas-krems","10":"product_cat-sejas-krems","11":"berocket_brand-anua","12":"desktop-align-left","13":"tablet-align-left","14":"mobile-align-left","16":"first","17":"outofstock","18":"taxable","19":"shipping-taxable","20":"purchasable","21":"product-type-simple","22":"add-to-wishlist-before_image"},"yoast_head":"<!-- This site is optimized with the Yoast SEO plugin v27.4 - https:\/\/yoast.com\/product\/yoast-seo-wordpress\/ -->\n<title>Anua PDRN Hyaluronic Acid 100 Moisturizing Cream 60ml - FACECORNER<\/title>\n<meta name=\"description\" content=\"Dzi\u013ci mitrino\u0161s kr\u0113ms ar PDRN un hialuronsk\u0101bi, kas atjauno mitrumu, stiprina \u0101das barjeru un uzlabo elast\u012bbu.\" \/>\n<meta name=\"robots\" content=\"index, follow, max-snippet:-1, max-image-preview:large, max-video-preview:-1\" \/>\n<link rel=\"canonical\" href=\"https:\/\/www.facecorner.lv\/ru\/shop\/anua-pdrn-hyaluronic-acid-100-moisturizing-cream-60ml\/\" \/>\n<meta property=\"og:locale\" content=\"ru_RU\" \/>\n<meta property=\"og:type\" content=\"article\" \/>\n<meta property=\"og:title\" content=\"Anua PDRN Hyaluronic Acid 100 Moisturizing Cream 60ml - FACECORNER\" \/>\n<meta property=\"og:description\" content=\"Dzi\u013ci mitrino\u0161s kr\u0113ms ar PDRN un hialuronsk\u0101bi, kas atjauno mitrumu, stiprina \u0101das barjeru un uzlabo elast\u012bbu.\" \/>\n<meta property=\"og:url\" content=\"https:\/\/www.facecorner.lv\/ru\/shop\/anua-pdrn-hyaluronic-acid-100-moisturizing-cream-60ml\/\" \/>\n<meta property=\"og:site_name\" content=\"FACECORNER\" \/>\n<meta property=\"article:publisher\" content=\"https:\/\/www.facebook.com\/profile.php?id=100063824551839\" \/>\n<meta property=\"article:modified_time\" content=\"2026-03-23T14:00:13+00:00\" \/>\n<meta property=\"og:image\" content=\"https:\/\/www.facecorner.lv\/wp-content\/uploads\/2025\/07\/anua-us-moisturizer-pdrn-hyaluronic-acid-100-moisturizing-cream-1173906788.jpg.webp\" \/>\n\t<meta property=\"og:image:width\" content=\"2000\" \/>\n\t<meta property=\"og:image:height\" content=\"2000\" \/>\n\t<meta property=\"og:image:type\" content=\"image\/webp\" \/>\n<meta name=\"twitter:card\" content=\"summary_large_image\" \/>\n<meta name=\"twitter:label1\" content=\"\u0426\u0435\u043d\u0430\" \/>\n\t<meta name=\"twitter:data1\" content=\"&euro;25.60\" \/>\n\t<meta name=\"twitter:label2\" content=\"\u0414\u043e\u0441\u0442\u0443\u043f\u043d\u043e\u0441\u0442\u044c\" \/>\n\t<meta name=\"twitter:data2\" content=\"\u0420\u0430\u0441\u043f\u0440\u043e\u0434\u0430\u043d\u043e\" \/>\n<script type=\"application\/ld+json\" class=\"yoast-schema-graph\">{\"@context\":\"https:\\\/\\\/schema.org\",\"@graph\":[{\"@type\":\"WebPage\",\"@id\":\"https:\\\/\\\/www.facecorner.lv\\\/shop\\\/anua-pdrn-hyaluronic-acid-100-moisturizing-cream-60ml\\\/\",\"url\":\"https:\\\/\\\/www.facecorner.lv\\\/shop\\\/anua-pdrn-hyaluronic-acid-100-moisturizing-cream-60ml\\\/\",\"name\":\"Anua PDRN Hyaluronic Acid 100 Moisturizing Cream 60ml - FACECORNER\",\"isPartOf\":{\"@id\":\"https:\\\/\\\/www.facecorner.lv\\\/#website\"},\"primaryImageOfPage\":{\"@id\":\"https:\\\/\\\/www.facecorner.lv\\\/shop\\\/anua-pdrn-hyaluronic-acid-100-moisturizing-cream-60ml\\\/#primaryimage\"},\"image\":{\"@id\":\"https:\\\/\\\/www.facecorner.lv\\\/shop\\\/anua-pdrn-hyaluronic-acid-100-moisturizing-cream-60ml\\\/#primaryimage\"},\"thumbnailUrl\":\"https:\\\/\\\/www.facecorner.lv\\\/wp-content\\\/uploads\\\/2025\\\/07\\\/anua-us-moisturizer-pdrn-hyaluronic-acid-100-moisturizing-cream-1173906788.jpg.webp\",\"datePublished\":\"2025-07-15T13:40:16+00:00\",\"dateModified\":\"2026-03-23T14:00:13+00:00\",\"description\":\"Dzi\u013ci mitrino\u0161s kr\u0113ms ar PDRN un hialuronsk\u0101bi, kas atjauno mitrumu, stiprina \u0101das barjeru un uzlabo elast\u012bbu.\",\"breadcrumb\":{\"@id\":\"https:\\\/\\\/www.facecorner.lv\\\/shop\\\/anua-pdrn-hyaluronic-acid-100-moisturizing-cream-60ml\\\/#breadcrumb\"},\"inLanguage\":\"ru-RU\",\"potentialAction\":[{\"@type\":\"ReadAction\",\"target\":[\"https:\\\/\\\/www.facecorner.lv\\\/shop\\\/anua-pdrn-hyaluronic-acid-100-moisturizing-cream-60ml\\\/\"]}]},{\"@type\":\"ImageObject\",\"inLanguage\":\"ru-RU\",\"@id\":\"https:\\\/\\\/www.facecorner.lv\\\/shop\\\/anua-pdrn-hyaluronic-acid-100-moisturizing-cream-60ml\\\/#primaryimage\",\"url\":\"https:\\\/\\\/www.facecorner.lv\\\/wp-content\\\/uploads\\\/2025\\\/07\\\/anua-us-moisturizer-pdrn-hyaluronic-acid-100-moisturizing-cream-1173906788.jpg.webp\",\"contentUrl\":\"https:\\\/\\\/www.facecorner.lv\\\/wp-content\\\/uploads\\\/2025\\\/07\\\/anua-us-moisturizer-pdrn-hyaluronic-acid-100-moisturizing-cream-1173906788.jpg.webp\",\"width\":2000,\"height\":2000,\"caption\":\"Anua PDRN Hyaluronic Acid 100 Moisturizing Cream\"},{\"@type\":\"BreadcrumbList\",\"@id\":\"https:\\\/\\\/www.facecorner.lv\\\/shop\\\/anua-pdrn-hyaluronic-acid-100-moisturizing-cream-60ml\\\/#breadcrumb\",\"itemListElement\":[{\"@type\":\"ListItem\",\"position\":1,\"name\":\"Home\",\"item\":\"https:\\\/\\\/www.facecorner.lv\\\/\"},{\"@type\":\"ListItem\",\"position\":2,\"name\":\"Veikals\",\"item\":\"https:\\\/\\\/www.facecorner.lv\\\/shop\\\/\"},{\"@type\":\"ListItem\",\"position\":3,\"name\":\"Anua PDRN Hyaluronic Acid 100 Moisturizing Cream 60ml\"}]},{\"@type\":\"WebSite\",\"@id\":\"https:\\\/\\\/www.facecorner.lv\\\/#website\",\"url\":\"https:\\\/\\\/www.facecorner.lv\\\/\",\"name\":\"Facecorner\",\"description\":\"\",\"publisher\":{\"@id\":\"https:\\\/\\\/www.facecorner.lv\\\/#organization\"},\"potentialAction\":[{\"@type\":\"SearchAction\",\"target\":{\"@type\":\"EntryPoint\",\"urlTemplate\":\"https:\\\/\\\/www.facecorner.lv\\\/?s={search_term_string}\"},\"query-input\":{\"@type\":\"PropertyValueSpecification\",\"valueRequired\":true,\"valueName\":\"search_term_string\"}}],\"inLanguage\":\"ru-RU\"},{\"@type\":\"Organization\",\"@id\":\"https:\\\/\\\/www.facecorner.lv\\\/#organization\",\"name\":\"Facecorner\",\"url\":\"https:\\\/\\\/www.facecorner.lv\\\/\",\"logo\":{\"@type\":\"ImageObject\",\"inLanguage\":\"ru-RU\",\"@id\":\"https:\\\/\\\/www.facecorner.lv\\\/#\\\/schema\\\/logo\\\/image\\\/\",\"url\":\"https:\\\/\\\/www.facecorner.lv\\\/wp-content\\\/uploads\\\/2024\\\/04\\\/fc-logo.jpg\",\"contentUrl\":\"https:\\\/\\\/www.facecorner.lv\\\/wp-content\\\/uploads\\\/2024\\\/04\\\/fc-logo.jpg\",\"width\":174,\"height\":28,\"caption\":\"Facecorner\"},\"image\":{\"@id\":\"https:\\\/\\\/www.facecorner.lv\\\/#\\\/schema\\\/logo\\\/image\\\/\"},\"sameAs\":[\"https:\\\/\\\/www.facebook.com\\\/profile.php?id=100063824551839\",\"https:\\\/\\\/www.instagram.com\\\/facecorner_shop\\\/\"]}]}<\/script>\n<meta property=\"product:price:amount\" content=\"25.60\" \/>\n<meta property=\"product:price:currency\" content=\"EUR\" \/>\n<meta property=\"og:availability\" content=\"out of stock\" \/>\n<meta property=\"product:availability\" content=\"out of stock\" \/>\n<meta property=\"product:condition\" content=\"new\" \/>\n<!-- \/ Yoast SEO plugin. -->","yoast_head_json":{"title":"Anua PDRN Hyaluronic Acid 100 Moisturizing Cream 60ml - FACECORNER","description":"Dzi\u013ci mitrino\u0161s kr\u0113ms ar PDRN un hialuronsk\u0101bi, kas atjauno mitrumu, stiprina \u0101das barjeru un uzlabo elast\u012bbu.","robots":{"index":"index","follow":"follow","max-snippet":"max-snippet:-1","max-image-preview":"max-image-preview:large","max-video-preview":"max-video-preview:-1"},"canonical":"https:\/\/www.facecorner.lv\/ru\/shop\/anua-pdrn-hyaluronic-acid-100-moisturizing-cream-60ml\/","og_locale":"ru_RU","og_type":"article","og_title":"Anua PDRN Hyaluronic Acid 100 Moisturizing Cream 60ml - FACECORNER","og_description":"Dzi\u013ci mitrino\u0161s kr\u0113ms ar PDRN un hialuronsk\u0101bi, kas atjauno mitrumu, stiprina \u0101das barjeru un uzlabo elast\u012bbu.","og_url":"https:\/\/www.facecorner.lv\/ru\/shop\/anua-pdrn-hyaluronic-acid-100-moisturizing-cream-60ml\/","og_site_name":"FACECORNER","article_publisher":"https:\/\/www.facebook.com\/profile.php?id=100063824551839","article_modified_time":"2026-03-23T14:00:13+00:00","og_image":[{"width":2000,"height":2000,"url":"https:\/\/www.facecorner.lv\/wp-content\/uploads\/2025\/07\/anua-us-moisturizer-pdrn-hyaluronic-acid-100-moisturizing-cream-1173906788.jpg.webp","type":"image\/webp"}],"twitter_card":"summary_large_image","twitter_misc":{"\u0426\u0435\u043d\u0430":"&euro;25.60","\u0414\u043e\u0441\u0442\u0443\u043f\u043d\u043e\u0441\u0442\u044c":"\u0420\u0430\u0441\u043f\u0440\u043e\u0434\u0430\u043d\u043e"},"schema":{"@context":"https:\/\/schema.org","@graph":[{"@type":"WebPage","@id":"https:\/\/www.facecorner.lv\/shop\/anua-pdrn-hyaluronic-acid-100-moisturizing-cream-60ml\/","url":"https:\/\/www.facecorner.lv\/shop\/anua-pdrn-hyaluronic-acid-100-moisturizing-cream-60ml\/","name":"Anua PDRN Hyaluronic Acid 100 Moisturizing Cream 60ml - FACECORNER","isPartOf":{"@id":"https:\/\/www.facecorner.lv\/#website"},"primaryImageOfPage":{"@id":"https:\/\/www.facecorner.lv\/shop\/anua-pdrn-hyaluronic-acid-100-moisturizing-cream-60ml\/#primaryimage"},"image":{"@id":"https:\/\/www.facecorner.lv\/shop\/anua-pdrn-hyaluronic-acid-100-moisturizing-cream-60ml\/#primaryimage"},"thumbnailUrl":"https:\/\/www.facecorner.lv\/wp-content\/uploads\/2025\/07\/anua-us-moisturizer-pdrn-hyaluronic-acid-100-moisturizing-cream-1173906788.jpg.webp","datePublished":"2025-07-15T13:40:16+00:00","dateModified":"2026-03-23T14:00:13+00:00","description":"Dzi\u013ci mitrino\u0161s kr\u0113ms ar PDRN un hialuronsk\u0101bi, kas atjauno mitrumu, stiprina \u0101das barjeru un uzlabo elast\u012bbu.","breadcrumb":{"@id":"https:\/\/www.facecorner.lv\/shop\/anua-pdrn-hyaluronic-acid-100-moisturizing-cream-60ml\/#breadcrumb"},"inLanguage":"ru-RU","potentialAction":[{"@type":"ReadAction","target":["https:\/\/www.facecorner.lv\/shop\/anua-pdrn-hyaluronic-acid-100-moisturizing-cream-60ml\/"]}]},{"@type":"ImageObject","inLanguage":"ru-RU","@id":"https:\/\/www.facecorner.lv\/shop\/anua-pdrn-hyaluronic-acid-100-moisturizing-cream-60ml\/#primaryimage","url":"https:\/\/www.facecorner.lv\/wp-content\/uploads\/2025\/07\/anua-us-moisturizer-pdrn-hyaluronic-acid-100-moisturizing-cream-1173906788.jpg.webp","contentUrl":"https:\/\/www.facecorner.lv\/wp-content\/uploads\/2025\/07\/anua-us-moisturizer-pdrn-hyaluronic-acid-100-moisturizing-cream-1173906788.jpg.webp","width":2000,"height":2000,"caption":"Anua PDRN Hyaluronic Acid 100 Moisturizing Cream"},{"@type":"BreadcrumbList","@id":"https:\/\/www.facecorner.lv\/shop\/anua-pdrn-hyaluronic-acid-100-moisturizing-cream-60ml\/#breadcrumb","itemListElement":[{"@type":"ListItem","position":1,"name":"Home","item":"https:\/\/www.facecorner.lv\/"},{"@type":"ListItem","position":2,"name":"Veikals","item":"https:\/\/www.facecorner.lv\/shop\/"},{"@type":"ListItem","position":3,"name":"Anua PDRN Hyaluronic Acid 100 Moisturizing Cream 60ml"}]},{"@type":"WebSite","@id":"https:\/\/www.facecorner.lv\/#website","url":"https:\/\/www.facecorner.lv\/","name":"Facecorner","description":"","publisher":{"@id":"https:\/\/www.facecorner.lv\/#organization"},"potentialAction":[{"@type":"SearchAction","target":{"@type":"EntryPoint","urlTemplate":"https:\/\/www.facecorner.lv\/?s={search_term_string}"},"query-input":{"@type":"PropertyValueSpecification","valueRequired":true,"valueName":"search_term_string"}}],"inLanguage":"ru-RU"},{"@type":"Organization","@id":"https:\/\/www.facecorner.lv\/#organization","name":"Facecorner","url":"https:\/\/www.facecorner.lv\/","logo":{"@type":"ImageObject","inLanguage":"ru-RU","@id":"https:\/\/www.facecorner.lv\/#\/schema\/logo\/image\/","url":"https:\/\/www.facecorner.lv\/wp-content\/uploads\/2024\/04\/fc-logo.jpg","contentUrl":"https:\/\/www.facecorner.lv\/wp-content\/uploads\/2024\/04\/fc-logo.jpg","width":174,"height":28,"caption":"Facecorner"},"image":{"@id":"https:\/\/www.facecorner.lv\/#\/schema\/logo\/image\/"},"sameAs":["https:\/\/www.facebook.com\/profile.php?id=100063824551839","https:\/\/www.instagram.com\/facecorner_shop\/"]}]},"product_price_amount":"25.60","product_price_currency":"EUR","og_availability":"out of stock","product_availability":"out of stock","product_condition":"new"},"_links":{"self":[{"href":"https:\/\/www.facecorner.lv\/ru\/wp-json\/wp\/v2\/product\/24785","targetHints":{"allow":["GET"]}}],"collection":[{"href":"https:\/\/www.facecorner.lv\/ru\/wp-json\/wp\/v2\/product"}],"about":[{"href":"https:\/\/www.facecorner.lv\/ru\/wp-json\/wp\/v2\/types\/product"}],"replies":[{"embeddable":true,"href":"https:\/\/www.facecorner.lv\/ru\/wp-json\/wp\/v2\/comments?post=24785"}],"wp:featuredmedia":[{"embeddable":true,"href":"https:\/\/www.facecorner.lv\/ru\/wp-json\/wp\/v2\/media\/24786"}],"wp:attachment":[{"href":"https:\/\/www.facecorner.lv\/ru\/wp-json\/wp\/v2\/media?parent=24785"}],"wp:term":[{"taxonomy":"product_brand","embeddable":true,"href":"https:\/\/www.facecorner.lv\/ru\/wp-json\/wp\/v2\/product_brand?post=24785"},{"taxonomy":"product_cat","embeddable":true,"href":"https:\/\/www.facecorner.lv\/ru\/wp-json\/wp\/v2\/product_cat?post=24785"},{"taxonomy":"product_tag","embeddable":true,"href":"https:\/\/www.facecorner.lv\/ru\/wp-json\/wp\/v2\/product_tag?post=24785"},{"taxonomy":"berocket_brand","embeddable":true,"href":"https:\/\/www.facecorner.lv\/ru\/wp-json\/wp\/v2\/berocket_brand?post=24785"}],"curies":[{"name":"wp","href":"https:\/\/api.w.org\/{rel}","templated":true}]}}