{"id":24744,"date":"2025-07-11T15:49:25","date_gmt":"2025-07-11T12:49:25","guid":{"rendered":"https:\/\/www.facecorner.lv\/?post_type=product&#038;p=24744"},"modified":"2026-02-24T15:06:31","modified_gmt":"2026-02-24T12:06:31","slug":"arencia-blue-hyssop-rice-mochi-cleanser-120g","status":"publish","type":"product","link":"https:\/\/www.facecorner.lv\/ru\/shop\/arencia-blue-hyssop-rice-mochi-cleanser-120g\/","title":{"rendered":"Arencia Blue Hyssop Rice Mochi Cleanser 120g"},"content":{"rendered":"<p>Arencia Blue Hyssop Rice Mochi Cleanser - \u044d\u0442\u043e \u043e\u0447\u0438\u0449\u0430\u044e\u0449\u0435\u0435 \u0441\u0440\u0435\u0434\u0441\u0442\u0432\u043e \u043d\u0430 \u043e\u0441\u043d\u043e\u0432\u0435 \u0440\u0438\u0441\u0430, \u043a\u043e\u0442\u043e\u0440\u043e\u0435 \u043e\u0447\u0438\u0449\u0430\u0435\u0442 \u043f\u043e\u0440\u044b, \u0443\u0434\u0430\u043b\u044f\u0435\u0442 \u0438\u0437\u043b\u0438\u0448\u043a\u0438 \u043a\u043e\u0436\u043d\u043e\u0433\u043e \u0441\u0430\u043b\u0430 \u0438 \u0437\u0430\u043c\u0435\u0442\u043d\u043e \u0441\u043e\u043a\u0440\u0430\u0449\u0430\u0435\u0442 \u043a\u043e\u043b\u0438\u0447\u0435\u0441\u0442\u0432\u043e \u0430\u043a\u043d\u0435.<\/p>\n<p>\u0421\u043e\u0434\u0435\u0440\u0436\u0438\u0442 \u0431\u0435\u043d\u0442\u043e\u043d\u0438\u0442\u043e\u0432\u0443\u044e \u0433\u043b\u0438\u043d\u0443, \u0437\u0435\u043b\u0435\u043d\u044b\u0439 \u0447\u0430\u0439 \u0438 \u0438\u0441\u0441\u043e\u043f \u0434\u043b\u044f \u0433\u043b\u0443\u0431\u043e\u043a\u043e\u0433\u043e \u043e\u0447\u0438\u0449\u0435\u043d\u0438\u044f \u043a\u043e\u0436\u0438, \u0441\u043e\u0445\u0440\u0430\u043d\u044f\u044f \u0435\u0435 \u0441\u0431\u0430\u043b\u0430\u043d\u0441\u0438\u0440\u043e\u0432\u0430\u043d\u043d\u043e\u0439 \u0438 \u0441\u0432\u0435\u0436\u0435\u0439 - \u0438\u0434\u0435\u0430\u043b\u044c\u043d\u043e \u043f\u043e\u0434\u0445\u043e\u0434\u0438\u0442 \u0434\u043b\u044f \u0436\u0438\u0440\u043d\u043e\u0439 \u0438\u043b\u0438 \u0441\u043a\u043b\u043e\u043d\u043d\u043e\u0439 \u043a \u043f\u043e\u044f\u0432\u043b\u0435\u043d\u0438\u044e \u043f\u044f\u0442\u0435\u043d \u043a\u043e\u0436\u0438.<\/p>\n<ul>\n<li>\u042d\u043a\u0441\u0442\u0440\u0430\u043a\u0442 \u0438\u0441\u0441\u043e\u043f\u0430 \u041f\u0440\u0438\u0440\u043e\u0434\u043d\u043e\u0435 \u0432\u044f\u0436\u0443\u0449\u0435\u0435 \u0441\u0440\u0435\u0434\u0441\u0442\u0432\u043e \u0441 \u0430\u043d\u0442\u0438\u0431\u0430\u043a\u0442\u0435\u0440\u0438\u0430\u043b\u044c\u043d\u044b\u043c\u0438 \u0438 \u043f\u0440\u043e\u0442\u0438\u0432\u043e\u0432\u043e\u0441\u043f\u0430\u043b\u0438\u0442\u0435\u043b\u044c\u043d\u044b\u043c\u0438 \u0441\u0432\u043e\u0439\u0441\u0442\u0432\u0430\u043c\u0438, \u043f\u043e\u043c\u043e\u0433\u0430\u044e\u0449\u0435\u0435 \u0441\u043d\u044f\u0442\u044c \u0440\u0430\u0437\u0434\u0440\u0430\u0436\u0435\u043d\u0438\u0435 \u0438 \u043e\u0447\u0438\u0441\u0442\u0438\u0442\u044c \u043a\u043e\u0436\u0443.<\/li>\n<li>\u042d\u043a\u0441\u0442\u0440\u0430\u043a\u0442 \u0433\u0440\u0438\u0431\u0430 \u0447\u0430\u0433\u0430 \u0441\u043e\u0434\u0435\u0440\u0436\u0438\u0442 \u0431\u0435\u0442\u0430-\u0433\u043b\u044e\u043a\u0430\u043d, \u043a\u043e\u0442\u043e\u0440\u044b\u0439 \u043f\u043e\u0432\u044b\u0448\u0430\u0435\u0442 \u044d\u043b\u0430\u0441\u0442\u0438\u0447\u043d\u043e\u0441\u0442\u044c \u043a\u043e\u0436\u0438 \u0438 \u0433\u043b\u0443\u0431\u043e\u043a\u043e \u0443\u0432\u043b\u0430\u0436\u043d\u044f\u0435\u0442 \u0435\u0435, \u0434\u0435\u043b\u0430\u044f \u0443\u043f\u0440\u0443\u0433\u043e\u0439 \u0438 \u043f\u0443\u0445\u043b\u043e\u0439.<\/li>\n<li>\u042d\u043a\u0441\u0442\u0440\u0430\u043a\u0442 \u0447\u0435\u0440\u043d\u043e\u0433\u043e \u044f\u0447\u043c\u0435\u043d\u044f \u0411\u043e\u0433\u0430\u0442\u044b\u0439 \u0430\u043d\u0442\u0438\u043e\u043a\u0441\u0438\u0434\u0430\u043d\u0442\u0430\u043c\u0438 \u0438 \u043c\u0438\u043d\u0435\u0440\u0430\u043b\u0430\u043c\u0438, \u043e\u043d \u043f\u0438\u0442\u0430\u0435\u0442 \u0441\u0443\u0445\u0443\u044e \u043a\u043e\u0436\u0443 \u0438 \u043f\u043e\u043c\u043e\u0433\u0430\u0435\u0442 \u0441\u043e\u0445\u0440\u0430\u043d\u0438\u0442\u044c \u0435\u0435 \u0433\u043b\u0430\u0434\u043a\u043e\u0439 \u0438 \u0443\u0432\u043b\u0430\u0436\u043d\u0435\u043d\u043d\u043e\u0439.<\/li>\n<li>\u0420\u0438\u0441\u043e\u0432\u0430\u044f \u043f\u0443\u0434\u0440\u0430 \u043c\u044f\u0433\u043a\u043e \u043e\u0442\u0448\u0435\u043b\u0443\u0448\u0438\u0432\u0430\u0435\u0442 \u043e\u043c\u0435\u0440\u0442\u0432\u0435\u0432\u0448\u0438\u0435 \u043a\u043b\u0435\u0442\u043a\u0438 \u043a\u043e\u0436\u0438 \u0438 \u0443\u0434\u0430\u043b\u044f\u0435\u0442 \u0437\u0430\u0433\u0440\u044f\u0437\u043d\u0435\u043d\u0438\u044f, \u0434\u0435\u043b\u0430\u044f \u043f\u043e\u0440\u044b \u0437\u0430\u043c\u0435\u0442\u043d\u043e \u0447\u0438\u0449\u0435 \u0438 \u043f\u0440\u043e\u0437\u0440\u0430\u0447\u043d\u0435\u0435.<\/li>\n<\/ul>\n<p><strong>\u0421\u043f\u043e\u0441\u043e\u0431 \u043f\u0440\u0438\u043c\u0435\u043d\u0435\u043d\u0438\u044f:<\/strong>\u0412\u043e\u0437\u044c\u043c\u0438\u0442\u0435 \u043d\u0435\u0431\u043e\u043b\u044c\u0448\u043e\u0435 \u043a\u043e\u043b\u0438\u0447\u0435\u0441\u0442\u0432\u043e \u0438 \u0432\u0437\u0431\u0435\u0439\u0442\u0435 \u0441 \u0432\u043e\u0434\u043e\u0439 \u0434\u043e \u043e\u0431\u0440\u0430\u0437\u043e\u0432\u0430\u043d\u0438\u044f \u043c\u044f\u0433\u043a\u043e\u0439 \u043f\u0435\u043d\u044b.<br \/>\n\u041b\u0435\u0433\u043a\u0438\u043c\u0438 \u043a\u0440\u0443\u0433\u043e\u0432\u044b\u043c\u0438 \u0434\u0432\u0438\u0436\u0435\u043d\u0438\u044f\u043c\u0438 \u043d\u0430\u043d\u0435\u0441\u0438\u0442\u0435 \u043d\u0430 \u043b\u0438\u0446\u043e, \u0443\u0434\u0435\u043b\u044f\u044f \u0432\u043d\u0438\u043c\u0430\u043d\u0438\u0435 \u0441\u0443\u0445\u0438\u043c \u0438 \u0448\u0435\u043b\u0443\u0448\u0430\u0449\u0438\u043c\u0441\u044f \u0443\u0447\u0430\u0441\u0442\u043a\u0430\u043c.<br \/>\n\u0422\u0449\u0430\u0442\u0435\u043b\u044c\u043d\u043e \u043f\u0440\u043e\u043c\u043e\u0439\u0442\u0435 \u0442\u0435\u043f\u043b\u043e\u0439 \u0432\u043e\u0434\u043e\u0439 \u0438 \u0432\u044b\u0442\u0440\u0438\u0442\u0435 \u043d\u0430\u0441\u0443\u0445\u043e.<\/p>\n<p><strong>\u0421\u043e\u0441\u0442\u0430\u0432:<\/strong> Glycerin, Water, Sodium Cocoyl Isethionate, Prunus Amygdalus Dulcis (Sweet Almond) Seedcake Extract, Sodium Cocoyl Glycinate, Coconut Acid, 1,2-Hexanediol, Sodium Methyl Cocoyl Taurate, Oryza Sativa (Rice) Powder, Fragrance, Kaolin, Sodium Isethionate, Glyceryl Stearate, Hydroxypropyl Starch Phosphate, Xanthan Gum, Sodium Chloride, Dextrin, Ethylhexylglycerin, Gardenia Florida Fruit Extract, Camellia Sinensis Leaf Extract, Hyssopus Officinalis Extract<\/p>","protected":false},"excerpt":{"rendered":"<p>Arencia Blue Hyssop Rice Mochi Cleanser ir att\u012bro\u0161s att\u012bro\u0161s l\u012bdzeklis uz r\u012bsu b\u0101zes, kas att\u012bra poras, likvid\u0113 lieko sebumu un ac\u012bmredzami mazina p\u016bt\u012btes. Sast\u0101v\u0101 ir benton\u012bta m\u0101ls, za\u013c\u0101 t\u0113ja un \u012bzops, kas dzi\u013ci att\u012bra \u0101du, vienlaikus saglab\u0101jot t\u0101s l\u012bdzsvaru un atsvaidzin\u0101jumu &#8211; ide\u0101li piem\u0113rots taukainai \u0101dai vai \u0101dai ar noslieci uz plankumiem. Izops ekstrakts Dabisks [&hellip;]<\/p>\n","protected":false},"featured_media":24745,"comment_status":"open","ping_status":"closed","template":"","meta":{"site-sidebar-layout":"default","site-content-layout":"","ast-site-content-layout":"default","site-content-style":"default","site-sidebar-style":"default","ast-global-header-display":"","ast-banner-title-visibility":"","ast-main-header-display":"","ast-hfb-above-header-display":"","ast-hfb-below-header-display":"","ast-hfb-mobile-header-display":"","site-post-title":"","ast-breadcrumbs-content":"","ast-featured-img":"","footer-sml-layout":"","theme-transparent-header-meta":"default","adv-header-id-meta":"","stick-header-meta":"","header-above-stick-meta":"","header-main-stick-meta":"","header-below-stick-meta":"","astra-migrate-meta-layouts":"set","ast-page-background-enabled":"default","ast-page-background-meta":{"desktop":{"background-color":"var(--ast-global-color-4)","background-image":"","background-repeat":"repeat","background-position":"center center","background-size":"auto","background-attachment":"scroll","background-type":"","background-media":"","overlay-type":"","overlay-color":"","overlay-opacity":"","overlay-gradient":""},"tablet":{"background-color":"","background-image":"","background-repeat":"repeat","background-position":"center center","background-size":"auto","background-attachment":"scroll","background-type":"","background-media":"","overlay-type":"","overlay-color":"","overlay-opacity":"","overlay-gradient":""},"mobile":{"background-color":"","background-image":"","background-repeat":"repeat","background-position":"center center","background-size":"auto","background-attachment":"scroll","background-type":"","background-media":"","overlay-type":"","overlay-color":"","overlay-opacity":"","overlay-gradient":""}},"ast-content-background-meta":{"desktop":{"background-color":"var(--ast-global-color-5)","background-image":"","background-repeat":"repeat","background-position":"center center","background-size":"auto","background-attachment":"scroll","background-type":"","background-media":"","overlay-type":"","overlay-color":"","overlay-opacity":"","overlay-gradient":""},"tablet":{"background-color":"var(--ast-global-color-5)","background-image":"","background-repeat":"repeat","background-position":"center center","background-size":"auto","background-attachment":"scroll","background-type":"","background-media":"","overlay-type":"","overlay-color":"","overlay-opacity":"","overlay-gradient":""},"mobile":{"background-color":"var(--ast-global-color-5)","background-image":"","background-repeat":"repeat","background-position":"center center","background-size":"auto","background-attachment":"scroll","background-type":"","background-media":"","overlay-type":"","overlay-color":"","overlay-opacity":"","overlay-gradient":""}}},"product_brand":[],"product_cat":[511,310,321,311,312,317],"product_tag":[],"berocket_brand":[635],"class_list":{"0":"post-24744","1":"product","2":"type-product","3":"status-publish","4":"has-post-thumbnail","6":"product_cat-atlaides","7":"product_cat-attirisana","8":"product_cat-hidrofila-ella","9":"product_cat-jutigai-adai-attirisana","10":"product_cat-kombinetai-adai-attirisana","11":"product_cat-sausai-adai-attirisana","12":"berocket_brand-arencia","13":"desktop-align-left","14":"tablet-align-left","15":"mobile-align-left","17":"first","18":"outofstock","19":"sale","20":"taxable","21":"shipping-taxable","22":"purchasable","23":"product-type-simple","24":"add-to-wishlist-before_image"},"yoast_head":"<!-- This site is optimized with the Yoast SEO plugin v27.4 - https:\/\/yoast.com\/product\/yoast-seo-wordpress\/ -->\n<title>Arencia Blue Hyssop Rice Mochi Cleanser 120g - FACECORNER<\/title>\n<meta name=\"description\" content=\"Arencia Blue Hyssop Rice Mochi Cleanser ir att\u012bro\u0161s att\u012bro\u0161s l\u012bdzeklis uz r\u012bsu b\u0101zes, kas att\u012bra poras, likvid\u0113 lieko sebumu un ac\u012bmredzami mazina p\u016bt\u012btes.\" \/>\n<meta name=\"robots\" content=\"index, follow, max-snippet:-1, max-image-preview:large, max-video-preview:-1\" \/>\n<link rel=\"canonical\" href=\"https:\/\/www.facecorner.lv\/ru\/shop\/arencia-blue-hyssop-rice-mochi-cleanser-120g\/\" \/>\n<meta property=\"og:locale\" content=\"ru_RU\" \/>\n<meta property=\"og:type\" content=\"article\" \/>\n<meta property=\"og:title\" content=\"Arencia Blue Hyssop Rice Mochi Cleanser 120g - FACECORNER\" \/>\n<meta property=\"og:description\" content=\"Arencia Blue Hyssop Rice Mochi Cleanser ir att\u012bro\u0161s att\u012bro\u0161s l\u012bdzeklis uz r\u012bsu b\u0101zes, kas att\u012bra poras, likvid\u0113 lieko sebumu un ac\u012bmredzami mazina p\u016bt\u012btes.\" \/>\n<meta property=\"og:url\" content=\"https:\/\/www.facecorner.lv\/ru\/shop\/arencia-blue-hyssop-rice-mochi-cleanser-120g\/\" \/>\n<meta property=\"og:site_name\" content=\"FACECORNER\" \/>\n<meta property=\"article:publisher\" content=\"https:\/\/www.facebook.com\/profile.php?id=100063824551839\" \/>\n<meta property=\"article:modified_time\" content=\"2026-02-24T12:06:31+00:00\" \/>\n<meta property=\"og:image\" content=\"https:\/\/www.facecorner.lv\/wp-content\/uploads\/2025\/07\/s-l1200.jpg\" \/>\n\t<meta property=\"og:image:width\" content=\"1000\" \/>\n\t<meta property=\"og:image:height\" content=\"1000\" \/>\n\t<meta property=\"og:image:type\" content=\"image\/jpeg\" \/>\n<meta name=\"twitter:card\" content=\"summary_large_image\" \/>\n<meta name=\"twitter:label1\" content=\"\u0426\u0435\u043d\u0430\" \/>\n\t<meta name=\"twitter:data1\" content=\"&euro;28.90\" \/>\n\t<meta name=\"twitter:label2\" content=\"\u0414\u043e\u0441\u0442\u0443\u043f\u043d\u043e\u0441\u0442\u044c\" \/>\n\t<meta name=\"twitter:data2\" content=\"\u0420\u0430\u0441\u043f\u0440\u043e\u0434\u0430\u043d\u043e\" \/>\n<script type=\"application\/ld+json\" class=\"yoast-schema-graph\">{\"@context\":\"https:\\\/\\\/schema.org\",\"@graph\":[{\"@type\":\"WebPage\",\"@id\":\"https:\\\/\\\/www.facecorner.lv\\\/shop\\\/arencia-blue-hyssop-rice-mochi-cleanser-120g\\\/\",\"url\":\"https:\\\/\\\/www.facecorner.lv\\\/shop\\\/arencia-blue-hyssop-rice-mochi-cleanser-120g\\\/\",\"name\":\"Arencia Blue Hyssop Rice Mochi Cleanser 120g - FACECORNER\",\"isPartOf\":{\"@id\":\"https:\\\/\\\/www.facecorner.lv\\\/#website\"},\"primaryImageOfPage\":{\"@id\":\"https:\\\/\\\/www.facecorner.lv\\\/shop\\\/arencia-blue-hyssop-rice-mochi-cleanser-120g\\\/#primaryimage\"},\"image\":{\"@id\":\"https:\\\/\\\/www.facecorner.lv\\\/shop\\\/arencia-blue-hyssop-rice-mochi-cleanser-120g\\\/#primaryimage\"},\"thumbnailUrl\":\"https:\\\/\\\/www.facecorner.lv\\\/wp-content\\\/uploads\\\/2025\\\/07\\\/s-l1200.jpg\",\"datePublished\":\"2025-07-11T12:49:25+00:00\",\"dateModified\":\"2026-02-24T12:06:31+00:00\",\"description\":\"Arencia Blue Hyssop Rice Mochi Cleanser ir att\u012bro\u0161s att\u012bro\u0161s l\u012bdzeklis uz r\u012bsu b\u0101zes, kas att\u012bra poras, likvid\u0113 lieko sebumu un ac\u012bmredzami mazina p\u016bt\u012btes.\",\"breadcrumb\":{\"@id\":\"https:\\\/\\\/www.facecorner.lv\\\/shop\\\/arencia-blue-hyssop-rice-mochi-cleanser-120g\\\/#breadcrumb\"},\"inLanguage\":\"ru-RU\",\"potentialAction\":[{\"@type\":\"ReadAction\",\"target\":[\"https:\\\/\\\/www.facecorner.lv\\\/shop\\\/arencia-blue-hyssop-rice-mochi-cleanser-120g\\\/\"]}]},{\"@type\":\"ImageObject\",\"inLanguage\":\"ru-RU\",\"@id\":\"https:\\\/\\\/www.facecorner.lv\\\/shop\\\/arencia-blue-hyssop-rice-mochi-cleanser-120g\\\/#primaryimage\",\"url\":\"https:\\\/\\\/www.facecorner.lv\\\/wp-content\\\/uploads\\\/2025\\\/07\\\/s-l1200.jpg\",\"contentUrl\":\"https:\\\/\\\/www.facecorner.lv\\\/wp-content\\\/uploads\\\/2025\\\/07\\\/s-l1200.jpg\",\"width\":1000,\"height\":1000,\"caption\":\"Arencia Blue Hyssop Rice Mochi Cleanser\"},{\"@type\":\"BreadcrumbList\",\"@id\":\"https:\\\/\\\/www.facecorner.lv\\\/shop\\\/arencia-blue-hyssop-rice-mochi-cleanser-120g\\\/#breadcrumb\",\"itemListElement\":[{\"@type\":\"ListItem\",\"position\":1,\"name\":\"Home\",\"item\":\"https:\\\/\\\/www.facecorner.lv\\\/\"},{\"@type\":\"ListItem\",\"position\":2,\"name\":\"Veikals\",\"item\":\"https:\\\/\\\/www.facecorner.lv\\\/shop\\\/\"},{\"@type\":\"ListItem\",\"position\":3,\"name\":\"Arencia Blue Hyssop Rice Mochi Cleanser 120g\"}]},{\"@type\":\"WebSite\",\"@id\":\"https:\\\/\\\/www.facecorner.lv\\\/#website\",\"url\":\"https:\\\/\\\/www.facecorner.lv\\\/\",\"name\":\"Facecorner\",\"description\":\"\",\"publisher\":{\"@id\":\"https:\\\/\\\/www.facecorner.lv\\\/#organization\"},\"potentialAction\":[{\"@type\":\"SearchAction\",\"target\":{\"@type\":\"EntryPoint\",\"urlTemplate\":\"https:\\\/\\\/www.facecorner.lv\\\/?s={search_term_string}\"},\"query-input\":{\"@type\":\"PropertyValueSpecification\",\"valueRequired\":true,\"valueName\":\"search_term_string\"}}],\"inLanguage\":\"ru-RU\"},{\"@type\":\"Organization\",\"@id\":\"https:\\\/\\\/www.facecorner.lv\\\/#organization\",\"name\":\"Facecorner\",\"url\":\"https:\\\/\\\/www.facecorner.lv\\\/\",\"logo\":{\"@type\":\"ImageObject\",\"inLanguage\":\"ru-RU\",\"@id\":\"https:\\\/\\\/www.facecorner.lv\\\/#\\\/schema\\\/logo\\\/image\\\/\",\"url\":\"https:\\\/\\\/www.facecorner.lv\\\/wp-content\\\/uploads\\\/2024\\\/04\\\/fc-logo.jpg\",\"contentUrl\":\"https:\\\/\\\/www.facecorner.lv\\\/wp-content\\\/uploads\\\/2024\\\/04\\\/fc-logo.jpg\",\"width\":174,\"height\":28,\"caption\":\"Facecorner\"},\"image\":{\"@id\":\"https:\\\/\\\/www.facecorner.lv\\\/#\\\/schema\\\/logo\\\/image\\\/\"},\"sameAs\":[\"https:\\\/\\\/www.facebook.com\\\/profile.php?id=100063824551839\",\"https:\\\/\\\/www.instagram.com\\\/facecorner_shop\\\/\"]}]}<\/script>\n<meta property=\"product:price:amount\" content=\"28.90\" \/>\n<meta property=\"product:price:currency\" content=\"EUR\" \/>\n<meta property=\"og:availability\" content=\"out of stock\" \/>\n<meta property=\"product:availability\" content=\"out of stock\" \/>\n<meta property=\"product:condition\" content=\"new\" \/>\n<!-- \/ Yoast SEO plugin. -->","yoast_head_json":{"title":"Arencia Blue Hyssop Rice Mochi Cleanser 120g - FACECORNER","description":"Arencia Blue Hyssop Rice Mochi Cleanser - \u044d\u0442\u043e \u043e\u0447\u0438\u0449\u0430\u044e\u0449\u0435\u0435 \u0441\u0440\u0435\u0434\u0441\u0442\u0432\u043e \u043d\u0430 \u043e\u0441\u043d\u043e\u0432\u0435 \u0440\u0438\u0441\u0430, \u043a\u043e\u0442\u043e\u0440\u043e\u0435 \u043e\u0447\u0438\u0449\u0430\u0435\u0442 \u043f\u043e\u0440\u044b, \u0443\u0434\u0430\u043b\u044f\u0435\u0442 \u0438\u0437\u043b\u0438\u0448\u043a\u0438 \u043a\u043e\u0436\u043d\u043e\u0433\u043e \u0441\u0430\u043b\u0430 \u0438 \u0437\u0430\u043c\u0435\u0442\u043d\u043e \u0441\u043e\u043a\u0440\u0430\u0449\u0430\u0435\u0442 \u043a\u043e\u043b\u0438\u0447\u0435\u0441\u0442\u0432\u043e \u0430\u043a\u043d\u0435.","robots":{"index":"index","follow":"follow","max-snippet":"max-snippet:-1","max-image-preview":"max-image-preview:large","max-video-preview":"max-video-preview:-1"},"canonical":"https:\/\/www.facecorner.lv\/ru\/shop\/arencia-blue-hyssop-rice-mochi-cleanser-120g\/","og_locale":"ru_RU","og_type":"article","og_title":"Arencia Blue Hyssop Rice Mochi Cleanser 120g - FACECORNER","og_description":"Arencia Blue Hyssop Rice Mochi Cleanser ir att\u012bro\u0161s att\u012bro\u0161s l\u012bdzeklis uz r\u012bsu b\u0101zes, kas att\u012bra poras, likvid\u0113 lieko sebumu un ac\u012bmredzami mazina p\u016bt\u012btes.","og_url":"https:\/\/www.facecorner.lv\/ru\/shop\/arencia-blue-hyssop-rice-mochi-cleanser-120g\/","og_site_name":"FACECORNER","article_publisher":"https:\/\/www.facebook.com\/profile.php?id=100063824551839","article_modified_time":"2026-02-24T12:06:31+00:00","og_image":[{"width":1000,"height":1000,"url":"https:\/\/www.facecorner.lv\/wp-content\/uploads\/2025\/07\/s-l1200.jpg","type":"image\/jpeg"}],"twitter_card":"summary_large_image","twitter_misc":{"\u0426\u0435\u043d\u0430":"&euro;28.90","\u0414\u043e\u0441\u0442\u0443\u043f\u043d\u043e\u0441\u0442\u044c":"\u0420\u0430\u0441\u043f\u0440\u043e\u0434\u0430\u043d\u043e"},"schema":{"@context":"https:\/\/schema.org","@graph":[{"@type":"WebPage","@id":"https:\/\/www.facecorner.lv\/shop\/arencia-blue-hyssop-rice-mochi-cleanser-120g\/","url":"https:\/\/www.facecorner.lv\/shop\/arencia-blue-hyssop-rice-mochi-cleanser-120g\/","name":"Arencia Blue Hyssop Rice Mochi Cleanser 120g - FACECORNER","isPartOf":{"@id":"https:\/\/www.facecorner.lv\/#website"},"primaryImageOfPage":{"@id":"https:\/\/www.facecorner.lv\/shop\/arencia-blue-hyssop-rice-mochi-cleanser-120g\/#primaryimage"},"image":{"@id":"https:\/\/www.facecorner.lv\/shop\/arencia-blue-hyssop-rice-mochi-cleanser-120g\/#primaryimage"},"thumbnailUrl":"https:\/\/www.facecorner.lv\/wp-content\/uploads\/2025\/07\/s-l1200.jpg","datePublished":"2025-07-11T12:49:25+00:00","dateModified":"2026-02-24T12:06:31+00:00","description":"Arencia Blue Hyssop Rice Mochi Cleanser - \u044d\u0442\u043e \u043e\u0447\u0438\u0449\u0430\u044e\u0449\u0435\u0435 \u0441\u0440\u0435\u0434\u0441\u0442\u0432\u043e \u043d\u0430 \u043e\u0441\u043d\u043e\u0432\u0435 \u0440\u0438\u0441\u0430, \u043a\u043e\u0442\u043e\u0440\u043e\u0435 \u043e\u0447\u0438\u0449\u0430\u0435\u0442 \u043f\u043e\u0440\u044b, \u0443\u0434\u0430\u043b\u044f\u0435\u0442 \u0438\u0437\u043b\u0438\u0448\u043a\u0438 \u043a\u043e\u0436\u043d\u043e\u0433\u043e \u0441\u0430\u043b\u0430 \u0438 \u0437\u0430\u043c\u0435\u0442\u043d\u043e \u0441\u043e\u043a\u0440\u0430\u0449\u0430\u0435\u0442 \u043a\u043e\u043b\u0438\u0447\u0435\u0441\u0442\u0432\u043e \u0430\u043a\u043d\u0435.","breadcrumb":{"@id":"https:\/\/www.facecorner.lv\/shop\/arencia-blue-hyssop-rice-mochi-cleanser-120g\/#breadcrumb"},"inLanguage":"ru-RU","potentialAction":[{"@type":"ReadAction","target":["https:\/\/www.facecorner.lv\/shop\/arencia-blue-hyssop-rice-mochi-cleanser-120g\/"]}]},{"@type":"ImageObject","inLanguage":"ru-RU","@id":"https:\/\/www.facecorner.lv\/shop\/arencia-blue-hyssop-rice-mochi-cleanser-120g\/#primaryimage","url":"https:\/\/www.facecorner.lv\/wp-content\/uploads\/2025\/07\/s-l1200.jpg","contentUrl":"https:\/\/www.facecorner.lv\/wp-content\/uploads\/2025\/07\/s-l1200.jpg","width":1000,"height":1000,"caption":"Arencia Blue Hyssop Rice Mochi Cleanser"},{"@type":"BreadcrumbList","@id":"https:\/\/www.facecorner.lv\/shop\/arencia-blue-hyssop-rice-mochi-cleanser-120g\/#breadcrumb","itemListElement":[{"@type":"ListItem","position":1,"name":"Home","item":"https:\/\/www.facecorner.lv\/"},{"@type":"ListItem","position":2,"name":"Veikals","item":"https:\/\/www.facecorner.lv\/shop\/"},{"@type":"ListItem","position":3,"name":"Arencia Blue Hyssop Rice Mochi Cleanser 120g"}]},{"@type":"WebSite","@id":"https:\/\/www.facecorner.lv\/#website","url":"https:\/\/www.facecorner.lv\/","name":"Facecorner","description":"","publisher":{"@id":"https:\/\/www.facecorner.lv\/#organization"},"potentialAction":[{"@type":"SearchAction","target":{"@type":"EntryPoint","urlTemplate":"https:\/\/www.facecorner.lv\/?s={search_term_string}"},"query-input":{"@type":"PropertyValueSpecification","valueRequired":true,"valueName":"search_term_string"}}],"inLanguage":"ru-RU"},{"@type":"Organization","@id":"https:\/\/www.facecorner.lv\/#organization","name":"Facecorner","url":"https:\/\/www.facecorner.lv\/","logo":{"@type":"ImageObject","inLanguage":"ru-RU","@id":"https:\/\/www.facecorner.lv\/#\/schema\/logo\/image\/","url":"https:\/\/www.facecorner.lv\/wp-content\/uploads\/2024\/04\/fc-logo.jpg","contentUrl":"https:\/\/www.facecorner.lv\/wp-content\/uploads\/2024\/04\/fc-logo.jpg","width":174,"height":28,"caption":"Facecorner"},"image":{"@id":"https:\/\/www.facecorner.lv\/#\/schema\/logo\/image\/"},"sameAs":["https:\/\/www.facebook.com\/profile.php?id=100063824551839","https:\/\/www.instagram.com\/facecorner_shop\/"]}]},"product_price_amount":"28.90","product_price_currency":"EUR","og_availability":"out of stock","product_availability":"out of stock","product_condition":"new"},"_links":{"self":[{"href":"https:\/\/www.facecorner.lv\/ru\/wp-json\/wp\/v2\/product\/24744","targetHints":{"allow":["GET"]}}],"collection":[{"href":"https:\/\/www.facecorner.lv\/ru\/wp-json\/wp\/v2\/product"}],"about":[{"href":"https:\/\/www.facecorner.lv\/ru\/wp-json\/wp\/v2\/types\/product"}],"replies":[{"embeddable":true,"href":"https:\/\/www.facecorner.lv\/ru\/wp-json\/wp\/v2\/comments?post=24744"}],"wp:featuredmedia":[{"embeddable":true,"href":"https:\/\/www.facecorner.lv\/ru\/wp-json\/wp\/v2\/media\/24745"}],"wp:attachment":[{"href":"https:\/\/www.facecorner.lv\/ru\/wp-json\/wp\/v2\/media?parent=24744"}],"wp:term":[{"taxonomy":"product_brand","embeddable":true,"href":"https:\/\/www.facecorner.lv\/ru\/wp-json\/wp\/v2\/product_brand?post=24744"},{"taxonomy":"product_cat","embeddable":true,"href":"https:\/\/www.facecorner.lv\/ru\/wp-json\/wp\/v2\/product_cat?post=24744"},{"taxonomy":"product_tag","embeddable":true,"href":"https:\/\/www.facecorner.lv\/ru\/wp-json\/wp\/v2\/product_tag?post=24744"},{"taxonomy":"berocket_brand","embeddable":true,"href":"https:\/\/www.facecorner.lv\/ru\/wp-json\/wp\/v2\/berocket_brand?post=24744"}],"curies":[{"name":"wp","href":"https:\/\/api.w.org\/{rel}","templated":true}]}}