{"id":24685,"date":"2025-06-30T17:27:44","date_gmt":"2025-06-30T14:27:44","guid":{"rendered":"https:\/\/www.facecorner.lv\/?post_type=product&#038;p=24685"},"modified":"2026-03-19T16:49:23","modified_gmt":"2026-03-19T13:49:23","slug":"vt-cosmetics-pdrn-essence-stick-balm","status":"publish","type":"product","link":"https:\/\/www.facecorner.lv\/ru\/shop\/vt-cosmetics-pdrn-essence-stick-balm\/","title":{"rendered":"VT Cosmetics  PDRN Essence Stick Balm"},"content":{"rendered":"<p>\u0412\u043e\u0441\u0441\u0442\u0430\u043d\u0430\u0432\u043b\u0438\u0432\u0430\u044e\u0449\u0430\u044f \u044d\u0441\u0441\u0435\u043d\u0446\u0438\u044f \u0441 \u041f\u0414\u0420\u041d \u0432 \u0444\u043e\u0440\u043c\u0430\u0442\u0435 \u0441\u0442\u0438\u043a\u0430 VT Cosmetics PDRN Essence Stick Balm \u044f\u0432\u043b\u044f\u0435\u0442\u0441\u044f \u044d\u043a\u0441\u0442\u0440\u0435\u043d\u043d\u043e\u0439 \u043f\u043e\u043c\u043e\u0449\u044c\u044e \u0434\u043b\u044f \u043f\u0440\u043e\u0431\u043b\u0435\u043c\u043d\u043e\u0439 \u043a\u043e\u0436\u0438, \u043a\u043e\u0442\u043e\u0440\u0430\u044f \u043f\u0435\u0440\u0435\u0441\u0442\u0430\u043b\u0430 \u0431\u044b\u0442\u044c \u0437\u0434\u043e\u0440\u043e\u0432\u043e\u0439 \u0438 \u0441\u0438\u044f\u044e\u0449\u0435\u0439, \u043f\u043e\u0442\u0435\u0440\u044f\u043b\u0430 \u0443\u043f\u0440\u0443\u0433\u043e\u0441\u0442\u044c \u0438 \u044d\u043b\u0430\u0441\u0442\u0438\u0447\u043d\u043e\u0441\u0442\u044c, \u0441\u0442\u0430\u043b\u0430 \u0441\u0443\u0445\u043e\u0439 \u0438\u043b\u0438 \u043e\u0431\u0435\u0437\u0432\u043e\u0436\u0435\u043d\u043d\u043e\u0439.<\/p>\n<p>\u041b\u0435\u0433\u043a\u0430\u044f \u0444\u043e\u0440\u043c\u0443\u043b\u0430 \u0441 \u0446\u0435\u043d\u0442\u0435\u043b\u043b\u043e\u0439 \u0430\u0437\u0438\u0430\u0442\u0441\u043a\u043e\u0439 \u0438 \u0443\u0445\u0430\u0436\u0438\u0432\u0430\u044e\u0449\u0438\u043c\u0438 \u043c\u0430\u0441\u043b\u0430\u043c\u0438 \u043f\u043e\u043c\u043e\u0433\u0430\u0435\u0442 \u043f\u043e\u0434\u0434\u0435\u0440\u0436\u0438\u0432\u0430\u0442\u044c \u043a\u043e\u0436\u0443 \u0433\u043b\u0430\u0434\u043a\u043e\u0439, \u043c\u044f\u0433\u043a\u043e\u0439 \u0438 \u0437\u0430\u0449\u0438\u0449\u0451\u043d\u043d\u043e\u0439 \u0432 \u0442\u0435\u0447\u0435\u043d\u0438\u0435 \u0434\u043d\u044f.<\/p>\n<p>\u0421\u0442\u0438\u043a \u043e\u0447\u0435\u043d\u044c \u043a\u043e\u043c\u0444\u043e\u0440\u0442\u0435\u043d \u0432 \u0438\u0441\u043f\u043e\u043b\u044c\u0437\u043e\u0432\u0430\u043d\u0438\u0438 \u0434\u043b\u044f \u0432\u0441\u0435\u0439 \u0441\u0435\u043c\u044c\u0438, \u043e\u043d \u0438\u043c\u0435\u0435\u0442 \u043f\u0440\u0438\u044f\u0442\u043d\u0443\u044e \u0442\u0435\u043a\u0441\u0442\u0443\u0440\u0443, \u043e\u0441\u0442\u0430\u0432\u043b\u044f\u0435\u0442 \u0443\u0432\u043b\u0430\u0436\u043d\u044f\u044e\u0449\u0438\u0439 \u0431\u0430\u0440\u0445\u0430\u0442\u043d\u044b\u0439 \u0444\u0438\u043d\u0438\u0448 \u0431\u0435\u0437 \u0436\u0438\u0440\u043d\u043e\u0439 \u043f\u043b\u0451\u043d\u043a\u0438 \u043f\u043e\u0441\u043b\u0435 \u043d\u0430\u043d\u0435\u0441\u0435\u043d\u0438\u044f, \u043f\u043e\u043c\u043e\u0433\u0430\u0435\u0442 \u043b\u0435\u0433\u043a\u043e \u0440\u0430\u0441\u043f\u0440\u0435\u0434\u0435\u043b\u0438\u0442\u044c \u0441\u0440\u0435\u0434\u0441\u0442\u0432\u043e \u043f\u043e \u0432\u0441\u0435\u043c\u0443 \u043b\u0438\u0446\u0443 (\u0438\u043b\u0438 \u0442\u0435\u043b\u0443), \u043d\u0435 \u043f\u0440\u043e\u043f\u0443\u0441\u0442\u0438\u0432 \u043a\u0430\u043a\u0438\u0445-\u043b\u0438\u0431\u043e \u0441\u0443\u0445\u0438\u0445 \u0443\u0447\u0430\u0441\u0442\u043a\u043e\u0432.<\/p>\n<ul>\n<li>\u0423\u0441\u043f\u043e\u043a\u0430\u0438\u0432\u0430\u044e\u0449\u0438\u0439 \u0438 \u0432\u043e\u0441\u0441\u0442\u0430\u043d\u0430\u0432\u043b\u0438\u0432\u0430\u044e\u0449\u0438\u0439 \u044d\u0444\u0444\u0435\u043a\u0442<\/li>\n<li>\u0438\u043d\u0442\u0435\u043d\u0441\u0438\u0432\u043d\u043e\u0435 \u043f\u0438\u0442\u0430\u043d\u0438\u0435 \u0438 \u0443\u0432\u043b\u0430\u0436\u043d\u0435\u043d\u0438\u0435<\/li>\n<li>\u0437\u0430\u0436\u0438\u0432\u043b\u044f\u0435\u0442 \u0440\u0430\u0437\u0434\u0440\u0430\u0436\u0435\u043d\u043d\u0443\u044e \u043a\u043e\u0436\u0443<\/li>\n<li>\u0440\u043e\u0432\u043d\u044b\u0439 \u0442\u043e\u043d \u0438 \u0441\u0438\u044f\u043d\u0438\u0435<\/li>\n<li>\u0443\u043a\u0440\u0435\u043f\u043b\u0435\u043d\u0438\u0435 \u0431\u0430\u0440\u044c\u0435\u0440\u0430 \u044d\u043f\u0438\u0434\u0435\u0440\u043c\u0438\u0441\u0430.<\/li>\n<\/ul>\n<p>\u041a\u043b\u044e\u0447\u0435\u0432\u043e\u0439  \u043a\u043e\u043c\u043f\u043e\u043d\u0435\u043d\u0442 \u044d\u0441\u0441\u0435\u043d\u0446\u0438\u0438 - \u043d\u0438\u0437\u043a\u043e\u043c\u043e\u043b\u0435\u043a\u0443\u043b\u044f\u0440\u043d\u044b\u0439 \u0432\u0435\u0433\u0430\u043d\u0441\u043a\u0438\u0439 PDRN (\u043f\u043e\u043b\u0438\u0434\u0435\u0437\u043e\u043a\u0441\u0438\u0440\u0438\u0431\u043e\u043d\u0443\u043a\u043b\u0435\u043e\u0442\u0438\u0434\u044b), \u044d\u043a\u0441\u0442\u0440\u0430\u0433\u0438\u0440\u043e\u0432\u0430\u043d\u043d\u043e\u0433\u043e \u0438\u0437 \u0434\u0438\u043a\u043e\u0433\u043e \u0436\u0435\u043d\u044c\u0448\u0435\u043d\u044f. \u0426\u0435\u043b\u0435\u0431\u043d\u044b\u0435 \u043a\u043e\u043c\u043f\u043e\u043d\u0435\u043d\u0442\u044b \u0441\u043e\u0434\u0435\u0440\u0436\u0430\u0449\u0438\u0435\u0441\u044f \u0432 \u043a\u043e\u0440\u043d\u0435 \u0436\u0435\u043d\u044c\u0448\u0435\u043d\u044f, \u0442\u0430\u043a\u0438\u0435 \u043a\u0430\u043a \u0441\u0430\u043f\u043e\u043d\u0438\u043d\u044b, \u0432\u0438\u0442\u0430\u043c\u0438\u043d\u044b \u0438 \u0434\u0440\u0443\u0433\u0438\u0435 \u043f\u043e\u043b\u0435\u0437\u043d\u044b\u0435 \u043c\u0438\u043a\u0440\u043e\u044d\u043b\u0435\u043c\u0435\u043d\u0442\u044b \u0441\u043f\u043e\u0441\u043e\u0431\u043d\u044b \u043d\u0435 \u0442\u043e\u043b\u044c\u043a\u043e \u043f\u0440\u0435\u0434\u0443\u043f\u0440\u0435\u0434\u0438\u0442\u044c \u043f\u0440\u0435\u0436\u0434\u0435\u0432\u0440\u0435\u043c\u0435\u043d\u043d\u043e\u0435 \u0443\u0432\u044f\u0434\u0430\u043d\u0438\u0435 \u043a\u043e\u0436\u0438, \u0443\u0441\u043a\u043e\u0440\u044f\u044f \u043f\u0440\u043e\u0446\u0435\u0441\u0441 \u0440\u0435\u0433\u0435\u043d\u0435\u0440\u0430\u0446\u0438\u0438 \u0438 \u043e\u0431\u043d\u043e\u0432\u043b\u0435\u043d\u0438\u044f \u043a\u043e\u0436\u0438, \u043d\u043e \u0438 \u0442\u0430\u043a \u0436\u0435 \u0441\u043f\u043e\u0441\u043e\u0431\u043d\u044b \u043e\u0436\u0438\u0432\u0438\u0442\u044c \u0438 \u0432\u0435\u0440\u043d\u0443\u0442\u044c \u0442\u043e\u043d\u0443\u0441 \u0443\u0441\u0442\u0430\u0432\u0448\u0435\u0439, \u0442\u0443\u0441\u043a\u043b\u043e\u0439 \u043a\u043e\u0436\u0435, \u0445\u043e\u0440\u043e\u0448\u043e \u0443\u0432\u043b\u0430\u0436\u043d\u044f\u044f, \u043f\u0438\u0442\u0430\u044f \u0438 \u043f\u043e\u0432\u044b\u0448\u0430\u044f \u044d\u043b\u0430\u0441\u0442\u0438\u0447\u043d\u043e\u0441\u0442\u044c, \u0447\u0442\u043e \u0441\u043f\u043e\u0441\u043e\u0431\u0441\u0442\u0432\u0443\u0435\u0442 \u0440\u0430\u0437\u0433\u043b\u0430\u0436\u0438\u0432\u0430\u043d\u0438\u044e \u0438\u043c\u0435\u044e\u0449\u0438\u0445\u0441\u044f \u0438 \u043f\u0440\u0435\u0434\u0443\u043f\u0440\u0435\u0436\u0434\u0435\u043d\u0438\u044e \u043e\u0431\u0440\u0430\u0437\u043e\u0432\u0430\u043d\u0438\u044f \u043d\u043e\u0432\u044b\u0445 \u043c\u043e\u0440\u0449\u0438\u043d.<\/p>\n<p>\u041a\u043e\u043c\u043f\u043b\u0435\u043a\u0441 Cerasome Complex Plus \u0438\u0437 5 \u0432\u0438\u0434\u043e\u0432 \u043a\u0435\u0440\u0430\u043c\u0438\u0434\u043e\u0432 \u0443\u043b\u0443\u0447\u0448\u0430\u0435\u0442 \u0431\u0430\u0440\u044c\u0435\u0440\u043d\u0443\u044e \u0444\u0443\u043d\u043a\u0446\u0438\u044e \u043a\u043e\u0436\u0438, \u043e\u0431\u043b\u0430\u0434\u0430\u0435\u0442 \u0440\u0435\u0433\u0435\u043d\u0435\u0440\u0430\u0442\u0438\u0432\u043d\u044b\u043c\u0438 \u0444\u0443\u043d\u043a\u0446\u0438\u044f\u043c\u0438 \u0438 \u0443\u0441\u043a\u043e\u0440\u044f\u0435\u0442 \u043f\u0440\u043e\u0446\u0435\u0441\u0441\u044b \u0437\u0430\u0436\u0438\u0432\u043b\u0435\u043d\u0438\u044f \u0440\u0430\u043d, \u0432\u043e\u0441\u043f\u0430\u043b\u0435\u043d\u0438\u0439 \u0438 \u043f\u043e\u0432\u0440\u0435\u0436\u0434\u0435\u043d\u0438\u0439, \u043f\u0440\u0435\u043a\u0440\u0430\u0441\u043d\u043e \u043f\u043e\u043a\u0430\u0437\u044b\u0432\u0430\u0435\u0442 \u0441\u0435\u0431\u044f \u0432 \u0440\u0430\u0431\u043e\u0442\u0435 \u0441 \u0432\u043e\u0437\u0440\u0430\u0441\u0442\u043d\u043e\u0439, \u0441\u0443\u0445\u043e\u0439 \u043a\u043e\u0436\u0435\u0439, \u043a\u043e\u0442\u043e\u0440\u0430\u044f \u043d\u0430\u0447\u0430\u043b\u0430 \u0442\u0440\u0435\u0441\u043a\u0430\u0442\u044c\u0441\u044f, \u0438\u0441\u0442\u043e\u043d\u0447\u0438\u043b\u0430\u0441\u044c \u0438 \u043f\u043e\u0442\u0435\u0440\u044f\u043b\u0430 \u0443\u043f\u0440\u0443\u0433\u043e\u0441\u0442\u044c, \u0433\u043b\u0443\u0431\u043e\u043a\u043e \u043f\u0438\u0442\u0430\u0435\u0442 \u0438 \u0443\u043f\u043b\u043e\u0442\u043d\u044f\u0435\u0442, \u0441\u0433\u043b\u0430\u0436\u0438\u0432\u0430\u044f \u043d\u0435\u0440\u043e\u0432\u043d\u044b\u0439 \u0440\u0435\u043b\u044c\u0435\u0444, \u043f\u0440\u0438\u0434\u0430\u0432\u0430\u044f \u043c\u044f\u0433\u043a\u043e\u0441\u0442\u044c \u0438 \u043d\u0435\u0436\u043d\u0443\u044e \u0431\u0430\u0440\u0445\u0430\u0442\u0438\u0441\u0442\u043e\u0441\u0442\u044c \u043a\u043e\u0436\u0435 \u043b\u0438\u0446\u0430.<\/p>\n<p><strong>\u0421\u043f\u043e\u0441\u043e\u0431 \u043f\u0440\u0438\u043c\u0435\u043d\u0435\u043d\u0438\u044f:<\/strong> \u041d\u0430\u043d\u0435\u0441\u0442\u0438 \u0432 \u043a\u0430\u0447\u0435\u0441\u0442\u0432\u0435 \u0437\u0430\u0432\u0435\u0440\u0448\u0430\u044e\u0449\u0435\u0433\u043e \u044d\u0442\u0430\u043f\u0430 \u0443\u0445\u043e\u0434\u0430.<\/p>\n<p><strong>\u0421\u043e\u0441\u0442\u0430\u0432:<\/strong> <span style=\"font-size: 16px;\">Octyldodecanol, Helianthus Annuus (Sunflower) Seed Oil, Phytosteryl\/Isostearyl\/Cetyl\/Stearyl\/Behenyl Dimer Dilinoleate, Butyrospermum Parkii (Shea) Butter, Synthetic Wax, Microcrystalline Wax, Dipentaerythrityl Hexahydroxystearate\/Hexastearate\/Hexarosinate, Glycerin, Alpha-Bisabolol, Caprylyl Glycol, Glyceryl Caprylate, Adenosine, Aqua, Squalane, Butylene Glycol, Ceramide NP, 1,2-Hexanediol, Polyglyceryl-10 Laurate, Ethylhexylglycerin, Copper Tripeptide-1, Hexapeptide-9, Acetyl Hexapeptide-8, Palmitoyl Pentapeptide-4, Tripeptide-1, Panax Ginseng Root Extract, Collagen Extract, Sodium DNA.<\/span><\/p>\n<div class=\"info_ext_block ordered-block char\"><\/div>\n<p>&nbsp;<\/p>","protected":false},"excerpt":{"rendered":"<p>VT Balm Stick \u2014 \u044d\u0442\u043e \u0443\u0434\u043e\u0431\u043d\u044b\u0439 \u0443\u043d\u0438\u0432\u0435\u0440\u0441\u0430\u043b\u044c\u043d\u044b\u0439 \u0431\u0430\u043b\u044c\u0437\u0430\u043c-\u0441\u0442\u0438\u043a, \u0441\u043e\u0437\u0434\u0430\u043d\u043d\u044b\u0439 \u0434\u043b\u044f \u0431\u044b\u0441\u0442\u0440\u043e\u0433\u043e \u0443\u0441\u043f\u043e\u043a\u043e\u0435\u043d\u0438\u044f, \u0443\u0432\u043b\u0430\u0436\u043d\u0435\u043d\u0438\u044f \u0438 \u0437\u0430\u0449\u0438\u0442\u044b \u043a\u043e\u0436\u0438.<\/p>","protected":false},"featured_media":24686,"comment_status":"open","ping_status":"closed","template":"","meta":{"site-sidebar-layout":"default","site-content-layout":"","ast-site-content-layout":"default","site-content-style":"default","site-sidebar-style":"default","ast-global-header-display":"","ast-banner-title-visibility":"","ast-main-header-display":"","ast-hfb-above-header-display":"","ast-hfb-below-header-display":"","ast-hfb-mobile-header-display":"","site-post-title":"","ast-breadcrumbs-content":"","ast-featured-img":"","footer-sml-layout":"","theme-transparent-header-meta":"default","adv-header-id-meta":"","stick-header-meta":"","header-above-stick-meta":"","header-main-stick-meta":"","header-below-stick-meta":"","astra-migrate-meta-layouts":"set","ast-page-background-enabled":"default","ast-page-background-meta":{"desktop":{"background-color":"var(--ast-global-color-4)","background-image":"","background-repeat":"repeat","background-position":"center center","background-size":"auto","background-attachment":"scroll","background-type":"","background-media":"","overlay-type":"","overlay-color":"","overlay-opacity":"","overlay-gradient":""},"tablet":{"background-color":"","background-image":"","background-repeat":"repeat","background-position":"center center","background-size":"auto","background-attachment":"scroll","background-type":"","background-media":"","overlay-type":"","overlay-color":"","overlay-opacity":"","overlay-gradient":""},"mobile":{"background-color":"","background-image":"","background-repeat":"repeat","background-position":"center center","background-size":"auto","background-attachment":"scroll","background-type":"","background-media":"","overlay-type":"","overlay-color":"","overlay-opacity":"","overlay-gradient":""}},"ast-content-background-meta":{"desktop":{"background-color":"var(--ast-global-color-5)","background-image":"","background-repeat":"repeat","background-position":"center center","background-size":"auto","background-attachment":"scroll","background-type":"","background-media":"","overlay-type":"","overlay-color":"","overlay-opacity":"","overlay-gradient":""},"tablet":{"background-color":"var(--ast-global-color-5)","background-image":"","background-repeat":"repeat","background-position":"center center","background-size":"auto","background-attachment":"scroll","background-type":"","background-media":"","overlay-type":"","overlay-color":"","overlay-opacity":"","overlay-gradient":""},"mobile":{"background-color":"var(--ast-global-color-5)","background-image":"","background-repeat":"repeat","background-position":"center center","background-size":"auto","background-attachment":"scroll","background-type":"","background-media":"","overlay-type":"","overlay-color":"","overlay-opacity":"","overlay-gradient":""}}},"product_brand":[],"product_cat":[435,652],"product_tag":[],"berocket_brand":[582],"class_list":{"0":"post-24685","1":"product","2":"type-product","3":"status-publish","4":"has-post-thumbnail","6":"product_cat-jaunumi","7":"product_cat-pdrn","8":"berocket_brand-vt","9":"desktop-align-left","10":"tablet-align-left","11":"mobile-align-left","13":"first","14":"instock","15":"taxable","16":"shipping-taxable","17":"purchasable","18":"product-type-simple","19":"add-to-wishlist-before_image"},"yoast_head":"<!-- This site is optimized with the Yoast SEO plugin v27.4 - https:\/\/yoast.com\/product\/yoast-seo-wordpress\/ -->\n<title>VT Cosmetics PDRN Essence Stick Balm - FACECORNER<\/title>\n<meta name=\"description\" content=\"VT Cosmetics PDRN Essence Stick Balm \u0101das mirdzumam efekt\u012bvi uzlabo \u0101das tvirtumu un elast\u012bbu, pal\u0113nina vecuma izmai\u0146as, nodro\u0161ina dzi\u013cu mitrin\u0101\u0161anu\" \/>\n<meta name=\"robots\" content=\"index, follow, max-snippet:-1, max-image-preview:large, max-video-preview:-1\" \/>\n<link rel=\"canonical\" href=\"https:\/\/www.facecorner.lv\/ru\/shop\/vt-cosmetics-pdrn-essence-stick-balm\/\" \/>\n<meta property=\"og:locale\" content=\"ru_RU\" \/>\n<meta property=\"og:type\" content=\"article\" \/>\n<meta property=\"og:title\" content=\"VT Cosmetics PDRN Essence Stick Balm - FACECORNER\" \/>\n<meta property=\"og:description\" content=\"VT Cosmetics PDRN Essence Stick Balm \u0101das mirdzumam efekt\u012bvi uzlabo \u0101das tvirtumu un elast\u012bbu, pal\u0113nina vecuma izmai\u0146as, nodro\u0161ina dzi\u013cu mitrin\u0101\u0161anu\" \/>\n<meta property=\"og:url\" content=\"https:\/\/www.facecorner.lv\/ru\/shop\/vt-cosmetics-pdrn-essence-stick-balm\/\" \/>\n<meta property=\"og:site_name\" content=\"FACECORNER\" \/>\n<meta property=\"article:publisher\" content=\"https:\/\/www.facebook.com\/profile.php?id=100063824551839\" \/>\n<meta property=\"article:modified_time\" content=\"2026-03-19T13:49:23+00:00\" \/>\n<meta property=\"og:image\" content=\"https:\/\/www.facecorner.lv\/wp-content\/uploads\/2025\/06\/1_91018086-6bde-4edf-a28f-a8035fbd240e.webp\" \/>\n\t<meta property=\"og:image:width\" content=\"2000\" \/>\n\t<meta property=\"og:image:height\" content=\"2000\" \/>\n\t<meta property=\"og:image:type\" content=\"image\/webp\" \/>\n<meta name=\"twitter:card\" content=\"summary_large_image\" \/>\n<meta name=\"twitter:label1\" content=\"\u0426\u0435\u043d\u0430\" \/>\n\t<meta name=\"twitter:data1\" content=\"&euro;26.50\" \/>\n\t<meta name=\"twitter:label2\" content=\"\u0414\u043e\u0441\u0442\u0443\u043f\u043d\u043e\u0441\u0442\u044c\" \/>\n\t<meta name=\"twitter:data2\" content=\"\u0412 \u043d\u0430\u043b\u0438\u0447\u0438\u0438\" \/>\n<script type=\"application\/ld+json\" class=\"yoast-schema-graph\">{\"@context\":\"https:\\\/\\\/schema.org\",\"@graph\":[{\"@type\":\"WebPage\",\"@id\":\"https:\\\/\\\/www.facecorner.lv\\\/shop\\\/vt-cosmetics-pdrn-essence-stick-balm\\\/\",\"url\":\"https:\\\/\\\/www.facecorner.lv\\\/shop\\\/vt-cosmetics-pdrn-essence-stick-balm\\\/\",\"name\":\"VT Cosmetics PDRN Essence Stick Balm - FACECORNER\",\"isPartOf\":{\"@id\":\"https:\\\/\\\/www.facecorner.lv\\\/#website\"},\"primaryImageOfPage\":{\"@id\":\"https:\\\/\\\/www.facecorner.lv\\\/shop\\\/vt-cosmetics-pdrn-essence-stick-balm\\\/#primaryimage\"},\"image\":{\"@id\":\"https:\\\/\\\/www.facecorner.lv\\\/shop\\\/vt-cosmetics-pdrn-essence-stick-balm\\\/#primaryimage\"},\"thumbnailUrl\":\"https:\\\/\\\/www.facecorner.lv\\\/wp-content\\\/uploads\\\/2025\\\/06\\\/1_91018086-6bde-4edf-a28f-a8035fbd240e.webp\",\"datePublished\":\"2025-06-30T14:27:44+00:00\",\"dateModified\":\"2026-03-19T13:49:23+00:00\",\"description\":\"VT Cosmetics PDRN Essence Stick Balm \u0101das mirdzumam efekt\u012bvi uzlabo \u0101das tvirtumu un elast\u012bbu, pal\u0113nina vecuma izmai\u0146as, nodro\u0161ina dzi\u013cu mitrin\u0101\u0161anu\",\"breadcrumb\":{\"@id\":\"https:\\\/\\\/www.facecorner.lv\\\/shop\\\/vt-cosmetics-pdrn-essence-stick-balm\\\/#breadcrumb\"},\"inLanguage\":\"ru-RU\",\"potentialAction\":[{\"@type\":\"ReadAction\",\"target\":[\"https:\\\/\\\/www.facecorner.lv\\\/shop\\\/vt-cosmetics-pdrn-essence-stick-balm\\\/\"]}]},{\"@type\":\"ImageObject\",\"inLanguage\":\"ru-RU\",\"@id\":\"https:\\\/\\\/www.facecorner.lv\\\/shop\\\/vt-cosmetics-pdrn-essence-stick-balm\\\/#primaryimage\",\"url\":\"https:\\\/\\\/www.facecorner.lv\\\/wp-content\\\/uploads\\\/2025\\\/06\\\/1_91018086-6bde-4edf-a28f-a8035fbd240e.webp\",\"contentUrl\":\"https:\\\/\\\/www.facecorner.lv\\\/wp-content\\\/uploads\\\/2025\\\/06\\\/1_91018086-6bde-4edf-a28f-a8035fbd240e.webp\",\"width\":2000,\"height\":2000,\"caption\":\"VT Cosmetics PDRN Essence Stick Balm\"},{\"@type\":\"BreadcrumbList\",\"@id\":\"https:\\\/\\\/www.facecorner.lv\\\/shop\\\/vt-cosmetics-pdrn-essence-stick-balm\\\/#breadcrumb\",\"itemListElement\":[{\"@type\":\"ListItem\",\"position\":1,\"name\":\"Home\",\"item\":\"https:\\\/\\\/www.facecorner.lv\\\/\"},{\"@type\":\"ListItem\",\"position\":2,\"name\":\"Veikals\",\"item\":\"https:\\\/\\\/www.facecorner.lv\\\/shop\\\/\"},{\"@type\":\"ListItem\",\"position\":3,\"name\":\"VT Cosmetics PDRN Essence Stick Balm\"}]},{\"@type\":\"WebSite\",\"@id\":\"https:\\\/\\\/www.facecorner.lv\\\/#website\",\"url\":\"https:\\\/\\\/www.facecorner.lv\\\/\",\"name\":\"Facecorner\",\"description\":\"\",\"publisher\":{\"@id\":\"https:\\\/\\\/www.facecorner.lv\\\/#organization\"},\"potentialAction\":[{\"@type\":\"SearchAction\",\"target\":{\"@type\":\"EntryPoint\",\"urlTemplate\":\"https:\\\/\\\/www.facecorner.lv\\\/?s={search_term_string}\"},\"query-input\":{\"@type\":\"PropertyValueSpecification\",\"valueRequired\":true,\"valueName\":\"search_term_string\"}}],\"inLanguage\":\"ru-RU\"},{\"@type\":\"Organization\",\"@id\":\"https:\\\/\\\/www.facecorner.lv\\\/#organization\",\"name\":\"Facecorner\",\"url\":\"https:\\\/\\\/www.facecorner.lv\\\/\",\"logo\":{\"@type\":\"ImageObject\",\"inLanguage\":\"ru-RU\",\"@id\":\"https:\\\/\\\/www.facecorner.lv\\\/#\\\/schema\\\/logo\\\/image\\\/\",\"url\":\"https:\\\/\\\/www.facecorner.lv\\\/wp-content\\\/uploads\\\/2024\\\/04\\\/fc-logo.jpg\",\"contentUrl\":\"https:\\\/\\\/www.facecorner.lv\\\/wp-content\\\/uploads\\\/2024\\\/04\\\/fc-logo.jpg\",\"width\":174,\"height\":28,\"caption\":\"Facecorner\"},\"image\":{\"@id\":\"https:\\\/\\\/www.facecorner.lv\\\/#\\\/schema\\\/logo\\\/image\\\/\"},\"sameAs\":[\"https:\\\/\\\/www.facebook.com\\\/profile.php?id=100063824551839\",\"https:\\\/\\\/www.instagram.com\\\/facecorner_shop\\\/\"]}]}<\/script>\n<meta property=\"product:price:amount\" content=\"26.50\" \/>\n<meta property=\"product:price:currency\" content=\"EUR\" \/>\n<meta property=\"og:availability\" content=\"instock\" \/>\n<meta property=\"product:availability\" content=\"instock\" \/>\n<meta property=\"product:condition\" content=\"new\" \/>\n<!-- \/ Yoast SEO plugin. -->","yoast_head_json":{"title":"VT Cosmetics PDRN Essence Stick Balm - FACECORNER","description":"VT Cosmetics PDRN Essence Stick Balm \u0101das mirdzumam efekt\u012bvi uzlabo \u0101das tvirtumu un elast\u012bbu, pal\u0113nina vecuma izmai\u0146as, nodro\u0161ina dzi\u013cu mitrin\u0101\u0161anu","robots":{"index":"index","follow":"follow","max-snippet":"max-snippet:-1","max-image-preview":"max-image-preview:large","max-video-preview":"max-video-preview:-1"},"canonical":"https:\/\/www.facecorner.lv\/ru\/shop\/vt-cosmetics-pdrn-essence-stick-balm\/","og_locale":"ru_RU","og_type":"article","og_title":"VT Cosmetics PDRN Essence Stick Balm - FACECORNER","og_description":"VT Cosmetics PDRN Essence Stick Balm \u0101das mirdzumam efekt\u012bvi uzlabo \u0101das tvirtumu un elast\u012bbu, pal\u0113nina vecuma izmai\u0146as, nodro\u0161ina dzi\u013cu mitrin\u0101\u0161anu","og_url":"https:\/\/www.facecorner.lv\/ru\/shop\/vt-cosmetics-pdrn-essence-stick-balm\/","og_site_name":"FACECORNER","article_publisher":"https:\/\/www.facebook.com\/profile.php?id=100063824551839","article_modified_time":"2026-03-19T13:49:23+00:00","og_image":[{"width":2000,"height":2000,"url":"https:\/\/www.facecorner.lv\/wp-content\/uploads\/2025\/06\/1_91018086-6bde-4edf-a28f-a8035fbd240e.webp","type":"image\/webp"}],"twitter_card":"summary_large_image","twitter_misc":{"\u0426\u0435\u043d\u0430":"&euro;26.50","\u0414\u043e\u0441\u0442\u0443\u043f\u043d\u043e\u0441\u0442\u044c":"\u0412 \u043d\u0430\u043b\u0438\u0447\u0438\u0438"},"schema":{"@context":"https:\/\/schema.org","@graph":[{"@type":"WebPage","@id":"https:\/\/www.facecorner.lv\/shop\/vt-cosmetics-pdrn-essence-stick-balm\/","url":"https:\/\/www.facecorner.lv\/shop\/vt-cosmetics-pdrn-essence-stick-balm\/","name":"VT Cosmetics PDRN Essence Stick Balm - FACECORNER","isPartOf":{"@id":"https:\/\/www.facecorner.lv\/#website"},"primaryImageOfPage":{"@id":"https:\/\/www.facecorner.lv\/shop\/vt-cosmetics-pdrn-essence-stick-balm\/#primaryimage"},"image":{"@id":"https:\/\/www.facecorner.lv\/shop\/vt-cosmetics-pdrn-essence-stick-balm\/#primaryimage"},"thumbnailUrl":"https:\/\/www.facecorner.lv\/wp-content\/uploads\/2025\/06\/1_91018086-6bde-4edf-a28f-a8035fbd240e.webp","datePublished":"2025-06-30T14:27:44+00:00","dateModified":"2026-03-19T13:49:23+00:00","description":"VT Cosmetics PDRN Essence Stick Balm \u0101das mirdzumam efekt\u012bvi uzlabo \u0101das tvirtumu un elast\u012bbu, pal\u0113nina vecuma izmai\u0146as, nodro\u0161ina dzi\u013cu mitrin\u0101\u0161anu","breadcrumb":{"@id":"https:\/\/www.facecorner.lv\/shop\/vt-cosmetics-pdrn-essence-stick-balm\/#breadcrumb"},"inLanguage":"ru-RU","potentialAction":[{"@type":"ReadAction","target":["https:\/\/www.facecorner.lv\/shop\/vt-cosmetics-pdrn-essence-stick-balm\/"]}]},{"@type":"ImageObject","inLanguage":"ru-RU","@id":"https:\/\/www.facecorner.lv\/shop\/vt-cosmetics-pdrn-essence-stick-balm\/#primaryimage","url":"https:\/\/www.facecorner.lv\/wp-content\/uploads\/2025\/06\/1_91018086-6bde-4edf-a28f-a8035fbd240e.webp","contentUrl":"https:\/\/www.facecorner.lv\/wp-content\/uploads\/2025\/06\/1_91018086-6bde-4edf-a28f-a8035fbd240e.webp","width":2000,"height":2000,"caption":"VT Cosmetics PDRN Essence Stick Balm"},{"@type":"BreadcrumbList","@id":"https:\/\/www.facecorner.lv\/shop\/vt-cosmetics-pdrn-essence-stick-balm\/#breadcrumb","itemListElement":[{"@type":"ListItem","position":1,"name":"Home","item":"https:\/\/www.facecorner.lv\/"},{"@type":"ListItem","position":2,"name":"Veikals","item":"https:\/\/www.facecorner.lv\/shop\/"},{"@type":"ListItem","position":3,"name":"VT Cosmetics PDRN Essence Stick Balm"}]},{"@type":"WebSite","@id":"https:\/\/www.facecorner.lv\/#website","url":"https:\/\/www.facecorner.lv\/","name":"Facecorner","description":"","publisher":{"@id":"https:\/\/www.facecorner.lv\/#organization"},"potentialAction":[{"@type":"SearchAction","target":{"@type":"EntryPoint","urlTemplate":"https:\/\/www.facecorner.lv\/?s={search_term_string}"},"query-input":{"@type":"PropertyValueSpecification","valueRequired":true,"valueName":"search_term_string"}}],"inLanguage":"ru-RU"},{"@type":"Organization","@id":"https:\/\/www.facecorner.lv\/#organization","name":"Facecorner","url":"https:\/\/www.facecorner.lv\/","logo":{"@type":"ImageObject","inLanguage":"ru-RU","@id":"https:\/\/www.facecorner.lv\/#\/schema\/logo\/image\/","url":"https:\/\/www.facecorner.lv\/wp-content\/uploads\/2024\/04\/fc-logo.jpg","contentUrl":"https:\/\/www.facecorner.lv\/wp-content\/uploads\/2024\/04\/fc-logo.jpg","width":174,"height":28,"caption":"Facecorner"},"image":{"@id":"https:\/\/www.facecorner.lv\/#\/schema\/logo\/image\/"},"sameAs":["https:\/\/www.facebook.com\/profile.php?id=100063824551839","https:\/\/www.instagram.com\/facecorner_shop\/"]}]},"product_price_amount":"26.50","product_price_currency":"EUR","og_availability":"instock","product_availability":"instock","product_condition":"new"},"_links":{"self":[{"href":"https:\/\/www.facecorner.lv\/ru\/wp-json\/wp\/v2\/product\/24685","targetHints":{"allow":["GET"]}}],"collection":[{"href":"https:\/\/www.facecorner.lv\/ru\/wp-json\/wp\/v2\/product"}],"about":[{"href":"https:\/\/www.facecorner.lv\/ru\/wp-json\/wp\/v2\/types\/product"}],"replies":[{"embeddable":true,"href":"https:\/\/www.facecorner.lv\/ru\/wp-json\/wp\/v2\/comments?post=24685"}],"wp:featuredmedia":[{"embeddable":true,"href":"https:\/\/www.facecorner.lv\/ru\/wp-json\/wp\/v2\/media\/24686"}],"wp:attachment":[{"href":"https:\/\/www.facecorner.lv\/ru\/wp-json\/wp\/v2\/media?parent=24685"}],"wp:term":[{"taxonomy":"product_brand","embeddable":true,"href":"https:\/\/www.facecorner.lv\/ru\/wp-json\/wp\/v2\/product_brand?post=24685"},{"taxonomy":"product_cat","embeddable":true,"href":"https:\/\/www.facecorner.lv\/ru\/wp-json\/wp\/v2\/product_cat?post=24685"},{"taxonomy":"product_tag","embeddable":true,"href":"https:\/\/www.facecorner.lv\/ru\/wp-json\/wp\/v2\/product_tag?post=24685"},{"taxonomy":"berocket_brand","embeddable":true,"href":"https:\/\/www.facecorner.lv\/ru\/wp-json\/wp\/v2\/berocket_brand?post=24685"}],"curies":[{"name":"wp","href":"https:\/\/api.w.org\/{rel}","templated":true}]}}