{"id":24681,"date":"2025-06-30T17:15:45","date_gmt":"2025-06-30T14:15:45","guid":{"rendered":"https:\/\/www.facecorner.lv\/?post_type=product&#038;p=24681"},"modified":"2026-03-06T15:55:19","modified_gmt":"2026-03-06T12:55:19","slug":"medicube-zero-pore-sa-clear-capsule-cleansing-foam-120g","status":"publish","type":"product","link":"https:\/\/www.facecorner.lv\/ru\/shop\/medicube-zero-pore-sa-clear-capsule-cleansing-foam-120g\/","title":{"rendered":"Medicube Zero Pore SA Clear Capsule Cleansing Foam 120g"},"content":{"rendered":"<p>Medicube Zero Pore SA Clear Capsule Cleansing Foam\u00a0  \u043f\u0435\u043d\u043a\u0430 \u0434\u043b\u044f \u0433\u043b\u0443\u0431\u043e\u043a\u043e\u0433\u043e \u043e\u0447\u0438\u0449\u0435\u043d\u0438\u044f, \u0432 \u043a\u043e\u0442\u043e\u0440\u043e\u0439 \u0438\u0441\u043f\u043e\u043b\u044c\u0437\u0443\u044e\u0442\u0441\u044f \u043c\u0438\u043a\u0440\u043e\u0441\u043a\u043e\u043f\u0438\u0447\u0435\u0441\u043a\u0438\u0435 \u00ab\u043a\u0430\u043f\u0441\u0443\u043b\u044b-\u044d\u043a\u0437\u043e\u0441\u043e\u043c\u044b\u00bb \u0434\u043b\u044f \u044d\u0444\u0444\u0435\u043a\u0442\u0438\u0432\u043d\u043e\u0433\u043e \u0443\u0434\u0430\u043b\u0435\u043d\u0438\u044f \u043a\u043e\u0436\u043d\u043e\u0433\u043e \u0441\u0430\u043b\u0430 \u0438 \u0437\u0430\u0433\u0440\u044f\u0437\u043d\u0435\u043d\u0438\u0439 \u0438\u0437 \u043f\u043e\u0440.<\/p>\n<p>\u0412 \u0441\u043e\u0441\u0442\u0430\u0432 \u044d\u0442\u043e\u0439 \u043e\u0447\u0438\u0449\u0430\u044e\u0449\u0435\u0439 \u043f\u0435\u043d\u043a\u0438 \u0432\u0445\u043e\u0434\u044f\u0442 \u0441\u0430\u043b\u0438\u0446\u0438\u043b\u043e\u0432\u0430\u044f \u043a\u0438\u0441\u043b\u043e\u0442\u0430, AHA \u0438 PHA, \u043a\u043e\u0442\u043e\u0440\u044b\u0435 \u0433\u043b\u0443\u0431\u043e\u043a\u043e \u043e\u0447\u0438\u0449\u0430\u044e\u0442 \u043f\u043e\u0440\u044b \u0438 \u043c\u044f\u0433\u043a\u043e \u043f\u0435\u043d\u044f\u0442\u0441\u044f.<\/p>\n<ul>\n<li>\u042d\u043a\u0437\u043e\u0441\u043e\u043c\u044b \u0438 \u043a\u0430\u043f\u0441\u0443\u043b\u044b BHA \u0440\u0430\u0437\u043c\u044f\u0433\u0447\u0430\u044e\u0442 \u0441\u0442\u043e\u0439\u043a\u0438\u0439 \u0441\u0435\u0431\u0443\u043c, \u043e\u0431\u043b\u0435\u0433\u0447\u0430\u044f \u0435\u0433\u043e \u0443\u0434\u0430\u043b\u0435\u043d\u0438\u0435, AHA+ PHA \u0441\u0433\u043b\u0430\u0436\u0438\u0432\u0430\u044e\u0442 \u043d\u0435\u0440\u043e\u0432\u043d\u043e\u0441\u0442\u0438 \u043a\u043e\u0436\u0438, \u043f\u043e\u0434\u0434\u0435\u0440\u0436\u0438\u0432\u0430\u044f \u0443\u0445\u043e\u0434 \u0437\u0430 \u0443\u0433\u0440\u044f\u043c\u0438, \u0430 \u0441\u0430\u043b\u0438\u0446\u0438\u043b\u043e\u0432\u0430\u044f \u043a\u0438\u0441\u043b\u043e\u0442\u0430 \u043f\u043e\u043c\u043e\u0433\u0430\u0435\u0442 \u0443\u0434\u0430\u043b\u0438\u0442\u044c \u043e\u043c\u0435\u0440\u0442\u0432\u0435\u0432\u0448\u0438\u0435 \u043a\u043b\u0435\u0442\u043a\u0438 \u043a\u043e\u0436\u0438 \u0438 \u043e\u0447\u0438\u0441\u0442\u0438\u0442\u044c \u043f\u043e\u0440\u044b.<\/li>\n<li>\u041e\u0447\u0438\u0449\u0430\u0435\u0442 99,7% \u0437\u0430\u0433\u0440\u044f\u0437\u043d\u0435\u043d\u0438\u0439, \u0437\u0430\u0431\u0438\u0432\u0430\u044e\u0449\u0438\u0445 \u043f\u043e\u0440\u044b, \u0431\u043b\u0430\u0433\u043e\u0434\u0430\u0440\u044f \u0444\u043e\u0440\u043c\u0443\u043b\u0435 \u044d\u043a\u0437\u043e\u0441\u043e\u043c\u043d\u044b\u0445 \u043a\u0430\u043f\u0441\u0443\u043b \u0438 \u0443\u043c\u0435\u043d\u044c\u0448\u0435\u043d\u043d\u043e\u043c\u0443 \u0432 500 \u0440\u0430\u0437 \u0440\u0430\u0437\u043c\u0435\u0440\u0443 \u043c\u0438\u043a\u0440\u043e\u0441\u0438\u043b\u043e\u0432\u044b\u0445 \u043a\u0430\u043f\u0441\u0443\u043b \u044d\u043a\u0437\u043e\u0441\u043e\u043c \u043f\u043e \u0441\u0440\u0430\u0432\u043d\u0435\u043d\u0438\u044e \u0441 \u0440\u0430\u0437\u043c\u0435\u0440\u043e\u043c \u043f\u043e\u0440.<\/li>\n<li>\u041a\u043b\u0438\u043d\u0438\u0447\u0435\u0441\u043a\u0438 \u0434\u043e\u043a\u0430\u0437\u0430\u043d\u043e, \u0447\u0442\u043e \u0432\u044b\u0437\u044b\u0432\u0430\u0435\u0442 0,00 \u0440\u0430\u0437\u0434\u0440\u0430\u0436\u0435\u043d\u0438\u044f \u043d\u0430 \u0447\u0443\u0432\u0441\u0442\u0432\u0438\u0442\u0435\u043b\u044c\u043d\u043e\u0439 \u043a\u043e\u0436\u0435.<\/li>\n<\/ul>\n<p><strong>\u0421\u043f\u043e\u0441\u043e\u0431 \u043f\u0440\u0438\u043c\u0435\u043d\u0435\u043d\u0438\u044f:<\/strong>\u0412\u043e\u0437\u044c\u043c\u0438\u0442\u0435 \u043d\u0435\u0431\u043e\u043b\u044c\u0448\u043e\u0435 \u043a\u043e\u043b\u0438\u0447\u0435\u0441\u0442\u0432\u043e \u0441\u0440\u0435\u0434\u0441\u0442\u0432\u0430, \u0432\u0441\u043f\u0435\u043d\u044c\u0442\u0435 \u0441 \u0432\u043e\u0434\u043e\u0439, \u0430\u043a\u043a\u0443\u0440\u0430\u0442\u043d\u043e \u043d\u0430\u043d\u0435\u0441\u0438\u0442\u0435 \u043d\u0430 \u043b\u0438\u0446\u043e \u0438 \u0442\u0449\u0430\u0442\u0435\u043b\u044c\u043d\u043e \u0441\u043c\u043e\u0439\u0442\u0435.<\/p>\n<p><strong>\u0421\u043e\u0441\u0442\u0430\u0432:<\/strong>: Water, Glycerin, Sodium Cocoyl Glycinate, Sodium Lauroyl Glutamate, Lauryl Hydroxysultaine, Coco-Glucoside, Decyl Glucoside, 1,2-Hexanediol, Salicylic Acid, Sodium Chloride, Caprylyl Glycol, Hydroxypropyl Starch Phosphate, Silica, Fragrance, Acrylates\/C10-30 Alkyl Acrylate Crosspolymer, Citric Acid, Polyquaternium-67, Dextrin, Zea Mays (Corn) Starch, Microcrystalline Cellulose, Mannitol, Disodium EDTA, Sucrose, Gardenia Florida Fruit Extract, Sodium Acetate, Ultramarines (CI 77007), Tocopheryl Acetate, Isopropyl Alcohol, Butylene Glycol, Gluconolactone, Mandelic Acid, Salix Alba (Willow) Bark Extract, Centella Asiatica Leaf Vesicles, Centella Asiatica Leaf Extract, Cladosiphon Okamuranus Extract, Camellia Sinensis Leaf Extract, Houttuynia Cordata Extract, Coffea Arabica (Coffee) Seed Extract, Pueraria Lobata Root Extract, Pinus Palustris Leaf Extract, Oenothera Biennis (Evening Primrose) Flower Extract, Ulmus Davidiana Root Extract, Citrus Aurantium Bergamia (Bergamot) Leaf Extract, Pinus Densiflora Leaf Extract<\/p>","protected":false},"excerpt":{"rendered":"<p>Medicube Zero Pore SA Clear Capsule Cleansing Foam\u00a0  \u043f\u0435\u043d\u043a\u0430 \u0434\u043b\u044f \u0433\u043b\u0443\u0431\u043e\u043a\u043e\u0433\u043e \u043e\u0447\u0438\u0449\u0435\u043d\u0438\u044f, \u0432 \u043a\u043e\u0442\u043e\u0440\u043e\u0439 \u0438\u0441\u043f\u043e\u043b\u044c\u0437\u0443\u044e\u0442\u0441\u044f \u043c\u0438\u043a\u0440\u043e\u0441\u043a\u043e\u043f\u0438\u0447\u0435\u0441\u043a\u0438\u0435 \u00ab\u043a\u0430\u043f\u0441\u0443\u043b\u044b-\u044d\u043a\u0437\u043e\u0441\u043e\u043c\u044b\u00bb \u0434\u043b\u044f \u044d\u0444\u0444\u0435\u043a\u0442\u0438\u0432\u043d\u043e\u0433\u043e \u0443\u0434\u0430\u043b\u0435\u043d\u0438\u044f \u043a\u043e\u0436\u043d\u043e\u0433\u043e \u0441\u0430\u043b\u0430 \u0438 \u0437\u0430\u0433\u0440\u044f\u0437\u043d\u0435\u043d\u0438\u0439 \u0438\u0437 \u043f\u043e\u0440.<\/p>","protected":false},"featured_media":24682,"comment_status":"open","ping_status":"closed","template":"","meta":{"site-sidebar-layout":"default","site-content-layout":"","ast-site-content-layout":"default","site-content-style":"default","site-sidebar-style":"default","ast-global-header-display":"","ast-banner-title-visibility":"","ast-main-header-display":"","ast-hfb-above-header-display":"","ast-hfb-below-header-display":"","ast-hfb-mobile-header-display":"","site-post-title":"","ast-breadcrumbs-content":"","ast-featured-img":"","footer-sml-layout":"","theme-transparent-header-meta":"default","adv-header-id-meta":"","stick-header-meta":"","header-above-stick-meta":"","header-main-stick-meta":"","header-below-stick-meta":"","astra-migrate-meta-layouts":"set","ast-page-background-enabled":"default","ast-page-background-meta":{"desktop":{"background-color":"var(--ast-global-color-4)","background-image":"","background-repeat":"repeat","background-position":"center center","background-size":"auto","background-attachment":"scroll","background-type":"","background-media":"","overlay-type":"","overlay-color":"","overlay-opacity":"","overlay-gradient":""},"tablet":{"background-color":"","background-image":"","background-repeat":"repeat","background-position":"center center","background-size":"auto","background-attachment":"scroll","background-type":"","background-media":"","overlay-type":"","overlay-color":"","overlay-opacity":"","overlay-gradient":""},"mobile":{"background-color":"","background-image":"","background-repeat":"repeat","background-position":"center center","background-size":"auto","background-attachment":"scroll","background-type":"","background-media":"","overlay-type":"","overlay-color":"","overlay-opacity":"","overlay-gradient":""}},"ast-content-background-meta":{"desktop":{"background-color":"var(--ast-global-color-5)","background-image":"","background-repeat":"repeat","background-position":"center center","background-size":"auto","background-attachment":"scroll","background-type":"","background-media":"","overlay-type":"","overlay-color":"","overlay-opacity":"","overlay-gradient":""},"tablet":{"background-color":"var(--ast-global-color-5)","background-image":"","background-repeat":"repeat","background-position":"center center","background-size":"auto","background-attachment":"scroll","background-type":"","background-media":"","overlay-type":"","overlay-color":"","overlay-opacity":"","overlay-gradient":""},"mobile":{"background-color":"var(--ast-global-color-5)","background-image":"","background-repeat":"repeat","background-position":"center center","background-size":"auto","background-attachment":"scroll","background-type":"","background-media":"","overlay-type":"","overlay-color":"","overlay-opacity":"","overlay-gradient":""}}},"product_brand":[],"product_cat":[310,311,312,313,314],"product_tag":[],"berocket_brand":[579],"class_list":{"0":"post-24681","1":"product","2":"type-product","3":"status-publish","4":"has-post-thumbnail","6":"product_cat-attirisana","7":"product_cat-jutigai-adai-attirisana","8":"product_cat-kombinetai-adai-attirisana","9":"product_cat-problematiskai-adai-attirisana","10":"product_cat-taukainai-adai-attirisana","11":"berocket_brand-medicube","12":"desktop-align-left","13":"tablet-align-left","14":"mobile-align-left","16":"first","17":"outofstock","18":"taxable","19":"shipping-taxable","20":"purchasable","21":"product-type-simple","22":"add-to-wishlist-before_image"},"yoast_head":"<!-- This site is optimized with the Yoast SEO plugin v27.3 - https:\/\/yoast.com\/product\/yoast-seo-wordpress\/ -->\n<title>Medicube Zero Pore SA Clear Capsule Cleansing Foam 120g - FACECORNER<\/title>\n<meta name=\"description\" content=\"Medicube Zero Pore SA Clear Capsule Cleansing Foam\u00a0 att\u012bro\u0161\u0101s putas ir dzi\u013ci att\u012bro\u0161as putas, kas izmanto mikroskopiskas \u201ceksosomu kapsulas\u201d\" \/>\n<meta name=\"robots\" content=\"index, follow, max-snippet:-1, max-image-preview:large, max-video-preview:-1\" \/>\n<link rel=\"canonical\" href=\"https:\/\/www.facecorner.lv\/ru\/shop\/medicube-zero-pore-sa-clear-capsule-cleansing-foam-120g\/\" \/>\n<meta property=\"og:locale\" content=\"ru_RU\" \/>\n<meta property=\"og:type\" content=\"article\" \/>\n<meta property=\"og:title\" content=\"Medicube Zero Pore SA Clear Capsule Cleansing Foam 120g - FACECORNER\" \/>\n<meta property=\"og:description\" content=\"Medicube Zero Pore SA Clear Capsule Cleansing Foam\u00a0 att\u012bro\u0161\u0101s putas ir dzi\u013ci att\u012bro\u0161as putas, kas izmanto mikroskopiskas \u201ceksosomu kapsulas\u201d\" \/>\n<meta property=\"og:url\" content=\"https:\/\/www.facecorner.lv\/ru\/shop\/medicube-zero-pore-sa-clear-capsule-cleansing-foam-120g\/\" \/>\n<meta property=\"og:site_name\" content=\"FACECORNER\" \/>\n<meta property=\"article:publisher\" content=\"https:\/\/www.facebook.com\/profile.php?id=100063824551839\" \/>\n<meta property=\"article:modified_time\" content=\"2026-03-06T12:55:19+00:00\" \/>\n<meta property=\"og:image\" content=\"https:\/\/www.facecorner.lv\/wp-content\/uploads\/2025\/06\/XXL_p0218988812.webp\" \/>\n\t<meta property=\"og:image:width\" content=\"640\" \/>\n\t<meta property=\"og:image:height\" content=\"640\" \/>\n\t<meta property=\"og:image:type\" content=\"image\/webp\" \/>\n<meta name=\"twitter:card\" content=\"summary_large_image\" \/>\n<meta name=\"twitter:label1\" content=\"\u0426\u0435\u043d\u0430\" \/>\n\t<meta name=\"twitter:data1\" content=\"&euro;25.00\" \/>\n\t<meta name=\"twitter:label2\" content=\"\u0414\u043e\u0441\u0442\u0443\u043f\u043d\u043e\u0441\u0442\u044c\" \/>\n\t<meta name=\"twitter:data2\" content=\"\u0420\u0430\u0441\u043f\u0440\u043e\u0434\u0430\u043d\u043e\" \/>\n<script type=\"application\/ld+json\" class=\"yoast-schema-graph\">{\"@context\":\"https:\\\/\\\/schema.org\",\"@graph\":[{\"@type\":\"WebPage\",\"@id\":\"https:\\\/\\\/www.facecorner.lv\\\/shop\\\/medicube-zero-pore-sa-clear-capsule-cleansing-foam-120g\\\/\",\"url\":\"https:\\\/\\\/www.facecorner.lv\\\/shop\\\/medicube-zero-pore-sa-clear-capsule-cleansing-foam-120g\\\/\",\"name\":\"Medicube Zero Pore SA Clear Capsule Cleansing Foam 120g - FACECORNER\",\"isPartOf\":{\"@id\":\"https:\\\/\\\/www.facecorner.lv\\\/#website\"},\"primaryImageOfPage\":{\"@id\":\"https:\\\/\\\/www.facecorner.lv\\\/shop\\\/medicube-zero-pore-sa-clear-capsule-cleansing-foam-120g\\\/#primaryimage\"},\"image\":{\"@id\":\"https:\\\/\\\/www.facecorner.lv\\\/shop\\\/medicube-zero-pore-sa-clear-capsule-cleansing-foam-120g\\\/#primaryimage\"},\"thumbnailUrl\":\"https:\\\/\\\/www.facecorner.lv\\\/wp-content\\\/uploads\\\/2025\\\/06\\\/XXL_p0218988812.webp\",\"datePublished\":\"2025-06-30T14:15:45+00:00\",\"dateModified\":\"2026-03-06T12:55:19+00:00\",\"description\":\"Medicube Zero Pore SA Clear Capsule Cleansing Foam\u00a0 att\u012bro\u0161\u0101s putas ir dzi\u013ci att\u012bro\u0161as putas, kas izmanto mikroskopiskas \u201ceksosomu kapsulas\u201d\",\"breadcrumb\":{\"@id\":\"https:\\\/\\\/www.facecorner.lv\\\/shop\\\/medicube-zero-pore-sa-clear-capsule-cleansing-foam-120g\\\/#breadcrumb\"},\"inLanguage\":\"ru-RU\",\"potentialAction\":[{\"@type\":\"ReadAction\",\"target\":[\"https:\\\/\\\/www.facecorner.lv\\\/shop\\\/medicube-zero-pore-sa-clear-capsule-cleansing-foam-120g\\\/\"]}]},{\"@type\":\"ImageObject\",\"inLanguage\":\"ru-RU\",\"@id\":\"https:\\\/\\\/www.facecorner.lv\\\/shop\\\/medicube-zero-pore-sa-clear-capsule-cleansing-foam-120g\\\/#primaryimage\",\"url\":\"https:\\\/\\\/www.facecorner.lv\\\/wp-content\\\/uploads\\\/2025\\\/06\\\/XXL_p0218988812.webp\",\"contentUrl\":\"https:\\\/\\\/www.facecorner.lv\\\/wp-content\\\/uploads\\\/2025\\\/06\\\/XXL_p0218988812.webp\",\"width\":640,\"height\":640,\"caption\":\"Medicube Zero Pore SA Clear Capsule Cleansing Foam\"},{\"@type\":\"BreadcrumbList\",\"@id\":\"https:\\\/\\\/www.facecorner.lv\\\/shop\\\/medicube-zero-pore-sa-clear-capsule-cleansing-foam-120g\\\/#breadcrumb\",\"itemListElement\":[{\"@type\":\"ListItem\",\"position\":1,\"name\":\"Home\",\"item\":\"https:\\\/\\\/www.facecorner.lv\\\/\"},{\"@type\":\"ListItem\",\"position\":2,\"name\":\"Veikals\",\"item\":\"https:\\\/\\\/www.facecorner.lv\\\/shop\\\/\"},{\"@type\":\"ListItem\",\"position\":3,\"name\":\"Medicube Zero Pore SA Clear Capsule Cleansing Foam 120g\"}]},{\"@type\":\"WebSite\",\"@id\":\"https:\\\/\\\/www.facecorner.lv\\\/#website\",\"url\":\"https:\\\/\\\/www.facecorner.lv\\\/\",\"name\":\"Facecorner\",\"description\":\"\",\"publisher\":{\"@id\":\"https:\\\/\\\/www.facecorner.lv\\\/#organization\"},\"potentialAction\":[{\"@type\":\"SearchAction\",\"target\":{\"@type\":\"EntryPoint\",\"urlTemplate\":\"https:\\\/\\\/www.facecorner.lv\\\/?s={search_term_string}\"},\"query-input\":{\"@type\":\"PropertyValueSpecification\",\"valueRequired\":true,\"valueName\":\"search_term_string\"}}],\"inLanguage\":\"ru-RU\"},{\"@type\":\"Organization\",\"@id\":\"https:\\\/\\\/www.facecorner.lv\\\/#organization\",\"name\":\"Facecorner\",\"url\":\"https:\\\/\\\/www.facecorner.lv\\\/\",\"logo\":{\"@type\":\"ImageObject\",\"inLanguage\":\"ru-RU\",\"@id\":\"https:\\\/\\\/www.facecorner.lv\\\/#\\\/schema\\\/logo\\\/image\\\/\",\"url\":\"https:\\\/\\\/www.facecorner.lv\\\/wp-content\\\/uploads\\\/2024\\\/04\\\/fc-logo.jpg\",\"contentUrl\":\"https:\\\/\\\/www.facecorner.lv\\\/wp-content\\\/uploads\\\/2024\\\/04\\\/fc-logo.jpg\",\"width\":174,\"height\":28,\"caption\":\"Facecorner\"},\"image\":{\"@id\":\"https:\\\/\\\/www.facecorner.lv\\\/#\\\/schema\\\/logo\\\/image\\\/\"},\"sameAs\":[\"https:\\\/\\\/www.facebook.com\\\/profile.php?id=100063824551839\",\"https:\\\/\\\/www.instagram.com\\\/facecorner_shop\\\/\"]}]}<\/script>\n<meta property=\"product:price:amount\" content=\"25.00\" \/>\n<meta property=\"product:price:currency\" content=\"EUR\" \/>\n<meta property=\"og:availability\" content=\"out of stock\" \/>\n<meta property=\"product:availability\" content=\"out of stock\" \/>\n<meta property=\"product:condition\" content=\"new\" \/>\n<!-- \/ Yoast SEO plugin. -->","yoast_head_json":{"title":"Medicube Zero Pore SA Clear Capsule Cleansing Foam 120g - FACECORNER","description":"Medicube Zero Pore SA Clear Capsule Cleansing Foam\u00a0 att\u012bro\u0161\u0101s putas ir dzi\u013ci att\u012bro\u0161as putas, kas izmanto mikroskopiskas \u201ceksosomu kapsulas\u201d","robots":{"index":"index","follow":"follow","max-snippet":"max-snippet:-1","max-image-preview":"max-image-preview:large","max-video-preview":"max-video-preview:-1"},"canonical":"https:\/\/www.facecorner.lv\/ru\/shop\/medicube-zero-pore-sa-clear-capsule-cleansing-foam-120g\/","og_locale":"ru_RU","og_type":"article","og_title":"Medicube Zero Pore SA Clear Capsule Cleansing Foam 120g - FACECORNER","og_description":"Medicube Zero Pore SA Clear Capsule Cleansing Foam\u00a0 att\u012bro\u0161\u0101s putas ir dzi\u013ci att\u012bro\u0161as putas, kas izmanto mikroskopiskas \u201ceksosomu kapsulas\u201d","og_url":"https:\/\/www.facecorner.lv\/ru\/shop\/medicube-zero-pore-sa-clear-capsule-cleansing-foam-120g\/","og_site_name":"FACECORNER","article_publisher":"https:\/\/www.facebook.com\/profile.php?id=100063824551839","article_modified_time":"2026-03-06T12:55:19+00:00","og_image":[{"width":640,"height":640,"url":"https:\/\/www.facecorner.lv\/wp-content\/uploads\/2025\/06\/XXL_p0218988812.webp","type":"image\/webp"}],"twitter_card":"summary_large_image","twitter_misc":{"\u0426\u0435\u043d\u0430":"&euro;25.00","\u0414\u043e\u0441\u0442\u0443\u043f\u043d\u043e\u0441\u0442\u044c":"\u0420\u0430\u0441\u043f\u0440\u043e\u0434\u0430\u043d\u043e"},"schema":{"@context":"https:\/\/schema.org","@graph":[{"@type":"WebPage","@id":"https:\/\/www.facecorner.lv\/shop\/medicube-zero-pore-sa-clear-capsule-cleansing-foam-120g\/","url":"https:\/\/www.facecorner.lv\/shop\/medicube-zero-pore-sa-clear-capsule-cleansing-foam-120g\/","name":"Medicube Zero Pore SA Clear Capsule Cleansing Foam 120g - FACECORNER","isPartOf":{"@id":"https:\/\/www.facecorner.lv\/#website"},"primaryImageOfPage":{"@id":"https:\/\/www.facecorner.lv\/shop\/medicube-zero-pore-sa-clear-capsule-cleansing-foam-120g\/#primaryimage"},"image":{"@id":"https:\/\/www.facecorner.lv\/shop\/medicube-zero-pore-sa-clear-capsule-cleansing-foam-120g\/#primaryimage"},"thumbnailUrl":"https:\/\/www.facecorner.lv\/wp-content\/uploads\/2025\/06\/XXL_p0218988812.webp","datePublished":"2025-06-30T14:15:45+00:00","dateModified":"2026-03-06T12:55:19+00:00","description":"Medicube Zero Pore SA Clear Capsule Cleansing Foam\u00a0 att\u012bro\u0161\u0101s putas ir dzi\u013ci att\u012bro\u0161as putas, kas izmanto mikroskopiskas \u201ceksosomu kapsulas\u201d","breadcrumb":{"@id":"https:\/\/www.facecorner.lv\/shop\/medicube-zero-pore-sa-clear-capsule-cleansing-foam-120g\/#breadcrumb"},"inLanguage":"ru-RU","potentialAction":[{"@type":"ReadAction","target":["https:\/\/www.facecorner.lv\/shop\/medicube-zero-pore-sa-clear-capsule-cleansing-foam-120g\/"]}]},{"@type":"ImageObject","inLanguage":"ru-RU","@id":"https:\/\/www.facecorner.lv\/shop\/medicube-zero-pore-sa-clear-capsule-cleansing-foam-120g\/#primaryimage","url":"https:\/\/www.facecorner.lv\/wp-content\/uploads\/2025\/06\/XXL_p0218988812.webp","contentUrl":"https:\/\/www.facecorner.lv\/wp-content\/uploads\/2025\/06\/XXL_p0218988812.webp","width":640,"height":640,"caption":"Medicube Zero Pore SA Clear Capsule Cleansing Foam"},{"@type":"BreadcrumbList","@id":"https:\/\/www.facecorner.lv\/shop\/medicube-zero-pore-sa-clear-capsule-cleansing-foam-120g\/#breadcrumb","itemListElement":[{"@type":"ListItem","position":1,"name":"Home","item":"https:\/\/www.facecorner.lv\/"},{"@type":"ListItem","position":2,"name":"Veikals","item":"https:\/\/www.facecorner.lv\/shop\/"},{"@type":"ListItem","position":3,"name":"Medicube Zero Pore SA Clear Capsule Cleansing Foam 120g"}]},{"@type":"WebSite","@id":"https:\/\/www.facecorner.lv\/#website","url":"https:\/\/www.facecorner.lv\/","name":"Facecorner","description":"","publisher":{"@id":"https:\/\/www.facecorner.lv\/#organization"},"potentialAction":[{"@type":"SearchAction","target":{"@type":"EntryPoint","urlTemplate":"https:\/\/www.facecorner.lv\/?s={search_term_string}"},"query-input":{"@type":"PropertyValueSpecification","valueRequired":true,"valueName":"search_term_string"}}],"inLanguage":"ru-RU"},{"@type":"Organization","@id":"https:\/\/www.facecorner.lv\/#organization","name":"Facecorner","url":"https:\/\/www.facecorner.lv\/","logo":{"@type":"ImageObject","inLanguage":"ru-RU","@id":"https:\/\/www.facecorner.lv\/#\/schema\/logo\/image\/","url":"https:\/\/www.facecorner.lv\/wp-content\/uploads\/2024\/04\/fc-logo.jpg","contentUrl":"https:\/\/www.facecorner.lv\/wp-content\/uploads\/2024\/04\/fc-logo.jpg","width":174,"height":28,"caption":"Facecorner"},"image":{"@id":"https:\/\/www.facecorner.lv\/#\/schema\/logo\/image\/"},"sameAs":["https:\/\/www.facebook.com\/profile.php?id=100063824551839","https:\/\/www.instagram.com\/facecorner_shop\/"]}]},"product_price_amount":"25.00","product_price_currency":"EUR","og_availability":"out of stock","product_availability":"out of stock","product_condition":"new"},"_links":{"self":[{"href":"https:\/\/www.facecorner.lv\/ru\/wp-json\/wp\/v2\/product\/24681","targetHints":{"allow":["GET"]}}],"collection":[{"href":"https:\/\/www.facecorner.lv\/ru\/wp-json\/wp\/v2\/product"}],"about":[{"href":"https:\/\/www.facecorner.lv\/ru\/wp-json\/wp\/v2\/types\/product"}],"replies":[{"embeddable":true,"href":"https:\/\/www.facecorner.lv\/ru\/wp-json\/wp\/v2\/comments?post=24681"}],"wp:featuredmedia":[{"embeddable":true,"href":"https:\/\/www.facecorner.lv\/ru\/wp-json\/wp\/v2\/media\/24682"}],"wp:attachment":[{"href":"https:\/\/www.facecorner.lv\/ru\/wp-json\/wp\/v2\/media?parent=24681"}],"wp:term":[{"taxonomy":"product_brand","embeddable":true,"href":"https:\/\/www.facecorner.lv\/ru\/wp-json\/wp\/v2\/product_brand?post=24681"},{"taxonomy":"product_cat","embeddable":true,"href":"https:\/\/www.facecorner.lv\/ru\/wp-json\/wp\/v2\/product_cat?post=24681"},{"taxonomy":"product_tag","embeddable":true,"href":"https:\/\/www.facecorner.lv\/ru\/wp-json\/wp\/v2\/product_tag?post=24681"},{"taxonomy":"berocket_brand","embeddable":true,"href":"https:\/\/www.facecorner.lv\/ru\/wp-json\/wp\/v2\/berocket_brand?post=24681"}],"curies":[{"name":"wp","href":"https:\/\/api.w.org\/{rel}","templated":true}]}}