{"id":24678,"date":"2025-06-30T17:02:12","date_gmt":"2025-06-30T14:02:12","guid":{"rendered":"https:\/\/www.facecorner.lv\/?post_type=product&#038;p=24678"},"modified":"2026-03-08T00:02:43","modified_gmt":"2026-03-07T21:02:43","slug":"medicube-pdrn-pink-collagen-toning-gel-toner-pad-70-pads","status":"publish","type":"product","link":"https:\/\/www.facecorner.lv\/ru\/shop\/medicube-pdrn-pink-collagen-toning-gel-toner-pad-70-pads\/","title":{"rendered":"Medicube PDRN Pink Collagen Toning Gel Toner Pad 70 pads"},"content":{"rendered":"<p>Medicube PDRN Pink Collagen Toning Gel Toner Pad \u044d\u0442\u043e \u0443\u0441\u043e\u0432\u0435\u0440\u0448\u0435\u043d\u0441\u0442\u0432\u043e\u0432\u0430\u043d\u043d\u044b\u0439 \u0433\u0438\u0431\u0440\u0438\u0434 \u0442\u043e\u043d\u0435\u0440\u0430, \u044d\u0441\u0441\u0435\u043d\u0446\u0438\u0438 \u0438 \u0433\u0435\u043b\u0435\u0432\u043e\u0439 \u043c\u0430\u0441\u043a\u0438 - \u0432\u0441\u0435 \u0432 \u0443\u0434\u043e\u0431\u043d\u043e\u0439 \u0443\u043f\u0430\u043a\u043e\u0432\u043a\u0435.<\/p>\n<p>\u042d\u0442\u0430 \u0440\u043e\u0437\u043e\u0432\u0430\u044f \u043c\u0435\u0440\u0446\u0430\u044e\u0449\u0430\u044f \u043d\u043e\u0432\u0438\u043d\u043a\u0430 \u0441\u043e\u0447\u0435\u0442\u0430\u0435\u0442 \u0432 \u0441\u0435\u0431\u0435 \u043d\u0430\u0443\u043a\u0443 \u0438 \u0438\u043d\u043d\u043e\u0432\u0430\u0446\u0438\u0438 K-beauty, \u0447\u0442\u043e\u0431\u044b \u043f\u0440\u0438\u0434\u0430\u0442\u044c \u0432\u0430\u0448\u0435\u0439 \u043a\u043e\u0436\u0435 \u043c\u0433\u043d\u043e\u0432\u0435\u043d\u043d\u044b\u0439 \u044d\u0444\u0444\u0435\u043a\u0442 \u00ab\u0441\u0442\u0435\u043a\u043b\u044f\u043d\u043d\u043e\u0439 \u043a\u043e\u0436\u0438\u00bb, \u043e\u0434\u043d\u043e\u0432\u0440\u0435\u043c\u0435\u043d\u043d\u043e \u0433\u043b\u0443\u0431\u043e\u043a\u043e \u0432\u043e\u0437\u0434\u0435\u0439\u0441\u0442\u0432\u0443\u044f \u043d\u0430 \u043d\u0435\u0435, \u0443\u043a\u0440\u0435\u043f\u043b\u044f\u044f, \u0443\u0441\u043f\u043e\u043a\u0430\u0438\u0432\u0430\u044f \u0438 \u043e\u043c\u043e\u043b\u0430\u0436\u0438\u0432\u0430\u044f. \u0415\u0441\u043b\u0438 \u0432\u044b \u0445\u043e\u0442\u0438\u0442\u0435 \u043e\u0441\u0432\u0435\u0436\u0438\u0442\u044c \u0443\u0441\u0442\u0430\u0432\u0448\u0443\u044e \u043a\u043e\u0436\u0443, \u0443\u0441\u0442\u0440\u0430\u043d\u0438\u0442\u044c \u043f\u0438\u0433\u043c\u0435\u043d\u0442\u043d\u044b\u0435 \u043f\u044f\u0442\u043d\u0430 \u0438\u043b\u0438 \u043f\u0440\u043e\u0441\u0442\u043e \u043f\u0440\u0438\u0434\u0430\u0442\u044c \u0435\u0439 \u0435\u0436\u0435\u0434\u043d\u0435\u0432\u043d\u043e\u0435 \u0441\u0438\u044f\u043d\u0438\u0435, \u044d\u0442\u0438 \u0442\u043e\u043d\u0438\u0437\u0438\u0440\u0443\u044e\u0449\u0438\u0435 \u043f\u043e\u0434\u0443\u0448\u0435\u0447\u043a\u0438 \u0441\u0442\u0430\u043d\u0443\u0442 \u0432\u0430\u0448\u0438\u043c \u043d\u043e\u0432\u044b\u043c \u043b\u0443\u0447\u0448\u0438\u043c \u0434\u0440\u0443\u0433\u043e\u043c.<\/p>\n<p>\u042d\u0442\u043e\u0442 \u0442\u043e\u043d\u0435\u0440 \u0441\u043e\u0434\u0435\u0440\u0436\u0438\u0442 \u0432\u044b\u0441\u043e\u043a\u043e\u043e\u0447\u0438\u0449\u0435\u043d\u043d\u0443\u044e \u0414\u041d\u041a \u043b\u043e\u0441\u043e\u0441\u044f PCDN 99%.<\/p>\n<ul>\n<li>\u0414\u041d\u041a \u043b\u043e\u0441\u043e\u0441\u044f PRDRN \u043f\u043e\u0434\u0434\u0435\u0440\u0436\u0438\u0432\u0430\u0435\u0442 \u0435\u0441\u0442\u0435\u0441\u0442\u0432\u0435\u043d\u043d\u044b\u0439 \u043f\u0440\u043e\u0446\u0435\u0441\u0441 \u043e\u0431\u043d\u043e\u0432\u043b\u0435\u043d\u0438\u044f \u043a\u043e\u0436\u0438, \u043f\u0440\u0438\u0434\u0430\u0432\u0430\u044f \u0435\u0439 \u0431\u043e\u043b\u0435\u0435 \u0447\u0438\u0441\u0442\u044b\u0439 \u0438 \u0441\u0438\u044f\u044e\u0449\u0438\u0439 \u0446\u0432\u0435\u0442. \u041a\u043e\u043b\u043b\u0430\u0433\u0435\u043d \u0443\u043a\u0440\u0435\u043f\u043b\u044f\u0435\u0442 \u0438 \u043f\u043e\u0432\u044b\u0448\u0430\u0435\u0442 \u044d\u043b\u0430\u0441\u0442\u0438\u0447\u043d\u043e\u0441\u0442\u044c \u043a\u043e\u0436\u0438, \u0434\u0435\u043b\u0430\u044f \u0435\u0435 \u0433\u043b\u0430\u0434\u043a\u043e\u0439 \u0438 \u0441\u0438\u044f\u044e\u0449\u0435\u0439, \u0430 \u043d\u0438\u0430\u0446\u0438\u043d\u0430\u043c\u0438\u0434 \u0438 \u043c\u0430\u0434\u0435\u043a\u0430\u0441\u0441\u043e\u0437\u0438\u0434 \u0443\u0441\u043f\u043e\u043a\u0430\u0438\u0432\u0430\u044e\u0442 \u0438 \u0443\u043b\u0443\u0447\u0448\u0430\u044e\u0442 \u0442\u0435\u043a\u0441\u0442\u0443\u0440\u0443 \u043a\u043e\u0436\u0438.<\/li>\n<li>\u0413\u0435\u043b\u0435\u0432\u044b\u0439 \u0442\u043e\u043d\u0435\u0440 \u043e\u0431\u0435\u0441\u043f\u0435\u0447\u0438\u0432\u0430\u0435\u0442 \u0434\u043b\u0438\u0442\u0435\u043b\u044c\u043d\u043e\u0435 \u0443\u0432\u043b\u0430\u0436\u043d\u0435\u043d\u0438\u0435 \u0438 \u0435\u0441\u0442\u0435\u0441\u0442\u0432\u0435\u043d\u043d\u043e\u0435 \u0441\u0438\u044f\u043d\u0438\u0435.<\/li>\n<li>\u041f\u0440\u043e\u0432\u0435\u0440\u0435\u043d\u043e \u043d\u0430 \u043d\u0435\u043a\u043e\u043c\u0435\u0434\u043e\u0433\u0435\u043d\u043d\u043e\u0441\u0442\u044c.<\/li>\n<\/ul>\n<p><strong>\u0421\u043f\u043e\u0441\u043e\u0431 \u043f\u0440\u0438\u043c\u0435\u043d\u0435\u043d\u0438\u044f:<\/strong> \u041d\u0430\u043d\u0435\u0441\u0438\u0442\u0435 \u043f\u043e\u0434\u0443\u0448\u0435\u0447\u043a\u0443 \u043d\u0430 \u0432\u044b\u0431\u0440\u0430\u043d\u043d\u044b\u0435 \u0443\u0447\u0430\u0441\u0442\u043a\u0438, \u043d\u0430\u043f\u0440\u0438\u043c\u0435\u0440, \u0441\u043a\u0443\u043b\u044b, \u043b\u043e\u0431 \u0438\u043b\u0438 \u043f\u0438\u0433\u043c\u0435\u043d\u0442\u043d\u044b\u0435 \u043f\u044f\u0442\u043d\u0430. \u041e\u0441\u0442\u0430\u0432\u044c\u0442\u0435 \u043d\u0430 \u043a\u043e\u0436\u0435 \n\u043d\u0430 3-5 \u043c\u0438\u043d\u0443\u0442 \u0432 \u043a\u0430\u0447\u0435\u0441\u0442\u0432\u0435 \u043c\u0438\u043d\u0438-\u043c\u0430\u0441\u043a\u0438. \u0421\u043d\u0438\u043c\u0438\u0442\u0435 \u0438 \u043d\u0430\u043d\u0435\u0441\u0438\u0442\u0435 \u043e\u0441\u0442\u0430\u0442\u043a\u0438 \u044d\u0441\u0441\u0435\u043d\u0446\u0438\u0438.<\/p>\n<p><strong>\u0421\u043e\u0441\u0442\u0430\u0432:<\/strong> Water, Glycerin, Methylpropanediol, Niacinamide, Xylitol, Hydroxyacetophenone, Octyldodeceth-16, Diglycerin, Allantoin, Cellulose Gum, Ethylhexylglycerin, Hydroxyethylcellulose, Sodium Citrate, Sodium Gluconate, Dipropylene Glycol, Adenosine, Butylene Glycol, 1,2-Hexanediol, Citric Acid, Cyanocobalamin, Anthemis Nobilis Flower Oil, Pyrus Communis (Pear) Fruit Extract, Rosa Damascena Flower Water, Prunus Persica (Peach) Fruit Extract, Thuja Orientalis Extract, Jasminum Officinale (Jasmine) Flower Water, Citrus Aurantium Amara (Bitter Orange) Flower Extract, Centella Asiatica Extract, Allium Cepa (Onion) Bulb Extract, Chamomilla Recutita (Matricaria) Extract, Salvia Officinalis (Sage) Extract, Rosmarinus Officinalis (Rosemary) Leaf Oil, Hedera Helix (Ivy) Leaf\/Stem Extract, Cucumis Melo (Melon) Fruit Extract, Hibiscus Esculentus Fruit Extract, Carum Petroselinum (Parsley) Extract, Corchorus Olitorius Leaf Extract, Polygonum Cuspidatum Root Extract, Collagen, Artemisia Annua Extract, Nelumbium Speciosum Flower Extract, Oryza Sativa (Rice) Extract, Saccharomyces Ferment, Sodium DNA, Capryloyl Salicylic Acid, Caprylic\/Capric Triglyceride, Hydrogenated Phosphatidylcholine, Sucrose Stearate, Phaseolus Radiatus Seed Extract, Hydrogenated Lecithin, Cetearyl Alcohol, Retinol, Polyglyceryl-10 Myristate, Tocopheryl Acetate, Asiaticoside, Madecassic Acid, Madecassoside, Asiatic Acid.<\/p>","protected":false},"excerpt":{"rendered":"<p>Medicube PDRN Pink Collagen Toning Gel Toner Pad \u044d\u0442\u043e \u0443\u0441\u043e\u0432\u0435\u0440\u0448\u0435\u043d\u0441\u0442\u0432\u043e\u0432\u0430\u043d\u043d\u044b\u0439 \u0433\u0438\u0431\u0440\u0438\u0434 \u0442\u043e\u043d\u0435\u0440\u0430, \u044d\u0441\u0441\u0435\u043d\u0446\u0438\u0438 \u0438 \u0433\u0435\u043b\u0435\u0432\u043e\u0439 \u043c\u0430\u0441\u043a\u0438 - \u0432\u0441\u0435 \u0432 \u0443\u0434\u043e\u0431\u043d\u043e\u0439 \u0443\u043f\u0430\u043a\u043e\u0432\u043a\u0435.<\/p>","protected":false},"featured_media":24679,"comment_status":"open","ping_status":"closed","template":"","meta":{"site-sidebar-layout":"default","site-content-layout":"","ast-site-content-layout":"default","site-content-style":"default","site-sidebar-style":"default","ast-global-header-display":"","ast-banner-title-visibility":"","ast-main-header-display":"","ast-hfb-above-header-display":"","ast-hfb-below-header-display":"","ast-hfb-mobile-header-display":"","site-post-title":"","ast-breadcrumbs-content":"","ast-featured-img":"","footer-sml-layout":"","theme-transparent-header-meta":"default","adv-header-id-meta":"","stick-header-meta":"","header-above-stick-meta":"","header-main-stick-meta":"","header-below-stick-meta":"","astra-migrate-meta-layouts":"set","ast-page-background-enabled":"default","ast-page-background-meta":{"desktop":{"background-color":"var(--ast-global-color-4)","background-image":"","background-repeat":"repeat","background-position":"center center","background-size":"auto","background-attachment":"scroll","background-type":"","background-media":"","overlay-type":"","overlay-color":"","overlay-opacity":"","overlay-gradient":""},"tablet":{"background-color":"","background-image":"","background-repeat":"repeat","background-position":"center center","background-size":"auto","background-attachment":"scroll","background-type":"","background-media":"","overlay-type":"","overlay-color":"","overlay-opacity":"","overlay-gradient":""},"mobile":{"background-color":"","background-image":"","background-repeat":"repeat","background-position":"center center","background-size":"auto","background-attachment":"scroll","background-type":"","background-media":"","overlay-type":"","overlay-color":"","overlay-opacity":"","overlay-gradient":""}},"ast-content-background-meta":{"desktop":{"background-color":"var(--ast-global-color-5)","background-image":"","background-repeat":"repeat","background-position":"center center","background-size":"auto","background-attachment":"scroll","background-type":"","background-media":"","overlay-type":"","overlay-color":"","overlay-opacity":"","overlay-gradient":""},"tablet":{"background-color":"var(--ast-global-color-5)","background-image":"","background-repeat":"repeat","background-position":"center center","background-size":"auto","background-attachment":"scroll","background-type":"","background-media":"","overlay-type":"","overlay-color":"","overlay-opacity":"","overlay-gradient":""},"mobile":{"background-color":"var(--ast-global-color-5)","background-image":"","background-repeat":"repeat","background-position":"center center","background-size":"auto","background-attachment":"scroll","background-type":"","background-media":"","overlay-type":"","overlay-color":"","overlay-opacity":"","overlay-gradient":""}}},"product_brand":[],"product_cat":[370,371,375,372,652,670,378,363,364,376],"product_tag":[],"berocket_brand":[579],"class_list":{"0":"post-24678","1":"product","2":"type-product","3":"status-publish","4":"has-post-thumbnail","6":"product_cat-adas-mirdzumam","7":"product_cat-anti-age","8":"product_cat-jutigai-adai-toneri","9":"product_cat-jutigai-adai-serumi","10":"product_cat-pdrn","11":"product_cat-pilinga-diski","12":"product_cat-sausai-adai-toneri","13":"product_cat-serumi","14":"product_cat-toneri","15":"product_cat-kombinetai-adai-toneri","16":"berocket_brand-medicube","17":"desktop-align-left","18":"tablet-align-left","19":"mobile-align-left","21":"first","22":"instock","23":"taxable","24":"shipping-taxable","25":"purchasable","26":"product-type-simple","27":"add-to-wishlist-before_image"},"yoast_head":"<!-- This site is optimized with the Yoast SEO plugin v27.3 - https:\/\/yoast.com\/product\/yoast-seo-wordpress\/ -->\n<title>Medicube PDRN Pink Collagen Toning Gel Toner Pad 70 pads - FACECORNER<\/title>\n<meta name=\"description\" content=\"Medicube PDRN Pink Collagen Toning Gel Toner Pad\u00a0 ir uzlabots tonika, esences un g\u0113la maskas hibr\u012bds - tas viss \u0113rt\u0101 spilventi\u0146\u0101.\" \/>\n<meta name=\"robots\" content=\"index, follow, max-snippet:-1, max-image-preview:large, max-video-preview:-1\" \/>\n<link rel=\"canonical\" href=\"https:\/\/www.facecorner.lv\/ru\/shop\/medicube-pdrn-pink-collagen-toning-gel-toner-pad-70-pads\/\" \/>\n<meta property=\"og:locale\" content=\"ru_RU\" \/>\n<meta property=\"og:type\" content=\"article\" \/>\n<meta property=\"og:title\" content=\"Medicube PDRN Pink Collagen Toning Gel Toner Pad 70 pads - FACECORNER\" \/>\n<meta property=\"og:description\" content=\"Medicube PDRN Pink Collagen Toning Gel Toner Pad\u00a0 ir uzlabots tonika, esences un g\u0113la maskas hibr\u012bds - tas viss \u0113rt\u0101 spilventi\u0146\u0101.\" \/>\n<meta property=\"og:url\" content=\"https:\/\/www.facecorner.lv\/ru\/shop\/medicube-pdrn-pink-collagen-toning-gel-toner-pad-70-pads\/\" \/>\n<meta property=\"og:site_name\" content=\"FACECORNER\" \/>\n<meta property=\"article:publisher\" content=\"https:\/\/www.facebook.com\/profile.php?id=100063824551839\" \/>\n<meta property=\"article:modified_time\" content=\"2026-03-07T21:02:43+00:00\" \/>\n<meta property=\"og:image\" content=\"https:\/\/www.facecorner.lv\/wp-content\/uploads\/2025\/06\/medicubemedicube-pdrn-pink-collagen-toning-gel-toner-pad-70-padsoceanbuy-beauty-781311.webp\" \/>\n\t<meta property=\"og:image:width\" content=\"1200\" \/>\n\t<meta property=\"og:image:height\" content=\"1200\" \/>\n\t<meta property=\"og:image:type\" content=\"image\/webp\" \/>\n<meta name=\"twitter:card\" content=\"summary_large_image\" \/>\n<meta name=\"twitter:label1\" content=\"\u0426\u0435\u043d\u0430\" \/>\n\t<meta name=\"twitter:data1\" content=\"&euro;28.50\" \/>\n\t<meta name=\"twitter:label2\" content=\"\u0414\u043e\u0441\u0442\u0443\u043f\u043d\u043e\u0441\u0442\u044c\" \/>\n\t<meta name=\"twitter:data2\" content=\"\u0412 \u043d\u0430\u043b\u0438\u0447\u0438\u0438\" \/>\n<script type=\"application\/ld+json\" class=\"yoast-schema-graph\">{\"@context\":\"https:\\\/\\\/schema.org\",\"@graph\":[{\"@type\":\"WebPage\",\"@id\":\"https:\\\/\\\/www.facecorner.lv\\\/shop\\\/medicube-pdrn-pink-collagen-toning-gel-toner-pad-70-pads\\\/\",\"url\":\"https:\\\/\\\/www.facecorner.lv\\\/shop\\\/medicube-pdrn-pink-collagen-toning-gel-toner-pad-70-pads\\\/\",\"name\":\"Medicube PDRN Pink Collagen Toning Gel Toner Pad 70 pads - FACECORNER\",\"isPartOf\":{\"@id\":\"https:\\\/\\\/www.facecorner.lv\\\/#website\"},\"primaryImageOfPage\":{\"@id\":\"https:\\\/\\\/www.facecorner.lv\\\/shop\\\/medicube-pdrn-pink-collagen-toning-gel-toner-pad-70-pads\\\/#primaryimage\"},\"image\":{\"@id\":\"https:\\\/\\\/www.facecorner.lv\\\/shop\\\/medicube-pdrn-pink-collagen-toning-gel-toner-pad-70-pads\\\/#primaryimage\"},\"thumbnailUrl\":\"https:\\\/\\\/www.facecorner.lv\\\/wp-content\\\/uploads\\\/2025\\\/06\\\/medicubemedicube-pdrn-pink-collagen-toning-gel-toner-pad-70-padsoceanbuy-beauty-781311.webp\",\"datePublished\":\"2025-06-30T14:02:12+00:00\",\"dateModified\":\"2026-03-07T21:02:43+00:00\",\"description\":\"Medicube PDRN Pink Collagen Toning Gel Toner Pad\u00a0 ir uzlabots tonika, esences un g\u0113la maskas hibr\u012bds - tas viss \u0113rt\u0101 spilventi\u0146\u0101.\",\"breadcrumb\":{\"@id\":\"https:\\\/\\\/www.facecorner.lv\\\/shop\\\/medicube-pdrn-pink-collagen-toning-gel-toner-pad-70-pads\\\/#breadcrumb\"},\"inLanguage\":\"ru-RU\",\"potentialAction\":[{\"@type\":\"ReadAction\",\"target\":[\"https:\\\/\\\/www.facecorner.lv\\\/shop\\\/medicube-pdrn-pink-collagen-toning-gel-toner-pad-70-pads\\\/\"]}]},{\"@type\":\"ImageObject\",\"inLanguage\":\"ru-RU\",\"@id\":\"https:\\\/\\\/www.facecorner.lv\\\/shop\\\/medicube-pdrn-pink-collagen-toning-gel-toner-pad-70-pads\\\/#primaryimage\",\"url\":\"https:\\\/\\\/www.facecorner.lv\\\/wp-content\\\/uploads\\\/2025\\\/06\\\/medicubemedicube-pdrn-pink-collagen-toning-gel-toner-pad-70-padsoceanbuy-beauty-781311.webp\",\"contentUrl\":\"https:\\\/\\\/www.facecorner.lv\\\/wp-content\\\/uploads\\\/2025\\\/06\\\/medicubemedicube-pdrn-pink-collagen-toning-gel-toner-pad-70-padsoceanbuy-beauty-781311.webp\",\"width\":1200,\"height\":1200,\"caption\":\"Medicube PDRN Pink Collagen Toning Gel Toner Pad\"},{\"@type\":\"BreadcrumbList\",\"@id\":\"https:\\\/\\\/www.facecorner.lv\\\/shop\\\/medicube-pdrn-pink-collagen-toning-gel-toner-pad-70-pads\\\/#breadcrumb\",\"itemListElement\":[{\"@type\":\"ListItem\",\"position\":1,\"name\":\"Home\",\"item\":\"https:\\\/\\\/www.facecorner.lv\\\/\"},{\"@type\":\"ListItem\",\"position\":2,\"name\":\"Veikals\",\"item\":\"https:\\\/\\\/www.facecorner.lv\\\/shop\\\/\"},{\"@type\":\"ListItem\",\"position\":3,\"name\":\"Medicube PDRN Pink Collagen Toning Gel Toner Pad 70 pads\"}]},{\"@type\":\"WebSite\",\"@id\":\"https:\\\/\\\/www.facecorner.lv\\\/#website\",\"url\":\"https:\\\/\\\/www.facecorner.lv\\\/\",\"name\":\"Facecorner\",\"description\":\"\",\"publisher\":{\"@id\":\"https:\\\/\\\/www.facecorner.lv\\\/#organization\"},\"potentialAction\":[{\"@type\":\"SearchAction\",\"target\":{\"@type\":\"EntryPoint\",\"urlTemplate\":\"https:\\\/\\\/www.facecorner.lv\\\/?s={search_term_string}\"},\"query-input\":{\"@type\":\"PropertyValueSpecification\",\"valueRequired\":true,\"valueName\":\"search_term_string\"}}],\"inLanguage\":\"ru-RU\"},{\"@type\":\"Organization\",\"@id\":\"https:\\\/\\\/www.facecorner.lv\\\/#organization\",\"name\":\"Facecorner\",\"url\":\"https:\\\/\\\/www.facecorner.lv\\\/\",\"logo\":{\"@type\":\"ImageObject\",\"inLanguage\":\"ru-RU\",\"@id\":\"https:\\\/\\\/www.facecorner.lv\\\/#\\\/schema\\\/logo\\\/image\\\/\",\"url\":\"https:\\\/\\\/www.facecorner.lv\\\/wp-content\\\/uploads\\\/2024\\\/04\\\/fc-logo.jpg\",\"contentUrl\":\"https:\\\/\\\/www.facecorner.lv\\\/wp-content\\\/uploads\\\/2024\\\/04\\\/fc-logo.jpg\",\"width\":174,\"height\":28,\"caption\":\"Facecorner\"},\"image\":{\"@id\":\"https:\\\/\\\/www.facecorner.lv\\\/#\\\/schema\\\/logo\\\/image\\\/\"},\"sameAs\":[\"https:\\\/\\\/www.facebook.com\\\/profile.php?id=100063824551839\",\"https:\\\/\\\/www.instagram.com\\\/facecorner_shop\\\/\"]}]}<\/script>\n<meta property=\"product:price:amount\" content=\"28.50\" \/>\n<meta property=\"product:price:currency\" content=\"EUR\" \/>\n<meta property=\"og:availability\" content=\"instock\" \/>\n<meta property=\"product:availability\" content=\"instock\" \/>\n<meta property=\"product:condition\" content=\"new\" \/>\n<!-- \/ Yoast SEO plugin. -->","yoast_head_json":{"title":"Medicube PDRN Pink Collagen Toning Gel Toner Pad 70 pads - FACECORNER","description":"Medicube PDRN Pink Collagen Toning Gel Toner Pad\u00a0 ir uzlabots tonika, esences un g\u0113la maskas hibr\u012bds - tas viss \u0113rt\u0101 spilventi\u0146\u0101.","robots":{"index":"index","follow":"follow","max-snippet":"max-snippet:-1","max-image-preview":"max-image-preview:large","max-video-preview":"max-video-preview:-1"},"canonical":"https:\/\/www.facecorner.lv\/ru\/shop\/medicube-pdrn-pink-collagen-toning-gel-toner-pad-70-pads\/","og_locale":"ru_RU","og_type":"article","og_title":"Medicube PDRN Pink Collagen Toning Gel Toner Pad 70 pads - FACECORNER","og_description":"Medicube PDRN Pink Collagen Toning Gel Toner Pad\u00a0 ir uzlabots tonika, esences un g\u0113la maskas hibr\u012bds - tas viss \u0113rt\u0101 spilventi\u0146\u0101.","og_url":"https:\/\/www.facecorner.lv\/ru\/shop\/medicube-pdrn-pink-collagen-toning-gel-toner-pad-70-pads\/","og_site_name":"FACECORNER","article_publisher":"https:\/\/www.facebook.com\/profile.php?id=100063824551839","article_modified_time":"2026-03-07T21:02:43+00:00","og_image":[{"width":1200,"height":1200,"url":"https:\/\/www.facecorner.lv\/wp-content\/uploads\/2025\/06\/medicubemedicube-pdrn-pink-collagen-toning-gel-toner-pad-70-padsoceanbuy-beauty-781311.webp","type":"image\/webp"}],"twitter_card":"summary_large_image","twitter_misc":{"\u0426\u0435\u043d\u0430":"&euro;28.50","\u0414\u043e\u0441\u0442\u0443\u043f\u043d\u043e\u0441\u0442\u044c":"\u0412 \u043d\u0430\u043b\u0438\u0447\u0438\u0438"},"schema":{"@context":"https:\/\/schema.org","@graph":[{"@type":"WebPage","@id":"https:\/\/www.facecorner.lv\/shop\/medicube-pdrn-pink-collagen-toning-gel-toner-pad-70-pads\/","url":"https:\/\/www.facecorner.lv\/shop\/medicube-pdrn-pink-collagen-toning-gel-toner-pad-70-pads\/","name":"Medicube PDRN Pink Collagen Toning Gel Toner Pad 70 pads - FACECORNER","isPartOf":{"@id":"https:\/\/www.facecorner.lv\/#website"},"primaryImageOfPage":{"@id":"https:\/\/www.facecorner.lv\/shop\/medicube-pdrn-pink-collagen-toning-gel-toner-pad-70-pads\/#primaryimage"},"image":{"@id":"https:\/\/www.facecorner.lv\/shop\/medicube-pdrn-pink-collagen-toning-gel-toner-pad-70-pads\/#primaryimage"},"thumbnailUrl":"https:\/\/www.facecorner.lv\/wp-content\/uploads\/2025\/06\/medicubemedicube-pdrn-pink-collagen-toning-gel-toner-pad-70-padsoceanbuy-beauty-781311.webp","datePublished":"2025-06-30T14:02:12+00:00","dateModified":"2026-03-07T21:02:43+00:00","description":"Medicube PDRN Pink Collagen Toning Gel Toner Pad\u00a0 ir uzlabots tonika, esences un g\u0113la maskas hibr\u012bds - tas viss \u0113rt\u0101 spilventi\u0146\u0101.","breadcrumb":{"@id":"https:\/\/www.facecorner.lv\/shop\/medicube-pdrn-pink-collagen-toning-gel-toner-pad-70-pads\/#breadcrumb"},"inLanguage":"ru-RU","potentialAction":[{"@type":"ReadAction","target":["https:\/\/www.facecorner.lv\/shop\/medicube-pdrn-pink-collagen-toning-gel-toner-pad-70-pads\/"]}]},{"@type":"ImageObject","inLanguage":"ru-RU","@id":"https:\/\/www.facecorner.lv\/shop\/medicube-pdrn-pink-collagen-toning-gel-toner-pad-70-pads\/#primaryimage","url":"https:\/\/www.facecorner.lv\/wp-content\/uploads\/2025\/06\/medicubemedicube-pdrn-pink-collagen-toning-gel-toner-pad-70-padsoceanbuy-beauty-781311.webp","contentUrl":"https:\/\/www.facecorner.lv\/wp-content\/uploads\/2025\/06\/medicubemedicube-pdrn-pink-collagen-toning-gel-toner-pad-70-padsoceanbuy-beauty-781311.webp","width":1200,"height":1200,"caption":"Medicube PDRN Pink Collagen Toning Gel Toner Pad"},{"@type":"BreadcrumbList","@id":"https:\/\/www.facecorner.lv\/shop\/medicube-pdrn-pink-collagen-toning-gel-toner-pad-70-pads\/#breadcrumb","itemListElement":[{"@type":"ListItem","position":1,"name":"Home","item":"https:\/\/www.facecorner.lv\/"},{"@type":"ListItem","position":2,"name":"Veikals","item":"https:\/\/www.facecorner.lv\/shop\/"},{"@type":"ListItem","position":3,"name":"Medicube PDRN Pink Collagen Toning Gel Toner Pad 70 pads"}]},{"@type":"WebSite","@id":"https:\/\/www.facecorner.lv\/#website","url":"https:\/\/www.facecorner.lv\/","name":"Facecorner","description":"","publisher":{"@id":"https:\/\/www.facecorner.lv\/#organization"},"potentialAction":[{"@type":"SearchAction","target":{"@type":"EntryPoint","urlTemplate":"https:\/\/www.facecorner.lv\/?s={search_term_string}"},"query-input":{"@type":"PropertyValueSpecification","valueRequired":true,"valueName":"search_term_string"}}],"inLanguage":"ru-RU"},{"@type":"Organization","@id":"https:\/\/www.facecorner.lv\/#organization","name":"Facecorner","url":"https:\/\/www.facecorner.lv\/","logo":{"@type":"ImageObject","inLanguage":"ru-RU","@id":"https:\/\/www.facecorner.lv\/#\/schema\/logo\/image\/","url":"https:\/\/www.facecorner.lv\/wp-content\/uploads\/2024\/04\/fc-logo.jpg","contentUrl":"https:\/\/www.facecorner.lv\/wp-content\/uploads\/2024\/04\/fc-logo.jpg","width":174,"height":28,"caption":"Facecorner"},"image":{"@id":"https:\/\/www.facecorner.lv\/#\/schema\/logo\/image\/"},"sameAs":["https:\/\/www.facebook.com\/profile.php?id=100063824551839","https:\/\/www.instagram.com\/facecorner_shop\/"]}]},"product_price_amount":"28.50","product_price_currency":"EUR","og_availability":"instock","product_availability":"instock","product_condition":"new"},"_links":{"self":[{"href":"https:\/\/www.facecorner.lv\/ru\/wp-json\/wp\/v2\/product\/24678","targetHints":{"allow":["GET"]}}],"collection":[{"href":"https:\/\/www.facecorner.lv\/ru\/wp-json\/wp\/v2\/product"}],"about":[{"href":"https:\/\/www.facecorner.lv\/ru\/wp-json\/wp\/v2\/types\/product"}],"replies":[{"embeddable":true,"href":"https:\/\/www.facecorner.lv\/ru\/wp-json\/wp\/v2\/comments?post=24678"}],"wp:featuredmedia":[{"embeddable":true,"href":"https:\/\/www.facecorner.lv\/ru\/wp-json\/wp\/v2\/media\/24679"}],"wp:attachment":[{"href":"https:\/\/www.facecorner.lv\/ru\/wp-json\/wp\/v2\/media?parent=24678"}],"wp:term":[{"taxonomy":"product_brand","embeddable":true,"href":"https:\/\/www.facecorner.lv\/ru\/wp-json\/wp\/v2\/product_brand?post=24678"},{"taxonomy":"product_cat","embeddable":true,"href":"https:\/\/www.facecorner.lv\/ru\/wp-json\/wp\/v2\/product_cat?post=24678"},{"taxonomy":"product_tag","embeddable":true,"href":"https:\/\/www.facecorner.lv\/ru\/wp-json\/wp\/v2\/product_tag?post=24678"},{"taxonomy":"berocket_brand","embeddable":true,"href":"https:\/\/www.facecorner.lv\/ru\/wp-json\/wp\/v2\/berocket_brand?post=24678"}],"curies":[{"name":"wp","href":"https:\/\/api.w.org\/{rel}","templated":true}]}}