{"id":24653,"date":"2025-06-29T22:56:08","date_gmt":"2025-06-29T19:56:08","guid":{"rendered":"https:\/\/www.facecorner.lv\/?post_type=product&#038;p=24653"},"modified":"2026-02-23T22:39:34","modified_gmt":"2026-02-23T19:39:34","slug":"medicube-txa-niacinamide-capsule-cream-55g","status":"publish","type":"product","link":"https:\/\/www.facecorner.lv\/ru\/shop\/medicube-txa-niacinamide-capsule-cream-55g\/","title":{"rendered":"Medicube TXA Niacinamide Capsule Cream 55g"},"content":{"rendered":"<p>Medicube TXA Niacinamide Capsule Cream  \u0438\u043d\u043d\u043e\u0432\u0430\u0446\u0438\u043e\u043d\u043d\u043e\u0435 \u0443\u0432\u043b\u0430\u0436\u043d\u044f\u044e\u0449\u0435\u0435 \u0441\u0440\u0435\u0434\u0441\u0442\u0432\u043e \u0441 \u043a\u0430\u043f\u0441\u0443\u043b\u044c\u043d\u043e\u0439 \u0442\u0435\u0445\u043d\u043e\u043b\u043e\u0433\u0438\u0435\u0439, \u043f\u0440\u0435\u0434\u043d\u0430\u0437\u043d\u0430\u0447\u0435\u043d\u043d\u043e\u0435 \u0434\u043b\u044f \u0432\u044b\u0440\u0430\u0432\u043d\u0438\u0432\u0430\u043d\u0438\u044f \u0442\u043e\u043d\u0430 \u043a\u043e\u0436\u0438, \u043e\u0441\u0432\u0435\u0442\u043b\u0435\u043d\u0438\u044f \u0438 \u0433\u043b\u0443\u0431\u043e\u043a\u043e\u0433\u043e \u0443\u0432\u043b\u0430\u0436\u043d\u0435\u043d\u0438\u044f.<\/p>\n<p>\u0442\u043e\u0442 \u043e\u0441\u0432\u0435\u0442\u043b\u044f\u044e\u0449\u0438\u0439 \u043a\u0440\u0435\u043c \u0441 \u043a\u0430\u043f\u0441\u0443\u043b\u0430\u043c\u0438 \u0442\u0440\u0430\u043d\u0435\u043a\u0441\u0430\u043c\u043e\u0432\u043e\u0439 \u043a\u0438\u0441\u043b\u043e\u0442\u044b, \u0430\u043b\u044c\u0444\u0430-\u0430\u0440\u0431\u0443\u0442\u0438\u043d\u0430 \u0438 \u043d\u0438\u0430\u0446\u0438\u043d\u0430\u043c\u0438\u0434\u0430 \u043f\u043e\u0432\u044b\u0448\u0430\u0435\u0442 \u0443\u0440\u043e\u0432\u0435\u043d\u044c \u0443\u0432\u043b\u0430\u0436\u043d\u0435\u043d\u0438\u044f \u0438 \u043e\u0441\u0432\u0435\u0442\u043b\u044f\u0435\u0442 \u0442\u0443\u0441\u043a\u043b\u0443\u044e \u043a\u043e\u0436\u0443.<\/p>\n<ul>\n<li>\u041e\u043d \u043a\u043e\u0440\u0440\u0435\u043a\u0442\u0438\u0440\u0443\u0435\u0442 \u043d\u0435\u0440\u043e\u0432\u043d\u043e\u0441\u0442\u0438 \u0442\u043e\u043d\u0430 \u0438 \u0442\u0435\u043a\u0441\u0442\u0443\u0440\u044b, \u0434\u0435\u043b\u0430\u044f \u043a\u043e\u0436\u0443 \u0437\u0430\u043c\u0435\u0442\u043d\u043e \u0431\u043e\u043b\u0435\u0435 \u0447\u0438\u0441\u0442\u043e\u0439 \u0438 \u0441\u0438\u044f\u044e\u0449\u0435\u0439.<br \/>\n\u041b\u0435\u0433\u043a\u0438\u0439 \u0438 \u0430\u0434\u0430\u043f\u0442\u0438\u0440\u0443\u0435\u043c\u044b\u0439 \u043a\u0440\u0435\u043c \u0441 \u043a\u0430\u043f\u0441\u0443\u043b\u0430\u043c\u0438 \u043d\u0438\u0430\u0446\u0438\u043d\u0430\u043c\u0438\u0434\u0430 TXA \u043f\u0440\u043e\u0448\u0435\u043b \u0442\u0435\u0441\u0442\u0438\u0440\u043e\u0432\u0430\u043d\u0438\u0435 \u043d\u0430 \u043b\u044e\u0434\u044f\u0445 \u0438 \u0431\u044b\u043b \u043f\u0440\u0438\u0437\u043d\u0430\u043d \u0441\u043b\u0430\u0431\u043e \u0440\u0430\u0437\u0434\u0440\u0430\u0436\u0430\u044e\u0449\u0438\u043c (0,00%).<\/li>\n<li>\u0422\u0430\u043a\u0436\u0435 \u0431\u044b\u043b\u043e \u043f\u043e\u0434\u0442\u0432\u0435\u0440\u0436\u0434\u0435\u043d\u043e, \u0447\u0442\u043e \u043e\u043d \u043f\u043e\u0434\u0445\u043e\u0434\u0438\u0442 \u0434\u043b\u044f \u0441\u043a\u043b\u043e\u043d\u043d\u043e\u0439 \u043a \u0430\u043a\u043d\u0435 \u0438 \u0447\u0443\u0432\u0441\u0442\u0432\u0438\u0442\u0435\u043b\u044c\u043d\u043e\u0439 \u043a\u043e\u0436\u0438.<\/li>\n<li>\u041d\u0435\u0436\u043d\u044b\u0439 \u0438 \u043d\u0435\u043a\u043e\u043c\u0435\u0434\u043e\u0433\u0435\u043d\u043d\u044b\u0439, \u044d\u0442\u043e\u0442 \u043f\u0440\u043e\u0434\u0443\u043a\u0442 \u043f\u043e\u0434\u0445\u043e\u0434\u0438\u0442 \u0434\u043b\u044f \u0432\u0441\u0435\u0445 \u0442\u0438\u043f\u043e\u0432 \u043a\u043e\u0436\u0438, \u043e\u0441\u043e\u0431\u0435\u043d\u043d\u043e \u0441\u043a\u043b\u043e\u043d\u043d\u043e\u0439 \u043a \u043f\u043e\u044f\u0432\u043b\u0435\u043d\u0438\u044e \u043f\u044f\u0442\u0435\u043d.<\/li>\n<\/ul>\n<p>\u0422\u0440\u0430\u043d\u0435\u043a\u0441\u0430\u043c\u043e\u0432\u0430\u044f \u043a\u0438\u0441\u043b\u043e\u0442\u0430 (TXA) \u0432\u044b\u0441\u043e\u043a\u043e\u044d\u0444\u0444\u0435\u043a\u0442\u0438\u0432\u043d\u0430 \u043f\u0440\u0438 \u043b\u0435\u0447\u0435\u043d\u0438\u0438 \u043c\u0435\u043b\u0430\u0437\u043c\u044b, \u0441\u043e\u043b\u043d\u0435\u0447\u043d\u044b\u0445 \u043f\u044f\u0442\u0435\u043d \u0438 \u043f\u043e\u0441\u0442\u0432\u043e\u0441\u043f\u0430\u043b\u0438\u0442\u0435\u043b\u044c\u043d\u043e\u0439 \u0433\u0438\u043f\u0435\u0440\u043f\u0438\u0433\u043c\u0435\u043d\u0442\u0430\u0446\u0438\u0438. \u0411\u043b\u0430\u0433\u043e\u0434\u0430\u0440\u044f \u0435\u0435 \u0441\u043f\u043e\u0441\u043e\u0431\u043d\u043e\u0441\u0442\u0438 \u0440\u0435\u0433\u0443\u043b\u0438\u0440\u043e\u0432\u0430\u0442\u044c \u0432\u044b\u0440\u0430\u0431\u043e\u0442\u043a\u0443 \u043c\u0435\u043b\u0430\u043d\u0438\u043d\u0430 \u043a\u043e\u0436\u0430 \u0432\u044b\u0433\u043b\u044f\u0434\u0438\u0442 \u0431\u043e\u043b\u0435\u0435 \u0441\u0432\u0435\u0442\u043b\u043e\u0439 \u0438 \u0440\u043e\u0432\u043d\u043e\u0439.<\/p>\n<p>\u041d\u0438\u0430\u0446\u0438\u043d\u0430\u043c\u0438\u0434 (5%) \u0435\u0441\u0442\u0435\u0441\u0442\u0432\u0435\u043d\u043d\u044b\u043c \u043e\u0431\u0440\u0430\u0437\u043e\u043c \u043e\u0431\u043d\u043e\u0432\u043b\u044f\u0435\u0442 \u043a\u043e\u0436\u0443 \u0438 \u043e\u0431\u0435\u0441\u043f\u0435\u0447\u0438\u0432\u0430\u0435\u0442 \u044d\u0444\u0444\u0435\u043a\u0442 \u0431\u043e\u0440\u044c\u0431\u044b \u0441 \u043c\u043e\u0440\u0449\u0438\u043d\u0430\u043c\u0438. \u0411\u043b\u0430\u0433\u043e\u0434\u0430\u0440\u044f \u0441\u0432\u043e\u0435\u043c\u0443 \u0432\u043e\u0437\u0434\u0435\u0439\u0441\u0442\u0432\u0438\u044e \u043e\u043d \u043e\u0431\u0435\u0441\u043f\u0435\u0447\u0438\u0432\u0430\u0435\u0442 \u0440\u0430\u0432\u043d\u043e\u043c\u0435\u0440\u043d\u043e\u0441\u0442\u044c \u0442\u043e\u043d\u0430 \u043a\u043e\u0436\u0438, \u0441\u0443\u0436\u0430\u0435\u0442 \u043f\u043e\u0440\u044b, \u043b\u0435\u0447\u0438\u0442 \u043d\u0435\u0431\u043e\u043b\u044c\u0448\u0438\u0435 \u0448\u0440\u0430\u043c\u044b \u043e\u0442 \u0430\u043a\u043d\u0435. \u0411\u043e\u0440\u0435\u0442\u0441\u044f \u0441 \u0442\u0435\u043c\u043d\u044b\u043c\u0438 \u043f\u0438\u0433\u043c\u0435\u043d\u0442\u043d\u044b\u043c\u0438 \u043f\u044f\u0442\u043d\u0430\u043c\u0438, \u0441\u0442\u0438\u043c\u0443\u043b\u0438\u0440\u0443\u0435\u0442 \u0432\u044b\u0440\u0430\u0431\u043e\u0442\u043a\u0443 \u043a\u043e\u0436\u043d\u043e\u0433\u043e \u0441\u0430\u043b\u0430, \u0441\u043d\u0438\u043c\u0430\u0435\u0442 \u043f\u043e\u043a\u0440\u0430\u0441\u043d\u0435\u043d\u0438\u044f \u0438 \u0440\u0430\u0437\u0434\u0440\u0430\u0436\u0435\u043d\u0438\u044f. \u0415\u0433\u043e \u0441\u0432\u043e\u0439\u0441\u0442\u0432\u0430 \u0441\u043f\u043e\u0441\u043e\u0431\u0441\u0442\u0432\u0443\u044e\u0442 \u0432\u044b\u0440\u0430\u0431\u043e\u0442\u043a\u0435 \u043a\u043e\u043b\u043b\u0430\u0433\u0435\u043d\u0430 \u0438 \u0437\u0430\u0449\u0438\u0449\u0430\u044e\u0442 \u043a\u043e\u0436\u0443 \u043e\u0442 \u0423\u0424-\u043b\u0443\u0447\u0435\u0439.<\/p>\n<p><strong>\u0421\u043f\u043e\u0441\u043e\u0431 \u043f\u0440\u0438\u043c\u0435\u043d\u0435\u043d\u0438\u044f:<\/strong> \u0421\u043c\u0435\u0448\u0430\u0439\u0442\u0435 \u043a\u0440\u0430\u0441\u043d\u0443\u044e \u043a\u0430\u043f\u0441\u0443\u043b\u0443 TXA \u0438 \u043a\u0440\u0430\u0441\u043d\u044b\u0439 \u0433\u0435\u043b\u044c \u0432 \u0441\u043e\u043e\u0442\u043d\u043e\u0448\u0435\u043d\u0438\u0438, \u0441\u043e\u043e\u0442\u0432\u0435\u0442\u0441\u0442\u0432\u0443\u044e\u0449\u0435\u043c \u0432\u0430\u0448\u0435\u043c\u0443 \u0442\u0438\u043f\u0443 \u043a\u043e\u0436\u0438. \u0414\u043b\u044f \u0431\u043e\u043b\u0435\u0435 \u043b\u0435\u0433\u043a\u043e\u0433\u043e \u043e\u0449\u0443\u0449\u0435\u043d\u0438\u044f \u0443\u0432\u0435\u043b\u0438\u0447\u044c\u0442\u0435 \u0441\u043e\u043e\u0442\u043d\u043e\u0448\u0435\u043d\u0438\u0435 \u0433\u0435\u043b\u044f, \u0430 \u0434\u043b\u044f \u0431\u043e\u043b\u044c\u0448\u0435\u0433\u043e \u0443\u0432\u043b\u0430\u0436\u043d\u0435\u043d\u0438\u044f \u0438 \u044d\u043b\u0430\u0441\u0442\u0438\u0447\u043d\u043e\u0441\u0442\u0438 - \u043a\u0430\u043f\u0441\u0443\u043b\u044b. \u041d\u0430\u043d\u043e\u0441\u0438\u0442\u0435 \u0441\u043c\u0435\u0441\u044c \u0443\u0442\u0440\u043e\u043c \u0438 \u0432\u0435\u0447\u0435\u0440\u043e\u043c \u043d\u0430 \u043b\u0438\u0446\u043e \u0438 \u0448\u0435\u044e, \u043f\u043e\u0441\u043b\u0435 \u0441\u044b\u0432\u043e\u0440\u043e\u0442\u043a\u0438.<\/p>\n<p><strong>\u0421\u043e\u0441\u0442\u0430\u0432:<\/strong> Water, Glycerin, Niacinamide (50,000 Ppm), Methylpropanediol, Propanediol, 1,2-hex- Anediol, Dipropylene Glycol, Caprylic\/capric Triglyceride, Glyceryl Glucoside, Butylene Glycol, Arginine, Ethylhexyl Palmitate, Carbomer, Cetearyl Alcohol, Cetearyl Olivate, Sor- Bitan Olivate, C12-14 Alketh-12, Ammonium Acryloyldimethyltaurate\/vp Copolymer, Simethicone, Ethylhexylglycerin, Melia Azadirachta Flower Extract, Melia Azadirachta Leaf Extract, Adenosine, Polyacrylate-13, Disodium Edta, Cyanocobalamin, Triethyl Ci- Trate, Betaine, Polyisobutene, Glyceryl Stearate, Hydrolyzed Sclerotium Gum, Tranexamic Acid, Abelmoschus Esculentus (Okra) Fruit Extract, Panthenol, Coccinia Indica Fruit Extract, Corallina Officinalis Extract, Polysorbate 20, Sorbitan Isostearate, Glutathione, Fragaria Vesca (Strawberry) Fruit Extract, Castanea Crenata (Chestnut) Shell Extract, Citrus Junos Peel Extract, Betula Platyphylla Japonica Bark\/leaf Extract, Ricinus Communis (Castor) Seed Oil, Bisabolol, Ferulic Acid, Cymbopogon Citratus Leaf Oil, Illici- Um Verum (Anise) Fruit\/seed Oil, Octyldodecanol, Hydrolyzed Hyaluronic Acid, 3-0-ethyl Ascorbic Acid, Sodium Hyaluronate, Alpha-arbutin, Hydrogenated Lecithin, Ceramide Np, Hydroxypropyltrimonium Hyaluronate, Caprylyl Glycol, Sodium Acetylated Hyaluronate, Hyaluronic Acid, Sodium Hyaluronate Crosspolymer, Hydrolyzed Sodium Hyaluronate, Potassium Hyaluronate<\/p>","protected":false},"excerpt":{"rendered":"<p>Medicube TXA Niacinamide Capsule Cream  \u0438\u043d\u043d\u043e\u0432\u0430\u0446\u0438\u043e\u043d\u043d\u043e\u0435 \u0443\u0432\u043b\u0430\u0436\u043d\u044f\u044e\u0449\u0435\u0435 \u0441\u0440\u0435\u0434\u0441\u0442\u0432\u043e \u0441 \u043a\u0430\u043f\u0441\u0443\u043b\u044c\u043d\u043e\u0439 \u0442\u0435\u0445\u043d\u043e\u043b\u043e\u0433\u0438\u0435\u0439, \u043f\u0440\u0435\u0434\u043d\u0430\u0437\u043d\u0430\u0447\u0435\u043d\u043d\u043e\u0435 \u0434\u043b\u044f \u0432\u044b\u0440\u0430\u0432\u043d\u0438\u0432\u0430\u043d\u0438\u044f \u0442\u043e\u043d\u0430 \u043a\u043e\u0436\u0438, \u043e\u0441\u0432\u0435\u0442\u043b\u0435\u043d\u0438\u044f \u0438 \u0433\u043b\u0443\u0431\u043e\u043a\u043e\u0433\u043e \u0443\u0432\u043b\u0430\u0436\u043d\u0435\u043d\u0438\u044f.<\/p>","protected":false},"featured_media":24654,"comment_status":"open","ping_status":"closed","template":"","meta":{"site-sidebar-layout":"default","site-content-layout":"","ast-site-content-layout":"default","site-content-style":"default","site-sidebar-style":"default","ast-global-header-display":"","ast-banner-title-visibility":"","ast-main-header-display":"","ast-hfb-above-header-display":"","ast-hfb-below-header-display":"","ast-hfb-mobile-header-display":"","site-post-title":"","ast-breadcrumbs-content":"","ast-featured-img":"","footer-sml-layout":"","theme-transparent-header-meta":"default","adv-header-id-meta":"","stick-header-meta":"","header-above-stick-meta":"","header-main-stick-meta":"","header-below-stick-meta":"","astra-migrate-meta-layouts":"set","ast-page-background-enabled":"default","ast-page-background-meta":{"desktop":{"background-color":"var(--ast-global-color-4)","background-image":"","background-repeat":"repeat","background-position":"center center","background-size":"auto","background-attachment":"scroll","background-type":"","background-media":"","overlay-type":"","overlay-color":"","overlay-opacity":"","overlay-gradient":""},"tablet":{"background-color":"","background-image":"","background-repeat":"repeat","background-position":"center center","background-size":"auto","background-attachment":"scroll","background-type":"","background-media":"","overlay-type":"","overlay-color":"","overlay-opacity":"","overlay-gradient":""},"mobile":{"background-color":"","background-image":"","background-repeat":"repeat","background-position":"center center","background-size":"auto","background-attachment":"scroll","background-type":"","background-media":"","overlay-type":"","overlay-color":"","overlay-opacity":"","overlay-gradient":""}},"ast-content-background-meta":{"desktop":{"background-color":"var(--ast-global-color-5)","background-image":"","background-repeat":"repeat","background-position":"center center","background-size":"auto","background-attachment":"scroll","background-type":"","background-media":"","overlay-type":"","overlay-color":"","overlay-opacity":"","overlay-gradient":""},"tablet":{"background-color":"var(--ast-global-color-5)","background-image":"","background-repeat":"repeat","background-position":"center center","background-size":"auto","background-attachment":"scroll","background-type":"","background-media":"","overlay-type":"","overlay-color":"","overlay-opacity":"","overlay-gradient":""},"mobile":{"background-color":"var(--ast-global-color-5)","background-image":"","background-repeat":"repeat","background-position":"center center","background-size":"auto","background-attachment":"scroll","background-type":"","background-media":"","overlay-type":"","overlay-color":"","overlay-opacity":"","overlay-gradient":""}}},"product_brand":[],"product_cat":[362,366,369],"product_tag":[],"berocket_brand":[579],"class_list":{"0":"post-24653","1":"product","2":"type-product","3":"status-publish","4":"has-post-thumbnail","6":"product_cat-sejas-krems","7":"product_cat-mitrinoss","8":"product_cat-problematiskai-adai-sejas-krems","9":"berocket_brand-medicube","10":"desktop-align-left","11":"tablet-align-left","12":"mobile-align-left","14":"first","15":"outofstock","16":"taxable","17":"shipping-taxable","18":"purchasable","19":"product-type-simple","20":"add-to-wishlist-before_image"},"yoast_head":"<!-- This site is optimized with the Yoast SEO plugin v27.1.1 - https:\/\/yoast.com\/product\/yoast-seo-wordpress\/ -->\n<title>Medicube TXA Niacinamide Capsule Cream 55g - FACECORNER<\/title>\n<meta name=\"description\" content=\"Medicube TXA Niacinamide Capsule Cream ir inovat\u012bvs mitrino\u0161s l\u012bdzeklis ar kapsulu tehnolo\u0123iju, kas izl\u012bdzina \u0101das toni, izgaismo un dzi\u013ci mitrina.\" \/>\n<meta name=\"robots\" content=\"index, follow, max-snippet:-1, max-image-preview:large, max-video-preview:-1\" \/>\n<link rel=\"canonical\" href=\"https:\/\/www.facecorner.lv\/ru\/shop\/medicube-txa-niacinamide-capsule-cream-55g\/\" \/>\n<meta property=\"og:locale\" content=\"ru_RU\" \/>\n<meta property=\"og:type\" content=\"article\" \/>\n<meta property=\"og:title\" content=\"Medicube TXA Niacinamide Capsule Cream 55g - FACECORNER\" \/>\n<meta property=\"og:description\" content=\"Medicube TXA Niacinamide Capsule Cream ir inovat\u012bvs mitrino\u0161s l\u012bdzeklis ar kapsulu tehnolo\u0123iju, kas izl\u012bdzina \u0101das toni, izgaismo un dzi\u013ci mitrina.\" \/>\n<meta property=\"og:url\" content=\"https:\/\/www.facecorner.lv\/ru\/shop\/medicube-txa-niacinamide-capsule-cream-55g\/\" \/>\n<meta property=\"og:site_name\" content=\"FACECORNER\" \/>\n<meta property=\"article:publisher\" content=\"https:\/\/www.facebook.com\/profile.php?id=100063824551839\" \/>\n<meta property=\"article:modified_time\" content=\"2026-02-23T19:39:34+00:00\" \/>\n<meta property=\"og:image\" content=\"https:\/\/www.facecorner.lv\/wp-content\/uploads\/2025\/06\/TXANIACINAMAIDECAPSULECREAM.webp\" \/>\n\t<meta property=\"og:image:width\" content=\"900\" \/>\n\t<meta property=\"og:image:height\" content=\"900\" \/>\n\t<meta property=\"og:image:type\" content=\"image\/webp\" \/>\n<meta name=\"twitter:card\" content=\"summary_large_image\" \/>\n<meta name=\"twitter:label1\" content=\"\u0426\u0435\u043d\u0430\" \/>\n\t<meta name=\"twitter:data1\" content=\"&euro;32.00\" \/>\n\t<meta name=\"twitter:label2\" content=\"\u0414\u043e\u0441\u0442\u0443\u043f\u043d\u043e\u0441\u0442\u044c\" \/>\n\t<meta name=\"twitter:data2\" content=\"\u0420\u0430\u0441\u043f\u0440\u043e\u0434\u0430\u043d\u043e\" \/>\n<script type=\"application\/ld+json\" class=\"yoast-schema-graph\">{\"@context\":\"https:\/\/schema.org\",\"@graph\":[{\"@type\":\"WebPage\",\"@id\":\"https:\/\/www.facecorner.lv\/shop\/medicube-txa-niacinamide-capsule-cream-55g\/\",\"url\":\"https:\/\/www.facecorner.lv\/shop\/medicube-txa-niacinamide-capsule-cream-55g\/\",\"name\":\"Medicube TXA Niacinamide Capsule Cream 55g - FACECORNER\",\"isPartOf\":{\"@id\":\"https:\/\/www.facecorner.lv\/#website\"},\"primaryImageOfPage\":{\"@id\":\"https:\/\/www.facecorner.lv\/shop\/medicube-txa-niacinamide-capsule-cream-55g\/#primaryimage\"},\"image\":{\"@id\":\"https:\/\/www.facecorner.lv\/shop\/medicube-txa-niacinamide-capsule-cream-55g\/#primaryimage\"},\"thumbnailUrl\":\"https:\/\/www.facecorner.lv\/wp-content\/uploads\/2025\/06\/TXANIACINAMAIDECAPSULECREAM.webp\",\"datePublished\":\"2025-06-29T19:56:08+00:00\",\"dateModified\":\"2026-02-23T19:39:34+00:00\",\"description\":\"Medicube TXA Niacinamide Capsule Cream ir inovat\u012bvs mitrino\u0161s l\u012bdzeklis ar kapsulu tehnolo\u0123iju, kas izl\u012bdzina \u0101das toni, izgaismo un dzi\u013ci mitrina.\",\"breadcrumb\":{\"@id\":\"https:\/\/www.facecorner.lv\/shop\/medicube-txa-niacinamide-capsule-cream-55g\/#breadcrumb\"},\"inLanguage\":\"ru-RU\",\"potentialAction\":[{\"@type\":\"ReadAction\",\"target\":[\"https:\/\/www.facecorner.lv\/shop\/medicube-txa-niacinamide-capsule-cream-55g\/\"]}]},{\"@type\":\"ImageObject\",\"inLanguage\":\"ru-RU\",\"@id\":\"https:\/\/www.facecorner.lv\/shop\/medicube-txa-niacinamide-capsule-cream-55g\/#primaryimage\",\"url\":\"https:\/\/www.facecorner.lv\/wp-content\/uploads\/2025\/06\/TXANIACINAMAIDECAPSULECREAM.webp\",\"contentUrl\":\"https:\/\/www.facecorner.lv\/wp-content\/uploads\/2025\/06\/TXANIACINAMAIDECAPSULECREAM.webp\",\"width\":900,\"height\":900,\"caption\":\"Medicube TXA Niacinamide Capsule Cream\"},{\"@type\":\"BreadcrumbList\",\"@id\":\"https:\/\/www.facecorner.lv\/shop\/medicube-txa-niacinamide-capsule-cream-55g\/#breadcrumb\",\"itemListElement\":[{\"@type\":\"ListItem\",\"position\":1,\"name\":\"Home\",\"item\":\"https:\/\/www.facecorner.lv\/\"},{\"@type\":\"ListItem\",\"position\":2,\"name\":\"Veikals\",\"item\":\"https:\/\/www.facecorner.lv\/shop\/\"},{\"@type\":\"ListItem\",\"position\":3,\"name\":\"Medicube TXA Niacinamide Capsule Cream 55g\"}]},{\"@type\":\"WebSite\",\"@id\":\"https:\/\/www.facecorner.lv\/#website\",\"url\":\"https:\/\/www.facecorner.lv\/\",\"name\":\"Facecorner\",\"description\":\"\",\"publisher\":{\"@id\":\"https:\/\/www.facecorner.lv\/#organization\"},\"potentialAction\":[{\"@type\":\"SearchAction\",\"target\":{\"@type\":\"EntryPoint\",\"urlTemplate\":\"https:\/\/www.facecorner.lv\/?s={search_term_string}\"},\"query-input\":{\"@type\":\"PropertyValueSpecification\",\"valueRequired\":true,\"valueName\":\"search_term_string\"}}],\"inLanguage\":\"ru-RU\"},{\"@type\":\"Organization\",\"@id\":\"https:\/\/www.facecorner.lv\/#organization\",\"name\":\"Facecorner\",\"url\":\"https:\/\/www.facecorner.lv\/\",\"logo\":{\"@type\":\"ImageObject\",\"inLanguage\":\"ru-RU\",\"@id\":\"https:\/\/www.facecorner.lv\/#\/schema\/logo\/image\/\",\"url\":\"https:\/\/www.facecorner.lv\/wp-content\/uploads\/2024\/04\/fc-logo.jpg\",\"contentUrl\":\"https:\/\/www.facecorner.lv\/wp-content\/uploads\/2024\/04\/fc-logo.jpg\",\"width\":174,\"height\":28,\"caption\":\"Facecorner\"},\"image\":{\"@id\":\"https:\/\/www.facecorner.lv\/#\/schema\/logo\/image\/\"},\"sameAs\":[\"https:\/\/www.facebook.com\/profile.php?id=100063824551839\",\"https:\/\/www.instagram.com\/facecorner_shop\/\"]}]}<\/script>\n<meta property=\"product:price:amount\" content=\"32.00\" \/>\n<meta property=\"product:price:currency\" content=\"EUR\" \/>\n<meta property=\"og:availability\" content=\"out of stock\" \/>\n<meta property=\"product:availability\" content=\"out of stock\" \/>\n<meta property=\"product:condition\" content=\"new\" \/>\n<!-- \/ Yoast SEO plugin. -->","yoast_head_json":{"title":"Medicube TXA Niacinamide Capsule Cream 55g - FACECORNER","description":"Medicube TXA Niacinamide Capsule Cream  \u0438\u043d\u043d\u043e\u0432\u0430\u0446\u0438\u043e\u043d\u043d\u043e\u0435 \u0443\u0432\u043b\u0430\u0436\u043d\u044f\u044e\u0449\u0435\u0435 \u0441\u0440\u0435\u0434\u0441\u0442\u0432\u043e \u0441 \u043a\u0430\u043f\u0441\u0443\u043b\u044c\u043d\u043e\u0439 \u0442\u0435\u0445\u043d\u043e\u043b\u043e\u0433\u0438\u0435\u0439, \u043f\u0440\u0435\u0434\u043d\u0430\u0437\u043d\u0430\u0447\u0435\u043d\u043d\u043e\u0435 \u0434\u043b\u044f \u0432\u044b\u0440\u0430\u0432\u043d\u0438\u0432\u0430\u043d\u0438\u044f \u0442\u043e\u043d\u0430 \u043a\u043e\u0436\u0438, \u043e\u0441\u0432\u0435\u0442\u043b\u0435\u043d\u0438\u044f \u0438 \u0433\u043b\u0443\u0431\u043e\u043a\u043e\u0433\u043e \u0443\u0432\u043b\u0430\u0436\u043d\u0435\u043d\u0438\u044f.","robots":{"index":"index","follow":"follow","max-snippet":"max-snippet:-1","max-image-preview":"max-image-preview:large","max-video-preview":"max-video-preview:-1"},"canonical":"https:\/\/www.facecorner.lv\/ru\/shop\/medicube-txa-niacinamide-capsule-cream-55g\/","og_locale":"ru_RU","og_type":"article","og_title":"Medicube TXA Niacinamide Capsule Cream 55g - FACECORNER","og_description":"Medicube TXA Niacinamide Capsule Cream ir inovat\u012bvs mitrino\u0161s l\u012bdzeklis ar kapsulu tehnolo\u0123iju, kas izl\u012bdzina \u0101das toni, izgaismo un dzi\u013ci mitrina.","og_url":"https:\/\/www.facecorner.lv\/ru\/shop\/medicube-txa-niacinamide-capsule-cream-55g\/","og_site_name":"FACECORNER","article_publisher":"https:\/\/www.facebook.com\/profile.php?id=100063824551839","article_modified_time":"2026-02-23T19:39:34+00:00","og_image":[{"width":900,"height":900,"url":"https:\/\/www.facecorner.lv\/wp-content\/uploads\/2025\/06\/TXANIACINAMAIDECAPSULECREAM.webp","type":"image\/webp"}],"twitter_card":"summary_large_image","twitter_misc":{"\u0426\u0435\u043d\u0430":"&euro;32.00","\u0414\u043e\u0441\u0442\u0443\u043f\u043d\u043e\u0441\u0442\u044c":"\u0420\u0430\u0441\u043f\u0440\u043e\u0434\u0430\u043d\u043e"},"schema":{"@context":"https:\/\/schema.org","@graph":[{"@type":"WebPage","@id":"https:\/\/www.facecorner.lv\/shop\/medicube-txa-niacinamide-capsule-cream-55g\/","url":"https:\/\/www.facecorner.lv\/shop\/medicube-txa-niacinamide-capsule-cream-55g\/","name":"Medicube TXA Niacinamide Capsule Cream 55g - FACECORNER","isPartOf":{"@id":"https:\/\/www.facecorner.lv\/#website"},"primaryImageOfPage":{"@id":"https:\/\/www.facecorner.lv\/shop\/medicube-txa-niacinamide-capsule-cream-55g\/#primaryimage"},"image":{"@id":"https:\/\/www.facecorner.lv\/shop\/medicube-txa-niacinamide-capsule-cream-55g\/#primaryimage"},"thumbnailUrl":"https:\/\/www.facecorner.lv\/wp-content\/uploads\/2025\/06\/TXANIACINAMAIDECAPSULECREAM.webp","datePublished":"2025-06-29T19:56:08+00:00","dateModified":"2026-02-23T19:39:34+00:00","description":"Medicube TXA Niacinamide Capsule Cream  \u0438\u043d\u043d\u043e\u0432\u0430\u0446\u0438\u043e\u043d\u043d\u043e\u0435 \u0443\u0432\u043b\u0430\u0436\u043d\u044f\u044e\u0449\u0435\u0435 \u0441\u0440\u0435\u0434\u0441\u0442\u0432\u043e \u0441 \u043a\u0430\u043f\u0441\u0443\u043b\u044c\u043d\u043e\u0439 \u0442\u0435\u0445\u043d\u043e\u043b\u043e\u0433\u0438\u0435\u0439, \u043f\u0440\u0435\u0434\u043d\u0430\u0437\u043d\u0430\u0447\u0435\u043d\u043d\u043e\u0435 \u0434\u043b\u044f \u0432\u044b\u0440\u0430\u0432\u043d\u0438\u0432\u0430\u043d\u0438\u044f \u0442\u043e\u043d\u0430 \u043a\u043e\u0436\u0438, \u043e\u0441\u0432\u0435\u0442\u043b\u0435\u043d\u0438\u044f \u0438 \u0433\u043b\u0443\u0431\u043e\u043a\u043e\u0433\u043e \u0443\u0432\u043b\u0430\u0436\u043d\u0435\u043d\u0438\u044f.","breadcrumb":{"@id":"https:\/\/www.facecorner.lv\/shop\/medicube-txa-niacinamide-capsule-cream-55g\/#breadcrumb"},"inLanguage":"ru-RU","potentialAction":[{"@type":"ReadAction","target":["https:\/\/www.facecorner.lv\/shop\/medicube-txa-niacinamide-capsule-cream-55g\/"]}]},{"@type":"ImageObject","inLanguage":"ru-RU","@id":"https:\/\/www.facecorner.lv\/shop\/medicube-txa-niacinamide-capsule-cream-55g\/#primaryimage","url":"https:\/\/www.facecorner.lv\/wp-content\/uploads\/2025\/06\/TXANIACINAMAIDECAPSULECREAM.webp","contentUrl":"https:\/\/www.facecorner.lv\/wp-content\/uploads\/2025\/06\/TXANIACINAMAIDECAPSULECREAM.webp","width":900,"height":900,"caption":"Medicube TXA Niacinamide Capsule Cream"},{"@type":"BreadcrumbList","@id":"https:\/\/www.facecorner.lv\/shop\/medicube-txa-niacinamide-capsule-cream-55g\/#breadcrumb","itemListElement":[{"@type":"ListItem","position":1,"name":"Home","item":"https:\/\/www.facecorner.lv\/"},{"@type":"ListItem","position":2,"name":"Veikals","item":"https:\/\/www.facecorner.lv\/shop\/"},{"@type":"ListItem","position":3,"name":"Medicube TXA Niacinamide Capsule Cream 55g"}]},{"@type":"WebSite","@id":"https:\/\/www.facecorner.lv\/#website","url":"https:\/\/www.facecorner.lv\/","name":"Facecorner","description":"","publisher":{"@id":"https:\/\/www.facecorner.lv\/#organization"},"potentialAction":[{"@type":"SearchAction","target":{"@type":"EntryPoint","urlTemplate":"https:\/\/www.facecorner.lv\/?s={search_term_string}"},"query-input":{"@type":"PropertyValueSpecification","valueRequired":true,"valueName":"search_term_string"}}],"inLanguage":"ru-RU"},{"@type":"Organization","@id":"https:\/\/www.facecorner.lv\/#organization","name":"Facecorner","url":"https:\/\/www.facecorner.lv\/","logo":{"@type":"ImageObject","inLanguage":"ru-RU","@id":"https:\/\/www.facecorner.lv\/#\/schema\/logo\/image\/","url":"https:\/\/www.facecorner.lv\/wp-content\/uploads\/2024\/04\/fc-logo.jpg","contentUrl":"https:\/\/www.facecorner.lv\/wp-content\/uploads\/2024\/04\/fc-logo.jpg","width":174,"height":28,"caption":"Facecorner"},"image":{"@id":"https:\/\/www.facecorner.lv\/#\/schema\/logo\/image\/"},"sameAs":["https:\/\/www.facebook.com\/profile.php?id=100063824551839","https:\/\/www.instagram.com\/facecorner_shop\/"]}]},"product_price_amount":"32.00","product_price_currency":"EUR","og_availability":"out of stock","product_availability":"out of stock","product_condition":"new"},"_links":{"self":[{"href":"https:\/\/www.facecorner.lv\/ru\/wp-json\/wp\/v2\/product\/24653","targetHints":{"allow":["GET"]}}],"collection":[{"href":"https:\/\/www.facecorner.lv\/ru\/wp-json\/wp\/v2\/product"}],"about":[{"href":"https:\/\/www.facecorner.lv\/ru\/wp-json\/wp\/v2\/types\/product"}],"replies":[{"embeddable":true,"href":"https:\/\/www.facecorner.lv\/ru\/wp-json\/wp\/v2\/comments?post=24653"}],"wp:featuredmedia":[{"embeddable":true,"href":"https:\/\/www.facecorner.lv\/ru\/wp-json\/wp\/v2\/media\/24654"}],"wp:attachment":[{"href":"https:\/\/www.facecorner.lv\/ru\/wp-json\/wp\/v2\/media?parent=24653"}],"wp:term":[{"taxonomy":"product_brand","embeddable":true,"href":"https:\/\/www.facecorner.lv\/ru\/wp-json\/wp\/v2\/product_brand?post=24653"},{"taxonomy":"product_cat","embeddable":true,"href":"https:\/\/www.facecorner.lv\/ru\/wp-json\/wp\/v2\/product_cat?post=24653"},{"taxonomy":"product_tag","embeddable":true,"href":"https:\/\/www.facecorner.lv\/ru\/wp-json\/wp\/v2\/product_tag?post=24653"},{"taxonomy":"berocket_brand","embeddable":true,"href":"https:\/\/www.facecorner.lv\/ru\/wp-json\/wp\/v2\/berocket_brand?post=24653"}],"curies":[{"name":"wp","href":"https:\/\/api.w.org\/{rel}","templated":true}]}}