{"id":24599,"date":"2025-06-24T21:53:41","date_gmt":"2025-06-24T18:53:41","guid":{"rendered":"https:\/\/www.facecorner.lv\/?post_type=product&#038;p=24599"},"modified":"2025-12-12T08:19:24","modified_gmt":"2025-12-12T05:19:24","slug":"medicube-hyaluronic-multi-peptide-serum-30-ml","status":"publish","type":"product","link":"https:\/\/www.facecorner.lv\/ru\/shop\/medicube-hyaluronic-multi-peptide-serum-30-ml\/","title":{"rendered":"Medicube  Hyaluronic Multi Peptide Serum 30 ml"},"content":{"rendered":"<p>Medicube Hyaluronic Multi Peptide Serum \u0444\u043e\u0440\u043c\u0443\u043b\u0430, \u043f\u0440\u0438\u0437\u0432\u0430\u043d\u043d\u0430\u044f \u043f\u0440\u0435\u043e\u0431\u0440\u0430\u0437\u0438\u0442\u044c \u0432\u0430\u0448\u0443 \u043a\u043e\u0436\u0443, \u0432 \u044d\u0442\u043e\u0439 \u0441\u044b\u0432\u043e\u0440\u043e\u0442\u043a\u0435 \u043f\u0440\u0435\u043c\u0438\u0443\u043c-\u043a\u043b\u0430\u0441\u0441\u0430 \u0441\u043e\u0447\u0435\u0442\u0430\u0435\u0442 99% \u0432\u044b\u0441\u043e\u043a\u043e\u043e\u0447\u0438\u0449\u0435\u043d\u043d\u043e\u0439 \u0433\u0438\u0430\u043b\u0443\u0440\u043e\u043d\u043e\u0432\u043e\u0439 \u043a\u0438\u0441\u043b\u043e\u0442\u044b \u0438 \u043c\u043e\u0449\u043d\u044b\u0435 \u043f\u0435\u043f\u0442\u0438\u0434\u044b, \u043e\u0431\u0435\u0441\u043f\u0435\u0447\u0438\u0432\u0430\u044e\u0449\u0438\u0435 \u0438\u043d\u0442\u0435\u043d\u0441\u0438\u0432\u043d\u043e\u0435 \u0443\u0432\u043b\u0430\u0436\u043d\u0435\u043d\u0438\u0435 \u0438 \u043f\u0440\u0435\u0434\u043e\u0442\u0432\u0440\u0430\u0449\u0430\u044e\u0449\u0438\u0435 \u0441\u0442\u0430\u0440\u0435\u043d\u0438\u0435 \u043a\u043e\u0436\u0438.<\/p>\n<p>\u041f\u0435\u0440\u0435\u0434\u043e\u0432\u0430\u044f \u0444\u043e\u0440\u043c\u0443\u043b\u0430 \u043f\u0440\u043e\u043d\u0438\u043a\u0430\u0435\u0442 \u0433\u043b\u0443\u0431\u043e\u043a\u043e \u0432 \u043a\u043e\u0436\u0443 \u0438 \u043e\u0431\u0435\u0441\u043f\u0435\u0447\u0438\u0432\u0430\u0435\u0442 \u0434\u043e 144 \u0447\u0430\u0441\u043e\u0432 \u043d\u0435\u043f\u0440\u0435\u0440\u044b\u0432\u043d\u043e\u0433\u043e \u0443\u0432\u043b\u0430\u0436\u043d\u0435\u043d\u0438\u044f, \u043f\u043e\u0432\u044b\u0448\u0430\u044f \u044d\u043b\u0430\u0441\u0442\u0438\u0447\u043d\u043e\u0441\u0442\u044c \u0438 \u0443\u043f\u0440\u0443\u0433\u043e\u0441\u0442\u044c \u043a\u043e\u0436\u0438.<\/p>\n<p>\u0418\u0434\u0435\u0430\u043b\u044c\u043d\u043e \u043f\u043e\u0434\u0445\u043e\u0434\u0438\u0442 \u0434\u043b\u044f \u0432\u0441\u0435\u0445 \u0442\u0438\u043f\u043e\u0432 \u043a\u043e\u0436\u0438, \u043d\u0435 \u043b\u0438\u043f\u043d\u0435\u0442, \u043d\u0435 \u0440\u0430\u0437\u0434\u0440\u0430\u0436\u0430\u0435\u0442 \u0438 \u043f\u0440\u0438\u0434\u0430\u0435\u0442 \u0441\u0438\u044f\u043d\u0438\u0435.<\/p>\n<p><strong>\u0421\u043f\u043e\u0441\u043e\u0431 \u043f\u0440\u0438\u043c\u0435\u043d\u0435\u043d\u0438\u044f:<\/strong> \u041f\u0435\u0440\u0435\u0434 \u0438\u0441\u043f\u043e\u043b\u044c\u0437\u043e\u0432\u0430\u043d\u0438\u0435\u043c \u0432\u0441\u0442\u0440\u044f\u0445\u043d\u0438\u0442\u0435, \u0447\u0442\u043e\u0431\u044b \u0441\u043c\u0435\u0448\u0430\u0442\u044c \u0434\u0432\u0430 \u0441\u043b\u043e\u044f. \u041d\u0430\u043d\u0435\u0441\u0438\u0442\u0435 \u0441\u044b\u0432\u043e\u0440\u043e\u0442\u043a\u0443 \u043d\u0430 \u043e\u0447\u0438\u0449\u0435\u043d\u043d\u0443\u044e \u0438 \u0442\u043e\u043d\u0438\u0437\u0438\u0440\u043e\u0432\u0430\u043d\u043d\u0443\u044e \u043a\u043e\u0436\u0443, \u0441\u043b\u0435\u0433\u043a\u0430 \u043f\u043e\u0445\u043b\u043e\u043f\u044b\u0432\u0430\u044f. \u0418\u0441\u043f\u043e\u043b\u044c\u0437\u0443\u0439\u0442\u0435 \u0435\u0436\u0435\u0434\u043d\u0435\u0432\u043d\u043e \u0443\u0442\u0440\u043e\u043c \u0438 \u0432\u0435\u0447\u0435\u0440\u043e\u043c.<\/p>\n<p><strong>\u0421\u043e\u0441\u0442\u0430\u0432:<\/strong> Purified Water, Neopentyl Glycol Dicaprate, Propanediol, Glycerin, 1,2-Hexanediol, Niacinamide, Trehalose, Glyceryl Glucoside, Sorbitol, Sodium Hyaluronate (5,032.8 Ppm), Sodium Chloride, Panthenol, Ethylhexylglycerin, Allantoin, Adenosine, Disodium Edta, Glucose, Guava Leaf Extract, Guava Flower Extract, Butylene Glycol, Alpha-Arbutin, Squalane, Ivy Gourd Fruit Extract, Eggplant Fruit Extract, Sodium Dna, Aloe Barbadensis Flower Extract, Bergamot Oil, Sodium Hyaluronate Crosspolymer (8.03 Ppm), Holy Basil Leaf Extract, Jojoba Seed Oil, Coral Extract, Turmeric Root Extract, Acetyl Hexapeptide-8 (0.1 Ppm), Acetyl Tetrapeptide-3 (0.1 Ppm), Arginine\/Lysine Polypeptide (0.1 Ppm), Collagen Extract, Copper Tripeptide-1 (0.1 Ppm), Dipeptide-2 (0.1 Ppm), Hexapeptide-11 (0.1 Ppm), Nonapeptide-1 (0.1 Ppm), Oligopeptide-1 (0.1 Ppm), Palmitoyl Hexapeptide-12 (0.1 Ppm), Palmitoyl Pentapeptide-4 (0.1 Ppm), Palmitoyl Tetrapeptide-7 (0.1 Ppm), Palmitoyl Tripeptide-1 (0.1 Ppm), Tripeptide-1 (0.1 Ppm), Hyaluronic Acid (30 Ppb), Hydrolyzed Hyaluronic Acid (30 Ppb), Hydrolyzed Sodium Hyaluronate (30 Ppb), Hydroxypropyltrimonium Hyaluronate (30 Ppb), Potassium Hyaluronate (30 Ppb), Pentylene Glycol, Sodium Acetylated Hyaluronate (1 Ppb).<\/p>","protected":false},"excerpt":{"rendered":"<p>Medicube Hyaluronic Multi Peptide Serum \u0444\u043e\u0440\u043c\u0443\u043b\u0430, \u0440\u0430\u0437\u0440\u0430\u0431\u043e\u0442\u0430\u043d\u043d\u0430\u044f \u0434\u043b\u044f \u043f\u0440\u0435\u043e\u0431\u0440\u0430\u0436\u0435\u043d\u0438\u044f \u0432\u0430\u0448\u0435\u0439 \u043a\u043e\u0436\u0438.<br \/>\n\u042d\u0442\u0430 \u0441\u044b\u0432\u043e\u0440\u043e\u0442\u043a\u0430 \u043f\u0440\u0435\u043c\u0438\u0443\u043c-\u043a\u043b\u0430\u0441\u0441\u0430 \u0441\u043e\u0447\u0435\u0442\u0430\u0435\u0442 \u0432 \u0441\u0435\u0431\u0435 99% \u0432\u044b\u0441\u043e\u043a\u043e\u043e\u0447\u0438\u0449\u0435\u043d\u043d\u043e\u0439 \u0433\u0438\u0430\u043b\u0443\u0440\u043e\u043d\u043e\u0432\u043e\u0439 \u043a\u0438\u0441\u043b\u043e\u0442\u044b \u0438 \u043c\u043e\u0449\u043d\u044b\u0435 \u043f\u0435\u043f\u0442\u0438\u0434\u044b<\/p>","protected":false},"featured_media":24600,"comment_status":"open","ping_status":"closed","template":"","meta":{"site-sidebar-layout":"default","site-content-layout":"","ast-site-content-layout":"default","site-content-style":"default","site-sidebar-style":"default","ast-global-header-display":"","ast-banner-title-visibility":"","ast-main-header-display":"","ast-hfb-above-header-display":"","ast-hfb-below-header-display":"","ast-hfb-mobile-header-display":"","site-post-title":"","ast-breadcrumbs-content":"","ast-featured-img":"","footer-sml-layout":"","theme-transparent-header-meta":"default","adv-header-id-meta":"","stick-header-meta":"","header-above-stick-meta":"","header-main-stick-meta":"","header-below-stick-meta":"","astra-migrate-meta-layouts":"set","ast-page-background-enabled":"default","ast-page-background-meta":{"desktop":{"background-color":"var(--ast-global-color-4)","background-image":"","background-repeat":"repeat","background-position":"center center","background-size":"auto","background-attachment":"scroll","background-type":"","background-media":"","overlay-type":"","overlay-color":"","overlay-opacity":"","overlay-gradient":""},"tablet":{"background-color":"","background-image":"","background-repeat":"repeat","background-position":"center center","background-size":"auto","background-attachment":"scroll","background-type":"","background-media":"","overlay-type":"","overlay-color":"","overlay-opacity":"","overlay-gradient":""},"mobile":{"background-color":"","background-image":"","background-repeat":"repeat","background-position":"center center","background-size":"auto","background-attachment":"scroll","background-type":"","background-media":"","overlay-type":"","overlay-color":"","overlay-opacity":"","overlay-gradient":""}},"ast-content-background-meta":{"desktop":{"background-color":"var(--ast-global-color-5)","background-image":"","background-repeat":"repeat","background-position":"center center","background-size":"auto","background-attachment":"scroll","background-type":"","background-media":"","overlay-type":"","overlay-color":"","overlay-opacity":"","overlay-gradient":""},"tablet":{"background-color":"var(--ast-global-color-5)","background-image":"","background-repeat":"repeat","background-position":"center center","background-size":"auto","background-attachment":"scroll","background-type":"","background-media":"","overlay-type":"","overlay-color":"","overlay-opacity":"","overlay-gradient":""},"mobile":{"background-color":"var(--ast-global-color-5)","background-image":"","background-repeat":"repeat","background-position":"center center","background-size":"auto","background-attachment":"scroll","background-type":"","background-media":"","overlay-type":"","overlay-color":"","overlay-opacity":"","overlay-gradient":""}}},"product_brand":[],"product_cat":[370,371,372,363],"product_tag":[],"berocket_brand":[579],"class_list":{"0":"post-24599","1":"product","2":"type-product","3":"status-publish","4":"has-post-thumbnail","6":"product_cat-adas-mirdzumam","7":"product_cat-anti-age","8":"product_cat-jutigai-adai-serumi","9":"product_cat-serumi","10":"berocket_brand-medicube","11":"desktop-align-left","12":"tablet-align-left","13":"mobile-align-left","15":"first","16":"outofstock","17":"taxable","18":"shipping-taxable","19":"purchasable","20":"product-type-simple","21":"add-to-wishlist-before_image"},"yoast_head":"<!-- This site is optimized with the Yoast SEO plugin v27.4 - https:\/\/yoast.com\/product\/yoast-seo-wordpress\/ -->\n<title>Medicube Hyaluronic Multi Peptide Serum 30 ml - FACECORNER<\/title>\n<meta name=\"description\" content=\"Medicube Hyaluronic Multi Peptide Serum\u00a0 formula, kas izstr\u0101d\u0101ta, lai p\u0101rveidotu j\u016bsu \u0101du, nodro\u0161ina intens\u012bvu mitrin\u0101\u0161anu un nov\u0113r\u0161 \u0101das noveco\u0161anos.\" \/>\n<meta name=\"robots\" content=\"index, follow, max-snippet:-1, max-image-preview:large, max-video-preview:-1\" \/>\n<link rel=\"canonical\" href=\"https:\/\/www.facecorner.lv\/ru\/shop\/medicube-hyaluronic-multi-peptide-serum-30-ml\/\" \/>\n<meta property=\"og:locale\" content=\"ru_RU\" \/>\n<meta property=\"og:type\" content=\"article\" \/>\n<meta property=\"og:title\" content=\"Medicube Hyaluronic Multi Peptide Serum 30 ml - FACECORNER\" \/>\n<meta property=\"og:description\" content=\"Medicube Hyaluronic Multi Peptide Serum\u00a0 formula, kas izstr\u0101d\u0101ta, lai p\u0101rveidotu j\u016bsu \u0101du, nodro\u0161ina intens\u012bvu mitrin\u0101\u0161anu un nov\u0113r\u0161 \u0101das noveco\u0161anos.\" \/>\n<meta property=\"og:url\" content=\"https:\/\/www.facecorner.lv\/ru\/shop\/medicube-hyaluronic-multi-peptide-serum-30-ml\/\" \/>\n<meta property=\"og:site_name\" content=\"FACECORNER\" \/>\n<meta property=\"article:publisher\" content=\"https:\/\/www.facebook.com\/profile.php?id=100063824551839\" \/>\n<meta property=\"article:modified_time\" content=\"2025-12-12T05:19:24+00:00\" \/>\n<meta property=\"og:image\" content=\"https:\/\/www.facecorner.lv\/wp-content\/uploads\/2025\/06\/XXL_p0217815188.webp\" \/>\n\t<meta property=\"og:image:width\" content=\"640\" \/>\n\t<meta property=\"og:image:height\" content=\"640\" \/>\n\t<meta property=\"og:image:type\" content=\"image\/webp\" \/>\n<meta name=\"twitter:card\" content=\"summary_large_image\" \/>\n<meta name=\"twitter:label1\" content=\"\u0426\u0435\u043d\u0430\" \/>\n\t<meta name=\"twitter:data1\" content=\"&euro;29.90\" \/>\n\t<meta name=\"twitter:label2\" content=\"\u0414\u043e\u0441\u0442\u0443\u043f\u043d\u043e\u0441\u0442\u044c\" \/>\n\t<meta name=\"twitter:data2\" content=\"\u0420\u0430\u0441\u043f\u0440\u043e\u0434\u0430\u043d\u043e\" \/>\n<script type=\"application\/ld+json\" class=\"yoast-schema-graph\">{\"@context\":\"https:\\\/\\\/schema.org\",\"@graph\":[{\"@type\":\"WebPage\",\"@id\":\"https:\\\/\\\/www.facecorner.lv\\\/shop\\\/medicube-hyaluronic-multi-peptide-serum-30-ml\\\/\",\"url\":\"https:\\\/\\\/www.facecorner.lv\\\/shop\\\/medicube-hyaluronic-multi-peptide-serum-30-ml\\\/\",\"name\":\"Medicube Hyaluronic Multi Peptide Serum 30 ml - FACECORNER\",\"isPartOf\":{\"@id\":\"https:\\\/\\\/www.facecorner.lv\\\/#website\"},\"primaryImageOfPage\":{\"@id\":\"https:\\\/\\\/www.facecorner.lv\\\/shop\\\/medicube-hyaluronic-multi-peptide-serum-30-ml\\\/#primaryimage\"},\"image\":{\"@id\":\"https:\\\/\\\/www.facecorner.lv\\\/shop\\\/medicube-hyaluronic-multi-peptide-serum-30-ml\\\/#primaryimage\"},\"thumbnailUrl\":\"https:\\\/\\\/www.facecorner.lv\\\/wp-content\\\/uploads\\\/2025\\\/06\\\/XXL_p0217815188.webp\",\"datePublished\":\"2025-06-24T18:53:41+00:00\",\"dateModified\":\"2025-12-12T05:19:24+00:00\",\"description\":\"Medicube Hyaluronic Multi Peptide Serum\u00a0 formula, kas izstr\u0101d\u0101ta, lai p\u0101rveidotu j\u016bsu \u0101du, nodro\u0161ina intens\u012bvu mitrin\u0101\u0161anu un nov\u0113r\u0161 \u0101das noveco\u0161anos.\",\"breadcrumb\":{\"@id\":\"https:\\\/\\\/www.facecorner.lv\\\/shop\\\/medicube-hyaluronic-multi-peptide-serum-30-ml\\\/#breadcrumb\"},\"inLanguage\":\"ru-RU\",\"potentialAction\":[{\"@type\":\"ReadAction\",\"target\":[\"https:\\\/\\\/www.facecorner.lv\\\/shop\\\/medicube-hyaluronic-multi-peptide-serum-30-ml\\\/\"]}]},{\"@type\":\"ImageObject\",\"inLanguage\":\"ru-RU\",\"@id\":\"https:\\\/\\\/www.facecorner.lv\\\/shop\\\/medicube-hyaluronic-multi-peptide-serum-30-ml\\\/#primaryimage\",\"url\":\"https:\\\/\\\/www.facecorner.lv\\\/wp-content\\\/uploads\\\/2025\\\/06\\\/XXL_p0217815188.webp\",\"contentUrl\":\"https:\\\/\\\/www.facecorner.lv\\\/wp-content\\\/uploads\\\/2025\\\/06\\\/XXL_p0217815188.webp\",\"width\":640,\"height\":640,\"caption\":\"Medicube Hyaluronic Multi Peptide Serum\"},{\"@type\":\"BreadcrumbList\",\"@id\":\"https:\\\/\\\/www.facecorner.lv\\\/shop\\\/medicube-hyaluronic-multi-peptide-serum-30-ml\\\/#breadcrumb\",\"itemListElement\":[{\"@type\":\"ListItem\",\"position\":1,\"name\":\"Home\",\"item\":\"https:\\\/\\\/www.facecorner.lv\\\/\"},{\"@type\":\"ListItem\",\"position\":2,\"name\":\"Veikals\",\"item\":\"https:\\\/\\\/www.facecorner.lv\\\/shop\\\/\"},{\"@type\":\"ListItem\",\"position\":3,\"name\":\"Medicube Hyaluronic Multi Peptide Serum 30 ml\"}]},{\"@type\":\"WebSite\",\"@id\":\"https:\\\/\\\/www.facecorner.lv\\\/#website\",\"url\":\"https:\\\/\\\/www.facecorner.lv\\\/\",\"name\":\"Facecorner\",\"description\":\"\",\"publisher\":{\"@id\":\"https:\\\/\\\/www.facecorner.lv\\\/#organization\"},\"potentialAction\":[{\"@type\":\"SearchAction\",\"target\":{\"@type\":\"EntryPoint\",\"urlTemplate\":\"https:\\\/\\\/www.facecorner.lv\\\/?s={search_term_string}\"},\"query-input\":{\"@type\":\"PropertyValueSpecification\",\"valueRequired\":true,\"valueName\":\"search_term_string\"}}],\"inLanguage\":\"ru-RU\"},{\"@type\":\"Organization\",\"@id\":\"https:\\\/\\\/www.facecorner.lv\\\/#organization\",\"name\":\"Facecorner\",\"url\":\"https:\\\/\\\/www.facecorner.lv\\\/\",\"logo\":{\"@type\":\"ImageObject\",\"inLanguage\":\"ru-RU\",\"@id\":\"https:\\\/\\\/www.facecorner.lv\\\/#\\\/schema\\\/logo\\\/image\\\/\",\"url\":\"https:\\\/\\\/www.facecorner.lv\\\/wp-content\\\/uploads\\\/2024\\\/04\\\/fc-logo.jpg\",\"contentUrl\":\"https:\\\/\\\/www.facecorner.lv\\\/wp-content\\\/uploads\\\/2024\\\/04\\\/fc-logo.jpg\",\"width\":174,\"height\":28,\"caption\":\"Facecorner\"},\"image\":{\"@id\":\"https:\\\/\\\/www.facecorner.lv\\\/#\\\/schema\\\/logo\\\/image\\\/\"},\"sameAs\":[\"https:\\\/\\\/www.facebook.com\\\/profile.php?id=100063824551839\",\"https:\\\/\\\/www.instagram.com\\\/facecorner_shop\\\/\"]}]}<\/script>\n<meta property=\"product:price:amount\" content=\"29.90\" \/>\n<meta property=\"product:price:currency\" content=\"EUR\" \/>\n<meta property=\"og:availability\" content=\"out of stock\" \/>\n<meta property=\"product:availability\" content=\"out of stock\" \/>\n<meta property=\"product:condition\" content=\"new\" \/>\n<!-- \/ Yoast SEO plugin. -->","yoast_head_json":{"title":"Medicube Hyaluronic Multi Peptide Serum 30 ml - FACECORNER","description":"Medicube Hyaluronic Multi Peptide Serum\u00a0 formula, kas izstr\u0101d\u0101ta, lai p\u0101rveidotu j\u016bsu \u0101du, nodro\u0161ina intens\u012bvu mitrin\u0101\u0161anu un nov\u0113r\u0161 \u0101das noveco\u0161anos.","robots":{"index":"index","follow":"follow","max-snippet":"max-snippet:-1","max-image-preview":"max-image-preview:large","max-video-preview":"max-video-preview:-1"},"canonical":"https:\/\/www.facecorner.lv\/ru\/shop\/medicube-hyaluronic-multi-peptide-serum-30-ml\/","og_locale":"ru_RU","og_type":"article","og_title":"Medicube Hyaluronic Multi Peptide Serum 30 ml - FACECORNER","og_description":"Medicube Hyaluronic Multi Peptide Serum\u00a0 formula, kas izstr\u0101d\u0101ta, lai p\u0101rveidotu j\u016bsu \u0101du, nodro\u0161ina intens\u012bvu mitrin\u0101\u0161anu un nov\u0113r\u0161 \u0101das noveco\u0161anos.","og_url":"https:\/\/www.facecorner.lv\/ru\/shop\/medicube-hyaluronic-multi-peptide-serum-30-ml\/","og_site_name":"FACECORNER","article_publisher":"https:\/\/www.facebook.com\/profile.php?id=100063824551839","article_modified_time":"2025-12-12T05:19:24+00:00","og_image":[{"width":640,"height":640,"url":"https:\/\/www.facecorner.lv\/wp-content\/uploads\/2025\/06\/XXL_p0217815188.webp","type":"image\/webp"}],"twitter_card":"summary_large_image","twitter_misc":{"\u0426\u0435\u043d\u0430":"&euro;29.90","\u0414\u043e\u0441\u0442\u0443\u043f\u043d\u043e\u0441\u0442\u044c":"\u0420\u0430\u0441\u043f\u0440\u043e\u0434\u0430\u043d\u043e"},"schema":{"@context":"https:\/\/schema.org","@graph":[{"@type":"WebPage","@id":"https:\/\/www.facecorner.lv\/shop\/medicube-hyaluronic-multi-peptide-serum-30-ml\/","url":"https:\/\/www.facecorner.lv\/shop\/medicube-hyaluronic-multi-peptide-serum-30-ml\/","name":"Medicube Hyaluronic Multi Peptide Serum 30 ml - FACECORNER","isPartOf":{"@id":"https:\/\/www.facecorner.lv\/#website"},"primaryImageOfPage":{"@id":"https:\/\/www.facecorner.lv\/shop\/medicube-hyaluronic-multi-peptide-serum-30-ml\/#primaryimage"},"image":{"@id":"https:\/\/www.facecorner.lv\/shop\/medicube-hyaluronic-multi-peptide-serum-30-ml\/#primaryimage"},"thumbnailUrl":"https:\/\/www.facecorner.lv\/wp-content\/uploads\/2025\/06\/XXL_p0217815188.webp","datePublished":"2025-06-24T18:53:41+00:00","dateModified":"2025-12-12T05:19:24+00:00","description":"Medicube Hyaluronic Multi Peptide Serum\u00a0 formula, kas izstr\u0101d\u0101ta, lai p\u0101rveidotu j\u016bsu \u0101du, nodro\u0161ina intens\u012bvu mitrin\u0101\u0161anu un nov\u0113r\u0161 \u0101das noveco\u0161anos.","breadcrumb":{"@id":"https:\/\/www.facecorner.lv\/shop\/medicube-hyaluronic-multi-peptide-serum-30-ml\/#breadcrumb"},"inLanguage":"ru-RU","potentialAction":[{"@type":"ReadAction","target":["https:\/\/www.facecorner.lv\/shop\/medicube-hyaluronic-multi-peptide-serum-30-ml\/"]}]},{"@type":"ImageObject","inLanguage":"ru-RU","@id":"https:\/\/www.facecorner.lv\/shop\/medicube-hyaluronic-multi-peptide-serum-30-ml\/#primaryimage","url":"https:\/\/www.facecorner.lv\/wp-content\/uploads\/2025\/06\/XXL_p0217815188.webp","contentUrl":"https:\/\/www.facecorner.lv\/wp-content\/uploads\/2025\/06\/XXL_p0217815188.webp","width":640,"height":640,"caption":"Medicube Hyaluronic Multi Peptide Serum"},{"@type":"BreadcrumbList","@id":"https:\/\/www.facecorner.lv\/shop\/medicube-hyaluronic-multi-peptide-serum-30-ml\/#breadcrumb","itemListElement":[{"@type":"ListItem","position":1,"name":"Home","item":"https:\/\/www.facecorner.lv\/"},{"@type":"ListItem","position":2,"name":"Veikals","item":"https:\/\/www.facecorner.lv\/shop\/"},{"@type":"ListItem","position":3,"name":"Medicube Hyaluronic Multi Peptide Serum 30 ml"}]},{"@type":"WebSite","@id":"https:\/\/www.facecorner.lv\/#website","url":"https:\/\/www.facecorner.lv\/","name":"Facecorner","description":"","publisher":{"@id":"https:\/\/www.facecorner.lv\/#organization"},"potentialAction":[{"@type":"SearchAction","target":{"@type":"EntryPoint","urlTemplate":"https:\/\/www.facecorner.lv\/?s={search_term_string}"},"query-input":{"@type":"PropertyValueSpecification","valueRequired":true,"valueName":"search_term_string"}}],"inLanguage":"ru-RU"},{"@type":"Organization","@id":"https:\/\/www.facecorner.lv\/#organization","name":"Facecorner","url":"https:\/\/www.facecorner.lv\/","logo":{"@type":"ImageObject","inLanguage":"ru-RU","@id":"https:\/\/www.facecorner.lv\/#\/schema\/logo\/image\/","url":"https:\/\/www.facecorner.lv\/wp-content\/uploads\/2024\/04\/fc-logo.jpg","contentUrl":"https:\/\/www.facecorner.lv\/wp-content\/uploads\/2024\/04\/fc-logo.jpg","width":174,"height":28,"caption":"Facecorner"},"image":{"@id":"https:\/\/www.facecorner.lv\/#\/schema\/logo\/image\/"},"sameAs":["https:\/\/www.facebook.com\/profile.php?id=100063824551839","https:\/\/www.instagram.com\/facecorner_shop\/"]}]},"product_price_amount":"29.90","product_price_currency":"EUR","og_availability":"out of stock","product_availability":"out of stock","product_condition":"new"},"_links":{"self":[{"href":"https:\/\/www.facecorner.lv\/ru\/wp-json\/wp\/v2\/product\/24599","targetHints":{"allow":["GET"]}}],"collection":[{"href":"https:\/\/www.facecorner.lv\/ru\/wp-json\/wp\/v2\/product"}],"about":[{"href":"https:\/\/www.facecorner.lv\/ru\/wp-json\/wp\/v2\/types\/product"}],"replies":[{"embeddable":true,"href":"https:\/\/www.facecorner.lv\/ru\/wp-json\/wp\/v2\/comments?post=24599"}],"wp:featuredmedia":[{"embeddable":true,"href":"https:\/\/www.facecorner.lv\/ru\/wp-json\/wp\/v2\/media\/24600"}],"wp:attachment":[{"href":"https:\/\/www.facecorner.lv\/ru\/wp-json\/wp\/v2\/media?parent=24599"}],"wp:term":[{"taxonomy":"product_brand","embeddable":true,"href":"https:\/\/www.facecorner.lv\/ru\/wp-json\/wp\/v2\/product_brand?post=24599"},{"taxonomy":"product_cat","embeddable":true,"href":"https:\/\/www.facecorner.lv\/ru\/wp-json\/wp\/v2\/product_cat?post=24599"},{"taxonomy":"product_tag","embeddable":true,"href":"https:\/\/www.facecorner.lv\/ru\/wp-json\/wp\/v2\/product_tag?post=24599"},{"taxonomy":"berocket_brand","embeddable":true,"href":"https:\/\/www.facecorner.lv\/ru\/wp-json\/wp\/v2\/berocket_brand?post=24599"}],"curies":[{"name":"wp","href":"https:\/\/api.w.org\/{rel}","templated":true}]}}