{"id":24551,"date":"2025-06-18T15:52:29","date_gmt":"2025-06-18T12:52:29","guid":{"rendered":"https:\/\/www.facecorner.lv\/?post_type=product&#038;p=24551"},"modified":"2025-12-17T00:29:04","modified_gmt":"2025-12-16T21:29:04","slug":"anua-pdrn-100-hyaluronic-acid-glow-pad-60ea","status":"publish","type":"product","link":"https:\/\/www.facecorner.lv\/ru\/shop\/anua-pdrn-100-hyaluronic-acid-glow-pad-60ea\/","title":{"rendered":"Anua PDRN 100 Hyaluronic Acid Glow Pad 60ea"},"content":{"rendered":"<p><strong>Anua PDRN 100 Hyaluronic Acid Glow Pad\u00a0<\/strong> \u0423\u0432\u043b\u0430\u0436\u043d\u044f\u044e\u0449\u0438\u0435 \u043f\u044d\u0434\u044b \u0441 \u041f\u0414\u0420\u041d \u0438 \u0433\u0438\u0430\u043b\u0443\u0440\u043e\u043d\u043e\u0432\u043e\u0439 \u043a\u0438\u0441\u043b\u043e\u0442\u043e\u0439 Anua PDRN 100 Hyaluronic Acid Glow Pad \u043e\u0431\u0435\u0441\u043f\u0435\u0447\u0438\u0432\u0430\u044e\u0442 \u0433\u043b\u0443\u0431\u043e\u043a\u043e\u0435 \u0438 \u0434\u043b\u0438\u0442\u0435\u043b\u044c\u043d\u043e\u0435 \u0443\u0432\u043b\u0430\u0436\u043d\u0435\u043d\u0438\u0435, \u0432\u043e\u0441\u043f\u043e\u043b\u043d\u044f\u044f \u0435\u0441\u0442\u0435\u0441\u0442\u0432\u0435\u043d\u043d\u044b\u0435 \u0437\u0430\u043f\u0430\u0441\u044b \u0432\u043b\u0430\u0433\u0438 \u0432 \u043a\u043b\u0435\u0442\u043a\u0430\u0445 \u044d\u043f\u0438\u0434\u0435\u0440\u043c\u0438\u0441\u0430.<\/p>\n<p>\u041a\u043e\u043c\u043f\u043b\u0435\u043a\u0441 \u043e\u0441\u043d\u043e\u0432\u043d\u044b\u0445 \u0434\u0435\u0439\u0441\u0442\u0432\u0443\u044e\u0449\u0438\u0445 \u0438\u043d\u0433\u0440\u0435\u0434\u0438\u0435\u043d\u0442\u043e\u0432 \u0443\u0441\u0438\u043b\u0438\u0432\u0430\u0435\u0442 \u0441\u0438\u043d\u0442\u0435\u0437 \u0433\u0438\u0430\u043b\u0443\u0440\u043e\u043d\u043e\u0432\u043e\u0439 \u043a\u0438\u0441\u043b\u043e\u0442\u044b, \u043a\u043e\u043b\u043b\u0430\u0433\u0435\u043d\u0430 \u0438 \u044d\u043b\u0430\u0441\u0442\u0438\u043d\u0430 \u0434\u043b\u044f \u0443\u043f\u0440\u0443\u0433\u043e\u0441\u0442\u0438 \u0438 \u044d\u043b\u0430\u0441\u0442\u0438\u0447\u043d\u043e\u0441\u0442\u0438 \u043a\u043e\u0436\u0438.<\/p>\n<p>\u041f\u044d\u0434\u044b \u043f\u043e\u043c\u043e\u0433\u0430\u044e\u0442 \u0432\u044b\u0440\u0430\u0432\u043d\u0438\u0432\u0430\u0442\u044c \u0442\u043e\u043d \u043b\u0438\u0446\u0430, \u0443\u0441\u0442\u0440\u0430\u043d\u0438\u0442\u044c \u0442\u0443\u0441\u043a\u043b\u044b\u0435, \u0437\u0435\u043c\u043b\u0438\u0441\u0442\u044b\u0435 \u043e\u0442\u0442\u0435\u043d\u043a\u0438 \u0438 \u043f\u043e\u043a\u0440\u0430\u0441\u043d\u0435\u043d\u0438\u044f \u0437\u0430 \u0441\u0447\u0451\u0442 \u043f\u0440\u043e\u0442\u0438\u0432\u043e\u0432\u043e\u0441\u043f\u0430\u043b\u0438\u0442\u0435\u043b\u044c\u043d\u043e\u0433\u043e \u044d\u0444\u0444\u0435\u043a\u0442\u0430 \u0430\u043a\u0442\u0438\u0432\u043e\u0432. \u041f\u0440\u0438 \u0440\u0435\u0433\u0443\u043b\u044f\u0440\u043d\u043e\u043c \u0438\u0441\u043f\u043e\u043b\u044c\u0437\u043e\u0432\u0430\u043d\u0438\u0438 \u043f\u044d\u0434\u043e\u0432 \u0441\u043d\u0438\u0436\u0430\u0435\u0442\u0441\u044f \u0447\u0443\u0432\u0441\u0442\u0432\u0438\u0442\u0435\u043b\u044c\u043d\u043e\u0441\u0442\u044c \u0438 \u0440\u0435\u0430\u043a\u0442\u0438\u0432\u043d\u043e\u0441\u0442\u044c \u043a\u043e\u0436\u0438.<\/p>\n<p><strong>\u041e\u0441\u043d\u043e\u0432\u043d\u044b\u0435 \u0434\u0435\u0439\u0441\u0442\u0432\u0443\u044e\u0449\u0438\u0435 \u0438\u043d\u0433\u0440\u0435\u0434\u0438\u0435\u043d\u0442\u044b:<\/strong><\/p>\n<ul>\n<li>\u041f\u0414\u0420\u041d (Sodium DNA) \u2014 \u043f\u043e\u043b\u0438\u043d\u0443\u043a\u043b\u0435\u043e\u0442\u0438\u0434\u044b \u0441 \u043d\u0438\u0437\u043a\u043e\u0439 \u043c\u043e\u043b\u0435\u043a\u0443\u043b\u044f\u0440\u043d\u043e\u0439 \u043c\u0430\u0441\u0441\u043e\u0439, \u0438\u0437\u0432\u043b\u0435\u043a\u0430\u0435\u043c\u044b\u0435 \u0438\u0437 \u0414\u041d\u041a \u043c\u043e\u043b\u043e\u043a \u043b\u043e\u0441\u043e\u0441\u0451\u0432\u044b\u0445 \u0440\u044b\u0431. \u041e\u043d\u0438 \u0437\u0430\u043f\u0443\u0441\u043a\u0430\u044e\u0442 \u043f\u0440\u043e\u0446\u0435\u0441\u0441\u044b \u0432\u043e\u0441\u0441\u0442\u0430\u043d\u043e\u0432\u043b\u0435\u043d\u0438\u044f \u044d\u043f\u0438\u0434\u0435\u0440\u043c\u0438\u0441\u0430 \u0438 \u0441\u0438\u043d\u0442\u0435\u0437\u0430 \u043d\u043e\u0432\u044b\u0445 \u043a\u043e\u043b\u043b\u0430\u0433\u0435\u043d\u043e\u0432\u044b\u0445 \u0438 \u044d\u043b\u0430\u0441\u0442\u0438\u043d\u043e\u0432\u044b\u0445 \u0432\u043e\u043b\u043e\u043a\u043e\u043d, \u0432\u043e\u0441\u0441\u0442\u0430\u043d\u0430\u0432\u043b\u0438\u0432\u0430\u044e\u0442 \u043f\u043e\u0432\u0440\u0435\u0436\u0434\u0435\u043d\u0438\u0435 \u043a\u043e\u0436\u0438, \u0432\u044b\u0437\u0432\u0430\u043d\u043d\u043e\u0435 \u043f\u0440\u0435\u0436\u0434\u0435\u0432\u0440\u0435\u043c\u0435\u043d\u043d\u044b\u043c \u0441\u0442\u0430\u0440\u0435\u043d\u0438\u0435\u043c, \u0447\u0440\u0435\u0437\u043c\u0435\u0440\u043d\u043e\u0439 \u0438\u043d\u0441\u043e\u043b\u044f\u0446\u0438\u0435\u0439 \u0438 \u0430\u0433\u0440\u0435\u0441\u0441\u0438\u0432\u043d\u044b\u043c \u0432\u043e\u0437\u0434\u0435\u0439\u0441\u0442\u0432\u0438\u0435\u043c \u0434\u0440\u0443\u0433\u0438\u0445 \u0444\u0430\u043a\u0442\u043e\u0440\u043e\u0432 \u0441\u0440\u0435\u0434\u044b.<\/li>\n<li>\u0413\u0438\u0430\u043b\u0443\u0440\u043e\u043d\u043e\u0432\u0430\u044f \u043a\u0438\u0441\u043b\u043e\u0442\u0430 \u0441 \u0440\u0430\u0437\u043d\u043e\u0439 \u043c\u043e\u043b\u0435\u043a\u0443\u043b\u044f\u0440\u043d\u043e\u0439 \u043c\u0430\u0441\u0441\u043e\u0439: \u043c\u043e\u043b\u0435\u043a\u0443\u043b\u044b \u0441 \u0432\u044b\u0441\u043e\u043a\u043e\u0439 \u043c\u0430\u0441\u0441\u043e\u0439 \u0432\u043e\u0441\u0441\u0442\u0430\u043d\u0430\u0432\u043b\u0438\u0432\u0430\u044e\u0442 \u0437\u0430\u0449\u0438\u0442\u043d\u044b\u0439 \u0431\u0430\u0440\u044c\u0435\u0440 \u043d\u0430 \u043f\u043e\u0432\u0435\u0440\u0445\u043d\u043e\u0441\u0442\u0438 \u043a\u043e\u0436\u0438, \u0443\u0441\u043a\u043e\u0440\u044f\u044e\u0442 \u0437\u0430\u0436\u0438\u0432\u043b\u0435\u043d\u0438\u0435 \u0438 \u0443\u043c\u0435\u043d\u044c\u0448\u0430\u044e\u0442 \u0448\u0435\u043b\u0443\u0448\u0435\u043d\u0438\u0435. \u041c\u043e\u043b\u0435\u043a\u0443\u043b\u044b \u0441 \u043d\u0438\u0437\u043a\u043e\u0439 \u043c\u0430\u0441\u0441\u043e\u0439 \u043e\u0431\u043b\u0430\u0434\u0430\u044e\u0442 \u0432\u044b\u0441\u043e\u043a\u043e\u0439 \u043f\u0440\u043e\u043d\u0438\u043a\u0430\u044e\u0449\u0435\u0439 \u0441\u043f\u043e\u0441\u043e\u0431\u043d\u043e\u0441\u0442\u044c\u044e, \u043e\u043d\u0438 \u043f\u0440\u0435\u0434\u043e\u0442\u0432\u0440\u0430\u0449\u0430\u044e\u0442 \u043f\u043e\u0442\u0435\u0440\u044e \u0432\u043b\u0430\u0433\u0438 \u043d\u0430 \u043a\u043b\u0435\u0442\u043e\u0447\u043d\u043e\u043c \u0443\u0440\u043e\u0432\u043d\u0435.<\/li>\n<\/ul>\n<p><strong>\u0421\u043f\u043e\u0441\u043e\u0431 \u043f\u0440\u0438\u043c\u0435\u043d\u0435\u043d\u0438\u044f:<\/strong> \u043f\u043e\u0441\u043b\u0435 \u0443\u043c\u044b\u0432\u0430\u043d\u0438\u044f \u0430\u043a\u043a\u0443\u0440\u0430\u0442\u043d\u043e \u043f\u0440\u043e\u0442\u0440\u0438\u0442\u0435 \u043b\u0438\u0446\u043e. \u041c\u043e\u0436\u043d\u043e \u0438\u0441\u043f\u043e\u043b\u044c\u0437\u043e\u0432\u0430\u0442\u044c \u0432 \u043a\u0430\u0447\u0435\u0441\u0442\u0432\u0435 \u043b\u043e\u043a\u0430\u043b\u044c\u043d\u043e\u0439 \u043c\u0430\u0441\u043a\u0438: \u043f\u0440\u0438\u043b\u043e\u0436\u0438\u0442\u0435 \u043f\u044d\u0434 \u043a \u043a\u043e\u0436\u0435 \u043d\u0430 5\u221210 \u043c\u0438\u043d\u0443\u0442, \u0441\u043d\u0438\u043c\u0438\u0442\u0435 \u0438 \u0434\u0430\u0439\u0442\u0435 \u0432\u043f\u0438\u0442\u0430\u0442\u044c\u0441\u044f \u043e\u0441\u0442\u0430\u0442\u043a\u0430\u043c \u044d\u0441\u0441\u0435\u043d\u0446\u0438\u0438.<\/p>\n<p><strong>\u0421\u043e\u0441\u0442\u0430\u0432:<\/strong> <span style=\"font-size: 16px;\">Water, Butylene Glycol, Glycereth-26 Niacinamide, Glycerin, 1,2-Hexanediol, Diethoxyethyl Succinate, Hydroxyethyl Urea, Hydroxyacetophenone, Glycereth-25 PCA Isostearate, Glycosyl Trehalose, Hydrogenated Starch Hydrolysate, Melia Azadirachta Leaf Extract, Ethylhexylglycerin, Xanthan Gum, Propanediol, Adenosine, Melia Azadirachta Flower Extract, Coccinia Indica Fruit Extract, Disodium EDTA, Sodium DNA (100ppm), Hydrolyzed Collagen, Aloe Barbadensis Flower Extract, Solanum Melongena (Eggplant) Fruit Extract, Coptis Japonica Root Extract, Ocimum Sanctum Leaf Extract, Zea Mays (Corn) Kernel Extract, Corallina Officinalis Extract, Curcuma Longa (Turmeric) Root Extract, Sodium Hyaluronate (5.002ppm), Hyaluronic Acid (5ppm), Hydrolyzed Hyaluronic Acid (5ppm), Terminalia Ferdinandiana Fruit Extract, Fructan, Glucose, Lecithin, Acetyl Glutamine, Collagen Extract, Bacillus\/Soybean Ferment Extract, Caprylyl Glycol, Folic Acid, Hexapeptide-11, Oligopeptide-1, Oligopeptide-2, Oligopeptide-3<\/span><\/p>\n<section id=\"shopify-section-template--24420135240027__17278867031e017cd0\" class=\"shopify-section section\">\n<div class=\"content-indent default\">\n<div id=\"template--24420135240027__17278867031e017cd0\" class=\"page-width\" data-section-id=\"template--24420135240027__17278867031e017cd0\" data-section-type=\"carousel\">\n<div id=\"shopify-block-AV1oxRTVEblpucCtxT__loox_reviews_loox_dynamic_section_TpRzK9\" class=\"shopify-block shopify-app-block\"><\/div>\n<\/div>\n<\/div>\n<\/section>","protected":false},"excerpt":{"rendered":"<p><strong>Anua PDRN 100 Hyaluronic Acid Glow Pad\u00a0<\/strong> \u0423\u0432\u043b\u0430\u0436\u043d\u044f\u044e\u0449\u0438\u0435 \u043f\u044d\u0434\u044b \u0441 \u041f\u0414\u0420\u041d \u0438 \u0433\u0438\u0430\u043b\u0443\u0440\u043e\u043d\u043e\u0432\u043e\u0439 \u043a\u0438\u0441\u043b\u043e\u0442\u043e\u0439 Anua PDRN 100 Hyaluronic Acid Glow Pad \u043e\u0431\u0435\u0441\u043f\u0435\u0447\u0438\u0432\u0430\u044e\u0442 \u0433\u043b\u0443\u0431\u043e\u043a\u043e\u0435 \u0438 \u0434\u043b\u0438\u0442\u0435\u043b\u044c\u043d\u043e\u0435 \u0443\u0432\u043b\u0430\u0436\u043d\u0435\u043d\u0438\u0435, \u0432\u043e\u0441\u043f\u043e\u043b\u043d\u044f\u044f \u0435\u0441\u0442\u0435\u0441\u0442\u0432\u0435\u043d\u043d\u044b\u0435 \u0437\u0430\u043f\u0430\u0441\u044b \u0432\u043b\u0430\u0433\u0438 \u0432 \u043a\u043b\u0435\u0442\u043a\u0430\u0445 \u044d\u043f\u0438\u0434\u0435\u0440\u043c\u0438\u0441\u0430.<\/p>","protected":false},"featured_media":24555,"comment_status":"open","ping_status":"closed","template":"","meta":{"site-sidebar-layout":"default","site-content-layout":"","ast-site-content-layout":"default","site-content-style":"default","site-sidebar-style":"default","ast-global-header-display":"","ast-banner-title-visibility":"","ast-main-header-display":"","ast-hfb-above-header-display":"","ast-hfb-below-header-display":"","ast-hfb-mobile-header-display":"","site-post-title":"","ast-breadcrumbs-content":"","ast-featured-img":"","footer-sml-layout":"","theme-transparent-header-meta":"default","adv-header-id-meta":"","stick-header-meta":"","header-above-stick-meta":"","header-main-stick-meta":"","header-below-stick-meta":"","astra-migrate-meta-layouts":"set","ast-page-background-enabled":"default","ast-page-background-meta":{"desktop":{"background-color":"var(--ast-global-color-4)","background-image":"","background-repeat":"repeat","background-position":"center center","background-size":"auto","background-attachment":"scroll","background-type":"","background-media":"","overlay-type":"","overlay-color":"","overlay-opacity":"","overlay-gradient":""},"tablet":{"background-color":"","background-image":"","background-repeat":"repeat","background-position":"center center","background-size":"auto","background-attachment":"scroll","background-type":"","background-media":"","overlay-type":"","overlay-color":"","overlay-opacity":"","overlay-gradient":""},"mobile":{"background-color":"","background-image":"","background-repeat":"repeat","background-position":"center center","background-size":"auto","background-attachment":"scroll","background-type":"","background-media":"","overlay-type":"","overlay-color":"","overlay-opacity":"","overlay-gradient":""}},"ast-content-background-meta":{"desktop":{"background-color":"var(--ast-global-color-5)","background-image":"","background-repeat":"repeat","background-position":"center center","background-size":"auto","background-attachment":"scroll","background-type":"","background-media":"","overlay-type":"","overlay-color":"","overlay-opacity":"","overlay-gradient":""},"tablet":{"background-color":"var(--ast-global-color-5)","background-image":"","background-repeat":"repeat","background-position":"center center","background-size":"auto","background-attachment":"scroll","background-type":"","background-media":"","overlay-type":"","overlay-color":"","overlay-opacity":"","overlay-gradient":""},"mobile":{"background-color":"var(--ast-global-color-5)","background-image":"","background-repeat":"repeat","background-position":"center center","background-size":"auto","background-attachment":"scroll","background-type":"","background-media":"","overlay-type":"","overlay-color":"","overlay-opacity":"","overlay-gradient":""}}},"product_brand":[],"product_cat":[375,652,670,328,377,378,364,376],"product_tag":[],"berocket_brand":[575],"class_list":{"0":"post-24551","1":"product","2":"type-product","3":"status-publish","4":"has-post-thumbnail","6":"product_cat-jutigai-adai-toneri","7":"product_cat-pdrn","8":"product_cat-pilinga-diski","9":"product_cat-pilingi-un-skrubji","10":"product_cat-problematiskai-adai-toneri","11":"product_cat-sausai-adai-toneri","12":"product_cat-toneri","13":"product_cat-kombinetai-adai-toneri","14":"berocket_brand-anua","15":"desktop-align-left","16":"tablet-align-left","17":"mobile-align-left","19":"first","20":"outofstock","21":"taxable","22":"shipping-taxable","23":"purchasable","24":"product-type-simple","25":"add-to-wishlist-before_image"},"yoast_head":"<!-- This site is optimized with the Yoast SEO plugin v27.3 - https:\/\/yoast.com\/product\/yoast-seo-wordpress\/ -->\n<title>Anua PDRN 100 Hyaluronic Acid Glow Pad 60ea - FACECORNER<\/title>\n<meta name=\"description\" content=\"Anua PDRN 100 Hyaluronic Acid Glow Pad\u00a0 nodro\u0161ina dzi\u013cu un ilgsto\u0161u mitrin\u0101\u0161anu, atjaunojot dabisk\u0101s mitruma rezerves epidermas \u0161\u016bn\u0101s.\" \/>\n<meta name=\"robots\" content=\"index, follow, max-snippet:-1, max-image-preview:large, max-video-preview:-1\" \/>\n<link rel=\"canonical\" href=\"https:\/\/www.facecorner.lv\/ru\/shop\/anua-pdrn-100-hyaluronic-acid-glow-pad-60ea\/\" \/>\n<meta property=\"og:locale\" content=\"ru_RU\" \/>\n<meta property=\"og:type\" content=\"article\" \/>\n<meta property=\"og:title\" content=\"Anua PDRN 100 Hyaluronic Acid Glow Pad 60ea - FACECORNER\" \/>\n<meta property=\"og:description\" content=\"Anua PDRN 100 Hyaluronic Acid Glow Pad\u00a0 nodro\u0161ina dzi\u013cu un ilgsto\u0161u mitrin\u0101\u0161anu, atjaunojot dabisk\u0101s mitruma rezerves epidermas \u0161\u016bn\u0101s.\" \/>\n<meta property=\"og:url\" content=\"https:\/\/www.facecorner.lv\/ru\/shop\/anua-pdrn-100-hyaluronic-acid-glow-pad-60ea\/\" \/>\n<meta property=\"og:site_name\" content=\"FACECORNER\" \/>\n<meta property=\"article:publisher\" content=\"https:\/\/www.facebook.com\/profile.php?id=100063824551839\" \/>\n<meta property=\"article:modified_time\" content=\"2025-12-16T21:29:04+00:00\" \/>\n<meta property=\"og:image\" content=\"https:\/\/www.facecorner.lv\/wp-content\/uploads\/2025\/06\/AnuaPDRNHyaluronicAcidGlowPad.webp\" \/>\n\t<meta property=\"og:image:width\" content=\"950\" \/>\n\t<meta property=\"og:image:height\" content=\"950\" \/>\n\t<meta property=\"og:image:type\" content=\"image\/webp\" \/>\n<meta name=\"twitter:card\" content=\"summary_large_image\" \/>\n<meta name=\"twitter:label1\" content=\"\u0426\u0435\u043d\u0430\" \/>\n\t<meta name=\"twitter:data1\" content=\"&euro;28.00\" \/>\n\t<meta name=\"twitter:label2\" content=\"\u0414\u043e\u0441\u0442\u0443\u043f\u043d\u043e\u0441\u0442\u044c\" \/>\n\t<meta name=\"twitter:data2\" content=\"\u0420\u0430\u0441\u043f\u0440\u043e\u0434\u0430\u043d\u043e\" \/>\n<script type=\"application\/ld+json\" class=\"yoast-schema-graph\">{\"@context\":\"https:\\\/\\\/schema.org\",\"@graph\":[{\"@type\":\"WebPage\",\"@id\":\"https:\\\/\\\/www.facecorner.lv\\\/shop\\\/anua-pdrn-100-hyaluronic-acid-glow-pad-60ea\\\/\",\"url\":\"https:\\\/\\\/www.facecorner.lv\\\/shop\\\/anua-pdrn-100-hyaluronic-acid-glow-pad-60ea\\\/\",\"name\":\"Anua PDRN 100 Hyaluronic Acid Glow Pad 60ea - FACECORNER\",\"isPartOf\":{\"@id\":\"https:\\\/\\\/www.facecorner.lv\\\/#website\"},\"primaryImageOfPage\":{\"@id\":\"https:\\\/\\\/www.facecorner.lv\\\/shop\\\/anua-pdrn-100-hyaluronic-acid-glow-pad-60ea\\\/#primaryimage\"},\"image\":{\"@id\":\"https:\\\/\\\/www.facecorner.lv\\\/shop\\\/anua-pdrn-100-hyaluronic-acid-glow-pad-60ea\\\/#primaryimage\"},\"thumbnailUrl\":\"https:\\\/\\\/www.facecorner.lv\\\/wp-content\\\/uploads\\\/2025\\\/06\\\/AnuaPDRNHyaluronicAcidGlowPad.webp\",\"datePublished\":\"2025-06-18T12:52:29+00:00\",\"dateModified\":\"2025-12-16T21:29:04+00:00\",\"description\":\"Anua PDRN 100 Hyaluronic Acid Glow Pad\u00a0 nodro\u0161ina dzi\u013cu un ilgsto\u0161u mitrin\u0101\u0161anu, atjaunojot dabisk\u0101s mitruma rezerves epidermas \u0161\u016bn\u0101s.\",\"breadcrumb\":{\"@id\":\"https:\\\/\\\/www.facecorner.lv\\\/shop\\\/anua-pdrn-100-hyaluronic-acid-glow-pad-60ea\\\/#breadcrumb\"},\"inLanguage\":\"ru-RU\",\"potentialAction\":[{\"@type\":\"ReadAction\",\"target\":[\"https:\\\/\\\/www.facecorner.lv\\\/shop\\\/anua-pdrn-100-hyaluronic-acid-glow-pad-60ea\\\/\"]}]},{\"@type\":\"ImageObject\",\"inLanguage\":\"ru-RU\",\"@id\":\"https:\\\/\\\/www.facecorner.lv\\\/shop\\\/anua-pdrn-100-hyaluronic-acid-glow-pad-60ea\\\/#primaryimage\",\"url\":\"https:\\\/\\\/www.facecorner.lv\\\/wp-content\\\/uploads\\\/2025\\\/06\\\/AnuaPDRNHyaluronicAcidGlowPad.webp\",\"contentUrl\":\"https:\\\/\\\/www.facecorner.lv\\\/wp-content\\\/uploads\\\/2025\\\/06\\\/AnuaPDRNHyaluronicAcidGlowPad.webp\",\"width\":950,\"height\":950},{\"@type\":\"BreadcrumbList\",\"@id\":\"https:\\\/\\\/www.facecorner.lv\\\/shop\\\/anua-pdrn-100-hyaluronic-acid-glow-pad-60ea\\\/#breadcrumb\",\"itemListElement\":[{\"@type\":\"ListItem\",\"position\":1,\"name\":\"Home\",\"item\":\"https:\\\/\\\/www.facecorner.lv\\\/\"},{\"@type\":\"ListItem\",\"position\":2,\"name\":\"Veikals\",\"item\":\"https:\\\/\\\/www.facecorner.lv\\\/shop\\\/\"},{\"@type\":\"ListItem\",\"position\":3,\"name\":\"Anua PDRN 100 Hyaluronic Acid Glow Pad 60ea\"}]},{\"@type\":\"WebSite\",\"@id\":\"https:\\\/\\\/www.facecorner.lv\\\/#website\",\"url\":\"https:\\\/\\\/www.facecorner.lv\\\/\",\"name\":\"Facecorner\",\"description\":\"\",\"publisher\":{\"@id\":\"https:\\\/\\\/www.facecorner.lv\\\/#organization\"},\"potentialAction\":[{\"@type\":\"SearchAction\",\"target\":{\"@type\":\"EntryPoint\",\"urlTemplate\":\"https:\\\/\\\/www.facecorner.lv\\\/?s={search_term_string}\"},\"query-input\":{\"@type\":\"PropertyValueSpecification\",\"valueRequired\":true,\"valueName\":\"search_term_string\"}}],\"inLanguage\":\"ru-RU\"},{\"@type\":\"Organization\",\"@id\":\"https:\\\/\\\/www.facecorner.lv\\\/#organization\",\"name\":\"Facecorner\",\"url\":\"https:\\\/\\\/www.facecorner.lv\\\/\",\"logo\":{\"@type\":\"ImageObject\",\"inLanguage\":\"ru-RU\",\"@id\":\"https:\\\/\\\/www.facecorner.lv\\\/#\\\/schema\\\/logo\\\/image\\\/\",\"url\":\"https:\\\/\\\/www.facecorner.lv\\\/wp-content\\\/uploads\\\/2024\\\/04\\\/fc-logo.jpg\",\"contentUrl\":\"https:\\\/\\\/www.facecorner.lv\\\/wp-content\\\/uploads\\\/2024\\\/04\\\/fc-logo.jpg\",\"width\":174,\"height\":28,\"caption\":\"Facecorner\"},\"image\":{\"@id\":\"https:\\\/\\\/www.facecorner.lv\\\/#\\\/schema\\\/logo\\\/image\\\/\"},\"sameAs\":[\"https:\\\/\\\/www.facebook.com\\\/profile.php?id=100063824551839\",\"https:\\\/\\\/www.instagram.com\\\/facecorner_shop\\\/\"]}]}<\/script>\n<meta property=\"product:price:amount\" content=\"28.00\" \/>\n<meta property=\"product:price:currency\" content=\"EUR\" \/>\n<meta property=\"og:availability\" content=\"out of stock\" \/>\n<meta property=\"product:availability\" content=\"out of stock\" \/>\n<meta property=\"product:condition\" content=\"new\" \/>\n<!-- \/ Yoast SEO plugin. -->","yoast_head_json":{"title":"Anua PDRN 100 Hyaluronic Acid Glow Pad 60ea - FACECORNER","description":"Anua PDRN 100 Hyaluronic Acid Glow Pad\u00a0 nodro\u0161ina dzi\u013cu un ilgsto\u0161u mitrin\u0101\u0161anu, atjaunojot dabisk\u0101s mitruma rezerves epidermas \u0161\u016bn\u0101s.","robots":{"index":"index","follow":"follow","max-snippet":"max-snippet:-1","max-image-preview":"max-image-preview:large","max-video-preview":"max-video-preview:-1"},"canonical":"https:\/\/www.facecorner.lv\/ru\/shop\/anua-pdrn-100-hyaluronic-acid-glow-pad-60ea\/","og_locale":"ru_RU","og_type":"article","og_title":"Anua PDRN 100 Hyaluronic Acid Glow Pad 60ea - FACECORNER","og_description":"Anua PDRN 100 Hyaluronic Acid Glow Pad\u00a0 nodro\u0161ina dzi\u013cu un ilgsto\u0161u mitrin\u0101\u0161anu, atjaunojot dabisk\u0101s mitruma rezerves epidermas \u0161\u016bn\u0101s.","og_url":"https:\/\/www.facecorner.lv\/ru\/shop\/anua-pdrn-100-hyaluronic-acid-glow-pad-60ea\/","og_site_name":"FACECORNER","article_publisher":"https:\/\/www.facebook.com\/profile.php?id=100063824551839","article_modified_time":"2025-12-16T21:29:04+00:00","og_image":[{"width":950,"height":950,"url":"https:\/\/www.facecorner.lv\/wp-content\/uploads\/2025\/06\/AnuaPDRNHyaluronicAcidGlowPad.webp","type":"image\/webp"}],"twitter_card":"summary_large_image","twitter_misc":{"\u0426\u0435\u043d\u0430":"&euro;28.00","\u0414\u043e\u0441\u0442\u0443\u043f\u043d\u043e\u0441\u0442\u044c":"\u0420\u0430\u0441\u043f\u0440\u043e\u0434\u0430\u043d\u043e"},"schema":{"@context":"https:\/\/schema.org","@graph":[{"@type":"WebPage","@id":"https:\/\/www.facecorner.lv\/shop\/anua-pdrn-100-hyaluronic-acid-glow-pad-60ea\/","url":"https:\/\/www.facecorner.lv\/shop\/anua-pdrn-100-hyaluronic-acid-glow-pad-60ea\/","name":"Anua PDRN 100 Hyaluronic Acid Glow Pad 60ea - FACECORNER","isPartOf":{"@id":"https:\/\/www.facecorner.lv\/#website"},"primaryImageOfPage":{"@id":"https:\/\/www.facecorner.lv\/shop\/anua-pdrn-100-hyaluronic-acid-glow-pad-60ea\/#primaryimage"},"image":{"@id":"https:\/\/www.facecorner.lv\/shop\/anua-pdrn-100-hyaluronic-acid-glow-pad-60ea\/#primaryimage"},"thumbnailUrl":"https:\/\/www.facecorner.lv\/wp-content\/uploads\/2025\/06\/AnuaPDRNHyaluronicAcidGlowPad.webp","datePublished":"2025-06-18T12:52:29+00:00","dateModified":"2025-12-16T21:29:04+00:00","description":"Anua PDRN 100 Hyaluronic Acid Glow Pad\u00a0 nodro\u0161ina dzi\u013cu un ilgsto\u0161u mitrin\u0101\u0161anu, atjaunojot dabisk\u0101s mitruma rezerves epidermas \u0161\u016bn\u0101s.","breadcrumb":{"@id":"https:\/\/www.facecorner.lv\/shop\/anua-pdrn-100-hyaluronic-acid-glow-pad-60ea\/#breadcrumb"},"inLanguage":"ru-RU","potentialAction":[{"@type":"ReadAction","target":["https:\/\/www.facecorner.lv\/shop\/anua-pdrn-100-hyaluronic-acid-glow-pad-60ea\/"]}]},{"@type":"ImageObject","inLanguage":"ru-RU","@id":"https:\/\/www.facecorner.lv\/shop\/anua-pdrn-100-hyaluronic-acid-glow-pad-60ea\/#primaryimage","url":"https:\/\/www.facecorner.lv\/wp-content\/uploads\/2025\/06\/AnuaPDRNHyaluronicAcidGlowPad.webp","contentUrl":"https:\/\/www.facecorner.lv\/wp-content\/uploads\/2025\/06\/AnuaPDRNHyaluronicAcidGlowPad.webp","width":950,"height":950},{"@type":"BreadcrumbList","@id":"https:\/\/www.facecorner.lv\/shop\/anua-pdrn-100-hyaluronic-acid-glow-pad-60ea\/#breadcrumb","itemListElement":[{"@type":"ListItem","position":1,"name":"Home","item":"https:\/\/www.facecorner.lv\/"},{"@type":"ListItem","position":2,"name":"Veikals","item":"https:\/\/www.facecorner.lv\/shop\/"},{"@type":"ListItem","position":3,"name":"Anua PDRN 100 Hyaluronic Acid Glow Pad 60ea"}]},{"@type":"WebSite","@id":"https:\/\/www.facecorner.lv\/#website","url":"https:\/\/www.facecorner.lv\/","name":"Facecorner","description":"","publisher":{"@id":"https:\/\/www.facecorner.lv\/#organization"},"potentialAction":[{"@type":"SearchAction","target":{"@type":"EntryPoint","urlTemplate":"https:\/\/www.facecorner.lv\/?s={search_term_string}"},"query-input":{"@type":"PropertyValueSpecification","valueRequired":true,"valueName":"search_term_string"}}],"inLanguage":"ru-RU"},{"@type":"Organization","@id":"https:\/\/www.facecorner.lv\/#organization","name":"Facecorner","url":"https:\/\/www.facecorner.lv\/","logo":{"@type":"ImageObject","inLanguage":"ru-RU","@id":"https:\/\/www.facecorner.lv\/#\/schema\/logo\/image\/","url":"https:\/\/www.facecorner.lv\/wp-content\/uploads\/2024\/04\/fc-logo.jpg","contentUrl":"https:\/\/www.facecorner.lv\/wp-content\/uploads\/2024\/04\/fc-logo.jpg","width":174,"height":28,"caption":"Facecorner"},"image":{"@id":"https:\/\/www.facecorner.lv\/#\/schema\/logo\/image\/"},"sameAs":["https:\/\/www.facebook.com\/profile.php?id=100063824551839","https:\/\/www.instagram.com\/facecorner_shop\/"]}]},"product_price_amount":"28.00","product_price_currency":"EUR","og_availability":"out of stock","product_availability":"out of stock","product_condition":"new"},"_links":{"self":[{"href":"https:\/\/www.facecorner.lv\/ru\/wp-json\/wp\/v2\/product\/24551","targetHints":{"allow":["GET"]}}],"collection":[{"href":"https:\/\/www.facecorner.lv\/ru\/wp-json\/wp\/v2\/product"}],"about":[{"href":"https:\/\/www.facecorner.lv\/ru\/wp-json\/wp\/v2\/types\/product"}],"replies":[{"embeddable":true,"href":"https:\/\/www.facecorner.lv\/ru\/wp-json\/wp\/v2\/comments?post=24551"}],"wp:featuredmedia":[{"embeddable":true,"href":"https:\/\/www.facecorner.lv\/ru\/wp-json\/wp\/v2\/media\/24555"}],"wp:attachment":[{"href":"https:\/\/www.facecorner.lv\/ru\/wp-json\/wp\/v2\/media?parent=24551"}],"wp:term":[{"taxonomy":"product_brand","embeddable":true,"href":"https:\/\/www.facecorner.lv\/ru\/wp-json\/wp\/v2\/product_brand?post=24551"},{"taxonomy":"product_cat","embeddable":true,"href":"https:\/\/www.facecorner.lv\/ru\/wp-json\/wp\/v2\/product_cat?post=24551"},{"taxonomy":"product_tag","embeddable":true,"href":"https:\/\/www.facecorner.lv\/ru\/wp-json\/wp\/v2\/product_tag?post=24551"},{"taxonomy":"berocket_brand","embeddable":true,"href":"https:\/\/www.facecorner.lv\/ru\/wp-json\/wp\/v2\/berocket_brand?post=24551"}],"curies":[{"name":"wp","href":"https:\/\/api.w.org\/{rel}","templated":true}]}}