{"id":24460,"date":"2025-06-09T21:44:29","date_gmt":"2025-06-09T18:44:29","guid":{"rendered":"https:\/\/www.facecorner.lv\/?post_type=product&#038;p=24460"},"modified":"2026-03-08T20:31:49","modified_gmt":"2026-03-08T17:31:49","slug":"pdrn-retinal-eye-patch-glow-jelly-60ea","status":"publish","type":"product","link":"https:\/\/www.facecorner.lv\/ru\/shop\/pdrn-retinal-eye-patch-glow-jelly-60ea\/","title":{"rendered":"Abib PDRN retinal eye patch Glow jelly 60ea"},"content":{"rendered":"<p>\u041f\u0430\u0442\u0447 \u0434\u043b\u044f \u0433\u043b\u0430\u0437 PDRN Glow jelly \u043e\u0431\u0435\u0441\u043f\u0435\u0447\u0438\u0432\u0430\u0435\u0442 \u043e\u0442\u0431\u0435\u043b\u0438\u0432\u0430\u044e\u0449\u0438\u0439 \u0438 \u0443\u043a\u0440\u0435\u043f\u043b\u044f\u044e\u0449\u0438\u0439 \u044d\u0444\u0444\u0435\u043a\u0442 \u043f\u043e\u0434 \u0433\u043b\u0430\u0437\u0430\u043c\u0438.<br \/>\n\u0424\u043e\u0440\u043c\u0443\u043b\u0430 \u0441\u043e\u0434\u0435\u0440\u0436\u0438\u0442 \u0440\u0430\u0441\u0442\u0438\u0442\u0435\u043b\u044c\u043d\u044b\u0435 \u0414\u041d\u041a, \u0432\u043a\u043b\u044e\u0447\u0430\u044f \u044d\u043a\u0441\u0442\u0440\u0430\u043a\u0442 \u0446\u0435\u043d\u0442\u0435\u043b\u043b\u044b \u0430\u0437\u0438\u0430\u0442\u0441\u043a\u043e\u0439, \u044d\u043a\u0441\u0442\u0440\u0430\u043a\u0442 \u043b\u0438\u0441\u0442\u044c\u0435\u0432 \u0433\u0438\u043d\u043a\u0433\u043e \u0431\u0438\u043b\u043e\u0431\u0430, \u043a\u043e\u0442\u043e\u0440\u044b\u0435 \u0431\u043e\u043b\u0435\u0435 \u044d\u0444\u0444\u0435\u043a\u0442\u0438\u0432\u043d\u043e \u0432\u043f\u0438\u0442\u044b\u0432\u0430\u044e\u0442\u0441\u044f \u0432 \u043a\u043e\u0436\u0443.<\/p>\n<p>\u041d\u0430\u0441\u044b\u0449\u0435\u043d \u043d\u0438\u0437\u043a\u043e\u043c\u043e\u043b\u0435\u043a\u0443\u043b\u044f\u0440\u043d\u044b\u043c PDRN \u0441 \u0430\u043d\u0442\u0438\u043e\u043a\u0441\u0438\u0434\u0430\u043d\u0442\u0430\u043c\u0438, \u043a\u043e\u0442\u043e\u0440\u044b\u0435 \u043f\u043e\u043c\u043e\u0433\u0430\u044e\u0442 \u0443\u0441\u043a\u043e\u0440\u0438\u0442\u044c \u0446\u0438\u043a\u043b \u0440\u0430\u0437\u0432\u0438\u0442\u0438\u044f \u043a\u043e\u0436\u0438 \u0438 \u043f\u043e\u0434\u0434\u0435\u0440\u0436\u0438\u0432\u0430\u044e\u0442 \u0440\u043e\u0441\u0442 \u0435\u0441\u0442\u0435\u0441\u0442\u0432\u0435\u043d\u043d\u043e\u0433\u043e \u043a\u043e\u043b\u043b\u0430\u0433\u0435\u043d\u0430.<\/p>\n<ul>\n<li>\u0421\u043e\u0434\u0435\u0440\u0436\u0438\u0442 \u043a\u043e\u0444\u0435\u0438\u043d, \u043a\u043e\u0442\u043e\u0440\u044b\u0439 \u0443\u043c\u0435\u043d\u044c\u0448\u0430\u0435\u0442 \u043e\u0442\u0435\u0447\u043d\u043e\u0441\u0442\u044c \u0433\u043b\u0430\u0437.<\/li>\n<li>\u0440\u0435\u0442\u0438\u043d\u0430\u043b\u044c \u0438 \u043a\u043e\u043b\u043b\u0430\u0433\u0435\u043d 200Da \u0434\u043b\u044f \u043f\u043e\u0432\u044b\u0448\u0435\u043d\u0438\u044f \u044d\u043b\u0430\u0441\u0442\u0438\u0447\u043d\u043e\u0441\u0442\u0438.<\/li>\n<li>\u041d\u0438\u0430\u0446\u0438\u043d\u0430\u043c\u0438\u0434 \u0434\u043b\u044f \u043e\u0441\u0432\u0435\u0442\u043b\u0435\u043d\u0438\u044f \u0442\u0435\u043c\u043d\u044b\u0445 \u043a\u0440\u0443\u0433\u043e\u0432.<\/li>\n<\/ul>\n<p>\u041e\u043d \u0438\u043c\u0435\u0435\u0442 \u043d\u0435\u0441\u043a\u043e\u043b\u044c\u0437\u044f\u0449\u0443\u044e \u043f\u043e\u0432\u0435\u0440\u0445\u043d\u043e\u0441\u0442\u044c \u0441 \u043e\u0431\u0435\u0438\u0445 \u0441\u0442\u043e\u0440\u043e\u043d.<\/p>\n<p><strong>\u0421\u043f\u043e\u0441\u043e\u0431 \u043f\u0440\u0438\u043c\u0435\u043d\u0435\u043d\u0438\u044f:<\/strong> \u041d\u0430\u043b\u043e\u0436\u0438\u0442\u0435  \u0438 \u0441\u043d\u0438\u043c\u0438\u0442\u0435 \u0447\u0435\u0440\u0435\u0437 10-15 \u043c\u0438\u043d\u0443\u0442.<\/p>\n<p><strong>Sats\u0101vs:\u00a0<\/strong>Water, Glycerin, Niacinamide, Butylene Glycol, Carrageenan, Glucomannan, 1,2-Hexanediol, Ceratonia Siliqua (Carob) Gum, Hydroxyacetophenone, Gellan Gum, Allantoin, Caprylyl Glycol, Sucrose, Cyamopsis Tetragonoloba (Guar) Gum, Caffeine, Dipotassium Glycyrrhizate, Synthetic Fluorphlogopite, Adenosine, Calcium Chloride, Propanediol, Polyglyceryl-10 Laurate, Ethylhexylglycerin, Titanium Dioxide, Panthenol, Sodium Hyaluronate, Collagen, Squalane, Arginine, Hydrogenated Lecithin, CI 77491, Sodium DNA, Centella Asiatica Extract, Ginkgo Biloba Leaf Extract, Phyllostachys Pubescens Shoot Bark Extract, Glycine Soja (Soybean) Sterols, Polymethylsilsesquioxane, Silica, Polyglyceryl-10 Oleate, Retinal<\/p>\n<p>&nbsp;<\/p>","protected":false},"excerpt":{"rendered":"<p>\u041f\u0430\u0442\u0447 \u0434\u043b\u044f \u0433\u043b\u0430\u0437 PDRN Glow jelly \u043e\u0431\u0435\u0441\u043f\u0435\u0447\u0438\u0432\u0430\u0435\u0442 \u043e\u0442\u0431\u0435\u043b\u0438\u0432\u0430\u044e\u0449\u0438\u0439 \u0438 \u0443\u043a\u0440\u0435\u043f\u043b\u044f\u044e\u0449\u0438\u0439 \u044d\u0444\u0444\u0435\u043a\u0442 \u043f\u043e\u0434 \u0433\u043b\u0430\u0437\u0430\u043c\u0438.<\/p>","protected":false},"featured_media":24461,"comment_status":"open","ping_status":"closed","template":"","meta":{"site-sidebar-layout":"default","site-content-layout":"","ast-site-content-layout":"default","site-content-style":"default","site-sidebar-style":"default","ast-global-header-display":"","ast-banner-title-visibility":"","ast-main-header-display":"","ast-hfb-above-header-display":"","ast-hfb-below-header-display":"","ast-hfb-mobile-header-display":"","site-post-title":"","ast-breadcrumbs-content":"","ast-featured-img":"","footer-sml-layout":"","theme-transparent-header-meta":"default","adv-header-id-meta":"","stick-header-meta":"","header-above-stick-meta":"","header-main-stick-meta":"","header-below-stick-meta":"","astra-migrate-meta-layouts":"set","ast-page-background-enabled":"default","ast-page-background-meta":{"desktop":{"background-color":"var(--ast-global-color-4)","background-image":"","background-repeat":"repeat","background-position":"center center","background-size":"auto","background-attachment":"scroll","background-type":"","background-media":"","overlay-type":"","overlay-color":"","overlay-opacity":"","overlay-gradient":""},"tablet":{"background-color":"","background-image":"","background-repeat":"repeat","background-position":"center center","background-size":"auto","background-attachment":"scroll","background-type":"","background-media":"","overlay-type":"","overlay-color":"","overlay-opacity":"","overlay-gradient":""},"mobile":{"background-color":"","background-image":"","background-repeat":"repeat","background-position":"center center","background-size":"auto","background-attachment":"scroll","background-type":"","background-media":"","overlay-type":"","overlay-color":"","overlay-opacity":"","overlay-gradient":""}},"ast-content-background-meta":{"desktop":{"background-color":"var(--ast-global-color-5)","background-image":"","background-repeat":"repeat","background-position":"center center","background-size":"auto","background-attachment":"scroll","background-type":"","background-media":"","overlay-type":"","overlay-color":"","overlay-opacity":"","overlay-gradient":""},"tablet":{"background-color":"var(--ast-global-color-5)","background-image":"","background-repeat":"repeat","background-position":"center center","background-size":"auto","background-attachment":"scroll","background-type":"","background-media":"","overlay-type":"","overlay-color":"","overlay-opacity":"","overlay-gradient":""},"mobile":{"background-color":"var(--ast-global-color-5)","background-image":"","background-repeat":"repeat","background-position":"center center","background-size":"auto","background-attachment":"scroll","background-type":"","background-media":"","overlay-type":"","overlay-color":"","overlay-opacity":"","overlay-gradient":""}}},"product_brand":[],"product_cat":[327,652],"product_tag":[],"berocket_brand":[627],"class_list":{"0":"post-24460","1":"product","2":"type-product","3":"status-publish","4":"has-post-thumbnail","6":"product_cat-patci","7":"product_cat-pdrn","8":"berocket_brand-abib","9":"desktop-align-left","10":"tablet-align-left","11":"mobile-align-left","13":"first","14":"instock","15":"taxable","16":"shipping-taxable","17":"purchasable","18":"product-type-simple","19":"add-to-wishlist-before_image"},"yoast_head":"<!-- This site is optimized with the Yoast SEO plugin v27.4 - https:\/\/yoast.com\/product\/yoast-seo-wordpress\/ -->\n<title>Abib PDRN retinal eye patch Glow jelly 60ea - FACECORNER<\/title>\n<meta name=\"description\" content=\"PDRN retinal eye patch Glow jelly\u00a0 nodro\u0161ina balino\u0161u un nostiprino\u0161u efektu zem ac\u012bm.Formulas sast\u0101v\u0101 ir augu DNS, tostarp Centella asiatica ekstrakts\" \/>\n<meta name=\"robots\" content=\"index, follow, max-snippet:-1, max-image-preview:large, max-video-preview:-1\" \/>\n<link rel=\"canonical\" href=\"https:\/\/www.facecorner.lv\/ru\/shop\/pdrn-retinal-eye-patch-glow-jelly-60ea\/\" \/>\n<meta property=\"og:locale\" content=\"ru_RU\" \/>\n<meta property=\"og:type\" content=\"article\" \/>\n<meta property=\"og:title\" content=\"Abib PDRN retinal eye patch Glow jelly 60ea - FACECORNER\" \/>\n<meta property=\"og:description\" content=\"PDRN retinal eye patch Glow jelly\u00a0 nodro\u0161ina balino\u0161u un nostiprino\u0161u efektu zem ac\u012bm.Formulas sast\u0101v\u0101 ir augu DNS, tostarp Centella asiatica ekstrakts\" \/>\n<meta property=\"og:url\" content=\"https:\/\/www.facecorner.lv\/ru\/shop\/pdrn-retinal-eye-patch-glow-jelly-60ea\/\" \/>\n<meta property=\"og:site_name\" content=\"FACECORNER\" \/>\n<meta property=\"article:publisher\" content=\"https:\/\/www.facebook.com\/profile.php?id=100063824551839\" \/>\n<meta property=\"article:modified_time\" content=\"2026-03-08T17:31:49+00:00\" \/>\n<meta property=\"og:image\" content=\"https:\/\/www.facecorner.lv\/wp-content\/uploads\/2025\/06\/611vw6BRWDL._SL1500_.jpg\" \/>\n\t<meta property=\"og:image:width\" content=\"1500\" \/>\n\t<meta property=\"og:image:height\" content=\"1500\" \/>\n\t<meta property=\"og:image:type\" content=\"image\/jpeg\" \/>\n<meta name=\"twitter:card\" content=\"summary_large_image\" \/>\n<meta name=\"twitter:label1\" content=\"\u0426\u0435\u043d\u0430\" \/>\n\t<meta name=\"twitter:data1\" content=\"&euro;24.90\" \/>\n\t<meta name=\"twitter:label2\" content=\"\u0414\u043e\u0441\u0442\u0443\u043f\u043d\u043e\u0441\u0442\u044c\" \/>\n\t<meta name=\"twitter:data2\" content=\"\u0412 \u043d\u0430\u043b\u0438\u0447\u0438\u0438\" \/>\n<script type=\"application\/ld+json\" class=\"yoast-schema-graph\">{\"@context\":\"https:\\\/\\\/schema.org\",\"@graph\":[{\"@type\":\"WebPage\",\"@id\":\"https:\\\/\\\/www.facecorner.lv\\\/shop\\\/pdrn-retinal-eye-patch-glow-jelly-60ea\\\/\",\"url\":\"https:\\\/\\\/www.facecorner.lv\\\/shop\\\/pdrn-retinal-eye-patch-glow-jelly-60ea\\\/\",\"name\":\"Abib PDRN retinal eye patch Glow jelly 60ea - FACECORNER\",\"isPartOf\":{\"@id\":\"https:\\\/\\\/www.facecorner.lv\\\/#website\"},\"primaryImageOfPage\":{\"@id\":\"https:\\\/\\\/www.facecorner.lv\\\/shop\\\/pdrn-retinal-eye-patch-glow-jelly-60ea\\\/#primaryimage\"},\"image\":{\"@id\":\"https:\\\/\\\/www.facecorner.lv\\\/shop\\\/pdrn-retinal-eye-patch-glow-jelly-60ea\\\/#primaryimage\"},\"thumbnailUrl\":\"https:\\\/\\\/www.facecorner.lv\\\/wp-content\\\/uploads\\\/2025\\\/06\\\/611vw6BRWDL._SL1500_.jpg\",\"datePublished\":\"2025-06-09T18:44:29+00:00\",\"dateModified\":\"2026-03-08T17:31:49+00:00\",\"description\":\"PDRN retinal eye patch Glow jelly\u00a0 nodro\u0161ina balino\u0161u un nostiprino\u0161u efektu zem ac\u012bm.Formulas sast\u0101v\u0101 ir augu DNS, tostarp Centella asiatica ekstrakts\",\"breadcrumb\":{\"@id\":\"https:\\\/\\\/www.facecorner.lv\\\/shop\\\/pdrn-retinal-eye-patch-glow-jelly-60ea\\\/#breadcrumb\"},\"inLanguage\":\"ru-RU\",\"potentialAction\":[{\"@type\":\"ReadAction\",\"target\":[\"https:\\\/\\\/www.facecorner.lv\\\/shop\\\/pdrn-retinal-eye-patch-glow-jelly-60ea\\\/\"]}]},{\"@type\":\"ImageObject\",\"inLanguage\":\"ru-RU\",\"@id\":\"https:\\\/\\\/www.facecorner.lv\\\/shop\\\/pdrn-retinal-eye-patch-glow-jelly-60ea\\\/#primaryimage\",\"url\":\"https:\\\/\\\/www.facecorner.lv\\\/wp-content\\\/uploads\\\/2025\\\/06\\\/611vw6BRWDL._SL1500_.jpg\",\"contentUrl\":\"https:\\\/\\\/www.facecorner.lv\\\/wp-content\\\/uploads\\\/2025\\\/06\\\/611vw6BRWDL._SL1500_.jpg\",\"width\":1500,\"height\":1500,\"caption\":\"PDRN retinal eye patch Glow jelly\"},{\"@type\":\"BreadcrumbList\",\"@id\":\"https:\\\/\\\/www.facecorner.lv\\\/shop\\\/pdrn-retinal-eye-patch-glow-jelly-60ea\\\/#breadcrumb\",\"itemListElement\":[{\"@type\":\"ListItem\",\"position\":1,\"name\":\"Home\",\"item\":\"https:\\\/\\\/www.facecorner.lv\\\/\"},{\"@type\":\"ListItem\",\"position\":2,\"name\":\"Veikals\",\"item\":\"https:\\\/\\\/www.facecorner.lv\\\/shop\\\/\"},{\"@type\":\"ListItem\",\"position\":3,\"name\":\"Abib PDRN retinal eye patch Glow jelly 60ea\"}]},{\"@type\":\"WebSite\",\"@id\":\"https:\\\/\\\/www.facecorner.lv\\\/#website\",\"url\":\"https:\\\/\\\/www.facecorner.lv\\\/\",\"name\":\"Facecorner\",\"description\":\"\",\"publisher\":{\"@id\":\"https:\\\/\\\/www.facecorner.lv\\\/#organization\"},\"potentialAction\":[{\"@type\":\"SearchAction\",\"target\":{\"@type\":\"EntryPoint\",\"urlTemplate\":\"https:\\\/\\\/www.facecorner.lv\\\/?s={search_term_string}\"},\"query-input\":{\"@type\":\"PropertyValueSpecification\",\"valueRequired\":true,\"valueName\":\"search_term_string\"}}],\"inLanguage\":\"ru-RU\"},{\"@type\":\"Organization\",\"@id\":\"https:\\\/\\\/www.facecorner.lv\\\/#organization\",\"name\":\"Facecorner\",\"url\":\"https:\\\/\\\/www.facecorner.lv\\\/\",\"logo\":{\"@type\":\"ImageObject\",\"inLanguage\":\"ru-RU\",\"@id\":\"https:\\\/\\\/www.facecorner.lv\\\/#\\\/schema\\\/logo\\\/image\\\/\",\"url\":\"https:\\\/\\\/www.facecorner.lv\\\/wp-content\\\/uploads\\\/2024\\\/04\\\/fc-logo.jpg\",\"contentUrl\":\"https:\\\/\\\/www.facecorner.lv\\\/wp-content\\\/uploads\\\/2024\\\/04\\\/fc-logo.jpg\",\"width\":174,\"height\":28,\"caption\":\"Facecorner\"},\"image\":{\"@id\":\"https:\\\/\\\/www.facecorner.lv\\\/#\\\/schema\\\/logo\\\/image\\\/\"},\"sameAs\":[\"https:\\\/\\\/www.facebook.com\\\/profile.php?id=100063824551839\",\"https:\\\/\\\/www.instagram.com\\\/facecorner_shop\\\/\"]}]}<\/script>\n<meta property=\"product:price:amount\" content=\"24.90\" \/>\n<meta property=\"product:price:currency\" content=\"EUR\" \/>\n<meta property=\"og:availability\" content=\"instock\" \/>\n<meta property=\"product:availability\" content=\"instock\" \/>\n<meta property=\"product:condition\" content=\"new\" \/>\n<!-- \/ Yoast SEO plugin. -->","yoast_head_json":{"title":"Abib PDRN retinal eye patch Glow jelly 60ea - FACECORNER","description":"PDRN retinal eye patch Glow jelly\u00a0 nodro\u0161ina balino\u0161u un nostiprino\u0161u efektu zem ac\u012bm.Formulas sast\u0101v\u0101 ir augu DNS, tostarp Centella asiatica ekstrakts","robots":{"index":"index","follow":"follow","max-snippet":"max-snippet:-1","max-image-preview":"max-image-preview:large","max-video-preview":"max-video-preview:-1"},"canonical":"https:\/\/www.facecorner.lv\/ru\/shop\/pdrn-retinal-eye-patch-glow-jelly-60ea\/","og_locale":"ru_RU","og_type":"article","og_title":"Abib PDRN retinal eye patch Glow jelly 60ea - FACECORNER","og_description":"PDRN retinal eye patch Glow jelly\u00a0 nodro\u0161ina balino\u0161u un nostiprino\u0161u efektu zem ac\u012bm.Formulas sast\u0101v\u0101 ir augu DNS, tostarp Centella asiatica ekstrakts","og_url":"https:\/\/www.facecorner.lv\/ru\/shop\/pdrn-retinal-eye-patch-glow-jelly-60ea\/","og_site_name":"FACECORNER","article_publisher":"https:\/\/www.facebook.com\/profile.php?id=100063824551839","article_modified_time":"2026-03-08T17:31:49+00:00","og_image":[{"width":1500,"height":1500,"url":"https:\/\/www.facecorner.lv\/wp-content\/uploads\/2025\/06\/611vw6BRWDL._SL1500_.jpg","type":"image\/jpeg"}],"twitter_card":"summary_large_image","twitter_misc":{"\u0426\u0435\u043d\u0430":"&euro;24.90","\u0414\u043e\u0441\u0442\u0443\u043f\u043d\u043e\u0441\u0442\u044c":"\u0412 \u043d\u0430\u043b\u0438\u0447\u0438\u0438"},"schema":{"@context":"https:\/\/schema.org","@graph":[{"@type":"WebPage","@id":"https:\/\/www.facecorner.lv\/shop\/pdrn-retinal-eye-patch-glow-jelly-60ea\/","url":"https:\/\/www.facecorner.lv\/shop\/pdrn-retinal-eye-patch-glow-jelly-60ea\/","name":"Abib PDRN retinal eye patch Glow jelly 60ea - FACECORNER","isPartOf":{"@id":"https:\/\/www.facecorner.lv\/#website"},"primaryImageOfPage":{"@id":"https:\/\/www.facecorner.lv\/shop\/pdrn-retinal-eye-patch-glow-jelly-60ea\/#primaryimage"},"image":{"@id":"https:\/\/www.facecorner.lv\/shop\/pdrn-retinal-eye-patch-glow-jelly-60ea\/#primaryimage"},"thumbnailUrl":"https:\/\/www.facecorner.lv\/wp-content\/uploads\/2025\/06\/611vw6BRWDL._SL1500_.jpg","datePublished":"2025-06-09T18:44:29+00:00","dateModified":"2026-03-08T17:31:49+00:00","description":"PDRN retinal eye patch Glow jelly\u00a0 nodro\u0161ina balino\u0161u un nostiprino\u0161u efektu zem ac\u012bm.Formulas sast\u0101v\u0101 ir augu DNS, tostarp Centella asiatica ekstrakts","breadcrumb":{"@id":"https:\/\/www.facecorner.lv\/shop\/pdrn-retinal-eye-patch-glow-jelly-60ea\/#breadcrumb"},"inLanguage":"ru-RU","potentialAction":[{"@type":"ReadAction","target":["https:\/\/www.facecorner.lv\/shop\/pdrn-retinal-eye-patch-glow-jelly-60ea\/"]}]},{"@type":"ImageObject","inLanguage":"ru-RU","@id":"https:\/\/www.facecorner.lv\/shop\/pdrn-retinal-eye-patch-glow-jelly-60ea\/#primaryimage","url":"https:\/\/www.facecorner.lv\/wp-content\/uploads\/2025\/06\/611vw6BRWDL._SL1500_.jpg","contentUrl":"https:\/\/www.facecorner.lv\/wp-content\/uploads\/2025\/06\/611vw6BRWDL._SL1500_.jpg","width":1500,"height":1500,"caption":"PDRN retinal eye patch Glow jelly"},{"@type":"BreadcrumbList","@id":"https:\/\/www.facecorner.lv\/shop\/pdrn-retinal-eye-patch-glow-jelly-60ea\/#breadcrumb","itemListElement":[{"@type":"ListItem","position":1,"name":"Home","item":"https:\/\/www.facecorner.lv\/"},{"@type":"ListItem","position":2,"name":"Veikals","item":"https:\/\/www.facecorner.lv\/shop\/"},{"@type":"ListItem","position":3,"name":"Abib PDRN retinal eye patch Glow jelly 60ea"}]},{"@type":"WebSite","@id":"https:\/\/www.facecorner.lv\/#website","url":"https:\/\/www.facecorner.lv\/","name":"Facecorner","description":"","publisher":{"@id":"https:\/\/www.facecorner.lv\/#organization"},"potentialAction":[{"@type":"SearchAction","target":{"@type":"EntryPoint","urlTemplate":"https:\/\/www.facecorner.lv\/?s={search_term_string}"},"query-input":{"@type":"PropertyValueSpecification","valueRequired":true,"valueName":"search_term_string"}}],"inLanguage":"ru-RU"},{"@type":"Organization","@id":"https:\/\/www.facecorner.lv\/#organization","name":"Facecorner","url":"https:\/\/www.facecorner.lv\/","logo":{"@type":"ImageObject","inLanguage":"ru-RU","@id":"https:\/\/www.facecorner.lv\/#\/schema\/logo\/image\/","url":"https:\/\/www.facecorner.lv\/wp-content\/uploads\/2024\/04\/fc-logo.jpg","contentUrl":"https:\/\/www.facecorner.lv\/wp-content\/uploads\/2024\/04\/fc-logo.jpg","width":174,"height":28,"caption":"Facecorner"},"image":{"@id":"https:\/\/www.facecorner.lv\/#\/schema\/logo\/image\/"},"sameAs":["https:\/\/www.facebook.com\/profile.php?id=100063824551839","https:\/\/www.instagram.com\/facecorner_shop\/"]}]},"product_price_amount":"24.90","product_price_currency":"EUR","og_availability":"instock","product_availability":"instock","product_condition":"new"},"_links":{"self":[{"href":"https:\/\/www.facecorner.lv\/ru\/wp-json\/wp\/v2\/product\/24460","targetHints":{"allow":["GET"]}}],"collection":[{"href":"https:\/\/www.facecorner.lv\/ru\/wp-json\/wp\/v2\/product"}],"about":[{"href":"https:\/\/www.facecorner.lv\/ru\/wp-json\/wp\/v2\/types\/product"}],"replies":[{"embeddable":true,"href":"https:\/\/www.facecorner.lv\/ru\/wp-json\/wp\/v2\/comments?post=24460"}],"wp:featuredmedia":[{"embeddable":true,"href":"https:\/\/www.facecorner.lv\/ru\/wp-json\/wp\/v2\/media\/24461"}],"wp:attachment":[{"href":"https:\/\/www.facecorner.lv\/ru\/wp-json\/wp\/v2\/media?parent=24460"}],"wp:term":[{"taxonomy":"product_brand","embeddable":true,"href":"https:\/\/www.facecorner.lv\/ru\/wp-json\/wp\/v2\/product_brand?post=24460"},{"taxonomy":"product_cat","embeddable":true,"href":"https:\/\/www.facecorner.lv\/ru\/wp-json\/wp\/v2\/product_cat?post=24460"},{"taxonomy":"product_tag","embeddable":true,"href":"https:\/\/www.facecorner.lv\/ru\/wp-json\/wp\/v2\/product_tag?post=24460"},{"taxonomy":"berocket_brand","embeddable":true,"href":"https:\/\/www.facecorner.lv\/ru\/wp-json\/wp\/v2\/berocket_brand?post=24460"}],"curies":[{"name":"wp","href":"https:\/\/api.w.org\/{rel}","templated":true}]}}