{"id":24291,"date":"2025-05-12T23:34:38","date_gmt":"2025-05-12T20:34:38","guid":{"rendered":"https:\/\/www.facecorner.lv\/?post_type=product&#038;p=24291"},"modified":"2026-04-07T14:44:34","modified_gmt":"2026-04-07T11:44:34","slug":"medicube-pdrn-pink-collagen-capsule-cream-55g","status":"publish","type":"product","link":"https:\/\/www.facecorner.lv\/ru\/shop\/medicube-pdrn-pink-collagen-capsule-cream-55g\/","title":{"rendered":"Medicube PDRN Pink Collagen Capsule Cream 55g"},"content":{"rendered":"<p>Medicube PDRN Pink Collagen Capsule Cream - \u0443\u0432\u043b\u0430\u0436\u043d\u044f\u044e\u0449\u0438\u0439 \u043a\u0440\u0435\u043c \u0434\u043b\u044f \u043b\u0438\u0446\u0430 \u0441 \u043a\u043e\u043b\u043b\u0430\u0433\u0435\u043d\u043e\u0432\u044b\u043c\u0438 \u043a\u0430\u043f\u0441\u0443\u043b\u0430\u043c\u0438 PDRN.<\/p>\n<p>\u041e\u0441\u043d\u043e\u0432\u043d\u044b\u0435 \u0438\u043d\u0433\u0440\u0435\u0434\u0438\u0435\u043d\u0442\u044b: \u0432\u044b\u0441\u043e\u043a\u043e\u043a\u043e\u043d\u0446\u0435\u043d\u0442\u0440\u0438\u0440\u043e\u0432\u0430\u043d\u043d\u044b\u0439 PDRN \u043b\u043e\u0441\u043e\u0441\u044f, \u043d\u0438\u0430\u0446\u0438\u043d\u0430\u043c\u0438\u0434 5%, \u043a\u043e\u043b\u043b\u0430\u0433\u0435\u043d, \u0433\u0438\u0430\u043b\u0443\u0440\u043e\u043d\u043e\u0432\u0430\u044f \u043a\u0438\u0441\u043b\u043e\u0442\u0430, 8 \u043f\u0435\u043f\u0442\u0438\u0434\u043e\u0432, 4 \u043a\u0435\u0440\u0430\u043c\u0438\u0434\u0430.<\/p>\n<p>Medicube PDRN Pink Collagen Capsule Cream \u042d\u043b\u0430\u0441\u0442\u0438\u0447\u043d\u044b\u0439 \u043a\u0430\u043f\u0441\u0443\u043b\u0438\u0440\u043e\u0432\u0430\u043d\u043d\u044b\u0439 \u043a\u0440\u0435\u043c, \u0441\u043e\u0434\u0435\u0440\u0436\u0430\u0449\u0438\u0439 PDRN \u043b\u043e\u0441\u043e\u0441\u044f, \u043a\u043e\u043b\u043b\u0430\u0433\u0435\u043d \u0438 \u043d\u0438\u0430\u0446\u0438\u043d\u0430\u043c\u0438\u0434, \u0432\u044b\u0440\u0430\u0432\u043d\u0438\u0432\u0430\u0435\u0442 \u0442\u043e\u043d \u043a\u043e\u0436\u0438, \u0443\u043a\u0440\u0435\u043f\u043b\u044f\u0435\u0442 \u043e\u0441\u043b\u0430\u0431\u043b\u0435\u043d\u043d\u0443\u044e \u043a\u043e\u0436\u0443 \u0438 \u0443\u0441\u0438\u043b\u0438\u0432\u0430\u0435\u0442 \u043a\u043e\u0436\u043d\u044b\u0439 \u0431\u0430\u0440\u044c\u0435\u0440. <strong>\u041d\u0435\u0436\u043d\u044b\u0439 \u0438 \u043d\u0435\u043a\u043e\u043c\u0435\u0434\u043e\u0433\u0435\u043d\u043d\u044b\u0439, \u043e\u043d \u043f\u043e\u0434\u0445\u043e\u0434\u0438\u0442 \u0434\u043b\u044f \u0432\u0441\u0435\u0445 \u0442\u0438\u043f\u043e\u0432 \u043a\u043e\u0436\u0438, \u0432\u043a\u043b\u044e\u0447\u0430\u044f \u0447\u0443\u0432\u0441\u0442\u0432\u0438\u0442\u0435\u043b\u044c\u043d\u0443\u044e \u0438 \u0441\u043a\u043b\u043e\u043d\u043d\u0443\u044e \u043a \u0430\u043a\u043d\u0435.<\/strong><\/p>\n<p><strong>\u0421\u043f\u043e\u0441\u043e\u0431 \u043f\u0440\u0438\u043c\u0435\u043d\u0435\u043d\u0438\u044f:<\/strong> \u041d\u0430\u043d\u0435\u0441\u0438\u0442\u0435 \u0443\u043c\u0435\u0440\u0435\u043d\u043d\u043e\u0435 \u043a\u043e\u043b\u0438\u0447\u0435\u0441\u0442\u0432\u043e \u0441\u0440\u0435\u0434\u0441\u0442\u0432\u0430 \u043d\u0430 \u043f\u043e\u0441\u043b\u0435\u0434\u043d\u0435\u043c \u044d\u0442\u0430\u043f\u0435 \u0443\u0445\u043e\u0434\u0430 \u0437\u0430 \u043a\u043e\u0436\u0435\u0439.<\/p>\n<p><strong>\u0421\u043e\u0441\u0442\u0430\u0432<\/strong> Water, Glycerin, Niacinamide, Methylpropanediol, Propanediol, 1,2-Hexanediol, Dipropylene Glycol, Caprylic\/Capric Triglyceride, Glycereth-26, Arginine, Butylene Glycol, Ethylhexyl Palmitate, Cetearyl Alcohol, Carbomer, Cetearyl Olivate, Sorbitan Olivate, Ammonium Acryloyldimethyltaurate\/VP Copolymer, Simethicone, Eclipta Prostrata Extract, Ethylhexylglycerin, Adenosine, Polyacrylate-13, Sodium DNA, Disodium EDTA, Melia Azadirachta Leaf Extract, Polyisobutene, Hydrolyzed Sclerotium Gum, Glyceryl Stearate, Moringa Oleifera Seed Oil, Polysorbate 20, Sorbitan Isostearate, Sodium Hyaluronate, Glutathione, Octyldodecanol, Hydroxypropyltrimonium Hyaluronate, Salmon Egg Extract, Hydrogenated Lecithin, Ceramide NP, Cyanocobalamin, Thioctic Acid, Hydrolyzed Hyaluronic Acid, Hydrolyzed Collagen Extract, Sodium Acetylated Hyaluronate, Acetyl Hexapeptide-8, Copper Tripeptide-1, Hyaluronic Acid, Caprylyl Glycol, Palmitoyl Pentapeptide-4, Hydrolyzed Sodium Hyaluronate, Palmitoyl Hexapeptide-12, Sodium Hyaluronate Crosspolymer, Potassium Hyaluronate<\/p>\n<p>&nbsp;<\/p>","protected":false},"excerpt":{"rendered":"<p>Medicube PDRN Pink Collagen Capsule Cream \u042d\u043b\u0430\u0441\u0442\u0438\u0447\u043d\u044b\u0439 \u043a\u0430\u043f\u0441\u0443\u043b\u0438\u0440\u043e\u0432\u0430\u043d\u043d\u044b\u0439 \u043a\u0440\u0435\u043c, \u0441\u043e\u0434\u0435\u0440\u0436\u0430\u0449\u0438\u0439 PDRN \u043b\u043e\u0441\u043e\u0441\u044f, \u043a\u043e\u043b\u043b\u0430\u0433\u0435\u043d \u0438 \u043d\u0438\u0430\u0446\u0438\u043d\u0430\u043c\u0438\u0434, \u0432\u044b\u0440\u0430\u0432\u043d\u0438\u0432\u0430\u0435\u0442 \u0442\u043e\u043d \u043a\u043e\u0436\u0438, \u0443\u043a\u0440\u0435\u043f\u043b\u044f\u0435\u0442 \u043e\u0441\u043b\u0430\u0431\u043b\u0435\u043d\u043d\u0443\u044e \u043a\u043e\u0436\u0443 \u0438 \u0443\u0441\u0438\u043b\u0438\u0432\u0430\u0435\u0442 \u043a\u043e\u0436\u043d\u044b\u0439 \u0431\u0430\u0440\u044c\u0435\u0440. <strong>\u041d\u0435\u0436\u043d\u044b\u0439 \u0438 \u043d\u0435\u043a\u043e\u043c\u0435\u0434\u043e\u0433\u0435\u043d\u043d\u044b\u0439, \u043e\u043d \u043f\u043e\u0434\u0445\u043e\u0434\u0438\u0442 \u0434\u043b\u044f \u0432\u0441\u0435\u0445 \u0442\u0438\u043f\u043e\u0432 \u043a\u043e\u0436\u0438, \u0432\u043a\u043b\u044e\u0447\u0430\u044f \u0447\u0443\u0432\u0441\u0442\u0432\u0438\u0442\u0435\u043b\u044c\u043d\u0443\u044e \u0438 \u0441\u043a\u043b\u043e\u043d\u043d\u0443\u044e \u043a \u0430\u043a\u043d\u0435.<\/strong><\/p>","protected":false},"featured_media":24294,"comment_status":"open","ping_status":"closed","template":"","meta":{"site-sidebar-layout":"default","site-content-layout":"","ast-site-content-layout":"default","site-content-style":"default","site-sidebar-style":"default","ast-global-header-display":"","ast-banner-title-visibility":"","ast-main-header-display":"","ast-hfb-above-header-display":"","ast-hfb-below-header-display":"","ast-hfb-mobile-header-display":"","site-post-title":"","ast-breadcrumbs-content":"","ast-featured-img":"","footer-sml-layout":"","theme-transparent-header-meta":"default","adv-header-id-meta":"","stick-header-meta":"","header-above-stick-meta":"","header-main-stick-meta":"","header-below-stick-meta":"","astra-migrate-meta-layouts":"set","ast-page-background-enabled":"default","ast-page-background-meta":{"desktop":{"background-color":"var(--ast-global-color-4)","background-image":"","background-repeat":"repeat","background-position":"center center","background-size":"auto","background-attachment":"scroll","background-type":"","background-media":"","overlay-type":"","overlay-color":"","overlay-opacity":"","overlay-gradient":""},"tablet":{"background-color":"","background-image":"","background-repeat":"repeat","background-position":"center center","background-size":"auto","background-attachment":"scroll","background-type":"","background-media":"","overlay-type":"","overlay-color":"","overlay-opacity":"","overlay-gradient":""},"mobile":{"background-color":"","background-image":"","background-repeat":"repeat","background-position":"center center","background-size":"auto","background-attachment":"scroll","background-type":"","background-media":"","overlay-type":"","overlay-color":"","overlay-opacity":"","overlay-gradient":""}},"ast-content-background-meta":{"desktop":{"background-color":"var(--ast-global-color-5)","background-image":"","background-repeat":"repeat","background-position":"center center","background-size":"auto","background-attachment":"scroll","background-type":"","background-media":"","overlay-type":"","overlay-color":"","overlay-opacity":"","overlay-gradient":""},"tablet":{"background-color":"var(--ast-global-color-5)","background-image":"","background-repeat":"repeat","background-position":"center center","background-size":"auto","background-attachment":"scroll","background-type":"","background-media":"","overlay-type":"","overlay-color":"","overlay-opacity":"","overlay-gradient":""},"mobile":{"background-color":"var(--ast-global-color-5)","background-image":"","background-repeat":"repeat","background-position":"center center","background-size":"auto","background-attachment":"scroll","background-type":"","background-media":"","overlay-type":"","overlay-color":"","overlay-opacity":"","overlay-gradient":""}}},"product_brand":[],"product_cat":[435,652],"product_tag":[],"berocket_brand":[579],"class_list":{"0":"post-24291","1":"product","2":"type-product","3":"status-publish","4":"has-post-thumbnail","6":"product_cat-jaunumi","7":"product_cat-pdrn","8":"berocket_brand-medicube","9":"desktop-align-left","10":"tablet-align-left","11":"mobile-align-left","13":"first","14":"instock","15":"taxable","16":"shipping-taxable","17":"purchasable","18":"product-type-simple","19":"add-to-wishlist-before_image"},"yoast_head":"<!-- This site is optimized with the Yoast SEO plugin v27.4 - https:\/\/yoast.com\/product\/yoast-seo-wordpress\/ -->\n<title>Medicube PDRN Pink Collagen Capsule Cream 55g - FACECORNER<\/title>\n<meta name=\"description\" content=\"Medicube PDRN Pink Collagen Capsule Cream kapsulu kr\u0113ms, mitrino\u0161s sejas kr\u0113ms ar PDRN kolag\u0113na kapsul\u0101m.Galven\u0101s sast\u0101vda\u013cas: augsti koncentr\u0113ts la\u0161a PDRN\" \/>\n<meta name=\"robots\" content=\"index, follow, max-snippet:-1, max-image-preview:large, max-video-preview:-1\" \/>\n<link rel=\"canonical\" href=\"https:\/\/www.facecorner.lv\/ru\/shop\/medicube-pdrn-pink-collagen-capsule-cream-55g\/\" \/>\n<meta property=\"og:locale\" content=\"ru_RU\" \/>\n<meta property=\"og:type\" content=\"article\" \/>\n<meta property=\"og:title\" content=\"Medicube PDRN Pink Collagen Capsule Cream 55g - FACECORNER\" \/>\n<meta property=\"og:description\" content=\"Medicube PDRN Pink Collagen Capsule Cream kapsulu kr\u0113ms, mitrino\u0161s sejas kr\u0113ms ar PDRN kolag\u0113na kapsul\u0101m.Galven\u0101s sast\u0101vda\u013cas: augsti koncentr\u0113ts la\u0161a PDRN\" \/>\n<meta property=\"og:url\" content=\"https:\/\/www.facecorner.lv\/ru\/shop\/medicube-pdrn-pink-collagen-capsule-cream-55g\/\" \/>\n<meta property=\"og:site_name\" content=\"FACECORNER\" \/>\n<meta property=\"article:publisher\" content=\"https:\/\/www.facebook.com\/profile.php?id=100063824551839\" \/>\n<meta property=\"article:modified_time\" content=\"2026-04-07T11:44:34+00:00\" \/>\n<meta property=\"og:image\" content=\"https:\/\/www.facecorner.lv\/wp-content\/uploads\/2025\/05\/medicube_pdrncream_main-600x600-1.jpg\" \/>\n\t<meta property=\"og:image:width\" content=\"600\" \/>\n\t<meta property=\"og:image:height\" content=\"600\" \/>\n\t<meta property=\"og:image:type\" content=\"image\/jpeg\" \/>\n<meta name=\"twitter:card\" content=\"summary_large_image\" \/>\n<meta name=\"twitter:label1\" content=\"\u0426\u0435\u043d\u0430\" \/>\n\t<meta name=\"twitter:data1\" content=\"&euro;36.50\" \/>\n\t<meta name=\"twitter:label2\" content=\"\u0414\u043e\u0441\u0442\u0443\u043f\u043d\u043e\u0441\u0442\u044c\" \/>\n\t<meta name=\"twitter:data2\" content=\"\u0412 \u043d\u0430\u043b\u0438\u0447\u0438\u0438\" \/>\n<script type=\"application\/ld+json\" class=\"yoast-schema-graph\">{\"@context\":\"https:\\\/\\\/schema.org\",\"@graph\":[{\"@type\":\"WebPage\",\"@id\":\"https:\\\/\\\/www.facecorner.lv\\\/shop\\\/medicube-pdrn-pink-collagen-capsule-cream-55g\\\/\",\"url\":\"https:\\\/\\\/www.facecorner.lv\\\/shop\\\/medicube-pdrn-pink-collagen-capsule-cream-55g\\\/\",\"name\":\"Medicube PDRN Pink Collagen Capsule Cream 55g - FACECORNER\",\"isPartOf\":{\"@id\":\"https:\\\/\\\/www.facecorner.lv\\\/#website\"},\"primaryImageOfPage\":{\"@id\":\"https:\\\/\\\/www.facecorner.lv\\\/shop\\\/medicube-pdrn-pink-collagen-capsule-cream-55g\\\/#primaryimage\"},\"image\":{\"@id\":\"https:\\\/\\\/www.facecorner.lv\\\/shop\\\/medicube-pdrn-pink-collagen-capsule-cream-55g\\\/#primaryimage\"},\"thumbnailUrl\":\"https:\\\/\\\/www.facecorner.lv\\\/wp-content\\\/uploads\\\/2025\\\/05\\\/medicube_pdrncream_main-600x600-1.jpg\",\"datePublished\":\"2025-05-12T20:34:38+00:00\",\"dateModified\":\"2026-04-07T11:44:34+00:00\",\"description\":\"Medicube PDRN Pink Collagen Capsule Cream kapsulu kr\u0113ms, mitrino\u0161s sejas kr\u0113ms ar PDRN kolag\u0113na kapsul\u0101m.Galven\u0101s sast\u0101vda\u013cas: augsti koncentr\u0113ts la\u0161a PDRN\",\"breadcrumb\":{\"@id\":\"https:\\\/\\\/www.facecorner.lv\\\/shop\\\/medicube-pdrn-pink-collagen-capsule-cream-55g\\\/#breadcrumb\"},\"inLanguage\":\"ru-RU\",\"potentialAction\":[{\"@type\":\"ReadAction\",\"target\":[\"https:\\\/\\\/www.facecorner.lv\\\/shop\\\/medicube-pdrn-pink-collagen-capsule-cream-55g\\\/\"]}]},{\"@type\":\"ImageObject\",\"inLanguage\":\"ru-RU\",\"@id\":\"https:\\\/\\\/www.facecorner.lv\\\/shop\\\/medicube-pdrn-pink-collagen-capsule-cream-55g\\\/#primaryimage\",\"url\":\"https:\\\/\\\/www.facecorner.lv\\\/wp-content\\\/uploads\\\/2025\\\/05\\\/medicube_pdrncream_main-600x600-1.jpg\",\"contentUrl\":\"https:\\\/\\\/www.facecorner.lv\\\/wp-content\\\/uploads\\\/2025\\\/05\\\/medicube_pdrncream_main-600x600-1.jpg\",\"width\":600,\"height\":600,\"caption\":\"Medicube PDRN Pink Collagen Capsule Cream\"},{\"@type\":\"BreadcrumbList\",\"@id\":\"https:\\\/\\\/www.facecorner.lv\\\/shop\\\/medicube-pdrn-pink-collagen-capsule-cream-55g\\\/#breadcrumb\",\"itemListElement\":[{\"@type\":\"ListItem\",\"position\":1,\"name\":\"Home\",\"item\":\"https:\\\/\\\/www.facecorner.lv\\\/\"},{\"@type\":\"ListItem\",\"position\":2,\"name\":\"Veikals\",\"item\":\"https:\\\/\\\/www.facecorner.lv\\\/shop\\\/\"},{\"@type\":\"ListItem\",\"position\":3,\"name\":\"Medicube PDRN Pink Collagen Capsule Cream 55g\"}]},{\"@type\":\"WebSite\",\"@id\":\"https:\\\/\\\/www.facecorner.lv\\\/#website\",\"url\":\"https:\\\/\\\/www.facecorner.lv\\\/\",\"name\":\"Facecorner\",\"description\":\"\",\"publisher\":{\"@id\":\"https:\\\/\\\/www.facecorner.lv\\\/#organization\"},\"potentialAction\":[{\"@type\":\"SearchAction\",\"target\":{\"@type\":\"EntryPoint\",\"urlTemplate\":\"https:\\\/\\\/www.facecorner.lv\\\/?s={search_term_string}\"},\"query-input\":{\"@type\":\"PropertyValueSpecification\",\"valueRequired\":true,\"valueName\":\"search_term_string\"}}],\"inLanguage\":\"ru-RU\"},{\"@type\":\"Organization\",\"@id\":\"https:\\\/\\\/www.facecorner.lv\\\/#organization\",\"name\":\"Facecorner\",\"url\":\"https:\\\/\\\/www.facecorner.lv\\\/\",\"logo\":{\"@type\":\"ImageObject\",\"inLanguage\":\"ru-RU\",\"@id\":\"https:\\\/\\\/www.facecorner.lv\\\/#\\\/schema\\\/logo\\\/image\\\/\",\"url\":\"https:\\\/\\\/www.facecorner.lv\\\/wp-content\\\/uploads\\\/2024\\\/04\\\/fc-logo.jpg\",\"contentUrl\":\"https:\\\/\\\/www.facecorner.lv\\\/wp-content\\\/uploads\\\/2024\\\/04\\\/fc-logo.jpg\",\"width\":174,\"height\":28,\"caption\":\"Facecorner\"},\"image\":{\"@id\":\"https:\\\/\\\/www.facecorner.lv\\\/#\\\/schema\\\/logo\\\/image\\\/\"},\"sameAs\":[\"https:\\\/\\\/www.facebook.com\\\/profile.php?id=100063824551839\",\"https:\\\/\\\/www.instagram.com\\\/facecorner_shop\\\/\"]}]}<\/script>\n<meta property=\"product:price:amount\" content=\"36.50\" \/>\n<meta property=\"product:price:currency\" content=\"EUR\" \/>\n<meta property=\"og:availability\" content=\"instock\" \/>\n<meta property=\"product:availability\" content=\"instock\" \/>\n<meta property=\"product:condition\" content=\"new\" \/>\n<!-- \/ Yoast SEO plugin. -->","yoast_head_json":{"title":"Medicube PDRN Pink Collagen Capsule Cream 55g - FACECORNER","description":"Medicube PDRN Pink Collagen Capsule Cream kapsulu kr\u0113ms, mitrino\u0161s sejas kr\u0113ms ar PDRN kolag\u0113na kapsul\u0101m.Galven\u0101s sast\u0101vda\u013cas: augsti koncentr\u0113ts la\u0161a PDRN","robots":{"index":"index","follow":"follow","max-snippet":"max-snippet:-1","max-image-preview":"max-image-preview:large","max-video-preview":"max-video-preview:-1"},"canonical":"https:\/\/www.facecorner.lv\/ru\/shop\/medicube-pdrn-pink-collagen-capsule-cream-55g\/","og_locale":"ru_RU","og_type":"article","og_title":"Medicube PDRN Pink Collagen Capsule Cream 55g - FACECORNER","og_description":"Medicube PDRN Pink Collagen Capsule Cream kapsulu kr\u0113ms, mitrino\u0161s sejas kr\u0113ms ar PDRN kolag\u0113na kapsul\u0101m.Galven\u0101s sast\u0101vda\u013cas: augsti koncentr\u0113ts la\u0161a PDRN","og_url":"https:\/\/www.facecorner.lv\/ru\/shop\/medicube-pdrn-pink-collagen-capsule-cream-55g\/","og_site_name":"FACECORNER","article_publisher":"https:\/\/www.facebook.com\/profile.php?id=100063824551839","article_modified_time":"2026-04-07T11:44:34+00:00","og_image":[{"width":600,"height":600,"url":"https:\/\/www.facecorner.lv\/wp-content\/uploads\/2025\/05\/medicube_pdrncream_main-600x600-1.jpg","type":"image\/jpeg"}],"twitter_card":"summary_large_image","twitter_misc":{"\u0426\u0435\u043d\u0430":"&euro;36.50","\u0414\u043e\u0441\u0442\u0443\u043f\u043d\u043e\u0441\u0442\u044c":"\u0412 \u043d\u0430\u043b\u0438\u0447\u0438\u0438"},"schema":{"@context":"https:\/\/schema.org","@graph":[{"@type":"WebPage","@id":"https:\/\/www.facecorner.lv\/shop\/medicube-pdrn-pink-collagen-capsule-cream-55g\/","url":"https:\/\/www.facecorner.lv\/shop\/medicube-pdrn-pink-collagen-capsule-cream-55g\/","name":"Medicube PDRN Pink Collagen Capsule Cream 55g - FACECORNER","isPartOf":{"@id":"https:\/\/www.facecorner.lv\/#website"},"primaryImageOfPage":{"@id":"https:\/\/www.facecorner.lv\/shop\/medicube-pdrn-pink-collagen-capsule-cream-55g\/#primaryimage"},"image":{"@id":"https:\/\/www.facecorner.lv\/shop\/medicube-pdrn-pink-collagen-capsule-cream-55g\/#primaryimage"},"thumbnailUrl":"https:\/\/www.facecorner.lv\/wp-content\/uploads\/2025\/05\/medicube_pdrncream_main-600x600-1.jpg","datePublished":"2025-05-12T20:34:38+00:00","dateModified":"2026-04-07T11:44:34+00:00","description":"Medicube PDRN Pink Collagen Capsule Cream kapsulu kr\u0113ms, mitrino\u0161s sejas kr\u0113ms ar PDRN kolag\u0113na kapsul\u0101m.Galven\u0101s sast\u0101vda\u013cas: augsti koncentr\u0113ts la\u0161a PDRN","breadcrumb":{"@id":"https:\/\/www.facecorner.lv\/shop\/medicube-pdrn-pink-collagen-capsule-cream-55g\/#breadcrumb"},"inLanguage":"ru-RU","potentialAction":[{"@type":"ReadAction","target":["https:\/\/www.facecorner.lv\/shop\/medicube-pdrn-pink-collagen-capsule-cream-55g\/"]}]},{"@type":"ImageObject","inLanguage":"ru-RU","@id":"https:\/\/www.facecorner.lv\/shop\/medicube-pdrn-pink-collagen-capsule-cream-55g\/#primaryimage","url":"https:\/\/www.facecorner.lv\/wp-content\/uploads\/2025\/05\/medicube_pdrncream_main-600x600-1.jpg","contentUrl":"https:\/\/www.facecorner.lv\/wp-content\/uploads\/2025\/05\/medicube_pdrncream_main-600x600-1.jpg","width":600,"height":600,"caption":"Medicube PDRN Pink Collagen Capsule Cream"},{"@type":"BreadcrumbList","@id":"https:\/\/www.facecorner.lv\/shop\/medicube-pdrn-pink-collagen-capsule-cream-55g\/#breadcrumb","itemListElement":[{"@type":"ListItem","position":1,"name":"Home","item":"https:\/\/www.facecorner.lv\/"},{"@type":"ListItem","position":2,"name":"Veikals","item":"https:\/\/www.facecorner.lv\/shop\/"},{"@type":"ListItem","position":3,"name":"Medicube PDRN Pink Collagen Capsule Cream 55g"}]},{"@type":"WebSite","@id":"https:\/\/www.facecorner.lv\/#website","url":"https:\/\/www.facecorner.lv\/","name":"Facecorner","description":"","publisher":{"@id":"https:\/\/www.facecorner.lv\/#organization"},"potentialAction":[{"@type":"SearchAction","target":{"@type":"EntryPoint","urlTemplate":"https:\/\/www.facecorner.lv\/?s={search_term_string}"},"query-input":{"@type":"PropertyValueSpecification","valueRequired":true,"valueName":"search_term_string"}}],"inLanguage":"ru-RU"},{"@type":"Organization","@id":"https:\/\/www.facecorner.lv\/#organization","name":"Facecorner","url":"https:\/\/www.facecorner.lv\/","logo":{"@type":"ImageObject","inLanguage":"ru-RU","@id":"https:\/\/www.facecorner.lv\/#\/schema\/logo\/image\/","url":"https:\/\/www.facecorner.lv\/wp-content\/uploads\/2024\/04\/fc-logo.jpg","contentUrl":"https:\/\/www.facecorner.lv\/wp-content\/uploads\/2024\/04\/fc-logo.jpg","width":174,"height":28,"caption":"Facecorner"},"image":{"@id":"https:\/\/www.facecorner.lv\/#\/schema\/logo\/image\/"},"sameAs":["https:\/\/www.facebook.com\/profile.php?id=100063824551839","https:\/\/www.instagram.com\/facecorner_shop\/"]}]},"product_price_amount":"36.50","product_price_currency":"EUR","og_availability":"instock","product_availability":"instock","product_condition":"new"},"_links":{"self":[{"href":"https:\/\/www.facecorner.lv\/ru\/wp-json\/wp\/v2\/product\/24291","targetHints":{"allow":["GET"]}}],"collection":[{"href":"https:\/\/www.facecorner.lv\/ru\/wp-json\/wp\/v2\/product"}],"about":[{"href":"https:\/\/www.facecorner.lv\/ru\/wp-json\/wp\/v2\/types\/product"}],"replies":[{"embeddable":true,"href":"https:\/\/www.facecorner.lv\/ru\/wp-json\/wp\/v2\/comments?post=24291"}],"wp:featuredmedia":[{"embeddable":true,"href":"https:\/\/www.facecorner.lv\/ru\/wp-json\/wp\/v2\/media\/24294"}],"wp:attachment":[{"href":"https:\/\/www.facecorner.lv\/ru\/wp-json\/wp\/v2\/media?parent=24291"}],"wp:term":[{"taxonomy":"product_brand","embeddable":true,"href":"https:\/\/www.facecorner.lv\/ru\/wp-json\/wp\/v2\/product_brand?post=24291"},{"taxonomy":"product_cat","embeddable":true,"href":"https:\/\/www.facecorner.lv\/ru\/wp-json\/wp\/v2\/product_cat?post=24291"},{"taxonomy":"product_tag","embeddable":true,"href":"https:\/\/www.facecorner.lv\/ru\/wp-json\/wp\/v2\/product_tag?post=24291"},{"taxonomy":"berocket_brand","embeddable":true,"href":"https:\/\/www.facecorner.lv\/ru\/wp-json\/wp\/v2\/berocket_brand?post=24291"}],"curies":[{"name":"wp","href":"https:\/\/api.w.org\/{rel}","templated":true}]}}