{"id":24214,"date":"2025-05-05T21:51:38","date_gmt":"2025-05-05T18:51:38","guid":{"rendered":"https:\/\/www.facecorner.lv\/?post_type=product&#038;p=24214"},"modified":"2025-06-25T20:41:18","modified_gmt":"2025-06-25T17:41:18","slug":"mixsoon-bean-toner-pad-70-pcs","status":"publish","type":"product","link":"https:\/\/www.facecorner.lv\/ru\/shop\/mixsoon-bean-toner-pad-70-pcs\/","title":{"rendered":"mixsoon Bean Toner Pad 70 pcs"},"content":{"rendered":"<p>\u0423\u0432\u043b\u0430\u0436\u043d\u044f\u044e\u0449\u0438\u0435 \u0438 \u043f\u0438\u0442\u0430\u0442\u0435\u043b\u044c\u043d\u044b\u0435 \u0442\u043e\u043d\u0438\u0437\u0438\u0440\u0443\u044e\u0449\u0438\u0435 \u043f\u043e\u0434\u0443\u0448\u0435\u0447\u043a\u0438 \u0441 \u044d\u043a\u0441\u0442\u0440\u0430\u043a\u0442\u043e\u043c \u0431\u043e\u0431\u043e\u0432, \u0431\u043e\u0433\u0430\u0442\u044b\u0445 \u043f\u0440\u043e\u0442\u0435\u0438\u043d\u0430\u043c\u0438, \u0433\u043b\u0443\u0431\u043e\u043a\u043e \u0443\u0432\u043b\u0430\u0436\u043d\u044f\u044e\u0442 \u0438 \u043f\u0438\u0442\u0430\u044e\u0442 \u043a\u043e\u0436\u0443.<\/p>\n<p>\u0412 \u043e\u0434\u043d\u043e\u0439 \u043a\u043e\u0440\u043e\u0431\u043a\u0435 70 \u043f\u043e\u0434\u0443\u0448\u0435\u0447\u0435\u043a, \u0437\u0430\u043f\u043e\u043b\u043d\u0435\u043d\u043d\u044b\u0445 \u0444\u043b\u0430\u043a\u043e\u043d\u043e\u043c \u043f\u0438\u0442\u0430\u0442\u0435\u043b\u044c\u043d\u043e\u0439 \u044d\u0441\u0441\u0435\u043d\u0446\u0438\u0438 (140 \u043f\u043e\u0434\u0443\u0448\u0435\u0447\u0435\u043a \u043f\u0440\u0438 \u0440\u0430\u0437\u0434\u0435\u043b\u0435\u043d\u0438\u0438)<br \/>\n\u041c\u0430\u0442\u0435\u0440\u0438\u0430\u043b: \u0418\u0437\u0433\u043e\u0442\u043e\u0432\u043b\u0435\u043d\u044b \u0438\u0437 \u043d\u0430\u0442\u0443\u0440\u0430\u043b\u044c\u043d\u043e\u0439 \u0445\u043b\u043e\u043f\u043a\u043e\u0432\u043e\u0439 \u0446\u0435\u043b\u043b\u044e\u043b\u043e\u0437\u044b. \u0412 \u0441\u043e\u0441\u0442\u0430\u0432 \u0432\u0445\u043e\u0434\u044f\u0442 \u0447\u0430\u0441\u0442\u0438\u0446\u044b \u0445\u043b\u043e\u043f\u043a\u043e\u0432\u044b\u0445 \u0441\u0435\u043c\u044f\u043d \u0434\u043b\u044f \u043c\u044f\u0433\u043a\u043e\u0433\u043e, \u043d\u043e \u044d\u0444\u0444\u0435\u043a\u0442\u0438\u0432\u043d\u043e\u0433\u043e \u043e\u0442\u0448\u0435\u043b\u0443\u0448\u0438\u0432\u0430\u043d\u0438\u044f.<\/p>\n<p><strong>\u041e\u0441\u043d\u043e\u0432\u043d\u044b\u0435 \u0434\u0435\u0439\u0441\u0442\u0432\u0443\u044e\u0449\u0438\u0435 \u0438\u043d\u0433\u0440\u0435\u0434\u0438\u0435\u043d\u0442\u044b:<\/strong><\/p>\n<ul>\n<li>7 \u0432\u0438\u0434\u043e\u0432 \u044d\u043a\u0441\u0442\u0440\u0430\u043a\u0442\u043e\u0432 \u0431\u043e\u0431\u043e\u0432, \u0431\u043e\u0433\u0430\u0442\u044b\u0445 \u0430\u043c\u0438\u043d\u043e\u043a\u0438\u0441\u043b\u043e\u0442\u0430\u043c\u0438 \u0438 \u043b\u0430\u043a\u0442\u043e\u0431\u0430\u043a\u0442\u0435\u0440\u0438\u044f\u043c\u0438, \u0441\u043f\u043e\u0441\u043e\u0431\u0441\u0442\u0432\u0443\u044e\u0442 \u043f\u043e\u0432\u044b\u0448\u0435\u043d\u0438\u044e \u044d\u043b\u0430\u0441\u0442\u0438\u0447\u043d\u043e\u0441\u0442\u0438 \u0438 \u0443\u043f\u0440\u0443\u0433\u043e\u0441\u0442\u0438 \u043a\u043e\u0436\u0438 \u0438 \u043f\u043e\u043c\u043e\u0433\u0430\u044e\u0442 \u043f\u0440\u0435\u0434\u043e\u0442\u0432\u0440\u0430\u0442\u0438\u0442\u044c \u0435\u0435 \u0441\u0442\u0430\u0440\u0435\u043d\u0438\u0435<\/li>\n<li>\u00a0- \u0413\u0438\u0430\u043b\u0443\u0440\u043e\u043d\u043e\u0432\u0430\u044f \u043a\u0438\u0441\u043b\u043e\u0442\u0430 \u0438 \u0430\u043b\u043b\u0430\u043d\u0442\u043e\u0438\u043d \u0443\u0432\u043b\u0430\u0436\u043d\u044f\u044e\u0442 \u043a\u043e\u0436\u0443 \u0438 \u0443\u043a\u0440\u0435\u043f\u043b\u044f\u044e\u0442 \u0435\u0435 \u0431\u0430\u0440\u044c\u0435\u0440 \u0432\u043b\u0430\u0436\u043d\u043e\u0441\u0442\u0438<\/li>\n<\/ul>\n<p><span class=\"onsale xtraonsale\"><strong>\u0421\u043f\u043e\u0441\u043e\u0431 \u043f\u0440\u0438\u043c\u0435\u043d\u0435\u043d\u0438\u044f:<\/strong>:<\/span><\/p>\n<p>1. \u041f\u043e\u0441\u043b\u0435 \u043e\u0447\u0438\u0449\u0435\u043d\u0438\u044f \u0430\u043a\u043a\u0443\u0440\u0430\u0442\u043d\u043e \u043f\u0440\u043e\u0442\u0440\u0438\u0442\u0435 \u043b\u0438\u0446\u043e, \u0443\u0434\u0435\u043b\u044f\u044f \u043e\u0441\u043e\u0431\u043e\u0435 \u0432\u043d\u0438\u043c\u0430\u043d\u0438\u0435 \u0442\u0435\u043c \u0443\u0447\u0430\u0441\u0442\u043a\u0430\u043c, \u043d\u0430 \u043a\u043e\u0442\u043e\u0440\u044b\u0435 \u0432\u044b \u0445\u043e\u0442\u0438\u0442\u0435 \u043e\u0431\u0440\u0430\u0442\u0438\u0442\u044c \u0432\u043d\u0438\u043c\u0430\u043d\u0438\u0435.<\/p>\n<p>2. \u0421\u043b\u0435\u0433\u043a\u0430 \u043f\u043e\u0445\u043b\u043e\u043f\u0430\u0439\u0442\u0435 \u043f\u043e \u043a\u043e\u0436\u0435 \u043a\u043e\u043d\u0447\u0438\u043a\u0430\u043c\u0438 \u043f\u0430\u043b\u044c\u0446\u0435\u0432, \u0447\u0442\u043e\u0431\u044b \u0442\u043e\u043d\u0435\u0440 \u0433\u043b\u0443\u0431\u0436\u0435 \u0432\u043f\u0438\u0442\u0430\u043b\u0441\u044f \u0432 \u043a\u043e\u0436\u0443.<\/p>\n<p>3. \u041a\u043e\u0433\u0434\u0430 \u0442\u0440\u0435\u0431\u0443\u0435\u0442\u0441\u044f \u0434\u043e\u043f\u043e\u043b\u043d\u0438\u0442\u0435\u043b\u044c\u043d\u044b\u0439 \u0443\u0445\u043e\u0434, \u043f\u043e\u043b\u043e\u0436\u0438\u0442\u0435 \u043f\u043e\u0434\u0443\u0448\u0435\u0447\u043a\u0443 \u043d\u0430 \u043b\u0438\u0446\u043e \u0438 \u043e\u0441\u0442\u0430\u0432\u044c\u0442\u0435 \u043d\u0430 10-15 \u043c\u0438\u043d\u0443\u0442. \u042d\u0442\u043e \u043f\u043e\u0437\u0432\u043e\u043b\u0438\u0442 \u0433\u043b\u0443\u0431\u0436\u0435 \u0432\u043f\u0438\u0442\u0430\u0442\u044c \u043f\u043e\u043b\u0435\u0437\u043d\u044b\u0435 \u0432\u0435\u0449\u0435\u0441\u0442\u0432\u0430 \u043f\u043e\u0434\u0443\u0448\u0435\u0447\u043a\u0438.<\/p>\n<p>4. \u0412\u044b \u043c\u043e\u0436\u0435\u0442\u0435 \u0440\u0430\u0437\u0434\u0435\u043b\u0438\u0442\u044c \u0441\u0440\u0435\u0434\u0441\u0442\u0432\u043e \u043f\u043e\u043f\u043e\u043b\u0430\u043c \u0434\u043b\u044f \u043d\u0435\u0431\u043e\u043b\u044c\u0448\u0438\u0445 \u0443\u0447\u0430\u0441\u0442\u043a\u043e\u0432, \u0442\u0430\u043a\u0438\u0445 \u043a\u0430\u043a \u043f\u043e\u0434\u0431\u043e\u0440\u043e\u0434\u043e\u043a \u0438 \u043f\u0435\u0440\u0435\u043d\u043e\u0441\u0438\u0446\u0430.<\/p>\n<p>5. \u041f\u043e\u0441\u043b\u0435 \u0438\u0441\u043f\u043e\u043b\u044c\u0437\u043e\u0432\u0430\u043d\u0438\u044f \u043f\u043e\u0434\u0443\u0448\u0435\u0447\u043a\u0438 \u043d\u0430\u043d\u0435\u0441\u0438\u0442\u0435 \u043d\u0430 \u043b\u0438\u0446\u043e \u043b\u044e\u0431\u0438\u043c\u0443\u044e \u044d\u0441\u0441\u0435\u043d\u0446\u0438\u044e, \u0441\u044b\u0432\u043e\u0440\u043e\u0442\u043a\u0443 \u0438\u043b\u0438 \u043a\u0440\u0435\u043c.<\/p>\n<p><strong>\u0421\u043e\u0441\u0442\u0430\u0432<\/strong> Water, Glycerin, Dipropylene Glycol, Butylene Glycol, 1,2-Hexanediol, Microcrystalline Cellulose, Cellulose Gum, Caprylyl\/Capryl Glucoside, Ethylhexylglycerin, Polyglyceryl-10 Laurate, Polyglyceryl-6 Caprylate, Propanediol, Diphenyl Dimethicone, Triethylhexanoin, Disodium Edta, Polyglyceryl-10 Myristate, Glycine Soja (Soybean) Seed Extract, Lens Esculenta (Lentil) Fruit Extract, Canavalia Gladiata Seed Extract, Ceratonia Siliqua (Carob) Fruit Extract, Phaseolus Vulgaris Seed Extract, Pisum Sativum (Pea) Extract, Arachis Hypogaea (Peanut) Fruit Extract, Sodium Hyaluronate, Citric Acid, Tocopherol<\/p>\n<p>&nbsp;<\/p>","protected":false},"excerpt":{"rendered":"<p>\u0423\u0432\u043b\u0430\u0436\u043d\u044f\u044e\u0449\u0438\u0435 \u0438 \u043f\u0438\u0442\u0430\u0442\u0435\u043b\u044c\u043d\u044b\u0435 \u0442\u043e\u043d\u0438\u0437\u0438\u0440\u0443\u044e\u0449\u0438\u0435 \u043f\u043e\u0434\u0443\u0448\u0435\u0447\u043a\u0438 \u0441 \u044d\u043a\u0441\u0442\u0440\u0430\u043a\u0442\u043e\u043c \u0431\u043e\u0431\u043e\u0432, \u0431\u043e\u0433\u0430\u0442\u044b\u0445 \u043f\u0440\u043e\u0442\u0435\u0438\u043d\u0430\u043c\u0438, \u0433\u043b\u0443\u0431\u043e\u043a\u043e \u0443\u0432\u043b\u0430\u0436\u043d\u044f\u044e\u0442 \u0438 \u043f\u0438\u0442\u0430\u044e\u0442 \u043a\u043e\u0436\u0443.<\/p>","protected":false},"featured_media":24215,"comment_status":"open","ping_status":"closed","template":"","meta":{"site-sidebar-layout":"default","site-content-layout":"","ast-site-content-layout":"default","site-content-style":"default","site-sidebar-style":"default","ast-global-header-display":"","ast-banner-title-visibility":"","ast-main-header-display":"","ast-hfb-above-header-display":"","ast-hfb-below-header-display":"","ast-hfb-mobile-header-display":"","site-post-title":"","ast-breadcrumbs-content":"","ast-featured-img":"","footer-sml-layout":"","theme-transparent-header-meta":"default","adv-header-id-meta":"","stick-header-meta":"","header-above-stick-meta":"","header-main-stick-meta":"","header-below-stick-meta":"","astra-migrate-meta-layouts":"set","ast-page-background-enabled":"default","ast-page-background-meta":{"desktop":{"background-color":"var(--ast-global-color-4)","background-image":"","background-repeat":"repeat","background-position":"center center","background-size":"auto","background-attachment":"scroll","background-type":"","background-media":"","overlay-type":"","overlay-color":"","overlay-opacity":"","overlay-gradient":""},"tablet":{"background-color":"","background-image":"","background-repeat":"repeat","background-position":"center center","background-size":"auto","background-attachment":"scroll","background-type":"","background-media":"","overlay-type":"","overlay-color":"","overlay-opacity":"","overlay-gradient":""},"mobile":{"background-color":"","background-image":"","background-repeat":"repeat","background-position":"center center","background-size":"auto","background-attachment":"scroll","background-type":"","background-media":"","overlay-type":"","overlay-color":"","overlay-opacity":"","overlay-gradient":""}},"ast-content-background-meta":{"desktop":{"background-color":"var(--ast-global-color-5)","background-image":"","background-repeat":"repeat","background-position":"center center","background-size":"auto","background-attachment":"scroll","background-type":"","background-media":"","overlay-type":"","overlay-color":"","overlay-opacity":"","overlay-gradient":""},"tablet":{"background-color":"var(--ast-global-color-5)","background-image":"","background-repeat":"repeat","background-position":"center center","background-size":"auto","background-attachment":"scroll","background-type":"","background-media":"","overlay-type":"","overlay-color":"","overlay-opacity":"","overlay-gradient":""},"mobile":{"background-color":"var(--ast-global-color-5)","background-image":"","background-repeat":"repeat","background-position":"center center","background-size":"auto","background-attachment":"scroll","background-type":"","background-media":"","overlay-type":"","overlay-color":"","overlay-opacity":"","overlay-gradient":""}}},"product_brand":[],"product_cat":[375,378,364,376],"product_tag":[],"berocket_brand":[633],"class_list":{"0":"post-24214","1":"product","2":"type-product","3":"status-publish","4":"has-post-thumbnail","6":"product_cat-jutigai-adai-toneri","7":"product_cat-sausai-adai-toneri","8":"product_cat-toneri","9":"product_cat-kombinetai-adai-toneri","10":"berocket_brand-mixsoon","11":"desktop-align-left","12":"tablet-align-left","13":"mobile-align-left","15":"first","16":"outofstock","17":"taxable","18":"shipping-taxable","19":"purchasable","20":"product-type-simple","21":"add-to-wishlist-before_image"},"yoast_head":"<!-- This site is optimized with the Yoast SEO plugin v27.3 - https:\/\/yoast.com\/product\/yoast-seo-wordpress\/ -->\n<title>mixsoon Bean Toner Pad 70 pcs - FACECORNER<\/title>\n<meta name=\"description\" content=\"mixsoon Bean Toner Pad mitrino\u0161i un barojo\u0161i toniz\u0113jo\u0161ie spilventi\u0146i, kas satur olbaltumviel\u0101m bag\u0101tu pupi\u0146u ekstraktu, dzi\u013ci mitrina un baro \u0101du.\" \/>\n<meta name=\"robots\" content=\"index, follow, max-snippet:-1, max-image-preview:large, max-video-preview:-1\" \/>\n<link rel=\"canonical\" href=\"https:\/\/www.facecorner.lv\/ru\/shop\/mixsoon-bean-toner-pad-70-pcs\/\" \/>\n<meta property=\"og:locale\" content=\"ru_RU\" \/>\n<meta property=\"og:type\" content=\"article\" \/>\n<meta property=\"og:title\" content=\"mixsoon Bean Toner Pad 70 pcs - FACECORNER\" \/>\n<meta property=\"og:description\" content=\"mixsoon Bean Toner Pad mitrino\u0161i un barojo\u0161i toniz\u0113jo\u0161ie spilventi\u0146i, kas satur olbaltumviel\u0101m bag\u0101tu pupi\u0146u ekstraktu, dzi\u013ci mitrina un baro \u0101du.\" \/>\n<meta property=\"og:url\" content=\"https:\/\/www.facecorner.lv\/ru\/shop\/mixsoon-bean-toner-pad-70-pcs\/\" \/>\n<meta property=\"og:site_name\" content=\"FACECORNER\" \/>\n<meta property=\"article:publisher\" content=\"https:\/\/www.facebook.com\/profile.php?id=100063824551839\" \/>\n<meta property=\"article:modified_time\" content=\"2025-06-25T17:41:18+00:00\" \/>\n<meta property=\"og:image\" content=\"https:\/\/www.facecorner.lv\/wp-content\/uploads\/2025\/05\/MIXSOONBeanTonerPadveidopadeliai.webp\" \/>\n\t<meta property=\"og:image:width\" content=\"1100\" \/>\n\t<meta property=\"og:image:height\" content=\"1100\" \/>\n\t<meta property=\"og:image:type\" content=\"image\/webp\" \/>\n<meta name=\"twitter:card\" content=\"summary_large_image\" \/>\n<meta name=\"twitter:label1\" content=\"\u0426\u0435\u043d\u0430\" \/>\n\t<meta name=\"twitter:data1\" content=\"&euro;22.50\" \/>\n\t<meta name=\"twitter:label2\" content=\"\u0414\u043e\u0441\u0442\u0443\u043f\u043d\u043e\u0441\u0442\u044c\" \/>\n\t<meta name=\"twitter:data2\" content=\"\u0420\u0430\u0441\u043f\u0440\u043e\u0434\u0430\u043d\u043e\" \/>\n<script type=\"application\/ld+json\" class=\"yoast-schema-graph\">{\"@context\":\"https:\\\/\\\/schema.org\",\"@graph\":[{\"@type\":\"WebPage\",\"@id\":\"https:\\\/\\\/www.facecorner.lv\\\/shop\\\/mixsoon-bean-toner-pad-70-pcs\\\/\",\"url\":\"https:\\\/\\\/www.facecorner.lv\\\/shop\\\/mixsoon-bean-toner-pad-70-pcs\\\/\",\"name\":\"mixsoon Bean Toner Pad 70 pcs - FACECORNER\",\"isPartOf\":{\"@id\":\"https:\\\/\\\/www.facecorner.lv\\\/#website\"},\"primaryImageOfPage\":{\"@id\":\"https:\\\/\\\/www.facecorner.lv\\\/shop\\\/mixsoon-bean-toner-pad-70-pcs\\\/#primaryimage\"},\"image\":{\"@id\":\"https:\\\/\\\/www.facecorner.lv\\\/shop\\\/mixsoon-bean-toner-pad-70-pcs\\\/#primaryimage\"},\"thumbnailUrl\":\"https:\\\/\\\/www.facecorner.lv\\\/wp-content\\\/uploads\\\/2025\\\/05\\\/MIXSOONBeanTonerPadveidopadeliai.webp\",\"datePublished\":\"2025-05-05T18:51:38+00:00\",\"dateModified\":\"2025-06-25T17:41:18+00:00\",\"description\":\"mixsoon Bean Toner Pad mitrino\u0161i un barojo\u0161i toniz\u0113jo\u0161ie spilventi\u0146i, kas satur olbaltumviel\u0101m bag\u0101tu pupi\u0146u ekstraktu, dzi\u013ci mitrina un baro \u0101du.\",\"breadcrumb\":{\"@id\":\"https:\\\/\\\/www.facecorner.lv\\\/shop\\\/mixsoon-bean-toner-pad-70-pcs\\\/#breadcrumb\"},\"inLanguage\":\"ru-RU\",\"potentialAction\":[{\"@type\":\"ReadAction\",\"target\":[\"https:\\\/\\\/www.facecorner.lv\\\/shop\\\/mixsoon-bean-toner-pad-70-pcs\\\/\"]}]},{\"@type\":\"ImageObject\",\"inLanguage\":\"ru-RU\",\"@id\":\"https:\\\/\\\/www.facecorner.lv\\\/shop\\\/mixsoon-bean-toner-pad-70-pcs\\\/#primaryimage\",\"url\":\"https:\\\/\\\/www.facecorner.lv\\\/wp-content\\\/uploads\\\/2025\\\/05\\\/MIXSOONBeanTonerPadveidopadeliai.webp\",\"contentUrl\":\"https:\\\/\\\/www.facecorner.lv\\\/wp-content\\\/uploads\\\/2025\\\/05\\\/MIXSOONBeanTonerPadveidopadeliai.webp\",\"width\":1100,\"height\":1100,\"caption\":\"mixsoon Bean Toner Pad\"},{\"@type\":\"BreadcrumbList\",\"@id\":\"https:\\\/\\\/www.facecorner.lv\\\/shop\\\/mixsoon-bean-toner-pad-70-pcs\\\/#breadcrumb\",\"itemListElement\":[{\"@type\":\"ListItem\",\"position\":1,\"name\":\"Home\",\"item\":\"https:\\\/\\\/www.facecorner.lv\\\/\"},{\"@type\":\"ListItem\",\"position\":2,\"name\":\"Veikals\",\"item\":\"https:\\\/\\\/www.facecorner.lv\\\/shop\\\/\"},{\"@type\":\"ListItem\",\"position\":3,\"name\":\"mixsoon Bean Toner Pad 70 pcs\"}]},{\"@type\":\"WebSite\",\"@id\":\"https:\\\/\\\/www.facecorner.lv\\\/#website\",\"url\":\"https:\\\/\\\/www.facecorner.lv\\\/\",\"name\":\"Facecorner\",\"description\":\"\",\"publisher\":{\"@id\":\"https:\\\/\\\/www.facecorner.lv\\\/#organization\"},\"potentialAction\":[{\"@type\":\"SearchAction\",\"target\":{\"@type\":\"EntryPoint\",\"urlTemplate\":\"https:\\\/\\\/www.facecorner.lv\\\/?s={search_term_string}\"},\"query-input\":{\"@type\":\"PropertyValueSpecification\",\"valueRequired\":true,\"valueName\":\"search_term_string\"}}],\"inLanguage\":\"ru-RU\"},{\"@type\":\"Organization\",\"@id\":\"https:\\\/\\\/www.facecorner.lv\\\/#organization\",\"name\":\"Facecorner\",\"url\":\"https:\\\/\\\/www.facecorner.lv\\\/\",\"logo\":{\"@type\":\"ImageObject\",\"inLanguage\":\"ru-RU\",\"@id\":\"https:\\\/\\\/www.facecorner.lv\\\/#\\\/schema\\\/logo\\\/image\\\/\",\"url\":\"https:\\\/\\\/www.facecorner.lv\\\/wp-content\\\/uploads\\\/2024\\\/04\\\/fc-logo.jpg\",\"contentUrl\":\"https:\\\/\\\/www.facecorner.lv\\\/wp-content\\\/uploads\\\/2024\\\/04\\\/fc-logo.jpg\",\"width\":174,\"height\":28,\"caption\":\"Facecorner\"},\"image\":{\"@id\":\"https:\\\/\\\/www.facecorner.lv\\\/#\\\/schema\\\/logo\\\/image\\\/\"},\"sameAs\":[\"https:\\\/\\\/www.facebook.com\\\/profile.php?id=100063824551839\",\"https:\\\/\\\/www.instagram.com\\\/facecorner_shop\\\/\"]}]}<\/script>\n<meta property=\"product:price:amount\" content=\"22.50\" \/>\n<meta property=\"product:price:currency\" content=\"EUR\" \/>\n<meta property=\"og:availability\" content=\"out of stock\" \/>\n<meta property=\"product:availability\" content=\"out of stock\" \/>\n<meta property=\"product:condition\" content=\"new\" \/>\n<!-- \/ Yoast SEO plugin. -->","yoast_head_json":{"title":"mixsoon Bean Toner Pad 70 pcs - FACECORNER","description":"\u0423\u0432\u043b\u0430\u0436\u043d\u044f\u044e\u0449\u0438\u0435 \u0438 \u043f\u0438\u0442\u0430\u0442\u0435\u043b\u044c\u043d\u044b\u0435 \u0442\u043e\u043d\u0438\u0437\u0438\u0440\u0443\u044e\u0449\u0438\u0435 \u043f\u043e\u0434\u0443\u0448\u0435\u0447\u043a\u0438 \u0441 \u044d\u043a\u0441\u0442\u0440\u0430\u043a\u0442\u043e\u043c \u0431\u043e\u0431\u043e\u0432, \u0431\u043e\u0433\u0430\u0442\u044b\u0445 \u043f\u0440\u043e\u0442\u0435\u0438\u043d\u0430\u043c\u0438, \u0433\u043b\u0443\u0431\u043e\u043a\u043e \u0443\u0432\u043b\u0430\u0436\u043d\u044f\u044e\u0442 \u0438 \u043f\u0438\u0442\u0430\u044e\u0442 \u043a\u043e\u0436\u0443.","robots":{"index":"index","follow":"follow","max-snippet":"max-snippet:-1","max-image-preview":"max-image-preview:large","max-video-preview":"max-video-preview:-1"},"canonical":"https:\/\/www.facecorner.lv\/ru\/shop\/mixsoon-bean-toner-pad-70-pcs\/","og_locale":"ru_RU","og_type":"article","og_title":"mixsoon Bean Toner Pad 70 pcs - FACECORNER","og_description":"mixsoon Bean Toner Pad mitrino\u0161i un barojo\u0161i toniz\u0113jo\u0161ie spilventi\u0146i, kas satur olbaltumviel\u0101m bag\u0101tu pupi\u0146u ekstraktu, dzi\u013ci mitrina un baro \u0101du.","og_url":"https:\/\/www.facecorner.lv\/ru\/shop\/mixsoon-bean-toner-pad-70-pcs\/","og_site_name":"FACECORNER","article_publisher":"https:\/\/www.facebook.com\/profile.php?id=100063824551839","article_modified_time":"2025-06-25T17:41:18+00:00","og_image":[{"width":1100,"height":1100,"url":"https:\/\/www.facecorner.lv\/wp-content\/uploads\/2025\/05\/MIXSOONBeanTonerPadveidopadeliai.webp","type":"image\/webp"}],"twitter_card":"summary_large_image","twitter_misc":{"\u0426\u0435\u043d\u0430":"&euro;22.50","\u0414\u043e\u0441\u0442\u0443\u043f\u043d\u043e\u0441\u0442\u044c":"\u0420\u0430\u0441\u043f\u0440\u043e\u0434\u0430\u043d\u043e"},"schema":{"@context":"https:\/\/schema.org","@graph":[{"@type":"WebPage","@id":"https:\/\/www.facecorner.lv\/shop\/mixsoon-bean-toner-pad-70-pcs\/","url":"https:\/\/www.facecorner.lv\/shop\/mixsoon-bean-toner-pad-70-pcs\/","name":"mixsoon Bean Toner Pad 70 pcs - FACECORNER","isPartOf":{"@id":"https:\/\/www.facecorner.lv\/#website"},"primaryImageOfPage":{"@id":"https:\/\/www.facecorner.lv\/shop\/mixsoon-bean-toner-pad-70-pcs\/#primaryimage"},"image":{"@id":"https:\/\/www.facecorner.lv\/shop\/mixsoon-bean-toner-pad-70-pcs\/#primaryimage"},"thumbnailUrl":"https:\/\/www.facecorner.lv\/wp-content\/uploads\/2025\/05\/MIXSOONBeanTonerPadveidopadeliai.webp","datePublished":"2025-05-05T18:51:38+00:00","dateModified":"2025-06-25T17:41:18+00:00","description":"\u0423\u0432\u043b\u0430\u0436\u043d\u044f\u044e\u0449\u0438\u0435 \u0438 \u043f\u0438\u0442\u0430\u0442\u0435\u043b\u044c\u043d\u044b\u0435 \u0442\u043e\u043d\u0438\u0437\u0438\u0440\u0443\u044e\u0449\u0438\u0435 \u043f\u043e\u0434\u0443\u0448\u0435\u0447\u043a\u0438 \u0441 \u044d\u043a\u0441\u0442\u0440\u0430\u043a\u0442\u043e\u043c \u0431\u043e\u0431\u043e\u0432, \u0431\u043e\u0433\u0430\u0442\u044b\u0445 \u043f\u0440\u043e\u0442\u0435\u0438\u043d\u0430\u043c\u0438, \u0433\u043b\u0443\u0431\u043e\u043a\u043e \u0443\u0432\u043b\u0430\u0436\u043d\u044f\u044e\u0442 \u0438 \u043f\u0438\u0442\u0430\u044e\u0442 \u043a\u043e\u0436\u0443.","breadcrumb":{"@id":"https:\/\/www.facecorner.lv\/shop\/mixsoon-bean-toner-pad-70-pcs\/#breadcrumb"},"inLanguage":"ru-RU","potentialAction":[{"@type":"ReadAction","target":["https:\/\/www.facecorner.lv\/shop\/mixsoon-bean-toner-pad-70-pcs\/"]}]},{"@type":"ImageObject","inLanguage":"ru-RU","@id":"https:\/\/www.facecorner.lv\/shop\/mixsoon-bean-toner-pad-70-pcs\/#primaryimage","url":"https:\/\/www.facecorner.lv\/wp-content\/uploads\/2025\/05\/MIXSOONBeanTonerPadveidopadeliai.webp","contentUrl":"https:\/\/www.facecorner.lv\/wp-content\/uploads\/2025\/05\/MIXSOONBeanTonerPadveidopadeliai.webp","width":1100,"height":1100,"caption":"mixsoon Bean Toner Pad"},{"@type":"BreadcrumbList","@id":"https:\/\/www.facecorner.lv\/shop\/mixsoon-bean-toner-pad-70-pcs\/#breadcrumb","itemListElement":[{"@type":"ListItem","position":1,"name":"Home","item":"https:\/\/www.facecorner.lv\/"},{"@type":"ListItem","position":2,"name":"Veikals","item":"https:\/\/www.facecorner.lv\/shop\/"},{"@type":"ListItem","position":3,"name":"mixsoon Bean Toner Pad 70 pcs"}]},{"@type":"WebSite","@id":"https:\/\/www.facecorner.lv\/#website","url":"https:\/\/www.facecorner.lv\/","name":"Facecorner","description":"","publisher":{"@id":"https:\/\/www.facecorner.lv\/#organization"},"potentialAction":[{"@type":"SearchAction","target":{"@type":"EntryPoint","urlTemplate":"https:\/\/www.facecorner.lv\/?s={search_term_string}"},"query-input":{"@type":"PropertyValueSpecification","valueRequired":true,"valueName":"search_term_string"}}],"inLanguage":"ru-RU"},{"@type":"Organization","@id":"https:\/\/www.facecorner.lv\/#organization","name":"Facecorner","url":"https:\/\/www.facecorner.lv\/","logo":{"@type":"ImageObject","inLanguage":"ru-RU","@id":"https:\/\/www.facecorner.lv\/#\/schema\/logo\/image\/","url":"https:\/\/www.facecorner.lv\/wp-content\/uploads\/2024\/04\/fc-logo.jpg","contentUrl":"https:\/\/www.facecorner.lv\/wp-content\/uploads\/2024\/04\/fc-logo.jpg","width":174,"height":28,"caption":"Facecorner"},"image":{"@id":"https:\/\/www.facecorner.lv\/#\/schema\/logo\/image\/"},"sameAs":["https:\/\/www.facebook.com\/profile.php?id=100063824551839","https:\/\/www.instagram.com\/facecorner_shop\/"]}]},"product_price_amount":"22.50","product_price_currency":"EUR","og_availability":"out of stock","product_availability":"out of stock","product_condition":"new"},"_links":{"self":[{"href":"https:\/\/www.facecorner.lv\/ru\/wp-json\/wp\/v2\/product\/24214","targetHints":{"allow":["GET"]}}],"collection":[{"href":"https:\/\/www.facecorner.lv\/ru\/wp-json\/wp\/v2\/product"}],"about":[{"href":"https:\/\/www.facecorner.lv\/ru\/wp-json\/wp\/v2\/types\/product"}],"replies":[{"embeddable":true,"href":"https:\/\/www.facecorner.lv\/ru\/wp-json\/wp\/v2\/comments?post=24214"}],"wp:featuredmedia":[{"embeddable":true,"href":"https:\/\/www.facecorner.lv\/ru\/wp-json\/wp\/v2\/media\/24215"}],"wp:attachment":[{"href":"https:\/\/www.facecorner.lv\/ru\/wp-json\/wp\/v2\/media?parent=24214"}],"wp:term":[{"taxonomy":"product_brand","embeddable":true,"href":"https:\/\/www.facecorner.lv\/ru\/wp-json\/wp\/v2\/product_brand?post=24214"},{"taxonomy":"product_cat","embeddable":true,"href":"https:\/\/www.facecorner.lv\/ru\/wp-json\/wp\/v2\/product_cat?post=24214"},{"taxonomy":"product_tag","embeddable":true,"href":"https:\/\/www.facecorner.lv\/ru\/wp-json\/wp\/v2\/product_tag?post=24214"},{"taxonomy":"berocket_brand","embeddable":true,"href":"https:\/\/www.facecorner.lv\/ru\/wp-json\/wp\/v2\/berocket_brand?post=24214"}],"curies":[{"name":"wp","href":"https:\/\/api.w.org\/{rel}","templated":true}]}}