{"id":24189,"date":"2025-05-05T16:56:49","date_gmt":"2025-05-05T13:56:49","guid":{"rendered":"https:\/\/www.facecorner.lv\/?post_type=product&#038;p=24189"},"modified":"2025-11-18T21:37:28","modified_gmt":"2025-11-18T18:37:28","slug":"by-wishtrend-pore-smoothing-bakuchiol-serum","status":"publish","type":"product","link":"https:\/\/www.facecorner.lv\/ru\/shop\/by-wishtrend-pore-smoothing-bakuchiol-serum\/","title":{"rendered":"BY WISHTREND Pore Smoothing Bakuchiol Serum"},"content":{"rendered":"<p>BY WISHTREND Pore Smoothing Bakuchiol Serum \u2014 \u0441\u044b\u0432\u043e\u0440\u043e\u0442\u043a\u0430 \u0434\u043b\u044f \u0443\u0445\u043e\u0434\u0430 \u0437\u0430 \u043f\u043e\u0440\u0430\u043c\u0438, \u043a\u043e\u0442\u043e\u0440\u0430\u044f \u043f\u0440\u0435\u0434\u043b\u0430\u0433\u0430\u0435\u0442 \u043a\u043e\u043c\u043f\u043b\u0435\u043a\u0441\u043d\u044b\u0439 \u043f\u043e\u0434\u0445\u043e\u0434 \u043a \u0440\u0435\u0448\u0435\u043d\u0438\u044e \u0432\u0441\u0435\u0445 \u043f\u0440\u043e\u0431\u043b\u0435\u043c, \u0441\u0432\u044f\u0437\u0430\u043d\u043d\u044b\u0445 \u0441 \u0438\u0445 \u0441\u043e\u0441\u0442\u043e\u044f\u043d\u0438\u0435\u043c. \u041e\u043d\u0430 \u0443\u043b\u0443\u0447\u0448\u0430\u0435\u0442 \u0443\u043f\u0440\u0443\u0433\u043e\u0441\u0442\u044c \u0438 \u0442\u0435\u043a\u0441\u0442\u0443\u0440\u0443 \u043a\u043e\u0436\u0438, \u0430 \u0442\u0430\u043a\u0436\u0435 \u043f\u043e\u043c\u043e\u0433\u0430\u0435\u0442 \u0441\u043f\u0440\u0430\u0432\u0438\u0442\u044c\u0441\u044f \u0441 \u0442\u0443\u0441\u043a\u043b\u043e\u0441\u0442\u044c\u044e \u0438 \u0440\u0430\u0441\u0448\u0438\u0440\u0435\u043d\u043d\u044b\u043c\u0438 \u043f\u043e\u0440\u0430\u043c\u0438, \u0432\u044b\u0437\u0432\u0430\u043d\u043d\u044b\u043c\u0438 \u043f\u0435\u0440\u0435\u0433\u0440\u0435\u0432\u043e\u043c.<\/p>\n<p>\u0421\u044b\u0432\u043e\u0440\u043e\u0442\u043a\u0430 \u044d\u0444\u0444\u0435\u043a\u0442\u0438\u0432\u043d\u043e \u0431\u043e\u0440\u0435\u0442\u0441\u044f \u0441 \u0433\u043b\u0443\u0431\u043e\u043a\u0438\u043c\u0438 \u043f\u043e\u0440\u0430\u043c\u0438, \u043d\u0430\u043f\u043e\u043b\u043d\u044f\u044f \u0438\u0445 \u043a\u043e\u043b\u043b\u0430\u0433\u0435\u043d\u043e\u043c \u0438\u0437\u043d\u0443\u0442\u0440\u0438, \u0447\u0442\u043e \u0441\u043f\u043e\u0441\u043e\u0431\u0441\u0442\u0432\u0443\u0435\u0442 \u043f\u043e\u0432\u044b\u0448\u0435\u043d\u0438\u044e \u0443\u043f\u0440\u0443\u0433\u043e\u0441\u0442\u0438. \u041c\u0433\u043d\u043e\u0432\u0435\u043d\u043d\u043e \u0432\u043f\u0438\u0442\u044b\u0432\u0430\u044f\u0441\u044c, \u043e\u043d\u0430 \u0441\u043e\u0437\u0434\u0430\u0435\u0442 \u044d\u0444\u0444\u0435\u043a\u0442 \u043f\u043e\u0434\u0442\u044f\u0436\u043a\u0438, \u043e\u0441\u0442\u0430\u0432\u043b\u044f\u044f \u043a\u043e\u0436\u0443 \u0441\u0432\u0435\u0436\u0435\u0439 \u0438 \u0441\u0438\u044f\u044e\u0449\u0435\u0439.<\/p>\n<p><strong>\u041e\u0441\u043d\u043e\u0432\u043d\u044b\u0435 \u0434\u0435\u0439\u0441\u0442\u0432\u0443\u044e\u0449\u0438\u0435 \u0438\u043d\u0433\u0440\u0435\u0434\u0438\u0435\u043d\u0442\u044b:<\/strong><\/p>\n<ul>\n<li>\u0411\u0430\u043a\u0443\u0447\u0438\u043e\u043b \u043c\u043e\u0449\u043d\u044b\u0439 \u0430\u043d\u0442\u0438\u043e\u043a\u0441\u0438\u0434\u0430\u043d\u0442, \u0441\u043f\u043e\u0441\u043e\u0431\u0441\u0442\u0432\u0443\u044e\u0449\u0438\u0439 \u0430\u043a\u0442\u0438\u0432\u043d\u043e\u0439 \u0440\u0435\u0433\u0435\u043d\u0435\u0440\u0430\u0446\u0438\u0438 \u0438 \u043e\u0431\u043d\u043e\u0432\u043b\u0435\u043d\u0438\u044e \u043a\u043b\u0435\u0442\u043e\u043a. \u0420\u0430\u0437\u0433\u043b\u0430\u0436\u0438\u0432\u0430\u0435\u0442 \u0440\u0435\u043b\u044c\u0435\u0444 \u043a\u043e\u0436\u0438 \u0438 \u0443\u0441\u0442\u0440\u0430\u043d\u044f\u0435\u0442 \u043d\u0435\u0441\u043e\u0432\u0435\u0440\u0448\u0435\u043d\u0441\u0442\u0432\u0430.<\/li>\n<li>\u041d\u0438\u0430\u0446\u0438\u043d\u0430\u043c\u0438\u0434 \u0432\u044b\u0440\u0430\u0432\u043d\u0438\u0432\u0430\u0435\u0442 \u0442\u043e\u043d \u043a\u043e\u0436\u0438, \u043e\u043a\u0430\u0437\u044b\u0432\u0430\u0435\u0442 \u0434\u0435\u043b\u0438\u043a\u0430\u0442\u043d\u043e\u0435 \u043e\u0441\u0432\u0435\u0442\u043b\u044f\u044e\u0449\u0435\u0435 \u0434\u0435\u0439\u0441\u0442\u0432\u0438\u0435 \u0438 \u043f\u0440\u0435\u0434\u043e\u0442\u0432\u0440\u0430\u0449\u0430\u0435\u0442 \u0433\u0438\u043f\u0435\u0440\u043f\u0438\u0433\u043c\u0435\u043d\u0442\u0430\u0446\u0438\u044e. \u0422\u0430\u043a\u0436\u0435 \u043e\u043a\u0430\u0437\u044b\u0432\u0430\u0435\u0442 \u0443\u0441\u043f\u043e\u043a\u0430\u0438\u0432\u0430\u044e\u0449\u0435\u0435 \u0438 \u043f\u0440\u043e\u0442\u0438\u0432\u043e\u0432\u043e\u0441\u043f\u0430\u043b\u0438\u0442\u0435\u043b\u044c\u043d\u043e\u0435 \u0434\u0435\u0439\u0441\u0442\u0432\u0438\u0435, \u043f\u0440\u0435\u043f\u044f\u0442\u0441\u0442\u0432\u0443\u0435\u0442 \u043f\u043e\u044f\u0432\u043b\u0435\u043d\u0438\u044e \u0432\u044b\u0441\u044b\u043f\u0430\u043d\u0438\u0439 \u0438 \u043f\u043e\u043a\u0440\u0430\u0441\u043d\u0435\u043d\u0438\u0439.<\/li>\n<li>\u041a\u043e\u043c\u043f\u043b\u0435\u043a\u0441 \u043f\u0435\u043f\u0442\u0438\u0434\u043e\u0432 \u0441\u043e\u0445\u0440\u0430\u043d\u044f\u0435\u0442 \u0443\u043f\u0440\u0443\u0433\u043e\u0441\u0442\u044c \u043a\u043e\u0436\u0438 \u0438 \u043e\u0432\u0430\u043b \u043b\u0438\u0446\u0430, \u043f\u0440\u0435\u043f\u044f\u0442\u0441\u0442\u0432\u0443\u0435\u0442 \u043f\u043e\u044f\u0432\u043b\u0435\u043d\u0438\u044e \u0432\u043e\u0437\u0440\u0430\u0441\u0442\u043d\u044b\u0445 \u0438\u0437\u043c\u0435\u043d\u0435\u043d\u0438\u0439.<\/li>\n<\/ul>\n<p><strong>\u0421\u043f\u043e\u0441\u043e\u0431 \u043f\u0440\u0438\u043c\u0435\u043d\u0435\u043d\u0438\u044f:<\/strong> \u043f\u043e\u0441\u043b\u0435 \u043f\u0440\u0438\u043c\u0435\u043d\u0435\u043d\u0438\u044f \u0442\u043e\u043d\u0435\u0440\u0430 \u0434\u0432\u0430\u0436\u0434\u044b \u0432 \u0434\u0435\u043d\u044c, \u0443\u0442\u0440\u043e\u043c \u0438 \u0432\u0435\u0447\u0435\u0440\u043e\u043c, \u043d\u0430\u043d\u043e\u0441\u0438\u0442\u0435 \u0435\u0433\u043e \u043d\u0430 \u043a\u043e\u0436\u0443 \u043b\u0438\u0446\u0430 \u043b\u0435\u0433\u043a\u0438\u043c\u0438 \u043c\u0430\u0441\u0441\u0430\u0436\u043d\u044b\u043c\u0438 \u0434\u0432\u0438\u0436\u0435\u043d\u0438\u044f\u043c\u0438. \u041e\u0441\u043e\u0431\u043e\u0435 \u0432\u043d\u0438\u043c\u0430\u043d\u0438\u0435 \u0443\u0434\u0435\u043b\u0438\u0442\u0435 \u0437\u043e\u043d\u0435 \u00ab\u0431\u0430\u0431\u043e\u0447\u043a\u0438\u00bb, \u0433\u0434\u0435 \u043f\u043e\u0440\u044b \u043d\u0430\u0438\u0431\u043e\u043b\u0435\u0435 \u0437\u0430\u043c\u0435\u0442\u043d\u044b.<\/p>\n<p><strong>\u0421\u043e\u0441\u0442\u0430\u0432<\/strong> <span style=\"font-size: 16px;\">Aqua (Water), Glycerin, Butylene Glycol, 1,2-Hexanediol, Niacinamide, Phaseolus Radiatus Seed Extract, Cucurbita Pepo (Pumpkin) Seed Extract, Polygonum Fagopyrum (Buckwheat) Seed Extract, Punica Granatum Fruit Extract, Potentilla Anserina Extract, Avena Sativa (Oat) Kernel Extract, Cynara Scolymus (Artichoke) Leaf Extract, Ulmus Davidiana Root Extract, Amaranthus Caudatus Seed Extract, Hydrolyzed Gardenia Florida Extract, Diospyros Kaki Leaf Extract, Vitis Vinifera (Grape) Fruit Extract, Carthamus Tinctorius (Safflower) Flower Extract, Coffea Arabica (Coffee) Seed Extract, Polygonum Cuspidatum Root Extract, Camellia Sinensis Leaf Extract, Castanea Crenata (Chestnut) Shell Extract, Zanthoxylum Piperitum Fruit Extract, Hydrogenated Lecithin, Camellia Sinensis Leaf Water, Diphenyl Dimethicone, Triethylhexanoin, PVP, Ammonium Acryloyldimethyltaurate\/VP Copolymer, Xanthan Gum, Polyglyceryl-10 Oleate, Methylpropanediol, Bakuchiol, Sodium Citrate, Polyglyceryl-10 Laurate, Ethylhexylglycerin, Citric Acid, Adenosine, Hydrolyzed Extensin, Polyquaternium-51, Beta-Glucan, Cyanocobalamin, Maltodextrin, Palmitoyl Tripeptide-5, Tocopherol, Propanediol, Sucrose Distearate, Caprylic\/Capric Triglyceride, Hydroxypropyl Cyclodextrin<\/span><\/p>\n<div class=\"module viewed\"><\/div>","protected":false},"excerpt":{"rendered":"<p>BY WISHTREND Pore Smoothing Bakuchiol Serum \u2014 \u0441\u044b\u0432\u043e\u0440\u043e\u0442\u043a\u0430 \u0434\u043b\u044f \u0443\u0445\u043e\u0434\u0430 \u0437\u0430 \u043f\u043e\u0440\u0430\u043c\u0438, \u043a\u043e\u0442\u043e\u0440\u0430\u044f \u043f\u0440\u0435\u0434\u043b\u0430\u0433\u0430\u0435\u0442 \u043a\u043e\u043c\u043f\u043b\u0435\u043a\u0441\u043d\u044b\u0439 \u043f\u043e\u0434\u0445\u043e\u0434 \u043a \u0440\u0435\u0448\u0435\u043d\u0438\u044e \u0432\u0441\u0435\u0445 \u043f\u0440\u043e\u0431\u043b\u0435\u043c, \u0441\u0432\u044f\u0437\u0430\u043d\u043d\u044b\u0445 \u0441 \u0438\u0445 \u0441\u043e\u0441\u0442\u043e\u044f\u043d\u0438\u0435\u043c. \u041e\u043d\u0430 \u0443\u043b\u0443\u0447\u0448\u0430\u0435\u0442 \u0443\u043f\u0440\u0443\u0433\u043e\u0441\u0442\u044c \u0438 \u0442\u0435\u043a\u0441\u0442\u0443\u0440\u0443 \u043a\u043e\u0436\u0438, \u0430 \u0442\u0430\u043a\u0436\u0435 \u043f\u043e\u043c\u043e\u0433\u0430\u0435\u0442 \u0441\u043f\u0440\u0430\u0432\u0438\u0442\u044c\u0441\u044f \u0441 \u0442\u0443\u0441\u043a\u043b\u043e\u0441\u0442\u044c\u044e \u0438 \u0440\u0430\u0441\u0448\u0438\u0440\u0435\u043d\u043d\u044b\u043c\u0438 \u043f\u043e\u0440\u0430\u043c\u0438, \u0432\u044b\u0437\u0432\u0430\u043d\u043d\u044b\u043c\u0438 \u043f\u0435\u0440\u0435\u0433\u0440\u0435\u0432\u043e\u043c.<\/p>","protected":false},"featured_media":24190,"comment_status":"open","ping_status":"closed","template":"","meta":{"site-sidebar-layout":"default","site-content-layout":"","ast-site-content-layout":"default","site-content-style":"default","site-sidebar-style":"default","ast-global-header-display":"","ast-banner-title-visibility":"","ast-main-header-display":"","ast-hfb-above-header-display":"","ast-hfb-below-header-display":"","ast-hfb-mobile-header-display":"","site-post-title":"","ast-breadcrumbs-content":"","ast-featured-img":"","footer-sml-layout":"","theme-transparent-header-meta":"default","adv-header-id-meta":"","stick-header-meta":"","header-above-stick-meta":"","header-main-stick-meta":"","header-below-stick-meta":"","astra-migrate-meta-layouts":"set","ast-page-background-enabled":"default","ast-page-background-meta":{"desktop":{"background-color":"var(--ast-global-color-4)","background-image":"","background-repeat":"repeat","background-position":"center center","background-size":"auto","background-attachment":"scroll","background-type":"","background-media":"","overlay-type":"","overlay-color":"","overlay-opacity":"","overlay-gradient":""},"tablet":{"background-color":"","background-image":"","background-repeat":"repeat","background-position":"center center","background-size":"auto","background-attachment":"scroll","background-type":"","background-media":"","overlay-type":"","overlay-color":"","overlay-opacity":"","overlay-gradient":""},"mobile":{"background-color":"","background-image":"","background-repeat":"repeat","background-position":"center center","background-size":"auto","background-attachment":"scroll","background-type":"","background-media":"","overlay-type":"","overlay-color":"","overlay-opacity":"","overlay-gradient":""}},"ast-content-background-meta":{"desktop":{"background-color":"var(--ast-global-color-5)","background-image":"","background-repeat":"repeat","background-position":"center center","background-size":"auto","background-attachment":"scroll","background-type":"","background-media":"","overlay-type":"","overlay-color":"","overlay-opacity":"","overlay-gradient":""},"tablet":{"background-color":"var(--ast-global-color-5)","background-image":"","background-repeat":"repeat","background-position":"center center","background-size":"auto","background-attachment":"scroll","background-type":"","background-media":"","overlay-type":"","overlay-color":"","overlay-opacity":"","overlay-gradient":""},"mobile":{"background-color":"var(--ast-global-color-5)","background-image":"","background-repeat":"repeat","background-position":"center center","background-size":"auto","background-attachment":"scroll","background-type":"","background-media":"","overlay-type":"","overlay-color":"","overlay-opacity":"","overlay-gradient":""}}},"product_brand":[],"product_cat":[370,373,374,363],"product_tag":[],"berocket_brand":[603],"class_list":{"0":"post-24189","1":"product","2":"type-product","3":"status-publish","4":"has-post-thumbnail","6":"product_cat-adas-mirdzumam","7":"product_cat-poras-sasaurinoss","8":"product_cat-pret-pinnem","9":"product_cat-serumi","10":"berocket_brand-bywishtrend","11":"desktop-align-left","12":"tablet-align-left","13":"mobile-align-left","15":"first","16":"instock","17":"taxable","18":"shipping-taxable","19":"purchasable","20":"product-type-simple","21":"add-to-wishlist-before_image"},"yoast_head":"<!-- This site is optimized with the Yoast SEO plugin v27.4 - https:\/\/yoast.com\/product\/yoast-seo-wordpress\/ -->\n<title>BY WISHTREND Pore Smoothing Bakuchiol Serum - FACECORNER<\/title>\n<meta name=\"description\" content=\"BY WISHTREND Pore Smoothing Bakuchiol Serum ir poras izl\u012bdzino\u0161s serums, kas pied\u0101v\u0101 visaptvero\u0161u pieeju vis\u0101m poru probl\u0113m\u0101m.\" \/>\n<meta name=\"robots\" content=\"index, follow, max-snippet:-1, max-image-preview:large, max-video-preview:-1\" \/>\n<link rel=\"canonical\" href=\"https:\/\/www.facecorner.lv\/ru\/shop\/by-wishtrend-pore-smoothing-bakuchiol-serum\/\" \/>\n<meta property=\"og:locale\" content=\"ru_RU\" \/>\n<meta property=\"og:type\" content=\"article\" \/>\n<meta property=\"og:title\" content=\"BY WISHTREND Pore Smoothing Bakuchiol Serum - FACECORNER\" \/>\n<meta property=\"og:description\" content=\"BY WISHTREND Pore Smoothing Bakuchiol Serum ir poras izl\u012bdzino\u0161s serums, kas pied\u0101v\u0101 visaptvero\u0161u pieeju vis\u0101m poru probl\u0113m\u0101m.\" \/>\n<meta property=\"og:url\" content=\"https:\/\/www.facecorner.lv\/ru\/shop\/by-wishtrend-pore-smoothing-bakuchiol-serum\/\" \/>\n<meta property=\"og:site_name\" content=\"FACECORNER\" \/>\n<meta property=\"article:publisher\" content=\"https:\/\/www.facebook.com\/profile.php?id=100063824551839\" \/>\n<meta property=\"article:modified_time\" content=\"2025-11-18T18:37:28+00:00\" \/>\n<meta property=\"og:image\" content=\"https:\/\/www.facecorner.lv\/wp-content\/uploads\/2025\/05\/Pore-Smoothing-Bakuchiol-Serum-PDP__01_1000x.webp\" \/>\n\t<meta property=\"og:image:width\" content=\"1000\" \/>\n\t<meta property=\"og:image:height\" content=\"1000\" \/>\n\t<meta property=\"og:image:type\" content=\"image\/webp\" \/>\n<meta name=\"twitter:card\" content=\"summary_large_image\" \/>\n<meta name=\"twitter:label1\" content=\"\u0426\u0435\u043d\u0430\" \/>\n\t<meta name=\"twitter:data1\" content=\"&euro;32.60\" \/>\n\t<meta name=\"twitter:label2\" content=\"\u0414\u043e\u0441\u0442\u0443\u043f\u043d\u043e\u0441\u0442\u044c\" \/>\n\t<meta name=\"twitter:data2\" content=\"\u0412 \u043d\u0430\u043b\u0438\u0447\u0438\u0438\" \/>\n<script type=\"application\/ld+json\" class=\"yoast-schema-graph\">{\"@context\":\"https:\\\/\\\/schema.org\",\"@graph\":[{\"@type\":\"WebPage\",\"@id\":\"https:\\\/\\\/www.facecorner.lv\\\/shop\\\/by-wishtrend-pore-smoothing-bakuchiol-serum\\\/\",\"url\":\"https:\\\/\\\/www.facecorner.lv\\\/shop\\\/by-wishtrend-pore-smoothing-bakuchiol-serum\\\/\",\"name\":\"BY WISHTREND Pore Smoothing Bakuchiol Serum - FACECORNER\",\"isPartOf\":{\"@id\":\"https:\\\/\\\/www.facecorner.lv\\\/#website\"},\"primaryImageOfPage\":{\"@id\":\"https:\\\/\\\/www.facecorner.lv\\\/shop\\\/by-wishtrend-pore-smoothing-bakuchiol-serum\\\/#primaryimage\"},\"image\":{\"@id\":\"https:\\\/\\\/www.facecorner.lv\\\/shop\\\/by-wishtrend-pore-smoothing-bakuchiol-serum\\\/#primaryimage\"},\"thumbnailUrl\":\"https:\\\/\\\/www.facecorner.lv\\\/wp-content\\\/uploads\\\/2025\\\/05\\\/Pore-Smoothing-Bakuchiol-Serum-PDP__01_1000x.webp\",\"datePublished\":\"2025-05-05T13:56:49+00:00\",\"dateModified\":\"2025-11-18T18:37:28+00:00\",\"description\":\"BY WISHTREND Pore Smoothing Bakuchiol Serum ir poras izl\u012bdzino\u0161s serums, kas pied\u0101v\u0101 visaptvero\u0161u pieeju vis\u0101m poru probl\u0113m\u0101m.\",\"breadcrumb\":{\"@id\":\"https:\\\/\\\/www.facecorner.lv\\\/shop\\\/by-wishtrend-pore-smoothing-bakuchiol-serum\\\/#breadcrumb\"},\"inLanguage\":\"ru-RU\",\"potentialAction\":[{\"@type\":\"ReadAction\",\"target\":[\"https:\\\/\\\/www.facecorner.lv\\\/shop\\\/by-wishtrend-pore-smoothing-bakuchiol-serum\\\/\"]}]},{\"@type\":\"ImageObject\",\"inLanguage\":\"ru-RU\",\"@id\":\"https:\\\/\\\/www.facecorner.lv\\\/shop\\\/by-wishtrend-pore-smoothing-bakuchiol-serum\\\/#primaryimage\",\"url\":\"https:\\\/\\\/www.facecorner.lv\\\/wp-content\\\/uploads\\\/2025\\\/05\\\/Pore-Smoothing-Bakuchiol-Serum-PDP__01_1000x.webp\",\"contentUrl\":\"https:\\\/\\\/www.facecorner.lv\\\/wp-content\\\/uploads\\\/2025\\\/05\\\/Pore-Smoothing-Bakuchiol-Serum-PDP__01_1000x.webp\",\"width\":1000,\"height\":1000,\"caption\":\"BY WISHTREND Pore Smoothing Bakuchiol Serum\"},{\"@type\":\"BreadcrumbList\",\"@id\":\"https:\\\/\\\/www.facecorner.lv\\\/shop\\\/by-wishtrend-pore-smoothing-bakuchiol-serum\\\/#breadcrumb\",\"itemListElement\":[{\"@type\":\"ListItem\",\"position\":1,\"name\":\"Home\",\"item\":\"https:\\\/\\\/www.facecorner.lv\\\/\"},{\"@type\":\"ListItem\",\"position\":2,\"name\":\"Veikals\",\"item\":\"https:\\\/\\\/www.facecorner.lv\\\/shop\\\/\"},{\"@type\":\"ListItem\",\"position\":3,\"name\":\"BY WISHTREND Pore Smoothing Bakuchiol Serum\"}]},{\"@type\":\"WebSite\",\"@id\":\"https:\\\/\\\/www.facecorner.lv\\\/#website\",\"url\":\"https:\\\/\\\/www.facecorner.lv\\\/\",\"name\":\"Facecorner\",\"description\":\"\",\"publisher\":{\"@id\":\"https:\\\/\\\/www.facecorner.lv\\\/#organization\"},\"potentialAction\":[{\"@type\":\"SearchAction\",\"target\":{\"@type\":\"EntryPoint\",\"urlTemplate\":\"https:\\\/\\\/www.facecorner.lv\\\/?s={search_term_string}\"},\"query-input\":{\"@type\":\"PropertyValueSpecification\",\"valueRequired\":true,\"valueName\":\"search_term_string\"}}],\"inLanguage\":\"ru-RU\"},{\"@type\":\"Organization\",\"@id\":\"https:\\\/\\\/www.facecorner.lv\\\/#organization\",\"name\":\"Facecorner\",\"url\":\"https:\\\/\\\/www.facecorner.lv\\\/\",\"logo\":{\"@type\":\"ImageObject\",\"inLanguage\":\"ru-RU\",\"@id\":\"https:\\\/\\\/www.facecorner.lv\\\/#\\\/schema\\\/logo\\\/image\\\/\",\"url\":\"https:\\\/\\\/www.facecorner.lv\\\/wp-content\\\/uploads\\\/2024\\\/04\\\/fc-logo.jpg\",\"contentUrl\":\"https:\\\/\\\/www.facecorner.lv\\\/wp-content\\\/uploads\\\/2024\\\/04\\\/fc-logo.jpg\",\"width\":174,\"height\":28,\"caption\":\"Facecorner\"},\"image\":{\"@id\":\"https:\\\/\\\/www.facecorner.lv\\\/#\\\/schema\\\/logo\\\/image\\\/\"},\"sameAs\":[\"https:\\\/\\\/www.facebook.com\\\/profile.php?id=100063824551839\",\"https:\\\/\\\/www.instagram.com\\\/facecorner_shop\\\/\"]}]}<\/script>\n<meta property=\"product:price:amount\" content=\"32.60\" \/>\n<meta property=\"product:price:currency\" content=\"EUR\" \/>\n<meta property=\"og:availability\" content=\"instock\" \/>\n<meta property=\"product:availability\" content=\"instock\" \/>\n<meta property=\"product:condition\" content=\"new\" \/>\n<!-- \/ Yoast SEO plugin. -->","yoast_head_json":{"title":"BY WISHTREND Pore Smoothing Bakuchiol Serum - FACECORNER","description":"BY WISHTREND Pore Smoothing Bakuchiol Serum ir poras izl\u012bdzino\u0161s serums, kas pied\u0101v\u0101 visaptvero\u0161u pieeju vis\u0101m poru probl\u0113m\u0101m.","robots":{"index":"index","follow":"follow","max-snippet":"max-snippet:-1","max-image-preview":"max-image-preview:large","max-video-preview":"max-video-preview:-1"},"canonical":"https:\/\/www.facecorner.lv\/ru\/shop\/by-wishtrend-pore-smoothing-bakuchiol-serum\/","og_locale":"ru_RU","og_type":"article","og_title":"BY WISHTREND Pore Smoothing Bakuchiol Serum - FACECORNER","og_description":"BY WISHTREND Pore Smoothing Bakuchiol Serum ir poras izl\u012bdzino\u0161s serums, kas pied\u0101v\u0101 visaptvero\u0161u pieeju vis\u0101m poru probl\u0113m\u0101m.","og_url":"https:\/\/www.facecorner.lv\/ru\/shop\/by-wishtrend-pore-smoothing-bakuchiol-serum\/","og_site_name":"FACECORNER","article_publisher":"https:\/\/www.facebook.com\/profile.php?id=100063824551839","article_modified_time":"2025-11-18T18:37:28+00:00","og_image":[{"width":1000,"height":1000,"url":"https:\/\/www.facecorner.lv\/wp-content\/uploads\/2025\/05\/Pore-Smoothing-Bakuchiol-Serum-PDP__01_1000x.webp","type":"image\/webp"}],"twitter_card":"summary_large_image","twitter_misc":{"\u0426\u0435\u043d\u0430":"&euro;32.60","\u0414\u043e\u0441\u0442\u0443\u043f\u043d\u043e\u0441\u0442\u044c":"\u0412 \u043d\u0430\u043b\u0438\u0447\u0438\u0438"},"schema":{"@context":"https:\/\/schema.org","@graph":[{"@type":"WebPage","@id":"https:\/\/www.facecorner.lv\/shop\/by-wishtrend-pore-smoothing-bakuchiol-serum\/","url":"https:\/\/www.facecorner.lv\/shop\/by-wishtrend-pore-smoothing-bakuchiol-serum\/","name":"BY WISHTREND Pore Smoothing Bakuchiol Serum - FACECORNER","isPartOf":{"@id":"https:\/\/www.facecorner.lv\/#website"},"primaryImageOfPage":{"@id":"https:\/\/www.facecorner.lv\/shop\/by-wishtrend-pore-smoothing-bakuchiol-serum\/#primaryimage"},"image":{"@id":"https:\/\/www.facecorner.lv\/shop\/by-wishtrend-pore-smoothing-bakuchiol-serum\/#primaryimage"},"thumbnailUrl":"https:\/\/www.facecorner.lv\/wp-content\/uploads\/2025\/05\/Pore-Smoothing-Bakuchiol-Serum-PDP__01_1000x.webp","datePublished":"2025-05-05T13:56:49+00:00","dateModified":"2025-11-18T18:37:28+00:00","description":"BY WISHTREND Pore Smoothing Bakuchiol Serum ir poras izl\u012bdzino\u0161s serums, kas pied\u0101v\u0101 visaptvero\u0161u pieeju vis\u0101m poru probl\u0113m\u0101m.","breadcrumb":{"@id":"https:\/\/www.facecorner.lv\/shop\/by-wishtrend-pore-smoothing-bakuchiol-serum\/#breadcrumb"},"inLanguage":"ru-RU","potentialAction":[{"@type":"ReadAction","target":["https:\/\/www.facecorner.lv\/shop\/by-wishtrend-pore-smoothing-bakuchiol-serum\/"]}]},{"@type":"ImageObject","inLanguage":"ru-RU","@id":"https:\/\/www.facecorner.lv\/shop\/by-wishtrend-pore-smoothing-bakuchiol-serum\/#primaryimage","url":"https:\/\/www.facecorner.lv\/wp-content\/uploads\/2025\/05\/Pore-Smoothing-Bakuchiol-Serum-PDP__01_1000x.webp","contentUrl":"https:\/\/www.facecorner.lv\/wp-content\/uploads\/2025\/05\/Pore-Smoothing-Bakuchiol-Serum-PDP__01_1000x.webp","width":1000,"height":1000,"caption":"BY WISHTREND Pore Smoothing Bakuchiol Serum"},{"@type":"BreadcrumbList","@id":"https:\/\/www.facecorner.lv\/shop\/by-wishtrend-pore-smoothing-bakuchiol-serum\/#breadcrumb","itemListElement":[{"@type":"ListItem","position":1,"name":"Home","item":"https:\/\/www.facecorner.lv\/"},{"@type":"ListItem","position":2,"name":"Veikals","item":"https:\/\/www.facecorner.lv\/shop\/"},{"@type":"ListItem","position":3,"name":"BY WISHTREND Pore Smoothing Bakuchiol Serum"}]},{"@type":"WebSite","@id":"https:\/\/www.facecorner.lv\/#website","url":"https:\/\/www.facecorner.lv\/","name":"Facecorner","description":"","publisher":{"@id":"https:\/\/www.facecorner.lv\/#organization"},"potentialAction":[{"@type":"SearchAction","target":{"@type":"EntryPoint","urlTemplate":"https:\/\/www.facecorner.lv\/?s={search_term_string}"},"query-input":{"@type":"PropertyValueSpecification","valueRequired":true,"valueName":"search_term_string"}}],"inLanguage":"ru-RU"},{"@type":"Organization","@id":"https:\/\/www.facecorner.lv\/#organization","name":"Facecorner","url":"https:\/\/www.facecorner.lv\/","logo":{"@type":"ImageObject","inLanguage":"ru-RU","@id":"https:\/\/www.facecorner.lv\/#\/schema\/logo\/image\/","url":"https:\/\/www.facecorner.lv\/wp-content\/uploads\/2024\/04\/fc-logo.jpg","contentUrl":"https:\/\/www.facecorner.lv\/wp-content\/uploads\/2024\/04\/fc-logo.jpg","width":174,"height":28,"caption":"Facecorner"},"image":{"@id":"https:\/\/www.facecorner.lv\/#\/schema\/logo\/image\/"},"sameAs":["https:\/\/www.facebook.com\/profile.php?id=100063824551839","https:\/\/www.instagram.com\/facecorner_shop\/"]}]},"product_price_amount":"32.60","product_price_currency":"EUR","og_availability":"instock","product_availability":"instock","product_condition":"new"},"_links":{"self":[{"href":"https:\/\/www.facecorner.lv\/ru\/wp-json\/wp\/v2\/product\/24189","targetHints":{"allow":["GET"]}}],"collection":[{"href":"https:\/\/www.facecorner.lv\/ru\/wp-json\/wp\/v2\/product"}],"about":[{"href":"https:\/\/www.facecorner.lv\/ru\/wp-json\/wp\/v2\/types\/product"}],"replies":[{"embeddable":true,"href":"https:\/\/www.facecorner.lv\/ru\/wp-json\/wp\/v2\/comments?post=24189"}],"wp:featuredmedia":[{"embeddable":true,"href":"https:\/\/www.facecorner.lv\/ru\/wp-json\/wp\/v2\/media\/24190"}],"wp:attachment":[{"href":"https:\/\/www.facecorner.lv\/ru\/wp-json\/wp\/v2\/media?parent=24189"}],"wp:term":[{"taxonomy":"product_brand","embeddable":true,"href":"https:\/\/www.facecorner.lv\/ru\/wp-json\/wp\/v2\/product_brand?post=24189"},{"taxonomy":"product_cat","embeddable":true,"href":"https:\/\/www.facecorner.lv\/ru\/wp-json\/wp\/v2\/product_cat?post=24189"},{"taxonomy":"product_tag","embeddable":true,"href":"https:\/\/www.facecorner.lv\/ru\/wp-json\/wp\/v2\/product_tag?post=24189"},{"taxonomy":"berocket_brand","embeddable":true,"href":"https:\/\/www.facecorner.lv\/ru\/wp-json\/wp\/v2\/berocket_brand?post=24189"}],"curies":[{"name":"wp","href":"https:\/\/api.w.org\/{rel}","templated":true}]}}