{"id":23691,"date":"2025-03-14T14:20:05","date_gmt":"2025-03-14T11:20:05","guid":{"rendered":"https:\/\/www.facecorner.lv\/?post_type=product&#038;p=23691"},"modified":"2025-11-02T17:00:39","modified_gmt":"2025-11-02T14:00:39","slug":"by-wishtrend-pore-smoothing-bakuchiol-sun-stick-18g","status":"publish","type":"product","link":"https:\/\/www.facecorner.lv\/ru\/shop\/by-wishtrend-pore-smoothing-bakuchiol-sun-stick-18g\/","title":{"rendered":"BY WISHTREND Pore Smoothing Bakuchiol Sun Stick 18g"},"content":{"rendered":"<p>\u0411\u0430\u043a\u0443\u0447\u0438\u043e\u043b-\u0441\u0430\u043d\u0441\u043a\u0440\u0438\u043d \u0441 \u0441\u043e\u0432\u0440\u0435\u043c\u0435\u043d\u043d\u044b\u043c\u0438 \u0445\u0438\u043c\u0438\u0447\u0435\u0441\u043a\u0438\u043c\u0438 \u0444\u0438\u043b\u044c\u0442\u0440\u0430\u043c\u0438 \u0438 \u043d\u0435\u043e\u0449\u0443\u0442\u0438\u043c\u043e-\u043b\u0435\u0433\u043a\u043e\u0439 \u0442\u0435\u043a\u0441\u0442\u0443\u0440\u043e\u0439!<\/p>\n<p>\u0410\u043a\u0442\u0438\u0432\u043d\u044b\u0439 \u0438 \u043f\u0440\u043e\u0433\u0440\u0435\u0441\u0441\u0438\u0432\u043d\u044b\u0439 \u0441\u043e\u0441\u0442\u0430\u0432 \u0440\u0430\u0431\u043e\u0442\u0430\u0435\u0442 \u0441 \u043f\u043e\u0440\u0430\u043c\u0438, \u0432\u044b\u0433\u043b\u0430\u0436\u0438\u0432\u0430\u0435\u0442 \u0442\u0435\u043a\u0441\u0442\u0443\u0440\u0443, \u0434\u0435\u043b\u0430\u0435\u0442 \u043a\u043e\u0436\u0443 \u0431\u043e\u043b\u0435\u0435 \u0443\u043f\u0440\u0443\u0433\u043e\u0439 \u0438 \u043e\u0431\u043b\u0435\u0433\u0447\u0430\u0435\u0442 \u043d\u0430\u043d\u0435\u0441\u0435\u043d\u0438\u0435 \u043c\u0430\u043a\u0438\u044f\u0436\u0430. \u0410 \u0442\u0430\u043a\u0436\u0435 \u0441\u0430\u043c \u0431\u0430\u043a\u0443\u0447\u0438\u043e\u043b, \u043a\u043e\u0444\u0435\u0438\u043d, \u043d\u0438\u0430\u0446\u0438\u043d\u0430\u043c\u0438\u0434, \u043f\u0435\u043f\u0442\u0438\u0434\u044b \u0438 \u0430\u043d\u0442\u0438\u043e\u043a\u0441\u0438\u0434\u0430\u043d\u0442\u044b \u043f\u0440\u043e\u043b\u043e\u043d\u0433\u0438\u0440\u043e\u0432\u0430\u043d\u043e \u0437\u0430\u0431\u043e\u0442\u044f\u0442\u0441\u044f \u043e \u043a\u043e\u0436\u0435, \u043f\u043e\u043c\u043e\u0433\u0430\u044f \u0443\u043c\u0435\u043d\u044c\u0448\u0438\u0442\u044c \u0437\u0430\u043b\u043e\u043c\u044b, \u0432\u0438\u0437\u0443\u0430\u043b\u044c\u043d\u043e \u0441\u0442\u044f\u043d\u0443\u0442\u044c \u043f\u043e\u0440\u044b, \u0437\u0430\u043c\u0435\u0434\u043b\u0438\u0442\u044c \u043d\u0430\u0441\u0442\u0443\u043f\u043b\u0435\u043d\u0438\u0435 \u043f\u0440\u0438\u0437\u043d\u0430\u043a\u043e\u0432 \u0441\u0442\u0430\u0440\u0435\u043d\u0438\u044f, \u0444\u043e\u0442\u043e\u043f\u043e\u0432\u0440\u0435\u0436\u0434\u0435\u043d\u0438\u044f \u0438 \u043f\u0440\u0435\u0434\u043e\u0442\u0432\u0440\u0430\u0442\u0438\u0442\u044c \u043f\u0438\u0433\u043c\u0435\u043d\u0442\u0430\u0446\u0438\u044e.<\/p>\n<p>\u0421\u0442\u0438\u043a \u0441\u043e\u0437\u0434\u0430\u0435\u0442 \u043d\u0430 \u043f\u043e\u0432\u0435\u0440\u0445\u043d\u043e\u0441\u0442\u0438 \u043a\u043e\u0436\u0438 \u0433\u043b\u0430\u0434\u043a\u043e\u0435 \u043f\u043e\u043a\u0440\u044b\u0442\u0438\u0435 \u0441 \u043c\u0430\u0442\u043e\u0432\u044b\u043c \u0444\u0438\u043d\u0438\u0448\u0435\u043c, \u0447\u0442\u043e\u0431\u044b \u044d\u0442\u0430\u043f \u0437\u0430\u0449\u0438\u0442\u044b \u043e\u0442 \u0441\u043e\u043b\u043d\u0446\u0430 \u043e\u0441\u0442\u0430\u0432\u0430\u043b\u0441\u044f \u043f\u0440\u043e\u0441\u0442\u044b\u043c \u0438 \u043a\u043e\u043c\u0444\u043e\u0440\u0442\u043d\u044b\u043c, \u043d\u0435 \u043a\u043e\u043d\u0444\u043b\u0438\u043a\u0442\u043e\u0432\u0430\u043b \u0441 \u043c\u0430\u043a\u0438\u044f\u0436\u0435\u043c \u0438\u043b\u0438 \u0434\u0440\u0443\u0433\u0438\u043c\u0438 \u0443\u0445\u043e\u0434\u043e\u0432\u044b\u043c\u0438 \u043f\u0440\u043e\u0434\u0443\u043a\u0442\u0430\u043c\u0438.<\/p>\n<p>\u041f\u043e\u0434\u0445\u043e\u0434\u0438\u0442 \u0432\u0441\u0435\u043c \u0442\u0438\u043f\u0430\u043c \u043a\u043e\u0436\u0438, \u043b\u0435\u0433\u043a\u043e \u043e\u0449\u0443\u0449\u0430\u0435\u0442\u0441\u044f \u0434\u0430\u0436\u0435 \u043f\u0440\u0438 \u043f\u043e\u0432\u044b\u0448\u0435\u043d\u043d\u043e\u0439 \u0436\u0438\u0440\u043d\u043e\u0441\u0442\u0438, \u043d\u0435 \u0438\u043c\u0435\u0435\u0442 \u0431\u0435\u043b\u043e\u0433\u043e \u043e\u0442\u0442\u0435\u043d\u043a\u0430, \u0438\u0434\u0435\u0430\u043b\u044c\u043d\u043e \u043f\u043e\u0434\u043e\u0439\u0434\u0435\u0442 \u0434\u043b\u044f \u0437\u0430\u0449\u0438\u0442\u044b \u0443\u0448\u0435\u0439, \u0448\u0435\u0438, \u0434\u0435\u043a\u043e\u043b\u044c\u0442\u0435 \u0438 \u043b\u044e\u0431\u044b\u0445 \u043e\u0442\u043a\u0440\u044b\u0442\u044b\u0445 \u0443\u0447\u0430\u0441\u0442\u043a\u043e\u0432.<\/p>\n<p><strong>\u0421\u043f\u043e\u0441\u043e\u0431 \u043f\u0440\u0438\u043c\u0435\u043d\u0435\u043d\u0438\u044f:<\/strong> \u041e\u0431\u0438\u043b\u044c\u043d\u043e \u043d\u0430\u043d\u0435\u0441\u0438\u0442\u0435 \u0441\u0440\u0435\u0434\u0441\u0442\u0432\u043e \u043d\u0430 \u0432\u0441\u0435 \u043b\u0438\u0446\u043e \u0438 \u043e\u0442\u043a\u0440\u044b\u0442\u044b\u0435 \u0443\u0447\u0430\u0441\u0442\u043a\u0438 \u0437\u0430\u0432\u0435\u0440\u0448\u0430\u044e\u0449\u0438\u043c \u044d\u0442\u0430\u043f\u043e\u043c \u0443\u0445\u043e\u0434\u0430 \u0437\u0430 20-30 \u043c\u0438\u043d\u0443\u0442 \u0434\u043e \u0432\u044b\u0445\u043e\u0434\u0430 \u043d\u0430 \u0441\u043e\u043b\u043d\u0446\u0435. \u0414\u0430\u0439\u0442\u0435 \u0432\u043f\u0438\u0442\u0430\u0442\u044c\u0441\u044f.<br \/>\n\u0418\u043b\u0438 \u0438\u0441\u043f\u043e\u043b\u044c\u0437\u0443\u0439\u0442\u0435 \u0434\u043b\u044f \u043e\u0431\u043d\u043e\u0432\u043b\u0435\u043d\u0438\u044f \u0437\u0430\u0449\u0438\u0442\u044b \u043a\u0430\u0436\u0434\u044b\u0435 2 \u0447\u0430\u0441\u0430 \u0430\u043a\u0442\u0438\u0432\u043d\u043e\u0433\u043e \u043f\u0440\u0435\u0431\u044b\u0432\u0430\u043d\u0438\u044f \u043d\u0430 \u0441\u043e\u043b\u043d\u0446\u0435 \u0438 \u043f\u043e\u0441\u043b\u0435 \u043a\u043e\u043d\u0442\u0430\u043a\u0442\u0430 \u0441 \u0432\u043e\u0434\u043e\u0439.<\/p>\n<p><strong>\u0421\u043e\u0441\u0442\u0430\u0432<\/strong> <span style=\"font-size: 16px;\">Methyl Methacrylate Crosspolymer, Polyethylene, Caprylyl Methicone, Ethylhexyl Palmitate, Coco-Caprylate\/Caprate, Dicaprylyl Carbonate, Synthetic Fluorphlogopite, Dibutyl Adipate, Butyloctyl Salicylate, Neopentyl Glycol Diheptanoate, Diethylamino Hydroxybenzoyl Hexyl Benzoate, Vinyl Dimethicone\/Methicone Silsesquioxane Crosspolymer, Ethylhexyl Triazone, Ozokerite, Vinyl Dimethicone, Polysilicone-15, Bis-Ethylhexyloxyphenol Methoxyphenyl Triazine, Bakuchiol, Ceresin, Glyceryl Caprylate, Polyglyceryl-4 Diisostearate\/Polyhydroxystearate\/Sebacate, Triethoxycaprylylsilane, 4-Terpineol, Tocopherol, Niacinamide, Ascorbic Acid Polypeptide, Caffeine, Aqua(Water), Butylene Glycol, Glycerin, 1,2-Hexanediol, Caprylyl Glycol, Nonapeptide-1, Acetyl Hexapeptide-8, Copper Tripeptide-1, Tripeptide-1, Palmitoyl Tetrapeptide-7, Palmitoyl Tripeptide-1, Palmitoyl Pentapeptide-4, Hexapeptide-9.<\/span><\/p>","protected":false},"excerpt":{"rendered":"<p>\u0411\u0430\u043a\u0443\u0447\u0438\u043e\u043b-\u0441\u0430\u043d\u0441\u043a\u0440\u0438\u043d \u0441 \u0441\u043e\u0432\u0440\u0435\u043c\u0435\u043d\u043d\u044b\u043c\u0438 \u0445\u0438\u043c\u0438\u0447\u0435\u0441\u043a\u0438\u043c\u0438 \u0444\u0438\u043b\u044c\u0442\u0440\u0430\u043c\u0438 \u0438 \u043d\u0435\u043e\u0449\u0443\u0442\u0438\u043c\u043e-\u043b\u0435\u0433\u043a\u043e\u0439 \u0442\u0435\u043a\u0441\u0442\u0443\u0440\u043e\u0439!<\/p>","protected":false},"featured_media":23692,"comment_status":"open","ping_status":"closed","template":"","meta":{"site-sidebar-layout":"default","site-content-layout":"","ast-site-content-layout":"default","site-content-style":"default","site-sidebar-style":"default","ast-global-header-display":"","ast-banner-title-visibility":"","ast-main-header-display":"","ast-hfb-above-header-display":"","ast-hfb-below-header-display":"","ast-hfb-mobile-header-display":"","site-post-title":"","ast-breadcrumbs-content":"","ast-featured-img":"","footer-sml-layout":"","theme-transparent-header-meta":"default","adv-header-id-meta":"","stick-header-meta":"","header-above-stick-meta":"","header-main-stick-meta":"","header-below-stick-meta":"","astra-migrate-meta-layouts":"set","ast-page-background-enabled":"default","ast-page-background-meta":{"desktop":{"background-color":"var(--ast-global-color-4)","background-image":"","background-repeat":"repeat","background-position":"center center","background-size":"auto","background-attachment":"scroll","background-type":"","background-media":"","overlay-type":"","overlay-color":"","overlay-opacity":"","overlay-gradient":""},"tablet":{"background-color":"","background-image":"","background-repeat":"repeat","background-position":"center center","background-size":"auto","background-attachment":"scroll","background-type":"","background-media":"","overlay-type":"","overlay-color":"","overlay-opacity":"","overlay-gradient":""},"mobile":{"background-color":"","background-image":"","background-repeat":"repeat","background-position":"center center","background-size":"auto","background-attachment":"scroll","background-type":"","background-media":"","overlay-type":"","overlay-color":"","overlay-opacity":"","overlay-gradient":""}},"ast-content-background-meta":{"desktop":{"background-color":"var(--ast-global-color-5)","background-image":"","background-repeat":"repeat","background-position":"center center","background-size":"auto","background-attachment":"scroll","background-type":"","background-media":"","overlay-type":"","overlay-color":"","overlay-opacity":"","overlay-gradient":""},"tablet":{"background-color":"var(--ast-global-color-5)","background-image":"","background-repeat":"repeat","background-position":"center center","background-size":"auto","background-attachment":"scroll","background-type":"","background-media":"","overlay-type":"","overlay-color":"","overlay-opacity":"","overlay-gradient":""},"mobile":{"background-color":"var(--ast-global-color-5)","background-image":"","background-repeat":"repeat","background-position":"center center","background-size":"auto","background-attachment":"scroll","background-type":"","background-media":"","overlay-type":"","overlay-color":"","overlay-opacity":"","overlay-gradient":""}}},"product_brand":[],"product_cat":[512],"product_tag":[],"berocket_brand":[603],"class_list":{"0":"post-23691","1":"product","2":"type-product","3":"status-publish","4":"has-post-thumbnail","6":"product_cat-spf","7":"berocket_brand-bywishtrend","8":"desktop-align-left","9":"tablet-align-left","10":"mobile-align-left","12":"first","13":"outofstock","14":"taxable","15":"shipping-taxable","16":"purchasable","17":"product-type-simple","18":"add-to-wishlist-before_image"},"yoast_head":"<!-- This site is optimized with the Yoast SEO plugin v27.4 - https:\/\/yoast.com\/product\/yoast-seo-wordpress\/ -->\n<title>BY WISHTREND Pore Smoothing Bakuchiol Sun Stick 18g - FACECORNER<\/title>\n<meta name=\"description\" content=\"BY WISHTREND Pore Smoothing Bakuchiol Sun Stick \u0101das kop\u0161anas l\u012bdzeklis ar uzlabotiem \u0137\u012bmiskajiem filtriem un neaptverami vieglu tekst\u016bru!\" \/>\n<meta name=\"robots\" content=\"index, follow, max-snippet:-1, max-image-preview:large, max-video-preview:-1\" \/>\n<link rel=\"canonical\" href=\"https:\/\/www.facecorner.lv\/ru\/shop\/by-wishtrend-pore-smoothing-bakuchiol-sun-stick-18g\/\" \/>\n<meta property=\"og:locale\" content=\"ru_RU\" \/>\n<meta property=\"og:type\" content=\"article\" \/>\n<meta property=\"og:title\" content=\"BY WISHTREND Pore Smoothing Bakuchiol Sun Stick 18g - FACECORNER\" \/>\n<meta property=\"og:description\" content=\"BY WISHTREND Pore Smoothing Bakuchiol Sun Stick \u0101das kop\u0161anas l\u012bdzeklis ar uzlabotiem \u0137\u012bmiskajiem filtriem un neaptverami vieglu tekst\u016bru!\" \/>\n<meta property=\"og:url\" content=\"https:\/\/www.facecorner.lv\/ru\/shop\/by-wishtrend-pore-smoothing-bakuchiol-sun-stick-18g\/\" \/>\n<meta property=\"og:site_name\" content=\"FACECORNER\" \/>\n<meta property=\"article:publisher\" content=\"https:\/\/www.facebook.com\/profile.php?id=100063824551839\" \/>\n<meta property=\"article:modified_time\" content=\"2025-11-02T14:00:39+00:00\" \/>\n<meta property=\"og:image\" content=\"https:\/\/www.facecorner.lv\/wp-content\/uploads\/2025\/03\/Pore-Smoothing-Bakuchiol-sunstick-thumbnail-04-concept1_600x.webp\" \/>\n\t<meta property=\"og:image:width\" content=\"600\" \/>\n\t<meta property=\"og:image:height\" content=\"600\" \/>\n\t<meta property=\"og:image:type\" content=\"image\/webp\" \/>\n<meta name=\"twitter:card\" content=\"summary_large_image\" \/>\n<meta name=\"twitter:label1\" content=\"\u0426\u0435\u043d\u0430\" \/>\n\t<meta name=\"twitter:data1\" content=\"&euro;25.90\" \/>\n\t<meta name=\"twitter:label2\" content=\"\u0414\u043e\u0441\u0442\u0443\u043f\u043d\u043e\u0441\u0442\u044c\" \/>\n\t<meta name=\"twitter:data2\" content=\"\u0420\u0430\u0441\u043f\u0440\u043e\u0434\u0430\u043d\u043e\" \/>\n<script type=\"application\/ld+json\" class=\"yoast-schema-graph\">{\"@context\":\"https:\\\/\\\/schema.org\",\"@graph\":[{\"@type\":\"WebPage\",\"@id\":\"https:\\\/\\\/www.facecorner.lv\\\/shop\\\/by-wishtrend-pore-smoothing-bakuchiol-sun-stick-18g\\\/\",\"url\":\"https:\\\/\\\/www.facecorner.lv\\\/shop\\\/by-wishtrend-pore-smoothing-bakuchiol-sun-stick-18g\\\/\",\"name\":\"BY WISHTREND Pore Smoothing Bakuchiol Sun Stick 18g - FACECORNER\",\"isPartOf\":{\"@id\":\"https:\\\/\\\/www.facecorner.lv\\\/#website\"},\"primaryImageOfPage\":{\"@id\":\"https:\\\/\\\/www.facecorner.lv\\\/shop\\\/by-wishtrend-pore-smoothing-bakuchiol-sun-stick-18g\\\/#primaryimage\"},\"image\":{\"@id\":\"https:\\\/\\\/www.facecorner.lv\\\/shop\\\/by-wishtrend-pore-smoothing-bakuchiol-sun-stick-18g\\\/#primaryimage\"},\"thumbnailUrl\":\"https:\\\/\\\/www.facecorner.lv\\\/wp-content\\\/uploads\\\/2025\\\/03\\\/Pore-Smoothing-Bakuchiol-sunstick-thumbnail-04-concept1_600x.webp\",\"datePublished\":\"2025-03-14T11:20:05+00:00\",\"dateModified\":\"2025-11-02T14:00:39+00:00\",\"description\":\"BY WISHTREND Pore Smoothing Bakuchiol Sun Stick \u0101das kop\u0161anas l\u012bdzeklis ar uzlabotiem \u0137\u012bmiskajiem filtriem un neaptverami vieglu tekst\u016bru!\",\"breadcrumb\":{\"@id\":\"https:\\\/\\\/www.facecorner.lv\\\/shop\\\/by-wishtrend-pore-smoothing-bakuchiol-sun-stick-18g\\\/#breadcrumb\"},\"inLanguage\":\"ru-RU\",\"potentialAction\":[{\"@type\":\"ReadAction\",\"target\":[\"https:\\\/\\\/www.facecorner.lv\\\/shop\\\/by-wishtrend-pore-smoothing-bakuchiol-sun-stick-18g\\\/\"]}]},{\"@type\":\"ImageObject\",\"inLanguage\":\"ru-RU\",\"@id\":\"https:\\\/\\\/www.facecorner.lv\\\/shop\\\/by-wishtrend-pore-smoothing-bakuchiol-sun-stick-18g\\\/#primaryimage\",\"url\":\"https:\\\/\\\/www.facecorner.lv\\\/wp-content\\\/uploads\\\/2025\\\/03\\\/Pore-Smoothing-Bakuchiol-sunstick-thumbnail-04-concept1_600x.webp\",\"contentUrl\":\"https:\\\/\\\/www.facecorner.lv\\\/wp-content\\\/uploads\\\/2025\\\/03\\\/Pore-Smoothing-Bakuchiol-sunstick-thumbnail-04-concept1_600x.webp\",\"width\":600,\"height\":600,\"caption\":\"BY WISHTREND Pore Smoothing Bakuchiol Sun Stick\"},{\"@type\":\"BreadcrumbList\",\"@id\":\"https:\\\/\\\/www.facecorner.lv\\\/shop\\\/by-wishtrend-pore-smoothing-bakuchiol-sun-stick-18g\\\/#breadcrumb\",\"itemListElement\":[{\"@type\":\"ListItem\",\"position\":1,\"name\":\"Home\",\"item\":\"https:\\\/\\\/www.facecorner.lv\\\/\"},{\"@type\":\"ListItem\",\"position\":2,\"name\":\"Veikals\",\"item\":\"https:\\\/\\\/www.facecorner.lv\\\/shop\\\/\"},{\"@type\":\"ListItem\",\"position\":3,\"name\":\"BY WISHTREND Pore Smoothing Bakuchiol Sun Stick 18g\"}]},{\"@type\":\"WebSite\",\"@id\":\"https:\\\/\\\/www.facecorner.lv\\\/#website\",\"url\":\"https:\\\/\\\/www.facecorner.lv\\\/\",\"name\":\"Facecorner\",\"description\":\"\",\"publisher\":{\"@id\":\"https:\\\/\\\/www.facecorner.lv\\\/#organization\"},\"potentialAction\":[{\"@type\":\"SearchAction\",\"target\":{\"@type\":\"EntryPoint\",\"urlTemplate\":\"https:\\\/\\\/www.facecorner.lv\\\/?s={search_term_string}\"},\"query-input\":{\"@type\":\"PropertyValueSpecification\",\"valueRequired\":true,\"valueName\":\"search_term_string\"}}],\"inLanguage\":\"ru-RU\"},{\"@type\":\"Organization\",\"@id\":\"https:\\\/\\\/www.facecorner.lv\\\/#organization\",\"name\":\"Facecorner\",\"url\":\"https:\\\/\\\/www.facecorner.lv\\\/\",\"logo\":{\"@type\":\"ImageObject\",\"inLanguage\":\"ru-RU\",\"@id\":\"https:\\\/\\\/www.facecorner.lv\\\/#\\\/schema\\\/logo\\\/image\\\/\",\"url\":\"https:\\\/\\\/www.facecorner.lv\\\/wp-content\\\/uploads\\\/2024\\\/04\\\/fc-logo.jpg\",\"contentUrl\":\"https:\\\/\\\/www.facecorner.lv\\\/wp-content\\\/uploads\\\/2024\\\/04\\\/fc-logo.jpg\",\"width\":174,\"height\":28,\"caption\":\"Facecorner\"},\"image\":{\"@id\":\"https:\\\/\\\/www.facecorner.lv\\\/#\\\/schema\\\/logo\\\/image\\\/\"},\"sameAs\":[\"https:\\\/\\\/www.facebook.com\\\/profile.php?id=100063824551839\",\"https:\\\/\\\/www.instagram.com\\\/facecorner_shop\\\/\"]}]}<\/script>\n<meta property=\"product:price:amount\" content=\"25.90\" \/>\n<meta property=\"product:price:currency\" content=\"EUR\" \/>\n<meta property=\"og:availability\" content=\"out of stock\" \/>\n<meta property=\"product:availability\" content=\"out of stock\" \/>\n<meta property=\"product:condition\" content=\"new\" \/>\n<!-- \/ Yoast SEO plugin. -->","yoast_head_json":{"title":"BY WISHTREND Pore Smoothing Bakuchiol Sun Stick 18g - FACECORNER","description":"\u0411\u0430\u043a\u0443\u0447\u0438\u043e\u043b-\u0441\u0430\u043d\u0441\u043a\u0440\u0438\u043d \u0441 \u0441\u043e\u0432\u0440\u0435\u043c\u0435\u043d\u043d\u044b\u043c\u0438 \u0445\u0438\u043c\u0438\u0447\u0435\u0441\u043a\u0438\u043c\u0438 \u0444\u0438\u043b\u044c\u0442\u0440\u0430\u043c\u0438 \u0438 \u043d\u0435\u043e\u0449\u0443\u0442\u0438\u043c\u043e-\u043b\u0435\u0433\u043a\u043e\u0439 \u0442\u0435\u043a\u0441\u0442\u0443\u0440\u043e\u0439!","robots":{"index":"index","follow":"follow","max-snippet":"max-snippet:-1","max-image-preview":"max-image-preview:large","max-video-preview":"max-video-preview:-1"},"canonical":"https:\/\/www.facecorner.lv\/ru\/shop\/by-wishtrend-pore-smoothing-bakuchiol-sun-stick-18g\/","og_locale":"ru_RU","og_type":"article","og_title":"BY WISHTREND Pore Smoothing Bakuchiol Sun Stick 18g - FACECORNER","og_description":"BY WISHTREND Pore Smoothing Bakuchiol Sun Stick \u0101das kop\u0161anas l\u012bdzeklis ar uzlabotiem \u0137\u012bmiskajiem filtriem un neaptverami vieglu tekst\u016bru!","og_url":"https:\/\/www.facecorner.lv\/ru\/shop\/by-wishtrend-pore-smoothing-bakuchiol-sun-stick-18g\/","og_site_name":"FACECORNER","article_publisher":"https:\/\/www.facebook.com\/profile.php?id=100063824551839","article_modified_time":"2025-11-02T14:00:39+00:00","og_image":[{"width":600,"height":600,"url":"https:\/\/www.facecorner.lv\/wp-content\/uploads\/2025\/03\/Pore-Smoothing-Bakuchiol-sunstick-thumbnail-04-concept1_600x.webp","type":"image\/webp"}],"twitter_card":"summary_large_image","twitter_misc":{"\u0426\u0435\u043d\u0430":"&euro;25.90","\u0414\u043e\u0441\u0442\u0443\u043f\u043d\u043e\u0441\u0442\u044c":"\u0420\u0430\u0441\u043f\u0440\u043e\u0434\u0430\u043d\u043e"},"schema":{"@context":"https:\/\/schema.org","@graph":[{"@type":"WebPage","@id":"https:\/\/www.facecorner.lv\/shop\/by-wishtrend-pore-smoothing-bakuchiol-sun-stick-18g\/","url":"https:\/\/www.facecorner.lv\/shop\/by-wishtrend-pore-smoothing-bakuchiol-sun-stick-18g\/","name":"BY WISHTREND Pore Smoothing Bakuchiol Sun Stick 18g - FACECORNER","isPartOf":{"@id":"https:\/\/www.facecorner.lv\/#website"},"primaryImageOfPage":{"@id":"https:\/\/www.facecorner.lv\/shop\/by-wishtrend-pore-smoothing-bakuchiol-sun-stick-18g\/#primaryimage"},"image":{"@id":"https:\/\/www.facecorner.lv\/shop\/by-wishtrend-pore-smoothing-bakuchiol-sun-stick-18g\/#primaryimage"},"thumbnailUrl":"https:\/\/www.facecorner.lv\/wp-content\/uploads\/2025\/03\/Pore-Smoothing-Bakuchiol-sunstick-thumbnail-04-concept1_600x.webp","datePublished":"2025-03-14T11:20:05+00:00","dateModified":"2025-11-02T14:00:39+00:00","description":"\u0411\u0430\u043a\u0443\u0447\u0438\u043e\u043b-\u0441\u0430\u043d\u0441\u043a\u0440\u0438\u043d \u0441 \u0441\u043e\u0432\u0440\u0435\u043c\u0435\u043d\u043d\u044b\u043c\u0438 \u0445\u0438\u043c\u0438\u0447\u0435\u0441\u043a\u0438\u043c\u0438 \u0444\u0438\u043b\u044c\u0442\u0440\u0430\u043c\u0438 \u0438 \u043d\u0435\u043e\u0449\u0443\u0442\u0438\u043c\u043e-\u043b\u0435\u0433\u043a\u043e\u0439 \u0442\u0435\u043a\u0441\u0442\u0443\u0440\u043e\u0439!","breadcrumb":{"@id":"https:\/\/www.facecorner.lv\/shop\/by-wishtrend-pore-smoothing-bakuchiol-sun-stick-18g\/#breadcrumb"},"inLanguage":"ru-RU","potentialAction":[{"@type":"ReadAction","target":["https:\/\/www.facecorner.lv\/shop\/by-wishtrend-pore-smoothing-bakuchiol-sun-stick-18g\/"]}]},{"@type":"ImageObject","inLanguage":"ru-RU","@id":"https:\/\/www.facecorner.lv\/shop\/by-wishtrend-pore-smoothing-bakuchiol-sun-stick-18g\/#primaryimage","url":"https:\/\/www.facecorner.lv\/wp-content\/uploads\/2025\/03\/Pore-Smoothing-Bakuchiol-sunstick-thumbnail-04-concept1_600x.webp","contentUrl":"https:\/\/www.facecorner.lv\/wp-content\/uploads\/2025\/03\/Pore-Smoothing-Bakuchiol-sunstick-thumbnail-04-concept1_600x.webp","width":600,"height":600,"caption":"BY WISHTREND Pore Smoothing Bakuchiol Sun Stick"},{"@type":"BreadcrumbList","@id":"https:\/\/www.facecorner.lv\/shop\/by-wishtrend-pore-smoothing-bakuchiol-sun-stick-18g\/#breadcrumb","itemListElement":[{"@type":"ListItem","position":1,"name":"Home","item":"https:\/\/www.facecorner.lv\/"},{"@type":"ListItem","position":2,"name":"Veikals","item":"https:\/\/www.facecorner.lv\/shop\/"},{"@type":"ListItem","position":3,"name":"BY WISHTREND Pore Smoothing Bakuchiol Sun Stick 18g"}]},{"@type":"WebSite","@id":"https:\/\/www.facecorner.lv\/#website","url":"https:\/\/www.facecorner.lv\/","name":"Facecorner","description":"","publisher":{"@id":"https:\/\/www.facecorner.lv\/#organization"},"potentialAction":[{"@type":"SearchAction","target":{"@type":"EntryPoint","urlTemplate":"https:\/\/www.facecorner.lv\/?s={search_term_string}"},"query-input":{"@type":"PropertyValueSpecification","valueRequired":true,"valueName":"search_term_string"}}],"inLanguage":"ru-RU"},{"@type":"Organization","@id":"https:\/\/www.facecorner.lv\/#organization","name":"Facecorner","url":"https:\/\/www.facecorner.lv\/","logo":{"@type":"ImageObject","inLanguage":"ru-RU","@id":"https:\/\/www.facecorner.lv\/#\/schema\/logo\/image\/","url":"https:\/\/www.facecorner.lv\/wp-content\/uploads\/2024\/04\/fc-logo.jpg","contentUrl":"https:\/\/www.facecorner.lv\/wp-content\/uploads\/2024\/04\/fc-logo.jpg","width":174,"height":28,"caption":"Facecorner"},"image":{"@id":"https:\/\/www.facecorner.lv\/#\/schema\/logo\/image\/"},"sameAs":["https:\/\/www.facebook.com\/profile.php?id=100063824551839","https:\/\/www.instagram.com\/facecorner_shop\/"]}]},"product_price_amount":"25.90","product_price_currency":"EUR","og_availability":"out of stock","product_availability":"out of stock","product_condition":"new"},"_links":{"self":[{"href":"https:\/\/www.facecorner.lv\/ru\/wp-json\/wp\/v2\/product\/23691","targetHints":{"allow":["GET"]}}],"collection":[{"href":"https:\/\/www.facecorner.lv\/ru\/wp-json\/wp\/v2\/product"}],"about":[{"href":"https:\/\/www.facecorner.lv\/ru\/wp-json\/wp\/v2\/types\/product"}],"replies":[{"embeddable":true,"href":"https:\/\/www.facecorner.lv\/ru\/wp-json\/wp\/v2\/comments?post=23691"}],"wp:featuredmedia":[{"embeddable":true,"href":"https:\/\/www.facecorner.lv\/ru\/wp-json\/wp\/v2\/media\/23692"}],"wp:attachment":[{"href":"https:\/\/www.facecorner.lv\/ru\/wp-json\/wp\/v2\/media?parent=23691"}],"wp:term":[{"taxonomy":"product_brand","embeddable":true,"href":"https:\/\/www.facecorner.lv\/ru\/wp-json\/wp\/v2\/product_brand?post=23691"},{"taxonomy":"product_cat","embeddable":true,"href":"https:\/\/www.facecorner.lv\/ru\/wp-json\/wp\/v2\/product_cat?post=23691"},{"taxonomy":"product_tag","embeddable":true,"href":"https:\/\/www.facecorner.lv\/ru\/wp-json\/wp\/v2\/product_tag?post=23691"},{"taxonomy":"berocket_brand","embeddable":true,"href":"https:\/\/www.facecorner.lv\/ru\/wp-json\/wp\/v2\/berocket_brand?post=23691"}],"curies":[{"name":"wp","href":"https:\/\/api.w.org\/{rel}","templated":true}]}}