{"id":23617,"date":"2025-03-10T16:52:11","date_gmt":"2025-03-10T13:52:11","guid":{"rendered":"https:\/\/www.facecorner.lv\/?post_type=product&#038;p=23617"},"modified":"2025-10-14T23:43:47","modified_gmt":"2025-10-14T20:43:47","slug":"anua-collagen-mask-set-3-types","status":"publish","type":"product","link":"https:\/\/www.facecorner.lv\/ru\/shop\/anua-collagen-mask-set-3-types\/","title":{"rendered":"Anua Collagen Mask"},"content":{"rendered":"<p>Anua Collagen Mask - \u0443\u0432\u043b\u0430\u0436\u043d\u044f\u044e\u0449\u0430\u044f \u043c\u0430\u0441\u043a\u0430, \u043e\u0431\u043e\u0433\u0430\u0449\u0435\u043d\u043d\u0430\u044f 2000 ppm \u044d\u043a\u0441\u0442\u0440\u0430\u043a\u0442\u0430 \u043a\u043e\u043b\u043b\u0430\u0433\u0435\u043d\u0430, \u0434\u0435\u043b\u0430\u0435\u0442 \u043a\u043e\u0436\u0443 \u0431\u043e\u043b\u0435\u0435 \u0433\u043b\u0430\u0434\u043a\u043e\u0439 \u0438 \u0443\u043f\u0440\u0443\u0433\u043e\u0439, \u043e\u0431\u0435\u0441\u043f\u0435\u0447\u0438\u0432\u0430\u044f \u0434\u043b\u0438\u0442\u0435\u043b\u044c\u043d\u044b\u0439 \u0443\u0432\u043b\u0430\u0436\u043d\u044f\u044e\u0449\u0438\u0439 \u044d\u0444\u0444\u0435\u043a\u0442 \u0434\u0430\u0436\u0435 \u043f\u043e\u0441\u043b\u0435 \u043d\u043e\u0447\u043d\u043e\u0433\u043e \u043f\u0440\u0438\u043c\u0435\u043d\u0435\u043d\u0438\u044f.<br \/>\n\u0412\u044b\u0441\u043e\u043a\u043e\u0443\u0432\u043b\u0430\u0436\u043d\u0435\u043d\u043d\u0430\u044f, \u043d\u043e \u0431\u044b\u0441\u0442\u0440\u043e \u0432\u043f\u0438\u0442\u044b\u0432\u0430\u044e\u0449\u0430\u044f\u0441\u044f \u0444\u043e\u0440\u043c\u0443\u043b\u0430 \u043e\u0431\u0435\u0441\u043f\u0435\u0447\u0438\u0432\u0430\u0435\u0442 \u0441\u0438\u044f\u043d\u0438\u0435 \u0438 \u0443\u0432\u043b\u0430\u0436\u043d\u0435\u043d\u0438\u0435 \u0441 \u043e\u0445\u043b\u0430\u0436\u0434\u0430\u044e\u0449\u0438\u043c \u044d\u0444\u0444\u0435\u043a\u0442\u043e\u043c \u0434\u043b\u044f \u0442\u0443\u0441\u043a\u043b\u043e\u0439 \u0438 \u043e\u0431\u0435\u0437\u0432\u043e\u0436\u0435\u043d\u043d\u043e\u0439 \u043a\u043e\u0436\u0438.<br \/>\n\u041d\u0435\u0436\u043d\u0430\u044f \u0444\u043e\u0440\u043c\u0443\u043b\u0430 \u0431\u0435\u0437 \u0432\u0440\u0435\u0434\u043d\u044b\u0445 \u0438\u043d\u0433\u0440\u0435\u0434\u0438\u0435\u043d\u0442\u043e\u0432 \u043f\u043e\u0434\u0445\u043e\u0434\u0438\u0442 \u0434\u043b\u044f \u0447\u0443\u0432\u0441\u0442\u0432\u0438\u0442\u0435\u043b\u044c\u043d\u043e\u0439 \u043a\u043e\u0436\u0438.<\/p>\n<ul>\n<li>Rice: \u0438\u0437 \u0440\u0438\u0441\u043e\u0432\u044b\u0445 \u043e\u0442\u0440\u0443\u0431\u0435\u0439 \u0438 \u043a\u0435\u0440\u0430\u043c\u0438\u0434\u044b \u0432\u043e\u0441\u0441\u0442\u0430\u043d\u0430\u0432\u043b\u0438\u0432\u0430\u044e\u0442 \u043a\u043e\u0436\u0443 \u0438 \u043f\u043e\u043c\u043e\u0433\u0430\u044e\u0442 \u0441\u043e\u0445\u0440\u0430\u043d\u0438\u0442\u044c \u0432\u043b\u0430\u0433\u0443.<\/li>\n<li>Peach 70 Niacin Brightening: \u0441\u043e\u0434\u0435\u0440\u0436\u0438\u0442 \u0444\u0440\u0443\u043a\u0442\u043e\u0432\u044b\u0435 \u0432\u043e\u0434\u044b \u043f\u0435\u0440\u0441\u0438\u043a\u0430 \u0438 \u043d\u0438\u0430\u0446\u0438\u043d\u0430\u043c\u0438\u0434, \u043a\u043e\u0442\u043e\u0440\u044b\u0435 \u043c\u044f\u0433\u043a\u043e \u043e\u0442\u0448\u0435\u043b\u0443\u0448\u0438\u0432\u0430\u044e\u0442, \u043f\u043e\u0432\u044b\u0448\u0430\u044e\u0442 \u044d\u043b\u0430\u0441\u0442\u0438\u0447\u043d\u043e\u0441\u0442\u044c \u043a\u043e\u0436\u0438 \u0438 \u043e\u0431\u0435\u0441\u043f\u0435\u0447\u0438\u0432\u0430\u044e\u0442 \u043e\u043c\u043e\u043b\u0430\u0436\u0438\u0432\u0430\u044e\u0449\u0438\u0439 \u044d\u0444\u0444\u0435\u043a\u0442.<\/li>\n<li>Heatleaf 70 : \u0421\u043e\u0434\u0435\u0440\u0436\u0438\u0442 \u0446\u0432\u0435\u0442\u043e\u043a\/\u043b\u0438\u0441\u0442 Houttuynia Cordata\/\u0441\u0442\u043e\u043b\u043e\u0432\u0443\u044e \u0432\u043e\u0434\u0443 \u0438 \u044d\u043a\u0441\u0442\u0440\u0430\u043a\u0442 \u043b\u0438\u0441\u0442\u044c\u0435\u0432 \u0430\u043b\u043e\u044d \u0431\u0430\u0440\u0431\u0430\u0434\u0435\u043d\u0441\u0438\u0441, \u043a\u043e\u0442\u043e\u0440\u044b\u0435 \u0443\u0441\u043f\u043e\u043a\u0430\u0438\u0432\u0430\u044e\u0442 \u0440\u0430\u0437\u0434\u0440\u0430\u0436\u0435\u043d\u043d\u0443\u044e \u043a\u043e\u0436\u0443 \u0438 \u0443\u043a\u0440\u0435\u043f\u043b\u044f\u044e\u0442 \u0435\u0435 \u0431\u0430\u0440\u044c\u0435\u0440 \u0432\u043b\u0430\u0436\u043d\u043e\u0441\u0442\u0438.<\/li>\n<\/ul>\n<p><strong>\u0421\u043f\u043e\u0441\u043e\u0431 \u043f\u0440\u0438\u043c\u0435\u043d\u0435\u043d\u0438\u044f: <\/strong>\u041f\u043e\u0441\u043b\u0435 \u0443\u0445\u043e\u0434\u0430 \u0437\u0430 \u043a\u043e\u0436\u0435\u0439 \u043d\u0430\u043d\u0435\u0441\u0438\u0442\u0435 \u043c\u0430\u0441\u043a\u0443 \u043d\u0430 \u043a\u043e\u0436\u0443 \u0438 \u043e\u0441\u0442\u0430\u0432\u044c\u0442\u0435 \u043d\u0430 3-4 \u0447\u0430\u0441\u0430, \u043f\u043e\u043a\u0430 \u043e\u043d\u0430 \u043d\u0435 \u0441\u0442\u0430\u043d\u0435\u0442 \u043f\u0440\u043e\u0437\u0440\u0430\u0447\u043d\u043e\u0439. \u0421\u043d\u0438\u043c\u0438\u0442\u0435 \u043c\u0430\u0441\u043a\u0443 \u0438 \u0430\u043a\u043a\u0443\u0440\u0430\u0442\u043d\u043e \u0441\u043c\u043e\u0439\u0442\u0435, \u0447\u0442\u043e\u0431\u044b \u0432\u043f\u0438\u0442\u0430\u0442\u044c \u043e\u0441\u0442\u0430\u0442\u043a\u0438 \u044d\u0441\u0441\u0435\u043d\u0446\u0438\u0438.<\/p>\n<p><strong>\u0421\u043e\u0441\u0442\u0430\u0432<\/strong> Water, Glycerin, Hydrogenated Polydecene, 1,2-Hexanediol, Acrylates Copolymer, Ceratonia Siliqua (Carob) Gum, Xanthan Gum, Carrageenan, Hydroxyacetophenone, Sucrose, Allantoin, Potassium Chloride, Cellulose Gum, Sodium Polyacrylate, Dipotassium Glycyrrhizate, Gellan Gum, Caprylyl Glycol, Adenosine, Ethylhexylglycerin, Sodium Phytate, Soluble Collagen, Sodium Hyaluronate, Hyaluronic Acid, Hydrolyzed Hyaluronic Acid, Oryza Sativa (Rice) Hull Powder, Houttuynia Cordata Extract, Menthoxypropanediol, Hydroxypropyltrimonium Hyaluronate, Potassium Hyaluronate, Prunus Persica (Peach) Fruit Extract, Panthenol, Rubus Coreanus Fruit Extract, Sodium Citrate, Phytosphingosine, Hydrolyzed Rice Protein, Aloe Barbadensis Leaf Extract, Lactobacillus Ferment, Propanediol, Iron Oxides (CI 77491), Citric Acid, Rubus Idaeus (Raspberry) Fruit Extract, Saccharomyces Ferment, Prunus Persica (Peach) Fruit Water, Prunus Persica (Peach) Flower Extract, Oryza Sativa (Rice) Bran Water, Cyanocobalamin, Sodium Acetylated Hyaluronate, Dipropylene Glycol, Nelumbo Nucifera Leaf Extract, Prunus Serrulata Flower Extract, Betaine Salicylate, Ceramide NP, Oryza Sativa (Rice) Extract, Iron Oxides (Ci 77491), Menthyl Lactate, Hydrolyzed Sodium Hyaluronate, Niacinamide, Oryza Sativa (Rice) Seed Protein, Cryptomeria Japonica Leaf Extract, Houttuynia Cordata Flower\/Leaf\/Stem Water, Butylene Glycol, Maltodextrin, Chromium Oxide Greens (Ci 77288), Iron Oxides (CI 77492), Sodium Hyaluronate Crosspolymer<\/p>","protected":false},"excerpt":{"rendered":"<p>Anua Collagen Mask\u00a0 mitrino\u0161a maska, kas bag\u0101tin\u0101ta ar 2000 ppm kolag\u0113na ekstrakta, padara \u0101du glud\u0101ku un tvirt\u0101ku, nodro\u0161inot ilgsto\u0161u mitrino\u0161u efektu pat p\u0113c lieto\u0161anas uz nakti. \u013boti mitrino\u0161\u0101, bet \u0101tri uzs\u016bco\u0161\u0101 formula nodro\u0161ina mirdzumu un mitrin\u0101\u0161anu ar atv\u0113sino\u0161u efektu bl\u0101vai un dehidr\u0113tai \u0101dai. Maig\u0101 formula bez kait\u012bg\u0101m sast\u0101vda\u013c\u0101m ir piem\u0113rota jut\u012bgai \u0101dai. Rice: r\u012bsu kliju [&hellip;]<\/p>\n","protected":false},"featured_media":23619,"comment_status":"open","ping_status":"closed","template":"","meta":{"site-sidebar-layout":"default","site-content-layout":"","ast-site-content-layout":"default","site-content-style":"default","site-sidebar-style":"default","ast-global-header-display":"","ast-banner-title-visibility":"","ast-main-header-display":"","ast-hfb-above-header-display":"","ast-hfb-below-header-display":"","ast-hfb-mobile-header-display":"","site-post-title":"","ast-breadcrumbs-content":"","ast-featured-img":"","footer-sml-layout":"","theme-transparent-header-meta":"default","adv-header-id-meta":"","stick-header-meta":"","header-above-stick-meta":"","header-main-stick-meta":"","header-below-stick-meta":"","astra-migrate-meta-layouts":"set","ast-page-background-enabled":"default","ast-page-background-meta":{"desktop":{"background-color":"var(--ast-global-color-4)","background-image":"","background-repeat":"repeat","background-position":"center center","background-size":"auto","background-attachment":"scroll","background-type":"","background-media":"","overlay-type":"","overlay-color":"","overlay-opacity":"","overlay-gradient":""},"tablet":{"background-color":"","background-image":"","background-repeat":"repeat","background-position":"center center","background-size":"auto","background-attachment":"scroll","background-type":"","background-media":"","overlay-type":"","overlay-color":"","overlay-opacity":"","overlay-gradient":""},"mobile":{"background-color":"","background-image":"","background-repeat":"repeat","background-position":"center center","background-size":"auto","background-attachment":"scroll","background-type":"","background-media":"","overlay-type":"","overlay-color":"","overlay-opacity":"","overlay-gradient":""}},"ast-content-background-meta":{"desktop":{"background-color":"var(--ast-global-color-5)","background-image":"","background-repeat":"repeat","background-position":"center center","background-size":"auto","background-attachment":"scroll","background-type":"","background-media":"","overlay-type":"","overlay-color":"","overlay-opacity":"","overlay-gradient":""},"tablet":{"background-color":"var(--ast-global-color-5)","background-image":"","background-repeat":"repeat","background-position":"center center","background-size":"auto","background-attachment":"scroll","background-type":"","background-media":"","overlay-type":"","overlay-color":"","overlay-opacity":"","overlay-gradient":""},"mobile":{"background-color":"var(--ast-global-color-5)","background-image":"","background-repeat":"repeat","background-position":"center center","background-size":"auto","background-attachment":"scroll","background-type":"","background-media":"","overlay-type":"","overlay-color":"","overlay-opacity":"","overlay-gradient":""}}},"product_brand":[],"product_cat":[325,315,326,322],"product_tag":[],"berocket_brand":[575],"class_list":{"0":"post-23617","1":"product","2":"type-product","3":"status-publish","4":"has-post-thumbnail","6":"product_cat-hidrogela","7":"product_cat-maskas","8":"product_cat-mitrinosas","9":"product_cat-nakts","10":"berocket_brand-anua","11":"desktop-align-left","12":"tablet-align-left","13":"mobile-align-left","15":"first","16":"instock","17":"taxable","18":"shipping-taxable","19":"purchasable","20":"product-type-variable","21":"add-to-wishlist-before_image"},"yoast_head":"<!-- This site is optimized with the Yoast SEO plugin v27.4 - https:\/\/yoast.com\/product\/yoast-seo-wordpress\/ -->\n<title>Anua Collagen Mask - FACECORNER<\/title>\n<meta name=\"description\" content=\"Anua Collagen Mask\u00a0mitrino\u0161a maska, kas bag\u0101tin\u0101ta ar 2000 ppm kolag\u0113na ekstrakta, padara \u0101du glud\u0101ku un tvirt\u0101ku, nodro\u0161inot ilgsto\u0161u mitrino\u0161u\" \/>\n<meta name=\"robots\" content=\"index, follow, max-snippet:-1, max-image-preview:large, max-video-preview:-1\" \/>\n<link rel=\"canonical\" href=\"https:\/\/www.facecorner.lv\/ru\/shop\/anua-collagen-mask-set-3-types\/\" \/>\n<meta property=\"og:locale\" content=\"ru_RU\" \/>\n<meta property=\"og:type\" content=\"article\" \/>\n<meta property=\"og:title\" content=\"Anua Collagen Mask - FACECORNER\" \/>\n<meta property=\"og:description\" content=\"Anua Collagen Mask\u00a0mitrino\u0161a maska, kas bag\u0101tin\u0101ta ar 2000 ppm kolag\u0113na ekstrakta, padara \u0101du glud\u0101ku un tvirt\u0101ku, nodro\u0161inot ilgsto\u0161u mitrino\u0161u\" \/>\n<meta property=\"og:url\" content=\"https:\/\/www.facecorner.lv\/ru\/shop\/anua-collagen-mask-set-3-types\/\" \/>\n<meta property=\"og:site_name\" content=\"FACECORNER\" \/>\n<meta property=\"article:publisher\" content=\"https:\/\/www.facebook.com\/profile.php?id=100063824551839\" \/>\n<meta property=\"article:modified_time\" content=\"2025-10-14T20:43:47+00:00\" \/>\n<meta property=\"og:image\" content=\"https:\/\/www.facecorner.lv\/wp-content\/uploads\/2025\/03\/rice-collagen-mask_1080x.jpg.webp\" \/>\n\t<meta property=\"og:image:width\" content=\"800\" \/>\n\t<meta property=\"og:image:height\" content=\"800\" \/>\n\t<meta property=\"og:image:type\" content=\"image\/webp\" \/>\n<meta name=\"twitter:card\" content=\"summary_large_image\" \/>\n<meta name=\"twitter:label1\" content=\"\u0414\u043e\u0441\u0442\u0443\u043f\u043d\u043e\u0441\u0442\u044c\" \/>\n\t<meta name=\"twitter:data1\" content=\"\u0412 \u043d\u0430\u043b\u0438\u0447\u0438\u0438\" \/>\n<script type=\"application\/ld+json\" class=\"yoast-schema-graph\">{\"@context\":\"https:\\\/\\\/schema.org\",\"@graph\":[{\"@type\":\"WebPage\",\"@id\":\"https:\\\/\\\/www.facecorner.lv\\\/shop\\\/anua-collagen-mask-set-3-types\\\/\",\"url\":\"https:\\\/\\\/www.facecorner.lv\\\/shop\\\/anua-collagen-mask-set-3-types\\\/\",\"name\":\"Anua Collagen Mask - FACECORNER\",\"isPartOf\":{\"@id\":\"https:\\\/\\\/www.facecorner.lv\\\/#website\"},\"primaryImageOfPage\":{\"@id\":\"https:\\\/\\\/www.facecorner.lv\\\/shop\\\/anua-collagen-mask-set-3-types\\\/#primaryimage\"},\"image\":{\"@id\":\"https:\\\/\\\/www.facecorner.lv\\\/shop\\\/anua-collagen-mask-set-3-types\\\/#primaryimage\"},\"thumbnailUrl\":\"https:\\\/\\\/www.facecorner.lv\\\/wp-content\\\/uploads\\\/2025\\\/03\\\/rice-collagen-mask_1080x.jpg.webp\",\"datePublished\":\"2025-03-10T13:52:11+00:00\",\"dateModified\":\"2025-10-14T20:43:47+00:00\",\"description\":\"Anua Collagen Mask\u00a0mitrino\u0161a maska, kas bag\u0101tin\u0101ta ar 2000 ppm kolag\u0113na ekstrakta, padara \u0101du glud\u0101ku un tvirt\u0101ku, nodro\u0161inot ilgsto\u0161u mitrino\u0161u\",\"breadcrumb\":{\"@id\":\"https:\\\/\\\/www.facecorner.lv\\\/shop\\\/anua-collagen-mask-set-3-types\\\/#breadcrumb\"},\"inLanguage\":\"ru-RU\",\"potentialAction\":[{\"@type\":\"ReadAction\",\"target\":[\"https:\\\/\\\/www.facecorner.lv\\\/shop\\\/anua-collagen-mask-set-3-types\\\/\"]}]},{\"@type\":\"ImageObject\",\"inLanguage\":\"ru-RU\",\"@id\":\"https:\\\/\\\/www.facecorner.lv\\\/shop\\\/anua-collagen-mask-set-3-types\\\/#primaryimage\",\"url\":\"https:\\\/\\\/www.facecorner.lv\\\/wp-content\\\/uploads\\\/2025\\\/03\\\/rice-collagen-mask_1080x.jpg.webp\",\"contentUrl\":\"https:\\\/\\\/www.facecorner.lv\\\/wp-content\\\/uploads\\\/2025\\\/03\\\/rice-collagen-mask_1080x.jpg.webp\",\"width\":800,\"height\":800,\"caption\":\"Anua Collagen Mask Set 3 Types\"},{\"@type\":\"BreadcrumbList\",\"@id\":\"https:\\\/\\\/www.facecorner.lv\\\/shop\\\/anua-collagen-mask-set-3-types\\\/#breadcrumb\",\"itemListElement\":[{\"@type\":\"ListItem\",\"position\":1,\"name\":\"Home\",\"item\":\"https:\\\/\\\/www.facecorner.lv\\\/\"},{\"@type\":\"ListItem\",\"position\":2,\"name\":\"Veikals\",\"item\":\"https:\\\/\\\/www.facecorner.lv\\\/shop\\\/\"},{\"@type\":\"ListItem\",\"position\":3,\"name\":\"Anua Collagen Mask\"}]},{\"@type\":\"WebSite\",\"@id\":\"https:\\\/\\\/www.facecorner.lv\\\/#website\",\"url\":\"https:\\\/\\\/www.facecorner.lv\\\/\",\"name\":\"Facecorner\",\"description\":\"\",\"publisher\":{\"@id\":\"https:\\\/\\\/www.facecorner.lv\\\/#organization\"},\"potentialAction\":[{\"@type\":\"SearchAction\",\"target\":{\"@type\":\"EntryPoint\",\"urlTemplate\":\"https:\\\/\\\/www.facecorner.lv\\\/?s={search_term_string}\"},\"query-input\":{\"@type\":\"PropertyValueSpecification\",\"valueRequired\":true,\"valueName\":\"search_term_string\"}}],\"inLanguage\":\"ru-RU\"},{\"@type\":\"Organization\",\"@id\":\"https:\\\/\\\/www.facecorner.lv\\\/#organization\",\"name\":\"Facecorner\",\"url\":\"https:\\\/\\\/www.facecorner.lv\\\/\",\"logo\":{\"@type\":\"ImageObject\",\"inLanguage\":\"ru-RU\",\"@id\":\"https:\\\/\\\/www.facecorner.lv\\\/#\\\/schema\\\/logo\\\/image\\\/\",\"url\":\"https:\\\/\\\/www.facecorner.lv\\\/wp-content\\\/uploads\\\/2024\\\/04\\\/fc-logo.jpg\",\"contentUrl\":\"https:\\\/\\\/www.facecorner.lv\\\/wp-content\\\/uploads\\\/2024\\\/04\\\/fc-logo.jpg\",\"width\":174,\"height\":28,\"caption\":\"Facecorner\"},\"image\":{\"@id\":\"https:\\\/\\\/www.facecorner.lv\\\/#\\\/schema\\\/logo\\\/image\\\/\"},\"sameAs\":[\"https:\\\/\\\/www.facebook.com\\\/profile.php?id=100063824551839\",\"https:\\\/\\\/www.instagram.com\\\/facecorner_shop\\\/\"]}]}<\/script>\n<meta property=\"og:availability\" content=\"instock\" \/>\n<meta property=\"product:availability\" content=\"instock\" \/>\n<meta property=\"product:condition\" content=\"new\" \/>\n<!-- \/ Yoast SEO plugin. -->","yoast_head_json":{"title":"Anua Collagen Mask - FACECORNER","description":"Anua Collagen Mask\u00a0mitrino\u0161a maska, kas bag\u0101tin\u0101ta ar 2000 ppm kolag\u0113na ekstrakta, padara \u0101du glud\u0101ku un tvirt\u0101ku, nodro\u0161inot ilgsto\u0161u mitrino\u0161u","robots":{"index":"index","follow":"follow","max-snippet":"max-snippet:-1","max-image-preview":"max-image-preview:large","max-video-preview":"max-video-preview:-1"},"canonical":"https:\/\/www.facecorner.lv\/ru\/shop\/anua-collagen-mask-set-3-types\/","og_locale":"ru_RU","og_type":"article","og_title":"Anua Collagen Mask - FACECORNER","og_description":"Anua Collagen Mask\u00a0mitrino\u0161a maska, kas bag\u0101tin\u0101ta ar 2000 ppm kolag\u0113na ekstrakta, padara \u0101du glud\u0101ku un tvirt\u0101ku, nodro\u0161inot ilgsto\u0161u mitrino\u0161u","og_url":"https:\/\/www.facecorner.lv\/ru\/shop\/anua-collagen-mask-set-3-types\/","og_site_name":"FACECORNER","article_publisher":"https:\/\/www.facebook.com\/profile.php?id=100063824551839","article_modified_time":"2025-10-14T20:43:47+00:00","og_image":[{"width":800,"height":800,"url":"https:\/\/www.facecorner.lv\/wp-content\/uploads\/2025\/03\/rice-collagen-mask_1080x.jpg.webp","type":"image\/webp"}],"twitter_card":"summary_large_image","twitter_misc":{"\u0414\u043e\u0441\u0442\u0443\u043f\u043d\u043e\u0441\u0442\u044c":"\u0412 \u043d\u0430\u043b\u0438\u0447\u0438\u0438"},"schema":{"@context":"https:\/\/schema.org","@graph":[{"@type":"WebPage","@id":"https:\/\/www.facecorner.lv\/shop\/anua-collagen-mask-set-3-types\/","url":"https:\/\/www.facecorner.lv\/shop\/anua-collagen-mask-set-3-types\/","name":"Anua Collagen Mask - FACECORNER","isPartOf":{"@id":"https:\/\/www.facecorner.lv\/#website"},"primaryImageOfPage":{"@id":"https:\/\/www.facecorner.lv\/shop\/anua-collagen-mask-set-3-types\/#primaryimage"},"image":{"@id":"https:\/\/www.facecorner.lv\/shop\/anua-collagen-mask-set-3-types\/#primaryimage"},"thumbnailUrl":"https:\/\/www.facecorner.lv\/wp-content\/uploads\/2025\/03\/rice-collagen-mask_1080x.jpg.webp","datePublished":"2025-03-10T13:52:11+00:00","dateModified":"2025-10-14T20:43:47+00:00","description":"Anua Collagen Mask\u00a0mitrino\u0161a maska, kas bag\u0101tin\u0101ta ar 2000 ppm kolag\u0113na ekstrakta, padara \u0101du glud\u0101ku un tvirt\u0101ku, nodro\u0161inot ilgsto\u0161u mitrino\u0161u","breadcrumb":{"@id":"https:\/\/www.facecorner.lv\/shop\/anua-collagen-mask-set-3-types\/#breadcrumb"},"inLanguage":"ru-RU","potentialAction":[{"@type":"ReadAction","target":["https:\/\/www.facecorner.lv\/shop\/anua-collagen-mask-set-3-types\/"]}]},{"@type":"ImageObject","inLanguage":"ru-RU","@id":"https:\/\/www.facecorner.lv\/shop\/anua-collagen-mask-set-3-types\/#primaryimage","url":"https:\/\/www.facecorner.lv\/wp-content\/uploads\/2025\/03\/rice-collagen-mask_1080x.jpg.webp","contentUrl":"https:\/\/www.facecorner.lv\/wp-content\/uploads\/2025\/03\/rice-collagen-mask_1080x.jpg.webp","width":800,"height":800,"caption":"Anua Collagen Mask Set 3 Types"},{"@type":"BreadcrumbList","@id":"https:\/\/www.facecorner.lv\/shop\/anua-collagen-mask-set-3-types\/#breadcrumb","itemListElement":[{"@type":"ListItem","position":1,"name":"Home","item":"https:\/\/www.facecorner.lv\/"},{"@type":"ListItem","position":2,"name":"Veikals","item":"https:\/\/www.facecorner.lv\/shop\/"},{"@type":"ListItem","position":3,"name":"Anua Collagen Mask"}]},{"@type":"WebSite","@id":"https:\/\/www.facecorner.lv\/#website","url":"https:\/\/www.facecorner.lv\/","name":"Facecorner","description":"","publisher":{"@id":"https:\/\/www.facecorner.lv\/#organization"},"potentialAction":[{"@type":"SearchAction","target":{"@type":"EntryPoint","urlTemplate":"https:\/\/www.facecorner.lv\/?s={search_term_string}"},"query-input":{"@type":"PropertyValueSpecification","valueRequired":true,"valueName":"search_term_string"}}],"inLanguage":"ru-RU"},{"@type":"Organization","@id":"https:\/\/www.facecorner.lv\/#organization","name":"Facecorner","url":"https:\/\/www.facecorner.lv\/","logo":{"@type":"ImageObject","inLanguage":"ru-RU","@id":"https:\/\/www.facecorner.lv\/#\/schema\/logo\/image\/","url":"https:\/\/www.facecorner.lv\/wp-content\/uploads\/2024\/04\/fc-logo.jpg","contentUrl":"https:\/\/www.facecorner.lv\/wp-content\/uploads\/2024\/04\/fc-logo.jpg","width":174,"height":28,"caption":"Facecorner"},"image":{"@id":"https:\/\/www.facecorner.lv\/#\/schema\/logo\/image\/"},"sameAs":["https:\/\/www.facebook.com\/profile.php?id=100063824551839","https:\/\/www.instagram.com\/facecorner_shop\/"]}]},"og_availability":"instock","product_availability":"instock","product_condition":"new"},"_links":{"self":[{"href":"https:\/\/www.facecorner.lv\/ru\/wp-json\/wp\/v2\/product\/23617","targetHints":{"allow":["GET"]}}],"collection":[{"href":"https:\/\/www.facecorner.lv\/ru\/wp-json\/wp\/v2\/product"}],"about":[{"href":"https:\/\/www.facecorner.lv\/ru\/wp-json\/wp\/v2\/types\/product"}],"replies":[{"embeddable":true,"href":"https:\/\/www.facecorner.lv\/ru\/wp-json\/wp\/v2\/comments?post=23617"}],"wp:featuredmedia":[{"embeddable":true,"href":"https:\/\/www.facecorner.lv\/ru\/wp-json\/wp\/v2\/media\/23619"}],"wp:attachment":[{"href":"https:\/\/www.facecorner.lv\/ru\/wp-json\/wp\/v2\/media?parent=23617"}],"wp:term":[{"taxonomy":"product_brand","embeddable":true,"href":"https:\/\/www.facecorner.lv\/ru\/wp-json\/wp\/v2\/product_brand?post=23617"},{"taxonomy":"product_cat","embeddable":true,"href":"https:\/\/www.facecorner.lv\/ru\/wp-json\/wp\/v2\/product_cat?post=23617"},{"taxonomy":"product_tag","embeddable":true,"href":"https:\/\/www.facecorner.lv\/ru\/wp-json\/wp\/v2\/product_tag?post=23617"},{"taxonomy":"berocket_brand","embeddable":true,"href":"https:\/\/www.facecorner.lv\/ru\/wp-json\/wp\/v2\/berocket_brand?post=23617"}],"curies":[{"name":"wp","href":"https:\/\/api.w.org\/{rel}","templated":true}]}}