{"id":23521,"date":"2025-02-27T22:54:49","date_gmt":"2025-02-27T19:54:49","guid":{"rendered":"https:\/\/www.facecorner.lv\/?post_type=product&#038;p=23521"},"modified":"2026-05-05T14:35:57","modified_gmt":"2026-05-05T11:35:57","slug":"medi-peel-phyto-pdrn-lifting-shot-ampoule-100ml","status":"publish","type":"product","link":"https:\/\/www.facecorner.lv\/ru\/shop\/medi-peel-phyto-pdrn-lifting-shot-ampoule-100ml\/","title":{"rendered":"MEDI-PEEL Phyto PDRN Lifting Shot Ampoule 100ml"},"content":{"rendered":"<p>MEDI-PEEL Phyto PDRN Lifting Shot Ampoule \u2014 \u044d\u0442\u043e \u043c\u043e\u0449\u043d\u043e\u0435 \u0440\u0435\u0448\u0435\u043d\u0438\u0435, \u043f\u0440\u0435\u0434\u043d\u0430\u0437\u043d\u0430\u0447\u0435\u043d\u043d\u043e\u0435 \u0434\u043b\u044f \u0431\u043e\u0440\u044c\u0431\u044b \u0441\u043e \u0441\u0442\u0430\u0440\u0435\u043d\u0438\u0435\u043c \u043a\u043e\u0436\u0438 \u043b\u0438\u0446\u0430. \u041e\u0431\u043e\u0433\u0430\u0449\u0435\u043d\u043d\u0430\u044f \u0444\u0438\u0442\u043e\u044d\u043a\u0437\u043e\u0441\u043e\u043c\u0430\u043c\u0438 \u044f\u0431\u043b\u043e\u043a\u0430 \u0438 \u043f\u043e\u043b\u0438\u043d\u0443\u043a\u043b\u0435\u043e\u0442\u0438\u0434\u0430\u043c\u0438 \u043b\u043e\u0442\u043e\u0441\u0430 (PDRN), \u044d\u0442\u0430 \u0430\u043c\u043f\u0443\u043b\u0430 \u043e\u0431\u0435\u0441\u043f\u0435\u0447\u0438\u0432\u0430\u0435\u0442 \u043a\u043e\u043c\u043f\u043b\u0435\u043a\u0441\u043d\u043e\u0435 \u043e\u043c\u043e\u043b\u043e\u0436\u0435\u043d\u0438\u0435 \u043a\u043e\u0436\u0438, \u0432\u043e\u0441\u0441\u0442\u0430\u043d\u0430\u0432\u043b\u0438\u0432\u0430\u044f \u0435\u0435 \u0443\u043f\u0440\u0443\u0433\u043e\u0441\u0442\u044c \u0438 \u044d\u043b\u0430\u0441\u0442\u0438\u0447\u043d\u043e\u0441\u0442\u044c.<\/p>\n<ul>\n<li>\u0423\u0441\u0438\u043b\u0438\u0432\u0430\u0435\u0442 \u0435\u0441\u0442\u0435\u0441\u0442\u0432\u0435\u043d\u043d\u043e\u0435 \u043e\u043c\u043e\u043b\u043e\u0436\u0435\u043d\u0438\u0435 \u043a\u043b\u0435\u0442\u043e\u043a \u043a\u043e\u0436\u0438, \u0437\u0430\u043c\u0435\u0434\u043b\u044f\u044f \u043f\u0440\u043e\u0446\u0435\u0441\u0441\u044b \u0441\u0442\u0430\u0440\u0435\u043d\u0438\u044f \u0438 \u0443\u0432\u044f\u0434\u0430\u043d\u0438\u044f.<\/li>\n<li>\u042d\u0444\u0444\u0435\u043a\u0442\u0438\u0432\u043d\u043e \u043c\u0438\u043d\u0438\u043c\u0438\u0437\u0438\u0440\u0443\u0435\u0442 \u0442\u043e\u043d\u043a\u0438\u0435 \u043b\u0438\u043d\u0438\u0438 \u0432\u043e\u043a\u0440\u0443\u0433 \u0433\u043b\u0430\u0437 \u0438 \u0440\u0442\u0430, \u0430 \u0442\u0430\u043a\u0436\u0435 \u0433\u043b\u0443\u0431\u043e\u043a\u0438\u0435 \u043c\u043e\u0440\u0449\u0438\u043d\u044b, \u0442\u0430\u043a\u0438\u0435 \u043a\u0430\u043a \u043d\u043e\u0441\u043e\u0433\u0443\u0431\u043d\u044b\u0435 \u0438 \u043b\u043e\u0431\u043d\u044b\u0435 \u043b\u0438\u043d\u0438\u0438<\/li>\n<li>\u0412\u043e\u0441\u0441\u0442\u0430\u043d\u0430\u0432\u043b\u0438\u0432\u0430\u0435\u0442 \u044d\u043b\u0430\u0441\u0442\u0438\u0447\u043d\u043e\u0441\u0442\u044c \u0438 \u0443\u043f\u0440\u0443\u0433\u043e\u0441\u0442\u044c \u0442\u0443\u0441\u043a\u043b\u043e\u0439, \u0432\u044f\u043b\u043e\u0439 \u043a\u043e\u0436\u0438, \u0433\u043b\u0443\u0431\u043e\u043a\u043e \u043f\u0438\u0442\u0430\u044f \u0438 \u0443\u0432\u043b\u0430\u0436\u043d\u044f\u044f \u0435\u0435.<\/li>\n<li>\u041f\u0440\u0435\u0434\u043e\u0442\u0432\u0440\u0430\u0449\u0430\u0435\u0442 \u0440\u0430\u0437\u0432\u0438\u0442\u0438\u0435 \u043c\u043e\u0440\u0449\u0438\u043d \u0438 \u043f\u043e\u0442\u0435\u0440\u044e \u044d\u043b\u0430\u0441\u0442\u0438\u0447\u043d\u043e\u0441\u0442\u0438, \u0432\u044b\u0437\u0432\u0430\u043d\u043d\u0443\u044e \u043e\u0431\u0435\u0437\u0432\u043e\u0436\u0438\u0432\u0430\u043d\u0438\u0435\u043c.<\/li>\n<li>\u041e\u0431\u0435\u0441\u043f\u0435\u0447\u0438\u0432\u0430\u0435\u0442 \u0437\u0430\u043c\u0435\u0442\u043d\u044b\u0439 \u044d\u0444\u0444\u0435\u043a\u0442 \u043b\u0438\u0444\u0442\u0438\u043d\u0433\u0430, \u0442\u043e\u043d\u0438\u0437\u0438\u0440\u0443\u044f \u0438 \u0443\u043a\u0440\u0435\u043f\u043b\u044f\u044f \u043b\u0438\u0446\u043e \u0434\u043b\u044f \u0431\u043e\u043b\u0435\u0435 \u0433\u043b\u0430\u0434\u043a\u043e\u0439, \u0431\u043e\u043b\u0435\u0435 \u0443\u043f\u0440\u0443\u0433\u043e\u0439 \u043a\u043e\u0436\u0438.<\/li>\n<\/ul>\n<p>\u0421\u044b\u0432\u043e\u0440\u043e\u0442\u043a\u0430 \u0438\u043c\u0435\u0435\u0442 \u043a\u0440\u0435\u043c\u043e\u0432\u0443\u044e \u0442\u0435\u043a\u0441\u0442\u0443\u0440\u0443, \u043a\u043e\u0442\u043e\u0440\u0430\u044f \u043f\u043e\u0441\u0442\u0435\u043f\u0435\u043d\u043d\u043e \u0432\u043f\u0438\u0442\u044b\u0432\u0430\u0435\u0442\u0441\u044f \u0432 \u043a\u043e\u0436\u0443 \u0431\u0435\u0437 \u0443\u0442\u044f\u0436\u0435\u043b\u0435\u043d\u0438\u044f \u0438\u043b\u0438 \u0436\u0438\u0440\u043d\u043e\u0441\u0442\u0438.<\/p>\n<p><strong>\u0412 \u0435\u0451 \u0441\u043e\u0441\u0442\u0430\u0432 \u0432\u0445\u043e\u0434\u044f\u0442 \u0441\u043f\u0438\u043a\u0443\u043b\u044b (\u0431\u0438\u043e\u0441\u043f\u0438\u043a\u0443\u043b\u044b), \u043a\u043e\u0442\u043e\u0440\u044b\u0435 \u043f\u043e\u043c\u043e\u0433\u0430\u044e\u0442 \u0430\u043a\u0442\u0438\u0432\u043d\u044b\u043c \u043a\u043e\u043c\u043f\u043e\u043d\u0435\u043d\u0442\u0430\u043c \u043f\u0440\u043e\u043d\u0438\u043a\u0430\u0442\u044c \u0432 \u0431\u043e\u043b\u0435\u0435 \u0433\u043b\u0443\u0431\u043e\u043a\u0438\u0435 \u0441\u043b\u043e\u0438 \u044d\u043f\u0438\u0434\u0435\u0440\u043c\u0438\u0441\u0430, \u043d\u0435 \u0432\u044b\u0437\u044b\u0432\u0430\u044f \u043f\u0440\u0438 \u044d\u0442\u043e\u043c \u0440\u0430\u0437\u0434\u0440\u0430\u0436\u0435\u043d\u0438\u0435, \u043d\u043e \u0441\u0442\u0438\u043c\u0443\u043b\u0438\u0440\u0443\u044f \u043a\u043e\u0436\u0443 \u043a \u043f\u0440\u043e\u0446\u0435\u0441\u0441\u0430\u043c \u043e\u0431\u043d\u043e\u0432\u043b\u0435\u043d\u0438\u044f \u0438 \u043e\u043c\u043e\u043b\u043e\u0436\u0435\u043d\u0438\u044f.<\/strong><\/p>\n<p>\u041f\u0440\u043e\u0434\u0443\u043a\u0442 \u0438\u0441\u043f\u043e\u043b\u044c\u0437\u0443\u0435\u0442 \u0432\u0438\u0442\u0430\u043c\u0438\u043d\u043d\u044b\u0439 \u043a\u043e\u043c\u043f\u043b\u0435\u043a\u0441 \u0434\u043b\u044f \u0432\u043e\u0441\u0441\u0442\u0430\u043d\u043e\u0432\u043b\u0435\u043d\u0438\u044f \u0435\u0441\u0442\u0435\u0441\u0442\u0432\u0435\u043d\u043d\u043e\u0433\u043e \u0441\u0438\u044f\u043d\u0438\u044f \u0438 \u043a\u0440\u0430\u0441\u043e\u0442\u044b \u043a\u043e\u0436\u0438. \u0412\u043a\u043b\u044e\u0447\u0435\u043d\u0438\u0435 \u0441\u043f\u0438\u043a\u0443\u043b (\u0431\u0438\u043e\u0441\u043f\u0438\u043a\u0443\u043b \u0438\u043b\u0438 \u0438\u0433\u043b) \u0441\u043f\u043e\u0441\u043e\u0431\u0441\u0442\u0432\u0443\u0435\u0442 \u0431\u043e\u043b\u0435\u0435 \u0433\u043b\u0443\u0431\u043e\u043a\u043e\u043c\u0443 \u043f\u0440\u043e\u043d\u0438\u043a\u043d\u043e\u0432\u0435\u043d\u0438\u044e \u0430\u043a\u0442\u0438\u0432\u043d\u044b\u0445 \u0438\u043d\u0433\u0440\u0435\u0434\u0438\u0435\u043d\u0442\u043e\u0432 \u0432 \u044d\u043f\u0438\u0434\u0435\u0440\u043c\u0430\u043b\u044c\u043d\u044b\u0435 \u0441\u043b\u043e\u0438, \u0447\u0442\u043e \u043f\u0440\u0438\u0432\u043e\u0434\u0438\u0442 \u043a \u043e\u0431\u043d\u043e\u0432\u043b\u0435\u043d\u0438\u044e \u0438 \u043e\u043c\u043e\u043b\u043e\u0436\u0435\u043d\u0438\u044e \u043a\u043e\u0436\u0438 \u0431\u0435\u0437 \u043a\u0430\u043a\u043e\u0433\u043e-\u043b\u0438\u0431\u043e \u0440\u0430\u0437\u0434\u0440\u0430\u0436\u0435\u043d\u0438\u044f.<\/p>\n<p><strong>\u0421\u043f\u043e\u0441\u043e\u0431 \u043f\u0440\u0438\u043c\u0435\u043d\u0435\u043d\u0438\u044f:<\/strong> \u043f\u043e\u0441\u043b\u0435 \u0438\u0441\u043f\u043e\u043b\u044c\u0437\u043e\u0432\u0430\u043d\u0438\u044f \u0442\u043e\u043d\u0435\u0440\u0430 \u0432\u043e\u0437\u044c\u043c\u0438\u0442\u0435 \u043d\u0435\u043e\u0431\u0445\u043e\u0434\u0438\u043c\u043e\u0435 \u043a\u043e\u043b\u0438\u0447\u0435\u0441\u0442\u0432\u043e \u0441\u044b\u0432\u043e\u0440\u043e\u0442\u043a\u0438 \u0438 \u0440\u0430\u0432\u043d\u043e\u043c\u0435\u0440\u043d\u043e \u043d\u0430\u043d\u0435\u0441\u0438\u0442\u0435 \u0435\u0451 \u043d\u0430 \u043b\u0438\u0446\u043e. \u041f\u043e\u0441\u043b\u0435 \u0441\u044b\u0432\u043e\u0440\u043e\u0442\u043a\u0438 \u0441\u043b\u0435\u0434\u0443\u0435\u0442 \u043d\u0430\u043d\u0435\u0441\u0442\u0438 \u043a\u0440\u0435\u043c \u0434\u043b\u044f \u043b\u0438\u0446\u0430.<\/p>\n<p>\u0421\u043e\u0441\u0442\u0430\u0432 <strong>Purified water, propanediol, glycerin, butylene glycol, niacinamide, isononyl isononanoate, lotus flower water (10,088<\/strong> ppm), ammonium acryloyldimethyltaurate\/VP copolymer, methyl gluceth-20, hydroxyacetophenone, polyglyceryl-10 laurate, 1,2-hexanediol, polyglyceryl-4 laurate, ethylhexylglycerin, adenosine, caprylyl\/capryl glucoside, guar gum, agar, disodium EDTA, lily of the valley extract, polyquaternium-51, sodium polyacrylate, scutellaria baicalensis leaf extract, white rice flower extract, cyanocobalamin, xanthan gum, drumstick seed oil, panthenol, caprylyl glycol, lactobacillus ferment, Hydrogenated Lecithin, Lysine, Glutamic Acid, Cysteine, Polyglyceryl-10 Stearate, Copper Tripeptide-1, Acetyl Hexapeptide-8, Palmitoyl Tripeptide-5, Palmitoyl Pentapeptide-4, Hyaluronic Acid, Urea, Tryptophan, Tripeptide-1, Threonine, Taurine, Sodium PCA, Serine, Proline, Palmitoyl Tripeptide-1, Ornithine, Methionine, Leucine, Histidine, Glycine, Citrulline, Aspartic Acid, Arginine, Alanine, Sodium Hyaluronate, Hexapeptide-9, Acetyl Octapeptide-3, Sodium Ascorbyl Phosphate, Nonapeptide-1, Apple Cell Culture Extract (0.001 ppm), Hydrolyzed Sodium Hyaluronate, Hydrolyzed Hyaluronic Acid, Yam Root Extract, Oligopeptide-32, Oligopeptide-29, Sodium Benzoate, Sodium Acetylated Hyaluronate, Pyridoxine, Nelumbo Nucifera Leaf Extract (0.0001 ppm), Hydroxypropyltrimonium Hyaluronate, Folic Acid, Biotin, Dimethylsilanol Hyaluronate, Sodium Hyaluronate Crosspolymer, Tocopherol, Sodium DNA (0.00001 ppm), Pentylene Glycol, Potassium Hyaluronate, Thiamine HCL, Riboflavin, Linoleic Acid, Beta-Carotene, Fragrance.<\/p>","protected":false},"excerpt":{"rendered":"<p>MEDI-PEEL Phyto PDRN Lifting Shot Ampoule \u2014 \u044d\u0442\u043e \u043c\u043e\u0449\u043d\u043e\u0435 \u0440\u0435\u0448\u0435\u043d\u0438\u0435, \u043f\u0440\u0435\u0434\u043d\u0430\u0437\u043d\u0430\u0447\u0435\u043d\u043d\u043e\u0435 \u0434\u043b\u044f \u0431\u043e\u0440\u044c\u0431\u044b \u0441\u043e \u0441\u0442\u0430\u0440\u0435\u043d\u0438\u0435\u043c \u043a\u043e\u0436\u0438 \u043b\u0438\u0446\u0430. \u041e\u0431\u043e\u0433\u0430\u0449\u0435\u043d\u043d\u0430\u044f \u0444\u0438\u0442\u043e\u044d\u043a\u0437\u043e\u0441\u043e\u043c\u0430\u043c\u0438 \u044f\u0431\u043b\u043e\u043a\u0430 \u0438 \u043f\u043e\u043b\u0438\u043d\u0443\u043a\u043b\u0435\u043e\u0442\u0438\u0434\u0430\u043c\u0438 \u043b\u043e\u0442\u043e\u0441\u0430 (PDRN), \u044d\u0442\u0430 \u0430\u043c\u043f\u0443\u043b\u0430 \u043e\u0431\u0435\u0441\u043f\u0435\u0447\u0438\u0432\u0430\u0435\u0442 \u043a\u043e\u043c\u043f\u043b\u0435\u043a\u0441\u043d\u043e\u0435 \u043e\u043c\u043e\u043b\u043e\u0436\u0435\u043d\u0438\u0435 \u043a\u043e\u0436\u0438, \u0432\u043e\u0441\u0441\u0442\u0430\u043d\u0430\u0432\u043b\u0438\u0432\u0430\u044f \u0435\u0435 \u0443\u043f\u0440\u0443\u0433\u043e\u0441\u0442\u044c \u0438 \u044d\u043b\u0430\u0441\u0442\u0438\u0447\u043d\u043e\u0441\u0442\u044c.<\/p>","protected":false},"featured_media":23523,"comment_status":"open","ping_status":"closed","template":"","meta":{"site-sidebar-layout":"default","site-content-layout":"","ast-site-content-layout":"default","site-content-style":"default","site-sidebar-style":"default","ast-global-header-display":"","ast-banner-title-visibility":"","ast-main-header-display":"","ast-hfb-above-header-display":"","ast-hfb-below-header-display":"","ast-hfb-mobile-header-display":"","site-post-title":"","ast-breadcrumbs-content":"","ast-featured-img":"","footer-sml-layout":"","theme-transparent-header-meta":"default","adv-header-id-meta":"","stick-header-meta":"","header-above-stick-meta":"","header-main-stick-meta":"","header-below-stick-meta":"","astra-migrate-meta-layouts":"set","ast-page-background-enabled":"default","ast-page-background-meta":{"desktop":{"background-color":"var(--ast-global-color-4)","background-image":"","background-repeat":"repeat","background-position":"center center","background-size":"auto","background-attachment":"scroll","background-type":"","background-media":"","overlay-type":"","overlay-color":"","overlay-opacity":"","overlay-gradient":""},"tablet":{"background-color":"","background-image":"","background-repeat":"repeat","background-position":"center center","background-size":"auto","background-attachment":"scroll","background-type":"","background-media":"","overlay-type":"","overlay-color":"","overlay-opacity":"","overlay-gradient":""},"mobile":{"background-color":"","background-image":"","background-repeat":"repeat","background-position":"center center","background-size":"auto","background-attachment":"scroll","background-type":"","background-media":"","overlay-type":"","overlay-color":"","overlay-opacity":"","overlay-gradient":""}},"ast-content-background-meta":{"desktop":{"background-color":"var(--ast-global-color-5)","background-image":"","background-repeat":"repeat","background-position":"center center","background-size":"auto","background-attachment":"scroll","background-type":"","background-media":"","overlay-type":"","overlay-color":"","overlay-opacity":"","overlay-gradient":""},"tablet":{"background-color":"var(--ast-global-color-5)","background-image":"","background-repeat":"repeat","background-position":"center center","background-size":"auto","background-attachment":"scroll","background-type":"","background-media":"","overlay-type":"","overlay-color":"","overlay-opacity":"","overlay-gradient":""},"mobile":{"background-color":"var(--ast-global-color-5)","background-image":"","background-repeat":"repeat","background-position":"center center","background-size":"auto","background-attachment":"scroll","background-type":"","background-media":"","overlay-type":"","overlay-color":"","overlay-opacity":"","overlay-gradient":""}}},"product_brand":[],"product_cat":[370,371,652,363],"product_tag":[],"berocket_brand":[583],"class_list":{"0":"post-23521","1":"product","2":"type-product","3":"status-publish","4":"has-post-thumbnail","6":"product_cat-adas-mirdzumam","7":"product_cat-anti-age","8":"product_cat-pdrn","9":"product_cat-serumi","10":"berocket_brand-medi-peel","11":"desktop-align-left","12":"tablet-align-left","13":"mobile-align-left","15":"first","16":"instock","17":"taxable","18":"shipping-taxable","19":"purchasable","20":"product-type-simple","21":"add-to-wishlist-before_image"},"yoast_head":"<!-- This site is optimized with the Yoast SEO plugin v27.4 - https:\/\/yoast.com\/product\/yoast-seo-wordpress\/ -->\n<title>MEDI-PEEL Phyto PDRN Lifting Shot Ampoule 100ml - FACECORNER<\/title>\n<meta name=\"description\" content=\"MEDI-PEEL Phyto PDRN Lifting Shot Ampoule ir sp\u0113c\u012bgs l\u012bdzeklis, kas paredz\u0113ts c\u012b\u0146ai pret sejas \u0101das noveco\u0161anos. \u0160\u012b ampula, kas bag\u0101tin\u0101ta ar Apple Phyto\" \/>\n<meta name=\"robots\" content=\"index, follow, max-snippet:-1, max-image-preview:large, max-video-preview:-1\" \/>\n<link rel=\"canonical\" href=\"https:\/\/www.facecorner.lv\/ru\/shop\/medi-peel-phyto-pdrn-lifting-shot-ampoule-100ml\/\" \/>\n<meta property=\"og:locale\" content=\"ru_RU\" \/>\n<meta property=\"og:type\" content=\"article\" \/>\n<meta property=\"og:title\" content=\"MEDI-PEEL Phyto PDRN Lifting Shot Ampoule 100ml - FACECORNER\" \/>\n<meta property=\"og:description\" content=\"MEDI-PEEL Phyto PDRN Lifting Shot Ampoule ir sp\u0113c\u012bgs l\u012bdzeklis, kas paredz\u0113ts c\u012b\u0146ai pret sejas \u0101das noveco\u0161anos. \u0160\u012b ampula, kas bag\u0101tin\u0101ta ar Apple Phyto\" \/>\n<meta property=\"og:url\" content=\"https:\/\/www.facecorner.lv\/ru\/shop\/medi-peel-phyto-pdrn-lifting-shot-ampoule-100ml\/\" \/>\n<meta property=\"og:site_name\" content=\"FACECORNER\" \/>\n<meta property=\"article:publisher\" content=\"https:\/\/www.facebook.com\/profile.php?id=100063824551839\" \/>\n<meta property=\"article:modified_time\" content=\"2026-05-05T11:35:57+00:00\" \/>\n<meta property=\"og:image\" content=\"https:\/\/www.facecorner.lv\/wp-content\/uploads\/2025\/02\/medipeel_500395-650x650-2.jpg\" \/>\n\t<meta property=\"og:image:width\" content=\"650\" \/>\n\t<meta property=\"og:image:height\" content=\"650\" \/>\n\t<meta property=\"og:image:type\" content=\"image\/jpeg\" \/>\n<meta name=\"twitter:card\" content=\"summary_large_image\" \/>\n<meta name=\"twitter:label1\" content=\"\u0426\u0435\u043d\u0430\" \/>\n\t<meta name=\"twitter:data1\" content=\"&euro;35.00\" \/>\n\t<meta name=\"twitter:label2\" content=\"\u0414\u043e\u0441\u0442\u0443\u043f\u043d\u043e\u0441\u0442\u044c\" \/>\n\t<meta name=\"twitter:data2\" content=\"\u0412 \u043d\u0430\u043b\u0438\u0447\u0438\u0438\" \/>\n<script type=\"application\/ld+json\" class=\"yoast-schema-graph\">{\"@context\":\"https:\\\/\\\/schema.org\",\"@graph\":[{\"@type\":\"WebPage\",\"@id\":\"https:\\\/\\\/www.facecorner.lv\\\/shop\\\/medi-peel-phyto-pdrn-lifting-shot-ampoule-100ml\\\/\",\"url\":\"https:\\\/\\\/www.facecorner.lv\\\/shop\\\/medi-peel-phyto-pdrn-lifting-shot-ampoule-100ml\\\/\",\"name\":\"MEDI-PEEL Phyto PDRN Lifting Shot Ampoule 100ml - FACECORNER\",\"isPartOf\":{\"@id\":\"https:\\\/\\\/www.facecorner.lv\\\/#website\"},\"primaryImageOfPage\":{\"@id\":\"https:\\\/\\\/www.facecorner.lv\\\/shop\\\/medi-peel-phyto-pdrn-lifting-shot-ampoule-100ml\\\/#primaryimage\"},\"image\":{\"@id\":\"https:\\\/\\\/www.facecorner.lv\\\/shop\\\/medi-peel-phyto-pdrn-lifting-shot-ampoule-100ml\\\/#primaryimage\"},\"thumbnailUrl\":\"https:\\\/\\\/www.facecorner.lv\\\/wp-content\\\/uploads\\\/2025\\\/02\\\/medipeel_500395-650x650-2.jpg\",\"datePublished\":\"2025-02-27T19:54:49+00:00\",\"dateModified\":\"2026-05-05T11:35:57+00:00\",\"description\":\"MEDI-PEEL Phyto PDRN Lifting Shot Ampoule ir sp\u0113c\u012bgs l\u012bdzeklis, kas paredz\u0113ts c\u012b\u0146ai pret sejas \u0101das noveco\u0161anos. \u0160\u012b ampula, kas bag\u0101tin\u0101ta ar Apple Phyto\",\"breadcrumb\":{\"@id\":\"https:\\\/\\\/www.facecorner.lv\\\/shop\\\/medi-peel-phyto-pdrn-lifting-shot-ampoule-100ml\\\/#breadcrumb\"},\"inLanguage\":\"ru-RU\",\"potentialAction\":[{\"@type\":\"ReadAction\",\"target\":[\"https:\\\/\\\/www.facecorner.lv\\\/shop\\\/medi-peel-phyto-pdrn-lifting-shot-ampoule-100ml\\\/\"]}]},{\"@type\":\"ImageObject\",\"inLanguage\":\"ru-RU\",\"@id\":\"https:\\\/\\\/www.facecorner.lv\\\/shop\\\/medi-peel-phyto-pdrn-lifting-shot-ampoule-100ml\\\/#primaryimage\",\"url\":\"https:\\\/\\\/www.facecorner.lv\\\/wp-content\\\/uploads\\\/2025\\\/02\\\/medipeel_500395-650x650-2.jpg\",\"contentUrl\":\"https:\\\/\\\/www.facecorner.lv\\\/wp-content\\\/uploads\\\/2025\\\/02\\\/medipeel_500395-650x650-2.jpg\",\"width\":650,\"height\":650},{\"@type\":\"BreadcrumbList\",\"@id\":\"https:\\\/\\\/www.facecorner.lv\\\/shop\\\/medi-peel-phyto-pdrn-lifting-shot-ampoule-100ml\\\/#breadcrumb\",\"itemListElement\":[{\"@type\":\"ListItem\",\"position\":1,\"name\":\"Home\",\"item\":\"https:\\\/\\\/www.facecorner.lv\\\/\"},{\"@type\":\"ListItem\",\"position\":2,\"name\":\"Veikals\",\"item\":\"https:\\\/\\\/www.facecorner.lv\\\/shop\\\/\"},{\"@type\":\"ListItem\",\"position\":3,\"name\":\"MEDI-PEEL Phyto PDRN Lifting Shot Ampoule 100ml\"}]},{\"@type\":\"WebSite\",\"@id\":\"https:\\\/\\\/www.facecorner.lv\\\/#website\",\"url\":\"https:\\\/\\\/www.facecorner.lv\\\/\",\"name\":\"Facecorner\",\"description\":\"\",\"publisher\":{\"@id\":\"https:\\\/\\\/www.facecorner.lv\\\/#organization\"},\"potentialAction\":[{\"@type\":\"SearchAction\",\"target\":{\"@type\":\"EntryPoint\",\"urlTemplate\":\"https:\\\/\\\/www.facecorner.lv\\\/?s={search_term_string}\"},\"query-input\":{\"@type\":\"PropertyValueSpecification\",\"valueRequired\":true,\"valueName\":\"search_term_string\"}}],\"inLanguage\":\"ru-RU\"},{\"@type\":\"Organization\",\"@id\":\"https:\\\/\\\/www.facecorner.lv\\\/#organization\",\"name\":\"Facecorner\",\"url\":\"https:\\\/\\\/www.facecorner.lv\\\/\",\"logo\":{\"@type\":\"ImageObject\",\"inLanguage\":\"ru-RU\",\"@id\":\"https:\\\/\\\/www.facecorner.lv\\\/#\\\/schema\\\/logo\\\/image\\\/\",\"url\":\"https:\\\/\\\/www.facecorner.lv\\\/wp-content\\\/uploads\\\/2024\\\/04\\\/fc-logo.jpg\",\"contentUrl\":\"https:\\\/\\\/www.facecorner.lv\\\/wp-content\\\/uploads\\\/2024\\\/04\\\/fc-logo.jpg\",\"width\":174,\"height\":28,\"caption\":\"Facecorner\"},\"image\":{\"@id\":\"https:\\\/\\\/www.facecorner.lv\\\/#\\\/schema\\\/logo\\\/image\\\/\"},\"sameAs\":[\"https:\\\/\\\/www.facebook.com\\\/profile.php?id=100063824551839\",\"https:\\\/\\\/www.instagram.com\\\/facecorner_shop\\\/\"]}]}<\/script>\n<meta property=\"product:price:amount\" content=\"35.00\" \/>\n<meta property=\"product:price:currency\" content=\"EUR\" \/>\n<meta property=\"og:availability\" content=\"instock\" \/>\n<meta property=\"product:availability\" content=\"instock\" \/>\n<meta property=\"product:condition\" content=\"new\" \/>\n<!-- \/ Yoast SEO plugin. -->","yoast_head_json":{"title":"MEDI-PEEL Phyto PDRN Lifting Shot Ampoule 100ml - FACECORNER","description":"MEDI-PEEL Phyto PDRN Lifting Shot Ampoule ir sp\u0113c\u012bgs l\u012bdzeklis, kas paredz\u0113ts c\u012b\u0146ai pret sejas \u0101das noveco\u0161anos. \u0160\u012b ampula, kas bag\u0101tin\u0101ta ar Apple Phyto","robots":{"index":"index","follow":"follow","max-snippet":"max-snippet:-1","max-image-preview":"max-image-preview:large","max-video-preview":"max-video-preview:-1"},"canonical":"https:\/\/www.facecorner.lv\/ru\/shop\/medi-peel-phyto-pdrn-lifting-shot-ampoule-100ml\/","og_locale":"ru_RU","og_type":"article","og_title":"MEDI-PEEL Phyto PDRN Lifting Shot Ampoule 100ml - FACECORNER","og_description":"MEDI-PEEL Phyto PDRN Lifting Shot Ampoule ir sp\u0113c\u012bgs l\u012bdzeklis, kas paredz\u0113ts c\u012b\u0146ai pret sejas \u0101das noveco\u0161anos. \u0160\u012b ampula, kas bag\u0101tin\u0101ta ar Apple Phyto","og_url":"https:\/\/www.facecorner.lv\/ru\/shop\/medi-peel-phyto-pdrn-lifting-shot-ampoule-100ml\/","og_site_name":"FACECORNER","article_publisher":"https:\/\/www.facebook.com\/profile.php?id=100063824551839","article_modified_time":"2026-05-05T11:35:57+00:00","og_image":[{"width":650,"height":650,"url":"https:\/\/www.facecorner.lv\/wp-content\/uploads\/2025\/02\/medipeel_500395-650x650-2.jpg","type":"image\/jpeg"}],"twitter_card":"summary_large_image","twitter_misc":{"\u0426\u0435\u043d\u0430":"&euro;35.00","\u0414\u043e\u0441\u0442\u0443\u043f\u043d\u043e\u0441\u0442\u044c":"\u0412 \u043d\u0430\u043b\u0438\u0447\u0438\u0438"},"schema":{"@context":"https:\/\/schema.org","@graph":[{"@type":"WebPage","@id":"https:\/\/www.facecorner.lv\/shop\/medi-peel-phyto-pdrn-lifting-shot-ampoule-100ml\/","url":"https:\/\/www.facecorner.lv\/shop\/medi-peel-phyto-pdrn-lifting-shot-ampoule-100ml\/","name":"MEDI-PEEL Phyto PDRN Lifting Shot Ampoule 100ml - FACECORNER","isPartOf":{"@id":"https:\/\/www.facecorner.lv\/#website"},"primaryImageOfPage":{"@id":"https:\/\/www.facecorner.lv\/shop\/medi-peel-phyto-pdrn-lifting-shot-ampoule-100ml\/#primaryimage"},"image":{"@id":"https:\/\/www.facecorner.lv\/shop\/medi-peel-phyto-pdrn-lifting-shot-ampoule-100ml\/#primaryimage"},"thumbnailUrl":"https:\/\/www.facecorner.lv\/wp-content\/uploads\/2025\/02\/medipeel_500395-650x650-2.jpg","datePublished":"2025-02-27T19:54:49+00:00","dateModified":"2026-05-05T11:35:57+00:00","description":"MEDI-PEEL Phyto PDRN Lifting Shot Ampoule ir sp\u0113c\u012bgs l\u012bdzeklis, kas paredz\u0113ts c\u012b\u0146ai pret sejas \u0101das noveco\u0161anos. \u0160\u012b ampula, kas bag\u0101tin\u0101ta ar Apple Phyto","breadcrumb":{"@id":"https:\/\/www.facecorner.lv\/shop\/medi-peel-phyto-pdrn-lifting-shot-ampoule-100ml\/#breadcrumb"},"inLanguage":"ru-RU","potentialAction":[{"@type":"ReadAction","target":["https:\/\/www.facecorner.lv\/shop\/medi-peel-phyto-pdrn-lifting-shot-ampoule-100ml\/"]}]},{"@type":"ImageObject","inLanguage":"ru-RU","@id":"https:\/\/www.facecorner.lv\/shop\/medi-peel-phyto-pdrn-lifting-shot-ampoule-100ml\/#primaryimage","url":"https:\/\/www.facecorner.lv\/wp-content\/uploads\/2025\/02\/medipeel_500395-650x650-2.jpg","contentUrl":"https:\/\/www.facecorner.lv\/wp-content\/uploads\/2025\/02\/medipeel_500395-650x650-2.jpg","width":650,"height":650},{"@type":"BreadcrumbList","@id":"https:\/\/www.facecorner.lv\/shop\/medi-peel-phyto-pdrn-lifting-shot-ampoule-100ml\/#breadcrumb","itemListElement":[{"@type":"ListItem","position":1,"name":"Home","item":"https:\/\/www.facecorner.lv\/"},{"@type":"ListItem","position":2,"name":"Veikals","item":"https:\/\/www.facecorner.lv\/shop\/"},{"@type":"ListItem","position":3,"name":"MEDI-PEEL Phyto PDRN Lifting Shot Ampoule 100ml"}]},{"@type":"WebSite","@id":"https:\/\/www.facecorner.lv\/#website","url":"https:\/\/www.facecorner.lv\/","name":"Facecorner","description":"","publisher":{"@id":"https:\/\/www.facecorner.lv\/#organization"},"potentialAction":[{"@type":"SearchAction","target":{"@type":"EntryPoint","urlTemplate":"https:\/\/www.facecorner.lv\/?s={search_term_string}"},"query-input":{"@type":"PropertyValueSpecification","valueRequired":true,"valueName":"search_term_string"}}],"inLanguage":"ru-RU"},{"@type":"Organization","@id":"https:\/\/www.facecorner.lv\/#organization","name":"Facecorner","url":"https:\/\/www.facecorner.lv\/","logo":{"@type":"ImageObject","inLanguage":"ru-RU","@id":"https:\/\/www.facecorner.lv\/#\/schema\/logo\/image\/","url":"https:\/\/www.facecorner.lv\/wp-content\/uploads\/2024\/04\/fc-logo.jpg","contentUrl":"https:\/\/www.facecorner.lv\/wp-content\/uploads\/2024\/04\/fc-logo.jpg","width":174,"height":28,"caption":"Facecorner"},"image":{"@id":"https:\/\/www.facecorner.lv\/#\/schema\/logo\/image\/"},"sameAs":["https:\/\/www.facebook.com\/profile.php?id=100063824551839","https:\/\/www.instagram.com\/facecorner_shop\/"]}]},"product_price_amount":"35.00","product_price_currency":"EUR","og_availability":"instock","product_availability":"instock","product_condition":"new"},"_links":{"self":[{"href":"https:\/\/www.facecorner.lv\/ru\/wp-json\/wp\/v2\/product\/23521","targetHints":{"allow":["GET"]}}],"collection":[{"href":"https:\/\/www.facecorner.lv\/ru\/wp-json\/wp\/v2\/product"}],"about":[{"href":"https:\/\/www.facecorner.lv\/ru\/wp-json\/wp\/v2\/types\/product"}],"replies":[{"embeddable":true,"href":"https:\/\/www.facecorner.lv\/ru\/wp-json\/wp\/v2\/comments?post=23521"}],"wp:featuredmedia":[{"embeddable":true,"href":"https:\/\/www.facecorner.lv\/ru\/wp-json\/wp\/v2\/media\/23523"}],"wp:attachment":[{"href":"https:\/\/www.facecorner.lv\/ru\/wp-json\/wp\/v2\/media?parent=23521"}],"wp:term":[{"taxonomy":"product_brand","embeddable":true,"href":"https:\/\/www.facecorner.lv\/ru\/wp-json\/wp\/v2\/product_brand?post=23521"},{"taxonomy":"product_cat","embeddable":true,"href":"https:\/\/www.facecorner.lv\/ru\/wp-json\/wp\/v2\/product_cat?post=23521"},{"taxonomy":"product_tag","embeddable":true,"href":"https:\/\/www.facecorner.lv\/ru\/wp-json\/wp\/v2\/product_tag?post=23521"},{"taxonomy":"berocket_brand","embeddable":true,"href":"https:\/\/www.facecorner.lv\/ru\/wp-json\/wp\/v2\/berocket_brand?post=23521"}],"curies":[{"name":"wp","href":"https:\/\/api.w.org\/{rel}","templated":true}]}}