{"id":23439,"date":"2025-02-19T14:45:07","date_gmt":"2025-02-19T11:45:07","guid":{"rendered":"https:\/\/www.facecorner.lv\/?post_type=product&#038;p=23439"},"modified":"2025-11-12T15:27:46","modified_gmt":"2025-11-12T12:27:46","slug":"hidrofila-ella-melnajiem-plankumiem-celimax-derma-nature-fresh-blackhead-jojoba-cleansing-oil-150ml","status":"publish","type":"product","link":"https:\/\/www.facecorner.lv\/ru\/shop\/hidrofila-ella-melnajiem-plankumiem-celimax-derma-nature-fresh-blackhead-jojoba-cleansing-oil-150ml\/","title":{"rendered":"\u0413\u0438\u0434\u0440\u043e\u0444\u0438\u043b\u044c\u043d\u043e\u0435 \u043c\u0430\u0441\u043b\u043e \u043e\u0442 \u0447\u0451\u0440\u043d\u044b\u0445 \u0442\u043e\u0447\u0435\u043a Celimax Derma Nature Fresh Blackhead Jojoba Cleansing Oil 150ml"},"content":{"rendered":"<p>\u0413\u0438\u0434\u0440\u043e\u0444\u0438\u043b\u044c\u043d\u043e\u0435 \u043c\u0430\u0441\u043b\u043e Celimax Derma Nature Fresh Blackhead Jojoba Cleansing Oil \u0431\u0435\u0440\u0435\u0436\u043d\u043e \u043e\u0447\u0438\u0449\u0430\u0435\u0442 \u043f\u043e\u0440\u044b, \u0443\u0441\u0442\u0440\u0430\u043d\u044f\u0435\u0442 \u0436\u0438\u0440\u043d\u044b\u0439 \u0431\u043b\u0435\u0441\u043a \u0438 \u0431\u043e\u0440\u0435\u0442\u0441\u044f \u0441 \u0447\u0451\u0440\u043d\u044b\u043c\u0438 \u0442\u043e\u0447\u043a\u0430\u043c\u0438, \u0443\u0434\u0430\u043b\u044f\u0435\u0442 \u0434\u0430\u0436\u0435 \u0441\u0442\u043e\u0439\u043a\u0438\u0439 \u043c\u0430\u043a\u0438\u044f\u0436.<\/p>\n<p>\u041f\u0440\u0438 \u0434\u043b\u0438\u0442\u0435\u043b\u044c\u043d\u043e\u043c \u0438\u0441\u043f\u043e\u043b\u044c\u0437\u043e\u0432\u0430\u043d\u0438\u0438 \u0441\u0440\u0435\u0434\u0441\u0442\u0432\u043e \u0443\u043c\u0435\u043d\u044c\u0448\u0430\u0435\u0442 \u0447\u0451\u0440\u043d\u044b\u0435 \u0442\u043e\u0447\u043a\u0438, \u043f\u0440\u0435\u0434\u043e\u0442\u0432\u0440\u0430\u0449\u0430\u0435\u0442 \u0437\u0430\u043a\u0443\u043f\u043e\u0440\u0438\u0432\u0430\u043d\u0438\u0435 \u043f\u043e\u0440 \u0438 \u043e\u0431\u0440\u0430\u0437\u043e\u0432\u0430\u043d\u0438\u0435 \u0432\u043e\u0441\u043f\u0430\u043b\u0435\u043d\u0438\u0439, \u043f\u0440\u0435\u043a\u0440\u0430\u0441\u043d\u043e \u043f\u043e\u0434\u0445\u043e\u0434\u0438\u0442 \u0434\u043b\u044f \u0436\u0438\u0440\u043d\u043e\u0439 \u043a\u043e\u0436\u0438, \u043d\u0435 \u043f\u0440\u043e\u0432\u043e\u0446\u0438\u0440\u0443\u0435\u0442 \u0440\u0430\u0437\u0434\u0440\u0430\u0436\u0435\u043d\u0438\u0435 \u0437\u043e\u043d\u044b \u0432\u043e\u043a\u0440\u0443\u0433 \u0433\u043b\u0430\u0437.<\/p>\n<p>\u041c\u0430\u0441\u043b\u043e \u0441 \u043d\u0435\u0436\u043d\u043e\u0439 \u0432\u043e\u0434\u044f\u043d\u0438\u0441\u0442\u043e\u0439 \u0442\u0435\u043a\u0441\u0442\u0443\u0440\u043e\u0439 \u043b\u0435\u0433\u043a\u043e \u0440\u0430\u0441\u043f\u0440\u0435\u0434\u0435\u043b\u044f\u0435\u0442\u0441\u044f \u0438 \u0441\u043c\u044b\u0432\u0430\u0435\u0442\u0441\u044f, \u043e\u0441\u0442\u0430\u0432\u043b\u044f\u0435\u0442 \u043e\u0449\u0443\u0449\u0435\u043d\u0438\u0435 \u0441\u0432\u0435\u0436\u0435\u0441\u0442\u0438 \u043f\u043e\u0441\u043b\u0435 \u043e\u0447\u0438\u0449\u0435\u043d\u0438\u044f, \u0431\u0435\u0437 \u0436\u0438\u0440\u043d\u043e\u0439 \u043f\u043b\u0451\u043d\u043a\u0438.<\/p>\n<p><strong>\u041e\u0441\u043d\u043e\u0432\u043d\u044b\u0435 \u0434\u0435\u0439\u0441\u0442\u0432\u0443\u044e\u0449\u0438\u0435 \u0438\u043d\u0433\u0440\u0435\u0434\u0438\u0435\u043d\u0442\u044b:<\/strong><\/p>\n<ul>\n<li>\u041c\u0430\u0441\u043b\u043e \u0436\u043e\u0436\u043e\u0431\u0430 (1500 ppm) \u0438\u043c\u0435\u0435\u0442 \u0441\u0442\u0440\u0443\u043a\u0442\u0443\u0440\u0443, \u0441\u0445\u043e\u0436\u0443\u044e \u0441 \u0441\u0435\u0431\u0443\u043c\u043e\u043c \u0447\u0435\u043b\u043e\u0432\u0435\u043a\u0430, \u0437\u0430 \u0441\u0447\u0451\u0442 \u0447\u0435\u0433\u043e \u043d\u043e\u0440\u043c\u0430\u043b\u0438\u0437\u0443\u0435\u0442 \u0433\u0438\u0434\u0440\u043e\u043b\u0438\u043f\u0438\u0434\u043d\u044b\u0439 \u0431\u0430\u043b\u0430\u043d\u0441 \u0438 \u0443\u043c\u0435\u043d\u044c\u0448\u0430\u0435\u0442 \u043f\u0440\u043e\u0434\u0443\u043a\u0446\u0438\u044e \u043a\u043e\u0436\u043d\u043e\u0433\u043e \u0436\u0438\u0440\u0430.<\/li>\n<li>\u041c\u0430\u0441\u043b\u043e \u043f\u043e\u0434\u0441\u043e\u043b\u043d\u0435\u0447\u043d\u0438\u043a\u0430 \u043f\u0438\u0442\u0430\u0435\u0442, \u0443\u0432\u043b\u0430\u0436\u043d\u044f\u0435\u0442, \u0432\u043e\u0441\u0441\u0442\u0430\u043d\u0430\u0432\u043b\u0438\u0432\u0430\u0435\u0442 \u0435\u0441\u0442\u0435\u0441\u0442\u0432\u0435\u043d\u043d\u044b\u0439 \u0437\u0430\u0449\u0438\u0442\u043d\u044b\u0439 \u0431\u0430\u0440\u044c\u0435\u0440, \u044f\u0432\u043b\u044f\u0435\u0442\u0441\u044f \u043d\u0435\u043a\u043e\u043c\u0435\u0434\u043e\u0433\u0435\u043d\u043d\u044b\u043c.<\/li>\n<li>\u041c\u0430\u0441\u043b\u043e \u0441\u043b\u0430\u0434\u043a\u043e\u0433\u043e \u043c\u0438\u043d\u0434\u0430\u043b\u044f \u043e\u0431\u0435\u0441\u043f\u0435\u0447\u0438\u0432\u0430\u0435\u0442 \u0430\u043d\u0442\u0438\u043e\u043a\u0441\u0438\u0434\u0430\u043d\u0442\u043d\u0443\u044e \u0437\u0430\u0449\u0438\u0442\u0443 \u043a\u043b\u0435\u0442\u043e\u043a, \u0440\u0430\u0437\u0433\u043b\u0430\u0436\u0438\u0432\u0430\u0435\u0442, \u0441\u043c\u044f\u0433\u0447\u0430\u0435\u0442 \u0438 \u0443\u0432\u043b\u0430\u0436\u043d\u044f\u0435\u0442.<\/li>\n<li>\u041c\u0430\u0441\u043b\u043e \u043e\u043b\u0438\u0432\u044b \u0443\u0441\u0442\u0440\u0430\u043d\u044f\u0435\u0442 \u0441\u0443\u0445\u043e\u0441\u0442\u044c \u0438 \u0448\u0435\u043b\u0443\u0448\u0435\u043d\u0438\u0435, \u0438\u043d\u0442\u0435\u043d\u0441\u0438\u0432\u043d\u043e \u0443\u0432\u043b\u0430\u0436\u043d\u044f\u0435\u0442 \u0438 \u043f\u0438\u0442\u0430\u0435\u0442, \u043e\u043a\u0430\u0437\u044b\u0432\u0430\u0435\u0442 \u0430\u043d\u0442\u0438\u043e\u043a\u0441\u0438\u0434\u0430\u043d\u0442\u043d\u044b\u0439 \u044d\u0444\u0444\u0435\u043a\u0442.<\/li>\n<li>\u042d\u043a\u0441\u0442\u0440\u0430\u043a\u0442 \u0437\u0435\u043b\u0451\u043d\u043e\u0433\u043e \u0447\u0430\u044f \u0442\u043e\u043d\u0438\u0437\u0438\u0440\u0443\u0435\u0442, \u043e\u0441\u0432\u0435\u0436\u0430\u0435\u0442, \u0431\u043e\u0440\u0435\u0442\u0441\u044f \u0441 \u0432\u043e\u0441\u043f\u0430\u043b\u0435\u043d\u0438\u0435\u043c, \u043f\u043e\u043c\u043e\u0433\u0430\u0435\u0442 \u0441\u043f\u0440\u0430\u0432\u0438\u0442\u044c\u0441\u044f \u0441 \u043d\u0435\u0433\u0430\u0442\u0438\u0432\u043d\u044b\u043c\u0438 \u043f\u043e\u0441\u043b\u0435\u0434\u0441\u0442\u0432\u0438\u044f\u043c\u0438 \u0423\u0424-\u0438\u0437\u043b\u0443\u0447\u0435\u043d\u0438\u044f, \u0443\u0441\u043f\u043e\u043a\u0430\u0438\u0432\u0430\u0435\u0442, \u043e\u0431\u043b\u0430\u0434\u0430\u0435\u0442 \u0430\u043d\u0442\u0438\u043c\u0438\u043a\u0440\u043e\u0431\u043d\u044b\u043c\u0438 \u0441\u0432\u043e\u0439\u0441\u0442\u0432\u0430\u043c\u0438.<\/li>\n<\/ul>\n<p><strong>\u0421\u043f\u043e\u0441\u043e\u0431 \u043f\u0440\u0438\u043c\u0435\u043d\u0435\u043d\u0438\u044f:<\/strong> \u043d\u0430\u043d\u0435\u0441\u0438\u0442\u0435 \u0441\u0440\u0435\u0434\u0441\u0442\u0432\u043e \u043d\u0430 \u0441\u0443\u0445\u0443\u044e \u043a\u043e\u0436\u0443, \u043c\u044f\u0433\u043a\u0438\u043c\u0438 \u043a\u0440\u0443\u0433\u043e\u0432\u044b\u043c\u0438 \u0434\u0432\u0438\u0436\u0435\u043d\u0438\u044f\u043c\u0438 \u0440\u0430\u0441\u043f\u0440\u0435\u0434\u0435\u043b\u0438\u0442\u0435 \u043f\u043e \u043b\u0438\u0446\u0443, \u0443\u043c\u043e\u0439\u0442\u0435\u0441\u044c, \u0434\u043e\u0431\u0430\u0432\u044c\u0442\u0435 \u043d\u0435\u043c\u043d\u043e\u0433\u043e \u0432\u043e\u0434\u044b, \u043f\u043e\u043c\u0430\u0441\u0441\u0438\u0440\u0443\u0439\u0442\u0435 \u0438 \u0441\u043c\u043e\u0439\u0442\u0435 \u0442\u0451\u043f\u043b\u043e\u0439 \u0432\u043e\u0434\u043e\u0439.<\/p>\n<p><strong>\u0421\u043e\u0441\u0442\u0430\u0432<\/strong>Ethylhexyl Palmitate, Sorbeth-30 Tetraoleate, Citrus Aurantium Bergamia (Bergamot) Fruit Oil, Water, Limnanthes Alba (Meadowfoam) Seed Oil, Simmondsia Chinensis (Jojoba) Seed Oil (1500ppm), Helianthus Annuus (Sunflower) Seed Oil, Prunus Amygdalus Dulcis (Sweet Almond) Oil, Olea Europaea (Olive) Fruit Oil, Vitis Vinifera (Grape) Seed Oil, Prunus Armeniaca (Apricot) Kernel Oil, Camellia Sinensis Leaf Extract, Alcohol, Zanthoxylum Piperitum Fruit Extract, Pulsatilla Koreana Extract, Usnea Barbata (Lichen) Extract,1,2-Hexanediol<\/p>","protected":false},"excerpt":{"rendered":"<p>\u0413\u0438\u0434\u0440\u043e\u0444\u0438\u043b\u044c\u043d\u043e\u0435 \u043c\u0430\u0441\u043b\u043e \u043e\u0442 \u0447\u0451\u0440\u043d\u044b\u0445 \u0442\u043e\u0447\u0435\u043a CelimaxDerma Nature Fresh Blackhead Jojoba Cleansing Oil \u2014 \u0445\u0438\u0442 \u0431\u0440\u0435\u043d\u0434\u0430. \u042d\u0442\u043e \u043e\u0441\u0432\u0435\u0436\u0430\u044e\u0449\u0435\u0435 \u0441\u0440\u0435\u0434\u0441\u0442\u0432\u043e \u0443\u0434\u0430\u043b\u044f\u0435\u0442 \u0434\u0430\u0436\u0435 \u0441\u0442\u043e\u0439\u043a\u0438\u0439 \u043c\u0430\u043a\u0438\u044f\u0436, \u0431\u043e\u0440\u0435\u0442\u0441\u044f \u0441 \u0447\u0451\u0440\u043d\u044b\u043c\u0438 \u0442\u043e\u0447\u043a\u0430\u043c\u0438 \u0438 \u043f\u0440\u0435\u0434\u043e\u0442\u0432\u0440\u0430\u0449\u0430\u0435\u0442 \u0437\u0430\u043a\u0443\u043f\u043e\u0440\u0438\u0432\u0430\u043d\u0438\u0435 \u043f\u043e\u0440, \u043b\u0435\u0433\u043a\u043e \u0441\u043c\u044b\u0432\u0430\u0435\u0442\u0441\u044f, \u043d\u0435 \u043e\u0441\u0442\u0430\u0432\u043b\u044f\u0435\u0442 \u0436\u0438\u0440\u043d\u043e\u0439 \u043f\u043b\u0451\u043d\u043a\u0438. \u0421\u043e\u0434\u0435\u0440\u0436\u0438\u0442 6 \u0440\u0430\u0441\u0442\u0438\u0442\u0435\u043b\u044c\u043d\u044b\u0445 \u043c\u0430\u0441\u0435\u043b \u0438 \u044d\u043a\u0441\u0442\u0440\u0430\u043a\u0442 \u0437\u0435\u043b\u0451\u043d\u043e\u0433\u043e \u0447\u0430\u044f.<\/p>","protected":false},"featured_media":23441,"comment_status":"open","ping_status":"closed","template":"","meta":{"site-sidebar-layout":"default","site-content-layout":"","ast-site-content-layout":"default","site-content-style":"default","site-sidebar-style":"default","ast-global-header-display":"","ast-banner-title-visibility":"","ast-main-header-display":"","ast-hfb-above-header-display":"","ast-hfb-below-header-display":"","ast-hfb-mobile-header-display":"","site-post-title":"","ast-breadcrumbs-content":"","ast-featured-img":"","footer-sml-layout":"","theme-transparent-header-meta":"default","adv-header-id-meta":"","stick-header-meta":"","header-above-stick-meta":"","header-main-stick-meta":"","header-below-stick-meta":"","astra-migrate-meta-layouts":"set","ast-page-background-enabled":"default","ast-page-background-meta":{"desktop":{"background-color":"var(--ast-global-color-4)","background-image":"","background-repeat":"repeat","background-position":"center center","background-size":"auto","background-attachment":"scroll","background-type":"","background-media":"","overlay-type":"","overlay-color":"","overlay-opacity":"","overlay-gradient":""},"tablet":{"background-color":"","background-image":"","background-repeat":"repeat","background-position":"center center","background-size":"auto","background-attachment":"scroll","background-type":"","background-media":"","overlay-type":"","overlay-color":"","overlay-opacity":"","overlay-gradient":""},"mobile":{"background-color":"","background-image":"","background-repeat":"repeat","background-position":"center center","background-size":"auto","background-attachment":"scroll","background-type":"","background-media":"","overlay-type":"","overlay-color":"","overlay-opacity":"","overlay-gradient":""}},"ast-content-background-meta":{"desktop":{"background-color":"var(--ast-global-color-5)","background-image":"","background-repeat":"repeat","background-position":"center center","background-size":"auto","background-attachment":"scroll","background-type":"","background-media":"","overlay-type":"","overlay-color":"","overlay-opacity":"","overlay-gradient":""},"tablet":{"background-color":"var(--ast-global-color-5)","background-image":"","background-repeat":"repeat","background-position":"center center","background-size":"auto","background-attachment":"scroll","background-type":"","background-media":"","overlay-type":"","overlay-color":"","overlay-opacity":"","overlay-gradient":""},"mobile":{"background-color":"var(--ast-global-color-5)","background-image":"","background-repeat":"repeat","background-position":"center center","background-size":"auto","background-attachment":"scroll","background-type":"","background-media":"","overlay-type":"","overlay-color":"","overlay-opacity":"","overlay-gradient":""}}},"product_brand":[],"product_cat":[321],"product_tag":[],"berocket_brand":[604],"class_list":{"0":"post-23439","1":"product","2":"type-product","3":"status-publish","4":"has-post-thumbnail","6":"product_cat-hidrofila-ella","7":"berocket_brand-celimax","8":"desktop-align-left","9":"tablet-align-left","10":"mobile-align-left","12":"first","13":"outofstock","14":"taxable","15":"shipping-taxable","16":"purchasable","17":"product-type-simple","18":"add-to-wishlist-before_image"},"yoast_head":"<!-- This site is optimized with the Yoast SEO plugin v27.4 - https:\/\/yoast.com\/product\/yoast-seo-wordpress\/ -->\n<title>Hidrof\u012bl\u0101 e\u013c\u013ca melnajiem plankumiem Celimax Derma Nature Fresh Blackhead Jojoba Cleansing Oil 150ml - FACECORNER<\/title>\n<meta name=\"description\" content=\"Celimax Derma Nature Fresh Blackhead Jojoba Cleansing Oil maigi att\u012bra poras, nov\u0113r\u0161 taukainu sp\u012bdumu, c\u012bn\u0101s ar melnajiem plankumiem\" \/>\n<meta name=\"robots\" content=\"index, follow, max-snippet:-1, max-image-preview:large, max-video-preview:-1\" \/>\n<link rel=\"canonical\" href=\"https:\/\/www.facecorner.lv\/ru\/shop\/hidrofila-ella-melnajiem-plankumiem-celimax-derma-nature-fresh-blackhead-jojoba-cleansing-oil-150ml\/\" \/>\n<meta property=\"og:locale\" content=\"ru_RU\" \/>\n<meta property=\"og:type\" content=\"article\" \/>\n<meta property=\"og:title\" content=\"Hidrof\u012bl\u0101 e\u013c\u013ca melnajiem plankumiem Celimax Derma Nature Fresh Blackhead Jojoba Cleansing Oil 150ml - FACECORNER\" \/>\n<meta property=\"og:description\" content=\"Celimax Derma Nature Fresh Blackhead Jojoba Cleansing Oil maigi att\u012bra poras, nov\u0113r\u0161 taukainu sp\u012bdumu, c\u012bn\u0101s ar melnajiem plankumiem\" \/>\n<meta property=\"og:url\" content=\"https:\/\/www.facecorner.lv\/ru\/shop\/hidrofila-ella-melnajiem-plankumiem-celimax-derma-nature-fresh-blackhead-jojoba-cleansing-oil-150ml\/\" \/>\n<meta property=\"og:site_name\" content=\"FACECORNER\" \/>\n<meta property=\"article:publisher\" content=\"https:\/\/www.facebook.com\/profile.php?id=100063824551839\" \/>\n<meta property=\"article:modified_time\" content=\"2025-11-12T12:27:46+00:00\" \/>\n<meta property=\"og:image\" content=\"https:\/\/www.facecorner.lv\/wp-content\/uploads\/2025\/02\/img761136_17763.jpg\" \/>\n\t<meta property=\"og:image:width\" content=\"600\" \/>\n\t<meta property=\"og:image:height\" content=\"600\" \/>\n\t<meta property=\"og:image:type\" content=\"image\/jpeg\" \/>\n<meta name=\"twitter:card\" content=\"summary_large_image\" \/>\n<meta name=\"twitter:label1\" content=\"\u0426\u0435\u043d\u0430\" \/>\n\t<meta name=\"twitter:data1\" content=\"&euro;19.90\" \/>\n\t<meta name=\"twitter:label2\" content=\"\u0414\u043e\u0441\u0442\u0443\u043f\u043d\u043e\u0441\u0442\u044c\" \/>\n\t<meta name=\"twitter:data2\" content=\"\u0420\u0430\u0441\u043f\u0440\u043e\u0434\u0430\u043d\u043e\" \/>\n<script type=\"application\/ld+json\" class=\"yoast-schema-graph\">{\"@context\":\"https:\\\/\\\/schema.org\",\"@graph\":[{\"@type\":\"WebPage\",\"@id\":\"https:\\\/\\\/www.facecorner.lv\\\/shop\\\/hidrofila-ella-melnajiem-plankumiem-celimax-derma-nature-fresh-blackhead-jojoba-cleansing-oil-150ml\\\/\",\"url\":\"https:\\\/\\\/www.facecorner.lv\\\/shop\\\/hidrofila-ella-melnajiem-plankumiem-celimax-derma-nature-fresh-blackhead-jojoba-cleansing-oil-150ml\\\/\",\"name\":\"Hidrof\u012bl\u0101 e\u013c\u013ca melnajiem plankumiem Celimax Derma Nature Fresh Blackhead Jojoba Cleansing Oil 150ml - FACECORNER\",\"isPartOf\":{\"@id\":\"https:\\\/\\\/www.facecorner.lv\\\/#website\"},\"primaryImageOfPage\":{\"@id\":\"https:\\\/\\\/www.facecorner.lv\\\/shop\\\/hidrofila-ella-melnajiem-plankumiem-celimax-derma-nature-fresh-blackhead-jojoba-cleansing-oil-150ml\\\/#primaryimage\"},\"image\":{\"@id\":\"https:\\\/\\\/www.facecorner.lv\\\/shop\\\/hidrofila-ella-melnajiem-plankumiem-celimax-derma-nature-fresh-blackhead-jojoba-cleansing-oil-150ml\\\/#primaryimage\"},\"thumbnailUrl\":\"https:\\\/\\\/www.facecorner.lv\\\/wp-content\\\/uploads\\\/2025\\\/02\\\/img761136_17763.jpg\",\"datePublished\":\"2025-02-19T11:45:07+00:00\",\"dateModified\":\"2025-11-12T12:27:46+00:00\",\"description\":\"Celimax Derma Nature Fresh Blackhead Jojoba Cleansing Oil maigi att\u012bra poras, nov\u0113r\u0161 taukainu sp\u012bdumu, c\u012bn\u0101s ar melnajiem plankumiem\",\"breadcrumb\":{\"@id\":\"https:\\\/\\\/www.facecorner.lv\\\/shop\\\/hidrofila-ella-melnajiem-plankumiem-celimax-derma-nature-fresh-blackhead-jojoba-cleansing-oil-150ml\\\/#breadcrumb\"},\"inLanguage\":\"ru-RU\",\"potentialAction\":[{\"@type\":\"ReadAction\",\"target\":[\"https:\\\/\\\/www.facecorner.lv\\\/shop\\\/hidrofila-ella-melnajiem-plankumiem-celimax-derma-nature-fresh-blackhead-jojoba-cleansing-oil-150ml\\\/\"]}]},{\"@type\":\"ImageObject\",\"inLanguage\":\"ru-RU\",\"@id\":\"https:\\\/\\\/www.facecorner.lv\\\/shop\\\/hidrofila-ella-melnajiem-plankumiem-celimax-derma-nature-fresh-blackhead-jojoba-cleansing-oil-150ml\\\/#primaryimage\",\"url\":\"https:\\\/\\\/www.facecorner.lv\\\/wp-content\\\/uploads\\\/2025\\\/02\\\/img761136_17763.jpg\",\"contentUrl\":\"https:\\\/\\\/www.facecorner.lv\\\/wp-content\\\/uploads\\\/2025\\\/02\\\/img761136_17763.jpg\",\"width\":600,\"height\":600,\"caption\":\"Celimax Derma Nature Fresh Blackhead Jojoba Cleansing Oil\"},{\"@type\":\"BreadcrumbList\",\"@id\":\"https:\\\/\\\/www.facecorner.lv\\\/shop\\\/hidrofila-ella-melnajiem-plankumiem-celimax-derma-nature-fresh-blackhead-jojoba-cleansing-oil-150ml\\\/#breadcrumb\",\"itemListElement\":[{\"@type\":\"ListItem\",\"position\":1,\"name\":\"Home\",\"item\":\"https:\\\/\\\/www.facecorner.lv\\\/\"},{\"@type\":\"ListItem\",\"position\":2,\"name\":\"Veikals\",\"item\":\"https:\\\/\\\/www.facecorner.lv\\\/shop\\\/\"},{\"@type\":\"ListItem\",\"position\":3,\"name\":\"Hidrof\u012bl\u0101 e\u013c\u013ca melnajiem plankumiem Celimax Derma Nature Fresh Blackhead Jojoba Cleansing Oil 150ml\"}]},{\"@type\":\"WebSite\",\"@id\":\"https:\\\/\\\/www.facecorner.lv\\\/#website\",\"url\":\"https:\\\/\\\/www.facecorner.lv\\\/\",\"name\":\"Facecorner\",\"description\":\"\",\"publisher\":{\"@id\":\"https:\\\/\\\/www.facecorner.lv\\\/#organization\"},\"potentialAction\":[{\"@type\":\"SearchAction\",\"target\":{\"@type\":\"EntryPoint\",\"urlTemplate\":\"https:\\\/\\\/www.facecorner.lv\\\/?s={search_term_string}\"},\"query-input\":{\"@type\":\"PropertyValueSpecification\",\"valueRequired\":true,\"valueName\":\"search_term_string\"}}],\"inLanguage\":\"ru-RU\"},{\"@type\":\"Organization\",\"@id\":\"https:\\\/\\\/www.facecorner.lv\\\/#organization\",\"name\":\"Facecorner\",\"url\":\"https:\\\/\\\/www.facecorner.lv\\\/\",\"logo\":{\"@type\":\"ImageObject\",\"inLanguage\":\"ru-RU\",\"@id\":\"https:\\\/\\\/www.facecorner.lv\\\/#\\\/schema\\\/logo\\\/image\\\/\",\"url\":\"https:\\\/\\\/www.facecorner.lv\\\/wp-content\\\/uploads\\\/2024\\\/04\\\/fc-logo.jpg\",\"contentUrl\":\"https:\\\/\\\/www.facecorner.lv\\\/wp-content\\\/uploads\\\/2024\\\/04\\\/fc-logo.jpg\",\"width\":174,\"height\":28,\"caption\":\"Facecorner\"},\"image\":{\"@id\":\"https:\\\/\\\/www.facecorner.lv\\\/#\\\/schema\\\/logo\\\/image\\\/\"},\"sameAs\":[\"https:\\\/\\\/www.facebook.com\\\/profile.php?id=100063824551839\",\"https:\\\/\\\/www.instagram.com\\\/facecorner_shop\\\/\"]}]}<\/script>\n<meta property=\"product:price:amount\" content=\"19.90\" \/>\n<meta property=\"product:price:currency\" content=\"EUR\" \/>\n<meta property=\"og:availability\" content=\"out of stock\" \/>\n<meta property=\"product:availability\" content=\"out of stock\" \/>\n<meta property=\"product:condition\" content=\"new\" \/>\n<!-- \/ Yoast SEO plugin. -->","yoast_head_json":{"title":"Hidrof\u012bl\u0101 e\u013c\u013ca melnajiem plankumiem Celimax Derma Nature Fresh Blackhead Jojoba Cleansing Oil 150ml - FACECORNER","description":"Celimax Derma Nature Fresh Blackhead Jojoba Cleansing Oil maigi att\u012bra poras, nov\u0113r\u0161 taukainu sp\u012bdumu, c\u012bn\u0101s ar melnajiem plankumiem","robots":{"index":"index","follow":"follow","max-snippet":"max-snippet:-1","max-image-preview":"max-image-preview:large","max-video-preview":"max-video-preview:-1"},"canonical":"https:\/\/www.facecorner.lv\/ru\/shop\/hidrofila-ella-melnajiem-plankumiem-celimax-derma-nature-fresh-blackhead-jojoba-cleansing-oil-150ml\/","og_locale":"ru_RU","og_type":"article","og_title":"Hidrof\u012bl\u0101 e\u013c\u013ca melnajiem plankumiem Celimax Derma Nature Fresh Blackhead Jojoba Cleansing Oil 150ml - FACECORNER","og_description":"Celimax Derma Nature Fresh Blackhead Jojoba Cleansing Oil maigi att\u012bra poras, nov\u0113r\u0161 taukainu sp\u012bdumu, c\u012bn\u0101s ar melnajiem plankumiem","og_url":"https:\/\/www.facecorner.lv\/ru\/shop\/hidrofila-ella-melnajiem-plankumiem-celimax-derma-nature-fresh-blackhead-jojoba-cleansing-oil-150ml\/","og_site_name":"FACECORNER","article_publisher":"https:\/\/www.facebook.com\/profile.php?id=100063824551839","article_modified_time":"2025-11-12T12:27:46+00:00","og_image":[{"width":600,"height":600,"url":"https:\/\/www.facecorner.lv\/wp-content\/uploads\/2025\/02\/img761136_17763.jpg","type":"image\/jpeg"}],"twitter_card":"summary_large_image","twitter_misc":{"\u0426\u0435\u043d\u0430":"&euro;19.90","\u0414\u043e\u0441\u0442\u0443\u043f\u043d\u043e\u0441\u0442\u044c":"\u0420\u0430\u0441\u043f\u0440\u043e\u0434\u0430\u043d\u043e"},"schema":{"@context":"https:\/\/schema.org","@graph":[{"@type":"WebPage","@id":"https:\/\/www.facecorner.lv\/shop\/hidrofila-ella-melnajiem-plankumiem-celimax-derma-nature-fresh-blackhead-jojoba-cleansing-oil-150ml\/","url":"https:\/\/www.facecorner.lv\/shop\/hidrofila-ella-melnajiem-plankumiem-celimax-derma-nature-fresh-blackhead-jojoba-cleansing-oil-150ml\/","name":"Hidrof\u012bl\u0101 e\u013c\u013ca melnajiem plankumiem Celimax Derma Nature Fresh Blackhead Jojoba Cleansing Oil 150ml - FACECORNER","isPartOf":{"@id":"https:\/\/www.facecorner.lv\/#website"},"primaryImageOfPage":{"@id":"https:\/\/www.facecorner.lv\/shop\/hidrofila-ella-melnajiem-plankumiem-celimax-derma-nature-fresh-blackhead-jojoba-cleansing-oil-150ml\/#primaryimage"},"image":{"@id":"https:\/\/www.facecorner.lv\/shop\/hidrofila-ella-melnajiem-plankumiem-celimax-derma-nature-fresh-blackhead-jojoba-cleansing-oil-150ml\/#primaryimage"},"thumbnailUrl":"https:\/\/www.facecorner.lv\/wp-content\/uploads\/2025\/02\/img761136_17763.jpg","datePublished":"2025-02-19T11:45:07+00:00","dateModified":"2025-11-12T12:27:46+00:00","description":"Celimax Derma Nature Fresh Blackhead Jojoba Cleansing Oil maigi att\u012bra poras, nov\u0113r\u0161 taukainu sp\u012bdumu, c\u012bn\u0101s ar melnajiem plankumiem","breadcrumb":{"@id":"https:\/\/www.facecorner.lv\/shop\/hidrofila-ella-melnajiem-plankumiem-celimax-derma-nature-fresh-blackhead-jojoba-cleansing-oil-150ml\/#breadcrumb"},"inLanguage":"ru-RU","potentialAction":[{"@type":"ReadAction","target":["https:\/\/www.facecorner.lv\/shop\/hidrofila-ella-melnajiem-plankumiem-celimax-derma-nature-fresh-blackhead-jojoba-cleansing-oil-150ml\/"]}]},{"@type":"ImageObject","inLanguage":"ru-RU","@id":"https:\/\/www.facecorner.lv\/shop\/hidrofila-ella-melnajiem-plankumiem-celimax-derma-nature-fresh-blackhead-jojoba-cleansing-oil-150ml\/#primaryimage","url":"https:\/\/www.facecorner.lv\/wp-content\/uploads\/2025\/02\/img761136_17763.jpg","contentUrl":"https:\/\/www.facecorner.lv\/wp-content\/uploads\/2025\/02\/img761136_17763.jpg","width":600,"height":600,"caption":"Celimax Derma Nature Fresh Blackhead Jojoba Cleansing Oil"},{"@type":"BreadcrumbList","@id":"https:\/\/www.facecorner.lv\/shop\/hidrofila-ella-melnajiem-plankumiem-celimax-derma-nature-fresh-blackhead-jojoba-cleansing-oil-150ml\/#breadcrumb","itemListElement":[{"@type":"ListItem","position":1,"name":"Home","item":"https:\/\/www.facecorner.lv\/"},{"@type":"ListItem","position":2,"name":"Veikals","item":"https:\/\/www.facecorner.lv\/shop\/"},{"@type":"ListItem","position":3,"name":"Hidrof\u012bl\u0101 e\u013c\u013ca melnajiem plankumiem Celimax Derma Nature Fresh Blackhead Jojoba Cleansing Oil 150ml"}]},{"@type":"WebSite","@id":"https:\/\/www.facecorner.lv\/#website","url":"https:\/\/www.facecorner.lv\/","name":"Facecorner","description":"","publisher":{"@id":"https:\/\/www.facecorner.lv\/#organization"},"potentialAction":[{"@type":"SearchAction","target":{"@type":"EntryPoint","urlTemplate":"https:\/\/www.facecorner.lv\/?s={search_term_string}"},"query-input":{"@type":"PropertyValueSpecification","valueRequired":true,"valueName":"search_term_string"}}],"inLanguage":"ru-RU"},{"@type":"Organization","@id":"https:\/\/www.facecorner.lv\/#organization","name":"Facecorner","url":"https:\/\/www.facecorner.lv\/","logo":{"@type":"ImageObject","inLanguage":"ru-RU","@id":"https:\/\/www.facecorner.lv\/#\/schema\/logo\/image\/","url":"https:\/\/www.facecorner.lv\/wp-content\/uploads\/2024\/04\/fc-logo.jpg","contentUrl":"https:\/\/www.facecorner.lv\/wp-content\/uploads\/2024\/04\/fc-logo.jpg","width":174,"height":28,"caption":"Facecorner"},"image":{"@id":"https:\/\/www.facecorner.lv\/#\/schema\/logo\/image\/"},"sameAs":["https:\/\/www.facebook.com\/profile.php?id=100063824551839","https:\/\/www.instagram.com\/facecorner_shop\/"]}]},"product_price_amount":"19.90","product_price_currency":"EUR","og_availability":"out of stock","product_availability":"out of stock","product_condition":"new"},"_links":{"self":[{"href":"https:\/\/www.facecorner.lv\/ru\/wp-json\/wp\/v2\/product\/23439","targetHints":{"allow":["GET"]}}],"collection":[{"href":"https:\/\/www.facecorner.lv\/ru\/wp-json\/wp\/v2\/product"}],"about":[{"href":"https:\/\/www.facecorner.lv\/ru\/wp-json\/wp\/v2\/types\/product"}],"replies":[{"embeddable":true,"href":"https:\/\/www.facecorner.lv\/ru\/wp-json\/wp\/v2\/comments?post=23439"}],"wp:featuredmedia":[{"embeddable":true,"href":"https:\/\/www.facecorner.lv\/ru\/wp-json\/wp\/v2\/media\/23441"}],"wp:attachment":[{"href":"https:\/\/www.facecorner.lv\/ru\/wp-json\/wp\/v2\/media?parent=23439"}],"wp:term":[{"taxonomy":"product_brand","embeddable":true,"href":"https:\/\/www.facecorner.lv\/ru\/wp-json\/wp\/v2\/product_brand?post=23439"},{"taxonomy":"product_cat","embeddable":true,"href":"https:\/\/www.facecorner.lv\/ru\/wp-json\/wp\/v2\/product_cat?post=23439"},{"taxonomy":"product_tag","embeddable":true,"href":"https:\/\/www.facecorner.lv\/ru\/wp-json\/wp\/v2\/product_tag?post=23439"},{"taxonomy":"berocket_brand","embeddable":true,"href":"https:\/\/www.facecorner.lv\/ru\/wp-json\/wp\/v2\/berocket_brand?post=23439"}],"curies":[{"name":"wp","href":"https:\/\/api.w.org\/{rel}","templated":true}]}}