{"id":23342,"date":"2025-02-10T00:04:55","date_gmt":"2025-02-09T21:04:55","guid":{"rendered":"https:\/\/www.facecorner.lv\/?post_type=product&#038;p=23342"},"modified":"2025-10-24T14:11:55","modified_gmt":"2025-10-24T11:11:55","slug":"medi-peel-peptide-9-volume-bio-tox-glow-wrapping-mask-pro-70ml","status":"publish","type":"product","link":"https:\/\/www.facecorner.lv\/ru\/shop\/medi-peel-peptide-9-volume-bio-tox-glow-wrapping-mask-pro-70ml\/","title":{"rendered":"MEDI PEEL Peptide 9 Volume Bio Tox Glow Wrapping Mask PRO 70ml"},"content":{"rendered":"<p>\u0420\u0430\u0441\u043a\u0440\u043e\u0439\u0442\u0435 \u0441\u0435\u043a\u0440\u0435\u0442 \u0431\u0435\u0437\u0443\u043f\u0440\u0435\u0447\u043d\u043e\u0433\u043e \u043f\u0435\u0440\u043b\u0430\u043c\u0443\u0442\u0440\u043e\u0432\u043e\u0433\u043e \u0441\u0438\u044f\u043d\u0438\u044f \u043a\u043e\u0436\u0438 \u0441 \u043c\u0430\u0441\u043a\u043e\u0439-\u043f\u043b\u0435\u043d\u043a\u043e\u0439 MEDIPEEL Peptide 9 Volume Bio Tox Glow Wrapping Mask Pro!<\/p>\n<p>\u042d\u0442\u043e\u0442 \u0438\u043d\u043d\u043e\u0432\u0430\u0446\u0438\u043e\u043d\u043d\u044b\u0439 \u043f\u0440\u043e\u0434\u0443\u043a\u0442 \u0433\u043b\u0443\u0431\u043e\u043a\u043e \u0443\u0432\u043b\u0430\u0436\u043d\u044f\u0435\u0442, \u043f\u043e\u0434\u0442\u044f\u0433\u0438\u0432\u0430\u0435\u0442 \u0438 \u0432\u044b\u0440\u0430\u0432\u043d\u0438\u0432\u0430\u0435\u0442 \u0442\u0435\u043a\u0441\u0442\u0443\u0440\u0443 \u043a\u043e\u0436\u0438, \u043f\u0440\u0438\u0434\u0430\u0432\u0430\u044f \u0435\u0439 \u0435\u0441\u0442\u0435\u0441\u0442\u0432\u0435\u043d\u043d\u044b\u0439 \u0441\u0438\u044f\u044e\u0449\u0438\u0439 \u0432\u0438\u0434.<\/p>\n<p>\u041c\u043e\u043b\u043e\u0447\u043d\u044b\u0435 \u044d\u043a\u0437\u043e\u0441\u043e\u043c\u044b \u0438 9 \u0432\u0438\u0434\u043e\u0432 \u043f\u0435\u043f\u0442\u0438\u0434\u043e\u0432 \u0441\u043f\u043e\u0441\u043e\u0431\u0441\u0442\u0432\u0443\u044e\u0442 \u0432\u043e\u0441\u0441\u0442\u0430\u043d\u043e\u0432\u043b\u0435\u043d\u0438\u044e \u0443\u043f\u0440\u0443\u0433\u043e\u0441\u0442\u0438, \u0443\u0441\u0442\u0440\u0430\u043d\u044f\u044e\u0442 \u043c\u0435\u043b\u043a\u0438\u0435 \u043c\u043e\u0440\u0449\u0438\u043d\u044b \u0438 \u0437\u0430\u0449\u0438\u0449\u0430\u044e\u0442 \u043e\u0442 \u043d\u0435\u0433\u0430\u0442\u0438\u0432\u043d\u043e\u0433\u043e \u0432\u043e\u0437\u0434\u0435\u0439\u0441\u0442\u0432\u0438\u044f \u0432\u043d\u0435\u0448\u043d\u0435\u0439 \u0441\u0440\u0435\u0434\u044b.<\/p>\n<p><strong>\u041c\u0430\u0441\u043a\u0430 \u0440\u0430\u0431\u043e\u0442\u0430\u0435\u0442 \u0432 \u0434\u0432\u0443\u0445 \u043d\u0430\u043f\u0440\u0430\u0432\u043b\u0435\u043d\u0438\u044f\u0445 \u2014 \u0440\u0430\u0437\u0433\u043b\u0430\u0436\u0438\u0432\u0430\u0435\u0442 \u043c\u043e\u0440\u0449\u0438\u043d\u044b \u0438 \u0434\u0430\u0440\u0438\u0442 \u043a\u043e\u0436\u0435 \u0441\u0438\u044f\u043d\u0438\u0435 \u043f\u0435\u0440\u0435\u0434 \u043c\u0430\u043a\u0438\u044f\u0436\u0435\u043c, \u043e\u0431\u0435\u0441\u043f\u0435\u0447\u0438\u0432\u0430\u044f \u0441\u0432\u0435\u0436\u0438\u0439 \u0438 \u0443\u0445\u043e\u0436\u0435\u043d\u043d\u044b\u0439 \u0432\u0438\u0434 \u043a\u0430\u0436\u0434\u044b\u0439 \u0434\u0435\u043d\u044c.<\/strong><\/p>\n<p>Maska ir piem\u0113rota visiem \u0101das tipiem un ir \u012bpa\u0161i efekt\u012bva nobriedu\u0161ai \u0101dai.<\/p>\n<p><strong>\u0421\u043f\u043e\u0441\u043e\u0431 \u043f\u0440\u0438\u043c\u0435\u043d\u0435\u043d\u0438\u044f:<\/strong> . \u041d\u0430\u043d\u0435\u0441\u0438\u0442\u0435 \u043e\u043a\u043e\u043b\u043e 5 \u0433 \u043f\u0440\u043e\u0434\u0443\u043a\u0442\u0430 \u043d\u0430 \u0432\u0441\u0435 \u043b\u0438\u0446\u043e, \u0437\u0430 \u0438\u0441\u043a\u043b\u044e\u0447\u0435\u043d\u0438\u0435\u043c \u0443\u0447\u0430\u0441\u0442\u043a\u0430 \u0433\u043b\u0430\u0437 \u0438 \u0440\u0442\u0430.<br \/>\n\u0421\u0443\u0448\u0438\u043c \u043e\u043a\u043e\u043b\u043e 20-30 \u043c\u0438\u043d\u0443\u0442 \u0434\u043e \u043f\u043e\u043b\u0443\u0447\u0435\u043d\u0438\u044f \u043f\u0440\u043e\u0437\u0440\u0430\u0447\u043d\u043e\u0433\u043e \u0441\u0438\u044f\u044e\u0449\u0435\u0433\u043e \u0441\u043b\u043e\u044f \u043f\u043e\u043a\u0440\u044b\u0442\u0438\u044f.\u041c\u0435\u0434\u043b\u0435\u043d\u043d\u043e \u0441\u043d\u0438\u043c\u0438\u0442\u0435, \u043d\u0430\u0447\u0438\u043d\u0430\u044f \u0441 \u043a\u0440\u0430\u0435\u0432<\/p>\n<p><strong>\u0421\u043e\u0441\u0442\u0430\u0432<\/strong> <span style=\"font-size: 16px;\">Purified water, jojoba seed oil, polyvinyl alcohol, methylpropanediol, butylene glycol, 1,2-hexanediol, niacinamide, algin, caprylic\/capric triglyceride, polysorbate 80, polyglyceryl-10 oleate, pullulan, sphingomonas fermented extract, poria cocos extract, angelica root extract, pumpkin extract, schisandra chinensis root extract, red clover flower extract, tomato water, hydrogenated lecithin, sodium hyaluronate, glyceryl stearate, PEG-100 stearate, panthenol, calcium aluminum borosilicate, disteardimonium hectorite, sodium polystyrene sulfonate, microcrystalline cellulose, tocopheryl acetate, Ethylhexylglycerin, Corn Germ Oil, Titanium Dioxide, Methyl Diisopropyl Propionamide, Silica, Allantoin, Adenosine, Cellulose Gum, Sodium Phytate, Glutathione, Whey Filtrate, Tin Oxide, Glycerin, Milk Exosome, Tocopherol, Pentaerythrityl Tetra-di-t-butyl Hydroxyhydrocinnamate, Lactobacillus Ferment, Ascorbic Acid, Ectoin, Hydrogenated Polyisobutene, Ceramide NP, Dipropylene Glycol, Kaolin, Collagen, Leuconostoc\/Radish Ferment Filtrate, Polyglyceryl-10 Stearate, Ceramide ANS, Ceramide AP, Cholesterol, Ceramide NS, Ceramide ENG, Sodium Ascorbyl Phosphate, Caprylyl Glycol, Dimethylsilanol hyaluronate, dextran, hydrolyzed sodium hyaluronate, hydrolyzed hyaluronic acid, potassium hyaluronate, hyaluronic acid, sodium hyaluronate crosspolymer, hydroxypropyltrimonium hyaluronate, sodium hyaluronate dimethylsilanol, sodium acetylated hyaluronate, acetyl tetrapeptide-3 (0.025 ppb), retinyl palmitate, biotin, thiamine hcl, folic acid, pyridoxine, nonapeptide-1 (0.005 ppb), acetyl hexapeptide-8 (0.005 ppb), copper tripeptide-1 (0.005 ppb), tripeptide-1 (0.005 ppb), Palmitoyl Tetrapeptide-7 (0.005 ppb), Palmitoyl Tripeptide-1 (0.005 ppb), Palmitoyl Pentapeptide-4 (0.005 ppb), Hexapeptide-9 (0.005 ppb), Cyanocobalamin, Ceramide EOP, Fragrance.<\/span><\/p>\n<p>&nbsp;<\/p>","protected":false},"excerpt":{"rendered":"<p>\u0420\u0430\u0441\u043a\u0440\u043e\u0439\u0442\u0435 \u0441\u0435\u043a\u0440\u0435\u0442 \u0431\u0435\u0437\u0443\u043f\u0440\u0435\u0447\u043d\u043e\u0433\u043e \u043f\u0435\u0440\u043b\u0430\u043c\u0443\u0442\u0440\u043e\u0432\u043e\u0433\u043e \u0441\u0438\u044f\u043d\u0438\u044f \u043a\u043e\u0436\u0438 \u0441 \u043c\u0430\u0441\u043a\u043e\u0439-\u043f\u043b\u0435\u043d\u043a\u043e\u0439 MEDIPEEL Peptide 9 Volume Bio Tox Glow Wrapping Mask Pro!<\/p>","protected":false},"featured_media":23343,"comment_status":"open","ping_status":"closed","template":"","meta":{"site-sidebar-layout":"default","site-content-layout":"","ast-site-content-layout":"default","site-content-style":"default","site-sidebar-style":"default","ast-global-header-display":"","ast-banner-title-visibility":"","ast-main-header-display":"","ast-hfb-above-header-display":"","ast-hfb-below-header-display":"","ast-hfb-mobile-header-display":"","site-post-title":"","ast-breadcrumbs-content":"","ast-featured-img":"","footer-sml-layout":"","theme-transparent-header-meta":"default","adv-header-id-meta":"","stick-header-meta":"","header-above-stick-meta":"","header-main-stick-meta":"","header-below-stick-meta":"","astra-migrate-meta-layouts":"set","ast-page-background-enabled":"default","ast-page-background-meta":{"desktop":{"background-color":"var(--ast-global-color-4)","background-image":"","background-repeat":"repeat","background-position":"center center","background-size":"auto","background-attachment":"scroll","background-type":"","background-media":"","overlay-type":"","overlay-color":"","overlay-opacity":"","overlay-gradient":""},"tablet":{"background-color":"","background-image":"","background-repeat":"repeat","background-position":"center center","background-size":"auto","background-attachment":"scroll","background-type":"","background-media":"","overlay-type":"","overlay-color":"","overlay-opacity":"","overlay-gradient":""},"mobile":{"background-color":"","background-image":"","background-repeat":"repeat","background-position":"center center","background-size":"auto","background-attachment":"scroll","background-type":"","background-media":"","overlay-type":"","overlay-color":"","overlay-opacity":"","overlay-gradient":""}},"ast-content-background-meta":{"desktop":{"background-color":"var(--ast-global-color-5)","background-image":"","background-repeat":"repeat","background-position":"center center","background-size":"auto","background-attachment":"scroll","background-type":"","background-media":"","overlay-type":"","overlay-color":"","overlay-opacity":"","overlay-gradient":""},"tablet":{"background-color":"var(--ast-global-color-5)","background-image":"","background-repeat":"repeat","background-position":"center center","background-size":"auto","background-attachment":"scroll","background-type":"","background-media":"","overlay-type":"","overlay-color":"","overlay-opacity":"","overlay-gradient":""},"mobile":{"background-color":"var(--ast-global-color-5)","background-image":"","background-repeat":"repeat","background-position":"center center","background-size":"auto","background-attachment":"scroll","background-type":"","background-media":"","overlay-type":"","overlay-color":"","overlay-opacity":"","overlay-gradient":""}}},"product_brand":[],"product_cat":[315,326],"product_tag":[],"berocket_brand":[583],"class_list":{"0":"post-23342","1":"product","2":"type-product","3":"status-publish","4":"has-post-thumbnail","6":"product_cat-maskas","7":"product_cat-mitrinosas","8":"berocket_brand-medi-peel","9":"desktop-align-left","10":"tablet-align-left","11":"mobile-align-left","13":"first","14":"outofstock","15":"taxable","16":"shipping-taxable","17":"purchasable","18":"product-type-simple","19":"add-to-wishlist-before_image"},"yoast_head":"<!-- This site is optimized with the Yoast SEO plugin v27.4 - https:\/\/yoast.com\/product\/yoast-seo-wordpress\/ -->\n<title>MEDI PEEL Peptide 9 Volume Bio Tox Glow Wrapping Mask PRO 70ml - FACECORNER<\/title>\n<meta name=\"robots\" content=\"index, follow, max-snippet:-1, max-image-preview:large, max-video-preview:-1\" \/>\n<link rel=\"canonical\" href=\"https:\/\/www.facecorner.lv\/ru\/shop\/medi-peel-peptide-9-volume-bio-tox-glow-wrapping-mask-pro-70ml\/\" \/>\n<meta property=\"og:locale\" content=\"ru_RU\" \/>\n<meta property=\"og:type\" content=\"article\" \/>\n<meta property=\"og:title\" content=\"MEDI PEEL Peptide 9 Volume Bio Tox Glow Wrapping Mask PRO 70ml - FACECORNER\" \/>\n<meta property=\"og:description\" content=\"MEDI PEEL Peptide 9 Volume Bio Tox Glow Wrapping Mask PRO ir profesion\u0101la pretnoveco\u0161an\u0101s pl\u0113ves maska no Korejas z\u012bmola Medi Peel, kas paredz\u0113ta intens\u012bvai \u0101das lifting\u0113\u0161anai un atjauno\u0161anai. Formula ar 9 pept\u012bdiem un keram\u012bdiem efekt\u012bvi c\u012bn\u0101s pret noveco\u0161an\u0101s paz\u012bm\u0113m, atgrie\u017eot \u0101dai elast\u012bbu, gludumu un mirdzumu.\" \/>\n<meta property=\"og:url\" content=\"https:\/\/www.facecorner.lv\/ru\/shop\/medi-peel-peptide-9-volume-bio-tox-glow-wrapping-mask-pro-70ml\/\" \/>\n<meta property=\"og:site_name\" content=\"FACECORNER\" \/>\n<meta property=\"article:publisher\" content=\"https:\/\/www.facebook.com\/profile.php?id=100063824551839\" \/>\n<meta property=\"article:modified_time\" content=\"2025-10-24T11:11:55+00:00\" \/>\n<meta property=\"og:image\" content=\"https:\/\/www.facecorner.lv\/wp-content\/uploads\/2025\/02\/peptide-9-volume-bio-tox-glow-wrapping-mask-pro-70-ml-photo-1.webp\" \/>\n\t<meta property=\"og:image:width\" content=\"1000\" \/>\n\t<meta property=\"og:image:height\" content=\"1000\" \/>\n\t<meta property=\"og:image:type\" content=\"image\/webp\" \/>\n<meta name=\"twitter:card\" content=\"summary_large_image\" \/>\n<meta name=\"twitter:label1\" content=\"\u0426\u0435\u043d\u0430\" \/>\n\t<meta name=\"twitter:data1\" content=\"&euro;38.00\" \/>\n\t<meta name=\"twitter:label2\" content=\"\u0414\u043e\u0441\u0442\u0443\u043f\u043d\u043e\u0441\u0442\u044c\" \/>\n\t<meta name=\"twitter:data2\" content=\"\u0420\u0430\u0441\u043f\u0440\u043e\u0434\u0430\u043d\u043e\" \/>\n<script type=\"application\/ld+json\" class=\"yoast-schema-graph\">{\"@context\":\"https:\\\/\\\/schema.org\",\"@graph\":[{\"@type\":\"WebPage\",\"@id\":\"https:\\\/\\\/www.facecorner.lv\\\/shop\\\/medi-peel-peptide-9-volume-bio-tox-glow-wrapping-mask-pro-70ml\\\/\",\"url\":\"https:\\\/\\\/www.facecorner.lv\\\/shop\\\/medi-peel-peptide-9-volume-bio-tox-glow-wrapping-mask-pro-70ml\\\/\",\"name\":\"MEDI PEEL Peptide 9 Volume Bio Tox Glow Wrapping Mask PRO 70ml - FACECORNER\",\"isPartOf\":{\"@id\":\"https:\\\/\\\/www.facecorner.lv\\\/#website\"},\"primaryImageOfPage\":{\"@id\":\"https:\\\/\\\/www.facecorner.lv\\\/shop\\\/medi-peel-peptide-9-volume-bio-tox-glow-wrapping-mask-pro-70ml\\\/#primaryimage\"},\"image\":{\"@id\":\"https:\\\/\\\/www.facecorner.lv\\\/shop\\\/medi-peel-peptide-9-volume-bio-tox-glow-wrapping-mask-pro-70ml\\\/#primaryimage\"},\"thumbnailUrl\":\"https:\\\/\\\/www.facecorner.lv\\\/wp-content\\\/uploads\\\/2025\\\/02\\\/peptide-9-volume-bio-tox-glow-wrapping-mask-pro-70-ml-photo-1.webp\",\"datePublished\":\"2025-02-09T21:04:55+00:00\",\"dateModified\":\"2025-10-24T11:11:55+00:00\",\"breadcrumb\":{\"@id\":\"https:\\\/\\\/www.facecorner.lv\\\/shop\\\/medi-peel-peptide-9-volume-bio-tox-glow-wrapping-mask-pro-70ml\\\/#breadcrumb\"},\"inLanguage\":\"ru-RU\",\"potentialAction\":[{\"@type\":\"ReadAction\",\"target\":[\"https:\\\/\\\/www.facecorner.lv\\\/shop\\\/medi-peel-peptide-9-volume-bio-tox-glow-wrapping-mask-pro-70ml\\\/\"]}]},{\"@type\":\"ImageObject\",\"inLanguage\":\"ru-RU\",\"@id\":\"https:\\\/\\\/www.facecorner.lv\\\/shop\\\/medi-peel-peptide-9-volume-bio-tox-glow-wrapping-mask-pro-70ml\\\/#primaryimage\",\"url\":\"https:\\\/\\\/www.facecorner.lv\\\/wp-content\\\/uploads\\\/2025\\\/02\\\/peptide-9-volume-bio-tox-glow-wrapping-mask-pro-70-ml-photo-1.webp\",\"contentUrl\":\"https:\\\/\\\/www.facecorner.lv\\\/wp-content\\\/uploads\\\/2025\\\/02\\\/peptide-9-volume-bio-tox-glow-wrapping-mask-pro-70-ml-photo-1.webp\",\"width\":1000,\"height\":1000,\"caption\":\"MEDIPEEL Peptide 9 Volume Bio Tox Glow Wrapping Mask Pro\"},{\"@type\":\"BreadcrumbList\",\"@id\":\"https:\\\/\\\/www.facecorner.lv\\\/shop\\\/medi-peel-peptide-9-volume-bio-tox-glow-wrapping-mask-pro-70ml\\\/#breadcrumb\",\"itemListElement\":[{\"@type\":\"ListItem\",\"position\":1,\"name\":\"Home\",\"item\":\"https:\\\/\\\/www.facecorner.lv\\\/\"},{\"@type\":\"ListItem\",\"position\":2,\"name\":\"Veikals\",\"item\":\"https:\\\/\\\/www.facecorner.lv\\\/shop\\\/\"},{\"@type\":\"ListItem\",\"position\":3,\"name\":\"MEDI PEEL Peptide 9 Volume Bio Tox Glow Wrapping Mask PRO 70ml\"}]},{\"@type\":\"WebSite\",\"@id\":\"https:\\\/\\\/www.facecorner.lv\\\/#website\",\"url\":\"https:\\\/\\\/www.facecorner.lv\\\/\",\"name\":\"Facecorner\",\"description\":\"\",\"publisher\":{\"@id\":\"https:\\\/\\\/www.facecorner.lv\\\/#organization\"},\"potentialAction\":[{\"@type\":\"SearchAction\",\"target\":{\"@type\":\"EntryPoint\",\"urlTemplate\":\"https:\\\/\\\/www.facecorner.lv\\\/?s={search_term_string}\"},\"query-input\":{\"@type\":\"PropertyValueSpecification\",\"valueRequired\":true,\"valueName\":\"search_term_string\"}}],\"inLanguage\":\"ru-RU\"},{\"@type\":\"Organization\",\"@id\":\"https:\\\/\\\/www.facecorner.lv\\\/#organization\",\"name\":\"Facecorner\",\"url\":\"https:\\\/\\\/www.facecorner.lv\\\/\",\"logo\":{\"@type\":\"ImageObject\",\"inLanguage\":\"ru-RU\",\"@id\":\"https:\\\/\\\/www.facecorner.lv\\\/#\\\/schema\\\/logo\\\/image\\\/\",\"url\":\"https:\\\/\\\/www.facecorner.lv\\\/wp-content\\\/uploads\\\/2024\\\/04\\\/fc-logo.jpg\",\"contentUrl\":\"https:\\\/\\\/www.facecorner.lv\\\/wp-content\\\/uploads\\\/2024\\\/04\\\/fc-logo.jpg\",\"width\":174,\"height\":28,\"caption\":\"Facecorner\"},\"image\":{\"@id\":\"https:\\\/\\\/www.facecorner.lv\\\/#\\\/schema\\\/logo\\\/image\\\/\"},\"sameAs\":[\"https:\\\/\\\/www.facebook.com\\\/profile.php?id=100063824551839\",\"https:\\\/\\\/www.instagram.com\\\/facecorner_shop\\\/\"]}]}<\/script>\n<meta property=\"product:price:amount\" content=\"38.00\" \/>\n<meta property=\"product:price:currency\" content=\"EUR\" \/>\n<meta property=\"og:availability\" content=\"out of stock\" \/>\n<meta property=\"product:availability\" content=\"out of stock\" \/>\n<meta property=\"product:condition\" content=\"new\" \/>\n<!-- \/ Yoast SEO plugin. -->","yoast_head_json":{"title":"MEDI PEEL Peptide 9 Volume Bio Tox Glow Wrapping Mask PRO 70ml - FACECORNER","robots":{"index":"index","follow":"follow","max-snippet":"max-snippet:-1","max-image-preview":"max-image-preview:large","max-video-preview":"max-video-preview:-1"},"canonical":"https:\/\/www.facecorner.lv\/ru\/shop\/medi-peel-peptide-9-volume-bio-tox-glow-wrapping-mask-pro-70ml\/","og_locale":"ru_RU","og_type":"article","og_title":"MEDI PEEL Peptide 9 Volume Bio Tox Glow Wrapping Mask PRO 70ml - FACECORNER","og_description":"MEDI PEEL Peptide 9 Volume Bio Tox Glow Wrapping Mask PRO ir profesion\u0101la pretnoveco\u0161an\u0101s pl\u0113ves maska no Korejas z\u012bmola Medi Peel, kas paredz\u0113ta intens\u012bvai \u0101das lifting\u0113\u0161anai un atjauno\u0161anai. Formula ar 9 pept\u012bdiem un keram\u012bdiem efekt\u012bvi c\u012bn\u0101s pret noveco\u0161an\u0101s paz\u012bm\u0113m, atgrie\u017eot \u0101dai elast\u012bbu, gludumu un mirdzumu.","og_url":"https:\/\/www.facecorner.lv\/ru\/shop\/medi-peel-peptide-9-volume-bio-tox-glow-wrapping-mask-pro-70ml\/","og_site_name":"FACECORNER","article_publisher":"https:\/\/www.facebook.com\/profile.php?id=100063824551839","article_modified_time":"2025-10-24T11:11:55+00:00","og_image":[{"width":1000,"height":1000,"url":"https:\/\/www.facecorner.lv\/wp-content\/uploads\/2025\/02\/peptide-9-volume-bio-tox-glow-wrapping-mask-pro-70-ml-photo-1.webp","type":"image\/webp"}],"twitter_card":"summary_large_image","twitter_misc":{"\u0426\u0435\u043d\u0430":"&euro;38.00","\u0414\u043e\u0441\u0442\u0443\u043f\u043d\u043e\u0441\u0442\u044c":"\u0420\u0430\u0441\u043f\u0440\u043e\u0434\u0430\u043d\u043e"},"schema":{"@context":"https:\/\/schema.org","@graph":[{"@type":"WebPage","@id":"https:\/\/www.facecorner.lv\/shop\/medi-peel-peptide-9-volume-bio-tox-glow-wrapping-mask-pro-70ml\/","url":"https:\/\/www.facecorner.lv\/shop\/medi-peel-peptide-9-volume-bio-tox-glow-wrapping-mask-pro-70ml\/","name":"MEDI PEEL Peptide 9 Volume Bio Tox Glow Wrapping Mask PRO 70ml - FACECORNER","isPartOf":{"@id":"https:\/\/www.facecorner.lv\/#website"},"primaryImageOfPage":{"@id":"https:\/\/www.facecorner.lv\/shop\/medi-peel-peptide-9-volume-bio-tox-glow-wrapping-mask-pro-70ml\/#primaryimage"},"image":{"@id":"https:\/\/www.facecorner.lv\/shop\/medi-peel-peptide-9-volume-bio-tox-glow-wrapping-mask-pro-70ml\/#primaryimage"},"thumbnailUrl":"https:\/\/www.facecorner.lv\/wp-content\/uploads\/2025\/02\/peptide-9-volume-bio-tox-glow-wrapping-mask-pro-70-ml-photo-1.webp","datePublished":"2025-02-09T21:04:55+00:00","dateModified":"2025-10-24T11:11:55+00:00","breadcrumb":{"@id":"https:\/\/www.facecorner.lv\/shop\/medi-peel-peptide-9-volume-bio-tox-glow-wrapping-mask-pro-70ml\/#breadcrumb"},"inLanguage":"ru-RU","potentialAction":[{"@type":"ReadAction","target":["https:\/\/www.facecorner.lv\/shop\/medi-peel-peptide-9-volume-bio-tox-glow-wrapping-mask-pro-70ml\/"]}]},{"@type":"ImageObject","inLanguage":"ru-RU","@id":"https:\/\/www.facecorner.lv\/shop\/medi-peel-peptide-9-volume-bio-tox-glow-wrapping-mask-pro-70ml\/#primaryimage","url":"https:\/\/www.facecorner.lv\/wp-content\/uploads\/2025\/02\/peptide-9-volume-bio-tox-glow-wrapping-mask-pro-70-ml-photo-1.webp","contentUrl":"https:\/\/www.facecorner.lv\/wp-content\/uploads\/2025\/02\/peptide-9-volume-bio-tox-glow-wrapping-mask-pro-70-ml-photo-1.webp","width":1000,"height":1000,"caption":"MEDIPEEL Peptide 9 Volume Bio Tox Glow Wrapping Mask Pro"},{"@type":"BreadcrumbList","@id":"https:\/\/www.facecorner.lv\/shop\/medi-peel-peptide-9-volume-bio-tox-glow-wrapping-mask-pro-70ml\/#breadcrumb","itemListElement":[{"@type":"ListItem","position":1,"name":"Home","item":"https:\/\/www.facecorner.lv\/"},{"@type":"ListItem","position":2,"name":"Veikals","item":"https:\/\/www.facecorner.lv\/shop\/"},{"@type":"ListItem","position":3,"name":"MEDI PEEL Peptide 9 Volume Bio Tox Glow Wrapping Mask PRO 70ml"}]},{"@type":"WebSite","@id":"https:\/\/www.facecorner.lv\/#website","url":"https:\/\/www.facecorner.lv\/","name":"Facecorner","description":"","publisher":{"@id":"https:\/\/www.facecorner.lv\/#organization"},"potentialAction":[{"@type":"SearchAction","target":{"@type":"EntryPoint","urlTemplate":"https:\/\/www.facecorner.lv\/?s={search_term_string}"},"query-input":{"@type":"PropertyValueSpecification","valueRequired":true,"valueName":"search_term_string"}}],"inLanguage":"ru-RU"},{"@type":"Organization","@id":"https:\/\/www.facecorner.lv\/#organization","name":"Facecorner","url":"https:\/\/www.facecorner.lv\/","logo":{"@type":"ImageObject","inLanguage":"ru-RU","@id":"https:\/\/www.facecorner.lv\/#\/schema\/logo\/image\/","url":"https:\/\/www.facecorner.lv\/wp-content\/uploads\/2024\/04\/fc-logo.jpg","contentUrl":"https:\/\/www.facecorner.lv\/wp-content\/uploads\/2024\/04\/fc-logo.jpg","width":174,"height":28,"caption":"Facecorner"},"image":{"@id":"https:\/\/www.facecorner.lv\/#\/schema\/logo\/image\/"},"sameAs":["https:\/\/www.facebook.com\/profile.php?id=100063824551839","https:\/\/www.instagram.com\/facecorner_shop\/"]}]},"product_price_amount":"38.00","product_price_currency":"EUR","og_availability":"out of stock","product_availability":"out of stock","product_condition":"new"},"_links":{"self":[{"href":"https:\/\/www.facecorner.lv\/ru\/wp-json\/wp\/v2\/product\/23342","targetHints":{"allow":["GET"]}}],"collection":[{"href":"https:\/\/www.facecorner.lv\/ru\/wp-json\/wp\/v2\/product"}],"about":[{"href":"https:\/\/www.facecorner.lv\/ru\/wp-json\/wp\/v2\/types\/product"}],"replies":[{"embeddable":true,"href":"https:\/\/www.facecorner.lv\/ru\/wp-json\/wp\/v2\/comments?post=23342"}],"wp:featuredmedia":[{"embeddable":true,"href":"https:\/\/www.facecorner.lv\/ru\/wp-json\/wp\/v2\/media\/23343"}],"wp:attachment":[{"href":"https:\/\/www.facecorner.lv\/ru\/wp-json\/wp\/v2\/media?parent=23342"}],"wp:term":[{"taxonomy":"product_brand","embeddable":true,"href":"https:\/\/www.facecorner.lv\/ru\/wp-json\/wp\/v2\/product_brand?post=23342"},{"taxonomy":"product_cat","embeddable":true,"href":"https:\/\/www.facecorner.lv\/ru\/wp-json\/wp\/v2\/product_cat?post=23342"},{"taxonomy":"product_tag","embeddable":true,"href":"https:\/\/www.facecorner.lv\/ru\/wp-json\/wp\/v2\/product_tag?post=23342"},{"taxonomy":"berocket_brand","embeddable":true,"href":"https:\/\/www.facecorner.lv\/ru\/wp-json\/wp\/v2\/berocket_brand?post=23342"}],"curies":[{"name":"wp","href":"https:\/\/api.w.org\/{rel}","templated":true}]}}