{"id":22932,"date":"2025-01-14T22:11:04","date_gmt":"2025-01-14T19:11:04","guid":{"rendered":"https:\/\/www.facecorner.lv\/?post_type=product&#038;p=22932"},"modified":"2025-07-01T09:10:51","modified_gmt":"2025-07-01T06:10:51","slug":"anua-rice-70-intensive-moisturizing-milk-150-ml","status":"publish","type":"product","link":"https:\/\/www.facecorner.lv\/ru\/shop\/anua-rice-70-intensive-moisturizing-milk-150-ml\/","title":{"rendered":"Anua Rice 70 Intensive Moisturizing Milk 150 ml"},"content":{"rendered":"<p>\u0423\u0432\u043b\u0430\u0436\u043d\u044f\u044e\u0449\u0435\u0435 \u043c\u043e\u043b\u043e\u0447\u043a\u043e-\u044d\u043c\u0443\u043b\u044c\u0441\u0438\u044f \u0441 \u044d\u043a\u0441\u0442\u0440\u0430\u043a\u0442\u043e\u043c \u0440\u0438\u0441\u0430 \u0438 \u043a\u0435\u0440\u0430\u043c\u0438\u0434\u0430\u043c\u0438 Anua Rice 70 Intensive Moisturizing Milk  \u043f\u043e\u043c\u043e\u0433\u0430\u0435\u0442 \u0432 \u043f\u043e\u0434\u0434\u0435\u0440\u0436\u0430\u043d\u0438\u0438 \u0431\u0430\u0440\u044c\u0435\u0440\u043d\u043e\u0439 \u0444\u0443\u043d\u043a\u0446\u0438\u0438 \u043a\u043e\u0436\u0438.<\/p>\n<p>\u0420\u0438\u0441\u043e\u0432\u044b\u0439 \u043a\u043e\u043c\u043f\u043b\u0435\u043a\u0441 \u0438\u0437 \u043f\u0440\u043e\u0442\u0435\u0438\u043d\u0430, \u0433\u0438\u0434\u0440\u043e\u043b\u0430\u0442\u0430 \u0438 \u044d\u043a\u0441\u0442\u0440\u0430\u043a\u0442\u043e\u0432 \u0432 \u0441\u043e\u0441\u0442\u0430\u0432\u0435 \u0441\u0440\u0435\u0434\u0441\u0442\u0432\u0430 \u043e\u043a\u0430\u0437\u044b\u0432\u0430\u0435\u0442 \u0433\u043b\u0443\u0431\u043e\u043a\u043e\u0435 \u043f\u0438\u0442\u0430\u0442\u0435\u043b\u044c\u043d\u043e\u0435 \u0434\u0435\u0439\u0441\u0442\u0432\u0438\u0435, \u0441\u043f\u043e\u0441\u043e\u0431\u0441\u0442\u0432\u0443\u0435\u0442 \u0432\u044b\u0440\u0430\u0432\u043d\u0438\u0432\u0430\u043d\u0438\u044e \u0442\u043e\u043d\u0430 \u043a\u043e\u0436\u0438 \u0438 \u043f\u0440\u0438\u0434\u0430\u0451\u0442 \u0435\u0439 \u0437\u0434\u043e\u0440\u043e\u0432\u043e\u0435 \u0441\u0432\u0435\u0447\u0435\u043d\u0438\u0435.<\/p>\n<p>\u041d\u0438\u0430\u0446\u0438\u043d\u0430\u043c\u0438\u0434 \u0432 \u0441\u043e\u0441\u0442\u0430\u0432\u0435 \u0441\u043f\u043e\u0441\u043e\u0431\u0441\u0442\u0432\u0443\u0435\u0442 \u0441\u0442\u0438\u043c\u0443\u043b\u044f\u0446\u0438\u0438 \u0441\u0438\u043d\u0442\u0435\u0437\u0430 \u043a\u043e\u043b\u043b\u0430\u0433\u0435\u043d\u0430 \u0438 \u0443\u043b\u0443\u0447\u0448\u0435\u043d\u0438\u044e \u0437\u0430\u0449\u0438\u0442\u043d\u044b\u0445 \u0444\u0443\u043d\u043a\u0446\u0438\u0439 \u043a\u043e\u0436\u0438, \u043f\u043e\u043c\u043e\u0433\u0430\u0435\u0442 \u0441\u043d\u0438\u0437\u0438\u0442\u044c \u0442\u0440\u0430\u043d\u0441\u044d\u043f\u0438\u0434\u0435\u0440\u043c\u0430\u043b\u044c\u043d\u0443\u044e \u043f\u043e\u0442\u0435\u0440\u044e \u0432\u043b\u0430\u0433\u0438 \u0438\u0437 \u043a\u043e\u0436\u0438, \u0441\u043d\u0438\u0437\u0438\u0442\u044c \u043f\u0438\u0433\u043c\u0435\u043d\u0442\u0430\u0446\u0438\u044e, \u0441\u043c\u044f\u0433\u0447\u0430\u0435\u0442, \u043f\u043e\u0432\u044b\u0448\u0430\u0435\u0442 \u044d\u043b\u0430\u0441\u0442\u0438\u0447\u043d\u043e\u0441\u0442\u044c \u043a\u043e\u0436\u0438, \u0443\u0432\u043b\u0430\u0436\u043d\u044f\u0435\u0442 \u0441\u0443\u0436\u0430\u0435\u0442 \u043f\u043e\u0440\u044b, \u0443\u0441\u043f\u043e\u043a\u0430\u0438\u0432\u0430\u0435\u0442 \u0438 \u043e\u0441\u0432\u0435\u0442\u043b\u044f\u0435\u0442.<\/p>\n<p>\u041a\u0435\u0440\u0430\u043c\u0438\u0434\u044b \u0443\u043a\u0440\u0435\u043f\u043b\u044f\u044e\u0442 \u0437\u0430\u0449\u0438\u0442\u043d\u044b\u0439 \u0433\u0438\u0434\u0440\u043e\u043b\u0438\u043f\u0438\u0434\u043d\u044b\u0439 \u0441\u043b\u043e\u0439, \u0443\u0441\u0442\u0440\u0430\u043d\u044f\u044e\u0442 \u0448\u0435\u043b\u0443\u0448\u0435\u043d\u0438\u0435 \u0438 \u0441\u0443\u0445\u043e\u0441\u0442\u044c, \u043f\u0440\u0435\u0434\u043e\u0442\u0432\u0440\u0430\u0449\u0430\u044e\u0442 \u043f\u043e\u0442\u0435\u0440\u044e \u0432\u043b\u0430\u0433\u0438 \u0438 \u0441\u043d\u0438\u0436\u0430\u044e\u0442 \u0447\u0443\u0432\u0441\u0442\u0432\u0438\u0442\u0435\u043b\u044c\u043d\u043e\u0441\u0442\u044c \u043a \u0432\u043d\u0435\u0448\u043d\u0438\u043c \u0440\u0430\u0437\u0434\u0440\u0430\u0436\u0438\u0442\u0435\u043b\u044f\u043c.<\/p>\n<p>\u0421\u0440\u0435\u0434\u0441\u0442\u0432\u043e \u0432\u043e\u0441\u0441\u0442\u0430\u043d\u0430\u0432\u043b\u0438\u0432\u0430\u0435\u0442 \u0438 \u0443\u043a\u0440\u0435\u043f\u043b\u044f\u0435\u0442 \u0431\u0430\u0440\u044c\u0435\u0440\u043d\u0443\u044e \u0444\u0443\u043d\u043a\u0446\u0438\u044e \u043a\u043e\u0436\u0438, \u0437\u0430\u0449\u0438\u0449\u0430\u044f \u0435\u0451 \u043e\u0442 \u0432\u043d\u0435\u0448\u043d\u0435\u0433\u043e \u0432\u043e\u0437\u0434\u0435\u0439\u0441\u0442\u0432\u0438\u044f \u0438 \u043f\u0440\u0435\u043f\u044f\u0442\u0441\u0442\u0432\u0443\u044f \u043f\u043e\u0442\u0435\u0440\u0435 \u0432\u043b\u0430\u0433\u0438. \u0413\u043b\u0443\u0431\u043e\u043a\u043e \u043f\u0438\u0442\u0430\u0435\u0442, \u0443\u0432\u043b\u0430\u0436\u043d\u044f\u0435\u0442 \u0438 \u0441\u043c\u044f\u0433\u0447\u0430\u0435\u0442 \u043a\u043e\u0436\u0443, \u043d\u0430\u0441\u044b\u0449\u0430\u0435\u0442 \u0435\u0451 \u0432\u043b\u0430\u0433\u043e\u0439, \u0443\u0441\u0442\u0440\u0430\u043d\u044f\u0435\u0442 \u0441\u0443\u0445\u043e\u0441\u0442\u044c, \u0441\u0442\u044f\u043d\u0443\u0442\u043e\u0441\u0442\u044c \u0438 \u0448\u0435\u043b\u0443\u0448\u0435\u043d\u0438\u044f, \u043f\u0440\u0435\u0434\u043e\u0442\u0432\u0440\u0430\u0449\u0430\u044f \u0438\u0445 \u043f\u043e\u044f\u0432\u043b\u0435\u043d\u0438\u0435. \u0421\u043f\u043e\u0441\u043e\u0431\u0441\u0442\u0432\u0443\u0435\u0442 \u0432\u044b\u0440\u0430\u0432\u043d\u0438\u0432\u0430\u043d\u0438\u044e \u0442\u043e\u043d\u0430 \u043a\u043e\u0436\u0438, \u043f\u0440\u0435\u043f\u044f\u0442\u0441\u0442\u0432\u0443\u0435\u0442 \u0433\u0438\u043f\u0435\u0440\u043f\u0438\u0433\u043c\u0435\u043d\u0442\u0430\u0446\u0438\u0438, \u043f\u0440\u0438\u0434\u0430\u0451\u0442 \u0435\u0439 \u0437\u0434\u043e\u0440\u043e\u0432\u043e\u0435 \u0432\u043d\u0443\u0442\u0440\u0435\u043d\u043d\u0435\u0435 \u0441\u0438\u044f\u043d\u0438\u0435 \u0438 \u043f\u043e\u043c\u043e\u0433\u0430\u0435\u0442 \u0441\u043e\u0437\u0434\u0430\u0442\u044c \u044d\u0444\u0444\u0435\u043a\u0442 Glass Skin. <strong>\u0421\u043f\u043e\u0441\u043e\u0431\u0441\u0442\u0432\u0443\u0435\u0442 \u0432\u044b\u0440\u0430\u0432\u043d\u0438\u0432\u0430\u043d\u0438\u044e \u0442\u043e\u043d\u0430 \u043a\u043e\u0436\u0438, \u043f\u0440\u0435\u043f\u044f\u0442\u0441\u0442\u0432\u0443\u0435\u0442 \u0433\u0438\u043f\u0435\u0440\u043f\u0438\u0433\u043c\u0435\u043d\u0442\u0430\u0446\u0438\u0438, \u043f\u0440\u0438\u0434\u0430\u0451\u0442 \u0435\u0439 \u0437\u0434\u043e\u0440\u043e\u0432\u043e\u0435 \u0432\u043d\u0443\u0442\u0440\u0435\u043d\u043d\u0435\u0435 \u0441\u0438\u044f\u043d\u0438\u0435 \u0438 \u043f\u043e\u043c\u043e\u0433\u0430\u0435\u0442 \u0441\u043e\u0437\u0434\u0430\u0442\u044c \u044d\u0444\u0444\u0435\u043a\u0442 Glass Skin.<\/strong><\/p>\n<p><strong>\u0421\u043f\u043e\u0441\u043e\u0431 \u043f\u0440\u0438\u043c\u0435\u043d\u0435\u043d\u0438\u044f:<\/strong> \u041d\u0430\u043d\u0435\u0441\u0442\u0438 \u043d\u0435\u043e\u0431\u0445\u043e\u0434\u0438\u043c\u043e\u0435 \u043a\u043e\u043b\u0438\u0447\u0435\u0441\u0442\u0432\u043e \u0441\u0440\u0435\u0434\u0441\u0442\u0432\u0430 \u043d\u0430 \u043e\u0447\u0438\u0449\u0435\u043d\u043d\u0443\u044e \u0438 \u0442\u043e\u043d\u0438\u0437\u0438\u0440\u043e\u0432\u0430\u043d\u043d\u0443\u044e \u043a\u043e\u0436\u0443 \u043b\u0438\u0446\u0430, \u043c\u044f\u0433\u043a\u043e \u0440\u0430\u0441\u043f\u0440\u0435\u0434\u0435\u043b\u0438\u0442\u044c \u0434\u043e \u043f\u043e\u043b\u043d\u043e\u0433\u043e \u0432\u043f\u0438\u0442\u044b\u0432\u0430\u043d\u0438\u044f.<\/p>\n<p><strong>\u0421\u043e\u0441\u0442\u0430\u0432<\/strong> Oryza Sativa (Rice) Bran Water, Hydrogenated Poly(C6-14 Olefin), Butylene Glycol, Glycenin, Niacinamide, Limnanthes Alba (Meadowioam) Seed Oil, PhytosteryV\/Octyidodecyl Lauroyl Glutamate, 1,2-Hexanediol, Diglycerin, Cetyl Ethyhexanoate, Water, Phytostery\/sosteary\/\/Cety\/Steary\/Behenyl Dimer Dilinoleate, Glyceryl Stearate, Cocos Nucifera (Coconut Oil, Vinyl Dimethicone, Behenyl Alcohol, Oryza Sativa (Rice) Extract, Polysorbate 20, Cetearyl Alcohol, Arginine, Hydroxyacetophenone, Hydrogenated Lecithin, EthythexyIglycerin, Acrylates\/C10-30 Alkyl Acrylate Crosspolymer, Hydroxyethyl Acrylate\/Sodium Acryloyldimethyl Taurate Copolymer, Glyceryl Stearate SE, Xanthan Gum, Adenosine, Carbomer, Cholesterol, Dipropylene Glycol, Ceramide NP, Sorbitan Isostearate, Lactobacillus Ferment Filtrate, Squalane, Alantoin, Oryza Sativa (Rice) Seed Protein, Hydrolyzed Rice Protein, Tocopherol, Ectoin, Phytosphingosine, Palmitic Acid, Stearic Acid, Sodium Hyaluronate, Ceramide AS, Ceramide AP, Ceramide NS, Hydrolyzed Hyaluronic Acid, Sodium Acetylated Hyaluronate, Oryza Sativa (Rice) Bran Oil, Ceramide EOP<\/p>","protected":false},"excerpt":{"rendered":"<p>\u0423\u0432\u043b\u0430\u0436\u043d\u044f\u044e\u0449\u0435\u0435 \u043c\u043e\u043b\u043e\u0447\u043a\u043e-\u044d\u043c\u0443\u043b\u044c\u0441\u0438\u044f \u0441 \u044d\u043a\u0441\u0442\u0440\u0430\u043a\u0442\u043e\u043c \u0440\u0438\u0441\u0430 \u0438 \u043a\u0435\u0440\u0430\u043c\u0438\u0434\u0430\u043c\u0438 Anua Rice 70 Intensive Moisturizing Milk  \u043f\u043e\u043c\u043e\u0433\u0430\u0435\u0442 \u0432 \u043f\u043e\u0434\u0434\u0435\u0440\u0436\u0430\u043d\u0438\u0438 \u0431\u0430\u0440\u044c\u0435\u0440\u043d\u043e\u0439 \u0444\u0443\u043d\u043a\u0446\u0438\u0438 \u043a\u043e\u0436\u0438.<\/p>","protected":false},"featured_media":22935,"comment_status":"open","ping_status":"closed","template":"","meta":{"site-sidebar-layout":"default","site-content-layout":"","ast-site-content-layout":"default","site-content-style":"default","site-sidebar-style":"default","ast-global-header-display":"","ast-banner-title-visibility":"","ast-main-header-display":"","ast-hfb-above-header-display":"","ast-hfb-below-header-display":"","ast-hfb-mobile-header-display":"","site-post-title":"","ast-breadcrumbs-content":"","ast-featured-img":"","footer-sml-layout":"","theme-transparent-header-meta":"default","adv-header-id-meta":"","stick-header-meta":"","header-above-stick-meta":"","header-main-stick-meta":"","header-below-stick-meta":"","astra-migrate-meta-layouts":"set","ast-page-background-enabled":"default","ast-page-background-meta":{"desktop":{"background-color":"var(--ast-global-color-4)","background-image":"","background-repeat":"repeat","background-position":"center center","background-size":"auto","background-attachment":"scroll","background-type":"","background-media":"","overlay-type":"","overlay-color":"","overlay-opacity":"","overlay-gradient":""},"tablet":{"background-color":"","background-image":"","background-repeat":"repeat","background-position":"center center","background-size":"auto","background-attachment":"scroll","background-type":"","background-media":"","overlay-type":"","overlay-color":"","overlay-opacity":"","overlay-gradient":""},"mobile":{"background-color":"","background-image":"","background-repeat":"repeat","background-position":"center center","background-size":"auto","background-attachment":"scroll","background-type":"","background-media":"","overlay-type":"","overlay-color":"","overlay-opacity":"","overlay-gradient":""}},"ast-content-background-meta":{"desktop":{"background-color":"var(--ast-global-color-5)","background-image":"","background-repeat":"repeat","background-position":"center center","background-size":"auto","background-attachment":"scroll","background-type":"","background-media":"","overlay-type":"","overlay-color":"","overlay-opacity":"","overlay-gradient":""},"tablet":{"background-color":"var(--ast-global-color-5)","background-image":"","background-repeat":"repeat","background-position":"center center","background-size":"auto","background-attachment":"scroll","background-type":"","background-media":"","overlay-type":"","overlay-color":"","overlay-opacity":"","overlay-gradient":""},"mobile":{"background-color":"var(--ast-global-color-5)","background-image":"","background-repeat":"repeat","background-position":"center center","background-size":"auto","background-attachment":"scroll","background-type":"","background-media":"","overlay-type":"","overlay-color":"","overlay-opacity":"","overlay-gradient":""}}},"product_brand":[],"product_cat":[370,365,372,375,366,367,378,362,363,364],"product_tag":[],"berocket_brand":[575],"class_list":{"0":"post-22932","1":"product","2":"type-product","3":"status-publish","4":"has-post-thumbnail","6":"product_cat-adas-mirdzumam","7":"product_cat-barojoss","8":"product_cat-jutigai-adai-serumi","9":"product_cat-jutigai-adai-toneri","10":"product_cat-mitrinoss","11":"product_cat-nomierinoss","12":"product_cat-sausai-adai-toneri","13":"product_cat-sejas-krems","14":"product_cat-serumi","15":"product_cat-toneri","16":"berocket_brand-anua","17":"desktop-align-left","18":"tablet-align-left","19":"mobile-align-left","21":"first","22":"outofstock","23":"taxable","24":"shipping-taxable","25":"purchasable","26":"product-type-simple","27":"add-to-wishlist-before_image"},"yoast_head":"<!-- This site is optimized with the Yoast SEO plugin v27.3 - https:\/\/yoast.com\/product\/yoast-seo-wordpress\/ -->\n<title>Anua Rice 70 Intensive Moisturizing Milk 150 ml - FACECORNER<\/title>\n<meta name=\"description\" content=\"Anua Rice 70 Intensive Moisturizing Milk pieni\u0146\u0161 ar r\u012bsu ekstraktu un keram\u012bdiem pal\u012bdz uztur\u0113t \u0101das barjeras funkciju.Produkta sast\u0101v\u0101 eso\u0161ais olbaltumviel\" \/>\n<meta name=\"robots\" content=\"index, follow, max-snippet:-1, max-image-preview:large, max-video-preview:-1\" \/>\n<link rel=\"canonical\" href=\"https:\/\/www.facecorner.lv\/ru\/shop\/anua-rice-70-intensive-moisturizing-milk-150-ml\/\" \/>\n<meta property=\"og:locale\" content=\"ru_RU\" \/>\n<meta property=\"og:type\" content=\"article\" \/>\n<meta property=\"og:title\" content=\"Anua Rice 70 Intensive Moisturizing Milk 150 ml - FACECORNER\" \/>\n<meta property=\"og:description\" content=\"Anua Rice 70 Intensive Moisturizing Milk pieni\u0146\u0161 ar r\u012bsu ekstraktu un keram\u012bdiem pal\u012bdz uztur\u0113t \u0101das barjeras funkciju.Produkta sast\u0101v\u0101 eso\u0161ais olbaltumviel\" \/>\n<meta property=\"og:url\" content=\"https:\/\/www.facecorner.lv\/ru\/shop\/anua-rice-70-intensive-moisturizing-milk-150-ml\/\" \/>\n<meta property=\"og:site_name\" content=\"FACECORNER\" \/>\n<meta property=\"article:publisher\" content=\"https:\/\/www.facebook.com\/profile.php?id=100063824551839\" \/>\n<meta property=\"article:modified_time\" content=\"2025-07-01T06:10:51+00:00\" \/>\n<meta property=\"og:image\" content=\"https:\/\/www.facecorner.lv\/wp-content\/uploads\/2025\/01\/10001_15764c8a-048d-46b9-be98-b64d490b7f1e.webp\" \/>\n\t<meta property=\"og:image:width\" content=\"1000\" \/>\n\t<meta property=\"og:image:height\" content=\"1000\" \/>\n\t<meta property=\"og:image:type\" content=\"image\/webp\" \/>\n<meta name=\"twitter:card\" content=\"summary_large_image\" \/>\n<meta name=\"twitter:label1\" content=\"\u0426\u0435\u043d\u0430\" \/>\n\t<meta name=\"twitter:data1\" content=\"&euro;29.00\" \/>\n\t<meta name=\"twitter:label2\" content=\"\u0414\u043e\u0441\u0442\u0443\u043f\u043d\u043e\u0441\u0442\u044c\" \/>\n\t<meta name=\"twitter:data2\" content=\"\u0420\u0430\u0441\u043f\u0440\u043e\u0434\u0430\u043d\u043e\" \/>\n<script type=\"application\/ld+json\" class=\"yoast-schema-graph\">{\"@context\":\"https:\\\/\\\/schema.org\",\"@graph\":[{\"@type\":\"WebPage\",\"@id\":\"https:\\\/\\\/www.facecorner.lv\\\/shop\\\/anua-rice-70-intensive-moisturizing-milk-150-ml\\\/\",\"url\":\"https:\\\/\\\/www.facecorner.lv\\\/shop\\\/anua-rice-70-intensive-moisturizing-milk-150-ml\\\/\",\"name\":\"Anua Rice 70 Intensive Moisturizing Milk 150 ml - FACECORNER\",\"isPartOf\":{\"@id\":\"https:\\\/\\\/www.facecorner.lv\\\/#website\"},\"primaryImageOfPage\":{\"@id\":\"https:\\\/\\\/www.facecorner.lv\\\/shop\\\/anua-rice-70-intensive-moisturizing-milk-150-ml\\\/#primaryimage\"},\"image\":{\"@id\":\"https:\\\/\\\/www.facecorner.lv\\\/shop\\\/anua-rice-70-intensive-moisturizing-milk-150-ml\\\/#primaryimage\"},\"thumbnailUrl\":\"https:\\\/\\\/www.facecorner.lv\\\/wp-content\\\/uploads\\\/2025\\\/01\\\/10001_15764c8a-048d-46b9-be98-b64d490b7f1e.webp\",\"datePublished\":\"2025-01-14T19:11:04+00:00\",\"dateModified\":\"2025-07-01T06:10:51+00:00\",\"description\":\"Anua Rice 70 Intensive Moisturizing Milk pieni\u0146\u0161 ar r\u012bsu ekstraktu un keram\u012bdiem pal\u012bdz uztur\u0113t \u0101das barjeras funkciju.Produkta sast\u0101v\u0101 eso\u0161ais olbaltumviel\",\"breadcrumb\":{\"@id\":\"https:\\\/\\\/www.facecorner.lv\\\/shop\\\/anua-rice-70-intensive-moisturizing-milk-150-ml\\\/#breadcrumb\"},\"inLanguage\":\"ru-RU\",\"potentialAction\":[{\"@type\":\"ReadAction\",\"target\":[\"https:\\\/\\\/www.facecorner.lv\\\/shop\\\/anua-rice-70-intensive-moisturizing-milk-150-ml\\\/\"]}]},{\"@type\":\"ImageObject\",\"inLanguage\":\"ru-RU\",\"@id\":\"https:\\\/\\\/www.facecorner.lv\\\/shop\\\/anua-rice-70-intensive-moisturizing-milk-150-ml\\\/#primaryimage\",\"url\":\"https:\\\/\\\/www.facecorner.lv\\\/wp-content\\\/uploads\\\/2025\\\/01\\\/10001_15764c8a-048d-46b9-be98-b64d490b7f1e.webp\",\"contentUrl\":\"https:\\\/\\\/www.facecorner.lv\\\/wp-content\\\/uploads\\\/2025\\\/01\\\/10001_15764c8a-048d-46b9-be98-b64d490b7f1e.webp\",\"width\":1000,\"height\":1000},{\"@type\":\"BreadcrumbList\",\"@id\":\"https:\\\/\\\/www.facecorner.lv\\\/shop\\\/anua-rice-70-intensive-moisturizing-milk-150-ml\\\/#breadcrumb\",\"itemListElement\":[{\"@type\":\"ListItem\",\"position\":1,\"name\":\"Home\",\"item\":\"https:\\\/\\\/www.facecorner.lv\\\/\"},{\"@type\":\"ListItem\",\"position\":2,\"name\":\"Veikals\",\"item\":\"https:\\\/\\\/www.facecorner.lv\\\/shop\\\/\"},{\"@type\":\"ListItem\",\"position\":3,\"name\":\"Anua Rice 70 Intensive Moisturizing Milk 150 ml\"}]},{\"@type\":\"WebSite\",\"@id\":\"https:\\\/\\\/www.facecorner.lv\\\/#website\",\"url\":\"https:\\\/\\\/www.facecorner.lv\\\/\",\"name\":\"Facecorner\",\"description\":\"\",\"publisher\":{\"@id\":\"https:\\\/\\\/www.facecorner.lv\\\/#organization\"},\"potentialAction\":[{\"@type\":\"SearchAction\",\"target\":{\"@type\":\"EntryPoint\",\"urlTemplate\":\"https:\\\/\\\/www.facecorner.lv\\\/?s={search_term_string}\"},\"query-input\":{\"@type\":\"PropertyValueSpecification\",\"valueRequired\":true,\"valueName\":\"search_term_string\"}}],\"inLanguage\":\"ru-RU\"},{\"@type\":\"Organization\",\"@id\":\"https:\\\/\\\/www.facecorner.lv\\\/#organization\",\"name\":\"Facecorner\",\"url\":\"https:\\\/\\\/www.facecorner.lv\\\/\",\"logo\":{\"@type\":\"ImageObject\",\"inLanguage\":\"ru-RU\",\"@id\":\"https:\\\/\\\/www.facecorner.lv\\\/#\\\/schema\\\/logo\\\/image\\\/\",\"url\":\"https:\\\/\\\/www.facecorner.lv\\\/wp-content\\\/uploads\\\/2024\\\/04\\\/fc-logo.jpg\",\"contentUrl\":\"https:\\\/\\\/www.facecorner.lv\\\/wp-content\\\/uploads\\\/2024\\\/04\\\/fc-logo.jpg\",\"width\":174,\"height\":28,\"caption\":\"Facecorner\"},\"image\":{\"@id\":\"https:\\\/\\\/www.facecorner.lv\\\/#\\\/schema\\\/logo\\\/image\\\/\"},\"sameAs\":[\"https:\\\/\\\/www.facebook.com\\\/profile.php?id=100063824551839\",\"https:\\\/\\\/www.instagram.com\\\/facecorner_shop\\\/\"]}]}<\/script>\n<meta property=\"product:price:amount\" content=\"29.00\" \/>\n<meta property=\"product:price:currency\" content=\"EUR\" \/>\n<meta property=\"og:availability\" content=\"out of stock\" \/>\n<meta property=\"product:availability\" content=\"out of stock\" \/>\n<meta property=\"product:condition\" content=\"new\" \/>\n<!-- \/ Yoast SEO plugin. -->","yoast_head_json":{"title":"Anua Rice 70 Intensive Moisturizing Milk 150 ml - FACECORNER","description":"Anua Rice 70 Intensive Moisturizing Milk pieni\u0146\u0161 ar r\u012bsu ekstraktu un keram\u012bdiem pal\u012bdz uztur\u0113t \u0101das barjeras funkciju.Produkta sast\u0101v\u0101 eso\u0161ais olbaltumviel","robots":{"index":"index","follow":"follow","max-snippet":"max-snippet:-1","max-image-preview":"max-image-preview:large","max-video-preview":"max-video-preview:-1"},"canonical":"https:\/\/www.facecorner.lv\/ru\/shop\/anua-rice-70-intensive-moisturizing-milk-150-ml\/","og_locale":"ru_RU","og_type":"article","og_title":"Anua Rice 70 Intensive Moisturizing Milk 150 ml - FACECORNER","og_description":"Anua Rice 70 Intensive Moisturizing Milk pieni\u0146\u0161 ar r\u012bsu ekstraktu un keram\u012bdiem pal\u012bdz uztur\u0113t \u0101das barjeras funkciju.Produkta sast\u0101v\u0101 eso\u0161ais olbaltumviel","og_url":"https:\/\/www.facecorner.lv\/ru\/shop\/anua-rice-70-intensive-moisturizing-milk-150-ml\/","og_site_name":"FACECORNER","article_publisher":"https:\/\/www.facebook.com\/profile.php?id=100063824551839","article_modified_time":"2025-07-01T06:10:51+00:00","og_image":[{"width":1000,"height":1000,"url":"https:\/\/www.facecorner.lv\/wp-content\/uploads\/2025\/01\/10001_15764c8a-048d-46b9-be98-b64d490b7f1e.webp","type":"image\/webp"}],"twitter_card":"summary_large_image","twitter_misc":{"\u0426\u0435\u043d\u0430":"&euro;29.00","\u0414\u043e\u0441\u0442\u0443\u043f\u043d\u043e\u0441\u0442\u044c":"\u0420\u0430\u0441\u043f\u0440\u043e\u0434\u0430\u043d\u043e"},"schema":{"@context":"https:\/\/schema.org","@graph":[{"@type":"WebPage","@id":"https:\/\/www.facecorner.lv\/shop\/anua-rice-70-intensive-moisturizing-milk-150-ml\/","url":"https:\/\/www.facecorner.lv\/shop\/anua-rice-70-intensive-moisturizing-milk-150-ml\/","name":"Anua Rice 70 Intensive Moisturizing Milk 150 ml - FACECORNER","isPartOf":{"@id":"https:\/\/www.facecorner.lv\/#website"},"primaryImageOfPage":{"@id":"https:\/\/www.facecorner.lv\/shop\/anua-rice-70-intensive-moisturizing-milk-150-ml\/#primaryimage"},"image":{"@id":"https:\/\/www.facecorner.lv\/shop\/anua-rice-70-intensive-moisturizing-milk-150-ml\/#primaryimage"},"thumbnailUrl":"https:\/\/www.facecorner.lv\/wp-content\/uploads\/2025\/01\/10001_15764c8a-048d-46b9-be98-b64d490b7f1e.webp","datePublished":"2025-01-14T19:11:04+00:00","dateModified":"2025-07-01T06:10:51+00:00","description":"Anua Rice 70 Intensive Moisturizing Milk pieni\u0146\u0161 ar r\u012bsu ekstraktu un keram\u012bdiem pal\u012bdz uztur\u0113t \u0101das barjeras funkciju.Produkta sast\u0101v\u0101 eso\u0161ais olbaltumviel","breadcrumb":{"@id":"https:\/\/www.facecorner.lv\/shop\/anua-rice-70-intensive-moisturizing-milk-150-ml\/#breadcrumb"},"inLanguage":"ru-RU","potentialAction":[{"@type":"ReadAction","target":["https:\/\/www.facecorner.lv\/shop\/anua-rice-70-intensive-moisturizing-milk-150-ml\/"]}]},{"@type":"ImageObject","inLanguage":"ru-RU","@id":"https:\/\/www.facecorner.lv\/shop\/anua-rice-70-intensive-moisturizing-milk-150-ml\/#primaryimage","url":"https:\/\/www.facecorner.lv\/wp-content\/uploads\/2025\/01\/10001_15764c8a-048d-46b9-be98-b64d490b7f1e.webp","contentUrl":"https:\/\/www.facecorner.lv\/wp-content\/uploads\/2025\/01\/10001_15764c8a-048d-46b9-be98-b64d490b7f1e.webp","width":1000,"height":1000},{"@type":"BreadcrumbList","@id":"https:\/\/www.facecorner.lv\/shop\/anua-rice-70-intensive-moisturizing-milk-150-ml\/#breadcrumb","itemListElement":[{"@type":"ListItem","position":1,"name":"Home","item":"https:\/\/www.facecorner.lv\/"},{"@type":"ListItem","position":2,"name":"Veikals","item":"https:\/\/www.facecorner.lv\/shop\/"},{"@type":"ListItem","position":3,"name":"Anua Rice 70 Intensive Moisturizing Milk 150 ml"}]},{"@type":"WebSite","@id":"https:\/\/www.facecorner.lv\/#website","url":"https:\/\/www.facecorner.lv\/","name":"Facecorner","description":"","publisher":{"@id":"https:\/\/www.facecorner.lv\/#organization"},"potentialAction":[{"@type":"SearchAction","target":{"@type":"EntryPoint","urlTemplate":"https:\/\/www.facecorner.lv\/?s={search_term_string}"},"query-input":{"@type":"PropertyValueSpecification","valueRequired":true,"valueName":"search_term_string"}}],"inLanguage":"ru-RU"},{"@type":"Organization","@id":"https:\/\/www.facecorner.lv\/#organization","name":"Facecorner","url":"https:\/\/www.facecorner.lv\/","logo":{"@type":"ImageObject","inLanguage":"ru-RU","@id":"https:\/\/www.facecorner.lv\/#\/schema\/logo\/image\/","url":"https:\/\/www.facecorner.lv\/wp-content\/uploads\/2024\/04\/fc-logo.jpg","contentUrl":"https:\/\/www.facecorner.lv\/wp-content\/uploads\/2024\/04\/fc-logo.jpg","width":174,"height":28,"caption":"Facecorner"},"image":{"@id":"https:\/\/www.facecorner.lv\/#\/schema\/logo\/image\/"},"sameAs":["https:\/\/www.facebook.com\/profile.php?id=100063824551839","https:\/\/www.instagram.com\/facecorner_shop\/"]}]},"product_price_amount":"29.00","product_price_currency":"EUR","og_availability":"out of stock","product_availability":"out of stock","product_condition":"new"},"_links":{"self":[{"href":"https:\/\/www.facecorner.lv\/ru\/wp-json\/wp\/v2\/product\/22932","targetHints":{"allow":["GET"]}}],"collection":[{"href":"https:\/\/www.facecorner.lv\/ru\/wp-json\/wp\/v2\/product"}],"about":[{"href":"https:\/\/www.facecorner.lv\/ru\/wp-json\/wp\/v2\/types\/product"}],"replies":[{"embeddable":true,"href":"https:\/\/www.facecorner.lv\/ru\/wp-json\/wp\/v2\/comments?post=22932"}],"wp:featuredmedia":[{"embeddable":true,"href":"https:\/\/www.facecorner.lv\/ru\/wp-json\/wp\/v2\/media\/22935"}],"wp:attachment":[{"href":"https:\/\/www.facecorner.lv\/ru\/wp-json\/wp\/v2\/media?parent=22932"}],"wp:term":[{"taxonomy":"product_brand","embeddable":true,"href":"https:\/\/www.facecorner.lv\/ru\/wp-json\/wp\/v2\/product_brand?post=22932"},{"taxonomy":"product_cat","embeddable":true,"href":"https:\/\/www.facecorner.lv\/ru\/wp-json\/wp\/v2\/product_cat?post=22932"},{"taxonomy":"product_tag","embeddable":true,"href":"https:\/\/www.facecorner.lv\/ru\/wp-json\/wp\/v2\/product_tag?post=22932"},{"taxonomy":"berocket_brand","embeddable":true,"href":"https:\/\/www.facecorner.lv\/ru\/wp-json\/wp\/v2\/berocket_brand?post=22932"}],"curies":[{"name":"wp","href":"https:\/\/api.w.org\/{rel}","templated":true}]}}