{"id":22870,"date":"2025-01-10T16:47:02","date_gmt":"2025-01-10T13:47:02","guid":{"rendered":"https:\/\/www.facecorner.lv\/?post_type=product&#038;p=22870"},"modified":"2025-09-22T13:11:33","modified_gmt":"2025-09-22T10:11:33","slug":"medicube-deep-lifting-peptide-eye-cream-for-face-30ml","status":"publish","type":"product","link":"https:\/\/www.facecorner.lv\/ru\/shop\/medicube-deep-lifting-peptide-eye-cream-for-face-30ml\/","title":{"rendered":"Medicube Deep Lifting Peptide Eye Cream For Face 30ml"},"content":{"rendered":"<p>\u041b\u0438\u0444\u0442\u0438\u043d\u0433 \u043a\u0440\u0435\u043c \u0434\u043b\u044f \u0432\u0435\u043a \u0438 \u043b\u0438\u0446\u0430 Medicube Deep Lifting Peptide Eye Cream For Face \u043e\u0431\u0435\u0441\u043f\u0435\u0447\u0438\u0432\u0430\u0435\u0442 \u0430\u043d\u0442\u0438\u0432\u043e\u0437\u0440\u0430\u0441\u0442\u043d\u043e\u0439 \u0443\u0445\u043e\u0434 \u0437\u0430 \u0441\u0447\u0435\u0442 \u0441\u043e\u0441\u0442\u0430\u0432\u0430, \u0431\u043e\u0433\u0430\u0442\u043e\u0433\u043e \u0430\u043a\u0442\u0438\u0432\u0430\u043c\u0438 \u0441 \u0434\u043e\u043a\u0430\u0437\u0430\u043d\u043d\u043e\u0439 \u044d\u0444\u0444\u0435\u043a\u0442\u0438\u0432\u043d\u043e\u0441\u0442\u044c\u044e.<\/p>\n<p>\u041e\u043a\u0430\u0437\u044b\u0432\u0430\u0435\u0442 \u0434\u0435\u0439\u0441\u0442\u0432\u0438\u0435 \u043b\u0438\u0444\u0442\u0438\u043d\u0433\u0430, \u0430\u043a\u0442\u0438\u0432\u043d\u043e \u0431\u043e\u0440\u0435\u0442\u0441\u044f \u0441 \u043f\u0440\u0438\u0437\u043d\u0430\u043a\u0430\u043c\u0438 \u0441\u0442\u0430\u0440\u0435\u043d\u0438\u044f \u043a\u043e\u0436\u0438, \u0440\u0430\u0437\u0433\u043b\u0430\u0436\u0438\u0432\u0430\u0435\u0442 \u0438 \u0441\u043e\u043a\u0440\u0430\u0449\u0430\u0435\u0442 \u0433\u043b\u0443\u0431\u0438\u043d\u0443 \u043c\u043e\u0440\u0449\u0438\u043d, \u0430 \u0442\u0430\u043a\u0436\u0435 \u043f\u043e\u0434\u0434\u0435\u0440\u0436\u0438\u0432\u0430\u0435\u0442 \u0437\u0434\u043e\u0440\u043e\u0432\u044c\u0435 \u044d\u043f\u0438\u0434\u0435\u0440\u043c\u0438\u0441\u0430, \u043f\u043e\u0432\u044b\u0448\u0430\u0435\u0442 \u0438\u043c\u043c\u0443\u043d\u0438\u0442\u0435\u0442 \u0438 \u0442\u043e\u043d\u0443\u0441 \u043a\u043e\u0436\u0438, \u043d\u0430\u0441\u044b\u0449\u0430\u0435\u0442 \u0435\u0451 \u044d\u043d\u0435\u0440\u0433\u0438\u0435\u0439, \u0432\u043e\u0437\u0432\u0440\u0430\u0449\u0430\u0435\u0442 \u0442\u043e\u043d\u0443\u0441 \u0438 \u0437\u0434\u043e\u0440\u043e\u0432\u043e\u0435 \u0441\u0438\u044f\u043d\u0438\u0435, \u043f\u043e\u0432\u044b\u0448\u0430\u0435\u0442 \u044d\u043b\u0430\u0441\u0442\u0438\u0447\u043d\u043e\u0441\u0442\u044c \u043a\u043e\u0436\u0438 \u0438 \u0437\u0430\u043c\u0435\u0434\u043b\u044f\u0435\u0442 \u043f\u0440\u043e\u0446\u0435\u0441\u0441\u044b \u0441\u0442\u0430\u0440\u0435\u043d\u0438\u044f, \u0441\u043e\u0445\u0440\u0430\u043d\u044f\u044f \u043c\u043e\u043b\u043e\u0434\u043e\u0441\u0442\u044c \u0438 \u0437\u0434\u043e\u0440\u043e\u0432\u044c\u0435 \u043a\u043e\u0436\u0438.<\/p>\n<p>\u041e\u043c\u043e\u043b\u0430\u0436\u0438\u0432\u0430\u044e\u0449\u0438\u0439 \u043b\u0438\u0444\u0442\u0438\u043d\u0433-\u043a\u0440\u0435\u043c \u0434\u043b\u044f \u0432\u0435\u043a \u0438\u0442 \u043b\u0438\u0446\u0430 \u0441 \u043f\u0435\u043f\u0442\u0438\u0434\u043d\u044b\u043c \u043a\u043e\u043c\u043f\u043b\u0435\u043a\u0441\u043e\u043c  \u0441\u043e\u043a\u0440\u0430\u0449\u0430\u0435\u0442 \u0443\u0436\u0435 \u0438\u043c\u0435\u044e\u0449\u0438\u0435\u0441\u044f \u043c\u043e\u0440\u0449\u0438\u043d\u044b \u0438 \u043f\u0440\u0435\u043f\u044f\u0442\u0441\u0442\u0432\u0443\u0435\u0442 \u043f\u043e\u044f\u0432\u043b\u0435\u043d\u0438\u044e \u043d\u043e\u0432\u044b\u0445, \u043f\u043e\u0434\u0442\u044f\u0433\u0438\u0432\u0430\u0435\u0442 \u0438 \u0437\u0430\u043c\u0435\u0434\u043b\u044f\u0435\u0442 \u043f\u0440\u043e\u0446\u0435\u0441\u0441\u044b \u0441\u0442\u0430\u0440\u0435\u043d\u0438\u044f, \u0437\u0430\u0431\u043e\u0442\u0438\u0442\u0441\u044f \u043d\u0435 \u0442\u043e\u043b\u044c\u043a\u043e \u043e \u201c\u0433\u0443\u0441\u0438\u043d\u044b\u0445 \u043b\u0430\u043f\u043a\u0430\u0445\u201d, \u043d\u043e \u0438 \u043e \u0433\u043b\u0443\u0431\u043e\u043a\u0438\u0445 \u043c\u043e\u0440\u0449\u0438\u043d\u043a\u0430\u0445 \u0432\u043e\u043a\u0440\u0443\u0433 \u0433\u043b\u0430\u0437, \u0443\u0432\u043b\u0430\u0436\u043d\u044f\u0435\u0442 \u0438 \u043f\u0438\u0442\u0430\u0435\u0442 \u043d\u0435\u0436\u043d\u0443\u044e \u043a\u043e\u0436\u0443 \u0432\u043e\u043a\u0440\u0443\u0433 \u0433\u043b\u0430\u0437, \u043f\u043e\u0432\u044b\u0448\u0430\u0435\u0442 \u0443\u043f\u0440\u0443\u0433\u043e\u0441\u0442\u044c \u0438 \u044d\u043b\u0430\u0441\u0442\u0438\u0447\u043d\u043e\u0441\u0442\u044c.<\/p>\n<p><strong>\u0421\u043f\u043e\u0441\u043e\u0431 \u043f\u0440\u0438\u043c\u0435\u043d\u0435\u043d\u0438\u044f:<\/strong> \u041d\u0430\u043d\u0435\u0441\u0438\u0442\u0435 \u043d\u0435\u043e\u0431\u0445\u043e\u0434\u0438\u043c\u043e\u0435 \u043a\u043e\u043b\u0438\u0447\u0435\u0441\u0442\u0432\u043e \u0441\u0440\u0435\u0434\u0441\u0442\u0432\u0430 \u043b\u0451\u0433\u043a\u0438\u043c\u0438 \u043f\u043e\u0445\u043b\u043e\u043f\u044b\u0432\u0430\u044e\u0449\u0438\u043c\u0438 \u0434\u0432\u0438\u0436\u0435\u043d\u0438\u044f\u043c \u043d\u0430 \u043e\u0431\u043b\u0430\u0441\u0442\u044c \u0432\u043e\u043a\u0440\u0443\u0433 \u0433\u043b\u0430\u0437 \u0438 \u043d\u043e\u0441\u043e\u0433\u0443\u0431\u043d\u044b\u0445 \u0441\u043a\u043b\u0430\u0434\u043e\u043a.<\/p>\n<p><strong>\u0421\u043e\u0441\u0442\u0430\u0432<\/strong> Water(Aqua), Methylpropanediol, *Glycerin, Cyclopentasiloxane, *Butylene Glycol, Hydrogenated Poly(C6-14 Olefin), Dipropylene Glycol, Caprylic\/Capric Triglyceride, Panthenol, Niacinamide, *Acetyl Hexapeptide-1, *Palmitoyl Tripeptide-5, *Acetyl Dipeptide-1 Cetyl Ester, *Acetyl Octapeptide-3, Copper Tripeptide-1, Squalane, Glyceryl Stearate, Butyrospermum Parkii (Shea) Butter, Polyglyceryl-3 Distearate, Cetearyl Olivate, C14-22 Alcohols, Stearyl Alcohol, Cetyl Alcohol, Sorbitan Olivate, Hydrogenated Lecithin, Polysorbate 60, Limnanthes Alba (Meadowfoam) Seed Oil, Palmitic Acid, Stearic Acid, 1,2-Hexanediol, C12-20 Alkyl Glucoside, Ammonium Acryloyldimethyltaurate\/VP Copolymer, Dimethiconol, Ethylhexylglycerin, Sodium Stearoyl Glutamate, Saccharide Hydrolysate, Glyceryl Stearate Citrate, Fructooligosaccharides, Allantoin, Acrylates\/C10-30 Alkyl Acrylate Crosspolymer, Tromethamine, *Caprylyl Glycol, Pullulan, Dipotassium Glycyrrhizate, Saccharum Officinarum (Sugarcane) Extract, Adenosine, *Sorbitan Laurate, Disodium EDTA, Sodium Hyaluronate, *Hydroxyethylcellulose, Myristyl Alcohol, Myristic Acid, Hyaluronic Acid, Glucose, Arachidic Acid, Lauryl Alcohol, Sodium Hyaluronate Crosspolymer, Hydrolyzed Sodium Hyaluronate, Hydrolyzed Hyaluronic Acid, Ceramide NP, Atelocollagen, Desamido Collagen, Oleic acid, Hydrolyzed Elastin, Hydrolyzed Collagen, Soluble Collagen, Sodium Acetylated Hyaluronate, Hydroxypropyltrimonium Hyaluronate, Collagen, Collagen Amino Acids, Procollagen, Magnesium PCA, Serine, Sucrose, Glycine, Calcium Chloride, Sea Salt, Alanine, Magnesium Chloride, Threonine, Histidine, Aspartic Acid, Valine, Proline, Dipotassium Phosphate, Lysine, Leucine, Tyrosine, Isoleucine, Magnesium Citrate, Glucosamine HCl, Phenylalanine, Glutamic Acid, Arginine, 1-Methylhydantoin-2-Imide, Asparagine, Citrulline, Methionine, Taurine, Tryptophan, Formic Acid, Glutamine, Cysteine, Fragrance, Alpha-Isomethyl Ionone<\/p>\n<p>&nbsp;<\/p>","protected":false},"excerpt":{"rendered":"<p>\u041b\u0438\u0444\u0442\u0438\u043d\u0433 \u043a\u0440\u0435\u043c \u0434\u043b\u044f \u0432\u0435\u043a \u0438 \u043b\u0438\u0446\u0430 Medicube Deep Lifting Peptide Eye Cream For Face \u043e\u0431\u0435\u0441\u043f\u0435\u0447\u0438\u0432\u0430\u0435\u0442 \u0430\u043d\u0442\u0438\u0432\u043e\u0437\u0440\u0430\u0441\u0442\u043d\u043e\u0439 \u0443\u0445\u043e\u0434 \u0437\u0430 \u0441\u0447\u0435\u0442 \u0441\u043e\u0441\u0442\u0430\u0432\u0430, \u0431\u043e\u0433\u0430\u0442\u043e\u0433\u043e \u0430\u043a\u0442\u0438\u0432\u0430\u043c\u0438 \u0441 \u0434\u043e\u043a\u0430\u0437\u0430\u043d\u043d\u043e\u0439 \u044d\u0444\u0444\u0435\u043a\u0442\u0438\u0432\u043d\u043e\u0441\u0442\u044c\u044e.<\/p>","protected":false},"featured_media":22871,"comment_status":"open","ping_status":"closed","template":"","meta":{"site-sidebar-layout":"default","site-content-layout":"","ast-site-content-layout":"default","site-content-style":"default","site-sidebar-style":"default","ast-global-header-display":"","ast-banner-title-visibility":"","ast-main-header-display":"","ast-hfb-above-header-display":"","ast-hfb-below-header-display":"","ast-hfb-mobile-header-display":"","site-post-title":"","ast-breadcrumbs-content":"","ast-featured-img":"","footer-sml-layout":"","theme-transparent-header-meta":"default","adv-header-id-meta":"","stick-header-meta":"","header-above-stick-meta":"","header-main-stick-meta":"","header-below-stick-meta":"","astra-migrate-meta-layouts":"set","ast-page-background-enabled":"default","ast-page-background-meta":{"desktop":{"background-color":"var(--ast-global-color-4)","background-image":"","background-repeat":"repeat","background-position":"center center","background-size":"auto","background-attachment":"scroll","background-type":"","background-media":"","overlay-type":"","overlay-color":"","overlay-opacity":"","overlay-gradient":""},"tablet":{"background-color":"","background-image":"","background-repeat":"repeat","background-position":"center center","background-size":"auto","background-attachment":"scroll","background-type":"","background-media":"","overlay-type":"","overlay-color":"","overlay-opacity":"","overlay-gradient":""},"mobile":{"background-color":"","background-image":"","background-repeat":"repeat","background-position":"center center","background-size":"auto","background-attachment":"scroll","background-type":"","background-media":"","overlay-type":"","overlay-color":"","overlay-opacity":"","overlay-gradient":""}},"ast-content-background-meta":{"desktop":{"background-color":"var(--ast-global-color-5)","background-image":"","background-repeat":"repeat","background-position":"center center","background-size":"auto","background-attachment":"scroll","background-type":"","background-media":"","overlay-type":"","overlay-color":"","overlay-opacity":"","overlay-gradient":""},"tablet":{"background-color":"var(--ast-global-color-5)","background-image":"","background-repeat":"repeat","background-position":"center center","background-size":"auto","background-attachment":"scroll","background-type":"","background-media":"","overlay-type":"","overlay-color":"","overlay-opacity":"","overlay-gradient":""},"mobile":{"background-color":"var(--ast-global-color-5)","background-image":"","background-repeat":"repeat","background-position":"center center","background-size":"auto","background-attachment":"scroll","background-type":"","background-media":"","overlay-type":"","overlay-color":"","overlay-opacity":"","overlay-gradient":""}}},"product_brand":[],"product_cat":[308,365,368,307,362],"product_tag":[],"berocket_brand":[579],"class_list":{"0":"post-22870","1":"product","2":"type-product","3":"status-publish","4":"has-post-thumbnail","6":"product_cat-acu-krems","7":"product_cat-barojoss","8":"product_cat-pret-grumbam","9":"product_cat-sejai","10":"product_cat-sejas-krems","11":"berocket_brand-medicube","12":"desktop-align-left","13":"tablet-align-left","14":"mobile-align-left","16":"first","17":"outofstock","18":"taxable","19":"shipping-taxable","20":"purchasable","21":"product-type-simple","22":"add-to-wishlist-before_image"},"yoast_head":"<!-- This site is optimized with the Yoast SEO plugin v27.3 - https:\/\/yoast.com\/product\/yoast-seo-wordpress\/ -->\n<title>Medicube Deep Lifting Peptide Eye Cream For Face 30ml - FACECORNER<\/title>\n<meta name=\"description\" content=\"Medicube Deep Lifting Peptide Eye Cream For Face\u00a0 nodro\u0161ina pretnoveco\u0161an\u0101s kop\u0161anu, pateicoties sast\u0101vam, kas bag\u0101ts ar akt\u012bvaj\u0101m viel\u0101m\" \/>\n<meta name=\"robots\" content=\"index, follow, max-snippet:-1, max-image-preview:large, max-video-preview:-1\" \/>\n<link rel=\"canonical\" href=\"https:\/\/www.facecorner.lv\/ru\/shop\/medicube-deep-lifting-peptide-eye-cream-for-face-30ml\/\" \/>\n<meta property=\"og:locale\" content=\"ru_RU\" \/>\n<meta property=\"og:type\" content=\"article\" \/>\n<meta property=\"og:title\" content=\"Medicube Deep Lifting Peptide Eye Cream For Face 30ml - FACECORNER\" \/>\n<meta property=\"og:description\" content=\"Medicube Deep Lifting Peptide Eye Cream For Face\u00a0 nodro\u0161ina pretnoveco\u0161an\u0101s kop\u0161anu, pateicoties sast\u0101vam, kas bag\u0101ts ar akt\u012bvaj\u0101m viel\u0101m\" \/>\n<meta property=\"og:url\" content=\"https:\/\/www.facecorner.lv\/ru\/shop\/medicube-deep-lifting-peptide-eye-cream-for-face-30ml\/\" \/>\n<meta property=\"og:site_name\" content=\"FACECORNER\" \/>\n<meta property=\"article:publisher\" content=\"https:\/\/www.facebook.com\/profile.php?id=100063824551839\" \/>\n<meta property=\"article:modified_time\" content=\"2025-09-22T10:11:33+00:00\" \/>\n<meta property=\"og:image\" content=\"https:\/\/www.facecorner.lv\/wp-content\/uploads\/2025\/01\/medicube-deep-30gmedicubebeauty-decoder-719711.webp\" \/>\n\t<meta property=\"og:image:width\" content=\"968\" \/>\n\t<meta property=\"og:image:height\" content=\"968\" \/>\n\t<meta property=\"og:image:type\" content=\"image\/webp\" \/>\n<meta name=\"twitter:card\" content=\"summary_large_image\" \/>\n<meta name=\"twitter:label1\" content=\"\u0426\u0435\u043d\u0430\" \/>\n\t<meta name=\"twitter:data1\" content=\"&euro;35.00\" \/>\n\t<meta name=\"twitter:label2\" content=\"\u0414\u043e\u0441\u0442\u0443\u043f\u043d\u043e\u0441\u0442\u044c\" \/>\n\t<meta name=\"twitter:data2\" content=\"\u0420\u0430\u0441\u043f\u0440\u043e\u0434\u0430\u043d\u043e\" \/>\n<script type=\"application\/ld+json\" class=\"yoast-schema-graph\">{\"@context\":\"https:\\\/\\\/schema.org\",\"@graph\":[{\"@type\":\"WebPage\",\"@id\":\"https:\\\/\\\/www.facecorner.lv\\\/shop\\\/medicube-deep-lifting-peptide-eye-cream-for-face-30ml\\\/\",\"url\":\"https:\\\/\\\/www.facecorner.lv\\\/shop\\\/medicube-deep-lifting-peptide-eye-cream-for-face-30ml\\\/\",\"name\":\"Medicube Deep Lifting Peptide Eye Cream For Face 30ml - FACECORNER\",\"isPartOf\":{\"@id\":\"https:\\\/\\\/www.facecorner.lv\\\/#website\"},\"primaryImageOfPage\":{\"@id\":\"https:\\\/\\\/www.facecorner.lv\\\/shop\\\/medicube-deep-lifting-peptide-eye-cream-for-face-30ml\\\/#primaryimage\"},\"image\":{\"@id\":\"https:\\\/\\\/www.facecorner.lv\\\/shop\\\/medicube-deep-lifting-peptide-eye-cream-for-face-30ml\\\/#primaryimage\"},\"thumbnailUrl\":\"https:\\\/\\\/www.facecorner.lv\\\/wp-content\\\/uploads\\\/2025\\\/01\\\/medicube-deep-30gmedicubebeauty-decoder-719711.webp\",\"datePublished\":\"2025-01-10T13:47:02+00:00\",\"dateModified\":\"2025-09-22T10:11:33+00:00\",\"description\":\"Medicube Deep Lifting Peptide Eye Cream For Face\u00a0 nodro\u0161ina pretnoveco\u0161an\u0101s kop\u0161anu, pateicoties sast\u0101vam, kas bag\u0101ts ar akt\u012bvaj\u0101m viel\u0101m\",\"breadcrumb\":{\"@id\":\"https:\\\/\\\/www.facecorner.lv\\\/shop\\\/medicube-deep-lifting-peptide-eye-cream-for-face-30ml\\\/#breadcrumb\"},\"inLanguage\":\"ru-RU\",\"potentialAction\":[{\"@type\":\"ReadAction\",\"target\":[\"https:\\\/\\\/www.facecorner.lv\\\/shop\\\/medicube-deep-lifting-peptide-eye-cream-for-face-30ml\\\/\"]}]},{\"@type\":\"ImageObject\",\"inLanguage\":\"ru-RU\",\"@id\":\"https:\\\/\\\/www.facecorner.lv\\\/shop\\\/medicube-deep-lifting-peptide-eye-cream-for-face-30ml\\\/#primaryimage\",\"url\":\"https:\\\/\\\/www.facecorner.lv\\\/wp-content\\\/uploads\\\/2025\\\/01\\\/medicube-deep-30gmedicubebeauty-decoder-719711.webp\",\"contentUrl\":\"https:\\\/\\\/www.facecorner.lv\\\/wp-content\\\/uploads\\\/2025\\\/01\\\/medicube-deep-30gmedicubebeauty-decoder-719711.webp\",\"width\":968,\"height\":968,\"caption\":\"Medicube Deep Lifting Peptide Eye Cream For Face 30ml\"},{\"@type\":\"BreadcrumbList\",\"@id\":\"https:\\\/\\\/www.facecorner.lv\\\/shop\\\/medicube-deep-lifting-peptide-eye-cream-for-face-30ml\\\/#breadcrumb\",\"itemListElement\":[{\"@type\":\"ListItem\",\"position\":1,\"name\":\"Home\",\"item\":\"https:\\\/\\\/www.facecorner.lv\\\/\"},{\"@type\":\"ListItem\",\"position\":2,\"name\":\"Veikals\",\"item\":\"https:\\\/\\\/www.facecorner.lv\\\/shop\\\/\"},{\"@type\":\"ListItem\",\"position\":3,\"name\":\"Medicube Deep Lifting Peptide Eye Cream For Face 30ml\"}]},{\"@type\":\"WebSite\",\"@id\":\"https:\\\/\\\/www.facecorner.lv\\\/#website\",\"url\":\"https:\\\/\\\/www.facecorner.lv\\\/\",\"name\":\"Facecorner\",\"description\":\"\",\"publisher\":{\"@id\":\"https:\\\/\\\/www.facecorner.lv\\\/#organization\"},\"potentialAction\":[{\"@type\":\"SearchAction\",\"target\":{\"@type\":\"EntryPoint\",\"urlTemplate\":\"https:\\\/\\\/www.facecorner.lv\\\/?s={search_term_string}\"},\"query-input\":{\"@type\":\"PropertyValueSpecification\",\"valueRequired\":true,\"valueName\":\"search_term_string\"}}],\"inLanguage\":\"ru-RU\"},{\"@type\":\"Organization\",\"@id\":\"https:\\\/\\\/www.facecorner.lv\\\/#organization\",\"name\":\"Facecorner\",\"url\":\"https:\\\/\\\/www.facecorner.lv\\\/\",\"logo\":{\"@type\":\"ImageObject\",\"inLanguage\":\"ru-RU\",\"@id\":\"https:\\\/\\\/www.facecorner.lv\\\/#\\\/schema\\\/logo\\\/image\\\/\",\"url\":\"https:\\\/\\\/www.facecorner.lv\\\/wp-content\\\/uploads\\\/2024\\\/04\\\/fc-logo.jpg\",\"contentUrl\":\"https:\\\/\\\/www.facecorner.lv\\\/wp-content\\\/uploads\\\/2024\\\/04\\\/fc-logo.jpg\",\"width\":174,\"height\":28,\"caption\":\"Facecorner\"},\"image\":{\"@id\":\"https:\\\/\\\/www.facecorner.lv\\\/#\\\/schema\\\/logo\\\/image\\\/\"},\"sameAs\":[\"https:\\\/\\\/www.facebook.com\\\/profile.php?id=100063824551839\",\"https:\\\/\\\/www.instagram.com\\\/facecorner_shop\\\/\"]}]}<\/script>\n<meta property=\"product:price:amount\" content=\"35.00\" \/>\n<meta property=\"product:price:currency\" content=\"EUR\" \/>\n<meta property=\"og:availability\" content=\"out of stock\" \/>\n<meta property=\"product:availability\" content=\"out of stock\" \/>\n<meta property=\"product:condition\" content=\"new\" \/>\n<!-- \/ Yoast SEO plugin. -->","yoast_head_json":{"title":"Medicube Deep Lifting Peptide Eye Cream For Face 30ml - FACECORNER","description":"Medicube Deep Lifting Peptide Eye Cream For Face\u00a0 nodro\u0161ina pretnoveco\u0161an\u0101s kop\u0161anu, pateicoties sast\u0101vam, kas bag\u0101ts ar akt\u012bvaj\u0101m viel\u0101m","robots":{"index":"index","follow":"follow","max-snippet":"max-snippet:-1","max-image-preview":"max-image-preview:large","max-video-preview":"max-video-preview:-1"},"canonical":"https:\/\/www.facecorner.lv\/ru\/shop\/medicube-deep-lifting-peptide-eye-cream-for-face-30ml\/","og_locale":"ru_RU","og_type":"article","og_title":"Medicube Deep Lifting Peptide Eye Cream For Face 30ml - FACECORNER","og_description":"Medicube Deep Lifting Peptide Eye Cream For Face\u00a0 nodro\u0161ina pretnoveco\u0161an\u0101s kop\u0161anu, pateicoties sast\u0101vam, kas bag\u0101ts ar akt\u012bvaj\u0101m viel\u0101m","og_url":"https:\/\/www.facecorner.lv\/ru\/shop\/medicube-deep-lifting-peptide-eye-cream-for-face-30ml\/","og_site_name":"FACECORNER","article_publisher":"https:\/\/www.facebook.com\/profile.php?id=100063824551839","article_modified_time":"2025-09-22T10:11:33+00:00","og_image":[{"width":968,"height":968,"url":"https:\/\/www.facecorner.lv\/wp-content\/uploads\/2025\/01\/medicube-deep-30gmedicubebeauty-decoder-719711.webp","type":"image\/webp"}],"twitter_card":"summary_large_image","twitter_misc":{"\u0426\u0435\u043d\u0430":"&euro;35.00","\u0414\u043e\u0441\u0442\u0443\u043f\u043d\u043e\u0441\u0442\u044c":"\u0420\u0430\u0441\u043f\u0440\u043e\u0434\u0430\u043d\u043e"},"schema":{"@context":"https:\/\/schema.org","@graph":[{"@type":"WebPage","@id":"https:\/\/www.facecorner.lv\/shop\/medicube-deep-lifting-peptide-eye-cream-for-face-30ml\/","url":"https:\/\/www.facecorner.lv\/shop\/medicube-deep-lifting-peptide-eye-cream-for-face-30ml\/","name":"Medicube Deep Lifting Peptide Eye Cream For Face 30ml - FACECORNER","isPartOf":{"@id":"https:\/\/www.facecorner.lv\/#website"},"primaryImageOfPage":{"@id":"https:\/\/www.facecorner.lv\/shop\/medicube-deep-lifting-peptide-eye-cream-for-face-30ml\/#primaryimage"},"image":{"@id":"https:\/\/www.facecorner.lv\/shop\/medicube-deep-lifting-peptide-eye-cream-for-face-30ml\/#primaryimage"},"thumbnailUrl":"https:\/\/www.facecorner.lv\/wp-content\/uploads\/2025\/01\/medicube-deep-30gmedicubebeauty-decoder-719711.webp","datePublished":"2025-01-10T13:47:02+00:00","dateModified":"2025-09-22T10:11:33+00:00","description":"Medicube Deep Lifting Peptide Eye Cream For Face\u00a0 nodro\u0161ina pretnoveco\u0161an\u0101s kop\u0161anu, pateicoties sast\u0101vam, kas bag\u0101ts ar akt\u012bvaj\u0101m viel\u0101m","breadcrumb":{"@id":"https:\/\/www.facecorner.lv\/shop\/medicube-deep-lifting-peptide-eye-cream-for-face-30ml\/#breadcrumb"},"inLanguage":"ru-RU","potentialAction":[{"@type":"ReadAction","target":["https:\/\/www.facecorner.lv\/shop\/medicube-deep-lifting-peptide-eye-cream-for-face-30ml\/"]}]},{"@type":"ImageObject","inLanguage":"ru-RU","@id":"https:\/\/www.facecorner.lv\/shop\/medicube-deep-lifting-peptide-eye-cream-for-face-30ml\/#primaryimage","url":"https:\/\/www.facecorner.lv\/wp-content\/uploads\/2025\/01\/medicube-deep-30gmedicubebeauty-decoder-719711.webp","contentUrl":"https:\/\/www.facecorner.lv\/wp-content\/uploads\/2025\/01\/medicube-deep-30gmedicubebeauty-decoder-719711.webp","width":968,"height":968,"caption":"Medicube Deep Lifting Peptide Eye Cream For Face 30ml"},{"@type":"BreadcrumbList","@id":"https:\/\/www.facecorner.lv\/shop\/medicube-deep-lifting-peptide-eye-cream-for-face-30ml\/#breadcrumb","itemListElement":[{"@type":"ListItem","position":1,"name":"Home","item":"https:\/\/www.facecorner.lv\/"},{"@type":"ListItem","position":2,"name":"Veikals","item":"https:\/\/www.facecorner.lv\/shop\/"},{"@type":"ListItem","position":3,"name":"Medicube Deep Lifting Peptide Eye Cream For Face 30ml"}]},{"@type":"WebSite","@id":"https:\/\/www.facecorner.lv\/#website","url":"https:\/\/www.facecorner.lv\/","name":"Facecorner","description":"","publisher":{"@id":"https:\/\/www.facecorner.lv\/#organization"},"potentialAction":[{"@type":"SearchAction","target":{"@type":"EntryPoint","urlTemplate":"https:\/\/www.facecorner.lv\/?s={search_term_string}"},"query-input":{"@type":"PropertyValueSpecification","valueRequired":true,"valueName":"search_term_string"}}],"inLanguage":"ru-RU"},{"@type":"Organization","@id":"https:\/\/www.facecorner.lv\/#organization","name":"Facecorner","url":"https:\/\/www.facecorner.lv\/","logo":{"@type":"ImageObject","inLanguage":"ru-RU","@id":"https:\/\/www.facecorner.lv\/#\/schema\/logo\/image\/","url":"https:\/\/www.facecorner.lv\/wp-content\/uploads\/2024\/04\/fc-logo.jpg","contentUrl":"https:\/\/www.facecorner.lv\/wp-content\/uploads\/2024\/04\/fc-logo.jpg","width":174,"height":28,"caption":"Facecorner"},"image":{"@id":"https:\/\/www.facecorner.lv\/#\/schema\/logo\/image\/"},"sameAs":["https:\/\/www.facebook.com\/profile.php?id=100063824551839","https:\/\/www.instagram.com\/facecorner_shop\/"]}]},"product_price_amount":"35.00","product_price_currency":"EUR","og_availability":"out of stock","product_availability":"out of stock","product_condition":"new"},"_links":{"self":[{"href":"https:\/\/www.facecorner.lv\/ru\/wp-json\/wp\/v2\/product\/22870","targetHints":{"allow":["GET"]}}],"collection":[{"href":"https:\/\/www.facecorner.lv\/ru\/wp-json\/wp\/v2\/product"}],"about":[{"href":"https:\/\/www.facecorner.lv\/ru\/wp-json\/wp\/v2\/types\/product"}],"replies":[{"embeddable":true,"href":"https:\/\/www.facecorner.lv\/ru\/wp-json\/wp\/v2\/comments?post=22870"}],"wp:featuredmedia":[{"embeddable":true,"href":"https:\/\/www.facecorner.lv\/ru\/wp-json\/wp\/v2\/media\/22871"}],"wp:attachment":[{"href":"https:\/\/www.facecorner.lv\/ru\/wp-json\/wp\/v2\/media?parent=22870"}],"wp:term":[{"taxonomy":"product_brand","embeddable":true,"href":"https:\/\/www.facecorner.lv\/ru\/wp-json\/wp\/v2\/product_brand?post=22870"},{"taxonomy":"product_cat","embeddable":true,"href":"https:\/\/www.facecorner.lv\/ru\/wp-json\/wp\/v2\/product_cat?post=22870"},{"taxonomy":"product_tag","embeddable":true,"href":"https:\/\/www.facecorner.lv\/ru\/wp-json\/wp\/v2\/product_tag?post=22870"},{"taxonomy":"berocket_brand","embeddable":true,"href":"https:\/\/www.facecorner.lv\/ru\/wp-json\/wp\/v2\/berocket_brand?post=22870"}],"curies":[{"name":"wp","href":"https:\/\/api.w.org\/{rel}","templated":true}]}}