{"id":22812,"date":"2025-01-02T23:47:02","date_gmt":"2025-01-02T20:47:02","guid":{"rendered":"https:\/\/www.facecorner.lv\/?post_type=product&#038;p=22812"},"modified":"2025-11-08T18:03:50","modified_gmt":"2025-11-08T15:03:50","slug":"vt-collagen-reedle-shot-100-2step-hydrogel-mask","status":"publish","type":"product","link":"https:\/\/www.facecorner.lv\/ru\/shop\/vt-collagen-reedle-shot-100-2step-hydrogel-mask\/","title":{"rendered":"VT Cosmetics Collagen Reedle Shot 100 2-Step Mask"},"content":{"rendered":"<p><strong>VT Cosmetics Collagen Reedle Shot<\/strong> 100 2-Step Hydrogel Mask - \u044d\u0442\u043e \u0443\u043d\u0438\u043a\u0430\u043b\u044c\u043d\u0430\u044f \u0441\u0438\u0441\u0442\u0435\u043c\u0430 \u0443\u0445\u043e\u0434\u0430 \u0437\u0430 \u043a\u043e\u0436\u0435\u0439, \u043a\u043e\u0442\u043e\u0440\u0430\u044f \u0433\u043b\u0443\u0431\u043e\u043a\u043e \u0443\u0432\u043b\u0430\u0436\u043d\u044f\u0435\u0442, \u0443\u043a\u0440\u0435\u043f\u043b\u044f\u0435\u0442 \u0438 \u0432\u043e\u0441\u0441\u0442\u0430\u043d\u0430\u0432\u043b\u0438\u0432\u0430\u0435\u0442 \u0435\u0435. \u0418\u043d\u043d\u043e\u0432\u0430\u0446\u0438\u043e\u043d\u043d\u0430\u044f \u0442\u0435\u0445\u043d\u043e\u043b\u043e\u0433\u0438\u044f Reedle Shot\u2122 \u0438 \u043a\u043e\u043d\u0446\u0435\u043d\u0442\u0440\u0430\u0442 \u043a\u043e\u043b\u043b\u0430\u0433\u0435\u043d\u0430 \u043e\u0431\u0435\u0441\u043f\u0435\u0447\u0438\u0432\u0430\u044e\u0442 \u043b\u0438\u0444\u0442\u0438\u043d\u0433-\u044d\u0444\u0444\u0435\u043a\u0442 \u0438 \u0443\u043b\u0443\u0447\u0448\u0430\u044e\u0442 \u0442\u0435\u043a\u0441\u0442\u0443\u0440\u0443 \u043a\u043e\u0436\u0438.<\/p>\n<ul>\n<li>CicaReedle\u2122 \u2013 \u0442\u0435\u0445\u043d\u043e\u043b\u043e\u0433\u0438\u044f \u043c\u0438\u043a\u0440\u043e\u0438\u0433\u043b, \u0434\u043e\u0441\u0442\u0430\u0432\u043b\u044f\u044e\u0449\u0430\u044f \u0430\u043a\u0442\u0438\u0432\u043d\u044b\u0435 \u0432\u0435\u0449\u0435\u0441\u0442\u0432\u0430 \u0432 \u0433\u043b\u0443\u0431\u043e\u043a\u0438\u0435 \u0441\u043b\u043e\u0438 \u043a\u043e\u0436\u0438<\/li>\n<li>Cicahyalon\u2122 \u2013 \u043a\u043e\u043c\u043f\u043b\u0435\u043a\u0441 \u0438\u0437 \u0446\u0435\u043d\u0442\u0435\u043b\u043b\u044b, \u0437\u0435\u043b\u0451\u043d\u043e\u0433\u043e \u043f\u0440\u043e\u043f\u043e\u043b\u0438\u0441\u0430 \u0438 \u0433\u0438\u0430\u043b\u0443\u0440\u043e\u043d\u043e\u0432\u043e\u0439 \u043a\u0438\u0441\u043b\u043e\u0442\u044b, \u0443\u0441\u043f\u043e\u043a\u0430\u0438\u0432\u0430\u0435\u0442 \u0438 \u0443\u0432\u043b\u0430\u0436\u043d\u044f\u0435\u0442<\/li>\n<li>\u0413\u0438\u0434\u0440\u043e\u043b\u0438\u0437\u043e\u0432\u0430\u043d\u043d\u044b\u0439 \u043a\u043e\u043b\u043b\u0430\u0433\u0435\u043d - \u0441\u043c\u044f\u0433\u0447\u0430\u0435\u0442, \u0440\u0430\u0437\u0433\u043b\u0430\u0436\u0438\u0432\u0430\u0435\u0442 \u043c\u0438\u043a\u0440\u043e\u0440\u0435\u043b\u044c\u0435\u0444, \u043e\u0431\u0435\u0441\u043f\u0435\u0447\u0438\u0432\u0430\u0435\u0442 \u0433\u043b\u0443\u0431\u043e\u043a\u043e\u0435 \u0443\u0432\u043b\u0430\u0436\u043d\u0435\u043d\u0438\u0435, \u0441\u043f\u043e\u0441\u043e\u0431\u0441\u0442\u0432\u0443\u0435\u0442 \u0443\u043c\u0435\u043d\u044c\u0448\u0435\u043d\u0438\u044e \u043c\u043e\u0440\u0449\u0438\u043d.<\/li>\n<li>\u0413\u0438\u0434\u0440\u043e\u043b\u0438\u0437\u043e\u0432\u0430\u043d\u043d\u044b\u0439 \u044d\u043b\u0430\u0441\u0442\u0438\u043d - \u0443\u043a\u0440\u0435\u043f\u043b\u044f\u0435\u0442, \u043f\u043e\u0434\u0434\u0435\u0440\u0436\u0438\u0432\u0430\u0435\u0442 \u0432\u043e\u043b\u043e\u043a\u043d\u0430 \u043a\u043e\u043b\u043b\u0430\u0433\u0435\u043d\u0430, \u043f\u043e\u0432\u044b\u0448\u0430\u0435\u0442 \u044d\u043b\u0430\u0441\u0442\u0438\u0447\u043d\u043e\u0441\u0442\u044c \u0442\u043a\u0430\u043d\u0435\u0439, \u0434\u0435\u043b\u0430\u0435\u0442 \u043a\u043e\u0436\u0443 \u0443\u043f\u0440\u0443\u0433\u043e\u0439 \u0438 \u0433\u043b\u0430\u0434\u043a\u043e\u0439.<\/li>\n<\/ul>\n<p><strong>\u041f\u0440\u0435\u0438\u043c\u0443\u0449\u0435\u0441\u0442\u0432\u0430<\/strong><\/p>\n<ul>\n<li>\u0423\u043b\u0443\u0447\u0448\u0430\u0435\u0442 \u0441\u0442\u0440\u0443\u043a\u0442\u0443\u0440\u0443 \u043a\u043e\u0436\u0438<\/li>\n<li>\u0421\u0443\u0436\u0430\u0435\u0442 \u043f\u043e\u0440\u044b<\/li>\n<li>\u0412\u043e\u0441\u0441\u0442\u0430\u043d\u0430\u0432\u043b\u0438\u0432\u0430\u0435\u0442 \u0442\u0435\u043a\u0441\u0442\u0443\u0440\u0443 \u0438 \u043f\u043b\u043e\u0442\u043d\u043e\u0441\u0442\u044c \u043a\u043e\u0436\u0438<\/li>\n<li>\u0413\u043b\u0443\u0431\u043e\u043a\u043e \u0443\u0432\u043b\u0430\u0436\u043d\u044f\u0435\u0442 \u043a\u043e\u0436\u0443 \u0438 \u0443\u0441\u0442\u0440\u0430\u043d\u044f\u0435\u0442 \u0441\u0443\u0445\u043e\u0441\u0442\u044c<\/li>\n<li>\u041f\u043e\u0432\u044b\u0448\u0430\u0435\u0442 \u0443\u043f\u0440\u0443\u0433\u043e\u0441\u0442\u044c \u0438 \u044d\u043b\u0430\u0441\u0442\u0438\u0447\u043d\u043e\u0441\u0442\u044c \u043a\u043e\u0436\u0438<\/li>\n<li>\u0412\u044b\u0440\u0430\u0432\u043d\u0438\u0432\u0430\u0435\u0442 \u0442\u043e\u043d \u043a\u043e\u0436\u0438, \u0443\u0441\u0442\u0440\u0430\u043d\u044f\u0435\u0442 \u0442\u0443\u0441\u043a\u043b\u043e\u0441\u0442\u044c<\/li>\n<li>\u0420\u0430\u0437\u0433\u043b\u0430\u0436\u0438\u0432\u0430\u0435\u0442 \u043c\u043e\u0440\u0449\u0438\u043d\u044b \u0438 \u0443\u043b\u0443\u0447\u0448\u0430\u0435\u0442 \u0441\u0442\u0440\u0443\u043a\u0442\u0443\u0440\u0443 \u043a\u043e\u0436\u0438<\/li>\n<\/ul>\n<p><strong>\u0421\u043f\u043e\u0441\u043e\u0431 \u043f\u0440\u0438\u043c\u0435\u043d\u0435\u043d\u0438\u044f:<\/strong> \u0421\u043f\u043e\u0441\u043e\u0431 \u043f\u0440\u0438\u043c\u0435\u043d\u0435\u043d\u0438\u044f: \u043d\u0430\u043d\u0435\u0441\u0438\u0442\u0435 \u043f\u0435\u0440\u0432\u044b\u0439 \u0448\u0430\u0433 \u043c\u0430\u0441\u043a\u0438 \u043d\u0430 \u0447\u0438\u0441\u0442\u0443\u044e \u0441\u0443\u0445\u0443\u044e \u043a\u043e\u0436\u0443 \u0438 \u0434\u043e\u0436\u0434\u0438\u0442\u0435\u0441\u044c \u043a\u043e\u0433\u0434\u0430 \u0441\u0440\u0435\u0434\u0441\u0442\u0432\u043e \u0432\u043f\u0438\u0442\u0430\u0435\u0442\u0441\u044f. \u0418\u0437\u0432\u043b\u0435\u043a\u0438\u0442\u0435 \u043f\u0435\u0440\u0432\u0443\u044e \u0447\u0430\u0441\u0442\u044c \u0433\u0438\u0434\u0440\u043e\u0433\u0435\u043b\u0435\u0432\u043e\u0439 \u043c\u0430\u0441\u043a\u0438 \u0438 \u0443\u0434\u0430\u043b\u0438\u0442\u0435 \u0437\u0430\u0449\u0438\u0442\u043d\u0443\u044e \u043f\u043b\u0451\u043d\u043a\u0443, \u043f\u043e\u043c\u0435\u0441\u0442\u0438\u0442\u0435 \u043d\u0430 \u043b\u0438\u0446\u043e \u0438 \u043f\u043b\u043e\u0442\u043d\u043e \u043f\u0440\u0438\u0436\u043c\u0438\u0442\u0435. \u041f\u043e\u0432\u0442\u043e\u0440\u0438\u0442\u0435 \u0441\u043e \u0432\u0442\u043e\u0440\u043e\u0439 \u0447\u0430\u0441\u0442\u044c\u044e \u043c\u0430\u0441\u043a\u0438. \u0421\u043f\u0443\u0441\u0442\u044f 20-40 \u043c\u0438\u043d\u0443\u0442 \u0441\u043d\u0438\u043c\u0438\u0442\u0435 \u043c\u0430\u0441\u043a\u0443 \u0438 \u043b\u0451\u0433\u043a\u0438\u043c\u0438 \u043f\u043e\u0445\u043b\u043e\u043f\u044b\u0432\u0430\u044e\u0449\u0438\u043c\u0438 \u0434\u0432\u0438\u0436\u0435\u043d\u0438\u044f\u043c\u0438 \u043f\u043e\u043c\u043e\u0433\u0438\u0442\u0435 \u043e\u0441\u0442\u0430\u0442\u043a\u0430\u043c \u044d\u0441\u0441\u0435\u043d\u0446\u0438\u0438 \u0432\u043f\u0438\u0442\u0430\u0442\u044c\u0441\u044f, \u043f\u0440\u0438 \u043d\u0435\u043e\u0431\u0445\u043e\u0434\u0438\u043c\u043e\u0441\u0442\u0438 \u043c\u0430\u0441\u043a\u0443 \u043c\u043e\u0436\u043d\u043e \u0434\u0435\u0440\u0436\u0430\u0442\u044c \u0434\u043e 3 \u0447\u0430\u0441\u043e\u0432. \u0420\u0435\u043a\u043e\u043c\u0435\u043d\u0434\u0443\u0435\u0442\u0441\u044f \u0438\u0441\u043f\u043e\u043b\u044c\u0437\u043e\u0432\u0430\u0442\u044c \u0432 \u0440\u0430\u043c\u043a\u0430\u0445 \u0432\u0435\u0447\u0435\u0440\u043d\u0435\u0433\u043e \u0443\u0445\u043e\u0434\u0430.<\/p>\n<p><strong>\u0421\u043e\u0441\u0442\u0430\u0432:<\/strong> Water, Dipropylene Glycol, Niacinamide, Glycerin, Butylene Glycol, Macadamia Ternifolia Seed Oil, 1,2-Hexanediol, Ethylhexyl Palmitate, Sodium Acrylate\/Sodium Acryloyldimethyl Taurate Copolymer, Polyisobutene, Silica, Glycereth-26, Ammonium Acryloyldimethyltaurate\/VP Copolymer, Ethylhexylglycerin, Caprylyl Glycol, Xanthan Gum, Adenosine, Sodium Hyaluronate, Caprylyl\/Capryl Glucoside, Sorbitan Oleate, Tocopherol, Centella Asiatica Extract, Collagen Water (0.979 ppm), Milk Protein Extract, Collagen Extract (0.002 ppm), Madecassoside, Madecassic Acid, Asiaticoside, Asiatic Acid, Propolis Extract.<\/p>\n<p>Water, Dipropylene Glycol, Glycerin, Methylpropanediol, Cetyl Ethylhexanoate, Niacinamide, Ceratonia Siliqua (Carob) Gum, Chondrus Crispus Powder, Chondrus Crispus Extract, Glyceryl Stearate, Betaine, PEG-100 Stearate, Panthenol, Butylene Glycol, Centella Asiatica Extract, Paeonia Suffruticosa Root Extract, Cellulose Gum, Butyrospermum Parkii (Shea) Butter, 1,2-Hexanediol, Sodium Polyacrylate, Potassium Chloride, Polysorbate 60, Chamomilla Recutita (Matricaria) Flower Extract, Ethylhexylglycerin, Glyceryl Caprylate, Hydrogenated Polydecene, Sucrose, Disodium EDTA, Adenosine, Trideceth-6, Pantolactone, Hydrolyzed Gardenia Florida Extract, Maltodextrin, Collagen Extract, Silica, Propanediol, Hydroxyacetophenone, Alchemilla Vulgaris Extract, Sodium Hyaluronate, Beta-Glucan, Ferulic Acid, Sclerotium Gum, Leontopodium Alpinum Extract, Hieracium Pilosella Extract, Bellis Perennis (Daisy) Extract, Primula Veris Extract, Astaxanthin, Caprylic\/Capric Triglyceride, Hydrogenated Lecithin, Pentylene Glycol, Fullerenes, Polyglyceryl-10 Diisostearate, Propolis Extract, Asiaticoside, Madecassoside, Madecassic Acid, Asiatic Acid, PVP.<\/p>","protected":false},"excerpt":{"rendered":"<p>VT Cosmetics Collagen Reedle Shot 100 2 so\u013cu hidrog\u0113la maska ir unik\u0101la kop\u0161anas sist\u0113ma, kas dzi\u013ci mitrina, nostiprina un atdz\u012bvina \u0101du. Inovat\u012bv\u0101 Reedle Shot\u2122 tehnolo\u0123ija un kolag\u0113na koncentr\u0101ts nodro\u0161ina liftinga efektu un uzlabo \u0101das strukt\u016bru. CicaReedle\u2122 \u2013 mikroadatu tehnolo\u0123ija, kas nog\u0101d\u0101 akt\u012bv\u0101s vielas dzi\u013cajos \u0101das sl\u0101\u0146os Cicahyalon\u2122 \u2013 centellas, za\u013c\u0101 propolisa un hialuronsk\u0101bes komplekss, nomierina [&hellip;]<\/p>\n","protected":false},"featured_media":25835,"comment_status":"open","ping_status":"closed","template":"","meta":{"site-sidebar-layout":"default","site-content-layout":"","ast-site-content-layout":"default","site-content-style":"default","site-sidebar-style":"default","ast-global-header-display":"","ast-banner-title-visibility":"","ast-main-header-display":"","ast-hfb-above-header-display":"","ast-hfb-below-header-display":"","ast-hfb-mobile-header-display":"","site-post-title":"","ast-breadcrumbs-content":"","ast-featured-img":"","footer-sml-layout":"","theme-transparent-header-meta":"default","adv-header-id-meta":"","stick-header-meta":"","header-above-stick-meta":"","header-main-stick-meta":"","header-below-stick-meta":"","astra-migrate-meta-layouts":"set","ast-page-background-enabled":"default","ast-page-background-meta":{"desktop":{"background-color":"var(--ast-global-color-4)","background-image":"","background-repeat":"repeat","background-position":"center center","background-size":"auto","background-attachment":"scroll","background-type":"","background-media":"","overlay-type":"","overlay-color":"","overlay-opacity":"","overlay-gradient":""},"tablet":{"background-color":"","background-image":"","background-repeat":"repeat","background-position":"center center","background-size":"auto","background-attachment":"scroll","background-type":"","background-media":"","overlay-type":"","overlay-color":"","overlay-opacity":"","overlay-gradient":""},"mobile":{"background-color":"","background-image":"","background-repeat":"repeat","background-position":"center center","background-size":"auto","background-attachment":"scroll","background-type":"","background-media":"","overlay-type":"","overlay-color":"","overlay-opacity":"","overlay-gradient":""}},"ast-content-background-meta":{"desktop":{"background-color":"var(--ast-global-color-5)","background-image":"","background-repeat":"repeat","background-position":"center center","background-size":"auto","background-attachment":"scroll","background-type":"","background-media":"","overlay-type":"","overlay-color":"","overlay-opacity":"","overlay-gradient":""},"tablet":{"background-color":"var(--ast-global-color-5)","background-image":"","background-repeat":"repeat","background-position":"center center","background-size":"auto","background-attachment":"scroll","background-type":"","background-media":"","overlay-type":"","overlay-color":"","overlay-opacity":"","overlay-gradient":""},"mobile":{"background-color":"var(--ast-global-color-5)","background-image":"","background-repeat":"repeat","background-position":"center center","background-size":"auto","background-attachment":"scroll","background-type":"","background-media":"","overlay-type":"","overlay-color":"","overlay-opacity":"","overlay-gradient":""}}},"product_brand":[],"product_cat":[325,315,326],"product_tag":[],"berocket_brand":[582],"class_list":{"0":"post-22812","1":"product","2":"type-product","3":"status-publish","4":"has-post-thumbnail","6":"product_cat-hidrogela","7":"product_cat-maskas","8":"product_cat-mitrinosas","9":"berocket_brand-vt","10":"desktop-align-left","11":"tablet-align-left","12":"mobile-align-left","14":"first","15":"outofstock","16":"taxable","17":"shipping-taxable","18":"purchasable","19":"product-type-simple","20":"add-to-wishlist-before_image"},"yoast_head":"<!-- This site is optimized with the Yoast SEO plugin v27.3 - https:\/\/yoast.com\/product\/yoast-seo-wordpress\/ -->\n<title>VT Cosmetics Collagen Reedle Shot 100 2-Step Mask - FACECORNER<\/title>\n<meta name=\"robots\" content=\"index, follow, max-snippet:-1, max-image-preview:large, max-video-preview:-1\" \/>\n<link rel=\"canonical\" href=\"https:\/\/www.facecorner.lv\/ru\/shop\/vt-collagen-reedle-shot-100-2step-hydrogel-mask\/\" \/>\n<meta property=\"og:locale\" content=\"ru_RU\" \/>\n<meta property=\"og:type\" content=\"article\" \/>\n<meta property=\"og:title\" content=\"VT Cosmetics Collagen Reedle Shot 100 2-Step Mask - FACECORNER\" \/>\n<meta property=\"og:description\" content=\"VT Cosmetics Collagen Reedle Shot 100 2 so\u013cu hidrog\u0113la maska ir unik\u0101la kop\u0161anas sist\u0113ma, kas dzi\u013ci mitrina, nostiprina un atdz\u012bvina \u0101du. Inovat\u012bv\u0101 Reedle Shot\u2122 tehnolo\u0123ija un kolag\u0113na koncentr\u0101ts nodro\u0161ina liftinga efektu un uzlabo \u0101das strukt\u016bru. CicaReedle\u2122 \u2013 mikroadatu tehnolo\u0123ija, kas nog\u0101d\u0101 akt\u012bv\u0101s vielas dzi\u013cajos \u0101das sl\u0101\u0146os Cicahyalon\u2122 \u2013 centellas, za\u013c\u0101 propolisa un hialuronsk\u0101bes komplekss, nomierina [&hellip;]\" \/>\n<meta property=\"og:url\" content=\"https:\/\/www.facecorner.lv\/ru\/shop\/vt-collagen-reedle-shot-100-2step-hydrogel-mask\/\" \/>\n<meta property=\"og:site_name\" content=\"FACECORNER\" \/>\n<meta property=\"article:publisher\" content=\"https:\/\/www.facebook.com\/profile.php?id=100063824551839\" \/>\n<meta property=\"article:modified_time\" content=\"2025-11-08T15:03:50+00:00\" \/>\n<meta property=\"og:image\" content=\"https:\/\/www.facecorner.lv\/wp-content\/uploads\/2025\/01\/VTCosmeticsCollagenReedleShot1002StepMask1pc_6_250x@2x.webp\" \/>\n\t<meta property=\"og:image:width\" content=\"500\" \/>\n\t<meta property=\"og:image:height\" content=\"500\" \/>\n\t<meta property=\"og:image:type\" content=\"image\/webp\" \/>\n<meta name=\"twitter:card\" content=\"summary_large_image\" \/>\n<meta name=\"twitter:label1\" content=\"\u0426\u0435\u043d\u0430\" \/>\n\t<meta name=\"twitter:data1\" content=\"&euro;3.50\" \/>\n\t<meta name=\"twitter:label2\" content=\"\u0414\u043e\u0441\u0442\u0443\u043f\u043d\u043e\u0441\u0442\u044c\" \/>\n\t<meta name=\"twitter:data2\" content=\"\u0420\u0430\u0441\u043f\u0440\u043e\u0434\u0430\u043d\u043e\" \/>\n<script type=\"application\/ld+json\" class=\"yoast-schema-graph\">{\"@context\":\"https:\\\/\\\/schema.org\",\"@graph\":[{\"@type\":\"WebPage\",\"@id\":\"https:\\\/\\\/www.facecorner.lv\\\/shop\\\/vt-collagen-reedle-shot-100-2step-hydrogel-mask\\\/\",\"url\":\"https:\\\/\\\/www.facecorner.lv\\\/shop\\\/vt-collagen-reedle-shot-100-2step-hydrogel-mask\\\/\",\"name\":\"VT Cosmetics Collagen Reedle Shot 100 2-Step Mask - FACECORNER\",\"isPartOf\":{\"@id\":\"https:\\\/\\\/www.facecorner.lv\\\/#website\"},\"primaryImageOfPage\":{\"@id\":\"https:\\\/\\\/www.facecorner.lv\\\/shop\\\/vt-collagen-reedle-shot-100-2step-hydrogel-mask\\\/#primaryimage\"},\"image\":{\"@id\":\"https:\\\/\\\/www.facecorner.lv\\\/shop\\\/vt-collagen-reedle-shot-100-2step-hydrogel-mask\\\/#primaryimage\"},\"thumbnailUrl\":\"https:\\\/\\\/www.facecorner.lv\\\/wp-content\\\/uploads\\\/2025\\\/01\\\/VTCosmeticsCollagenReedleShot1002StepMask1pc_6_250x@2x.webp\",\"datePublished\":\"2025-01-02T20:47:02+00:00\",\"dateModified\":\"2025-11-08T15:03:50+00:00\",\"breadcrumb\":{\"@id\":\"https:\\\/\\\/www.facecorner.lv\\\/shop\\\/vt-collagen-reedle-shot-100-2step-hydrogel-mask\\\/#breadcrumb\"},\"inLanguage\":\"ru-RU\",\"potentialAction\":[{\"@type\":\"ReadAction\",\"target\":[\"https:\\\/\\\/www.facecorner.lv\\\/shop\\\/vt-collagen-reedle-shot-100-2step-hydrogel-mask\\\/\"]}]},{\"@type\":\"ImageObject\",\"inLanguage\":\"ru-RU\",\"@id\":\"https:\\\/\\\/www.facecorner.lv\\\/shop\\\/vt-collagen-reedle-shot-100-2step-hydrogel-mask\\\/#primaryimage\",\"url\":\"https:\\\/\\\/www.facecorner.lv\\\/wp-content\\\/uploads\\\/2025\\\/01\\\/VTCosmeticsCollagenReedleShot1002StepMask1pc_6_250x@2x.webp\",\"contentUrl\":\"https:\\\/\\\/www.facecorner.lv\\\/wp-content\\\/uploads\\\/2025\\\/01\\\/VTCosmeticsCollagenReedleShot1002StepMask1pc_6_250x@2x.webp\",\"width\":500,\"height\":500,\"caption\":\"VT Cosmetics Collagen Reedle Shot 100 2-Step Mask\"},{\"@type\":\"BreadcrumbList\",\"@id\":\"https:\\\/\\\/www.facecorner.lv\\\/shop\\\/vt-collagen-reedle-shot-100-2step-hydrogel-mask\\\/#breadcrumb\",\"itemListElement\":[{\"@type\":\"ListItem\",\"position\":1,\"name\":\"Home\",\"item\":\"https:\\\/\\\/www.facecorner.lv\\\/\"},{\"@type\":\"ListItem\",\"position\":2,\"name\":\"Veikals\",\"item\":\"https:\\\/\\\/www.facecorner.lv\\\/shop\\\/\"},{\"@type\":\"ListItem\",\"position\":3,\"name\":\"VT Cosmetics Collagen Reedle Shot 100 2-Step Mask\"}]},{\"@type\":\"WebSite\",\"@id\":\"https:\\\/\\\/www.facecorner.lv\\\/#website\",\"url\":\"https:\\\/\\\/www.facecorner.lv\\\/\",\"name\":\"Facecorner\",\"description\":\"\",\"publisher\":{\"@id\":\"https:\\\/\\\/www.facecorner.lv\\\/#organization\"},\"potentialAction\":[{\"@type\":\"SearchAction\",\"target\":{\"@type\":\"EntryPoint\",\"urlTemplate\":\"https:\\\/\\\/www.facecorner.lv\\\/?s={search_term_string}\"},\"query-input\":{\"@type\":\"PropertyValueSpecification\",\"valueRequired\":true,\"valueName\":\"search_term_string\"}}],\"inLanguage\":\"ru-RU\"},{\"@type\":\"Organization\",\"@id\":\"https:\\\/\\\/www.facecorner.lv\\\/#organization\",\"name\":\"Facecorner\",\"url\":\"https:\\\/\\\/www.facecorner.lv\\\/\",\"logo\":{\"@type\":\"ImageObject\",\"inLanguage\":\"ru-RU\",\"@id\":\"https:\\\/\\\/www.facecorner.lv\\\/#\\\/schema\\\/logo\\\/image\\\/\",\"url\":\"https:\\\/\\\/www.facecorner.lv\\\/wp-content\\\/uploads\\\/2024\\\/04\\\/fc-logo.jpg\",\"contentUrl\":\"https:\\\/\\\/www.facecorner.lv\\\/wp-content\\\/uploads\\\/2024\\\/04\\\/fc-logo.jpg\",\"width\":174,\"height\":28,\"caption\":\"Facecorner\"},\"image\":{\"@id\":\"https:\\\/\\\/www.facecorner.lv\\\/#\\\/schema\\\/logo\\\/image\\\/\"},\"sameAs\":[\"https:\\\/\\\/www.facebook.com\\\/profile.php?id=100063824551839\",\"https:\\\/\\\/www.instagram.com\\\/facecorner_shop\\\/\"]}]}<\/script>\n<meta property=\"product:price:amount\" content=\"3.50\" \/>\n<meta property=\"product:price:currency\" content=\"EUR\" \/>\n<meta property=\"og:availability\" content=\"out of stock\" \/>\n<meta property=\"product:availability\" content=\"out of stock\" \/>\n<meta property=\"product:condition\" content=\"new\" \/>\n<!-- \/ Yoast SEO plugin. -->","yoast_head_json":{"title":"VT Cosmetics Collagen Reedle Shot 100 2-Step Mask - FACECORNER","robots":{"index":"index","follow":"follow","max-snippet":"max-snippet:-1","max-image-preview":"max-image-preview:large","max-video-preview":"max-video-preview:-1"},"canonical":"https:\/\/www.facecorner.lv\/ru\/shop\/vt-collagen-reedle-shot-100-2step-hydrogel-mask\/","og_locale":"ru_RU","og_type":"article","og_title":"VT Cosmetics Collagen Reedle Shot 100 2-Step Mask - FACECORNER","og_description":"VT Cosmetics Collagen Reedle Shot 100 2 so\u013cu hidrog\u0113la maska ir unik\u0101la kop\u0161anas sist\u0113ma, kas dzi\u013ci mitrina, nostiprina un atdz\u012bvina \u0101du. Inovat\u012bv\u0101 Reedle Shot\u2122 tehnolo\u0123ija un kolag\u0113na koncentr\u0101ts nodro\u0161ina liftinga efektu un uzlabo \u0101das strukt\u016bru. CicaReedle\u2122 \u2013 mikroadatu tehnolo\u0123ija, kas nog\u0101d\u0101 akt\u012bv\u0101s vielas dzi\u013cajos \u0101das sl\u0101\u0146os Cicahyalon\u2122 \u2013 centellas, za\u013c\u0101 propolisa un hialuronsk\u0101bes komplekss, nomierina [&hellip;]","og_url":"https:\/\/www.facecorner.lv\/ru\/shop\/vt-collagen-reedle-shot-100-2step-hydrogel-mask\/","og_site_name":"FACECORNER","article_publisher":"https:\/\/www.facebook.com\/profile.php?id=100063824551839","article_modified_time":"2025-11-08T15:03:50+00:00","og_image":[{"width":500,"height":500,"url":"https:\/\/www.facecorner.lv\/wp-content\/uploads\/2025\/01\/VTCosmeticsCollagenReedleShot1002StepMask1pc_6_250x@2x.webp","type":"image\/webp"}],"twitter_card":"summary_large_image","twitter_misc":{"\u0426\u0435\u043d\u0430":"&euro;3.50","\u0414\u043e\u0441\u0442\u0443\u043f\u043d\u043e\u0441\u0442\u044c":"\u0420\u0430\u0441\u043f\u0440\u043e\u0434\u0430\u043d\u043e"},"schema":{"@context":"https:\/\/schema.org","@graph":[{"@type":"WebPage","@id":"https:\/\/www.facecorner.lv\/shop\/vt-collagen-reedle-shot-100-2step-hydrogel-mask\/","url":"https:\/\/www.facecorner.lv\/shop\/vt-collagen-reedle-shot-100-2step-hydrogel-mask\/","name":"VT Cosmetics Collagen Reedle Shot 100 2-Step Mask - FACECORNER","isPartOf":{"@id":"https:\/\/www.facecorner.lv\/#website"},"primaryImageOfPage":{"@id":"https:\/\/www.facecorner.lv\/shop\/vt-collagen-reedle-shot-100-2step-hydrogel-mask\/#primaryimage"},"image":{"@id":"https:\/\/www.facecorner.lv\/shop\/vt-collagen-reedle-shot-100-2step-hydrogel-mask\/#primaryimage"},"thumbnailUrl":"https:\/\/www.facecorner.lv\/wp-content\/uploads\/2025\/01\/VTCosmeticsCollagenReedleShot1002StepMask1pc_6_250x@2x.webp","datePublished":"2025-01-02T20:47:02+00:00","dateModified":"2025-11-08T15:03:50+00:00","breadcrumb":{"@id":"https:\/\/www.facecorner.lv\/shop\/vt-collagen-reedle-shot-100-2step-hydrogel-mask\/#breadcrumb"},"inLanguage":"ru-RU","potentialAction":[{"@type":"ReadAction","target":["https:\/\/www.facecorner.lv\/shop\/vt-collagen-reedle-shot-100-2step-hydrogel-mask\/"]}]},{"@type":"ImageObject","inLanguage":"ru-RU","@id":"https:\/\/www.facecorner.lv\/shop\/vt-collagen-reedle-shot-100-2step-hydrogel-mask\/#primaryimage","url":"https:\/\/www.facecorner.lv\/wp-content\/uploads\/2025\/01\/VTCosmeticsCollagenReedleShot1002StepMask1pc_6_250x@2x.webp","contentUrl":"https:\/\/www.facecorner.lv\/wp-content\/uploads\/2025\/01\/VTCosmeticsCollagenReedleShot1002StepMask1pc_6_250x@2x.webp","width":500,"height":500,"caption":"VT Cosmetics Collagen Reedle Shot 100 2-Step Mask"},{"@type":"BreadcrumbList","@id":"https:\/\/www.facecorner.lv\/shop\/vt-collagen-reedle-shot-100-2step-hydrogel-mask\/#breadcrumb","itemListElement":[{"@type":"ListItem","position":1,"name":"Home","item":"https:\/\/www.facecorner.lv\/"},{"@type":"ListItem","position":2,"name":"Veikals","item":"https:\/\/www.facecorner.lv\/shop\/"},{"@type":"ListItem","position":3,"name":"VT Cosmetics Collagen Reedle Shot 100 2-Step Mask"}]},{"@type":"WebSite","@id":"https:\/\/www.facecorner.lv\/#website","url":"https:\/\/www.facecorner.lv\/","name":"Facecorner","description":"","publisher":{"@id":"https:\/\/www.facecorner.lv\/#organization"},"potentialAction":[{"@type":"SearchAction","target":{"@type":"EntryPoint","urlTemplate":"https:\/\/www.facecorner.lv\/?s={search_term_string}"},"query-input":{"@type":"PropertyValueSpecification","valueRequired":true,"valueName":"search_term_string"}}],"inLanguage":"ru-RU"},{"@type":"Organization","@id":"https:\/\/www.facecorner.lv\/#organization","name":"Facecorner","url":"https:\/\/www.facecorner.lv\/","logo":{"@type":"ImageObject","inLanguage":"ru-RU","@id":"https:\/\/www.facecorner.lv\/#\/schema\/logo\/image\/","url":"https:\/\/www.facecorner.lv\/wp-content\/uploads\/2024\/04\/fc-logo.jpg","contentUrl":"https:\/\/www.facecorner.lv\/wp-content\/uploads\/2024\/04\/fc-logo.jpg","width":174,"height":28,"caption":"Facecorner"},"image":{"@id":"https:\/\/www.facecorner.lv\/#\/schema\/logo\/image\/"},"sameAs":["https:\/\/www.facebook.com\/profile.php?id=100063824551839","https:\/\/www.instagram.com\/facecorner_shop\/"]}]},"product_price_amount":"3.50","product_price_currency":"EUR","og_availability":"out of stock","product_availability":"out of stock","product_condition":"new"},"_links":{"self":[{"href":"https:\/\/www.facecorner.lv\/ru\/wp-json\/wp\/v2\/product\/22812","targetHints":{"allow":["GET"]}}],"collection":[{"href":"https:\/\/www.facecorner.lv\/ru\/wp-json\/wp\/v2\/product"}],"about":[{"href":"https:\/\/www.facecorner.lv\/ru\/wp-json\/wp\/v2\/types\/product"}],"replies":[{"embeddable":true,"href":"https:\/\/www.facecorner.lv\/ru\/wp-json\/wp\/v2\/comments?post=22812"}],"wp:featuredmedia":[{"embeddable":true,"href":"https:\/\/www.facecorner.lv\/ru\/wp-json\/wp\/v2\/media\/25835"}],"wp:attachment":[{"href":"https:\/\/www.facecorner.lv\/ru\/wp-json\/wp\/v2\/media?parent=22812"}],"wp:term":[{"taxonomy":"product_brand","embeddable":true,"href":"https:\/\/www.facecorner.lv\/ru\/wp-json\/wp\/v2\/product_brand?post=22812"},{"taxonomy":"product_cat","embeddable":true,"href":"https:\/\/www.facecorner.lv\/ru\/wp-json\/wp\/v2\/product_cat?post=22812"},{"taxonomy":"product_tag","embeddable":true,"href":"https:\/\/www.facecorner.lv\/ru\/wp-json\/wp\/v2\/product_tag?post=22812"},{"taxonomy":"berocket_brand","embeddable":true,"href":"https:\/\/www.facecorner.lv\/ru\/wp-json\/wp\/v2\/berocket_brand?post=22812"}],"curies":[{"name":"wp","href":"https:\/\/api.w.org\/{rel}","templated":true}]}}