{"id":21979,"date":"2024-11-25T22:47:01","date_gmt":"2024-11-25T19:47:01","guid":{"rendered":"https:\/\/www.facecorner.lv\/?post_type=product&#038;p=21979"},"modified":"2026-02-07T18:15:47","modified_gmt":"2026-02-07T15:15:47","slug":"dalba-white-truffle-double-moisture-cream-60ml","status":"publish","type":"product","link":"https:\/\/www.facecorner.lv\/ru\/shop\/dalba-white-truffle-double-moisture-cream-60ml\/","title":{"rendered":"D'ALBA \u0411\u0435\u043b\u044b\u0439 \u0442\u0440\u044e\u0444\u0435\u043b\u044c \u0414\u0432\u043e\u0439\u043d\u043e\u0439 \u0443\u0432\u043b\u0430\u0436\u043d\u044f\u044e\u0449\u0438\u0439 \u043a\u0440\u0435\u043c 60 \u043c\u043b"},"content":{"rendered":"<p>\u0414\u0432\u0443\u0445\u0444\u0430\u0437\u043d\u044b\u0439 \u043a\u0440\u0435\u043c, \u0441\u043e\u0441\u0442\u043e\u044f\u0449\u0438\u0439 \u0438\u0437 \u0443\u0432\u043b\u0430\u0436\u043d\u044f\u044e\u0449\u0435\u0439 \u0441\u044b\u0432\u043e\u0440\u043e\u0442\u043a\u0438 \u0438 \u043f\u0438\u0442\u0430\u0442\u0435\u043b\u044c\u043d\u043e\u0433\u043e \u043a\u0440\u0435\u043c\u0430, \u043e\u0431\u0435\u0441\u043f\u0435\u0447\u0438\u0432\u0430\u0435\u0442 \u043a\u043e\u0436\u0435 \u0438\u043d\u0442\u0435\u043d\u0441\u0438\u0432\u043d\u044b\u0439 \u0443\u0445\u043e\u0434. \u0421\u044b\u0432\u043e\u0440\u043e\u0442\u043a\u0430 \u0441\u043e\u0434\u0435\u0440\u0436\u0438\u0442 \u043a\u043e\u043c\u043f\u043b\u0435\u043a\u0441 \u0433\u0438\u0430\u043b\u0443\u0440\u043e\u043d\u043e\u0432\u043e\u0439 \u043a\u0438\u0441\u043b\u043e\u0442\u044b, \u0446\u0435\u0440\u0430\u043c\u0438\u0434\u044b \u0438 \u044d\u043a\u0441\u0442\u0440\u0430\u043a\u0442 \u0446\u0435\u043d\u0442\u0435\u043b\u043b\u044b \u0430\u0437\u0438\u0430\u0442\u0441\u043a\u043e\u0439, \u043a\u043e\u0442\u043e\u0440\u044b\u0435 \u0443\u0432\u043b\u0430\u0436\u043d\u044f\u044e\u0442 \u0438 \u0443\u0441\u043f\u043e\u043a\u0430\u0438\u0432\u0430\u044e\u0442 \u043a\u043e\u0436\u0443. \u041a\u0440\u0435\u043c \u0441 \u0440\u0430\u0441\u0442\u0438\u0442\u0435\u043b\u044c\u043d\u044b\u043c \u043a\u043e\u043b\u043b\u0430\u0433\u0435\u043d\u043e\u043c \u0438 \u043a\u043e\u043c\u043f\u043b\u0435\u043a\u0441\u043e\u043c \u043d\u0430\u0442\u0443\u0440\u0430\u043b\u044c\u043d\u044b\u0445 \u043c\u0430\u0441\u0435\u043b \u043f\u0438\u0442\u0430\u0435\u0442 \u0438 \u043e\u043c\u043e\u043b\u0430\u0436\u0438\u0432\u0430\u0435\u0442. \u0421\u0440\u0435\u0434\u0441\u0442\u0432\u043e \u0438\u043c\u0435\u0435\u0442 \u043e\u0441\u043e\u0431\u0443\u044e \u0442\u0430\u044e\u0449\u0443\u044e \u0442\u0435\u043a\u0441\u0442\u0443\u0440\u0443, \u0431\u043b\u0430\u0433\u043e\u0434\u0430\u0440\u044f \u043a\u043e\u0442\u043e\u0440\u043e\u0439 \u043e\u0431\u0435 \u0444\u0430\u0437\u044b \u0438\u0434\u0435\u0430\u043b\u044c\u043d\u043e \u0441\u043c\u0435\u0448\u0438\u0432\u0430\u044e\u0442\u0441\u044f \u0438 \u043c\u0433\u043d\u043e\u0432\u0435\u043d\u043d\u043e \u043f\u0440\u043e\u043d\u0438\u043a\u0430\u044e\u0442 \u0432 \u043a\u043e\u0436\u0443.<\/p>\n<p><strong>\u0421\u043f\u043e\u0441\u043e\u0431 \u043f\u0440\u0438\u043c\u0435\u043d\u0435\u043d\u0438\u044f:<\/strong> \u041d\u0430\u043d\u043e\u0441\u0438\u0442\u0435 \u0443\u0442\u0440\u043e\u043c \u0438\/\u0438\u043b\u0438 \u0432\u0435\u0447\u0435\u0440\u043e\u043c \u043d\u0430 \u043f\u0440\u0435\u0434\u0432\u0430\u0440\u0438\u0442\u0435\u043b\u044c\u043d\u043e \u043e\u0447\u0438\u0449\u0435\u043d\u043d\u0443\u044e \u043a\u043e\u0436\u0443 \u043b\u0438\u0446\u0430 \u0438 \u0448\u0435\u0438. \u0420\u0430\u0441\u043f\u0440\u0435\u0434\u0435\u043b\u0438\u0442\u0435 \u043b\u0451\u0433\u043a\u0438\u043c\u0438 \u043a\u0440\u0443\u0433\u043e\u0432\u044b\u043c\u0438 \u0434\u0432\u0438\u0436\u0435\u043d\u0438\u044f\u043c\u0438 \u0438 \u0434\u0430\u0439\u0442\u0435 \u0432\u043f\u0438\u0442\u0430\u0442\u044c\u0441\u044f.<\/p>\n<p><strong>\u0421\u043e\u0441\u0442\u0430\u0432<\/strong> Part1:Water, Glycerin, Dipropylene Glycol, Cetyl Ethylhexanoate, Neopentyl Glycol Diheptanoate, Niacinamide, 1,2-Hexanediol, Butylene Glycol, Tuber Magnatum Extract(10,000ppm), Hydrogenated Polydecene, Tocopherol, Cetearyl Olivate, Cetearyl Alcohol, Arachidyl Alcohol, Sorbitan Olivate, Sorbitan Stearate, Ozokerite, Behenyl Alcohol, Carbomer, Arginine, Arachidyl Glucoside, Xylitylglucoside, Anhydroxylitol, Allantoin, Hydrogenated Polyisobutene, Collagen Extract, Xylitol, Ethylhexylglycerin, Adenosine, Glucose, Disodium EDTA, Dipotassium Glycyrrhizate, Rose Extract, Nelumbium Speciosum Flower Extract, Narcissus Pseudonarcissus (Daffodil) Flower Extract, Lilium Candidum Bulb Extract, Jasminum Officinale (Jasmine) Extract, Iris Versicolor Extract, Freesia Refracta Extract, Helianthus Annuus (Sunflower) Seed Oil, Persea Gratissima (Avocado) Oil, Olea Europaea (Olive) Fruit Oil, Oenothera Biennis (Evening Primrose) Oil, Macadamia Ternifolia Seed Oil, Camellia Japonica Seed Oil, Propanediol, Anemarrhena Asphodeloides Root Extract, Mannose, Hippophae Rhamnoides Fruit Oil, Glycine Soja (Soybean) Oil, Bixa Orellana Seed Oil, Fragrance Part2: Water, Glycerin, Helianthus Annuus (Sunflower) Seed Oil, Dipropylene Glycol, Cetyl Ethylhexanoate, Niacinamide, 1,2-Hexanediol, Polyglyceryl-3 Distearate, Hydroxyethyl Acrylate\/Sodium Acryloyldimethyl Taurate Copolymer, Tuber Magnatum Extract(10,000ppm), Prunus Amygdalus Dulcis (Sweet Almond) Oil, Tocopherol, Caprylic\/Capric Triglyceride, Butylene Glycol, Cetearyl Olivate, Ozokerite, Methyl Gluceth-20, Sorbitan Olivate, Glycine Soja (Soybean) Oil, Simethicone, Glyceryl Stearate Citrate, Sorbitan Isostearate, Panthenol, Allantoin, Calendula Officinalis Flower Extract, Centella Asiatica Extract, Ethylhexylglycerin, Pentaerythrityl Tetra-di-t-butyl Hydroxyhydrocinnamate, Adenosine, Xanthan Gum, Disodium EDTA, Dipotassium Glycyrrhizate, Bixa Orellana Seed Oil, Ceramide NP, Chamaecyparis Obtusa Leaf Extract, Anastatica Hierochuntica Extract, Sodium Hyaluronate, Fragrance<\/p>","protected":false},"excerpt":{"rendered":"<p>\u0414\u0432\u0443\u0445\u0444\u0430\u0437\u043d\u044b\u0439 \u043a\u0440\u0435\u043c, \u0441\u043e\u0441\u0442\u043e\u044f\u0449\u0438\u0439 \u0438\u0437 \u0443\u0432\u043b\u0430\u0436\u043d\u044f\u044e\u0449\u0435\u0439 \u0441\u044b\u0432\u043e\u0440\u043e\u0442\u043a\u0438 \u0438 \u043f\u0438\u0442\u0430\u0442\u0435\u043b\u044c\u043d\u043e\u0433\u043e \u043a\u0440\u0435\u043c\u0430, \u043e\u0431\u0435\u0441\u043f\u0435\u0447\u0438\u0432\u0430\u0435\u0442 \u043a\u043e\u0436\u0435 \u0438\u043d\u0442\u0435\u043d\u0441\u0438\u0432\u043d\u044b\u0439 \u0443\u0445\u043e\u0434. \u0421\u044b\u0432\u043e\u0440\u043e\u0442\u043a\u0430 \u0441\u043e\u0434\u0435\u0440\u0436\u0438\u0442 \u043a\u043e\u043c\u043f\u043b\u0435\u043a\u0441 \u0433\u0438\u0430\u043b\u0443\u0440\u043e\u043d\u043e\u0432\u043e\u0439 \u043a\u0438\u0441\u043b\u043e\u0442\u044b, \u0446\u0435\u0440\u0430\u043c\u0438\u0434\u044b \u0438 \u044d\u043a\u0441\u0442\u0440\u0430\u043a\u0442 \u0446\u0435\u043d\u0442\u0435\u043b\u043b\u044b \u0430\u0437\u0438\u0430\u0442\u0441\u043a\u043e\u0439, \u043a\u043e\u0442\u043e\u0440\u044b\u0435 \u0443\u0432\u043b\u0430\u0436\u043d\u044f\u044e\u0442 \u0438 \u0443\u0441\u043f\u043e\u043a\u0430\u0438\u0432\u0430\u044e\u0442 \u043a\u043e\u0436\u0443. \u041a\u0440\u0435\u043c \u0441 \u0440\u0430\u0441\u0442\u0438\u0442\u0435\u043b\u044c\u043d\u044b\u043c \u043a\u043e\u043b\u043b\u0430\u0433\u0435\u043d\u043e\u043c \u0438 \u043a\u043e\u043c\u043f\u043b\u0435\u043a\u0441\u043e\u043c \u043d\u0430\u0442\u0443\u0440\u0430\u043b\u044c\u043d\u044b\u0445 \u043c\u0430\u0441\u0435\u043b \u043f\u0438\u0442\u0430\u0435\u0442 \u0438 \u043e\u043c\u043e\u043b\u0430\u0436\u0438\u0432\u0430\u0435\u0442. \u0421\u0440\u0435\u0434\u0441\u0442\u0432\u043e \u0438\u043c\u0435\u0435\u0442 \u043e\u0441\u043e\u0431\u0443\u044e \u0442\u0430\u044e\u0449\u0443\u044e \u0442\u0435\u043a\u0441\u0442\u0443\u0440\u0443, \u0431\u043b\u0430\u0433\u043e\u0434\u0430\u0440\u044f \u043a\u043e\u0442\u043e\u0440\u043e\u0439 \u043e\u0431\u0435 \u0444\u0430\u0437\u044b \u0438\u0434\u0435\u0430\u043b\u044c\u043d\u043e \u0441\u043c\u0435\u0448\u0438\u0432\u0430\u044e\u0442\u0441\u044f \u0438 \u043c\u0433\u043d\u043e\u0432\u0435\u043d\u043d\u043e \u043f\u0440\u043e\u043d\u0438\u043a\u0430\u044e\u0442 \u0432 \u043a\u043e\u0436\u0443.<\/p>","protected":false},"featured_media":21980,"comment_status":"closed","ping_status":"closed","template":"","meta":{"site-sidebar-layout":"default","site-content-layout":"","ast-site-content-layout":"default","site-content-style":"default","site-sidebar-style":"default","ast-global-header-display":"","ast-banner-title-visibility":"","ast-main-header-display":"","ast-hfb-above-header-display":"","ast-hfb-below-header-display":"","ast-hfb-mobile-header-display":"","site-post-title":"","ast-breadcrumbs-content":"","ast-featured-img":"","footer-sml-layout":"","theme-transparent-header-meta":"default","adv-header-id-meta":"","stick-header-meta":"","header-above-stick-meta":"","header-main-stick-meta":"","header-below-stick-meta":"","astra-migrate-meta-layouts":"set","ast-page-background-enabled":"default","ast-page-background-meta":{"desktop":{"background-color":"var(--ast-global-color-4)","background-image":"","background-repeat":"repeat","background-position":"center center","background-size":"auto","background-attachment":"scroll","background-type":"","background-media":"","overlay-type":"","overlay-color":"","overlay-opacity":"","overlay-gradient":""},"tablet":{"background-color":"","background-image":"","background-repeat":"repeat","background-position":"center center","background-size":"auto","background-attachment":"scroll","background-type":"","background-media":"","overlay-type":"","overlay-color":"","overlay-opacity":"","overlay-gradient":""},"mobile":{"background-color":"","background-image":"","background-repeat":"repeat","background-position":"center center","background-size":"auto","background-attachment":"scroll","background-type":"","background-media":"","overlay-type":"","overlay-color":"","overlay-opacity":"","overlay-gradient":""}},"ast-content-background-meta":{"desktop":{"background-color":"var(--ast-global-color-5)","background-image":"","background-repeat":"repeat","background-position":"center center","background-size":"auto","background-attachment":"scroll","background-type":"","background-media":"","overlay-type":"","overlay-color":"","overlay-opacity":"","overlay-gradient":""},"tablet":{"background-color":"var(--ast-global-color-5)","background-image":"","background-repeat":"repeat","background-position":"center center","background-size":"auto","background-attachment":"scroll","background-type":"","background-media":"","overlay-type":"","overlay-color":"","overlay-opacity":"","overlay-gradient":""},"mobile":{"background-color":"var(--ast-global-color-5)","background-image":"","background-repeat":"repeat","background-position":"center center","background-size":"auto","background-attachment":"scroll","background-type":"","background-media":"","overlay-type":"","overlay-color":"","overlay-opacity":"","overlay-gradient":""}}},"product_brand":[],"product_cat":[511,365,366,368,362],"product_tag":[],"berocket_brand":[572],"class_list":{"0":"post-21979","1":"product","2":"type-product","3":"status-publish","4":"has-post-thumbnail","6":"product_cat-atlaides","7":"product_cat-barojoss","8":"product_cat-mitrinoss","9":"product_cat-pret-grumbam","10":"product_cat-sejas-krems","11":"berocket_brand-dalba","12":"desktop-align-left","13":"tablet-align-left","14":"mobile-align-left","16":"first","17":"outofstock","18":"sale","19":"taxable","20":"shipping-taxable","21":"purchasable","22":"product-type-simple","23":"add-to-wishlist-before_image"},"yoast_head":"<!-- This site is optimized with the Yoast SEO plugin v27.3 - https:\/\/yoast.com\/product\/yoast-seo-wordpress\/ -->\n<title>D&#039;ALBA White Truffle Double Moisture Cream 60ml - FACECORNER<\/title>\n<meta name=\"description\" content=\"D&#039;ALBA White Truffle Double Moisture Cream\u00a0 divf\u0101\u017eu kr\u0113ms, kas sast\u0101v no mitrino\u0161a seruma un barojo\u0161a kr\u0113ma, nodro\u0161ina intens\u012bvu \u0101das kop\u0161anu.\" \/>\n<meta name=\"robots\" content=\"index, follow, max-snippet:-1, max-image-preview:large, max-video-preview:-1\" \/>\n<link rel=\"canonical\" href=\"https:\/\/www.facecorner.lv\/ru\/shop\/dalba-white-truffle-double-moisture-cream-60ml\/\" \/>\n<meta property=\"og:locale\" content=\"ru_RU\" \/>\n<meta property=\"og:type\" content=\"article\" \/>\n<meta property=\"og:title\" content=\"D&#039;ALBA White Truffle Double Moisture Cream 60ml - FACECORNER\" \/>\n<meta property=\"og:description\" content=\"D&#039;ALBA White Truffle Double Moisture Cream\u00a0 divf\u0101\u017eu kr\u0113ms, kas sast\u0101v no mitrino\u0161a seruma un barojo\u0161a kr\u0113ma, nodro\u0161ina intens\u012bvu \u0101das kop\u0161anu.\" \/>\n<meta property=\"og:url\" content=\"https:\/\/www.facecorner.lv\/ru\/shop\/dalba-white-truffle-double-moisture-cream-60ml\/\" \/>\n<meta property=\"og:site_name\" content=\"FACECORNER\" \/>\n<meta property=\"article:publisher\" content=\"https:\/\/www.facebook.com\/profile.php?id=100063824551839\" \/>\n<meta property=\"article:modified_time\" content=\"2026-02-07T15:15:47+00:00\" \/>\n<meta property=\"og:image\" content=\"https:\/\/www.facecorner.lv\/wp-content\/uploads\/2024\/11\/1080x1080-_-1_b2f10ca0-2a9f-4450-97c3-a17792f7c334_1000x.webp\" \/>\n\t<meta property=\"og:image:width\" content=\"1000\" \/>\n\t<meta property=\"og:image:height\" content=\"1000\" \/>\n\t<meta property=\"og:image:type\" content=\"image\/webp\" \/>\n<meta name=\"twitter:card\" content=\"summary_large_image\" \/>\n<meta name=\"twitter:label1\" content=\"\u0426\u0435\u043d\u0430\" \/>\n\t<meta name=\"twitter:data1\" content=\"&euro;49.20\" \/>\n\t<meta name=\"twitter:label2\" content=\"\u0414\u043e\u0441\u0442\u0443\u043f\u043d\u043e\u0441\u0442\u044c\" \/>\n\t<meta name=\"twitter:data2\" content=\"\u0420\u0430\u0441\u043f\u0440\u043e\u0434\u0430\u043d\u043e\" \/>\n<script type=\"application\/ld+json\" class=\"yoast-schema-graph\">{\"@context\":\"https:\\\/\\\/schema.org\",\"@graph\":[{\"@type\":\"WebPage\",\"@id\":\"https:\\\/\\\/www.facecorner.lv\\\/shop\\\/dalba-white-truffle-double-moisture-cream-60ml\\\/\",\"url\":\"https:\\\/\\\/www.facecorner.lv\\\/shop\\\/dalba-white-truffle-double-moisture-cream-60ml\\\/\",\"name\":\"D'ALBA White Truffle Double Moisture Cream 60ml - FACECORNER\",\"isPartOf\":{\"@id\":\"https:\\\/\\\/www.facecorner.lv\\\/#website\"},\"primaryImageOfPage\":{\"@id\":\"https:\\\/\\\/www.facecorner.lv\\\/shop\\\/dalba-white-truffle-double-moisture-cream-60ml\\\/#primaryimage\"},\"image\":{\"@id\":\"https:\\\/\\\/www.facecorner.lv\\\/shop\\\/dalba-white-truffle-double-moisture-cream-60ml\\\/#primaryimage\"},\"thumbnailUrl\":\"https:\\\/\\\/www.facecorner.lv\\\/wp-content\\\/uploads\\\/2024\\\/11\\\/1080x1080-_-1_b2f10ca0-2a9f-4450-97c3-a17792f7c334_1000x.webp\",\"datePublished\":\"2024-11-25T19:47:01+00:00\",\"dateModified\":\"2026-02-07T15:15:47+00:00\",\"description\":\"D'ALBA White Truffle Double Moisture Cream\u00a0 divf\u0101\u017eu kr\u0113ms, kas sast\u0101v no mitrino\u0161a seruma un barojo\u0161a kr\u0113ma, nodro\u0161ina intens\u012bvu \u0101das kop\u0161anu.\",\"breadcrumb\":{\"@id\":\"https:\\\/\\\/www.facecorner.lv\\\/shop\\\/dalba-white-truffle-double-moisture-cream-60ml\\\/#breadcrumb\"},\"inLanguage\":\"ru-RU\",\"potentialAction\":[{\"@type\":\"ReadAction\",\"target\":[\"https:\\\/\\\/www.facecorner.lv\\\/shop\\\/dalba-white-truffle-double-moisture-cream-60ml\\\/\"]}]},{\"@type\":\"ImageObject\",\"inLanguage\":\"ru-RU\",\"@id\":\"https:\\\/\\\/www.facecorner.lv\\\/shop\\\/dalba-white-truffle-double-moisture-cream-60ml\\\/#primaryimage\",\"url\":\"https:\\\/\\\/www.facecorner.lv\\\/wp-content\\\/uploads\\\/2024\\\/11\\\/1080x1080-_-1_b2f10ca0-2a9f-4450-97c3-a17792f7c334_1000x.webp\",\"contentUrl\":\"https:\\\/\\\/www.facecorner.lv\\\/wp-content\\\/uploads\\\/2024\\\/11\\\/1080x1080-_-1_b2f10ca0-2a9f-4450-97c3-a17792f7c334_1000x.webp\",\"width\":1000,\"height\":1000,\"caption\":\"D'ALBA White Truffle Double Moisture Cream\"},{\"@type\":\"BreadcrumbList\",\"@id\":\"https:\\\/\\\/www.facecorner.lv\\\/shop\\\/dalba-white-truffle-double-moisture-cream-60ml\\\/#breadcrumb\",\"itemListElement\":[{\"@type\":\"ListItem\",\"position\":1,\"name\":\"Home\",\"item\":\"https:\\\/\\\/www.facecorner.lv\\\/\"},{\"@type\":\"ListItem\",\"position\":2,\"name\":\"Veikals\",\"item\":\"https:\\\/\\\/www.facecorner.lv\\\/shop\\\/\"},{\"@type\":\"ListItem\",\"position\":3,\"name\":\"D&#8217;ALBA White Truffle Double Moisture Cream 60ml\"}]},{\"@type\":\"WebSite\",\"@id\":\"https:\\\/\\\/www.facecorner.lv\\\/#website\",\"url\":\"https:\\\/\\\/www.facecorner.lv\\\/\",\"name\":\"Facecorner\",\"description\":\"\",\"publisher\":{\"@id\":\"https:\\\/\\\/www.facecorner.lv\\\/#organization\"},\"potentialAction\":[{\"@type\":\"SearchAction\",\"target\":{\"@type\":\"EntryPoint\",\"urlTemplate\":\"https:\\\/\\\/www.facecorner.lv\\\/?s={search_term_string}\"},\"query-input\":{\"@type\":\"PropertyValueSpecification\",\"valueRequired\":true,\"valueName\":\"search_term_string\"}}],\"inLanguage\":\"ru-RU\"},{\"@type\":\"Organization\",\"@id\":\"https:\\\/\\\/www.facecorner.lv\\\/#organization\",\"name\":\"Facecorner\",\"url\":\"https:\\\/\\\/www.facecorner.lv\\\/\",\"logo\":{\"@type\":\"ImageObject\",\"inLanguage\":\"ru-RU\",\"@id\":\"https:\\\/\\\/www.facecorner.lv\\\/#\\\/schema\\\/logo\\\/image\\\/\",\"url\":\"https:\\\/\\\/www.facecorner.lv\\\/wp-content\\\/uploads\\\/2024\\\/04\\\/fc-logo.jpg\",\"contentUrl\":\"https:\\\/\\\/www.facecorner.lv\\\/wp-content\\\/uploads\\\/2024\\\/04\\\/fc-logo.jpg\",\"width\":174,\"height\":28,\"caption\":\"Facecorner\"},\"image\":{\"@id\":\"https:\\\/\\\/www.facecorner.lv\\\/#\\\/schema\\\/logo\\\/image\\\/\"},\"sameAs\":[\"https:\\\/\\\/www.facebook.com\\\/profile.php?id=100063824551839\",\"https:\\\/\\\/www.instagram.com\\\/facecorner_shop\\\/\"]}]}<\/script>\n<meta property=\"product:price:amount\" content=\"49.20\" \/>\n<meta property=\"product:price:currency\" content=\"EUR\" \/>\n<meta property=\"og:availability\" content=\"out of stock\" \/>\n<meta property=\"product:availability\" content=\"out of stock\" \/>\n<meta property=\"product:condition\" content=\"new\" \/>\n<!-- \/ Yoast SEO plugin. -->","yoast_head_json":{"title":"D'ALBA White Truffle Double Moisture Cream 60ml - FACECORNER","description":"D'ALBA White Truffle Double Moisture Cream\u00a0 divf\u0101\u017eu kr\u0113ms, kas sast\u0101v no mitrino\u0161a seruma un barojo\u0161a kr\u0113ma, nodro\u0161ina intens\u012bvu \u0101das kop\u0161anu.","robots":{"index":"index","follow":"follow","max-snippet":"max-snippet:-1","max-image-preview":"max-image-preview:large","max-video-preview":"max-video-preview:-1"},"canonical":"https:\/\/www.facecorner.lv\/ru\/shop\/dalba-white-truffle-double-moisture-cream-60ml\/","og_locale":"ru_RU","og_type":"article","og_title":"D'ALBA White Truffle Double Moisture Cream 60ml - FACECORNER","og_description":"D'ALBA White Truffle Double Moisture Cream\u00a0 divf\u0101\u017eu kr\u0113ms, kas sast\u0101v no mitrino\u0161a seruma un barojo\u0161a kr\u0113ma, nodro\u0161ina intens\u012bvu \u0101das kop\u0161anu.","og_url":"https:\/\/www.facecorner.lv\/ru\/shop\/dalba-white-truffle-double-moisture-cream-60ml\/","og_site_name":"FACECORNER","article_publisher":"https:\/\/www.facebook.com\/profile.php?id=100063824551839","article_modified_time":"2026-02-07T15:15:47+00:00","og_image":[{"width":1000,"height":1000,"url":"https:\/\/www.facecorner.lv\/wp-content\/uploads\/2024\/11\/1080x1080-_-1_b2f10ca0-2a9f-4450-97c3-a17792f7c334_1000x.webp","type":"image\/webp"}],"twitter_card":"summary_large_image","twitter_misc":{"\u0426\u0435\u043d\u0430":"&euro;49.20","\u0414\u043e\u0441\u0442\u0443\u043f\u043d\u043e\u0441\u0442\u044c":"\u0420\u0430\u0441\u043f\u0440\u043e\u0434\u0430\u043d\u043e"},"schema":{"@context":"https:\/\/schema.org","@graph":[{"@type":"WebPage","@id":"https:\/\/www.facecorner.lv\/shop\/dalba-white-truffle-double-moisture-cream-60ml\/","url":"https:\/\/www.facecorner.lv\/shop\/dalba-white-truffle-double-moisture-cream-60ml\/","name":"D'ALBA White Truffle Double Moisture Cream 60ml - FACECORNER","isPartOf":{"@id":"https:\/\/www.facecorner.lv\/#website"},"primaryImageOfPage":{"@id":"https:\/\/www.facecorner.lv\/shop\/dalba-white-truffle-double-moisture-cream-60ml\/#primaryimage"},"image":{"@id":"https:\/\/www.facecorner.lv\/shop\/dalba-white-truffle-double-moisture-cream-60ml\/#primaryimage"},"thumbnailUrl":"https:\/\/www.facecorner.lv\/wp-content\/uploads\/2024\/11\/1080x1080-_-1_b2f10ca0-2a9f-4450-97c3-a17792f7c334_1000x.webp","datePublished":"2024-11-25T19:47:01+00:00","dateModified":"2026-02-07T15:15:47+00:00","description":"D'ALBA White Truffle Double Moisture Cream\u00a0 divf\u0101\u017eu kr\u0113ms, kas sast\u0101v no mitrino\u0161a seruma un barojo\u0161a kr\u0113ma, nodro\u0161ina intens\u012bvu \u0101das kop\u0161anu.","breadcrumb":{"@id":"https:\/\/www.facecorner.lv\/shop\/dalba-white-truffle-double-moisture-cream-60ml\/#breadcrumb"},"inLanguage":"ru-RU","potentialAction":[{"@type":"ReadAction","target":["https:\/\/www.facecorner.lv\/shop\/dalba-white-truffle-double-moisture-cream-60ml\/"]}]},{"@type":"ImageObject","inLanguage":"ru-RU","@id":"https:\/\/www.facecorner.lv\/shop\/dalba-white-truffle-double-moisture-cream-60ml\/#primaryimage","url":"https:\/\/www.facecorner.lv\/wp-content\/uploads\/2024\/11\/1080x1080-_-1_b2f10ca0-2a9f-4450-97c3-a17792f7c334_1000x.webp","contentUrl":"https:\/\/www.facecorner.lv\/wp-content\/uploads\/2024\/11\/1080x1080-_-1_b2f10ca0-2a9f-4450-97c3-a17792f7c334_1000x.webp","width":1000,"height":1000,"caption":"D'ALBA White Truffle Double Moisture Cream"},{"@type":"BreadcrumbList","@id":"https:\/\/www.facecorner.lv\/shop\/dalba-white-truffle-double-moisture-cream-60ml\/#breadcrumb","itemListElement":[{"@type":"ListItem","position":1,"name":"Home","item":"https:\/\/www.facecorner.lv\/"},{"@type":"ListItem","position":2,"name":"Veikals","item":"https:\/\/www.facecorner.lv\/shop\/"},{"@type":"ListItem","position":3,"name":"D&#8217;ALBA White Truffle Double Moisture Cream 60ml"}]},{"@type":"WebSite","@id":"https:\/\/www.facecorner.lv\/#website","url":"https:\/\/www.facecorner.lv\/","name":"Facecorner","description":"","publisher":{"@id":"https:\/\/www.facecorner.lv\/#organization"},"potentialAction":[{"@type":"SearchAction","target":{"@type":"EntryPoint","urlTemplate":"https:\/\/www.facecorner.lv\/?s={search_term_string}"},"query-input":{"@type":"PropertyValueSpecification","valueRequired":true,"valueName":"search_term_string"}}],"inLanguage":"ru-RU"},{"@type":"Organization","@id":"https:\/\/www.facecorner.lv\/#organization","name":"Facecorner","url":"https:\/\/www.facecorner.lv\/","logo":{"@type":"ImageObject","inLanguage":"ru-RU","@id":"https:\/\/www.facecorner.lv\/#\/schema\/logo\/image\/","url":"https:\/\/www.facecorner.lv\/wp-content\/uploads\/2024\/04\/fc-logo.jpg","contentUrl":"https:\/\/www.facecorner.lv\/wp-content\/uploads\/2024\/04\/fc-logo.jpg","width":174,"height":28,"caption":"Facecorner"},"image":{"@id":"https:\/\/www.facecorner.lv\/#\/schema\/logo\/image\/"},"sameAs":["https:\/\/www.facebook.com\/profile.php?id=100063824551839","https:\/\/www.instagram.com\/facecorner_shop\/"]}]},"product_price_amount":"49.20","product_price_currency":"EUR","og_availability":"out of stock","product_availability":"out of stock","product_condition":"new"},"_links":{"self":[{"href":"https:\/\/www.facecorner.lv\/ru\/wp-json\/wp\/v2\/product\/21979","targetHints":{"allow":["GET"]}}],"collection":[{"href":"https:\/\/www.facecorner.lv\/ru\/wp-json\/wp\/v2\/product"}],"about":[{"href":"https:\/\/www.facecorner.lv\/ru\/wp-json\/wp\/v2\/types\/product"}],"replies":[{"embeddable":true,"href":"https:\/\/www.facecorner.lv\/ru\/wp-json\/wp\/v2\/comments?post=21979"}],"wp:featuredmedia":[{"embeddable":true,"href":"https:\/\/www.facecorner.lv\/ru\/wp-json\/wp\/v2\/media\/21980"}],"wp:attachment":[{"href":"https:\/\/www.facecorner.lv\/ru\/wp-json\/wp\/v2\/media?parent=21979"}],"wp:term":[{"taxonomy":"product_brand","embeddable":true,"href":"https:\/\/www.facecorner.lv\/ru\/wp-json\/wp\/v2\/product_brand?post=21979"},{"taxonomy":"product_cat","embeddable":true,"href":"https:\/\/www.facecorner.lv\/ru\/wp-json\/wp\/v2\/product_cat?post=21979"},{"taxonomy":"product_tag","embeddable":true,"href":"https:\/\/www.facecorner.lv\/ru\/wp-json\/wp\/v2\/product_tag?post=21979"},{"taxonomy":"berocket_brand","embeddable":true,"href":"https:\/\/www.facecorner.lv\/ru\/wp-json\/wp\/v2\/berocket_brand?post=21979"}],"curies":[{"name":"wp","href":"https:\/\/api.w.org\/{rel}","templated":true}]}}