{"id":21976,"date":"2024-11-25T22:35:45","date_gmt":"2024-11-25T19:35:45","guid":{"rendered":"https:\/\/www.facecorner.lv\/?post_type=product&#038;p=21976"},"modified":"2026-04-19T12:33:41","modified_gmt":"2026-04-19T09:33:41","slug":"dalba-white-truffle-return-oil-cream-cleanser-150ml","status":"publish","type":"product","link":"https:\/\/www.facecorner.lv\/ru\/shop\/dalba-white-truffle-return-oil-cream-cleanser-150ml\/","title":{"rendered":"D&#8217;ALBA White Truffle Return Oil Cream Cleanser 150ml"},"content":{"rendered":"<p>\u00abWhite Truffle Return Oil Cream Cleanser\u00bb \u043e\u0442 \u044e\u0436\u043d\u043e\u043a\u043e\u0440\u0435\u0439\u0441\u043a\u043e\u0433\u043e \u0431\u0440\u0435\u043d\u0434\u0430-\u043f\u0440\u043e\u0438\u0437\u0432\u043e\u0434\u0438\u0442\u0435\u043b\u044f \u00abD'ALBA\u00bb \u044f\u0432\u043b\u044f\u0435\u0442\u0441\u044f \u043c\u043d\u043e\u0433\u043e\u0444\u0443\u043d\u043a\u0446\u0438\u043e\u043d\u0430\u043b\u044c\u043d\u044b\u043c \u043a\u043e\u0441\u043c\u0435\u0442\u0438\u0447\u0435\u0441\u043a\u0438\u043c \u0441\u0440\u0435\u0434\u0441\u0442\u0432\u043e\u043c, \u043a\u043e\u0442\u043e\u0440\u044b\u0439 \u043f\u043e\u043c\u043e\u0436\u0435\u0442 \u0432\u044b\u0441\u043e\u043a\u043e\u044d\u0444\u0444\u0435\u043a\u0442\u0438\u0432\u043d\u043e \u043e\u0447\u0438\u0441\u0442\u0438\u0442\u044c \u043a\u043e\u0436\u043d\u044b\u0435 \u043f\u043e\u043a\u0440\u043e\u0432\u044b \u043b\u0438\u0446\u0430 \u043e\u0442 \u0432\u0441\u0435\u0432\u043e\u0437\u043c\u043e\u0436\u043d\u044b\u0445 \u043f\u043e\u0432\u0441\u0435\u0434\u043d\u0435\u0432\u043d\u044b\u0445 \u0437\u0430\u0433\u0440\u044f\u0437\u043d\u0435\u043d\u0438\u0439 \u0438 \u0434\u0435\u043a\u043e\u0440\u0430\u0442\u0438\u0432\u043d\u0443\u044e \u043a\u043e\u0441\u043c\u0435\u0442\u0438\u043a\u0443 (\u0441\u043f\u0440\u0430\u0432\u0438\u0442\u0441\u044f \u0434\u0430\u0436\u0435 \u0441 \u0432\u043e\u0434\u043e\u0441\u0442\u043e\u0439\u043a\u0438\u043c \u043c\u0430\u043a\u0438\u044f\u0436\u0435\u043c). \u041f\u043e\u0434\u043e\u0439\u0434\u0435\u0442 \u0434\u043b\u044f \u0432\u0441\u0435\u0445 \u0440\u0430\u0437\u043d\u043e\u0432\u0438\u0434\u043d\u043e\u0441\u0442\u0435\u0439 \u0434\u0435\u0440\u043c\u044b. \u0411\u0435\u0437 \u0432\u043e\u0437\u0440\u0430\u0441\u0442\u043d\u044b\u0445 \u043e\u0433\u0440\u0430\u043d\u0438\u0447\u0435\u043d\u0438\u0439. \u0418\u043c\u0435\u0435\u0442 \u043c\u0430\u0441\u043b\u044f\u043d\u0438\u0441\u0442\u0443\u044e \u043a\u043e\u043d\u0441\u0438\u0441\u0442\u0435\u043d\u0446\u0438\u044e, \u043a\u043e\u0442\u043e\u0440\u0430\u044f \u043f\u0440\u0438 \u0441\u043e\u043f\u0440\u0438\u043a\u043e\u0441\u043d\u043e\u0432\u0435\u043d\u0438\u0438 \u0441 \u0432\u043e\u0434\u043e\u0439 \u0438 \u043a\u043e\u0436\u0435\u0439 \u0442\u0440\u0430\u043d\u0441\u0444\u043e\u0440\u043c\u0438\u0440\u0443\u0435\u0442\u0441\u044f \u0432 \u043d\u0435\u0436\u043d\u0443\u044e \u043f\u0435\u043d\u0443, \u0432\u0435\u043b\u0438\u043a\u043e\u043b\u0435\u043f\u043d\u043e \u043e\u0447\u0438\u0449\u0430\u044e\u0449\u0435\u0439 \u043f\u043e\u0440\u044b, \u0443\u043a\u0440\u0435\u043f\u043b\u044f\u044e\u0449\u0435\u0439 \u043a\u043e\u0436\u043d\u044b\u0439 \u0431\u0430\u0440\u044c\u0435\u0440.<\/p>\n<p>&nbsp;<\/p>\n<p>\u0412 \u0441\u043e\u0441\u0442\u0430\u0432 \u0432\u043e\u0448\u043b\u0438 \u043d\u0430\u0442\u0443\u0440\u0430\u043b\u044c\u043d\u044b\u0435, \u0431\u0438\u043e\u0430\u043a\u0442\u0438\u0432\u043d\u044b\u0435 \u0438\u043d\u0433\u0440\u0435\u0434\u0438\u0435\u043d\u0442\u044b (\u044d\u043a\u0441\u0442\u0440\u0430\u043a\u0442 \u0431\u0435\u043b\u043e\u0433\u043e \u0442\u0440\u044e\u0444\u0435\u043b\u044f, \u0442\u043e\u043a\u043e\u0444\u0435\u0440\u043e\u043b, \u043a\u0430\u043d\u0430\u0434\u0441\u043a\u0438\u0439 \u043c\u0435\u0434, \u0444\u0440\u0430\u043d\u0446\u0443\u0437\u0441\u043a\u0430\u044f \u0437\u043e\u043b\u043e\u0442\u0430\u044f \u0433\u043b\u0438\u043d\u0430, \u043c\u0430\u0441\u043b\u043e \u0444\u0440\u0430\u043d\u0446\u0443\u0437\u0441\u043a\u043e\u0439 \u043a\u0430\u043b\u0435\u043d\u0434\u0443\u043b\u044b). \u041a\u0440\u043e\u043c\u0435 \u044d\u0442\u043e\u0433\u043e, \u0441\u0440\u0435\u0434\u0441\u0442\u0432\u043e \u043f\u043e\u0432\u044b\u0448\u0430\u0435\u0442 \u044d\u043b\u0430\u0441\u0442\u0438\u0447\u043d\u043e\u0441\u0442\u044c \u044d\u043f\u0438\u0434\u0435\u0440\u043c\u0438\u0441\u0430 \u0438 \u0432\u043e\u0437\u0432\u0440\u0430\u0449\u0430\u0435\u0442 \u0435\u043c\u0443 \u0435\u0441\u0442\u0435\u0441\u0442\u0432\u0435\u043d\u043d\u043e\u0435 \u0441\u0438\u044f\u043d\u0438\u0435.<\/p>\n<p>&nbsp;<\/p>\n<p><strong>\u0421\u043f\u043e\u0441\u043e\u0431 \u043f\u0440\u0438\u043c\u0435\u043d\u0435\u043d\u0438\u044f:<\/strong> \u043d\u0430\u043d\u043e\u0441\u0438\u0442\u044c \u043d\u0430 \u0441\u0443\u0445\u0438\u0435 \u043a\u043e\u0436\u043d\u044b\u0435 \u043f\u043e\u043a\u0440\u043e\u0432\u044b, \u043d\u0435\u0436\u043d\u043e \u043f\u043e\u043c\u0430\u0441\u0441\u0438\u0440\u043e\u0432\u0430\u0442\u044c \u0434\u043e \u043f\u0440\u0435\u0432\u0440\u0430\u0449\u0435\u043d\u0438\u044f \u0441\u0440\u0435\u0434\u0441\u0442\u0432\u0430 \u0432 \u0433\u0435\u043b\u044c \u0438 \u0437\u0430\u0442\u0435\u043c \u0432 \u043f\u0435\u043d\u0443, \u0434\u043e\u0431\u0430\u0432\u0438\u0442\u044c \u043d\u0435\u043c\u043d\u043e\u0433\u043e \u0432\u043e\u0434\u044b, \u043f\u0440\u043e\u0434\u043e\u043b\u0436\u0430\u044f \u043c\u0430\u0441\u0441\u0430\u0436\u043d\u044b\u0435 \u0434\u0432\u0438\u0436\u0435\u043d\u0438\u044f, \u0447\u0442\u043e\u0431\u044b \u043f\u0440\u043e\u0434\u0443\u043a\u0442 \u0442\u0440\u0430\u043d\u0441\u0444\u043e\u0440\u043c\u0438\u0440\u043e\u0432\u0430\u043b\u0441\u044f \u0432 \u0431\u043e\u043b\u0435\u0435 \u0438\u043d\u0442\u0435\u043d\u0441\u0438\u0432\u043d\u0443\u044e \u043f\u0435\u043d\u0443, \u0442\u0449\u0430\u0442\u0435\u043b\u044c\u043d\u043e \u0441\u043c\u044b\u0442\u044c. \u041f\u0440\u0438\u043c\u0435\u043d\u044f\u0442\u044c \u0434\u0432\u0430\u0436\u0434\u044b \u0432 \u0434\u0435\u043d\u044c (\u0443\u0442\u0440\u043e\u043c, \u0432\u0435\u0447\u0435\u0440\u043e\u043c).<\/p>\n<p><strong>\u0421\u043e\u0441\u0442\u0430\u0432<\/strong> <span style=\"font-size: 16px;\">Glycerin, Water, Onsen-Sui, Sodium Cocoyl Isethionate, Propanediol, Potassium Cocoate, Potassium Cocoyl Glycinate, Butylene Glycol, Acrylates Copolymer, Disodium Cocoamphodiacetate, Caprylyl\/Capryl Glucoside, 1,2-Hexanediol, Phellodendron Amurense Bark Extract, Ulmus Davidiana Root Extract, Oenothera Biennis (Evening Primrose) Flower Extract, Pinus Palustris Leaf Extract, Pueraria Lobata Root Extract, Tuber Magnatum Extract, Centella Asiatica Extract, Ficus Carica (Fig) Fruit Extract, Amaranthus Caudatus Seed Extract, Calendula Officinalis Flower Extract, Collagen Extract, Hydrogenated Lecithin, Betula Platyphylla Japonica Juice, Glycine Soja (Soybean) Oil, Camellia Japonica Seed Oil, Macadamia Ternifolia Seed Oil, Hippophae Rhamnoides Fruit Oil, Persea Gratissima (Avocado) Oil, Olea Europaea (Olive) Fruit Oil, Helianthus Annuus (Sunflower) Seed Oil, Oenothera Biennis (Evening Primrose) Oil, Sodium Chloride, Glyceryl Stearate, Diethoxyethyl Succinate, Decylene Glycol, Hexylene Glycol, Edta, Cyanocobalamin, Tocopherol, Ceramide Np, Illite, Glucose, Leuconostoc\/Radish Root Ferment Filtrate, Mannose, Collagen, Phytosphingosine, Ethylhexylglycerin, Hydroxyacetophenone, Fragrance.<\/span><\/p>\n<p>&nbsp;<\/p>","protected":false},"excerpt":{"rendered":"<p>\u00abWhite Truffle Return Oil Cream Cleanser\u00bb \u043e\u0442 \u044e\u0436\u043d\u043e\u043a\u043e\u0440\u0435\u0439\u0441\u043a\u043e\u0433\u043e \u0431\u0440\u0435\u043d\u0434\u0430-\u043f\u0440\u043e\u0438\u0437\u0432\u043e\u0434\u0438\u0442\u0435\u043b\u044f \u00abD'ALBA\u00bb \u044f\u0432\u043b\u044f\u0435\u0442\u0441\u044f \u043c\u043d\u043e\u0433\u043e\u0444\u0443\u043d\u043a\u0446\u0438\u043e\u043d\u0430\u043b\u044c\u043d\u044b\u043c \u043a\u043e\u0441\u043c\u0435\u0442\u0438\u0447\u0435\u0441\u043a\u0438\u043c \u0441\u0440\u0435\u0434\u0441\u0442\u0432\u043e\u043c, \u043a\u043e\u0442\u043e\u0440\u044b\u0439 \u043f\u043e\u043c\u043e\u0436\u0435\u0442 \u0432\u044b\u0441\u043e\u043a\u043e\u044d\u0444\u0444\u0435\u043a\u0442\u0438\u0432\u043d\u043e \u043e\u0447\u0438\u0441\u0442\u0438\u0442\u044c \u043a\u043e\u0436\u043d\u044b\u0435 \u043f\u043e\u043a\u0440\u043e\u0432\u044b \u043b\u0438\u0446\u0430 \u043e\u0442 \u0432\u0441\u0435\u0432\u043e\u0437\u043c\u043e\u0436\u043d\u044b\u0445 \u043f\u043e\u0432\u0441\u0435\u0434\u043d\u0435\u0432\u043d\u044b\u0445 \u0437\u0430\u0433\u0440\u044f\u0437\u043d\u0435\u043d\u0438\u0439 \u0438 \u0434\u0435\u043a\u043e\u0440\u0430\u0442\u0438\u0432\u043d\u0443\u044e \u043a\u043e\u0441\u043c\u0435\u0442\u0438\u043a\u0443 (\u0441\u043f\u0440\u0430\u0432\u0438\u0442\u0441\u044f \u0434\u0430\u0436\u0435 \u0441 \u0432\u043e\u0434\u043e\u0441\u0442\u043e\u0439\u043a\u0438\u043c \u043c\u0430\u043a\u0438\u044f\u0436\u0435\u043c). \u041f\u043e\u0434\u043e\u0439\u0434\u0435\u0442 \u0434\u043b\u044f \u0432\u0441\u0435\u0445 \u0440\u0430\u0437\u043d\u043e\u0432\u0438\u0434\u043d\u043e\u0441\u0442\u0435\u0439 \u0434\u0435\u0440\u043c\u044b. \u0411\u0435\u0437 \u0432\u043e\u0437\u0440\u0430\u0441\u0442\u043d\u044b\u0445 \u043e\u0433\u0440\u0430\u043d\u0438\u0447\u0435\u043d\u0438\u0439. \u0418\u043c\u0435\u0435\u0442 \u043c\u0430\u0441\u043b\u044f\u043d\u0438\u0441\u0442\u0443\u044e \u043a\u043e\u043d\u0441\u0438\u0441\u0442\u0435\u043d\u0446\u0438\u044e, \u043a\u043e\u0442\u043e\u0440\u0430\u044f \u043f\u0440\u0438 \u0441\u043e\u043f\u0440\u0438\u043a\u043e\u0441\u043d\u043e\u0432\u0435\u043d\u0438\u0438 \u0441 \u0432\u043e\u0434\u043e\u0439 \u0438 \u043a\u043e\u0436\u0435\u0439 \u0442\u0440\u0430\u043d\u0441\u0444\u043e\u0440\u043c\u0438\u0440\u0443\u0435\u0442\u0441\u044f \u0432 \u043d\u0435\u0436\u043d\u0443\u044e \u043f\u0435\u043d\u0443, \u0432\u0435\u043b\u0438\u043a\u043e\u043b\u0435\u043f\u043d\u043e \u043e\u0447\u0438\u0449\u0430\u044e\u0449\u0435\u0439 \u043f\u043e\u0440\u044b, \u0443\u043a\u0440\u0435\u043f\u043b\u044f\u044e\u0449\u0435\u0439 \u043a\u043e\u0436\u043d\u044b\u0439 \u0431\u0430\u0440\u044c\u0435\u0440.<\/p>","protected":false},"featured_media":21977,"comment_status":"closed","ping_status":"closed","template":"","meta":{"site-sidebar-layout":"default","site-content-layout":"","ast-site-content-layout":"default","site-content-style":"default","site-sidebar-style":"default","ast-global-header-display":"","ast-banner-title-visibility":"","ast-main-header-display":"","ast-hfb-above-header-display":"","ast-hfb-below-header-display":"","ast-hfb-mobile-header-display":"","site-post-title":"","ast-breadcrumbs-content":"","ast-featured-img":"","footer-sml-layout":"","theme-transparent-header-meta":"default","adv-header-id-meta":"","stick-header-meta":"","header-above-stick-meta":"","header-main-stick-meta":"","header-below-stick-meta":"","astra-migrate-meta-layouts":"set","ast-page-background-enabled":"default","ast-page-background-meta":{"desktop":{"background-color":"var(--ast-global-color-4)","background-image":"","background-repeat":"repeat","background-position":"center center","background-size":"auto","background-attachment":"scroll","background-type":"","background-media":"","overlay-type":"","overlay-color":"","overlay-opacity":"","overlay-gradient":""},"tablet":{"background-color":"","background-image":"","background-repeat":"repeat","background-position":"center center","background-size":"auto","background-attachment":"scroll","background-type":"","background-media":"","overlay-type":"","overlay-color":"","overlay-opacity":"","overlay-gradient":""},"mobile":{"background-color":"","background-image":"","background-repeat":"repeat","background-position":"center center","background-size":"auto","background-attachment":"scroll","background-type":"","background-media":"","overlay-type":"","overlay-color":"","overlay-opacity":"","overlay-gradient":""}},"ast-content-background-meta":{"desktop":{"background-color":"var(--ast-global-color-5)","background-image":"","background-repeat":"repeat","background-position":"center center","background-size":"auto","background-attachment":"scroll","background-type":"","background-media":"","overlay-type":"","overlay-color":"","overlay-opacity":"","overlay-gradient":""},"tablet":{"background-color":"var(--ast-global-color-5)","background-image":"","background-repeat":"repeat","background-position":"center center","background-size":"auto","background-attachment":"scroll","background-type":"","background-media":"","overlay-type":"","overlay-color":"","overlay-opacity":"","overlay-gradient":""},"mobile":{"background-color":"var(--ast-global-color-5)","background-image":"","background-repeat":"repeat","background-position":"center center","background-size":"auto","background-attachment":"scroll","background-type":"","background-media":"","overlay-type":"","overlay-color":"","overlay-opacity":"","overlay-gradient":""}}},"product_brand":[],"product_cat":[310,321,311,312,317],"product_tag":[],"berocket_brand":[572],"class_list":{"0":"post-21976","1":"product","2":"type-product","3":"status-publish","4":"has-post-thumbnail","6":"product_cat-attirisana","7":"product_cat-hidrofila-ella","8":"product_cat-jutigai-adai-attirisana","9":"product_cat-kombinetai-adai-attirisana","10":"product_cat-sausai-adai-attirisana","11":"berocket_brand-dalba","12":"desktop-align-left","13":"tablet-align-left","14":"mobile-align-left","16":"first","17":"instock","18":"taxable","19":"shipping-taxable","20":"purchasable","21":"product-type-simple","22":"add-to-wishlist-before_image"},"yoast_head":"<!-- This site is optimized with the Yoast SEO plugin v27.4 - https:\/\/yoast.com\/product\/yoast-seo-wordpress\/ -->\n<title>D&#039;ALBA White Truffle Return Oil Cream Cleanser 150ml - FACECORNER<\/title>\n<meta name=\"description\" content=\"D&#039;ALBA White Truffle Return Oil Cream Cleanser ir daudzfunkcion\u0101ls kosm\u0113tikas l\u012bdzeklis, kas pal\u012bdz\u0113s att\u012br\u012bt sejas \u0101du no visa veida ikdienas net\u012brumiem\" \/>\n<meta name=\"robots\" content=\"index, follow, max-snippet:-1, max-image-preview:large, max-video-preview:-1\" \/>\n<link rel=\"canonical\" href=\"https:\/\/www.facecorner.lv\/ru\/shop\/dalba-white-truffle-return-oil-cream-cleanser-150ml\/\" \/>\n<meta property=\"og:locale\" content=\"ru_RU\" \/>\n<meta property=\"og:type\" content=\"article\" \/>\n<meta property=\"og:title\" content=\"D&#039;ALBA White Truffle Return Oil Cream Cleanser 150ml - FACECORNER\" \/>\n<meta property=\"og:description\" content=\"D&#039;ALBA White Truffle Return Oil Cream Cleanser ir daudzfunkcion\u0101ls kosm\u0113tikas l\u012bdzeklis, kas pal\u012bdz\u0113s att\u012br\u012bt sejas \u0101du no visa veida ikdienas net\u012brumiem\" \/>\n<meta property=\"og:url\" content=\"https:\/\/www.facecorner.lv\/ru\/shop\/dalba-white-truffle-return-oil-cream-cleanser-150ml\/\" \/>\n<meta property=\"og:site_name\" content=\"FACECORNER\" \/>\n<meta property=\"article:publisher\" content=\"https:\/\/www.facebook.com\/profile.php?id=100063824551839\" \/>\n<meta property=\"article:modified_time\" content=\"2026-04-19T09:33:41+00:00\" \/>\n<meta property=\"og:image\" content=\"https:\/\/www.facecorner.lv\/wp-content\/uploads\/2024\/11\/DALBA-White-Truffle-Return-Oil-Cream-Cleanser-150ml-All-In-One-Oil-To-Foam-Korean-Double-Cleanse-PURESEOUL-UK-KBeauty-Shop.webp\" \/>\n\t<meta property=\"og:image:width\" content=\"1000\" \/>\n\t<meta property=\"og:image:height\" content=\"1000\" \/>\n\t<meta property=\"og:image:type\" content=\"image\/webp\" \/>\n<meta name=\"twitter:card\" content=\"summary_large_image\" \/>\n<meta name=\"twitter:label1\" content=\"\u0426\u0435\u043d\u0430\" \/>\n\t<meta name=\"twitter:data1\" content=\"&euro;35.60\" \/>\n\t<meta name=\"twitter:label2\" content=\"\u0414\u043e\u0441\u0442\u0443\u043f\u043d\u043e\u0441\u0442\u044c\" \/>\n\t<meta name=\"twitter:data2\" content=\"\u0412 \u043d\u0430\u043b\u0438\u0447\u0438\u0438\" \/>\n<script type=\"application\/ld+json\" class=\"yoast-schema-graph\">{\"@context\":\"https:\\\/\\\/schema.org\",\"@graph\":[{\"@type\":\"WebPage\",\"@id\":\"https:\\\/\\\/www.facecorner.lv\\\/shop\\\/dalba-white-truffle-return-oil-cream-cleanser-150ml\\\/\",\"url\":\"https:\\\/\\\/www.facecorner.lv\\\/shop\\\/dalba-white-truffle-return-oil-cream-cleanser-150ml\\\/\",\"name\":\"D'ALBA White Truffle Return Oil Cream Cleanser 150ml - FACECORNER\",\"isPartOf\":{\"@id\":\"https:\\\/\\\/www.facecorner.lv\\\/#website\"},\"primaryImageOfPage\":{\"@id\":\"https:\\\/\\\/www.facecorner.lv\\\/shop\\\/dalba-white-truffle-return-oil-cream-cleanser-150ml\\\/#primaryimage\"},\"image\":{\"@id\":\"https:\\\/\\\/www.facecorner.lv\\\/shop\\\/dalba-white-truffle-return-oil-cream-cleanser-150ml\\\/#primaryimage\"},\"thumbnailUrl\":\"https:\\\/\\\/www.facecorner.lv\\\/wp-content\\\/uploads\\\/2024\\\/11\\\/DALBA-White-Truffle-Return-Oil-Cream-Cleanser-150ml-All-In-One-Oil-To-Foam-Korean-Double-Cleanse-PURESEOUL-UK-KBeauty-Shop.webp\",\"datePublished\":\"2024-11-25T19:35:45+00:00\",\"dateModified\":\"2026-04-19T09:33:41+00:00\",\"description\":\"D'ALBA White Truffle Return Oil Cream Cleanser ir daudzfunkcion\u0101ls kosm\u0113tikas l\u012bdzeklis, kas pal\u012bdz\u0113s att\u012br\u012bt sejas \u0101du no visa veida ikdienas net\u012brumiem\",\"breadcrumb\":{\"@id\":\"https:\\\/\\\/www.facecorner.lv\\\/shop\\\/dalba-white-truffle-return-oil-cream-cleanser-150ml\\\/#breadcrumb\"},\"inLanguage\":\"ru-RU\",\"potentialAction\":[{\"@type\":\"ReadAction\",\"target\":[\"https:\\\/\\\/www.facecorner.lv\\\/shop\\\/dalba-white-truffle-return-oil-cream-cleanser-150ml\\\/\"]}]},{\"@type\":\"ImageObject\",\"inLanguage\":\"ru-RU\",\"@id\":\"https:\\\/\\\/www.facecorner.lv\\\/shop\\\/dalba-white-truffle-return-oil-cream-cleanser-150ml\\\/#primaryimage\",\"url\":\"https:\\\/\\\/www.facecorner.lv\\\/wp-content\\\/uploads\\\/2024\\\/11\\\/DALBA-White-Truffle-Return-Oil-Cream-Cleanser-150ml-All-In-One-Oil-To-Foam-Korean-Double-Cleanse-PURESEOUL-UK-KBeauty-Shop.webp\",\"contentUrl\":\"https:\\\/\\\/www.facecorner.lv\\\/wp-content\\\/uploads\\\/2024\\\/11\\\/DALBA-White-Truffle-Return-Oil-Cream-Cleanser-150ml-All-In-One-Oil-To-Foam-Korean-Double-Cleanse-PURESEOUL-UK-KBeauty-Shop.webp\",\"width\":1000,\"height\":1000,\"caption\":\"D'ALBA White Truffle Return Oil Cream Cleanser\"},{\"@type\":\"BreadcrumbList\",\"@id\":\"https:\\\/\\\/www.facecorner.lv\\\/shop\\\/dalba-white-truffle-return-oil-cream-cleanser-150ml\\\/#breadcrumb\",\"itemListElement\":[{\"@type\":\"ListItem\",\"position\":1,\"name\":\"Home\",\"item\":\"https:\\\/\\\/www.facecorner.lv\\\/\"},{\"@type\":\"ListItem\",\"position\":2,\"name\":\"Veikals\",\"item\":\"https:\\\/\\\/www.facecorner.lv\\\/shop\\\/\"},{\"@type\":\"ListItem\",\"position\":3,\"name\":\"D&#8217;ALBA White Truffle Return Oil Cream Cleanser 150ml\"}]},{\"@type\":\"WebSite\",\"@id\":\"https:\\\/\\\/www.facecorner.lv\\\/#website\",\"url\":\"https:\\\/\\\/www.facecorner.lv\\\/\",\"name\":\"Facecorner\",\"description\":\"\",\"publisher\":{\"@id\":\"https:\\\/\\\/www.facecorner.lv\\\/#organization\"},\"potentialAction\":[{\"@type\":\"SearchAction\",\"target\":{\"@type\":\"EntryPoint\",\"urlTemplate\":\"https:\\\/\\\/www.facecorner.lv\\\/?s={search_term_string}\"},\"query-input\":{\"@type\":\"PropertyValueSpecification\",\"valueRequired\":true,\"valueName\":\"search_term_string\"}}],\"inLanguage\":\"ru-RU\"},{\"@type\":\"Organization\",\"@id\":\"https:\\\/\\\/www.facecorner.lv\\\/#organization\",\"name\":\"Facecorner\",\"url\":\"https:\\\/\\\/www.facecorner.lv\\\/\",\"logo\":{\"@type\":\"ImageObject\",\"inLanguage\":\"ru-RU\",\"@id\":\"https:\\\/\\\/www.facecorner.lv\\\/#\\\/schema\\\/logo\\\/image\\\/\",\"url\":\"https:\\\/\\\/www.facecorner.lv\\\/wp-content\\\/uploads\\\/2024\\\/04\\\/fc-logo.jpg\",\"contentUrl\":\"https:\\\/\\\/www.facecorner.lv\\\/wp-content\\\/uploads\\\/2024\\\/04\\\/fc-logo.jpg\",\"width\":174,\"height\":28,\"caption\":\"Facecorner\"},\"image\":{\"@id\":\"https:\\\/\\\/www.facecorner.lv\\\/#\\\/schema\\\/logo\\\/image\\\/\"},\"sameAs\":[\"https:\\\/\\\/www.facebook.com\\\/profile.php?id=100063824551839\",\"https:\\\/\\\/www.instagram.com\\\/facecorner_shop\\\/\"]}]}<\/script>\n<meta property=\"product:price:amount\" content=\"35.60\" \/>\n<meta property=\"product:price:currency\" content=\"EUR\" \/>\n<meta property=\"og:availability\" content=\"instock\" \/>\n<meta property=\"product:availability\" content=\"instock\" \/>\n<meta property=\"product:condition\" content=\"new\" \/>\n<!-- \/ Yoast SEO plugin. -->","yoast_head_json":{"title":"D'ALBA White Truffle Return Oil Cream Cleanser 150ml - FACECORNER","description":"D'ALBA White Truffle Return Oil Cream Cleanser ir daudzfunkcion\u0101ls kosm\u0113tikas l\u012bdzeklis, kas pal\u012bdz\u0113s att\u012br\u012bt sejas \u0101du no visa veida ikdienas net\u012brumiem","robots":{"index":"index","follow":"follow","max-snippet":"max-snippet:-1","max-image-preview":"max-image-preview:large","max-video-preview":"max-video-preview:-1"},"canonical":"https:\/\/www.facecorner.lv\/ru\/shop\/dalba-white-truffle-return-oil-cream-cleanser-150ml\/","og_locale":"ru_RU","og_type":"article","og_title":"D'ALBA White Truffle Return Oil Cream Cleanser 150ml - FACECORNER","og_description":"D'ALBA White Truffle Return Oil Cream Cleanser ir daudzfunkcion\u0101ls kosm\u0113tikas l\u012bdzeklis, kas pal\u012bdz\u0113s att\u012br\u012bt sejas \u0101du no visa veida ikdienas net\u012brumiem","og_url":"https:\/\/www.facecorner.lv\/ru\/shop\/dalba-white-truffle-return-oil-cream-cleanser-150ml\/","og_site_name":"FACECORNER","article_publisher":"https:\/\/www.facebook.com\/profile.php?id=100063824551839","article_modified_time":"2026-04-19T09:33:41+00:00","og_image":[{"width":1000,"height":1000,"url":"https:\/\/www.facecorner.lv\/wp-content\/uploads\/2024\/11\/DALBA-White-Truffle-Return-Oil-Cream-Cleanser-150ml-All-In-One-Oil-To-Foam-Korean-Double-Cleanse-PURESEOUL-UK-KBeauty-Shop.webp","type":"image\/webp"}],"twitter_card":"summary_large_image","twitter_misc":{"\u0426\u0435\u043d\u0430":"&euro;35.60","\u0414\u043e\u0441\u0442\u0443\u043f\u043d\u043e\u0441\u0442\u044c":"\u0412 \u043d\u0430\u043b\u0438\u0447\u0438\u0438"},"schema":{"@context":"https:\/\/schema.org","@graph":[{"@type":"WebPage","@id":"https:\/\/www.facecorner.lv\/shop\/dalba-white-truffle-return-oil-cream-cleanser-150ml\/","url":"https:\/\/www.facecorner.lv\/shop\/dalba-white-truffle-return-oil-cream-cleanser-150ml\/","name":"D'ALBA White Truffle Return Oil Cream Cleanser 150ml - FACECORNER","isPartOf":{"@id":"https:\/\/www.facecorner.lv\/#website"},"primaryImageOfPage":{"@id":"https:\/\/www.facecorner.lv\/shop\/dalba-white-truffle-return-oil-cream-cleanser-150ml\/#primaryimage"},"image":{"@id":"https:\/\/www.facecorner.lv\/shop\/dalba-white-truffle-return-oil-cream-cleanser-150ml\/#primaryimage"},"thumbnailUrl":"https:\/\/www.facecorner.lv\/wp-content\/uploads\/2024\/11\/DALBA-White-Truffle-Return-Oil-Cream-Cleanser-150ml-All-In-One-Oil-To-Foam-Korean-Double-Cleanse-PURESEOUL-UK-KBeauty-Shop.webp","datePublished":"2024-11-25T19:35:45+00:00","dateModified":"2026-04-19T09:33:41+00:00","description":"D'ALBA White Truffle Return Oil Cream Cleanser ir daudzfunkcion\u0101ls kosm\u0113tikas l\u012bdzeklis, kas pal\u012bdz\u0113s att\u012br\u012bt sejas \u0101du no visa veida ikdienas net\u012brumiem","breadcrumb":{"@id":"https:\/\/www.facecorner.lv\/shop\/dalba-white-truffle-return-oil-cream-cleanser-150ml\/#breadcrumb"},"inLanguage":"ru-RU","potentialAction":[{"@type":"ReadAction","target":["https:\/\/www.facecorner.lv\/shop\/dalba-white-truffle-return-oil-cream-cleanser-150ml\/"]}]},{"@type":"ImageObject","inLanguage":"ru-RU","@id":"https:\/\/www.facecorner.lv\/shop\/dalba-white-truffle-return-oil-cream-cleanser-150ml\/#primaryimage","url":"https:\/\/www.facecorner.lv\/wp-content\/uploads\/2024\/11\/DALBA-White-Truffle-Return-Oil-Cream-Cleanser-150ml-All-In-One-Oil-To-Foam-Korean-Double-Cleanse-PURESEOUL-UK-KBeauty-Shop.webp","contentUrl":"https:\/\/www.facecorner.lv\/wp-content\/uploads\/2024\/11\/DALBA-White-Truffle-Return-Oil-Cream-Cleanser-150ml-All-In-One-Oil-To-Foam-Korean-Double-Cleanse-PURESEOUL-UK-KBeauty-Shop.webp","width":1000,"height":1000,"caption":"D'ALBA White Truffle Return Oil Cream Cleanser"},{"@type":"BreadcrumbList","@id":"https:\/\/www.facecorner.lv\/shop\/dalba-white-truffle-return-oil-cream-cleanser-150ml\/#breadcrumb","itemListElement":[{"@type":"ListItem","position":1,"name":"Home","item":"https:\/\/www.facecorner.lv\/"},{"@type":"ListItem","position":2,"name":"Veikals","item":"https:\/\/www.facecorner.lv\/shop\/"},{"@type":"ListItem","position":3,"name":"D&#8217;ALBA White Truffle Return Oil Cream Cleanser 150ml"}]},{"@type":"WebSite","@id":"https:\/\/www.facecorner.lv\/#website","url":"https:\/\/www.facecorner.lv\/","name":"Facecorner","description":"","publisher":{"@id":"https:\/\/www.facecorner.lv\/#organization"},"potentialAction":[{"@type":"SearchAction","target":{"@type":"EntryPoint","urlTemplate":"https:\/\/www.facecorner.lv\/?s={search_term_string}"},"query-input":{"@type":"PropertyValueSpecification","valueRequired":true,"valueName":"search_term_string"}}],"inLanguage":"ru-RU"},{"@type":"Organization","@id":"https:\/\/www.facecorner.lv\/#organization","name":"Facecorner","url":"https:\/\/www.facecorner.lv\/","logo":{"@type":"ImageObject","inLanguage":"ru-RU","@id":"https:\/\/www.facecorner.lv\/#\/schema\/logo\/image\/","url":"https:\/\/www.facecorner.lv\/wp-content\/uploads\/2024\/04\/fc-logo.jpg","contentUrl":"https:\/\/www.facecorner.lv\/wp-content\/uploads\/2024\/04\/fc-logo.jpg","width":174,"height":28,"caption":"Facecorner"},"image":{"@id":"https:\/\/www.facecorner.lv\/#\/schema\/logo\/image\/"},"sameAs":["https:\/\/www.facebook.com\/profile.php?id=100063824551839","https:\/\/www.instagram.com\/facecorner_shop\/"]}]},"product_price_amount":"35.60","product_price_currency":"EUR","og_availability":"instock","product_availability":"instock","product_condition":"new"},"_links":{"self":[{"href":"https:\/\/www.facecorner.lv\/ru\/wp-json\/wp\/v2\/product\/21976","targetHints":{"allow":["GET"]}}],"collection":[{"href":"https:\/\/www.facecorner.lv\/ru\/wp-json\/wp\/v2\/product"}],"about":[{"href":"https:\/\/www.facecorner.lv\/ru\/wp-json\/wp\/v2\/types\/product"}],"replies":[{"embeddable":true,"href":"https:\/\/www.facecorner.lv\/ru\/wp-json\/wp\/v2\/comments?post=21976"}],"wp:featuredmedia":[{"embeddable":true,"href":"https:\/\/www.facecorner.lv\/ru\/wp-json\/wp\/v2\/media\/21977"}],"wp:attachment":[{"href":"https:\/\/www.facecorner.lv\/ru\/wp-json\/wp\/v2\/media?parent=21976"}],"wp:term":[{"taxonomy":"product_brand","embeddable":true,"href":"https:\/\/www.facecorner.lv\/ru\/wp-json\/wp\/v2\/product_brand?post=21976"},{"taxonomy":"product_cat","embeddable":true,"href":"https:\/\/www.facecorner.lv\/ru\/wp-json\/wp\/v2\/product_cat?post=21976"},{"taxonomy":"product_tag","embeddable":true,"href":"https:\/\/www.facecorner.lv\/ru\/wp-json\/wp\/v2\/product_tag?post=21976"},{"taxonomy":"berocket_brand","embeddable":true,"href":"https:\/\/www.facecorner.lv\/ru\/wp-json\/wp\/v2\/berocket_brand?post=21976"}],"curies":[{"name":"wp","href":"https:\/\/api.w.org\/{rel}","templated":true}]}}