{"id":21478,"date":"2024-11-08T14:53:00","date_gmt":"2024-11-08T11:53:00","guid":{"rendered":"https:\/\/www.facecorner.lv\/?post_type=product&#038;p=21478"},"modified":"2026-03-12T14:18:44","modified_gmt":"2026-03-12T11:18:44","slug":"biodance-radiant-vita-niacinamide-real-deep-mask","status":"publish","type":"product","link":"https:\/\/www.facecorner.lv\/ru\/shop\/biodance-radiant-vita-niacinamide-real-deep-mask\/","title":{"rendered":"Biodance Radiant Vita Niacinamide Real Deep Mask"},"content":{"rendered":"<p>Biodance Radiant Vita Niacinamide Real Deep Mask - \u0433\u0438\u0434\u0440\u043e\u0433\u0435\u043b\u0435\u0432\u0430\u044f \u043c\u0430\u0441\u043a\u0430, \u043e\u0431\u0435\u0441\u043f\u0435\u0447\u0438\u0432\u0430\u044e\u0449\u0430\u044f \u0431\u044b\u0441\u0442\u0440\u044b\u0439 \u0442\u043e\u043d\u0438\u0437\u0438\u0440\u0443\u044e\u0449\u0438\u0439 \u044d\u0444\u0444\u0435\u043a\u0442.<\/p>\n<p>\u0421\u043e\u0434\u0435\u0440\u0436\u0438\u0442 \u043d\u0438\u0430\u0446\u0438\u043d\u0430\u043c\u0438\u0434, \u043a\u043e\u0442\u043e\u0440\u044b\u0439 \u0432\u044b\u0440\u0430\u0432\u043d\u0438\u0432\u0430\u0435\u0442 \u0442\u043e\u043d \u043a\u043e\u0436\u0438, \u043f\u043e\u043c\u043e\u0433\u0430\u0435\u0442 \u0443\u043c\u0435\u043d\u044c\u0448\u0438\u0442\u044c \u043f\u044f\u0442\u043d\u0430 \u0438\u043b\u0438 \u043a\u0440\u0430\u0441\u043d\u044b\u0435 \u043f\u044f\u0442\u043d\u0430 \u043d\u0430 \u043a\u043e\u0436\u0435, \u0432\u044b\u0437\u0432\u0430\u043d\u043d\u044b\u0435 \u0433\u0438\u043f\u0435\u0440\u043f\u0438\u0433\u043c\u0435\u043d\u0442\u0430\u0446\u0438\u0435\u0439. \u0421\u043e\u0434\u0435\u0440\u0436\u0438\u0442 10 \u0432\u0438\u0434\u043e\u0432 \u0433\u0438\u0430\u043b\u0443\u0440\u043e\u043d\u043e\u0432\u043e\u0439 \u043a\u0438\u0441\u043b\u043e\u0442\u044b \u0438 \u0430\u043b\u043b\u0430\u043d\u0442\u043e\u0438\u043d \u0434\u043b\u044f \u0443\u0432\u043b\u0430\u0436\u043d\u044f\u044e\u0449\u0435\u0433\u043e \u0442\u043e\u043d\u0438\u0437\u0438\u0440\u0443\u044e\u0449\u0435\u0433\u043e \u044d\u0444\u0444\u0435\u043a\u0442\u0430 \u0431\u0435\u0437 \u0441\u0443\u0445\u043e\u0441\u0442\u0438.<\/p>\n<p>99% \u0432\u044b\u0441\u043e\u043a\u043e\u043e\u0447\u0438\u0449\u0435\u043d\u043d\u044b\u0439 \u0433\u043b\u0443\u0442\u0430\u0442\u0438\u043e\u043d, \u043a\u043e\u0442\u043e\u0440\u044b\u0439 \u043d\u0430\u0445\u043e\u0434\u0438\u0442 \u0441\u0438\u044f\u043d\u0438\u0435 \u0432 \u043a\u043e\u0436\u0435 - 99% \u0432\u044b\u0441\u043e\u043a\u043e\u043e\u0447\u0438\u0449\u0435\u043d\u043d\u044b\u0439 \u0433\u043b\u0443\u0442\u0430\u0442\u0438\u043e\u043d \u043d\u0430\u0445\u043e\u0434\u0438\u0442 \u043f\u043e\u0442\u0435\u043d\u0446\u0438\u0430\u043b\u044c\u043d\u044b\u0435 \u043f\u0438\u0433\u043c\u0435\u043d\u0442\u044b \u0434\u043b\u044f \u043e\u0441\u0432\u0435\u0442\u043b\u0435\u043d\u0438\u044f \u0438 \u043e\u0447\u0438\u0449\u0435\u043d\u0438\u044f \u0442\u0443\u0441\u043a\u043b\u043e\u0433\u043e \u0446\u0432\u0435\u0442\u0430 \u043b\u0438\u0446\u0430 \u0438 \u0434\u0430\u0440\u0438\u0442 \u0441\u0438\u044f\u044e\u0449\u0443\u044e \u044d\u043d\u0435\u0440\u0433\u0438\u044e \u0438\u0437\u043d\u0443\u0442\u0440\u0438 \u043a\u043e\u0436\u0438.<\/p>\n<p><strong>\u041f\u0440\u0435\u0438\u043c\u0443\u0449\u0435\u0441\u0442\u0432\u0430:<\/strong><\/p>\n<ul>\n<li>\u0423\u043c\u0435\u043d\u044c\u0448\u0430\u0435\u0442 \u043f\u0438\u0433\u043c\u0435\u043d\u0442\u0430\u0446\u0438\u044e, \u0430\u043a\u043d\u0435 \u0438 \u0442\u0435\u043c\u043d\u044b\u0435 \u043f\u044f\u0442\u043d\u0430.<\/li>\n<li>\u041e\u0431\u0435\u0441\u043f\u0435\u0447\u0438\u0432\u0430\u0435\u0442 \u043c\u044f\u0433\u043a\u043e\u0441\u0442\u044c \u0438 \u0443\u043f\u0440\u0443\u0433\u043e\u0441\u0442\u044c.<\/li>\n<li>\u041f\u0440\u0438\u0434\u0430\u0435\u0442 \u043a\u043e\u0436\u0435 \u0441\u0432\u0435\u0436\u0438\u0439 \u0432\u0438\u0434, \u0434\u0435\u043b\u0430\u0435\u0442 \u0435\u0435 \u0431\u043e\u043b\u0435\u0435 \u0433\u043b\u0430\u0434\u043a\u043e\u0439 \u0438 \u0441\u0438\u044f\u044e\u0449\u0435\u0439, \u0432\u044b\u0440\u0430\u0432\u043d\u0438\u0432\u0430\u0435\u0442 \u0442\u043e\u043d.<\/li>\n<li>\u041f\u0440\u0435\u0434\u043e\u0442\u0432\u0440\u0430\u0449\u0430\u0435\u0442 \u043f\u043e\u044f\u0432\u043b\u0435\u043d\u0438\u0435 \u043f\u0438\u0433\u043c\u0435\u043d\u0442\u043d\u044b\u0445 \u043f\u044f\u0442\u0435\u043d.<\/li>\n<li>\u041e\u0431\u0435\u0441\u043f\u0435\u0447\u0438\u0432\u0430\u0435\u0442 \u0433\u043b\u0443\u0431\u043e\u043a\u043e\u0435 \u0443\u0432\u043b\u0430\u0436\u043d\u0435\u043d\u0438\u0435.<\/li>\n<li>\u0423\u043b\u0443\u0447\u0448\u0430\u0435\u0442 \u0442\u0435\u043a\u0441\u0442\u0443\u0440\u0443 \u043a\u043e\u0436\u0438, \u0443\u0434\u0430\u043b\u044f\u044f \u043e\u0440\u043e\u0433\u043e\u0432\u0435\u0432\u0448\u0438\u0435 \u043a\u043b\u0435\u0442\u043a\u0438.<\/li>\n<\/ul>\n<p><strong>\u0421\u043f\u043e\u0441\u043e\u0431 \u043f\u0440\u0438\u043c\u0435\u043d\u0435\u043d\u0438\u044f:<\/strong> \u041d\u0430\u043d\u0435\u0441\u0438\u0442\u0435 \u043c\u0430\u0441\u043a\u0443 \u043d\u0430 \u043e\u0447\u0438\u0449\u0435\u043d\u043d\u043e\u0435 \u0438 \u0442\u043e\u043d\u0438\u0437\u0438\u0440\u043e\u0432\u0430\u043d\u043d\u043e\u0435 \u043b\u0438\u0446\u043e \u043d\u0430 3-4 \u0447\u0430\u0441\u0430, \u043f\u043e\u043a\u0430 \u043e\u043d\u0430 \u043d\u0435 \u0441\u0442\u0430\u043d\u0435\u0442 \u043f\u0440\u043e\u0437\u0440\u0430\u0447\u043d\u043e\u0439, \u0437\u0430\u0442\u0435\u043c \u0441\u043d\u0438\u043c\u0438\u0442\u0435. \u0414\u043b\u044f \u0434\u043e\u0441\u0442\u0438\u0436\u0435\u043d\u0438\u044f \u043c\u0430\u043a\u0441\u0438\u043c\u0430\u043b\u044c\u043d\u043e\u0433\u043e \u044d\u0444\u0444\u0435\u043a\u0442\u0430 \u043e\u0441\u0442\u0430\u0432\u044c\u0442\u0435 \u043c\u0430\u0441\u043a\u0443 \u043d\u0430 \u043d\u043e\u0447\u044c. \u0414\u043b\u044f \u0434\u043e\u0441\u0442\u0438\u0436\u0435\u043d\u0438\u044f \u0438\u043d\u0442\u0435\u043d\u0441\u0438\u0432\u043d\u043e\u0433\u043e \u043e\u0442\u0431\u0435\u043b\u0438\u0432\u0430\u044e\u0449\u0435\u0433\u043e \u044d\u0444\u0444\u0435\u043a\u0442\u0430 \u0440\u0435\u043a\u043e\u043c\u0435\u043d\u0434\u0443\u0435\u0442\u0441\u044f \u0438\u0441\u043f\u043e\u043b\u044c\u0437\u043e\u0432\u0430\u0442\u044c \u043c\u0430\u0441\u043a\u0443 1-3 \u0440\u0430\u0437\u0430 \u0432 \u043d\u0435\u0434\u0435\u043b\u044e.<\/p>\n<p><strong>\u0421\u043e\u0441\u0442\u0430\u0432<\/strong> Purified water, Pineapple water (100,000ppm), Glycerin, Acrylates copolymer, Niacinamide (20,000ppm), 1,2-Hexanediol, Carob gum, Betaine, Irish moss, Polyglyceryl-10 laurate, Potassium chloride, Sucrose, Polyglyceryl-2 triisostearate, Allantoin, Agar, Cellulose gum, Ethylhexylglycerin, Butylene glycol, Adenosine, Pear extract, Sclerotium gum, Disodium EDTA, Rosa damaskensis flower water, Indian sage leaf extract, Indian sage flower extract, Orris root extract, Pineapple extract, Vitamin tree oil, Melon extract, Turmeric root extract, Pine tree leaf\/stem extract, Holy Basil Leaf Extract, Coral Reef Extract, Tocopherol, Sodium Hyaluronate, Hydrolyzed Hyaluronic Acid, Gluconolactone, Boron Nitride, Caprylyl Glycol, Hydroxypropyl Trimonium Hyaluronate, Glutathione, Sodium Acetylated Hyaluronate, Hyaluronic Acid, Hydrolyzed Sodium Hyaluronate, Sodium Hyaluronate Crosspolymer, Potassium Hyaluronate.<\/p>\n<p>&nbsp;<\/p>\n<p>&nbsp;<\/p>","protected":false},"excerpt":{"rendered":"<p>Biodance Radiant Vita Niacinamide Real Deep Mask - \u0433\u0438\u0434\u0440\u043e\u0433\u0435\u043b\u0435\u0432\u0430\u044f \u043c\u0430\u0441\u043a\u0430, \u043e\u0431\u0435\u0441\u043f\u0435\u0447\u0438\u0432\u0430\u044e\u0449\u0430\u044f \u0431\u044b\u0441\u0442\u0440\u044b\u0439 \u0442\u043e\u043d\u0438\u0437\u0438\u0440\u0443\u044e\u0449\u0438\u0439 \u044d\u0444\u0444\u0435\u043a\u0442.<\/p>","protected":false},"featured_media":21479,"comment_status":"open","ping_status":"closed","template":"","meta":{"site-sidebar-layout":"default","site-content-layout":"","ast-site-content-layout":"default","site-content-style":"default","site-sidebar-style":"default","ast-global-header-display":"","ast-banner-title-visibility":"","ast-main-header-display":"","ast-hfb-above-header-display":"","ast-hfb-below-header-display":"","ast-hfb-mobile-header-display":"","site-post-title":"","ast-breadcrumbs-content":"","ast-featured-img":"","footer-sml-layout":"","theme-transparent-header-meta":"default","adv-header-id-meta":"","stick-header-meta":"","header-above-stick-meta":"","header-main-stick-meta":"","header-below-stick-meta":"","astra-migrate-meta-layouts":"set","ast-page-background-enabled":"default","ast-page-background-meta":{"desktop":{"background-color":"var(--ast-global-color-4)","background-image":"","background-repeat":"repeat","background-position":"center center","background-size":"auto","background-attachment":"scroll","background-type":"","background-media":"","overlay-type":"","overlay-color":"","overlay-opacity":"","overlay-gradient":""},"tablet":{"background-color":"","background-image":"","background-repeat":"repeat","background-position":"center center","background-size":"auto","background-attachment":"scroll","background-type":"","background-media":"","overlay-type":"","overlay-color":"","overlay-opacity":"","overlay-gradient":""},"mobile":{"background-color":"","background-image":"","background-repeat":"repeat","background-position":"center center","background-size":"auto","background-attachment":"scroll","background-type":"","background-media":"","overlay-type":"","overlay-color":"","overlay-opacity":"","overlay-gradient":""}},"ast-content-background-meta":{"desktop":{"background-color":"var(--ast-global-color-5)","background-image":"","background-repeat":"repeat","background-position":"center center","background-size":"auto","background-attachment":"scroll","background-type":"","background-media":"","overlay-type":"","overlay-color":"","overlay-opacity":"","overlay-gradient":""},"tablet":{"background-color":"var(--ast-global-color-5)","background-image":"","background-repeat":"repeat","background-position":"center center","background-size":"auto","background-attachment":"scroll","background-type":"","background-media":"","overlay-type":"","overlay-color":"","overlay-opacity":"","overlay-gradient":""},"mobile":{"background-color":"var(--ast-global-color-5)","background-image":"","background-repeat":"repeat","background-position":"center center","background-size":"auto","background-attachment":"scroll","background-type":"","background-media":"","overlay-type":"","overlay-color":"","overlay-opacity":"","overlay-gradient":""}}},"product_brand":[],"product_cat":[325,315,326],"product_tag":[],"berocket_brand":[578],"class_list":{"0":"post-21478","1":"product","2":"type-product","3":"status-publish","4":"has-post-thumbnail","6":"product_cat-hidrogela","7":"product_cat-maskas","8":"product_cat-mitrinosas","9":"berocket_brand-biodance","10":"desktop-align-left","11":"tablet-align-left","12":"mobile-align-left","14":"first","15":"instock","16":"sale","17":"taxable","18":"shipping-taxable","19":"purchasable","20":"product-type-simple","21":"add-to-wishlist-before_image"},"yoast_head":"<!-- This site is optimized with the Yoast SEO plugin v27.4 - https:\/\/yoast.com\/product\/yoast-seo-wordpress\/ -->\n<title>Biodance Radiant Vita Niacinamide Real Deep Mask - FACECORNER<\/title>\n<meta name=\"description\" content=\"Biodance Radiant Vita Niacinamide Real Deep Mask ir hidrog\u0113la maska, kas nodro\u0161ina \u0101tru toniz\u0113jo\u0161u efektu.Satur 10 veidu hialuronsk\u0101bi\" \/>\n<meta name=\"robots\" content=\"index, follow, max-snippet:-1, max-image-preview:large, max-video-preview:-1\" \/>\n<link rel=\"canonical\" href=\"https:\/\/www.facecorner.lv\/ru\/shop\/biodance-radiant-vita-niacinamide-real-deep-mask\/\" \/>\n<meta property=\"og:locale\" content=\"ru_RU\" \/>\n<meta property=\"og:type\" content=\"article\" \/>\n<meta property=\"og:title\" content=\"Biodance Radiant Vita Niacinamide Real Deep Mask - FACECORNER\" \/>\n<meta property=\"og:description\" content=\"Biodance Radiant Vita Niacinamide Real Deep Mask ir hidrog\u0113la maska, kas nodro\u0161ina \u0101tru toniz\u0113jo\u0161u efektu.Satur 10 veidu hialuronsk\u0101bi\" \/>\n<meta property=\"og:url\" content=\"https:\/\/www.facecorner.lv\/ru\/shop\/biodance-radiant-vita-niacinamide-real-deep-mask\/\" \/>\n<meta property=\"og:site_name\" content=\"FACECORNER\" \/>\n<meta property=\"article:publisher\" content=\"https:\/\/www.facebook.com\/profile.php?id=100063824551839\" \/>\n<meta property=\"article:modified_time\" content=\"2026-03-12T11:18:44+00:00\" \/>\n<meta property=\"og:image\" content=\"https:\/\/www.facecorner.lv\/wp-content\/uploads\/2024\/11\/4_346df0ba-ab68-43b0-a735-bd0fc50bada2_1296x.webp\" \/>\n\t<meta property=\"og:image:width\" content=\"757\" \/>\n\t<meta property=\"og:image:height\" content=\"757\" \/>\n\t<meta property=\"og:image:type\" content=\"image\/webp\" \/>\n<meta name=\"twitter:card\" content=\"summary_large_image\" \/>\n<meta name=\"twitter:label1\" content=\"\u0426\u0435\u043d\u0430\" \/>\n\t<meta name=\"twitter:data1\" content=\"&euro;6.10\" \/>\n\t<meta name=\"twitter:label2\" content=\"\u0414\u043e\u0441\u0442\u0443\u043f\u043d\u043e\u0441\u0442\u044c\" \/>\n\t<meta name=\"twitter:data2\" content=\"\u0412 \u043d\u0430\u043b\u0438\u0447\u0438\u0438\" \/>\n<script type=\"application\/ld+json\" class=\"yoast-schema-graph\">{\"@context\":\"https:\\\/\\\/schema.org\",\"@graph\":[{\"@type\":\"WebPage\",\"@id\":\"https:\\\/\\\/www.facecorner.lv\\\/shop\\\/biodance-radiant-vita-niacinamide-real-deep-mask\\\/\",\"url\":\"https:\\\/\\\/www.facecorner.lv\\\/shop\\\/biodance-radiant-vita-niacinamide-real-deep-mask\\\/\",\"name\":\"Biodance Radiant Vita Niacinamide Real Deep Mask - FACECORNER\",\"isPartOf\":{\"@id\":\"https:\\\/\\\/www.facecorner.lv\\\/#website\"},\"primaryImageOfPage\":{\"@id\":\"https:\\\/\\\/www.facecorner.lv\\\/shop\\\/biodance-radiant-vita-niacinamide-real-deep-mask\\\/#primaryimage\"},\"image\":{\"@id\":\"https:\\\/\\\/www.facecorner.lv\\\/shop\\\/biodance-radiant-vita-niacinamide-real-deep-mask\\\/#primaryimage\"},\"thumbnailUrl\":\"https:\\\/\\\/www.facecorner.lv\\\/wp-content\\\/uploads\\\/2024\\\/11\\\/4_346df0ba-ab68-43b0-a735-bd0fc50bada2_1296x.webp\",\"datePublished\":\"2024-11-08T11:53:00+00:00\",\"dateModified\":\"2026-03-12T11:18:44+00:00\",\"description\":\"Biodance Radiant Vita Niacinamide Real Deep Mask ir hidrog\u0113la maska, kas nodro\u0161ina \u0101tru toniz\u0113jo\u0161u efektu.Satur 10 veidu hialuronsk\u0101bi\",\"breadcrumb\":{\"@id\":\"https:\\\/\\\/www.facecorner.lv\\\/shop\\\/biodance-radiant-vita-niacinamide-real-deep-mask\\\/#breadcrumb\"},\"inLanguage\":\"ru-RU\",\"potentialAction\":[{\"@type\":\"ReadAction\",\"target\":[\"https:\\\/\\\/www.facecorner.lv\\\/shop\\\/biodance-radiant-vita-niacinamide-real-deep-mask\\\/\"]}]},{\"@type\":\"ImageObject\",\"inLanguage\":\"ru-RU\",\"@id\":\"https:\\\/\\\/www.facecorner.lv\\\/shop\\\/biodance-radiant-vita-niacinamide-real-deep-mask\\\/#primaryimage\",\"url\":\"https:\\\/\\\/www.facecorner.lv\\\/wp-content\\\/uploads\\\/2024\\\/11\\\/4_346df0ba-ab68-43b0-a735-bd0fc50bada2_1296x.webp\",\"contentUrl\":\"https:\\\/\\\/www.facecorner.lv\\\/wp-content\\\/uploads\\\/2024\\\/11\\\/4_346df0ba-ab68-43b0-a735-bd0fc50bada2_1296x.webp\",\"width\":757,\"height\":757,\"caption\":\"Biodance Radiant Vita Niacinamide Real Deep Mask\"},{\"@type\":\"BreadcrumbList\",\"@id\":\"https:\\\/\\\/www.facecorner.lv\\\/shop\\\/biodance-radiant-vita-niacinamide-real-deep-mask\\\/#breadcrumb\",\"itemListElement\":[{\"@type\":\"ListItem\",\"position\":1,\"name\":\"Home\",\"item\":\"https:\\\/\\\/www.facecorner.lv\\\/\"},{\"@type\":\"ListItem\",\"position\":2,\"name\":\"Veikals\",\"item\":\"https:\\\/\\\/www.facecorner.lv\\\/shop\\\/\"},{\"@type\":\"ListItem\",\"position\":3,\"name\":\"Biodance Radiant Vita Niacinamide Real Deep Mask\"}]},{\"@type\":\"WebSite\",\"@id\":\"https:\\\/\\\/www.facecorner.lv\\\/#website\",\"url\":\"https:\\\/\\\/www.facecorner.lv\\\/\",\"name\":\"Facecorner\",\"description\":\"\",\"publisher\":{\"@id\":\"https:\\\/\\\/www.facecorner.lv\\\/#organization\"},\"potentialAction\":[{\"@type\":\"SearchAction\",\"target\":{\"@type\":\"EntryPoint\",\"urlTemplate\":\"https:\\\/\\\/www.facecorner.lv\\\/?s={search_term_string}\"},\"query-input\":{\"@type\":\"PropertyValueSpecification\",\"valueRequired\":true,\"valueName\":\"search_term_string\"}}],\"inLanguage\":\"ru-RU\"},{\"@type\":\"Organization\",\"@id\":\"https:\\\/\\\/www.facecorner.lv\\\/#organization\",\"name\":\"Facecorner\",\"url\":\"https:\\\/\\\/www.facecorner.lv\\\/\",\"logo\":{\"@type\":\"ImageObject\",\"inLanguage\":\"ru-RU\",\"@id\":\"https:\\\/\\\/www.facecorner.lv\\\/#\\\/schema\\\/logo\\\/image\\\/\",\"url\":\"https:\\\/\\\/www.facecorner.lv\\\/wp-content\\\/uploads\\\/2024\\\/04\\\/fc-logo.jpg\",\"contentUrl\":\"https:\\\/\\\/www.facecorner.lv\\\/wp-content\\\/uploads\\\/2024\\\/04\\\/fc-logo.jpg\",\"width\":174,\"height\":28,\"caption\":\"Facecorner\"},\"image\":{\"@id\":\"https:\\\/\\\/www.facecorner.lv\\\/#\\\/schema\\\/logo\\\/image\\\/\"},\"sameAs\":[\"https:\\\/\\\/www.facebook.com\\\/profile.php?id=100063824551839\",\"https:\\\/\\\/www.instagram.com\\\/facecorner_shop\\\/\"]}]}<\/script>\n<meta property=\"product:price:amount\" content=\"6.10\" \/>\n<meta property=\"product:price:currency\" content=\"EUR\" \/>\n<meta property=\"og:availability\" content=\"instock\" \/>\n<meta property=\"product:availability\" content=\"instock\" \/>\n<meta property=\"product:condition\" content=\"new\" \/>\n<!-- \/ Yoast SEO plugin. -->","yoast_head_json":{"title":"Biodance Radiant Vita Niacinamide Real Deep Mask - FACECORNER","description":"Biodance Radiant Vita Niacinamide Real Deep Mask ir hidrog\u0113la maska, kas nodro\u0161ina \u0101tru toniz\u0113jo\u0161u efektu.Satur 10 veidu hialuronsk\u0101bi","robots":{"index":"index","follow":"follow","max-snippet":"max-snippet:-1","max-image-preview":"max-image-preview:large","max-video-preview":"max-video-preview:-1"},"canonical":"https:\/\/www.facecorner.lv\/ru\/shop\/biodance-radiant-vita-niacinamide-real-deep-mask\/","og_locale":"ru_RU","og_type":"article","og_title":"Biodance Radiant Vita Niacinamide Real Deep Mask - FACECORNER","og_description":"Biodance Radiant Vita Niacinamide Real Deep Mask ir hidrog\u0113la maska, kas nodro\u0161ina \u0101tru toniz\u0113jo\u0161u efektu.Satur 10 veidu hialuronsk\u0101bi","og_url":"https:\/\/www.facecorner.lv\/ru\/shop\/biodance-radiant-vita-niacinamide-real-deep-mask\/","og_site_name":"FACECORNER","article_publisher":"https:\/\/www.facebook.com\/profile.php?id=100063824551839","article_modified_time":"2026-03-12T11:18:44+00:00","og_image":[{"width":757,"height":757,"url":"https:\/\/www.facecorner.lv\/wp-content\/uploads\/2024\/11\/4_346df0ba-ab68-43b0-a735-bd0fc50bada2_1296x.webp","type":"image\/webp"}],"twitter_card":"summary_large_image","twitter_misc":{"\u0426\u0435\u043d\u0430":"&euro;6.10","\u0414\u043e\u0441\u0442\u0443\u043f\u043d\u043e\u0441\u0442\u044c":"\u0412 \u043d\u0430\u043b\u0438\u0447\u0438\u0438"},"schema":{"@context":"https:\/\/schema.org","@graph":[{"@type":"WebPage","@id":"https:\/\/www.facecorner.lv\/shop\/biodance-radiant-vita-niacinamide-real-deep-mask\/","url":"https:\/\/www.facecorner.lv\/shop\/biodance-radiant-vita-niacinamide-real-deep-mask\/","name":"Biodance Radiant Vita Niacinamide Real Deep Mask - FACECORNER","isPartOf":{"@id":"https:\/\/www.facecorner.lv\/#website"},"primaryImageOfPage":{"@id":"https:\/\/www.facecorner.lv\/shop\/biodance-radiant-vita-niacinamide-real-deep-mask\/#primaryimage"},"image":{"@id":"https:\/\/www.facecorner.lv\/shop\/biodance-radiant-vita-niacinamide-real-deep-mask\/#primaryimage"},"thumbnailUrl":"https:\/\/www.facecorner.lv\/wp-content\/uploads\/2024\/11\/4_346df0ba-ab68-43b0-a735-bd0fc50bada2_1296x.webp","datePublished":"2024-11-08T11:53:00+00:00","dateModified":"2026-03-12T11:18:44+00:00","description":"Biodance Radiant Vita Niacinamide Real Deep Mask ir hidrog\u0113la maska, kas nodro\u0161ina \u0101tru toniz\u0113jo\u0161u efektu.Satur 10 veidu hialuronsk\u0101bi","breadcrumb":{"@id":"https:\/\/www.facecorner.lv\/shop\/biodance-radiant-vita-niacinamide-real-deep-mask\/#breadcrumb"},"inLanguage":"ru-RU","potentialAction":[{"@type":"ReadAction","target":["https:\/\/www.facecorner.lv\/shop\/biodance-radiant-vita-niacinamide-real-deep-mask\/"]}]},{"@type":"ImageObject","inLanguage":"ru-RU","@id":"https:\/\/www.facecorner.lv\/shop\/biodance-radiant-vita-niacinamide-real-deep-mask\/#primaryimage","url":"https:\/\/www.facecorner.lv\/wp-content\/uploads\/2024\/11\/4_346df0ba-ab68-43b0-a735-bd0fc50bada2_1296x.webp","contentUrl":"https:\/\/www.facecorner.lv\/wp-content\/uploads\/2024\/11\/4_346df0ba-ab68-43b0-a735-bd0fc50bada2_1296x.webp","width":757,"height":757,"caption":"Biodance Radiant Vita Niacinamide Real Deep Mask"},{"@type":"BreadcrumbList","@id":"https:\/\/www.facecorner.lv\/shop\/biodance-radiant-vita-niacinamide-real-deep-mask\/#breadcrumb","itemListElement":[{"@type":"ListItem","position":1,"name":"Home","item":"https:\/\/www.facecorner.lv\/"},{"@type":"ListItem","position":2,"name":"Veikals","item":"https:\/\/www.facecorner.lv\/shop\/"},{"@type":"ListItem","position":3,"name":"Biodance Radiant Vita Niacinamide Real Deep Mask"}]},{"@type":"WebSite","@id":"https:\/\/www.facecorner.lv\/#website","url":"https:\/\/www.facecorner.lv\/","name":"Facecorner","description":"","publisher":{"@id":"https:\/\/www.facecorner.lv\/#organization"},"potentialAction":[{"@type":"SearchAction","target":{"@type":"EntryPoint","urlTemplate":"https:\/\/www.facecorner.lv\/?s={search_term_string}"},"query-input":{"@type":"PropertyValueSpecification","valueRequired":true,"valueName":"search_term_string"}}],"inLanguage":"ru-RU"},{"@type":"Organization","@id":"https:\/\/www.facecorner.lv\/#organization","name":"Facecorner","url":"https:\/\/www.facecorner.lv\/","logo":{"@type":"ImageObject","inLanguage":"ru-RU","@id":"https:\/\/www.facecorner.lv\/#\/schema\/logo\/image\/","url":"https:\/\/www.facecorner.lv\/wp-content\/uploads\/2024\/04\/fc-logo.jpg","contentUrl":"https:\/\/www.facecorner.lv\/wp-content\/uploads\/2024\/04\/fc-logo.jpg","width":174,"height":28,"caption":"Facecorner"},"image":{"@id":"https:\/\/www.facecorner.lv\/#\/schema\/logo\/image\/"},"sameAs":["https:\/\/www.facebook.com\/profile.php?id=100063824551839","https:\/\/www.instagram.com\/facecorner_shop\/"]}]},"product_price_amount":"6.10","product_price_currency":"EUR","og_availability":"instock","product_availability":"instock","product_condition":"new"},"_links":{"self":[{"href":"https:\/\/www.facecorner.lv\/ru\/wp-json\/wp\/v2\/product\/21478","targetHints":{"allow":["GET"]}}],"collection":[{"href":"https:\/\/www.facecorner.lv\/ru\/wp-json\/wp\/v2\/product"}],"about":[{"href":"https:\/\/www.facecorner.lv\/ru\/wp-json\/wp\/v2\/types\/product"}],"replies":[{"embeddable":true,"href":"https:\/\/www.facecorner.lv\/ru\/wp-json\/wp\/v2\/comments?post=21478"}],"wp:featuredmedia":[{"embeddable":true,"href":"https:\/\/www.facecorner.lv\/ru\/wp-json\/wp\/v2\/media\/21479"}],"wp:attachment":[{"href":"https:\/\/www.facecorner.lv\/ru\/wp-json\/wp\/v2\/media?parent=21478"}],"wp:term":[{"taxonomy":"product_brand","embeddable":true,"href":"https:\/\/www.facecorner.lv\/ru\/wp-json\/wp\/v2\/product_brand?post=21478"},{"taxonomy":"product_cat","embeddable":true,"href":"https:\/\/www.facecorner.lv\/ru\/wp-json\/wp\/v2\/product_cat?post=21478"},{"taxonomy":"product_tag","embeddable":true,"href":"https:\/\/www.facecorner.lv\/ru\/wp-json\/wp\/v2\/product_tag?post=21478"},{"taxonomy":"berocket_brand","embeddable":true,"href":"https:\/\/www.facecorner.lv\/ru\/wp-json\/wp\/v2\/berocket_brand?post=21478"}],"curies":[{"name":"wp","href":"https:\/\/api.w.org\/{rel}","templated":true}]}}