{"id":21384,"date":"2024-10-24T13:13:09","date_gmt":"2024-10-24T10:13:09","guid":{"rendered":"https:\/\/www.facecorner.lv\/?post_type=product&#038;p=21384"},"modified":"2025-04-23T19:03:21","modified_gmt":"2025-04-23T16:03:21","slug":"medicube-age-r-glutathione-glow-capsule-cream-50ml","status":"publish","type":"product","link":"https:\/\/www.facecorner.lv\/ru\/shop\/medicube-age-r-glutathione-glow-capsule-cream-50ml\/","title":{"rendered":"MEDICUBE AGE-R Glutathione Glow Capsule Cream 50ml"},"content":{"rendered":"<p>\u0421\u043f\u0435\u0446\u0438\u0430\u043b\u044c\u043d\u044b\u0439 \u043d\u0435\u0436\u043d\u043e \u043e\u0441\u0432\u0435\u0442\u043b\u044f\u044e\u0449\u0438\u0439 \u043a\u0440\u0435\u043c-\u043a\u0430\u043f\u0441\u0443\u043b\u0430 \u0434\u043b\u044f \u0441\u0438\u044f\u043d\u0438\u044f. \u042d\u0442\u043e\u0442 \u043a\u0440\u0435\u043c \u0443\u0441\u0438\u043b\u0438\u0432\u0430\u0435\u0442 \u044f\u0440\u043a\u043e\u0441\u0442\u044c \u0432\u0430\u0448\u0435\u0439 \u043a\u043e\u0436\u0438 \u0438 \u043e\u0431\u0435\u0441\u043f\u0435\u0447\u0438\u0432\u0430\u0435\u0442 \u043c\u0433\u043d\u043e\u0432\u0435\u043d\u043d\u043e\u0435 \u0441\u0438\u044f\u043d\u0438\u0435.<br \/>\n\u041a\u0430\u043f\u0441\u0443\u043b\u044b \u0441\u0438\u044f\u043d\u0438\u044f \u0432 \u0444\u043e\u0440\u043c\u0443\u043b\u0435 \u0433\u043b\u0443\u0431\u043e\u043a\u043e \u0432\u043f\u0438\u0442\u044b\u0432\u0430\u044e\u0442\u0441\u044f \u0432 \u043a\u043e\u0436\u0443, \u043e\u0431\u0435\u0441\u043f\u0435\u0447\u0438\u0432\u0430\u044f \u043d\u0435\u043c\u0435\u0434\u043b\u0435\u043d\u043d\u044b\u0439 \u0433\u043b\u043e\u0443-\u044d\u0444\u0444\u0435\u043a\u0442.<\/p>\n<p>\u0418\u0441\u043f\u043e\u043b\u044c\u0437\u0443\u044f \u043f\u0435\u0440\u0435\u0434\u043e\u0432\u044b\u0435 \u043a\u043e\u0440\u0435\u0439\u0441\u043a\u0438\u0435 \u0442\u0435\u0445\u043d\u043e\u043b\u043e\u0433\u0438\u0438, \u0447\u0430\u0441\u0442\u043e \u0441\u043b\u043e\u0436\u043d\u044b\u0439 \u0432 \u043e\u0431\u0440\u0430\u0449\u0435\u043d\u0438\u0438 \u0433\u043b\u0443\u0442\u0430\u0442\u0438\u043e\u043d \u0438\u043d\u043a\u0430\u043f\u0441\u0443\u043b\u0438\u0440\u0443\u0435\u0442\u0441\u044f \u0432 \u0444\u043e\u0441\u0444\u043e\u043b\u0438\u043f\u0438\u0434\u043d\u044b\u0435 \u043a\u0430\u043f\u0441\u0443\u043b\u044b, \u043a\u043e\u0442\u043e\u0440\u044b\u0435 \u0438\u043c\u0438\u0442\u0438\u0440\u0443\u044e\u0442 \u0441\u0442\u0440\u0443\u043a\u0442\u0443\u0440\u0443 \u043a\u043e\u0436\u0438, \u043e\u0431\u0435\u0441\u043f\u0435\u0447\u0438\u0432\u0430\u044f \u043c\u0430\u043a\u0441\u0438\u043c\u0430\u043b\u044c\u043d\u0443\u044e \u0443\u0441\u0432\u043e\u044f\u0435\u043c\u043e\u0441\u0442\u044c \u0438 \u044d\u0444\u0444\u0435\u043a\u0442\u0438\u0432\u043d\u043e\u0441\u0442\u044c.<\/p>\n<ul>\n<li>\u0413\u043b\u0443\u0442\u0430\u0442\u0438\u043e\u043d \u0448\u0438\u0440\u043e\u043a\u043e \u043f\u0440\u0438\u0437\u043d\u0430\u043d \u043a\u0430\u043a \u044d\u0444\u0444\u0435\u043a\u0442\u0438\u0432\u043d\u044b\u0439 \u0438\u043d\u0433\u0440\u0435\u0434\u0438\u0435\u043d\u0442 \u0434\u043b\u044f \u043e\u0441\u0432\u0435\u0442\u043b\u0435\u043d\u0438\u044f \u043a\u043e\u0436\u0438.<br \/>\n\u041e\u043d \u043e\u0441\u043e\u0431\u0435\u043d\u043d\u043e \u043f\u043e\u043b\u0435\u0437\u0435\u043d \u0434\u043b\u044f \u043b\u044e\u0434\u0435\u0439 \u0441 \u0447\u0443\u0432\u0441\u0442\u0432\u0438\u0442\u0435\u043b\u044c\u043d\u043e\u0439 \u0438\u043b\u0438 \u0442\u0443\u0441\u043a\u043b\u043e\u0439 \u043a\u043e\u0436\u0435\u0439.<br \/>\n\u041a\u0430\u043f\u0441\u0443\u043b\u044b \u0433\u043b\u0443\u0442\u0430\u0442\u0438\u043e\u043d\u0430 \u043e\u0431\u0435\u0441\u043f\u0435\u0447\u0438\u0432\u0430\u044e\u0442 \u043c\u0433\u043d\u043e\u0432\u0435\u043d\u043d\u044b\u0439 \u044d\u0444\u0444\u0435\u043a\u0442 \u043b\u0438\u0444\u0442\u0438\u043d\u0433\u0430 \u0441 \u0443\u0432\u043b\u0430\u0436\u043d\u044f\u044e\u0449\u0438\u043c \u0441\u0438\u044f\u043d\u0438\u0435\u043c.<\/li>\n<li>\u041a\u0440\u0435\u043c \u0441\u043e\u0434\u0435\u0440\u0436\u0438\u0442 \u043f\u0435\u043f\u0442\u0438\u0434\u044b \u0434\u043b\u044f \u043f\u043e\u0432\u044b\u0448\u0435\u043d\u0438\u044f \u044d\u043b\u0430\u0441\u0442\u0438\u0447\u043d\u043e\u0441\u0442\u0438 \u043a\u043e\u0436\u0438.<br \/>\n\u041f\u043e\u043c\u043e\u0433\u0430\u0435\u0442 \u0443\u043b\u0443\u0447\u0448\u0438\u0442\u044c \u0441\u043e\u0441\u0442\u043e\u044f\u043d\u0438\u0435 \u043a\u043e\u0436\u0438 \u0441 \u043f\u044f\u0442\u043d\u0430\u043c\u0438 \u0438 \u0434\u0435\u0444\u0435\u043a\u0442\u0430\u043c\u0438, \u0433\u0438\u043f\u0435\u0440\u043f\u0438\u0433\u043c\u0435\u043d\u0442\u0430\u0446\u0438\u0435\u0439 \u0438 \u043d\u0435\u0440\u043e\u0432\u043d\u044b\u043c \u0442\u043e\u043d\u043e\u043c \u043a\u043e\u0436\u0438.<\/li>\n<li>\u041f\u043e\u043a\u0440\u044b\u0442\u0438\u0435 Hydro-Ceramide \u043e\u0431\u0435\u0441\u043f\u0435\u0447\u0438\u0432\u0430\u0435\u0442 24 \u0447\u0430\u0441\u0430 \u0443\u0432\u043b\u0430\u0436\u043d\u0435\u043d\u0438\u044f \u0441 \u0435\u0441\u0442\u0435\u0441\u0442\u0432\u0435\u043d\u043d\u044b\u043c \u0441\u0438\u044f\u043d\u0438\u0435\u043c.<\/li>\n<\/ul>\n<p><strong>\u0421\u043f\u043e\u0441\u043e\u0431 \u043f\u0440\u0438\u043c\u0435\u043d\u0435\u043d\u0438\u044f: <\/strong>\u041f\u043e\u0441\u043b\u0435 \u043e\u0447\u0438\u0449\u0435\u043d\u0438\u044f \u043d\u0430\u043d\u0435\u0441\u0438\u0442\u0435 \u0443\u043c\u0435\u0440\u0435\u043d\u043d\u043e\u0435 \u043a\u043e\u043b\u0438\u0447\u0435\u0441\u0442\u0432\u043e \u043a\u0440\u0435\u043c\u0430 Glutathione Glow Capsule \u043d\u0430 \u043b\u0438\u0446\u043e.<br \/>\n\u041c\u044f\u0433\u043a\u043e \u043f\u043e\u0445\u043b\u043e\u043f\u0430\u0439\u0442\u0435 \u0438\u043b\u0438 \u043f\u043e\u043c\u0430\u0441\u0441\u0438\u0440\u0443\u0439\u0442\u0435. \u041f\u043e\u0436\u0430\u043b\u0443\u0439\u0441\u0442\u0430, \u043d\u0430\u0436\u043c\u0438\u0442\u0435 \u0438 \u0432\u043f\u0438\u0442\u0430\u0439\u0442\u0435 \u043a\u0430\u043f\u0441\u0443\u043b\u044b Glutathione Glow \u0440\u0443\u043a\u0430\u043c\u0438.<br \/>\n\u0414\u0430\u0439\u0442\u0435 \u0441\u0440\u0435\u0434\u0441\u0442\u0432\u0443 \u043f\u043e\u043b\u043d\u043e\u0441\u0442\u044c\u044e \u0432\u043f\u0438\u0442\u0430\u0442\u044c\u0441\u044f \u0432 \u043a\u043e\u0436\u0443, \u043f\u0440\u0435\u0436\u0434\u0435 \u0447\u0435\u043c \u043f\u0440\u0438\u0441\u0442\u0443\u043f\u0430\u0442\u044c \u043a \u043d\u0430\u043d\u0435\u0441\u0435\u043d\u0438\u044e \u043c\u0430\u043a\u0438\u044f\u0436\u0430.<\/p>\n<p><strong>\u0421\u043e\u0441\u0442\u0430\u0432<\/strong> Water(Aqua), Glycerin, 1,2-Hexanediol, Polyglyceryl-10 Laurate, Hydrogenated Lecithin, Glutathione, Butylene Glycol, Chondrus Crispus Powder, Agar, Tromethamine, Acrylates\/C10-30 Alkyl Acrylate Crosspolymer, Gellan Gum, Glycereth-26, Glyceryl Acrylate\/Acrylic Acid Copolymer, Methylpropanediol, Vinyl Dimethicone, Dimethiconol, Niacinamide, Betaine, Sodium Polyacrylate, C18-21 Alkane, Polyglyceryl-10 Oleate, Isononyl Isononanoate, Isohexadecane, Ammonium Acryloyldimethyltaurate\/VP Copolymer, Phenyl Trimethicone, Fragrance, Limonene, Citral, Ethylhexylglycerin, Xanthan Gum, Adenosine, Glucose, Caprylic\/Capric Triglyceride, Ceramide NP, Palmitoyl Tripeptide-5, Sorbitan Laurate, Hydroxyethylcellulose, Acetyl Dipeptide-1 Cetyl Ester, Acetyl Hexapeptide-1, Thioctic Acid, Soluble Collagen<\/p>\n<p>&nbsp;<\/p>","protected":false},"excerpt":{"rendered":"<p>\u0421\u043f\u0435\u0446\u0438\u0430\u043b\u044c\u043d\u044b\u0439 \u043d\u0435\u0436\u043d\u043e \u043e\u0441\u0432\u0435\u0442\u043b\u044f\u044e\u0449\u0438\u0439 \u043a\u0440\u0435\u043c-\u043a\u0430\u043f\u0441\u0443\u043b\u0430 \u0434\u043b\u044f \u0441\u0438\u044f\u043d\u0438\u044f. \u042d\u0442\u043e\u0442 \u043a\u0440\u0435\u043c \u0443\u0441\u0438\u043b\u0438\u0432\u0430\u0435\u0442 \u044f\u0440\u043a\u043e\u0441\u0442\u044c \u0432\u0430\u0448\u0435\u0439 \u043a\u043e\u0436\u0438 \u0438 \u043e\u0431\u0435\u0441\u043f\u0435\u0447\u0438\u0432\u0430\u0435\u0442 \u043c\u0433\u043d\u043e\u0432\u0435\u043d\u043d\u043e\u0435 \u0441\u0438\u044f\u043d\u0438\u0435.<\/p>","protected":false},"featured_media":21389,"comment_status":"closed","ping_status":"closed","template":"","meta":{"site-sidebar-layout":"default","site-content-layout":"","ast-site-content-layout":"","site-content-style":"default","site-sidebar-style":"default","ast-global-header-display":"","ast-banner-title-visibility":"","ast-main-header-display":"","ast-hfb-above-header-display":"","ast-hfb-below-header-display":"","ast-hfb-mobile-header-display":"","site-post-title":"","ast-breadcrumbs-content":"","ast-featured-img":"","footer-sml-layout":"","theme-transparent-header-meta":"","adv-header-id-meta":"","stick-header-meta":"","header-above-stick-meta":"","header-main-stick-meta":"","header-below-stick-meta":"","astra-migrate-meta-layouts":"default","ast-page-background-enabled":"default","ast-page-background-meta":{"desktop":{"background-color":"var(--ast-global-color-4)","background-image":"","background-repeat":"repeat","background-position":"center center","background-size":"auto","background-attachment":"scroll","background-type":"","background-media":"","overlay-type":"","overlay-color":"","overlay-opacity":"","overlay-gradient":""},"tablet":{"background-color":"","background-image":"","background-repeat":"repeat","background-position":"center center","background-size":"auto","background-attachment":"scroll","background-type":"","background-media":"","overlay-type":"","overlay-color":"","overlay-opacity":"","overlay-gradient":""},"mobile":{"background-color":"","background-image":"","background-repeat":"repeat","background-position":"center center","background-size":"auto","background-attachment":"scroll","background-type":"","background-media":"","overlay-type":"","overlay-color":"","overlay-opacity":"","overlay-gradient":""}},"ast-content-background-meta":{"desktop":{"background-color":"var(--ast-global-color-5)","background-image":"","background-repeat":"repeat","background-position":"center center","background-size":"auto","background-attachment":"scroll","background-type":"","background-media":"","overlay-type":"","overlay-color":"","overlay-opacity":"","overlay-gradient":""},"tablet":{"background-color":"var(--ast-global-color-5)","background-image":"","background-repeat":"repeat","background-position":"center center","background-size":"auto","background-attachment":"scroll","background-type":"","background-media":"","overlay-type":"","overlay-color":"","overlay-opacity":"","overlay-gradient":""},"mobile":{"background-color":"var(--ast-global-color-5)","background-image":"","background-repeat":"repeat","background-position":"center center","background-size":"auto","background-attachment":"scroll","background-type":"","background-media":"","overlay-type":"","overlay-color":"","overlay-opacity":"","overlay-gradient":""}}},"product_brand":[],"product_cat":[366,368,362],"product_tag":[],"berocket_brand":[579],"class_list":{"0":"post-21384","1":"product","2":"type-product","3":"status-publish","4":"has-post-thumbnail","6":"product_cat-mitrinoss","7":"product_cat-pret-grumbam","8":"product_cat-sejas-krems","9":"berocket_brand-medicube","10":"desktop-align-left","11":"tablet-align-left","12":"mobile-align-left","14":"first","15":"outofstock","16":"sale","17":"taxable","18":"shipping-taxable","19":"purchasable","20":"product-type-simple","21":"add-to-wishlist-before_image"},"yoast_head":"<!-- This site is optimized with the Yoast SEO plugin v27.3 - https:\/\/yoast.com\/product\/yoast-seo-wordpress\/ -->\n<title>MEDICUBE AGE-R Glutathione Glow Capsule Cream 50ml - FACECORNER<\/title>\n<meta name=\"description\" content=\"MEDICUBE AGE-R Glutathione Glow Capsule Cream \u00a0\u012apa\u0161a maigi balino\u0161a kr\u0113ma kapsula mirdzumam. \u0160is kr\u0113ms uzlabo \u0101das mirdzumu un nodro\u0161ina t\u016bl\u012bt\u0113ju mirdzumu.\" \/>\n<meta name=\"robots\" content=\"index, follow, max-snippet:-1, max-image-preview:large, max-video-preview:-1\" \/>\n<link rel=\"canonical\" href=\"https:\/\/www.facecorner.lv\/ru\/shop\/medicube-age-r-glutathione-glow-capsule-cream-50ml\/\" \/>\n<meta property=\"og:locale\" content=\"ru_RU\" \/>\n<meta property=\"og:type\" content=\"article\" \/>\n<meta property=\"og:title\" content=\"MEDICUBE AGE-R Glutathione Glow Capsule Cream 50ml - FACECORNER\" \/>\n<meta property=\"og:description\" content=\"MEDICUBE AGE-R Glutathione Glow Capsule Cream \u00a0\u012apa\u0161a maigi balino\u0161a kr\u0113ma kapsula mirdzumam. \u0160is kr\u0113ms uzlabo \u0101das mirdzumu un nodro\u0161ina t\u016bl\u012bt\u0113ju mirdzumu.\" \/>\n<meta property=\"og:url\" content=\"https:\/\/www.facecorner.lv\/ru\/shop\/medicube-age-r-glutathione-glow-capsule-cream-50ml\/\" \/>\n<meta property=\"og:site_name\" content=\"FACECORNER\" \/>\n<meta property=\"article:publisher\" content=\"https:\/\/www.facebook.com\/profile.php?id=100063824551839\" \/>\n<meta property=\"article:modified_time\" content=\"2025-04-23T16:03:21+00:00\" \/>\n<meta property=\"og:image\" content=\"https:\/\/www.facecorner.lv\/wp-content\/uploads\/2024\/10\/61euX7nOmcL._SL1500_.jpg\" \/>\n\t<meta property=\"og:image:width\" content=\"1500\" \/>\n\t<meta property=\"og:image:height\" content=\"1500\" \/>\n\t<meta property=\"og:image:type\" content=\"image\/jpeg\" \/>\n<meta name=\"twitter:card\" content=\"summary_large_image\" \/>\n<meta name=\"twitter:label1\" content=\"\u0426\u0435\u043d\u0430\" \/>\n\t<meta name=\"twitter:data1\" content=\"&euro;45.50\" \/>\n\t<meta name=\"twitter:label2\" content=\"\u0414\u043e\u0441\u0442\u0443\u043f\u043d\u043e\u0441\u0442\u044c\" \/>\n\t<meta name=\"twitter:data2\" content=\"\u0420\u0430\u0441\u043f\u0440\u043e\u0434\u0430\u043d\u043e\" \/>\n<script type=\"application\/ld+json\" class=\"yoast-schema-graph\">{\"@context\":\"https:\\\/\\\/schema.org\",\"@graph\":[{\"@type\":\"WebPage\",\"@id\":\"https:\\\/\\\/www.facecorner.lv\\\/shop\\\/medicube-age-r-glutathione-glow-capsule-cream-50ml\\\/\",\"url\":\"https:\\\/\\\/www.facecorner.lv\\\/shop\\\/medicube-age-r-glutathione-glow-capsule-cream-50ml\\\/\",\"name\":\"MEDICUBE AGE-R Glutathione Glow Capsule Cream 50ml - FACECORNER\",\"isPartOf\":{\"@id\":\"https:\\\/\\\/www.facecorner.lv\\\/#website\"},\"primaryImageOfPage\":{\"@id\":\"https:\\\/\\\/www.facecorner.lv\\\/shop\\\/medicube-age-r-glutathione-glow-capsule-cream-50ml\\\/#primaryimage\"},\"image\":{\"@id\":\"https:\\\/\\\/www.facecorner.lv\\\/shop\\\/medicube-age-r-glutathione-glow-capsule-cream-50ml\\\/#primaryimage\"},\"thumbnailUrl\":\"https:\\\/\\\/www.facecorner.lv\\\/wp-content\\\/uploads\\\/2024\\\/10\\\/61euX7nOmcL._SL1500_.jpg\",\"datePublished\":\"2024-10-24T10:13:09+00:00\",\"dateModified\":\"2025-04-23T16:03:21+00:00\",\"description\":\"MEDICUBE AGE-R Glutathione Glow Capsule Cream \u00a0\u012apa\u0161a maigi balino\u0161a kr\u0113ma kapsula mirdzumam. \u0160is kr\u0113ms uzlabo \u0101das mirdzumu un nodro\u0161ina t\u016bl\u012bt\u0113ju mirdzumu.\",\"breadcrumb\":{\"@id\":\"https:\\\/\\\/www.facecorner.lv\\\/shop\\\/medicube-age-r-glutathione-glow-capsule-cream-50ml\\\/#breadcrumb\"},\"inLanguage\":\"ru-RU\",\"potentialAction\":[{\"@type\":\"ReadAction\",\"target\":[\"https:\\\/\\\/www.facecorner.lv\\\/shop\\\/medicube-age-r-glutathione-glow-capsule-cream-50ml\\\/\"]}]},{\"@type\":\"ImageObject\",\"inLanguage\":\"ru-RU\",\"@id\":\"https:\\\/\\\/www.facecorner.lv\\\/shop\\\/medicube-age-r-glutathione-glow-capsule-cream-50ml\\\/#primaryimage\",\"url\":\"https:\\\/\\\/www.facecorner.lv\\\/wp-content\\\/uploads\\\/2024\\\/10\\\/61euX7nOmcL._SL1500_.jpg\",\"contentUrl\":\"https:\\\/\\\/www.facecorner.lv\\\/wp-content\\\/uploads\\\/2024\\\/10\\\/61euX7nOmcL._SL1500_.jpg\",\"width\":1500,\"height\":1500},{\"@type\":\"BreadcrumbList\",\"@id\":\"https:\\\/\\\/www.facecorner.lv\\\/shop\\\/medicube-age-r-glutathione-glow-capsule-cream-50ml\\\/#breadcrumb\",\"itemListElement\":[{\"@type\":\"ListItem\",\"position\":1,\"name\":\"Home\",\"item\":\"https:\\\/\\\/www.facecorner.lv\\\/\"},{\"@type\":\"ListItem\",\"position\":2,\"name\":\"Veikals\",\"item\":\"https:\\\/\\\/www.facecorner.lv\\\/shop\\\/\"},{\"@type\":\"ListItem\",\"position\":3,\"name\":\"MEDICUBE AGE-R Glutathione Glow Capsule Cream 50ml\"}]},{\"@type\":\"WebSite\",\"@id\":\"https:\\\/\\\/www.facecorner.lv\\\/#website\",\"url\":\"https:\\\/\\\/www.facecorner.lv\\\/\",\"name\":\"Facecorner\",\"description\":\"\",\"publisher\":{\"@id\":\"https:\\\/\\\/www.facecorner.lv\\\/#organization\"},\"potentialAction\":[{\"@type\":\"SearchAction\",\"target\":{\"@type\":\"EntryPoint\",\"urlTemplate\":\"https:\\\/\\\/www.facecorner.lv\\\/?s={search_term_string}\"},\"query-input\":{\"@type\":\"PropertyValueSpecification\",\"valueRequired\":true,\"valueName\":\"search_term_string\"}}],\"inLanguage\":\"ru-RU\"},{\"@type\":\"Organization\",\"@id\":\"https:\\\/\\\/www.facecorner.lv\\\/#organization\",\"name\":\"Facecorner\",\"url\":\"https:\\\/\\\/www.facecorner.lv\\\/\",\"logo\":{\"@type\":\"ImageObject\",\"inLanguage\":\"ru-RU\",\"@id\":\"https:\\\/\\\/www.facecorner.lv\\\/#\\\/schema\\\/logo\\\/image\\\/\",\"url\":\"https:\\\/\\\/www.facecorner.lv\\\/wp-content\\\/uploads\\\/2024\\\/04\\\/fc-logo.jpg\",\"contentUrl\":\"https:\\\/\\\/www.facecorner.lv\\\/wp-content\\\/uploads\\\/2024\\\/04\\\/fc-logo.jpg\",\"width\":174,\"height\":28,\"caption\":\"Facecorner\"},\"image\":{\"@id\":\"https:\\\/\\\/www.facecorner.lv\\\/#\\\/schema\\\/logo\\\/image\\\/\"},\"sameAs\":[\"https:\\\/\\\/www.facebook.com\\\/profile.php?id=100063824551839\",\"https:\\\/\\\/www.instagram.com\\\/facecorner_shop\\\/\"]}]}<\/script>\n<meta property=\"product:price:amount\" content=\"45.50\" \/>\n<meta property=\"product:price:currency\" content=\"EUR\" \/>\n<meta property=\"og:availability\" content=\"out of stock\" \/>\n<meta property=\"product:availability\" content=\"out of stock\" \/>\n<meta property=\"product:condition\" content=\"new\" \/>\n<!-- \/ Yoast SEO plugin. -->","yoast_head_json":{"title":"MEDICUBE AGE-R Glutathione Glow Capsule Cream 50ml - FACECORNER","description":"\u0421\u043f\u0435\u0446\u0438\u0430\u043b\u044c\u043d\u044b\u0439 \u043d\u0435\u0436\u043d\u043e \u043e\u0441\u0432\u0435\u0442\u043b\u044f\u044e\u0449\u0438\u0439 \u043a\u0440\u0435\u043c-\u043a\u0430\u043f\u0441\u0443\u043b\u0430 \u0434\u043b\u044f \u0441\u0438\u044f\u043d\u0438\u044f. \u042d\u0442\u043e\u0442 \u043a\u0440\u0435\u043c \u0443\u0441\u0438\u043b\u0438\u0432\u0430\u0435\u0442 \u044f\u0440\u043a\u043e\u0441\u0442\u044c \u0432\u0430\u0448\u0435\u0439 \u043a\u043e\u0436\u0438 \u0438 \u043e\u0431\u0435\u0441\u043f\u0435\u0447\u0438\u0432\u0430\u0435\u0442 \u043c\u0433\u043d\u043e\u0432\u0435\u043d\u043d\u043e\u0435 \u0441\u0438\u044f\u043d\u0438\u0435.","robots":{"index":"index","follow":"follow","max-snippet":"max-snippet:-1","max-image-preview":"max-image-preview:large","max-video-preview":"max-video-preview:-1"},"canonical":"https:\/\/www.facecorner.lv\/ru\/shop\/medicube-age-r-glutathione-glow-capsule-cream-50ml\/","og_locale":"ru_RU","og_type":"article","og_title":"MEDICUBE AGE-R Glutathione Glow Capsule Cream 50ml - FACECORNER","og_description":"MEDICUBE AGE-R Glutathione Glow Capsule Cream \u00a0\u012apa\u0161a maigi balino\u0161a kr\u0113ma kapsula mirdzumam. \u0160is kr\u0113ms uzlabo \u0101das mirdzumu un nodro\u0161ina t\u016bl\u012bt\u0113ju mirdzumu.","og_url":"https:\/\/www.facecorner.lv\/ru\/shop\/medicube-age-r-glutathione-glow-capsule-cream-50ml\/","og_site_name":"FACECORNER","article_publisher":"https:\/\/www.facebook.com\/profile.php?id=100063824551839","article_modified_time":"2025-04-23T16:03:21+00:00","og_image":[{"width":1500,"height":1500,"url":"https:\/\/www.facecorner.lv\/wp-content\/uploads\/2024\/10\/61euX7nOmcL._SL1500_.jpg","type":"image\/jpeg"}],"twitter_card":"summary_large_image","twitter_misc":{"\u0426\u0435\u043d\u0430":"&euro;45.50","\u0414\u043e\u0441\u0442\u0443\u043f\u043d\u043e\u0441\u0442\u044c":"\u0420\u0430\u0441\u043f\u0440\u043e\u0434\u0430\u043d\u043e"},"schema":{"@context":"https:\/\/schema.org","@graph":[{"@type":"WebPage","@id":"https:\/\/www.facecorner.lv\/shop\/medicube-age-r-glutathione-glow-capsule-cream-50ml\/","url":"https:\/\/www.facecorner.lv\/shop\/medicube-age-r-glutathione-glow-capsule-cream-50ml\/","name":"MEDICUBE AGE-R Glutathione Glow Capsule Cream 50ml - FACECORNER","isPartOf":{"@id":"https:\/\/www.facecorner.lv\/#website"},"primaryImageOfPage":{"@id":"https:\/\/www.facecorner.lv\/shop\/medicube-age-r-glutathione-glow-capsule-cream-50ml\/#primaryimage"},"image":{"@id":"https:\/\/www.facecorner.lv\/shop\/medicube-age-r-glutathione-glow-capsule-cream-50ml\/#primaryimage"},"thumbnailUrl":"https:\/\/www.facecorner.lv\/wp-content\/uploads\/2024\/10\/61euX7nOmcL._SL1500_.jpg","datePublished":"2024-10-24T10:13:09+00:00","dateModified":"2025-04-23T16:03:21+00:00","description":"\u0421\u043f\u0435\u0446\u0438\u0430\u043b\u044c\u043d\u044b\u0439 \u043d\u0435\u0436\u043d\u043e \u043e\u0441\u0432\u0435\u0442\u043b\u044f\u044e\u0449\u0438\u0439 \u043a\u0440\u0435\u043c-\u043a\u0430\u043f\u0441\u0443\u043b\u0430 \u0434\u043b\u044f \u0441\u0438\u044f\u043d\u0438\u044f. \u042d\u0442\u043e\u0442 \u043a\u0440\u0435\u043c \u0443\u0441\u0438\u043b\u0438\u0432\u0430\u0435\u0442 \u044f\u0440\u043a\u043e\u0441\u0442\u044c \u0432\u0430\u0448\u0435\u0439 \u043a\u043e\u0436\u0438 \u0438 \u043e\u0431\u0435\u0441\u043f\u0435\u0447\u0438\u0432\u0430\u0435\u0442 \u043c\u0433\u043d\u043e\u0432\u0435\u043d\u043d\u043e\u0435 \u0441\u0438\u044f\u043d\u0438\u0435.","breadcrumb":{"@id":"https:\/\/www.facecorner.lv\/shop\/medicube-age-r-glutathione-glow-capsule-cream-50ml\/#breadcrumb"},"inLanguage":"ru-RU","potentialAction":[{"@type":"ReadAction","target":["https:\/\/www.facecorner.lv\/shop\/medicube-age-r-glutathione-glow-capsule-cream-50ml\/"]}]},{"@type":"ImageObject","inLanguage":"ru-RU","@id":"https:\/\/www.facecorner.lv\/shop\/medicube-age-r-glutathione-glow-capsule-cream-50ml\/#primaryimage","url":"https:\/\/www.facecorner.lv\/wp-content\/uploads\/2024\/10\/61euX7nOmcL._SL1500_.jpg","contentUrl":"https:\/\/www.facecorner.lv\/wp-content\/uploads\/2024\/10\/61euX7nOmcL._SL1500_.jpg","width":1500,"height":1500},{"@type":"BreadcrumbList","@id":"https:\/\/www.facecorner.lv\/shop\/medicube-age-r-glutathione-glow-capsule-cream-50ml\/#breadcrumb","itemListElement":[{"@type":"ListItem","position":1,"name":"Home","item":"https:\/\/www.facecorner.lv\/"},{"@type":"ListItem","position":2,"name":"Veikals","item":"https:\/\/www.facecorner.lv\/shop\/"},{"@type":"ListItem","position":3,"name":"MEDICUBE AGE-R Glutathione Glow Capsule Cream 50ml"}]},{"@type":"WebSite","@id":"https:\/\/www.facecorner.lv\/#website","url":"https:\/\/www.facecorner.lv\/","name":"Facecorner","description":"","publisher":{"@id":"https:\/\/www.facecorner.lv\/#organization"},"potentialAction":[{"@type":"SearchAction","target":{"@type":"EntryPoint","urlTemplate":"https:\/\/www.facecorner.lv\/?s={search_term_string}"},"query-input":{"@type":"PropertyValueSpecification","valueRequired":true,"valueName":"search_term_string"}}],"inLanguage":"ru-RU"},{"@type":"Organization","@id":"https:\/\/www.facecorner.lv\/#organization","name":"Facecorner","url":"https:\/\/www.facecorner.lv\/","logo":{"@type":"ImageObject","inLanguage":"ru-RU","@id":"https:\/\/www.facecorner.lv\/#\/schema\/logo\/image\/","url":"https:\/\/www.facecorner.lv\/wp-content\/uploads\/2024\/04\/fc-logo.jpg","contentUrl":"https:\/\/www.facecorner.lv\/wp-content\/uploads\/2024\/04\/fc-logo.jpg","width":174,"height":28,"caption":"Facecorner"},"image":{"@id":"https:\/\/www.facecorner.lv\/#\/schema\/logo\/image\/"},"sameAs":["https:\/\/www.facebook.com\/profile.php?id=100063824551839","https:\/\/www.instagram.com\/facecorner_shop\/"]}]},"product_price_amount":"45.50","product_price_currency":"EUR","og_availability":"out of stock","product_availability":"out of stock","product_condition":"new"},"_links":{"self":[{"href":"https:\/\/www.facecorner.lv\/ru\/wp-json\/wp\/v2\/product\/21384","targetHints":{"allow":["GET"]}}],"collection":[{"href":"https:\/\/www.facecorner.lv\/ru\/wp-json\/wp\/v2\/product"}],"about":[{"href":"https:\/\/www.facecorner.lv\/ru\/wp-json\/wp\/v2\/types\/product"}],"replies":[{"embeddable":true,"href":"https:\/\/www.facecorner.lv\/ru\/wp-json\/wp\/v2\/comments?post=21384"}],"wp:featuredmedia":[{"embeddable":true,"href":"https:\/\/www.facecorner.lv\/ru\/wp-json\/wp\/v2\/media\/21389"}],"wp:attachment":[{"href":"https:\/\/www.facecorner.lv\/ru\/wp-json\/wp\/v2\/media?parent=21384"}],"wp:term":[{"taxonomy":"product_brand","embeddable":true,"href":"https:\/\/www.facecorner.lv\/ru\/wp-json\/wp\/v2\/product_brand?post=21384"},{"taxonomy":"product_cat","embeddable":true,"href":"https:\/\/www.facecorner.lv\/ru\/wp-json\/wp\/v2\/product_cat?post=21384"},{"taxonomy":"product_tag","embeddable":true,"href":"https:\/\/www.facecorner.lv\/ru\/wp-json\/wp\/v2\/product_tag?post=21384"},{"taxonomy":"berocket_brand","embeddable":true,"href":"https:\/\/www.facecorner.lv\/ru\/wp-json\/wp\/v2\/berocket_brand?post=21384"}],"curies":[{"name":"wp","href":"https:\/\/api.w.org\/{rel}","templated":true}]}}