{"id":21377,"date":"2024-10-23T20:24:17","date_gmt":"2024-10-23T17:24:17","guid":{"rendered":"https:\/\/www.facecorner.lv\/?post_type=product&#038;p=21377"},"modified":"2026-05-08T22:56:04","modified_gmt":"2026-05-08T19:56:04","slug":"medicube-deep-vita-c-pad-70-ea","status":"publish","type":"product","link":"https:\/\/www.facecorner.lv\/ru\/shop\/medicube-deep-vita-c-pad-70-ea\/","title":{"rendered":"Medicube Deep Vita C Pad 70psc"},"content":{"rendered":"<p>\u041e\u0441\u0432\u0435\u0442\u043b\u044f\u044e\u0449\u0438\u0435 \u043f\u044d\u0434\u044b \u0441 \u0432\u0438\u0442\u0430\u043c\u0438\u043d\u043e\u043c \u0421 Medicube Deep Vita C Pad \u0440\u0430\u0437\u0440\u0430\u0431\u043e\u0442\u0430\u043d\u044b \u0434\u043b\u044f \u044d\u0444\u0444\u0435\u043a\u0442\u0438\u0432\u043d\u043e\u0439 \u0431\u043e\u0440\u044c\u0431\u044b \u0441 \u043f\u0438\u0433\u043c\u0435\u043d\u0442\u0430\u0446\u0438\u0435\u0439, \u043f\u043e\u0441\u0442\u0430\u043a\u043d\u0435 \u0438 \u0434\u0440\u0443\u0433\u0438\u043c\u0438 \u043d\u0435\u0441\u043e\u0432\u0435\u0440\u0448\u0435\u043d\u0441\u0442\u0432\u0430\u043c\u0438 \u043a\u043e\u0436\u0438.<\/p>\n<p>\u041e\u0441\u043d\u043e\u0432\u0443 \u044d\u0441\u0441\u0435\u043d\u0446\u0438\u0438, \u043a\u043e\u0442\u043e\u0440\u043e\u0439 \u043f\u0440\u043e\u043f\u0438\u0442\u0430\u043d\u044b \u043f\u044d\u0434\u044b, \u0441\u043e\u0441\u0442\u0430\u0432\u043b\u044f\u0435\u0442 500,000ppm \u0433\u0438\u0434\u0440\u043e\u043b\u0430\u0442\u0430 \u043e\u0431\u043b\u0435\u043f\u0438\u0445\u0438. \u042d\u0444\u0444\u0435\u043a\u0442\u0438\u0432\u043d\u043e \u0443\u0441\u043f\u043e\u043a\u0430\u0438\u0432\u0430\u0435\u0442 \u0440\u0430\u0437\u0434\u0440\u0430\u0436\u0435\u043d\u043d\u0443\u044e \u043a\u043e\u0436\u0443, \u0441\u043d\u0438\u043c\u0430\u0435\u0442 \u0432\u043e\u0441\u043f\u0430\u043b\u0435\u043d\u0438\u044f, \u043f\u043e\u043c\u043e\u0433\u0430\u0435\u0442 \u0432 \u0431\u043e\u0440\u044c\u0431\u0435 \u0441 \u0441\u0443\u0445\u043e\u0441\u0442\u044c\u044e \u0438 \u0448\u0435\u043b\u0443\u0448\u0435\u043d\u0438\u044f\u043c\u0438. \u0423\u043a\u0440\u0435\u043f\u043b\u044f\u0435\u0442 \u043b\u0438\u043f\u0438\u0434\u043d\u044b\u0439 \u0431\u0430\u0440\u044c\u0435\u0440 \u044d\u043f\u0438\u0434\u0435\u0440\u043c\u0438\u0441\u0430 \u0438 \u0437\u0430\u0449\u0438\u0449\u0430\u0435\u0442 \u043e\u0442 \u043d\u0435\u0433\u0430\u0442\u0438\u0432\u043d\u043e\u0433\u043e \u0432\u043e\u0437\u0434\u0435\u0439\u0441\u0442\u0432\u0438\u044f \u043e\u043a\u0440\u0443\u0436\u0430\u044e\u0449\u0435\u0439 \u0441\u0440\u0435\u0434\u044b. \u0422\u043e\u043d\u0438\u0437\u0438\u0440\u0443\u0435\u0442, \u043f\u0440\u0435\u0434\u043e\u0442\u0432\u0440\u0430\u0449\u0430\u0435\u0442 \u0430\u0432\u0438\u0442\u0430\u043c\u0438\u043d\u043e\u0437 \u043a\u043e\u0436\u0438, \u043e\u0437\u0434\u043e\u0440\u0430\u0432\u043b\u0438\u0432\u0430\u0435\u0442 \u0438 \u0443\u043b\u0443\u0447\u0448\u0430\u0435\u0442 \u0446\u0432\u0435\u0442 \u043b\u0438\u0446\u0430<\/p>\n<p>\u0412\u0438\u0442\u0430\u043c\u0438\u043d \u0421 \u0432 \u0441\u043e\u0441\u0442\u0430\u0432\u0435 \u043d\u0430\u043f\u0440\u0430\u0432\u043b\u0435\u043d \u043d\u0430 \u043e\u0441\u0432\u0435\u0442\u043b\u0435\u043d\u0438\u0435 \u0438 \u0443\u043c\u0435\u043d\u044c\u0448\u0435\u043d\u0438\u0435 \u043f\u0438\u0433\u043c\u0435\u043d\u0442\u0430\u0446\u0438\u0438, \u0442\u0435\u043c\u043d\u044b\u0445 \u043f\u044f\u0442\u0435\u043d \u0438 \u043f\u043e\u0441\u0442\u0430\u043a\u043d\u0435, \u0430 \u0442\u0430\u043a\u0436\u0435 \u044f\u0432\u043b\u044f\u0435\u0442\u0441\u044f \u043f\u0440\u0435\u043a\u0440\u0430\u0441\u043d\u044b\u043c \u0430\u043d\u0442\u0438\u043e\u043a\u0441\u0438\u0434\u0430\u043d\u0442\u043e\u043c. \u041a\u043e\u043c\u043f\u043b\u0435\u043a\u0441 \u043f\u0435\u043f\u0442\u0438\u0434\u043e\u0432 \u0441\u043f\u043e\u0441\u043e\u0431\u0441\u0442\u0432\u0443\u0435\u0442 \u0441\u0438\u043d\u0442\u0435\u0437\u0443 \u043a\u043e\u043b\u043b\u0430\u0433\u0435\u043d\u0430 \u0438 \u044d\u043b\u0430\u0441\u0442\u0438\u043d\u0430, \u043e\u043c\u043e\u043b\u0430\u0436\u0438\u0432\u0430\u044f \u0438 \u0443\u0441\u043a\u043e\u0440\u044f\u044f \u0440\u0435\u0433\u0435\u043d\u0435\u0440\u0430\u0446\u0438\u044e \u043a\u043e\u0436\u0438.  \u041f\u043e\u043c\u043e\u0433\u0430\u0435\u0442 \u0434\u0435\u0440\u043c\u0435 \u0430\u043a\u0442\u0438\u0432\u043d\u043e \u043f\u0440\u043e\u0442\u0438\u0432\u043e\u0441\u0442\u043e\u044f\u0442\u044c \u0430\u0433\u0440\u0435\u0441\u0441\u0438\u0432\u043d\u043e\u043c\u0443 \u0432\u043e\u0437\u0434\u0435\u0439\u0441\u0442\u0432\u0438\u044e \u043e\u043a\u0440\u0443\u0436\u0430\u044e\u0449\u0435\u0439 \u0441\u0440\u0435\u0434\u044b \u0438 \u043f\u0440\u0435\u0434\u043e\u0442\u0432\u0440\u0430\u0449\u0430\u0435\u0442 \u043f\u043e\u044f\u0432\u043b\u0435\u043d\u0438\u0435 \u043c\u0438\u043c\u0438\u0447\u0435\u0441\u043a\u0438\u0445 \u043c\u043e\u0440\u0449\u0438\u043d. \u0420\u0430\u0437\u0433\u043b\u0430\u0436\u0438\u0432\u0430\u0435\u0442 \u0440\u0435\u043b\u044c\u0435\u0444 \u043a\u043e\u0436\u0438, \u0434\u0435\u043b\u0430\u0435\u0442 \u0442\u043e\u043d \u0431\u043e\u043b\u0435\u0435 \u0440\u043e\u0432\u043d\u044b\u043c, \u0431\u043e\u0440\u0435\u0442\u0441\u044f \u0441 \u0442\u0443\u0441\u043a\u043b\u043e\u0441\u0442\u044c\u044e \u043a\u043e\u0436\u0438.<\/p>\n<p><strong>\u0421\u043f\u043e\u0441\u043e\u0431 \u043f\u0440\u0438\u043c\u0435\u043d\u0435\u043d\u0438\u044f: <\/strong>\u0414\u043e\u0441\u0442\u0430\u043d\u044c\u0442\u0435 \u043f\u044d\u0434. \u041c\u044f\u0433\u043a\u043e \u043f\u0440\u043e\u0442\u0440\u0438\u0442\u0435 \u0447\u0438\u0441\u0442\u0443\u044e \u0441\u0443\u0445\u0443\u044e \u043a\u043e\u0436\u0443 \u043b\u0438\u0446\u0430 \u043f\u044d\u0434\u043e\u043c. \u041e\u0441\u043e\u0431\u043e\u0435 \u0432\u043d\u0438\u043c\u0430\u043d\u0438\u0435 \u0443\u0434\u0435\u043b\u0438\u0442\u0435 \u0422-\u0437\u043e\u043d\u0435 \u0438 \u043f\u0440\u043e\u0431\u043b\u0435\u043c\u043d\u044b\u043c \u0443\u0447\u0430\u0441\u0442\u043a\u0430\u043c \u043a\u043e\u0436\u0438. \u0421\u0440\u0435\u0434\u0441\u0442\u0432\u043e \u0438\u0441\u043f\u043e\u043b\u044c\u0437\u0443\u0435\u0442\u0441\u044f \u043f\u043e\u0441\u043b\u0435 \u044d\u0442\u0430\u043f\u0430 \u043e\u0447\u0438\u0449\u0435\u043d\u0438\u044f (\u0443\u043c\u044b\u0432\u0430\u043d\u0438\u044f) \u0438 \u043d\u0435 \u0442\u0440\u0435\u0431\u0443\u0435\u0442 \u0441\u043c\u044b\u0432\u0430\u043d\u0438\u044f.<\/p>\n<p>Deep Vita C, \u0432\u044b\u043f\u043e\u043b\u043d\u0435\u043d\u043e 13 \u0441\u0430\u043c\u043e\u0442\u0435\u0441\u0442\u0438\u0440\u043e\u0432\u0430\u043d\u0438\u0439 (4 \u043d\u0435\u0434\u0435\u043b\u0438)<\/p>\n<ul>\n<li>Tum\u0161ie plankumi un plankumi &#8211; uzlabojums par 5,6%<\/li>\n<li>\u0421\u0438\u044f\u043d\u0438\u0435 \u043a\u043e\u0436\u0438 - \u0443\u043b\u0443\u0447\u0448\u0435\u043d\u0438\u0435 \u043d\u0430 8,8%<\/li>\n<li>\u0423\u0432\u043b\u0430\u0436\u043d\u0435\u043d\u0438\u0435 \u043a\u043e\u0436\u0438 - \u0443\u043b\u0443\u0447\u0448\u0435\u043d\u0438\u0435 \u043d\u0430 13,7%.<\/li>\n<li>\u0412\u043d\u0443\u0442\u0440\u0435\u043d\u043d\u0435\u0435 \u0443\u0432\u043b\u0430\u0436\u043d\u0435\u043d\u0438\u0435 \u043a\u043e\u0436\u0438 - \u0443\u043b\u0443\u0447\u0448\u0435\u043d\u0438\u0435 \u043d\u0430 3,1%.<\/li>\n<li>\u0421\u043e\u0441\u0442\u043e\u044f\u043d\u0438\u0435 \u043e\u043c\u0435\u0440\u0442\u0432\u0435\u0432\u0448\u0435\u0439 \u043a\u043e\u0436\u0438 - 43,5% \u0443\u043b\u0443\u0447\u0448\u0435\u043d\u0438\u0435<\/li>\n<li>\u041c\u0433\u043d\u043e\u0432\u0435\u043d\u043d\u044b\u0439 \u043e\u0445\u043b\u0430\u0436\u0434\u0430\u044e\u0449\u0438\u0439 \u044d\u0444\u0444\u0435\u043a\u0442 - \u0443\u043c\u0435\u043d\u044c\u0448\u0435\u043d\u0438\u0435 \u043d\u0430 4,4'c<\/li>\n<li>\u041f\u043e\u0434\u0442\u044f\u0436\u043a\u0430 \u043b\u0438\u0446\u0430 - \u0443\u043b\u0443\u0447\u0448\u0435\u043d\u0438\u0435 \u043d\u0430 5,5 %<\/li>\n<\/ul>\n<p><strong>\u0421\u043e\u0441\u0442\u0430\u0432<\/strong> Hippophae Rhamnoides Water,\u00a0Water,\u00a0Methyl Gluceth-20,\u00a0Methylpropanediol,\u00a0Niacinamide,\u00a0Glycereth-26,\u00a0Methyl Gluceth-10,\u00a0Polyglycerin-3,\u00a01,2-Hexanediol,\u00a0Gluconolactone,\u00a03-O-Ethyl Ascorbic Acid,\u00a0Ethylhexylglycerin,\u00a0Cymbopogon Martini Oil,\u00a0Citronellal,\u00a0Adenosine,\u00a0Butylene Glycol,\u00a0Disodium EDTA,\u00a0Mentha Viridis Extract,\u00a0Lactobacillus\/Lemon Peel Ferment Extract,\u00a0Geraniol,\u00a0Citronellol,\u00a0Coptis Japonica Extract,\u00a0Cucumis Melo Seed Extract,\u00a0Litsea Cubeba Fruit Oil,\u00a0Pelargonium Graveolens Extract,\u00a0Allantoin,\u00a0Dipotassium Glycyrrhizate,\u00a0Panthenol,\u00a0Sodium Hyaluronate,\u00a0Lactic Acid,\u00a0Glucose,\u00a0Beta-Glucan,\u00a0Linalool,\u00a0Hyaluronic Acid,\u00a0Glycerin,\u00a0Caprylic\/Capric Triglyceride,\u00a0Tocopherol,\u00a0Cetyl Palmitate,\u00a0Ubiquinone,\u00a0Polysorbate 80,\u00a0Sorbitan Stearate,\u00a0Sodium Benzoate,\u00a0Citric Acid,\u00a0Hydrogenated Lecithin,\u00a0Palmitoyl Tripeptide-5,\u00a0Ergothioneine,\u00a0Hesperidin,\u00a0Palmitoyl Tetrapeptide-10<\/p>","protected":false},"excerpt":{"rendered":"<p>\u041e\u0441\u0432\u0435\u0442\u043b\u044f\u044e\u0449\u0438\u0435 \u043f\u044d\u0434\u044b \u0441 \u0432\u0438\u0442\u0430\u043c\u0438\u043d\u043e\u043c \u0421 Medicube Deep Vita C Pad \u0440\u0430\u0437\u0440\u0430\u0431\u043e\u0442\u0430\u043d\u044b \u0434\u043b\u044f \u044d\u0444\u0444\u0435\u043a\u0442\u0438\u0432\u043d\u043e\u0439 \u0431\u043e\u0440\u044c\u0431\u044b \u0441 \u043f\u0438\u0433\u043c\u0435\u043d\u0442\u0430\u0446\u0438\u0435\u0439, \u043f\u043e\u0441\u0442\u0430\u043a\u043d\u0435 \u0438 \u0434\u0440\u0443\u0433\u0438\u043c\u0438 \u043d\u0435\u0441\u043e\u0432\u0435\u0440\u0448\u0435\u043d\u0441\u0442\u0432\u0430\u043c\u0438 \u043a\u043e\u0436\u0438.<\/p>","protected":false},"featured_media":21378,"comment_status":"open","ping_status":"closed","template":"","meta":{"site-sidebar-layout":"default","site-content-layout":"","ast-site-content-layout":"default","site-content-style":"default","site-sidebar-style":"default","ast-global-header-display":"","ast-banner-title-visibility":"","ast-main-header-display":"","ast-hfb-above-header-display":"","ast-hfb-below-header-display":"","ast-hfb-mobile-header-display":"","site-post-title":"","ast-breadcrumbs-content":"","ast-featured-img":"","footer-sml-layout":"","theme-transparent-header-meta":"default","adv-header-id-meta":"","stick-header-meta":"","header-above-stick-meta":"","header-main-stick-meta":"","header-below-stick-meta":"","astra-migrate-meta-layouts":"set","ast-page-background-enabled":"default","ast-page-background-meta":{"desktop":{"background-color":"var(--ast-global-color-4)","background-image":"","background-repeat":"repeat","background-position":"center center","background-size":"auto","background-attachment":"scroll","background-type":"","background-media":"","overlay-type":"","overlay-color":"","overlay-opacity":"","overlay-gradient":""},"tablet":{"background-color":"","background-image":"","background-repeat":"repeat","background-position":"center center","background-size":"auto","background-attachment":"scroll","background-type":"","background-media":"","overlay-type":"","overlay-color":"","overlay-opacity":"","overlay-gradient":""},"mobile":{"background-color":"","background-image":"","background-repeat":"repeat","background-position":"center center","background-size":"auto","background-attachment":"scroll","background-type":"","background-media":"","overlay-type":"","overlay-color":"","overlay-opacity":"","overlay-gradient":""}},"ast-content-background-meta":{"desktop":{"background-color":"var(--ast-global-color-5)","background-image":"","background-repeat":"repeat","background-position":"center center","background-size":"auto","background-attachment":"scroll","background-type":"","background-media":"","overlay-type":"","overlay-color":"","overlay-opacity":"","overlay-gradient":""},"tablet":{"background-color":"var(--ast-global-color-5)","background-image":"","background-repeat":"repeat","background-position":"center center","background-size":"auto","background-attachment":"scroll","background-type":"","background-media":"","overlay-type":"","overlay-color":"","overlay-opacity":"","overlay-gradient":""},"mobile":{"background-color":"var(--ast-global-color-5)","background-image":"","background-repeat":"repeat","background-position":"center center","background-size":"auto","background-attachment":"scroll","background-type":"","background-media":"","overlay-type":"","overlay-color":"","overlay-opacity":"","overlay-gradient":""}}},"product_brand":[],"product_cat":[511,375,670,328,377,378,364,376],"product_tag":[],"berocket_brand":[579],"class_list":{"0":"post-21377","1":"product","2":"type-product","3":"status-publish","4":"has-post-thumbnail","6":"product_cat-atlaides","7":"product_cat-jutigai-adai-toneri","8":"product_cat-pilinga-diski","9":"product_cat-pilingi-un-skrubji","10":"product_cat-problematiskai-adai-toneri","11":"product_cat-sausai-adai-toneri","12":"product_cat-toneri","13":"product_cat-kombinetai-adai-toneri","14":"berocket_brand-medicube","15":"desktop-align-left","16":"tablet-align-left","17":"mobile-align-left","19":"first","20":"instock","21":"sale","22":"featured","23":"taxable","24":"shipping-taxable","25":"purchasable","26":"product-type-simple","27":"add-to-wishlist-before_image"},"yoast_head":"<!-- This site is optimized with the Yoast SEO plugin v27.4 - https:\/\/yoast.com\/product\/yoast-seo-wordpress\/ -->\n<title>Medicube Deep Vita C Pad 70psc - FACECORNER<\/title>\n<meta name=\"description\" content=\"Medicube Deep Vita C Pad izgaismojo\u0161ie spilventi\u0146i ir paredz\u0113ti efekt\u012bvai c\u012b\u0146ai ar pigment\u0101ciju, pinn\u0113m un cit\u0101m \u0101das nepiln\u012bb\u0101m.\" \/>\n<meta name=\"robots\" content=\"index, follow, max-snippet:-1, max-image-preview:large, max-video-preview:-1\" \/>\n<link rel=\"canonical\" href=\"https:\/\/www.facecorner.lv\/ru\/shop\/medicube-deep-vita-c-pad-70-ea\/\" \/>\n<meta property=\"og:locale\" content=\"ru_RU\" \/>\n<meta property=\"og:type\" content=\"article\" \/>\n<meta property=\"og:title\" content=\"Medicube Deep Vita C Pad 70psc - FACECORNER\" \/>\n<meta property=\"og:description\" content=\"Medicube Deep Vita C Pad izgaismojo\u0161ie spilventi\u0146i ir paredz\u0113ti efekt\u012bvai c\u012b\u0146ai ar pigment\u0101ciju, pinn\u0113m un cit\u0101m \u0101das nepiln\u012bb\u0101m.\" \/>\n<meta property=\"og:url\" content=\"https:\/\/www.facecorner.lv\/ru\/shop\/medicube-deep-vita-c-pad-70-ea\/\" \/>\n<meta property=\"og:site_name\" content=\"FACECORNER\" \/>\n<meta property=\"article:publisher\" content=\"https:\/\/www.facebook.com\/profile.php?id=100063824551839\" \/>\n<meta property=\"article:modified_time\" content=\"2026-05-08T19:56:04+00:00\" \/>\n<meta property=\"og:image\" content=\"https:\/\/www.facecorner.lv\/wp-content\/uploads\/2024\/10\/71Uw96LWArL.jpg\" \/>\n\t<meta property=\"og:image:width\" content=\"2000\" \/>\n\t<meta property=\"og:image:height\" content=\"2000\" \/>\n\t<meta property=\"og:image:type\" content=\"image\/jpeg\" \/>\n<meta name=\"twitter:card\" content=\"summary_large_image\" \/>\n<meta name=\"twitter:label1\" content=\"\u0426\u0435\u043d\u0430\" \/>\n\t<meta name=\"twitter:data1\" content=\"&euro;35.00\" \/>\n\t<meta name=\"twitter:label2\" content=\"\u0414\u043e\u0441\u0442\u0443\u043f\u043d\u043e\u0441\u0442\u044c\" \/>\n\t<meta name=\"twitter:data2\" content=\"\u0412 \u043d\u0430\u043b\u0438\u0447\u0438\u0438\" \/>\n<script type=\"application\/ld+json\" class=\"yoast-schema-graph\">{\"@context\":\"https:\\\/\\\/schema.org\",\"@graph\":[{\"@type\":\"WebPage\",\"@id\":\"https:\\\/\\\/www.facecorner.lv\\\/shop\\\/medicube-deep-vita-c-pad-70-ea\\\/\",\"url\":\"https:\\\/\\\/www.facecorner.lv\\\/shop\\\/medicube-deep-vita-c-pad-70-ea\\\/\",\"name\":\"Medicube Deep Vita C Pad 70psc - FACECORNER\",\"isPartOf\":{\"@id\":\"https:\\\/\\\/www.facecorner.lv\\\/#website\"},\"primaryImageOfPage\":{\"@id\":\"https:\\\/\\\/www.facecorner.lv\\\/shop\\\/medicube-deep-vita-c-pad-70-ea\\\/#primaryimage\"},\"image\":{\"@id\":\"https:\\\/\\\/www.facecorner.lv\\\/shop\\\/medicube-deep-vita-c-pad-70-ea\\\/#primaryimage\"},\"thumbnailUrl\":\"https:\\\/\\\/www.facecorner.lv\\\/wp-content\\\/uploads\\\/2024\\\/10\\\/71Uw96LWArL.jpg\",\"datePublished\":\"2024-10-23T17:24:17+00:00\",\"dateModified\":\"2026-05-08T19:56:04+00:00\",\"description\":\"Medicube Deep Vita C Pad izgaismojo\u0161ie spilventi\u0146i ir paredz\u0113ti efekt\u012bvai c\u012b\u0146ai ar pigment\u0101ciju, pinn\u0113m un cit\u0101m \u0101das nepiln\u012bb\u0101m.\",\"breadcrumb\":{\"@id\":\"https:\\\/\\\/www.facecorner.lv\\\/shop\\\/medicube-deep-vita-c-pad-70-ea\\\/#breadcrumb\"},\"inLanguage\":\"ru-RU\",\"potentialAction\":[{\"@type\":\"ReadAction\",\"target\":[\"https:\\\/\\\/www.facecorner.lv\\\/shop\\\/medicube-deep-vita-c-pad-70-ea\\\/\"]}]},{\"@type\":\"ImageObject\",\"inLanguage\":\"ru-RU\",\"@id\":\"https:\\\/\\\/www.facecorner.lv\\\/shop\\\/medicube-deep-vita-c-pad-70-ea\\\/#primaryimage\",\"url\":\"https:\\\/\\\/www.facecorner.lv\\\/wp-content\\\/uploads\\\/2024\\\/10\\\/71Uw96LWArL.jpg\",\"contentUrl\":\"https:\\\/\\\/www.facecorner.lv\\\/wp-content\\\/uploads\\\/2024\\\/10\\\/71Uw96LWArL.jpg\",\"width\":2000,\"height\":2000,\"caption\":\"Version 1.0.0\"},{\"@type\":\"BreadcrumbList\",\"@id\":\"https:\\\/\\\/www.facecorner.lv\\\/shop\\\/medicube-deep-vita-c-pad-70-ea\\\/#breadcrumb\",\"itemListElement\":[{\"@type\":\"ListItem\",\"position\":1,\"name\":\"Home\",\"item\":\"https:\\\/\\\/www.facecorner.lv\\\/\"},{\"@type\":\"ListItem\",\"position\":2,\"name\":\"Veikals\",\"item\":\"https:\\\/\\\/www.facecorner.lv\\\/shop\\\/\"},{\"@type\":\"ListItem\",\"position\":3,\"name\":\"Medicube Deep Vita C Pad 70psc\"}]},{\"@type\":\"WebSite\",\"@id\":\"https:\\\/\\\/www.facecorner.lv\\\/#website\",\"url\":\"https:\\\/\\\/www.facecorner.lv\\\/\",\"name\":\"Facecorner\",\"description\":\"\",\"publisher\":{\"@id\":\"https:\\\/\\\/www.facecorner.lv\\\/#organization\"},\"potentialAction\":[{\"@type\":\"SearchAction\",\"target\":{\"@type\":\"EntryPoint\",\"urlTemplate\":\"https:\\\/\\\/www.facecorner.lv\\\/?s={search_term_string}\"},\"query-input\":{\"@type\":\"PropertyValueSpecification\",\"valueRequired\":true,\"valueName\":\"search_term_string\"}}],\"inLanguage\":\"ru-RU\"},{\"@type\":\"Organization\",\"@id\":\"https:\\\/\\\/www.facecorner.lv\\\/#organization\",\"name\":\"Facecorner\",\"url\":\"https:\\\/\\\/www.facecorner.lv\\\/\",\"logo\":{\"@type\":\"ImageObject\",\"inLanguage\":\"ru-RU\",\"@id\":\"https:\\\/\\\/www.facecorner.lv\\\/#\\\/schema\\\/logo\\\/image\\\/\",\"url\":\"https:\\\/\\\/www.facecorner.lv\\\/wp-content\\\/uploads\\\/2024\\\/04\\\/fc-logo.jpg\",\"contentUrl\":\"https:\\\/\\\/www.facecorner.lv\\\/wp-content\\\/uploads\\\/2024\\\/04\\\/fc-logo.jpg\",\"width\":174,\"height\":28,\"caption\":\"Facecorner\"},\"image\":{\"@id\":\"https:\\\/\\\/www.facecorner.lv\\\/#\\\/schema\\\/logo\\\/image\\\/\"},\"sameAs\":[\"https:\\\/\\\/www.facebook.com\\\/profile.php?id=100063824551839\",\"https:\\\/\\\/www.instagram.com\\\/facecorner_shop\\\/\"]}]}<\/script>\n<meta property=\"product:price:amount\" content=\"35.00\" \/>\n<meta property=\"product:price:currency\" content=\"EUR\" \/>\n<meta property=\"og:availability\" content=\"instock\" \/>\n<meta property=\"product:availability\" content=\"instock\" \/>\n<meta property=\"product:condition\" content=\"new\" \/>\n<!-- \/ Yoast SEO plugin. -->","yoast_head_json":{"title":"Medicube Deep Vita C Pad 70psc - FACECORNER","description":"\u041e\u0441\u0432\u0435\u0442\u043b\u044f\u044e\u0449\u0438\u0435 \u043f\u044d\u0434\u044b \u0441 \u0432\u0438\u0442\u0430\u043c\u0438\u043d\u043e\u043c \u0421 Medicube Deep Vita C Pad \u0440\u0430\u0437\u0440\u0430\u0431\u043e\u0442\u0430\u043d\u044b \u0434\u043b\u044f \u044d\u0444\u0444\u0435\u043a\u0442\u0438\u0432\u043d\u043e\u0439 \u0431\u043e\u0440\u044c\u0431\u044b \u0441 \u043f\u0438\u0433\u043c\u0435\u043d\u0442\u0430\u0446\u0438\u0435\u0439, \u043f\u043e\u0441\u0442\u0430\u043a\u043d\u0435 \u0438 \u0434\u0440\u0443\u0433\u0438\u043c\u0438 \u043d\u0435\u0441\u043e\u0432\u0435\u0440\u0448\u0435\u043d\u0441\u0442\u0432\u0430\u043c\u0438 \u043a\u043e\u0436\u0438.","robots":{"index":"index","follow":"follow","max-snippet":"max-snippet:-1","max-image-preview":"max-image-preview:large","max-video-preview":"max-video-preview:-1"},"canonical":"https:\/\/www.facecorner.lv\/ru\/shop\/medicube-deep-vita-c-pad-70-ea\/","og_locale":"ru_RU","og_type":"article","og_title":"Medicube Deep Vita C Pad 70psc - FACECORNER","og_description":"Medicube Deep Vita C Pad izgaismojo\u0161ie spilventi\u0146i ir paredz\u0113ti efekt\u012bvai c\u012b\u0146ai ar pigment\u0101ciju, pinn\u0113m un cit\u0101m \u0101das nepiln\u012bb\u0101m.","og_url":"https:\/\/www.facecorner.lv\/ru\/shop\/medicube-deep-vita-c-pad-70-ea\/","og_site_name":"FACECORNER","article_publisher":"https:\/\/www.facebook.com\/profile.php?id=100063824551839","article_modified_time":"2026-05-08T19:56:04+00:00","og_image":[{"width":2000,"height":2000,"url":"https:\/\/www.facecorner.lv\/wp-content\/uploads\/2024\/10\/71Uw96LWArL.jpg","type":"image\/jpeg"}],"twitter_card":"summary_large_image","twitter_misc":{"\u0426\u0435\u043d\u0430":"&euro;35.00","\u0414\u043e\u0441\u0442\u0443\u043f\u043d\u043e\u0441\u0442\u044c":"\u0412 \u043d\u0430\u043b\u0438\u0447\u0438\u0438"},"schema":{"@context":"https:\/\/schema.org","@graph":[{"@type":"WebPage","@id":"https:\/\/www.facecorner.lv\/shop\/medicube-deep-vita-c-pad-70-ea\/","url":"https:\/\/www.facecorner.lv\/shop\/medicube-deep-vita-c-pad-70-ea\/","name":"Medicube Deep Vita C Pad 70psc - FACECORNER","isPartOf":{"@id":"https:\/\/www.facecorner.lv\/#website"},"primaryImageOfPage":{"@id":"https:\/\/www.facecorner.lv\/shop\/medicube-deep-vita-c-pad-70-ea\/#primaryimage"},"image":{"@id":"https:\/\/www.facecorner.lv\/shop\/medicube-deep-vita-c-pad-70-ea\/#primaryimage"},"thumbnailUrl":"https:\/\/www.facecorner.lv\/wp-content\/uploads\/2024\/10\/71Uw96LWArL.jpg","datePublished":"2024-10-23T17:24:17+00:00","dateModified":"2026-05-08T19:56:04+00:00","description":"\u041e\u0441\u0432\u0435\u0442\u043b\u044f\u044e\u0449\u0438\u0435 \u043f\u044d\u0434\u044b \u0441 \u0432\u0438\u0442\u0430\u043c\u0438\u043d\u043e\u043c \u0421 Medicube Deep Vita C Pad \u0440\u0430\u0437\u0440\u0430\u0431\u043e\u0442\u0430\u043d\u044b \u0434\u043b\u044f \u044d\u0444\u0444\u0435\u043a\u0442\u0438\u0432\u043d\u043e\u0439 \u0431\u043e\u0440\u044c\u0431\u044b \u0441 \u043f\u0438\u0433\u043c\u0435\u043d\u0442\u0430\u0446\u0438\u0435\u0439, \u043f\u043e\u0441\u0442\u0430\u043a\u043d\u0435 \u0438 \u0434\u0440\u0443\u0433\u0438\u043c\u0438 \u043d\u0435\u0441\u043e\u0432\u0435\u0440\u0448\u0435\u043d\u0441\u0442\u0432\u0430\u043c\u0438 \u043a\u043e\u0436\u0438.","breadcrumb":{"@id":"https:\/\/www.facecorner.lv\/shop\/medicube-deep-vita-c-pad-70-ea\/#breadcrumb"},"inLanguage":"ru-RU","potentialAction":[{"@type":"ReadAction","target":["https:\/\/www.facecorner.lv\/shop\/medicube-deep-vita-c-pad-70-ea\/"]}]},{"@type":"ImageObject","inLanguage":"ru-RU","@id":"https:\/\/www.facecorner.lv\/shop\/medicube-deep-vita-c-pad-70-ea\/#primaryimage","url":"https:\/\/www.facecorner.lv\/wp-content\/uploads\/2024\/10\/71Uw96LWArL.jpg","contentUrl":"https:\/\/www.facecorner.lv\/wp-content\/uploads\/2024\/10\/71Uw96LWArL.jpg","width":2000,"height":2000,"caption":"Version 1.0.0"},{"@type":"BreadcrumbList","@id":"https:\/\/www.facecorner.lv\/shop\/medicube-deep-vita-c-pad-70-ea\/#breadcrumb","itemListElement":[{"@type":"ListItem","position":1,"name":"Home","item":"https:\/\/www.facecorner.lv\/"},{"@type":"ListItem","position":2,"name":"Veikals","item":"https:\/\/www.facecorner.lv\/shop\/"},{"@type":"ListItem","position":3,"name":"Medicube Deep Vita C Pad 70psc"}]},{"@type":"WebSite","@id":"https:\/\/www.facecorner.lv\/#website","url":"https:\/\/www.facecorner.lv\/","name":"Facecorner","description":"","publisher":{"@id":"https:\/\/www.facecorner.lv\/#organization"},"potentialAction":[{"@type":"SearchAction","target":{"@type":"EntryPoint","urlTemplate":"https:\/\/www.facecorner.lv\/?s={search_term_string}"},"query-input":{"@type":"PropertyValueSpecification","valueRequired":true,"valueName":"search_term_string"}}],"inLanguage":"ru-RU"},{"@type":"Organization","@id":"https:\/\/www.facecorner.lv\/#organization","name":"Facecorner","url":"https:\/\/www.facecorner.lv\/","logo":{"@type":"ImageObject","inLanguage":"ru-RU","@id":"https:\/\/www.facecorner.lv\/#\/schema\/logo\/image\/","url":"https:\/\/www.facecorner.lv\/wp-content\/uploads\/2024\/04\/fc-logo.jpg","contentUrl":"https:\/\/www.facecorner.lv\/wp-content\/uploads\/2024\/04\/fc-logo.jpg","width":174,"height":28,"caption":"Facecorner"},"image":{"@id":"https:\/\/www.facecorner.lv\/#\/schema\/logo\/image\/"},"sameAs":["https:\/\/www.facebook.com\/profile.php?id=100063824551839","https:\/\/www.instagram.com\/facecorner_shop\/"]}]},"product_price_amount":"35.00","product_price_currency":"EUR","og_availability":"instock","product_availability":"instock","product_condition":"new"},"_links":{"self":[{"href":"https:\/\/www.facecorner.lv\/ru\/wp-json\/wp\/v2\/product\/21377","targetHints":{"allow":["GET"]}}],"collection":[{"href":"https:\/\/www.facecorner.lv\/ru\/wp-json\/wp\/v2\/product"}],"about":[{"href":"https:\/\/www.facecorner.lv\/ru\/wp-json\/wp\/v2\/types\/product"}],"replies":[{"embeddable":true,"href":"https:\/\/www.facecorner.lv\/ru\/wp-json\/wp\/v2\/comments?post=21377"}],"wp:featuredmedia":[{"embeddable":true,"href":"https:\/\/www.facecorner.lv\/ru\/wp-json\/wp\/v2\/media\/21378"}],"wp:attachment":[{"href":"https:\/\/www.facecorner.lv\/ru\/wp-json\/wp\/v2\/media?parent=21377"}],"wp:term":[{"taxonomy":"product_brand","embeddable":true,"href":"https:\/\/www.facecorner.lv\/ru\/wp-json\/wp\/v2\/product_brand?post=21377"},{"taxonomy":"product_cat","embeddable":true,"href":"https:\/\/www.facecorner.lv\/ru\/wp-json\/wp\/v2\/product_cat?post=21377"},{"taxonomy":"product_tag","embeddable":true,"href":"https:\/\/www.facecorner.lv\/ru\/wp-json\/wp\/v2\/product_tag?post=21377"},{"taxonomy":"berocket_brand","embeddable":true,"href":"https:\/\/www.facecorner.lv\/ru\/wp-json\/wp\/v2\/berocket_brand?post=21377"}],"curies":[{"name":"wp","href":"https:\/\/api.w.org\/{rel}","templated":true}]}}