{"id":21355,"date":"2024-10-21T20:40:23","date_gmt":"2024-10-21T17:40:23","guid":{"rendered":"https:\/\/www.facecorner.lv\/?post_type=product&#038;p=21355"},"modified":"2025-10-07T13:01:11","modified_gmt":"2025-10-07T10:01:11","slug":"vt-cosmetics-reedle-shot-100-2-step-mask","status":"publish","type":"product","link":"https:\/\/www.facecorner.lv\/ru\/shop\/vt-cosmetics-reedle-shot-100-2-step-mask\/","title":{"rendered":"VT COSMETICS  Reedle Shot 100\/300 2 Step Mask"},"content":{"rendered":"<p>\u0414\u0432\u0443\u0445\u0444\u0430\u0437\u043d\u0430\u044f, \u0438\u043d\u043d\u043e\u0432\u0430\u0446\u0438\u043e\u043d\u043d\u0430\u044f \u0443\u0432\u043b\u0430\u0436\u043d\u044f\u044e\u0449\u0430\u044f \u043c\u0430\u0441\u043a\u0430 \u0434\u043b\u044f \u043b\u0438\u0446\u0430 VT COSMETICS  Reedle Shot 100 2 Step Mask \u0434\u043b\u044f \u0432\u0435\u0447\u0435\u0440\u043d\u0435\u0433\u043e \u0443\u0445\u043e\u0434\u0430 \u043c\u0430\u043a\u0441\u0438\u043c\u0430\u043b\u044c\u043d\u043e \u0433\u043b\u0443\u0431\u043e\u043a\u043e \u043f\u0440\u043e\u043d\u0438\u043a\u0430\u0435\u0442 \u0432 \u043a\u043e\u0436\u0443, \u0443\u043b\u0443\u0447\u0448\u0430\u0435\u0442 \u0435\u0435 \u0442\u0435\u043a\u0441\u0442\u0443\u0440\u0443, \u0441\u043e\u043a\u0440\u0430\u0449\u0430\u0435\u0442 \u0440\u0430\u0441\u0448\u0438\u0440\u0435\u043d\u043d\u044b\u0435 \u043f\u043e\u0440\u044b, \u043e\u043c\u043e\u043b\u0430\u0436\u0438\u0432\u0430\u0435\u0442, \u0438\u043d\u0442\u0435\u043d\u0441\u0438\u0432\u043d\u043e \u0443\u0432\u043b\u0430\u0436\u043d\u044f\u0435\u0442 \u0438 \u0443\u0441\u043f\u043e\u043a\u0430\u0438\u0432\u0430\u0435\u0442, \u043f\u043e\u0432\u044b\u0448\u0430\u0435\u0442 \u0443\u043f\u0440\u0443\u0433\u043e\u0441\u0442\u044c \u0438 \u044d\u043b\u0430\u0441\u0442\u0438\u0447\u043d\u043e\u0441\u0442\u044c, \u0443\u0441\u0442\u0440\u0430\u043d\u044f\u0435\u0442 \u0441\u0443\u0445\u043e\u0441\u0442\u044c \u0438 \u0448\u0435\u043b\u0443\u0448\u0435\u043d\u0438\u044f, \u0441\u043c\u044f\u0433\u0447\u0430\u0435\u0442, \u0432\u043e\u0441\u0441\u0442\u0430\u043d\u0430\u0432\u043b\u0438\u0432\u0430\u0435\u0442 \u0438 \u0441\u043e\u0445\u0440\u0430\u043d\u044f\u0435\u0442 \u0437\u0430\u0449\u0438\u0442\u043d\u044b\u0439 \u0431\u0430\u0440\u044c\u0435\u0440.<\/p>\n<p>\u041f\u0435\u0440\u0432\u044b\u0439 \u044d\u0442\u0430\u043f \u0441\u043e\u0434\u0435\u0440\u0436\u0438\u0442 \u0432\u044b\u0441\u043e\u043a\u043e\u043d\u0446\u0435\u043d\u0442\u0440\u0438\u0440\u043e\u0432\u0430\u043d\u043d\u0443\u044e \u0430\u043c\u043f\u0443\u043b\u0443 Reedle Shot 100 \u0434\u043b\u044f \u043c\u0430\u043a\u0441\u0438\u043c\u0430\u043b\u044c\u043d\u043e\u0433\u043e \u0443\u0432\u043b\u0430\u0436\u043d\u0435\u043d\u0438\u044f \u0438 \u0443\u0441\u043f\u043e\u043a\u043e\u0435\u043d\u0438\u044f \u043a\u043e\u0436\u0438, \u0438 \u0441\u0443\u0436\u0435\u043d\u0438\u044f \u043f\u043e\u0440. \u041e\u043d\u0430 \u0440\u0430\u0431\u043e\u0442\u0430\u0435\u0442 \u043d\u0430 \u043e\u0441\u043d\u043e\u0432\u0435 \u0438\u043d\u043d\u043e\u0432\u0430\u0446\u0438\u043e\u043d\u043d\u043e\u0439 \u0442\u0435\u0445\u043d\u043e\u043b\u043e\u0433\u0438\u0438 Cica Reedle\u2122, \u043a\u043e\u0442\u043e\u0440\u0430\u044f \u0438\u043c\u0438\u0442\u0438\u0440\u0443\u0435\u0442 \u043c\u0438\u043a\u0440\u043e\u0438\u0433\u043e\u043b\u044c\u0447\u0430\u0442\u0443\u044e \u043e\u0431\u0440\u0430\u0431\u043e\u0442\u043a\u0443 \u043a\u043e\u0436\u0438 \u0434\u043b\u044f \u0434\u043e\u0441\u0442\u0430\u0432\u043a\u0438 \u043d\u0438\u0437\u043a\u043e\u043c\u043e\u043b\u0435\u043a\u0443\u043b\u044f\u0440\u043d\u044b\u0445 \u0430\u043a\u0442\u0438\u0432\u043d\u044b\u0445 \u0438\u043d\u0433\u0440\u0435\u0434\u0438\u0435\u043d\u0442\u043e\u0432 \u0433\u043b\u0443\u0431\u043e\u043a\u043e \u0432 \u043a\u043e\u0436\u0443.<\/p>\n<p>\u0412\u0442\u043e\u0440\u043e\u0439 \u044d\u0442\u0430\u043f \u043c\u0430\u0441\u043a\u0438 \u0432\u043a\u043b\u044e\u0447\u0430\u0435\u0442 \u0432 \u0441\u0435\u0431\u044f \u0442\u043a\u0430\u043d\u0435\u0432\u0443\u044e \u043c\u0430\u0441\u043a\u0443 Reedle Shot Balance Mask, \u043a\u043e\u0442\u043e\u0440\u0430\u044f \u0443\u0434\u0435\u0440\u0436\u0438\u0432\u0430\u0435\u0442 \u0432\u043b\u0430\u0433\u0443 \u0432 \u043a\u043e\u0436\u0435 \u0438 \u0443\u0441\u0438\u043b\u0438\u0432\u0430\u0435\u0442 \u044d\u0444\u0444\u0435\u043a\u0442\u0438\u0432\u043d\u043e\u0441\u0442\u044c \u0430\u043c\u043f\u0443\u043b\u044b. \u041f\u0440\u0438 \u0438\u0441\u043f\u043e\u043b\u044c\u0437\u043e\u0432\u0430\u043d\u0438\u0438 \u043c\u043e\u0436\u0435\u0442 \u0431\u044b\u0442\u044c \u043e\u0449\u0443\u0449\u0435\u043d\u0438\u0435 \u043b\u0435\u0433\u043a\u043e\u0433\u043e \u043f\u043e\u043a\u0430\u043b\u044b\u0432\u0430\u043d\u0438\u044f.<\/p>\n<p><strong>\u0421\u043f\u043e\u0441\u043e\u0431 \u043f\u0440\u0438\u043c\u0435\u043d\u0435\u043d\u0438\u044f:<\/strong>\u041d\u0430\u043d\u0435\u0441\u0438\u0442\u0435 \u043d\u0430 \u0442\u043e\u043d\u0438\u0437\u0438\u0440\u043e\u0432\u0430\u043d\u043d\u0443\u044e \u043a\u043e\u0436\u0443 \u0428\u0430\u0433 1, \u0440\u0430\u0441\u043f\u0440\u0435\u0434\u0435\u043b\u0438\u0442\u0435 \u0440\u0430\u0432\u043d\u043e\u043c\u0435\u0440\u043d\u043e \u0438 \u0434\u0430\u0439\u0442\u0435 \u0432\u043f\u0438\u0442\u0430\u0442\u044c\u0441\u044f. \u041f\u043e\u0441\u043b\u0435 \u044d\u0442\u043e\u0433\u043e \u043d\u0430\u043d\u0435\u0441\u0438\u0442\u0435 \u0428\u0430\u0433 2 \u043d\u0430 10-20 \u043c\u0438\u043d\u0443\u0442. \u0421\u043d\u0438\u043c\u0438\u0442\u0435 \u043c\u0430\u0441\u043a\u0443, \u0432\u0431\u0435\u0439\u0442\u0435 \u043e\u0441\u0442\u0430\u0442\u043a\u0438 \u044d\u0441\u0441\u0435\u043d\u0446\u0438\u0438 \u0432 \u043a\u043e\u0436\u0443, \u043d\u0430\u043d\u0435\u0441\u0438\u0442\u0435 \u043a\u0440\u0435\u043c. \u041f\u0440\u0438 \u043f\u0440\u0438\u043c\u0435\u043d\u0435\u043d\u0438\u0438 \u043f\u0440\u043e\u0434\u0443\u043a\u0442\u0430 \u0438\u0441\u043f\u043e\u043b\u044c\u0437\u0443\u0439\u0442\u0435 \u043a\u0440\u0435\u043c \u0421\u041f\u0424.<\/p>\n<p><strong>\u0421\u043e\u0441\u0442\u0430\u0432<\/strong><\/p>\n<p><em>1<\/em>: Water, Dipropylene Glycol, Glycerin, Niacinamide, Butylene Glycol, Macadamia Ternifolia Seed Oil, 1,2-Hexanediol, Ethylhexyl Palmitate, Sodium Acrylate\/Sodium Acryloyldimethyl Taurate Copolymer, Polyisobutene, Silica, Glycereth-26, Ethylhexylglycerin, Caprylyl Glycol, Adenosine, Sodium Polyacrylate, Sodium Hyaluronate, Centella Asiatica Extract, Caprylyl\/Capryl Glucoside, Sorbitan Oleate, Xanthan Gum, Propolis Extract, Asiaticoside, Madecassoside, Madecassic Acid, Asiatic Acid, Glycine, Serine, Glutamic Acid, Aspartic Acid, Leucine, Alanine, Lysine, Arginine, Tyrosine, Phenylalanine, Threonine, Proline, Valine, Isoleucine, Histidine, Methionine, Cysteine.<\/p>\n<p><em>\u00a02:<\/em>\u00a0Water, Butylene Glycol, Glycerin, Niacinamide, Isopentyldiol, Betaine, Dipropylene Glycol, 1,2-Hexanediol, Hydroxyacetophenone, Sodium Polyacrylate, Hydroxyethyl Acrylate\/Sodium Acryloyldimethyl Taurate Copolymer, Ammonium Acryloyldimethyltaurate\/VP Copolymer, Olea Europaea (Olive) Fruit Oil, Allantoin, Butyrospermum Parkii (Shea) Butter, Caprylic\/Capric Triglyceride, Hydrogenated Lecithin, Squalane, Ethylhexylglycerin, Xanthan Gum, Adenosine, Disodium EDTA, Sorbitan Isostearate, Ceramide NP, Cholesterol, Melaleuca Alternifolia (Tea Tree) Leaf Extract, Phytosphingosine, Centella Asiatica Extract, Oleic Acid, Stearic Acid, Hydrolyzed Collagen, Silica, Sodium Hyaluronate, Tocopherol, Brassica Campestris (Rapeseed) Sterols, Asiaticoside, Asiatic Acid, Madecassic Acid, Madecassoside, Propolis Extract.<\/p>","protected":false},"excerpt":{"rendered":"<p>\u0414\u0432\u0443\u0445\u0444\u0430\u0437\u043d\u0430\u044f, \u0438\u043d\u043d\u043e\u0432\u0430\u0446\u0438\u043e\u043d\u043d\u0430\u044f \u0443\u0432\u043b\u0430\u0436\u043d\u044f\u044e\u0449\u0430\u044f \u043c\u0430\u0441\u043a\u0430 \u0434\u043b\u044f \u043b\u0438\u0446\u0430 VT COSMETICS  Reedle Shot 100 2 Step Mask \u0434\u043b\u044f \u0432\u0435\u0447\u0435\u0440\u043d\u0435\u0433\u043e \u0443\u0445\u043e\u0434\u0430 \u043c\u0430\u043a\u0441\u0438\u043c\u0430\u043b\u044c\u043d\u043e \u0433\u043b\u0443\u0431\u043e\u043a\u043e \u043f\u0440\u043e\u043d\u0438\u043a\u0430\u0435\u0442 \u0432 \u043a\u043e\u0436\u0443, \u0443\u043b\u0443\u0447\u0448\u0430\u0435\u0442 \u0435\u0435 \u0442\u0435\u043a\u0441\u0442\u0443\u0440\u0443, \u0441\u043e\u043a\u0440\u0430\u0449\u0430\u0435\u0442 \u0440\u0430\u0441\u0448\u0438\u0440\u0435\u043d\u043d\u044b\u0435 \u043f\u043e\u0440\u044b, \u043e\u043c\u043e\u043b\u0430\u0436\u0438\u0432\u0430\u0435\u0442, \u0438\u043d\u0442\u0435\u043d\u0441\u0438\u0432\u043d\u043e \u0443\u0432\u043b\u0430\u0436\u043d\u044f\u0435\u0442 \u0438 \u0443\u0441\u043f\u043e\u043a\u0430\u0438\u0432\u0430\u0435\u0442, \u043f\u043e\u0432\u044b\u0448\u0430\u0435\u0442 \u0443\u043f\u0440\u0443\u0433\u043e\u0441\u0442\u044c \u0438 \u044d\u043b\u0430\u0441\u0442\u0438\u0447\u043d\u043e\u0441\u0442\u044c, \u0443\u0441\u0442\u0440\u0430\u043d\u044f\u0435\u0442 \u0441\u0443\u0445\u043e\u0441\u0442\u044c \u0438 \u0448\u0435\u043b\u0443\u0448\u0435\u043d\u0438\u044f, \u0441\u043c\u044f\u0433\u0447\u0430\u0435\u0442, \u0432\u043e\u0441\u0441\u0442\u0430\u043d\u0430\u0432\u043b\u0438\u0432\u0430\u0435\u0442 \u0438 \u0441\u043e\u0445\u0440\u0430\u043d\u044f\u0435\u0442 \u0437\u0430\u0449\u0438\u0442\u043d\u044b\u0439 \u0431\u0430\u0440\u044c\u0435\u0440.<\/p>","protected":false},"featured_media":21356,"comment_status":"open","ping_status":"closed","template":"","meta":{"site-sidebar-layout":"default","site-content-layout":"","ast-site-content-layout":"default","site-content-style":"default","site-sidebar-style":"default","ast-global-header-display":"","ast-banner-title-visibility":"","ast-main-header-display":"","ast-hfb-above-header-display":"","ast-hfb-below-header-display":"","ast-hfb-mobile-header-display":"","site-post-title":"","ast-breadcrumbs-content":"","ast-featured-img":"","footer-sml-layout":"","theme-transparent-header-meta":"default","adv-header-id-meta":"","stick-header-meta":"","header-above-stick-meta":"","header-main-stick-meta":"","header-below-stick-meta":"","astra-migrate-meta-layouts":"set","ast-page-background-enabled":"default","ast-page-background-meta":{"desktop":{"background-color":"var(--ast-global-color-4)","background-image":"","background-repeat":"repeat","background-position":"center center","background-size":"auto","background-attachment":"scroll","background-type":"","background-media":"","overlay-type":"","overlay-color":"","overlay-opacity":"","overlay-gradient":""},"tablet":{"background-color":"","background-image":"","background-repeat":"repeat","background-position":"center center","background-size":"auto","background-attachment":"scroll","background-type":"","background-media":"","overlay-type":"","overlay-color":"","overlay-opacity":"","overlay-gradient":""},"mobile":{"background-color":"","background-image":"","background-repeat":"repeat","background-position":"center center","background-size":"auto","background-attachment":"scroll","background-type":"","background-media":"","overlay-type":"","overlay-color":"","overlay-opacity":"","overlay-gradient":""}},"ast-content-background-meta":{"desktop":{"background-color":"var(--ast-global-color-5)","background-image":"","background-repeat":"repeat","background-position":"center center","background-size":"auto","background-attachment":"scroll","background-type":"","background-media":"","overlay-type":"","overlay-color":"","overlay-opacity":"","overlay-gradient":""},"tablet":{"background-color":"var(--ast-global-color-5)","background-image":"","background-repeat":"repeat","background-position":"center center","background-size":"auto","background-attachment":"scroll","background-type":"","background-media":"","overlay-type":"","overlay-color":"","overlay-opacity":"","overlay-gradient":""},"mobile":{"background-color":"var(--ast-global-color-5)","background-image":"","background-repeat":"repeat","background-position":"center center","background-size":"auto","background-attachment":"scroll","background-type":"","background-media":"","overlay-type":"","overlay-color":"","overlay-opacity":"","overlay-gradient":""}}},"product_brand":[],"product_cat":[324,315],"product_tag":[],"berocket_brand":[582],"class_list":{"0":"post-21355","1":"product","2":"type-product","3":"status-publish","4":"has-post-thumbnail","6":"product_cat-auduma","7":"product_cat-maskas","8":"berocket_brand-vt","9":"desktop-align-left","10":"tablet-align-left","11":"mobile-align-left","13":"first","14":"instock","15":"taxable","16":"shipping-taxable","17":"purchasable","18":"product-type-variable","19":"add-to-wishlist-before_image"},"yoast_head":"<!-- This site is optimized with the Yoast SEO plugin v27.4 - https:\/\/yoast.com\/product\/yoast-seo-wordpress\/ -->\n<title>VT COSMETICS Reedle Shot 100\/300 2 Step Mask - FACECORNER<\/title>\n<meta name=\"description\" content=\"Divu f\u0101\u017eu inovat\u012bv\u0101 mitrino\u0161\u0101 VT COSMETICS Reedle Shot 100 2 Step Mask vakara kop\u0161anai iek\u013c\u016bst \u0101d\u0101 p\u0113c iesp\u0113jas dzi\u013c\u0101k, uzlabo t\u0101s strukt\u016bru\" \/>\n<meta name=\"robots\" content=\"index, follow, max-snippet:-1, max-image-preview:large, max-video-preview:-1\" \/>\n<link rel=\"canonical\" href=\"https:\/\/www.facecorner.lv\/ru\/shop\/vt-cosmetics-reedle-shot-100-2-step-mask\/\" \/>\n<meta property=\"og:locale\" content=\"ru_RU\" \/>\n<meta property=\"og:type\" content=\"article\" \/>\n<meta property=\"og:title\" content=\"VT COSMETICS Reedle Shot 100\/300 2 Step Mask - FACECORNER\" \/>\n<meta property=\"og:description\" content=\"Divu f\u0101\u017eu inovat\u012bv\u0101 mitrino\u0161\u0101 VT COSMETICS Reedle Shot 100 2 Step Mask vakara kop\u0161anai iek\u013c\u016bst \u0101d\u0101 p\u0113c iesp\u0113jas dzi\u013c\u0101k, uzlabo t\u0101s strukt\u016bru\" \/>\n<meta property=\"og:url\" content=\"https:\/\/www.facecorner.lv\/ru\/shop\/vt-cosmetics-reedle-shot-100-2-step-mask\/\" \/>\n<meta property=\"og:site_name\" content=\"FACECORNER\" \/>\n<meta property=\"article:publisher\" content=\"https:\/\/www.facebook.com\/profile.php?id=100063824551839\" \/>\n<meta property=\"article:modified_time\" content=\"2025-10-07T10:01:11+00:00\" \/>\n<meta name=\"twitter:card\" content=\"summary_large_image\" \/>\n<meta name=\"twitter:label1\" content=\"\u0414\u043e\u0441\u0442\u0443\u043f\u043d\u043e\u0441\u0442\u044c\" \/>\n\t<meta name=\"twitter:data1\" content=\"\u0412 \u043d\u0430\u043b\u0438\u0447\u0438\u0438\" \/>\n<script type=\"application\/ld+json\" class=\"yoast-schema-graph\">{\"@context\":\"https:\\\/\\\/schema.org\",\"@graph\":[{\"@type\":\"WebPage\",\"@id\":\"https:\\\/\\\/www.facecorner.lv\\\/shop\\\/vt-cosmetics-reedle-shot-100-2-step-mask\\\/\",\"url\":\"https:\\\/\\\/www.facecorner.lv\\\/shop\\\/vt-cosmetics-reedle-shot-100-2-step-mask\\\/\",\"name\":\"VT COSMETICS Reedle Shot 100\\\/300 2 Step Mask - FACECORNER\",\"isPartOf\":{\"@id\":\"https:\\\/\\\/www.facecorner.lv\\\/#website\"},\"primaryImageOfPage\":{\"@id\":\"https:\\\/\\\/www.facecorner.lv\\\/shop\\\/vt-cosmetics-reedle-shot-100-2-step-mask\\\/#primaryimage\"},\"image\":{\"@id\":\"https:\\\/\\\/www.facecorner.lv\\\/shop\\\/vt-cosmetics-reedle-shot-100-2-step-mask\\\/#primaryimage\"},\"thumbnailUrl\":\"https:\\\/\\\/www.facecorner.lv\\\/wp-content\\\/uploads\\\/2024\\\/10\\\/530320_1.avif\",\"datePublished\":\"2024-10-21T17:40:23+00:00\",\"dateModified\":\"2025-10-07T10:01:11+00:00\",\"description\":\"Divu f\u0101\u017eu inovat\u012bv\u0101 mitrino\u0161\u0101 VT COSMETICS Reedle Shot 100 2 Step Mask vakara kop\u0161anai iek\u013c\u016bst \u0101d\u0101 p\u0113c iesp\u0113jas dzi\u013c\u0101k, uzlabo t\u0101s strukt\u016bru\",\"breadcrumb\":{\"@id\":\"https:\\\/\\\/www.facecorner.lv\\\/shop\\\/vt-cosmetics-reedle-shot-100-2-step-mask\\\/#breadcrumb\"},\"inLanguage\":\"ru-RU\",\"potentialAction\":[{\"@type\":\"ReadAction\",\"target\":[\"https:\\\/\\\/www.facecorner.lv\\\/shop\\\/vt-cosmetics-reedle-shot-100-2-step-mask\\\/\"]}]},{\"@type\":\"ImageObject\",\"inLanguage\":\"ru-RU\",\"@id\":\"https:\\\/\\\/www.facecorner.lv\\\/shop\\\/vt-cosmetics-reedle-shot-100-2-step-mask\\\/#primaryimage\",\"url\":\"https:\\\/\\\/www.facecorner.lv\\\/wp-content\\\/uploads\\\/2024\\\/10\\\/530320_1.avif\",\"contentUrl\":\"https:\\\/\\\/www.facecorner.lv\\\/wp-content\\\/uploads\\\/2024\\\/10\\\/530320_1.avif\",\"width\":1200,\"height\":1200,\"caption\":\"VT COSMETICS Reedle Shot 100 2 Step Mask\"},{\"@type\":\"BreadcrumbList\",\"@id\":\"https:\\\/\\\/www.facecorner.lv\\\/shop\\\/vt-cosmetics-reedle-shot-100-2-step-mask\\\/#breadcrumb\",\"itemListElement\":[{\"@type\":\"ListItem\",\"position\":1,\"name\":\"Home\",\"item\":\"https:\\\/\\\/www.facecorner.lv\\\/\"},{\"@type\":\"ListItem\",\"position\":2,\"name\":\"Veikals\",\"item\":\"https:\\\/\\\/www.facecorner.lv\\\/shop\\\/\"},{\"@type\":\"ListItem\",\"position\":3,\"name\":\"VT COSMETICS Reedle Shot 100\\\/300 2 Step Mask\"}]},{\"@type\":\"WebSite\",\"@id\":\"https:\\\/\\\/www.facecorner.lv\\\/#website\",\"url\":\"https:\\\/\\\/www.facecorner.lv\\\/\",\"name\":\"Facecorner\",\"description\":\"\",\"publisher\":{\"@id\":\"https:\\\/\\\/www.facecorner.lv\\\/#organization\"},\"potentialAction\":[{\"@type\":\"SearchAction\",\"target\":{\"@type\":\"EntryPoint\",\"urlTemplate\":\"https:\\\/\\\/www.facecorner.lv\\\/?s={search_term_string}\"},\"query-input\":{\"@type\":\"PropertyValueSpecification\",\"valueRequired\":true,\"valueName\":\"search_term_string\"}}],\"inLanguage\":\"ru-RU\"},{\"@type\":\"Organization\",\"@id\":\"https:\\\/\\\/www.facecorner.lv\\\/#organization\",\"name\":\"Facecorner\",\"url\":\"https:\\\/\\\/www.facecorner.lv\\\/\",\"logo\":{\"@type\":\"ImageObject\",\"inLanguage\":\"ru-RU\",\"@id\":\"https:\\\/\\\/www.facecorner.lv\\\/#\\\/schema\\\/logo\\\/image\\\/\",\"url\":\"https:\\\/\\\/www.facecorner.lv\\\/wp-content\\\/uploads\\\/2024\\\/04\\\/fc-logo.jpg\",\"contentUrl\":\"https:\\\/\\\/www.facecorner.lv\\\/wp-content\\\/uploads\\\/2024\\\/04\\\/fc-logo.jpg\",\"width\":174,\"height\":28,\"caption\":\"Facecorner\"},\"image\":{\"@id\":\"https:\\\/\\\/www.facecorner.lv\\\/#\\\/schema\\\/logo\\\/image\\\/\"},\"sameAs\":[\"https:\\\/\\\/www.facebook.com\\\/profile.php?id=100063824551839\",\"https:\\\/\\\/www.instagram.com\\\/facecorner_shop\\\/\"]}]}<\/script>\n<meta property=\"og:availability\" content=\"instock\" \/>\n<meta property=\"product:availability\" content=\"instock\" \/>\n<meta property=\"product:condition\" content=\"new\" \/>\n<!-- \/ Yoast SEO plugin. -->","yoast_head_json":{"title":"VT COSMETICS Reedle Shot 100\/300 2 Step Mask - FACECORNER","description":"Divu f\u0101\u017eu inovat\u012bv\u0101 mitrino\u0161\u0101 VT COSMETICS Reedle Shot 100 2 Step Mask vakara kop\u0161anai iek\u013c\u016bst \u0101d\u0101 p\u0113c iesp\u0113jas dzi\u013c\u0101k, uzlabo t\u0101s strukt\u016bru","robots":{"index":"index","follow":"follow","max-snippet":"max-snippet:-1","max-image-preview":"max-image-preview:large","max-video-preview":"max-video-preview:-1"},"canonical":"https:\/\/www.facecorner.lv\/ru\/shop\/vt-cosmetics-reedle-shot-100-2-step-mask\/","og_locale":"ru_RU","og_type":"article","og_title":"VT COSMETICS Reedle Shot 100\/300 2 Step Mask - FACECORNER","og_description":"Divu f\u0101\u017eu inovat\u012bv\u0101 mitrino\u0161\u0101 VT COSMETICS Reedle Shot 100 2 Step Mask vakara kop\u0161anai iek\u013c\u016bst \u0101d\u0101 p\u0113c iesp\u0113jas dzi\u013c\u0101k, uzlabo t\u0101s strukt\u016bru","og_url":"https:\/\/www.facecorner.lv\/ru\/shop\/vt-cosmetics-reedle-shot-100-2-step-mask\/","og_site_name":"FACECORNER","article_publisher":"https:\/\/www.facebook.com\/profile.php?id=100063824551839","article_modified_time":"2025-10-07T10:01:11+00:00","twitter_card":"summary_large_image","twitter_misc":{"\u0414\u043e\u0441\u0442\u0443\u043f\u043d\u043e\u0441\u0442\u044c":"\u0412 \u043d\u0430\u043b\u0438\u0447\u0438\u0438"},"schema":{"@context":"https:\/\/schema.org","@graph":[{"@type":"WebPage","@id":"https:\/\/www.facecorner.lv\/shop\/vt-cosmetics-reedle-shot-100-2-step-mask\/","url":"https:\/\/www.facecorner.lv\/shop\/vt-cosmetics-reedle-shot-100-2-step-mask\/","name":"VT COSMETICS Reedle Shot 100\/300 2 Step Mask - FACECORNER","isPartOf":{"@id":"https:\/\/www.facecorner.lv\/#website"},"primaryImageOfPage":{"@id":"https:\/\/www.facecorner.lv\/shop\/vt-cosmetics-reedle-shot-100-2-step-mask\/#primaryimage"},"image":{"@id":"https:\/\/www.facecorner.lv\/shop\/vt-cosmetics-reedle-shot-100-2-step-mask\/#primaryimage"},"thumbnailUrl":"https:\/\/www.facecorner.lv\/wp-content\/uploads\/2024\/10\/530320_1.avif","datePublished":"2024-10-21T17:40:23+00:00","dateModified":"2025-10-07T10:01:11+00:00","description":"Divu f\u0101\u017eu inovat\u012bv\u0101 mitrino\u0161\u0101 VT COSMETICS Reedle Shot 100 2 Step Mask vakara kop\u0161anai iek\u013c\u016bst \u0101d\u0101 p\u0113c iesp\u0113jas dzi\u013c\u0101k, uzlabo t\u0101s strukt\u016bru","breadcrumb":{"@id":"https:\/\/www.facecorner.lv\/shop\/vt-cosmetics-reedle-shot-100-2-step-mask\/#breadcrumb"},"inLanguage":"ru-RU","potentialAction":[{"@type":"ReadAction","target":["https:\/\/www.facecorner.lv\/shop\/vt-cosmetics-reedle-shot-100-2-step-mask\/"]}]},{"@type":"ImageObject","inLanguage":"ru-RU","@id":"https:\/\/www.facecorner.lv\/shop\/vt-cosmetics-reedle-shot-100-2-step-mask\/#primaryimage","url":"https:\/\/www.facecorner.lv\/wp-content\/uploads\/2024\/10\/530320_1.avif","contentUrl":"https:\/\/www.facecorner.lv\/wp-content\/uploads\/2024\/10\/530320_1.avif","width":1200,"height":1200,"caption":"VT COSMETICS Reedle Shot 100 2 Step Mask"},{"@type":"BreadcrumbList","@id":"https:\/\/www.facecorner.lv\/shop\/vt-cosmetics-reedle-shot-100-2-step-mask\/#breadcrumb","itemListElement":[{"@type":"ListItem","position":1,"name":"Home","item":"https:\/\/www.facecorner.lv\/"},{"@type":"ListItem","position":2,"name":"Veikals","item":"https:\/\/www.facecorner.lv\/shop\/"},{"@type":"ListItem","position":3,"name":"VT COSMETICS Reedle Shot 100\/300 2 Step Mask"}]},{"@type":"WebSite","@id":"https:\/\/www.facecorner.lv\/#website","url":"https:\/\/www.facecorner.lv\/","name":"Facecorner","description":"","publisher":{"@id":"https:\/\/www.facecorner.lv\/#organization"},"potentialAction":[{"@type":"SearchAction","target":{"@type":"EntryPoint","urlTemplate":"https:\/\/www.facecorner.lv\/?s={search_term_string}"},"query-input":{"@type":"PropertyValueSpecification","valueRequired":true,"valueName":"search_term_string"}}],"inLanguage":"ru-RU"},{"@type":"Organization","@id":"https:\/\/www.facecorner.lv\/#organization","name":"Facecorner","url":"https:\/\/www.facecorner.lv\/","logo":{"@type":"ImageObject","inLanguage":"ru-RU","@id":"https:\/\/www.facecorner.lv\/#\/schema\/logo\/image\/","url":"https:\/\/www.facecorner.lv\/wp-content\/uploads\/2024\/04\/fc-logo.jpg","contentUrl":"https:\/\/www.facecorner.lv\/wp-content\/uploads\/2024\/04\/fc-logo.jpg","width":174,"height":28,"caption":"Facecorner"},"image":{"@id":"https:\/\/www.facecorner.lv\/#\/schema\/logo\/image\/"},"sameAs":["https:\/\/www.facebook.com\/profile.php?id=100063824551839","https:\/\/www.instagram.com\/facecorner_shop\/"]}]},"og_availability":"instock","product_availability":"instock","product_condition":"new"},"_links":{"self":[{"href":"https:\/\/www.facecorner.lv\/ru\/wp-json\/wp\/v2\/product\/21355","targetHints":{"allow":["GET"]}}],"collection":[{"href":"https:\/\/www.facecorner.lv\/ru\/wp-json\/wp\/v2\/product"}],"about":[{"href":"https:\/\/www.facecorner.lv\/ru\/wp-json\/wp\/v2\/types\/product"}],"replies":[{"embeddable":true,"href":"https:\/\/www.facecorner.lv\/ru\/wp-json\/wp\/v2\/comments?post=21355"}],"wp:featuredmedia":[{"embeddable":true,"href":"https:\/\/www.facecorner.lv\/ru\/wp-json\/wp\/v2\/media\/21356"}],"wp:attachment":[{"href":"https:\/\/www.facecorner.lv\/ru\/wp-json\/wp\/v2\/media?parent=21355"}],"wp:term":[{"taxonomy":"product_brand","embeddable":true,"href":"https:\/\/www.facecorner.lv\/ru\/wp-json\/wp\/v2\/product_brand?post=21355"},{"taxonomy":"product_cat","embeddable":true,"href":"https:\/\/www.facecorner.lv\/ru\/wp-json\/wp\/v2\/product_cat?post=21355"},{"taxonomy":"product_tag","embeddable":true,"href":"https:\/\/www.facecorner.lv\/ru\/wp-json\/wp\/v2\/product_tag?post=21355"},{"taxonomy":"berocket_brand","embeddable":true,"href":"https:\/\/www.facecorner.lv\/ru\/wp-json\/wp\/v2\/berocket_brand?post=21355"}],"curies":[{"name":"wp","href":"https:\/\/api.w.org\/{rel}","templated":true}]}}