{"id":21204,"date":"2024-09-27T18:46:24","date_gmt":"2024-09-27T16:46:24","guid":{"rendered":"https:\/\/www.facecorner.lv\/?post_type=product&#038;p=21204"},"modified":"2025-02-03T15:31:37","modified_gmt":"2025-02-03T12:31:37","slug":"tirtir-ceramic-milk-ampoule-40ml","status":"publish","type":"product","link":"https:\/\/www.facecorner.lv\/ru\/shop\/tirtir-ceramic-milk-ampoule-40ml\/","title":{"rendered":"TIRTIR Ceramic Milk Ampoule 40ml"},"content":{"rendered":"<div>TIRTIR Ceramic Milk Ampoule \u0412\u044b\u0441\u043e\u043a\u043e\u0443\u0432\u043b\u0430\u0436\u043d\u044f\u044e\u0449\u0430\u044f \u0430\u043c\u043f\u0443\u043b\u0430 \u0441 \u043c\u043e\u043b\u043e\u0447\u043d\u043e\u0439 \u0442\u0435\u043a\u0441\u0442\u0443\u0440\u043e\u0439. \u0423\u043a\u0440\u0435\u043f\u043b\u044f\u0435\u0442 \u0433\u0438\u0434\u0440\u043e\u043b\u0438\u043f\u0438\u0434\u043d\u044b\u0439 \u0431\u0430\u0440\u044c\u0435\u0440 \u043a\u043e\u0436\u0438 \u0438 \u043f\u0440\u0438\u0434\u0430\u0435\u0442 \u0435\u0439 \u0437\u0434\u043e\u0440\u043e\u0432\u043e\u0435 \u0441\u0438\u044f\u043d\u0438\u0435. \u0421\u043e\u0434\u0435\u0440\u0436\u0438\u0442 \u043a\u043e\u043c\u043f\u043b\u0435\u043a\u0441 \u043a\u0435\u0440\u0430\u043c\u0438\u0434\u043e\u0432, \u043a\u043e\u0442\u043e\u0440\u044b\u0439 \u0432\u043e\u0441\u0441\u0442\u0430\u043d\u0430\u0432\u043b\u0438\u0432\u0430\u0435\u0442 \u0437\u0430\u0449\u0438\u0442\u043d\u044b\u0439 \u0431\u0430\u0440\u044c\u0435\u0440 \u0438 \u043e\u043a\u0430\u0437\u044b\u0432\u0430\u0435\u0442 \u0440\u0435\u0433\u0435\u043d\u0435\u0440\u0438\u0440\u0443\u044e\u0449\u0435\u0435 \u0434\u0435\u0439\u0441\u0442\u0432\u0438\u0435.<\/div>\n<div>\u042d\u043a\u0441\u0442\u0440\u0430\u043a\u0442 \u0440\u0438\u0441\u0430 \u043f\u0438\u0442\u0430\u0435\u0442 \u0438 \u043f\u0440\u0435\u0434\u043e\u0442\u0432\u0440\u0430\u0449\u0430\u0435\u0442 \u0441\u0442\u0430\u0440\u0435\u043d\u0438\u0435, \u0430 \u0430\u0434\u0435\u043d\u043e\u0437\u0438\u043d \u043f\u043e\u0432\u044b\u0448\u0430\u0435\u0442 \u0443\u043f\u0440\u0443\u0433\u043e\u0441\u0442\u044c \u043a\u043e\u0436\u0438. \u041d\u0438\u0430\u0446\u0438\u043d\u0430\u043c\u0438\u0434 \u043c\u044f\u0433\u043a\u043e \u043e\u0441\u0432\u0435\u0442\u043b\u044f\u0435\u0442, \u0430 \u044d\u043d\u0437\u0438\u043c\u044b \u0443\u043a\u0440\u0435\u043f\u043b\u044f\u044e\u0442 \u0435\u0441\u0442\u0435\u0441\u0442\u0432\u0435\u043d\u043d\u044b\u0439 \u043c\u0438\u043a\u0440\u043e\u0431\u0438\u043e\u043c \u043a\u043e\u0436\u0438. \u0421\u0440\u0435\u0434\u0441\u0442\u0432\u043e \u0434\u0435\u0440\u043c\u0430\u0442\u043e\u043b\u043e\u0433\u0438\u0447\u0435\u0441\u043a\u0438 \u043f\u0440\u043e\u0442\u0435\u0441\u0442\u0438\u0440\u043e\u0432\u0430\u043d\u043e \u0438 \u044f\u0432\u043b\u044f\u0435\u0442\u0441\u044f \u0432\u0435\u0433\u0430\u043d\u0441\u043a\u0438\u043c. \u0420\u0435\u043a\u043e\u043c\u0435\u043d\u0434\u0443\u0435\u0442\u0441\u044f \u0434\u043b\u044f \u0441\u0443\u0445\u043e\u0439, \u043d\u0435\u0441\u043e\u0432\u0435\u0440\u0448\u0435\u043d\u043d\u043e\u0439 \u0438 \u044d\u043b\u0430\u0441\u0442\u0438\u0447\u043d\u043e\u0439 \u043a\u043e\u0436\u0438.<\/div>\n<div><\/div>\n<div>\n<p><strong>\u041f\u0440\u043e\u0434\u0443\u043a\u0442 \u0442\u0430\u043a\u0436\u0435 \u0441\u043e\u0434\u0435\u0440\u0436\u0438\u0442:<\/strong><\/p>\n<ul>\n<li>\u041a\u043e\u043c\u043f\u043b\u0435\u043a\u0441 \u043a\u0435\u0440\u0430\u043c\u0438\u0434\u043e\u0432 - \u0443\u043a\u0440\u0435\u043f\u043b\u044f\u0435\u0442 \u0433\u0438\u0434\u0440\u043e\u043b\u0438\u043f\u0438\u0434\u043d\u044b\u0439 \u0431\u0430\u0440\u044c\u0435\u0440 \u0438 \u043e\u0431\u043b\u0430\u0434\u0430\u0435\u0442 \u0440\u0435\u0433\u0435\u043d\u0435\u0440\u0438\u0440\u0443\u044e\u0449\u0438\u043c\u0438 \u0441\u0432\u043e\u0439\u0441\u0442\u0432\u0430\u043c\u0438<\/li>\n<li>\u042d\u043a\u0441\u0442\u0440\u0430\u043a\u0442 \u0440\u0438\u0441\u0430 - \u043f\u0438\u0442\u0430\u0435\u0442 \u0438 \u0440\u0430\u0437\u0433\u043b\u0430\u0436\u0438\u0432\u0430\u0435\u0442 \u043a\u043e\u0436\u0443, \u043e\u0441\u0432\u0435\u0442\u043b\u044f\u0435\u0442, \u0437\u0430\u043c\u0435\u0434\u043b\u044f\u0435\u0442 \u0441\u0442\u0430\u0440\u0435\u043d\u0438\u0435, \u043f\u043e\u0432\u044b\u0448\u0430\u0435\u0442 \u0443\u0440\u043e\u0432\u0435\u043d\u044c \u0443\u0432\u043b\u0430\u0436\u043d\u0435\u043d\u0438\u044f<\/li>\n<li>\u041d\u0438\u0430\u0446\u0438\u043d\u0430\u043c\u0438\u0434 - \u0443\u043a\u0440\u0435\u043f\u043b\u044f\u0435\u0442 \u0433\u0438\u0434\u0440\u043e\u043b\u0438\u043f\u0438\u0434\u043d\u044b\u0439 \u0431\u0430\u0440\u044c\u0435\u0440, \u043e\u043a\u0430\u0437\u044b\u0432\u0430\u0435\u0442 \u043f\u0440\u043e\u0442\u0438\u0432\u043e\u0432\u043e\u0441\u043f\u0430\u043b\u0438\u0442\u0435\u043b\u044c\u043d\u043e\u0435 \u0438 \u043e\u0442\u0431\u0435\u043b\u0438\u0432\u0430\u044e\u0449\u0435\u0435 \u0434\u0435\u0439\u0441\u0442\u0432\u0438\u0435<\/li>\n<li>\u0410\u0434\u0435\u043d\u043e\u0437\u0438\u043d - \u043f\u043e\u0432\u044b\u0448\u0430\u0435\u0442 \u0443\u043f\u0440\u0443\u0433\u043e\u0441\u0442\u044c \u0438 \u0433\u043b\u0430\u0434\u043a\u043e\u0441\u0442\u044c \u043a\u043e\u0436\u0438, \u043e\u043a\u0430\u0437\u044b\u0432\u0430\u0435\u0442 \u043f\u0440\u043e\u0442\u0438\u0432\u043e\u043c\u043e\u0440\u0449\u0438\u043d\u043d\u043e\u0435 \u0434\u0435\u0439\u0441\u0442\u0432\u0438\u0435<\/li>\n<li>\u042d\u043d\u0437\u0438\u043c\u044b - \u0443\u043a\u0440\u0435\u043f\u043b\u044f\u044e\u0442 \u0435\u0441\u0442\u0435\u0441\u0442\u0432\u0435\u043d\u043d\u044b\u0439 \u043c\u0438\u043a\u0440\u043e\u0431\u0438\u043e\u043c \u043a\u043e\u0436\u0438 \u0438 \u043f\u043e\u0432\u044b\u0448\u0430\u044e\u0442 \u0435\u0435 \u0443\u0441\u0442\u043e\u0439\u0447\u0438\u0432\u043e\u0441\u0442\u044c \u043a \u0432\u043d\u0435\u0448\u043d\u0438\u043c \u0444\u0430\u043a\u0442\u043e\u0440\u0430\u043c.<\/li>\n<\/ul>\n<p><strong>\u0421\u043f\u043e\u0441\u043e\u0431 \u043f\u0440\u0438\u043c\u0435\u043d\u0435\u043d\u0438\u044f:<\/strong>\u00a0\u041d\u0430\u043d\u0435\u0441\u0438\u0442\u0435 \u043d\u0430 \u043e\u0447\u0438\u0449\u0435\u043d\u043d\u0443\u044e \u0438 \u0442\u043e\u043d\u0438\u0437\u0438\u0440\u043e\u0432\u0430\u043d\u043d\u0443\u044e \u043a\u043e\u0436\u0443, \u0437\u0430\u0442\u0435\u043c \u043a\u0440\u0435\u043c. \u0418\u0441\u043f\u043e\u043b\u044c\u0437\u0443\u0439\u0442\u0435 \u0443\u0442\u0440\u043e\u043c \u0438\/\u0438\u043b\u0438 \u0432\u0435\u0447\u0435\u0440\u043e\u043c.<\/p>\n<p><strong>\u0421\u043e\u0441\u0442\u0430\u0432<\/strong> Aqua, Isopropyl Myristate, Polyglyceryl-2 Dipolyhydroxystearate, Oryza Sativa (Rice) Bran Oil, Polyglyceryl-4 Isostearate, Polyglyceryl-3 Polyricinoleate, Glycerin, Butylene Glycol, Caprylic\/Capric Triglyceride, Niacinamide, Dimer Dilinoleyl Dimer Dilinoleate, 1,2-Hexanediol, Benzyl Glycol, Lactobacillus\/Soymilk Ferment Filtrate, Prunus Amygdalus Dulcis (Sweet Almond) Seed Extract, Oryza Sativa (Rice) Extract, Avena Sativa (Oat) Meal Extract, Persea Gratissima (Avocado) Fruit Extract, Maltodextrin, Adenosine, Ethylhexylglycerin, Saccharomyces\/Viscum Album (Mistletoe) Ferment Extract, Lactobacillus\/Soybean Ferment Extract, Squalane, Chamomilla Recutita (Matricaria) Flower Extract, Saccharomyces\/Imperata Cylindrica Root Ferment Extract, Moringa Oleifera Seed Extract, Hydrogenated lecithin, Collagen, Cetearyl Alcohol, Theobroma Cacao (Cocoa) Extract, Pyrus Malus (Apple) Leaf Extract, Vanilla Planifolia Fruit Extract, Leuconostoc\/Radish Root Ferment Filtrate, Stearic Acid, Fragaria Chiloensis (Strawberry) Fruit Extract, Musa Sapientum (Banana) Fruit Extract, Prunus Persica (Peach) Fruit Extract, Propanediol, Cocos Nucifera (Coconut) Oil, Prunus Domestica Fruit Extract, Ceramide NP, Cholesterol, Phytosphingosine, Ceramide NG, Ceramide NS, Ceramide AS, Ceramide AP, Glycine, Glutamic Acid, Leucine, Methionine, Valine, Serine, Aspartic Acid, Alanine, Arginine, Isoleucine, Phenylalanine, Proline, Histidine, Taurine, Omithine, Ceramide EOP, Ethyl Hexanediol<\/p>\n<\/div>","protected":false},"excerpt":{"rendered":"<p>TIRTIR Ceramic Milk Ampoule \u0412\u044b\u0441\u043e\u043a\u043e\u0443\u0432\u043b\u0430\u0436\u043d\u044f\u044e\u0449\u0430\u044f \u0430\u043c\u043f\u0443\u043b\u0430 \u0441 \u043c\u043e\u043b\u043e\u0447\u043d\u043e\u0439 \u0442\u0435\u043a\u0441\u0442\u0443\u0440\u043e\u0439. \u0423\u043a\u0440\u0435\u043f\u043b\u044f\u0435\u0442 \u0433\u0438\u0434\u0440\u043e\u043b\u0438\u043f\u0438\u0434\u043d\u044b\u0439 \u0431\u0430\u0440\u044c\u0435\u0440 \u043a\u043e\u0436\u0438 \u0438 \u043f\u0440\u0438\u0434\u0430\u0435\u0442 \u0435\u0439 \u0437\u0434\u043e\u0440\u043e\u0432\u043e\u0435 \u0441\u0438\u044f\u043d\u0438\u0435. \u0421\u043e\u0434\u0435\u0440\u0436\u0438\u0442 \u043a\u043e\u043c\u043f\u043b\u0435\u043a\u0441 \u043a\u0435\u0440\u0430\u043c\u0438\u0434\u043e\u0432, \u043a\u043e\u0442\u043e\u0440\u044b\u0439 \u0432\u043e\u0441\u0441\u0442\u0430\u043d\u0430\u0432\u043b\u0438\u0432\u0430\u0435\u0442 \u0437\u0430\u0449\u0438\u0442\u043d\u044b\u0439 \u0431\u0430\u0440\u044c\u0435\u0440 \u0438 \u043e\u043a\u0430\u0437\u044b\u0432\u0430\u0435\u0442 \u0440\u0435\u0433\u0435\u043d\u0435\u0440\u0438\u0440\u0443\u044e\u0449\u0435\u0435 \u0434\u0435\u0439\u0441\u0442\u0432\u0438\u0435.<\/p>","protected":false},"featured_media":21205,"comment_status":"open","ping_status":"closed","template":"","meta":{"site-sidebar-layout":"default","site-content-layout":"","ast-site-content-layout":"","site-content-style":"default","site-sidebar-style":"default","ast-global-header-display":"","ast-banner-title-visibility":"","ast-main-header-display":"","ast-hfb-above-header-display":"","ast-hfb-below-header-display":"","ast-hfb-mobile-header-display":"","site-post-title":"","ast-breadcrumbs-content":"","ast-featured-img":"","footer-sml-layout":"","theme-transparent-header-meta":"","adv-header-id-meta":"","stick-header-meta":"","header-above-stick-meta":"","header-main-stick-meta":"","header-below-stick-meta":"","astra-migrate-meta-layouts":"default","ast-page-background-enabled":"default","ast-page-background-meta":{"desktop":{"background-color":"var(--ast-global-color-4)","background-image":"","background-repeat":"repeat","background-position":"center center","background-size":"auto","background-attachment":"scroll","background-type":"","background-media":"","overlay-type":"","overlay-color":"","overlay-opacity":"","overlay-gradient":""},"tablet":{"background-color":"","background-image":"","background-repeat":"repeat","background-position":"center center","background-size":"auto","background-attachment":"scroll","background-type":"","background-media":"","overlay-type":"","overlay-color":"","overlay-opacity":"","overlay-gradient":""},"mobile":{"background-color":"","background-image":"","background-repeat":"repeat","background-position":"center center","background-size":"auto","background-attachment":"scroll","background-type":"","background-media":"","overlay-type":"","overlay-color":"","overlay-opacity":"","overlay-gradient":""}},"ast-content-background-meta":{"desktop":{"background-color":"var(--ast-global-color-5)","background-image":"","background-repeat":"repeat","background-position":"center center","background-size":"auto","background-attachment":"scroll","background-type":"","background-media":"","overlay-type":"","overlay-color":"","overlay-opacity":"","overlay-gradient":""},"tablet":{"background-color":"var(--ast-global-color-5)","background-image":"","background-repeat":"repeat","background-position":"center center","background-size":"auto","background-attachment":"scroll","background-type":"","background-media":"","overlay-type":"","overlay-color":"","overlay-opacity":"","overlay-gradient":""},"mobile":{"background-color":"var(--ast-global-color-5)","background-image":"","background-repeat":"repeat","background-position":"center center","background-size":"auto","background-attachment":"scroll","background-type":"","background-media":"","overlay-type":"","overlay-color":"","overlay-opacity":"","overlay-gradient":""}}},"product_brand":[],"product_cat":[511,435],"product_tag":[],"berocket_brand":[584],"class_list":{"0":"post-21204","1":"product","2":"type-product","3":"status-publish","4":"has-post-thumbnail","6":"product_cat-atlaides","7":"product_cat-jaunumi","8":"berocket_brand-tirtir","9":"desktop-align-left","10":"tablet-align-left","11":"mobile-align-left","13":"first","14":"outofstock","15":"sale","16":"taxable","17":"shipping-taxable","18":"purchasable","19":"product-type-simple","20":"add-to-wishlist-before_image"},"yoast_head":"<!-- This site is optimized with the Yoast SEO plugin v27.4 - https:\/\/yoast.com\/product\/yoast-seo-wordpress\/ -->\n<title>TIRTIR Ceramic Milk Ampoule 40ml - FACECORNER<\/title>\n<meta name=\"description\" content=\"TIRTIR Ceramic Milk Ampoule sejas \u0101du \u013coti mitrino\u0161a ampula ar pienainu tekst\u016bru. T\u0101 stiprina \u0101das hidrolip\u012bdu barjeru un atst\u0101j vesel\u012bga mirdzuma efektu.\" \/>\n<meta name=\"robots\" content=\"index, follow, max-snippet:-1, max-image-preview:large, max-video-preview:-1\" \/>\n<link rel=\"canonical\" href=\"https:\/\/www.facecorner.lv\/ru\/shop\/tirtir-ceramic-milk-ampoule-40ml\/\" \/>\n<meta property=\"og:locale\" content=\"ru_RU\" \/>\n<meta property=\"og:type\" content=\"article\" \/>\n<meta property=\"og:title\" content=\"TIRTIR Ceramic Milk Ampoule 40ml - FACECORNER\" \/>\n<meta property=\"og:description\" content=\"TIRTIR Ceramic Milk Ampoule sejas \u0101du \u013coti mitrino\u0161a ampula ar pienainu tekst\u016bru. T\u0101 stiprina \u0101das hidrolip\u012bdu barjeru un atst\u0101j vesel\u012bga mirdzuma efektu.\" \/>\n<meta property=\"og:url\" content=\"https:\/\/www.facecorner.lv\/ru\/shop\/tirtir-ceramic-milk-ampoule-40ml\/\" \/>\n<meta property=\"og:site_name\" content=\"FACECORNER\" \/>\n<meta property=\"article:publisher\" content=\"https:\/\/www.facebook.com\/profile.php?id=100063824551839\" \/>\n<meta property=\"article:modified_time\" content=\"2025-02-03T12:31:37+00:00\" \/>\n<meta property=\"og:image\" content=\"https:\/\/www.facecorner.lv\/wp-content\/uploads\/2024\/09\/TIRTIRCeramicMilkAmpoule.webp\" \/>\n\t<meta property=\"og:image:width\" content=\"950\" \/>\n\t<meta property=\"og:image:height\" content=\"950\" \/>\n\t<meta property=\"og:image:type\" content=\"image\/webp\" \/>\n<meta name=\"twitter:card\" content=\"summary_large_image\" \/>\n<meta name=\"twitter:label1\" content=\"\u0426\u0435\u043d\u0430\" \/>\n\t<meta name=\"twitter:data1\" content=\"&euro;35.90\" \/>\n\t<meta name=\"twitter:label2\" content=\"\u0414\u043e\u0441\u0442\u0443\u043f\u043d\u043e\u0441\u0442\u044c\" \/>\n\t<meta name=\"twitter:data2\" content=\"\u0420\u0430\u0441\u043f\u0440\u043e\u0434\u0430\u043d\u043e\" \/>\n<script type=\"application\/ld+json\" class=\"yoast-schema-graph\">{\"@context\":\"https:\\\/\\\/schema.org\",\"@graph\":[{\"@type\":\"WebPage\",\"@id\":\"https:\\\/\\\/www.facecorner.lv\\\/shop\\\/tirtir-ceramic-milk-ampoule-40ml\\\/\",\"url\":\"https:\\\/\\\/www.facecorner.lv\\\/shop\\\/tirtir-ceramic-milk-ampoule-40ml\\\/\",\"name\":\"TIRTIR Ceramic Milk Ampoule 40ml - FACECORNER\",\"isPartOf\":{\"@id\":\"https:\\\/\\\/www.facecorner.lv\\\/#website\"},\"primaryImageOfPage\":{\"@id\":\"https:\\\/\\\/www.facecorner.lv\\\/shop\\\/tirtir-ceramic-milk-ampoule-40ml\\\/#primaryimage\"},\"image\":{\"@id\":\"https:\\\/\\\/www.facecorner.lv\\\/shop\\\/tirtir-ceramic-milk-ampoule-40ml\\\/#primaryimage\"},\"thumbnailUrl\":\"https:\\\/\\\/www.facecorner.lv\\\/wp-content\\\/uploads\\\/2024\\\/09\\\/TIRTIRCeramicMilkAmpoule.webp\",\"datePublished\":\"2024-09-27T16:46:24+00:00\",\"dateModified\":\"2025-02-03T12:31:37+00:00\",\"description\":\"TIRTIR Ceramic Milk Ampoule sejas \u0101du \u013coti mitrino\u0161a ampula ar pienainu tekst\u016bru. T\u0101 stiprina \u0101das hidrolip\u012bdu barjeru un atst\u0101j vesel\u012bga mirdzuma efektu.\",\"breadcrumb\":{\"@id\":\"https:\\\/\\\/www.facecorner.lv\\\/shop\\\/tirtir-ceramic-milk-ampoule-40ml\\\/#breadcrumb\"},\"inLanguage\":\"ru-RU\",\"potentialAction\":[{\"@type\":\"ReadAction\",\"target\":[\"https:\\\/\\\/www.facecorner.lv\\\/shop\\\/tirtir-ceramic-milk-ampoule-40ml\\\/\"]}]},{\"@type\":\"ImageObject\",\"inLanguage\":\"ru-RU\",\"@id\":\"https:\\\/\\\/www.facecorner.lv\\\/shop\\\/tirtir-ceramic-milk-ampoule-40ml\\\/#primaryimage\",\"url\":\"https:\\\/\\\/www.facecorner.lv\\\/wp-content\\\/uploads\\\/2024\\\/09\\\/TIRTIRCeramicMilkAmpoule.webp\",\"contentUrl\":\"https:\\\/\\\/www.facecorner.lv\\\/wp-content\\\/uploads\\\/2024\\\/09\\\/TIRTIRCeramicMilkAmpoule.webp\",\"width\":950,\"height\":950,\"caption\":\"TIRTIR Ceramic Milk Ampoule\"},{\"@type\":\"BreadcrumbList\",\"@id\":\"https:\\\/\\\/www.facecorner.lv\\\/shop\\\/tirtir-ceramic-milk-ampoule-40ml\\\/#breadcrumb\",\"itemListElement\":[{\"@type\":\"ListItem\",\"position\":1,\"name\":\"Home\",\"item\":\"https:\\\/\\\/www.facecorner.lv\\\/\"},{\"@type\":\"ListItem\",\"position\":2,\"name\":\"Veikals\",\"item\":\"https:\\\/\\\/www.facecorner.lv\\\/shop\\\/\"},{\"@type\":\"ListItem\",\"position\":3,\"name\":\"TIRTIR Ceramic Milk Ampoule 40ml\"}]},{\"@type\":\"WebSite\",\"@id\":\"https:\\\/\\\/www.facecorner.lv\\\/#website\",\"url\":\"https:\\\/\\\/www.facecorner.lv\\\/\",\"name\":\"Facecorner\",\"description\":\"\",\"publisher\":{\"@id\":\"https:\\\/\\\/www.facecorner.lv\\\/#organization\"},\"potentialAction\":[{\"@type\":\"SearchAction\",\"target\":{\"@type\":\"EntryPoint\",\"urlTemplate\":\"https:\\\/\\\/www.facecorner.lv\\\/?s={search_term_string}\"},\"query-input\":{\"@type\":\"PropertyValueSpecification\",\"valueRequired\":true,\"valueName\":\"search_term_string\"}}],\"inLanguage\":\"ru-RU\"},{\"@type\":\"Organization\",\"@id\":\"https:\\\/\\\/www.facecorner.lv\\\/#organization\",\"name\":\"Facecorner\",\"url\":\"https:\\\/\\\/www.facecorner.lv\\\/\",\"logo\":{\"@type\":\"ImageObject\",\"inLanguage\":\"ru-RU\",\"@id\":\"https:\\\/\\\/www.facecorner.lv\\\/#\\\/schema\\\/logo\\\/image\\\/\",\"url\":\"https:\\\/\\\/www.facecorner.lv\\\/wp-content\\\/uploads\\\/2024\\\/04\\\/fc-logo.jpg\",\"contentUrl\":\"https:\\\/\\\/www.facecorner.lv\\\/wp-content\\\/uploads\\\/2024\\\/04\\\/fc-logo.jpg\",\"width\":174,\"height\":28,\"caption\":\"Facecorner\"},\"image\":{\"@id\":\"https:\\\/\\\/www.facecorner.lv\\\/#\\\/schema\\\/logo\\\/image\\\/\"},\"sameAs\":[\"https:\\\/\\\/www.facebook.com\\\/profile.php?id=100063824551839\",\"https:\\\/\\\/www.instagram.com\\\/facecorner_shop\\\/\"]}]}<\/script>\n<meta property=\"product:price:amount\" content=\"35.90\" \/>\n<meta property=\"product:price:currency\" content=\"EUR\" \/>\n<meta property=\"og:availability\" content=\"out of stock\" \/>\n<meta property=\"product:availability\" content=\"out of stock\" \/>\n<meta property=\"product:condition\" content=\"new\" \/>\n<!-- \/ Yoast SEO plugin. -->","yoast_head_json":{"title":"TIRTIR Ceramic Milk Ampoule 40ml - FACECORNER","description":"TIRTIR Ceramic Milk Ampoule sejas \u0101du \u013coti mitrino\u0161a ampula ar pienainu tekst\u016bru. T\u0101 stiprina \u0101das hidrolip\u012bdu barjeru un atst\u0101j vesel\u012bga mirdzuma efektu.","robots":{"index":"index","follow":"follow","max-snippet":"max-snippet:-1","max-image-preview":"max-image-preview:large","max-video-preview":"max-video-preview:-1"},"canonical":"https:\/\/www.facecorner.lv\/ru\/shop\/tirtir-ceramic-milk-ampoule-40ml\/","og_locale":"ru_RU","og_type":"article","og_title":"TIRTIR Ceramic Milk Ampoule 40ml - FACECORNER","og_description":"TIRTIR Ceramic Milk Ampoule sejas \u0101du \u013coti mitrino\u0161a ampula ar pienainu tekst\u016bru. T\u0101 stiprina \u0101das hidrolip\u012bdu barjeru un atst\u0101j vesel\u012bga mirdzuma efektu.","og_url":"https:\/\/www.facecorner.lv\/ru\/shop\/tirtir-ceramic-milk-ampoule-40ml\/","og_site_name":"FACECORNER","article_publisher":"https:\/\/www.facebook.com\/profile.php?id=100063824551839","article_modified_time":"2025-02-03T12:31:37+00:00","og_image":[{"width":950,"height":950,"url":"https:\/\/www.facecorner.lv\/wp-content\/uploads\/2024\/09\/TIRTIRCeramicMilkAmpoule.webp","type":"image\/webp"}],"twitter_card":"summary_large_image","twitter_misc":{"\u0426\u0435\u043d\u0430":"&euro;35.90","\u0414\u043e\u0441\u0442\u0443\u043f\u043d\u043e\u0441\u0442\u044c":"\u0420\u0430\u0441\u043f\u0440\u043e\u0434\u0430\u043d\u043e"},"schema":{"@context":"https:\/\/schema.org","@graph":[{"@type":"WebPage","@id":"https:\/\/www.facecorner.lv\/shop\/tirtir-ceramic-milk-ampoule-40ml\/","url":"https:\/\/www.facecorner.lv\/shop\/tirtir-ceramic-milk-ampoule-40ml\/","name":"TIRTIR Ceramic Milk Ampoule 40ml - FACECORNER","isPartOf":{"@id":"https:\/\/www.facecorner.lv\/#website"},"primaryImageOfPage":{"@id":"https:\/\/www.facecorner.lv\/shop\/tirtir-ceramic-milk-ampoule-40ml\/#primaryimage"},"image":{"@id":"https:\/\/www.facecorner.lv\/shop\/tirtir-ceramic-milk-ampoule-40ml\/#primaryimage"},"thumbnailUrl":"https:\/\/www.facecorner.lv\/wp-content\/uploads\/2024\/09\/TIRTIRCeramicMilkAmpoule.webp","datePublished":"2024-09-27T16:46:24+00:00","dateModified":"2025-02-03T12:31:37+00:00","description":"TIRTIR Ceramic Milk Ampoule sejas \u0101du \u013coti mitrino\u0161a ampula ar pienainu tekst\u016bru. T\u0101 stiprina \u0101das hidrolip\u012bdu barjeru un atst\u0101j vesel\u012bga mirdzuma efektu.","breadcrumb":{"@id":"https:\/\/www.facecorner.lv\/shop\/tirtir-ceramic-milk-ampoule-40ml\/#breadcrumb"},"inLanguage":"ru-RU","potentialAction":[{"@type":"ReadAction","target":["https:\/\/www.facecorner.lv\/shop\/tirtir-ceramic-milk-ampoule-40ml\/"]}]},{"@type":"ImageObject","inLanguage":"ru-RU","@id":"https:\/\/www.facecorner.lv\/shop\/tirtir-ceramic-milk-ampoule-40ml\/#primaryimage","url":"https:\/\/www.facecorner.lv\/wp-content\/uploads\/2024\/09\/TIRTIRCeramicMilkAmpoule.webp","contentUrl":"https:\/\/www.facecorner.lv\/wp-content\/uploads\/2024\/09\/TIRTIRCeramicMilkAmpoule.webp","width":950,"height":950,"caption":"TIRTIR Ceramic Milk Ampoule"},{"@type":"BreadcrumbList","@id":"https:\/\/www.facecorner.lv\/shop\/tirtir-ceramic-milk-ampoule-40ml\/#breadcrumb","itemListElement":[{"@type":"ListItem","position":1,"name":"Home","item":"https:\/\/www.facecorner.lv\/"},{"@type":"ListItem","position":2,"name":"Veikals","item":"https:\/\/www.facecorner.lv\/shop\/"},{"@type":"ListItem","position":3,"name":"TIRTIR Ceramic Milk Ampoule 40ml"}]},{"@type":"WebSite","@id":"https:\/\/www.facecorner.lv\/#website","url":"https:\/\/www.facecorner.lv\/","name":"Facecorner","description":"","publisher":{"@id":"https:\/\/www.facecorner.lv\/#organization"},"potentialAction":[{"@type":"SearchAction","target":{"@type":"EntryPoint","urlTemplate":"https:\/\/www.facecorner.lv\/?s={search_term_string}"},"query-input":{"@type":"PropertyValueSpecification","valueRequired":true,"valueName":"search_term_string"}}],"inLanguage":"ru-RU"},{"@type":"Organization","@id":"https:\/\/www.facecorner.lv\/#organization","name":"Facecorner","url":"https:\/\/www.facecorner.lv\/","logo":{"@type":"ImageObject","inLanguage":"ru-RU","@id":"https:\/\/www.facecorner.lv\/#\/schema\/logo\/image\/","url":"https:\/\/www.facecorner.lv\/wp-content\/uploads\/2024\/04\/fc-logo.jpg","contentUrl":"https:\/\/www.facecorner.lv\/wp-content\/uploads\/2024\/04\/fc-logo.jpg","width":174,"height":28,"caption":"Facecorner"},"image":{"@id":"https:\/\/www.facecorner.lv\/#\/schema\/logo\/image\/"},"sameAs":["https:\/\/www.facebook.com\/profile.php?id=100063824551839","https:\/\/www.instagram.com\/facecorner_shop\/"]}]},"product_price_amount":"35.90","product_price_currency":"EUR","og_availability":"out of stock","product_availability":"out of stock","product_condition":"new"},"_links":{"self":[{"href":"https:\/\/www.facecorner.lv\/ru\/wp-json\/wp\/v2\/product\/21204","targetHints":{"allow":["GET"]}}],"collection":[{"href":"https:\/\/www.facecorner.lv\/ru\/wp-json\/wp\/v2\/product"}],"about":[{"href":"https:\/\/www.facecorner.lv\/ru\/wp-json\/wp\/v2\/types\/product"}],"replies":[{"embeddable":true,"href":"https:\/\/www.facecorner.lv\/ru\/wp-json\/wp\/v2\/comments?post=21204"}],"wp:featuredmedia":[{"embeddable":true,"href":"https:\/\/www.facecorner.lv\/ru\/wp-json\/wp\/v2\/media\/21205"}],"wp:attachment":[{"href":"https:\/\/www.facecorner.lv\/ru\/wp-json\/wp\/v2\/media?parent=21204"}],"wp:term":[{"taxonomy":"product_brand","embeddable":true,"href":"https:\/\/www.facecorner.lv\/ru\/wp-json\/wp\/v2\/product_brand?post=21204"},{"taxonomy":"product_cat","embeddable":true,"href":"https:\/\/www.facecorner.lv\/ru\/wp-json\/wp\/v2\/product_cat?post=21204"},{"taxonomy":"product_tag","embeddable":true,"href":"https:\/\/www.facecorner.lv\/ru\/wp-json\/wp\/v2\/product_tag?post=21204"},{"taxonomy":"berocket_brand","embeddable":true,"href":"https:\/\/www.facecorner.lv\/ru\/wp-json\/wp\/v2\/berocket_brand?post=21204"}],"curies":[{"name":"wp","href":"https:\/\/api.w.org\/{rel}","templated":true}]}}