{"id":21180,"date":"2024-09-26T11:50:42","date_gmt":"2024-09-26T09:50:42","guid":{"rendered":"https:\/\/www.facecorner.lv\/?post_type=product&#038;p=21180"},"modified":"2025-11-14T12:51:59","modified_gmt":"2025-11-14T09:51:59","slug":"tirtir-hydro-boost-enzyme-cleansing-balm-120-ml","status":"publish","type":"product","link":"https:\/\/www.facecorner.lv\/ru\/shop\/tirtir-hydro-boost-enzyme-cleansing-balm-120-ml\/","title":{"rendered":"TIRTIR Hydro Boost Enzyme Cleansing Balm 120ml"},"content":{"rendered":"<p>\u041e\u0447\u0438\u0449\u0430\u044e\u0449\u0438\u0439 \u0433\u0438\u0434\u0440\u043e\u0444\u0438\u043b\u044c\u043d\u044b\u0439 \u0431\u0430\u043b\u044c\u0437\u0430\u043c TIRTIR Hydro Boost Enzyme Cleansing Balm  - \u044d\u0442\u043e \u0440\u043e\u0441\u043a\u043e\u0448\u043d\u044b\u0439 \u043f\u0440\u043e\u0434\u0443\u043a\u0442 \u0431\u0435\u0437 \u0441\u043e\u0434\u0435\u0440\u0436\u0430\u043d\u0438\u044f \u043c\u0438\u043d\u0435\u0440\u0430\u043b\u044c\u043d\u044b\u0445 \u043c\u0430\u0441\u0435\u043b, \u043a\u043e\u0442\u043e\u0440\u044b\u0439 \u043e\u0431\u0435\u0441\u043f\u0435\u0447\u0438\u0432\u0430\u0435\u0442 \u0433\u043b\u0443\u0431\u043e\u043a\u043e\u0435 \u0443\u0432\u043b\u0430\u0436\u043d\u0435\u043d\u0438\u0435 \u0438 \u043c\u044f\u0433\u043a\u043e\u0435 \u043e\u0442\u0448\u0435\u043b\u0443\u0448\u0438\u0432\u0430\u043d\u0438\u0435 \u043a\u043e\u0436\u0438 \u0431\u043b\u0430\u0433\u043e\u0434\u0430\u0440\u044f \u0430\u043a\u0442\u0438\u0432\u043d\u044b\u043c \u0444\u0435\u0440\u043c\u0435\u043d\u0442\u0430\u043c \u0438 \u0443\u043d\u0438\u043a\u0430\u043b\u044c\u043d\u043e\u043c\u0443 \u043a\u043e\u043c\u043f\u043b\u0435\u043a\u0441\u0443 Rice Enzioticx.<\/p>\n<p>\u0411\u0430\u043b\u044c\u0437\u0430\u043c \u043e\u0431\u043e\u0433\u0430\u0449\u0435\u043d \u0438\u043d\u0433\u0440\u0435\u0434\u0438\u0435\u043d\u0442\u0430\u043c\u0438, \u043f\u043e\u043b\u0443\u0447\u0435\u043d\u043d\u044b\u043c\u0438 \u0438\u0437 \u044d\u043a\u0441\u0442\u0440\u0430\u043a\u0442\u0430 \u0440\u0438\u0441\u0430, \u0438 \u043f\u0440\u043e\u0431\u0438\u043e\u0442\u0438\u043a\u0430\u043c\u0438, \u043d\u0438\u0430\u0446\u0438\u043d\u0430\u043c\u0438\u0434\u043e\u043c, \u043a\u043e\u0442\u043e\u0440\u044b\u0435 \u043e\u0447\u0438\u0449\u0430\u044e\u0442 \u043f\u043e\u0440\u044b \u0438 \u0443\u0434\u0430\u043b\u044f\u044e\u0442 \u0438\u0437\u043b\u0438\u0448\u043a\u0438 \u043a\u043e\u0436\u043d\u043e\u0433\u043e \u0441\u0435\u0431\u0443\u043c\u0430, \u0434\u0435\u043b\u0430\u044f \u043a\u043e\u0436\u0443 \u0433\u043b\u0430\u0434\u043a\u043e\u0439 \u0438 \u0447\u0438\u0441\u0442\u043e\u0439.<\/p>\n<p>\u041e\u0447\u0438\u0449\u0430\u044e\u0449\u0438\u0439 \u0431\u0430\u043b\u044c\u0437\u0430\u043c \u0432\u0435\u043b\u0438\u043a\u043e\u043b\u0435\u043f\u043d\u043e \u043e\u0447\u0438\u0449\u0430\u0435\u0442 \u043a\u043e\u0436\u0443 \u043e\u0442 \u0440\u0430\u0437\u043d\u043e\u0433\u043e \u0440\u043e\u0434\u0430 \u0437\u0430\u0433\u0440\u044f\u0437\u043d\u0435\u043d\u0438\u0439 \u0438 \u043e\u0442\u043b\u0438\u0447\u043d\u043e \u0441\u043f\u0440\u0430\u0432\u043b\u044f\u0435\u0442\u0441\u044f \u0434\u0430\u0436\u0435 \u0441\u043e \u0441\u0442\u043e\u0439\u043a\u0438\u043c \u043c\u0430\u043a\u0438\u044f\u0436\u0435\u043c, \u0441\u043e\u043b\u043d\u0446\u0435\u0437\u0430\u0449\u0438\u0442\u043d\u044b\u043c\u0438 \u0441\u0440\u0435\u0434\u0441\u0442\u0432\u0430\u043c\u0438, \u043f\u0440\u0438 \u044d\u0442\u043e\u043c \u0443\u0432\u043b\u0430\u0436\u043d\u044f\u0435\u0442, \u043f\u0438\u0442\u0430\u0435\u0442 \u0438 \u0432\u044b\u0440\u0430\u0432\u043d\u0438\u0432\u0430\u0435\u0442 \u0442\u043e\u043d \u043a\u043e\u0436\u0438, \u043d\u0435 \u043e\u0441\u0442\u0430\u0432\u043b\u044f\u044f \u0447\u0443\u0432\u0441\u0442\u0432\u043e \u0441\u0443\u0445\u043e\u0441\u0442\u0438 \u0438\u043b\u0438 \u0441\u0442\u044f\u043d\u0443\u0442\u043e\u0441\u0442\u0438 \u043f\u043e\u0441\u043b\u0435 \u0443\u043c\u044b\u0432\u0430\u043d\u0438\u044f.<\/p>\n<p><strong>\u041f\u043e\u0434\u0445\u043e\u0434\u0438\u0442 \u0434\u043b\u044f \u0432\u0441\u0435\u0445 \u0442\u0438\u043f\u043e\u0432 \u043a\u043e\u0436\u0438<\/strong><\/p>\n<p><strong>\u0421\u043f\u043e\u0441\u043e\u0431 \u043f\u0440\u0438\u043c\u0435\u043d\u0435\u043d\u0438\u044f:<\/strong> \u00a0\u041d\u0430\u043d\u0435\u0441\u0438\u0442\u0435 \u0434\u043e\u0441\u0442\u0430\u0442\u043e\u0447\u043d\u043e\u0435 \u043a\u043e\u043b\u0438\u0447\u0435\u0441\u0442\u0432\u0430 \u0441\u0440\u0435\u0434\u0441\u0442\u0432\u0430 \u043d\u0430 \u0441\u0443\u0445\u0443\u044e \u043a\u043e\u0436\u0443 \u0441 \u043c\u0430\u043a\u0438\u044f\u0436\u0435\u043c. \u041d\u0435\u0436\u043d\u043e \u043f\u043e\u043c\u0430\u0441\u0441\u0438\u0440\u0443\u0439\u0442\u0435 \u043a\u043e\u0436\u0443, \u043f\u043e\u043a\u0430 \u0441\u0440\u0435\u0434\u0441\u0442\u0432\u043e \u043d\u0435 \u0440\u0430\u0441\u0442\u0432\u043e\u0440\u0438\u0442 \u043c\u0430\u043a\u0438\u044f\u0436. \u0421\u043c\u043e\u0439\u0442\u0435 \u0441\u0440\u0435\u0434\u0441\u0442\u0432\u043e \u043e\u0431\u0438\u043b\u044c\u043d\u044b\u043c \u043a\u043e\u043b\u0438\u0447\u0435\u0441\u0442\u0432\u043e\u043c \u0442\u0451\u043f\u043b\u043e\u0439 \u0432\u043e\u0434\u044b.<\/p>\n<p><strong>\u0421\u043e\u0441\u0442\u0430\u0432<\/strong> Ethylhexyl Palmitate, PEG-20 Glyceryl Triisostearate, Cetyl Ethylhexanoate, PEG-10 Isostearate, Synthetic Wax, Oryza Sativa (Rice) Bran Oil, Caprylyl Glycol, Tocopheryl Acetate, Camellia Sinensis Seed Oil, Camellia Japonica Seed Oil, Squalane, Simmondsia Chinensis (Jojoba) Seed Oil, Ethylhexylglycerin, Water, Niacinamide, Allantoin, Panthenol, Camellia Sinensis Leaf Extract, Butylene Glycol, Tocopherol, 1,2-Hexanediol, Hamamelis Virginiana (Witch Hazel) Extract, Bifida Ferment Filtrate, Bifida Ferment Lysate, Saccharomyces Ferment Filtrate, Lactobacillus Ferment Lysate, Lactococcus Ferment Lysate, Glycyrrhiza Glabra (Licorice) Root Extract, Centella Asiatica Extract, Oryza Sativa (Rice) Extract, Lavandula Angustifolia (Lavender) Extract, Rosmarinus Officinalis (Rosemary) Extract, Monarda Didyma Leaf Extract, Anthemis Nobilis Flower Extract, Jasminum Officinale (Jasmine) Extract, Protease<\/p>","protected":false},"excerpt":{"rendered":"<p>\u041e\u0447\u0438\u0449\u0430\u044e\u0449\u0438\u0439 \u0433\u0438\u0434\u0440\u043e\u0444\u0438\u043b\u044c\u043d\u044b\u0439 \u0431\u0430\u043b\u044c\u0437\u0430\u043c TIRTIR Hydro Boost Enzyme Cleansing Balm  - \u044d\u0442\u043e \u0440\u043e\u0441\u043a\u043e\u0448\u043d\u044b\u0439 \u043f\u0440\u043e\u0434\u0443\u043a\u0442 \u0431\u0435\u0437 \u0441\u043e\u0434\u0435\u0440\u0436\u0430\u043d\u0438\u044f \u043c\u0438\u043d\u0435\u0440\u0430\u043b\u044c\u043d\u044b\u0445 \u043c\u0430\u0441\u0435\u043b, \u043a\u043e\u0442\u043e\u0440\u044b\u0439 \u043e\u0431\u0435\u0441\u043f\u0435\u0447\u0438\u0432\u0430\u0435\u0442 \u0433\u043b\u0443\u0431\u043e\u043a\u043e\u0435 \u0443\u0432\u043b\u0430\u0436\u043d\u0435\u043d\u0438\u0435 \u0438 \u043c\u044f\u0433\u043a\u043e\u0435 \u043e\u0442\u0448\u0435\u043b\u0443\u0448\u0438\u0432\u0430\u043d\u0438\u0435 \u043a\u043e\u0436\u0438 \u0431\u043b\u0430\u0433\u043e\u0434\u0430\u0440\u044f \u0430\u043a\u0442\u0438\u0432\u043d\u044b\u043c \u0444\u0435\u0440\u043c\u0435\u043d\u0442\u0430\u043c \u0438 \u0443\u043d\u0438\u043a\u0430\u043b\u044c\u043d\u043e\u043c\u0443 \u043a\u043e\u043c\u043f\u043b\u0435\u043a\u0441\u0443 Rice Enzioticx.<\/p>","protected":false},"featured_media":21181,"comment_status":"closed","ping_status":"closed","template":"","meta":{"site-sidebar-layout":"default","site-content-layout":"","ast-site-content-layout":"default","site-content-style":"default","site-sidebar-style":"default","ast-global-header-display":"","ast-banner-title-visibility":"","ast-main-header-display":"","ast-hfb-above-header-display":"","ast-hfb-below-header-display":"","ast-hfb-mobile-header-display":"","site-post-title":"","ast-breadcrumbs-content":"","ast-featured-img":"","footer-sml-layout":"","theme-transparent-header-meta":"default","adv-header-id-meta":"","stick-header-meta":"","header-above-stick-meta":"","header-main-stick-meta":"","header-below-stick-meta":"","astra-migrate-meta-layouts":"set","ast-page-background-enabled":"default","ast-page-background-meta":{"desktop":{"background-color":"var(--ast-global-color-4)","background-image":"","background-repeat":"repeat","background-position":"center center","background-size":"auto","background-attachment":"scroll","background-type":"","background-media":"","overlay-type":"","overlay-color":"","overlay-opacity":"","overlay-gradient":""},"tablet":{"background-color":"","background-image":"","background-repeat":"repeat","background-position":"center center","background-size":"auto","background-attachment":"scroll","background-type":"","background-media":"","overlay-type":"","overlay-color":"","overlay-opacity":"","overlay-gradient":""},"mobile":{"background-color":"","background-image":"","background-repeat":"repeat","background-position":"center center","background-size":"auto","background-attachment":"scroll","background-type":"","background-media":"","overlay-type":"","overlay-color":"","overlay-opacity":"","overlay-gradient":""}},"ast-content-background-meta":{"desktop":{"background-color":"var(--ast-global-color-5)","background-image":"","background-repeat":"repeat","background-position":"center center","background-size":"auto","background-attachment":"scroll","background-type":"","background-media":"","overlay-type":"","overlay-color":"","overlay-opacity":"","overlay-gradient":""},"tablet":{"background-color":"var(--ast-global-color-5)","background-image":"","background-repeat":"repeat","background-position":"center center","background-size":"auto","background-attachment":"scroll","background-type":"","background-media":"","overlay-type":"","overlay-color":"","overlay-opacity":"","overlay-gradient":""},"mobile":{"background-color":"var(--ast-global-color-5)","background-image":"","background-repeat":"repeat","background-position":"center center","background-size":"auto","background-attachment":"scroll","background-type":"","background-media":"","overlay-type":"","overlay-color":"","overlay-opacity":"","overlay-gradient":""}}},"product_brand":[],"product_cat":[310,321,311,312,313,317,314],"product_tag":[],"berocket_brand":[584],"class_list":{"0":"post-21180","1":"product","2":"type-product","3":"status-publish","4":"has-post-thumbnail","6":"product_cat-attirisana","7":"product_cat-hidrofila-ella","8":"product_cat-jutigai-adai-attirisana","9":"product_cat-kombinetai-adai-attirisana","10":"product_cat-problematiskai-adai-attirisana","11":"product_cat-sausai-adai-attirisana","12":"product_cat-taukainai-adai-attirisana","13":"berocket_brand-tirtir","14":"desktop-align-left","15":"tablet-align-left","16":"mobile-align-left","18":"first","19":"instock","20":"taxable","21":"shipping-taxable","22":"purchasable","23":"product-type-simple","24":"add-to-wishlist-before_image"},"yoast_head":"<!-- This site is optimized with the Yoast SEO plugin v27.3 - https:\/\/yoast.com\/product\/yoast-seo-wordpress\/ -->\n<title>TIRTIR Hydro Boost Enzyme Cleansing Balm 120ml - FACECORNER<\/title>\n<meta name=\"description\" content=\"TIRTIR Hydro Boost Enzyme Cleansing Balm Att\u012bro\u0161ais balzams lieliski att\u012bra \u0101du no visa veida net\u012brumiem un lieliski tiek gal\u0101 pat ar notur\u012bgu kosm\u0113tiku\" \/>\n<meta name=\"robots\" content=\"index, follow, max-snippet:-1, max-image-preview:large, max-video-preview:-1\" \/>\n<link rel=\"canonical\" href=\"https:\/\/www.facecorner.lv\/ru\/shop\/tirtir-hydro-boost-enzyme-cleansing-balm-120-ml\/\" \/>\n<meta property=\"og:locale\" content=\"ru_RU\" \/>\n<meta property=\"og:type\" content=\"article\" \/>\n<meta property=\"og:title\" content=\"TIRTIR Hydro Boost Enzyme Cleansing Balm 120ml - FACECORNER\" \/>\n<meta property=\"og:description\" content=\"TIRTIR Hydro Boost Enzyme Cleansing Balm Att\u012bro\u0161ais balzams lieliski att\u012bra \u0101du no visa veida net\u012brumiem un lieliski tiek gal\u0101 pat ar notur\u012bgu kosm\u0113tiku\" \/>\n<meta property=\"og:url\" content=\"https:\/\/www.facecorner.lv\/ru\/shop\/tirtir-hydro-boost-enzyme-cleansing-balm-120-ml\/\" \/>\n<meta property=\"og:site_name\" content=\"FACECORNER\" \/>\n<meta property=\"article:publisher\" content=\"https:\/\/www.facebook.com\/profile.php?id=100063824551839\" \/>\n<meta property=\"article:modified_time\" content=\"2025-11-14T09:51:59+00:00\" \/>\n<meta property=\"og:image\" content=\"https:\/\/www.facecorner.lv\/wp-content\/uploads\/2024\/09\/41MP6kVpY0L._AC_UF10001000_QL80_-1.jpg\" \/>\n\t<meta property=\"og:image:width\" content=\"1000\" \/>\n\t<meta property=\"og:image:height\" content=\"906\" \/>\n\t<meta property=\"og:image:type\" content=\"image\/jpeg\" \/>\n<meta name=\"twitter:card\" content=\"summary_large_image\" \/>\n<meta name=\"twitter:label1\" content=\"\u0426\u0435\u043d\u0430\" \/>\n\t<meta name=\"twitter:data1\" content=\"&euro;33.00\" \/>\n\t<meta name=\"twitter:label2\" content=\"\u0414\u043e\u0441\u0442\u0443\u043f\u043d\u043e\u0441\u0442\u044c\" \/>\n\t<meta name=\"twitter:data2\" content=\"\u0412 \u043d\u0430\u043b\u0438\u0447\u0438\u0438\" \/>\n<script type=\"application\/ld+json\" class=\"yoast-schema-graph\">{\"@context\":\"https:\\\/\\\/schema.org\",\"@graph\":[{\"@type\":\"WebPage\",\"@id\":\"https:\\\/\\\/www.facecorner.lv\\\/shop\\\/tirtir-hydro-boost-enzyme-cleansing-balm-120-ml\\\/\",\"url\":\"https:\\\/\\\/www.facecorner.lv\\\/shop\\\/tirtir-hydro-boost-enzyme-cleansing-balm-120-ml\\\/\",\"name\":\"TIRTIR Hydro Boost Enzyme Cleansing Balm 120ml - FACECORNER\",\"isPartOf\":{\"@id\":\"https:\\\/\\\/www.facecorner.lv\\\/#website\"},\"primaryImageOfPage\":{\"@id\":\"https:\\\/\\\/www.facecorner.lv\\\/shop\\\/tirtir-hydro-boost-enzyme-cleansing-balm-120-ml\\\/#primaryimage\"},\"image\":{\"@id\":\"https:\\\/\\\/www.facecorner.lv\\\/shop\\\/tirtir-hydro-boost-enzyme-cleansing-balm-120-ml\\\/#primaryimage\"},\"thumbnailUrl\":\"https:\\\/\\\/www.facecorner.lv\\\/wp-content\\\/uploads\\\/2024\\\/09\\\/41MP6kVpY0L._AC_UF10001000_QL80_-1.jpg\",\"datePublished\":\"2024-09-26T09:50:42+00:00\",\"dateModified\":\"2025-11-14T09:51:59+00:00\",\"description\":\"TIRTIR Hydro Boost Enzyme Cleansing Balm Att\u012bro\u0161ais balzams lieliski att\u012bra \u0101du no visa veida net\u012brumiem un lieliski tiek gal\u0101 pat ar notur\u012bgu kosm\u0113tiku\",\"breadcrumb\":{\"@id\":\"https:\\\/\\\/www.facecorner.lv\\\/shop\\\/tirtir-hydro-boost-enzyme-cleansing-balm-120-ml\\\/#breadcrumb\"},\"inLanguage\":\"ru-RU\",\"potentialAction\":[{\"@type\":\"ReadAction\",\"target\":[\"https:\\\/\\\/www.facecorner.lv\\\/shop\\\/tirtir-hydro-boost-enzyme-cleansing-balm-120-ml\\\/\"]}]},{\"@type\":\"ImageObject\",\"inLanguage\":\"ru-RU\",\"@id\":\"https:\\\/\\\/www.facecorner.lv\\\/shop\\\/tirtir-hydro-boost-enzyme-cleansing-balm-120-ml\\\/#primaryimage\",\"url\":\"https:\\\/\\\/www.facecorner.lv\\\/wp-content\\\/uploads\\\/2024\\\/09\\\/41MP6kVpY0L._AC_UF10001000_QL80_-1.jpg\",\"contentUrl\":\"https:\\\/\\\/www.facecorner.lv\\\/wp-content\\\/uploads\\\/2024\\\/09\\\/41MP6kVpY0L._AC_UF10001000_QL80_-1.jpg\",\"width\":1000,\"height\":906,\"caption\":\"TIRTIR Hydro Boost Enzyme Cleansing Balm 120 ml\"},{\"@type\":\"BreadcrumbList\",\"@id\":\"https:\\\/\\\/www.facecorner.lv\\\/shop\\\/tirtir-hydro-boost-enzyme-cleansing-balm-120-ml\\\/#breadcrumb\",\"itemListElement\":[{\"@type\":\"ListItem\",\"position\":1,\"name\":\"Home\",\"item\":\"https:\\\/\\\/www.facecorner.lv\\\/\"},{\"@type\":\"ListItem\",\"position\":2,\"name\":\"Veikals\",\"item\":\"https:\\\/\\\/www.facecorner.lv\\\/shop\\\/\"},{\"@type\":\"ListItem\",\"position\":3,\"name\":\"TIRTIR Hydro Boost Enzyme Cleansing Balm 120ml\"}]},{\"@type\":\"WebSite\",\"@id\":\"https:\\\/\\\/www.facecorner.lv\\\/#website\",\"url\":\"https:\\\/\\\/www.facecorner.lv\\\/\",\"name\":\"Facecorner\",\"description\":\"\",\"publisher\":{\"@id\":\"https:\\\/\\\/www.facecorner.lv\\\/#organization\"},\"potentialAction\":[{\"@type\":\"SearchAction\",\"target\":{\"@type\":\"EntryPoint\",\"urlTemplate\":\"https:\\\/\\\/www.facecorner.lv\\\/?s={search_term_string}\"},\"query-input\":{\"@type\":\"PropertyValueSpecification\",\"valueRequired\":true,\"valueName\":\"search_term_string\"}}],\"inLanguage\":\"ru-RU\"},{\"@type\":\"Organization\",\"@id\":\"https:\\\/\\\/www.facecorner.lv\\\/#organization\",\"name\":\"Facecorner\",\"url\":\"https:\\\/\\\/www.facecorner.lv\\\/\",\"logo\":{\"@type\":\"ImageObject\",\"inLanguage\":\"ru-RU\",\"@id\":\"https:\\\/\\\/www.facecorner.lv\\\/#\\\/schema\\\/logo\\\/image\\\/\",\"url\":\"https:\\\/\\\/www.facecorner.lv\\\/wp-content\\\/uploads\\\/2024\\\/04\\\/fc-logo.jpg\",\"contentUrl\":\"https:\\\/\\\/www.facecorner.lv\\\/wp-content\\\/uploads\\\/2024\\\/04\\\/fc-logo.jpg\",\"width\":174,\"height\":28,\"caption\":\"Facecorner\"},\"image\":{\"@id\":\"https:\\\/\\\/www.facecorner.lv\\\/#\\\/schema\\\/logo\\\/image\\\/\"},\"sameAs\":[\"https:\\\/\\\/www.facebook.com\\\/profile.php?id=100063824551839\",\"https:\\\/\\\/www.instagram.com\\\/facecorner_shop\\\/\"]}]}<\/script>\n<meta property=\"product:price:amount\" content=\"33.00\" \/>\n<meta property=\"product:price:currency\" content=\"EUR\" \/>\n<meta property=\"og:availability\" content=\"instock\" \/>\n<meta property=\"product:availability\" content=\"instock\" \/>\n<meta property=\"product:condition\" content=\"new\" \/>\n<!-- \/ Yoast SEO plugin. -->","yoast_head_json":{"title":"TIRTIR Hydro Boost Enzyme Cleansing Balm 120ml - FACECORNER","description":"TIRTIR Hydro Boost Enzyme Cleansing Balm Att\u012bro\u0161ais balzams lieliski att\u012bra \u0101du no visa veida net\u012brumiem un lieliski tiek gal\u0101 pat ar notur\u012bgu kosm\u0113tiku","robots":{"index":"index","follow":"follow","max-snippet":"max-snippet:-1","max-image-preview":"max-image-preview:large","max-video-preview":"max-video-preview:-1"},"canonical":"https:\/\/www.facecorner.lv\/ru\/shop\/tirtir-hydro-boost-enzyme-cleansing-balm-120-ml\/","og_locale":"ru_RU","og_type":"article","og_title":"TIRTIR Hydro Boost Enzyme Cleansing Balm 120ml - FACECORNER","og_description":"TIRTIR Hydro Boost Enzyme Cleansing Balm Att\u012bro\u0161ais balzams lieliski att\u012bra \u0101du no visa veida net\u012brumiem un lieliski tiek gal\u0101 pat ar notur\u012bgu kosm\u0113tiku","og_url":"https:\/\/www.facecorner.lv\/ru\/shop\/tirtir-hydro-boost-enzyme-cleansing-balm-120-ml\/","og_site_name":"FACECORNER","article_publisher":"https:\/\/www.facebook.com\/profile.php?id=100063824551839","article_modified_time":"2025-11-14T09:51:59+00:00","og_image":[{"width":1000,"height":906,"url":"https:\/\/www.facecorner.lv\/wp-content\/uploads\/2024\/09\/41MP6kVpY0L._AC_UF10001000_QL80_-1.jpg","type":"image\/jpeg"}],"twitter_card":"summary_large_image","twitter_misc":{"\u0426\u0435\u043d\u0430":"&euro;33.00","\u0414\u043e\u0441\u0442\u0443\u043f\u043d\u043e\u0441\u0442\u044c":"\u0412 \u043d\u0430\u043b\u0438\u0447\u0438\u0438"},"schema":{"@context":"https:\/\/schema.org","@graph":[{"@type":"WebPage","@id":"https:\/\/www.facecorner.lv\/shop\/tirtir-hydro-boost-enzyme-cleansing-balm-120-ml\/","url":"https:\/\/www.facecorner.lv\/shop\/tirtir-hydro-boost-enzyme-cleansing-balm-120-ml\/","name":"TIRTIR Hydro Boost Enzyme Cleansing Balm 120ml - FACECORNER","isPartOf":{"@id":"https:\/\/www.facecorner.lv\/#website"},"primaryImageOfPage":{"@id":"https:\/\/www.facecorner.lv\/shop\/tirtir-hydro-boost-enzyme-cleansing-balm-120-ml\/#primaryimage"},"image":{"@id":"https:\/\/www.facecorner.lv\/shop\/tirtir-hydro-boost-enzyme-cleansing-balm-120-ml\/#primaryimage"},"thumbnailUrl":"https:\/\/www.facecorner.lv\/wp-content\/uploads\/2024\/09\/41MP6kVpY0L._AC_UF10001000_QL80_-1.jpg","datePublished":"2024-09-26T09:50:42+00:00","dateModified":"2025-11-14T09:51:59+00:00","description":"TIRTIR Hydro Boost Enzyme Cleansing Balm Att\u012bro\u0161ais balzams lieliski att\u012bra \u0101du no visa veida net\u012brumiem un lieliski tiek gal\u0101 pat ar notur\u012bgu kosm\u0113tiku","breadcrumb":{"@id":"https:\/\/www.facecorner.lv\/shop\/tirtir-hydro-boost-enzyme-cleansing-balm-120-ml\/#breadcrumb"},"inLanguage":"ru-RU","potentialAction":[{"@type":"ReadAction","target":["https:\/\/www.facecorner.lv\/shop\/tirtir-hydro-boost-enzyme-cleansing-balm-120-ml\/"]}]},{"@type":"ImageObject","inLanguage":"ru-RU","@id":"https:\/\/www.facecorner.lv\/shop\/tirtir-hydro-boost-enzyme-cleansing-balm-120-ml\/#primaryimage","url":"https:\/\/www.facecorner.lv\/wp-content\/uploads\/2024\/09\/41MP6kVpY0L._AC_UF10001000_QL80_-1.jpg","contentUrl":"https:\/\/www.facecorner.lv\/wp-content\/uploads\/2024\/09\/41MP6kVpY0L._AC_UF10001000_QL80_-1.jpg","width":1000,"height":906,"caption":"TIRTIR Hydro Boost Enzyme Cleansing Balm 120 ml"},{"@type":"BreadcrumbList","@id":"https:\/\/www.facecorner.lv\/shop\/tirtir-hydro-boost-enzyme-cleansing-balm-120-ml\/#breadcrumb","itemListElement":[{"@type":"ListItem","position":1,"name":"Home","item":"https:\/\/www.facecorner.lv\/"},{"@type":"ListItem","position":2,"name":"Veikals","item":"https:\/\/www.facecorner.lv\/shop\/"},{"@type":"ListItem","position":3,"name":"TIRTIR Hydro Boost Enzyme Cleansing Balm 120ml"}]},{"@type":"WebSite","@id":"https:\/\/www.facecorner.lv\/#website","url":"https:\/\/www.facecorner.lv\/","name":"Facecorner","description":"","publisher":{"@id":"https:\/\/www.facecorner.lv\/#organization"},"potentialAction":[{"@type":"SearchAction","target":{"@type":"EntryPoint","urlTemplate":"https:\/\/www.facecorner.lv\/?s={search_term_string}"},"query-input":{"@type":"PropertyValueSpecification","valueRequired":true,"valueName":"search_term_string"}}],"inLanguage":"ru-RU"},{"@type":"Organization","@id":"https:\/\/www.facecorner.lv\/#organization","name":"Facecorner","url":"https:\/\/www.facecorner.lv\/","logo":{"@type":"ImageObject","inLanguage":"ru-RU","@id":"https:\/\/www.facecorner.lv\/#\/schema\/logo\/image\/","url":"https:\/\/www.facecorner.lv\/wp-content\/uploads\/2024\/04\/fc-logo.jpg","contentUrl":"https:\/\/www.facecorner.lv\/wp-content\/uploads\/2024\/04\/fc-logo.jpg","width":174,"height":28,"caption":"Facecorner"},"image":{"@id":"https:\/\/www.facecorner.lv\/#\/schema\/logo\/image\/"},"sameAs":["https:\/\/www.facebook.com\/profile.php?id=100063824551839","https:\/\/www.instagram.com\/facecorner_shop\/"]}]},"product_price_amount":"33.00","product_price_currency":"EUR","og_availability":"instock","product_availability":"instock","product_condition":"new"},"_links":{"self":[{"href":"https:\/\/www.facecorner.lv\/ru\/wp-json\/wp\/v2\/product\/21180","targetHints":{"allow":["GET"]}}],"collection":[{"href":"https:\/\/www.facecorner.lv\/ru\/wp-json\/wp\/v2\/product"}],"about":[{"href":"https:\/\/www.facecorner.lv\/ru\/wp-json\/wp\/v2\/types\/product"}],"replies":[{"embeddable":true,"href":"https:\/\/www.facecorner.lv\/ru\/wp-json\/wp\/v2\/comments?post=21180"}],"wp:featuredmedia":[{"embeddable":true,"href":"https:\/\/www.facecorner.lv\/ru\/wp-json\/wp\/v2\/media\/21181"}],"wp:attachment":[{"href":"https:\/\/www.facecorner.lv\/ru\/wp-json\/wp\/v2\/media?parent=21180"}],"wp:term":[{"taxonomy":"product_brand","embeddable":true,"href":"https:\/\/www.facecorner.lv\/ru\/wp-json\/wp\/v2\/product_brand?post=21180"},{"taxonomy":"product_cat","embeddable":true,"href":"https:\/\/www.facecorner.lv\/ru\/wp-json\/wp\/v2\/product_cat?post=21180"},{"taxonomy":"product_tag","embeddable":true,"href":"https:\/\/www.facecorner.lv\/ru\/wp-json\/wp\/v2\/product_tag?post=21180"},{"taxonomy":"berocket_brand","embeddable":true,"href":"https:\/\/www.facecorner.lv\/ru\/wp-json\/wp\/v2\/berocket_brand?post=21180"}],"curies":[{"name":"wp","href":"https:\/\/api.w.org\/{rel}","templated":true}]}}