{"id":20319,"date":"2024-08-12T20:26:49","date_gmt":"2024-08-12T18:26:49","guid":{"rendered":"https:\/\/www.facecorner.lv\/?post_type=product&#038;p=20319"},"modified":"2025-01-27T16:50:06","modified_gmt":"2025-01-27T13:50:06","slug":"vt-cosmetics-vt-reedle-shot-700-30ml","status":"publish","type":"product","link":"https:\/\/www.facecorner.lv\/ru\/shop\/vt-cosmetics-vt-reedle-shot-700-30ml\/","title":{"rendered":"VT Cosmetics VT Reedle shot 700 30ml"},"content":{"rendered":"<p>\u042d\u0441\u0441\u0435\u043d\u0446\u0438\u044f \u0441 \u043c\u0438\u043a\u0440\u043e\u0438\u0433\u043b\u0430\u043c\u0438 VT Cosmetics VT Reedle shot 700 \u043e\u0431\u0435\u0441\u043f\u0435\u0447\u0438\u0432\u0430\u0435\u0442 \u0441\u0442\u0438\u043c\u0443\u043b\u0438\u0440\u0443\u044e\u0449\u0435\u0435 \u0434\u0435\u0439\u0441\u0442\u0432\u0438\u0435, \u0443\u043b\u0443\u0447\u0448\u0430\u0435\u0442 \u043a\u043b\u0435\u0442\u043e\u0447\u043d\u044b\u0439 \u043e\u0431\u043c\u0435\u043d \u0438 \u043a\u0440\u043e\u0432\u043e\u043e\u0431\u0440\u0430\u0449\u0435\u043d\u0438\u0435, \u0440\u0430\u0437\u0433\u043b\u0430\u0436\u0438\u0432\u0430\u0435\u0442 \u043c\u043e\u0440\u0449\u0438\u043d\u044b \u0438 \u043f\u043e\u0434\u0442\u044f\u0433\u0438\u0432\u0430\u0435\u0442 \u043e\u0432\u0430\u043b \u043b\u0438\u0446\u0430, \u0437\u0430\u043c\u0435\u0442\u043d\u043e \u043f\u043e\u0432\u044b\u0448\u0430\u044f \u044d\u043b\u0430\u0441\u0442\u0438\u0447\u043d\u043e\u0441\u0442\u044c \u0438 \u0443\u043f\u0440\u0443\u0433\u043e\u0441\u0442\u044c \u0442\u043a\u0430\u043d\u0435\u0439, \u0433\u043b\u0443\u0431\u043e\u043a\u043e \u0443\u0432\u043b\u0430\u0436\u043d\u044f\u0435\u0442 \u0438 \u0437\u0430\u043f\u0443\u0441\u043a\u0430\u0435\u0442 \u043c\u043e\u0449\u043d\u044b\u0439 \u043f\u0440\u043e\u0446\u0435\u0441\u0441 \u0440\u0435\u0433\u0435\u043d\u0435\u0440\u0430\u0446\u0438\u0438.<\/p>\n<p>\u041b\u0438\u043d\u0435\u0439\u043a\u0430 REEDLE SHOT \u0441\u043e\u0447\u0435\u0442\u0430\u0435\u0442 \u0432 \u0441\u0435\u0431\u0435 CICA-\u043a\u043e\u043c\u043f\u043b\u0435\u043a\u0441 \u0438 \u0437\u0430\u043f\u0430\u0442\u0435\u043d\u0442\u043e\u0432\u0430\u043d\u043d\u044b\u0439 \u0438\u043d\u0433\u0440\u0435\u0434\u0438\u0435\u043d\u0442 \u0432 \u0444\u043e\u0440\u043c\u0435 \u043c\u0438\u043a\u0440\u043e\u0438\u0433\u043b (\u0441 \u043f\u043e\u043a\u0440\u044b\u0442\u0438\u0435\u043c \u0438\u0437 \u043d\u0430\u043d\u043e\u0447\u0430\u0441\u0442\u0438\u0446 \u043c\u0435\u0437\u043e\u043f\u043e\u0440\u0438\u0441\u0442\u043e\u0433\u043e \u043a\u0440\u0435\u043c\u043d\u0435\u0437\u0435\u043c\u0430) \u0434\u043b\u044f \u044d\u0444\u0444\u0435\u043a\u0442\u0438\u0432\u043d\u043e\u0439 \u0434\u043e\u0441\u0442\u0430\u0432\u043a\u0438 \u043a\u043e\u0441\u043c\u0435\u0442\u0438\u0447\u0435\u0441\u043a\u0438\u0445 \u0441\u0440\u0435\u0434\u0441\u0442\u0432 \u0434\u0430\u0436\u0435 \u0432 \u0441\u0430\u043c\u044b\u0435 \u0433\u043b\u0443\u0431\u043e\u043a\u0438\u0435 \u0441\u043b\u043e\u0438 \u043a\u043e\u0436\u0438.<\/p>\n<p>\u041c\u0438\u043a\u0440\u043e\u0438\u0433\u043b\u044b \u043e\u0431\u043b\u0430\u0434\u0430\u044e\u0442 \u044f\u0440\u043a\u043e \u0432\u044b\u0440\u0430\u0436\u0435\u043d\u043d\u044b\u043c\u0438 \u043e\u043c\u043e\u043b\u0430\u0436\u0438\u0432\u0430\u044e\u0449\u0438\u043c\u0438 \u0441\u0432\u043e\u0439\u0441\u0442\u0432\u0430\u043c\u0438, \u0441\u043f\u043e\u0441\u043e\u0431\u0441\u0442\u0432\u0443\u044e\u0442 \u0443\u0434\u0430\u043b\u0435\u043d\u0438\u044e \u043e\u0440\u043e\u0433\u043e\u0432\u0435\u0432\u0448\u0435\u0433\u043e \u0441\u043b\u043e\u044f \u044d\u043f\u0438\u0434\u0435\u0440\u043c\u0438\u0441\u0430, \u043e\u043a\u0430\u0437\u044b\u0432\u0430\u044f \u0432\u044b\u0440\u0430\u0432\u043d\u0438\u0432\u0430\u044e\u0449\u0438\u0439 \u044d\u0444\u0444\u0435\u043a\u0442, \u0438 \u043a\u043e\u043d\u0442\u0440\u043e\u043b\u0438\u0440\u0443\u044e\u0442 \u0440\u0430\u0431\u043e\u0442\u0443 \u0441\u0430\u043b\u044c\u043d\u044b\u0445 \u0436\u0435\u043b\u0435\u0437, \u043f\u0440\u0435\u0434\u0443\u043f\u0440\u0435\u0436\u0434\u0430\u044f \u043f\u043e\u044f\u0432\u043b\u0435\u043d\u0438\u0435 \u0432\u043e\u0441\u043f\u0430\u043b\u0435\u043d\u0438\u0439 \u0438 \u0438\u0437\u043b\u0438\u0448\u043d\u0435\u0439 \u0436\u0438\u0440\u043d\u043e\u0441\u0442\u0438 \u043a\u043e\u0436\u043d\u043e\u0433\u043e \u043f\u043e\u043a\u0440\u043e\u0432\u0430.<\/p>\n<p>\u0417\u0430\u043f\u0430\u0442\u0435\u043d\u0442\u043e\u0432\u0430\u043d\u043d\u0430\u044f \u0444\u043e\u0440\u043c\u0443\u043b\u0430 CICA REEDLE, \u043a\u043e\u0442\u043e\u0440\u0430\u044f \u0432\u0445\u043e\u0434\u0438\u0442 \u0432 \u0441\u043e\u0441\u0442\u0430\u0432, \u043e\u043a\u0430\u0437\u044b\u0432\u0430\u0435\u0442 \u0443\u0441\u043f\u043e\u043a\u0430\u0438\u0432\u0430\u044e\u0449\u0435\u0435 \u0434\u0435\u0439\u0441\u0442\u0432\u0438\u0435 \u043d\u0430 \u0440\u0430\u0437\u0434\u0440\u0430\u0436\u0435\u043d\u043d\u0443\u044e \u0438 \u0447\u0443\u0432\u0441\u0442\u0432\u0438\u0442\u0435\u043b\u044c\u043d\u0443\u044e \u043a\u043e\u0436\u0443. \u041f\u043e\u043c\u043e\u0433\u0430\u0435\u0442 \u043a\u043e\u0436\u0435 \u0431\u044b\u0441\u0442\u0440\u0435\u0435 \u0432\u043e\u0441\u0441\u0442\u0430\u043d\u043e\u0432\u0438\u0442\u044c \u0437\u0430\u0449\u0438\u0442\u043d\u044b\u0439 \u0431\u0430\u0440\u044c\u0435\u0440 \u043f\u043e\u0441\u043b\u0435 \u0440\u0430\u0437\u043b\u0438\u0447\u043d\u044b\u0445 \u043a\u043e\u0441\u043c\u0435\u0442\u043e\u043b\u043e\u0433\u0438\u0447\u0435\u0441\u043a\u0438\u0445 \u043f\u0440\u043e\u0446\u0435\u0434\u0443\u0440\u0443, \u0437\u0430\u0436\u0438\u0432\u043b\u044f\u0435\u0442 \u0441\u043b\u0435\u0434\u044b \u043e\u0442 \u043f\u043e\u0441\u0442-\u0430\u043a\u043d\u0435.<\/p>\n<p>\u0421\u0440\u0435\u0434\u0441\u0442\u0432\u043e \u043e\u0431\u043b\u0430\u0434\u0430\u0435\u0442 \u043d\u0435\u0436\u043d\u043e\u0439 \u0442\u0430\u044e\u0449\u0435\u0439 \u0442\u0435\u043a\u0441\u0442\u0443\u0440\u043e\u0439, \u043b\u0435\u0433\u043a\u043e \u043d\u0430\u043d\u043e\u0441\u0438\u0442\u0441\u044f \u0438 \u0440\u0430\u0441\u043f\u0440\u0435\u0434\u0435\u043b\u044f\u0435\u0442\u0441\u044f, \u0431\u044b\u0441\u0442\u0440\u043e \u0432\u043f\u0438\u0442\u044b\u0432\u0430\u0435\u0442\u0441\u044f, \u043d\u0435 \u043e\u0441\u0442\u0430\u0432\u043b\u044f\u0435\u0442 \u043b\u0438\u043f\u043a\u043e\u0441\u0442\u0438 \u0438 \u0436\u0438\u0440\u043d\u043e\u0439 \u043f\u043b\u0435\u043d\u043a\u0438 \u0438 \u043c\u0433\u043d\u043e\u0432\u0435\u043d\u043d\u043e \u0434\u0430\u0440\u0438\u0442 \u043a\u043e\u0436\u0435 \u0447\u0443\u0432\u0441\u0442\u0432\u043e \u043a\u043e\u043c\u0444\u043e\u0440\u0442\u0430. \u041f\u0440\u0438 \u043d\u0430\u043d\u0435\u0441\u0435\u043d\u0438\u0438 \u0441\u0440\u0435\u0434\u0441\u0442\u0432\u0430 \u0447\u0443\u0432\u0441\u0442\u0432\u0443\u0435\u0442\u0441\u044f \u043d\u0435\u0431\u043e\u043b\u044c\u0448\u043e\u0435 \u043f\u043e\u043a\u0430\u043b\u044b\u0432\u0430\u043d\u0438\u0435 \u043a\u043e\u0436\u0438 - \u044d\u0442\u043e \u043d\u043e\u0440\u043c\u0430\u043b\u044c\u043d\u043e.  \u041f\u0440\u0438 \u043f\u043e\u044f\u0432\u043b\u0435\u043d\u0438\u0438 \u0441\u0438\u043b\u044c\u043d\u043e\u0433\u043e \u043f\u043e\u043a\u0430\u043b\u044b\u0432\u0430\u043d\u0438\u044f \u0440\u0435\u043a\u043e\u043c\u0435\u043d\u0434\u0443\u0435\u0442\u0441\u044f \u0438\u0441\u043f\u043e\u043b\u044c\u0437\u043e\u0432\u0430\u0442\u044c \u0441\u0440\u0435\u0434\u0441\u0442\u0432\u043e \u0432\u043c\u0435\u0441\u0442\u0435 \u0441 \u0443\u0432\u043b\u0430\u0436\u043d\u044f\u044e\u0449\u0438\u043c \u043a\u0440\u0435\u043c\u043e\u043c \u043d\u0430 \u0432\u043e\u0434\u043d\u043e\u0439 \u043e\u0441\u043d\u043e\u0432\u0435.<\/p>\n<p>\u041a\u043b\u0438\u043d\u0438\u0447\u0435\u0441\u043a\u0438 \u0434\u043e\u043a\u0430\u0437\u0430\u043d\u043e \u0443\u043b\u0443\u0447\u0448\u0435\u043d\u0438\u0435 \u0442\u0435\u043a\u0441\u0442\u0443\u0440\u044b \u043a\u043e\u0436\u0438 \u0432\u0441\u0435\u0433\u043e \u0437\u0430 \u043e\u0434\u043d\u043e \u043f\u0440\u0438\u043c\u0435\u043d\u0435\u043d\u0438\u0435.<strong>\u041c\u043e\u0436\u043d\u043e \u0438\u0441\u043f\u043e\u043b\u044c\u0437\u043e\u0432\u0430\u0442\u044c 1-2 \u0440\u0430\u0437\u0430 \u0432 \u043d\u0435\u0434\u0435\u043b\u044e \u0432 \u0432\u0435\u0447\u0435\u0440\u043d\u0435\u0435 \u0432\u0440\u0435\u043c\u044f.<\/strong><\/p>\n<p>\u0421\u043f\u043e\u0441\u043e\u0431 \u043f\u0440\u0438\u043c\u0435\u043d\u0435\u043d\u0438\u044f:\n\u041d\u0430 \u043f\u0440\u0435\u0434\u0432\u0430\u0440\u0438\u0442\u0435\u043b\u044c\u043d\u043e \u043e\u0447\u0438\u0449\u0435\u043d\u043d\u0443\u044e \u0441\u0443\u0445\u0443\u044e \u043a\u043e\u0436\u0443 \u043b\u0438\u0446\u0430 \u0440\u0430\u0432\u043d\u043e\u043c\u0435\u0440\u043d\u043e \u043d\u0430\u043d\u0435\u0441\u0438\u0442\u0435 \u044d\u0441\u0441\u0435\u043d\u0446\u0438\u044e \u0438 \u0430\u043a\u043a\u0443\u0440\u0430\u0442\u043d\u043e \u0440\u0430\u0441\u043f\u0440\u0435\u0434\u0435\u043b\u0438\u0442\u0435 \u043a\u043e\u043d\u0447\u0438\u043a\u0430\u043c\u0438 \u043f\u0430\u043b\u044c\u0446\u0435\u0432. \u041d\u0430\u043d\u043e\u0441\u0438\u0442\u0435 \u0441\u0440\u0435\u0434\u0441\u0442\u0432\u043e \u043b\u0435\u0433\u043a\u0438\u043c\u0438 \u043c\u0430\u0441\u0441\u0438\u0440\u0443\u044e\u0449\u0438\u043c\u0438 \u0434\u0432\u0438\u0436\u0435\u043d\u0438\u044f\u043c\u0438 \u043d\u0430 \u043a\u043e\u0436\u0443, \u0438\u0437\u0431\u0435\u0433\u0430\u044f \u0432\u0442\u0438\u0440\u0430\u043d\u0438\u044f.<\/p>\n<p><strong>\u0421\u043e\u0441\u0442\u0430\u0432<\/strong> Water, Glycerin, Propanediol, Methylpropanediol, Caprylic\/Capric Triglyceride, Butylene Glycol, Pentaerythrityl Tetraethylhexanoate, Cetyl Ethylhexanoate, Glycereth-26, Butyrospermum Parkii (Shea) Butter, Macadamia Ternifolia Seed Oil, Niacinamide, Silica, Polyglyceryl-3 Methylglucose Distearate, Cetearyl Alcohol, Stearic Acid, 1,2-Hexanediol, C12-16 Alcohols, Sodium Acrylate\/Sodium Acryloyldimethyl Taurate Copolymer, Polyisobutene, Hydrogenated Lecithin, Palmitic Acid, Arginine, Cetearyl Glucoside, Carbomer, Ethylhexylglycerin, Caprylyl Glycol, Centella Asiatica Extract, Adenosine, Caprylyl\/Capryl Glucoside, Sorbitan Oleate, Tocopheryl Acetate, Disodium EDTA, Sodium Hyaluronate, Acrylates\/C10-30 Alkyl Acrylate Crosspolymer, Glucose, Propolis Extract, Asiaticoside, Hydrolyzed Elastin, Madecassoside, Madecassic Acid, Asiatic Acid, Glycine, Serine, Glutamic Acid, Aspartic Acid, Leucine, Alanine, Lysine, Tyrosin, Phenylalanine, Threonine, Proline, Valine, Isoleucine, Ceramide NP, Histidine, Methionine, Cysteine, Glycosphingolipids<\/p>","protected":false},"excerpt":{"rendered":"<p>\u042d\u0441\u0441\u0435\u043d\u0446\u0438\u044f \u0441 \u043c\u0438\u043a\u0440\u043e\u0438\u0433\u043b\u0430\u043c\u0438 VT Cosmetics VT Reedle shot 700 \u043e\u0431\u0435\u0441\u043f\u0435\u0447\u0438\u0432\u0430\u0435\u0442 \u0441\u0442\u0438\u043c\u0443\u043b\u0438\u0440\u0443\u044e\u0449\u0435\u0435 \u0434\u0435\u0439\u0441\u0442\u0432\u0438\u0435, \u0443\u043b\u0443\u0447\u0448\u0430\u0435\u0442 \u043a\u043b\u0435\u0442\u043e\u0447\u043d\u044b\u0439 \u043e\u0431\u043c\u0435\u043d \u0438 \u043a\u0440\u043e\u0432\u043e\u043e\u0431\u0440\u0430\u0449\u0435\u043d\u0438\u0435, \u0440\u0430\u0437\u0433\u043b\u0430\u0436\u0438\u0432\u0430\u0435\u0442 \u043c\u043e\u0440\u0449\u0438\u043d\u044b \u0438 \u043f\u043e\u0434\u0442\u044f\u0433\u0438\u0432\u0430\u0435\u0442 \u043e\u0432\u0430\u043b \u043b\u0438\u0446\u0430, \u0437\u0430\u043c\u0435\u0442\u043d\u043e \u043f\u043e\u0432\u044b\u0448\u0430\u044f \u044d\u043b\u0430\u0441\u0442\u0438\u0447\u043d\u043e\u0441\u0442\u044c \u0438 \u0443\u043f\u0440\u0443\u0433\u043e\u0441\u0442\u044c \u0442\u043a\u0430\u043d\u0435\u0439, \u0433\u043b\u0443\u0431\u043e\u043a\u043e \u0443\u0432\u043b\u0430\u0436\u043d\u044f\u0435\u0442 \u0438 \u0437\u0430\u043f\u0443\u0441\u043a\u0430\u0435\u0442 \u043c\u043e\u0449\u043d\u044b\u0439 \u043f\u0440\u043e\u0446\u0435\u0441\u0441 \u0440\u0435\u0433\u0435\u043d\u0435\u0440\u0430\u0446\u0438\u0438.<\/p>","protected":false},"featured_media":20320,"comment_status":"open","ping_status":"closed","template":"","meta":{"site-sidebar-layout":"default","site-content-layout":"","ast-site-content-layout":"","site-content-style":"default","site-sidebar-style":"default","ast-global-header-display":"","ast-banner-title-visibility":"","ast-main-header-display":"","ast-hfb-above-header-display":"","ast-hfb-below-header-display":"","ast-hfb-mobile-header-display":"","site-post-title":"","ast-breadcrumbs-content":"","ast-featured-img":"","footer-sml-layout":"","theme-transparent-header-meta":"","adv-header-id-meta":"","stick-header-meta":"","header-above-stick-meta":"","header-main-stick-meta":"","header-below-stick-meta":"","astra-migrate-meta-layouts":"default","ast-page-background-enabled":"default","ast-page-background-meta":{"desktop":{"background-color":"var(--ast-global-color-4)","background-image":"","background-repeat":"repeat","background-position":"center center","background-size":"auto","background-attachment":"scroll","background-type":"","background-media":"","overlay-type":"","overlay-color":"","overlay-opacity":"","overlay-gradient":""},"tablet":{"background-color":"","background-image":"","background-repeat":"repeat","background-position":"center center","background-size":"auto","background-attachment":"scroll","background-type":"","background-media":"","overlay-type":"","overlay-color":"","overlay-opacity":"","overlay-gradient":""},"mobile":{"background-color":"","background-image":"","background-repeat":"repeat","background-position":"center center","background-size":"auto","background-attachment":"scroll","background-type":"","background-media":"","overlay-type":"","overlay-color":"","overlay-opacity":"","overlay-gradient":""}},"ast-content-background-meta":{"desktop":{"background-color":"var(--ast-global-color-5)","background-image":"","background-repeat":"repeat","background-position":"center center","background-size":"auto","background-attachment":"scroll","background-type":"","background-media":"","overlay-type":"","overlay-color":"","overlay-opacity":"","overlay-gradient":""},"tablet":{"background-color":"var(--ast-global-color-5)","background-image":"","background-repeat":"repeat","background-position":"center center","background-size":"auto","background-attachment":"scroll","background-type":"","background-media":"","overlay-type":"","overlay-color":"","overlay-opacity":"","overlay-gradient":""},"mobile":{"background-color":"var(--ast-global-color-5)","background-image":"","background-repeat":"repeat","background-position":"center center","background-size":"auto","background-attachment":"scroll","background-type":"","background-media":"","overlay-type":"","overlay-color":"","overlay-opacity":"","overlay-gradient":""}}},"product_brand":[],"product_cat":[363,370,371,373,374],"product_tag":[],"berocket_brand":[582],"class_list":{"0":"post-20319","1":"product","2":"type-product","3":"status-publish","4":"has-post-thumbnail","6":"product_cat-serumi","7":"product_cat-adas-mirdzumam","8":"product_cat-anti-age","9":"product_cat-poras-sasaurinoss","10":"product_cat-pret-pinnem","11":"berocket_brand-vt","12":"desktop-align-left","13":"tablet-align-left","14":"mobile-align-left","16":"first","17":"outofstock","18":"sale","19":"taxable","20":"shipping-taxable","21":"purchasable","22":"product-type-simple","23":"add-to-wishlist-before_image"},"yoast_head":"<!-- This site is optimized with the Yoast SEO plugin v27.1.1 - https:\/\/yoast.com\/product\/yoast-seo-wordpress\/ -->\n<title>VT Cosmetics VT Reedle shot 700 30ml - FACECORNER<\/title>\n<meta name=\"description\" content=\"VT Cosmetics VT Reedle shot 700 esence nodro\u0161ina stimul\u0113jo\u0161u iedarb\u012bbu, uzlabo \u0161\u016bnu vielmai\u0146u un asinsriti, izl\u012bdzina grumbas un savelk sejas ov\u0101lu\" \/>\n<meta name=\"robots\" content=\"index, follow, max-snippet:-1, max-image-preview:large, max-video-preview:-1\" \/>\n<link rel=\"canonical\" href=\"https:\/\/www.facecorner.lv\/ru\/shop\/vt-cosmetics-vt-reedle-shot-700-30ml\/\" \/>\n<meta property=\"og:locale\" content=\"ru_RU\" \/>\n<meta property=\"og:type\" content=\"article\" \/>\n<meta property=\"og:title\" content=\"VT Cosmetics VT Reedle shot 700 30ml - FACECORNER\" \/>\n<meta property=\"og:description\" content=\"VT Cosmetics VT Reedle shot 700 esence nodro\u0161ina stimul\u0113jo\u0161u iedarb\u012bbu, uzlabo \u0161\u016bnu vielmai\u0146u un asinsriti, izl\u012bdzina grumbas un savelk sejas ov\u0101lu\" \/>\n<meta property=\"og:url\" content=\"https:\/\/www.facecorner.lv\/ru\/shop\/vt-cosmetics-vt-reedle-shot-700-30ml\/\" \/>\n<meta property=\"og:site_name\" content=\"FACECORNER\" \/>\n<meta property=\"article:publisher\" content=\"https:\/\/www.facebook.com\/profile.php?id=100063824551839\" \/>\n<meta property=\"article:modified_time\" content=\"2025-01-27T13:50:06+00:00\" \/>\n<meta property=\"og:image\" content=\"https:\/\/www.facecorner.lv\/wp-content\/uploads\/2024\/08\/51KcLyUlDAL._AC_UF10001000_QL80_.jpg\" \/>\n\t<meta property=\"og:image:width\" content=\"838\" \/>\n\t<meta property=\"og:image:height\" content=\"1000\" \/>\n\t<meta property=\"og:image:type\" content=\"image\/jpeg\" \/>\n<meta name=\"twitter:card\" content=\"summary_large_image\" \/>\n<meta name=\"twitter:label1\" content=\"\u0426\u0435\u043d\u0430\" \/>\n\t<meta name=\"twitter:data1\" content=\"&euro;46.00\" \/>\n\t<meta name=\"twitter:label2\" content=\"\u0414\u043e\u0441\u0442\u0443\u043f\u043d\u043e\u0441\u0442\u044c\" \/>\n\t<meta name=\"twitter:data2\" content=\"\u0420\u0430\u0441\u043f\u0440\u043e\u0434\u0430\u043d\u043e\" \/>\n<script type=\"application\/ld+json\" class=\"yoast-schema-graph\">{\"@context\":\"https:\/\/schema.org\",\"@graph\":[{\"@type\":\"WebPage\",\"@id\":\"https:\/\/www.facecorner.lv\/shop\/vt-cosmetics-vt-reedle-shot-700-30ml\/\",\"url\":\"https:\/\/www.facecorner.lv\/shop\/vt-cosmetics-vt-reedle-shot-700-30ml\/\",\"name\":\"VT Cosmetics VT Reedle shot 700 30ml - FACECORNER\",\"isPartOf\":{\"@id\":\"https:\/\/www.facecorner.lv\/#website\"},\"primaryImageOfPage\":{\"@id\":\"https:\/\/www.facecorner.lv\/shop\/vt-cosmetics-vt-reedle-shot-700-30ml\/#primaryimage\"},\"image\":{\"@id\":\"https:\/\/www.facecorner.lv\/shop\/vt-cosmetics-vt-reedle-shot-700-30ml\/#primaryimage\"},\"thumbnailUrl\":\"https:\/\/www.facecorner.lv\/wp-content\/uploads\/2024\/08\/51KcLyUlDAL._AC_UF10001000_QL80_.jpg\",\"datePublished\":\"2024-08-12T18:26:49+00:00\",\"dateModified\":\"2025-01-27T13:50:06+00:00\",\"description\":\"VT Cosmetics VT Reedle shot 700 esence nodro\u0161ina stimul\u0113jo\u0161u iedarb\u012bbu, uzlabo \u0161\u016bnu vielmai\u0146u un asinsriti, izl\u012bdzina grumbas un savelk sejas ov\u0101lu\",\"breadcrumb\":{\"@id\":\"https:\/\/www.facecorner.lv\/shop\/vt-cosmetics-vt-reedle-shot-700-30ml\/#breadcrumb\"},\"inLanguage\":\"ru-RU\",\"potentialAction\":[{\"@type\":\"ReadAction\",\"target\":[\"https:\/\/www.facecorner.lv\/shop\/vt-cosmetics-vt-reedle-shot-700-30ml\/\"]}]},{\"@type\":\"ImageObject\",\"inLanguage\":\"ru-RU\",\"@id\":\"https:\/\/www.facecorner.lv\/shop\/vt-cosmetics-vt-reedle-shot-700-30ml\/#primaryimage\",\"url\":\"https:\/\/www.facecorner.lv\/wp-content\/uploads\/2024\/08\/51KcLyUlDAL._AC_UF10001000_QL80_.jpg\",\"contentUrl\":\"https:\/\/www.facecorner.lv\/wp-content\/uploads\/2024\/08\/51KcLyUlDAL._AC_UF10001000_QL80_.jpg\",\"width\":838,\"height\":1000,\"caption\":\"VT Cosmetics VT Reedle shot 700 30ml\"},{\"@type\":\"BreadcrumbList\",\"@id\":\"https:\/\/www.facecorner.lv\/shop\/vt-cosmetics-vt-reedle-shot-700-30ml\/#breadcrumb\",\"itemListElement\":[{\"@type\":\"ListItem\",\"position\":1,\"name\":\"Home\",\"item\":\"https:\/\/www.facecorner.lv\/\"},{\"@type\":\"ListItem\",\"position\":2,\"name\":\"Veikals\",\"item\":\"https:\/\/www.facecorner.lv\/shop\/\"},{\"@type\":\"ListItem\",\"position\":3,\"name\":\"VT Cosmetics VT Reedle shot 700 30ml\"}]},{\"@type\":\"WebSite\",\"@id\":\"https:\/\/www.facecorner.lv\/#website\",\"url\":\"https:\/\/www.facecorner.lv\/\",\"name\":\"Facecorner\",\"description\":\"\",\"publisher\":{\"@id\":\"https:\/\/www.facecorner.lv\/#organization\"},\"potentialAction\":[{\"@type\":\"SearchAction\",\"target\":{\"@type\":\"EntryPoint\",\"urlTemplate\":\"https:\/\/www.facecorner.lv\/?s={search_term_string}\"},\"query-input\":{\"@type\":\"PropertyValueSpecification\",\"valueRequired\":true,\"valueName\":\"search_term_string\"}}],\"inLanguage\":\"ru-RU\"},{\"@type\":\"Organization\",\"@id\":\"https:\/\/www.facecorner.lv\/#organization\",\"name\":\"Facecorner\",\"url\":\"https:\/\/www.facecorner.lv\/\",\"logo\":{\"@type\":\"ImageObject\",\"inLanguage\":\"ru-RU\",\"@id\":\"https:\/\/www.facecorner.lv\/#\/schema\/logo\/image\/\",\"url\":\"https:\/\/www.facecorner.lv\/wp-content\/uploads\/2024\/04\/fc-logo.jpg\",\"contentUrl\":\"https:\/\/www.facecorner.lv\/wp-content\/uploads\/2024\/04\/fc-logo.jpg\",\"width\":174,\"height\":28,\"caption\":\"Facecorner\"},\"image\":{\"@id\":\"https:\/\/www.facecorner.lv\/#\/schema\/logo\/image\/\"},\"sameAs\":[\"https:\/\/www.facebook.com\/profile.php?id=100063824551839\",\"https:\/\/www.instagram.com\/facecorner_shop\/\"]}]}<\/script>\n<meta property=\"product:price:amount\" content=\"46.00\" \/>\n<meta property=\"product:price:currency\" content=\"EUR\" \/>\n<meta property=\"og:availability\" content=\"out of stock\" \/>\n<meta property=\"product:availability\" content=\"out of stock\" \/>\n<meta property=\"product:condition\" content=\"new\" \/>\n<!-- \/ Yoast SEO plugin. -->","yoast_head_json":{"title":"VT Cosmetics VT Reedle shot 700 30ml - FACECORNER","description":"VT Cosmetics VT Reedle shot 700 esence nodro\u0161ina stimul\u0113jo\u0161u iedarb\u012bbu, uzlabo \u0161\u016bnu vielmai\u0146u un asinsriti, izl\u012bdzina grumbas un savelk sejas ov\u0101lu","robots":{"index":"index","follow":"follow","max-snippet":"max-snippet:-1","max-image-preview":"max-image-preview:large","max-video-preview":"max-video-preview:-1"},"canonical":"https:\/\/www.facecorner.lv\/ru\/shop\/vt-cosmetics-vt-reedle-shot-700-30ml\/","og_locale":"ru_RU","og_type":"article","og_title":"VT Cosmetics VT Reedle shot 700 30ml - FACECORNER","og_description":"VT Cosmetics VT Reedle shot 700 esence nodro\u0161ina stimul\u0113jo\u0161u iedarb\u012bbu, uzlabo \u0161\u016bnu vielmai\u0146u un asinsriti, izl\u012bdzina grumbas un savelk sejas ov\u0101lu","og_url":"https:\/\/www.facecorner.lv\/ru\/shop\/vt-cosmetics-vt-reedle-shot-700-30ml\/","og_site_name":"FACECORNER","article_publisher":"https:\/\/www.facebook.com\/profile.php?id=100063824551839","article_modified_time":"2025-01-27T13:50:06+00:00","og_image":[{"width":838,"height":1000,"url":"https:\/\/www.facecorner.lv\/wp-content\/uploads\/2024\/08\/51KcLyUlDAL._AC_UF10001000_QL80_.jpg","type":"image\/jpeg"}],"twitter_card":"summary_large_image","twitter_misc":{"\u0426\u0435\u043d\u0430":"&euro;46.00","\u0414\u043e\u0441\u0442\u0443\u043f\u043d\u043e\u0441\u0442\u044c":"\u0420\u0430\u0441\u043f\u0440\u043e\u0434\u0430\u043d\u043e"},"schema":{"@context":"https:\/\/schema.org","@graph":[{"@type":"WebPage","@id":"https:\/\/www.facecorner.lv\/shop\/vt-cosmetics-vt-reedle-shot-700-30ml\/","url":"https:\/\/www.facecorner.lv\/shop\/vt-cosmetics-vt-reedle-shot-700-30ml\/","name":"VT Cosmetics VT Reedle shot 700 30ml - FACECORNER","isPartOf":{"@id":"https:\/\/www.facecorner.lv\/#website"},"primaryImageOfPage":{"@id":"https:\/\/www.facecorner.lv\/shop\/vt-cosmetics-vt-reedle-shot-700-30ml\/#primaryimage"},"image":{"@id":"https:\/\/www.facecorner.lv\/shop\/vt-cosmetics-vt-reedle-shot-700-30ml\/#primaryimage"},"thumbnailUrl":"https:\/\/www.facecorner.lv\/wp-content\/uploads\/2024\/08\/51KcLyUlDAL._AC_UF10001000_QL80_.jpg","datePublished":"2024-08-12T18:26:49+00:00","dateModified":"2025-01-27T13:50:06+00:00","description":"VT Cosmetics VT Reedle shot 700 esence nodro\u0161ina stimul\u0113jo\u0161u iedarb\u012bbu, uzlabo \u0161\u016bnu vielmai\u0146u un asinsriti, izl\u012bdzina grumbas un savelk sejas ov\u0101lu","breadcrumb":{"@id":"https:\/\/www.facecorner.lv\/shop\/vt-cosmetics-vt-reedle-shot-700-30ml\/#breadcrumb"},"inLanguage":"ru-RU","potentialAction":[{"@type":"ReadAction","target":["https:\/\/www.facecorner.lv\/shop\/vt-cosmetics-vt-reedle-shot-700-30ml\/"]}]},{"@type":"ImageObject","inLanguage":"ru-RU","@id":"https:\/\/www.facecorner.lv\/shop\/vt-cosmetics-vt-reedle-shot-700-30ml\/#primaryimage","url":"https:\/\/www.facecorner.lv\/wp-content\/uploads\/2024\/08\/51KcLyUlDAL._AC_UF10001000_QL80_.jpg","contentUrl":"https:\/\/www.facecorner.lv\/wp-content\/uploads\/2024\/08\/51KcLyUlDAL._AC_UF10001000_QL80_.jpg","width":838,"height":1000,"caption":"VT Cosmetics VT Reedle shot 700 30ml"},{"@type":"BreadcrumbList","@id":"https:\/\/www.facecorner.lv\/shop\/vt-cosmetics-vt-reedle-shot-700-30ml\/#breadcrumb","itemListElement":[{"@type":"ListItem","position":1,"name":"Home","item":"https:\/\/www.facecorner.lv\/"},{"@type":"ListItem","position":2,"name":"Veikals","item":"https:\/\/www.facecorner.lv\/shop\/"},{"@type":"ListItem","position":3,"name":"VT Cosmetics VT Reedle shot 700 30ml"}]},{"@type":"WebSite","@id":"https:\/\/www.facecorner.lv\/#website","url":"https:\/\/www.facecorner.lv\/","name":"Facecorner","description":"","publisher":{"@id":"https:\/\/www.facecorner.lv\/#organization"},"potentialAction":[{"@type":"SearchAction","target":{"@type":"EntryPoint","urlTemplate":"https:\/\/www.facecorner.lv\/?s={search_term_string}"},"query-input":{"@type":"PropertyValueSpecification","valueRequired":true,"valueName":"search_term_string"}}],"inLanguage":"ru-RU"},{"@type":"Organization","@id":"https:\/\/www.facecorner.lv\/#organization","name":"Facecorner","url":"https:\/\/www.facecorner.lv\/","logo":{"@type":"ImageObject","inLanguage":"ru-RU","@id":"https:\/\/www.facecorner.lv\/#\/schema\/logo\/image\/","url":"https:\/\/www.facecorner.lv\/wp-content\/uploads\/2024\/04\/fc-logo.jpg","contentUrl":"https:\/\/www.facecorner.lv\/wp-content\/uploads\/2024\/04\/fc-logo.jpg","width":174,"height":28,"caption":"Facecorner"},"image":{"@id":"https:\/\/www.facecorner.lv\/#\/schema\/logo\/image\/"},"sameAs":["https:\/\/www.facebook.com\/profile.php?id=100063824551839","https:\/\/www.instagram.com\/facecorner_shop\/"]}]},"product_price_amount":"46.00","product_price_currency":"EUR","og_availability":"out of stock","product_availability":"out of stock","product_condition":"new"},"_links":{"self":[{"href":"https:\/\/www.facecorner.lv\/ru\/wp-json\/wp\/v2\/product\/20319","targetHints":{"allow":["GET"]}}],"collection":[{"href":"https:\/\/www.facecorner.lv\/ru\/wp-json\/wp\/v2\/product"}],"about":[{"href":"https:\/\/www.facecorner.lv\/ru\/wp-json\/wp\/v2\/types\/product"}],"replies":[{"embeddable":true,"href":"https:\/\/www.facecorner.lv\/ru\/wp-json\/wp\/v2\/comments?post=20319"}],"wp:featuredmedia":[{"embeddable":true,"href":"https:\/\/www.facecorner.lv\/ru\/wp-json\/wp\/v2\/media\/20320"}],"wp:attachment":[{"href":"https:\/\/www.facecorner.lv\/ru\/wp-json\/wp\/v2\/media?parent=20319"}],"wp:term":[{"taxonomy":"product_brand","embeddable":true,"href":"https:\/\/www.facecorner.lv\/ru\/wp-json\/wp\/v2\/product_brand?post=20319"},{"taxonomy":"product_cat","embeddable":true,"href":"https:\/\/www.facecorner.lv\/ru\/wp-json\/wp\/v2\/product_cat?post=20319"},{"taxonomy":"product_tag","embeddable":true,"href":"https:\/\/www.facecorner.lv\/ru\/wp-json\/wp\/v2\/product_tag?post=20319"},{"taxonomy":"berocket_brand","embeddable":true,"href":"https:\/\/www.facecorner.lv\/ru\/wp-json\/wp\/v2\/berocket_brand?post=20319"}],"curies":[{"name":"wp","href":"https:\/\/api.w.org\/{rel}","templated":true}]}}