{"id":19688,"date":"2024-07-22T16:09:57","date_gmt":"2024-07-22T14:09:57","guid":{"rendered":"https:\/\/www.facecorner.lv\/?post_type=product&#038;p=19688"},"modified":"2025-12-03T22:50:07","modified_gmt":"2025-12-03T19:50:07","slug":"dalba-white-truffle-oil-capsule-cream-55g","status":"publish","type":"product","link":"https:\/\/www.facecorner.lv\/ru\/shop\/dalba-white-truffle-oil-capsule-cream-55g\/","title":{"rendered":"D'Alba White Truffle Oil Capsule Cream 55g"},"content":{"rendered":"<p>\u041d\u0430\u0441\u043b\u0430\u0434\u0438\u0442\u0435\u0441\u044c \u043c\u0430\u043a\u0441\u0438\u043c\u0430\u043b\u044c\u043d\u044b\u043c \u0443\u0432\u043b\u0430\u0436\u043d\u0435\u043d\u0438\u0435\u043c \u0441 \u043f\u043e\u043c\u043e\u0449\u044c\u044e D'Alba White Truffle Oil Capsule Cream - \u0440\u043e\u0441\u043a\u043e\u0448\u043d\u043e\u0433\u043e \u0432\u043e\u0434\u043d\u043e\u0433\u043e \u0433\u0435\u043b\u044c-\u043a\u0440\u0435\u043c\u0430, \u043e\u0431\u043e\u0433\u0430\u0449\u0435\u043d\u043d\u043e\u0433\u043e \u044d\u0441\u0441\u0435\u043d\u0446\u0438\u0435\u0439 \u0438\u0442\u0430\u043b\u044c\u044f\u043d\u0441\u043a\u043e\u0433\u043e \u0431\u0435\u043b\u043e\u0433\u043e \u0442\u0440\u044e\u0444\u0435\u043b\u044f. \u042d\u0442\u043e\u0442 \u0432\u0435\u0433\u0430\u043d\u0441\u043a\u0438\u0439 \u0443\u0432\u043b\u0430\u0436\u043d\u044f\u044e\u0449\u0438\u0439 \u043a\u0440\u0435\u043c \u0438\u0434\u0435\u0430\u043b\u044c\u043d\u043e \u043f\u043e\u0434\u0445\u043e\u0434\u0438\u0442 \u0434\u043b\u044f \u043b\u044e\u0431\u043e\u0433\u043e \u0432\u0440\u0435\u043c\u0435\u043d\u0438 \u0433\u043e\u0434\u0430 \u0438 \u043e\u0431\u0435\u0441\u043f\u0435\u0447\u0438\u0432\u0430\u0435\u0442 \u0438\u043d\u0442\u0435\u043d\u0441\u0438\u0432\u043d\u043e\u0435 \u0443\u0432\u043b\u0430\u0436\u043d\u0435\u043d\u0438\u0435, \u043d\u0435 \u043e\u0441\u0442\u0430\u0432\u043b\u044f\u044f \u043b\u0438\u043f\u043a\u0438\u0445 \u0441\u043b\u0435\u0434\u043e\u0432, \u0447\u0442\u043e \u0434\u0435\u043b\u0430\u0435\u0442 \u0435\u0433\u043e \u0438\u0434\u0435\u0430\u043b\u044c\u043d\u044b\u043c \u0434\u043b\u044f \u0435\u0436\u0435\u0434\u043d\u0435\u0432\u043d\u043e\u0433\u043e \u0438\u0441\u043f\u043e\u043b\u044c\u0437\u043e\u0432\u0430\u043d\u0438\u044f.<\/p>\n<p>\u041a\u0440\u0435\u043c \u0441\u043e\u0447\u0435\u0442\u0430\u0435\u0442 \u0432 \u0441\u0435\u0431\u0435 \u0443\u0432\u043b\u0430\u0436\u043d\u044f\u044e\u0449\u0443\u044e \u043a\u0440\u0435\u043c\u043e\u0432\u0443\u044e \u043e\u0441\u043d\u043e\u0432\u0443 \u0432\u044b\u0441\u043e\u043a\u043e\u0439 \u043f\u043b\u043e\u0442\u043d\u043e\u0441\u0442\u0438 \u0438 \u043c\u0430\u0441\u043b\u044f\u043d\u044b\u0435 \u043a\u0430\u043f\u0441\u0443\u043b\u044b \u0434\u043b\u044f \u0434\u0432\u043e\u0439\u043d\u043e\u0433\u043e \u0443\u0432\u043b\u0430\u0436\u043d\u0435\u043d\u0438\u044f. \u041a\u0440\u0435\u043c \u0431\u044b\u0441\u0442\u0440\u043e \u0432\u043f\u0438\u0442\u044b\u0432\u0430\u0435\u0442\u0441\u044f \u0432 \u043a\u043e\u0436\u0443, \u0430 \u043c\u0430\u0441\u043b\u044f\u043d\u044b\u0435 \u043a\u0430\u043f\u0441\u0443\u043b\u044b \u043e\u0431\u0440\u0430\u0437\u0443\u044e\u0442 \u0437\u0430\u0449\u0438\u0442\u043d\u044b\u0439 \u0431\u0430\u0440\u044c\u0435\u0440, \u043a\u043e\u0442\u043e\u0440\u044b\u0439 \u0443\u0434\u0435\u0440\u0436\u0438\u0432\u0430\u0435\u0442 \u0432\u043b\u0430\u0433\u0443 \u0438 \u043e\u0431\u0435\u0441\u043f\u0435\u0447\u0438\u0432\u0430\u0435\u0442 \u0434\u043b\u0438\u0442\u0435\u043b\u044c\u043d\u043e\u0435 \u0443\u0432\u043b\u0430\u0436\u043d\u0435\u043d\u0438\u0435.<\/p>\n<p>\u0423\u043d\u0438\u043a\u0430\u043b\u044c\u043d\u0430\u044f \u0441\u043c\u0435\u0441\u044c \u0433\u0443\u0441\u0442\u043e\u0433\u043e \u043a\u0440\u0435\u043c\u0430 \u0438 \u043c\u044f\u0433\u043a\u0438\u0445 \u043c\u0430\u0441\u043b\u044f\u043d\u044b\u0445 \u043a\u0430\u043f\u0441\u0443\u043b \u043b\u0435\u0433\u043a\u043e \u0442\u0430\u0435\u0442 \u0432 \u043a\u043e\u0436\u0435, \u043e\u0431\u0435\u0441\u043f\u0435\u0447\u0438\u0432\u0430\u044f \u043d\u0435\u0436\u0438\u0440\u043d\u043e\u0435 \u043f\u043e\u043a\u0440\u044b\u0442\u0438\u0435, \u0443\u0441\u0438\u043b\u0438\u0432\u0430\u044e\u0449\u0435\u0435 \u0441\u0438\u044f\u043d\u0438\u0435. \u041e\u0431\u043e\u0433\u0430\u0449\u0435\u043d\u043d\u044b\u0439 \u0432\u0438\u0442\u0430\u043c\u0438\u043d\u0430\u043c\u0438, \u0441\u043e\u0434\u0435\u0440\u0436\u0430\u0449\u0438\u043c\u0438\u0441\u044f \u0432 \u043a\u0430\u043f\u0441\u0443\u043b\u0430\u0445 Vita-Cera, \u043e\u043d \u043f\u0440\u0438\u0434\u0430\u0435\u0442 \u043a\u043e\u0436\u0435 \u0443\u043f\u0440\u0443\u0433\u043e\u0441\u0442\u044c \u0438 \u0441\u0438\u044f\u043d\u0438\u0435.<\/p>\n<p>Trufferol\u2122, \u0440\u0430\u0437\u0440\u0430\u0431\u043e\u0442\u0430\u043d\u043d\u044b\u0439 \u044d\u043a\u0441\u043a\u043b\u044e\u0437\u0438\u0432\u043d\u043e \u0434\u043b\u044f d'Alba, \u0441\u043e\u0447\u0435\u0442\u0430\u0435\u0442 \u0432 \u0441\u0435\u0431\u0435 \u044d\u043a\u0441\u0442\u0440\u0430\u043a\u0442 \u0438\u0442\u0430\u043b\u044c\u044f\u043d\u0441\u043a\u043e\u0433\u043e \u0431\u0435\u043b\u043e\u0433\u043e \u0442\u0440\u044e\u0444\u0435\u043b\u044f \u0438 \u0442\u043e\u043a\u043e\u0444\u0435\u0440\u043e\u043b (\u0432\u0438\u0442\u0430\u043c\u0438\u043d \u0415) \u0432 \u043e\u043f\u0442\u0438\u043c\u0430\u043b\u044c\u043d\u044b\u0445 \u043f\u0440\u043e\u043f\u043e\u0440\u0446\u0438\u044f\u0445, \u0443\u0441\u0438\u043b\u0438\u0432\u0430\u044f \u043f\u0438\u0442\u0430\u0442\u0435\u043b\u044c\u043d\u044b\u0435 \u0438 \u0432\u043e\u0441\u0441\u0442\u0430\u043d\u0430\u0432\u043b\u0438\u0432\u0430\u044e\u0449\u0438\u0435 \u0441\u0432\u043e\u0439\u0441\u0442\u0432\u0430 \u043a\u0440\u0435\u043c\u0430.<\/p>\n<p><strong>\u0421\u043f\u043e\u0441\u043e\u0431 \u043f\u0440\u0438\u043c\u0435\u043d\u0435\u043d\u0438\u044f:<\/strong> \u041d\u0430\u043d\u0435\u0441\u0438\u0442\u0435 \u043d\u0435\u043e\u0431\u0445\u043e\u0434\u0438\u043c\u043e\u0435 \u043a\u043e\u043b\u0438\u0447\u0435\u0441\u0442\u0432\u043e \u0441\u0440\u0435\u0434\u0441\u0442\u0432\u0430 \u043d\u0430 \u043b\u0438\u0446\u043e, \u0430\u043a\u043a\u0443\u0440\u0430\u0442\u043d\u043e \u0440\u0430\u0441\u043f\u0440\u0435\u0434\u0435\u043b\u0438\u0442\u0435 \u0435\u0433\u043e \u0440\u0430\u0432\u043d\u043e\u043c\u0435\u0440\u043d\u043e \u043f\u043e \u043a\u043e\u0436\u0435. \u041c\u044f\u0433\u043a\u043e \u043f\u043e\u043c\u0430\u0441\u0441\u0438\u0440\u0443\u0439\u0442\u0435 \u043a\u043e\u0436\u0443 \u0440\u0443\u043a\u0430\u043c\u0438, \u043f\u043e\u043c\u043e\u0433\u0430\u044f \u0441\u0440\u0435\u0434\u0441\u0442\u0432\u0443 \u0432\u043f\u0438\u0442\u0430\u0442\u044c\u0441\u044f.<\/p>","protected":false},"excerpt":{"rendered":"<p>\u041d\u0430\u0441\u043b\u0430\u0434\u0438\u0442\u0435\u0441\u044c \u043c\u0430\u043a\u0441\u0438\u043c\u0430\u043b\u044c\u043d\u044b\u043c \u0443\u0432\u043b\u0430\u0436\u043d\u0435\u043d\u0438\u0435\u043c \u0441 \u043f\u043e\u043c\u043e\u0449\u044c\u044e D'Alba White Truffle Oil Capsule Cream - \u0440\u043e\u0441\u043a\u043e\u0448\u043d\u043e\u0433\u043e \u0432\u043e\u0434\u043d\u043e\u0433\u043e \u0433\u0435\u043b\u044c-\u043a\u0440\u0435\u043c\u0430, \u043e\u0431\u043e\u0433\u0430\u0449\u0435\u043d\u043d\u043e\u0433\u043e \u044d\u0441\u0441\u0435\u043d\u0446\u0438\u0435\u0439 \u0438\u0442\u0430\u043b\u044c\u044f\u043d\u0441\u043a\u043e\u0433\u043e \u0431\u0435\u043b\u043e\u0433\u043e \u0442\u0440\u044e\u0444\u0435\u043b\u044f. \u042d\u0442\u043e\u0442 \u0432\u0435\u0433\u0430\u043d\u0441\u043a\u0438\u0439 \u0443\u0432\u043b\u0430\u0436\u043d\u044f\u044e\u0449\u0438\u0439 \u043a\u0440\u0435\u043c \u0438\u0434\u0435\u0430\u043b\u044c\u043d\u043e \u043f\u043e\u0434\u0445\u043e\u0434\u0438\u0442 \u0434\u043b\u044f \u043b\u044e\u0431\u043e\u0433\u043e \u0432\u0440\u0435\u043c\u0435\u043d\u0438 \u0433\u043e\u0434\u0430 \u0438 \u043e\u0431\u0435\u0441\u043f\u0435\u0447\u0438\u0432\u0430\u0435\u0442 \u0438\u043d\u0442\u0435\u043d\u0441\u0438\u0432\u043d\u043e\u0435 \u0443\u0432\u043b\u0430\u0436\u043d\u0435\u043d\u0438\u0435, \u043d\u0435 \u043e\u0441\u0442\u0430\u0432\u043b\u044f\u044f \u043b\u0438\u043f\u043a\u0438\u0445 \u0441\u043b\u0435\u0434\u043e\u0432, \u0447\u0442\u043e \u0434\u0435\u043b\u0430\u0435\u0442 \u0435\u0433\u043e \u0438\u0434\u0435\u0430\u043b\u044c\u043d\u044b\u043c \u0434\u043b\u044f \u0435\u0436\u0435\u0434\u043d\u0435\u0432\u043d\u043e\u0433\u043e \u0438\u0441\u043f\u043e\u043b\u044c\u0437\u043e\u0432\u0430\u043d\u0438\u044f.<\/p>","protected":false},"featured_media":19689,"comment_status":"closed","ping_status":"closed","template":"","meta":{"site-sidebar-layout":"default","site-content-layout":"","ast-site-content-layout":"","site-content-style":"default","site-sidebar-style":"default","ast-global-header-display":"","ast-banner-title-visibility":"","ast-main-header-display":"","ast-hfb-above-header-display":"","ast-hfb-below-header-display":"","ast-hfb-mobile-header-display":"","site-post-title":"","ast-breadcrumbs-content":"","ast-featured-img":"","footer-sml-layout":"","theme-transparent-header-meta":"","adv-header-id-meta":"","stick-header-meta":"","header-above-stick-meta":"","header-main-stick-meta":"","header-below-stick-meta":"","astra-migrate-meta-layouts":"default","ast-page-background-enabled":"default","ast-page-background-meta":{"desktop":{"background-color":"var(--ast-global-color-4)","background-image":"","background-repeat":"repeat","background-position":"center center","background-size":"auto","background-attachment":"scroll","background-type":"","background-media":"","overlay-type":"","overlay-color":"","overlay-opacity":"","overlay-gradient":""},"tablet":{"background-color":"","background-image":"","background-repeat":"repeat","background-position":"center center","background-size":"auto","background-attachment":"scroll","background-type":"","background-media":"","overlay-type":"","overlay-color":"","overlay-opacity":"","overlay-gradient":""},"mobile":{"background-color":"","background-image":"","background-repeat":"repeat","background-position":"center center","background-size":"auto","background-attachment":"scroll","background-type":"","background-media":"","overlay-type":"","overlay-color":"","overlay-opacity":"","overlay-gradient":""}},"ast-content-background-meta":{"desktop":{"background-color":"var(--ast-global-color-5)","background-image":"","background-repeat":"repeat","background-position":"center center","background-size":"auto","background-attachment":"scroll","background-type":"","background-media":"","overlay-type":"","overlay-color":"","overlay-opacity":"","overlay-gradient":""},"tablet":{"background-color":"var(--ast-global-color-5)","background-image":"","background-repeat":"repeat","background-position":"center center","background-size":"auto","background-attachment":"scroll","background-type":"","background-media":"","overlay-type":"","overlay-color":"","overlay-opacity":"","overlay-gradient":""},"mobile":{"background-color":"var(--ast-global-color-5)","background-image":"","background-repeat":"repeat","background-position":"center center","background-size":"auto","background-attachment":"scroll","background-type":"","background-media":"","overlay-type":"","overlay-color":"","overlay-opacity":"","overlay-gradient":""}}},"product_brand":[],"product_cat":[365,366,367,368,362],"product_tag":[],"berocket_brand":[572],"class_list":{"0":"post-19688","1":"product","2":"type-product","3":"status-publish","4":"has-post-thumbnail","6":"product_cat-barojoss","7":"product_cat-mitrinoss","8":"product_cat-nomierinoss","9":"product_cat-pret-grumbam","10":"product_cat-sejas-krems","11":"berocket_brand-dalba","12":"desktop-align-left","13":"tablet-align-left","14":"mobile-align-left","16":"first","17":"outofstock","18":"taxable","19":"shipping-taxable","20":"purchasable","21":"product-type-simple","22":"add-to-wishlist-before_image"},"yoast_head":"<!-- This site is optimized with the Yoast SEO plugin v27.4 - https:\/\/yoast.com\/product\/yoast-seo-wordpress\/ -->\n<title>D\u2019Alba White Truffle Oil Capsule Cream 55g - FACECORNER<\/title>\n<meta name=\"description\" content=\"Izbaudiet maksim\u0101lu mitrin\u0101\u0161anu ar D\u2019Alba White Truffle Oil Capsule Cream , kas ir grezns \u016bdens \u017eelejas kr\u0113ms, bag\u0101tin\u0101ts ar It\u0101lijas balto trife\u013cu esenci.\" \/>\n<meta name=\"robots\" content=\"index, follow, max-snippet:-1, max-image-preview:large, max-video-preview:-1\" \/>\n<link rel=\"canonical\" href=\"https:\/\/www.facecorner.lv\/ru\/shop\/dalba-white-truffle-oil-capsule-cream-55g\/\" \/>\n<meta property=\"og:locale\" content=\"ru_RU\" \/>\n<meta property=\"og:type\" content=\"article\" \/>\n<meta property=\"og:title\" content=\"D\u2019Alba White Truffle Oil Capsule Cream 55g - FACECORNER\" \/>\n<meta property=\"og:description\" content=\"Izbaudiet maksim\u0101lu mitrin\u0101\u0161anu ar D\u2019Alba White Truffle Oil Capsule Cream , kas ir grezns \u016bdens \u017eelejas kr\u0113ms, bag\u0101tin\u0101ts ar It\u0101lijas balto trife\u013cu esenci.\" \/>\n<meta property=\"og:url\" content=\"https:\/\/www.facecorner.lv\/ru\/shop\/dalba-white-truffle-oil-capsule-cream-55g\/\" \/>\n<meta property=\"og:site_name\" content=\"FACECORNER\" \/>\n<meta property=\"article:publisher\" content=\"https:\/\/www.facebook.com\/profile.php?id=100063824551839\" \/>\n<meta property=\"article:modified_time\" content=\"2025-12-03T19:50:07+00:00\" \/>\n<meta property=\"og:image\" content=\"https:\/\/www.facecorner.lv\/wp-content\/uploads\/2024\/07\/d_Alba_WhiteTruffleOilCapsuleCream-Holiholic_1.png.webp\" \/>\n\t<meta property=\"og:image:width\" content=\"601\" \/>\n\t<meta property=\"og:image:height\" content=\"616\" \/>\n\t<meta property=\"og:image:type\" content=\"image\/webp\" \/>\n<meta name=\"twitter:card\" content=\"summary_large_image\" \/>\n<meta name=\"twitter:label1\" content=\"\u0426\u0435\u043d\u0430\" \/>\n\t<meta name=\"twitter:data1\" content=\"&euro;65.00\" \/>\n\t<meta name=\"twitter:label2\" content=\"\u0414\u043e\u0441\u0442\u0443\u043f\u043d\u043e\u0441\u0442\u044c\" \/>\n\t<meta name=\"twitter:data2\" content=\"\u0420\u0430\u0441\u043f\u0440\u043e\u0434\u0430\u043d\u043e\" \/>\n<script type=\"application\/ld+json\" class=\"yoast-schema-graph\">{\"@context\":\"https:\\\/\\\/schema.org\",\"@graph\":[{\"@type\":\"WebPage\",\"@id\":\"https:\\\/\\\/www.facecorner.lv\\\/shop\\\/dalba-white-truffle-oil-capsule-cream-55g\\\/\",\"url\":\"https:\\\/\\\/www.facecorner.lv\\\/shop\\\/dalba-white-truffle-oil-capsule-cream-55g\\\/\",\"name\":\"D\u2019Alba White Truffle Oil Capsule Cream 55g - FACECORNER\",\"isPartOf\":{\"@id\":\"https:\\\/\\\/www.facecorner.lv\\\/#website\"},\"primaryImageOfPage\":{\"@id\":\"https:\\\/\\\/www.facecorner.lv\\\/shop\\\/dalba-white-truffle-oil-capsule-cream-55g\\\/#primaryimage\"},\"image\":{\"@id\":\"https:\\\/\\\/www.facecorner.lv\\\/shop\\\/dalba-white-truffle-oil-capsule-cream-55g\\\/#primaryimage\"},\"thumbnailUrl\":\"https:\\\/\\\/www.facecorner.lv\\\/wp-content\\\/uploads\\\/2024\\\/07\\\/d_Alba_WhiteTruffleOilCapsuleCream-Holiholic_1.png.webp\",\"datePublished\":\"2024-07-22T14:09:57+00:00\",\"dateModified\":\"2025-12-03T19:50:07+00:00\",\"description\":\"Izbaudiet maksim\u0101lu mitrin\u0101\u0161anu ar D\u2019Alba White Truffle Oil Capsule Cream , kas ir grezns \u016bdens \u017eelejas kr\u0113ms, bag\u0101tin\u0101ts ar It\u0101lijas balto trife\u013cu esenci.\",\"breadcrumb\":{\"@id\":\"https:\\\/\\\/www.facecorner.lv\\\/shop\\\/dalba-white-truffle-oil-capsule-cream-55g\\\/#breadcrumb\"},\"inLanguage\":\"ru-RU\",\"potentialAction\":[{\"@type\":\"ReadAction\",\"target\":[\"https:\\\/\\\/www.facecorner.lv\\\/shop\\\/dalba-white-truffle-oil-capsule-cream-55g\\\/\"]}]},{\"@type\":\"ImageObject\",\"inLanguage\":\"ru-RU\",\"@id\":\"https:\\\/\\\/www.facecorner.lv\\\/shop\\\/dalba-white-truffle-oil-capsule-cream-55g\\\/#primaryimage\",\"url\":\"https:\\\/\\\/www.facecorner.lv\\\/wp-content\\\/uploads\\\/2024\\\/07\\\/d_Alba_WhiteTruffleOilCapsuleCream-Holiholic_1.png.webp\",\"contentUrl\":\"https:\\\/\\\/www.facecorner.lv\\\/wp-content\\\/uploads\\\/2024\\\/07\\\/d_Alba_WhiteTruffleOilCapsuleCream-Holiholic_1.png.webp\",\"width\":601,\"height\":616,\"caption\":\"D\u2019Alba White Truffle Oil Capsule Cream\"},{\"@type\":\"BreadcrumbList\",\"@id\":\"https:\\\/\\\/www.facecorner.lv\\\/shop\\\/dalba-white-truffle-oil-capsule-cream-55g\\\/#breadcrumb\",\"itemListElement\":[{\"@type\":\"ListItem\",\"position\":1,\"name\":\"Home\",\"item\":\"https:\\\/\\\/www.facecorner.lv\\\/\"},{\"@type\":\"ListItem\",\"position\":2,\"name\":\"Veikals\",\"item\":\"https:\\\/\\\/www.facecorner.lv\\\/shop\\\/\"},{\"@type\":\"ListItem\",\"position\":3,\"name\":\"D\u2019Alba White Truffle Oil Capsule Cream 55g\"}]},{\"@type\":\"WebSite\",\"@id\":\"https:\\\/\\\/www.facecorner.lv\\\/#website\",\"url\":\"https:\\\/\\\/www.facecorner.lv\\\/\",\"name\":\"Facecorner\",\"description\":\"\",\"publisher\":{\"@id\":\"https:\\\/\\\/www.facecorner.lv\\\/#organization\"},\"potentialAction\":[{\"@type\":\"SearchAction\",\"target\":{\"@type\":\"EntryPoint\",\"urlTemplate\":\"https:\\\/\\\/www.facecorner.lv\\\/?s={search_term_string}\"},\"query-input\":{\"@type\":\"PropertyValueSpecification\",\"valueRequired\":true,\"valueName\":\"search_term_string\"}}],\"inLanguage\":\"ru-RU\"},{\"@type\":\"Organization\",\"@id\":\"https:\\\/\\\/www.facecorner.lv\\\/#organization\",\"name\":\"Facecorner\",\"url\":\"https:\\\/\\\/www.facecorner.lv\\\/\",\"logo\":{\"@type\":\"ImageObject\",\"inLanguage\":\"ru-RU\",\"@id\":\"https:\\\/\\\/www.facecorner.lv\\\/#\\\/schema\\\/logo\\\/image\\\/\",\"url\":\"https:\\\/\\\/www.facecorner.lv\\\/wp-content\\\/uploads\\\/2024\\\/04\\\/fc-logo.jpg\",\"contentUrl\":\"https:\\\/\\\/www.facecorner.lv\\\/wp-content\\\/uploads\\\/2024\\\/04\\\/fc-logo.jpg\",\"width\":174,\"height\":28,\"caption\":\"Facecorner\"},\"image\":{\"@id\":\"https:\\\/\\\/www.facecorner.lv\\\/#\\\/schema\\\/logo\\\/image\\\/\"},\"sameAs\":[\"https:\\\/\\\/www.facebook.com\\\/profile.php?id=100063824551839\",\"https:\\\/\\\/www.instagram.com\\\/facecorner_shop\\\/\"]}]}<\/script>\n<meta property=\"product:price:amount\" content=\"65.00\" \/>\n<meta property=\"product:price:currency\" content=\"EUR\" \/>\n<meta property=\"og:availability\" content=\"out of stock\" \/>\n<meta property=\"product:availability\" content=\"out of stock\" \/>\n<meta property=\"product:condition\" content=\"new\" \/>\n<!-- \/ Yoast SEO plugin. -->","yoast_head_json":{"title":"D\u2019Alba White Truffle Oil Capsule Cream 55g - FACECORNER","description":"Izbaudiet maksim\u0101lu mitrin\u0101\u0161anu ar D\u2019Alba White Truffle Oil Capsule Cream , kas ir grezns \u016bdens \u017eelejas kr\u0113ms, bag\u0101tin\u0101ts ar It\u0101lijas balto trife\u013cu esenci.","robots":{"index":"index","follow":"follow","max-snippet":"max-snippet:-1","max-image-preview":"max-image-preview:large","max-video-preview":"max-video-preview:-1"},"canonical":"https:\/\/www.facecorner.lv\/ru\/shop\/dalba-white-truffle-oil-capsule-cream-55g\/","og_locale":"ru_RU","og_type":"article","og_title":"D\u2019Alba White Truffle Oil Capsule Cream 55g - FACECORNER","og_description":"Izbaudiet maksim\u0101lu mitrin\u0101\u0161anu ar D\u2019Alba White Truffle Oil Capsule Cream , kas ir grezns \u016bdens \u017eelejas kr\u0113ms, bag\u0101tin\u0101ts ar It\u0101lijas balto trife\u013cu esenci.","og_url":"https:\/\/www.facecorner.lv\/ru\/shop\/dalba-white-truffle-oil-capsule-cream-55g\/","og_site_name":"FACECORNER","article_publisher":"https:\/\/www.facebook.com\/profile.php?id=100063824551839","article_modified_time":"2025-12-03T19:50:07+00:00","og_image":[{"width":601,"height":616,"url":"https:\/\/www.facecorner.lv\/wp-content\/uploads\/2024\/07\/d_Alba_WhiteTruffleOilCapsuleCream-Holiholic_1.png.webp","type":"image\/webp"}],"twitter_card":"summary_large_image","twitter_misc":{"\u0426\u0435\u043d\u0430":"&euro;65.00","\u0414\u043e\u0441\u0442\u0443\u043f\u043d\u043e\u0441\u0442\u044c":"\u0420\u0430\u0441\u043f\u0440\u043e\u0434\u0430\u043d\u043e"},"schema":{"@context":"https:\/\/schema.org","@graph":[{"@type":"WebPage","@id":"https:\/\/www.facecorner.lv\/shop\/dalba-white-truffle-oil-capsule-cream-55g\/","url":"https:\/\/www.facecorner.lv\/shop\/dalba-white-truffle-oil-capsule-cream-55g\/","name":"D\u2019Alba White Truffle Oil Capsule Cream 55g - FACECORNER","isPartOf":{"@id":"https:\/\/www.facecorner.lv\/#website"},"primaryImageOfPage":{"@id":"https:\/\/www.facecorner.lv\/shop\/dalba-white-truffle-oil-capsule-cream-55g\/#primaryimage"},"image":{"@id":"https:\/\/www.facecorner.lv\/shop\/dalba-white-truffle-oil-capsule-cream-55g\/#primaryimage"},"thumbnailUrl":"https:\/\/www.facecorner.lv\/wp-content\/uploads\/2024\/07\/d_Alba_WhiteTruffleOilCapsuleCream-Holiholic_1.png.webp","datePublished":"2024-07-22T14:09:57+00:00","dateModified":"2025-12-03T19:50:07+00:00","description":"Izbaudiet maksim\u0101lu mitrin\u0101\u0161anu ar D\u2019Alba White Truffle Oil Capsule Cream , kas ir grezns \u016bdens \u017eelejas kr\u0113ms, bag\u0101tin\u0101ts ar It\u0101lijas balto trife\u013cu esenci.","breadcrumb":{"@id":"https:\/\/www.facecorner.lv\/shop\/dalba-white-truffle-oil-capsule-cream-55g\/#breadcrumb"},"inLanguage":"ru-RU","potentialAction":[{"@type":"ReadAction","target":["https:\/\/www.facecorner.lv\/shop\/dalba-white-truffle-oil-capsule-cream-55g\/"]}]},{"@type":"ImageObject","inLanguage":"ru-RU","@id":"https:\/\/www.facecorner.lv\/shop\/dalba-white-truffle-oil-capsule-cream-55g\/#primaryimage","url":"https:\/\/www.facecorner.lv\/wp-content\/uploads\/2024\/07\/d_Alba_WhiteTruffleOilCapsuleCream-Holiholic_1.png.webp","contentUrl":"https:\/\/www.facecorner.lv\/wp-content\/uploads\/2024\/07\/d_Alba_WhiteTruffleOilCapsuleCream-Holiholic_1.png.webp","width":601,"height":616,"caption":"D\u2019Alba White Truffle Oil Capsule Cream"},{"@type":"BreadcrumbList","@id":"https:\/\/www.facecorner.lv\/shop\/dalba-white-truffle-oil-capsule-cream-55g\/#breadcrumb","itemListElement":[{"@type":"ListItem","position":1,"name":"Home","item":"https:\/\/www.facecorner.lv\/"},{"@type":"ListItem","position":2,"name":"Veikals","item":"https:\/\/www.facecorner.lv\/shop\/"},{"@type":"ListItem","position":3,"name":"D\u2019Alba White Truffle Oil Capsule Cream 55g"}]},{"@type":"WebSite","@id":"https:\/\/www.facecorner.lv\/#website","url":"https:\/\/www.facecorner.lv\/","name":"Facecorner","description":"","publisher":{"@id":"https:\/\/www.facecorner.lv\/#organization"},"potentialAction":[{"@type":"SearchAction","target":{"@type":"EntryPoint","urlTemplate":"https:\/\/www.facecorner.lv\/?s={search_term_string}"},"query-input":{"@type":"PropertyValueSpecification","valueRequired":true,"valueName":"search_term_string"}}],"inLanguage":"ru-RU"},{"@type":"Organization","@id":"https:\/\/www.facecorner.lv\/#organization","name":"Facecorner","url":"https:\/\/www.facecorner.lv\/","logo":{"@type":"ImageObject","inLanguage":"ru-RU","@id":"https:\/\/www.facecorner.lv\/#\/schema\/logo\/image\/","url":"https:\/\/www.facecorner.lv\/wp-content\/uploads\/2024\/04\/fc-logo.jpg","contentUrl":"https:\/\/www.facecorner.lv\/wp-content\/uploads\/2024\/04\/fc-logo.jpg","width":174,"height":28,"caption":"Facecorner"},"image":{"@id":"https:\/\/www.facecorner.lv\/#\/schema\/logo\/image\/"},"sameAs":["https:\/\/www.facebook.com\/profile.php?id=100063824551839","https:\/\/www.instagram.com\/facecorner_shop\/"]}]},"product_price_amount":"65.00","product_price_currency":"EUR","og_availability":"out of stock","product_availability":"out of stock","product_condition":"new"},"_links":{"self":[{"href":"https:\/\/www.facecorner.lv\/ru\/wp-json\/wp\/v2\/product\/19688","targetHints":{"allow":["GET"]}}],"collection":[{"href":"https:\/\/www.facecorner.lv\/ru\/wp-json\/wp\/v2\/product"}],"about":[{"href":"https:\/\/www.facecorner.lv\/ru\/wp-json\/wp\/v2\/types\/product"}],"replies":[{"embeddable":true,"href":"https:\/\/www.facecorner.lv\/ru\/wp-json\/wp\/v2\/comments?post=19688"}],"wp:featuredmedia":[{"embeddable":true,"href":"https:\/\/www.facecorner.lv\/ru\/wp-json\/wp\/v2\/media\/19689"}],"wp:attachment":[{"href":"https:\/\/www.facecorner.lv\/ru\/wp-json\/wp\/v2\/media?parent=19688"}],"wp:term":[{"taxonomy":"product_brand","embeddable":true,"href":"https:\/\/www.facecorner.lv\/ru\/wp-json\/wp\/v2\/product_brand?post=19688"},{"taxonomy":"product_cat","embeddable":true,"href":"https:\/\/www.facecorner.lv\/ru\/wp-json\/wp\/v2\/product_cat?post=19688"},{"taxonomy":"product_tag","embeddable":true,"href":"https:\/\/www.facecorner.lv\/ru\/wp-json\/wp\/v2\/product_tag?post=19688"},{"taxonomy":"berocket_brand","embeddable":true,"href":"https:\/\/www.facecorner.lv\/ru\/wp-json\/wp\/v2\/berocket_brand?post=19688"}],"curies":[{"name":"wp","href":"https:\/\/api.w.org\/{rel}","templated":true}]}}