{"id":15644,"date":"2024-05-16T18:55:54","date_gmt":"2024-05-16T16:55:54","guid":{"rendered":"https:\/\/www.facecorner.lv\/?post_type=product&#038;p=15644"},"modified":"2025-02-25T16:22:59","modified_gmt":"2025-02-25T13:22:59","slug":"vitamin-c-brightening-sun-serum-51ml","status":"publish","type":"product","link":"https:\/\/www.facecorner.lv\/ru\/shop\/vitamin-c-brightening-sun-serum-51ml\/","title":{"rendered":"Commonlabs Vitamin C Brightening Sun Serum 51ml"},"content":{"rendered":"<p>Commonlabs Vitamin C Brightening Sun Serum  \u0417\u0430\u0449\u0438\u0449\u0430\u0435\u0442 \u043a\u043e\u0436\u0443 \u043e\u0442 \u0438\u043d\u0442\u0435\u043d\u0441\u0438\u0432\u043d\u043e\u0433\u043e \u0432\u043e\u0437\u0434\u0435\u0439\u0441\u0442\u0432\u0438\u044f \u0443\u043b\u044c\u0442\u0440\u0430\u0444\u0438\u043e\u043b\u0435\u0442\u043e\u0432\u044b\u0445 \u043b\u0443\u0447\u0435\u0439 \u0438 \u043f\u043e\u043c\u043e\u0433\u0430\u0435\u0442 \u043e\u0441\u0432\u0435\u0442\u043b\u0438\u0442\u044c \u0435\u0435 \u0431\u043b\u0430\u0433\u043e\u0434\u0430\u0440\u044f \u0431\u043e\u0433\u0430\u0442\u043e\u043c\u0443 \u0438 \u0440\u0430\u0437\u043d\u043e\u043e\u0431\u0440\u0430\u0437\u043d\u043e\u043c\u0443 \u0432\u0438\u0442\u0430\u043c\u0438\u043d\u043d\u043e\u043c\u0443 \u043a\u043e\u043c\u043f\u043b\u0435\u043a\u0441\u0443.<\/p>\n<p>\u041c\u043e\u0449\u043d\u043e\u0435 \u0432\u0438\u0442\u0430\u043c\u0438\u043d\u043d\u043e\u0435 \u043f\u0438\u0442\u0430\u043d\u0438\u0435 \u0437\u0430 \u0441\u0447\u0435\u0442 \u044d\u043a\u0441\u0442\u0440\u0430\u043a\u0442\u0430 \u043f\u043b\u043e\u0434\u043e\u0432 Hippophae Rhamnoides \u0438 \u0432\u0438\u0442\u0430\u043c\u0438\u043d\u0430 \u0421.<\/p>\n<p>\u0411\u043b\u0430\u0433\u043e\u0434\u0430\u0440\u044f \u0438\u0441\u043f\u043e\u043b\u044c\u0437\u043e\u0432\u0430\u043d\u0438\u044e \u0442\u0435\u0445\u043d\u043e\u043b\u043e\u0433\u0438\u0438 Clear-Fence \u0438\u043d\u0433\u0440\u0435\u0434\u0438\u0435\u043d\u0442\u044b, \u0431\u043b\u043e\u043a\u0438\u0440\u0443\u044e\u0449\u0438\u0435 \u0423\u0424-\u0438\u0437\u043b\u0443\u0447\u0435\u043d\u0438\u0435, \u0437\u0430\u043a\u043b\u044e\u0447\u0435\u043d\u044b \u0432 \u043a\u0430\u043f\u0441\u0443\u043b\u0443, \u0447\u0442\u043e \u043e\u0431\u0435\u0441\u043f\u0435\u0447\u0438\u0432\u0430\u0435\u0442 \u0431\u043e\u043b\u0435\u0435 \u044d\u0444\u0444\u0435\u043a\u0442\u0438\u0432\u043d\u0443\u044e \u0437\u0430\u0449\u0438\u0442\u0443 \u043e\u0442 \u0443\u043b\u044c\u0442\u0440\u0430\u0444\u0438\u043e\u043b\u0435\u0442\u0430.<\/p>\n<p>\u041b\u0435\u0433\u043a\u0430\u044f \u0442\u0435\u043a\u0441\u0442\u0443\u0440\u0430 \u0431\u0435\u0437 \u043b\u0438\u043f\u043a\u043e\u0441\u0442\u0438, \u043e\u0431\u0435\u0441\u043f\u0435\u0447\u0438\u0432\u0430\u044e\u0449\u0430\u044f \u0438\u043d\u0442\u0435\u043d\u0441\u0438\u0432\u043d\u043e\u0435 \u0443\u0432\u043b\u0430\u0436\u043d\u0435\u043d\u0438\u0435.<\/p>\n<p><strong>\u0421\u043f\u043e\u0441\u043e\u0431 \u043f\u0440\u0438\u043c\u0435\u043d\u0435\u043d\u0438\u044f:<\/strong> \u041d\u0430 \u043f\u043e\u0441\u043b\u0435\u0434\u043d\u0435\u043c \u044d\u0442\u0430\u043f\u0435 \u043e\u0441\u043d\u043e\u0432\u043d\u043e\u0433\u043e \u0443\u0445\u043e\u0434\u0430 \u0437\u0430 \u043a\u043e\u0436\u0435\u0439 \u0440\u0430\u0432\u043d\u043e\u043c\u0435\u0440\u043d\u043e \u043d\u0430\u043d\u0435\u0441\u0438\u0442\u0435 \u0441\u0440\u0435\u0434\u0441\u0442\u0432\u043e \u043d\u0430 \u0443\u0447\u0430\u0441\u0442\u043a\u0438, \u043f\u043e\u0434\u0432\u0435\u0440\u0436\u0435\u043d\u043d\u044b\u0435 \u0432\u043e\u0437\u0434\u0435\u0439\u0441\u0442\u0432\u0438\u044e \u0443\u043b\u044c\u0442\u0440\u0430\u0444\u0438\u043e\u043b\u0435\u0442\u043e\u0432\u044b\u0445 \u043b\u0443\u0447\u0435\u0439, \u0442\u0430\u043a\u0438\u0435 \u043a\u0430\u043a \u043b\u0438\u0446\u043e, \u0448\u0435\u044f, \u0440\u0443\u043a\u0438 \u0438 \u043d\u043e\u0433\u0438.<\/p>\n<p><strong>\u0421\u043e\u0441\u0442\u0430\u0432 <\/strong>Water, Dibutyl Adipate, Diethylamino Hydroxybenzoyl Hexyl Benzoate, Bis-Ethylhexyloxyphenol Methoxyphenyl Triazine, Alcohol, Niacinamide, C12-15 Alkyl Benzoate, Ethylhexyl Triazone, Phenethyl Benzoate, Silica, Citrus Aurantium Bergamia (Bergamot) Fruit Oil, Sodium Hyaluronate, Cynanchum Atratum Extract, Althaea Rosea Flower Extract, Hydrolyzed Hyaluronic Acid, Citrus Aurantifolia (Lime)Fruit Extract, Citrus Unshiu Peel Extract, Citrus Junos Peel Extract, Terminalia Ferdinandiana Fruit Extract, Fragaria Chiloensis (Strawberry) Fruit Extract, Hippophae Rhamnoides Fruit Extract, Lactobacillus Ferment Lysate, Rubus Idaeus (Raspberry) Fruit Extract, Vaccinium Macrocarpon (Cranberry) Fruit Extract, Citrus Limon (Lemon) Fruit Extract, Citrus Paradisi (Grapefruit) Fruit Extract, Pancratium Maritimum Extract, Hyaluronic Acid, Isoamyl p-Methoxycinnamate, Methylpropanediol, Polysilicone-15, 1,2-Hexanediol, Pentylene Glycol, C30-45 Alkyldimethylsilyl Polypropylsilsesquioxane, Dibutyl Ethylhexanoyl Glutamide, Dibutyl Lauroyl Glutamide, Sodium Acrylates Crosspolymer-2, Sodium Polyacryloyldimethyl Taurate, Ammonium Acryloyldimethyltaurate\/VP Copolymer, Hydroxyacetophenone, Butylene Glycol, Glycerin, Tocopherol, Acetyl Glucosamine, Ethylhexylglycerin, Sodium Hyaluronate Crosspolymer, Caprylyl Glycol, Saccharide Isomerate, Linolenic Acid, Citric Acid, Sodium Citrate, Ascorbic Acid, Biotin, Cyanocobalamin, Folic Acid, Pantothenic Acid, Pyridoxine, Riboflavin, Thiamine HCl, Bioflavonoids, Glutathione, Linoleic Acid, Menadione, Retinol, Xanthan Gum, Disodium EDTA, Limonene, Linalool<\/p>\n<p>&nbsp;<\/p>","protected":false},"excerpt":{"rendered":"<p>Commonlabs Vitamin C Brightening Sun Serum  \u0417\u0430\u0449\u0438\u0449\u0430\u0435\u0442 \u043a\u043e\u0436\u0443 \u043e\u0442 \u0438\u043d\u0442\u0435\u043d\u0441\u0438\u0432\u043d\u043e\u0433\u043e \u0432\u043e\u0437\u0434\u0435\u0439\u0441\u0442\u0432\u0438\u044f \u0443\u043b\u044c\u0442\u0440\u0430\u0444\u0438\u043e\u043b\u0435\u0442\u043e\u0432\u044b\u0445 \u043b\u0443\u0447\u0435\u0439 \u0438 \u043f\u043e\u043c\u043e\u0433\u0430\u0435\u0442 \u043e\u0441\u0432\u0435\u0442\u043b\u0438\u0442\u044c \u0435\u0435 \u0431\u043b\u0430\u0433\u043e\u0434\u0430\u0440\u044f \u0431\u043e\u0433\u0430\u0442\u043e\u043c\u0443 \u0438 \u0440\u0430\u0437\u043d\u043e\u043e\u0431\u0440\u0430\u0437\u043d\u043e\u043c\u0443 \u0432\u0438\u0442\u0430\u043c\u0438\u043d\u043d\u043e\u043c\u0443 \u043a\u043e\u043c\u043f\u043b\u0435\u043a\u0441\u0443.<\/p>","protected":false},"featured_media":15645,"comment_status":"open","ping_status":"closed","template":"","meta":{"site-sidebar-layout":"default","site-content-layout":"","ast-site-content-layout":"","site-content-style":"default","site-sidebar-style":"default","ast-global-header-display":"","ast-banner-title-visibility":"","ast-main-header-display":"","ast-hfb-above-header-display":"","ast-hfb-below-header-display":"","ast-hfb-mobile-header-display":"","site-post-title":"","ast-breadcrumbs-content":"","ast-featured-img":"","footer-sml-layout":"","theme-transparent-header-meta":"","adv-header-id-meta":"","stick-header-meta":"","header-above-stick-meta":"","header-main-stick-meta":"","header-below-stick-meta":"","astra-migrate-meta-layouts":"default","ast-page-background-enabled":"default","ast-page-background-meta":{"desktop":{"background-color":"var(--ast-global-color-4)","background-image":"","background-repeat":"repeat","background-position":"center center","background-size":"auto","background-attachment":"scroll","background-type":"","background-media":"","overlay-type":"","overlay-color":"","overlay-opacity":"","overlay-gradient":""},"tablet":{"background-color":"","background-image":"","background-repeat":"repeat","background-position":"center center","background-size":"auto","background-attachment":"scroll","background-type":"","background-media":"","overlay-type":"","overlay-color":"","overlay-opacity":"","overlay-gradient":""},"mobile":{"background-color":"","background-image":"","background-repeat":"repeat","background-position":"center center","background-size":"auto","background-attachment":"scroll","background-type":"","background-media":"","overlay-type":"","overlay-color":"","overlay-opacity":"","overlay-gradient":""}},"ast-content-background-meta":{"desktop":{"background-color":"var(--ast-global-color-5)","background-image":"","background-repeat":"repeat","background-position":"center center","background-size":"auto","background-attachment":"scroll","background-type":"","background-media":"","overlay-type":"","overlay-color":"","overlay-opacity":"","overlay-gradient":""},"tablet":{"background-color":"var(--ast-global-color-5)","background-image":"","background-repeat":"repeat","background-position":"center center","background-size":"auto","background-attachment":"scroll","background-type":"","background-media":"","overlay-type":"","overlay-color":"","overlay-opacity":"","overlay-gradient":""},"mobile":{"background-color":"var(--ast-global-color-5)","background-image":"","background-repeat":"repeat","background-position":"center center","background-size":"auto","background-attachment":"scroll","background-type":"","background-media":"","overlay-type":"","overlay-color":"","overlay-opacity":"","overlay-gradient":""}}},"product_brand":[],"product_cat":[511,512],"product_tag":[],"berocket_brand":[],"class_list":{"0":"post-15644","1":"product","2":"type-product","3":"status-publish","4":"has-post-thumbnail","6":"product_cat-atlaides","7":"product_cat-spf","8":"desktop-align-left","9":"tablet-align-left","10":"mobile-align-left","12":"first","13":"outofstock","14":"sale","15":"taxable","16":"shipping-taxable","17":"purchasable","18":"product-type-simple","19":"add-to-wishlist-before_image"},"yoast_head":"<!-- This site is optimized with the Yoast SEO plugin v27.4 - https:\/\/yoast.com\/product\/yoast-seo-wordpress\/ -->\n<title>Commonlabs Vitamin C Brightening Sun Serum 51ml - FACECORNER<\/title>\n<meta name=\"description\" content=\"Commonlabs Vitamin C Brightening Sun Serum Aizsarg\u0101 \u0101du UV stariem un pal\u012bdz padar\u012bt \u0101du gai\u0161\u0101ku,UV starojumu blo\u0137\u0113jo\u0161\u0101s sast\u0101vda\u013cas ir iekapsul\u0113ta\" \/>\n<meta name=\"robots\" content=\"index, follow, max-snippet:-1, max-image-preview:large, max-video-preview:-1\" \/>\n<link rel=\"canonical\" href=\"https:\/\/www.facecorner.lv\/ru\/shop\/vitamin-c-brightening-sun-serum-51ml\/\" \/>\n<meta property=\"og:locale\" content=\"ru_RU\" \/>\n<meta property=\"og:type\" content=\"article\" \/>\n<meta property=\"og:title\" content=\"Commonlabs Vitamin C Brightening Sun Serum 51ml - FACECORNER\" \/>\n<meta property=\"og:description\" content=\"Commonlabs Vitamin C Brightening Sun Serum Aizsarg\u0101 \u0101du UV stariem un pal\u012bdz padar\u012bt \u0101du gai\u0161\u0101ku,UV starojumu blo\u0137\u0113jo\u0161\u0101s sast\u0101vda\u013cas ir iekapsul\u0113ta\" \/>\n<meta property=\"og:url\" content=\"https:\/\/www.facecorner.lv\/ru\/shop\/vitamin-c-brightening-sun-serum-51ml\/\" \/>\n<meta property=\"og:site_name\" content=\"FACECORNER\" \/>\n<meta property=\"article:publisher\" content=\"https:\/\/www.facebook.com\/profile.php?id=100063824551839\" \/>\n<meta property=\"article:modified_time\" content=\"2025-02-25T13:22:59+00:00\" \/>\n<meta property=\"og:image\" content=\"https:\/\/www.facecorner.lv\/wp-content\/uploads\/2024\/05\/XL_p0203544833.png.webp\" \/>\n\t<meta property=\"og:image:width\" content=\"500\" \/>\n\t<meta property=\"og:image:height\" content=\"500\" \/>\n\t<meta property=\"og:image:type\" content=\"image\/webp\" \/>\n<meta name=\"twitter:card\" content=\"summary_large_image\" \/>\n<meta name=\"twitter:label1\" content=\"\u0426\u0435\u043d\u0430\" \/>\n\t<meta name=\"twitter:data1\" content=\"&euro;18.00\" \/>\n\t<meta name=\"twitter:label2\" content=\"\u0414\u043e\u0441\u0442\u0443\u043f\u043d\u043e\u0441\u0442\u044c\" \/>\n\t<meta name=\"twitter:data2\" content=\"\u0420\u0430\u0441\u043f\u0440\u043e\u0434\u0430\u043d\u043e\" \/>\n<script type=\"application\/ld+json\" class=\"yoast-schema-graph\">{\"@context\":\"https:\\\/\\\/schema.org\",\"@graph\":[{\"@type\":\"WebPage\",\"@id\":\"https:\\\/\\\/www.facecorner.lv\\\/shop\\\/vitamin-c-brightening-sun-serum-51ml\\\/\",\"url\":\"https:\\\/\\\/www.facecorner.lv\\\/shop\\\/vitamin-c-brightening-sun-serum-51ml\\\/\",\"name\":\"Commonlabs Vitamin C Brightening Sun Serum 51ml - FACECORNER\",\"isPartOf\":{\"@id\":\"https:\\\/\\\/www.facecorner.lv\\\/#website\"},\"primaryImageOfPage\":{\"@id\":\"https:\\\/\\\/www.facecorner.lv\\\/shop\\\/vitamin-c-brightening-sun-serum-51ml\\\/#primaryimage\"},\"image\":{\"@id\":\"https:\\\/\\\/www.facecorner.lv\\\/shop\\\/vitamin-c-brightening-sun-serum-51ml\\\/#primaryimage\"},\"thumbnailUrl\":\"https:\\\/\\\/www.facecorner.lv\\\/wp-content\\\/uploads\\\/2024\\\/05\\\/XL_p0203544833.png.webp\",\"datePublished\":\"2024-05-16T16:55:54+00:00\",\"dateModified\":\"2025-02-25T13:22:59+00:00\",\"description\":\"Commonlabs Vitamin C Brightening Sun Serum Aizsarg\u0101 \u0101du UV stariem un pal\u012bdz padar\u012bt \u0101du gai\u0161\u0101ku,UV starojumu blo\u0137\u0113jo\u0161\u0101s sast\u0101vda\u013cas ir iekapsul\u0113ta\",\"breadcrumb\":{\"@id\":\"https:\\\/\\\/www.facecorner.lv\\\/shop\\\/vitamin-c-brightening-sun-serum-51ml\\\/#breadcrumb\"},\"inLanguage\":\"ru-RU\",\"potentialAction\":[{\"@type\":\"ReadAction\",\"target\":[\"https:\\\/\\\/www.facecorner.lv\\\/shop\\\/vitamin-c-brightening-sun-serum-51ml\\\/\"]}]},{\"@type\":\"ImageObject\",\"inLanguage\":\"ru-RU\",\"@id\":\"https:\\\/\\\/www.facecorner.lv\\\/shop\\\/vitamin-c-brightening-sun-serum-51ml\\\/#primaryimage\",\"url\":\"https:\\\/\\\/www.facecorner.lv\\\/wp-content\\\/uploads\\\/2024\\\/05\\\/XL_p0203544833.png.webp\",\"contentUrl\":\"https:\\\/\\\/www.facecorner.lv\\\/wp-content\\\/uploads\\\/2024\\\/05\\\/XL_p0203544833.png.webp\",\"width\":500,\"height\":500,\"caption\":\"Commonlabs Vitamin C Brightening Sun Serum\"},{\"@type\":\"BreadcrumbList\",\"@id\":\"https:\\\/\\\/www.facecorner.lv\\\/shop\\\/vitamin-c-brightening-sun-serum-51ml\\\/#breadcrumb\",\"itemListElement\":[{\"@type\":\"ListItem\",\"position\":1,\"name\":\"Home\",\"item\":\"https:\\\/\\\/www.facecorner.lv\\\/\"},{\"@type\":\"ListItem\",\"position\":2,\"name\":\"Veikals\",\"item\":\"https:\\\/\\\/www.facecorner.lv\\\/shop\\\/\"},{\"@type\":\"ListItem\",\"position\":3,\"name\":\"Commonlabs Vitamin C Brightening Sun Serum 51ml\"}]},{\"@type\":\"WebSite\",\"@id\":\"https:\\\/\\\/www.facecorner.lv\\\/#website\",\"url\":\"https:\\\/\\\/www.facecorner.lv\\\/\",\"name\":\"Facecorner\",\"description\":\"\",\"publisher\":{\"@id\":\"https:\\\/\\\/www.facecorner.lv\\\/#organization\"},\"potentialAction\":[{\"@type\":\"SearchAction\",\"target\":{\"@type\":\"EntryPoint\",\"urlTemplate\":\"https:\\\/\\\/www.facecorner.lv\\\/?s={search_term_string}\"},\"query-input\":{\"@type\":\"PropertyValueSpecification\",\"valueRequired\":true,\"valueName\":\"search_term_string\"}}],\"inLanguage\":\"ru-RU\"},{\"@type\":\"Organization\",\"@id\":\"https:\\\/\\\/www.facecorner.lv\\\/#organization\",\"name\":\"Facecorner\",\"url\":\"https:\\\/\\\/www.facecorner.lv\\\/\",\"logo\":{\"@type\":\"ImageObject\",\"inLanguage\":\"ru-RU\",\"@id\":\"https:\\\/\\\/www.facecorner.lv\\\/#\\\/schema\\\/logo\\\/image\\\/\",\"url\":\"https:\\\/\\\/www.facecorner.lv\\\/wp-content\\\/uploads\\\/2024\\\/04\\\/fc-logo.jpg\",\"contentUrl\":\"https:\\\/\\\/www.facecorner.lv\\\/wp-content\\\/uploads\\\/2024\\\/04\\\/fc-logo.jpg\",\"width\":174,\"height\":28,\"caption\":\"Facecorner\"},\"image\":{\"@id\":\"https:\\\/\\\/www.facecorner.lv\\\/#\\\/schema\\\/logo\\\/image\\\/\"},\"sameAs\":[\"https:\\\/\\\/www.facebook.com\\\/profile.php?id=100063824551839\",\"https:\\\/\\\/www.instagram.com\\\/facecorner_shop\\\/\"]}]}<\/script>\n<meta property=\"product:price:amount\" content=\"18.00\" \/>\n<meta property=\"product:price:currency\" content=\"EUR\" \/>\n<meta property=\"og:availability\" content=\"out of stock\" \/>\n<meta property=\"product:availability\" content=\"out of stock\" \/>\n<meta property=\"product:condition\" content=\"new\" \/>\n<!-- \/ Yoast SEO plugin. -->","yoast_head_json":{"title":"Commonlabs Vitamin C Brightening Sun Serum 51ml - FACECORNER","description":"Commonlabs Vitamin C Brightening Sun Serum Aizsarg\u0101 \u0101du UV stariem un pal\u012bdz padar\u012bt \u0101du gai\u0161\u0101ku,UV starojumu blo\u0137\u0113jo\u0161\u0101s sast\u0101vda\u013cas ir iekapsul\u0113ta","robots":{"index":"index","follow":"follow","max-snippet":"max-snippet:-1","max-image-preview":"max-image-preview:large","max-video-preview":"max-video-preview:-1"},"canonical":"https:\/\/www.facecorner.lv\/ru\/shop\/vitamin-c-brightening-sun-serum-51ml\/","og_locale":"ru_RU","og_type":"article","og_title":"Commonlabs Vitamin C Brightening Sun Serum 51ml - FACECORNER","og_description":"Commonlabs Vitamin C Brightening Sun Serum Aizsarg\u0101 \u0101du UV stariem un pal\u012bdz padar\u012bt \u0101du gai\u0161\u0101ku,UV starojumu blo\u0137\u0113jo\u0161\u0101s sast\u0101vda\u013cas ir iekapsul\u0113ta","og_url":"https:\/\/www.facecorner.lv\/ru\/shop\/vitamin-c-brightening-sun-serum-51ml\/","og_site_name":"FACECORNER","article_publisher":"https:\/\/www.facebook.com\/profile.php?id=100063824551839","article_modified_time":"2025-02-25T13:22:59+00:00","og_image":[{"width":500,"height":500,"url":"https:\/\/www.facecorner.lv\/wp-content\/uploads\/2024\/05\/XL_p0203544833.png.webp","type":"image\/webp"}],"twitter_card":"summary_large_image","twitter_misc":{"\u0426\u0435\u043d\u0430":"&euro;18.00","\u0414\u043e\u0441\u0442\u0443\u043f\u043d\u043e\u0441\u0442\u044c":"\u0420\u0430\u0441\u043f\u0440\u043e\u0434\u0430\u043d\u043e"},"schema":{"@context":"https:\/\/schema.org","@graph":[{"@type":"WebPage","@id":"https:\/\/www.facecorner.lv\/shop\/vitamin-c-brightening-sun-serum-51ml\/","url":"https:\/\/www.facecorner.lv\/shop\/vitamin-c-brightening-sun-serum-51ml\/","name":"Commonlabs Vitamin C Brightening Sun Serum 51ml - FACECORNER","isPartOf":{"@id":"https:\/\/www.facecorner.lv\/#website"},"primaryImageOfPage":{"@id":"https:\/\/www.facecorner.lv\/shop\/vitamin-c-brightening-sun-serum-51ml\/#primaryimage"},"image":{"@id":"https:\/\/www.facecorner.lv\/shop\/vitamin-c-brightening-sun-serum-51ml\/#primaryimage"},"thumbnailUrl":"https:\/\/www.facecorner.lv\/wp-content\/uploads\/2024\/05\/XL_p0203544833.png.webp","datePublished":"2024-05-16T16:55:54+00:00","dateModified":"2025-02-25T13:22:59+00:00","description":"Commonlabs Vitamin C Brightening Sun Serum Aizsarg\u0101 \u0101du UV stariem un pal\u012bdz padar\u012bt \u0101du gai\u0161\u0101ku,UV starojumu blo\u0137\u0113jo\u0161\u0101s sast\u0101vda\u013cas ir iekapsul\u0113ta","breadcrumb":{"@id":"https:\/\/www.facecorner.lv\/shop\/vitamin-c-brightening-sun-serum-51ml\/#breadcrumb"},"inLanguage":"ru-RU","potentialAction":[{"@type":"ReadAction","target":["https:\/\/www.facecorner.lv\/shop\/vitamin-c-brightening-sun-serum-51ml\/"]}]},{"@type":"ImageObject","inLanguage":"ru-RU","@id":"https:\/\/www.facecorner.lv\/shop\/vitamin-c-brightening-sun-serum-51ml\/#primaryimage","url":"https:\/\/www.facecorner.lv\/wp-content\/uploads\/2024\/05\/XL_p0203544833.png.webp","contentUrl":"https:\/\/www.facecorner.lv\/wp-content\/uploads\/2024\/05\/XL_p0203544833.png.webp","width":500,"height":500,"caption":"Commonlabs Vitamin C Brightening Sun Serum"},{"@type":"BreadcrumbList","@id":"https:\/\/www.facecorner.lv\/shop\/vitamin-c-brightening-sun-serum-51ml\/#breadcrumb","itemListElement":[{"@type":"ListItem","position":1,"name":"Home","item":"https:\/\/www.facecorner.lv\/"},{"@type":"ListItem","position":2,"name":"Veikals","item":"https:\/\/www.facecorner.lv\/shop\/"},{"@type":"ListItem","position":3,"name":"Commonlabs Vitamin C Brightening Sun Serum 51ml"}]},{"@type":"WebSite","@id":"https:\/\/www.facecorner.lv\/#website","url":"https:\/\/www.facecorner.lv\/","name":"Facecorner","description":"","publisher":{"@id":"https:\/\/www.facecorner.lv\/#organization"},"potentialAction":[{"@type":"SearchAction","target":{"@type":"EntryPoint","urlTemplate":"https:\/\/www.facecorner.lv\/?s={search_term_string}"},"query-input":{"@type":"PropertyValueSpecification","valueRequired":true,"valueName":"search_term_string"}}],"inLanguage":"ru-RU"},{"@type":"Organization","@id":"https:\/\/www.facecorner.lv\/#organization","name":"Facecorner","url":"https:\/\/www.facecorner.lv\/","logo":{"@type":"ImageObject","inLanguage":"ru-RU","@id":"https:\/\/www.facecorner.lv\/#\/schema\/logo\/image\/","url":"https:\/\/www.facecorner.lv\/wp-content\/uploads\/2024\/04\/fc-logo.jpg","contentUrl":"https:\/\/www.facecorner.lv\/wp-content\/uploads\/2024\/04\/fc-logo.jpg","width":174,"height":28,"caption":"Facecorner"},"image":{"@id":"https:\/\/www.facecorner.lv\/#\/schema\/logo\/image\/"},"sameAs":["https:\/\/www.facebook.com\/profile.php?id=100063824551839","https:\/\/www.instagram.com\/facecorner_shop\/"]}]},"product_price_amount":"18.00","product_price_currency":"EUR","og_availability":"out of stock","product_availability":"out of stock","product_condition":"new"},"_links":{"self":[{"href":"https:\/\/www.facecorner.lv\/ru\/wp-json\/wp\/v2\/product\/15644","targetHints":{"allow":["GET"]}}],"collection":[{"href":"https:\/\/www.facecorner.lv\/ru\/wp-json\/wp\/v2\/product"}],"about":[{"href":"https:\/\/www.facecorner.lv\/ru\/wp-json\/wp\/v2\/types\/product"}],"replies":[{"embeddable":true,"href":"https:\/\/www.facecorner.lv\/ru\/wp-json\/wp\/v2\/comments?post=15644"}],"wp:featuredmedia":[{"embeddable":true,"href":"https:\/\/www.facecorner.lv\/ru\/wp-json\/wp\/v2\/media\/15645"}],"wp:attachment":[{"href":"https:\/\/www.facecorner.lv\/ru\/wp-json\/wp\/v2\/media?parent=15644"}],"wp:term":[{"taxonomy":"product_brand","embeddable":true,"href":"https:\/\/www.facecorner.lv\/ru\/wp-json\/wp\/v2\/product_brand?post=15644"},{"taxonomy":"product_cat","embeddable":true,"href":"https:\/\/www.facecorner.lv\/ru\/wp-json\/wp\/v2\/product_cat?post=15644"},{"taxonomy":"product_tag","embeddable":true,"href":"https:\/\/www.facecorner.lv\/ru\/wp-json\/wp\/v2\/product_tag?post=15644"},{"taxonomy":"berocket_brand","embeddable":true,"href":"https:\/\/www.facecorner.lv\/ru\/wp-json\/wp\/v2\/berocket_brand?post=15644"}],"curies":[{"name":"wp","href":"https:\/\/api.w.org\/{rel}","templated":true}]}}