{"id":15430,"date":"2024-05-08T09:18:11","date_gmt":"2024-05-08T07:18:11","guid":{"rendered":"https:\/\/www.facecorner.lv\/?post_type=product&#038;p=15430"},"modified":"2024-05-24T11:36:39","modified_gmt":"2024-05-24T09:36:39","slug":"ilso-daily-moisture-bubble-toner-150ml","status":"publish","type":"product","link":"https:\/\/www.facecorner.lv\/ru\/shop\/ilso-daily-moisture-bubble-toner-150ml\/","title":{"rendered":"ilso Daily Moisture Bubble Toner 150ml"},"content":{"rendered":"<p>\u0423\u0432\u043b\u0430\u0436\u043d\u044f\u044e\u0449\u0438\u0439 \u0442\u043e\u043d\u0435\u0440 \u043f\u043e\u0432\u044b\u0448\u0430\u0435\u0442 \u0443\u0440\u043e\u0432\u0435\u043d\u044c \u0443\u0432\u043b\u0430\u0436\u043d\u0435\u043d\u043d\u043e\u0441\u0442\u0438 \u043a\u043e\u0436\u0438, \u0434\u0435\u043b\u0430\u044f \u0435\u0435 \u0431\u043e\u043b\u0435\u0435 \u043f\u0443\u0445\u043b\u043e\u0439 \u0438 \u0441\u0438\u044f\u044e\u0449\u0435\u0439.<br \/>\n\u041e\u0431\u043e\u0433\u0430\u0449\u0435\u043d \u0441\u043e\u043a\u043e\u043c Betula Platyphylla Japonica \u0438 \u0433\u0438\u0430\u043b\u0443\u0440\u043e\u043d\u043e\u0432\u043e\u0439 \u043a\u0438\u0441\u043b\u043e\u0442\u043e\u0439 \u0434\u043b\u044f \u043d\u0430\u0441\u044b\u0449\u0435\u043d\u0438\u044f \u0441\u0443\u0445\u043e\u0439 \u043a\u043e\u0436\u0438 \u0432\u043b\u0430\u0433\u043e\u0439 \u0438 \u043f\u0440\u0435\u0434\u043e\u0442\u0432\u0440\u0430\u0449\u0435\u043d\u0438\u044f \u043e\u0431\u0435\u0437\u0432\u043e\u0436\u0438\u0432\u0430\u043d\u0438\u044f.<\/p>\n<p>\u0421\u043e\u0434\u0435\u0440\u0436\u0438\u0442 \u044d\u043a\u0442\u043e\u0438\u043d, \u0432\u043e\u0434\u0443 \u0438\u0437 \u043b\u0438\u0441\u0442\u044c\u0435\u0432 \u0430\u043b\u043e\u044d \u0431\u0430\u0440\u0431\u0430\u0434\u0435\u043d\u0441\u0438\u0441 \u0438 \u0430\u043b\u043b\u0430\u043d\u0442\u043e\u0438\u043d \u0434\u043b\u044f \u0443\u0441\u043f\u043e\u043a\u043e\u0435\u043d\u0438\u044f \u043a\u043e\u0436\u0438 \u043e\u0442 \u0435\u0436\u0435\u0434\u043d\u0435\u0432\u043d\u043e\u0433\u043e \u0440\u0430\u0437\u0434\u0440\u0430\u0436\u0435\u043d\u0438\u044f \u0438 \u0432\u043d\u0435\u0448\u043d\u0438\u0445 \u0430\u0433\u0440\u0435\u0441\u0441\u0438\u0432\u043d\u044b\u0445 \u0444\u0430\u043a\u0442\u043e\u0440\u043e\u0432.<br \/>\n\u041f\u0440\u0438 \u0432\u0441\u0442\u0440\u044f\u0445\u0438\u0432\u0430\u043d\u0438\u0438 \u043e\u0431\u0440\u0430\u0437\u0443\u0435\u0442\u0441\u044f \u043f\u0443\u0437\u044b\u0440\u0435\u043a \u0443\u0432\u043b\u0430\u0436\u043d\u044f\u044e\u0449\u0435\u0439 \u044d\u0441\u0441\u0435\u043d\u0446\u0438\u0438, \u043a\u043e\u0442\u043e\u0440\u044b\u0439 \u0441\u043f\u043e\u0441\u043e\u0431\u0441\u0442\u0432\u0443\u0435\u0442 \u043b\u0443\u0447\u0448\u0435\u043c\u0443 \u0432\u043f\u0438\u0442\u044b\u0432\u0430\u043d\u0438\u044e \u043f\u0438\u0442\u0430\u0442\u0435\u043b\u044c\u043d\u044b\u0445 \u0432\u0435\u0449\u0435\u0441\u0442\u0432 \u0438 \u0432\u043b\u0430\u0433\u0438 \u0432 \u0441\u043b\u0430\u0431\u0443\u044e \u043a\u043e\u0436\u0443.<\/p>\n<p>\u041f\u0440\u043e\u0432\u0435\u0440\u0435\u043d\u043e \u043d\u0430 \u0433\u0438\u043f\u043e\u0430\u043b\u043b\u0435\u0440\u0433\u0435\u043d\u043d\u043e\u0441\u0442\u044c.<\/p>\n<p><strong>\u0421\u043f\u043e\u0441\u043e\u0431 \u043f\u0440\u0438\u043c\u0435\u043d\u0435\u043d\u0438\u044f:<\/strong> \u041f\u043e\u0441\u043b\u0435 \u043e\u0447\u0438\u0449\u0435\u043d\u0438\u044f \u043d\u0430\u043d\u0435\u0441\u0438\u0442\u0435 \u0443\u043c\u0435\u0440\u0435\u043d\u043d\u043e\u0435 \u043a\u043e\u043b\u0438\u0447\u0435\u0441\u0442\u0432\u043e \u0441\u0440\u0435\u0434\u0441\u0442\u0432\u0430 \u043d\u0430 \u043a\u043e\u0436\u0443 \u0438 \u0441\u043b\u0435\u0433\u043a\u0430 \u043f\u043e\u0445\u043b\u043e\u043f\u0430\u0439\u0442\u0435 \u0434\u043b\u044f \u043b\u0443\u0447\u0448\u0435\u0433\u043e \u0432\u043f\u0438\u0442\u044b\u0432\u0430\u043d\u0438\u044f.<\/p>\n<p><strong>\u0421\u043e\u0441\u0442\u0430\u0432\u00a0<\/strong>Water, Butylene Glycol, Glycerin, Propanediol, 1,2-Hexanediol, Polyglyceryl-10 Laurate, Polyglyceryl-10 Myristate, Aloe Barbadensis Leaf Water, Hippophae Rhamnoides Water, Betula Alba Juice, Trehalose, Allantoin, Ectoin, Betaine, Cocos Nucifera (Coconut) Water, Ethylhexylglycerin, Xanthan Gum, Carbomer, Arginine, Disodium EDTA, Polyglutamic Acid, Glyceryl Acrylate\/Acrylic Acid Copolymer, Sodium Hyaluronate, Camellia Japonica Flower Extract<\/p>","protected":false},"excerpt":{"rendered":"<p>Mitrino\u0161s toniks palielina \u0101das mitrin\u0101\u0161anu, lai \u0101da b\u016btu kupla un mirdzo\u0161a. Bag\u0101tin\u0101ts ar Betula Platyphylla Japonica sulu un hialuronsk\u0101bi, kas bag\u0101tina sausu \u0101du ar mitrumu un nov\u0113r\u0161 dehidrat\u0101ciju. Komplekt\u0101 ir ekt\u012bns, alvejas \u016bdens (Aloe Barbadensis Leaf Water) un alanto\u012bns, kas nomierina \u0101du no ikdienas kairin\u0101jumiem un \u0101r\u0113jiem agresoriem. Sakratot izveidosies mitrino\u0161\u0101s esences burbul\u012btis, kas pal\u012bdz [&hellip;]<\/p>\n","protected":false},"featured_media":15431,"comment_status":"open","ping_status":"closed","template":"","meta":{"site-sidebar-layout":"default","site-content-layout":"","ast-site-content-layout":"","site-content-style":"default","site-sidebar-style":"default","ast-global-header-display":"","ast-banner-title-visibility":"","ast-main-header-display":"","ast-hfb-above-header-display":"","ast-hfb-below-header-display":"","ast-hfb-mobile-header-display":"","site-post-title":"","ast-breadcrumbs-content":"","ast-featured-img":"","footer-sml-layout":"","theme-transparent-header-meta":"","adv-header-id-meta":"","stick-header-meta":"","header-above-stick-meta":"","header-main-stick-meta":"","header-below-stick-meta":"","astra-migrate-meta-layouts":"default","ast-page-background-enabled":"default","ast-page-background-meta":{"desktop":{"background-color":"var(--ast-global-color-4)","background-image":"","background-repeat":"repeat","background-position":"center center","background-size":"auto","background-attachment":"scroll","background-type":"","background-media":"","overlay-type":"","overlay-color":"","overlay-opacity":"","overlay-gradient":""},"tablet":{"background-color":"","background-image":"","background-repeat":"repeat","background-position":"center center","background-size":"auto","background-attachment":"scroll","background-type":"","background-media":"","overlay-type":"","overlay-color":"","overlay-opacity":"","overlay-gradient":""},"mobile":{"background-color":"","background-image":"","background-repeat":"repeat","background-position":"center center","background-size":"auto","background-attachment":"scroll","background-type":"","background-media":"","overlay-type":"","overlay-color":"","overlay-opacity":"","overlay-gradient":""}},"ast-content-background-meta":{"desktop":{"background-color":"var(--ast-global-color-5)","background-image":"","background-repeat":"repeat","background-position":"center center","background-size":"auto","background-attachment":"scroll","background-type":"","background-media":"","overlay-type":"","overlay-color":"","overlay-opacity":"","overlay-gradient":""},"tablet":{"background-color":"var(--ast-global-color-5)","background-image":"","background-repeat":"repeat","background-position":"center center","background-size":"auto","background-attachment":"scroll","background-type":"","background-media":"","overlay-type":"","overlay-color":"","overlay-opacity":"","overlay-gradient":""},"mobile":{"background-color":"var(--ast-global-color-5)","background-image":"","background-repeat":"repeat","background-position":"center center","background-size":"auto","background-attachment":"scroll","background-type":"","background-media":"","overlay-type":"","overlay-color":"","overlay-opacity":"","overlay-gradient":""}}},"product_brand":[],"product_cat":[511,375,377,364],"product_tag":[],"berocket_brand":[],"class_list":{"0":"post-15430","1":"product","2":"type-product","3":"status-publish","4":"has-post-thumbnail","6":"product_cat-atlaides","7":"product_cat-jutigai-adai-toneri","8":"product_cat-problematiskai-adai-toneri","9":"product_cat-toneri","10":"desktop-align-left","11":"tablet-align-left","12":"mobile-align-left","14":"first","15":"outofstock","16":"taxable","17":"shipping-taxable","18":"purchasable","19":"product-type-simple","20":"add-to-wishlist-before_image"},"yoast_head":"<!-- This site is optimized with the Yoast SEO plugin v27.3 - https:\/\/yoast.com\/product\/yoast-seo-wordpress\/ -->\n<title>ilso Daily Moisture Bubble Toner 150ml - FACECORNER<\/title>\n<meta name=\"robots\" content=\"index, follow, max-snippet:-1, max-image-preview:large, max-video-preview:-1\" \/>\n<link rel=\"canonical\" href=\"https:\/\/www.facecorner.lv\/ru\/shop\/ilso-daily-moisture-bubble-toner-150ml\/\" \/>\n<meta property=\"og:locale\" content=\"ru_RU\" \/>\n<meta property=\"og:type\" content=\"article\" \/>\n<meta property=\"og:title\" content=\"ilso Daily Moisture Bubble Toner 150ml - FACECORNER\" \/>\n<meta property=\"og:description\" content=\"Mitrino\u0161s toniks palielina \u0101das mitrin\u0101\u0161anu, lai \u0101da b\u016btu kupla un mirdzo\u0161a. Bag\u0101tin\u0101ts ar Betula Platyphylla Japonica sulu un hialuronsk\u0101bi, kas bag\u0101tina sausu \u0101du ar mitrumu un nov\u0113r\u0161 dehidrat\u0101ciju. Komplekt\u0101 ir ekt\u012bns, alvejas \u016bdens (Aloe Barbadensis Leaf Water) un alanto\u012bns, kas nomierina \u0101du no ikdienas kairin\u0101jumiem un \u0101r\u0113jiem agresoriem. Sakratot izveidosies mitrino\u0161\u0101s esences burbul\u012btis, kas pal\u012bdz [&hellip;]\" \/>\n<meta property=\"og:url\" content=\"https:\/\/www.facecorner.lv\/ru\/shop\/ilso-daily-moisture-bubble-toner-150ml\/\" \/>\n<meta property=\"og:site_name\" content=\"FACECORNER\" \/>\n<meta property=\"article:publisher\" content=\"https:\/\/www.facebook.com\/profile.php?id=100063824551839\" \/>\n<meta property=\"article:modified_time\" content=\"2024-05-24T09:36:39+00:00\" \/>\n<meta property=\"og:image\" content=\"https:\/\/www.facecorner.lv\/wp-content\/uploads\/2024\/05\/s-l1200-1.webp\" \/>\n\t<meta property=\"og:image:width\" content=\"1000\" \/>\n\t<meta property=\"og:image:height\" content=\"1000\" \/>\n\t<meta property=\"og:image:type\" content=\"image\/webp\" \/>\n<meta name=\"twitter:card\" content=\"summary_large_image\" \/>\n<meta name=\"twitter:label1\" content=\"\u0426\u0435\u043d\u0430\" \/>\n\t<meta name=\"twitter:data1\" content=\"&euro;25.90\" \/>\n\t<meta name=\"twitter:label2\" content=\"\u0414\u043e\u0441\u0442\u0443\u043f\u043d\u043e\u0441\u0442\u044c\" \/>\n\t<meta name=\"twitter:data2\" content=\"\u0420\u0430\u0441\u043f\u0440\u043e\u0434\u0430\u043d\u043e\" \/>\n<script type=\"application\/ld+json\" class=\"yoast-schema-graph\">{\"@context\":\"https:\\\/\\\/schema.org\",\"@graph\":[{\"@type\":\"WebPage\",\"@id\":\"https:\\\/\\\/www.facecorner.lv\\\/shop\\\/ilso-daily-moisture-bubble-toner-150ml\\\/\",\"url\":\"https:\\\/\\\/www.facecorner.lv\\\/shop\\\/ilso-daily-moisture-bubble-toner-150ml\\\/\",\"name\":\"ilso Daily Moisture Bubble Toner 150ml - FACECORNER\",\"isPartOf\":{\"@id\":\"https:\\\/\\\/www.facecorner.lv\\\/#website\"},\"primaryImageOfPage\":{\"@id\":\"https:\\\/\\\/www.facecorner.lv\\\/shop\\\/ilso-daily-moisture-bubble-toner-150ml\\\/#primaryimage\"},\"image\":{\"@id\":\"https:\\\/\\\/www.facecorner.lv\\\/shop\\\/ilso-daily-moisture-bubble-toner-150ml\\\/#primaryimage\"},\"thumbnailUrl\":\"https:\\\/\\\/www.facecorner.lv\\\/wp-content\\\/uploads\\\/2024\\\/05\\\/s-l1200-1.webp\",\"datePublished\":\"2024-05-08T07:18:11+00:00\",\"dateModified\":\"2024-05-24T09:36:39+00:00\",\"breadcrumb\":{\"@id\":\"https:\\\/\\\/www.facecorner.lv\\\/shop\\\/ilso-daily-moisture-bubble-toner-150ml\\\/#breadcrumb\"},\"inLanguage\":\"ru-RU\",\"potentialAction\":[{\"@type\":\"ReadAction\",\"target\":[\"https:\\\/\\\/www.facecorner.lv\\\/shop\\\/ilso-daily-moisture-bubble-toner-150ml\\\/\"]}]},{\"@type\":\"ImageObject\",\"inLanguage\":\"ru-RU\",\"@id\":\"https:\\\/\\\/www.facecorner.lv\\\/shop\\\/ilso-daily-moisture-bubble-toner-150ml\\\/#primaryimage\",\"url\":\"https:\\\/\\\/www.facecorner.lv\\\/wp-content\\\/uploads\\\/2024\\\/05\\\/s-l1200-1.webp\",\"contentUrl\":\"https:\\\/\\\/www.facecorner.lv\\\/wp-content\\\/uploads\\\/2024\\\/05\\\/s-l1200-1.webp\",\"width\":1000,\"height\":1000},{\"@type\":\"BreadcrumbList\",\"@id\":\"https:\\\/\\\/www.facecorner.lv\\\/shop\\\/ilso-daily-moisture-bubble-toner-150ml\\\/#breadcrumb\",\"itemListElement\":[{\"@type\":\"ListItem\",\"position\":1,\"name\":\"Home\",\"item\":\"https:\\\/\\\/www.facecorner.lv\\\/\"},{\"@type\":\"ListItem\",\"position\":2,\"name\":\"Veikals\",\"item\":\"https:\\\/\\\/www.facecorner.lv\\\/shop\\\/\"},{\"@type\":\"ListItem\",\"position\":3,\"name\":\"ilso Daily Moisture Bubble Toner 150ml\"}]},{\"@type\":\"WebSite\",\"@id\":\"https:\\\/\\\/www.facecorner.lv\\\/#website\",\"url\":\"https:\\\/\\\/www.facecorner.lv\\\/\",\"name\":\"Facecorner\",\"description\":\"\",\"publisher\":{\"@id\":\"https:\\\/\\\/www.facecorner.lv\\\/#organization\"},\"potentialAction\":[{\"@type\":\"SearchAction\",\"target\":{\"@type\":\"EntryPoint\",\"urlTemplate\":\"https:\\\/\\\/www.facecorner.lv\\\/?s={search_term_string}\"},\"query-input\":{\"@type\":\"PropertyValueSpecification\",\"valueRequired\":true,\"valueName\":\"search_term_string\"}}],\"inLanguage\":\"ru-RU\"},{\"@type\":\"Organization\",\"@id\":\"https:\\\/\\\/www.facecorner.lv\\\/#organization\",\"name\":\"Facecorner\",\"url\":\"https:\\\/\\\/www.facecorner.lv\\\/\",\"logo\":{\"@type\":\"ImageObject\",\"inLanguage\":\"ru-RU\",\"@id\":\"https:\\\/\\\/www.facecorner.lv\\\/#\\\/schema\\\/logo\\\/image\\\/\",\"url\":\"https:\\\/\\\/www.facecorner.lv\\\/wp-content\\\/uploads\\\/2024\\\/04\\\/fc-logo.jpg\",\"contentUrl\":\"https:\\\/\\\/www.facecorner.lv\\\/wp-content\\\/uploads\\\/2024\\\/04\\\/fc-logo.jpg\",\"width\":174,\"height\":28,\"caption\":\"Facecorner\"},\"image\":{\"@id\":\"https:\\\/\\\/www.facecorner.lv\\\/#\\\/schema\\\/logo\\\/image\\\/\"},\"sameAs\":[\"https:\\\/\\\/www.facebook.com\\\/profile.php?id=100063824551839\",\"https:\\\/\\\/www.instagram.com\\\/facecorner_shop\\\/\"]}]}<\/script>\n<meta property=\"product:price:amount\" content=\"25.90\" \/>\n<meta property=\"product:price:currency\" content=\"EUR\" \/>\n<meta property=\"og:availability\" content=\"out of stock\" \/>\n<meta property=\"product:availability\" content=\"out of stock\" \/>\n<meta property=\"product:condition\" content=\"new\" \/>\n<!-- \/ Yoast SEO plugin. -->","yoast_head_json":{"title":"ilso Daily Moisture Bubble Toner 150ml - FACECORNER","robots":{"index":"index","follow":"follow","max-snippet":"max-snippet:-1","max-image-preview":"max-image-preview:large","max-video-preview":"max-video-preview:-1"},"canonical":"https:\/\/www.facecorner.lv\/ru\/shop\/ilso-daily-moisture-bubble-toner-150ml\/","og_locale":"ru_RU","og_type":"article","og_title":"ilso Daily Moisture Bubble Toner 150ml - FACECORNER","og_description":"Mitrino\u0161s toniks palielina \u0101das mitrin\u0101\u0161anu, lai \u0101da b\u016btu kupla un mirdzo\u0161a. Bag\u0101tin\u0101ts ar Betula Platyphylla Japonica sulu un hialuronsk\u0101bi, kas bag\u0101tina sausu \u0101du ar mitrumu un nov\u0113r\u0161 dehidrat\u0101ciju. Komplekt\u0101 ir ekt\u012bns, alvejas \u016bdens (Aloe Barbadensis Leaf Water) un alanto\u012bns, kas nomierina \u0101du no ikdienas kairin\u0101jumiem un \u0101r\u0113jiem agresoriem. Sakratot izveidosies mitrino\u0161\u0101s esences burbul\u012btis, kas pal\u012bdz [&hellip;]","og_url":"https:\/\/www.facecorner.lv\/ru\/shop\/ilso-daily-moisture-bubble-toner-150ml\/","og_site_name":"FACECORNER","article_publisher":"https:\/\/www.facebook.com\/profile.php?id=100063824551839","article_modified_time":"2024-05-24T09:36:39+00:00","og_image":[{"width":1000,"height":1000,"url":"https:\/\/www.facecorner.lv\/wp-content\/uploads\/2024\/05\/s-l1200-1.webp","type":"image\/webp"}],"twitter_card":"summary_large_image","twitter_misc":{"\u0426\u0435\u043d\u0430":"&euro;25.90","\u0414\u043e\u0441\u0442\u0443\u043f\u043d\u043e\u0441\u0442\u044c":"\u0420\u0430\u0441\u043f\u0440\u043e\u0434\u0430\u043d\u043e"},"schema":{"@context":"https:\/\/schema.org","@graph":[{"@type":"WebPage","@id":"https:\/\/www.facecorner.lv\/shop\/ilso-daily-moisture-bubble-toner-150ml\/","url":"https:\/\/www.facecorner.lv\/shop\/ilso-daily-moisture-bubble-toner-150ml\/","name":"ilso Daily Moisture Bubble Toner 150ml - FACECORNER","isPartOf":{"@id":"https:\/\/www.facecorner.lv\/#website"},"primaryImageOfPage":{"@id":"https:\/\/www.facecorner.lv\/shop\/ilso-daily-moisture-bubble-toner-150ml\/#primaryimage"},"image":{"@id":"https:\/\/www.facecorner.lv\/shop\/ilso-daily-moisture-bubble-toner-150ml\/#primaryimage"},"thumbnailUrl":"https:\/\/www.facecorner.lv\/wp-content\/uploads\/2024\/05\/s-l1200-1.webp","datePublished":"2024-05-08T07:18:11+00:00","dateModified":"2024-05-24T09:36:39+00:00","breadcrumb":{"@id":"https:\/\/www.facecorner.lv\/shop\/ilso-daily-moisture-bubble-toner-150ml\/#breadcrumb"},"inLanguage":"ru-RU","potentialAction":[{"@type":"ReadAction","target":["https:\/\/www.facecorner.lv\/shop\/ilso-daily-moisture-bubble-toner-150ml\/"]}]},{"@type":"ImageObject","inLanguage":"ru-RU","@id":"https:\/\/www.facecorner.lv\/shop\/ilso-daily-moisture-bubble-toner-150ml\/#primaryimage","url":"https:\/\/www.facecorner.lv\/wp-content\/uploads\/2024\/05\/s-l1200-1.webp","contentUrl":"https:\/\/www.facecorner.lv\/wp-content\/uploads\/2024\/05\/s-l1200-1.webp","width":1000,"height":1000},{"@type":"BreadcrumbList","@id":"https:\/\/www.facecorner.lv\/shop\/ilso-daily-moisture-bubble-toner-150ml\/#breadcrumb","itemListElement":[{"@type":"ListItem","position":1,"name":"Home","item":"https:\/\/www.facecorner.lv\/"},{"@type":"ListItem","position":2,"name":"Veikals","item":"https:\/\/www.facecorner.lv\/shop\/"},{"@type":"ListItem","position":3,"name":"ilso Daily Moisture Bubble Toner 150ml"}]},{"@type":"WebSite","@id":"https:\/\/www.facecorner.lv\/#website","url":"https:\/\/www.facecorner.lv\/","name":"Facecorner","description":"","publisher":{"@id":"https:\/\/www.facecorner.lv\/#organization"},"potentialAction":[{"@type":"SearchAction","target":{"@type":"EntryPoint","urlTemplate":"https:\/\/www.facecorner.lv\/?s={search_term_string}"},"query-input":{"@type":"PropertyValueSpecification","valueRequired":true,"valueName":"search_term_string"}}],"inLanguage":"ru-RU"},{"@type":"Organization","@id":"https:\/\/www.facecorner.lv\/#organization","name":"Facecorner","url":"https:\/\/www.facecorner.lv\/","logo":{"@type":"ImageObject","inLanguage":"ru-RU","@id":"https:\/\/www.facecorner.lv\/#\/schema\/logo\/image\/","url":"https:\/\/www.facecorner.lv\/wp-content\/uploads\/2024\/04\/fc-logo.jpg","contentUrl":"https:\/\/www.facecorner.lv\/wp-content\/uploads\/2024\/04\/fc-logo.jpg","width":174,"height":28,"caption":"Facecorner"},"image":{"@id":"https:\/\/www.facecorner.lv\/#\/schema\/logo\/image\/"},"sameAs":["https:\/\/www.facebook.com\/profile.php?id=100063824551839","https:\/\/www.instagram.com\/facecorner_shop\/"]}]},"product_price_amount":"25.90","product_price_currency":"EUR","og_availability":"out of stock","product_availability":"out of stock","product_condition":"new"},"_links":{"self":[{"href":"https:\/\/www.facecorner.lv\/ru\/wp-json\/wp\/v2\/product\/15430","targetHints":{"allow":["GET"]}}],"collection":[{"href":"https:\/\/www.facecorner.lv\/ru\/wp-json\/wp\/v2\/product"}],"about":[{"href":"https:\/\/www.facecorner.lv\/ru\/wp-json\/wp\/v2\/types\/product"}],"replies":[{"embeddable":true,"href":"https:\/\/www.facecorner.lv\/ru\/wp-json\/wp\/v2\/comments?post=15430"}],"wp:featuredmedia":[{"embeddable":true,"href":"https:\/\/www.facecorner.lv\/ru\/wp-json\/wp\/v2\/media\/15431"}],"wp:attachment":[{"href":"https:\/\/www.facecorner.lv\/ru\/wp-json\/wp\/v2\/media?parent=15430"}],"wp:term":[{"taxonomy":"product_brand","embeddable":true,"href":"https:\/\/www.facecorner.lv\/ru\/wp-json\/wp\/v2\/product_brand?post=15430"},{"taxonomy":"product_cat","embeddable":true,"href":"https:\/\/www.facecorner.lv\/ru\/wp-json\/wp\/v2\/product_cat?post=15430"},{"taxonomy":"product_tag","embeddable":true,"href":"https:\/\/www.facecorner.lv\/ru\/wp-json\/wp\/v2\/product_tag?post=15430"},{"taxonomy":"berocket_brand","embeddable":true,"href":"https:\/\/www.facecorner.lv\/ru\/wp-json\/wp\/v2\/berocket_brand?post=15430"}],"curies":[{"name":"wp","href":"https:\/\/api.w.org\/{rel}","templated":true}]}}