{"id":15343,"date":"2024-05-03T20:58:19","date_gmt":"2024-05-03T18:58:19","guid":{"rendered":"https:\/\/www.facecorner.lv\/?post_type=product&#038;p=15343"},"modified":"2026-03-06T14:27:56","modified_gmt":"2026-03-06T11:27:56","slug":"medicube-zero-pore-pad-2-0-70ea","status":"publish","type":"product","link":"https:\/\/www.facecorner.lv\/ru\/shop\/medicube-zero-pore-pad-2-0-70ea\/","title":{"rendered":"Medicube Zero Pore Pad 2.0 70ea"},"content":{"rendered":"<p>\u0427\u0438\u0441\u0442\u044b\u0435 \u043f\u043e\u0440\u044b \u043d\u0430\u0447\u0438\u043d\u0430\u044e\u0442\u0441\u044f \u0441 \u044d\u0442\u0438\u0445 \u043f\u043e\u0434\u0443\u0448\u0435\u0447\u0435\u043a \u0441 \u0442\u043e\u043d\u0435\u0440\u043e\u043c \u0441 \u0434\u0432\u043e\u0439\u043d\u043e\u0439 \u0442\u0435\u043a\u0441\u0442\u0443\u0440\u043e\u0439. \u0421\u043e\u0434\u0435\u0440\u0436\u0438\u0442 \u0443\u043d\u0438\u043a\u0430\u043b\u044c\u043d\u0443\u044e \u0441\u043c\u0435\u0441\u044c \u043d\u0430\u0442\u0443\u0440\u0430\u043b\u044c\u043d\u044b\u0445 \u0438\u043d\u0433\u0440\u0435\u0434\u0438\u0435\u043d\u0442\u043e\u0432 \u0434\u043b\u044f \u043e\u0442\u0448\u0435\u043b\u0443\u0448\u0438\u0432\u0430\u043d\u0438\u044f \u043e\u043c\u0435\u0440\u0442\u0432\u0435\u0432\u0448\u0438\u0445 \u043a\u043b\u0435\u0442\u043e\u043a \u043a\u043e\u0436\u0438, \u0440\u0435\u0433\u0443\u043b\u0438\u0440\u043e\u0432\u0430\u043d\u0438\u044f \u043a\u043e\u0436\u043d\u043e\u0433\u043e \u0441\u0430\u043b\u0430 \u0438 \u0441\u0443\u0436\u0435\u043d\u0438\u044f \u043f\u043e\u0440.<\/p>\n<p>\u041f\u0440\u043e\u0431\u043b\u0435\u043c\u043d\u0430\u044f \u043a\u043e\u0436\u0430 \u043e\u0431\u0440\u0430\u0431\u0430\u0442\u044b\u0432\u0430\u0435\u0442\u0441\u044f \u0438 \u0443\u0441\u043f\u043e\u043a\u0430\u0438\u0432\u0430\u0435\u0442\u0441\u044f, \u0434\u0435\u043b\u0430\u044f \u043a\u043e\u0436\u0443 \u0437\u0430\u043c\u0435\u0442\u043d\u043e \u0431\u043e\u043b\u0435\u0435 \u0447\u0438\u0441\u0442\u043e\u0439 \u0438 \u0433\u043b\u0430\u0434\u043a\u043e\u0439.<br \/>\n\u0424\u0440\u0443\u043a\u0442\u043e\u0432\u044b\u0439 \u043a\u043e\u043c\u043f\u043b\u0435\u043a\u0441 AHA, \u0441\u043e\u0441\u0442\u043e\u044f\u0449\u0438\u0439 \u0438\u0437 \u043d\u0430\u0442\u0443\u0440\u0430\u043b\u044c\u043d\u043e\u0433\u043e \u044d\u043a\u0441\u0442\u0440\u0430\u043a\u0442\u0430, \u043c\u044f\u0433\u043a\u043e \u043e\u0442\u0448\u0435\u043b\u0443\u0448\u0438\u0432\u0430\u0435\u0442 \u0438 \u0433\u043b\u0443\u0431\u043e\u043a\u043e \u043f\u0440\u043e\u043d\u0438\u043a\u0430\u0435\u0442, \u043e\u0447\u0438\u0449\u0430\u044f \u043f\u043e\u0440\u044b \u043e\u0442 \u043e\u0442\u043b\u043e\u0436\u0435\u043d\u0438\u0439, \u0433\u0440\u044f\u0437\u0438 \u0438 \u043c\u0443\u0441\u043e\u0440\u0430.<\/p>\n<p>\u041e\u043d \u0442\u0430\u043a\u0436\u0435 \u0441\u043e\u0434\u0435\u0440\u0436\u0438\u0442 \u0437\u0430\u043f\u0430\u0442\u0435\u043d\u0442\u043e\u0432\u0430\u043d\u043d\u044b\u0435 \u0440\u0430\u0441\u0442\u0438\u0442\u0435\u043b\u044c\u043d\u044b\u0435 \u0444\u043e\u0440\u043c\u0443\u043b\u044b, \u043a\u043e\u0442\u043e\u0440\u044b\u0435, \u043a\u0430\u043a \u043a\u043b\u0438\u043d\u0438\u0447\u0435\u0441\u043a\u0438 \u0434\u043e\u043a\u0430\u0437\u0430\u043d\u043e, \u0443\u043c\u0435\u043d\u044c\u0448\u0430\u044e\u0442 \u0432\u044b\u0440\u0430\u0431\u043e\u0442\u043a\u0443 \u043a\u043e\u0436\u043d\u043e\u0433\u043e \u0441\u0430\u043b\u0430 \u0438 \u0441\u0443\u0436\u0430\u044e\u0442 \u043f\u043e\u0440\u044b. \u0412\u0434\u043e\u0431\u0430\u0432\u043e\u043a \u043a\u043e \u0432\u0441\u0435\u043c\u0443, \u043f\u0440\u043e\u043a\u043b\u0430\u0434\u043a\u0438 Zero Pore Pads \u0441\u0435\u0440\u0442\u0438\u0444\u0438\u0446\u0438\u0440\u043e\u0432\u0430\u043d\u044b \u043a\u0430\u043a \u0433\u0438\u043f\u043e\u0430\u043b\u043b\u0435\u0440\u0433\u0435\u043d\u043d\u044b \u0438 \u0441\u043e\u0434\u0435\u0440\u0436\u0430\u0442 \u0443\u0432\u043b\u0430\u0436\u043d\u044f\u044e\u0449\u0438\u0435 \u0432\u0435\u0449\u0435\u0441\u0442\u0432\u0430 \u0434\u043b\u044f \u0441\u043e\u0437\u0434\u0430\u043d\u0438\u044f \u0443\u0432\u043b\u0430\u0436\u043d\u044f\u044e\u0449\u0435\u0433\u043e \u0442\u043e\u043d\u0438\u0437\u0438\u0440\u0443\u044e\u0449\u0435\u0433\u043e \u0440\u0430\u0441\u0442\u0432\u043e\u0440\u0430 \u0431\u0435\u0437 \u0440\u0430\u0437\u0434\u0440\u0430\u0436\u0435\u043d\u0438\u044f.<\/p>\n<p><strong>\u041e\u0441\u043d\u043e\u0432\u043d\u044b\u0435 \u0434\u0435\u0439\u0441\u0442\u0432\u0443\u044e\u0449\u0438\u0435 \u0438\u043d\u0433\u0440\u0435\u0434\u0438\u0435\u043d\u0442\u044b:<\/strong><\/p>\n<ul>\n<li>\u041a\u043e\u0440\u0430 \u0431\u0435\u043b\u043e\u0439 \u0438\u0432\u044b<\/li>\n<li>\u0421\u0430\u043b\u0438\u0446\u0438\u043b\u043e\u0432\u0430\u044f \u043a\u0438\u0441\u043b\u043e\u0442\u0430 \u0434\u043b\u044f \u043e\u0447\u0438\u0441\u0442\u043a\u0438 \u043f\u043e\u0440<\/li>\n<li>\u0412\u0438\u043d\u043e\u0433\u0440\u0430\u0434, \u043b\u0430\u0439\u043c, \u043b\u0438\u043c\u043e\u043d, \u044f\u0431\u043b\u043e\u043a\u043e, \u0430\u043f\u0435\u043b\u044c\u0441\u0438\u043d \u0435\u0441\u0442\u0435\u0441\u0442\u0432\u0435\u043d\u043d\u044b\u043c \u043e\u0431\u0440\u0430\u0437\u043e\u043c \u0443\u0434\u0430\u043b\u044f\u0435\u0442 \u043e\u043c\u0435\u0440\u0442\u0432\u0435\u0432\u0448\u0438\u0435 \u043a\u043b\u0435\u0442\u043a\u0438 \u043a\u043e\u0436\u0438 \u0438 \u0433\u0440\u0443\u0431\u044b\u0435 \u043f\u044f\u0442\u043d\u0430<\/li>\n<li>\u041b\u0438\u0441\u0442 \u043a\u0438\u043f\u0430\u0440\u0438\u0441\u0430, \u041f\u043e\u0440\u0442\u0443\u043b\u0430\u043a, \u0411\u0430\u0439\u043a\u0430\u043b\u044c\u0441\u043a\u0430\u044f \u0442\u044e\u0431\u0435\u0442\u0435\u0439\u043a\u0430\n\u0435\u0441\u0442\u0435\u0441\u0442\u0432\u0435\u043d\u043d\u044b\u0435 \u043f\u0440\u043e\u0442\u0438\u0432\u043e\u0432\u043e\u0441\u043f\u0430\u043b\u0438\u0442\u0435\u043b\u044c\u043d\u044b\u0435 \u0441\u0432\u043e\u0439\u0441\u0442\u0432\u0430 \u0443\u043c\u0435\u043d\u044c\u0448\u0430\u044e\u0442 \u043e\u0442\u0435\u043a \u0441\u0432\u0435\u0440\u0445\u0430\u043a\u0442\u0438\u0432\u043d\u044b\u0445 \u0441\u0430\u043b\u044c\u043d\u044b\u0445 \u0436\u0435\u043b\u0435\u0437.<\/li>\n<\/ul>\n<p><strong>\u0421\u043f\u043e\u0441\u043e\u0431 \u043f\u0440\u0438\u043c\u0435\u043d\u0435\u043d\u0438\u044f: <\/strong><br \/>\n1. \u041f\u043e\u0441\u043b\u0435 \u043e\u0447\u0438\u0449\u0435\u043d\u0438\u044f \u0442\u0438\u0441\u043d\u0435\u043d\u043e\u0439 \u0441\u0442\u043e\u0440\u043e\u043d\u043e\u0439 \u0430\u043a\u043a\u0443\u0440\u0430\u0442\u043d\u043e \u043f\u0440\u043e\u0432\u0435\u0434\u0438\u0442\u0435 \u043f\u043e \u043b\u0438\u0446\u0443 \u043e\u0442 \u0446\u0435\u043d\u0442\u0440\u0430 \u043a \u043a\u0440\u0430\u044f\u043c.<br \/>\n2. \u0428\u0435\u043b\u043a\u043e\u0432\u0438\u0441\u0442\u043e\u0439 \u0441\u0442\u043e\u0440\u043e\u043d\u043e\u0439 \u043e\u0441\u0442\u043e\u0440\u043e\u0436\u043d\u043e \u043f\u0440\u043e\u0432\u0435\u0434\u0438\u0442\u0435 \u043f\u043e \u043b\u0438\u0446\u0443 \u0435\u0449\u0435 \u0440\u0430\u0437, \u0447\u0442\u043e\u0431\u044b \u0437\u0430\u0432\u0435\u0440\u0448\u0438\u0442\u044c \u043f\u043e\u043b\u0438\u0440\u043e\u0432\u043a\u0443.<br \/>\n3. \u0421\u043b\u0435\u0433\u043a\u0430 \u043f\u043e\u0445\u043b\u043e\u043f\u0430\u0439\u0442\u0435, \u0447\u0442\u043e\u0431\u044b \u0443\u043b\u0443\u0447\u0448\u0438\u0442\u044c \u0432\u043f\u0438\u0442\u044b\u0432\u0430\u043d\u0438\u0435.<\/p>\n<p><strong>\u0421\u043e\u0441\u0442\u0430\u0432<\/strong> Zero Pore Pads Water, Methylpropanediol, Trometamin, Lactic Acid, Alcohol Denat., 1,2-Hexanediol, Panthenol, Glycereth-26, Salicylic Acid, Ammonium Acryloyldimethyltaurate\/VP, Copolymer, Betaine, Trehalose, Polyglyceryl-10 Laurate, Ethylhexylglycerin, Glycerin, Allantoin, Polyglyceryl-10 Myristate, Disodium EDTA, Butylene Glycol, Sodium Hyaluronate, Betaine Salicylate, Citrus Aurantium Dulcis (Orange) Peel Oil, Citrus Limon (Lemon) Peel Oil, Citrus Grandis (Grapefruit) Peel Oil, Citrus Aurantium Bergamia (Bergamot) Fruit Oil, Rosmarinus Officinalis (Rosemary) Leaf Oil, Eucalyptus Globulus Leaf Oil, Lavandula Angustifolia (Lavender) Oil, Vitis Vinifera (Grape) Fruit Extract, Citrus Aurantifolia (Lime) Fruit Extract, Citrus Limon (Lemon) Fruit Extract, Pyrus Malus (Apple) Fruit Extract, Citrus Aurantium Dulcis (Orange) Fruit Extract, Ethyl Hexanediol, Centella Asiatica Extract, Slix Alba (Willow) Bark Extract, Origanum Vulgare Leaf Extract, Chamaecyparis Obtusa Leaf Extract, Lactobacillus\/Soybean Ferment Extract, Cinnamomum Cassia Bark Extract, Scutellaria Baicalensis Root Extract, Portulaca Oleracea Extract, Oenothera Biennis (Evening Primrose) Flower Extract, Pinus Palustris Leaf Extract, Ulmus Davidiana Root Extract, Pueraria Lobata Root Extract, Limonene<\/p>","protected":false},"excerpt":{"rendered":"<p>T\u012bras poras s\u0101kas ar \u0161iem dubultas tekst\u016bras toniz\u0113jo\u0161ajiem spilventi\u0146iem. Tie satur unik\u0101lu dab\u012bgo sast\u0101vda\u013cu mais\u012bjumu, kas no\u0146em atmiru\u0161\u0101s \u0101das \u0161\u016bnas, regul\u0113 sebuma veido\u0161anos un sa\u0161aurina poras. Problem\u0101tisk\u0101 \u0101da tiek apstr\u0101d\u0101ta un nomierin\u0101ta, padarot \u0101du redzami t\u012br\u0101ku un glud\u0101ku. Dab\u012bgais AHA aug\u013cu ekstraktu komplekss maigi p\u012blings un dzi\u013ci iek\u013c\u016bst por\u0101s, lai att\u012br\u012btu t\u0101s no nogulsn\u0113m, net\u012brumiem [&hellip;]<\/p>\n","protected":false},"featured_media":15344,"comment_status":"open","ping_status":"closed","template":"","meta":{"site-sidebar-layout":"default","site-content-layout":"","ast-site-content-layout":"default","site-content-style":"default","site-sidebar-style":"default","ast-global-header-display":"","ast-banner-title-visibility":"","ast-main-header-display":"","ast-hfb-above-header-display":"","ast-hfb-below-header-display":"","ast-hfb-mobile-header-display":"","site-post-title":"","ast-breadcrumbs-content":"","ast-featured-img":"","footer-sml-layout":"","theme-transparent-header-meta":"default","adv-header-id-meta":"","stick-header-meta":"","header-above-stick-meta":"","header-main-stick-meta":"","header-below-stick-meta":"","astra-migrate-meta-layouts":"set","ast-page-background-enabled":"default","ast-page-background-meta":{"desktop":{"background-color":"var(--ast-global-color-4)","background-image":"","background-repeat":"repeat","background-position":"center center","background-size":"auto","background-attachment":"scroll","background-type":"","background-media":"","overlay-type":"","overlay-color":"","overlay-opacity":"","overlay-gradient":""},"tablet":{"background-color":"","background-image":"","background-repeat":"repeat","background-position":"center center","background-size":"auto","background-attachment":"scroll","background-type":"","background-media":"","overlay-type":"","overlay-color":"","overlay-opacity":"","overlay-gradient":""},"mobile":{"background-color":"","background-image":"","background-repeat":"repeat","background-position":"center center","background-size":"auto","background-attachment":"scroll","background-type":"","background-media":"","overlay-type":"","overlay-color":"","overlay-opacity":"","overlay-gradient":""}},"ast-content-background-meta":{"desktop":{"background-color":"var(--ast-global-color-5)","background-image":"","background-repeat":"repeat","background-position":"center center","background-size":"auto","background-attachment":"scroll","background-type":"","background-media":"","overlay-type":"","overlay-color":"","overlay-opacity":"","overlay-gradient":""},"tablet":{"background-color":"var(--ast-global-color-5)","background-image":"","background-repeat":"repeat","background-position":"center center","background-size":"auto","background-attachment":"scroll","background-type":"","background-media":"","overlay-type":"","overlay-color":"","overlay-opacity":"","overlay-gradient":""},"mobile":{"background-color":"var(--ast-global-color-5)","background-image":"","background-repeat":"repeat","background-position":"center center","background-size":"auto","background-attachment":"scroll","background-type":"","background-media":"","overlay-type":"","overlay-color":"","overlay-opacity":"","overlay-gradient":""}}},"product_brand":[],"product_cat":[511,310,670,328,313],"product_tag":[],"berocket_brand":[579],"class_list":{"0":"post-15343","1":"product","2":"type-product","3":"status-publish","4":"has-post-thumbnail","6":"product_cat-atlaides","7":"product_cat-attirisana","8":"product_cat-pilinga-diski","9":"product_cat-pilingi-un-skrubji","10":"product_cat-problematiskai-adai-attirisana","11":"berocket_brand-medicube","12":"desktop-align-left","13":"tablet-align-left","14":"mobile-align-left","16":"first","17":"outofstock","18":"sale","19":"taxable","20":"shipping-taxable","21":"purchasable","22":"product-type-simple","23":"add-to-wishlist-before_image"},"yoast_head":"<!-- This site is optimized with the Yoast SEO plugin v27.3 - https:\/\/yoast.com\/product\/yoast-seo-wordpress\/ -->\n<title>Medicube Zero Pore Pad 2.0 70ea - FACECORNER<\/title>\n<meta name=\"robots\" content=\"index, follow, max-snippet:-1, max-image-preview:large, max-video-preview:-1\" \/>\n<link rel=\"canonical\" href=\"https:\/\/www.facecorner.lv\/ru\/shop\/medicube-zero-pore-pad-2-0-70ea\/\" \/>\n<meta property=\"og:locale\" content=\"ru_RU\" \/>\n<meta property=\"og:type\" content=\"article\" \/>\n<meta property=\"og:title\" content=\"Medicube Zero Pore Pad 2.0 70ea - FACECORNER\" \/>\n<meta property=\"og:description\" content=\"T\u012bras poras s\u0101kas ar \u0161iem dubultas tekst\u016bras toniz\u0113jo\u0161ajiem spilventi\u0146iem. Tie satur unik\u0101lu dab\u012bgo sast\u0101vda\u013cu mais\u012bjumu, kas no\u0146em atmiru\u0161\u0101s \u0101das \u0161\u016bnas, regul\u0113 sebuma veido\u0161anos un sa\u0161aurina poras. Problem\u0101tisk\u0101 \u0101da tiek apstr\u0101d\u0101ta un nomierin\u0101ta, padarot \u0101du redzami t\u012br\u0101ku un glud\u0101ku. Dab\u012bgais AHA aug\u013cu ekstraktu komplekss maigi p\u012blings un dzi\u013ci iek\u013c\u016bst por\u0101s, lai att\u012br\u012btu t\u0101s no nogulsn\u0113m, net\u012brumiem [&hellip;]\" \/>\n<meta property=\"og:url\" content=\"https:\/\/www.facecorner.lv\/ru\/shop\/medicube-zero-pore-pad-2-0-70ea\/\" \/>\n<meta property=\"og:site_name\" content=\"FACECORNER\" \/>\n<meta property=\"article:publisher\" content=\"https:\/\/www.facebook.com\/profile.php?id=100063824551839\" \/>\n<meta property=\"article:modified_time\" content=\"2026-03-06T11:27:56+00:00\" \/>\n<meta property=\"og:image\" content=\"https:\/\/www.facecorner.lv\/wp-content\/uploads\/2024\/05\/5e7614b04def7d8fbcda71c88133d1584f5b0410_original.jpeg\" \/>\n\t<meta property=\"og:image:width\" content=\"780\" \/>\n\t<meta property=\"og:image:height\" content=\"780\" \/>\n\t<meta property=\"og:image:type\" content=\"image\/jpeg\" \/>\n<meta name=\"twitter:card\" content=\"summary_large_image\" \/>\n<meta name=\"twitter:label1\" content=\"\u0426\u0435\u043d\u0430\" \/>\n\t<meta name=\"twitter:data1\" content=\"&euro;35.50\" \/>\n\t<meta name=\"twitter:label2\" content=\"\u0414\u043e\u0441\u0442\u0443\u043f\u043d\u043e\u0441\u0442\u044c\" \/>\n\t<meta name=\"twitter:data2\" content=\"\u0420\u0430\u0441\u043f\u0440\u043e\u0434\u0430\u043d\u043e\" \/>\n<script type=\"application\/ld+json\" class=\"yoast-schema-graph\">{\"@context\":\"https:\\\/\\\/schema.org\",\"@graph\":[{\"@type\":\"WebPage\",\"@id\":\"https:\\\/\\\/www.facecorner.lv\\\/shop\\\/medicube-zero-pore-pad-2-0-70ea\\\/\",\"url\":\"https:\\\/\\\/www.facecorner.lv\\\/shop\\\/medicube-zero-pore-pad-2-0-70ea\\\/\",\"name\":\"Medicube Zero Pore Pad 2.0 70ea - FACECORNER\",\"isPartOf\":{\"@id\":\"https:\\\/\\\/www.facecorner.lv\\\/#website\"},\"primaryImageOfPage\":{\"@id\":\"https:\\\/\\\/www.facecorner.lv\\\/shop\\\/medicube-zero-pore-pad-2-0-70ea\\\/#primaryimage\"},\"image\":{\"@id\":\"https:\\\/\\\/www.facecorner.lv\\\/shop\\\/medicube-zero-pore-pad-2-0-70ea\\\/#primaryimage\"},\"thumbnailUrl\":\"https:\\\/\\\/www.facecorner.lv\\\/wp-content\\\/uploads\\\/2024\\\/05\\\/5e7614b04def7d8fbcda71c88133d1584f5b0410_original.jpeg\",\"datePublished\":\"2024-05-03T18:58:19+00:00\",\"dateModified\":\"2026-03-06T11:27:56+00:00\",\"breadcrumb\":{\"@id\":\"https:\\\/\\\/www.facecorner.lv\\\/shop\\\/medicube-zero-pore-pad-2-0-70ea\\\/#breadcrumb\"},\"inLanguage\":\"ru-RU\",\"potentialAction\":[{\"@type\":\"ReadAction\",\"target\":[\"https:\\\/\\\/www.facecorner.lv\\\/shop\\\/medicube-zero-pore-pad-2-0-70ea\\\/\"]}]},{\"@type\":\"ImageObject\",\"inLanguage\":\"ru-RU\",\"@id\":\"https:\\\/\\\/www.facecorner.lv\\\/shop\\\/medicube-zero-pore-pad-2-0-70ea\\\/#primaryimage\",\"url\":\"https:\\\/\\\/www.facecorner.lv\\\/wp-content\\\/uploads\\\/2024\\\/05\\\/5e7614b04def7d8fbcda71c88133d1584f5b0410_original.jpeg\",\"contentUrl\":\"https:\\\/\\\/www.facecorner.lv\\\/wp-content\\\/uploads\\\/2024\\\/05\\\/5e7614b04def7d8fbcda71c88133d1584f5b0410_original.jpeg\",\"width\":780,\"height\":780},{\"@type\":\"BreadcrumbList\",\"@id\":\"https:\\\/\\\/www.facecorner.lv\\\/shop\\\/medicube-zero-pore-pad-2-0-70ea\\\/#breadcrumb\",\"itemListElement\":[{\"@type\":\"ListItem\",\"position\":1,\"name\":\"Home\",\"item\":\"https:\\\/\\\/www.facecorner.lv\\\/\"},{\"@type\":\"ListItem\",\"position\":2,\"name\":\"Veikals\",\"item\":\"https:\\\/\\\/www.facecorner.lv\\\/shop\\\/\"},{\"@type\":\"ListItem\",\"position\":3,\"name\":\"Medicube Zero Pore Pad 2.0 70ea\"}]},{\"@type\":\"WebSite\",\"@id\":\"https:\\\/\\\/www.facecorner.lv\\\/#website\",\"url\":\"https:\\\/\\\/www.facecorner.lv\\\/\",\"name\":\"Facecorner\",\"description\":\"\",\"publisher\":{\"@id\":\"https:\\\/\\\/www.facecorner.lv\\\/#organization\"},\"potentialAction\":[{\"@type\":\"SearchAction\",\"target\":{\"@type\":\"EntryPoint\",\"urlTemplate\":\"https:\\\/\\\/www.facecorner.lv\\\/?s={search_term_string}\"},\"query-input\":{\"@type\":\"PropertyValueSpecification\",\"valueRequired\":true,\"valueName\":\"search_term_string\"}}],\"inLanguage\":\"ru-RU\"},{\"@type\":\"Organization\",\"@id\":\"https:\\\/\\\/www.facecorner.lv\\\/#organization\",\"name\":\"Facecorner\",\"url\":\"https:\\\/\\\/www.facecorner.lv\\\/\",\"logo\":{\"@type\":\"ImageObject\",\"inLanguage\":\"ru-RU\",\"@id\":\"https:\\\/\\\/www.facecorner.lv\\\/#\\\/schema\\\/logo\\\/image\\\/\",\"url\":\"https:\\\/\\\/www.facecorner.lv\\\/wp-content\\\/uploads\\\/2024\\\/04\\\/fc-logo.jpg\",\"contentUrl\":\"https:\\\/\\\/www.facecorner.lv\\\/wp-content\\\/uploads\\\/2024\\\/04\\\/fc-logo.jpg\",\"width\":174,\"height\":28,\"caption\":\"Facecorner\"},\"image\":{\"@id\":\"https:\\\/\\\/www.facecorner.lv\\\/#\\\/schema\\\/logo\\\/image\\\/\"},\"sameAs\":[\"https:\\\/\\\/www.facebook.com\\\/profile.php?id=100063824551839\",\"https:\\\/\\\/www.instagram.com\\\/facecorner_shop\\\/\"]}]}<\/script>\n<meta property=\"product:price:amount\" content=\"35.50\" \/>\n<meta property=\"product:price:currency\" content=\"EUR\" \/>\n<meta property=\"og:availability\" content=\"out of stock\" \/>\n<meta property=\"product:availability\" content=\"out of stock\" \/>\n<meta property=\"product:condition\" content=\"new\" \/>\n<!-- \/ Yoast SEO plugin. -->","yoast_head_json":{"title":"Medicube Zero Pore Pad 2.0 70ea - FACECORNER","robots":{"index":"index","follow":"follow","max-snippet":"max-snippet:-1","max-image-preview":"max-image-preview:large","max-video-preview":"max-video-preview:-1"},"canonical":"https:\/\/www.facecorner.lv\/ru\/shop\/medicube-zero-pore-pad-2-0-70ea\/","og_locale":"ru_RU","og_type":"article","og_title":"Medicube Zero Pore Pad 2.0 70ea - FACECORNER","og_description":"T\u012bras poras s\u0101kas ar \u0161iem dubultas tekst\u016bras toniz\u0113jo\u0161ajiem spilventi\u0146iem. Tie satur unik\u0101lu dab\u012bgo sast\u0101vda\u013cu mais\u012bjumu, kas no\u0146em atmiru\u0161\u0101s \u0101das \u0161\u016bnas, regul\u0113 sebuma veido\u0161anos un sa\u0161aurina poras. Problem\u0101tisk\u0101 \u0101da tiek apstr\u0101d\u0101ta un nomierin\u0101ta, padarot \u0101du redzami t\u012br\u0101ku un glud\u0101ku. Dab\u012bgais AHA aug\u013cu ekstraktu komplekss maigi p\u012blings un dzi\u013ci iek\u013c\u016bst por\u0101s, lai att\u012br\u012btu t\u0101s no nogulsn\u0113m, net\u012brumiem [&hellip;]","og_url":"https:\/\/www.facecorner.lv\/ru\/shop\/medicube-zero-pore-pad-2-0-70ea\/","og_site_name":"FACECORNER","article_publisher":"https:\/\/www.facebook.com\/profile.php?id=100063824551839","article_modified_time":"2026-03-06T11:27:56+00:00","og_image":[{"width":780,"height":780,"url":"https:\/\/www.facecorner.lv\/wp-content\/uploads\/2024\/05\/5e7614b04def7d8fbcda71c88133d1584f5b0410_original.jpeg","type":"image\/jpeg"}],"twitter_card":"summary_large_image","twitter_misc":{"\u0426\u0435\u043d\u0430":"&euro;35.50","\u0414\u043e\u0441\u0442\u0443\u043f\u043d\u043e\u0441\u0442\u044c":"\u0420\u0430\u0441\u043f\u0440\u043e\u0434\u0430\u043d\u043e"},"schema":{"@context":"https:\/\/schema.org","@graph":[{"@type":"WebPage","@id":"https:\/\/www.facecorner.lv\/shop\/medicube-zero-pore-pad-2-0-70ea\/","url":"https:\/\/www.facecorner.lv\/shop\/medicube-zero-pore-pad-2-0-70ea\/","name":"Medicube Zero Pore Pad 2.0 70ea - FACECORNER","isPartOf":{"@id":"https:\/\/www.facecorner.lv\/#website"},"primaryImageOfPage":{"@id":"https:\/\/www.facecorner.lv\/shop\/medicube-zero-pore-pad-2-0-70ea\/#primaryimage"},"image":{"@id":"https:\/\/www.facecorner.lv\/shop\/medicube-zero-pore-pad-2-0-70ea\/#primaryimage"},"thumbnailUrl":"https:\/\/www.facecorner.lv\/wp-content\/uploads\/2024\/05\/5e7614b04def7d8fbcda71c88133d1584f5b0410_original.jpeg","datePublished":"2024-05-03T18:58:19+00:00","dateModified":"2026-03-06T11:27:56+00:00","breadcrumb":{"@id":"https:\/\/www.facecorner.lv\/shop\/medicube-zero-pore-pad-2-0-70ea\/#breadcrumb"},"inLanguage":"ru-RU","potentialAction":[{"@type":"ReadAction","target":["https:\/\/www.facecorner.lv\/shop\/medicube-zero-pore-pad-2-0-70ea\/"]}]},{"@type":"ImageObject","inLanguage":"ru-RU","@id":"https:\/\/www.facecorner.lv\/shop\/medicube-zero-pore-pad-2-0-70ea\/#primaryimage","url":"https:\/\/www.facecorner.lv\/wp-content\/uploads\/2024\/05\/5e7614b04def7d8fbcda71c88133d1584f5b0410_original.jpeg","contentUrl":"https:\/\/www.facecorner.lv\/wp-content\/uploads\/2024\/05\/5e7614b04def7d8fbcda71c88133d1584f5b0410_original.jpeg","width":780,"height":780},{"@type":"BreadcrumbList","@id":"https:\/\/www.facecorner.lv\/shop\/medicube-zero-pore-pad-2-0-70ea\/#breadcrumb","itemListElement":[{"@type":"ListItem","position":1,"name":"Home","item":"https:\/\/www.facecorner.lv\/"},{"@type":"ListItem","position":2,"name":"Veikals","item":"https:\/\/www.facecorner.lv\/shop\/"},{"@type":"ListItem","position":3,"name":"Medicube Zero Pore Pad 2.0 70ea"}]},{"@type":"WebSite","@id":"https:\/\/www.facecorner.lv\/#website","url":"https:\/\/www.facecorner.lv\/","name":"Facecorner","description":"","publisher":{"@id":"https:\/\/www.facecorner.lv\/#organization"},"potentialAction":[{"@type":"SearchAction","target":{"@type":"EntryPoint","urlTemplate":"https:\/\/www.facecorner.lv\/?s={search_term_string}"},"query-input":{"@type":"PropertyValueSpecification","valueRequired":true,"valueName":"search_term_string"}}],"inLanguage":"ru-RU"},{"@type":"Organization","@id":"https:\/\/www.facecorner.lv\/#organization","name":"Facecorner","url":"https:\/\/www.facecorner.lv\/","logo":{"@type":"ImageObject","inLanguage":"ru-RU","@id":"https:\/\/www.facecorner.lv\/#\/schema\/logo\/image\/","url":"https:\/\/www.facecorner.lv\/wp-content\/uploads\/2024\/04\/fc-logo.jpg","contentUrl":"https:\/\/www.facecorner.lv\/wp-content\/uploads\/2024\/04\/fc-logo.jpg","width":174,"height":28,"caption":"Facecorner"},"image":{"@id":"https:\/\/www.facecorner.lv\/#\/schema\/logo\/image\/"},"sameAs":["https:\/\/www.facebook.com\/profile.php?id=100063824551839","https:\/\/www.instagram.com\/facecorner_shop\/"]}]},"product_price_amount":"35.50","product_price_currency":"EUR","og_availability":"out of stock","product_availability":"out of stock","product_condition":"new"},"_links":{"self":[{"href":"https:\/\/www.facecorner.lv\/ru\/wp-json\/wp\/v2\/product\/15343","targetHints":{"allow":["GET"]}}],"collection":[{"href":"https:\/\/www.facecorner.lv\/ru\/wp-json\/wp\/v2\/product"}],"about":[{"href":"https:\/\/www.facecorner.lv\/ru\/wp-json\/wp\/v2\/types\/product"}],"replies":[{"embeddable":true,"href":"https:\/\/www.facecorner.lv\/ru\/wp-json\/wp\/v2\/comments?post=15343"}],"wp:featuredmedia":[{"embeddable":true,"href":"https:\/\/www.facecorner.lv\/ru\/wp-json\/wp\/v2\/media\/15344"}],"wp:attachment":[{"href":"https:\/\/www.facecorner.lv\/ru\/wp-json\/wp\/v2\/media?parent=15343"}],"wp:term":[{"taxonomy":"product_brand","embeddable":true,"href":"https:\/\/www.facecorner.lv\/ru\/wp-json\/wp\/v2\/product_brand?post=15343"},{"taxonomy":"product_cat","embeddable":true,"href":"https:\/\/www.facecorner.lv\/ru\/wp-json\/wp\/v2\/product_cat?post=15343"},{"taxonomy":"product_tag","embeddable":true,"href":"https:\/\/www.facecorner.lv\/ru\/wp-json\/wp\/v2\/product_tag?post=15343"},{"taxonomy":"berocket_brand","embeddable":true,"href":"https:\/\/www.facecorner.lv\/ru\/wp-json\/wp\/v2\/berocket_brand?post=15343"}],"curies":[{"name":"wp","href":"https:\/\/api.w.org\/{rel}","templated":true}]}}