{"id":14908,"date":"2024-04-02T14:29:11","date_gmt":"2024-04-02T12:29:11","guid":{"rendered":"https:\/\/www.facecorner.lv\/?post_type=product&#038;p=14908"},"modified":"2026-04-28T11:23:57","modified_gmt":"2026-04-28T08:23:57","slug":"medi-peel-peptide-9-volume-lifting-all-in-one-essence-100ml","status":"publish","type":"product","link":"https:\/\/www.facecorner.lv\/ru\/shop\/medi-peel-peptide-9-volume-lifting-all-in-one-essence-100ml\/","title":{"rendered":"Medi-Peel Peptide 9 Volume Lifting All-In-One Essence 100ml"},"content":{"rendered":"<p>\u041b\u0438\u0444\u0442\u0438\u043d\u0433-\u044d\u0441\u0441\u0435\u043d\u0446\u0438\u044f \u0434\u043b\u044f \u043b\u0438\u0446\u0430 \u0441 \u043f\u0435\u043f\u0442\u0438\u0434\u0430\u043c\u0438 Medi-Peel Peptide 9 Volume Lifting All-In-One Essence \u0438\u043d\u0442\u0435\u043d\u0441\u0438\u0432\u043d\u043e \u0432\u043e\u0437\u0434\u0435\u0439\u0441\u0442\u0432\u0443\u0435\u0442 \u043d\u0430 \u043a\u043e\u0436\u043d\u044b\u0439 \u043f\u043e\u043a\u0440\u043e\u0432, \u043f\u043e\u0432\u044b\u0448\u0430\u0435\u0442 \u0435\u0433\u043e \u0443\u043f\u0440\u0443\u0433\u043e\u0441\u0442\u044c \u0438 \u044d\u043b\u0430\u0441\u0442\u0438\u0447\u043d\u043e\u0441\u0442\u044c, \u0440\u0430\u0437\u0433\u043b\u0430\u0436\u0438\u0432\u0430\u0435\u0442 \u0437\u0430\u043b\u043e\u043c\u044b \u0438 \u043f\u043e\u0434\u0442\u044f\u0433\u0438\u0432\u0430\u0435\u0442 \u043a\u043e\u0436\u0443. \u0423\u043a\u0440\u0435\u043f\u043b\u044f\u0435\u0442 \u043a\u043e\u043d\u0442\u0443\u0440\u044b \u043b\u0438\u0446\u0430, \u0437\u0430\u043c\u0435\u0434\u043b\u044f\u0435\u0442 \u043f\u0440\u043e\u0446\u0435\u0441\u0441\u044b \u0441\u0442\u0430\u0440\u0435\u043d\u0438\u044f, \u0443\u043c\u0435\u043d\u044c\u0448\u0430\u0435\u0442 \u0432\u044b\u0440\u0430\u0436\u0435\u043d\u043d\u043e\u0441\u0442\u044c \u043c\u043e\u0440\u0449\u0438\u043d \u0438 \u0441\u043e\u043a\u0440\u0430\u0449\u0430\u0435\u0442 \u0438\u0445 \u0433\u043b\u0443\u0431\u0438\u043d\u0443.<\/p>\n<p>\u042d\u0441\u0441\u0435\u043d\u0446\u0438\u044f \u043f\u043e\u0434\u0434\u0435\u0440\u0436\u0438\u0432\u0430\u0435\u0442 \u043e\u043f\u0442\u0438\u043c\u0430\u043b\u044c\u043d\u044b\u0439 \u0443\u0440\u043e\u0432\u0435\u043d\u044c \u0443\u0432\u043b\u0430\u0436\u043d\u0435\u043d\u0438\u044f, \u043f\u043e\u0432\u044b\u0448\u0430\u0435\u0442 \u0442\u043e\u043d\u0443\u0441 \u0438 \u0437\u0430\u0449\u0438\u0449\u0430\u0435\u0442 \u043a\u043e\u0436\u0443 \u043e\u0442 \u0430\u0433\u0440\u0435\u0441\u0441\u0438\u0432\u043d\u043e\u0433\u043e \u0432\u043e\u0437\u0434\u0435\u0439\u0441\u0442\u0432\u0438\u044f \u043e\u043a\u0440\u0443\u0436\u0430\u044e\u0449\u0438\u0445 \u0444\u0430\u043a\u0442\u043e\u0440\u043e\u0432, \u043e\u0441\u0432\u0435\u0442\u043b\u044f\u0435\u0442 \u043e\u0431\u0449\u0438\u0439 \u0442\u043e\u043d \u043a\u043e\u0436\u0438 \u0438 \u0432\u043e\u0437\u0432\u0440\u0430\u0449\u0430\u0435\u0442 \u0437\u0434\u043e\u0440\u043e\u0432\u043e\u0435 \u0441\u0438\u044f\u043d\u0438\u0435.<\/p>\n<ul>\n<li>\u041a\u043e\u043c\u043f\u043b\u0435\u043a\u0441 \u0438\u0437 9 \u043f\u0435\u043f\u0442\u0438\u0434\u043e\u0432 \u044d\u0444\u0444\u0435\u043a\u0442\u0438\u0432\u043d\u043e \u0431\u043e\u0440\u0435\u0442\u0441\u044f \u0441 \u043c\u0435\u043b\u043a\u0438\u043c\u0438 \u0438 \u0433\u043b\u0443\u0431\u043e\u043a\u0438\u043c\u0438 \u043c\u043e\u0440\u0449\u0438\u043d\u0430\u043c\u0438, \u0434\u0435\u043b\u0430\u0435\u0442  \u043a\u043e\u0436\u0443 \u0443\u043f\u0440\u0443\u0433\u043e\u0439 \u0438 \u044d\u043b\u0430\u0441\u0442\u0438\u0447\u043d\u043e\u0439.<\/li>\n<li>\u041f\u043e\u043b\u0438\u043c\u043e\u043b\u043e\u0447\u043d\u0430\u044f \u043a\u0438\u0441\u043b\u043e\u0442\u0430 \u043e\u043a\u0430\u0437\u044b\u0432\u0430\u0435\u0442 \u043c\u043e\u0449\u043d\u044b\u0439 \u043b\u0438\u0444\u0442\u0438\u043d\u0433-\u044d\u0444\u0444\u0435\u043a\u0442.<\/li>\n<li>\u042d\u043a\u0441\u0442\u0440\u0430\u043a\u0442 \u043a\u043e\u043b\u043b\u0430\u0433\u0435\u043d\u0430 \u0433\u043b\u0443\u0431\u043e\u043a\u043e \u0432\u043f\u0438\u0442\u044b\u0432\u0430\u0435\u0442\u0441\u044f \u0432 \u043a\u043e\u0436\u0443, \u043d\u0430\u043f\u043e\u043b\u043d\u044f\u0435\u0442 \u0435\u0435 \u0441\u0438\u043b\u043e\u0439 \u0438 \u0437\u0434\u043e\u0440\u043e\u0432\u044c\u0435\u043c.<\/li>\n<li>\u042d\u043a\u0441\u0442\u0440\u0430\u043a\u0442 \u043a\u043e\u0440\u043d\u044f \u0440\u0435\u043c\u0430\u043d\u043d\u0438\u0438, \u0441\u043e\u0434\u0435\u0440\u0436\u0430\u0449\u0438\u0439 \u0431\u043e\u043b\u044c\u0448\u043e\u0435 \u043a\u043e\u043b\u0438\u0447\u0435\u0441\u0442\u0432\u043e \u043a\u0430\u0440\u043e\u0442\u0438\u043d\u0430, \u043f\u0440\u0435\u043f\u044f\u0442\u0441\u0442\u0432\u0443\u0435\u0442 \u043f\u0440\u0435\u0436\u0434\u0435\u0432\u0440\u0435\u043c\u0435\u043d\u043d\u043e\u043c\u0443 \u0441\u0442\u0430\u0440\u0435\u043d\u0438\u044e \u043a\u043e\u0436, \u0432 \u0442\u043e\u043c \u0447\u0438\u0441\u043b\u0435 \u0438 \u0444\u043e\u0442\u043e\u0441\u0442\u0430\u0440\u0435\u043d\u0438\u044e.<\/li>\n<\/ul>\n<p class=\"moze-justify\"><strong>\u0421\u043f\u043e\u0441\u043e\u0431 \u043f\u0440\u0438\u043c\u0435\u043d\u0435\u043d\u0438\u044f:<\/strong> \u041b\u0438\u0444\u0442\u0438\u043d\u0433-\u044d\u0441\u0441\u0435\u043d\u0446\u0438\u044f \u0438\u0441\u043f\u043e\u043b\u044c\u0437\u0443\u0435\u0442\u0441\u044f \u043f\u043e\u0441\u043b\u0435 \u043f\u0440\u0438\u043c\u0435\u043d\u0435\u043d\u0438\u044f \u0442\u043e\u043d\u0435\u0440\u0430 \u0438\u043b\u0438 \u043b\u043e\u0441\u044c\u043e\u043d\u0430. \u0412\u043e\u0437\u044c\u043c\u0438\u0442\u0435 \u043d\u0435\u043e\u0431\u0445\u043e\u0434\u0438\u043c\u043e\u0435 \u043a\u043e\u043b\u0438\u0447\u0435\u0441\u0442\u0432\u043e \u0441\u0440\u0435\u0434\u0441\u0442\u0432\u0430 \u0438 \u0430\u043a\u043a\u0443\u0440\u0430\u0442\u043d\u043e \u0440\u0430\u0441\u043f\u0440\u0435\u0434\u0435\u043b\u0438\u0442\u0435 \u0435\u0433\u043e \u043e\u0442 \u0432\u043d\u0443\u0442\u0440\u0435\u043d\u043d\u0435\u0439 \u0447\u0430\u0441\u0442\u0438 \u043b\u0438\u0446\u0430 \u043a \u0432\u043d\u0435\u0448\u043d\u0435\u0439 \u043f\u043e \u043f\u043e\u0432\u0435\u0440\u0445\u043d\u043e\u0441\u0442\u0438 \u043a\u043e\u0436\u0438. \u0417\u0430\u0442\u0435\u043c \u0441\u043b\u0435\u0433\u043a\u0430 \u043d\u0430\u0434\u0430\u0432\u0438\u0442\u0435 \u043e\u0431\u0435\u0438\u043c\u0438 \u043b\u0430\u0434\u043e\u043d\u044f\u043c\u0438 \u043d\u0430 \u0449\u0435\u043a\u0438, \u043b\u043e\u0431 \u0438 \u043f\u043e\u0434\u0431\u043e\u0440\u043e\u0434\u043e\u043a, \u0447\u0442\u043e\u0431\u044b \u0441\u0440\u0435\u0434\u0441\u0442\u0432\u043e \u0432\u043f\u0438\u0442\u0430\u043b\u043e\u0441\u044c, \u0438 \u0437\u0430\u0432\u0435\u0440\u0448\u0438\u0442\u0435 \u043f\u0440\u043e\u0446\u0435\u0434\u0443\u0440\u0443.<\/p>\n<p><strong>\u0421\u043e\u0441\u0442\u0430\u0432<\/strong> Purified water, glycerin, methyl perfluoroisobutyl ether, hydrogenated polyisobutene, methyl propanediol, caprylic\/capric triglyceride, cyclopentasiloxane, niacinamide, butylene glycol dicapryl lactate\/dicaprate, methyl perfluorobutyl ether, cyclohexasiloxane, sodium myristoyl glutamate, cetearyl alcohol, oil palm kernel oil, arginine, oil palm oil, decyl glucoside, glyceryl stearate, Hydroxyethyl Urea, Betaine, PEG-100 Stearate, Dimethicone, Myristic Acid, Carbomer, Ammonium Acryloyldimethyltaurate\/VP Copolymer, Decylene Glycol, Ethylhexylglycerin, Hex Silene Glycol, Butylene Glycol, Dimethicone\/Vinyl Dimethicone Crosspolymer, Propanediol, 1,2-Hexanediol, Glyceryl Acrylate\/Acrylic Acid Copolymer, Totarol,\u00a0 Sodium Hyaluronate Crosspolymer, Allantoin, Polylactic Acid ( 499ppm), adenosine,\u00a0 sodium hyaluronate, ethanol,\u00a0 hydrolyzed glycosaminoglycan, laureth-23, disodium EDTA, bean sprout fruit extract, eucalyptus leaf extract, argan kernel oil, benzyl glycol, Dandelion rhizome\/root extract, decyl alcohol, caprylyl glycol, trideceth-6,\u00a0 sodium polyacrylate, pentylene glycol, hydrogenated polydecene, hydrolyzed hyaluronic acid, Glucose, thyme extract, rosemary extract,Oregano Flower\/Leaf\/Stem Extract, Lavender Extract, Green Tea Extract, Oleracea Acmela Extract, Fructan, Jimmo Root Extract, Snow White Tea Leaf Extract, Silica, Kelp Extract, Vitamin Tree Extract, Collagen Extract (1ppm), Tocopherol, Hyaluronic Acid Ronic acid, chamomile flower water, raspberry ketone, polysorbate 80, lactobacillus fermented product, hydrolyzed elastin, astaxanthin, Rehmannia root extract, panthenol, inositol, hydrolyzed collagen, glutathione, polyacid, biotin , Ascorbic Acid, Palmitoyl Tetrapeptide-7 (5ppb), Acetyl Octapeptide-3 (5ppb), Tripeptide-1 (1ppb), Palmitoyl Tripeptide-1 (1ppb), Palmitoylpentapeptide-4 (1ppb) ), Copper Tripeptide-1 (1ppb), Acetyl Hexapeptide-8 (1ppb), Hexapeptide-9 (0.5ppb), Nonapeptide-1 (0.1ppb), Fragrance<\/p>\n<div class=\"moze-justify\"><\/div>","protected":false},"excerpt":{"rendered":"<p>Medi-Peel Peptide Peptide 9 Volume Lifting All-In-One Essence intens\u012bvi iedarbojas uz \u0101du, palielina t\u0101s elast\u012bbu un tvirtumu, izl\u012bdzina grumbas un savelk \u0101du. T\u0101 nostiprina sejas kont\u016bras, pal\u0113nina noveco\u0161an\u0101s procesus, samazina grumbas un to dzi\u013cumu. Esence uztur optim\u0101lu mitrin\u0101\u0161anas l\u012bmeni, uzlabo tonusu un aizsarg\u0101 \u0101du no agres\u012bviem vides faktoriem, izgaismo kop\u0113jo \u0101das tonusu un atgrie\u017e vesel\u012bgu [&hellip;]<\/p>\n","protected":false},"featured_media":14909,"comment_status":"open","ping_status":"closed","template":"","meta":{"site-sidebar-layout":"default","site-content-layout":"","ast-site-content-layout":"","site-content-style":"default","site-sidebar-style":"default","ast-global-header-display":"","ast-banner-title-visibility":"","ast-main-header-display":"","ast-hfb-above-header-display":"","ast-hfb-below-header-display":"","ast-hfb-mobile-header-display":"","site-post-title":"","ast-breadcrumbs-content":"","ast-featured-img":"","footer-sml-layout":"","theme-transparent-header-meta":"","adv-header-id-meta":"","stick-header-meta":"","header-above-stick-meta":"","header-main-stick-meta":"","header-below-stick-meta":"","astra-migrate-meta-layouts":"default","ast-page-background-enabled":"default","ast-page-background-meta":{"desktop":{"background-color":"var(--ast-global-color-4)","background-image":"","background-repeat":"repeat","background-position":"center center","background-size":"auto","background-attachment":"scroll","background-type":"","background-media":"","overlay-type":"","overlay-color":"","overlay-opacity":"","overlay-gradient":""},"tablet":{"background-color":"","background-image":"","background-repeat":"repeat","background-position":"center center","background-size":"auto","background-attachment":"scroll","background-type":"","background-media":"","overlay-type":"","overlay-color":"","overlay-opacity":"","overlay-gradient":""},"mobile":{"background-color":"","background-image":"","background-repeat":"repeat","background-position":"center center","background-size":"auto","background-attachment":"scroll","background-type":"","background-media":"","overlay-type":"","overlay-color":"","overlay-opacity":"","overlay-gradient":""}},"ast-content-background-meta":{"desktop":{"background-color":"var(--ast-global-color-5)","background-image":"","background-repeat":"repeat","background-position":"center center","background-size":"auto","background-attachment":"scroll","background-type":"","background-media":"","overlay-type":"","overlay-color":"","overlay-opacity":"","overlay-gradient":""},"tablet":{"background-color":"var(--ast-global-color-5)","background-image":"","background-repeat":"repeat","background-position":"center center","background-size":"auto","background-attachment":"scroll","background-type":"","background-media":"","overlay-type":"","overlay-color":"","overlay-opacity":"","overlay-gradient":""},"mobile":{"background-color":"var(--ast-global-color-5)","background-image":"","background-repeat":"repeat","background-position":"center center","background-size":"auto","background-attachment":"scroll","background-type":"","background-media":"","overlay-type":"","overlay-color":"","overlay-opacity":"","overlay-gradient":""}}},"product_brand":[],"product_cat":[435],"product_tag":[],"berocket_brand":[583],"class_list":{"0":"post-14908","1":"product","2":"type-product","3":"status-publish","4":"has-post-thumbnail","6":"product_cat-jaunumi","7":"berocket_brand-medi-peel","8":"desktop-align-left","9":"tablet-align-left","10":"mobile-align-left","12":"first","13":"instock","14":"taxable","15":"shipping-taxable","16":"purchasable","17":"product-type-simple","18":"add-to-wishlist-before_image"},"yoast_head":"<!-- This site is optimized with the Yoast SEO plugin v27.4 - https:\/\/yoast.com\/product\/yoast-seo-wordpress\/ -->\n<title>Medi-Peel Peptide 9 Volume Lifting All-In-One Essence 100ml - FACECORNER<\/title>\n<meta name=\"robots\" content=\"index, follow, max-snippet:-1, max-image-preview:large, max-video-preview:-1\" \/>\n<link rel=\"canonical\" href=\"https:\/\/www.facecorner.lv\/ru\/shop\/medi-peel-peptide-9-volume-lifting-all-in-one-essence-100ml\/\" \/>\n<meta property=\"og:locale\" content=\"ru_RU\" \/>\n<meta property=\"og:type\" content=\"article\" \/>\n<meta property=\"og:title\" content=\"Medi-Peel Peptide 9 Volume Lifting All-In-One Essence 100ml - FACECORNER\" \/>\n<meta property=\"og:description\" content=\"Medi-Peel Peptide Peptide 9 Volume Lifting All-In-One Essence intens\u012bvi iedarbojas uz \u0101du, palielina t\u0101s elast\u012bbu un tvirtumu, izl\u012bdzina grumbas un savelk \u0101du. T\u0101 nostiprina sejas kont\u016bras, pal\u0113nina noveco\u0161an\u0101s procesus, samazina grumbas un to dzi\u013cumu. Esence uztur optim\u0101lu mitrin\u0101\u0161anas l\u012bmeni, uzlabo tonusu un aizsarg\u0101 \u0101du no agres\u012bviem vides faktoriem, izgaismo kop\u0113jo \u0101das tonusu un atgrie\u017e vesel\u012bgu [&hellip;]\" \/>\n<meta property=\"og:url\" content=\"https:\/\/www.facecorner.lv\/ru\/shop\/medi-peel-peptide-9-volume-lifting-all-in-one-essence-100ml\/\" \/>\n<meta property=\"og:site_name\" content=\"FACECORNER\" \/>\n<meta property=\"article:publisher\" content=\"https:\/\/www.facebook.com\/profile.php?id=100063824551839\" \/>\n<meta property=\"article:modified_time\" content=\"2026-04-28T08:23:57+00:00\" \/>\n<meta property=\"og:image\" content=\"https:\/\/www.facecorner.lv\/wp-content\/uploads\/2024\/04\/1_2cp9-nf.webp\" \/>\n\t<meta property=\"og:image:width\" content=\"1000\" \/>\n\t<meta property=\"og:image:height\" content=\"1000\" \/>\n\t<meta property=\"og:image:type\" content=\"image\/webp\" \/>\n<meta name=\"twitter:card\" content=\"summary_large_image\" \/>\n<meta name=\"twitter:label1\" content=\"\u0426\u0435\u043d\u0430\" \/>\n\t<meta name=\"twitter:data1\" content=\"&euro;41.90\" \/>\n\t<meta name=\"twitter:label2\" content=\"\u0414\u043e\u0441\u0442\u0443\u043f\u043d\u043e\u0441\u0442\u044c\" \/>\n\t<meta name=\"twitter:data2\" content=\"\u0412 \u043d\u0430\u043b\u0438\u0447\u0438\u0438\" \/>\n<script type=\"application\/ld+json\" class=\"yoast-schema-graph\">{\"@context\":\"https:\\\/\\\/schema.org\",\"@graph\":[{\"@type\":\"WebPage\",\"@id\":\"https:\\\/\\\/www.facecorner.lv\\\/shop\\\/medi-peel-peptide-9-volume-lifting-all-in-one-essence-100ml\\\/\",\"url\":\"https:\\\/\\\/www.facecorner.lv\\\/shop\\\/medi-peel-peptide-9-volume-lifting-all-in-one-essence-100ml\\\/\",\"name\":\"Medi-Peel Peptide 9 Volume Lifting All-In-One Essence 100ml - FACECORNER\",\"isPartOf\":{\"@id\":\"https:\\\/\\\/www.facecorner.lv\\\/#website\"},\"primaryImageOfPage\":{\"@id\":\"https:\\\/\\\/www.facecorner.lv\\\/shop\\\/medi-peel-peptide-9-volume-lifting-all-in-one-essence-100ml\\\/#primaryimage\"},\"image\":{\"@id\":\"https:\\\/\\\/www.facecorner.lv\\\/shop\\\/medi-peel-peptide-9-volume-lifting-all-in-one-essence-100ml\\\/#primaryimage\"},\"thumbnailUrl\":\"https:\\\/\\\/www.facecorner.lv\\\/wp-content\\\/uploads\\\/2024\\\/04\\\/1_2cp9-nf.webp\",\"datePublished\":\"2024-04-02T12:29:11+00:00\",\"dateModified\":\"2026-04-28T08:23:57+00:00\",\"breadcrumb\":{\"@id\":\"https:\\\/\\\/www.facecorner.lv\\\/shop\\\/medi-peel-peptide-9-volume-lifting-all-in-one-essence-100ml\\\/#breadcrumb\"},\"inLanguage\":\"ru-RU\",\"potentialAction\":[{\"@type\":\"ReadAction\",\"target\":[\"https:\\\/\\\/www.facecorner.lv\\\/shop\\\/medi-peel-peptide-9-volume-lifting-all-in-one-essence-100ml\\\/\"]}]},{\"@type\":\"ImageObject\",\"inLanguage\":\"ru-RU\",\"@id\":\"https:\\\/\\\/www.facecorner.lv\\\/shop\\\/medi-peel-peptide-9-volume-lifting-all-in-one-essence-100ml\\\/#primaryimage\",\"url\":\"https:\\\/\\\/www.facecorner.lv\\\/wp-content\\\/uploads\\\/2024\\\/04\\\/1_2cp9-nf.webp\",\"contentUrl\":\"https:\\\/\\\/www.facecorner.lv\\\/wp-content\\\/uploads\\\/2024\\\/04\\\/1_2cp9-nf.webp\",\"width\":1000,\"height\":1000},{\"@type\":\"BreadcrumbList\",\"@id\":\"https:\\\/\\\/www.facecorner.lv\\\/shop\\\/medi-peel-peptide-9-volume-lifting-all-in-one-essence-100ml\\\/#breadcrumb\",\"itemListElement\":[{\"@type\":\"ListItem\",\"position\":1,\"name\":\"Home\",\"item\":\"https:\\\/\\\/www.facecorner.lv\\\/\"},{\"@type\":\"ListItem\",\"position\":2,\"name\":\"Veikals\",\"item\":\"https:\\\/\\\/www.facecorner.lv\\\/shop\\\/\"},{\"@type\":\"ListItem\",\"position\":3,\"name\":\"Medi-Peel Peptide 9 Volume Lifting All-In-One Essence 100ml\"}]},{\"@type\":\"WebSite\",\"@id\":\"https:\\\/\\\/www.facecorner.lv\\\/#website\",\"url\":\"https:\\\/\\\/www.facecorner.lv\\\/\",\"name\":\"Facecorner\",\"description\":\"\",\"publisher\":{\"@id\":\"https:\\\/\\\/www.facecorner.lv\\\/#organization\"},\"potentialAction\":[{\"@type\":\"SearchAction\",\"target\":{\"@type\":\"EntryPoint\",\"urlTemplate\":\"https:\\\/\\\/www.facecorner.lv\\\/?s={search_term_string}\"},\"query-input\":{\"@type\":\"PropertyValueSpecification\",\"valueRequired\":true,\"valueName\":\"search_term_string\"}}],\"inLanguage\":\"ru-RU\"},{\"@type\":\"Organization\",\"@id\":\"https:\\\/\\\/www.facecorner.lv\\\/#organization\",\"name\":\"Facecorner\",\"url\":\"https:\\\/\\\/www.facecorner.lv\\\/\",\"logo\":{\"@type\":\"ImageObject\",\"inLanguage\":\"ru-RU\",\"@id\":\"https:\\\/\\\/www.facecorner.lv\\\/#\\\/schema\\\/logo\\\/image\\\/\",\"url\":\"https:\\\/\\\/www.facecorner.lv\\\/wp-content\\\/uploads\\\/2024\\\/04\\\/fc-logo.jpg\",\"contentUrl\":\"https:\\\/\\\/www.facecorner.lv\\\/wp-content\\\/uploads\\\/2024\\\/04\\\/fc-logo.jpg\",\"width\":174,\"height\":28,\"caption\":\"Facecorner\"},\"image\":{\"@id\":\"https:\\\/\\\/www.facecorner.lv\\\/#\\\/schema\\\/logo\\\/image\\\/\"},\"sameAs\":[\"https:\\\/\\\/www.facebook.com\\\/profile.php?id=100063824551839\",\"https:\\\/\\\/www.instagram.com\\\/facecorner_shop\\\/\"]}]}<\/script>\n<meta property=\"product:price:amount\" content=\"41.90\" \/>\n<meta property=\"product:price:currency\" content=\"EUR\" \/>\n<meta property=\"og:availability\" content=\"instock\" \/>\n<meta property=\"product:availability\" content=\"instock\" \/>\n<meta property=\"product:condition\" content=\"new\" \/>\n<!-- \/ Yoast SEO plugin. -->","yoast_head_json":{"title":"Medi-Peel Peptide 9 Volume Lifting All-In-One Essence 100ml - FACECORNER","robots":{"index":"index","follow":"follow","max-snippet":"max-snippet:-1","max-image-preview":"max-image-preview:large","max-video-preview":"max-video-preview:-1"},"canonical":"https:\/\/www.facecorner.lv\/ru\/shop\/medi-peel-peptide-9-volume-lifting-all-in-one-essence-100ml\/","og_locale":"ru_RU","og_type":"article","og_title":"Medi-Peel Peptide 9 Volume Lifting All-In-One Essence 100ml - FACECORNER","og_description":"Medi-Peel Peptide Peptide 9 Volume Lifting All-In-One Essence intens\u012bvi iedarbojas uz \u0101du, palielina t\u0101s elast\u012bbu un tvirtumu, izl\u012bdzina grumbas un savelk \u0101du. T\u0101 nostiprina sejas kont\u016bras, pal\u0113nina noveco\u0161an\u0101s procesus, samazina grumbas un to dzi\u013cumu. Esence uztur optim\u0101lu mitrin\u0101\u0161anas l\u012bmeni, uzlabo tonusu un aizsarg\u0101 \u0101du no agres\u012bviem vides faktoriem, izgaismo kop\u0113jo \u0101das tonusu un atgrie\u017e vesel\u012bgu [&hellip;]","og_url":"https:\/\/www.facecorner.lv\/ru\/shop\/medi-peel-peptide-9-volume-lifting-all-in-one-essence-100ml\/","og_site_name":"FACECORNER","article_publisher":"https:\/\/www.facebook.com\/profile.php?id=100063824551839","article_modified_time":"2026-04-28T08:23:57+00:00","og_image":[{"width":1000,"height":1000,"url":"https:\/\/www.facecorner.lv\/wp-content\/uploads\/2024\/04\/1_2cp9-nf.webp","type":"image\/webp"}],"twitter_card":"summary_large_image","twitter_misc":{"\u0426\u0435\u043d\u0430":"&euro;41.90","\u0414\u043e\u0441\u0442\u0443\u043f\u043d\u043e\u0441\u0442\u044c":"\u0412 \u043d\u0430\u043b\u0438\u0447\u0438\u0438"},"schema":{"@context":"https:\/\/schema.org","@graph":[{"@type":"WebPage","@id":"https:\/\/www.facecorner.lv\/shop\/medi-peel-peptide-9-volume-lifting-all-in-one-essence-100ml\/","url":"https:\/\/www.facecorner.lv\/shop\/medi-peel-peptide-9-volume-lifting-all-in-one-essence-100ml\/","name":"Medi-Peel Peptide 9 Volume Lifting All-In-One Essence 100ml - FACECORNER","isPartOf":{"@id":"https:\/\/www.facecorner.lv\/#website"},"primaryImageOfPage":{"@id":"https:\/\/www.facecorner.lv\/shop\/medi-peel-peptide-9-volume-lifting-all-in-one-essence-100ml\/#primaryimage"},"image":{"@id":"https:\/\/www.facecorner.lv\/shop\/medi-peel-peptide-9-volume-lifting-all-in-one-essence-100ml\/#primaryimage"},"thumbnailUrl":"https:\/\/www.facecorner.lv\/wp-content\/uploads\/2024\/04\/1_2cp9-nf.webp","datePublished":"2024-04-02T12:29:11+00:00","dateModified":"2026-04-28T08:23:57+00:00","breadcrumb":{"@id":"https:\/\/www.facecorner.lv\/shop\/medi-peel-peptide-9-volume-lifting-all-in-one-essence-100ml\/#breadcrumb"},"inLanguage":"ru-RU","potentialAction":[{"@type":"ReadAction","target":["https:\/\/www.facecorner.lv\/shop\/medi-peel-peptide-9-volume-lifting-all-in-one-essence-100ml\/"]}]},{"@type":"ImageObject","inLanguage":"ru-RU","@id":"https:\/\/www.facecorner.lv\/shop\/medi-peel-peptide-9-volume-lifting-all-in-one-essence-100ml\/#primaryimage","url":"https:\/\/www.facecorner.lv\/wp-content\/uploads\/2024\/04\/1_2cp9-nf.webp","contentUrl":"https:\/\/www.facecorner.lv\/wp-content\/uploads\/2024\/04\/1_2cp9-nf.webp","width":1000,"height":1000},{"@type":"BreadcrumbList","@id":"https:\/\/www.facecorner.lv\/shop\/medi-peel-peptide-9-volume-lifting-all-in-one-essence-100ml\/#breadcrumb","itemListElement":[{"@type":"ListItem","position":1,"name":"Home","item":"https:\/\/www.facecorner.lv\/"},{"@type":"ListItem","position":2,"name":"Veikals","item":"https:\/\/www.facecorner.lv\/shop\/"},{"@type":"ListItem","position":3,"name":"Medi-Peel Peptide 9 Volume Lifting All-In-One Essence 100ml"}]},{"@type":"WebSite","@id":"https:\/\/www.facecorner.lv\/#website","url":"https:\/\/www.facecorner.lv\/","name":"Facecorner","description":"","publisher":{"@id":"https:\/\/www.facecorner.lv\/#organization"},"potentialAction":[{"@type":"SearchAction","target":{"@type":"EntryPoint","urlTemplate":"https:\/\/www.facecorner.lv\/?s={search_term_string}"},"query-input":{"@type":"PropertyValueSpecification","valueRequired":true,"valueName":"search_term_string"}}],"inLanguage":"ru-RU"},{"@type":"Organization","@id":"https:\/\/www.facecorner.lv\/#organization","name":"Facecorner","url":"https:\/\/www.facecorner.lv\/","logo":{"@type":"ImageObject","inLanguage":"ru-RU","@id":"https:\/\/www.facecorner.lv\/#\/schema\/logo\/image\/","url":"https:\/\/www.facecorner.lv\/wp-content\/uploads\/2024\/04\/fc-logo.jpg","contentUrl":"https:\/\/www.facecorner.lv\/wp-content\/uploads\/2024\/04\/fc-logo.jpg","width":174,"height":28,"caption":"Facecorner"},"image":{"@id":"https:\/\/www.facecorner.lv\/#\/schema\/logo\/image\/"},"sameAs":["https:\/\/www.facebook.com\/profile.php?id=100063824551839","https:\/\/www.instagram.com\/facecorner_shop\/"]}]},"product_price_amount":"41.90","product_price_currency":"EUR","og_availability":"instock","product_availability":"instock","product_condition":"new"},"_links":{"self":[{"href":"https:\/\/www.facecorner.lv\/ru\/wp-json\/wp\/v2\/product\/14908","targetHints":{"allow":["GET"]}}],"collection":[{"href":"https:\/\/www.facecorner.lv\/ru\/wp-json\/wp\/v2\/product"}],"about":[{"href":"https:\/\/www.facecorner.lv\/ru\/wp-json\/wp\/v2\/types\/product"}],"replies":[{"embeddable":true,"href":"https:\/\/www.facecorner.lv\/ru\/wp-json\/wp\/v2\/comments?post=14908"}],"wp:featuredmedia":[{"embeddable":true,"href":"https:\/\/www.facecorner.lv\/ru\/wp-json\/wp\/v2\/media\/14909"}],"wp:attachment":[{"href":"https:\/\/www.facecorner.lv\/ru\/wp-json\/wp\/v2\/media?parent=14908"}],"wp:term":[{"taxonomy":"product_brand","embeddable":true,"href":"https:\/\/www.facecorner.lv\/ru\/wp-json\/wp\/v2\/product_brand?post=14908"},{"taxonomy":"product_cat","embeddable":true,"href":"https:\/\/www.facecorner.lv\/ru\/wp-json\/wp\/v2\/product_cat?post=14908"},{"taxonomy":"product_tag","embeddable":true,"href":"https:\/\/www.facecorner.lv\/ru\/wp-json\/wp\/v2\/product_tag?post=14908"},{"taxonomy":"berocket_brand","embeddable":true,"href":"https:\/\/www.facecorner.lv\/ru\/wp-json\/wp\/v2\/berocket_brand?post=14908"}],"curies":[{"name":"wp","href":"https:\/\/api.w.org\/{rel}","templated":true}]}}