{"id":14601,"date":"2024-03-10T20:23:36","date_gmt":"2024-03-10T18:23:36","guid":{"rendered":"https:\/\/www.facecorner.lv\/?post_type=product&#038;p=14601"},"modified":"2024-05-01T18:24:28","modified_gmt":"2024-05-01T16:24:28","slug":"dr-jart-ctrl-a-teatreement-moisturizer-50ml","status":"publish","type":"product","link":"https:\/\/www.facecorner.lv\/ru\/shop\/dr-jart-ctrl-a-teatreement-moisturizer-50ml\/","title":{"rendered":"Dr.Jart Ctrl-A Teatreement Moisturiser 50ml"},"content":{"rendered":"<p>\u041b\u0435\u0447\u0435\u0431\u043d\u044b\u0439 \u043a\u0440\u0435\u043c \u0434\u043b\u044f \u043f\u0440\u043e\u0431\u043b\u0435\u043c\u043d\u043e\u0439 \u043a\u043e\u0436\u0438 Dr.Jart Ctrl-A Teatreement Moisturizer \u044d\u0444\u0444\u0435\u043a\u0442\u0438\u0432\u043d\u043e \u0431\u043e\u0440\u0435\u0442\u0441\u044f \u0441 \u0430\u043a\u043d\u0435, \u0432\u043e\u0441\u043f\u0430\u043b\u0435\u043d\u0438\u044f\u043c\u0438 \u0438 \u0441\u043d\u0438\u043c\u0430\u0435\u0442 \u0440\u0430\u0437\u0434\u0440\u0430\u0436\u0435\u043d\u0438\u044f \u043a\u043e\u0436\u0438, \u043d\u043e\u0440\u043c\u0430\u043b\u0438\u0437\u0443\u0435\u0442 \u0440\u0430\u0431\u043e\u0442\u0443 \u0441\u0430\u043b\u044c\u043d\u044b\u0445 \u0436\u0435\u043b\u0435\u0437.<\/p>\n<p>\u041e\u0431\u043b\u0430\u0434\u0430\u0435\u0442 \u044f\u0440\u043a\u043e \u0432\u044b\u0440\u0430\u0436\u0435\u043d\u043d\u044b\u043c \u0430\u043d\u0442\u0438\u0431\u0430\u043a\u0442\u0435\u0440\u0438\u0430\u043b\u044c\u043d\u044b\u043c \u0438 \u0431\u0430\u043a\u0442\u0435\u0440\u0438\u0446\u0438\u0434\u043d\u044b\u043c \u0434\u0435\u0439\u0441\u0442\u0432\u0438\u0435\u043c, \u043f\u0440\u0435\u0434\u043e\u0442\u0432\u0440\u0430\u0449\u0430\u0435\u0442 \u043f\u043e\u044f\u0432\u043b\u0435\u043d\u0438\u0435 \u043d\u043e\u0432\u044b\u0445 \u0432\u043e\u0441\u043f\u0430\u043b\u0435\u043d\u0438\u0439, \u0443\u0441\u043f\u043e\u043a\u0430\u0438\u0432\u0430\u0435\u0442 \u0437\u0443\u0434, \u0441\u043d\u0438\u043c\u0430\u0435\u0442 \u043f\u043e\u043a\u0440\u0430\u0441\u043d\u0435\u043d\u0438\u0435.<\/p>\n<p>\u0412\u043e\u0441\u0441\u0442\u0430\u043d\u0430\u0432\u043b\u0438\u0432\u0430\u0435\u0442 \u043a\u0438\u0441\u043b\u043e\u0442\u043d\u043e-\u0449\u0435\u043b\u043e\u0447\u043d\u043e\u0439 \u0431\u0430\u043b\u0430\u043d\u0441, \u0437\u0430\u043f\u0443\u0441\u043a\u0430\u0435\u0442 \u043f\u0440\u043e\u0446\u0435\u0441\u0441\u044b \u0432\u043d\u0443\u0442\u0440\u0438\u043a\u043b\u0435\u0442\u043e\u0447\u043d\u043e\u0439 \u0440\u0435\u0433\u0435\u043d\u0435\u0440\u0430\u0446\u0438\u0438. \u041a\u0440\u0435\u043c \u0438\u043d\u0442\u0435\u043d\u0441\u0438\u0432\u043d\u043e \u0443\u0432\u043b\u0430\u0436\u043d\u044f\u0435\u0442 \u0438 \u0437\u0430\u0449\u0438\u0449\u0430\u0435\u0442 \u043a\u043e\u0436\u0443 \u043e\u0442 \u043e\u0431\u0435\u0437\u0432\u043e\u0436\u0438\u0432\u0430\u043d\u0438\u044f, \u043a\u043e\u043d\u0442\u0440\u043e\u043b\u0438\u0440\u0443\u0435\u0442 \u0432\u044b\u0440\u0430\u0431\u043e\u0442\u043a\u0443 \u043a\u043e\u0436\u043d\u043e\u0433\u043e \u0441\u0430\u043b\u0430.<\/p>\n<p>\u0421\u0440\u0435\u0434\u0441\u0442\u0432\u043e \u0432\u044b\u0440\u0430\u0432\u043d\u0438\u0432\u0430\u0435\u0442 \u0442\u043e\u043d \u0438 \u0440\u0435\u043b\u044c\u0435\u0444 \u043a\u043e\u0436\u0438, \u0434\u0435\u043b\u0430\u0435\u0442 \u0435\u0435 \u044d\u043b\u0430\u0441\u0442\u0438\u0447\u043d\u043e\u0439, \u0441\u043f\u043e\u0441\u043e\u0431\u0441\u0442\u0432\u0443\u0435\u0442 \u0441\u0443\u0436\u0435\u043d\u0438\u044e \u043f\u043e\u0440. \u041f\u0440\u0438 \u0440\u0435\u0433\u0443\u043b\u044f\u0440\u043d\u043e\u043c \u043f\u0440\u0438\u043c\u0435\u043d\u0435\u043d\u0438\u0438 \u043a\u0440\u0435\u043c\u0430 \u043a\u043e\u0436\u0430 \u0441\u0442\u0430\u043d\u043e\u0432\u0438\u0442\u0441\u044f \u0447\u0438\u0441\u0442\u043e\u0439, \u0437\u0434\u043e\u0440\u043e\u0432\u043e\u0439 \u0438 \u0441\u0438\u044f\u044e\u0449\u0435\u0439, \u0435\u0435 \u0432\u043d\u0435\u0448\u043d\u0438\u0439 \u0432\u0438\u0434 \u0437\u0430\u043c\u0435\u0442\u043d\u043e \u0443\u043b\u0443\u0447\u0448\u0430\u0435\u0442\u0441\u044f.<\/p>\n<p>\u041f\u0440\u043e\u0434\u0443\u043a\u0442 \u043f\u0440\u043e\u0448\u0451\u043b \u0432\u0441\u0435 \u043d\u0435\u043e\u0431\u0445\u043e\u0434\u0438\u043c\u044b\u0435 \u0434\u0435\u0440\u043c\u0430\u0442\u043e\u043b\u043e\u0433\u0438\u0447\u0435\u0441\u043a\u0438\u0435 \u0442\u0435\u0441\u0442\u044b, \u043d\u0435 \u0432\u044b\u0437\u044b\u0432\u0430\u0435\u0442 \u0440\u0430\u0437\u0434\u0440\u0430\u0436\u0435\u043d\u0438\u0439 \u0438 \u0430\u043b\u043b\u0435\u0440\u0433\u0438\u0447\u0435\u0441\u043a\u0438\u0445 \u0440\u0435\u0430\u043a\u0446\u0438\u0439.<\/p>\n<p><strong>\u041e\u0441\u043d\u043e\u0432\u043d\u044b\u0435 \u0434\u0435\u0439\u0441\u0442\u0432\u0443\u044e\u0449\u0438\u0435 \u0438\u043d\u0433\u0440\u0435\u0434\u0438\u0435\u043d\u0442\u044b:<\/strong><\/p>\n<ul>\n<li>\u042d\u043a\u0441\u0442\u0440\u0430\u043a\u0442 \u0447\u0430\u0439\u043d\u043e\u0433\u043e \u0434\u0435\u0440\u0435\u0432\u0430 - \u0443\u0441\u043f\u043e\u043a\u0430\u0438\u0432\u0430\u0435\u0442 \u043a\u043e\u0436\u0443 \u0438 \u043e\u0431\u043b\u0430\u0434\u0430\u0435\u0442 \u0430\u043d\u0442\u0438\u0441\u0435\u043f\u0442\u0438\u0447\u0435\u0441\u043a\u0438\u043c \u0434\u0435\u0439\u0441\u0442\u0432\u0438\u0435\u043c, \u043a\u043e\u043d\u0442\u0440\u043e\u043b\u0438\u0440\u0443\u0435\u0442 \u0432\u044b\u0440\u0430\u0431\u043e\u0442\u043a\u0443 \u043a\u043e\u0436\u043d\u043e\u0433\u043e \u0441\u0430\u043b\u0430, \u0432\u043e\u0441\u0441\u0442\u0430\u043d\u0430\u0432\u043b\u0438\u0432\u0430\u0435\u0442 \u0432\u043e\u0434\u043d\u043e-\u0436\u0438\u0440\u043e\u0432\u043e\u0439 \u0431\u0430\u043b\u0430\u043d\u0441, \u043f\u043e\u043c\u043e\u0433\u0430\u0435\u0442 \u0432 \u0431\u043e\u0440\u044c\u0431\u0435 \u0441 \u0432\u043e\u0441\u043f\u0430\u043b\u0435\u043d\u0438\u044f\u043c\u0438, \u0430\u043a\u043d\u0435 \u0438 \u0434\u0440\u0443\u0433\u0438\u043c\u0438 \u043d\u0435\u0441\u043e\u0432\u0435\u0440\u0448\u0435\u043d\u0441\u0442\u0432\u0430\u043c\u0438 \u043a\u043e\u0436\u0438.<\/li>\n<li>\u041c\u0430\u0441\u043b\u043e \u043b\u0438\u0441\u0442\u044c\u0435\u0432 \u0447\u0430\u0439\u043d\u043e\u0433\u043e \u0434\u0435\u0440\u0435\u0432\u0430 (600 ppm) \u0443\u0441\u0442\u0440\u0430\u043d\u044f\u0435\u0442 \u0437\u0443\u0434 \u043f\u043e\u043a\u0440\u0430\u0441\u043d\u0435\u043d\u0438\u044f \u0438 \u0440\u0430\u0437\u0434\u0440\u0430\u0436\u0435\u043d\u0438\u044f, \u0430 \u0442\u0430\u043a\u0436\u0435 \u0441\u043f\u043e\u0441\u043e\u0431\u0441\u0442\u0432\u0443\u044e\u0442 \u0443\u0441\u0442\u0440\u0430\u043d\u0435\u043d\u0438\u044e \u043e\u0442\u0451\u0447\u043d\u043e\u0441\u0442\u0438. \u041c\u0430\u0441\u043b\u043e \u0441\u043f\u043e\u0441\u043e\u0431\u043d\u043e \u043c\u0435\u043d\u044f\u0442\u044c \u0440\u0435\u043b\u044c\u0435\u0444 \u043a\u043e\u0436\u0438 \u0438 \u0432\u043e\u0441\u0441\u0442\u0430\u043d\u0430\u0432\u043b\u0438\u0432\u0430\u0442\u044c \u0435\u0433\u043e \u043f\u043e\u0441\u043b\u0435 \u043f\u043e\u0432\u0440\u0435\u0436\u0434\u0435\u043d\u0438\u0439.<\/li>\n<li>4-\u0442\u0435\u0440\u043f\u0438\u043d\u0435\u043e\u043b (0,01 ppm) \u2014 \u043f\u0440\u043e\u0438\u0437\u0432\u043e\u0434\u043d\u043e\u0435, \u043f\u043e\u043b\u0443\u0447\u0435\u043d\u043d\u043e\u0435 \u0438\u0437 \u044d\u043a\u0441\u0442\u0440\u0430\u043a\u0442\u0430 \u0447\u0430\u0439\u043d\u043e\u0433\u043e \u0434\u0435\u0440\u0435\u0432\u0430, \u043e\u0431\u043b\u0430\u0434\u0430\u0435\u0442 \u044f\u0440\u043a\u043e \u0432\u044b\u0440\u0430\u0436\u0435\u043d\u043d\u044b\u043c \u043f\u0440\u043e\u0442\u0438\u0432\u043e\u0432\u043e\u0441\u043f\u0430\u043b\u0438\u0442\u0435\u043b\u044c\u043d\u044b\u043c \u0434\u0435\u0439\u0441\u0442\u0432\u0438\u0435\u043c, \u0443\u0441\u043f\u043e\u043a\u0430\u0438\u0432\u0430\u0435\u0442 \u0440\u0430\u0437\u0434\u0440\u0430\u0436\u0435\u043d\u0438\u044f \u0438 \u043b\u0435\u0447\u0438\u0442 \u0430\u043a\u043d\u0435.<\/li>\n<\/ul>\n<p><strong>\u0421\u043f\u043e\u0441\u043e\u0431 \u043f\u0440\u0438\u043c\u0435\u043d\u0435\u043d\u0438\u044f:<\/strong>\u043d\u0430\u043d\u0435\u0441\u0438\u0442\u0435 \u043a\u0440\u0435\u043c \u0437\u0430\u0432\u0435\u0440\u0448\u0430\u044e\u0449\u0438\u043c \u044d\u0442\u0430\u043f\u043e\u043c \u0443\u0445\u043e\u0434\u0430. \u041c\u044f\u0433\u043a\u0438\u043c\u0438 \u0434\u0432\u0438\u0436\u0435\u043d\u0438\u044f\u043c\u0438 \u0432\u043c\u0430\u0441\u0441\u0438\u0440\u0443\u0439\u0442\u0435 \u043a\u0440\u0435\u043c \u0432 \u043a\u043e\u0436\u0443 \u0438 \u043e\u0441\u0442\u0430\u0432\u044c\u0442\u0435 \u0434\u043e \u043f\u043e\u043b\u043d\u043e\u0433\u043e \u0432\u043f\u0438\u0442\u044b\u0432\u0430\u043d\u0438\u044f.<\/p>\n<p><strong>\u0421\u043e\u0441\u0442\u0430\u0432\u00a0<\/strong>MELALEUCA ALTERNIFOLIA (TEA TREE) LEAF EXTRACT, GLYCERIN, NIACINAMIDE, METHYLPROPANEDIOL, ETHYLHEXYL STEARATE, TREHALOSE, CETEARYL GLUCOSIDE, SORBITAN OLIVATE, METHYL TRIMETHICONE, CENTELLA ASIATICA EXTRACT, FICUS CARICA (FIG) FRUIT EXTRACT, LAMINARIA JAPONICA EXTRACT, ECLIPTA PROSTRATA LEAF EXTRACT, CAMELLIA SINENSIS LEAF EXTRACT, HAMAMELIS VIRGINIANA (WITCH HAZEL) EXTRACT, ALOE BARBADENSIS LEAF EXTRACT, GLOIOPELTIS FURCATA EXTRACT, ANTHEMIS NOBILIS FLOWER EXTRACT, ULMUS DAVIDIANA ROOT EXTRACT, AMARANTHUS CAUDATUS SEED EXTRACT, CINNAMOMUM ZEYLANICUM BARK EXTRACT, PINUS PINASTER BARK EXTRACT, CARTHAMUS TINCTORIUS (SAFFLOWER) SEED OIL, MELALEUCA ALTERNIFOLIA (TEA TREE) LEAF OIL, HYDROGENATED LECITHIN, WATER, CETEARYL ALCOHOL, SODIUM POLYACRYLOYLDIMETHYL TAURATE, SORBITAN STEARATE, BUTYLENE GLYCOL, GLYCYRRHIZA GLABRA (LICORICE) RHIZOME\/ROOT, ALLANTOIN, XANTHAN GUM, GLYCINE SOJA (SOYBEAN) STEROLS, LINOLEIC ACID, CAPRYLIC\/CAPRIC TRIGLYCERIDE, PHOSPHOLIPIDS, DISODIUM EDTA, FRUCTOOLIGOSACCHARIDES, SALICYLIC ACID, BETA-GLUCAN, HYDROLYZED HYALURONIC ACID, CERAMIDE NP, CAPRYLOYL GLYCINE, HEXYLENE GLYCOL, CAMPHOR, SILICA, SARCOSINE, 4-TERPINEOL, METHYL METHACRYLATE, 1,2-HEXANEDIOL, ETHYLHEXYLGLYCERIN<\/p>","protected":false},"excerpt":{"rendered":"<p>Dr.Jart Ctrl-A Teatreement Mitrino\u0161s l\u012bdzeklis problem\u0101tiskai \u0101dai efekt\u012bvi c\u012bn\u0101s ar p\u016bt\u012bt\u0113m, iekaisumiem un mazina \u0101das kairin\u0101jumus, normaliz\u0113 sebuma veido\u0161anos. Tam piem\u012bt izteikta antibakteri\u0101la un pretbakteri\u0101la iedarb\u012bba, nov\u0113r\u0161 jaunu iekaisumu ra\u0161anos, nomierina niezi, mazina aps\u0101rtumu. Atjauno sk\u0101bju un s\u0101rmu l\u012bdzsvaru, aktiviz\u0113 iek\u0161\u0161\u016bnu re\u0123ener\u0101cijas procesus. Kr\u0113ms intens\u012bvi mitrina un aizsarg\u0101 \u0101du no dehidrat\u0101cijas, kontrol\u0113 sebuma veido\u0161anos. L\u012bdzeklis [&hellip;]<\/p>\n","protected":false},"featured_media":14605,"comment_status":"open","ping_status":"closed","template":"","meta":{"site-sidebar-layout":"default","site-content-layout":"","ast-site-content-layout":"","site-content-style":"default","site-sidebar-style":"default","ast-global-header-display":"","ast-banner-title-visibility":"","ast-main-header-display":"","ast-hfb-above-header-display":"","ast-hfb-below-header-display":"","ast-hfb-mobile-header-display":"","site-post-title":"","ast-breadcrumbs-content":"","ast-featured-img":"","footer-sml-layout":"","theme-transparent-header-meta":"","adv-header-id-meta":"","stick-header-meta":"","header-above-stick-meta":"","header-main-stick-meta":"","header-below-stick-meta":"","astra-migrate-meta-layouts":"default","ast-page-background-enabled":"default","ast-page-background-meta":{"desktop":{"background-color":"var(--ast-global-color-4)","background-image":"","background-repeat":"repeat","background-position":"center center","background-size":"auto","background-attachment":"scroll","background-type":"","background-media":"","overlay-type":"","overlay-color":"","overlay-opacity":"","overlay-gradient":""},"tablet":{"background-color":"","background-image":"","background-repeat":"repeat","background-position":"center center","background-size":"auto","background-attachment":"scroll","background-type":"","background-media":"","overlay-type":"","overlay-color":"","overlay-opacity":"","overlay-gradient":""},"mobile":{"background-color":"","background-image":"","background-repeat":"repeat","background-position":"center center","background-size":"auto","background-attachment":"scroll","background-type":"","background-media":"","overlay-type":"","overlay-color":"","overlay-opacity":"","overlay-gradient":""}},"ast-content-background-meta":{"desktop":{"background-color":"var(--ast-global-color-5)","background-image":"","background-repeat":"repeat","background-position":"center center","background-size":"auto","background-attachment":"scroll","background-type":"","background-media":"","overlay-type":"","overlay-color":"","overlay-opacity":"","overlay-gradient":""},"tablet":{"background-color":"var(--ast-global-color-5)","background-image":"","background-repeat":"repeat","background-position":"center center","background-size":"auto","background-attachment":"scroll","background-type":"","background-media":"","overlay-type":"","overlay-color":"","overlay-opacity":"","overlay-gradient":""},"mobile":{"background-color":"var(--ast-global-color-5)","background-image":"","background-repeat":"repeat","background-position":"center center","background-size":"auto","background-attachment":"scroll","background-type":"","background-media":"","overlay-type":"","overlay-color":"","overlay-opacity":"","overlay-gradient":""}}},"product_brand":[],"product_cat":[511,369,381,362],"product_tag":[],"berocket_brand":[],"class_list":{"0":"post-14601","1":"product","2":"type-product","3":"status-publish","4":"has-post-thumbnail","6":"product_cat-atlaides","7":"product_cat-problematiskai-adai-sejas-krems","8":"product_cat-problematiskai-un-taukainai-adai","9":"product_cat-sejas-krems","10":"desktop-align-left","11":"tablet-align-left","12":"mobile-align-left","14":"first","15":"outofstock","16":"sale","17":"taxable","18":"shipping-taxable","19":"purchasable","20":"product-type-simple","21":"add-to-wishlist-before_image"},"yoast_head":"<!-- This site is optimized with the Yoast SEO plugin v27.4 - https:\/\/yoast.com\/product\/yoast-seo-wordpress\/ -->\n<title>Dr.Jart Ctrl-A Teatreement Moisturizer 50ml - FACECORNER<\/title>\n<meta name=\"robots\" content=\"index, follow, max-snippet:-1, max-image-preview:large, max-video-preview:-1\" \/>\n<link rel=\"canonical\" href=\"https:\/\/www.facecorner.lv\/ru\/shop\/dr-jart-ctrl-a-teatreement-moisturizer-50ml\/\" \/>\n<meta property=\"og:locale\" content=\"ru_RU\" \/>\n<meta property=\"og:type\" content=\"article\" \/>\n<meta property=\"og:title\" content=\"Dr.Jart Ctrl-A Teatreement Moisturizer 50ml - FACECORNER\" \/>\n<meta property=\"og:description\" content=\"Dr.Jart Ctrl-A Teatreement Mitrino\u0161s l\u012bdzeklis problem\u0101tiskai \u0101dai efekt\u012bvi c\u012bn\u0101s ar p\u016bt\u012bt\u0113m, iekaisumiem un mazina \u0101das kairin\u0101jumus, normaliz\u0113 sebuma veido\u0161anos. Tam piem\u012bt izteikta antibakteri\u0101la un pretbakteri\u0101la iedarb\u012bba, nov\u0113r\u0161 jaunu iekaisumu ra\u0161anos, nomierina niezi, mazina aps\u0101rtumu. Atjauno sk\u0101bju un s\u0101rmu l\u012bdzsvaru, aktiviz\u0113 iek\u0161\u0161\u016bnu re\u0123ener\u0101cijas procesus. Kr\u0113ms intens\u012bvi mitrina un aizsarg\u0101 \u0101du no dehidrat\u0101cijas, kontrol\u0113 sebuma veido\u0161anos. L\u012bdzeklis [&hellip;]\" \/>\n<meta property=\"og:url\" content=\"https:\/\/www.facecorner.lv\/ru\/shop\/dr-jart-ctrl-a-teatreement-moisturizer-50ml\/\" \/>\n<meta property=\"og:site_name\" content=\"FACECORNER\" \/>\n<meta property=\"article:publisher\" content=\"https:\/\/www.facebook.com\/profile.php?id=100063824551839\" \/>\n<meta property=\"article:modified_time\" content=\"2024-05-01T16:24:28+00:00\" \/>\n<meta property=\"og:image\" content=\"https:\/\/www.facecorner.lv\/wp-content\/uploads\/2024\/03\/lechebnyj_krem_dlya_problemnoj_kozhi_drjart_ctrl-a_teatreement_moisturizer_50ml.jpg\" \/>\n\t<meta property=\"og:image:width\" content=\"860\" \/>\n\t<meta property=\"og:image:height\" content=\"860\" \/>\n\t<meta property=\"og:image:type\" content=\"image\/jpeg\" \/>\n<meta name=\"twitter:card\" content=\"summary_large_image\" \/>\n<meta name=\"twitter:label1\" content=\"\u0426\u0435\u043d\u0430\" \/>\n\t<meta name=\"twitter:data1\" content=\"&euro;28.95\" \/>\n\t<meta name=\"twitter:label2\" content=\"\u0414\u043e\u0441\u0442\u0443\u043f\u043d\u043e\u0441\u0442\u044c\" \/>\n\t<meta name=\"twitter:data2\" content=\"\u0420\u0430\u0441\u043f\u0440\u043e\u0434\u0430\u043d\u043e\" \/>\n<script type=\"application\/ld+json\" class=\"yoast-schema-graph\">{\"@context\":\"https:\\\/\\\/schema.org\",\"@graph\":[{\"@type\":\"WebPage\",\"@id\":\"https:\\\/\\\/www.facecorner.lv\\\/shop\\\/dr-jart-ctrl-a-teatreement-moisturizer-50ml\\\/\",\"url\":\"https:\\\/\\\/www.facecorner.lv\\\/shop\\\/dr-jart-ctrl-a-teatreement-moisturizer-50ml\\\/\",\"name\":\"Dr.Jart Ctrl-A Teatreement Moisturizer 50ml - FACECORNER\",\"isPartOf\":{\"@id\":\"https:\\\/\\\/www.facecorner.lv\\\/#website\"},\"primaryImageOfPage\":{\"@id\":\"https:\\\/\\\/www.facecorner.lv\\\/shop\\\/dr-jart-ctrl-a-teatreement-moisturizer-50ml\\\/#primaryimage\"},\"image\":{\"@id\":\"https:\\\/\\\/www.facecorner.lv\\\/shop\\\/dr-jart-ctrl-a-teatreement-moisturizer-50ml\\\/#primaryimage\"},\"thumbnailUrl\":\"https:\\\/\\\/www.facecorner.lv\\\/wp-content\\\/uploads\\\/2024\\\/03\\\/lechebnyj_krem_dlya_problemnoj_kozhi_drjart_ctrl-a_teatreement_moisturizer_50ml.jpg\",\"datePublished\":\"2024-03-10T18:23:36+00:00\",\"dateModified\":\"2024-05-01T16:24:28+00:00\",\"breadcrumb\":{\"@id\":\"https:\\\/\\\/www.facecorner.lv\\\/shop\\\/dr-jart-ctrl-a-teatreement-moisturizer-50ml\\\/#breadcrumb\"},\"inLanguage\":\"ru-RU\",\"potentialAction\":[{\"@type\":\"ReadAction\",\"target\":[\"https:\\\/\\\/www.facecorner.lv\\\/shop\\\/dr-jart-ctrl-a-teatreement-moisturizer-50ml\\\/\"]}]},{\"@type\":\"ImageObject\",\"inLanguage\":\"ru-RU\",\"@id\":\"https:\\\/\\\/www.facecorner.lv\\\/shop\\\/dr-jart-ctrl-a-teatreement-moisturizer-50ml\\\/#primaryimage\",\"url\":\"https:\\\/\\\/www.facecorner.lv\\\/wp-content\\\/uploads\\\/2024\\\/03\\\/lechebnyj_krem_dlya_problemnoj_kozhi_drjart_ctrl-a_teatreement_moisturizer_50ml.jpg\",\"contentUrl\":\"https:\\\/\\\/www.facecorner.lv\\\/wp-content\\\/uploads\\\/2024\\\/03\\\/lechebnyj_krem_dlya_problemnoj_kozhi_drjart_ctrl-a_teatreement_moisturizer_50ml.jpg\",\"width\":860,\"height\":860},{\"@type\":\"BreadcrumbList\",\"@id\":\"https:\\\/\\\/www.facecorner.lv\\\/shop\\\/dr-jart-ctrl-a-teatreement-moisturizer-50ml\\\/#breadcrumb\",\"itemListElement\":[{\"@type\":\"ListItem\",\"position\":1,\"name\":\"Home\",\"item\":\"https:\\\/\\\/www.facecorner.lv\\\/\"},{\"@type\":\"ListItem\",\"position\":2,\"name\":\"Veikals\",\"item\":\"https:\\\/\\\/www.facecorner.lv\\\/shop\\\/\"},{\"@type\":\"ListItem\",\"position\":3,\"name\":\"Dr.Jart Ctrl-A Teatreement Moisturizer 50ml\"}]},{\"@type\":\"WebSite\",\"@id\":\"https:\\\/\\\/www.facecorner.lv\\\/#website\",\"url\":\"https:\\\/\\\/www.facecorner.lv\\\/\",\"name\":\"Facecorner\",\"description\":\"\",\"publisher\":{\"@id\":\"https:\\\/\\\/www.facecorner.lv\\\/#organization\"},\"potentialAction\":[{\"@type\":\"SearchAction\",\"target\":{\"@type\":\"EntryPoint\",\"urlTemplate\":\"https:\\\/\\\/www.facecorner.lv\\\/?s={search_term_string}\"},\"query-input\":{\"@type\":\"PropertyValueSpecification\",\"valueRequired\":true,\"valueName\":\"search_term_string\"}}],\"inLanguage\":\"ru-RU\"},{\"@type\":\"Organization\",\"@id\":\"https:\\\/\\\/www.facecorner.lv\\\/#organization\",\"name\":\"Facecorner\",\"url\":\"https:\\\/\\\/www.facecorner.lv\\\/\",\"logo\":{\"@type\":\"ImageObject\",\"inLanguage\":\"ru-RU\",\"@id\":\"https:\\\/\\\/www.facecorner.lv\\\/#\\\/schema\\\/logo\\\/image\\\/\",\"url\":\"https:\\\/\\\/www.facecorner.lv\\\/wp-content\\\/uploads\\\/2024\\\/04\\\/fc-logo.jpg\",\"contentUrl\":\"https:\\\/\\\/www.facecorner.lv\\\/wp-content\\\/uploads\\\/2024\\\/04\\\/fc-logo.jpg\",\"width\":174,\"height\":28,\"caption\":\"Facecorner\"},\"image\":{\"@id\":\"https:\\\/\\\/www.facecorner.lv\\\/#\\\/schema\\\/logo\\\/image\\\/\"},\"sameAs\":[\"https:\\\/\\\/www.facebook.com\\\/profile.php?id=100063824551839\",\"https:\\\/\\\/www.instagram.com\\\/facecorner_shop\\\/\"]}]}<\/script>\n<meta property=\"product:price:amount\" content=\"28.95\" \/>\n<meta property=\"product:price:currency\" content=\"EUR\" \/>\n<meta property=\"og:availability\" content=\"out of stock\" \/>\n<meta property=\"product:availability\" content=\"out of stock\" \/>\n<meta property=\"product:condition\" content=\"new\" \/>\n<!-- \/ Yoast SEO plugin. -->","yoast_head_json":{"title":"Dr.Jart Ctrl-A Teatreement Moisturizer 50ml - FACECORNER","robots":{"index":"index","follow":"follow","max-snippet":"max-snippet:-1","max-image-preview":"max-image-preview:large","max-video-preview":"max-video-preview:-1"},"canonical":"https:\/\/www.facecorner.lv\/ru\/shop\/dr-jart-ctrl-a-teatreement-moisturizer-50ml\/","og_locale":"ru_RU","og_type":"article","og_title":"Dr.Jart Ctrl-A Teatreement Moisturizer 50ml - FACECORNER","og_description":"Dr.Jart Ctrl-A Teatreement Mitrino\u0161s l\u012bdzeklis problem\u0101tiskai \u0101dai efekt\u012bvi c\u012bn\u0101s ar p\u016bt\u012bt\u0113m, iekaisumiem un mazina \u0101das kairin\u0101jumus, normaliz\u0113 sebuma veido\u0161anos. Tam piem\u012bt izteikta antibakteri\u0101la un pretbakteri\u0101la iedarb\u012bba, nov\u0113r\u0161 jaunu iekaisumu ra\u0161anos, nomierina niezi, mazina aps\u0101rtumu. Atjauno sk\u0101bju un s\u0101rmu l\u012bdzsvaru, aktiviz\u0113 iek\u0161\u0161\u016bnu re\u0123ener\u0101cijas procesus. Kr\u0113ms intens\u012bvi mitrina un aizsarg\u0101 \u0101du no dehidrat\u0101cijas, kontrol\u0113 sebuma veido\u0161anos. L\u012bdzeklis [&hellip;]","og_url":"https:\/\/www.facecorner.lv\/ru\/shop\/dr-jart-ctrl-a-teatreement-moisturizer-50ml\/","og_site_name":"FACECORNER","article_publisher":"https:\/\/www.facebook.com\/profile.php?id=100063824551839","article_modified_time":"2024-05-01T16:24:28+00:00","og_image":[{"width":860,"height":860,"url":"https:\/\/www.facecorner.lv\/wp-content\/uploads\/2024\/03\/lechebnyj_krem_dlya_problemnoj_kozhi_drjart_ctrl-a_teatreement_moisturizer_50ml.jpg","type":"image\/jpeg"}],"twitter_card":"summary_large_image","twitter_misc":{"\u0426\u0435\u043d\u0430":"&euro;28.95","\u0414\u043e\u0441\u0442\u0443\u043f\u043d\u043e\u0441\u0442\u044c":"\u0420\u0430\u0441\u043f\u0440\u043e\u0434\u0430\u043d\u043e"},"schema":{"@context":"https:\/\/schema.org","@graph":[{"@type":"WebPage","@id":"https:\/\/www.facecorner.lv\/shop\/dr-jart-ctrl-a-teatreement-moisturizer-50ml\/","url":"https:\/\/www.facecorner.lv\/shop\/dr-jart-ctrl-a-teatreement-moisturizer-50ml\/","name":"Dr.Jart Ctrl-A Teatreement Moisturizer 50ml - FACECORNER","isPartOf":{"@id":"https:\/\/www.facecorner.lv\/#website"},"primaryImageOfPage":{"@id":"https:\/\/www.facecorner.lv\/shop\/dr-jart-ctrl-a-teatreement-moisturizer-50ml\/#primaryimage"},"image":{"@id":"https:\/\/www.facecorner.lv\/shop\/dr-jart-ctrl-a-teatreement-moisturizer-50ml\/#primaryimage"},"thumbnailUrl":"https:\/\/www.facecorner.lv\/wp-content\/uploads\/2024\/03\/lechebnyj_krem_dlya_problemnoj_kozhi_drjart_ctrl-a_teatreement_moisturizer_50ml.jpg","datePublished":"2024-03-10T18:23:36+00:00","dateModified":"2024-05-01T16:24:28+00:00","breadcrumb":{"@id":"https:\/\/www.facecorner.lv\/shop\/dr-jart-ctrl-a-teatreement-moisturizer-50ml\/#breadcrumb"},"inLanguage":"ru-RU","potentialAction":[{"@type":"ReadAction","target":["https:\/\/www.facecorner.lv\/shop\/dr-jart-ctrl-a-teatreement-moisturizer-50ml\/"]}]},{"@type":"ImageObject","inLanguage":"ru-RU","@id":"https:\/\/www.facecorner.lv\/shop\/dr-jart-ctrl-a-teatreement-moisturizer-50ml\/#primaryimage","url":"https:\/\/www.facecorner.lv\/wp-content\/uploads\/2024\/03\/lechebnyj_krem_dlya_problemnoj_kozhi_drjart_ctrl-a_teatreement_moisturizer_50ml.jpg","contentUrl":"https:\/\/www.facecorner.lv\/wp-content\/uploads\/2024\/03\/lechebnyj_krem_dlya_problemnoj_kozhi_drjart_ctrl-a_teatreement_moisturizer_50ml.jpg","width":860,"height":860},{"@type":"BreadcrumbList","@id":"https:\/\/www.facecorner.lv\/shop\/dr-jart-ctrl-a-teatreement-moisturizer-50ml\/#breadcrumb","itemListElement":[{"@type":"ListItem","position":1,"name":"Home","item":"https:\/\/www.facecorner.lv\/"},{"@type":"ListItem","position":2,"name":"Veikals","item":"https:\/\/www.facecorner.lv\/shop\/"},{"@type":"ListItem","position":3,"name":"Dr.Jart Ctrl-A Teatreement Moisturizer 50ml"}]},{"@type":"WebSite","@id":"https:\/\/www.facecorner.lv\/#website","url":"https:\/\/www.facecorner.lv\/","name":"Facecorner","description":"","publisher":{"@id":"https:\/\/www.facecorner.lv\/#organization"},"potentialAction":[{"@type":"SearchAction","target":{"@type":"EntryPoint","urlTemplate":"https:\/\/www.facecorner.lv\/?s={search_term_string}"},"query-input":{"@type":"PropertyValueSpecification","valueRequired":true,"valueName":"search_term_string"}}],"inLanguage":"ru-RU"},{"@type":"Organization","@id":"https:\/\/www.facecorner.lv\/#organization","name":"Facecorner","url":"https:\/\/www.facecorner.lv\/","logo":{"@type":"ImageObject","inLanguage":"ru-RU","@id":"https:\/\/www.facecorner.lv\/#\/schema\/logo\/image\/","url":"https:\/\/www.facecorner.lv\/wp-content\/uploads\/2024\/04\/fc-logo.jpg","contentUrl":"https:\/\/www.facecorner.lv\/wp-content\/uploads\/2024\/04\/fc-logo.jpg","width":174,"height":28,"caption":"Facecorner"},"image":{"@id":"https:\/\/www.facecorner.lv\/#\/schema\/logo\/image\/"},"sameAs":["https:\/\/www.facebook.com\/profile.php?id=100063824551839","https:\/\/www.instagram.com\/facecorner_shop\/"]}]},"product_price_amount":"28.95","product_price_currency":"EUR","og_availability":"out of stock","product_availability":"out of stock","product_condition":"new"},"_links":{"self":[{"href":"https:\/\/www.facecorner.lv\/ru\/wp-json\/wp\/v2\/product\/14601","targetHints":{"allow":["GET"]}}],"collection":[{"href":"https:\/\/www.facecorner.lv\/ru\/wp-json\/wp\/v2\/product"}],"about":[{"href":"https:\/\/www.facecorner.lv\/ru\/wp-json\/wp\/v2\/types\/product"}],"replies":[{"embeddable":true,"href":"https:\/\/www.facecorner.lv\/ru\/wp-json\/wp\/v2\/comments?post=14601"}],"wp:featuredmedia":[{"embeddable":true,"href":"https:\/\/www.facecorner.lv\/ru\/wp-json\/wp\/v2\/media\/14605"}],"wp:attachment":[{"href":"https:\/\/www.facecorner.lv\/ru\/wp-json\/wp\/v2\/media?parent=14601"}],"wp:term":[{"taxonomy":"product_brand","embeddable":true,"href":"https:\/\/www.facecorner.lv\/ru\/wp-json\/wp\/v2\/product_brand?post=14601"},{"taxonomy":"product_cat","embeddable":true,"href":"https:\/\/www.facecorner.lv\/ru\/wp-json\/wp\/v2\/product_cat?post=14601"},{"taxonomy":"product_tag","embeddable":true,"href":"https:\/\/www.facecorner.lv\/ru\/wp-json\/wp\/v2\/product_tag?post=14601"},{"taxonomy":"berocket_brand","embeddable":true,"href":"https:\/\/www.facecorner.lv\/ru\/wp-json\/wp\/v2\/berocket_brand?post=14601"}],"curies":[{"name":"wp","href":"https:\/\/api.w.org\/{rel}","templated":true}]}}