{"id":14558,"date":"2024-03-08T14:40:05","date_gmt":"2024-03-08T12:40:05","guid":{"rendered":"https:\/\/www.facecorner.lv\/?post_type=product&#038;p=14558"},"modified":"2025-10-01T20:04:07","modified_gmt":"2025-10-01T17:04:07","slug":"mizon-phyto-plump-collagen-60ea","status":"publish","type":"product","link":"https:\/\/www.facecorner.lv\/ru\/shop\/mizon-phyto-plump-collagen-60ea\/","title":{"rendered":"Mizon  Phyto Plump Collagen 60ea"},"content":{"rendered":"<p>\u041f\u0430\u0442\u0447\u0438 \u0434\u043b\u044f \u043d\u0435\u0436\u043d\u043e\u0439 \u043a\u043e\u0436\u0438 \u043f\u043e\u0434 \u0433\u043b\u0430\u0437\u0430\u043c\u0438 \u0441 \u0444\u0438\u0442\u043e\u043a\u043e\u043b\u043b\u0430\u0433\u0435\u043d\u043e\u043c \u043f\u0440\u0435\u0434\u043d\u0430\u0437\u043d\u0430\u0447\u0435\u043d\u044b \u0434\u043b\u044f \u0435\u0436\u0435\u0434\u043d\u0435\u0432\u043d\u043e\u0433\u043e \u0438\u043b\u0438 \u044d\u043a\u0441\u0442\u0440\u0435\u043d\u043d\u043e\u0433\u043e \u0443\u0445\u043e\u0434\u0430. \u041e\u043d\u0438 \u0431\u044b\u0441\u0442\u0440\u043e \u0432\u043e\u0441\u0441\u0442\u0430\u043d\u0430\u0432\u043b\u0438\u0432\u0430\u044e\u0442 \u044d\u043f\u0438\u0434\u0435\u0440\u043c\u0438\u0441. \u041f\u043e\u0434\u0442\u044f\u0433\u0438\u0432\u0430\u044e\u0442 \u0434\u0440\u044f\u0431\u043b\u0443\u044e \u043a\u043e\u0436\u0443, \u043e\u0431\u0435\u0441\u043f\u0435\u0447\u0438\u0432\u0430\u044e\u0442 \u0435\u0439 \u043d\u0435\u043e\u0431\u0445\u043e\u0434\u0438\u043c\u043e\u0435 \u0443\u0432\u043b\u0430\u0436\u043d\u0435\u043d\u0438\u0435 \u0438 \u043f\u0438\u0442\u0430\u043d\u0438\u0435. \u041f\u0430\u0442\u0447\u0438 \u043c\u043e\u0436\u043d\u043e \u0438\u0441\u043f\u043e\u043b\u044c\u0437\u043e\u0432\u0430\u0442\u044c \u0434\u043b\u044f \u0443\u0442\u0440\u0435\u043d\u043d\u0435\u0433\u043e \u0438\u043b\u0438 \u0432\u0435\u0447\u0435\u0440\u043d\u0435\u0433\u043e \u0443\u0445\u043e\u0434\u0430. \u0422\u0430\u043a\u0436\u0435 \u044d\u0442\u043e \u043e\u0442\u043b\u0438\u0447\u043d\u044b\u0439 \u0432\u0430\u0440\u0438\u0430\u043d\u0442, \u0435\u0441\u043b\u0438 \u043d\u0443\u0436\u043d\u043e \u044d\u043a\u0441\u0442\u0440\u0435\u043d\u043d\u043e \u043f\u0440\u0438\u0432\u0435\u0441\u0442\u0438 \u0441\u0435\u0431\u044f \u0432 \u043f\u043e\u0440\u044f\u0434\u043e\u043a.<\/p>\n<p>\u041f\u0430\u0442\u0447\u0438 \u043f\u043b\u043e\u0442\u043d\u043e \u043f\u0440\u0438\u043b\u0435\u0433\u0430\u044e\u0442 \u043a \u043a\u043e\u0436\u0435, \u043d\u0430\u0441\u044b\u0449\u0430\u044f \u0435\u0435 \u0432\u043b\u0430\u0433\u043e\u0439, \u043c\u0438\u043d\u0435\u0440\u0430\u043b\u0430\u043c\u0438 \u0438 \u0432\u0438\u0442\u0430\u043c\u0438\u043d\u0430\u043c\u0438. \u041a\u043e\u0433\u0434\u0430 \u043e\u043d\u0438 \u0434\u043e\u0441\u0442\u0438\u0433\u0430\u044e\u0442 \u043e\u0441\u043b\u0430\u0431\u043b\u0435\u043d\u043d\u044b\u0445 \u043a\u043b\u0435\u0442\u043e\u043a, \u043d\u0430\u0447\u0438\u043d\u0430\u0435\u0442\u0441\u044f \u0438\u0445 \u0431\u044b\u0441\u0442\u0440\u043e\u0435 \u0432\u043e\u0441\u0441\u0442\u0430\u043d\u043e\u0432\u043b\u0435\u043d\u0438\u0435. \u0412 \u0440\u0435\u0437\u0443\u043b\u044c\u0442\u0430\u0442\u0435 \u0438\u0441\u0447\u0435\u0437\u0430\u044e\u0442 \u043e\u0442\u0435\u043a\u0438 \u0438 \u0442\u0435\u043c\u043d\u044b\u0435 \u043a\u0440\u0443\u0433\u0438 \u043f\u043e\u0434 \u0433\u043b\u0430\u0437\u0430\u043c\u0438. \u041c\u043e\u0440\u0449\u0438\u043d\u043a\u0438 \u0438 \u0441\u043a\u043b\u0430\u0434\u043e\u0447\u043a\u0438 \u0440\u0430\u0437\u0433\u043b\u0430\u0436\u0438\u0432\u0430\u044e\u0442\u0441\u044f, \u0434\u0440\u044f\u0431\u043b\u0430\u044f \u043a\u043e\u0436\u0430 \u043f\u043e\u0434\u0442\u044f\u0433\u0438\u0432\u0430\u0435\u0442\u0441\u044f.<\/p>\n<p>\u041f\u0430\u0442\u0447\u0438 \u0443\u0431\u0438\u0440\u0430\u044e\u0442 \u0441\u043b\u0435\u0434\u044b \u043d\u0435\u0434\u043e\u0441\u044b\u043f\u0430, \u0443\u0441\u0442\u0430\u043b\u043e\u0441\u0442\u0438, \u0448\u0435\u043b\u0443\u0448\u0435\u043d\u0438\u0435, \u043f\u043e\u043a\u0440\u0430\u0441\u043d\u0435\u043d\u0438\u0435. \u0423\u0441\u043f\u043e\u043a\u0430\u0438\u0432\u0430\u044e\u0442 \u0440\u0430\u0437\u0434\u0440\u0430\u0436\u0435\u043d\u043d\u0443\u044e \u0438 \u0437\u0443\u0434\u044f\u0449\u0443\u044e \u043a\u043e\u0436\u0443. \u0423\u0441\u043a\u043e\u0440\u044f\u044e\u0442 \u0432\u044b\u0440\u0430\u0431\u043e\u0442\u043a\u0443 \u044d\u043f\u0438\u0434\u0435\u0440\u043c\u0438\u0441\u043e\u043c \u0441\u043e\u0431\u0441\u0442\u0432\u0435\u043d\u043d\u043e\u0433\u043e \u043a\u043e\u043b\u043b\u0430\u0433\u0435\u043d\u0430, \u0437\u0430\u043c\u0435\u0434\u043b\u044f\u044e\u0442 \u043f\u043e\u044f\u0432\u043b\u0435\u043d\u0438\u0435 \u0432\u043e\u0437\u0440\u0430\u0441\u0442\u043d\u044b\u0445 \u0438\u0437\u043c\u0435\u043d\u0435\u043d\u0438\u0439.<\/p>\n<p><strong>\u0421\u043e\u0441\u0442\u0430\u0432<\/strong> \u00a0water (aqua), glycerin, niacinamide, chondrus crispus extract, ceratonia siliqua (carob) gum, cellulose gum, 1, 2-hexanediol, pentylene glycol, potassium chloride, dipotassium glycyrrhizate, allantoin, xanthan gum, panthenol, centella asiatica leaf extract, moringa oleifera seed extract, undaria pinnatifida extract, ethylhexylglycerin, adenosine, sucrose, butylene glycol, disodium edta, calcium lactate, chromium oxide greens (ci 77288), polyglyceryl-6 caprylate, polyglyceryl-4 caprate, collagen amino acids, leuconostoc\/radish root ferment filtrate, hyaluronic acid, tocopherol, hydrolyzed hyaluronic acid, sodium hyaluronate, sodium polyacryloyldimethyl taurate<\/p>","protected":false},"excerpt":{"rendered":"<p>Pl\u0101ksteri jut\u012bgai zemacu \u0101dai ar fitokolag\u0113nu ir paredz\u0113ti ikdienas vai neatliekamai kop\u0161anai. Tie \u0101tri atjauno epidermu. Tie savelk atsl\u0101bu\u0161o \u0101du, nodro\u0161ina tai nepiecie\u0161amo mitrin\u0101\u0161anu un baro\u0161anu. Pl\u0101ksterus var lietot r\u012bta vai vakara kop\u0161anai. T\u0101 ir ar\u012b lieliska iesp\u0113ja, ja nepiecie\u0161ams veikt sakop\u0161anu \u0101rk\u0101rtas situ\u0101cij\u0101. Pl\u0101ksteri cie\u0161i piegu\u013c \u0101dai, pies\u0101tinot to ar mitrumu, miner\u0101lviel\u0101m un vitam\u012bniem. [&hellip;]<\/p>\n","protected":false},"featured_media":14559,"comment_status":"open","ping_status":"closed","template":"","meta":{"site-sidebar-layout":"default","site-content-layout":"","ast-site-content-layout":"","site-content-style":"default","site-sidebar-style":"default","ast-global-header-display":"","ast-banner-title-visibility":"","ast-main-header-display":"","ast-hfb-above-header-display":"","ast-hfb-below-header-display":"","ast-hfb-mobile-header-display":"","site-post-title":"","ast-breadcrumbs-content":"","ast-featured-img":"","footer-sml-layout":"","theme-transparent-header-meta":"","adv-header-id-meta":"","stick-header-meta":"","header-above-stick-meta":"","header-main-stick-meta":"","header-below-stick-meta":"","astra-migrate-meta-layouts":"default","ast-page-background-enabled":"default","ast-page-background-meta":{"desktop":{"background-color":"var(--ast-global-color-4)","background-image":"","background-repeat":"repeat","background-position":"center center","background-size":"auto","background-attachment":"scroll","background-type":"","background-media":"","overlay-type":"","overlay-color":"","overlay-opacity":"","overlay-gradient":""},"tablet":{"background-color":"","background-image":"","background-repeat":"repeat","background-position":"center center","background-size":"auto","background-attachment":"scroll","background-type":"","background-media":"","overlay-type":"","overlay-color":"","overlay-opacity":"","overlay-gradient":""},"mobile":{"background-color":"","background-image":"","background-repeat":"repeat","background-position":"center center","background-size":"auto","background-attachment":"scroll","background-type":"","background-media":"","overlay-type":"","overlay-color":"","overlay-opacity":"","overlay-gradient":""}},"ast-content-background-meta":{"desktop":{"background-color":"var(--ast-global-color-5)","background-image":"","background-repeat":"repeat","background-position":"center center","background-size":"auto","background-attachment":"scroll","background-type":"","background-media":"","overlay-type":"","overlay-color":"","overlay-opacity":"","overlay-gradient":""},"tablet":{"background-color":"var(--ast-global-color-5)","background-image":"","background-repeat":"repeat","background-position":"center center","background-size":"auto","background-attachment":"scroll","background-type":"","background-media":"","overlay-type":"","overlay-color":"","overlay-opacity":"","overlay-gradient":""},"mobile":{"background-color":"var(--ast-global-color-5)","background-image":"","background-repeat":"repeat","background-position":"center center","background-size":"auto","background-attachment":"scroll","background-type":"","background-media":"","overlay-type":"","overlay-color":"","overlay-opacity":"","overlay-gradient":""}}},"product_brand":[],"product_cat":[327],"product_tag":[],"berocket_brand":[],"class_list":{"0":"post-14558","1":"product","2":"type-product","3":"status-publish","4":"has-post-thumbnail","6":"product_cat-patci","7":"desktop-align-left","8":"tablet-align-left","9":"mobile-align-left","11":"first","12":"outofstock","13":"taxable","14":"shipping-taxable","15":"purchasable","16":"product-type-simple","17":"add-to-wishlist-before_image"},"yoast_head":"<!-- This site is optimized with the Yoast SEO plugin v27.4 - https:\/\/yoast.com\/product\/yoast-seo-wordpress\/ -->\n<title>Mizon Phyto Plump Collagen 60ea - FACECORNER<\/title>\n<meta name=\"robots\" content=\"index, follow, max-snippet:-1, max-image-preview:large, max-video-preview:-1\" \/>\n<link rel=\"canonical\" href=\"https:\/\/www.facecorner.lv\/ru\/shop\/mizon-phyto-plump-collagen-60ea\/\" \/>\n<meta property=\"og:locale\" content=\"ru_RU\" \/>\n<meta property=\"og:type\" content=\"article\" \/>\n<meta property=\"og:title\" content=\"Mizon Phyto Plump Collagen 60ea - FACECORNER\" \/>\n<meta property=\"og:description\" content=\"Pl\u0101ksteri jut\u012bgai zemacu \u0101dai ar fitokolag\u0113nu ir paredz\u0113ti ikdienas vai neatliekamai kop\u0161anai. Tie \u0101tri atjauno epidermu. Tie savelk atsl\u0101bu\u0161o \u0101du, nodro\u0161ina tai nepiecie\u0161amo mitrin\u0101\u0161anu un baro\u0161anu. Pl\u0101ksterus var lietot r\u012bta vai vakara kop\u0161anai. T\u0101 ir ar\u012b lieliska iesp\u0113ja, ja nepiecie\u0161ams veikt sakop\u0161anu \u0101rk\u0101rtas situ\u0101cij\u0101. Pl\u0101ksteri cie\u0161i piegu\u013c \u0101dai, pies\u0101tinot to ar mitrumu, miner\u0101lviel\u0101m un vitam\u012bniem. [&hellip;]\" \/>\n<meta property=\"og:url\" content=\"https:\/\/www.facecorner.lv\/ru\/shop\/mizon-phyto-plump-collagen-60ea\/\" \/>\n<meta property=\"og:site_name\" content=\"FACECORNER\" \/>\n<meta property=\"article:publisher\" content=\"https:\/\/www.facebook.com\/profile.php?id=100063824551839\" \/>\n<meta property=\"article:modified_time\" content=\"2025-10-01T17:04:07+00:00\" \/>\n<meta property=\"og:image\" content=\"https:\/\/www.facecorner.lv\/wp-content\/uploads\/2024\/03\/611Frz4gMcL.jpg\" \/>\n\t<meta property=\"og:image:width\" content=\"1800\" \/>\n\t<meta property=\"og:image:height\" content=\"1800\" \/>\n\t<meta property=\"og:image:type\" content=\"image\/jpeg\" \/>\n<meta name=\"twitter:card\" content=\"summary_large_image\" \/>\n<meta name=\"twitter:label1\" content=\"\u0426\u0435\u043d\u0430\" \/>\n\t<meta name=\"twitter:data1\" content=\"&euro;27.00\" \/>\n\t<meta name=\"twitter:label2\" content=\"\u0414\u043e\u0441\u0442\u0443\u043f\u043d\u043e\u0441\u0442\u044c\" \/>\n\t<meta name=\"twitter:data2\" content=\"\u0420\u0430\u0441\u043f\u0440\u043e\u0434\u0430\u043d\u043e\" \/>\n<script type=\"application\/ld+json\" class=\"yoast-schema-graph\">{\"@context\":\"https:\\\/\\\/schema.org\",\"@graph\":[{\"@type\":\"WebPage\",\"@id\":\"https:\\\/\\\/www.facecorner.lv\\\/shop\\\/mizon-phyto-plump-collagen-60ea\\\/\",\"url\":\"https:\\\/\\\/www.facecorner.lv\\\/shop\\\/mizon-phyto-plump-collagen-60ea\\\/\",\"name\":\"Mizon Phyto Plump Collagen 60ea - FACECORNER\",\"isPartOf\":{\"@id\":\"https:\\\/\\\/www.facecorner.lv\\\/#website\"},\"primaryImageOfPage\":{\"@id\":\"https:\\\/\\\/www.facecorner.lv\\\/shop\\\/mizon-phyto-plump-collagen-60ea\\\/#primaryimage\"},\"image\":{\"@id\":\"https:\\\/\\\/www.facecorner.lv\\\/shop\\\/mizon-phyto-plump-collagen-60ea\\\/#primaryimage\"},\"thumbnailUrl\":\"https:\\\/\\\/www.facecorner.lv\\\/wp-content\\\/uploads\\\/2024\\\/03\\\/611Frz4gMcL.jpg\",\"datePublished\":\"2024-03-08T12:40:05+00:00\",\"dateModified\":\"2025-10-01T17:04:07+00:00\",\"breadcrumb\":{\"@id\":\"https:\\\/\\\/www.facecorner.lv\\\/shop\\\/mizon-phyto-plump-collagen-60ea\\\/#breadcrumb\"},\"inLanguage\":\"ru-RU\",\"potentialAction\":[{\"@type\":\"ReadAction\",\"target\":[\"https:\\\/\\\/www.facecorner.lv\\\/shop\\\/mizon-phyto-plump-collagen-60ea\\\/\"]}]},{\"@type\":\"ImageObject\",\"inLanguage\":\"ru-RU\",\"@id\":\"https:\\\/\\\/www.facecorner.lv\\\/shop\\\/mizon-phyto-plump-collagen-60ea\\\/#primaryimage\",\"url\":\"https:\\\/\\\/www.facecorner.lv\\\/wp-content\\\/uploads\\\/2024\\\/03\\\/611Frz4gMcL.jpg\",\"contentUrl\":\"https:\\\/\\\/www.facecorner.lv\\\/wp-content\\\/uploads\\\/2024\\\/03\\\/611Frz4gMcL.jpg\",\"width\":1800,\"height\":1800},{\"@type\":\"BreadcrumbList\",\"@id\":\"https:\\\/\\\/www.facecorner.lv\\\/shop\\\/mizon-phyto-plump-collagen-60ea\\\/#breadcrumb\",\"itemListElement\":[{\"@type\":\"ListItem\",\"position\":1,\"name\":\"Home\",\"item\":\"https:\\\/\\\/www.facecorner.lv\\\/\"},{\"@type\":\"ListItem\",\"position\":2,\"name\":\"Veikals\",\"item\":\"https:\\\/\\\/www.facecorner.lv\\\/shop\\\/\"},{\"@type\":\"ListItem\",\"position\":3,\"name\":\"Mizon Phyto Plump Collagen 60ea\"}]},{\"@type\":\"WebSite\",\"@id\":\"https:\\\/\\\/www.facecorner.lv\\\/#website\",\"url\":\"https:\\\/\\\/www.facecorner.lv\\\/\",\"name\":\"Facecorner\",\"description\":\"\",\"publisher\":{\"@id\":\"https:\\\/\\\/www.facecorner.lv\\\/#organization\"},\"potentialAction\":[{\"@type\":\"SearchAction\",\"target\":{\"@type\":\"EntryPoint\",\"urlTemplate\":\"https:\\\/\\\/www.facecorner.lv\\\/?s={search_term_string}\"},\"query-input\":{\"@type\":\"PropertyValueSpecification\",\"valueRequired\":true,\"valueName\":\"search_term_string\"}}],\"inLanguage\":\"ru-RU\"},{\"@type\":\"Organization\",\"@id\":\"https:\\\/\\\/www.facecorner.lv\\\/#organization\",\"name\":\"Facecorner\",\"url\":\"https:\\\/\\\/www.facecorner.lv\\\/\",\"logo\":{\"@type\":\"ImageObject\",\"inLanguage\":\"ru-RU\",\"@id\":\"https:\\\/\\\/www.facecorner.lv\\\/#\\\/schema\\\/logo\\\/image\\\/\",\"url\":\"https:\\\/\\\/www.facecorner.lv\\\/wp-content\\\/uploads\\\/2024\\\/04\\\/fc-logo.jpg\",\"contentUrl\":\"https:\\\/\\\/www.facecorner.lv\\\/wp-content\\\/uploads\\\/2024\\\/04\\\/fc-logo.jpg\",\"width\":174,\"height\":28,\"caption\":\"Facecorner\"},\"image\":{\"@id\":\"https:\\\/\\\/www.facecorner.lv\\\/#\\\/schema\\\/logo\\\/image\\\/\"},\"sameAs\":[\"https:\\\/\\\/www.facebook.com\\\/profile.php?id=100063824551839\",\"https:\\\/\\\/www.instagram.com\\\/facecorner_shop\\\/\"]}]}<\/script>\n<meta property=\"product:price:amount\" content=\"27.00\" \/>\n<meta property=\"product:price:currency\" content=\"EUR\" \/>\n<meta property=\"og:availability\" content=\"out of stock\" \/>\n<meta property=\"product:availability\" content=\"out of stock\" \/>\n<meta property=\"product:condition\" content=\"new\" \/>\n<!-- \/ Yoast SEO plugin. -->","yoast_head_json":{"title":"Mizon Phyto Plump Collagen 60ea - FACECORNER","robots":{"index":"index","follow":"follow","max-snippet":"max-snippet:-1","max-image-preview":"max-image-preview:large","max-video-preview":"max-video-preview:-1"},"canonical":"https:\/\/www.facecorner.lv\/ru\/shop\/mizon-phyto-plump-collagen-60ea\/","og_locale":"ru_RU","og_type":"article","og_title":"Mizon Phyto Plump Collagen 60ea - FACECORNER","og_description":"Pl\u0101ksteri jut\u012bgai zemacu \u0101dai ar fitokolag\u0113nu ir paredz\u0113ti ikdienas vai neatliekamai kop\u0161anai. Tie \u0101tri atjauno epidermu. Tie savelk atsl\u0101bu\u0161o \u0101du, nodro\u0161ina tai nepiecie\u0161amo mitrin\u0101\u0161anu un baro\u0161anu. Pl\u0101ksterus var lietot r\u012bta vai vakara kop\u0161anai. T\u0101 ir ar\u012b lieliska iesp\u0113ja, ja nepiecie\u0161ams veikt sakop\u0161anu \u0101rk\u0101rtas situ\u0101cij\u0101. Pl\u0101ksteri cie\u0161i piegu\u013c \u0101dai, pies\u0101tinot to ar mitrumu, miner\u0101lviel\u0101m un vitam\u012bniem. [&hellip;]","og_url":"https:\/\/www.facecorner.lv\/ru\/shop\/mizon-phyto-plump-collagen-60ea\/","og_site_name":"FACECORNER","article_publisher":"https:\/\/www.facebook.com\/profile.php?id=100063824551839","article_modified_time":"2025-10-01T17:04:07+00:00","og_image":[{"width":1800,"height":1800,"url":"https:\/\/www.facecorner.lv\/wp-content\/uploads\/2024\/03\/611Frz4gMcL.jpg","type":"image\/jpeg"}],"twitter_card":"summary_large_image","twitter_misc":{"\u0426\u0435\u043d\u0430":"&euro;27.00","\u0414\u043e\u0441\u0442\u0443\u043f\u043d\u043e\u0441\u0442\u044c":"\u0420\u0430\u0441\u043f\u0440\u043e\u0434\u0430\u043d\u043e"},"schema":{"@context":"https:\/\/schema.org","@graph":[{"@type":"WebPage","@id":"https:\/\/www.facecorner.lv\/shop\/mizon-phyto-plump-collagen-60ea\/","url":"https:\/\/www.facecorner.lv\/shop\/mizon-phyto-plump-collagen-60ea\/","name":"Mizon Phyto Plump Collagen 60ea - FACECORNER","isPartOf":{"@id":"https:\/\/www.facecorner.lv\/#website"},"primaryImageOfPage":{"@id":"https:\/\/www.facecorner.lv\/shop\/mizon-phyto-plump-collagen-60ea\/#primaryimage"},"image":{"@id":"https:\/\/www.facecorner.lv\/shop\/mizon-phyto-plump-collagen-60ea\/#primaryimage"},"thumbnailUrl":"https:\/\/www.facecorner.lv\/wp-content\/uploads\/2024\/03\/611Frz4gMcL.jpg","datePublished":"2024-03-08T12:40:05+00:00","dateModified":"2025-10-01T17:04:07+00:00","breadcrumb":{"@id":"https:\/\/www.facecorner.lv\/shop\/mizon-phyto-plump-collagen-60ea\/#breadcrumb"},"inLanguage":"ru-RU","potentialAction":[{"@type":"ReadAction","target":["https:\/\/www.facecorner.lv\/shop\/mizon-phyto-plump-collagen-60ea\/"]}]},{"@type":"ImageObject","inLanguage":"ru-RU","@id":"https:\/\/www.facecorner.lv\/shop\/mizon-phyto-plump-collagen-60ea\/#primaryimage","url":"https:\/\/www.facecorner.lv\/wp-content\/uploads\/2024\/03\/611Frz4gMcL.jpg","contentUrl":"https:\/\/www.facecorner.lv\/wp-content\/uploads\/2024\/03\/611Frz4gMcL.jpg","width":1800,"height":1800},{"@type":"BreadcrumbList","@id":"https:\/\/www.facecorner.lv\/shop\/mizon-phyto-plump-collagen-60ea\/#breadcrumb","itemListElement":[{"@type":"ListItem","position":1,"name":"Home","item":"https:\/\/www.facecorner.lv\/"},{"@type":"ListItem","position":2,"name":"Veikals","item":"https:\/\/www.facecorner.lv\/shop\/"},{"@type":"ListItem","position":3,"name":"Mizon Phyto Plump Collagen 60ea"}]},{"@type":"WebSite","@id":"https:\/\/www.facecorner.lv\/#website","url":"https:\/\/www.facecorner.lv\/","name":"Facecorner","description":"","publisher":{"@id":"https:\/\/www.facecorner.lv\/#organization"},"potentialAction":[{"@type":"SearchAction","target":{"@type":"EntryPoint","urlTemplate":"https:\/\/www.facecorner.lv\/?s={search_term_string}"},"query-input":{"@type":"PropertyValueSpecification","valueRequired":true,"valueName":"search_term_string"}}],"inLanguage":"ru-RU"},{"@type":"Organization","@id":"https:\/\/www.facecorner.lv\/#organization","name":"Facecorner","url":"https:\/\/www.facecorner.lv\/","logo":{"@type":"ImageObject","inLanguage":"ru-RU","@id":"https:\/\/www.facecorner.lv\/#\/schema\/logo\/image\/","url":"https:\/\/www.facecorner.lv\/wp-content\/uploads\/2024\/04\/fc-logo.jpg","contentUrl":"https:\/\/www.facecorner.lv\/wp-content\/uploads\/2024\/04\/fc-logo.jpg","width":174,"height":28,"caption":"Facecorner"},"image":{"@id":"https:\/\/www.facecorner.lv\/#\/schema\/logo\/image\/"},"sameAs":["https:\/\/www.facebook.com\/profile.php?id=100063824551839","https:\/\/www.instagram.com\/facecorner_shop\/"]}]},"product_price_amount":"27.00","product_price_currency":"EUR","og_availability":"out of stock","product_availability":"out of stock","product_condition":"new"},"_links":{"self":[{"href":"https:\/\/www.facecorner.lv\/ru\/wp-json\/wp\/v2\/product\/14558","targetHints":{"allow":["GET"]}}],"collection":[{"href":"https:\/\/www.facecorner.lv\/ru\/wp-json\/wp\/v2\/product"}],"about":[{"href":"https:\/\/www.facecorner.lv\/ru\/wp-json\/wp\/v2\/types\/product"}],"replies":[{"embeddable":true,"href":"https:\/\/www.facecorner.lv\/ru\/wp-json\/wp\/v2\/comments?post=14558"}],"wp:featuredmedia":[{"embeddable":true,"href":"https:\/\/www.facecorner.lv\/ru\/wp-json\/wp\/v2\/media\/14559"}],"wp:attachment":[{"href":"https:\/\/www.facecorner.lv\/ru\/wp-json\/wp\/v2\/media?parent=14558"}],"wp:term":[{"taxonomy":"product_brand","embeddable":true,"href":"https:\/\/www.facecorner.lv\/ru\/wp-json\/wp\/v2\/product_brand?post=14558"},{"taxonomy":"product_cat","embeddable":true,"href":"https:\/\/www.facecorner.lv\/ru\/wp-json\/wp\/v2\/product_cat?post=14558"},{"taxonomy":"product_tag","embeddable":true,"href":"https:\/\/www.facecorner.lv\/ru\/wp-json\/wp\/v2\/product_tag?post=14558"},{"taxonomy":"berocket_brand","embeddable":true,"href":"https:\/\/www.facecorner.lv\/ru\/wp-json\/wp\/v2\/berocket_brand?post=14558"}],"curies":[{"name":"wp","href":"https:\/\/api.w.org\/{rel}","templated":true}]}}