{"id":14435,"date":"2024-02-28T17:01:34","date_gmt":"2024-02-28T15:01:34","guid":{"rendered":"https:\/\/www.facecorner.lv\/?post_type=product&#038;p=14435"},"modified":"2026-03-08T14:25:32","modified_gmt":"2026-03-08T11:25:32","slug":"medi-peel-hyal-kombucha-tea-tox-ampoule-50ml","status":"publish","type":"product","link":"https:\/\/www.facecorner.lv\/ru\/shop\/medi-peel-hyal-kombucha-tea-tox-ampoule-50ml\/","title":{"rendered":"Medi-Peel Hyal Kombucha Tea-Tox Ampoule 50ml"},"content":{"rendered":"<p>\u0412\u043e\u0441\u0441\u0442\u0430\u043d\u0430\u0432\u043b\u0438\u0432\u0430\u044e\u0449\u0430\u044f \u0430\u043c\u043f\u0443\u043b\u0430 Medi-Peel Hyal Kombucha Tea-Tox Ampoule \u043f\u0438\u0442\u0430\u0435\u0442, \u0441\u043c\u044f\u0433\u0447\u0430\u0435\u0442 \u0438 \u0443\u0432\u043b\u0430\u0436\u043d\u044f\u0435\u0442, \u0434\u0435\u043b\u0430\u0435\u0442 \u043a\u043e\u0436\u0443 \u0443\u043f\u0440\u0443\u0433\u043e\u0439, \u0433\u043b\u0430\u0434\u043a\u043e\u0439 \u0438 \u0441\u0438\u044f\u044e\u0449\u0435\u0439. \u041f\u0440\u043e\u0434\u0443\u043a\u0442 \u0432\u043e\u0441\u043f\u043e\u043b\u043d\u044f\u0435\u0442 \u043d\u0435\u0434\u043e\u0441\u0442\u0430\u0442\u043e\u043a \u0432\u043b\u0430\u0433\u0438, \u0432\u043e\u0441\u0441\u0442\u0430\u043d\u0430\u0432\u043b\u0438\u0432\u0430\u0435\u0442 \u0435\u0441\u0442\u0435\u0441\u0442\u0432\u0435\u043d\u043d\u044b\u0439 \u0437\u0430\u0449\u0438\u0442\u043d\u044b\u0439 \u0431\u0430\u0440\u044c\u0435\u0440 \u0438 \u0441\u043c\u044f\u0433\u0447\u0430\u0435\u0442 \u043e\u0433\u0440\u0443\u0431\u0435\u0432\u0448\u0438\u0435 \u0443\u0447\u0430\u0441\u0442\u043a\u0438.<\/p>\n<p>\u041f\u043e\u0434\u0434\u0435\u0440\u0436\u0438\u0432\u0430\u0435\u0442 \u044d\u043b\u0430\u0441\u0442\u0438\u0447\u043d\u043e\u0441\u0442\u044c \u043a\u043e\u0436\u0438, \u0443\u0441\u0442\u0440\u0430\u043d\u044f\u0435\u0442 \u0442\u0443\u0441\u043a\u043b\u043e\u0441\u0442\u044c, \u0443\u0432\u043b\u0430\u0436\u043d\u044f\u0435\u0442 \u043a\u043e\u0436\u0443 \u0438\u0437\u043d\u0443\u0442\u0440\u0438, \u0432\u044b\u0440\u0430\u0432\u043d\u0438\u0432\u0430\u0435\u0442 \u0442\u043e\u043d \u0438 \u0437\u0430\u0449\u0438\u0449\u0430\u0435\u0442 \u043e\u0442 \u0432\u043d\u0435\u0448\u043d\u0438\u0445 \u0440\u0430\u0437\u0434\u0440\u0430\u0436\u0438\u0442\u0435\u043b\u0435\u0439. \u0410\u043c\u043f\u0443\u043b\u0430 \u0431\u044b\u0441\u0442\u0440\u043e \u0432\u043f\u0438\u0442\u044b\u0432\u0430\u0435\u0442\u0441\u044f, \u043d\u0435 \u043e\u0441\u0442\u0430\u0432\u043b\u044f\u044f \u043b\u0438\u043f\u043a\u043e\u0441\u0442\u0438.<\/p>\n<p>\u0424\u043e\u0440\u043c\u0443\u043b\u0430 \u043e\u0441\u043d\u043e\u0432\u0430 \u043d\u0435 \u043d\u0430 \u0432\u043e\u0434\u0435, \u0430 \u043d\u0430 70% \u043a\u043e\u043c\u0431\u0443\u0447\u0438 \u0431\u0440\u0438\u0442\u0430\u043d\u0441\u043a\u043e\u0433\u043e \u043f\u0440\u043e\u0438\u0437\u0432\u043e\u0434\u0441\u0442\u0432\u0430: \u0430\u043a\u0442\u0438\u0432 \u0441\u043e\u0437\u0434\u0430\u0451\u0442\u0441\u044f \u0432 \u0442\u0435\u0447\u0435\u043d\u0438\u0435 336 \u0447\u0430\u0441\u043e\u0432 \u043f\u0440\u0438 \u0442\u0435\u043c\u043f\u0435\u0440\u0430\u0442\u0443\u0440\u0435 29\u00b0C. \u041a\u043e\u043c\u0431\u0443\u0447\u0430, \u043d\u0430\u0441\u044b\u0449\u0435\u043d\u043d\u0430\u044f \u043c\u0438\u043d\u0435\u0440\u0430\u043b\u0430\u043c\u0438, \u0432\u0438\u0442\u0430\u043c\u0438\u043d\u0430\u043c\u0438, \u043f\u043e\u043b\u0438\u0444\u0435\u043d\u043e\u043b\u0430\u043c\u0438 \u0438 \u0430\u043c\u0438\u043d\u043e\u043a\u0438\u0441\u043b\u043e\u0442\u0430\u043c\u0438 \u2014 \u043f\u0440\u0435\u043a\u0440\u0430\u0441\u043d\u044b\u0439 \u0430\u043d\u0442\u0438\u043e\u043a\u0441\u0438\u0434\u0430\u043d\u0442, \u043a\u043e\u0442\u043e\u0440\u044b\u0439 \u043f\u043e\u0434\u0430\u0432\u043b\u044f\u0435\u0442 \u043f\u0440\u043e\u0446\u0435\u0441\u0441 \u043e\u043a\u0438\u0441\u043b\u0435\u043d\u0438\u044f, \u0437\u0430 \u0441\u0447\u0451\u0442 \u0447\u0435\u0433\u043e \u043f\u0440\u043e\u0434\u043b\u0435\u0432\u0430\u0435\u0442 \u043c\u043e\u043b\u043e\u0434\u043e\u0441\u0442\u044c \u043a\u043e\u0436\u0438, \u043f\u043e\u0434\u0434\u0435\u0440\u0436\u0438\u0432\u0430\u0435\u0442 \u0443\u043f\u0440\u0443\u0433\u043e\u0441\u0442\u044c \u0438 \u0440\u043e\u0432\u043d\u044b\u0439 \u0440\u0435\u043b\u044c\u0435\u0444.<\/p>\n<p>5 \u0432\u0438\u0434\u043e\u0432 \u0446\u0435\u0440\u0430\u043c\u0438\u0434\u043e\u0432 \u0437\u0430\u0436\u0438\u0432\u043b\u044f\u044e\u0442, \u0432\u043e\u0441\u0441\u0442\u0430\u043d\u0430\u0432\u043b\u0438\u0432\u0430\u044e\u0442 \u0438 \u0441\u043c\u044f\u0433\u0447\u0430\u044e\u0442 \u043a\u043e\u0436\u0443. \u0426\u0435\u0440\u0430\u043c\u0438\u0434\u044b \u0441\u043f\u043e\u0441\u043e\u0431\u043d\u044b \u0443\u043a\u0440\u0435\u043f\u043b\u044f\u0442\u044c \u0437\u0430\u0449\u0438\u0442\u043d\u044b\u0439 \u0433\u0438\u0434\u0440\u043e\u043b\u0438\u043f\u0438\u0434\u043d\u044b\u0439 \u0431\u0430\u0440\u044c\u0435\u0440 \u0431\u043b\u0430\u0433\u043e\u0434\u0430\u0440\u044f \u0441\u0432\u043e\u0435\u0439 \u0441\u0445\u043e\u0436\u0435\u0441\u0442\u0438 \u0441 \u043b\u0438\u043f\u0438\u0434\u0430\u043c\u0438 \u0440\u043e\u0433\u043e\u0432\u043e\u0433\u043e \u0441\u043b\u043e\u044f: \u043e\u043d\u0438 \u0432\u0441\u0442\u0440\u0430\u0438\u0432\u0430\u044e\u0442\u0441\u044f \u0432 \u0437\u0430\u0449\u0438\u0442\u043d\u044b\u0439 \u0431\u0430\u0440\u044c\u0435\u0440. \u0426\u0435\u0440\u0430\u043c\u0438\u0434\u044b \u043f\u0440\u0435\u0434\u043e\u0442\u0432\u0440\u0430\u0449\u0430\u044e\u0442 \u0438\u0441\u043f\u0430\u0440\u0435\u043d\u0438\u0435 \u0432\u043b\u0430\u0433\u0438, \u0431\u043e\u0440\u044e\u0442\u0441\u044f \u0441 \u0441\u0443\u0445\u043e\u0441\u0442\u044c\u044e \u0438 \u043e\u0431\u0435\u0437\u0432\u043e\u0436\u0435\u043d\u043d\u043e\u0441\u0442\u044c\u044e.<\/p>\n<p>\u0426\u0435\u0440\u0430\u043c\u0438\u0434\u044b \u0432 \u0441\u043e\u0441\u0442\u0430\u0432\u0435 \u0430\u043c\u043f\u0443\u043b\u044b \u0438\u0433\u0440\u0430\u044e\u0442 \u0440\u043e\u043b\u044c \u043b\u0438\u043f\u043e\u0441\u043e\u043c, \u0432 \u043a\u043e\u0442\u043e\u0440\u044b\u0435 \u0437\u0430\u043a\u043b\u044e\u0447\u0435\u043d\u044b \u0430\u043a\u0442\u0438\u0432\u043d\u044b\u0435 \u043a\u043e\u043c\u043f\u043e\u043d\u0435\u043d\u0442\u044b \u2014 \u043a\u043e\u043c\u0431\u0443\u0447\u0430 \u0438 \u0433\u0438\u0430\u043b\u0443\u0440\u043e\u043d\u043e\u0432\u0430\u044f \u043a\u0438\u0441\u043b\u043e\u0442\u0430. \u0411\u043b\u0430\u0433\u043e\u0434\u0430\u0440\u044f \u044d\u0442\u043e\u043c\u0443 \u0430\u043a\u0442\u0438\u0432\u044b \u043f\u0440\u043e\u043d\u0438\u043a\u0430\u044e\u0442 \u0433\u043b\u0443\u0431\u043e\u043a\u043e \u0432 \u043a\u043e\u0436\u0443, \u0431\u044b\u0441\u0442\u0440\u043e \u0443\u0441\u0432\u0430\u0438\u0432\u0430\u044e\u0442\u0441\u044f \u0438 \u044d\u0444\u0444\u0435\u043a\u0442\u0438\u0432\u043d\u043e \u0440\u0430\u0431\u043e\u0442\u0430\u044e\u0442.<\/p>\n<p>\u0410\u043c\u043f\u0443\u043b\u0430 \u043d\u0435 \u043e\u0441\u0442\u0430\u0432\u043b\u044f\u0435\u0442 \u043b\u0438\u043f\u043a\u043e\u0441\u0442\u0438, \u0431\u044b\u0441\u0442\u0440\u043e \u0432\u043f\u0438\u0442\u044b\u0432\u0430\u0435\u0442\u0441\u044f. \u0424\u043e\u0440\u043c\u0443\u043b\u0430 \u0438\u043c\u0435\u0435\u0442 \u043c\u0435\u0436\u0434\u0443\u043d\u0430\u0440\u043e\u0434\u043d\u044b\u0439 \u0441\u0435\u0440\u0442\u0438\u0444\u0438\u043a\u0430\u0442 V-Label\u00ae, \u043a\u043e\u0442\u043e\u0440\u044b\u0439 \u043f\u043e\u0434\u0442\u0432\u0435\u0440\u0436\u0434\u0430\u0435\u0442, \u0447\u0442\u043e \u0441\u0440\u0435\u0434\u0441\u0442\u0432\u043e \u043d\u0435 \u0441\u043e\u0434\u0435\u0440\u0436\u0438\u0442 \u043a\u043e\u043c\u043f\u043e\u043d\u0435\u043d\u0442\u043e\u0432 \u0436\u0438\u0432\u043e\u0442\u043d\u043e\u0433\u043e \u043f\u0440\u043e\u0438\u0441\u0445\u043e\u0436\u0434\u0435\u043d\u0438\u044f.<\/p>\n<p><strong>\u0421\u043f\u043e\u0441\u043e\u0431 \u043f\u0440\u0438\u043c\u0435\u043d\u0435\u043d\u0438\u044f:<\/strong> \u043f\u043e\u0441\u043b\u0435 \u043e\u0447\u0438\u0449\u0435\u043d\u0438\u044f \u0438 \u0442\u043e\u043d\u0438\u0437\u0438\u0440\u043e\u0432\u0430\u043d\u0438\u044f \u043d\u0430\u043d\u0435\u0441\u0438\u0442\u0435 \u0430\u043c\u043f\u0443\u043b\u0443 \u043d\u0430 \u043b\u0438\u0446\u043e, \u0440\u0430\u0441\u043f\u0440\u0435\u0434\u0435\u043b\u0438\u0442\u0435 \u043f\u043e \u043a\u043e\u0436\u0435.<\/p>\n<p><strong>\u0421\u043e\u0441\u0442\u0430\u0432\u00a0<\/strong>Saccharomyces\/Xylinum\/Black Tea Ferment (70%), Glycerin, Butylene Glycol, Glyceryl Glucoside, Polyglycerin-3, Niacinamide, 1,2-Hexanediol, Propanediol, Rosa Damascena Flower Water, Pyrus Communis (Pear) Fruit Extract, Prunus Persica (Peach) Fruit Extract, Jasminum Officinale (Jasmine) Flower Water, Hedera Helix (Ivy) Leaf\/Stem Extract, Cucumis Melo (Melon) Fruit Extract, Camellia Japonica Flower Extract, Citrus Unshiu Peel Extract, Saccharomyces\/Rice Bran Ferment, Madecassoside, Ceramide NS, Ceramide NP, Ceramide AS, Ceramide EOP, Ceramide AP, Sodium Hyaluronate(5.3 ppb), Hydrolyzed Glycosaminoglycans (5.52 ppb), Sodium Hyaluronate Crosspolymer(1 ppb), Hydrolyzed Hyaluronic Acid(0.52 ppb), Hydroxypropyltrimonium Hyaluronate(0.1125 ppb), Hyaluronic Acid(0.01 ppb), Sodium Acetylated Hyaluronate(0.002 ppb), Magnesium Chloride, Tetradecyl Aminobutyroylvalylaminobutyric Urea Trifluoroacetate, Dipropylene Glycol, Hydroxyacetophenone, C14-22 Alcohols, Diisostearyl Malate, Caprylic\/Capric Triglyceride, Cyanocobalamin, Dipotassium Glycyrrhizate, Glucose, Glycereth-25 PCA Isostearate, Adansonia Digitata Seed Oil, Hydrogenated Lecithin, Pentylene Glycol, Benzyl Glycol, Decyl Glucoside, Tocopheryl Acetate, Caprylyl Glycol, Ethylhexylglycerin, Water, Adenosine, C12-20 Alkyl Glucoside, Caramel, Carbomer, Tromethamine, Disodium EDTA<\/p>","protected":false},"excerpt":{"rendered":"<p>Medi-Peel Hyal Kombucha Tea-Tox ampulas baro, m\u012bkstina un mitrina \u0101du, padarot to stingru, gludu un mirdzo\u0161u. L\u012bdzeklis papildina mitruma tr\u016bkumu, atjauno dabisko aizsargbarjeru un m\u012bkstina raupjas zonas. Tas uztur \u0101das elast\u012bbu, nov\u0113r\u0161 \u0101das bl\u0101vumu, mitrina \u0101du no iek\u0161puses, izl\u012bdzina \u0101das toni un aizsarg\u0101 to no \u0101r\u0113jiem kairin\u0101t\u0101jiem. Ampulas \u0101tri ies\u016bcas, neatst\u0101jot lip\u012bgumu. Formulas pamat\u0101 ir [&hellip;]<\/p>\n","protected":false},"featured_media":14436,"comment_status":"open","ping_status":"closed","template":"","meta":{"site-sidebar-layout":"default","site-content-layout":"","ast-site-content-layout":"","site-content-style":"default","site-sidebar-style":"default","ast-global-header-display":"","ast-banner-title-visibility":"","ast-main-header-display":"","ast-hfb-above-header-display":"","ast-hfb-below-header-display":"","ast-hfb-mobile-header-display":"","site-post-title":"","ast-breadcrumbs-content":"","ast-featured-img":"","footer-sml-layout":"","theme-transparent-header-meta":"","adv-header-id-meta":"","stick-header-meta":"","header-above-stick-meta":"","header-main-stick-meta":"","header-below-stick-meta":"","astra-migrate-meta-layouts":"default","ast-page-background-enabled":"default","ast-page-background-meta":{"desktop":{"background-color":"var(--ast-global-color-4)","background-image":"","background-repeat":"repeat","background-position":"center center","background-size":"auto","background-attachment":"scroll","background-type":"","background-media":"","overlay-type":"","overlay-color":"","overlay-opacity":"","overlay-gradient":""},"tablet":{"background-color":"","background-image":"","background-repeat":"repeat","background-position":"center center","background-size":"auto","background-attachment":"scroll","background-type":"","background-media":"","overlay-type":"","overlay-color":"","overlay-opacity":"","overlay-gradient":""},"mobile":{"background-color":"","background-image":"","background-repeat":"repeat","background-position":"center center","background-size":"auto","background-attachment":"scroll","background-type":"","background-media":"","overlay-type":"","overlay-color":"","overlay-opacity":"","overlay-gradient":""}},"ast-content-background-meta":{"desktop":{"background-color":"var(--ast-global-color-5)","background-image":"","background-repeat":"repeat","background-position":"center center","background-size":"auto","background-attachment":"scroll","background-type":"","background-media":"","overlay-type":"","overlay-color":"","overlay-opacity":"","overlay-gradient":""},"tablet":{"background-color":"var(--ast-global-color-5)","background-image":"","background-repeat":"repeat","background-position":"center center","background-size":"auto","background-attachment":"scroll","background-type":"","background-media":"","overlay-type":"","overlay-color":"","overlay-opacity":"","overlay-gradient":""},"mobile":{"background-color":"var(--ast-global-color-5)","background-image":"","background-repeat":"repeat","background-position":"center center","background-size":"auto","background-attachment":"scroll","background-type":"","background-media":"","overlay-type":"","overlay-color":"","overlay-opacity":"","overlay-gradient":""}}},"product_brand":[],"product_cat":[370,371,372,363],"product_tag":[],"berocket_brand":[583],"class_list":{"0":"post-14435","1":"product","2":"type-product","3":"status-publish","4":"has-post-thumbnail","6":"product_cat-adas-mirdzumam","7":"product_cat-anti-age","8":"product_cat-jutigai-adai-serumi","9":"product_cat-serumi","10":"berocket_brand-medi-peel","11":"desktop-align-left","12":"tablet-align-left","13":"mobile-align-left","15":"first","16":"instock","17":"sale","18":"taxable","19":"shipping-taxable","20":"purchasable","21":"product-type-simple","22":"add-to-wishlist-before_image"},"yoast_head":"<!-- This site is optimized with the Yoast SEO plugin v27.4 - https:\/\/yoast.com\/product\/yoast-seo-wordpress\/ -->\n<title>Medi-Peel Hyal Kombucha Tea-Tox Ampoule 50ml - FACECORNER<\/title>\n<meta name=\"robots\" content=\"index, follow, max-snippet:-1, max-image-preview:large, max-video-preview:-1\" \/>\n<link rel=\"canonical\" href=\"https:\/\/www.facecorner.lv\/ru\/shop\/medi-peel-hyal-kombucha-tea-tox-ampoule-50ml\/\" \/>\n<meta property=\"og:locale\" content=\"ru_RU\" \/>\n<meta property=\"og:type\" content=\"article\" \/>\n<meta property=\"og:title\" content=\"Medi-Peel Hyal Kombucha Tea-Tox Ampoule 50ml - FACECORNER\" \/>\n<meta property=\"og:description\" content=\"Medi-Peel Hyal Kombucha Tea-Tox ampulas baro, m\u012bkstina un mitrina \u0101du, padarot to stingru, gludu un mirdzo\u0161u. L\u012bdzeklis papildina mitruma tr\u016bkumu, atjauno dabisko aizsargbarjeru un m\u012bkstina raupjas zonas. Tas uztur \u0101das elast\u012bbu, nov\u0113r\u0161 \u0101das bl\u0101vumu, mitrina \u0101du no iek\u0161puses, izl\u012bdzina \u0101das toni un aizsarg\u0101 to no \u0101r\u0113jiem kairin\u0101t\u0101jiem. Ampulas \u0101tri ies\u016bcas, neatst\u0101jot lip\u012bgumu. Formulas pamat\u0101 ir [&hellip;]\" \/>\n<meta property=\"og:url\" content=\"https:\/\/www.facecorner.lv\/ru\/shop\/medi-peel-hyal-kombucha-tea-tox-ampoule-50ml\/\" \/>\n<meta property=\"og:site_name\" content=\"FACECORNER\" \/>\n<meta property=\"article:publisher\" content=\"https:\/\/www.facebook.com\/profile.php?id=100063824551839\" \/>\n<meta property=\"article:modified_time\" content=\"2026-03-08T11:25:32+00:00\" \/>\n<meta property=\"og:image\" content=\"https:\/\/www.facecorner.lv\/wp-content\/uploads\/2024\/02\/0_b1qt-4i.webp\" \/>\n\t<meta property=\"og:image:width\" content=\"1000\" \/>\n\t<meta property=\"og:image:height\" content=\"1000\" \/>\n\t<meta property=\"og:image:type\" content=\"image\/webp\" \/>\n<meta name=\"twitter:card\" content=\"summary_large_image\" \/>\n<meta name=\"twitter:label1\" content=\"\u0426\u0435\u043d\u0430\" \/>\n\t<meta name=\"twitter:data1\" content=\"&euro;24.20\" \/>\n\t<meta name=\"twitter:label2\" content=\"\u0414\u043e\u0441\u0442\u0443\u043f\u043d\u043e\u0441\u0442\u044c\" \/>\n\t<meta name=\"twitter:data2\" content=\"\u0412 \u043d\u0430\u043b\u0438\u0447\u0438\u0438\" \/>\n<script type=\"application\/ld+json\" class=\"yoast-schema-graph\">{\"@context\":\"https:\\\/\\\/schema.org\",\"@graph\":[{\"@type\":\"WebPage\",\"@id\":\"https:\\\/\\\/www.facecorner.lv\\\/shop\\\/medi-peel-hyal-kombucha-tea-tox-ampoule-50ml\\\/\",\"url\":\"https:\\\/\\\/www.facecorner.lv\\\/shop\\\/medi-peel-hyal-kombucha-tea-tox-ampoule-50ml\\\/\",\"name\":\"Medi-Peel Hyal Kombucha Tea-Tox Ampoule 50ml - FACECORNER\",\"isPartOf\":{\"@id\":\"https:\\\/\\\/www.facecorner.lv\\\/#website\"},\"primaryImageOfPage\":{\"@id\":\"https:\\\/\\\/www.facecorner.lv\\\/shop\\\/medi-peel-hyal-kombucha-tea-tox-ampoule-50ml\\\/#primaryimage\"},\"image\":{\"@id\":\"https:\\\/\\\/www.facecorner.lv\\\/shop\\\/medi-peel-hyal-kombucha-tea-tox-ampoule-50ml\\\/#primaryimage\"},\"thumbnailUrl\":\"https:\\\/\\\/www.facecorner.lv\\\/wp-content\\\/uploads\\\/2024\\\/02\\\/0_b1qt-4i.webp\",\"datePublished\":\"2024-02-28T15:01:34+00:00\",\"dateModified\":\"2026-03-08T11:25:32+00:00\",\"breadcrumb\":{\"@id\":\"https:\\\/\\\/www.facecorner.lv\\\/shop\\\/medi-peel-hyal-kombucha-tea-tox-ampoule-50ml\\\/#breadcrumb\"},\"inLanguage\":\"ru-RU\",\"potentialAction\":[{\"@type\":\"ReadAction\",\"target\":[\"https:\\\/\\\/www.facecorner.lv\\\/shop\\\/medi-peel-hyal-kombucha-tea-tox-ampoule-50ml\\\/\"]}]},{\"@type\":\"ImageObject\",\"inLanguage\":\"ru-RU\",\"@id\":\"https:\\\/\\\/www.facecorner.lv\\\/shop\\\/medi-peel-hyal-kombucha-tea-tox-ampoule-50ml\\\/#primaryimage\",\"url\":\"https:\\\/\\\/www.facecorner.lv\\\/wp-content\\\/uploads\\\/2024\\\/02\\\/0_b1qt-4i.webp\",\"contentUrl\":\"https:\\\/\\\/www.facecorner.lv\\\/wp-content\\\/uploads\\\/2024\\\/02\\\/0_b1qt-4i.webp\",\"width\":1000,\"height\":1000},{\"@type\":\"BreadcrumbList\",\"@id\":\"https:\\\/\\\/www.facecorner.lv\\\/shop\\\/medi-peel-hyal-kombucha-tea-tox-ampoule-50ml\\\/#breadcrumb\",\"itemListElement\":[{\"@type\":\"ListItem\",\"position\":1,\"name\":\"Home\",\"item\":\"https:\\\/\\\/www.facecorner.lv\\\/\"},{\"@type\":\"ListItem\",\"position\":2,\"name\":\"Veikals\",\"item\":\"https:\\\/\\\/www.facecorner.lv\\\/shop\\\/\"},{\"@type\":\"ListItem\",\"position\":3,\"name\":\"Medi-Peel Hyal Kombucha Tea-Tox Ampoule 50ml\"}]},{\"@type\":\"WebSite\",\"@id\":\"https:\\\/\\\/www.facecorner.lv\\\/#website\",\"url\":\"https:\\\/\\\/www.facecorner.lv\\\/\",\"name\":\"Facecorner\",\"description\":\"\",\"publisher\":{\"@id\":\"https:\\\/\\\/www.facecorner.lv\\\/#organization\"},\"potentialAction\":[{\"@type\":\"SearchAction\",\"target\":{\"@type\":\"EntryPoint\",\"urlTemplate\":\"https:\\\/\\\/www.facecorner.lv\\\/?s={search_term_string}\"},\"query-input\":{\"@type\":\"PropertyValueSpecification\",\"valueRequired\":true,\"valueName\":\"search_term_string\"}}],\"inLanguage\":\"ru-RU\"},{\"@type\":\"Organization\",\"@id\":\"https:\\\/\\\/www.facecorner.lv\\\/#organization\",\"name\":\"Facecorner\",\"url\":\"https:\\\/\\\/www.facecorner.lv\\\/\",\"logo\":{\"@type\":\"ImageObject\",\"inLanguage\":\"ru-RU\",\"@id\":\"https:\\\/\\\/www.facecorner.lv\\\/#\\\/schema\\\/logo\\\/image\\\/\",\"url\":\"https:\\\/\\\/www.facecorner.lv\\\/wp-content\\\/uploads\\\/2024\\\/04\\\/fc-logo.jpg\",\"contentUrl\":\"https:\\\/\\\/www.facecorner.lv\\\/wp-content\\\/uploads\\\/2024\\\/04\\\/fc-logo.jpg\",\"width\":174,\"height\":28,\"caption\":\"Facecorner\"},\"image\":{\"@id\":\"https:\\\/\\\/www.facecorner.lv\\\/#\\\/schema\\\/logo\\\/image\\\/\"},\"sameAs\":[\"https:\\\/\\\/www.facebook.com\\\/profile.php?id=100063824551839\",\"https:\\\/\\\/www.instagram.com\\\/facecorner_shop\\\/\"]}]}<\/script>\n<meta property=\"product:price:amount\" content=\"24.20\" \/>\n<meta property=\"product:price:currency\" content=\"EUR\" \/>\n<meta property=\"og:availability\" content=\"instock\" \/>\n<meta property=\"product:availability\" content=\"instock\" \/>\n<meta property=\"product:condition\" content=\"new\" \/>\n<!-- \/ Yoast SEO plugin. -->","yoast_head_json":{"title":"Medi-Peel Hyal Kombucha Tea-Tox Ampoule 50ml - FACECORNER","robots":{"index":"index","follow":"follow","max-snippet":"max-snippet:-1","max-image-preview":"max-image-preview:large","max-video-preview":"max-video-preview:-1"},"canonical":"https:\/\/www.facecorner.lv\/ru\/shop\/medi-peel-hyal-kombucha-tea-tox-ampoule-50ml\/","og_locale":"ru_RU","og_type":"article","og_title":"Medi-Peel Hyal Kombucha Tea-Tox Ampoule 50ml - FACECORNER","og_description":"Medi-Peel Hyal Kombucha Tea-Tox ampulas baro, m\u012bkstina un mitrina \u0101du, padarot to stingru, gludu un mirdzo\u0161u. L\u012bdzeklis papildina mitruma tr\u016bkumu, atjauno dabisko aizsargbarjeru un m\u012bkstina raupjas zonas. Tas uztur \u0101das elast\u012bbu, nov\u0113r\u0161 \u0101das bl\u0101vumu, mitrina \u0101du no iek\u0161puses, izl\u012bdzina \u0101das toni un aizsarg\u0101 to no \u0101r\u0113jiem kairin\u0101t\u0101jiem. Ampulas \u0101tri ies\u016bcas, neatst\u0101jot lip\u012bgumu. Formulas pamat\u0101 ir [&hellip;]","og_url":"https:\/\/www.facecorner.lv\/ru\/shop\/medi-peel-hyal-kombucha-tea-tox-ampoule-50ml\/","og_site_name":"FACECORNER","article_publisher":"https:\/\/www.facebook.com\/profile.php?id=100063824551839","article_modified_time":"2026-03-08T11:25:32+00:00","og_image":[{"width":1000,"height":1000,"url":"https:\/\/www.facecorner.lv\/wp-content\/uploads\/2024\/02\/0_b1qt-4i.webp","type":"image\/webp"}],"twitter_card":"summary_large_image","twitter_misc":{"\u0426\u0435\u043d\u0430":"&euro;24.20","\u0414\u043e\u0441\u0442\u0443\u043f\u043d\u043e\u0441\u0442\u044c":"\u0412 \u043d\u0430\u043b\u0438\u0447\u0438\u0438"},"schema":{"@context":"https:\/\/schema.org","@graph":[{"@type":"WebPage","@id":"https:\/\/www.facecorner.lv\/shop\/medi-peel-hyal-kombucha-tea-tox-ampoule-50ml\/","url":"https:\/\/www.facecorner.lv\/shop\/medi-peel-hyal-kombucha-tea-tox-ampoule-50ml\/","name":"Medi-Peel Hyal Kombucha Tea-Tox Ampoule 50ml - FACECORNER","isPartOf":{"@id":"https:\/\/www.facecorner.lv\/#website"},"primaryImageOfPage":{"@id":"https:\/\/www.facecorner.lv\/shop\/medi-peel-hyal-kombucha-tea-tox-ampoule-50ml\/#primaryimage"},"image":{"@id":"https:\/\/www.facecorner.lv\/shop\/medi-peel-hyal-kombucha-tea-tox-ampoule-50ml\/#primaryimage"},"thumbnailUrl":"https:\/\/www.facecorner.lv\/wp-content\/uploads\/2024\/02\/0_b1qt-4i.webp","datePublished":"2024-02-28T15:01:34+00:00","dateModified":"2026-03-08T11:25:32+00:00","breadcrumb":{"@id":"https:\/\/www.facecorner.lv\/shop\/medi-peel-hyal-kombucha-tea-tox-ampoule-50ml\/#breadcrumb"},"inLanguage":"ru-RU","potentialAction":[{"@type":"ReadAction","target":["https:\/\/www.facecorner.lv\/shop\/medi-peel-hyal-kombucha-tea-tox-ampoule-50ml\/"]}]},{"@type":"ImageObject","inLanguage":"ru-RU","@id":"https:\/\/www.facecorner.lv\/shop\/medi-peel-hyal-kombucha-tea-tox-ampoule-50ml\/#primaryimage","url":"https:\/\/www.facecorner.lv\/wp-content\/uploads\/2024\/02\/0_b1qt-4i.webp","contentUrl":"https:\/\/www.facecorner.lv\/wp-content\/uploads\/2024\/02\/0_b1qt-4i.webp","width":1000,"height":1000},{"@type":"BreadcrumbList","@id":"https:\/\/www.facecorner.lv\/shop\/medi-peel-hyal-kombucha-tea-tox-ampoule-50ml\/#breadcrumb","itemListElement":[{"@type":"ListItem","position":1,"name":"Home","item":"https:\/\/www.facecorner.lv\/"},{"@type":"ListItem","position":2,"name":"Veikals","item":"https:\/\/www.facecorner.lv\/shop\/"},{"@type":"ListItem","position":3,"name":"Medi-Peel Hyal Kombucha Tea-Tox Ampoule 50ml"}]},{"@type":"WebSite","@id":"https:\/\/www.facecorner.lv\/#website","url":"https:\/\/www.facecorner.lv\/","name":"Facecorner","description":"","publisher":{"@id":"https:\/\/www.facecorner.lv\/#organization"},"potentialAction":[{"@type":"SearchAction","target":{"@type":"EntryPoint","urlTemplate":"https:\/\/www.facecorner.lv\/?s={search_term_string}"},"query-input":{"@type":"PropertyValueSpecification","valueRequired":true,"valueName":"search_term_string"}}],"inLanguage":"ru-RU"},{"@type":"Organization","@id":"https:\/\/www.facecorner.lv\/#organization","name":"Facecorner","url":"https:\/\/www.facecorner.lv\/","logo":{"@type":"ImageObject","inLanguage":"ru-RU","@id":"https:\/\/www.facecorner.lv\/#\/schema\/logo\/image\/","url":"https:\/\/www.facecorner.lv\/wp-content\/uploads\/2024\/04\/fc-logo.jpg","contentUrl":"https:\/\/www.facecorner.lv\/wp-content\/uploads\/2024\/04\/fc-logo.jpg","width":174,"height":28,"caption":"Facecorner"},"image":{"@id":"https:\/\/www.facecorner.lv\/#\/schema\/logo\/image\/"},"sameAs":["https:\/\/www.facebook.com\/profile.php?id=100063824551839","https:\/\/www.instagram.com\/facecorner_shop\/"]}]},"product_price_amount":"24.20","product_price_currency":"EUR","og_availability":"instock","product_availability":"instock","product_condition":"new"},"_links":{"self":[{"href":"https:\/\/www.facecorner.lv\/ru\/wp-json\/wp\/v2\/product\/14435","targetHints":{"allow":["GET"]}}],"collection":[{"href":"https:\/\/www.facecorner.lv\/ru\/wp-json\/wp\/v2\/product"}],"about":[{"href":"https:\/\/www.facecorner.lv\/ru\/wp-json\/wp\/v2\/types\/product"}],"replies":[{"embeddable":true,"href":"https:\/\/www.facecorner.lv\/ru\/wp-json\/wp\/v2\/comments?post=14435"}],"wp:featuredmedia":[{"embeddable":true,"href":"https:\/\/www.facecorner.lv\/ru\/wp-json\/wp\/v2\/media\/14436"}],"wp:attachment":[{"href":"https:\/\/www.facecorner.lv\/ru\/wp-json\/wp\/v2\/media?parent=14435"}],"wp:term":[{"taxonomy":"product_brand","embeddable":true,"href":"https:\/\/www.facecorner.lv\/ru\/wp-json\/wp\/v2\/product_brand?post=14435"},{"taxonomy":"product_cat","embeddable":true,"href":"https:\/\/www.facecorner.lv\/ru\/wp-json\/wp\/v2\/product_cat?post=14435"},{"taxonomy":"product_tag","embeddable":true,"href":"https:\/\/www.facecorner.lv\/ru\/wp-json\/wp\/v2\/product_tag?post=14435"},{"taxonomy":"berocket_brand","embeddable":true,"href":"https:\/\/www.facecorner.lv\/ru\/wp-json\/wp\/v2\/berocket_brand?post=14435"}],"curies":[{"name":"wp","href":"https:\/\/api.w.org\/{rel}","templated":true}]}}