{"id":14432,"date":"2024-02-28T16:54:55","date_gmt":"2024-02-28T14:54:55","guid":{"rendered":"https:\/\/www.facecorner.lv\/?post_type=product&#038;p=14432"},"modified":"2025-05-11T22:42:19","modified_gmt":"2025-05-11T19:42:19","slug":"medi-peel-hyal-kombucha-tea-tox-cream-50ml","status":"publish","type":"product","link":"https:\/\/www.facecorner.lv\/ru\/shop\/medi-peel-hyal-kombucha-tea-tox-cream-50ml\/","title":{"rendered":"Medi-Peel Hyal Kombucha Tea-Tox Cream 50ml"},"content":{"rendered":"<p>\u0414\u0432\u043e\u0439\u043d\u043e\u0439 \u043a\u0440\u0435\u043c Medi-Peel Hyal Kombucha Tea-Tox Cream \u0432\u043e\u0441\u0441\u0442\u0430\u043d\u0430\u0432\u043b\u0438\u0432\u0430\u0435\u0442, \u0443\u0432\u043b\u0430\u0436\u043d\u044f\u0435\u0442 \u0438 \u043f\u0438\u0442\u0430\u0435\u0442 \u043a\u043e\u0436\u0443, \u0443\u043c\u0435\u043d\u044c\u0448\u0430\u0435\u0442 \u0432\u0438\u0434\u0438\u043c\u043e\u0441\u0442\u044c \u043c\u043e\u0440\u0449\u0438\u043d, \u043f\u0440\u0438\u0434\u0430\u0451\u0442 \u0443\u043f\u0440\u0443\u0433\u043e\u0441\u0442\u044c \u0438 \u043f\u043b\u043e\u0442\u043d\u043e\u0441\u0442\u044c. \u0411\u043e\u0440\u0435\u0442\u0441\u044f \u0441 \u0441\u0443\u0445\u043e\u0441\u0442\u044c\u044e \u0438 \u0448\u0435\u043b\u0443\u0448\u0435\u043d\u0438\u0435\u043c, \u0443\u0441\u0442\u0440\u0430\u043d\u044f\u0435\u0442 \u0442\u0443\u0441\u043a\u043b\u043e\u0441\u0442\u044c, \u0434\u0435\u043b\u0430\u0435\u0442 \u043a\u043e\u0436\u0443 \u0433\u043b\u0430\u0434\u043a\u043e\u0439 \u0438 \u0441\u0438\u044f\u044e\u0449\u0435\u0439.<\/p>\n<p>\u0421\u0440\u0435\u0434\u0441\u0442\u0432\u043e \u0443\u043a\u0440\u0435\u043f\u043b\u044f\u0435\u0442 \u0435\u0441\u0442\u0435\u0441\u0442\u0432\u0435\u043d\u043d\u044b\u0439 \u0437\u0430\u0449\u0438\u0442\u043d\u044b\u0439 \u0431\u0430\u0440\u044c\u0435\u0440, \u043f\u043e\u0432\u044b\u0448\u0430\u0435\u0442 \u043c\u0435\u0441\u0442\u043d\u044b\u0439 \u0438\u043c\u043c\u0443\u043d\u0438\u0442\u0435\u0442, \u0443\u0441\u043a\u043e\u0440\u044f\u0435\u0442 \u0437\u0430\u0436\u0438\u0432\u043b\u0435\u043d\u0438\u0435 \u043c\u0438\u043a\u0440\u043e\u043f\u043e\u0432\u0440\u0435\u0436\u0434\u0435\u043d\u0438\u0439.<\/p>\n<p>\u041d\u0435\u043e\u0431\u044b\u0447\u043d\u0430\u044f \u0434\u0432\u0443\u0445\u0444\u0430\u0437\u043d\u0430\u044f \u0442\u0435\u043a\u0441\u0442\u0443\u0440\u0430 \u043f\u043e\u0437\u0432\u043e\u043b\u044f\u0435\u0442 \u0440\u0435\u0433\u0443\u043b\u0438\u0440\u043e\u0432\u0430\u0442\u044c \u043f\u043b\u043e\u0442\u043d\u043e\u0441\u0442\u044c \u043a\u0440\u0435\u043c\u0430: \u0434\u043b\u044f \u0436\u0438\u0440\u043d\u043e\u0439 \u0438 \u043a\u043e\u043c\u0431\u0438\u043d\u0438\u0440\u043e\u0432\u0430\u043d\u043d\u043e\u0439 \u043a\u043e\u0436\u0438 \u043c\u043e\u0436\u043d\u043e \u0434\u043e\u0431\u0430\u0432\u043b\u044f\u0442\u044c \u0431\u043e\u043b\u044c\u0448\u0435 \u0433\u0435\u043b\u044f, \u0430 \u0434\u043b\u044f \u043a\u043e\u0436\u0438, \u0441\u043a\u043b\u043e\u043d\u043d\u043e\u0439 \u043a \u0441\u0443\u0445\u043e\u0441\u0442\u0438 \u2014 \u0431\u043e\u043b\u044c\u0448\u0435 \u043a\u0440\u0435\u043c\u043e\u0432\u043e\u0439 \u0442\u0435\u043a\u0441\u0442\u0443\u0440\u044b.<\/p>\n<p>\u0424\u043e\u0440\u043c\u0443\u043b\u0430 \u0441\u0440\u0435\u0434\u0441\u0442\u0432\u0430 \u043e\u0441\u043d\u043e\u0432\u0430\u043d\u0430 \u043d\u0435 \u043d\u0430 \u0432\u043e\u0434\u0435, \u0430 \u043d\u0430 50% \u043a\u043e\u043c\u0431\u0443\u0447\u0435 \u0431\u0440\u0438\u0442\u0430\u043d\u0441\u043a\u043e\u0433\u043e \u043f\u0440\u043e\u0438\u0437\u0432\u043e\u0434\u0441\u0442\u0432\u0430, \u043a\u043e\u0442\u043e\u0440\u0430\u044f \u0438\u0437\u0432\u043b\u0435\u043a\u0430\u0435\u0442\u0441\u044f \u0432 \u0442\u0435\u0447\u0435\u043d\u0438\u0435 336 \u0447\u0430\u0441\u043e\u0432 \u043f\u0440\u0438 \u0442\u0435\u043c\u043f\u0435\u0440\u0430\u0442\u0443\u0440\u0435 29\u00b0C. \u041a\u043e\u043c\u0431\u0443\u0447\u0430 \u043d\u0430\u0441\u044b\u0449\u0435\u043d\u0430 \u043f\u043e\u043b\u0438\u0444\u0435\u043d\u043e\u043b\u0430\u043c\u0438, \u0432\u0438\u0442\u0430\u043c\u0438\u043d\u0430\u043c\u0438, \u0430\u043c\u0438\u043d\u043e\u043a\u0438\u0441\u043b\u043e\u0442\u0430\u043c\u0438 \u0438 \u043c\u0438\u043d\u0435\u0440\u0430\u043b\u0430\u043c\u0438, \u0437\u0430 \u0441\u0447\u0451\u0442 \u0447\u0435\u0433\u043e \u043e\u043a\u0430\u0437\u044b\u0432\u0430\u0435\u0442 \u0430\u043d\u0442\u0438\u043e\u043a\u0441\u0438\u0434\u0430\u043d\u0442\u043d\u043e\u0435 \u0434\u0435\u0439\u0441\u0442\u0432\u0438\u0435, \u0443\u043f\u043b\u043e\u0442\u043d\u044f\u0435\u0442 \u043a\u043e\u0436\u0443 \u0438 \u0437\u0430\u043c\u0435\u0434\u043b\u044f\u0435\u0442 \u0441\u0442\u0430\u0440\u0435\u043d\u0438\u0435.<\/p>\n<p>5 \u0432\u0438\u0434\u043e\u0432 \u0446\u0435\u0440\u0430\u043c\u0438\u0434\u043e\u0432 \u043e\u0442\u0432\u0435\u0447\u0430\u044e\u0442 \u0437\u0430 \u0440\u043e\u0432\u043d\u0443\u044e \u0442\u0435\u043a\u0441\u0442\u0443\u0440\u0443 \u043a\u043e\u0436\u0438 \u0438 \u0443\u043a\u0440\u0435\u043f\u043b\u0435\u043d\u0438\u0435 \u0433\u0438\u0434\u0440\u043e\u043b\u0438\u043f\u0438\u0434\u043d\u043e\u0439 \u043c\u0430\u043d\u0442\u0438\u0438. \u0426\u0435\u0440\u0430\u043c\u0438\u0434\u044b \u0441\u0445\u043e\u0436\u0438 \u0441 \u043b\u0438\u043f\u0438\u0434\u0430\u043c\u0438 \u044d\u043f\u0438\u0434\u0435\u0440\u043c\u0438\u0441\u0430, \u0437\u0430 \u0441\u0447\u0451\u0442 \u0447\u0435\u0433\u043e \u043e\u043d\u0438 \u0432\u0441\u0442\u0440\u0430\u0438\u0432\u0430\u044e\u0442\u0441\u044f \u0432 \u0435\u0441\u0442\u0435\u0441\u0442\u0432\u0435\u043d\u043d\u044b\u0439 \u0431\u0430\u0440\u044c\u0435\u0440, \u0441\u0442\u0438\u043c\u0443\u043b\u0438\u0440\u0443\u044e\u0442 \u0440\u0435\u0433\u0435\u043d\u0435\u0440\u0430\u0446\u0438\u044e, \u0443\u0441\u0442\u0440\u0430\u043d\u044f\u044e\u0442 \u0441\u0443\u0445\u043e\u0441\u0442\u044c \u0438 \u0448\u0435\u043b\u0443\u0448\u0435\u043d\u0438\u0435, \u043f\u0440\u0435\u043f\u044f\u0442\u0441\u0442\u0432\u0443\u044e\u0442 \u0438\u0441\u043f\u0430\u0440\u0435\u043d\u0438\u044e \u0432\u043b\u0430\u0433\u0438.<\/p>\n<p>\u0412 \u0441\u043e\u0441\u0442\u0430\u0432\u0435 \u043a\u0440\u0435\u043c\u0430 \u0446\u0435\u0440\u0430\u043c\u0438\u0434\u044b \u0442\u0430\u043a\u0436\u0435 \u0438\u0433\u0440\u0430\u044e\u0442 \u0440\u043e\u043b\u044c \u043b\u0438\u043f\u043e\u0441\u043e\u043c: \u043e\u0431\u0432\u043e\u043b\u0430\u043a\u0438\u0432\u0430\u044e\u0442 \u0430\u043a\u0442\u0438\u0432\u043d\u044b\u0435 \u043a\u043e\u043c\u043f\u043e\u043d\u0435\u043d\u0442\u044b, \u043a\u043e\u043c\u0431\u0443\u0447\u0443 \u0438 \u0433\u0438\u0430\u043b\u0443\u0440\u043e\u043d\u043e\u0432\u0443\u044e \u043a\u0438\u0441\u043b\u043e\u0442\u0443, \u0438 \u043f\u0440\u043e\u0432\u043e\u0434\u044f\u0442 \u0438\u0445 \u0432 \u0433\u043b\u0443\u0431\u043e\u043a\u0438\u0435 \u0441\u043b\u043e\u0438 \u043a\u043e\u0436\u0438 \u2014 \u0442\u0430\u043a \u0444\u043e\u0440\u043c\u0443\u043b\u0430 \u0440\u0430\u0431\u043e\u0442\u0430\u0435\u0442 \u0431\u044b\u0441\u0442\u0440\u0435\u0435 \u0438 \u044d\u0444\u0444\u0435\u043a\u0442\u0438\u0432\u043d\u0435\u0435.<\/p>\n<p>\u041f\u0440\u043e\u0434\u0443\u043a\u0442 \u0438\u043c\u0435\u0435\u0442 \u043c\u0435\u0436\u0434\u0443\u043d\u0430\u0440\u043e\u0434\u043d\u044b\u0439 \u0432\u0435\u0433\u0430\u043d\u0441\u043a\u0438\u0439 \u0441\u0435\u0440\u0442\u0438\u0444\u0438\u043a\u0430\u0442 V-Label\u00ae.<\/p>\n<p><strong>\u0421\u043f\u043e\u0441\u043e\u0431 \u043f\u0440\u0438\u043c\u0435\u043d\u0435\u043d\u0438\u044f:<\/strong> \u043d\u0430\u0431\u0435\u0440\u0438\u0442\u0435 \u0434\u043e\u0441\u0442\u0430\u0442\u043e\u0447\u043d\u043e \u043a\u0440\u0435\u043c\u0430 \u0438 \u0433\u0435\u043b\u044f \u0432 \u043d\u0443\u0436\u043d\u044b\u0445 \u043f\u0440\u043e\u043f\u043e\u0440\u0446\u0438\u044f\u0445 \u0441 \u043f\u043e\u043c\u043e\u0449\u044c\u044e \u043b\u043e\u043f\u0430\u0442\u043a\u0438. \u041f\u043e\u0441\u043b\u0435 \u0443\u043c\u044b\u0432\u0430\u043d\u0438\u044f, \u0442\u043e\u043d\u0438\u0437\u0438\u0440\u043e\u0432\u0430\u043d\u0438\u044f \u0438 \u0438\u0441\u043f\u043e\u043b\u044c\u0437\u043e\u0432\u0430\u043d\u0438\u044f \u0441\u044b\u0432\u043e\u0440\u043e\u0442\u043a\u0438 \u043d\u0430\u043d\u0435\u0441\u0438\u0442\u0435 \u043a\u0440\u0435\u043c \u043d\u0430 \u043b\u0438\u0446\u043e<\/p>\n<p><strong>\u0421\u043e\u0441\u0442\u0430\u0432\u00a0<\/strong>Yeast\/Xylinum\/Black Tea Fermentation (50%), Purified Water, Glycerin, Ethylhexyl Palmitate, Cetylethylhexanoate, Glycereth-26, Dipropylene Glycol, Niacinamide, Butylene Glycol, 1,2 -Hexanediol, C14-22 alcohol, polysorbate 60, C12-20 alkyl glucoside, hydrogenated polydecene, panthenol, damask rose flower water, pear extract, peach extract, common jasmine flower water, western pine leaf\/stem extract, melon extract, yeast\/rice bran fermented product, allantoin, methylgluses-20, baobab seed oil, camellia flower extract, tangerine peel extract, madecassoside, ceramide NP, ceramide NS, ceramide AS, ceramide OP, Ceramide AP, Hydrolyzed Glycosaminoglycan (5.52 ppb), Sodium Hyaluronate (5.3 ppb), Sodium Hyaluronate Crosspolymer (1 ppb), Hydrolyzed Hyaluronic Acid (0.52 ppb), hydroxypropyltrimonium hyaluronate (0.1125 ppb), hyaluronic acid (0.01 ppb), sodium acetylated hyaluronate (0.002 ppb), tetradecylaminobutyroylvalylaminobutyric Urea Trifluoroacetate, Adenosine, Cyanocobalamin, Dipotassium Glycyrrhizate, Beta-Glucan, Propanediol, Tocopheryl Acetate, Glucose, Magnesium Chloride, Polyglyceryl-10 Behenate\/Eicosadioate, Glycereth-25 PCA Isostearate, Sorbitan Stearate, Sorbitan Isostearate, Trideceth-10, Caprylic\/Capric Triglyceride, Hydrogenated Lecithin, Pentylene Glycol, Benzyl Glycol Col, Decyl Glucoside, Palmitic Acid, Stearic Acid, Pentaerythrityl Tetraethylhexanoate, Xanthan Gum, Hydroxyethyl Acrylate\/Sodium Acryloyl Dimethyl Taurate Copolymer, Sodium Polyacryloyl Dimethyl Tau Lates, ammonium acryloyldimethyltaurate\/VP copolymer, glyceryl acrylate\/acrylic acid copolymer, acrylate\/C10-30 alkyl acrylate crosspolymer, tromethamine, caramel, disodium EDTA, hydra Roxyacetophenone, Caprylyl Glycol, Ethylhexylglycerin<\/p>\n<p>&nbsp;<\/p>","protected":false},"excerpt":{"rendered":"<p>Medi-Peel Hyal Kombucha Tea-Tox kr\u0113ms atjauno, mitrina un baro \u0101du, samazina grumbi\u0146as, pie\u0161\u0137ir tai tvirtumu un bl\u012bvumu. Tas c\u012bn\u0101s pret sausumu un lob\u012b\u0161anos, nov\u0113r\u0161 \u0101das bl\u0101vumu, padara \u0101du gludu un starojo\u0161u. L\u012bdzeklis stiprina dabisko aizsargbarjeru, paaugstina viet\u0113jo imunit\u0101ti, pa\u0101trina mikroboj\u0101jumu dz\u012b\u0161anu. Neparast\u0101 divf\u0101\u017eu tekst\u016bra \u013cauj regul\u0113t kr\u0113ma bl\u012bvumu: taukainai un jauktai \u0101dai var pievienot vair\u0101k [&hellip;]<\/p>\n","protected":false},"featured_media":14433,"comment_status":"open","ping_status":"closed","template":"","meta":{"site-sidebar-layout":"default","site-content-layout":"","ast-site-content-layout":"","site-content-style":"default","site-sidebar-style":"default","ast-global-header-display":"","ast-banner-title-visibility":"","ast-main-header-display":"","ast-hfb-above-header-display":"","ast-hfb-below-header-display":"","ast-hfb-mobile-header-display":"","site-post-title":"","ast-breadcrumbs-content":"","ast-featured-img":"","footer-sml-layout":"","theme-transparent-header-meta":"","adv-header-id-meta":"","stick-header-meta":"","header-above-stick-meta":"","header-main-stick-meta":"","header-below-stick-meta":"","astra-migrate-meta-layouts":"default","ast-page-background-enabled":"default","ast-page-background-meta":{"desktop":{"background-color":"var(--ast-global-color-4)","background-image":"","background-repeat":"repeat","background-position":"center center","background-size":"auto","background-attachment":"scroll","background-type":"","background-media":"","overlay-type":"","overlay-color":"","overlay-opacity":"","overlay-gradient":""},"tablet":{"background-color":"","background-image":"","background-repeat":"repeat","background-position":"center center","background-size":"auto","background-attachment":"scroll","background-type":"","background-media":"","overlay-type":"","overlay-color":"","overlay-opacity":"","overlay-gradient":""},"mobile":{"background-color":"","background-image":"","background-repeat":"repeat","background-position":"center center","background-size":"auto","background-attachment":"scroll","background-type":"","background-media":"","overlay-type":"","overlay-color":"","overlay-opacity":"","overlay-gradient":""}},"ast-content-background-meta":{"desktop":{"background-color":"var(--ast-global-color-5)","background-image":"","background-repeat":"repeat","background-position":"center center","background-size":"auto","background-attachment":"scroll","background-type":"","background-media":"","overlay-type":"","overlay-color":"","overlay-opacity":"","overlay-gradient":""},"tablet":{"background-color":"var(--ast-global-color-5)","background-image":"","background-repeat":"repeat","background-position":"center center","background-size":"auto","background-attachment":"scroll","background-type":"","background-media":"","overlay-type":"","overlay-color":"","overlay-opacity":"","overlay-gradient":""},"mobile":{"background-color":"var(--ast-global-color-5)","background-image":"","background-repeat":"repeat","background-position":"center center","background-size":"auto","background-attachment":"scroll","background-type":"","background-media":"","overlay-type":"","overlay-color":"","overlay-opacity":"","overlay-gradient":""}}},"product_brand":[],"product_cat":[365,366,368,362],"product_tag":[],"berocket_brand":[583],"class_list":{"0":"post-14432","1":"product","2":"type-product","3":"status-publish","4":"has-post-thumbnail","6":"product_cat-barojoss","7":"product_cat-mitrinoss","8":"product_cat-pret-grumbam","9":"product_cat-sejas-krems","10":"berocket_brand-medi-peel","11":"desktop-align-left","12":"tablet-align-left","13":"mobile-align-left","15":"first","16":"outofstock","17":"sale","18":"taxable","19":"shipping-taxable","20":"purchasable","21":"product-type-simple","22":"add-to-wishlist-before_image"},"yoast_head":"<!-- This site is optimized with the Yoast SEO plugin v27.4 - https:\/\/yoast.com\/product\/yoast-seo-wordpress\/ -->\n<title>Medi-Peel Hyal Kombucha Tea-Tox Cream 50ml - FACECORNER<\/title>\n<meta name=\"robots\" content=\"index, follow, max-snippet:-1, max-image-preview:large, max-video-preview:-1\" \/>\n<link rel=\"canonical\" href=\"https:\/\/www.facecorner.lv\/ru\/shop\/medi-peel-hyal-kombucha-tea-tox-cream-50ml\/\" \/>\n<meta property=\"og:locale\" content=\"ru_RU\" \/>\n<meta property=\"og:type\" content=\"article\" \/>\n<meta property=\"og:title\" content=\"Medi-Peel Hyal Kombucha Tea-Tox Cream 50ml - FACECORNER\" \/>\n<meta property=\"og:description\" content=\"Medi-Peel Hyal Kombucha Tea-Tox kr\u0113ms atjauno, mitrina un baro \u0101du, samazina grumbi\u0146as, pie\u0161\u0137ir tai tvirtumu un bl\u012bvumu. Tas c\u012bn\u0101s pret sausumu un lob\u012b\u0161anos, nov\u0113r\u0161 \u0101das bl\u0101vumu, padara \u0101du gludu un starojo\u0161u. L\u012bdzeklis stiprina dabisko aizsargbarjeru, paaugstina viet\u0113jo imunit\u0101ti, pa\u0101trina mikroboj\u0101jumu dz\u012b\u0161anu. Neparast\u0101 divf\u0101\u017eu tekst\u016bra \u013cauj regul\u0113t kr\u0113ma bl\u012bvumu: taukainai un jauktai \u0101dai var pievienot vair\u0101k [&hellip;]\" \/>\n<meta property=\"og:url\" content=\"https:\/\/www.facecorner.lv\/ru\/shop\/medi-peel-hyal-kombucha-tea-tox-cream-50ml\/\" \/>\n<meta property=\"og:site_name\" content=\"FACECORNER\" \/>\n<meta property=\"article:publisher\" content=\"https:\/\/www.facebook.com\/profile.php?id=100063824551839\" \/>\n<meta property=\"article:modified_time\" content=\"2025-05-11T19:42:19+00:00\" \/>\n<meta property=\"og:image\" content=\"https:\/\/www.facecorner.lv\/wp-content\/uploads\/2024\/02\/zvolozhuvalnyi-ampulnyi-krem-dlia-pidvyshchennia-elastychnosti-z-kombucheiu-hyal-kombucha-tea-tox-cream-medi-peel-50-ml-71603729311415.jpeg\" \/>\n\t<meta property=\"og:image:width\" content=\"1080\" \/>\n\t<meta property=\"og:image:height\" content=\"1080\" \/>\n\t<meta property=\"og:image:type\" content=\"image\/jpeg\" \/>\n<meta name=\"twitter:card\" content=\"summary_large_image\" \/>\n<meta name=\"twitter:label1\" content=\"\u0426\u0435\u043d\u0430\" \/>\n\t<meta name=\"twitter:data1\" content=\"&euro;23.00\" \/>\n\t<meta name=\"twitter:label2\" content=\"\u0414\u043e\u0441\u0442\u0443\u043f\u043d\u043e\u0441\u0442\u044c\" \/>\n\t<meta name=\"twitter:data2\" content=\"\u0420\u0430\u0441\u043f\u0440\u043e\u0434\u0430\u043d\u043e\" \/>\n<script type=\"application\/ld+json\" class=\"yoast-schema-graph\">{\"@context\":\"https:\\\/\\\/schema.org\",\"@graph\":[{\"@type\":\"WebPage\",\"@id\":\"https:\\\/\\\/www.facecorner.lv\\\/shop\\\/medi-peel-hyal-kombucha-tea-tox-cream-50ml\\\/\",\"url\":\"https:\\\/\\\/www.facecorner.lv\\\/shop\\\/medi-peel-hyal-kombucha-tea-tox-cream-50ml\\\/\",\"name\":\"Medi-Peel Hyal Kombucha Tea-Tox Cream 50ml - FACECORNER\",\"isPartOf\":{\"@id\":\"https:\\\/\\\/www.facecorner.lv\\\/#website\"},\"primaryImageOfPage\":{\"@id\":\"https:\\\/\\\/www.facecorner.lv\\\/shop\\\/medi-peel-hyal-kombucha-tea-tox-cream-50ml\\\/#primaryimage\"},\"image\":{\"@id\":\"https:\\\/\\\/www.facecorner.lv\\\/shop\\\/medi-peel-hyal-kombucha-tea-tox-cream-50ml\\\/#primaryimage\"},\"thumbnailUrl\":\"https:\\\/\\\/www.facecorner.lv\\\/wp-content\\\/uploads\\\/2024\\\/02\\\/zvolozhuvalnyi-ampulnyi-krem-dlia-pidvyshchennia-elastychnosti-z-kombucheiu-hyal-kombucha-tea-tox-cream-medi-peel-50-ml-71603729311415.jpeg\",\"datePublished\":\"2024-02-28T14:54:55+00:00\",\"dateModified\":\"2025-05-11T19:42:19+00:00\",\"breadcrumb\":{\"@id\":\"https:\\\/\\\/www.facecorner.lv\\\/shop\\\/medi-peel-hyal-kombucha-tea-tox-cream-50ml\\\/#breadcrumb\"},\"inLanguage\":\"ru-RU\",\"potentialAction\":[{\"@type\":\"ReadAction\",\"target\":[\"https:\\\/\\\/www.facecorner.lv\\\/shop\\\/medi-peel-hyal-kombucha-tea-tox-cream-50ml\\\/\"]}]},{\"@type\":\"ImageObject\",\"inLanguage\":\"ru-RU\",\"@id\":\"https:\\\/\\\/www.facecorner.lv\\\/shop\\\/medi-peel-hyal-kombucha-tea-tox-cream-50ml\\\/#primaryimage\",\"url\":\"https:\\\/\\\/www.facecorner.lv\\\/wp-content\\\/uploads\\\/2024\\\/02\\\/zvolozhuvalnyi-ampulnyi-krem-dlia-pidvyshchennia-elastychnosti-z-kombucheiu-hyal-kombucha-tea-tox-cream-medi-peel-50-ml-71603729311415.jpeg\",\"contentUrl\":\"https:\\\/\\\/www.facecorner.lv\\\/wp-content\\\/uploads\\\/2024\\\/02\\\/zvolozhuvalnyi-ampulnyi-krem-dlia-pidvyshchennia-elastychnosti-z-kombucheiu-hyal-kombucha-tea-tox-cream-medi-peel-50-ml-71603729311415.jpeg\",\"width\":1080,\"height\":1080},{\"@type\":\"BreadcrumbList\",\"@id\":\"https:\\\/\\\/www.facecorner.lv\\\/shop\\\/medi-peel-hyal-kombucha-tea-tox-cream-50ml\\\/#breadcrumb\",\"itemListElement\":[{\"@type\":\"ListItem\",\"position\":1,\"name\":\"Home\",\"item\":\"https:\\\/\\\/www.facecorner.lv\\\/\"},{\"@type\":\"ListItem\",\"position\":2,\"name\":\"Veikals\",\"item\":\"https:\\\/\\\/www.facecorner.lv\\\/shop\\\/\"},{\"@type\":\"ListItem\",\"position\":3,\"name\":\"Medi-Peel Hyal Kombucha Tea-Tox Cream 50ml\"}]},{\"@type\":\"WebSite\",\"@id\":\"https:\\\/\\\/www.facecorner.lv\\\/#website\",\"url\":\"https:\\\/\\\/www.facecorner.lv\\\/\",\"name\":\"Facecorner\",\"description\":\"\",\"publisher\":{\"@id\":\"https:\\\/\\\/www.facecorner.lv\\\/#organization\"},\"potentialAction\":[{\"@type\":\"SearchAction\",\"target\":{\"@type\":\"EntryPoint\",\"urlTemplate\":\"https:\\\/\\\/www.facecorner.lv\\\/?s={search_term_string}\"},\"query-input\":{\"@type\":\"PropertyValueSpecification\",\"valueRequired\":true,\"valueName\":\"search_term_string\"}}],\"inLanguage\":\"ru-RU\"},{\"@type\":\"Organization\",\"@id\":\"https:\\\/\\\/www.facecorner.lv\\\/#organization\",\"name\":\"Facecorner\",\"url\":\"https:\\\/\\\/www.facecorner.lv\\\/\",\"logo\":{\"@type\":\"ImageObject\",\"inLanguage\":\"ru-RU\",\"@id\":\"https:\\\/\\\/www.facecorner.lv\\\/#\\\/schema\\\/logo\\\/image\\\/\",\"url\":\"https:\\\/\\\/www.facecorner.lv\\\/wp-content\\\/uploads\\\/2024\\\/04\\\/fc-logo.jpg\",\"contentUrl\":\"https:\\\/\\\/www.facecorner.lv\\\/wp-content\\\/uploads\\\/2024\\\/04\\\/fc-logo.jpg\",\"width\":174,\"height\":28,\"caption\":\"Facecorner\"},\"image\":{\"@id\":\"https:\\\/\\\/www.facecorner.lv\\\/#\\\/schema\\\/logo\\\/image\\\/\"},\"sameAs\":[\"https:\\\/\\\/www.facebook.com\\\/profile.php?id=100063824551839\",\"https:\\\/\\\/www.instagram.com\\\/facecorner_shop\\\/\"]}]}<\/script>\n<meta property=\"product:price:amount\" content=\"23.00\" \/>\n<meta property=\"product:price:currency\" content=\"EUR\" \/>\n<meta property=\"og:availability\" content=\"out of stock\" \/>\n<meta property=\"product:availability\" content=\"out of stock\" \/>\n<meta property=\"product:condition\" content=\"new\" \/>\n<!-- \/ Yoast SEO plugin. -->","yoast_head_json":{"title":"Medi-Peel Hyal Kombucha Tea-Tox Cream 50ml - FACECORNER","robots":{"index":"index","follow":"follow","max-snippet":"max-snippet:-1","max-image-preview":"max-image-preview:large","max-video-preview":"max-video-preview:-1"},"canonical":"https:\/\/www.facecorner.lv\/ru\/shop\/medi-peel-hyal-kombucha-tea-tox-cream-50ml\/","og_locale":"ru_RU","og_type":"article","og_title":"Medi-Peel Hyal Kombucha Tea-Tox Cream 50ml - FACECORNER","og_description":"Medi-Peel Hyal Kombucha Tea-Tox kr\u0113ms atjauno, mitrina un baro \u0101du, samazina grumbi\u0146as, pie\u0161\u0137ir tai tvirtumu un bl\u012bvumu. Tas c\u012bn\u0101s pret sausumu un lob\u012b\u0161anos, nov\u0113r\u0161 \u0101das bl\u0101vumu, padara \u0101du gludu un starojo\u0161u. L\u012bdzeklis stiprina dabisko aizsargbarjeru, paaugstina viet\u0113jo imunit\u0101ti, pa\u0101trina mikroboj\u0101jumu dz\u012b\u0161anu. Neparast\u0101 divf\u0101\u017eu tekst\u016bra \u013cauj regul\u0113t kr\u0113ma bl\u012bvumu: taukainai un jauktai \u0101dai var pievienot vair\u0101k [&hellip;]","og_url":"https:\/\/www.facecorner.lv\/ru\/shop\/medi-peel-hyal-kombucha-tea-tox-cream-50ml\/","og_site_name":"FACECORNER","article_publisher":"https:\/\/www.facebook.com\/profile.php?id=100063824551839","article_modified_time":"2025-05-11T19:42:19+00:00","og_image":[{"width":1080,"height":1080,"url":"https:\/\/www.facecorner.lv\/wp-content\/uploads\/2024\/02\/zvolozhuvalnyi-ampulnyi-krem-dlia-pidvyshchennia-elastychnosti-z-kombucheiu-hyal-kombucha-tea-tox-cream-medi-peel-50-ml-71603729311415.jpeg","type":"image\/jpeg"}],"twitter_card":"summary_large_image","twitter_misc":{"\u0426\u0435\u043d\u0430":"&euro;23.00","\u0414\u043e\u0441\u0442\u0443\u043f\u043d\u043e\u0441\u0442\u044c":"\u0420\u0430\u0441\u043f\u0440\u043e\u0434\u0430\u043d\u043e"},"schema":{"@context":"https:\/\/schema.org","@graph":[{"@type":"WebPage","@id":"https:\/\/www.facecorner.lv\/shop\/medi-peel-hyal-kombucha-tea-tox-cream-50ml\/","url":"https:\/\/www.facecorner.lv\/shop\/medi-peel-hyal-kombucha-tea-tox-cream-50ml\/","name":"Medi-Peel Hyal Kombucha Tea-Tox Cream 50ml - FACECORNER","isPartOf":{"@id":"https:\/\/www.facecorner.lv\/#website"},"primaryImageOfPage":{"@id":"https:\/\/www.facecorner.lv\/shop\/medi-peel-hyal-kombucha-tea-tox-cream-50ml\/#primaryimage"},"image":{"@id":"https:\/\/www.facecorner.lv\/shop\/medi-peel-hyal-kombucha-tea-tox-cream-50ml\/#primaryimage"},"thumbnailUrl":"https:\/\/www.facecorner.lv\/wp-content\/uploads\/2024\/02\/zvolozhuvalnyi-ampulnyi-krem-dlia-pidvyshchennia-elastychnosti-z-kombucheiu-hyal-kombucha-tea-tox-cream-medi-peel-50-ml-71603729311415.jpeg","datePublished":"2024-02-28T14:54:55+00:00","dateModified":"2025-05-11T19:42:19+00:00","breadcrumb":{"@id":"https:\/\/www.facecorner.lv\/shop\/medi-peel-hyal-kombucha-tea-tox-cream-50ml\/#breadcrumb"},"inLanguage":"ru-RU","potentialAction":[{"@type":"ReadAction","target":["https:\/\/www.facecorner.lv\/shop\/medi-peel-hyal-kombucha-tea-tox-cream-50ml\/"]}]},{"@type":"ImageObject","inLanguage":"ru-RU","@id":"https:\/\/www.facecorner.lv\/shop\/medi-peel-hyal-kombucha-tea-tox-cream-50ml\/#primaryimage","url":"https:\/\/www.facecorner.lv\/wp-content\/uploads\/2024\/02\/zvolozhuvalnyi-ampulnyi-krem-dlia-pidvyshchennia-elastychnosti-z-kombucheiu-hyal-kombucha-tea-tox-cream-medi-peel-50-ml-71603729311415.jpeg","contentUrl":"https:\/\/www.facecorner.lv\/wp-content\/uploads\/2024\/02\/zvolozhuvalnyi-ampulnyi-krem-dlia-pidvyshchennia-elastychnosti-z-kombucheiu-hyal-kombucha-tea-tox-cream-medi-peel-50-ml-71603729311415.jpeg","width":1080,"height":1080},{"@type":"BreadcrumbList","@id":"https:\/\/www.facecorner.lv\/shop\/medi-peel-hyal-kombucha-tea-tox-cream-50ml\/#breadcrumb","itemListElement":[{"@type":"ListItem","position":1,"name":"Home","item":"https:\/\/www.facecorner.lv\/"},{"@type":"ListItem","position":2,"name":"Veikals","item":"https:\/\/www.facecorner.lv\/shop\/"},{"@type":"ListItem","position":3,"name":"Medi-Peel Hyal Kombucha Tea-Tox Cream 50ml"}]},{"@type":"WebSite","@id":"https:\/\/www.facecorner.lv\/#website","url":"https:\/\/www.facecorner.lv\/","name":"Facecorner","description":"","publisher":{"@id":"https:\/\/www.facecorner.lv\/#organization"},"potentialAction":[{"@type":"SearchAction","target":{"@type":"EntryPoint","urlTemplate":"https:\/\/www.facecorner.lv\/?s={search_term_string}"},"query-input":{"@type":"PropertyValueSpecification","valueRequired":true,"valueName":"search_term_string"}}],"inLanguage":"ru-RU"},{"@type":"Organization","@id":"https:\/\/www.facecorner.lv\/#organization","name":"Facecorner","url":"https:\/\/www.facecorner.lv\/","logo":{"@type":"ImageObject","inLanguage":"ru-RU","@id":"https:\/\/www.facecorner.lv\/#\/schema\/logo\/image\/","url":"https:\/\/www.facecorner.lv\/wp-content\/uploads\/2024\/04\/fc-logo.jpg","contentUrl":"https:\/\/www.facecorner.lv\/wp-content\/uploads\/2024\/04\/fc-logo.jpg","width":174,"height":28,"caption":"Facecorner"},"image":{"@id":"https:\/\/www.facecorner.lv\/#\/schema\/logo\/image\/"},"sameAs":["https:\/\/www.facebook.com\/profile.php?id=100063824551839","https:\/\/www.instagram.com\/facecorner_shop\/"]}]},"product_price_amount":"23.00","product_price_currency":"EUR","og_availability":"out of stock","product_availability":"out of stock","product_condition":"new"},"_links":{"self":[{"href":"https:\/\/www.facecorner.lv\/ru\/wp-json\/wp\/v2\/product\/14432","targetHints":{"allow":["GET"]}}],"collection":[{"href":"https:\/\/www.facecorner.lv\/ru\/wp-json\/wp\/v2\/product"}],"about":[{"href":"https:\/\/www.facecorner.lv\/ru\/wp-json\/wp\/v2\/types\/product"}],"replies":[{"embeddable":true,"href":"https:\/\/www.facecorner.lv\/ru\/wp-json\/wp\/v2\/comments?post=14432"}],"wp:featuredmedia":[{"embeddable":true,"href":"https:\/\/www.facecorner.lv\/ru\/wp-json\/wp\/v2\/media\/14433"}],"wp:attachment":[{"href":"https:\/\/www.facecorner.lv\/ru\/wp-json\/wp\/v2\/media?parent=14432"}],"wp:term":[{"taxonomy":"product_brand","embeddable":true,"href":"https:\/\/www.facecorner.lv\/ru\/wp-json\/wp\/v2\/product_brand?post=14432"},{"taxonomy":"product_cat","embeddable":true,"href":"https:\/\/www.facecorner.lv\/ru\/wp-json\/wp\/v2\/product_cat?post=14432"},{"taxonomy":"product_tag","embeddable":true,"href":"https:\/\/www.facecorner.lv\/ru\/wp-json\/wp\/v2\/product_tag?post=14432"},{"taxonomy":"berocket_brand","embeddable":true,"href":"https:\/\/www.facecorner.lv\/ru\/wp-json\/wp\/v2\/berocket_brand?post=14432"}],"curies":[{"name":"wp","href":"https:\/\/api.w.org\/{rel}","templated":true}]}}