{"id":14063,"date":"2024-01-29T13:20:42","date_gmt":"2024-01-29T11:20:42","guid":{"rendered":"https:\/\/www.facecorner.lv\/?post_type=product&#038;p=14063"},"modified":"2025-01-24T13:01:20","modified_gmt":"2025-01-24T10:01:20","slug":"anua-peach-77-niacin-essence-toner-250ml","status":"publish","type":"product","link":"https:\/\/www.facecorner.lv\/ru\/shop\/anua-peach-77-niacin-essence-toner-250ml\/","title":{"rendered":"ANUA Peach 77% Niacin Essence Toner 250ml"},"content":{"rendered":"<p>\u0421\u043c\u044f\u0433\u0447\u0430\u044e\u0449\u0438\u0439 \u0442\u043e\u043d\u0435\u0440-\u044d\u0441\u0441\u0435\u043d\u0446\u0438\u044f \u0441 \u044d\u043a\u0441\u0442\u0440\u0430\u043a\u0442\u043e\u043c \u043f\u0435\u0440\u0441\u0438\u043a\u0430 \u0438 \u043d\u0438\u0430\u0446\u0438\u043d\u0430\u043c\u0438\u0434\u043e\u043c \u043e\u0431\u0435\u0441\u043f\u0435\u0447\u0438\u0432\u0430\u0435\u0442 \u0433\u043b\u0443\u0431\u043e\u043a\u043e\u0435 \u0443\u0432\u043b\u0430\u0436\u043d\u0435\u043d\u0438\u0435 \u0438 \u0440\u043e\u0432\u043d\u044b\u0439 \u0442\u043e\u043d, \u0430 \u0442\u0430\u043a\u0436\u0435 \u0437\u0434\u043e\u0440\u043e\u0432\u043e\u0435 \u0441\u0438\u044f\u043d\u0438\u0435 \u043a\u043e\u0436\u0438.<\/p>\n<ul>\n<li>\u0413\u043b\u0443\u0431\u043e\u043a\u043e \u0443\u0432\u043b\u0430\u0436\u043d\u044f\u0435\u0442 \u0438 \u0441\u043c\u044f\u0433\u0447\u0430\u0435\u0442 \u043a\u043e\u0436\u0443, \u0443\u0441\u0442\u0440\u0430\u043d\u044f\u044f \u0441\u0443\u0445\u043e\u0441\u0442\u044c \u0438 \u043e\u0431\u0435\u0437\u0432\u043e\u0436\u0435\u043d\u043d\u043e\u0441\u0442\u044c, \u043f\u0440\u0435\u043f\u044f\u0442\u0441\u0442\u0432\u0443\u0435\u0442 \u0448\u0435\u043b\u0443\u0448\u0435\u043d\u0438\u044f\u043c.<\/li>\n<li>\u0421\u043f\u043e\u0441\u043e\u0431\u0441\u0442\u0432\u0443\u0435\u0442 \u0432\u044b\u0440\u0430\u0432\u043d\u0438\u0432\u0430\u043d\u0438\u044e \u0442\u043e\u043d\u0430 \u043a\u043e\u0436\u0438, \u043e\u043a\u0430\u0437\u044b\u0432\u0430\u0435\u0442 \u043c\u043e\u0449\u043d\u043e\u0435 \u0430\u043d\u0442\u0438\u043e\u043a\u0441\u0438\u0434\u0430\u043d\u0442\u043d\u043e\u0435 \u0434\u0435\u0439\u0441\u0442\u0432\u0438\u0435 \u0438 \u0432\u043e\u0441\u0441\u0442\u0430\u043d\u0430\u0432\u043b\u0438\u0432\u0430\u0435\u0442 \u0437\u0434\u043e\u0440\u043e\u0432\u043e\u0435 \u0441\u0438\u044f\u043d\u0438\u0435 \u043a\u043e\u0436\u0438.<\/li>\n<li>\u0421\u043f\u043e\u0441\u043e\u0431\u0441\u0442\u0432\u0443\u0435\u0442 \u043f\u043e\u0434\u0434\u0435\u0440\u0436\u0430\u043d\u0438\u044e \u0433\u043b\u0430\u0434\u043a\u043e\u0441\u0442\u0438 \u043a\u043e\u0436\u0438, \u043f\u0440\u0435\u043f\u044f\u0442\u0441\u0442\u0432\u0443\u0435\u0442 \u043f\u043e\u0442\u0435\u0440\u0435 \u0443\u043f\u0440\u0443\u0433\u043e\u0441\u0442\u0438 \u0438 \u043f\u043e\u044f\u0432\u043b\u0435\u043d\u0438\u044e \u0432\u043e\u0437\u0440\u0430\u0441\u0442\u043d\u044b\u0445 \u0438\u0437\u043c\u0435\u043d\u0435\u043d\u0438\u0439.<\/li>\n<\/ul>\n<p><strong>\u041e\u0441\u043d\u043e\u0432\u043d\u044b\u0435 \u0434\u0435\u0439\u0441\u0442\u0432\u0443\u044e\u0449\u0438\u0435 \u0438\u043d\u0433\u0440\u0435\u0434\u0438\u0435\u043d\u0442\u044b:<\/strong><\/p>\n<ul>\n<li>\u042d\u043a\u0441\u0442\u0440\u0430\u043a\u0442 \u043f\u0435\u0440\u0441\u0438\u043a\u0430 \u043e\u043a\u0430\u0437\u044b\u0432\u0430\u0435\u0442 \u0430\u043a\u0442\u0438\u0432\u043d\u043e\u0435 \u0430\u043d\u0442\u0438\u043e\u043a\u0441\u0438\u0434\u0430\u043d\u0442\u043d\u043e\u0435 \u0434\u0435\u0439\u0441\u0442\u0432\u0438\u0435, \u043f\u043e\u043c\u043e\u0433\u0430\u0435\u0442 \u0432 \u043f\u043e\u0434\u0434\u0435\u0440\u0436\u0430\u043d\u0438\u0438 \u0433\u043b\u0430\u0434\u043a\u043e\u0441\u0442\u0438 \u0438 \u0443\u043f\u0440\u0443\u0433\u043e\u0441\u0442\u0438 \u043a\u043e\u0436\u0438, \u0430 \u0442\u0430\u043a\u0436\u0435 \u0441\u043f\u043e\u0441\u043e\u0431\u0441\u0442\u0432\u0443\u0435\u0442 \u0441\u043e\u0445\u0440\u0430\u043d\u0435\u043d\u0438\u044e \u0440\u043e\u0432\u043d\u043e\u0433\u043e \u0442\u043e\u043d\u0430.<\/li>\n<li>\u041d\u0438\u0430\u0446\u0438\u043d\u0430\u043c\u0438\u0434 \u0441\u043f\u043e\u0441\u043e\u0431\u0441\u0442\u0432\u0443\u0435\u0442 \u0432\u044b\u0440\u0430\u0432\u043d\u0438\u0432\u0430\u043d\u0438\u044e \u0442\u043e\u043d\u0430 \u043a\u043e\u0436\u0438, \u043e\u043a\u0430\u0437\u044b\u0432\u0430\u0435\u0442 \u0434\u0435\u043b\u0438\u043a\u0430\u0442\u043d\u043e\u0435 \u043e\u0441\u0432\u0435\u0442\u043b\u044f\u044e\u0449\u0435\u0435 \u0434\u0435\u0439\u0441\u0442\u0432\u0438\u0435 \u0438 \u043f\u0440\u0435\u0434\u043e\u0442\u0432\u0440\u0430\u0449\u0430\u0435\u0442 \u0433\u0438\u043f\u0435\u0440\u043f\u0438\u0433\u043c\u0435\u043d\u0442\u0430\u0446\u0438\u044e.<\/li>\n<li>\u0424\u0435\u0440\u043c\u0435\u043d\u0442 \u043b\u0430\u043a\u0442\u043e\u0431\u0430\u043a\u0442\u0435\u0440\u0438\u0439 \u0430\u043a\u0442\u0438\u0432\u043d\u043e \u043f\u0438\u0442\u0430\u0435\u0442 \u043a\u043e\u0436\u0443, \u0441\u043f\u043e\u0441\u043e\u0431\u0441\u0442\u0432\u0443\u0435\u0442 \u0432\u044b\u0440\u0430\u0432\u043d\u0438\u0432\u0430\u043d\u0438\u044e \u0442\u043e\u043d\u0430, \u0441\u043e\u0445\u0440\u0430\u043d\u0435\u043d\u0438\u044e \u0433\u043b\u0430\u0434\u043a\u043e\u0441\u0442\u0438 \u0438 \u043f\u0440\u0435\u043f\u044f\u0442\u0441\u0442\u0432\u0443\u0435\u0442 \u043e\u0431\u0435\u0437\u0432\u043e\u0436\u0438\u0432\u0430\u043d\u0438\u044e, \u0430 \u0442\u0430\u043a\u0436\u0435 \u043f\u043e\u0434\u0434\u0435\u0440\u0436\u0438\u0432\u0430\u0435\u0442 \u0437\u0434\u043e\u0440\u043e\u0432\u044b\u0439 \u043c\u0438\u043a\u0440\u043e\u0431\u0438\u043e\u043c \u043a\u043e\u0436\u0438, \u043f\u0440\u0435\u043f\u044f\u0442\u0441\u0442\u0432\u0443\u044f \u0440\u0430\u0437\u0432\u0438\u0442\u0438\u044e \u043f\u0430\u0442\u043e\u0433\u0435\u043d\u043d\u043e\u0439 \u0431\u0430\u043a\u0442\u0435\u0440\u0438\u0430\u043b\u044c\u043d\u043e\u0439 \u0441\u0440\u0435\u0434\u044b.<\/li>\n<li>\u0410\u0440\u0431\u0443\u0442\u0438\u043d \u043e\u043a\u0430\u0437\u044b\u0432\u0430\u0435\u0442 \u043c\u043e\u0449\u043d\u043e\u0435 \u043e\u0441\u0432\u0435\u0442\u043b\u044f\u044e\u0449\u0435\u0435 \u0434\u0435\u0439\u0441\u0442\u0432\u0438\u0435, \u0430\u043a\u0442\u0438\u0432\u043d\u043e \u0440\u0430\u0431\u043e\u0442\u0430\u044f \u0441 \u043f\u0438\u0433\u043c\u0435\u043d\u0442\u043d\u044b\u043c\u0438 \u043f\u044f\u0442\u043d\u0430\u043c\u0438 \u0438 \u043d\u0435\u0440\u043e\u0432\u043d\u043e\u0441\u0442\u044f\u043c\u0438 \u0442\u043e\u043d\u0430 \u043a\u043e\u0436\u0438.<\/li>\n<li>\u0413\u0438\u0430\u043b\u0443\u0440\u043e\u043d\u043e\u0432\u0430\u044f \u043a\u0438\u0441\u043b\u043e\u0442\u0430 \u0433\u043b\u0443\u0431\u043e\u043a\u043e \u0443\u0432\u043b\u0430\u0436\u043d\u044f\u0435\u0442 \u043a\u043e\u0436\u0443, \u0441\u043e\u0445\u0440\u0430\u043d\u044f\u044f \u0432\u043b\u0430\u0433\u0443 \u0432\u043d\u0443\u0442\u0440\u0438, \u043f\u0440\u0435\u043f\u044f\u0442\u0441\u0442\u0432\u0443\u0435\u0442 \u043e\u0431\u0435\u0437\u0432\u043e\u0436\u0438\u0432\u0430\u043d\u0438\u044e \u0438 \u0441\u0443\u0445\u043e\u0441\u0442\u0438, \u0430 \u0442\u0430\u043a\u0436\u0435 \u0441\u043f\u043e\u0441\u043e\u0431\u0441\u0442\u0432\u0443\u0435\u0442 \u0441\u043e\u0445\u0440\u0430\u043d\u0435\u043d\u0438\u044e \u0433\u043b\u0430\u0434\u043a\u043e\u0441\u0442\u0438 \u0438 \u0443\u043f\u0440\u0443\u0433\u043e\u0441\u0442\u0438 \u043a\u043e\u0436\u0438.<\/li>\n<\/ul>\n<p><strong>\u0421\u043f\u043e\u0441\u043e\u0431 \u043f\u0440\u0438\u043c\u0435\u043d\u0435\u043d\u0438\u044f:<\/strong> \u0412 \u043a\u0430\u0447\u0435\u0441\u0442\u0432\u0435 \u043f\u0435\u0440\u0432\u043e\u0433\u043e \u044d\u0442\u0430\u043f\u0430 \u0443\u0445\u043e\u0434\u0430 \u043d\u0430\u043d\u0435\u0441\u0442\u0438 \u043d\u0435\u043e\u0431\u0445\u043e\u0434\u0438\u043c\u043e\u0435 \u043a\u043e\u043b\u0438\u0447\u0435\u0441\u0442\u0432\u043e \u0441\u0440\u0435\u0434\u0441\u0442\u0432\u0430 \u043d\u0430 \u043e\u0447\u0438\u0449\u0435\u043d\u043d\u0443\u044e \u043a\u043e\u0436\u0443 \u043b\u0438\u0446\u0430 \u0441 \u043f\u043e\u043c\u043e\u0449\u044c\u044e \u0445\u043b\u043e\u043f\u043a\u043e\u0432\u043e\u0433\u043e \u0434\u0438\u0441\u043a\u0430 \u0438\u043b\u0438 \u043b\u0430\u0434\u043e\u043d\u0435\u0439, \u0440\u0430\u0441\u043f\u0440\u0435\u0434\u0435\u043b\u0438\u0442\u044c \u0434\u043e \u043f\u043e\u043b\u043d\u043e\u0433\u043e \u0432\u043f\u0438\u0442\u044b\u0432\u0430\u043d\u0438\u044f, \u0437\u0430\u0442\u0435\u043c \u043f\u0435\u0440\u0435\u0439\u0442\u0438 \u043a \u043e\u0441\u0442\u0430\u043b\u044c\u043d\u044b\u043c \u044d\u0442\u0430\u043f\u0430\u043c \u0443\u0445\u043e\u0434\u0430.<\/p>\n<p><strong>\u0421\u043e\u0441\u0442\u0430\u0432\u00a0<\/strong>Prunus Persica (Peach) Fruit Extract (77%), 2,3-Butanediol, Water, Glycerin, Dipropylene Glycol, Niacinamide, Butylene Glycol, 1,2-Hexanediol, Lactobacillus Ferment, Methylpropanediol, Streptococcus Thermophilus Ferment, Pyrus Malus (Apple) Juice, Bifida Ferment Lysate, Bacillus Ferment, Phellinus Linteus Extract, Xylose, Galactomyces Ferment Filtrate, Alpha-Arbutin, Prunus Persica (Peach) Flower Extract, Sodium Hyaluronate, Hydrolyzed Vegetable Protein, Polyglyceryl-10 Laurate, Propanediol, Squalane, Acrylates\/C10-30 Alkyl Acrylate Crosspolymer, Caprylic\/Capric Triglyceride, Diphenyl Dimethicone, Triethylhexanoin, Ethylhexylglycerin, Polyglyceryl-10 Stearate, Adenosine, Hydrogenated Lecithin, Dipotassium Glycyrrhizate, Tromethamine, Sodium Polyacrylate, Panthenol, Sodium Hyaluronate Crosspolymer, Ceramide NP, Allantoin, Cyanocobalamin, Polyglutamic Acid, Sodium Stearoyl Glutamate, Tocopherol, Ascorbyl Glucoside, Betaine Salicylate, Ascorbic Acid, Maltodextrin, Glycine, Serine, Glutamic Acid, Aspartic Acid, Leucine, Alanine, Lysine, Arginine, Tyrosine, Phenylalanine, Proline, Threonine, Valine, Isoleucine, Histidine, Cysteine, Methionine, Xanthan Gum, Fragrance<\/p>","protected":false},"excerpt":{"rendered":"<p>Nomierino\u0161a toniz\u0113jo\u0161\u0101 esence ar persiku ekstraktu un niacinam\u012bdu nodro\u0161ina dzi\u013cu mitrin\u0101\u0161anu un vienm\u0113r\u012bgu \u0101das toni, k\u0101 ar\u012b vesel\u012bgu mirdzumu. Dzi\u013ci mitrina un m\u012bkstina \u0101du, nov\u0113r\u0161 sausumu un dehidrat\u0101ciju, nov\u0113r\u0161 lob\u012b\u0161anos. Pal\u012bdz izl\u012bdzin\u0101t \u0101das toni, iedarbojas sp\u0113c\u012bgi antioksidanti un atjauno vesel\u012bgu \u0101das mirdzumu. Pal\u012bdz saglab\u0101t \u0101das gludumu, nov\u0113r\u0161 elast\u012bbas zudumu un ar vecumu saist\u012bt\u0101s izmai\u0146as. Galven\u0101s [&hellip;]<\/p>\n","protected":false},"featured_media":14064,"comment_status":"open","ping_status":"closed","template":"","meta":{"site-sidebar-layout":"default","site-content-layout":"","ast-site-content-layout":"","site-content-style":"default","site-sidebar-style":"default","ast-global-header-display":"","ast-banner-title-visibility":"","ast-main-header-display":"","ast-hfb-above-header-display":"","ast-hfb-below-header-display":"","ast-hfb-mobile-header-display":"","site-post-title":"","ast-breadcrumbs-content":"","ast-featured-img":"","footer-sml-layout":"","theme-transparent-header-meta":"","adv-header-id-meta":"","stick-header-meta":"","header-above-stick-meta":"","header-main-stick-meta":"","header-below-stick-meta":"","astra-migrate-meta-layouts":"default","ast-page-background-enabled":"default","ast-page-background-meta":{"desktop":{"background-color":"var(--ast-global-color-4)","background-image":"","background-repeat":"repeat","background-position":"center center","background-size":"auto","background-attachment":"scroll","background-type":"","background-media":"","overlay-type":"","overlay-color":"","overlay-opacity":"","overlay-gradient":""},"tablet":{"background-color":"","background-image":"","background-repeat":"repeat","background-position":"center center","background-size":"auto","background-attachment":"scroll","background-type":"","background-media":"","overlay-type":"","overlay-color":"","overlay-opacity":"","overlay-gradient":""},"mobile":{"background-color":"","background-image":"","background-repeat":"repeat","background-position":"center center","background-size":"auto","background-attachment":"scroll","background-type":"","background-media":"","overlay-type":"","overlay-color":"","overlay-opacity":"","overlay-gradient":""}},"ast-content-background-meta":{"desktop":{"background-color":"var(--ast-global-color-5)","background-image":"","background-repeat":"repeat","background-position":"center center","background-size":"auto","background-attachment":"scroll","background-type":"","background-media":"","overlay-type":"","overlay-color":"","overlay-opacity":"","overlay-gradient":""},"tablet":{"background-color":"var(--ast-global-color-5)","background-image":"","background-repeat":"repeat","background-position":"center center","background-size":"auto","background-attachment":"scroll","background-type":"","background-media":"","overlay-type":"","overlay-color":"","overlay-opacity":"","overlay-gradient":""},"mobile":{"background-color":"var(--ast-global-color-5)","background-image":"","background-repeat":"repeat","background-position":"center center","background-size":"auto","background-attachment":"scroll","background-type":"","background-media":"","overlay-type":"","overlay-color":"","overlay-opacity":"","overlay-gradient":""}}},"product_brand":[],"product_cat":[375,378,364,376],"product_tag":[],"berocket_brand":[575],"class_list":{"0":"post-14063","1":"product","2":"type-product","3":"status-publish","4":"has-post-thumbnail","6":"product_cat-jutigai-adai-toneri","7":"product_cat-sausai-adai-toneri","8":"product_cat-toneri","9":"product_cat-kombinetai-adai-toneri","10":"berocket_brand-anua","11":"desktop-align-left","12":"tablet-align-left","13":"mobile-align-left","15":"first","16":"outofstock","17":"taxable","18":"shipping-taxable","19":"purchasable","20":"product-type-simple","21":"add-to-wishlist-before_image"},"yoast_head":"<!-- This site is optimized with the Yoast SEO plugin v27.3 - https:\/\/yoast.com\/product\/yoast-seo-wordpress\/ -->\n<title>ANUA Peach 77% Niacin Essence Toner 250ml - FACECORNER<\/title>\n<meta name=\"robots\" content=\"index, follow, max-snippet:-1, max-image-preview:large, max-video-preview:-1\" \/>\n<link rel=\"canonical\" href=\"https:\/\/www.facecorner.lv\/ru\/shop\/anua-peach-77-niacin-essence-toner-250ml\/\" \/>\n<meta property=\"og:locale\" content=\"ru_RU\" \/>\n<meta property=\"og:type\" content=\"article\" \/>\n<meta property=\"og:title\" content=\"ANUA Peach 77% Niacin Essence Toner 250ml - FACECORNER\" \/>\n<meta property=\"og:description\" content=\"Nomierino\u0161a toniz\u0113jo\u0161\u0101 esence ar persiku ekstraktu un niacinam\u012bdu nodro\u0161ina dzi\u013cu mitrin\u0101\u0161anu un vienm\u0113r\u012bgu \u0101das toni, k\u0101 ar\u012b vesel\u012bgu mirdzumu. Dzi\u013ci mitrina un m\u012bkstina \u0101du, nov\u0113r\u0161 sausumu un dehidrat\u0101ciju, nov\u0113r\u0161 lob\u012b\u0161anos. Pal\u012bdz izl\u012bdzin\u0101t \u0101das toni, iedarbojas sp\u0113c\u012bgi antioksidanti un atjauno vesel\u012bgu \u0101das mirdzumu. Pal\u012bdz saglab\u0101t \u0101das gludumu, nov\u0113r\u0161 elast\u012bbas zudumu un ar vecumu saist\u012bt\u0101s izmai\u0146as. Galven\u0101s [&hellip;]\" \/>\n<meta property=\"og:url\" content=\"https:\/\/www.facecorner.lv\/ru\/shop\/anua-peach-77-niacin-essence-toner-250ml\/\" \/>\n<meta property=\"og:site_name\" content=\"FACECORNER\" \/>\n<meta property=\"article:publisher\" content=\"https:\/\/www.facebook.com\/profile.php?id=100063824551839\" \/>\n<meta property=\"article:modified_time\" content=\"2025-01-24T10:01:20+00:00\" \/>\n<meta property=\"og:image\" content=\"https:\/\/www.facecorner.lv\/wp-content\/uploads\/2024\/01\/2fd006b328984453b2db565f820689d46b2ead2a_original.jpeg\" \/>\n\t<meta property=\"og:image:width\" content=\"780\" \/>\n\t<meta property=\"og:image:height\" content=\"780\" \/>\n\t<meta property=\"og:image:type\" content=\"image\/jpeg\" \/>\n<meta name=\"twitter:card\" content=\"summary_large_image\" \/>\n<meta name=\"twitter:label1\" content=\"\u0426\u0435\u043d\u0430\" \/>\n\t<meta name=\"twitter:data1\" content=\"&euro;26.00\" \/>\n\t<meta name=\"twitter:label2\" content=\"\u0414\u043e\u0441\u0442\u0443\u043f\u043d\u043e\u0441\u0442\u044c\" \/>\n\t<meta name=\"twitter:data2\" content=\"\u0420\u0430\u0441\u043f\u0440\u043e\u0434\u0430\u043d\u043e\" \/>\n<script type=\"application\/ld+json\" class=\"yoast-schema-graph\">{\"@context\":\"https:\\\/\\\/schema.org\",\"@graph\":[{\"@type\":\"WebPage\",\"@id\":\"https:\\\/\\\/www.facecorner.lv\\\/shop\\\/anua-peach-77-niacin-essence-toner-250ml\\\/\",\"url\":\"https:\\\/\\\/www.facecorner.lv\\\/shop\\\/anua-peach-77-niacin-essence-toner-250ml\\\/\",\"name\":\"ANUA Peach 77% Niacin Essence Toner 250ml - FACECORNER\",\"isPartOf\":{\"@id\":\"https:\\\/\\\/www.facecorner.lv\\\/#website\"},\"primaryImageOfPage\":{\"@id\":\"https:\\\/\\\/www.facecorner.lv\\\/shop\\\/anua-peach-77-niacin-essence-toner-250ml\\\/#primaryimage\"},\"image\":{\"@id\":\"https:\\\/\\\/www.facecorner.lv\\\/shop\\\/anua-peach-77-niacin-essence-toner-250ml\\\/#primaryimage\"},\"thumbnailUrl\":\"https:\\\/\\\/www.facecorner.lv\\\/wp-content\\\/uploads\\\/2024\\\/01\\\/2fd006b328984453b2db565f820689d46b2ead2a_original.jpeg\",\"datePublished\":\"2024-01-29T11:20:42+00:00\",\"dateModified\":\"2025-01-24T10:01:20+00:00\",\"breadcrumb\":{\"@id\":\"https:\\\/\\\/www.facecorner.lv\\\/shop\\\/anua-peach-77-niacin-essence-toner-250ml\\\/#breadcrumb\"},\"inLanguage\":\"ru-RU\",\"potentialAction\":[{\"@type\":\"ReadAction\",\"target\":[\"https:\\\/\\\/www.facecorner.lv\\\/shop\\\/anua-peach-77-niacin-essence-toner-250ml\\\/\"]}]},{\"@type\":\"ImageObject\",\"inLanguage\":\"ru-RU\",\"@id\":\"https:\\\/\\\/www.facecorner.lv\\\/shop\\\/anua-peach-77-niacin-essence-toner-250ml\\\/#primaryimage\",\"url\":\"https:\\\/\\\/www.facecorner.lv\\\/wp-content\\\/uploads\\\/2024\\\/01\\\/2fd006b328984453b2db565f820689d46b2ead2a_original.jpeg\",\"contentUrl\":\"https:\\\/\\\/www.facecorner.lv\\\/wp-content\\\/uploads\\\/2024\\\/01\\\/2fd006b328984453b2db565f820689d46b2ead2a_original.jpeg\",\"width\":780,\"height\":780},{\"@type\":\"BreadcrumbList\",\"@id\":\"https:\\\/\\\/www.facecorner.lv\\\/shop\\\/anua-peach-77-niacin-essence-toner-250ml\\\/#breadcrumb\",\"itemListElement\":[{\"@type\":\"ListItem\",\"position\":1,\"name\":\"Home\",\"item\":\"https:\\\/\\\/www.facecorner.lv\\\/\"},{\"@type\":\"ListItem\",\"position\":2,\"name\":\"Veikals\",\"item\":\"https:\\\/\\\/www.facecorner.lv\\\/shop\\\/\"},{\"@type\":\"ListItem\",\"position\":3,\"name\":\"ANUA Peach 77% Niacin Essence Toner 250ml\"}]},{\"@type\":\"WebSite\",\"@id\":\"https:\\\/\\\/www.facecorner.lv\\\/#website\",\"url\":\"https:\\\/\\\/www.facecorner.lv\\\/\",\"name\":\"Facecorner\",\"description\":\"\",\"publisher\":{\"@id\":\"https:\\\/\\\/www.facecorner.lv\\\/#organization\"},\"potentialAction\":[{\"@type\":\"SearchAction\",\"target\":{\"@type\":\"EntryPoint\",\"urlTemplate\":\"https:\\\/\\\/www.facecorner.lv\\\/?s={search_term_string}\"},\"query-input\":{\"@type\":\"PropertyValueSpecification\",\"valueRequired\":true,\"valueName\":\"search_term_string\"}}],\"inLanguage\":\"ru-RU\"},{\"@type\":\"Organization\",\"@id\":\"https:\\\/\\\/www.facecorner.lv\\\/#organization\",\"name\":\"Facecorner\",\"url\":\"https:\\\/\\\/www.facecorner.lv\\\/\",\"logo\":{\"@type\":\"ImageObject\",\"inLanguage\":\"ru-RU\",\"@id\":\"https:\\\/\\\/www.facecorner.lv\\\/#\\\/schema\\\/logo\\\/image\\\/\",\"url\":\"https:\\\/\\\/www.facecorner.lv\\\/wp-content\\\/uploads\\\/2024\\\/04\\\/fc-logo.jpg\",\"contentUrl\":\"https:\\\/\\\/www.facecorner.lv\\\/wp-content\\\/uploads\\\/2024\\\/04\\\/fc-logo.jpg\",\"width\":174,\"height\":28,\"caption\":\"Facecorner\"},\"image\":{\"@id\":\"https:\\\/\\\/www.facecorner.lv\\\/#\\\/schema\\\/logo\\\/image\\\/\"},\"sameAs\":[\"https:\\\/\\\/www.facebook.com\\\/profile.php?id=100063824551839\",\"https:\\\/\\\/www.instagram.com\\\/facecorner_shop\\\/\"]}]}<\/script>\n<meta property=\"product:price:amount\" content=\"26.00\" \/>\n<meta property=\"product:price:currency\" content=\"EUR\" \/>\n<meta property=\"og:availability\" content=\"out of stock\" \/>\n<meta property=\"product:availability\" content=\"out of stock\" \/>\n<meta property=\"product:condition\" content=\"new\" \/>\n<!-- \/ Yoast SEO plugin. -->","yoast_head_json":{"title":"ANUA Peach 77% Niacin Essence Toner 250ml - FACECORNER","robots":{"index":"index","follow":"follow","max-snippet":"max-snippet:-1","max-image-preview":"max-image-preview:large","max-video-preview":"max-video-preview:-1"},"canonical":"https:\/\/www.facecorner.lv\/ru\/shop\/anua-peach-77-niacin-essence-toner-250ml\/","og_locale":"ru_RU","og_type":"article","og_title":"ANUA Peach 77% Niacin Essence Toner 250ml - FACECORNER","og_description":"Nomierino\u0161a toniz\u0113jo\u0161\u0101 esence ar persiku ekstraktu un niacinam\u012bdu nodro\u0161ina dzi\u013cu mitrin\u0101\u0161anu un vienm\u0113r\u012bgu \u0101das toni, k\u0101 ar\u012b vesel\u012bgu mirdzumu. Dzi\u013ci mitrina un m\u012bkstina \u0101du, nov\u0113r\u0161 sausumu un dehidrat\u0101ciju, nov\u0113r\u0161 lob\u012b\u0161anos. Pal\u012bdz izl\u012bdzin\u0101t \u0101das toni, iedarbojas sp\u0113c\u012bgi antioksidanti un atjauno vesel\u012bgu \u0101das mirdzumu. Pal\u012bdz saglab\u0101t \u0101das gludumu, nov\u0113r\u0161 elast\u012bbas zudumu un ar vecumu saist\u012bt\u0101s izmai\u0146as. Galven\u0101s [&hellip;]","og_url":"https:\/\/www.facecorner.lv\/ru\/shop\/anua-peach-77-niacin-essence-toner-250ml\/","og_site_name":"FACECORNER","article_publisher":"https:\/\/www.facebook.com\/profile.php?id=100063824551839","article_modified_time":"2025-01-24T10:01:20+00:00","og_image":[{"width":780,"height":780,"url":"https:\/\/www.facecorner.lv\/wp-content\/uploads\/2024\/01\/2fd006b328984453b2db565f820689d46b2ead2a_original.jpeg","type":"image\/jpeg"}],"twitter_card":"summary_large_image","twitter_misc":{"\u0426\u0435\u043d\u0430":"&euro;26.00","\u0414\u043e\u0441\u0442\u0443\u043f\u043d\u043e\u0441\u0442\u044c":"\u0420\u0430\u0441\u043f\u0440\u043e\u0434\u0430\u043d\u043e"},"schema":{"@context":"https:\/\/schema.org","@graph":[{"@type":"WebPage","@id":"https:\/\/www.facecorner.lv\/shop\/anua-peach-77-niacin-essence-toner-250ml\/","url":"https:\/\/www.facecorner.lv\/shop\/anua-peach-77-niacin-essence-toner-250ml\/","name":"ANUA Peach 77% Niacin Essence Toner 250ml - FACECORNER","isPartOf":{"@id":"https:\/\/www.facecorner.lv\/#website"},"primaryImageOfPage":{"@id":"https:\/\/www.facecorner.lv\/shop\/anua-peach-77-niacin-essence-toner-250ml\/#primaryimage"},"image":{"@id":"https:\/\/www.facecorner.lv\/shop\/anua-peach-77-niacin-essence-toner-250ml\/#primaryimage"},"thumbnailUrl":"https:\/\/www.facecorner.lv\/wp-content\/uploads\/2024\/01\/2fd006b328984453b2db565f820689d46b2ead2a_original.jpeg","datePublished":"2024-01-29T11:20:42+00:00","dateModified":"2025-01-24T10:01:20+00:00","breadcrumb":{"@id":"https:\/\/www.facecorner.lv\/shop\/anua-peach-77-niacin-essence-toner-250ml\/#breadcrumb"},"inLanguage":"ru-RU","potentialAction":[{"@type":"ReadAction","target":["https:\/\/www.facecorner.lv\/shop\/anua-peach-77-niacin-essence-toner-250ml\/"]}]},{"@type":"ImageObject","inLanguage":"ru-RU","@id":"https:\/\/www.facecorner.lv\/shop\/anua-peach-77-niacin-essence-toner-250ml\/#primaryimage","url":"https:\/\/www.facecorner.lv\/wp-content\/uploads\/2024\/01\/2fd006b328984453b2db565f820689d46b2ead2a_original.jpeg","contentUrl":"https:\/\/www.facecorner.lv\/wp-content\/uploads\/2024\/01\/2fd006b328984453b2db565f820689d46b2ead2a_original.jpeg","width":780,"height":780},{"@type":"BreadcrumbList","@id":"https:\/\/www.facecorner.lv\/shop\/anua-peach-77-niacin-essence-toner-250ml\/#breadcrumb","itemListElement":[{"@type":"ListItem","position":1,"name":"Home","item":"https:\/\/www.facecorner.lv\/"},{"@type":"ListItem","position":2,"name":"Veikals","item":"https:\/\/www.facecorner.lv\/shop\/"},{"@type":"ListItem","position":3,"name":"ANUA Peach 77% Niacin Essence Toner 250ml"}]},{"@type":"WebSite","@id":"https:\/\/www.facecorner.lv\/#website","url":"https:\/\/www.facecorner.lv\/","name":"Facecorner","description":"","publisher":{"@id":"https:\/\/www.facecorner.lv\/#organization"},"potentialAction":[{"@type":"SearchAction","target":{"@type":"EntryPoint","urlTemplate":"https:\/\/www.facecorner.lv\/?s={search_term_string}"},"query-input":{"@type":"PropertyValueSpecification","valueRequired":true,"valueName":"search_term_string"}}],"inLanguage":"ru-RU"},{"@type":"Organization","@id":"https:\/\/www.facecorner.lv\/#organization","name":"Facecorner","url":"https:\/\/www.facecorner.lv\/","logo":{"@type":"ImageObject","inLanguage":"ru-RU","@id":"https:\/\/www.facecorner.lv\/#\/schema\/logo\/image\/","url":"https:\/\/www.facecorner.lv\/wp-content\/uploads\/2024\/04\/fc-logo.jpg","contentUrl":"https:\/\/www.facecorner.lv\/wp-content\/uploads\/2024\/04\/fc-logo.jpg","width":174,"height":28,"caption":"Facecorner"},"image":{"@id":"https:\/\/www.facecorner.lv\/#\/schema\/logo\/image\/"},"sameAs":["https:\/\/www.facebook.com\/profile.php?id=100063824551839","https:\/\/www.instagram.com\/facecorner_shop\/"]}]},"product_price_amount":"26.00","product_price_currency":"EUR","og_availability":"out of stock","product_availability":"out of stock","product_condition":"new"},"_links":{"self":[{"href":"https:\/\/www.facecorner.lv\/ru\/wp-json\/wp\/v2\/product\/14063","targetHints":{"allow":["GET"]}}],"collection":[{"href":"https:\/\/www.facecorner.lv\/ru\/wp-json\/wp\/v2\/product"}],"about":[{"href":"https:\/\/www.facecorner.lv\/ru\/wp-json\/wp\/v2\/types\/product"}],"replies":[{"embeddable":true,"href":"https:\/\/www.facecorner.lv\/ru\/wp-json\/wp\/v2\/comments?post=14063"}],"wp:featuredmedia":[{"embeddable":true,"href":"https:\/\/www.facecorner.lv\/ru\/wp-json\/wp\/v2\/media\/14064"}],"wp:attachment":[{"href":"https:\/\/www.facecorner.lv\/ru\/wp-json\/wp\/v2\/media?parent=14063"}],"wp:term":[{"taxonomy":"product_brand","embeddable":true,"href":"https:\/\/www.facecorner.lv\/ru\/wp-json\/wp\/v2\/product_brand?post=14063"},{"taxonomy":"product_cat","embeddable":true,"href":"https:\/\/www.facecorner.lv\/ru\/wp-json\/wp\/v2\/product_cat?post=14063"},{"taxonomy":"product_tag","embeddable":true,"href":"https:\/\/www.facecorner.lv\/ru\/wp-json\/wp\/v2\/product_tag?post=14063"},{"taxonomy":"berocket_brand","embeddable":true,"href":"https:\/\/www.facecorner.lv\/ru\/wp-json\/wp\/v2\/berocket_brand?post=14063"}],"curies":[{"name":"wp","href":"https:\/\/api.w.org\/{rel}","templated":true}]}}