{"id":14047,"date":"2024-01-27T14:59:47","date_gmt":"2024-01-27T12:59:47","guid":{"rendered":"https:\/\/www.facecorner.lv\/?post_type=product&#038;p=14047"},"modified":"2024-05-07T11:25:11","modified_gmt":"2024-05-07T09:25:11","slug":"hanskin-pore-cleansing-balm-pha-80ml","status":"publish","type":"product","link":"https:\/\/www.facecorner.lv\/ru\/shop\/hanskin-pore-cleansing-balm-pha-80ml\/","title":{"rendered":"HANSKIN PORE CLEANSING BALM PHA  80ml"},"content":{"rendered":"<p>\u0413\u043b\u0443\u0431\u043e\u043a\u043e \u043e\u0447\u0438\u0449\u0430\u044e\u0449\u0438\u0439 \u0431\u0430\u043b\u044c\u0437\u0430\u043c \u0441\u043e\u0434\u0435\u0440\u0436\u0438\u0442 \u0447\u0440\u0435\u0437\u0432\u044b\u0447\u0430\u0439\u043d\u043e \u043d\u0435\u0436\u043d\u044b\u0435 \u043e\u0442\u0448\u0435\u043b\u0443\u0448\u0438\u0432\u0430\u044e\u0449\u0438\u0435 \u043f\u043e\u043b\u0438\u0433\u0438\u0434\u0440\u043e\u043a\u0441\u0438\u043a\u0438\u0441\u043b\u043e\u0442\u044b (PHA), \u0438\u0434\u0435\u0430\u043b\u044c\u043d\u043e \u043f\u043e\u0434\u0445\u043e\u0434\u044f\u0449\u0438\u0435 \u0434\u043b\u044f \u0447\u0443\u0432\u0441\u0442\u0432\u0438\u0442\u0435\u043b\u044c\u043d\u043e\u0439 \u0438 \u0440\u0435\u0430\u043a\u0442\u0438\u0432\u043d\u043e\u0439 \u043a\u043e\u0436\u0438. \u041e\u043d \u0442\u0449\u0430\u0442\u0435\u043b\u044c\u043d\u043e \u0443\u0434\u0430\u043b\u044f\u0435\u0442 \u0442\u044f\u0436\u0435\u043b\u044b\u0439 \u043c\u0430\u043a\u0438\u044f\u0436, \u0443\u0434\u0430\u043b\u044f\u0435\u0442 \u043a\u043e\u0436\u043d\u044b\u0439 \u0436\u0438\u0440 \u0438\u0437 \u043f\u043e\u0440 \u0438 \u043e\u043c\u0435\u0440\u0442\u0432\u0435\u0432\u0448\u0443\u044e \u043a\u043e\u0436\u0443. \u0421\u043c\u0435\u0441\u044c \u043f\u0438\u0442\u0430\u0442\u0435\u043b\u044c\u043d\u044b\u0445 \u043c\u0430\u0441\u0435\u043b \u0441\u043c\u044f\u0433\u0447\u0430\u0435\u0442 \u043a\u043e\u0436\u0443, \u043e\u0431\u0435\u0441\u043f\u0435\u0447\u0438\u0432\u0430\u044f \u043a\u043e\u043c\u0444\u043e\u0440\u0442 \u0438 \u0441\u043e\u0445\u0440\u0430\u043d\u044f\u044f \u0433\u0438\u0434\u0440\u043e\u043b\u0438\u043f\u0438\u0434\u043d\u044b\u0439 \u0431\u0430\u043b\u0430\u043d\u0441. \u0411\u0430\u043b\u044c\u0437\u0430\u043c \u0442\u0432\u0435\u0440\u0434\u044b\u0439 \u0438 \u0441\u0440\u0430\u0437\u0443 \u0442\u0430\u0435\u0442 \u043f\u0440\u0438 \u043a\u043e\u043d\u0442\u0430\u043a\u0442\u0435 \u0441 \u0442\u0435\u043f\u043b\u043e\u043c \u043a\u043e\u0436\u0438.<br \/>\n\u0421\u0440\u0435\u0434\u0441\u0442\u0432\u043e \u043f\u0440\u0435\u0434\u043d\u0435\u0437\u043d\u0430\u0447\u0435\u043d\u043e \u0434\u043b\u044f \u043e\u0447\u0435\u043d\u044c \u0447\u0443\u0432\u0441\u0442\u0432\u0438\u0442\u0435\u043b\u044c\u043d\u043e\u0439 \u043a\u043e\u0436\u0438, \u0441\u043a\u043b\u043e<br \/>\nPHA ( \u043f\u043e\u043b\u0438\u0433\u0438\u0434\u0440\u043e\u0441\u043a\u0438 \u043a\u0438\u0441\u043b\u043e\u0442\u044b) \u2013 \u044d\u0442\u043e \u043f\u043e\u0434\u0432\u0438\u0434 AHA-\u043a\u0438\u0441\u043b\u043e\u0442, \u0442\u043e\u043b\u044c\u043a\u043e \u0431\u0435\u0437 \u0440\u0430\u0437\u0434\u0440\u0430\u0436\u0430\u044e\u0449\u0435\u0433\u043e \u0434\u0435\u0439\u0441\u0442\u0432\u0438\u044f \u043d\u0430 \u043a\u043e\u0436\u0443 \u0437\u0430 \u0441\u0447\u0451\u0442 \u043e\u043f\u0440\u0435\u0434\u0435\u043b\u0451\u043d\u043d\u043e\u0433\u043e \u0432\u0435\u0441\u0430 \u043c\u043e\u043b\u0435\u043a\u0443\u043b \u0434\u0430\u0436\u0435 \u0432 \u0432\u044b\u0441\u043e\u043a\u0438\u0445 \u043a\u043e\u043d\u0446\u0435\u043d\u0442\u0440\u0430\u0446\u0438\u044f\u0445. \u0421\u0440\u0435\u0434\u0441\u0442\u0432\u0430 \u043d\u0430 \u043e\u0441\u043d\u043e\u0432\u0435 PHA-\u043a\u0438\u0441\u043b\u043e\u0442\u044b \u043f\u043e\u0434\u0445\u043e\u0434\u044f\u0442 \u0438 \u0434\u0430\u0436\u0435 \u043d\u0435\u043e\u0431\u0445\u043e\u0434\u0438\u043c\u044b \u0434\u043b\u044f \u043e\u0447\u0435\u043d\u044c \u0447\u0443\u0432\u0441\u0442\u0432\u0438\u0442\u0435\u043b\u044c\u043d\u043e\u0439, \u0430\u043b\u043b\u0435\u0440\u0433\u0438\u0447\u043d\u043e\u0439 \u043a\u043e\u0436\u0438, \u043a\u043e\u0436\u0438 \u0441 \u0440\u043e\u0437\u0430\u0446\u0435\u0430, \u0434\u0435\u0440\u043c\u0430\u0442\u0438\u0442\u0430\u043c\u0438, \u043a\u0443\u043f\u0435\u0440\u043e\u0437\u043e\u043c.<\/p>\n<p><strong>\u0421\u043f\u043e\u0441\u043e\u0431 \u043f\u0440\u0438\u043c\u0435\u043d\u0435\u043d\u0438\u044f:<\/strong><br \/>\n\u043d\u0430\u043d\u0435\u0441\u0442\u0438 \u043d\u0435\u043e\u0431\u0445\u043e\u0434\u0438\u043c\u043e\u0435 \u043a\u043e\u043b\u0438\u0447\u0435\u0441\u0442\u0432\u043e \u043d\u0430 \u0441\u0443\u0445\u043e\u0435 \u043b\u0438\u0446\u043e \u0441\u0443\u0445\u0438\u043c\u0438 \u0440\u0443\u043a\u0430\u043c\u0438, \u043c\u0430\u0441\u0441\u0438\u0440\u0443\u044f, \u0440\u0430\u0441\u0442\u0432\u043e\u0440\u0438\u0442\u044c \u043c\u0430\u043a\u0438\u044f\u0436 \u043f\u0440\u0438 \u0435\u0433\u043e \u043d\u0430\u043b\u0438\u0447\u0438\u0438. \u0414\u043e\u0431\u0430\u0432\u0438\u0442\u044c \u0432\u043e\u0434\u044b \u0438 \u0441\u043c\u044b\u0442\u044c, \u0434\u0430\u043b\u0435\u0435 \u2013 \u043f\u0435\u0440\u0435\u0439\u0442\u0438 \u043a\u043e \u0432\u0442\u043e\u0440\u043e\u043c\u0443 \u044d\u0442\u0430\u043f\u0443 \u043e\u0447\u0438\u0449\u0435\u043d\u0438\u044f, \u0438\u0441\u043f\u043e\u043b\u044c\u0437\u0443\u044f \u0433\u0435\u043b\u044c \u0438\u043b\u0438 \u043f\u0435\u043d\u043a\u0443.<\/p>\n<p><strong>\u0421\u043e\u0441\u0442\u0430\u0432\u00a0<\/strong>PHA, Helianthus Annuus (Sunflower) Seed Oil, Oenothera Biennis (Evening Primrose) Oil, Olea Europaea (Olive) Fruit Oil, Camellia Japonica Seed Oil, Prunus Armeniaca (Apricot) Kernel Oil, Simmondsia Chinensis (Jojoba) Seed Oil Ethylhexyl Palmitate, Cetyl Ethylhexanoate, Sorbeth-30 Tetraoleate, Polyethylene, Helianthus Annuus (Sunflower) Seed Oil, C13-15 Alkane, Trihydroxystearin, Citrus Aurantium Dulcis (Orange) Peel Oil, Lavandula Angustifolia (Lavender) Oil, Tocopherol, Citrus Aurantium Bergamia (Bergamot) Fruit Oil, Camellia Japonica Seed Oil, Oenothera Biennis (Evening Primrose) Oil, Olea Europaea (Olive) Fruit Oil, Prunus Armeniaca (Apricot) Kernel Oil, Simmondsia Chinensis (Jojoba) Seed Oil, Gluconolactone(100ppb)<\/p>","protected":false},"excerpt":{"rendered":"<p>Maigs balzams dzi\u013ci att\u012bra un likvid\u0113 melnos punktus. Saglab\u0101 optim\u0101lu \u0101das \u016bdens-lip\u012bdu l\u012bdzsvaru p\u0113c mazg\u0101\u0161anas, tai ir papildus barojo\u0161a, m\u012bkstino\u0161a un mitrino\u0161a iedarb\u012bba. Produkts paredz\u0113ts \u013coti jut\u012bgai \u0101dai ar noslieci uz kairin\u0101jumu un atopisk\u0101m izpausm\u0113m. Izveidots uz PHA sk\u0101bes b\u0101zes. PHA (polihidroksi sk\u0101bes) ir AHA sk\u0101bju apak\u0161tips, bet bez kairino\u0161as iedarb\u012bbas uz \u0101du, pateicoties noteiktam [&hellip;]<\/p>\n","protected":false},"featured_media":14049,"comment_status":"open","ping_status":"closed","template":"","meta":{"site-sidebar-layout":"default","site-content-layout":"","ast-site-content-layout":"","site-content-style":"default","site-sidebar-style":"default","ast-global-header-display":"","ast-banner-title-visibility":"","ast-main-header-display":"","ast-hfb-above-header-display":"","ast-hfb-below-header-display":"","ast-hfb-mobile-header-display":"","site-post-title":"","ast-breadcrumbs-content":"","ast-featured-img":"","footer-sml-layout":"","theme-transparent-header-meta":"","adv-header-id-meta":"","stick-header-meta":"","header-above-stick-meta":"","header-main-stick-meta":"","header-below-stick-meta":"","astra-migrate-meta-layouts":"default","ast-page-background-enabled":"default","ast-page-background-meta":{"desktop":{"background-color":"var(--ast-global-color-4)","background-image":"","background-repeat":"repeat","background-position":"center center","background-size":"auto","background-attachment":"scroll","background-type":"","background-media":"","overlay-type":"","overlay-color":"","overlay-opacity":"","overlay-gradient":""},"tablet":{"background-color":"","background-image":"","background-repeat":"repeat","background-position":"center center","background-size":"auto","background-attachment":"scroll","background-type":"","background-media":"","overlay-type":"","overlay-color":"","overlay-opacity":"","overlay-gradient":""},"mobile":{"background-color":"","background-image":"","background-repeat":"repeat","background-position":"center center","background-size":"auto","background-attachment":"scroll","background-type":"","background-media":"","overlay-type":"","overlay-color":"","overlay-opacity":"","overlay-gradient":""}},"ast-content-background-meta":{"desktop":{"background-color":"var(--ast-global-color-5)","background-image":"","background-repeat":"repeat","background-position":"center center","background-size":"auto","background-attachment":"scroll","background-type":"","background-media":"","overlay-type":"","overlay-color":"","overlay-opacity":"","overlay-gradient":""},"tablet":{"background-color":"var(--ast-global-color-5)","background-image":"","background-repeat":"repeat","background-position":"center center","background-size":"auto","background-attachment":"scroll","background-type":"","background-media":"","overlay-type":"","overlay-color":"","overlay-opacity":"","overlay-gradient":""},"mobile":{"background-color":"var(--ast-global-color-5)","background-image":"","background-repeat":"repeat","background-position":"center center","background-size":"auto","background-attachment":"scroll","background-type":"","background-media":"","overlay-type":"","overlay-color":"","overlay-opacity":"","overlay-gradient":""}}},"product_brand":[],"product_cat":[511,321],"product_tag":[],"berocket_brand":[],"class_list":{"0":"post-14047","1":"product","2":"type-product","3":"status-publish","4":"has-post-thumbnail","6":"product_cat-atlaides","7":"product_cat-hidrofila-ella","8":"desktop-align-left","9":"tablet-align-left","10":"mobile-align-left","12":"first","13":"outofstock","14":"sale","15":"taxable","16":"shipping-taxable","17":"purchasable","18":"product-type-simple","19":"add-to-wishlist-before_image"},"yoast_head":"<!-- This site is optimized with the Yoast SEO plugin v27.4 - https:\/\/yoast.com\/product\/yoast-seo-wordpress\/ -->\n<title>HANSKIN PORE CLEANSING BALM PHA 80ml - FACECORNER<\/title>\n<meta name=\"robots\" content=\"index, follow, max-snippet:-1, max-image-preview:large, max-video-preview:-1\" \/>\n<link rel=\"canonical\" href=\"https:\/\/www.facecorner.lv\/ru\/shop\/hanskin-pore-cleansing-balm-pha-80ml\/\" \/>\n<meta property=\"og:locale\" content=\"ru_RU\" \/>\n<meta property=\"og:type\" content=\"article\" \/>\n<meta property=\"og:title\" content=\"HANSKIN PORE CLEANSING BALM PHA 80ml - FACECORNER\" \/>\n<meta property=\"og:description\" content=\"Maigs balzams dzi\u013ci att\u012bra un likvid\u0113 melnos punktus. Saglab\u0101 optim\u0101lu \u0101das \u016bdens-lip\u012bdu l\u012bdzsvaru p\u0113c mazg\u0101\u0161anas, tai ir papildus barojo\u0161a, m\u012bkstino\u0161a un mitrino\u0161a iedarb\u012bba. Produkts paredz\u0113ts \u013coti jut\u012bgai \u0101dai ar noslieci uz kairin\u0101jumu un atopisk\u0101m izpausm\u0113m. Izveidots uz PHA sk\u0101bes b\u0101zes. PHA (polihidroksi sk\u0101bes) ir AHA sk\u0101bju apak\u0161tips, bet bez kairino\u0161as iedarb\u012bbas uz \u0101du, pateicoties noteiktam [&hellip;]\" \/>\n<meta property=\"og:url\" content=\"https:\/\/www.facecorner.lv\/ru\/shop\/hanskin-pore-cleansing-balm-pha-80ml\/\" \/>\n<meta property=\"og:site_name\" content=\"FACECORNER\" \/>\n<meta property=\"article:publisher\" content=\"https:\/\/www.facebook.com\/profile.php?id=100063824551839\" \/>\n<meta property=\"article:modified_time\" content=\"2024-05-07T09:25:11+00:00\" \/>\n<meta property=\"og:image\" content=\"https:\/\/www.facecorner.lv\/wp-content\/uploads\/2024\/01\/51XGsZIx2rL.jpg\" \/>\n\t<meta property=\"og:image:width\" content=\"1000\" \/>\n\t<meta property=\"og:image:height\" content=\"1001\" \/>\n\t<meta property=\"og:image:type\" content=\"image\/jpeg\" \/>\n<meta name=\"twitter:card\" content=\"summary_large_image\" \/>\n<meta name=\"twitter:label1\" content=\"\u0426\u0435\u043d\u0430\" \/>\n\t<meta name=\"twitter:data1\" content=\"&euro;23.60\" \/>\n\t<meta name=\"twitter:label2\" content=\"\u0414\u043e\u0441\u0442\u0443\u043f\u043d\u043e\u0441\u0442\u044c\" \/>\n\t<meta name=\"twitter:data2\" content=\"\u0420\u0430\u0441\u043f\u0440\u043e\u0434\u0430\u043d\u043e\" \/>\n<script type=\"application\/ld+json\" class=\"yoast-schema-graph\">{\"@context\":\"https:\\\/\\\/schema.org\",\"@graph\":[{\"@type\":\"WebPage\",\"@id\":\"https:\\\/\\\/www.facecorner.lv\\\/shop\\\/hanskin-pore-cleansing-balm-pha-80ml\\\/\",\"url\":\"https:\\\/\\\/www.facecorner.lv\\\/shop\\\/hanskin-pore-cleansing-balm-pha-80ml\\\/\",\"name\":\"HANSKIN PORE CLEANSING BALM PHA 80ml - FACECORNER\",\"isPartOf\":{\"@id\":\"https:\\\/\\\/www.facecorner.lv\\\/#website\"},\"primaryImageOfPage\":{\"@id\":\"https:\\\/\\\/www.facecorner.lv\\\/shop\\\/hanskin-pore-cleansing-balm-pha-80ml\\\/#primaryimage\"},\"image\":{\"@id\":\"https:\\\/\\\/www.facecorner.lv\\\/shop\\\/hanskin-pore-cleansing-balm-pha-80ml\\\/#primaryimage\"},\"thumbnailUrl\":\"https:\\\/\\\/www.facecorner.lv\\\/wp-content\\\/uploads\\\/2024\\\/01\\\/51XGsZIx2rL.jpg\",\"datePublished\":\"2024-01-27T12:59:47+00:00\",\"dateModified\":\"2024-05-07T09:25:11+00:00\",\"breadcrumb\":{\"@id\":\"https:\\\/\\\/www.facecorner.lv\\\/shop\\\/hanskin-pore-cleansing-balm-pha-80ml\\\/#breadcrumb\"},\"inLanguage\":\"ru-RU\",\"potentialAction\":[{\"@type\":\"ReadAction\",\"target\":[\"https:\\\/\\\/www.facecorner.lv\\\/shop\\\/hanskin-pore-cleansing-balm-pha-80ml\\\/\"]}]},{\"@type\":\"ImageObject\",\"inLanguage\":\"ru-RU\",\"@id\":\"https:\\\/\\\/www.facecorner.lv\\\/shop\\\/hanskin-pore-cleansing-balm-pha-80ml\\\/#primaryimage\",\"url\":\"https:\\\/\\\/www.facecorner.lv\\\/wp-content\\\/uploads\\\/2024\\\/01\\\/51XGsZIx2rL.jpg\",\"contentUrl\":\"https:\\\/\\\/www.facecorner.lv\\\/wp-content\\\/uploads\\\/2024\\\/01\\\/51XGsZIx2rL.jpg\",\"width\":1000,\"height\":1001},{\"@type\":\"BreadcrumbList\",\"@id\":\"https:\\\/\\\/www.facecorner.lv\\\/shop\\\/hanskin-pore-cleansing-balm-pha-80ml\\\/#breadcrumb\",\"itemListElement\":[{\"@type\":\"ListItem\",\"position\":1,\"name\":\"Home\",\"item\":\"https:\\\/\\\/www.facecorner.lv\\\/\"},{\"@type\":\"ListItem\",\"position\":2,\"name\":\"Veikals\",\"item\":\"https:\\\/\\\/www.facecorner.lv\\\/shop\\\/\"},{\"@type\":\"ListItem\",\"position\":3,\"name\":\"HANSKIN PORE CLEANSING BALM PHA 80ml\"}]},{\"@type\":\"WebSite\",\"@id\":\"https:\\\/\\\/www.facecorner.lv\\\/#website\",\"url\":\"https:\\\/\\\/www.facecorner.lv\\\/\",\"name\":\"Facecorner\",\"description\":\"\",\"publisher\":{\"@id\":\"https:\\\/\\\/www.facecorner.lv\\\/#organization\"},\"potentialAction\":[{\"@type\":\"SearchAction\",\"target\":{\"@type\":\"EntryPoint\",\"urlTemplate\":\"https:\\\/\\\/www.facecorner.lv\\\/?s={search_term_string}\"},\"query-input\":{\"@type\":\"PropertyValueSpecification\",\"valueRequired\":true,\"valueName\":\"search_term_string\"}}],\"inLanguage\":\"ru-RU\"},{\"@type\":\"Organization\",\"@id\":\"https:\\\/\\\/www.facecorner.lv\\\/#organization\",\"name\":\"Facecorner\",\"url\":\"https:\\\/\\\/www.facecorner.lv\\\/\",\"logo\":{\"@type\":\"ImageObject\",\"inLanguage\":\"ru-RU\",\"@id\":\"https:\\\/\\\/www.facecorner.lv\\\/#\\\/schema\\\/logo\\\/image\\\/\",\"url\":\"https:\\\/\\\/www.facecorner.lv\\\/wp-content\\\/uploads\\\/2024\\\/04\\\/fc-logo.jpg\",\"contentUrl\":\"https:\\\/\\\/www.facecorner.lv\\\/wp-content\\\/uploads\\\/2024\\\/04\\\/fc-logo.jpg\",\"width\":174,\"height\":28,\"caption\":\"Facecorner\"},\"image\":{\"@id\":\"https:\\\/\\\/www.facecorner.lv\\\/#\\\/schema\\\/logo\\\/image\\\/\"},\"sameAs\":[\"https:\\\/\\\/www.facebook.com\\\/profile.php?id=100063824551839\",\"https:\\\/\\\/www.instagram.com\\\/facecorner_shop\\\/\"]}]}<\/script>\n<meta property=\"product:price:amount\" content=\"23.60\" \/>\n<meta property=\"product:price:currency\" content=\"EUR\" \/>\n<meta property=\"og:availability\" content=\"out of stock\" \/>\n<meta property=\"product:availability\" content=\"out of stock\" \/>\n<meta property=\"product:condition\" content=\"new\" \/>\n<!-- \/ Yoast SEO plugin. -->","yoast_head_json":{"title":"HANSKIN PORE CLEANSING BALM PHA 80ml - FACECORNER","robots":{"index":"index","follow":"follow","max-snippet":"max-snippet:-1","max-image-preview":"max-image-preview:large","max-video-preview":"max-video-preview:-1"},"canonical":"https:\/\/www.facecorner.lv\/ru\/shop\/hanskin-pore-cleansing-balm-pha-80ml\/","og_locale":"ru_RU","og_type":"article","og_title":"HANSKIN PORE CLEANSING BALM PHA 80ml - FACECORNER","og_description":"Maigs balzams dzi\u013ci att\u012bra un likvid\u0113 melnos punktus. Saglab\u0101 optim\u0101lu \u0101das \u016bdens-lip\u012bdu l\u012bdzsvaru p\u0113c mazg\u0101\u0161anas, tai ir papildus barojo\u0161a, m\u012bkstino\u0161a un mitrino\u0161a iedarb\u012bba. Produkts paredz\u0113ts \u013coti jut\u012bgai \u0101dai ar noslieci uz kairin\u0101jumu un atopisk\u0101m izpausm\u0113m. Izveidots uz PHA sk\u0101bes b\u0101zes. PHA (polihidroksi sk\u0101bes) ir AHA sk\u0101bju apak\u0161tips, bet bez kairino\u0161as iedarb\u012bbas uz \u0101du, pateicoties noteiktam [&hellip;]","og_url":"https:\/\/www.facecorner.lv\/ru\/shop\/hanskin-pore-cleansing-balm-pha-80ml\/","og_site_name":"FACECORNER","article_publisher":"https:\/\/www.facebook.com\/profile.php?id=100063824551839","article_modified_time":"2024-05-07T09:25:11+00:00","og_image":[{"width":1000,"height":1001,"url":"https:\/\/www.facecorner.lv\/wp-content\/uploads\/2024\/01\/51XGsZIx2rL.jpg","type":"image\/jpeg"}],"twitter_card":"summary_large_image","twitter_misc":{"\u0426\u0435\u043d\u0430":"&euro;23.60","\u0414\u043e\u0441\u0442\u0443\u043f\u043d\u043e\u0441\u0442\u044c":"\u0420\u0430\u0441\u043f\u0440\u043e\u0434\u0430\u043d\u043e"},"schema":{"@context":"https:\/\/schema.org","@graph":[{"@type":"WebPage","@id":"https:\/\/www.facecorner.lv\/shop\/hanskin-pore-cleansing-balm-pha-80ml\/","url":"https:\/\/www.facecorner.lv\/shop\/hanskin-pore-cleansing-balm-pha-80ml\/","name":"HANSKIN PORE CLEANSING BALM PHA 80ml - FACECORNER","isPartOf":{"@id":"https:\/\/www.facecorner.lv\/#website"},"primaryImageOfPage":{"@id":"https:\/\/www.facecorner.lv\/shop\/hanskin-pore-cleansing-balm-pha-80ml\/#primaryimage"},"image":{"@id":"https:\/\/www.facecorner.lv\/shop\/hanskin-pore-cleansing-balm-pha-80ml\/#primaryimage"},"thumbnailUrl":"https:\/\/www.facecorner.lv\/wp-content\/uploads\/2024\/01\/51XGsZIx2rL.jpg","datePublished":"2024-01-27T12:59:47+00:00","dateModified":"2024-05-07T09:25:11+00:00","breadcrumb":{"@id":"https:\/\/www.facecorner.lv\/shop\/hanskin-pore-cleansing-balm-pha-80ml\/#breadcrumb"},"inLanguage":"ru-RU","potentialAction":[{"@type":"ReadAction","target":["https:\/\/www.facecorner.lv\/shop\/hanskin-pore-cleansing-balm-pha-80ml\/"]}]},{"@type":"ImageObject","inLanguage":"ru-RU","@id":"https:\/\/www.facecorner.lv\/shop\/hanskin-pore-cleansing-balm-pha-80ml\/#primaryimage","url":"https:\/\/www.facecorner.lv\/wp-content\/uploads\/2024\/01\/51XGsZIx2rL.jpg","contentUrl":"https:\/\/www.facecorner.lv\/wp-content\/uploads\/2024\/01\/51XGsZIx2rL.jpg","width":1000,"height":1001},{"@type":"BreadcrumbList","@id":"https:\/\/www.facecorner.lv\/shop\/hanskin-pore-cleansing-balm-pha-80ml\/#breadcrumb","itemListElement":[{"@type":"ListItem","position":1,"name":"Home","item":"https:\/\/www.facecorner.lv\/"},{"@type":"ListItem","position":2,"name":"Veikals","item":"https:\/\/www.facecorner.lv\/shop\/"},{"@type":"ListItem","position":3,"name":"HANSKIN PORE CLEANSING BALM PHA 80ml"}]},{"@type":"WebSite","@id":"https:\/\/www.facecorner.lv\/#website","url":"https:\/\/www.facecorner.lv\/","name":"Facecorner","description":"","publisher":{"@id":"https:\/\/www.facecorner.lv\/#organization"},"potentialAction":[{"@type":"SearchAction","target":{"@type":"EntryPoint","urlTemplate":"https:\/\/www.facecorner.lv\/?s={search_term_string}"},"query-input":{"@type":"PropertyValueSpecification","valueRequired":true,"valueName":"search_term_string"}}],"inLanguage":"ru-RU"},{"@type":"Organization","@id":"https:\/\/www.facecorner.lv\/#organization","name":"Facecorner","url":"https:\/\/www.facecorner.lv\/","logo":{"@type":"ImageObject","inLanguage":"ru-RU","@id":"https:\/\/www.facecorner.lv\/#\/schema\/logo\/image\/","url":"https:\/\/www.facecorner.lv\/wp-content\/uploads\/2024\/04\/fc-logo.jpg","contentUrl":"https:\/\/www.facecorner.lv\/wp-content\/uploads\/2024\/04\/fc-logo.jpg","width":174,"height":28,"caption":"Facecorner"},"image":{"@id":"https:\/\/www.facecorner.lv\/#\/schema\/logo\/image\/"},"sameAs":["https:\/\/www.facebook.com\/profile.php?id=100063824551839","https:\/\/www.instagram.com\/facecorner_shop\/"]}]},"product_price_amount":"23.60","product_price_currency":"EUR","og_availability":"out of stock","product_availability":"out of stock","product_condition":"new"},"_links":{"self":[{"href":"https:\/\/www.facecorner.lv\/ru\/wp-json\/wp\/v2\/product\/14047","targetHints":{"allow":["GET"]}}],"collection":[{"href":"https:\/\/www.facecorner.lv\/ru\/wp-json\/wp\/v2\/product"}],"about":[{"href":"https:\/\/www.facecorner.lv\/ru\/wp-json\/wp\/v2\/types\/product"}],"replies":[{"embeddable":true,"href":"https:\/\/www.facecorner.lv\/ru\/wp-json\/wp\/v2\/comments?post=14047"}],"wp:featuredmedia":[{"embeddable":true,"href":"https:\/\/www.facecorner.lv\/ru\/wp-json\/wp\/v2\/media\/14049"}],"wp:attachment":[{"href":"https:\/\/www.facecorner.lv\/ru\/wp-json\/wp\/v2\/media?parent=14047"}],"wp:term":[{"taxonomy":"product_brand","embeddable":true,"href":"https:\/\/www.facecorner.lv\/ru\/wp-json\/wp\/v2\/product_brand?post=14047"},{"taxonomy":"product_cat","embeddable":true,"href":"https:\/\/www.facecorner.lv\/ru\/wp-json\/wp\/v2\/product_cat?post=14047"},{"taxonomy":"product_tag","embeddable":true,"href":"https:\/\/www.facecorner.lv\/ru\/wp-json\/wp\/v2\/product_tag?post=14047"},{"taxonomy":"berocket_brand","embeddable":true,"href":"https:\/\/www.facecorner.lv\/ru\/wp-json\/wp\/v2\/berocket_brand?post=14047"}],"curies":[{"name":"wp","href":"https:\/\/api.w.org\/{rel}","templated":true}]}}