{"id":13923,"date":"2024-01-18T21:08:24","date_gmt":"2024-01-18T19:08:24","guid":{"rendered":"https:\/\/www.facecorner.lv\/?post_type=product&#038;p=13923"},"modified":"2024-11-27T00:40:35","modified_gmt":"2024-11-26T21:40:35","slug":"by-wishtrend-blue-oasis-hydrating-serum-30ml","status":"publish","type":"product","link":"https:\/\/www.facecorner.lv\/ru\/shop\/by-wishtrend-blue-oasis-hydrating-serum-30ml\/","title":{"rendered":"By Wishtrend Blue Oasis Hydrating Serum 30ml"},"content":{"rendered":"<p>\u0421\u0443\u043f\u0435\u0440 \u0443\u0432\u043b\u0430\u0436\u043d\u044f\u044e\u0449\u0430\u044f \u0441\u044b\u0432\u043e\u0440\u043e\u0442\u043a\u0430 \u0441 \u0430\u043b\u043e\u044d By Wishtrend Hydra Enriched Ampoule \u044d\u0444\u0444\u0435\u043a\u0442\u0438\u0432\u043d\u043e \u0443\u0441\u0442\u0440\u0430\u043d\u044f\u0435\u0442 \u0441\u0443\u0445\u043e\u0441\u0442\u044c \u0438 \u043e\u0431\u0435\u0437\u0432\u043e\u0436\u0435\u043d\u043d\u043e\u0441\u0442\u044c, \u0443\u0441\u0442\u0440\u0430\u043d\u044f\u0435\u0442 \u0442\u0443\u0441\u043a\u043b\u043e\u0441\u0442\u044c \u0438 \u043d\u0430\u043f\u043e\u043b\u043d\u044f\u0435\u0442 \u043a\u043e\u0436\u0443 \u043a\u0440\u0430\u0441\u0438\u0432\u044b\u043c \u0441\u0438\u044f\u043d\u0438\u0435\u043c. \u041f\u043e\u0432\u044b\u0448\u0430\u0435\u0442 \u0443\u043f\u0440\u0443\u0433\u043e\u0441\u0442\u044c \u0438 \u044d\u043b\u0430\u0441\u0442\u0438\u0447\u043d\u043e\u0441\u0442\u044c, \u0443\u043c\u0435\u043d\u044c\u0448\u0430\u0435\u0442 \u0432\u0438\u0434\u0438\u043c\u043e\u0441\u0442\u044c \u043c\u043e\u0440\u0449\u0438\u043d.<\/p>\n<p>\u041e\u0441\u043d\u043e\u0432\u0443 \u0441\u044b\u0432\u043e\u0440\u043e\u0442\u043a\u0438 \u0441\u043e\u0441\u0442\u0430\u0432\u043b\u044f\u0435\u0442 \u044d\u043a\u0441\u0442\u0440\u0430\u043a\u0442 \u0430\u043b\u043e\u044d (70%). \u0410\u043b\u043e\u044d \u043d\u0430\u0441\u044b\u0449\u0430\u0435\u0442 \u043a\u043b\u0435\u0442\u043a\u0438 \u0432\u043b\u0430\u0433\u043e\u0439 \u0438 \u0432\u0438\u0442\u0430\u043c\u0438\u043d\u0430\u043c\u0438, \u043e\u043a\u0430\u0437\u044b\u0432\u0430\u0435\u0442 \u0437\u0430\u0436\u0438\u0432\u043b\u044f\u044e\u0449\u0435\u0435 \u0438 \u043f\u0440\u043e\u0442\u0438\u0432\u043e\u043c\u0438\u043a\u0440\u043e\u0431\u043d\u043e\u0435 \u0434\u0435\u0439\u0441\u0442\u0432\u0438\u0435, \u0443\u0441\u043f\u043e\u043a\u0430\u0438\u0432\u0430\u0435\u0442 \u0440\u0430\u0437\u0434\u0440\u0430\u0436\u0435\u043d\u0438\u044f \u0438 \u043f\u043e\u043a\u0440\u0430\u0441\u043d\u0435\u043d\u0438\u044f. \u0423\u043a\u0440\u0435\u043f\u043b\u044f\u0435\u0442 \u0437\u0430\u0449\u0438\u0442\u043d\u044b\u0439 \u0431\u0430\u0440\u044c\u0435\u0440, \u0434\u0435\u043b\u0430\u0435\u0442 \u043a\u043e\u0436\u0443 \u043c\u0435\u043d\u0435\u0435 \u0447\u0443\u0432\u0441\u0442\u0432\u0438\u0442\u0435\u043b\u044c\u043d\u043e\u0439 \u043a \u0432\u043e\u0437\u0434\u0435\u0439\u0441\u0442\u0432\u0438\u044e \u0444\u0430\u043a\u0442\u043e\u0440\u043e\u0432 \u0432\u043d\u0435\u0448\u043d\u0435\u0439 \u0441\u0440\u0435\u0434\u044b.<\/p>\n<p>Serums ir g\u0113la konsistences, \u0101tri ies\u016bcas un neatst\u0101j lip\u012bgumu.<\/p>\n<p><strong>\u041e\u0441\u043d\u043e\u0432\u043d\u044b\u0435 \u0434\u0435\u0439\u0441\u0442\u0432\u0443\u044e\u0449\u0438\u0435 \u0438\u043d\u0433\u0440\u0435\u0434\u0438\u0435\u043d\u0442\u044b:<\/strong><\/p>\n<ul>\n<li>\u0422\u043e\u043a\u043e\u0444\u0435\u0440\u043e\u043b \u0443\u043c\u0435\u043d\u044c\u0448\u0430\u0435\u0442 \u0433\u043b\u0443\u0431\u0438\u043d\u0443 \u043c\u043e\u0440\u0449\u0438\u043d, \u0441\u0442\u0438\u043c\u0443\u043b\u0438\u0440\u0443\u0435\u0442 \u0441\u0438\u043d\u0442\u0435\u0437 \u043a\u043e\u043b\u043b\u0430\u0433\u0435\u043d\u0430, \u043f\u0440\u0435\u0434\u043e\u0442\u0432\u0440\u0430\u0449\u0430\u0435\u0442 \u0441\u0442\u0430\u0440\u0447\u0435\u0441\u043a\u0443\u044e \u043f\u0438\u0433\u043c\u0435\u043d\u0442\u0430\u0446\u0438\u044e, \u0437\u0430\u043c\u0435\u0434\u043b\u044f\u0435\u0442 \u043f\u0440\u043e\u044f\u0432\u043b\u0435\u043d\u0438\u0435 \u0432\u043e\u0437\u0440\u0430\u0441\u0442\u043d\u043e\u0439 \u0434\u0440\u044f\u0431\u043b\u043e\u0441\u0442\u0438 \u043a\u043e\u0436\u0438. \u0421\u043f\u043e\u0441\u043e\u0431\u0441\u0442\u0432\u0443\u0435\u0442 \u0443\u0434\u0435\u0440\u0436\u0430\u043d\u0438\u044e \u0432\u043b\u0430\u0433\u0438 \u0432 \u043a\u043e\u0436\u0435, \u043f\u0440\u0438\u0434\u0430\u0435\u0442 \u0433\u043b\u0430\u0434\u043a\u043e\u0441\u0442\u044c, \u0442\u043e\u043d\u0438\u0437\u0438\u0440\u0443\u0435\u0442.<\/li>\n<li>\u041f\u0430\u043d\u0442\u0435\u043d\u043e\u043b  \u0441\u0442\u0438\u043c\u0443\u043b\u0438\u0440\u0443\u0435\u0442 \u0432\u043e\u0441\u0441\u0442\u0430\u043d\u043e\u0432\u043b\u0435\u043d\u0438\u0435 \u0446\u0435\u043b\u043e\u0441\u0442\u043d\u043e\u0441\u0442\u0438 \u043a\u043e\u0436\u043d\u044b\u0445 \u043f\u043e\u043a\u0440\u043e\u0432\u043e\u0432, \u0441\u043d\u0438\u043c\u0430\u0435\u0442 \u043f\u043e\u043a\u0440\u0430\u0441\u043d\u0435\u043d\u0438\u044f \u0438 \u0440\u0430\u0437\u0434\u0440\u0430\u0436\u0435\u043d\u0438\u0435, \u043e\u0431\u043b\u0430\u0434\u0430\u0435\u0442 \u0440\u0430\u043d\u043e\u0437\u0430\u0436\u0438\u0432\u043b\u044f\u044e\u0449\u0438\u043c\u0438 \u0441\u0432\u043e\u0439\u0441\u0442\u0432\u0430\u043c\u0438.<\/li>\n<li>\u0413\u0438\u0430\u043b\u0443\u0440\u043e\u043d\u043e\u0432\u0430\u044f \u043a\u0438\u0441\u043b\u043e\u0442\u0430 \u043f\u0440\u043e\u043d\u0438\u043a\u0430\u0435\u0442 \u0432 \u0433\u043b\u0443\u0431\u043e\u043a\u0438\u0435 \u0441\u043b\u043e\u0438 \u044d\u043f\u0438\u0434\u0435\u0440\u043c\u0438\u0441\u0430, \u0430\u043a\u0442\u0438\u0432\u043d\u043e \u0443\u0432\u043b\u0430\u0436\u043d\u044f\u0435\u0442 \u043a\u043b\u0435\u0442\u043a\u0438, \u0441\u043f\u043e\u0441\u043e\u0431\u0441\u0442\u0432\u0443\u0435\u0442 \u0443\u0434\u0435\u0440\u0436\u0430\u043d\u0438\u044e \u0432\u043b\u0430\u0433\u0438 \u0432 \u043a\u043e\u0436\u0435. \u041e\u0431\u0440\u0430\u0437\u0443\u0435\u0442 \u0437\u0430\u0449\u0438\u0442\u043d\u044b\u0439 \u0441\u043b\u043e\u0439, \u043a\u043e\u0442\u043e\u0440\u044b\u0439 \u043d\u0435 \u0434\u0430\u0435\u0442 \u0432\u043b\u0430\u0433\u0435 \u0438\u0441\u043f\u0430\u0440\u044f\u0442\u044c\u0441\u044f. \u0420\u0430\u0441\u0442\u0438\u0442\u0435\u043b\u044c\u043d\u044b\u0435 \u043f\u0440\u043e\u0442\u0435\u0438\u043d\u044b \u043e\u0431\u043e\u0433\u0430\u0449\u0430\u044e\u0442 \u043a\u043e\u0436\u0443 \u0430\u043c\u0438\u043d\u043e\u043a\u0438\u0441\u043b\u043e\u0442\u0430\u043c\u0438, \u0441\u0442\u0438\u043c\u0443\u043b\u0438\u0440\u0443\u044e\u0442 \u043e\u0431\u043d\u043e\u0432\u043b\u0435\u043d\u0438\u0435 \u043a\u043b\u0435\u0442\u043e\u043a. \u041e\u0431\u043b\u0430\u0434\u0430\u044e\u0442 \u043c\u043e\u0449\u043d\u044b\u043c\u0438 \u0430\u043d\u0442\u0438\u043e\u043a\u0441\u0438\u0434\u0430\u043d\u0442\u043d\u044b\u043c\u0438 \u0441\u0432\u043e\u0439\u0441\u0442\u0432\u0430\u043c\u0438, \u0443\u043a\u0440\u0435\u043f\u043b\u044f\u044e\u0442 \u043a\u043e\u0436\u0443, \u0443\u043b\u0443\u0447\u0448\u0430\u044f \u0435\u0435 \u0437\u0430\u0449\u0438\u0442\u043d\u044b\u0435 \u0444\u0443\u043d\u043a\u0446\u0438\u0438. \u041f\u0440\u0438\u0434\u0430\u044e\u0442 \u043a\u043e\u0436\u0435 \u043c\u044f\u0433\u043a\u043e\u0441\u0442\u044c \u0438 \u0431\u0430\u0440\u0445\u0430\u0442\u0438\u0441\u0442\u044c.<\/li>\n<\/ul>\n<p><strong>\u0421\u043f\u043e\u0441\u043e\u0431 \u043f\u0440\u0438\u043c\u0435\u043d\u0435\u043d\u0438\u044f:<\/strong> \u041d\u0430\u043d\u0435\u0441\u0442\u0438 \u043d\u0435\u043e\u0431\u0445\u043e\u0434\u0438\u043c\u043e\u0435 \u043a\u043e\u043b\u0438\u0447\u0435\u0441\u0442\u0432\u043e \u0441\u044b\u0432\u043e\u0440\u043e\u0442\u043a\u0438 \u043d\u0430 \u0442\u043e\u043d\u0438\u0437\u0438\u0440\u043e\u0432\u0430\u043d\u043d\u043e\u0435 \u043b\u0438\u0446\u043e. \u041f\u0440\u0438 \u043d\u0435\u043e\u0431\u0445\u043e\u0434\u0438\u043c\u043e\u0441\u0442\u0438 \u0437\u0430\u0432\u0435\u0440\u0448\u0438\u0442\u044c \u0441\u0432\u043e\u0439 \u0443\u0445\u043e\u0434 \u043a\u0440\u0435\u043c\u043e\u043c.<\/p>\n<p><strong>\u0421\u043e\u0441\u0442\u0430\u0432\u00a0<\/strong>Aloe Barbadensis Leaf Polysaccharides, Butylene Glycol, Glycerin, Dipropylene Glycol, Water, 1,2-Hexanediol, Hydroxyacetophenone, Ammonium Acryloyldimethyltaurate\/Vp Copolymer, Polyglycerin-3, Propanediol, Malachite Extract, Polyglyceryl-10 Oleate, Glycosyl Trehalose, Methyl Gluceth-20, Glyceryl Acrylate\/Acrylic Acid Copolymer, Hydrogenated Starch Hydrolysate, Sodium Hyaluronate, Biosaccharide Gum-1, Allantoin, Betaine, Hydrolyzed Vegetable Protein, Linum Usitatissimum (Linseed) Seed Extract, Maltodextrin, Panthenol, Pentylene Glycol, Trehalose, Houttuynia Cordata Extract, Ethylhexylglycerin, Tocopherol.<\/p>\n<div class=\"product-detail-tabs\">\n<div class=\"le-tabs products-tab-wrapper product-detail-tabs__tabs\">\n<div class=\"tab-content\">\n<div id=\"usageInstructions\" class=\"le-tab-content tab-pane\">\n<div class=\"product-detail-tabs__tab-content\">\n<div class=\"text-preview\"><\/div>\n<\/div>\n<\/div>\n<\/div>\n<\/div>\n<\/div>\n<div id=\"reviews\" class=\"row\">\n<div class=\"col-xs-12\">\n<div class=\"product-reviews\"><\/div>\n<\/div>\n<\/div>","protected":false},"excerpt":{"rendered":"<p>\u012apa\u0161i mitrino\u0161s alvejas serums By Wishtrend Hydra Enriched Ampoule efekt\u012bvi nov\u0113r\u0161 sausumu un dehidrat\u0101ciju, nov\u0113r\u0161 bl\u0101vumu un piepilda \u0101du ar labu mirdzumu. Palielina tvirtumu un elast\u012bbu, samazina grumbu par\u0101d\u012b\u0161anos. Serums nomierina un atsvaidzina sakairin\u0101tu \u0101du, nov\u0113r\u0161 diskomfortu un niezi. Nostiprina aizsargbarjeru, nov\u0113r\u0161 mitruma iztvaiko\u0161anu, uztur optim\u0101lu \u016bdens-lip\u012bdu l\u012bdzsvaru. Seruma pamat\u0101 ir alvejas ekstrakts (70%). Alveja [&hellip;]<\/p>\n","protected":false},"featured_media":13924,"comment_status":"open","ping_status":"closed","template":"","meta":{"site-sidebar-layout":"default","site-content-layout":"","ast-site-content-layout":"","site-content-style":"default","site-sidebar-style":"default","ast-global-header-display":"","ast-banner-title-visibility":"","ast-main-header-display":"","ast-hfb-above-header-display":"","ast-hfb-below-header-display":"","ast-hfb-mobile-header-display":"","site-post-title":"","ast-breadcrumbs-content":"","ast-featured-img":"","footer-sml-layout":"","theme-transparent-header-meta":"","adv-header-id-meta":"","stick-header-meta":"","header-above-stick-meta":"","header-main-stick-meta":"","header-below-stick-meta":"","astra-migrate-meta-layouts":"default","ast-page-background-enabled":"default","ast-page-background-meta":{"desktop":{"background-color":"var(--ast-global-color-4)","background-image":"","background-repeat":"repeat","background-position":"center center","background-size":"auto","background-attachment":"scroll","background-type":"","background-media":"","overlay-type":"","overlay-color":"","overlay-opacity":"","overlay-gradient":""},"tablet":{"background-color":"","background-image":"","background-repeat":"repeat","background-position":"center center","background-size":"auto","background-attachment":"scroll","background-type":"","background-media":"","overlay-type":"","overlay-color":"","overlay-opacity":"","overlay-gradient":""},"mobile":{"background-color":"","background-image":"","background-repeat":"repeat","background-position":"center center","background-size":"auto","background-attachment":"scroll","background-type":"","background-media":"","overlay-type":"","overlay-color":"","overlay-opacity":"","overlay-gradient":""}},"ast-content-background-meta":{"desktop":{"background-color":"var(--ast-global-color-5)","background-image":"","background-repeat":"repeat","background-position":"center center","background-size":"auto","background-attachment":"scroll","background-type":"","background-media":"","overlay-type":"","overlay-color":"","overlay-opacity":"","overlay-gradient":""},"tablet":{"background-color":"var(--ast-global-color-5)","background-image":"","background-repeat":"repeat","background-position":"center center","background-size":"auto","background-attachment":"scroll","background-type":"","background-media":"","overlay-type":"","overlay-color":"","overlay-opacity":"","overlay-gradient":""},"mobile":{"background-color":"var(--ast-global-color-5)","background-image":"","background-repeat":"repeat","background-position":"center center","background-size":"auto","background-attachment":"scroll","background-type":"","background-media":"","overlay-type":"","overlay-color":"","overlay-opacity":"","overlay-gradient":""}}},"product_brand":[],"product_cat":[370,371,372,363],"product_tag":[],"berocket_brand":[],"class_list":{"0":"post-13923","1":"product","2":"type-product","3":"status-publish","4":"has-post-thumbnail","6":"product_cat-adas-mirdzumam","7":"product_cat-anti-age","8":"product_cat-jutigai-adai-serumi","9":"product_cat-serumi","10":"desktop-align-left","11":"tablet-align-left","12":"mobile-align-left","14":"first","15":"instock","16":"sale","17":"taxable","18":"shipping-taxable","19":"purchasable","20":"product-type-simple","21":"add-to-wishlist-before_image"},"yoast_head":"<!-- This site is optimized with the Yoast SEO plugin v27.3 - https:\/\/yoast.com\/product\/yoast-seo-wordpress\/ -->\n<title>By Wishtrend Blue Oasis Hydrating Serum 30ml - FACECORNER<\/title>\n<meta name=\"robots\" content=\"index, follow, max-snippet:-1, max-image-preview:large, max-video-preview:-1\" \/>\n<link rel=\"canonical\" href=\"https:\/\/www.facecorner.lv\/ru\/shop\/by-wishtrend-blue-oasis-hydrating-serum-30ml\/\" \/>\n<meta property=\"og:locale\" content=\"ru_RU\" \/>\n<meta property=\"og:type\" content=\"article\" \/>\n<meta property=\"og:title\" content=\"By Wishtrend Blue Oasis Hydrating Serum 30ml - FACECORNER\" \/>\n<meta property=\"og:description\" content=\"\u012apa\u0161i mitrino\u0161s alvejas serums By Wishtrend Hydra Enriched Ampoule efekt\u012bvi nov\u0113r\u0161 sausumu un dehidrat\u0101ciju, nov\u0113r\u0161 bl\u0101vumu un piepilda \u0101du ar labu mirdzumu. Palielina tvirtumu un elast\u012bbu, samazina grumbu par\u0101d\u012b\u0161anos. Serums nomierina un atsvaidzina sakairin\u0101tu \u0101du, nov\u0113r\u0161 diskomfortu un niezi. Nostiprina aizsargbarjeru, nov\u0113r\u0161 mitruma iztvaiko\u0161anu, uztur optim\u0101lu \u016bdens-lip\u012bdu l\u012bdzsvaru. Seruma pamat\u0101 ir alvejas ekstrakts (70%). Alveja [&hellip;]\" \/>\n<meta property=\"og:url\" content=\"https:\/\/www.facecorner.lv\/ru\/shop\/by-wishtrend-blue-oasis-hydrating-serum-30ml\/\" \/>\n<meta property=\"og:site_name\" content=\"FACECORNER\" \/>\n<meta property=\"article:publisher\" content=\"https:\/\/www.facebook.com\/profile.php?id=100063824551839\" \/>\n<meta property=\"article:modified_time\" content=\"2024-11-26T21:40:35+00:00\" \/>\n<meta property=\"og:image\" content=\"https:\/\/www.facecorner.lv\/wp-content\/uploads\/2024\/01\/by-wishtrend-blue-oasis-aloe-hydrating-serum-30-ml-uvlazhnyayushchaya-syvorotka-1000x1000-1.jpg\" \/>\n\t<meta property=\"og:image:width\" content=\"1000\" \/>\n\t<meta property=\"og:image:height\" content=\"1000\" \/>\n\t<meta property=\"og:image:type\" content=\"image\/jpeg\" \/>\n<meta name=\"twitter:card\" content=\"summary_large_image\" \/>\n<meta name=\"twitter:label1\" content=\"\u0426\u0435\u043d\u0430\" \/>\n\t<meta name=\"twitter:data1\" content=\"&euro;25.90\" \/>\n\t<meta name=\"twitter:label2\" content=\"\u0414\u043e\u0441\u0442\u0443\u043f\u043d\u043e\u0441\u0442\u044c\" \/>\n\t<meta name=\"twitter:data2\" content=\"\u0412 \u043d\u0430\u043b\u0438\u0447\u0438\u0438\" \/>\n<script type=\"application\/ld+json\" class=\"yoast-schema-graph\">{\"@context\":\"https:\\\/\\\/schema.org\",\"@graph\":[{\"@type\":\"WebPage\",\"@id\":\"https:\\\/\\\/www.facecorner.lv\\\/shop\\\/by-wishtrend-blue-oasis-hydrating-serum-30ml\\\/\",\"url\":\"https:\\\/\\\/www.facecorner.lv\\\/shop\\\/by-wishtrend-blue-oasis-hydrating-serum-30ml\\\/\",\"name\":\"By Wishtrend Blue Oasis Hydrating Serum 30ml - FACECORNER\",\"isPartOf\":{\"@id\":\"https:\\\/\\\/www.facecorner.lv\\\/#website\"},\"primaryImageOfPage\":{\"@id\":\"https:\\\/\\\/www.facecorner.lv\\\/shop\\\/by-wishtrend-blue-oasis-hydrating-serum-30ml\\\/#primaryimage\"},\"image\":{\"@id\":\"https:\\\/\\\/www.facecorner.lv\\\/shop\\\/by-wishtrend-blue-oasis-hydrating-serum-30ml\\\/#primaryimage\"},\"thumbnailUrl\":\"https:\\\/\\\/www.facecorner.lv\\\/wp-content\\\/uploads\\\/2024\\\/01\\\/by-wishtrend-blue-oasis-aloe-hydrating-serum-30-ml-uvlazhnyayushchaya-syvorotka-1000x1000-1.jpg\",\"datePublished\":\"2024-01-18T19:08:24+00:00\",\"dateModified\":\"2024-11-26T21:40:35+00:00\",\"breadcrumb\":{\"@id\":\"https:\\\/\\\/www.facecorner.lv\\\/shop\\\/by-wishtrend-blue-oasis-hydrating-serum-30ml\\\/#breadcrumb\"},\"inLanguage\":\"ru-RU\",\"potentialAction\":[{\"@type\":\"ReadAction\",\"target\":[\"https:\\\/\\\/www.facecorner.lv\\\/shop\\\/by-wishtrend-blue-oasis-hydrating-serum-30ml\\\/\"]}]},{\"@type\":\"ImageObject\",\"inLanguage\":\"ru-RU\",\"@id\":\"https:\\\/\\\/www.facecorner.lv\\\/shop\\\/by-wishtrend-blue-oasis-hydrating-serum-30ml\\\/#primaryimage\",\"url\":\"https:\\\/\\\/www.facecorner.lv\\\/wp-content\\\/uploads\\\/2024\\\/01\\\/by-wishtrend-blue-oasis-aloe-hydrating-serum-30-ml-uvlazhnyayushchaya-syvorotka-1000x1000-1.jpg\",\"contentUrl\":\"https:\\\/\\\/www.facecorner.lv\\\/wp-content\\\/uploads\\\/2024\\\/01\\\/by-wishtrend-blue-oasis-aloe-hydrating-serum-30-ml-uvlazhnyayushchaya-syvorotka-1000x1000-1.jpg\",\"width\":1000,\"height\":1000},{\"@type\":\"BreadcrumbList\",\"@id\":\"https:\\\/\\\/www.facecorner.lv\\\/shop\\\/by-wishtrend-blue-oasis-hydrating-serum-30ml\\\/#breadcrumb\",\"itemListElement\":[{\"@type\":\"ListItem\",\"position\":1,\"name\":\"Home\",\"item\":\"https:\\\/\\\/www.facecorner.lv\\\/\"},{\"@type\":\"ListItem\",\"position\":2,\"name\":\"Veikals\",\"item\":\"https:\\\/\\\/www.facecorner.lv\\\/shop\\\/\"},{\"@type\":\"ListItem\",\"position\":3,\"name\":\"By Wishtrend Blue Oasis Hydrating Serum 30ml\"}]},{\"@type\":\"WebSite\",\"@id\":\"https:\\\/\\\/www.facecorner.lv\\\/#website\",\"url\":\"https:\\\/\\\/www.facecorner.lv\\\/\",\"name\":\"Facecorner\",\"description\":\"\",\"publisher\":{\"@id\":\"https:\\\/\\\/www.facecorner.lv\\\/#organization\"},\"potentialAction\":[{\"@type\":\"SearchAction\",\"target\":{\"@type\":\"EntryPoint\",\"urlTemplate\":\"https:\\\/\\\/www.facecorner.lv\\\/?s={search_term_string}\"},\"query-input\":{\"@type\":\"PropertyValueSpecification\",\"valueRequired\":true,\"valueName\":\"search_term_string\"}}],\"inLanguage\":\"ru-RU\"},{\"@type\":\"Organization\",\"@id\":\"https:\\\/\\\/www.facecorner.lv\\\/#organization\",\"name\":\"Facecorner\",\"url\":\"https:\\\/\\\/www.facecorner.lv\\\/\",\"logo\":{\"@type\":\"ImageObject\",\"inLanguage\":\"ru-RU\",\"@id\":\"https:\\\/\\\/www.facecorner.lv\\\/#\\\/schema\\\/logo\\\/image\\\/\",\"url\":\"https:\\\/\\\/www.facecorner.lv\\\/wp-content\\\/uploads\\\/2024\\\/04\\\/fc-logo.jpg\",\"contentUrl\":\"https:\\\/\\\/www.facecorner.lv\\\/wp-content\\\/uploads\\\/2024\\\/04\\\/fc-logo.jpg\",\"width\":174,\"height\":28,\"caption\":\"Facecorner\"},\"image\":{\"@id\":\"https:\\\/\\\/www.facecorner.lv\\\/#\\\/schema\\\/logo\\\/image\\\/\"},\"sameAs\":[\"https:\\\/\\\/www.facebook.com\\\/profile.php?id=100063824551839\",\"https:\\\/\\\/www.instagram.com\\\/facecorner_shop\\\/\"]}]}<\/script>\n<meta property=\"product:price:amount\" content=\"25.90\" \/>\n<meta property=\"product:price:currency\" content=\"EUR\" \/>\n<meta property=\"og:availability\" content=\"instock\" \/>\n<meta property=\"product:availability\" content=\"instock\" \/>\n<meta property=\"product:condition\" content=\"new\" \/>\n<!-- \/ Yoast SEO plugin. -->","yoast_head_json":{"title":"By Wishtrend Blue Oasis Hydrating Serum 30ml - FACECORNER","robots":{"index":"index","follow":"follow","max-snippet":"max-snippet:-1","max-image-preview":"max-image-preview:large","max-video-preview":"max-video-preview:-1"},"canonical":"https:\/\/www.facecorner.lv\/ru\/shop\/by-wishtrend-blue-oasis-hydrating-serum-30ml\/","og_locale":"ru_RU","og_type":"article","og_title":"By Wishtrend Blue Oasis Hydrating Serum 30ml - FACECORNER","og_description":"\u012apa\u0161i mitrino\u0161s alvejas serums By Wishtrend Hydra Enriched Ampoule efekt\u012bvi nov\u0113r\u0161 sausumu un dehidrat\u0101ciju, nov\u0113r\u0161 bl\u0101vumu un piepilda \u0101du ar labu mirdzumu. Palielina tvirtumu un elast\u012bbu, samazina grumbu par\u0101d\u012b\u0161anos. Serums nomierina un atsvaidzina sakairin\u0101tu \u0101du, nov\u0113r\u0161 diskomfortu un niezi. Nostiprina aizsargbarjeru, nov\u0113r\u0161 mitruma iztvaiko\u0161anu, uztur optim\u0101lu \u016bdens-lip\u012bdu l\u012bdzsvaru. Seruma pamat\u0101 ir alvejas ekstrakts (70%). Alveja [&hellip;]","og_url":"https:\/\/www.facecorner.lv\/ru\/shop\/by-wishtrend-blue-oasis-hydrating-serum-30ml\/","og_site_name":"FACECORNER","article_publisher":"https:\/\/www.facebook.com\/profile.php?id=100063824551839","article_modified_time":"2024-11-26T21:40:35+00:00","og_image":[{"width":1000,"height":1000,"url":"https:\/\/www.facecorner.lv\/wp-content\/uploads\/2024\/01\/by-wishtrend-blue-oasis-aloe-hydrating-serum-30-ml-uvlazhnyayushchaya-syvorotka-1000x1000-1.jpg","type":"image\/jpeg"}],"twitter_card":"summary_large_image","twitter_misc":{"\u0426\u0435\u043d\u0430":"&euro;25.90","\u0414\u043e\u0441\u0442\u0443\u043f\u043d\u043e\u0441\u0442\u044c":"\u0412 \u043d\u0430\u043b\u0438\u0447\u0438\u0438"},"schema":{"@context":"https:\/\/schema.org","@graph":[{"@type":"WebPage","@id":"https:\/\/www.facecorner.lv\/shop\/by-wishtrend-blue-oasis-hydrating-serum-30ml\/","url":"https:\/\/www.facecorner.lv\/shop\/by-wishtrend-blue-oasis-hydrating-serum-30ml\/","name":"By Wishtrend Blue Oasis Hydrating Serum 30ml - FACECORNER","isPartOf":{"@id":"https:\/\/www.facecorner.lv\/#website"},"primaryImageOfPage":{"@id":"https:\/\/www.facecorner.lv\/shop\/by-wishtrend-blue-oasis-hydrating-serum-30ml\/#primaryimage"},"image":{"@id":"https:\/\/www.facecorner.lv\/shop\/by-wishtrend-blue-oasis-hydrating-serum-30ml\/#primaryimage"},"thumbnailUrl":"https:\/\/www.facecorner.lv\/wp-content\/uploads\/2024\/01\/by-wishtrend-blue-oasis-aloe-hydrating-serum-30-ml-uvlazhnyayushchaya-syvorotka-1000x1000-1.jpg","datePublished":"2024-01-18T19:08:24+00:00","dateModified":"2024-11-26T21:40:35+00:00","breadcrumb":{"@id":"https:\/\/www.facecorner.lv\/shop\/by-wishtrend-blue-oasis-hydrating-serum-30ml\/#breadcrumb"},"inLanguage":"ru-RU","potentialAction":[{"@type":"ReadAction","target":["https:\/\/www.facecorner.lv\/shop\/by-wishtrend-blue-oasis-hydrating-serum-30ml\/"]}]},{"@type":"ImageObject","inLanguage":"ru-RU","@id":"https:\/\/www.facecorner.lv\/shop\/by-wishtrend-blue-oasis-hydrating-serum-30ml\/#primaryimage","url":"https:\/\/www.facecorner.lv\/wp-content\/uploads\/2024\/01\/by-wishtrend-blue-oasis-aloe-hydrating-serum-30-ml-uvlazhnyayushchaya-syvorotka-1000x1000-1.jpg","contentUrl":"https:\/\/www.facecorner.lv\/wp-content\/uploads\/2024\/01\/by-wishtrend-blue-oasis-aloe-hydrating-serum-30-ml-uvlazhnyayushchaya-syvorotka-1000x1000-1.jpg","width":1000,"height":1000},{"@type":"BreadcrumbList","@id":"https:\/\/www.facecorner.lv\/shop\/by-wishtrend-blue-oasis-hydrating-serum-30ml\/#breadcrumb","itemListElement":[{"@type":"ListItem","position":1,"name":"Home","item":"https:\/\/www.facecorner.lv\/"},{"@type":"ListItem","position":2,"name":"Veikals","item":"https:\/\/www.facecorner.lv\/shop\/"},{"@type":"ListItem","position":3,"name":"By Wishtrend Blue Oasis Hydrating Serum 30ml"}]},{"@type":"WebSite","@id":"https:\/\/www.facecorner.lv\/#website","url":"https:\/\/www.facecorner.lv\/","name":"Facecorner","description":"","publisher":{"@id":"https:\/\/www.facecorner.lv\/#organization"},"potentialAction":[{"@type":"SearchAction","target":{"@type":"EntryPoint","urlTemplate":"https:\/\/www.facecorner.lv\/?s={search_term_string}"},"query-input":{"@type":"PropertyValueSpecification","valueRequired":true,"valueName":"search_term_string"}}],"inLanguage":"ru-RU"},{"@type":"Organization","@id":"https:\/\/www.facecorner.lv\/#organization","name":"Facecorner","url":"https:\/\/www.facecorner.lv\/","logo":{"@type":"ImageObject","inLanguage":"ru-RU","@id":"https:\/\/www.facecorner.lv\/#\/schema\/logo\/image\/","url":"https:\/\/www.facecorner.lv\/wp-content\/uploads\/2024\/04\/fc-logo.jpg","contentUrl":"https:\/\/www.facecorner.lv\/wp-content\/uploads\/2024\/04\/fc-logo.jpg","width":174,"height":28,"caption":"Facecorner"},"image":{"@id":"https:\/\/www.facecorner.lv\/#\/schema\/logo\/image\/"},"sameAs":["https:\/\/www.facebook.com\/profile.php?id=100063824551839","https:\/\/www.instagram.com\/facecorner_shop\/"]}]},"product_price_amount":"25.90","product_price_currency":"EUR","og_availability":"instock","product_availability":"instock","product_condition":"new"},"_links":{"self":[{"href":"https:\/\/www.facecorner.lv\/ru\/wp-json\/wp\/v2\/product\/13923","targetHints":{"allow":["GET"]}}],"collection":[{"href":"https:\/\/www.facecorner.lv\/ru\/wp-json\/wp\/v2\/product"}],"about":[{"href":"https:\/\/www.facecorner.lv\/ru\/wp-json\/wp\/v2\/types\/product"}],"replies":[{"embeddable":true,"href":"https:\/\/www.facecorner.lv\/ru\/wp-json\/wp\/v2\/comments?post=13923"}],"wp:featuredmedia":[{"embeddable":true,"href":"https:\/\/www.facecorner.lv\/ru\/wp-json\/wp\/v2\/media\/13924"}],"wp:attachment":[{"href":"https:\/\/www.facecorner.lv\/ru\/wp-json\/wp\/v2\/media?parent=13923"}],"wp:term":[{"taxonomy":"product_brand","embeddable":true,"href":"https:\/\/www.facecorner.lv\/ru\/wp-json\/wp\/v2\/product_brand?post=13923"},{"taxonomy":"product_cat","embeddable":true,"href":"https:\/\/www.facecorner.lv\/ru\/wp-json\/wp\/v2\/product_cat?post=13923"},{"taxonomy":"product_tag","embeddable":true,"href":"https:\/\/www.facecorner.lv\/ru\/wp-json\/wp\/v2\/product_tag?post=13923"},{"taxonomy":"berocket_brand","embeddable":true,"href":"https:\/\/www.facecorner.lv\/ru\/wp-json\/wp\/v2\/berocket_brand?post=13923"}],"curies":[{"name":"wp","href":"https:\/\/api.w.org\/{rel}","templated":true}]}}