{"id":13883,"date":"2024-01-14T15:23:05","date_gmt":"2024-01-14T13:23:05","guid":{"rendered":"https:\/\/www.facecorner.lv\/?post_type=product&#038;p=13883"},"modified":"2024-03-28T16:26:18","modified_gmt":"2024-03-28T14:26:18","slug":"daeng-gi-meo-ri-vitalizing-treatment-300ml","status":"publish","type":"product","link":"https:\/\/www.facecorner.lv\/ru\/shop\/daeng-gi-meo-ri-vitalizing-treatment-300ml\/","title":{"rendered":"Daeng Gi Meo Ri Vitalizing Treatment 300ml"},"content":{"rendered":"<p>\u0412\u043e\u0441\u0441\u0442\u0430\u043d\u0430\u0432\u043b\u0438\u0432\u0430\u044e\u0449\u0430\u044f \u043c\u0430\u0441\u043a\u0430 \u0434\u043b\u044f \u0432\u043e\u043b\u043e\u0441 \u0441 \u043b\u0430\u043a\u0442\u043e\u0431\u0430\u043a\u0442\u0435\u0440\u0438\u044f\u043c\u0438 Daeng Gi Meo Ri Vitalizing Treatment  \u0441\u043e\u0434\u0435\u0440\u0436\u0438\u0442 \u043b\u0430\u043a\u0442\u043e\u0431\u0430\u043a\u0442\u0435\u0440\u0438\u0438, \u043a\u0435\u0440\u0430\u0442\u0438\u043d \u0438 \u0446\u0435\u0440\u0430\u043c\u0438\u0434\u044b. \u0421\u0440\u0435\u0434\u0441\u0442\u0432\u043e \u0431\u044b\u0441\u0442\u0440\u043e \u0443\u043b\u0443\u0447\u0448\u0430\u0435\u0442 \u0441\u043e\u0441\u0442\u043e\u044f\u043d\u0438\u0435 \u043f\u043e\u0432\u0440\u0435\u0436\u0434\u0435\u043d\u043d\u044b\u0445 \u0432\u043e\u043b\u043e\u0441 \u0438 \u0438\u0437\u0431\u0430\u0432\u043b\u044f\u0435\u0442 \u043e\u0442 \u0441\u0443\u0445\u043e\u0441\u0442\u0438 \u043a\u043e\u0436\u0438 \u0433\u043e\u043b\u043e\u0432\u044b, \u043f\u0440\u0435\u0434\u043e\u0442\u0432\u0440\u0430\u0449\u0430\u0435\u0442 \u0432\u044b\u043f\u0430\u0434\u0435\u043d\u0438\u0435. \u0423\u0432\u043b\u0430\u0436\u043d\u044f\u0435\u0442 \u0432\u043e\u043b\u043e\u0441\u044b \u043f\u043e \u0432\u0441\u0435\u0439 \u0434\u043b\u0438\u043d\u0435, \u043d\u0430\u043f\u0438\u0442\u044b\u0432\u0430\u0435\u0442 \u0438\u0445 \u043f\u043e\u043b\u0435\u0437\u043d\u044b\u043c\u0438 \u043a\u043e\u043c\u043f\u043e\u043d\u0435\u043d\u0442\u0430\u043c\u0438, \u0443\u0441\u0442\u0440\u0430\u043d\u044f\u0435\u0442 \u0441\u0443\u0445\u043e\u0441\u0442\u044c \u0438 \u043f\u0440\u0435\u0434\u043e\u0442\u0432\u0440\u0430\u0449\u0430\u0435\u0442 \u043f\u043e\u044f\u0432\u043b\u0435\u043d\u0438\u0435 \u0441\u0435\u043a\u0443\u0449\u0438\u0445\u0441\u044f \u043a\u043e\u043d\u0447\u0438\u043a\u043e\u0432. \u041a\u043e\u043d\u0434\u0438\u0446\u0438\u043e\u043d\u0435\u0440 \u0442\u0430\u043a\u0436\u0435 \u043f\u043e\u043c\u043e\u0433\u0430\u0435\u0442 \u0438\u0437\u0431\u0430\u0432\u0438\u0442\u044c\u0441\u044f \u043e\u0442 \u043f\u0435\u0440\u0445\u043e\u0442\u0438, \u043f\u0440\u0435\u0434\u043e\u0442\u0432\u0440\u0430\u0449\u0430\u0435\u0442 \u043f\u043e\u044f\u0432\u043b\u0435\u043d\u0438\u0435 \u0441\u0435\u0431\u043e\u0440\u0435\u0438 \u0438 \u0432\u043e\u0441\u043f\u0430\u043b\u0435\u043d\u0438\u0439 \u043d\u0430 \u043a\u043e\u0436\u0435 \u0433\u043e\u043b\u043e\u0432\u044b.<\/p>\n<p><strong>\u041e\u0441\u043d\u043e\u0432\u043d\u044b\u0435 \u0434\u0435\u0439\u0441\u0442\u0432\u0443\u044e\u0449\u0438\u0435 \u0438\u043d\u0433\u0440\u0435\u0434\u0438\u0435\u043d\u0442\u044b:<\/strong><\/p>\n<ul>\n<li>\u041b\u0430\u043a\u0442\u043e\u0431\u0430\u043a\u0442\u0435\u0440\u0438\u0438 \u043e\u0431\u0435\u0441\u043f\u0435\u0447\u0438\u0432\u0430\u044e\u0442 \u043f\u0438\u0442\u0430\u043d\u0438\u0435 \u043d\u043e\u0440\u043c\u0430\u043b\u044c\u043d\u043e\u0439 \u0444\u043b\u043e\u0440\u0435, \u0437\u0430\u0441\u0435\u043b\u044f\u044e\u0449\u0435\u0439 \u043a\u043e\u0436\u0443 \u0433\u043e\u043b\u043e\u0432\u044b, \u0438 \u043e\u0431\u0435\u0441\u043f\u0435\u0447\u0438\u0432\u0430\u044e\u0442 \u0432\u044b\u0442\u0435\u0441\u043d\u0435\u043d\u0438\u0435 \u043f\u0430\u0442\u043e\u0433\u0435\u043d\u043d\u044b\u0445 \u043c\u0438\u043a\u0440\u043e\u043e\u0440\u0433\u0430\u043d\u0438\u0437\u043c\u043e\u0432, \u043d\u0435\u0440\u0435\u0434\u043a\u043e \u044f\u0432\u043b\u044f\u044e\u0449\u0438\u0445\u0441\u044f \u043f\u0440\u0438\u0447\u0438\u043d\u043e\u0439 \u043f\u0435\u0440\u0445\u043e\u0442\u0438, \u0432\u044b\u043f\u0430\u0434\u0435\u043d\u0438\u044f \u0438\u043b\u0438 \u043b\u043e\u043c\u043a\u043e\u0441\u0442\u0438 \u0432\u043e\u043b\u043e\u0441.<\/li>\n<li>\u041f\u0430\u043d\u0442\u0435\u043d\u043e\u043b \u044d\u0444\u0444\u0435\u043a\u0442\u0438\u0432\u0435\u043d \u043f\u0440\u0438 \u043b\u0435\u0447\u0435\u043d\u0438\u0438 \u0440\u0430\u0437\u043b\u0438\u0447\u043d\u044b\u0445 \u0434\u0435\u0440\u043c\u0430\u0442\u043e\u043b\u043e\u0433\u0438\u0447\u0435\u0441\u043a\u0438\u0445 \u0437\u0430\u0431\u043e\u043b\u0435\u0432\u0430\u043d\u0438\u0439. \u0415\u0433\u043e \u0434\u0435\u0439\u0441\u0442\u0432\u0438\u0435 \u043d\u0430\u043f\u0440\u0430\u0432\u043b\u0435\u043d\u043e \u043d\u0430 \u0440\u0435\u0433\u0435\u043d\u0435\u0440\u0430\u0446\u0438\u044e \u043a\u043e\u0436\u043d\u044b\u0445 \u043f\u043e\u043a\u0440\u043e\u0432\u043e\u0432, \u0441\u043d\u044f\u0442\u0438\u0435 \u0432\u043e\u0441\u043f\u0430\u043b\u0435\u043d\u0438\u0439, \u0432\u043e\u0441\u0441\u0442\u0430\u043d\u043e\u0432\u043b\u0435\u043d\u0438\u0435 \u0438 \u0433\u043b\u0443\u0431\u043e\u043a\u043e\u0435 \u043f\u0438\u0442\u0430\u043d\u0438\u0435 \u0432\u043e\u043b\u043e\u0441.<\/li>\n<li>\u041a\u0435\u0440\u0430\u0442\u0438\u043d \u2014 \u043e\u0441\u043d\u043e\u0432\u043d\u043e\u0439 \u0441\u0442\u0440\u0443\u043a\u0442\u0443\u0440\u043d\u044b\u0439 \u043a\u043e\u043c\u043f\u043e\u043d\u0435\u043d\u0442 \u0432\u043e\u043b\u043e\u0441\u0430, \u0443\u043b\u0443\u0447\u0448\u0430\u0435\u0442 \u0441\u0442\u0440\u0443\u043a\u0442\u0443\u0440\u0443, \u0438\u0437\u0431\u0430\u0432\u043b\u044f\u0435\u0442 \u043e\u0442 \u0441\u0443\u0445\u043e\u0441\u0442\u0438. \u042d\u0442\u043e \u0445\u0438\u043c\u0438\u0447\u0435\u0441\u043a\u0438 \u0440\u0430\u0437\u0440\u0443\u0448\u0435\u043d\u043d\u044b\u0435 \u0434\u043e \u0431\u043e\u043b\u0435\u0435 \u043c\u0435\u043b\u043a\u0438\u0445 \u0440\u0430\u0437\u043c\u0435\u0440\u043e\u0432 \u0438 \u0432\u043e\u0434\u043e\u0440\u0430\u0441\u0442\u0432\u043e\u0440\u0438\u043c\u043e\u0439 \u0444\u043e\u0440\u043c\u044b \u043c\u043e\u043b\u0435\u043a\u0443\u043b\u044b \u043d\u0430\u0442\u0443\u0440\u0430\u043b\u044c\u043d\u043e\u0433\u043e \u043a\u0435\u0440\u0430\u0442\u0438\u043d\u0430. \u042d\u0442\u0438 \u0432\u0435\u0449\u0435\u0441\u0442\u0432\u0430 \u043b\u0435\u0433\u043a\u043e \u043f\u0440\u043e\u043d\u0438\u043a\u0430\u044e\u0442 \u0432 \u0441\u0442\u0440\u0443\u043a\u0442\u0443\u0440\u0443 \u0432\u043e\u043b\u043e\u0441 \u0438 \u043a\u043e\u0436\u0438 \u0438 \u043e\u043a\u0430\u0437\u044b\u0432\u0430\u044e\u0442 \u043e\u0447\u0435\u043d\u044c \u044d\u0444\u0444\u0435\u043a\u0442\u0438\u0432\u043d\u043e\u0435 \u043a\u043e\u043d\u0434\u0438\u0446\u0438\u043e\u043d\u0438\u0440\u0443\u044e\u0449\u0435\u0435 \u0432\u043e\u0437\u0434\u0435\u0439\u0441\u0442\u0432\u0438\u0435.<\/li>\n<li>\u0426\u0435\u0440\u0430\u043c\u0438\u0434\u044b \u043d\u0430\u043f\u043e\u043b\u043d\u044f\u0435\u0442 \u043f\u0440\u044f\u0434\u0438 \u0436\u0438\u0437\u043d\u0435\u043d\u043d\u043e\u0439 \u0441\u0438\u043b\u043e\u0439 \u0438 \u0434\u0435\u043b\u0430\u0435\u0442 \u0438\u0445 \u0431\u043e\u043b\u0435\u0435 \u043f\u0440\u043e\u0447\u043d\u044b\u043c\u0438, \u0432\u043e\u0441\u0441\u0442\u0430\u043d\u0430\u0432\u043b\u0438\u0432\u0430\u0435\u0442 \u043f\u043e\u0432\u0440\u0435\u0436\u0434\u0435\u043d\u043d\u044b\u0435 \u0443\u0447\u0430\u0441\u0442\u043a\u0438, \u043f\u0440\u0438\u0434\u0430\u0435\u0442 \u0432\u043e\u043b\u043e\u0441\u0430\u043c \u0431\u043b\u0435\u0441\u043a \u0438 \u0448\u0435\u043b\u043a\u043e\u0432\u0438\u0441\u0442\u043e\u0441\u0442\u044c.<\/li>\n<li>\u0426\u0435\u043d\u0442\u0435\u043b\u043b\u0430 \u0430\u0437\u0438\u0430\u0442\u0441\u043a\u0430\u044f \u0443\u0432\u043b\u0430\u0436\u043d\u044f\u0435\u0442 \u0438 \u043f\u0438\u0442\u0430\u0435\u0442 \u043a\u043e\u0436\u0443 \u0433\u043e\u043b\u043e\u0432\u044b, \u0434\u0435\u043b\u0430\u0435\u0442 \u0432\u043e\u043b\u043e\u0441\u044b \u0431\u043e\u043b\u0435\u0435 \u0431\u043b\u0435\u0441\u0442\u044f\u0449\u0438\u043c\u0438 \u0438 \u0443\u0441\u043a\u043e\u0440\u044f\u0435\u0442 \u0438\u0445 \u0440\u043e\u0441\u0442.<\/li>\n<\/ul>\n<p><strong>\u0420\u0435\u043a\u043e\u043c\u0435\u043d\u0434\u0430\u0446\u0438\u0438 \u043f\u043e \u043f\u0440\u0438\u043c\u0435\u043d\u0435\u043d\u0438\u044e:<\/strong> \u043d\u0430\u043d\u0435\u0441\u0438\u0442\u0435 \u043d\u0430 \u0447\u0438\u0441\u0442\u044b\u0435 \u0432\u043b\u0430\u0436\u043d\u044b\u0435 \u0432\u043e\u043b\u043e\u0441\u044b, \u043e\u0441\u0442\u0430\u0432\u044c\u0442\u0435 \u043d\u0430 3-5 \u043c\u0438\u043d\u0443\u0442 \u0438 \u0441\u043c<\/p>\n<p><strong>\u0421\u043e\u0441\u0442\u0430\u0432\u00a0<\/strong>purified water, ceteryl alcohol, cyclopenta siloxane, dimethicone, stearamido propyl dimethylamine, gujeolcho extract, fragrance, dicaprylyl carbonate, betaine, glutamic acid, turmeric extract, aminoprofil Dimethicone, Cypress Leaf Extract, Mugwort Extract, Amordimethicone, Ceteares-20, Acacia Extract, Cereal Extract, Nasturtium Extract, Hydrolyzed De Keratin, Irises, Lactobacillus, Centella, Engraver Fermented filtrate, butylene glycol, celestial extract, laureth -23, C12-15 pares-3, fiji-10, glycerin, set limonium chloride Cyclotetrasiloxane, Ginseng Extract, Trideces-12, Thenyl Trimethicone, Panthenol, Caprylic, Capric Triglyceride, Ke Latin, lecithin, tocopheryl acetate, machi extract, ceramide 3, phenoxy ethanol<\/p>","protected":false},"excerpt":{"rendered":"<p>Atjaunojo\u0161\u0101 matu maska \u200b\u200bar laktobacill\u0101m Daeng Gi Meo Ri Vitalizing Treatment satur laktobacillus, kerat\u012bnu un keram\u012bdus. Produkts \u0101tri uzlabo boj\u0101tu matu st\u0101vokli un mazina sausu galvas \u0101du, nov\u0113r\u0161ot matu izkri\u0161anu. Mitrina matus vis\u0101 garum\u0101, pies\u0101tina tos ar noder\u012bg\u0101m sast\u0101vda\u013c\u0101m, nov\u0113r\u0161 sausumu un nov\u0113r\u0161 matu galu \u0161\u0137el\u0161anos. Kondicionieris ar\u012b pal\u012bdz atbr\u012bvoties no blaugzn\u0101m, nov\u0113r\u0161 seborejas un [&hellip;]<\/p>\n","protected":false},"featured_media":13884,"comment_status":"open","ping_status":"closed","template":"","meta":{"site-sidebar-layout":"default","site-content-layout":"","ast-site-content-layout":"","site-content-style":"default","site-sidebar-style":"default","ast-global-header-display":"","ast-banner-title-visibility":"","ast-main-header-display":"","ast-hfb-above-header-display":"","ast-hfb-below-header-display":"","ast-hfb-mobile-header-display":"","site-post-title":"","ast-breadcrumbs-content":"","ast-featured-img":"","footer-sml-layout":"","theme-transparent-header-meta":"","adv-header-id-meta":"","stick-header-meta":"","header-above-stick-meta":"","header-main-stick-meta":"","header-below-stick-meta":"","astra-migrate-meta-layouts":"default","ast-page-background-enabled":"default","ast-page-background-meta":{"desktop":{"background-color":"var(--ast-global-color-4)","background-image":"","background-repeat":"repeat","background-position":"center center","background-size":"auto","background-attachment":"scroll","background-type":"","background-media":"","overlay-type":"","overlay-color":"","overlay-opacity":"","overlay-gradient":""},"tablet":{"background-color":"","background-image":"","background-repeat":"repeat","background-position":"center center","background-size":"auto","background-attachment":"scroll","background-type":"","background-media":"","overlay-type":"","overlay-color":"","overlay-opacity":"","overlay-gradient":""},"mobile":{"background-color":"","background-image":"","background-repeat":"repeat","background-position":"center center","background-size":"auto","background-attachment":"scroll","background-type":"","background-media":"","overlay-type":"","overlay-color":"","overlay-opacity":"","overlay-gradient":""}},"ast-content-background-meta":{"desktop":{"background-color":"var(--ast-global-color-5)","background-image":"","background-repeat":"repeat","background-position":"center center","background-size":"auto","background-attachment":"scroll","background-type":"","background-media":"","overlay-type":"","overlay-color":"","overlay-opacity":"","overlay-gradient":""},"tablet":{"background-color":"var(--ast-global-color-5)","background-image":"","background-repeat":"repeat","background-position":"center center","background-size":"auto","background-attachment":"scroll","background-type":"","background-media":"","overlay-type":"","overlay-color":"","overlay-opacity":"","overlay-gradient":""},"mobile":{"background-color":"var(--ast-global-color-5)","background-image":"","background-repeat":"repeat","background-position":"center center","background-size":"auto","background-attachment":"scroll","background-type":"","background-media":"","overlay-type":"","overlay-color":"","overlay-opacity":"","overlay-gradient":""}}},"product_brand":[],"product_cat":[356,330],"product_tag":[],"berocket_brand":[],"class_list":{"0":"post-13883","1":"product","2":"type-product","3":"status-publish","4":"has-post-thumbnail","6":"product_cat-kondicionieri","7":"product_cat-matiem","8":"desktop-align-left","9":"tablet-align-left","10":"mobile-align-left","12":"first","13":"outofstock","14":"taxable","15":"shipping-taxable","16":"purchasable","17":"product-type-simple","18":"add-to-wishlist-before_image"},"yoast_head":"<!-- This site is optimized with the Yoast SEO plugin v27.4 - https:\/\/yoast.com\/product\/yoast-seo-wordpress\/ -->\n<title>Daeng Gi Meo Ri Vitalizing Treatment 300ml - FACECORNER<\/title>\n<meta name=\"robots\" content=\"index, follow, max-snippet:-1, max-image-preview:large, max-video-preview:-1\" \/>\n<link rel=\"canonical\" href=\"https:\/\/www.facecorner.lv\/ru\/shop\/daeng-gi-meo-ri-vitalizing-treatment-300ml\/\" \/>\n<meta property=\"og:locale\" content=\"ru_RU\" \/>\n<meta property=\"og:type\" content=\"article\" \/>\n<meta property=\"og:title\" content=\"Daeng Gi Meo Ri Vitalizing Treatment 300ml - FACECORNER\" \/>\n<meta property=\"og:description\" content=\"Atjaunojo\u0161\u0101 matu maska \u200b\u200bar laktobacill\u0101m Daeng Gi Meo Ri Vitalizing Treatment satur laktobacillus, kerat\u012bnu un keram\u012bdus. Produkts \u0101tri uzlabo boj\u0101tu matu st\u0101vokli un mazina sausu galvas \u0101du, nov\u0113r\u0161ot matu izkri\u0161anu. Mitrina matus vis\u0101 garum\u0101, pies\u0101tina tos ar noder\u012bg\u0101m sast\u0101vda\u013c\u0101m, nov\u0113r\u0161 sausumu un nov\u0113r\u0161 matu galu \u0161\u0137el\u0161anos. Kondicionieris ar\u012b pal\u012bdz atbr\u012bvoties no blaugzn\u0101m, nov\u0113r\u0161 seborejas un [&hellip;]\" \/>\n<meta property=\"og:url\" content=\"https:\/\/www.facecorner.lv\/ru\/shop\/daeng-gi-meo-ri-vitalizing-treatment-300ml\/\" \/>\n<meta property=\"og:site_name\" content=\"FACECORNER\" \/>\n<meta property=\"article:publisher\" content=\"https:\/\/www.facebook.com\/profile.php?id=100063824551839\" \/>\n<meta property=\"article:modified_time\" content=\"2024-03-28T14:26:18+00:00\" \/>\n<meta property=\"og:image\" content=\"https:\/\/www.facecorner.lv\/wp-content\/uploads\/2024\/01\/DaengGiMeoRiVitalizingTreatment300ml.webp.jpeg\" \/>\n\t<meta property=\"og:image:width\" content=\"1000\" \/>\n\t<meta property=\"og:image:height\" content=\"1000\" \/>\n\t<meta property=\"og:image:type\" content=\"image\/jpeg\" \/>\n<meta name=\"twitter:card\" content=\"summary_large_image\" \/>\n<meta name=\"twitter:label1\" content=\"\u0426\u0435\u043d\u0430\" \/>\n\t<meta name=\"twitter:data1\" content=\"&euro;14.50\" \/>\n\t<meta name=\"twitter:label2\" content=\"\u0414\u043e\u0441\u0442\u0443\u043f\u043d\u043e\u0441\u0442\u044c\" \/>\n\t<meta name=\"twitter:data2\" content=\"\u0420\u0430\u0441\u043f\u0440\u043e\u0434\u0430\u043d\u043e\" \/>\n<script type=\"application\/ld+json\" class=\"yoast-schema-graph\">{\"@context\":\"https:\\\/\\\/schema.org\",\"@graph\":[{\"@type\":\"WebPage\",\"@id\":\"https:\\\/\\\/www.facecorner.lv\\\/shop\\\/daeng-gi-meo-ri-vitalizing-treatment-300ml\\\/\",\"url\":\"https:\\\/\\\/www.facecorner.lv\\\/shop\\\/daeng-gi-meo-ri-vitalizing-treatment-300ml\\\/\",\"name\":\"Daeng Gi Meo Ri Vitalizing Treatment 300ml - FACECORNER\",\"isPartOf\":{\"@id\":\"https:\\\/\\\/www.facecorner.lv\\\/#website\"},\"primaryImageOfPage\":{\"@id\":\"https:\\\/\\\/www.facecorner.lv\\\/shop\\\/daeng-gi-meo-ri-vitalizing-treatment-300ml\\\/#primaryimage\"},\"image\":{\"@id\":\"https:\\\/\\\/www.facecorner.lv\\\/shop\\\/daeng-gi-meo-ri-vitalizing-treatment-300ml\\\/#primaryimage\"},\"thumbnailUrl\":\"https:\\\/\\\/www.facecorner.lv\\\/wp-content\\\/uploads\\\/2024\\\/01\\\/DaengGiMeoRiVitalizingTreatment300ml.webp.jpeg\",\"datePublished\":\"2024-01-14T13:23:05+00:00\",\"dateModified\":\"2024-03-28T14:26:18+00:00\",\"breadcrumb\":{\"@id\":\"https:\\\/\\\/www.facecorner.lv\\\/shop\\\/daeng-gi-meo-ri-vitalizing-treatment-300ml\\\/#breadcrumb\"},\"inLanguage\":\"ru-RU\",\"potentialAction\":[{\"@type\":\"ReadAction\",\"target\":[\"https:\\\/\\\/www.facecorner.lv\\\/shop\\\/daeng-gi-meo-ri-vitalizing-treatment-300ml\\\/\"]}]},{\"@type\":\"ImageObject\",\"inLanguage\":\"ru-RU\",\"@id\":\"https:\\\/\\\/www.facecorner.lv\\\/shop\\\/daeng-gi-meo-ri-vitalizing-treatment-300ml\\\/#primaryimage\",\"url\":\"https:\\\/\\\/www.facecorner.lv\\\/wp-content\\\/uploads\\\/2024\\\/01\\\/DaengGiMeoRiVitalizingTreatment300ml.webp.jpeg\",\"contentUrl\":\"https:\\\/\\\/www.facecorner.lv\\\/wp-content\\\/uploads\\\/2024\\\/01\\\/DaengGiMeoRiVitalizingTreatment300ml.webp.jpeg\",\"width\":1000,\"height\":1000},{\"@type\":\"BreadcrumbList\",\"@id\":\"https:\\\/\\\/www.facecorner.lv\\\/shop\\\/daeng-gi-meo-ri-vitalizing-treatment-300ml\\\/#breadcrumb\",\"itemListElement\":[{\"@type\":\"ListItem\",\"position\":1,\"name\":\"Home\",\"item\":\"https:\\\/\\\/www.facecorner.lv\\\/\"},{\"@type\":\"ListItem\",\"position\":2,\"name\":\"Veikals\",\"item\":\"https:\\\/\\\/www.facecorner.lv\\\/shop\\\/\"},{\"@type\":\"ListItem\",\"position\":3,\"name\":\"Daeng Gi Meo Ri Vitalizing Treatment 300ml\"}]},{\"@type\":\"WebSite\",\"@id\":\"https:\\\/\\\/www.facecorner.lv\\\/#website\",\"url\":\"https:\\\/\\\/www.facecorner.lv\\\/\",\"name\":\"Facecorner\",\"description\":\"\",\"publisher\":{\"@id\":\"https:\\\/\\\/www.facecorner.lv\\\/#organization\"},\"potentialAction\":[{\"@type\":\"SearchAction\",\"target\":{\"@type\":\"EntryPoint\",\"urlTemplate\":\"https:\\\/\\\/www.facecorner.lv\\\/?s={search_term_string}\"},\"query-input\":{\"@type\":\"PropertyValueSpecification\",\"valueRequired\":true,\"valueName\":\"search_term_string\"}}],\"inLanguage\":\"ru-RU\"},{\"@type\":\"Organization\",\"@id\":\"https:\\\/\\\/www.facecorner.lv\\\/#organization\",\"name\":\"Facecorner\",\"url\":\"https:\\\/\\\/www.facecorner.lv\\\/\",\"logo\":{\"@type\":\"ImageObject\",\"inLanguage\":\"ru-RU\",\"@id\":\"https:\\\/\\\/www.facecorner.lv\\\/#\\\/schema\\\/logo\\\/image\\\/\",\"url\":\"https:\\\/\\\/www.facecorner.lv\\\/wp-content\\\/uploads\\\/2024\\\/04\\\/fc-logo.jpg\",\"contentUrl\":\"https:\\\/\\\/www.facecorner.lv\\\/wp-content\\\/uploads\\\/2024\\\/04\\\/fc-logo.jpg\",\"width\":174,\"height\":28,\"caption\":\"Facecorner\"},\"image\":{\"@id\":\"https:\\\/\\\/www.facecorner.lv\\\/#\\\/schema\\\/logo\\\/image\\\/\"},\"sameAs\":[\"https:\\\/\\\/www.facebook.com\\\/profile.php?id=100063824551839\",\"https:\\\/\\\/www.instagram.com\\\/facecorner_shop\\\/\"]}]}<\/script>\n<meta property=\"product:price:amount\" content=\"14.50\" \/>\n<meta property=\"product:price:currency\" content=\"EUR\" \/>\n<meta property=\"og:availability\" content=\"out of stock\" \/>\n<meta property=\"product:availability\" content=\"out of stock\" \/>\n<meta property=\"product:condition\" content=\"new\" \/>\n<!-- \/ Yoast SEO plugin. -->","yoast_head_json":{"title":"Daeng Gi Meo Ri Vitalizing Treatment 300ml - FACECORNER","robots":{"index":"index","follow":"follow","max-snippet":"max-snippet:-1","max-image-preview":"max-image-preview:large","max-video-preview":"max-video-preview:-1"},"canonical":"https:\/\/www.facecorner.lv\/ru\/shop\/daeng-gi-meo-ri-vitalizing-treatment-300ml\/","og_locale":"ru_RU","og_type":"article","og_title":"Daeng Gi Meo Ri Vitalizing Treatment 300ml - FACECORNER","og_description":"Atjaunojo\u0161\u0101 matu maska \u200b\u200bar laktobacill\u0101m Daeng Gi Meo Ri Vitalizing Treatment satur laktobacillus, kerat\u012bnu un keram\u012bdus. Produkts \u0101tri uzlabo boj\u0101tu matu st\u0101vokli un mazina sausu galvas \u0101du, nov\u0113r\u0161ot matu izkri\u0161anu. Mitrina matus vis\u0101 garum\u0101, pies\u0101tina tos ar noder\u012bg\u0101m sast\u0101vda\u013c\u0101m, nov\u0113r\u0161 sausumu un nov\u0113r\u0161 matu galu \u0161\u0137el\u0161anos. Kondicionieris ar\u012b pal\u012bdz atbr\u012bvoties no blaugzn\u0101m, nov\u0113r\u0161 seborejas un [&hellip;]","og_url":"https:\/\/www.facecorner.lv\/ru\/shop\/daeng-gi-meo-ri-vitalizing-treatment-300ml\/","og_site_name":"FACECORNER","article_publisher":"https:\/\/www.facebook.com\/profile.php?id=100063824551839","article_modified_time":"2024-03-28T14:26:18+00:00","og_image":[{"width":1000,"height":1000,"url":"https:\/\/www.facecorner.lv\/wp-content\/uploads\/2024\/01\/DaengGiMeoRiVitalizingTreatment300ml.webp.jpeg","type":"image\/jpeg"}],"twitter_card":"summary_large_image","twitter_misc":{"\u0426\u0435\u043d\u0430":"&euro;14.50","\u0414\u043e\u0441\u0442\u0443\u043f\u043d\u043e\u0441\u0442\u044c":"\u0420\u0430\u0441\u043f\u0440\u043e\u0434\u0430\u043d\u043e"},"schema":{"@context":"https:\/\/schema.org","@graph":[{"@type":"WebPage","@id":"https:\/\/www.facecorner.lv\/shop\/daeng-gi-meo-ri-vitalizing-treatment-300ml\/","url":"https:\/\/www.facecorner.lv\/shop\/daeng-gi-meo-ri-vitalizing-treatment-300ml\/","name":"Daeng Gi Meo Ri Vitalizing Treatment 300ml - FACECORNER","isPartOf":{"@id":"https:\/\/www.facecorner.lv\/#website"},"primaryImageOfPage":{"@id":"https:\/\/www.facecorner.lv\/shop\/daeng-gi-meo-ri-vitalizing-treatment-300ml\/#primaryimage"},"image":{"@id":"https:\/\/www.facecorner.lv\/shop\/daeng-gi-meo-ri-vitalizing-treatment-300ml\/#primaryimage"},"thumbnailUrl":"https:\/\/www.facecorner.lv\/wp-content\/uploads\/2024\/01\/DaengGiMeoRiVitalizingTreatment300ml.webp.jpeg","datePublished":"2024-01-14T13:23:05+00:00","dateModified":"2024-03-28T14:26:18+00:00","breadcrumb":{"@id":"https:\/\/www.facecorner.lv\/shop\/daeng-gi-meo-ri-vitalizing-treatment-300ml\/#breadcrumb"},"inLanguage":"ru-RU","potentialAction":[{"@type":"ReadAction","target":["https:\/\/www.facecorner.lv\/shop\/daeng-gi-meo-ri-vitalizing-treatment-300ml\/"]}]},{"@type":"ImageObject","inLanguage":"ru-RU","@id":"https:\/\/www.facecorner.lv\/shop\/daeng-gi-meo-ri-vitalizing-treatment-300ml\/#primaryimage","url":"https:\/\/www.facecorner.lv\/wp-content\/uploads\/2024\/01\/DaengGiMeoRiVitalizingTreatment300ml.webp.jpeg","contentUrl":"https:\/\/www.facecorner.lv\/wp-content\/uploads\/2024\/01\/DaengGiMeoRiVitalizingTreatment300ml.webp.jpeg","width":1000,"height":1000},{"@type":"BreadcrumbList","@id":"https:\/\/www.facecorner.lv\/shop\/daeng-gi-meo-ri-vitalizing-treatment-300ml\/#breadcrumb","itemListElement":[{"@type":"ListItem","position":1,"name":"Home","item":"https:\/\/www.facecorner.lv\/"},{"@type":"ListItem","position":2,"name":"Veikals","item":"https:\/\/www.facecorner.lv\/shop\/"},{"@type":"ListItem","position":3,"name":"Daeng Gi Meo Ri Vitalizing Treatment 300ml"}]},{"@type":"WebSite","@id":"https:\/\/www.facecorner.lv\/#website","url":"https:\/\/www.facecorner.lv\/","name":"Facecorner","description":"","publisher":{"@id":"https:\/\/www.facecorner.lv\/#organization"},"potentialAction":[{"@type":"SearchAction","target":{"@type":"EntryPoint","urlTemplate":"https:\/\/www.facecorner.lv\/?s={search_term_string}"},"query-input":{"@type":"PropertyValueSpecification","valueRequired":true,"valueName":"search_term_string"}}],"inLanguage":"ru-RU"},{"@type":"Organization","@id":"https:\/\/www.facecorner.lv\/#organization","name":"Facecorner","url":"https:\/\/www.facecorner.lv\/","logo":{"@type":"ImageObject","inLanguage":"ru-RU","@id":"https:\/\/www.facecorner.lv\/#\/schema\/logo\/image\/","url":"https:\/\/www.facecorner.lv\/wp-content\/uploads\/2024\/04\/fc-logo.jpg","contentUrl":"https:\/\/www.facecorner.lv\/wp-content\/uploads\/2024\/04\/fc-logo.jpg","width":174,"height":28,"caption":"Facecorner"},"image":{"@id":"https:\/\/www.facecorner.lv\/#\/schema\/logo\/image\/"},"sameAs":["https:\/\/www.facebook.com\/profile.php?id=100063824551839","https:\/\/www.instagram.com\/facecorner_shop\/"]}]},"product_price_amount":"14.50","product_price_currency":"EUR","og_availability":"out of stock","product_availability":"out of stock","product_condition":"new"},"_links":{"self":[{"href":"https:\/\/www.facecorner.lv\/ru\/wp-json\/wp\/v2\/product\/13883","targetHints":{"allow":["GET"]}}],"collection":[{"href":"https:\/\/www.facecorner.lv\/ru\/wp-json\/wp\/v2\/product"}],"about":[{"href":"https:\/\/www.facecorner.lv\/ru\/wp-json\/wp\/v2\/types\/product"}],"replies":[{"embeddable":true,"href":"https:\/\/www.facecorner.lv\/ru\/wp-json\/wp\/v2\/comments?post=13883"}],"wp:featuredmedia":[{"embeddable":true,"href":"https:\/\/www.facecorner.lv\/ru\/wp-json\/wp\/v2\/media\/13884"}],"wp:attachment":[{"href":"https:\/\/www.facecorner.lv\/ru\/wp-json\/wp\/v2\/media?parent=13883"}],"wp:term":[{"taxonomy":"product_brand","embeddable":true,"href":"https:\/\/www.facecorner.lv\/ru\/wp-json\/wp\/v2\/product_brand?post=13883"},{"taxonomy":"product_cat","embeddable":true,"href":"https:\/\/www.facecorner.lv\/ru\/wp-json\/wp\/v2\/product_cat?post=13883"},{"taxonomy":"product_tag","embeddable":true,"href":"https:\/\/www.facecorner.lv\/ru\/wp-json\/wp\/v2\/product_tag?post=13883"},{"taxonomy":"berocket_brand","embeddable":true,"href":"https:\/\/www.facecorner.lv\/ru\/wp-json\/wp\/v2\/berocket_brand?post=13883"}],"curies":[{"name":"wp","href":"https:\/\/api.w.org\/{rel}","templated":true}]}}