{"id":13879,"date":"2024-01-14T15:07:47","date_gmt":"2024-01-14T13:07:47","guid":{"rendered":"https:\/\/www.facecorner.lv\/?post_type=product&#038;p=13879"},"modified":"2024-08-10T12:16:41","modified_gmt":"2024-08-10T10:16:41","slug":"daeng-gi-meo-ri-new-gold-special-shampoo-500ml","status":"publish","type":"product","link":"https:\/\/www.facecorner.lv\/ru\/shop\/daeng-gi-meo-ri-new-gold-special-shampoo-500ml\/","title":{"rendered":"Daeng Gi Meo Ri New Gold Special Shampoo 500ml"},"content":{"rendered":"<p>\u0428\u0430\u043c\u043f\u0443\u043d\u044c \u0434\u043b\u044f \u0433\u043b\u0443\u0431\u043e\u043a\u043e\u0433\u043e \u043e\u0447\u0438\u0449\u0435\u043d\u0438\u044f \u0438 \u0443\u043a\u0440\u0435\u043f\u043b\u0435\u043d\u0438\u044f \u043a\u043e\u0440\u043d\u0435\u0439 \u0432\u043e\u043b\u043e\u0441 Daeng Gi Meo Ri New Gold Special Shampoo \u0442\u0449\u0430\u0442\u0435\u043b\u044c\u043d\u043e \u043f\u0440\u043e\u043c\u044b\u0432\u0430\u0435\u0442, \u0443\u0441\u0442\u0440\u0430\u043d\u044f\u044f \u0438\u0437\u043b\u0438\u0448\u043a\u0438 \u043a\u043e\u0436\u043d\u043e\u0433\u043e \u0441\u0430\u043b\u0430, \u043f\u044b\u043b\u044c, \u0437\u0430\u0433\u0440\u044f\u0437\u043d\u0435\u043d\u0438\u044f, \u043e\u0440\u043e\u0433\u043e\u0432\u0435\u0432\u0448\u0438\u0435 \u0447\u0430\u0441\u0442\u0438\u0446\u044b \u043a\u043e\u0436\u0438 \u0438 \u043e\u0441\u0442\u0430\u0442\u043a\u0438 \u0443\u043a\u043b\u0430\u0434\u043e\u0447\u043d\u044b\u0445 \u0441\u0440\u0435\u0434\u0441\u0442\u0432, \u043e\u0441\u0442\u0430\u0432\u043b\u044f\u044f \u043e\u0449\u0443\u0449\u0435\u043d\u0438\u0435 \u0447\u0438\u0441\u0442\u043e\u0442\u044b \u0438 \u0441\u0432\u0435\u0436\u0435\u0441\u0442\u0438.<\/p>\n<p>\u0428\u0430\u043c\u043f\u0443\u043d\u044c \u0430\u043a\u0442\u0438\u0432\u0438\u0440\u0443\u0435\u0442 \u0432\u043e\u043b\u043e\u0441\u044f\u043d\u044b\u0435 \u0444\u043e\u043b\u043b\u0438\u043a\u0443\u043b\u044b \u0438 \u0443\u043b\u0443\u0447\u0448\u0430\u0435\u0442 \u043c\u0438\u043a\u0440\u043e\u0446\u0438\u0440\u043a\u0443\u043b\u044f\u0446\u0438\u044e, \u0442\u0435\u043c \u0441\u0430\u043c\u044b\u043c \u043f\u0440\u0435\u043f\u044f\u0442\u0441\u0442\u0432\u0443\u0435\u0442 \u0432\u044b\u043f\u0430\u0434\u0435\u043d\u0438\u044e, \u0434\u0435\u043b\u0430\u0435\u0442 \u0432\u043e\u043b\u043e\u0441\u044b \u0441\u0438\u043b\u044c\u043d\u044b\u043c\u0438 \u0438 \u0431\u043b\u0435\u0441\u0442\u044f\u0449\u0438\u043c\u0438. \u041e\u0437\u0434\u043e\u0440\u0430\u0432\u043b\u0438\u0432\u0430\u0435\u0442 \u043a\u043e\u0436\u0443 \u0433\u043e\u043b\u043e\u0432\u044b, \u0441\u043f\u043e\u0441\u043e\u0431\u0441\u0442\u0432\u0443\u0435\u0442 \u0443\u043c\u0435\u043d\u044c\u0448\u0435\u043d\u0438\u044e \u0447\u0440\u0435\u0437\u043c\u0435\u0440\u043d\u043e\u0439 \u0436\u0438\u0440\u043d\u043e\u0441\u0442\u0438.<\/p>\n<p>\u0421\u043e\u0434\u0435\u0440\u0436\u0438\u0442 35% \u0440\u0430\u0441\u0442\u0438\u0442\u0435\u043b\u044c\u043d\u044b\u0445 \u044d\u043a\u0441\u0442\u0440\u0430\u043a\u0442\u043e\u0432, \u0441\u0440\u0435\u0434\u0438 \u043a\u043e\u0442\u043e\u0440\u044b\u0445 \u044d\u043a\u0441\u0442\u0440\u0430\u043a\u0442 \u0436\u0435\u043d\u044c\u0448\u0435\u043d\u044f \u2014 \u043a\u043e\u043c\u043f\u043e\u043d\u0435\u043d\u0442, \u043d\u0430\u0441\u044b\u0449\u0435\u043d\u043d\u044b\u0439 \u043f\u043e\u043b\u0435\u0437\u043d\u044b\u043c\u0438 \u0432\u0435\u0449\u0435\u0441\u0442\u0432\u0430\u043c\u0438 \u0441\u0430\u043f\u043e\u043d\u0438\u043d\u0430\u043c\u0438, \u0443\u0441\u0438\u043b\u0438\u0432\u0430\u044e\u0449\u0438\u043c\u0438 \u043c\u0438\u043a\u0440\u043e\u0446\u0438\u0440\u043a\u0443\u043b\u044f\u0446\u0438\u044e \u043a\u043e\u0436\u0438 \u0433\u043e\u043b\u043e\u0432\u044b, \u0442\u0435\u043c \u0441\u0430\u043c\u044b\u043c \u0441\u0442\u0438\u043c\u0443\u043b\u0438\u0440\u0443\u0435\u0442 \u0440\u043e\u0441\u0442 \u0432\u043e\u043b\u043e\u0441 \u0438 \u043e\u043a\u0430\u0437\u044b\u0432\u0430\u0435\u0442 \u0430\u043d\u0442\u0438\u043e\u043a\u0441\u0438\u0434\u0430\u043d\u0442\u043d\u043e\u0435 \u0434\u0435\u0439\u0441\u0442\u0432\u0438\u0435.<\/p>\n<p><strong>\u041e\u0441\u043d\u043e\u0432\u043d\u044b\u0435 \u0434\u0435\u0439\u0441\u0442\u0432\u0443\u044e\u0449\u0438\u0435 \u0438\u043d\u0433\u0440\u0435\u0434\u0438\u0435\u043d\u0442\u044b:<\/strong><\/p>\n<ul>\n<li>\u041c\u043e\u0440\u0441\u043a\u043e\u0439 \u043a\u043e\u043b\u043b\u0430\u0433\u0435\u043d (Lactobacillus\/Collagen Ferment Filtrate) \u0440\u0430\u0437\u0433\u043b\u0430\u0436\u0438\u0432\u0430\u0435\u0442 \u043a\u0435\u0440\u0430\u0442\u0438\u043d\u043e\u0432\u044b\u0435 \u0447\u0435\u0448\u0443\u0439\u043a\u0438 \u0432\u043e\u043b\u043e\u0441, \u0437\u0430\u043f\u043e\u043b\u043d\u044f\u0435\u0442 \u043f\u043e\u0432\u0440\u0435\u0436\u0434\u0435\u043d\u043d\u044b\u0435 \u0443\u0447\u0430\u0441\u0442\u043a\u0438, \u0432\u043e\u0441\u0441\u0442\u0430\u043d\u0430\u0432\u043b\u0438\u0432\u0430\u0435\u0442 \u0438 \u0443\u043f\u043b\u043e\u0442\u043d\u044f\u0435\u0442.<\/li>\n<li>\u041a\u0435\u0440\u0430\u0442\u0438\u043d \u043f\u0440\u0435\u0434\u043e\u0442\u0432\u0440\u0430\u0449\u0430\u0435\u0442 \u0441\u0443\u0445\u043e\u0441\u0442\u044c, \u0441\u043c\u044f\u0433\u0447\u0430\u0435\u0442, \u0441\u043e\u0437\u0434\u0430\u0451\u0442 \u0432\u043b\u0430\u0433\u043e\u0443\u0434\u0435\u0440\u0436\u0438\u0432\u0430\u044e\u0449\u0438\u0439 \u0431\u0430\u0440\u044c\u0435\u0440, \u043f\u0440\u0435\u0434\u043e\u0442\u0432\u0440\u0430\u0449\u0430\u0435\u0442 \u043b\u043e\u043c\u043a\u043e\u0441\u0442\u044c \u0438 \u043a\u043e\u043d\u0434\u0438\u0446\u0438\u043e\u043d\u0438\u0440\u0443\u0435\u0442.<\/li>\n<li>\u041d\u0438\u0430\u0446\u0438\u043d\u0430\u043c\u0438\u0434 (\u0432\u0438\u0442\u0430\u043c\u0438\u043d B3) \u043f\u0438\u0442\u0430\u0435\u0442 \u0432\u043e\u043b\u043e\u0441\u044f\u043d\u044b\u0435 \u043b\u0443\u043a\u043e\u0432\u0438\u0446\u044b, \u0443\u0441\u043f\u043e\u043a\u0430\u0438\u0432\u0430\u0435\u0442 \u0440\u0430\u0437\u0434\u0440\u0430\u0436\u0435\u043d\u043d\u0443\u044e \u043a\u043e\u0436\u0443 \u0433\u043e\u043b\u043e\u0432\u044b \u0438 \u0441\u043f\u043e\u0441\u043e\u0431\u0441\u0442\u0432\u0443\u0435\u0442 \u0430\u043a\u0442\u0438\u0432\u043d\u043e\u043c\u0443 \u0440\u043e\u0441\u0442\u0443. \u0423\u043b\u0443\u0447\u0448\u0430\u0435\u0442 \u043c\u0438\u043a\u0440\u043e\u0446\u0438\u0440\u043a\u0443\u043b\u044f\u0446\u0438\u044e, \u043f\u0440\u043e\u0431\u0443\u0436\u0434\u0430\u0435\u0442 \u0441\u043f\u044f\u0449\u0438\u0435 \u043b\u0443\u043a\u043e\u0432\u0438\u0446\u044b, \u0434\u0435\u043b\u0430\u0435\u0442 \u0432\u043e\u043b\u043e\u0441 \u0431\u043e\u043b\u0435\u0435 \u043f\u043b\u043e\u0442\u043d\u044b\u043c \u0438 \u0443\u043f\u0440\u0443\u0433\u0438\u043c.<\/li>\n<li>\u0421\u0430\u043b\u0438\u0446\u0438\u043b\u043e\u0432\u0430\u044f BHA-\u043a\u0438\u0441\u043b\u043e\u0442\u0430 \u043e\u0447\u0438\u0449\u0430\u0435\u0442 \u043a\u043e\u0436\u0443 \u0433\u043e\u043b\u043e\u0432\u044b, \u0443\u0434\u0430\u043b\u044f\u0435\u0442 \u0441\u0435\u0431\u0443\u043c \u0438 \u043e\u043c\u0435\u0440\u0442\u0432\u0435\u0432\u0448\u0438\u0435 \u0447\u0430\u0441\u0442\u0438\u0446\u044b, \u043e\u0441\u0432\u0435\u0436\u0430\u0435\u0442, \u0441\u043d\u0438\u043c\u0430\u0435\u0442 \u0440\u0430\u0437\u0434\u0440\u0430\u0436\u0435\u043d\u0438\u0435 \u0438 \u0437\u0443\u0434.<\/li>\n<li>\u041f\u0430\u043d\u0442\u0435\u043d\u043e\u043b (\u0432\u0438\u0442\u0430\u043c\u0438\u043d B5) \u0441\u0442\u0438\u043c\u0443\u043b\u0438\u0440\u0443\u0435\u0442 \u0438\u043d\u0442\u0435\u043d\u0441\u0438\u0432\u043d\u044b\u0439 \u0440\u043e\u0441\u0442 \u0438 \u043f\u0440\u043e\u0431\u0443\u0436\u0434\u0435\u043d\u0438\u0435 \u0432\u043e\u043b\u043e\u0441\u044f\u043d\u044b\u0445 \u043b\u0443\u043a\u043e\u0432\u0438\u0446, \u043f\u0440\u0435\u043f\u044f\u0442\u0441\u0442\u0432\u0443\u0435\u0442 \u0432\u044b\u043f\u0430\u0434\u0435\u043d\u0438\u044e, \u0443\u0432\u043b\u0430\u0436\u043d\u044f\u0435\u0442 \u0438 \u043f\u043e\u0434\u0434\u0435\u0440\u0436\u0438\u0432\u0430\u0435\u0442 \u043e\u043f\u0442\u0438\u043c\u0430\u043b\u044c\u043d\u044b\u0439 \u0443\u0440\u043e\u0432\u0435\u043d\u044c \u0433\u0438\u0434\u0440\u0430\u0442\u0430\u0446\u0438\u0438.<\/li>\n<\/ul>\n<p><strong>\u0420\u0435\u043a\u043e\u043c\u0435\u043d\u0434\u0430\u0446\u0438\u0438 \u043f\u043e \u043f\u0440\u0438\u043c\u0435\u043d\u0435\u043d\u0438\u044e:<\/strong> \u043d\u0430\u043d\u0435\u0441\u0438\u0442\u0435 \u0448\u0430\u043c\u043f\u0443\u043d\u044c \u043d\u0430 \u0432\u043b\u0430\u0436\u043d\u0443\u044e \u043a\u043e\u0436\u0443 \u0433\u043e\u043b\u043e\u0432\u044b, \u0440\u0430\u0441\u043f\u0440\u0435\u0434\u0435\u043b\u0438\u0442\u0435 \u043c\u0430\u0441\u0441\u0438\u0440\u0443\u044e\u0449\u0438\u043c\u0438 \u0434\u0432\u0438\u0436\u0435\u043d\u0438\u044f\u043c\u0438 \u043a\u043e\u043d\u0447\u0438\u043a\u043e\u0432 \u043f\u0430\u043b\u044c\u0446\u0435\u0432, \u0441\u043c\u043e\u0439\u0442\u0435 \u0432\u043e\u0434\u043e\u0439.<\/p>\n<p><strong>\u0421\u043e\u0441\u0442\u0430\u0432<\/strong> Water, Chrysanthemum Zawadskii Extract, Chrysanthemum Boreale Flower\/Leaf\/Stem Extract, Ammonium Lauryl Sulfate, Ammonium Laureth Sulfate, Rehmannia Glutinosa Root Extract, Eclipta Prostrata Extract, Thuja Orientalis Leaf Extract, Morus Alba Bark Extract, Agrimonia Eupatoria Extract, Rumex Crispus Root Extract, Cocamidopropyl Betaine, Dimethicone, Fragrance, Cocamide MIPA, Carbomer, Triethanolamine, Decylene Glycol, Sodium Chloride, Panthenol, Salicylic Acid, Menthol, Niacinamide, Hydroxyacetophenone, Steareth-20, Panax Ginseng Root Extract, Butylene Glycol, Disodium EDTA, Bambusa Arundinacea Stem Extract, Glycerin, Acanthopanax Sessiliflorus Root Extract, Nelumbo Nucifera Stamen Extract, Crinum Asiaticum Extract, Monarda Didyma Leaf Extract, Xanthan Gum, Keratin, Lecithin, Phenyl Trimethicone, Caprylic\/Capric Triglyceride, Ocimum Basilicum(Basil) Leaf Extract, Artemisia Vulgaris Extract , Steareth-2, Salvia Officinalis(Sage) Leaf Extract, Lactobacillus\/Collagen Ferment Filtrate, Tocopheryl Acetate, Sporulin Platensis Extract, Codium Fragile Extract, Oak Vinegar, Portulaca Oleracea Extract, Ceramide NP, Hexyl Cinnamal, Limonene, Linalool, Geraniol, Citronellol<\/p>","protected":false},"excerpt":{"rendered":"<p>\u0160amp\u016bns dzi\u013cai matu sak\u0146u att\u012br\u012b\u0161anai un nostiprin\u0101\u0161anai Daeng Gi Meo Ri New Gold Special Shampoo r\u016bp\u012bgi izskalo, likvid\u0113jot lieko sebumu, putek\u013cus, net\u012brumus, atmiru\u0161\u0101s \u0101das da\u013ci\u0146as un veido\u0161anas l\u012bdzek\u013cu atlikumus, atst\u0101jot t\u012br\u012bbas un svaiguma saj\u016btu. \u0160amp\u016bns aktiviz\u0113 matu folikulus un uzlabo mikrocirkul\u0101ciju, t\u0101d\u0113j\u0101di nov\u0113r\u0161ot matu izkri\u0161anu un padarot matus stiprus un sp\u012bd\u012bgus. Dzied\u0113 galvas \u0101du un [&hellip;]<\/p>\n","protected":false},"featured_media":13880,"comment_status":"open","ping_status":"closed","template":"","meta":{"site-sidebar-layout":"default","site-content-layout":"","ast-site-content-layout":"","site-content-style":"default","site-sidebar-style":"default","ast-global-header-display":"","ast-banner-title-visibility":"","ast-main-header-display":"","ast-hfb-above-header-display":"","ast-hfb-below-header-display":"","ast-hfb-mobile-header-display":"","site-post-title":"","ast-breadcrumbs-content":"","ast-featured-img":"","footer-sml-layout":"","theme-transparent-header-meta":"","adv-header-id-meta":"","stick-header-meta":"","header-above-stick-meta":"","header-main-stick-meta":"","header-below-stick-meta":"","astra-migrate-meta-layouts":"default","ast-page-background-enabled":"default","ast-page-background-meta":{"desktop":{"background-color":"var(--ast-global-color-4)","background-image":"","background-repeat":"repeat","background-position":"center center","background-size":"auto","background-attachment":"scroll","background-type":"","background-media":"","overlay-type":"","overlay-color":"","overlay-opacity":"","overlay-gradient":""},"tablet":{"background-color":"","background-image":"","background-repeat":"repeat","background-position":"center center","background-size":"auto","background-attachment":"scroll","background-type":"","background-media":"","overlay-type":"","overlay-color":"","overlay-opacity":"","overlay-gradient":""},"mobile":{"background-color":"","background-image":"","background-repeat":"repeat","background-position":"center center","background-size":"auto","background-attachment":"scroll","background-type":"","background-media":"","overlay-type":"","overlay-color":"","overlay-opacity":"","overlay-gradient":""}},"ast-content-background-meta":{"desktop":{"background-color":"var(--ast-global-color-5)","background-image":"","background-repeat":"repeat","background-position":"center center","background-size":"auto","background-attachment":"scroll","background-type":"","background-media":"","overlay-type":"","overlay-color":"","overlay-opacity":"","overlay-gradient":""},"tablet":{"background-color":"var(--ast-global-color-5)","background-image":"","background-repeat":"repeat","background-position":"center center","background-size":"auto","background-attachment":"scroll","background-type":"","background-media":"","overlay-type":"","overlay-color":"","overlay-opacity":"","overlay-gradient":""},"mobile":{"background-color":"var(--ast-global-color-5)","background-image":"","background-repeat":"repeat","background-position":"center center","background-size":"auto","background-attachment":"scroll","background-type":"","background-media":"","overlay-type":"","overlay-color":"","overlay-opacity":"","overlay-gradient":""}}},"product_brand":[],"product_cat":[330,357],"product_tag":[],"berocket_brand":[],"class_list":{"0":"post-13879","1":"product","2":"type-product","3":"status-publish","4":"has-post-thumbnail","6":"product_cat-matiem","7":"product_cat-sampuni","8":"desktop-align-left","9":"tablet-align-left","10":"mobile-align-left","12":"first","13":"outofstock","14":"taxable","15":"shipping-taxable","16":"purchasable","17":"product-type-simple","18":"add-to-wishlist-before_image"},"yoast_head":"<!-- This site is optimized with the Yoast SEO plugin v27.3 - https:\/\/yoast.com\/product\/yoast-seo-wordpress\/ -->\n<title>Daeng Gi Meo Ri New Gold Special Shampoo 500ml - FACECORNER<\/title>\n<meta name=\"robots\" content=\"index, follow, max-snippet:-1, max-image-preview:large, max-video-preview:-1\" \/>\n<link rel=\"canonical\" href=\"https:\/\/www.facecorner.lv\/ru\/shop\/daeng-gi-meo-ri-new-gold-special-shampoo-500ml\/\" \/>\n<meta property=\"og:locale\" content=\"ru_RU\" \/>\n<meta property=\"og:type\" content=\"article\" \/>\n<meta property=\"og:title\" content=\"Daeng Gi Meo Ri New Gold Special Shampoo 500ml - FACECORNER\" \/>\n<meta property=\"og:description\" content=\"\u0160amp\u016bns dzi\u013cai matu sak\u0146u att\u012br\u012b\u0161anai un nostiprin\u0101\u0161anai Daeng Gi Meo Ri New Gold Special Shampoo r\u016bp\u012bgi izskalo, likvid\u0113jot lieko sebumu, putek\u013cus, net\u012brumus, atmiru\u0161\u0101s \u0101das da\u013ci\u0146as un veido\u0161anas l\u012bdzek\u013cu atlikumus, atst\u0101jot t\u012br\u012bbas un svaiguma saj\u016btu. \u0160amp\u016bns aktiviz\u0113 matu folikulus un uzlabo mikrocirkul\u0101ciju, t\u0101d\u0113j\u0101di nov\u0113r\u0161ot matu izkri\u0161anu un padarot matus stiprus un sp\u012bd\u012bgus. Dzied\u0113 galvas \u0101du un [&hellip;]\" \/>\n<meta property=\"og:url\" content=\"https:\/\/www.facecorner.lv\/ru\/shop\/daeng-gi-meo-ri-new-gold-special-shampoo-500ml\/\" \/>\n<meta property=\"og:site_name\" content=\"FACECORNER\" \/>\n<meta property=\"article:publisher\" content=\"https:\/\/www.facebook.com\/profile.php?id=100063824551839\" \/>\n<meta property=\"article:modified_time\" content=\"2024-08-10T10:16:41+00:00\" \/>\n<meta property=\"og:image\" content=\"https:\/\/www.facecorner.lv\/wp-content\/uploads\/2024\/01\/61LBe2yHN2L.jpg\" \/>\n\t<meta property=\"og:image:width\" content=\"1500\" \/>\n\t<meta property=\"og:image:height\" content=\"1500\" \/>\n\t<meta property=\"og:image:type\" content=\"image\/jpeg\" \/>\n<meta name=\"twitter:card\" content=\"summary_large_image\" \/>\n<meta name=\"twitter:label1\" content=\"\u0426\u0435\u043d\u0430\" \/>\n\t<meta name=\"twitter:data1\" content=\"&euro;25.00\" \/>\n\t<meta name=\"twitter:label2\" content=\"\u0414\u043e\u0441\u0442\u0443\u043f\u043d\u043e\u0441\u0442\u044c\" \/>\n\t<meta name=\"twitter:data2\" content=\"\u0420\u0430\u0441\u043f\u0440\u043e\u0434\u0430\u043d\u043e\" \/>\n<script type=\"application\/ld+json\" class=\"yoast-schema-graph\">{\"@context\":\"https:\\\/\\\/schema.org\",\"@graph\":[{\"@type\":\"WebPage\",\"@id\":\"https:\\\/\\\/www.facecorner.lv\\\/en\\\/shop\\\/daeng-gi-meo-ri-new-gold-special-shampoo-500ml\\\/\",\"url\":\"https:\\\/\\\/www.facecorner.lv\\\/en\\\/shop\\\/daeng-gi-meo-ri-new-gold-special-shampoo-500ml\\\/\",\"name\":\"Daeng Gi Meo Ri New Gold Special Shampoo 500ml - FACECORNER\",\"isPartOf\":{\"@id\":\"https:\\\/\\\/www.facecorner.lv\\\/#website\"},\"primaryImageOfPage\":{\"@id\":\"https:\\\/\\\/www.facecorner.lv\\\/en\\\/shop\\\/daeng-gi-meo-ri-new-gold-special-shampoo-500ml\\\/#primaryimage\"},\"image\":{\"@id\":\"https:\\\/\\\/www.facecorner.lv\\\/en\\\/shop\\\/daeng-gi-meo-ri-new-gold-special-shampoo-500ml\\\/#primaryimage\"},\"thumbnailUrl\":\"https:\\\/\\\/www.facecorner.lv\\\/wp-content\\\/uploads\\\/2024\\\/01\\\/61LBe2yHN2L.jpg\",\"datePublished\":\"2024-01-14T13:07:47+00:00\",\"dateModified\":\"2024-08-10T10:16:41+00:00\",\"breadcrumb\":{\"@id\":\"https:\\\/\\\/www.facecorner.lv\\\/en\\\/shop\\\/daeng-gi-meo-ri-new-gold-special-shampoo-500ml\\\/#breadcrumb\"},\"inLanguage\":\"ru-RU\",\"potentialAction\":[{\"@type\":\"ReadAction\",\"target\":[\"https:\\\/\\\/www.facecorner.lv\\\/en\\\/shop\\\/daeng-gi-meo-ri-new-gold-special-shampoo-500ml\\\/\"]}]},{\"@type\":\"ImageObject\",\"inLanguage\":\"ru-RU\",\"@id\":\"https:\\\/\\\/www.facecorner.lv\\\/en\\\/shop\\\/daeng-gi-meo-ri-new-gold-special-shampoo-500ml\\\/#primaryimage\",\"url\":\"https:\\\/\\\/www.facecorner.lv\\\/wp-content\\\/uploads\\\/2024\\\/01\\\/61LBe2yHN2L.jpg\",\"contentUrl\":\"https:\\\/\\\/www.facecorner.lv\\\/wp-content\\\/uploads\\\/2024\\\/01\\\/61LBe2yHN2L.jpg\",\"width\":1500,\"height\":1500},{\"@type\":\"BreadcrumbList\",\"@id\":\"https:\\\/\\\/www.facecorner.lv\\\/en\\\/shop\\\/daeng-gi-meo-ri-new-gold-special-shampoo-500ml\\\/#breadcrumb\",\"itemListElement\":[{\"@type\":\"ListItem\",\"position\":1,\"name\":\"Home\",\"item\":\"https:\\\/\\\/www.facecorner.lv\\\/\"},{\"@type\":\"ListItem\",\"position\":2,\"name\":\"Veikals\",\"item\":\"https:\\\/\\\/www.facecorner.lv\\\/shop\\\/\"},{\"@type\":\"ListItem\",\"position\":3,\"name\":\"Daeng Gi Meo Ri New Gold Special Shampoo 500ml\"}]},{\"@type\":\"WebSite\",\"@id\":\"https:\\\/\\\/www.facecorner.lv\\\/#website\",\"url\":\"https:\\\/\\\/www.facecorner.lv\\\/\",\"name\":\"Facecorner\",\"description\":\"\",\"publisher\":{\"@id\":\"https:\\\/\\\/www.facecorner.lv\\\/#organization\"},\"potentialAction\":[{\"@type\":\"SearchAction\",\"target\":{\"@type\":\"EntryPoint\",\"urlTemplate\":\"https:\\\/\\\/www.facecorner.lv\\\/?s={search_term_string}\"},\"query-input\":{\"@type\":\"PropertyValueSpecification\",\"valueRequired\":true,\"valueName\":\"search_term_string\"}}],\"inLanguage\":\"ru-RU\"},{\"@type\":\"Organization\",\"@id\":\"https:\\\/\\\/www.facecorner.lv\\\/#organization\",\"name\":\"Facecorner\",\"url\":\"https:\\\/\\\/www.facecorner.lv\\\/\",\"logo\":{\"@type\":\"ImageObject\",\"inLanguage\":\"ru-RU\",\"@id\":\"https:\\\/\\\/www.facecorner.lv\\\/#\\\/schema\\\/logo\\\/image\\\/\",\"url\":\"https:\\\/\\\/www.facecorner.lv\\\/wp-content\\\/uploads\\\/2024\\\/04\\\/fc-logo.jpg\",\"contentUrl\":\"https:\\\/\\\/www.facecorner.lv\\\/wp-content\\\/uploads\\\/2024\\\/04\\\/fc-logo.jpg\",\"width\":174,\"height\":28,\"caption\":\"Facecorner\"},\"image\":{\"@id\":\"https:\\\/\\\/www.facecorner.lv\\\/#\\\/schema\\\/logo\\\/image\\\/\"},\"sameAs\":[\"https:\\\/\\\/www.facebook.com\\\/profile.php?id=100063824551839\",\"https:\\\/\\\/www.instagram.com\\\/facecorner_shop\\\/\"]}]}<\/script>\n<meta property=\"product:price:amount\" content=\"25.00\" \/>\n<meta property=\"product:price:currency\" content=\"EUR\" \/>\n<meta property=\"og:availability\" content=\"out of stock\" \/>\n<meta property=\"product:availability\" content=\"out of stock\" \/>\n<meta property=\"product:condition\" content=\"new\" \/>\n<!-- \/ Yoast SEO plugin. -->","yoast_head_json":{"title":"Daeng Gi Meo Ri New Gold Special Shampoo 500ml - FACECORNER","robots":{"index":"index","follow":"follow","max-snippet":"max-snippet:-1","max-image-preview":"max-image-preview:large","max-video-preview":"max-video-preview:-1"},"canonical":"https:\/\/www.facecorner.lv\/ru\/shop\/daeng-gi-meo-ri-new-gold-special-shampoo-500ml\/","og_locale":"ru_RU","og_type":"article","og_title":"Daeng Gi Meo Ri New Gold Special Shampoo 500ml - FACECORNER","og_description":"\u0160amp\u016bns dzi\u013cai matu sak\u0146u att\u012br\u012b\u0161anai un nostiprin\u0101\u0161anai Daeng Gi Meo Ri New Gold Special Shampoo r\u016bp\u012bgi izskalo, likvid\u0113jot lieko sebumu, putek\u013cus, net\u012brumus, atmiru\u0161\u0101s \u0101das da\u013ci\u0146as un veido\u0161anas l\u012bdzek\u013cu atlikumus, atst\u0101jot t\u012br\u012bbas un svaiguma saj\u016btu. \u0160amp\u016bns aktiviz\u0113 matu folikulus un uzlabo mikrocirkul\u0101ciju, t\u0101d\u0113j\u0101di nov\u0113r\u0161ot matu izkri\u0161anu un padarot matus stiprus un sp\u012bd\u012bgus. Dzied\u0113 galvas \u0101du un [&hellip;]","og_url":"https:\/\/www.facecorner.lv\/ru\/shop\/daeng-gi-meo-ri-new-gold-special-shampoo-500ml\/","og_site_name":"FACECORNER","article_publisher":"https:\/\/www.facebook.com\/profile.php?id=100063824551839","article_modified_time":"2024-08-10T10:16:41+00:00","og_image":[{"width":1500,"height":1500,"url":"https:\/\/www.facecorner.lv\/wp-content\/uploads\/2024\/01\/61LBe2yHN2L.jpg","type":"image\/jpeg"}],"twitter_card":"summary_large_image","twitter_misc":{"\u0426\u0435\u043d\u0430":"&euro;25.00","\u0414\u043e\u0441\u0442\u0443\u043f\u043d\u043e\u0441\u0442\u044c":"\u0420\u0430\u0441\u043f\u0440\u043e\u0434\u0430\u043d\u043e"},"schema":{"@context":"https:\/\/schema.org","@graph":[{"@type":"WebPage","@id":"https:\/\/www.facecorner.lv\/en\/shop\/daeng-gi-meo-ri-new-gold-special-shampoo-500ml\/","url":"https:\/\/www.facecorner.lv\/en\/shop\/daeng-gi-meo-ri-new-gold-special-shampoo-500ml\/","name":"Daeng Gi Meo Ri New Gold Special Shampoo 500ml - FACECORNER","isPartOf":{"@id":"https:\/\/www.facecorner.lv\/#website"},"primaryImageOfPage":{"@id":"https:\/\/www.facecorner.lv\/en\/shop\/daeng-gi-meo-ri-new-gold-special-shampoo-500ml\/#primaryimage"},"image":{"@id":"https:\/\/www.facecorner.lv\/en\/shop\/daeng-gi-meo-ri-new-gold-special-shampoo-500ml\/#primaryimage"},"thumbnailUrl":"https:\/\/www.facecorner.lv\/wp-content\/uploads\/2024\/01\/61LBe2yHN2L.jpg","datePublished":"2024-01-14T13:07:47+00:00","dateModified":"2024-08-10T10:16:41+00:00","breadcrumb":{"@id":"https:\/\/www.facecorner.lv\/en\/shop\/daeng-gi-meo-ri-new-gold-special-shampoo-500ml\/#breadcrumb"},"inLanguage":"ru-RU","potentialAction":[{"@type":"ReadAction","target":["https:\/\/www.facecorner.lv\/en\/shop\/daeng-gi-meo-ri-new-gold-special-shampoo-500ml\/"]}]},{"@type":"ImageObject","inLanguage":"ru-RU","@id":"https:\/\/www.facecorner.lv\/en\/shop\/daeng-gi-meo-ri-new-gold-special-shampoo-500ml\/#primaryimage","url":"https:\/\/www.facecorner.lv\/wp-content\/uploads\/2024\/01\/61LBe2yHN2L.jpg","contentUrl":"https:\/\/www.facecorner.lv\/wp-content\/uploads\/2024\/01\/61LBe2yHN2L.jpg","width":1500,"height":1500},{"@type":"BreadcrumbList","@id":"https:\/\/www.facecorner.lv\/en\/shop\/daeng-gi-meo-ri-new-gold-special-shampoo-500ml\/#breadcrumb","itemListElement":[{"@type":"ListItem","position":1,"name":"Home","item":"https:\/\/www.facecorner.lv\/"},{"@type":"ListItem","position":2,"name":"Veikals","item":"https:\/\/www.facecorner.lv\/shop\/"},{"@type":"ListItem","position":3,"name":"Daeng Gi Meo Ri New Gold Special Shampoo 500ml"}]},{"@type":"WebSite","@id":"https:\/\/www.facecorner.lv\/#website","url":"https:\/\/www.facecorner.lv\/","name":"Facecorner","description":"","publisher":{"@id":"https:\/\/www.facecorner.lv\/#organization"},"potentialAction":[{"@type":"SearchAction","target":{"@type":"EntryPoint","urlTemplate":"https:\/\/www.facecorner.lv\/?s={search_term_string}"},"query-input":{"@type":"PropertyValueSpecification","valueRequired":true,"valueName":"search_term_string"}}],"inLanguage":"ru-RU"},{"@type":"Organization","@id":"https:\/\/www.facecorner.lv\/#organization","name":"Facecorner","url":"https:\/\/www.facecorner.lv\/","logo":{"@type":"ImageObject","inLanguage":"ru-RU","@id":"https:\/\/www.facecorner.lv\/#\/schema\/logo\/image\/","url":"https:\/\/www.facecorner.lv\/wp-content\/uploads\/2024\/04\/fc-logo.jpg","contentUrl":"https:\/\/www.facecorner.lv\/wp-content\/uploads\/2024\/04\/fc-logo.jpg","width":174,"height":28,"caption":"Facecorner"},"image":{"@id":"https:\/\/www.facecorner.lv\/#\/schema\/logo\/image\/"},"sameAs":["https:\/\/www.facebook.com\/profile.php?id=100063824551839","https:\/\/www.instagram.com\/facecorner_shop\/"]}]},"product_price_amount":"25.00","product_price_currency":"EUR","og_availability":"out of stock","product_availability":"out of stock","product_condition":"new"},"_links":{"self":[{"href":"https:\/\/www.facecorner.lv\/ru\/wp-json\/wp\/v2\/product\/13879","targetHints":{"allow":["GET"]}}],"collection":[{"href":"https:\/\/www.facecorner.lv\/ru\/wp-json\/wp\/v2\/product"}],"about":[{"href":"https:\/\/www.facecorner.lv\/ru\/wp-json\/wp\/v2\/types\/product"}],"replies":[{"embeddable":true,"href":"https:\/\/www.facecorner.lv\/ru\/wp-json\/wp\/v2\/comments?post=13879"}],"wp:featuredmedia":[{"embeddable":true,"href":"https:\/\/www.facecorner.lv\/ru\/wp-json\/wp\/v2\/media\/13880"}],"wp:attachment":[{"href":"https:\/\/www.facecorner.lv\/ru\/wp-json\/wp\/v2\/media?parent=13879"}],"wp:term":[{"taxonomy":"product_brand","embeddable":true,"href":"https:\/\/www.facecorner.lv\/ru\/wp-json\/wp\/v2\/product_brand?post=13879"},{"taxonomy":"product_cat","embeddable":true,"href":"https:\/\/www.facecorner.lv\/ru\/wp-json\/wp\/v2\/product_cat?post=13879"},{"taxonomy":"product_tag","embeddable":true,"href":"https:\/\/www.facecorner.lv\/ru\/wp-json\/wp\/v2\/product_tag?post=13879"},{"taxonomy":"berocket_brand","embeddable":true,"href":"https:\/\/www.facecorner.lv\/ru\/wp-json\/wp\/v2\/berocket_brand?post=13879"}],"curies":[{"name":"wp","href":"https:\/\/api.w.org\/{rel}","templated":true}]}}